{"id":25328,"date":"2025-05-26T10:30:52","date_gmt":"2025-05-26T08:30:52","guid":{"rendered":"https:\/\/www.ferberpainting.com\/products\/strawberry-fertilizer\/"},"modified":"2026-02-16T12:04:18","modified_gmt":"2026-02-16T11:04:18","slug":"strawberry-fertilizer","status":"publish","type":"product","link":"https:\/\/www.ferberpainting.com\/hu\/products\/strawberry-fertilizer\/","title":{"rendered":"Eper m\u0171tr\u00e1gya 25 kg"},"content":{"rendered":"<p><strong><img decoding=\"async\" style=\"margin-right: 12px;\" src=\"https:\/\/www.ferberpainting.com\/wp-content\/uploads\/2026\/02\/Check.svg\" alt=\"\" width=\"18\" height=\"15\" \/>Teljes \u00e9rt\u00e9k\u0171 m\u0171tr\u00e1gya az er\u0151teljes n\u00f6veked\u00e9s\u00e9rt \u00e9s a b\u0151s\u00e9ges szam\u00f3caterm\u00e9s\u00e9rt. <\/strong>Ezt a m\u0171tr\u00e1gy\u00e1t kifejezetten \u00fagy \u00e1ll\u00edtott\u00e1k \u00f6ssze, hogy az eper n\u00f6v\u00e9nyeket az eg\u00e9szs\u00e9ges fejl\u0151d\u00e9shez, valamint az \u00e9des \u00e9s \u00edzletes gy\u00fcm\u00f6lcs\u00f6k el\u0151\u00e1ll\u00edt\u00e1s\u00e1hoz sz\u00fcks\u00e9ges \u00f6sszes alapvet\u0151 t\u00e1panyaggal ell\u00e1ssa. Az NPK 10-10-10-10 kiegyens\u00falyozott \u00f6sszet\u00e9tel\u00e9nek k\u00f6sz\u00f6nhet\u0151en biztos\u00edtja a lombozat \u00e9s a sz\u00e1rak n\u00f6veked\u00e9s\u00e9hez sz\u00fcks\u00e9ges nitrog\u00e9nt (N), a foszfort (P) az er\u0151s gy\u00f6keresed\u00e9s \u00e9s a b\u0151s\u00e9ges vir\u00e1gz\u00e1s el\u0151seg\u00edt\u00e9s\u00e9hez, a k\u00e1liumot (K) pedig a gy\u00fcm\u00f6lcs\u00f6k n\u00f6veked\u00e9s\u00e9nek serkent\u00e9s\u00e9hez \u00e9s a szam\u00f3ca min\u0151s\u00e9g\u00e9nek jav\u00edt\u00e1s\u00e1hoz. A rendszeres \u00e9s teljes t\u00e1panyagell\u00e1t\u00e1s biztos\u00edt\u00e1s\u00e1val ez a m\u0171tr\u00e1gya eg\u00e9szs\u00e9ges szam\u00f3can\u00f6v\u00e9nyeket \u00e9s b\u0151s\u00e9ges term\u00e9st garant\u00e1l az eg\u00e9sz szezonban.<\/p>\n<p><strong><img decoding=\"async\" style=\"margin-right: 12px;\" src=\"https:\/\/www.ferberpainting.com\/wp-content\/uploads\/2026\/02\/Check.svg\" alt=\"\" width=\"18\" height=\"15\" \/>P\u00e9nzvisszafizet\u00e9si garancia.<\/strong>\u00a0Annyira biztosak vagyunk szam\u00f3catr\u00e1gy\u00e1nk hat\u00e9konys\u00e1g\u00e1ban, hogy p\u00e9nzvisszafizet\u00e9si garanci\u00e1t v\u00e1llalunk. Ha az aj\u00e1nl\u00e1soknak megfelel\u0151 haszn\u00e1lat ut\u00e1n az \u00d6n eper n\u00f6v\u00e9nyei nem mutatnak \u00e9szrevehet\u0151 javul\u00e1st a n\u00f6veked\u00e9s, vir\u00e1gz\u00e1s vagy term\u00e9sk\u00e9pz\u00e9s ter\u00e9n, \u00edg\u00e9rj\u00fck, hogy teljes m\u00e9rt\u00e9kben visszat\u00e9r\u00edtj\u00fck a v\u00e9tel\u00e1rat. Teljes bizalommal v\u00e1s\u00e1rolhat \u00e9s kipr\u00f3b\u00e1lhatja.<\/p>\n<p><strong><img decoding=\"async\" style=\"margin-right: 12px;\" src=\"https:\/\/www.ferberpainting.com\/wp-content\/uploads\/2026\/02\/Check.svg\" alt=\"\" width=\"18\" height=\"15\" \/>Alkalmas minden eperfajt\u00e1hoz \u00e9s k\u00fcl\u00f6nb\u00f6z\u0151 termeszt\u00e9si k\u00f6r\u00fclm\u00e9nyekhez.<\/strong>\u00a0Ez a m\u0171tr\u00e1gya ide\u00e1lis minden eperfajt\u00e1hoz, legyen az \u00f6r\u00f6kterm\u0151 vagy nem \u00f6r\u00f6kterm\u0151, hagyom\u00e1nyos vagy hibrid fajta. Egyform\u00e1n alkalmas szabadf\u00f6ld\u00f6n, cser\u00e9pben, \u00fcvegh\u00e1zban termesztett eperhez, mivel minden talajt\u00edpusra univerz\u00e1lis megold\u00e1st k\u00edn\u00e1l. A legk\u00fcl\u00f6nf\u00e9l\u00e9bb szubsztr\u00e1tokon m\u0171k\u00f6dik, bele\u00e9rtve a homokos, agyagos, humuszban gazdag vagy a szam\u00f3c\u00e1ra specifikus talajokat.<\/p>\n<p><strong><img decoding=\"async\" style=\"margin-right: 12px;\" src=\"https:\/\/www.ferberpainting.com\/wp-content\/uploads\/2026\/02\/Check.svg\" alt=\"\" width=\"18\" height=\"15\" \/>K\u00f6lts\u00e9ghat\u00e9kony hozam \u00e9s tart\u00f3s tr\u00e1gy\u00e1z\u00e1s.<\/strong>\u00a0\u00d6sszet\u00e9tel\u00e9nek k\u00f6sz\u00f6nhet\u0151en ez a m\u0171tr\u00e1gya fokozatosan juttatja t\u00e1panyagait a talajba, \u00edgy biztos\u00edtva a hossz\u00fa t\u00e1v\u00fa \u00e9s hat\u00e9kony tr\u00e1gy\u00e1z\u00e1st. Egy 25 kg-os zs\u00e1kkal ak\u00e1r 125 szam\u00f3can\u00f6v\u00e9nyt is tr\u00e1gy\u00e1zhat, az aj\u00e1nlott kijuttat\u00e1si mennyis\u00e9g 200 g szam\u00f3can\u00f6v\u00e9nyenk\u00e9nt. Ez az optimaliz\u00e1lt hozam t\u00f6bb h\u00e9ten \u00e1t teljes t\u00e1panyagell\u00e1t\u00e1st biztos\u00edt gyakori adagol\u00e1s n\u00e9lk\u00fcl, cs\u00f6kkentve a kert\u00e9sz munkaterhel\u00e9s\u00e9t, mik\u00f6zben egyenletes szam\u00f3caterm\u00e9st biztos\u00edt.<\/p>\n<p><strong><img decoding=\"async\" style=\"margin-right: 12px;\" src=\"https:\/\/www.ferberpainting.com\/wp-content\/uploads\/2026\/02\/Check.svg\" alt=\"\" width=\"18\" height=\"15\" \/>Biztons\u00e1gos \u00e9s k\u00f6rnyezetbar\u00e1t m\u0171tr\u00e1gya.<\/strong>\u00a0Ezt a m\u0171tr\u00e1gy\u00e1t durva vegyi anyagok n\u00e9lk\u00fcl \u00e1ll\u00edtott\u00e1k \u00f6ssze, \u00e9s nem jelent kock\u00e1zatot az \u00e9l\u0151vil\u00e1gra \u00e9s a k\u00f6rnyez\u0151 n\u00f6v\u00e9nyvil\u00e1gra. Tiszteletben tartja a talaj term\u00e9szetes egyens\u00faly\u00e1t, \u00e9s el\u0151seg\u00edti a hasznos mikrofl\u00f3ra fejl\u0151d\u00e9s\u00e9t, amely jav\u00edtja a t\u00e1panyagok gy\u00f6kerek \u00e1ltali felsz\u00edv\u00f3d\u00e1s\u00e1t. Nem jelent vesz\u00e9lyt a h\u00e1zi\u00e1llatokra \u00e9s a gyermekekre, \u00edgy biztons\u00e1gos tr\u00e1gy\u00e1z\u00e1st biztos\u00edt kertje vagy z\u00f6lds\u00e9g\u00e1gy\u00e1sa sz\u00e1m\u00e1ra.<\/p>\n<p><strong><img decoding=\"async\" style=\"margin-right: 12px;\" src=\"https:\/\/www.ferberpainting.com\/wp-content\/uploads\/2026\/02\/Check.svg\" alt=\"\" width=\"18\" height=\"15\" \/>K\u00f6nnyen, er\u0151fesz\u00edt\u00e9s n\u00e9lk\u00fcl alkalmazhat\u00f3 \u00e9s tr\u00e1gy\u00e1zhat\u00f3.<\/strong>\u00a0A foly\u00e9kony m\u0171tr\u00e1gy\u00e1kkal ellent\u00e9tben, amelyek h\u00edg\u00edt\u00e1st \u00e9s gyakori kijuttat\u00e1st ig\u00e9nyelnek, ez a m\u0171tr\u00e1gya k\u00f6zvetlen\u00fcl a talajba ker\u00fcl, el\u0151zetes el\u0151k\u00e9sz\u00edt\u00e9s n\u00e9lk\u00fcl. Egyszer\u0171en sz\u00f3rja ki az eperpal\u00e1nt\u00e1k t\u00f6v\u00e9ben, \u00e9s enyh\u00e9n dolgozza be a talajba, hogy a t\u00e1panyagok fokozatosan szabaduljanak fel. Egyszer\u0171 \u00e9s gyors alkalmaz\u00e1si m\u00f3dj\u00e1nak k\u00f6sz\u00f6nhet\u0151en minden kert\u00e9sz, m\u00e9g a kezd\u0151k is k\u00f6nnyed\u00e9n eg\u00e9szs\u00e9ges eperpal\u00e1nt\u00e1kat nevelhetnek.<\/p>\n<p><strong><img decoding=\"async\" style=\"margin-right: 12px;\" src=\"https:\/\/www.ferberpainting.com\/wp-content\/uploads\/2026\/02\/Check.svg\" alt=\"\" width=\"18\" height=\"15\" \/>Kiterjesztett fell\u00e9p\u00e9s a b\u0151s\u00e9ges \u00e9s folyamatos betakar\u00edt\u00e1s \u00e9rdek\u00e9ben.<\/strong>\u00a0Tart\u00f3s hat\u00e1s\u00e1nak k\u00f6sz\u00f6nhet\u0151en ez a m\u0171tr\u00e1gya t\u00f6bb h\u00e9ten kereszt\u00fcl t\u00e1pl\u00e1lja az epret, serkenti a n\u00f6veked\u00e9s\u00e9t, \u00e9s el\u0151seg\u00edti a sok \u00e9des \u00e9s \u00edzletes gy\u00fcm\u00f6lcs kialakul\u00e1s\u00e1t. Seg\u00edt tov\u00e1bb\u00e1 er\u0151s\u00edteni a szam\u00f3can\u00f6v\u00e9nyek ellen\u00e1ll\u00f3 k\u00e9pess\u00e9g\u00e9t az olyan gyakori betegs\u00e9gekkel szemben, mint a lisztharmat, a lisztharmat vagy a sz\u00fcrkepen\u00e9sz, mik\u00f6zben n\u00f6veli az \u00e9ghajlati v\u00e1ltoz\u00e1sokkal szembeni t\u0171r\u0151k\u00e9pess\u00e9g\u00fcket.<\/p>\n<p><strong><img decoding=\"async\" style=\"margin-right: 12px;\" src=\"https:\/\/www.ferberpainting.com\/wp-content\/uploads\/2026\/02\/Check.svg\" alt=\"\" width=\"18\" height=\"15\" \/>L\u00e1that\u00f3 eredm\u00e9nyek az els\u0151 hetekt\u0151l kezdve.<\/strong>\u00a0Ez a m\u0171tr\u00e1gya a kijuttat\u00e1s pillanat\u00e1t\u00f3l kezdve serkenti az \u00faj levelek k\u00e9pz\u0151d\u00e9s\u00e9t, fokozza a vir\u00e1gz\u00e1st, \u00e9s el\u0151seg\u00edti a sz\u00e1mos vir\u00e1g \u00e9s gy\u00fcm\u00f6lcs megjelen\u00e9s\u00e9t. N\u00e9h\u00e1ny h\u00e9t alatt az \u00d6n szam\u00f3c\u00e1ja eg\u00e9szs\u00e9gesebb\u00e9, term\u0151k\u00e9pesebb\u00e9 v\u00e1lik, \u00e9s b\u0151s\u00e9gesebb, l\u00e9d\u00fasabb \u00e9s \u00e9desebb gy\u00fcm\u00f6lcs\u00f6ket terem.<\/p>\n<h2><strong>Haszn\u00e1lati protokoll<\/strong><\/h2>\n<p><strong>Jelentkez\u00e9si id\u0151szak :<\/strong> \u00c9vente h\u00e1romszor alkalmazza, a szezon elej\u00e9n (m\u00e1rcius-\u00e1prilis) a n\u00f6veked\u00e9s serkent\u00e9s\u00e9re, a vir\u00e1gz\u00e1s kezdet\u00e9n (m\u00e1jus-j\u00fanius) a term\u00e9sterm\u00e9s serkent\u00e9s\u00e9re, \u00e9s a betakar\u00edt\u00e1s ut\u00e1n (szeptember) a n\u00f6v\u00e9nyek t\u00e9l el\u0151tti meger\u0151s\u00edt\u00e9s\u00e9re.<\/p>\n<p><strong>Aj\u00e1nlott adagol\u00e1s :<\/strong> Szam\u00f3can\u00f6v\u00e9nyenk\u00e9nt 200 g m\u0171tr\u00e1gy\u00e1t juttasson ki, ami k\u00f6r\u00fclbel\u00fcl egy j\u00f3l megt\u00f6lt\u00f6tt mar\u00e9knyit jelent, a mennyis\u00e9get a n\u00f6v\u00e9nyek m\u00e9ret\u00e9t\u0151l \u00e9s er\u0151ss\u00e9g\u00e9t\u0151l f\u00fcgg\u0151en kiss\u00e9 m\u00f3dos\u00edtva.<\/p>\n<p><strong>Alkalmaz\u00e1si m\u00f3dszer :<\/strong><\/p>\n<ul>\n<li><strong>Talajter\u00edt\u00e9s :<\/strong> A m\u0171tr\u00e1gy\u00e1t minden egyes eperfa t\u00f6ve k\u00f6r\u00fcl, a t\u00f6v\u00e9t\u0151l 10-15 cm-re, k\u00f6rk\u00f6r\u00f6sen sz\u00f3rja ki, hogy elker\u00fclje a k\u00f6zvetlen \u00e9rintkez\u00e9st a gy\u00f6kerekkel, \u00e9s el\u0151seg\u00edtse a fokozatos felsz\u00edv\u00f3d\u00e1st.<\/li>\n<li><strong>F\u00e9ny be\u00e9p\u00edt\u00e9se :<\/strong> Egy gereblye vagy karom seg\u00edts\u00e9g\u00e9vel enyh\u00e9n temesse be a m\u0171tr\u00e1gy\u00e1t a talaj felsz\u00edn\u00e9be (2-5 cm m\u00e9lyen), hogy jav\u00edtsa a be\u00e9p\u00fcl\u00e9st, \u00e9s megakad\u00e1lyozza, hogy az \u00f6nt\u00f6z\u00e9s elmossa.<\/li>\n<\/ul>\n<p><strong>\u00d6nt\u00f6z\u00e9s a kijuttat\u00e1s ut\u00e1n :<\/strong> Sz\u00f3r\u00e1st k\u00f6vet\u0151en b\u0151s\u00e9gesen \u00f6nt\u00f6zze meg, hogy aktiv\u00e1lja a t\u00e1panyagok felszabadul\u00e1s\u00e1t \u00e9s biztos\u00edtsa a gy\u00f6kerek optim\u00e1lis felsz\u00edv\u00f3d\u00e1s\u00e1t.<\/p>\n<p><strong>Karbantart\u00e1s \u00e9s fel\u00fcgyelet :<\/strong> A termeszt\u00e9si id\u0151szak alatt figyelje a talaj nedvess\u00e9g\u00e9t \u00e9s tartsa fenn a rendszeres \u00f6nt\u00f6z\u00e9st a m\u0171tr\u00e1gya hat\u00e9konys\u00e1g\u00e1nak optimaliz\u00e1l\u00e1sa \u00e9s a szam\u00f3catermeszt\u00e9st befoly\u00e1sol\u00f3 v\u00edzhi\u00e1ny elker\u00fcl\u00e9se \u00e9rdek\u00e9ben.<\/p>\n<p><strong>Haszn\u00e1lati \u00f3vint\u00e9zked\u00e9sek :<\/strong> Ne adagolja t\u00fal a m\u0171tr\u00e1gy\u00e1t, hogy elker\u00fclje a t\u00falzott nitrog\u00e9ntartalmat, amely a lombozat t\u00falzott n\u00f6veked\u00e9s\u00e9hez vezethet a gy\u00fcm\u00f6lcsterm\u00e9s rov\u00e1s\u00e1ra. Ne alkalmazza fagyott talajon vagy sz\u00e9ls\u0151s\u00e9ges sz\u00e1razs\u00e1g idej\u00e9n tov\u00e1bbi \u00f6nt\u00f6z\u00e9s n\u00e9lk\u00fcl.<\/p>\n<p><strong>T\u00e1rol\u00e1s \u00e9s meg\u0151rz\u00e9s :<\/strong> A m\u0171tr\u00e1gy\u00e1t sz\u00e1raz, h\u0171v\u00f6s, nedvess\u00e9gt\u0151l \u00e9s napf\u00e9nyt\u0151l v\u00e9dett helyen t\u00e1rolja. A term\u00e9k min\u0151s\u00e9g\u00e9nek meg\u0151rz\u00e9se \u00e9s a roml\u00e1s megel\u0151z\u00e9se \u00e9rdek\u00e9ben minden haszn\u00e1lat ut\u00e1n z\u00e1rja le \u00fajra szorosan a zs\u00e1kot.<\/p>\n<p>Ezzel a szam\u00f3catr\u00e1gy\u00e1val teljes k\u00f6r\u0171 \u00e9s t\u00f6k\u00e9letesen az egyedi ig\u00e9nyeikhez igaz\u00edtott t\u00e1panyagot adhat n\u00f6v\u00e9nyeinek, garant\u00e1lva az er\u0151teljes n\u00f6veked\u00e9st, a b\u0151s\u00e9ges vir\u00e1gz\u00e1st \u00e9s az \u00edzletes szam\u00f3ca kiv\u00e9teles term\u00e9s\u00e9t. Ez az ide\u00e1lis megold\u00e1s az eg\u00e9szs\u00e9ges eperpal\u00e1nt\u00e1k \u00e9s a b\u0151kez\u0171 kert eg\u00e9sz szezonban t\u00f6rt\u00e9n\u0151 gondoz\u00e1s\u00e1hoz.<\/p>","protected":false},"excerpt":{"rendered":"<p>A complete fertilizer for vigorous growth and abundant strawberry production. This fertilizer is specially formulated to provide strawberry plants with all the essential nutrients for healthy development and the production of sweet and flavorful fruits. Thanks to its balanced composition NPK 10-10-10, it provides nitrogen (N) necessary for the growth of foliage and stems, phosphorus [&hellip;]<\/p>\n","protected":false},"featured_media":27192,"comment_status":"open","ping_status":"closed","template":"","meta":{"_uag_custom_page_level_css":"","site-sidebar-layout":"default","site-content-layout":"","ast-site-content-layout":"default","site-content-style":"default","site-sidebar-style":"default","ast-global-header-display":"","ast-banner-title-visibility":"","ast-main-header-display":"","ast-hfb-above-header-display":"","ast-hfb-below-header-display":"","ast-hfb-mobile-header-display":"","site-post-title":"","ast-breadcrumbs-content":"","ast-featured-img":"","footer-sml-layout":"","ast-disable-related-posts":"","theme-transparent-header-meta":"default","adv-header-id-meta":"","stick-header-meta":"","header-above-stick-meta":"","header-main-stick-meta":"","header-below-stick-meta":"","astra-migrate-meta-layouts":"set","ast-page-background-enabled":"default","ast-page-background-meta":{"desktop":{"background-color":"var(--ast-global-color-4)","background-image":"","background-repeat":"repeat","background-position":"center center","background-size":"auto","background-attachment":"scroll","background-type":"","background-media":"","overlay-type":"","overlay-color":"","overlay-opacity":"","overlay-gradient":""},"tablet":{"background-color":"","background-image":"","background-repeat":"repeat","background-position":"center center","background-size":"auto","background-attachment":"scroll","background-type":"","background-media":"","overlay-type":"","overlay-color":"","overlay-opacity":"","overlay-gradient":""},"mobile":{"background-color":"","background-image":"","background-repeat":"repeat","background-position":"center center","background-size":"auto","background-attachment":"scroll","background-type":"","background-media":"","overlay-type":"","overlay-color":"","overlay-opacity":"","overlay-gradient":""}},"ast-content-background-meta":{"desktop":{"background-color":"var(--ast-global-color-5)","background-image":"","background-repeat":"repeat","background-position":"center center","background-size":"auto","background-attachment":"scroll","background-type":"","background-media":"","overlay-type":"","overlay-color":"","overlay-opacity":"","overlay-gradient":""},"tablet":{"background-color":"var(--ast-global-color-5)","background-image":"","background-repeat":"repeat","background-position":"center center","background-size":"auto","background-attachment":"scroll","background-type":"","background-media":"","overlay-type":"","overlay-color":"","overlay-opacity":"","overlay-gradient":""},"mobile":{"background-color":"var(--ast-global-color-5)","background-image":"","background-repeat":"repeat","background-position":"center center","background-size":"auto","background-attachment":"scroll","background-type":"","background-media":"","overlay-type":"","overlay-color":"","overlay-opacity":"","overlay-gradient":""}}},"product_brand":[],"product_cat":[178],"product_tag":[],"class_list":{"0":"post-25328","1":"product","2":"type-product","3":"status-publish","4":"has-post-thumbnail","6":"product_cat-fertilizers","7":"desktop-align-left","8":"tablet-align-left","9":"mobile-align-left","11":"first","12":"instock","13":"taxable","14":"shipping-taxable","15":"purchasable","16":"product-type-simple"},"spectra_custom_meta":{"_visibility":["visible"],"_shopify_product_id":["9066746446069"],"_s2w_shopify_domain":["ferberpainting.myshopify.com"],"_shopify_variant_id":["46504761852149"],"_sku":["FPSTRAWBERRYFERTILIZER25KG"],"_regular_price":["39.90"],"_price":["39.90"],"_sale_price":[""],"_weight":["18.5"],"_thumbnail_id":["27192"],"_global_unique_id":["5056773817265"],"total_sales":["3"],"_tax_status":["taxable"],"_tax_class":[""],"_manage_stock":["no"],"_backorders":["no"],"_sold_individually":["no"],"_virtual":["no"],"_downloadable":["no"],"_download_limit":["-1"],"_download_expiry":["-1"],"_stock":[null],"_stock_status":["instock"],"_wc_average_rating":["4.75"],"_wc_review_count":["4"],"_product_version":["10.5.1"],"_wc_rating_count":["a:2:{i:4;i:1;i:5;i:3;}"],"_edit_lock":["1771239758:1"],"_edit_last":["1"],"_wp_page_template":["default"],"site-sidebar-layout":["default"],"ast-site-content-layout":["default"],"site-content-style":["default"],"site-sidebar-style":["default"],"theme-transparent-header-meta":["default"],"astra-migrate-meta-layouts":["set"],"_uag_css_file_name":["uag-css-25328.css"],"_elementor_page_assets":["a:0:{}"]},"uagb_featured_image_src":{"full":["https:\/\/www.ferberpainting.com\/wp-content\/uploads\/2025\/05\/StrawberryFertilizer25kg.png",2560,2560,false],"thumbnail":["https:\/\/www.ferberpainting.com\/wp-content\/uploads\/2025\/05\/StrawberryFertilizer25kg-150x150.png",150,150,true],"medium":["https:\/\/www.ferberpainting.com\/wp-content\/uploads\/2025\/05\/StrawberryFertilizer25kg-300x300.png",300,300,true],"medium_large":["https:\/\/www.ferberpainting.com\/wp-content\/uploads\/2025\/05\/StrawberryFertilizer25kg-768x768.png",768,768,true],"large":["https:\/\/www.ferberpainting.com\/wp-content\/uploads\/2025\/05\/StrawberryFertilizer25kg-1024x1024.png",1024,1024,true],"1536x1536":["https:\/\/www.ferberpainting.com\/wp-content\/uploads\/2025\/05\/StrawberryFertilizer25kg-1536x1536.png",1536,1536,true],"2048x2048":["https:\/\/www.ferberpainting.com\/wp-content\/uploads\/2025\/05\/StrawberryFertilizer25kg-2048x2048.png",2048,2048,true],"trp-custom-language-flag":["https:\/\/www.ferberpainting.com\/wp-content\/uploads\/2025\/05\/StrawberryFertilizer25kg-12x12.png",12,12,true],"woocommerce_thumbnail":["https:\/\/www.ferberpainting.com\/wp-content\/uploads\/2025\/05\/StrawberryFertilizer25kg-300x300.png",300,300,true],"woocommerce_single":["https:\/\/www.ferberpainting.com\/wp-content\/uploads\/2025\/05\/StrawberryFertilizer25kg-600x600.png",600,600,true],"woocommerce_gallery_thumbnail":["https:\/\/www.ferberpainting.com\/wp-content\/uploads\/2025\/05\/StrawberryFertilizer25kg-100x100.png",100,100,true]},"uagb_author_info":{"display_name":"admin","author_link":"https:\/\/www.ferberpainting.com\/hu\/author\/"},"uagb_comment_info":4,"uagb_excerpt":"A complete fertilizer for vigorous growth and abundant strawberry production. This fertilizer is specially formulated to provide strawberry plants with all the essential nutrients for healthy development and the production of sweet and flavorful fruits. Thanks to its balanced composition NPK 10-10-10, it provides nitrogen (N) necessary for the growth of foliage and stems, phosphorus&hellip;","_links":{"self":[{"href":"https:\/\/www.ferberpainting.com\/hu\/wp-json\/wp\/v2\/product\/25328","targetHints":{"allow":["GET"]}}],"collection":[{"href":"https:\/\/www.ferberpainting.com\/hu\/wp-json\/wp\/v2\/product"}],"about":[{"href":"https:\/\/www.ferberpainting.com\/hu\/wp-json\/wp\/v2\/types\/product"}],"replies":[{"embeddable":true,"href":"https:\/\/www.ferberpainting.com\/hu\/wp-json\/wp\/v2\/comments?post=25328"}],"version-history":[{"count":4,"href":"https:\/\/www.ferberpainting.com\/hu\/wp-json\/wp\/v2\/product\/25328\/revisions"}],"predecessor-version":[{"id":167348,"href":"https:\/\/www.ferberpainting.com\/hu\/wp-json\/wp\/v2\/product\/25328\/revisions\/167348"}],"wp:featuredmedia":[{"embeddable":true,"href":"https:\/\/www.ferberpainting.com\/hu\/wp-json\/wp\/v2\/media\/27192"}],"wp:attachment":[{"href":"https:\/\/www.ferberpainting.com\/hu\/wp-json\/wp\/v2\/media?parent=25328"}],"wp:term":[{"taxonomy":"product_brand","embeddable":true,"href":"https:\/\/www.ferberpainting.com\/hu\/wp-json\/wp\/v2\/product_brand?post=25328"},{"taxonomy":"product_cat","embeddable":true,"href":"https:\/\/www.ferberpainting.com\/hu\/wp-json\/wp\/v2\/product_cat?post=25328"},{"taxonomy":"product_tag","embeddable":true,"href":"https:\/\/www.ferberpainting.com\/hu\/wp-json\/wp\/v2\/product_tag?post=25328"}],"curies":[{"name":"wp","href":"https:\/\/api.w.org\/{rel}","templated":true}]}}