{"id":25318,"date":"2025-06-30T20:57:56","date_gmt":"2025-06-30T18:57:56","guid":{"rendered":"https:\/\/www.ferberpainting.com\/?post_type=product&#038;p=25314"},"modified":"2026-02-16T10:53:26","modified_gmt":"2026-02-16T09:53:26","slug":"stainless-steel-cleaner","status":"publish","type":"product","link":"https:\/\/www.ferberpainting.com\/hu\/products\/stainless-steel-cleaner\/","title":{"rendered":"Rozsdamentes ac\u00e9l tiszt\u00edt\u00f3szer"},"content":{"rendered":"<p><strong><img decoding=\"async\" style=\"margin-right: 12px;\" src=\"https:\/\/www.ferberpainting.com\/wp-content\/uploads\/2026\/02\/Check.svg\" alt=\"\" width=\"18\" height=\"15\" \/>Optim\u00e1lis hat\u00e9konys\u00e1g.<\/strong>\u00a0Ez a rozsdamentes ac\u00e9l tiszt\u00edt\u00f3szer azonnal elt\u00e1vol\u00edtja a foltokat, ujjlenyomatokat, zs\u00edrmaradv\u00e1nyokat \u00e9s v\u00edzk\u0151lerak\u00f3d\u00e1sokat, amelyek tomp\u00edtj\u00e1k a rozsdamentes ac\u00e9l fel\u00fclet\u00e9t. Er\u0151teljes formul\u00e1ja m\u00e9lyre hatol, hogy vissza\u00e1ll\u00edtsa a f\u00e9m eredeti f\u00e9ny\u00e9t, tiszta, sima \u00e9s f\u00e9nyes fel\u00fcletet hagyva maga ut\u00e1n, karcol\u00e1sok n\u00e9lk\u00fcl.<\/p>\n<p><strong><img decoding=\"async\" style=\"margin-right: 12px;\" src=\"https:\/\/www.ferberpainting.com\/wp-content\/uploads\/2026\/02\/Check.svg\" alt=\"\" width=\"18\" height=\"15\" \/>P\u00e9nzvisszafizet\u00e9si garancia.<\/strong>\u00a0B\u00edzunk term\u00e9k\u00fcnk kiv\u00e1l\u00f3s\u00e1g\u00e1ban \u00e9s abban, hogy k\u00e9pes helyre\u00e1ll\u00edtani rozsdamentes ac\u00e9lj\u00e1t. Ha a haszn\u00e1lat ut\u00e1n nem teljesen el\u00e9gedett, teljes visszat\u00e9r\u00edt\u00e9sre jogosult. Pr\u00f3b\u00e1lja ki teljes lelki nyugalommal \u00e9s kock\u00e1zat n\u00e9lk\u00fcl.<\/p>\n<p><strong><img decoding=\"async\" style=\"margin-right: 12px;\" src=\"https:\/\/www.ferberpainting.com\/wp-content\/uploads\/2026\/02\/Check.svg\" alt=\"\" width=\"18\" height=\"15\" \/>Kiv\u00e9teles sokoldal\u00fas\u00e1g.<\/strong>\u00a0Ez a tiszt\u00edt\u00f3szer nem csak rozsdamentes ac\u00e9lra hat\u00e9kony! M\u00e1s f\u00e9mfel\u00fcletek, p\u00e9ld\u00e1ul alum\u00ednium, kr\u00f3m, r\u00e9z \u00e9s s\u00e1rgar\u00e9z tiszt\u00edt\u00e1s\u00e1ra is alkalmas. Ide\u00e1lis professzion\u00e1lis konyh\u00e1khoz, ipari berendez\u00e9sekhez, h\u00e1ztart\u00e1si g\u00e9pekhez, korl\u00e1tokhoz, mosogat\u00f3khoz, p\u00e1raelsz\u00edv\u00f3khoz, liftekhez, valamint k\u00f3rh\u00e1zak \u00e9s laborat\u00f3riumok rozsdamentes ac\u00e9l fel\u00fcleteire.<\/p>\n<p><strong><img decoding=\"async\" style=\"margin-right: 12px;\" src=\"https:\/\/www.ferberpainting.com\/wp-content\/uploads\/2026\/02\/Check.svg\" alt=\"\" width=\"18\" height=\"15\" \/>K\u00f6lts\u00e9ghat\u00e9kony teljes\u00edtm\u00e9ny.<\/strong>\u00a0Ez a tiszt\u00edt\u00f3szer 5 literes tart\u00e1lyos form\u00e1tum\u00e1val \u00e9s rendk\u00edv\u00fcl hat\u00e9kony formul\u00e1j\u00e1val optim\u00e1lis hozamot biztos\u00edt. Kis mennyis\u00e9g elegend\u0151 nagy ter\u00fclet lefed\u00e9s\u00e9hez, cs\u00f6kkentve a tiszt\u00edtott n\u00e9gyzetm\u00e9terenk\u00e9nti k\u00f6lts\u00e9geket. \u00c1tlagosan egy liter term\u00e9kkel ak\u00e1r 100 m\u00b2 rozsdamentes ac\u00e9lfel\u00fcletet is meg lehet tiszt\u00edtani, ami hossz\u00fa t\u00e1v\u00fa \u00e9s gazdas\u00e1gos haszn\u00e1latot biztos\u00edt.<\/p>\n<p><strong><img decoding=\"async\" style=\"margin-right: 12px;\" src=\"https:\/\/www.ferberpainting.com\/wp-content\/uploads\/2026\/02\/Check.svg\" alt=\"\" width=\"18\" height=\"15\" \/>Biztons\u00e1gosan haszn\u00e1lhat\u00f3.<\/strong>\u00a0Ezt a tiszt\u00edt\u00f3szert \u00fagy tervezt\u00e9k, hogy hat\u00e9kony, ugyanakkor biztons\u00e1gos legyen. Nem tartalmaz durva old\u00f3szereket vagy m\u00e9rgez\u0151 anyagokat, amelyek k\u00e1ros\u00edthatj\u00e1k a fel\u00fcleteket vagy irrit\u00e1lhatj\u00e1k a b\u0151rt \u00e9s a l\u00e9gz\u0151rendszert. Biztons\u00e1gos belt\u00e9ri haszn\u00e1latra, bele\u00e9rtve a konyh\u00e1kat \u00e9s az \u00e9lelmiszeripari ter\u00fcleteket is, felt\u00e9ve, hogy betartj\u00e1k a haszn\u00e1lati utas\u00edt\u00e1sokat.<\/p>\n<p><strong><img decoding=\"async\" style=\"margin-right: 12px;\" src=\"https:\/\/www.ferberpainting.com\/wp-content\/uploads\/2026\/02\/Check.svg\" alt=\"\" width=\"18\" height=\"15\" \/>K\u00f6nny\u0171 haszn\u00e1lat.<\/strong>\u00a0Ez a term\u00e9k haszn\u00e1latra k\u00e9sz, nem ig\u00e9nyel h\u00edg\u00edt\u00e1st vagy speci\u00e1lis el\u0151k\u00e9sz\u00edt\u00e9st. Egyszer\u0171en csak vigye fel k\u00f6zvetlen\u00fcl a fel\u00fcletre, \u00e9s t\u00f6r\u00f6lje le puha ruh\u00e1val vagy nem s\u00farol\u00f3 szivaccsal. Gyors \u00e9s hat\u00e9kony hat\u00e1sa biztos\u00edtja a k\u00f6nny\u0171 tiszt\u00edt\u00e1st intenz\u00edv s\u00farol\u00e1s n\u00e9lk\u00fcl.<\/p>\n<p><strong><img decoding=\"async\" style=\"margin-right: 12px;\" src=\"https:\/\/www.ferberpainting.com\/wp-content\/uploads\/2026\/02\/Check.svg\" alt=\"\" width=\"18\" height=\"15\" \/>Hossz\u00fa \u00e9lettartam.<\/strong>\u00a0A szennyez\u0151d\u00e9sek hat\u00e9kony elt\u00e1vol\u00edt\u00e1s\u00e1val, mik\u00f6zben tiszteletben tartja a rozsdamentes ac\u00e9l fel\u00fclet\u00e9t, ez a tiszt\u00edt\u00f3szer meghosszabb\u00edtja a berendez\u00e9sek \u00e9s f\u00e9mberendez\u00e9sek \u00e9lettartam\u00e1t. V\u00e9d az oxid\u00e1ci\u00f3 ellen, megakad\u00e1lyozza a kem\u00e9ny foltok kialakul\u00e1s\u00e1t, \u00e9s meg\u0151rzi a f\u00e9m friss megjelen\u00e9s\u00e9t, cs\u00f6kkentve a k\u00f6lts\u00e9ges cser\u00e9k vagy restaur\u00e1l\u00e1s sz\u00fcks\u00e9gess\u00e9g\u00e9t.<\/p>\n<p><strong><img decoding=\"async\" style=\"margin-right: 12px;\" src=\"https:\/\/www.ferberpainting.com\/wp-content\/uploads\/2026\/02\/Check.svg\" alt=\"\" width=\"18\" height=\"15\" \/>Gyors cselekv\u00e9s.<\/strong>\u00a0Er\u0151sen reakt\u00edv formul\u00e1j\u00e1nak k\u00f6sz\u00f6nhet\u0151en ez a tiszt\u00edt\u00f3szer azonnal hat, amint felhordja. N\u00e9h\u00e1ny m\u00e1sodperc alatt feloldja a zs\u00edrt, a foltokat \u00e9s a maradv\u00e1nyokat an\u00e9lk\u00fcl, hogy hosszabb \u00e9rintkez\u00e9si id\u0151re lenne sz\u00fcks\u00e9g. Ide\u00e1lis a gyors \u00e9s hat\u00e9kony tiszt\u00edt\u00e1shoz, m\u00e9g olyan k\u00f6rnyezetben is, ahol a gyors karbantart\u00e1s elengedhetetlen.<\/p>\n<h2><strong>Haszn\u00e1lati protokoll<\/strong><\/h2>\n<ul>\n<li><strong>El\u0151k\u00e9sz\u00edt\u00e9s <\/strong>: Alkalmaz\u00e1s el\u0151tt gy\u0151z\u0151dj\u00f6n meg arr\u00f3l, hogy a rozsdamentes ac\u00e9lfel\u00fclet mentes a port\u00f3l vagy szil\u00e1rd maradv\u00e1nyokt\u00f3l.<\/li>\n<li><strong>Alkalmaz\u00e1s <\/strong>: \u00d6nts\u00f6n kis mennyis\u00e9g\u0171 tiszt\u00edt\u00f3szert egy tiszta, puha ruh\u00e1ra vagy k\u00f6zvetlen\u00fcl a fel\u00fcletre.<\/li>\n<li><strong>Tiszt\u00edt\u00e1s <\/strong>: Gyeng\u00e9den d\u00f6rzs\u00f6lje k\u00f6rk\u00f6r\u00f6s mozdulatokkal, hogy elt\u00e1vol\u00edtson minden foltot \u00e9s szennyez\u0151d\u00e9st. Kem\u00e9nyebb foltok eset\u00e9n hagyja a term\u00e9ket n\u00e9h\u00e1ny pillanatig hatni, miel\u0151tt let\u00f6rli.<\/li>\n<li><strong>\u00d6bl\u00edt\u00e9s <\/strong>: Az \u00e9lelmiszerekkel \u00e9rintkez\u0151 vagy \u00e9rz\u00e9keny fel\u00fcleteket tiszta v\u00edzzel \u00f6bl\u00edtse le, hogy elt\u00e1vol\u00edtsa a felesleges term\u00e9ket.<\/li>\n<li><strong>Pol\u00edroz\u00e1s <\/strong>: Sz\u00e1raz mikrosz\u00e1las ruh\u00e1val t\u00f6r\u00f6lje le a hib\u00e1tlan fel\u00fclet \u00e9s az optim\u00e1lis csillog\u00e1s \u00e9rdek\u00e9ben.<\/li>\n<li><strong>A haszn\u00e1lat gyakoris\u00e1ga <\/strong>: Haszn\u00e1lja sz\u00fcks\u00e9g szerint gyakran a rozsdamentes ac\u00e9lfel\u00fcletek f\u00e9ny\u00e9nek \u00e9s tisztas\u00e1g\u00e1nak meg\u0151rz\u00e9s\u00e9hez, k\u00fcl\u00f6n\u00f6sen olyan k\u00f6rnyezetben, ahol a rendszeres karbantart\u00e1s elengedhetetlen.<\/li>\n<li><strong>T\u00e1rol\u00e1s <\/strong>: Minden haszn\u00e1lat ut\u00e1n tartsa szorosan lez\u00e1rva a tart\u00e1lyt, \u00e9s a hat\u00e9konys\u00e1g meg\u0151rz\u00e9se \u00e9rdek\u00e9ben t\u00e1rolja h\u0171v\u00f6s, sz\u00e1raz, f\u00e9nyt\u0151l \u00e9s sz\u00e9ls\u0151s\u00e9ges h\u0151m\u00e9rs\u00e9klett\u0151l v\u00e9dett helyen.<\/li>\n<\/ul>\n<p>Rozsdamentes ac\u00e9l tiszt\u00edt\u00f3szer\u00fcnkkel pillanatok alatt, k\u00f6nnyed\u00e9n helyre\u00e1ll\u00edthatja minden f\u00e9mfel\u00fclet\u00e9nek ragyog\u00e1s\u00e1t \u00e9s tisztas\u00e1g\u00e1t.<\/p>","protected":false},"excerpt":{"rendered":"<p>Optimal efficiency.\u00a0This stainless steel cleaner instantly removes stains, fingerprints, grease residues, and limescale deposits that dull the surface of stainless steel. Its powerful formula penetrates deep to restore the original shine of the metal, leaving a clean, smooth, and glossy surface without any scratches. Money-back guarantee.\u00a0We are confident in the excellence of our product and [&hellip;]<\/p>\n","protected":false},"featured_media":35933,"comment_status":"open","ping_status":"closed","template":"","meta":{"_uag_custom_page_level_css":"","site-sidebar-layout":"default","site-content-layout":"","ast-site-content-layout":"default","site-content-style":"default","site-sidebar-style":"default","ast-global-header-display":"","ast-banner-title-visibility":"","ast-main-header-display":"","ast-hfb-above-header-display":"","ast-hfb-below-header-display":"","ast-hfb-mobile-header-display":"","site-post-title":"","ast-breadcrumbs-content":"","ast-featured-img":"","footer-sml-layout":"","ast-disable-related-posts":"","theme-transparent-header-meta":"default","adv-header-id-meta":"","stick-header-meta":"","header-above-stick-meta":"","header-main-stick-meta":"","header-below-stick-meta":"","astra-migrate-meta-layouts":"set","ast-page-background-enabled":"default","ast-page-background-meta":{"desktop":{"background-color":"var(--ast-global-color-4)","background-image":"","background-repeat":"repeat","background-position":"center center","background-size":"auto","background-attachment":"scroll","background-type":"","background-media":"","overlay-type":"","overlay-color":"","overlay-opacity":"","overlay-gradient":""},"tablet":{"background-color":"","background-image":"","background-repeat":"repeat","background-position":"center center","background-size":"auto","background-attachment":"scroll","background-type":"","background-media":"","overlay-type":"","overlay-color":"","overlay-opacity":"","overlay-gradient":""},"mobile":{"background-color":"","background-image":"","background-repeat":"repeat","background-position":"center center","background-size":"auto","background-attachment":"scroll","background-type":"","background-media":"","overlay-type":"","overlay-color":"","overlay-opacity":"","overlay-gradient":""}},"ast-content-background-meta":{"desktop":{"background-color":"var(--ast-global-color-5)","background-image":"","background-repeat":"repeat","background-position":"center center","background-size":"auto","background-attachment":"scroll","background-type":"","background-media":"","overlay-type":"","overlay-color":"","overlay-opacity":"","overlay-gradient":""},"tablet":{"background-color":"var(--ast-global-color-5)","background-image":"","background-repeat":"repeat","background-position":"center center","background-size":"auto","background-attachment":"scroll","background-type":"","background-media":"","overlay-type":"","overlay-color":"","overlay-opacity":"","overlay-gradient":""},"mobile":{"background-color":"var(--ast-global-color-5)","background-image":"","background-repeat":"repeat","background-position":"center center","background-size":"auto","background-attachment":"scroll","background-type":"","background-media":"","overlay-type":"","overlay-color":"","overlay-opacity":"","overlay-gradient":""}}},"product_brand":[],"product_cat":[175],"product_tag":[],"class_list":{"0":"post-25318","1":"product","2":"type-product","3":"status-publish","4":"has-post-thumbnail","6":"product_cat-cleaning-products","7":"desktop-align-left","8":"tablet-align-left","9":"mobile-align-left","11":"first","12":"instock","13":"sale","14":"taxable","15":"shipping-taxable","16":"purchasable","17":"product-type-variable","18":"has-default-attributes"},"spectra_custom_meta":{"_visibility":["visible"],"_shopify_product_id":["9101520273653"],"_s2w_shopify_domain":["ferberpainting.myshopify.com"],"_shopify_variant_id":["46612396867829"],"_sku":[""],"_manage_stock":["no"],"total_sales":["20"],"_tax_status":["taxable"],"_tax_class":[""],"_backorders":["no"],"_sold_individually":["no"],"_virtual":["no"],"_downloadable":["no"],"_download_limit":["-1"],"_download_expiry":["-1"],"_stock":[null],"_stock_status":["instock"],"_wc_average_rating":["5.00"],"_wc_review_count":["13"],"_product_attributes":["a:1:{s:6:\"volume\";a:6:{s:4:\"name\";s:6:\"Volume\";s:5:\"value\";s:20:\"5 liters | 25 liters\";s:8:\"position\";i:1;s:10:\"is_visible\";i:0;s:12:\"is_variation\";i:1;s:11:\"is_taxonomy\";i:0;}}"],"_product_version":["10.5.1"],"wpse_downloadable_file_names":[""],"wpse_downloadable_file_urls":[""],"_edit_last":["1"],"_default_attributes":["a:1:{s:6:\"volume\";s:8:\"5 liters\";}"],"_edit_lock":["1771239230:1"],"_price":["29.90","129.90"],"merchant-center-availability":["yes"],"merchant-center-category":["7426"],"_thumbnail_id":["35933"],"_wp_page_template":["default"],"_product_image_gallery":["35934"],"site-sidebar-layout":["default"],"ast-site-content-layout":["default"],"site-content-style":["default"],"site-sidebar-style":["default"],"theme-transparent-header-meta":["default"],"_wc_rating_count":["a:1:{i:5;i:13;}"],"astra-migrate-meta-layouts":["set"],"_uag_css_file_name":["uag-css-25318.css"],"_elementor_page_assets":["a:0:{}"],"_uag_page_assets":["a:9:{s:3:\"css\";s:6873:\".wp-block-uagb-image{display:flex}.wp-block-uagb-image__figure{position:relative;display:flex;flex-direction:column;max-width:100%;height:auto;margin:0}.wp-block-uagb-image__figure img{height:auto;display:flex;max-width:100%;transition:box-shadow .2s ease}.wp-block-uagb-image__figure>a{display:inline-block}.wp-block-uagb-image__figure figcaption{text-align:center;margin-top:.5em;margin-bottom:1em}.wp-block-uagb-image .components-placeholder.block-editor-media-placeholder .components-placeholder__instructions{align-self:center}.wp-block-uagb-image--align-left{text-align:left}.wp-block-uagb-image--align-right{text-align:right}.wp-block-uagb-image--align-center{text-align:center}.wp-block-uagb-image--align-full .wp-block-uagb-image__figure{margin-left:calc(50% - 50vw);margin-right:calc(50% - 50vw);max-width:100vw;width:100vw;height:auto}.wp-block-uagb-image--align-full .wp-block-uagb-image__figure img{height:auto;width:100% !important}.wp-block-uagb-image--align-wide .wp-block-uagb-image__figure img{height:auto;width:100%}.wp-block-uagb-image--layout-overlay__color-wrapper{position:absolute;left:0;top:0;right:0;bottom:0;opacity:.2;background:rgba(0,0,0,.5);transition:opacity .35s ease-in-out}.wp-block-uagb-image--layout-overlay-link{position:absolute;left:0;right:0;bottom:0;top:0}.wp-block-uagb-image--layout-overlay .wp-block-uagb-image__figure:hover .wp-block-uagb-image--layout-overlay__color-wrapper{opacity:1}.wp-block-uagb-image--layout-overlay__inner{position:absolute;left:15px;right:15px;bottom:15px;top:15px;display:flex;align-items:center;justify-content:center;flex-direction:column;border-color:#fff;transition:.35s ease-in-out}.wp-block-uagb-image--layout-overlay__inner.top-left,.wp-block-uagb-image--layout-overlay__inner.top-center,.wp-block-uagb-image--layout-overlay__inner.top-right{justify-content:flex-start}.wp-block-uagb-image--layout-overlay__inner.bottom-left,.wp-block-uagb-image--layout-overlay__inner.bottom-center,.wp-block-uagb-image--layout-overlay__inner.bottom-right{justify-content:flex-end}.wp-block-uagb-image--layout-overlay__inner.top-left,.wp-block-uagb-image--layout-overlay__inner.center-left,.wp-block-uagb-image--layout-overlay__inner.bottom-left{align-items:flex-start}.wp-block-uagb-image--layout-overlay__inner.top-right,.wp-block-uagb-image--layout-overlay__inner.center-right,.wp-block-uagb-image--layout-overlay__inner.bottom-right{align-items:flex-end}.wp-block-uagb-image--layout-overlay__inner .uagb-image-heading{color:#fff;transition:transform .35s,opacity .35s ease-in-out;transform:translate3d(0, 24px, 0);margin:0;line-height:1em}.wp-block-uagb-image--layout-overlay__inner .uagb-image-separator{width:30%;border-top-width:2px;border-top-color:#fff;border-top-style:solid;margin-bottom:10px;opacity:0;transition:transform .4s,opacity .4s ease-in-out;transform:translate3d(0, 30px, 0)}.wp-block-uagb-image--layout-overlay__inner .uagb-image-caption{opacity:0;overflow:visible;color:#fff;transition:transform .45s,opacity .45s ease-in-out;transform:translate3d(0, 35px, 0)}.wp-block-uagb-image--layout-overlay__inner:hover .uagb-image-heading,.wp-block-uagb-image--layout-overlay__inner:hover .uagb-image-separator,.wp-block-uagb-image--layout-overlay__inner:hover .uagb-image-caption{opacity:1;transform:translate3d(0, 0, 0)}.wp-block-uagb-image--effect-zoomin .wp-block-uagb-image__figure img,.wp-block-uagb-image--effect-zoomin .wp-block-uagb-image__figure .wp-block-uagb-image--layout-overlay__color-wrapper{transform:scale(1);transition:transform .35s ease-in-out}.wp-block-uagb-image--effect-zoomin .wp-block-uagb-image__figure:hover img,.wp-block-uagb-image--effect-zoomin .wp-block-uagb-image__figure:hover .wp-block-uagb-image--layout-overlay__color-wrapper{transform:scale(1.05)}.wp-block-uagb-image--effect-slide .wp-block-uagb-image__figure img,.wp-block-uagb-image--effect-slide .wp-block-uagb-image__figure .wp-block-uagb-image--layout-overlay__color-wrapper{width:calc(100% + 40px) !important;max-width:none !important;transform:translate3d(-40px, 0, 0);transition:transform .35s ease-in-out}.wp-block-uagb-image--effect-slide .wp-block-uagb-image__figure:hover img,.wp-block-uagb-image--effect-slide .wp-block-uagb-image__figure:hover .wp-block-uagb-image--layout-overlay__color-wrapper{transform:translate3d(0, 0, 0)}.wp-block-uagb-image--effect-grayscale img{filter:grayscale(0%);transition:.35s ease-in-out}.wp-block-uagb-image--effect-grayscale:hover img{filter:grayscale(100%)}.wp-block-uagb-image--effect-blur img{filter:blur(0);transition:.35s ease-in-out}.wp-block-uagb-image--effect-blur:hover img{filter:blur(3px)}.uagb-block-e6f939b3.wp-block-uagb-image--layout-default figure img{box-shadow: 0px 0px 0 #00000070;}.uagb-block-e6f939b3.wp-block-uagb-image .wp-block-uagb-image__figure figcaption{font-style: normal;align-self: center;}.uagb-block-e6f939b3.wp-block-uagb-image--layout-overlay figure img{box-shadow: 0px 0px 0 #00000070;}.uagb-block-e6f939b3.wp-block-uagb-image--layout-overlay .wp-block-uagb-image--layout-overlay__color-wrapper{opacity: 0.2;}.uagb-block-e6f939b3.wp-block-uagb-image--layout-overlay .wp-block-uagb-image--layout-overlay__inner{left: 15px;right: 15px;top: 15px;bottom: 15px;}.uagb-block-e6f939b3.wp-block-uagb-image--layout-overlay .wp-block-uagb-image--layout-overlay__inner .uagb-image-heading{font-style: normal;color: #fff;opacity: 1;}.uagb-block-e6f939b3.wp-block-uagb-image--layout-overlay .wp-block-uagb-image--layout-overlay__inner .uagb-image-heading a{color: #fff;}.uagb-block-e6f939b3.wp-block-uagb-image--layout-overlay .wp-block-uagb-image--layout-overlay__inner .uagb-image-caption{opacity: 0;}.uagb-block-e6f939b3.wp-block-uagb-image--layout-overlay .wp-block-uagb-image__figure:hover .wp-block-uagb-image--layout-overlay__color-wrapper{opacity: 1;}.uagb-block-e6f939b3.wp-block-uagb-image .wp-block-uagb-image--layout-overlay__inner .uagb-image-separator{width: 30%;border-top-width: 2px;border-top-color: #fff;opacity: 0;}.uagb-block-e6f939b3.wp-block-uagb-image .wp-block-uagb-image__figure img{width: px;height: auto;}.uagb-block-e6f939b3.wp-block-uagb-image .wp-block-uagb-image__figure:hover .wp-block-uagb-image--layout-overlay__inner .uagb-image-caption{opacity: 1;}.uagb-block-e6f939b3.wp-block-uagb-image .wp-block-uagb-image__figure:hover .wp-block-uagb-image--layout-overlay__inner .uagb-image-separator{opacity: 1;}.uagb-block-e6f939b3.wp-block-uagb-image--layout-default figure:hover img{box-shadow: 0px 0px 0 #00000070;}.uagb-block-e6f939b3.wp-block-uagb-image--layout-overlay figure:hover img{box-shadow: 0px 0px 0 #00000070;}@media only screen and (max-width: 976px) {.uagb-block-e6f939b3.wp-block-uagb-image .wp-block-uagb-image__figure img{width: px;height: auto;}}@media only screen and (max-width: 767px) {.uagb-block-e6f939b3.wp-block-uagb-image .wp-block-uagb-image__figure img{width: px;height: auto;}}\";s:2:\"js\";s:0:\"\";s:18:\"current_block_list\";a:13:{i:0;s:11:\"core\/search\";i:1;s:10:\"core\/group\";i:2;s:12:\"core\/heading\";i:3;s:17:\"core\/latest-posts\";i:4;s:20:\"core\/latest-comments\";i:5;s:13:\"core\/archives\";i:6;s:15:\"core\/categories\";i:7;s:14:\"core\/paragraph\";i:8;s:10:\"uagb\/image\";i:9;s:11:\"core\/spacer\";i:10;s:30:\"woocommerce\/product-categories\";i:11;s:10:\"core\/image\";i:12;s:14:\"core\/shortcode\";}s:8:\"uag_flag\";b:1;s:11:\"uag_version\";s:10:\"1777233992\";s:6:\"gfonts\";a:0:{}s:10:\"gfonts_url\";s:0:\"\";s:12:\"gfonts_files\";a:0:{}s:14:\"uag_faq_layout\";b:0;}"]},"uagb_featured_image_src":{"full":["https:\/\/www.ferberpainting.com\/wp-content\/uploads\/2025\/06\/Stainless-Steel-Cleaner-5L-Mockup-.png",2560,2560,false],"thumbnail":["https:\/\/www.ferberpainting.com\/wp-content\/uploads\/2025\/06\/Stainless-Steel-Cleaner-5L-Mockup--150x150.png",150,150,true],"medium":["https:\/\/www.ferberpainting.com\/wp-content\/uploads\/2025\/06\/Stainless-Steel-Cleaner-5L-Mockup--300x300.png",300,300,true],"medium_large":["https:\/\/www.ferberpainting.com\/wp-content\/uploads\/2025\/06\/Stainless-Steel-Cleaner-5L-Mockup--768x768.png",768,768,true],"large":["https:\/\/www.ferberpainting.com\/wp-content\/uploads\/2025\/06\/Stainless-Steel-Cleaner-5L-Mockup--1024x1024.png",1024,1024,true],"1536x1536":["https:\/\/www.ferberpainting.com\/wp-content\/uploads\/2025\/06\/Stainless-Steel-Cleaner-5L-Mockup--1536x1536.png",1536,1536,true],"2048x2048":["https:\/\/www.ferberpainting.com\/wp-content\/uploads\/2025\/06\/Stainless-Steel-Cleaner-5L-Mockup--2048x2048.png",2048,2048,true],"trp-custom-language-flag":["https:\/\/www.ferberpainting.com\/wp-content\/uploads\/2025\/06\/Stainless-Steel-Cleaner-5L-Mockup--12x12.png",12,12,true],"woocommerce_thumbnail":["https:\/\/www.ferberpainting.com\/wp-content\/uploads\/2025\/06\/Stainless-Steel-Cleaner-5L-Mockup--300x300.png",300,300,true],"woocommerce_single":["https:\/\/www.ferberpainting.com\/wp-content\/uploads\/2025\/06\/Stainless-Steel-Cleaner-5L-Mockup--600x600.png",600,600,true],"woocommerce_gallery_thumbnail":["https:\/\/www.ferberpainting.com\/wp-content\/uploads\/2025\/06\/Stainless-Steel-Cleaner-5L-Mockup--100x100.png",100,100,true]},"uagb_author_info":{"display_name":"admin","author_link":"https:\/\/www.ferberpainting.com\/hu\/author\/"},"uagb_comment_info":13,"uagb_excerpt":"Optimal efficiency.\u00a0This stainless steel cleaner instantly removes stains, fingerprints, grease residues, and limescale deposits that dull the surface of stainless steel. Its powerful formula penetrates deep to restore the original shine of the metal, leaving a clean, smooth, and glossy surface without any scratches. Money-back guarantee.\u00a0We are confident in the excellence of our product and&hellip;","_links":{"self":[{"href":"https:\/\/www.ferberpainting.com\/hu\/wp-json\/wp\/v2\/product\/25318","targetHints":{"allow":["GET"]}}],"collection":[{"href":"https:\/\/www.ferberpainting.com\/hu\/wp-json\/wp\/v2\/product"}],"about":[{"href":"https:\/\/www.ferberpainting.com\/hu\/wp-json\/wp\/v2\/types\/product"}],"replies":[{"embeddable":true,"href":"https:\/\/www.ferberpainting.com\/hu\/wp-json\/wp\/v2\/comments?post=25318"}],"version-history":[{"count":4,"href":"https:\/\/www.ferberpainting.com\/hu\/wp-json\/wp\/v2\/product\/25318\/revisions"}],"predecessor-version":[{"id":167302,"href":"https:\/\/www.ferberpainting.com\/hu\/wp-json\/wp\/v2\/product\/25318\/revisions\/167302"}],"wp:featuredmedia":[{"embeddable":true,"href":"https:\/\/www.ferberpainting.com\/hu\/wp-json\/wp\/v2\/media\/35933"}],"wp:attachment":[{"href":"https:\/\/www.ferberpainting.com\/hu\/wp-json\/wp\/v2\/media?parent=25318"}],"wp:term":[{"taxonomy":"product_brand","embeddable":true,"href":"https:\/\/www.ferberpainting.com\/hu\/wp-json\/wp\/v2\/product_brand?post=25318"},{"taxonomy":"product_cat","embeddable":true,"href":"https:\/\/www.ferberpainting.com\/hu\/wp-json\/wp\/v2\/product_cat?post=25318"},{"taxonomy":"product_tag","embeddable":true,"href":"https:\/\/www.ferberpainting.com\/hu\/wp-json\/wp\/v2\/product_tag?post=25318"}],"curies":[{"name":"wp","href":"https:\/\/api.w.org\/{rel}","templated":true}]}}