{"id":25314,"date":"2025-06-30T20:52:26","date_gmt":"2025-06-30T18:52:26","guid":{"rendered":"https:\/\/www.ferberpainting.com\/?post_type=product&#038;p=25314"},"modified":"2026-02-16T10:51:53","modified_gmt":"2026-02-16T09:51:53","slug":"sofa-water-repellent","status":"publish","type":"product","link":"https:\/\/www.ferberpainting.com\/hu\/products\/sofa-water-repellent\/","title":{"rendered":"V\u00edzleperget\u0151 kanap\u00e9"},"content":{"rendered":"<p><strong><img decoding=\"async\" style=\"margin-right: 12px;\" src=\"https:\/\/www.ferberpainting.com\/wp-content\/uploads\/2026\/02\/Check.svg\" alt=\"\" width=\"18\" height=\"15\" \/>Hat\u00e9kony v\u00e9delem a nedvess\u00e9g \u00e9s a foltok ellen.<\/strong>\u00a0Ezt a kanap\u00e9 v\u00edz\u00e1ll\u00f3 anyagot kifejezetten arra tervezt\u00e9k, hogy hossz\u00fa t\u00e1v\u00fa v\u00e9delmet ny\u00fajtson a nedvess\u00e9g, a foltok \u00e9s a ki\u00f6ml\u00f6tt folyad\u00e9kok ellen sz\u00f6vet- vagy b\u0151rb\u00fatorain. L\u00e1thatatlan g\u00e1tat k\u00e9pez, amely tasz\u00edtja a folyad\u00e9kokat, \u00e9s megakad\u00e1lyozza a szennyez\u0151d\u00e9sek le\u00fcleped\u00e9s\u00e9t, \u00edgy hosszabb ideig meg\u0151rzi kanap\u00e9ja megjelen\u00e9s\u00e9t \u00e9s text\u00far\u00e1j\u00e1t. Legyen sz\u00f3 ital-, \u00e9tel- vagy ak\u00e1r s\u00e1rfr\u00f6ccsen\u00e9sr\u0151l, ez a term\u00e9k megakad\u00e1lyozza a folyad\u00e9kok behatol\u00e1s\u00e1t, \u00e9s megk\u00f6nny\u00edti a tiszt\u00edt\u00e1st.<\/p>\n<p><strong><img decoding=\"async\" style=\"margin-right: 12px;\" src=\"https:\/\/www.ferberpainting.com\/wp-content\/uploads\/2026\/02\/Check.svg\" alt=\"\" width=\"18\" height=\"15\" \/>P\u00e9nzvisszafizet\u00e9si garancia.<\/strong>\u00a0Meggy\u0151z\u0151d\u00e9s\u00fcnk, hogy a kanap\u00e9 v\u00edzszigetel\u0151nk hat\u00e9kony, ez\u00e9rt el\u00e9gedetts\u00e9gi garanci\u00e1t v\u00e1llalunk r\u00e1. Ha a term\u00e9k haszn\u00e1lata ut\u00e1n nem felel meg az elv\u00e1r\u00e1sainak, k\u00e9rheti a teljes \u00f6sszeg visszat\u00e9r\u00edt\u00e9s\u00e9t. Ez a garancia lehet\u0151v\u00e9 teszi, hogy \u00d6n nyugodtan v\u00e1s\u00e1roljon, tudva, hogy nincs vesztenival\u00f3ja. Ha nem tapasztalja az optim\u00e1lis v\u00e9delmet, gond n\u00e9lk\u00fcl visszat\u00e9r\u00edtj\u00fck a p\u00e9nz\u00e9t.<\/p>\n<p><strong><img decoding=\"async\" style=\"margin-right: 12px;\" src=\"https:\/\/www.ferberpainting.com\/wp-content\/uploads\/2026\/02\/Check.svg\" alt=\"\" width=\"18\" height=\"15\" \/>Alkalmas k\u00fcl\u00f6nb\u00f6z\u0151 anyagokhoz.<\/strong>\u00a0Ez a v\u00edzszigetel\u0151 ide\u00e1lis a legk\u00fcl\u00f6nb\u00f6z\u0151bb anyagokhoz. Hat\u00e9kony az olyan sz\u00f6veteken, mint a pamut, v\u00e1szon, b\u00e1rsony, valamint a b\u0151r \u00e9s mikrosz\u00e1las fel\u00fcleteken is. Nyugodtan alkalmazhatja kanap\u00e9kon, foteleken, p\u00e1rn\u00e1kon \u00e9s m\u00e1s textil vagy b\u0151r b\u00fatorokon. Nem v\u00e1ltoztatja meg a megjelen\u00e9st vagy a text\u00far\u00e1t, \u00e9s meg\u0151rzi a puha \u00e9s kellemes tapint\u00e1st, l\u00e1thatatlan \u00e9s tart\u00f3s v\u00e9delmet ny\u00fajt.<\/p>\n<p><strong><img decoding=\"async\" style=\"margin-right: 12px;\" src=\"https:\/\/www.ferberpainting.com\/wp-content\/uploads\/2026\/02\/Check.svg\" alt=\"\" width=\"18\" height=\"15\" \/>K\u00f6lts\u00e9ghat\u00e9kony.<\/strong>\u00a0Koncentr\u00e1lt formul\u00e1j\u00e1nak k\u00f6sz\u00f6nhet\u0151en ez a v\u00edz\u00e1ll\u00f3 term\u00e9k kiv\u00e1l\u00f3 min\u0151s\u00e9g\/fed\u00e9s ar\u00e1nyt k\u00edn\u00e1l. \u00c1tlagosan egy literrel k\u00f6r\u00fclbel\u00fcl 25-30 m\u00b2-t lehet kezelni, a sz\u00f6vet vastags\u00e1g\u00e1t\u00f3l \u00e9s az alkalmazott r\u00e9tegek sz\u00e1m\u00e1t\u00f3l f\u00fcgg\u0151en. Hat\u00e9konys\u00e1g\u00e1nak k\u00f6sz\u00f6nhet\u0151en egyetlen kezel\u00e9ssel hosszan tart\u00f3 v\u00e9delmet biztos\u00edt, \u00edgy nem kell gyakran \u00fajrakenni, \u00edgy gazdas\u00e1gos megold\u00e1st jelent a b\u00fatorok hossz\u00fa t\u00e1v\u00fa v\u00e9delm\u00e9re.<\/p>\n<p><strong><img decoding=\"async\" style=\"margin-right: 12px;\" src=\"https:\/\/www.ferberpainting.com\/wp-content\/uploads\/2026\/02\/Check.svg\" alt=\"\" width=\"18\" height=\"15\" \/>Biztons\u00e1gos \u00e9s anyagbar\u00e1t.<\/strong>\u00a0Ez a kanap\u00e9 v\u00edzleperget\u0151 biztons\u00e1gos \u00f6sszetev\u0151kb\u0151l k\u00e9sz\u00fclt, amelyek k\u00edm\u00e9letesek a sz\u00f6vetekhez. Nem tartalmaz agressz\u00edv vegyi anyagokat, \u00edgy otthoni haszn\u00e1latra is biztons\u00e1gos. Nem v\u00e1ltoztatja meg a sz\u00f6vet vagy a b\u0151r sz\u00edn\u00e9t vagy text\u00far\u00e1j\u00e1t. A kanap\u00e9ra val\u00f3 felvitele hat\u00e9kony v\u00e9delmet ny\u00fajt an\u00e9lk\u00fcl, hogy k\u00e1ros\u00edtan\u00e1 a b\u00fatorokat, vagy csal\u00e1dj\u00e1t m\u00e9rgez\u0151 anyagoknak tenn\u00e9 ki.<\/p>\n<p><strong><img decoding=\"async\" style=\"margin-right: 12px;\" src=\"https:\/\/www.ferberpainting.com\/wp-content\/uploads\/2026\/02\/Check.svg\" alt=\"\" width=\"18\" height=\"15\" \/>K\u00f6nny\u0171 haszn\u00e1lat.<\/strong>\u00a0A kanap\u00e9 v\u00edzszigetel\u0151 felvitele nagyon egyszer\u0171. Haszn\u00e1latra k\u00e9sz \u00e9s nem ig\u00e9nyel h\u00edg\u00edt\u00e1st. Egyszer\u0171en csak f\u00fajjon egy v\u00e9kony, egyenletes r\u00e9teget a kanap\u00e9 fel\u00fclet\u00e9re, \u00e9s hagyja megsz\u00e1radni. Nincs sz\u00fcks\u00e9g bonyolult el\u0151k\u00e9sz\u00edt\u00e9sre, kever\u00e9sre vagy v\u00e1rakoz\u00e1sra. Ezt a term\u00e9ket \u00fagy tervezt\u00e9k, hogy id\u0151t takar\u00edtson meg, mik\u00f6zben kiv\u00e1l\u00f3 min\u0151s\u00e9g\u0171 v\u00e9delmet ny\u00fajt. A term\u00e9k egyenletes felvitel\u00e9hez haszn\u00e1lhat permetez\u0151t vagy puha kend\u0151t.<\/p>\n<p><strong><img decoding=\"async\" style=\"margin-right: 12px;\" src=\"https:\/\/www.ferberpainting.com\/wp-content\/uploads\/2026\/02\/Check.svg\" alt=\"\" width=\"18\" height=\"15\" \/>Tart\u00f3s v\u00e9delem.<\/strong>\u00a0A felhord\u00e1s ut\u00e1n a v\u00edzszigetel\u0151 tart\u00f3s g\u00e1tat k\u00e9pez, amely t\u00f6bbsz\u00f6ri tiszt\u00edt\u00e1s ut\u00e1n is hat\u00e9kony marad. Nem kell gyakran \u00fajrakenni. T\u00f6bb h\u00f3napig v\u00e9di kanap\u00e9it, ellen\u00e1ll a folyad\u00e9kfr\u00f6ccsen\u00e9seknek \u00e9s a napi foltoknak. \u00c9lvezheti b\u00fatorait an\u00e9lk\u00fcl, hogy agg\u00f3dnia kellene a nedvess\u00e9g vagy a napi szennyez\u0151d\u00e9sek okozta kop\u00e1s miatt. Ez a term\u00e9k seg\u00edt abban, hogy kanap\u00e9i hossz\u00fa t\u00e1von kiv\u00e1l\u00f3 \u00e1llapotban maradjanak.<\/p>\n<p><strong><img decoding=\"async\" style=\"margin-right: 12px;\" src=\"https:\/\/www.ferberpainting.com\/wp-content\/uploads\/2026\/02\/Check.svg\" alt=\"\" width=\"18\" height=\"15\" \/>Gyorsan hat.<\/strong>\u00a0Ez a kanap\u00e9 v\u00edz\u00e1ll\u00f3 anyag szobah\u0151m\u00e9rs\u00e9kleten kb. 1 \u00f3ra alatt sz\u00e1rad meg, az anyagt\u00f3l f\u00fcgg\u0151en. Ez lehet\u0151v\u00e9 teszi, hogy gyorsan \u00e9lvezze a v\u00e9delmet, t\u00f6bb \u00f3r\u00e1s v\u00e1rakoz\u00e1s n\u00e9lk\u00fcl. M\u00e1s kezel\u00e9sekkel ellent\u00e9tben, amelyek hossz\u00fa sz\u00e1rad\u00e1si id\u0151t ig\u00e9nyelnek, ez a term\u00e9k lehet\u0151v\u00e9 teszi, hogy az alkalmaz\u00e1s ut\u00e1n azonnal folytassa a kanap\u00e9 norm\u00e1l haszn\u00e1lat\u00e1t, tudva, hogy b\u00fatora most m\u00e1r v\u00e9dve van.<\/p>\n<h2><strong>Haszn\u00e1lati protokoll<\/strong><\/h2>\n<ul>\n<li><strong>Fel\u00fclet el\u0151k\u00e9sz\u00edt\u00e9s <\/strong>: A v\u00edzszigetel\u0151 felvitele el\u0151tt gy\u0151z\u0151dj\u00f6n meg arr\u00f3l, hogy a kanap\u00e9 vagy a b\u00fator tiszta \u00e9s sz\u00e1raz. Ha sz\u00fcks\u00e9ges, porsz\u00edv\u00f3zzon, hogy elt\u00e1vol\u00edtsa a port \u00e9s a k\u00f6nny\u0171 szennyez\u0151d\u00e9seket. Ha az anyag k\u00fcl\u00f6n\u00f6sen piszkos, aj\u00e1nlott kimosni vagy \u00e1tt\u00f6r\u00f6lni a term\u00e9k felvitele el\u0151tt. Ne vigye fel a v\u00edzszigetel\u0151t piszkos vagy nedves fel\u00fcletre.<\/li>\n<li><strong>Term\u00e9k alkalmaz\u00e1sa <\/strong>: Haszn\u00e1lat el\u0151tt j\u00f3l r\u00e1zza fel az \u00fcveget. F\u00fajja be v\u00e9kony, egyenletes r\u00e9tegben a kanap\u00e9 v\u00edz\u00e1ll\u00f3 anyag\u00e1t a t\u00e1rgy teljes fel\u00fclet\u00e9re, biztos\u00edtva, hogy minden ter\u00fcletet befedjen. Nagy fel\u00fcleteken haszn\u00e1lhat permetez\u0151t, kisebb vagy nehezen hozz\u00e1f\u00e9rhet\u0151 ter\u00fcleteken pedig puha ruh\u00e1t is haszn\u00e1lhat. \u00dcgyeljen arra, hogy ne tel\u00edtse t\u00fal az anyagot, hanem k\u00f6nny\u0171 \u00e9s hat\u00e9kony r\u00e9teget vigyen fel.<\/li>\n<li><strong>Egyenletes lefedetts\u00e9g <\/strong>: Ha ruh\u00e1t haszn\u00e1l, \u00f3vatosan d\u00f6rzs\u00f6lje \u00e1t a term\u00e9ket a fel\u00fcleten, hogy biztos\u00edtsa az egyenletes eloszl\u00e1st. Ne d\u00f6rzs\u00f6lje t\u00fal er\u0151sen, hogy elker\u00fclje a sz\u00f6vet- vagy b\u0151rsz\u00e1lak deform\u00e1l\u00f3d\u00e1s\u00e1t. A c\u00e9l egy finom, de hat\u00e9kony v\u00e9d\u0151r\u00e9teg l\u00e9trehoz\u00e1sa.<\/li>\n<li><strong>Sz\u00e1rad\u00e1si id\u0151 <\/strong>: Hagyja a kanap\u00e9t vagy a b\u00fatorokat szobah\u0151m\u00e9rs\u00e9kleten kb. 1 \u00f3r\u00e1n \u00e1t sz\u00e1radni. Fontos, hogy a sz\u00e1rad\u00e1si id\u0151 alatt ne haszn\u00e1lja a b\u00fatort, nehogy a term\u00e9k megv\u00e1ltozzon, vagy l\u00e1that\u00f3 nyomokat hagyjon. Ne helyezze a b\u00fatort k\u00f6zvetlen h\u0151forr\u00e1s k\u00f6zel\u00e9be.<\/li>\n<li><strong>\u00dajb\u00f3li alkalmaz\u00e1s <\/strong>: A kanap\u00e9 haszn\u00e1lat\u00e1t\u00f3l f\u00fcgg\u0151en a v\u00e9delem meger\u0151s\u00edt\u00e9se \u00e9rdek\u00e9ben egy m\u00e1sodik alkalmaz\u00e1s is aj\u00e1nlott lehet. Ez k\u00fcl\u00f6n\u00f6sen akkor lehet hasznos, ha a kanap\u00e9 gyakran van kit\u00e9ve fr\u00f6ccsen\u00e9seknek vagy foltoknak. A m\u00e1sodik r\u00e9teg felvitele el\u0151tt mindig hagyja teljesen megsz\u00e1radni az els\u0151 r\u00e9teget.<\/li>\n<li><strong>Alkalmaz\u00e1s ut\u00e1ni gondoz\u00e1s <\/strong>: Az alkalmaz\u00e1s ut\u00e1n a szok\u00e1sos m\u00f3don tiszt\u00edthatja a kanap\u00e9t a v\u00e9delem elt\u00e1vol\u00edt\u00e1sa n\u00e9lk\u00fcl. A hat\u00e9konys\u00e1g meg\u0151rz\u00e9se \u00e9rdek\u00e9ben azonban ker\u00fclje a fel\u00fclet t\u00fal er\u0151s s\u00farol\u00e1s\u00e1t. A v\u00edz\u00e1ll\u00f3 anyagot 6 havonta vagy sz\u00fcks\u00e9g eset\u00e9n gyakrabban is \u00fajra alkalmazhatja.<\/li>\n<\/ul>\n<p>A kanap\u00e9 v\u00edzhatlan\u00edt\u00e1sa egyszer\u0171, gyors \u00e9s hat\u00e9kony megold\u00e1st k\u00edn\u00e1l b\u00fatorai v\u00e9delm\u00e9re a k\u00fcls\u0151 behat\u00e1sokt\u00f3l, biztos\u00edtva a hosszan tart\u00f3 sz\u00e9ps\u00e9get \u00e9s tart\u00f3ss\u00e1got. Innovat\u00edv formul\u00e1j\u00e1nak \u00e9s egyszer\u0171 alkalmaz\u00e1s\u00e1nak k\u00f6sz\u00f6nhet\u0151en a kanap\u00e9k \u00e9s m\u00e1s sz\u00f6vetb\u0151l vagy b\u0151rb\u0151l k\u00e9sz\u00fclt t\u00e1rgyak karbantart\u00e1s\u00e1ra szolg\u00e1l\u00f3 megold\u00e1ss\u00e1 v\u00e1lik.<\/p>","protected":false},"excerpt":{"rendered":"<p>Effective Protection Against Moisture and Stains.\u00a0This sofa waterproofer is specially designed to provide long-lasting protection against humidity, stains, and spills on your fabric or leather furniture. It forms an invisible barrier that repels liquids and prevents dirt from settling, helping to preserve the appearance and texture of your sofa for longer. Whether it&#8217;s beverage, food, [&hellip;]<\/p>\n","protected":false},"featured_media":35924,"comment_status":"open","ping_status":"closed","template":"","meta":{"_uag_custom_page_level_css":"","site-sidebar-layout":"default","site-content-layout":"","ast-site-content-layout":"default","site-content-style":"default","site-sidebar-style":"default","ast-global-header-display":"","ast-banner-title-visibility":"","ast-main-header-display":"","ast-hfb-above-header-display":"","ast-hfb-below-header-display":"","ast-hfb-mobile-header-display":"","site-post-title":"","ast-breadcrumbs-content":"","ast-featured-img":"","footer-sml-layout":"","ast-disable-related-posts":"","theme-transparent-header-meta":"default","adv-header-id-meta":"","stick-header-meta":"","header-above-stick-meta":"","header-main-stick-meta":"","header-below-stick-meta":"","astra-migrate-meta-layouts":"set","ast-page-background-enabled":"default","ast-page-background-meta":{"desktop":{"background-color":"var(--ast-global-color-4)","background-image":"","background-repeat":"repeat","background-position":"center center","background-size":"auto","background-attachment":"scroll","background-type":"","background-media":"","overlay-type":"","overlay-color":"","overlay-opacity":"","overlay-gradient":""},"tablet":{"background-color":"","background-image":"","background-repeat":"repeat","background-position":"center center","background-size":"auto","background-attachment":"scroll","background-type":"","background-media":"","overlay-type":"","overlay-color":"","overlay-opacity":"","overlay-gradient":""},"mobile":{"background-color":"","background-image":"","background-repeat":"repeat","background-position":"center center","background-size":"auto","background-attachment":"scroll","background-type":"","background-media":"","overlay-type":"","overlay-color":"","overlay-opacity":"","overlay-gradient":""}},"ast-content-background-meta":{"desktop":{"background-color":"var(--ast-global-color-5)","background-image":"","background-repeat":"repeat","background-position":"center center","background-size":"auto","background-attachment":"scroll","background-type":"","background-media":"","overlay-type":"","overlay-color":"","overlay-opacity":"","overlay-gradient":""},"tablet":{"background-color":"var(--ast-global-color-5)","background-image":"","background-repeat":"repeat","background-position":"center center","background-size":"auto","background-attachment":"scroll","background-type":"","background-media":"","overlay-type":"","overlay-color":"","overlay-opacity":"","overlay-gradient":""},"mobile":{"background-color":"var(--ast-global-color-5)","background-image":"","background-repeat":"repeat","background-position":"center center","background-size":"auto","background-attachment":"scroll","background-type":"","background-media":"","overlay-type":"","overlay-color":"","overlay-opacity":"","overlay-gradient":""}}},"product_brand":[],"product_cat":[191],"product_tag":[],"class_list":{"0":"post-25314","1":"product","2":"type-product","3":"status-publish","4":"has-post-thumbnail","6":"product_cat-water-repellent","7":"desktop-align-left","8":"tablet-align-left","9":"mobile-align-left","11":"first","12":"instock","13":"sale","14":"shipping-taxable","15":"purchasable","16":"product-type-variable","17":"has-default-attributes"},"spectra_custom_meta":{"_visibility":["visible"],"_shopify_product_id":["9106565857525"],"_s2w_shopify_domain":["ferberpainting.myshopify.com"],"_shopify_variant_id":["46626275492085"],"_sku":[""],"_manage_stock":["no"],"total_sales":["326"],"_tax_status":["taxable"],"_tax_class":[""],"_backorders":["no"],"_sold_individually":["no"],"_virtual":["no"],"_downloadable":["no"],"_download_limit":["-1"],"_download_expiry":["-1"],"_stock":[null],"_stock_status":["instock"],"_wc_average_rating":["5.00"],"_wc_review_count":["11"],"_product_attributes":["a:1:{s:6:\"volume\";a:6:{s:4:\"name\";s:6:\"Volume\";s:5:\"value\";s:20:\"5 liters | 25 liters\";s:8:\"position\";i:1;s:10:\"is_visible\";i:0;s:12:\"is_variation\";i:1;s:11:\"is_taxonomy\";i:0;}}"],"_product_version":["10.5.1"],"wpse_downloadable_file_names":[""],"wpse_downloadable_file_urls":[""],"_edit_last":["1"],"_default_attributes":["a:1:{s:6:\"volume\";s:8:\"5 liters\";}"],"_edit_lock":["1771235377:1"],"merchant-center-availability":["yes"],"merchant-center-category":["8043"],"_thumbnail_id":["35924"],"_wp_page_template":["default"],"_wp_old_date":["2025-05-26"],"_product_image_gallery":["35925"],"site-sidebar-layout":["default"],"ast-site-content-layout":["default"],"site-content-style":["default"],"site-sidebar-style":["default"],"theme-transparent-header-meta":["default"],"_wc_rating_count":["a:1:{i:5;i:11;}"],"_price":["29.90","129.90"],"astra-migrate-meta-layouts":["set"],"_uag_css_file_name":["uag-css-25314.css"],"_elementor_page_assets":["a:0:{}"],"_uag_page_assets":["a:9:{s:3:\"css\";s:7133:\".uag-blocks-common-selector{z-index:var(--z-index-desktop) !important}@media(max-width: 976px){.uag-blocks-common-selector{z-index:var(--z-index-tablet) !important}}@media(max-width: 767px){.uag-blocks-common-selector{z-index:var(--z-index-mobile) !important}}.wp-block-uagb-image{display:flex}.wp-block-uagb-image__figure{position:relative;display:flex;flex-direction:column;max-width:100%;height:auto;margin:0}.wp-block-uagb-image__figure img{height:auto;display:flex;max-width:100%;transition:box-shadow .2s ease}.wp-block-uagb-image__figure>a{display:inline-block}.wp-block-uagb-image__figure figcaption{text-align:center;margin-top:.5em;margin-bottom:1em}.wp-block-uagb-image .components-placeholder.block-editor-media-placeholder .components-placeholder__instructions{align-self:center}.wp-block-uagb-image--align-left{text-align:left}.wp-block-uagb-image--align-right{text-align:right}.wp-block-uagb-image--align-center{text-align:center}.wp-block-uagb-image--align-full .wp-block-uagb-image__figure{margin-left:calc(50% - 50vw);margin-right:calc(50% - 50vw);max-width:100vw;width:100vw;height:auto}.wp-block-uagb-image--align-full .wp-block-uagb-image__figure img{height:auto;width:100% !important}.wp-block-uagb-image--align-wide .wp-block-uagb-image__figure img{height:auto;width:100%}.wp-block-uagb-image--layout-overlay__color-wrapper{position:absolute;left:0;top:0;right:0;bottom:0;opacity:.2;background:rgba(0,0,0,.5);transition:opacity .35s ease-in-out}.wp-block-uagb-image--layout-overlay-link{position:absolute;left:0;right:0;bottom:0;top:0}.wp-block-uagb-image--layout-overlay .wp-block-uagb-image__figure:hover .wp-block-uagb-image--layout-overlay__color-wrapper{opacity:1}.wp-block-uagb-image--layout-overlay__inner{position:absolute;left:15px;right:15px;bottom:15px;top:15px;display:flex;align-items:center;justify-content:center;flex-direction:column;border-color:#fff;transition:.35s ease-in-out}.wp-block-uagb-image--layout-overlay__inner.top-left,.wp-block-uagb-image--layout-overlay__inner.top-center,.wp-block-uagb-image--layout-overlay__inner.top-right{justify-content:flex-start}.wp-block-uagb-image--layout-overlay__inner.bottom-left,.wp-block-uagb-image--layout-overlay__inner.bottom-center,.wp-block-uagb-image--layout-overlay__inner.bottom-right{justify-content:flex-end}.wp-block-uagb-image--layout-overlay__inner.top-left,.wp-block-uagb-image--layout-overlay__inner.center-left,.wp-block-uagb-image--layout-overlay__inner.bottom-left{align-items:flex-start}.wp-block-uagb-image--layout-overlay__inner.top-right,.wp-block-uagb-image--layout-overlay__inner.center-right,.wp-block-uagb-image--layout-overlay__inner.bottom-right{align-items:flex-end}.wp-block-uagb-image--layout-overlay__inner .uagb-image-heading{color:#fff;transition:transform .35s,opacity .35s ease-in-out;transform:translate3d(0, 24px, 0);margin:0;line-height:1em}.wp-block-uagb-image--layout-overlay__inner .uagb-image-separator{width:30%;border-top-width:2px;border-top-color:#fff;border-top-style:solid;margin-bottom:10px;opacity:0;transition:transform .4s,opacity .4s ease-in-out;transform:translate3d(0, 30px, 0)}.wp-block-uagb-image--layout-overlay__inner .uagb-image-caption{opacity:0;overflow:visible;color:#fff;transition:transform .45s,opacity .45s ease-in-out;transform:translate3d(0, 35px, 0)}.wp-block-uagb-image--layout-overlay__inner:hover .uagb-image-heading,.wp-block-uagb-image--layout-overlay__inner:hover .uagb-image-separator,.wp-block-uagb-image--layout-overlay__inner:hover .uagb-image-caption{opacity:1;transform:translate3d(0, 0, 0)}.wp-block-uagb-image--effect-zoomin .wp-block-uagb-image__figure img,.wp-block-uagb-image--effect-zoomin .wp-block-uagb-image__figure .wp-block-uagb-image--layout-overlay__color-wrapper{transform:scale(1);transition:transform .35s ease-in-out}.wp-block-uagb-image--effect-zoomin .wp-block-uagb-image__figure:hover img,.wp-block-uagb-image--effect-zoomin .wp-block-uagb-image__figure:hover .wp-block-uagb-image--layout-overlay__color-wrapper{transform:scale(1.05)}.wp-block-uagb-image--effect-slide .wp-block-uagb-image__figure img,.wp-block-uagb-image--effect-slide .wp-block-uagb-image__figure .wp-block-uagb-image--layout-overlay__color-wrapper{width:calc(100% + 40px) !important;max-width:none !important;transform:translate3d(-40px, 0, 0);transition:transform .35s ease-in-out}.wp-block-uagb-image--effect-slide .wp-block-uagb-image__figure:hover img,.wp-block-uagb-image--effect-slide .wp-block-uagb-image__figure:hover .wp-block-uagb-image--layout-overlay__color-wrapper{transform:translate3d(0, 0, 0)}.wp-block-uagb-image--effect-grayscale img{filter:grayscale(0%);transition:.35s ease-in-out}.wp-block-uagb-image--effect-grayscale:hover img{filter:grayscale(100%)}.wp-block-uagb-image--effect-blur img{filter:blur(0);transition:.35s ease-in-out}.wp-block-uagb-image--effect-blur:hover img{filter:blur(3px)}.uagb-block-e6f939b3.wp-block-uagb-image--layout-default figure img{box-shadow: 0px 0px 0 #00000070;}.uagb-block-e6f939b3.wp-block-uagb-image .wp-block-uagb-image__figure figcaption{font-style: normal;align-self: center;}.uagb-block-e6f939b3.wp-block-uagb-image--layout-overlay figure img{box-shadow: 0px 0px 0 #00000070;}.uagb-block-e6f939b3.wp-block-uagb-image--layout-overlay .wp-block-uagb-image--layout-overlay__color-wrapper{opacity: 0.2;}.uagb-block-e6f939b3.wp-block-uagb-image--layout-overlay .wp-block-uagb-image--layout-overlay__inner{left: 15px;right: 15px;top: 15px;bottom: 15px;}.uagb-block-e6f939b3.wp-block-uagb-image--layout-overlay .wp-block-uagb-image--layout-overlay__inner .uagb-image-heading{font-style: normal;color: #fff;opacity: 1;}.uagb-block-e6f939b3.wp-block-uagb-image--layout-overlay .wp-block-uagb-image--layout-overlay__inner .uagb-image-heading a{color: #fff;}.uagb-block-e6f939b3.wp-block-uagb-image--layout-overlay .wp-block-uagb-image--layout-overlay__inner .uagb-image-caption{opacity: 0;}.uagb-block-e6f939b3.wp-block-uagb-image--layout-overlay .wp-block-uagb-image__figure:hover .wp-block-uagb-image--layout-overlay__color-wrapper{opacity: 1;}.uagb-block-e6f939b3.wp-block-uagb-image .wp-block-uagb-image--layout-overlay__inner .uagb-image-separator{width: 30%;border-top-width: 2px;border-top-color: #fff;opacity: 0;}.uagb-block-e6f939b3.wp-block-uagb-image .wp-block-uagb-image__figure img{width: px;height: auto;}.uagb-block-e6f939b3.wp-block-uagb-image .wp-block-uagb-image__figure:hover .wp-block-uagb-image--layout-overlay__inner .uagb-image-caption{opacity: 1;}.uagb-block-e6f939b3.wp-block-uagb-image .wp-block-uagb-image__figure:hover .wp-block-uagb-image--layout-overlay__inner .uagb-image-separator{opacity: 1;}.uagb-block-e6f939b3.wp-block-uagb-image--layout-default figure:hover img{box-shadow: 0px 0px 0 #00000070;}.uagb-block-e6f939b3.wp-block-uagb-image--layout-overlay figure:hover img{box-shadow: 0px 0px 0 #00000070;}@media only screen and (max-width: 976px) {.uagb-block-e6f939b3.wp-block-uagb-image .wp-block-uagb-image__figure img{width: px;height: auto;}}@media only screen and (max-width: 767px) {.uagb-block-e6f939b3.wp-block-uagb-image .wp-block-uagb-image__figure img{width: px;height: auto;}}\";s:2:\"js\";s:0:\"\";s:18:\"current_block_list\";a:13:{i:0;s:11:\"core\/search\";i:1;s:10:\"core\/group\";i:2;s:12:\"core\/heading\";i:3;s:17:\"core\/latest-posts\";i:4;s:20:\"core\/latest-comments\";i:5;s:13:\"core\/archives\";i:6;s:15:\"core\/categories\";i:7;s:14:\"core\/paragraph\";i:8;s:10:\"uagb\/image\";i:9;s:11:\"core\/spacer\";i:10;s:30:\"woocommerce\/product-categories\";i:11;s:10:\"core\/image\";i:12;s:14:\"core\/shortcode\";}s:8:\"uag_flag\";b:1;s:11:\"uag_version\";s:10:\"1777132726\";s:6:\"gfonts\";a:0:{}s:10:\"gfonts_url\";s:0:\"\";s:12:\"gfonts_files\";a:0:{}s:14:\"uag_faq_layout\";b:0;}"]},"uagb_featured_image_src":{"full":["https:\/\/www.ferberpainting.com\/wp-content\/uploads\/2025\/05\/Sofa-Water-Repellent-5L.png",2560,2560,false],"thumbnail":["https:\/\/www.ferberpainting.com\/wp-content\/uploads\/2025\/05\/Sofa-Water-Repellent-5L-150x150.png",150,150,true],"medium":["https:\/\/www.ferberpainting.com\/wp-content\/uploads\/2025\/05\/Sofa-Water-Repellent-5L-300x300.png",300,300,true],"medium_large":["https:\/\/www.ferberpainting.com\/wp-content\/uploads\/2025\/05\/Sofa-Water-Repellent-5L-768x768.png",768,768,true],"large":["https:\/\/www.ferberpainting.com\/wp-content\/uploads\/2025\/05\/Sofa-Water-Repellent-5L-1024x1024.png",1024,1024,true],"1536x1536":["https:\/\/www.ferberpainting.com\/wp-content\/uploads\/2025\/05\/Sofa-Water-Repellent-5L-1536x1536.png",1536,1536,true],"2048x2048":["https:\/\/www.ferberpainting.com\/wp-content\/uploads\/2025\/05\/Sofa-Water-Repellent-5L-2048x2048.png",2048,2048,true],"trp-custom-language-flag":["https:\/\/www.ferberpainting.com\/wp-content\/uploads\/2025\/05\/Sofa-Water-Repellent-5L-12x12.png",12,12,true],"woocommerce_thumbnail":["https:\/\/www.ferberpainting.com\/wp-content\/uploads\/2025\/05\/Sofa-Water-Repellent-5L-300x300.png",300,300,true],"woocommerce_single":["https:\/\/www.ferberpainting.com\/wp-content\/uploads\/2025\/05\/Sofa-Water-Repellent-5L-600x600.png",600,600,true],"woocommerce_gallery_thumbnail":["https:\/\/www.ferberpainting.com\/wp-content\/uploads\/2025\/05\/Sofa-Water-Repellent-5L-100x100.png",100,100,true]},"uagb_author_info":{"display_name":"admin","author_link":"https:\/\/www.ferberpainting.com\/hu\/author\/"},"uagb_comment_info":11,"uagb_excerpt":"Effective Protection Against Moisture and Stains.\u00a0This sofa waterproofer is specially designed to provide long-lasting protection against humidity, stains, and spills on your fabric or leather furniture. It forms an invisible barrier that repels liquids and prevents dirt from settling, helping to preserve the appearance and texture of your sofa for longer. Whether it&#8217;s beverage, food,&hellip;","_links":{"self":[{"href":"https:\/\/www.ferberpainting.com\/hu\/wp-json\/wp\/v2\/product\/25314","targetHints":{"allow":["GET"]}}],"collection":[{"href":"https:\/\/www.ferberpainting.com\/hu\/wp-json\/wp\/v2\/product"}],"about":[{"href":"https:\/\/www.ferberpainting.com\/hu\/wp-json\/wp\/v2\/types\/product"}],"replies":[{"embeddable":true,"href":"https:\/\/www.ferberpainting.com\/hu\/wp-json\/wp\/v2\/comments?post=25314"}],"version-history":[{"count":3,"href":"https:\/\/www.ferberpainting.com\/hu\/wp-json\/wp\/v2\/product\/25314\/revisions"}],"predecessor-version":[{"id":167300,"href":"https:\/\/www.ferberpainting.com\/hu\/wp-json\/wp\/v2\/product\/25314\/revisions\/167300"}],"wp:featuredmedia":[{"embeddable":true,"href":"https:\/\/www.ferberpainting.com\/hu\/wp-json\/wp\/v2\/media\/35924"}],"wp:attachment":[{"href":"https:\/\/www.ferberpainting.com\/hu\/wp-json\/wp\/v2\/media?parent=25314"}],"wp:term":[{"taxonomy":"product_brand","embeddable":true,"href":"https:\/\/www.ferberpainting.com\/hu\/wp-json\/wp\/v2\/product_brand?post=25314"},{"taxonomy":"product_cat","embeddable":true,"href":"https:\/\/www.ferberpainting.com\/hu\/wp-json\/wp\/v2\/product_cat?post=25314"},{"taxonomy":"product_tag","embeddable":true,"href":"https:\/\/www.ferberpainting.com\/hu\/wp-json\/wp\/v2\/product_tag?post=25314"}],"curies":[{"name":"wp","href":"https:\/\/api.w.org\/{rel}","templated":true}]}}