{"id":25309,"date":"2025-06-30T21:51:25","date_gmt":"2025-06-30T19:51:25","guid":{"rendered":"https:\/\/www.ferberpainting.com\/?post_type=product&#038;p=25296"},"modified":"2026-02-16T10:50:30","modified_gmt":"2026-02-16T09:50:30","slug":"slate-roof-water-repellent","status":"publish","type":"product","link":"https:\/\/www.ferberpainting.com\/hu\/products\/slate-roof-water-repellent\/","title":{"rendered":"V\u00edzleperget\u0151 bevonat pala tet\u0151re"},"content":{"rendered":"<p><strong><img decoding=\"async\" style=\"margin-right: 12px;\" src=\"https:\/\/www.ferberpainting.com\/wp-content\/uploads\/2026\/02\/Check.svg\" alt=\"\" width=\"18\" height=\"15\" \/>Optim\u00e1lis v\u00e9delem az id\u0151j\u00e1r\u00e1s ellen.<\/strong>\u00a0Ez a palatet\u0151 v\u00edzszigetel\u0151 speci\u00e1lisan \u00fagy lett kialak\u00edtva, hogy hossz\u00fa t\u00e1v\u00fa v\u00e9delmet ny\u00fajtson a besziv\u00e1rg\u00f3 v\u00edz \u00e9s a nedvess\u00e9g ellen. Fejlett formul\u00e1j\u00e1nak k\u00f6sz\u00f6nhet\u0151en ez a term\u00e9k m\u00e9lyen behatol a pala fel\u00fclet\u00e9be, l\u00e1thatatlan g\u00e1tat k\u00e9pezve, amely megakad\u00e1lyozza a v\u00edz besziv\u00e1rg\u00e1s\u00e1t, mik\u00f6zben a tet\u0151nek lehet\u0151v\u00e9 teszi a l\u00e9legz\u00e9st. Seg\u00edt meg\u0151rizni a palacserepek \u00e9ps\u00e9g\u00e9t, \u00e9s megakad\u00e1lyozza a rossz id\u0151j\u00e1r\u00e1s okozta k\u00e1rokat, mint p\u00e9ld\u00e1ul a fagy, a sziv\u00e1rg\u00e1s \u00e9s a pen\u00e9sz.<\/p>\n<p><strong><img decoding=\"async\" style=\"margin-right: 12px;\" src=\"https:\/\/www.ferberpainting.com\/wp-content\/uploads\/2026\/02\/Check.svg\" alt=\"\" width=\"18\" height=\"15\" \/>P\u00e9nzvisszafizet\u00e9si garancia.<\/strong>\u00a0B\u00edzunk a palatet\u0151 v\u00edzszigetel\u0151nk hat\u00e9konys\u00e1g\u00e1ban. Ha a haszn\u00e1lat ut\u00e1n nem teljesen el\u00e9gedett, teljes visszat\u00e9r\u00edt\u00e9st k\u00edn\u00e1lunk. Kock\u00e1zatmentesen tesztelheti a term\u00e9ket, \u00e9s nyugodt sz\u00edvvel v\u00e1s\u00e1rolhat, mert tudja, hogy visszat\u00e9r\u00edt\u00e9st kap, ha az eredm\u00e9ny nem felel meg az elv\u00e1r\u00e1sainak.<\/p>\n<p><strong><img decoding=\"async\" style=\"margin-right: 12px;\" src=\"https:\/\/www.ferberpainting.com\/wp-content\/uploads\/2026\/02\/Check.svg\" alt=\"\" width=\"18\" height=\"15\" \/>T\u00f6bbc\u00e9l\u00fa.<\/strong>\u00a0Ez a term\u00e9k rendk\u00edv\u00fcl sokoldal\u00fa, \u00e9s nem csak palatet\u0151n, hanem m\u00e1s anyagokon, p\u00e9ld\u00e1ul betonon, cementen, t\u00e9gl\u00e1n, habarcson \u00e9s m\u00e1s por\u00f3zus fel\u00fcleteken is haszn\u00e1lhat\u00f3. Hat\u00e9konys\u00e1ga nem korl\u00e1toz\u00f3dik a palacserepekre, \u00edgy kiv\u00e1l\u00f3 v\u00e1laszt\u00e1s a t\u00f6bbc\u00e9l\u00fa v\u00e9delemhez \u00e9s az eg\u00e9sz tet\u0151n egys\u00e9ges v\u00edzszigetel\u00e9s biztos\u00edt\u00e1s\u00e1hoz.<\/p>\n<p><strong><img decoding=\"async\" style=\"margin-right: 12px;\" src=\"https:\/\/www.ferberpainting.com\/wp-content\/uploads\/2026\/02\/Check.svg\" alt=\"\" width=\"18\" height=\"15\" \/>K\u00f6lts\u00e9ghat\u00e9kony.<\/strong>\u00a0Ez a palatet\u0151 v\u00edzszigetel\u0151 kiv\u00e1l\u00f3 fedetts\u00e9get biztos\u00edt. \u00c1tlagosan 1 liter term\u00e9k 6 \u00e9s 8 m\u00b2 k\u00f6z\u00f6tti ter\u00fcletet fed le, a cserepek porozit\u00e1s\u00e1t\u00f3l f\u00fcgg\u0151en. Egy 5 literes tart\u00e1ly k\u00f6r\u00fclbel\u00fcl 30-40 m\u00b2 tet\u0151fel\u00fcletet k\u00e9pes kezelni. Nagy hozama lehet\u0151v\u00e9 teszi nagy fel\u00fcletek kezel\u00e9s\u00e9t gyakori \u00fajrav\u00e1s\u00e1rl\u00e1s n\u00e9lk\u00fcl, \u00edgy k\u00f6lts\u00e9ghat\u00e9kony \u00e9s tart\u00f3s megold\u00e1s a tet\u0151 meg\u00f3v\u00e1s\u00e1ra.<\/p>\n<p><strong><img decoding=\"async\" style=\"margin-right: 12px;\" src=\"https:\/\/www.ferberpainting.com\/wp-content\/uploads\/2026\/02\/Check.svg\" alt=\"\" width=\"18\" height=\"15\" \/>Biztons\u00e1gosan haszn\u00e1lhat\u00f3.<\/strong>\u00a0A palatet\u0151 v\u00edzszigetel\u0151t \u00fagy tervezt\u00e9k, hogy biztons\u00e1gos legyen. Nem tartalmaz durva vegyi anyagokat, \u00e9s k\u00f6rnyezetbar\u00e1t. Biztons\u00e1gosan alkalmazhatja an\u00e9lk\u00fcl, hogy \u00d6n vagy m\u00e1sok eg\u00e9szs\u00e9g\u00e9t vesz\u00e9lyeztetn\u00e9. El\u0151vigy\u00e1zatoss\u00e1gb\u00f3l javasoljuk, hogy a felhord\u00e1s sor\u00e1n haszn\u00e1ljon keszty\u0171t \u00e9s v\u00e9d\u0151szem\u00fcveget, de az el\u0151\u00edr\u00e1s szerinti haszn\u00e1lat eset\u00e9n nincs jelent\u0151s kock\u00e1zat.<\/p>\n<p><strong><img decoding=\"async\" style=\"margin-right: 12px;\" src=\"https:\/\/www.ferberpainting.com\/wp-content\/uploads\/2026\/02\/Check.svg\" alt=\"\" width=\"18\" height=\"15\" \/>K\u00f6nnyen alkalmazhat\u00f3.<\/strong>\u00a0Ez a term\u00e9k haszn\u00e1latra k\u00e9sz, \u00edgy a folyamat gyors \u00e9s egyszer\u0171. Nincs sz\u00fcks\u00e9g h\u00edg\u00edt\u00e1sra vagy el\u0151k\u00e9sz\u00edt\u00e9sre - egyszer\u0171en permetezze, ecsetelje vagy g\u00f6rgesse k\u00f6zvetlen\u00fcl a tet\u0151re. Ez lehet\u0151v\u00e9 teszi a gyors \u00e9s f\u00e1rads\u00e1gmentes felhord\u00e1st, amely szakemberek \u00e9s bark\u00e1csol\u00f3k sz\u00e1m\u00e1ra egyar\u00e1nt alkalmas. A felhord\u00e1s egyenletes, \u00e9s nem hagy l\u00e1that\u00f3 nyomokat, tiszta \u00e9s eszt\u00e9tikus fel\u00fcletet biztos\u00edt.<\/p>\n<p><strong><img decoding=\"async\" style=\"margin-right: 12px;\" src=\"https:\/\/www.ferberpainting.com\/wp-content\/uploads\/2026\/02\/Check.svg\" alt=\"\" width=\"18\" height=\"15\" \/>Tart\u00f3ss\u00e1g.<\/strong>\u00a0A palatet\u0151 v\u00edzszigetel\u0151 hossz\u00fa t\u00e1v\u00fa v\u00e9delmet biztos\u00edt. A felhord\u00e1st k\u00f6vet\u0151en l\u00e1thatatlan g\u00e1tat k\u00e9pez, amely ellen\u00e1ll a nedvess\u00e9gnek, \u00e9s t\u00f6bb \u00e9ven \u00e1t v\u00e9dve tartja a tet\u0151t. Az id\u0151j\u00e1r\u00e1si k\u00f6r\u00fclm\u00e9nyekt\u0151l \u00e9s a kitetts\u00e9gt\u0151l f\u00fcgg\u0151en a v\u00e9delem 2 \u00e9s 5 \u00e9v k\u00f6z\u00f6tt lehet. Ez a tart\u00f3ss\u00e1g seg\u00edt cs\u00f6kkenteni a karbantart\u00e1st, \u00e9s biztos\u00edtja, hogy a tet\u0151 kiv\u00e1l\u00f3 \u00e1llapotban maradjon.<\/p>\n<p><strong><img decoding=\"async\" style=\"margin-right: 12px;\" src=\"https:\/\/www.ferberpainting.com\/wp-content\/uploads\/2026\/02\/Check.svg\" alt=\"\" width=\"18\" height=\"15\" \/>Gyors sz\u00e1rad\u00e1s \u00e9s hat\u00e1s.<\/strong>\u00a0A v\u00edzszigetel\u0151 gyorsan sz\u00e1rad \u00e9s gyorsan behatol a palacsemp\u00e9kbe. \u00c1ltal\u00e1ban a fel\u00fcletek 1-2 \u00f3r\u00e1n bel\u00fcl \u00e9rint\u00e9sre megsz\u00e1radnak, de az optim\u00e1lis teljes\u00edtm\u00e9ny \u00e9rdek\u00e9ben aj\u00e1nlott 24 \u00f3r\u00e1t v\u00e1rni, miel\u0151tt a tet\u0151t es\u0151nek vagy nedvess\u00e9gnek tenn\u00e9nk ki. Ez a gyors sz\u00e1rad\u00e1s seg\u00edt abban, hogy a kezelt fel\u00fcletet azonnal \u00fajra haszn\u00e1lhassa, \u00e9s biztos\u00edtja a hossz\u00fa t\u00e1v\u00fa v\u00edzszigetel\u00e9st.<\/p>\n<h2><strong>Haszn\u00e1lati protokoll<\/strong><\/h2>\n<ul>\n<li><strong>Fel\u00fclet el\u0151k\u00e9sz\u00edt\u00e9se <\/strong>: A v\u00edzszigetel\u0151 felhord\u00e1sa el\u0151tt gy\u0151z\u0151dj\u00f6n meg arr\u00f3l, hogy a fel\u00fclet tiszta \u00e9s sz\u00e1raz. Javasoljuk a tet\u0151 megtiszt\u00edt\u00e1s\u00e1t a szennyez\u0151d\u00e9sek, moha vagy t\u00f6rmel\u00e9k elt\u00e1vol\u00edt\u00e1sa \u00e9rdek\u00e9ben. Haszn\u00e1ljon sepr\u0171t, magasnyom\u00e1s\u00fa mos\u00f3t vagy kef\u00e9t a szennyez\u0151d\u00e9sek elt\u00e1vol\u00edt\u00e1s\u00e1hoz. Ha moha vagy zuzm\u00f3 van jelen, el\u0151zetesen speci\u00e1lis moh\u00e1tlan\u00edt\u00f3 kezel\u00e9st kell alkalmazni. Miut\u00e1n a tet\u0151t megtiszt\u00edtotta, a term\u00e9k felhord\u00e1sa el\u0151tt gy\u0151z\u0151dj\u00f6n meg arr\u00f3l, hogy teljesen sz\u00e1raz.<\/li>\n<li><strong>Term\u00e9k alkalmaz\u00e1sa <\/strong>: A palatet\u0151 v\u00edzszigetel\u0151 k\u00e9sz, nem kell h\u00edg\u00edtani. Permetez\u0151vel, hengerrel vagy ecsettel egyenletesen vigye fel a fel\u00fcletre. Ha permetez\u0151g\u00e9pet haszn\u00e1l, tartson kb. 30 cm t\u00e1vols\u00e1got, \u00e9s permetezze egyenletesen. Hengeres vagy ecsetes felhord\u00e1s eset\u00e9n \u00fcgyeljen arra, hogy egyenletesen bevonja az \u00f6sszes kezelend\u0151 ter\u00fcletet an\u00e9lk\u00fcl, hogy t\u00fals\u00e1gosan tel\u00edten\u00e9 a cserepeket. K\u00f6nny\u0171, egyenletes r\u00e9tegeket vigyen fel a kifoly\u00e1s elker\u00fcl\u00e9se \u00e9rdek\u00e9ben.<\/li>\n<li><strong>Felhaszn\u00e1land\u00f3 mennyis\u00e9g <\/strong>: A palacsempe porozit\u00e1s\u00e1t\u00f3l f\u00fcgg\u0151en 1 liter term\u00e9k \u00e1ltal\u00e1ban 6-8 m\u00b2 ter\u00fcletet fed le. Ez azt jelenti, hogy egy 5 literes tart\u00e1ly 30-40 m\u00b2 fel\u00fcletet k\u00e9pes kezelni. Ha a csemp\u00e9k nagyon por\u00f3zusak, vagy ha m\u00e1sodik r\u00e9teggel is fel k\u00edv\u00e1nja vinni, akkor a mennyis\u00e9get sz\u00fcks\u00e9g szerint igaz\u00edtsa ki. \u00c1ltal\u00e1nos szab\u00e1ly, hogy egy r\u00e9teg elegend\u0151 a hat\u00e9kony v\u00e9delemhez, de a fokozottan v\u00e9dett ter\u00fcleteken sz\u00fcks\u00e9g lehet egy m\u00e1sodik r\u00e9tegre is.<\/li>\n<li><strong>Sz\u00e1rad\u00e1si id\u0151 <\/strong>: A felhord\u00e1s ut\u00e1n a term\u00e9k gyorsan sz\u00e1rad. A fel\u00fcletek \u00e1ltal\u00e1ban 1-2 \u00f3ra alatt \u00e9rint\u00e9sre megsz\u00e1radnak. A teljes teljes\u00edtm\u00e9ny \u00e9rdek\u00e9ben hagyja a term\u00e9ket 24 \u00f3r\u00e1n \u00e1t teljesen megsz\u00e1radni, miel\u0151tt a tet\u0151t es\u0151nek vagy nedvess\u00e9gnek tenn\u00e9 ki. Ez biztos\u00edtja a v\u00edz besziv\u00e1rg\u00e1s\u00e1t megakad\u00e1lyoz\u00f3 hat\u00e9kony g\u00e1t kialakul\u00e1s\u00e1t.<\/li>\n<li><strong>\u00dajb\u00f3li alkalmaz\u00e1s <\/strong>: Az \u00e9ghajlati viszonyokt\u00f3l \u00e9s a term\u00e9szetes kop\u00e1st\u00f3l f\u00fcgg\u0151en 2-5 \u00e9vente sz\u00fcks\u00e9g lehet az \u00fajb\u00f3li alkalmaz\u00e1sra. Javasoljuk, hogy rendszeresen ellen\u0151rizze a tet\u0151t, \u00e9s ha a kop\u00e1s vagy a hat\u00e9konys\u00e1g cs\u00f6kken\u00e9s\u00e9nek jelei mutatkoznak, alkalmazza \u00fajra a term\u00e9ket. A m\u00e1sodik alkalmaz\u00e1s seg\u00edt fenntartani a tart\u00f3s v\u00e9delmet.<\/li>\n<li><strong>Karbantart\u00e1s <\/strong>: A felhord\u00e1s ut\u00e1n a tet\u0151 karbantart\u00e1sa egyszer\u0171. Tiszt\u00edtsa meg szappanos v\u00edzzel \u00e9s puha sepr\u0171vel vagy ronggyal a maradv\u00e1nyok elt\u00e1vol\u00edt\u00e1s\u00e1hoz. Ker\u00fclje a magasnyom\u00e1s\u00fa mos\u00f3k vagy durva k\u00e9miai tiszt\u00edt\u00f3szerek haszn\u00e1lat\u00e1t, amelyek k\u00e1ros\u00edthatj\u00e1k a v\u00e9d\u0151bevonatot. A k\u00edm\u00e9letes \u00e9s rendszeres karbantart\u00e1s seg\u00edt meg\u0151rizni a v\u00edzszigetel\u00e9s teljes\u00edtm\u00e9ny\u00e9t hossz\u00fa \u00e9veken kereszt\u00fcl.<\/li>\n<\/ul>","protected":false},"excerpt":{"rendered":"<p>Optimal protection against weather.\u00a0This slate roof waterproofer is specially formulated to provide long-lasting protection against water infiltration and humidity. Thanks to its advanced formula, this product deeply penetrates the surface of the slate, forming an invisible barrier that prevents water from seeping in while allowing the roof to breathe. It helps preserve the integrity of [&hellip;]<\/p>\n","protected":false},"featured_media":35987,"comment_status":"open","ping_status":"closed","template":"","meta":{"_uag_custom_page_level_css":"","site-sidebar-layout":"default","site-content-layout":"","ast-site-content-layout":"default","site-content-style":"default","site-sidebar-style":"default","ast-global-header-display":"","ast-banner-title-visibility":"","ast-main-header-display":"","ast-hfb-above-header-display":"","ast-hfb-below-header-display":"","ast-hfb-mobile-header-display":"","site-post-title":"","ast-breadcrumbs-content":"","ast-featured-img":"","footer-sml-layout":"","ast-disable-related-posts":"","theme-transparent-header-meta":"default","adv-header-id-meta":"","stick-header-meta":"","header-above-stick-meta":"","header-main-stick-meta":"","header-below-stick-meta":"","astra-migrate-meta-layouts":"set","ast-page-background-enabled":"default","ast-page-background-meta":{"desktop":{"background-color":"var(--ast-global-color-4)","background-image":"","background-repeat":"repeat","background-position":"center center","background-size":"auto","background-attachment":"scroll","background-type":"","background-media":"","overlay-type":"","overlay-color":"","overlay-opacity":"","overlay-gradient":""},"tablet":{"background-color":"","background-image":"","background-repeat":"repeat","background-position":"center center","background-size":"auto","background-attachment":"scroll","background-type":"","background-media":"","overlay-type":"","overlay-color":"","overlay-opacity":"","overlay-gradient":""},"mobile":{"background-color":"","background-image":"","background-repeat":"repeat","background-position":"center center","background-size":"auto","background-attachment":"scroll","background-type":"","background-media":"","overlay-type":"","overlay-color":"","overlay-opacity":"","overlay-gradient":""}},"ast-content-background-meta":{"desktop":{"background-color":"var(--ast-global-color-5)","background-image":"","background-repeat":"repeat","background-position":"center center","background-size":"auto","background-attachment":"scroll","background-type":"","background-media":"","overlay-type":"","overlay-color":"","overlay-opacity":"","overlay-gradient":""},"tablet":{"background-color":"var(--ast-global-color-5)","background-image":"","background-repeat":"repeat","background-position":"center center","background-size":"auto","background-attachment":"scroll","background-type":"","background-media":"","overlay-type":"","overlay-color":"","overlay-opacity":"","overlay-gradient":""},"mobile":{"background-color":"var(--ast-global-color-5)","background-image":"","background-repeat":"repeat","background-position":"center center","background-size":"auto","background-attachment":"scroll","background-type":"","background-media":"","overlay-type":"","overlay-color":"","overlay-opacity":"","overlay-gradient":""}}},"product_brand":[],"product_cat":[191],"product_tag":[],"class_list":{"0":"post-25309","1":"product","2":"type-product","3":"status-publish","4":"has-post-thumbnail","6":"product_cat-water-repellent","7":"desktop-align-left","8":"tablet-align-left","9":"mobile-align-left","11":"first","12":"instock","13":"sale","14":"shipping-taxable","15":"purchasable","16":"product-type-variable","17":"has-default-attributes"},"spectra_custom_meta":{"_visibility":["visible"],"_shopify_product_id":["9106642239733"],"_s2w_shopify_domain":["ferberpainting.myshopify.com"],"_shopify_variant_id":["46626378711285"],"_sku":[""],"_manage_stock":["no"],"total_sales":["5"],"_tax_status":["taxable"],"_tax_class":[""],"_backorders":["no"],"_sold_individually":["no"],"_virtual":["no"],"_downloadable":["no"],"_download_limit":["-1"],"_download_expiry":["-1"],"_stock":[null],"_stock_status":["instock"],"_wc_average_rating":["5.00"],"_wc_review_count":["10"],"_product_attributes":["a:1:{s:6:\"volume\";a:6:{s:4:\"name\";s:6:\"Volume\";s:5:\"value\";s:20:\"5 liters | 25 liters\";s:8:\"position\";i:1;s:10:\"is_visible\";i:0;s:12:\"is_variation\";i:1;s:11:\"is_taxonomy\";i:0;}}"],"_product_version":["10.5.1"],"wpse_downloadable_file_names":[""],"wpse_downloadable_file_urls":[""],"_edit_last":["1"],"_default_attributes":["a:1:{s:6:\"volume\";s:8:\"5 liters\";}"],"_edit_lock":["1771235292:1"],"_price":["29.90","129.90"],"merchant-center-availability":["yes"],"merchant-center-category":["503744"],"_thumbnail_id":["35987"],"_wp_page_template":["default"],"_product_image_gallery":["35989"],"site-sidebar-layout":["default"],"ast-site-content-layout":["default"],"site-content-style":["default"],"site-sidebar-style":["default"],"theme-transparent-header-meta":["default"],"_wc_rating_count":["a:1:{i:5;i:10;}"],"astra-migrate-meta-layouts":["set"],"_uag_css_file_name":["uag-css-25309.css"],"_elementor_page_assets":["a:0:{}"],"_uag_page_assets":["a:9:{s:3:\"css\";s:7133:\".uag-blocks-common-selector{z-index:var(--z-index-desktop) !important}@media(max-width: 976px){.uag-blocks-common-selector{z-index:var(--z-index-tablet) !important}}@media(max-width: 767px){.uag-blocks-common-selector{z-index:var(--z-index-mobile) !important}}.wp-block-uagb-image{display:flex}.wp-block-uagb-image__figure{position:relative;display:flex;flex-direction:column;max-width:100%;height:auto;margin:0}.wp-block-uagb-image__figure img{height:auto;display:flex;max-width:100%;transition:box-shadow .2s ease}.wp-block-uagb-image__figure>a{display:inline-block}.wp-block-uagb-image__figure figcaption{text-align:center;margin-top:.5em;margin-bottom:1em}.wp-block-uagb-image .components-placeholder.block-editor-media-placeholder .components-placeholder__instructions{align-self:center}.wp-block-uagb-image--align-left{text-align:left}.wp-block-uagb-image--align-right{text-align:right}.wp-block-uagb-image--align-center{text-align:center}.wp-block-uagb-image--align-full .wp-block-uagb-image__figure{margin-left:calc(50% - 50vw);margin-right:calc(50% - 50vw);max-width:100vw;width:100vw;height:auto}.wp-block-uagb-image--align-full .wp-block-uagb-image__figure img{height:auto;width:100% !important}.wp-block-uagb-image--align-wide .wp-block-uagb-image__figure img{height:auto;width:100%}.wp-block-uagb-image--layout-overlay__color-wrapper{position:absolute;left:0;top:0;right:0;bottom:0;opacity:.2;background:rgba(0,0,0,.5);transition:opacity .35s ease-in-out}.wp-block-uagb-image--layout-overlay-link{position:absolute;left:0;right:0;bottom:0;top:0}.wp-block-uagb-image--layout-overlay .wp-block-uagb-image__figure:hover .wp-block-uagb-image--layout-overlay__color-wrapper{opacity:1}.wp-block-uagb-image--layout-overlay__inner{position:absolute;left:15px;right:15px;bottom:15px;top:15px;display:flex;align-items:center;justify-content:center;flex-direction:column;border-color:#fff;transition:.35s ease-in-out}.wp-block-uagb-image--layout-overlay__inner.top-left,.wp-block-uagb-image--layout-overlay__inner.top-center,.wp-block-uagb-image--layout-overlay__inner.top-right{justify-content:flex-start}.wp-block-uagb-image--layout-overlay__inner.bottom-left,.wp-block-uagb-image--layout-overlay__inner.bottom-center,.wp-block-uagb-image--layout-overlay__inner.bottom-right{justify-content:flex-end}.wp-block-uagb-image--layout-overlay__inner.top-left,.wp-block-uagb-image--layout-overlay__inner.center-left,.wp-block-uagb-image--layout-overlay__inner.bottom-left{align-items:flex-start}.wp-block-uagb-image--layout-overlay__inner.top-right,.wp-block-uagb-image--layout-overlay__inner.center-right,.wp-block-uagb-image--layout-overlay__inner.bottom-right{align-items:flex-end}.wp-block-uagb-image--layout-overlay__inner .uagb-image-heading{color:#fff;transition:transform .35s,opacity .35s ease-in-out;transform:translate3d(0, 24px, 0);margin:0;line-height:1em}.wp-block-uagb-image--layout-overlay__inner .uagb-image-separator{width:30%;border-top-width:2px;border-top-color:#fff;border-top-style:solid;margin-bottom:10px;opacity:0;transition:transform .4s,opacity .4s ease-in-out;transform:translate3d(0, 30px, 0)}.wp-block-uagb-image--layout-overlay__inner .uagb-image-caption{opacity:0;overflow:visible;color:#fff;transition:transform .45s,opacity .45s ease-in-out;transform:translate3d(0, 35px, 0)}.wp-block-uagb-image--layout-overlay__inner:hover .uagb-image-heading,.wp-block-uagb-image--layout-overlay__inner:hover .uagb-image-separator,.wp-block-uagb-image--layout-overlay__inner:hover .uagb-image-caption{opacity:1;transform:translate3d(0, 0, 0)}.wp-block-uagb-image--effect-zoomin .wp-block-uagb-image__figure img,.wp-block-uagb-image--effect-zoomin .wp-block-uagb-image__figure .wp-block-uagb-image--layout-overlay__color-wrapper{transform:scale(1);transition:transform .35s ease-in-out}.wp-block-uagb-image--effect-zoomin .wp-block-uagb-image__figure:hover img,.wp-block-uagb-image--effect-zoomin .wp-block-uagb-image__figure:hover .wp-block-uagb-image--layout-overlay__color-wrapper{transform:scale(1.05)}.wp-block-uagb-image--effect-slide .wp-block-uagb-image__figure img,.wp-block-uagb-image--effect-slide .wp-block-uagb-image__figure .wp-block-uagb-image--layout-overlay__color-wrapper{width:calc(100% + 40px) !important;max-width:none !important;transform:translate3d(-40px, 0, 0);transition:transform .35s ease-in-out}.wp-block-uagb-image--effect-slide .wp-block-uagb-image__figure:hover img,.wp-block-uagb-image--effect-slide .wp-block-uagb-image__figure:hover .wp-block-uagb-image--layout-overlay__color-wrapper{transform:translate3d(0, 0, 0)}.wp-block-uagb-image--effect-grayscale img{filter:grayscale(0%);transition:.35s ease-in-out}.wp-block-uagb-image--effect-grayscale:hover img{filter:grayscale(100%)}.wp-block-uagb-image--effect-blur img{filter:blur(0);transition:.35s ease-in-out}.wp-block-uagb-image--effect-blur:hover img{filter:blur(3px)}.uagb-block-e6f939b3.wp-block-uagb-image--layout-default figure img{box-shadow: 0px 0px 0 #00000070;}.uagb-block-e6f939b3.wp-block-uagb-image .wp-block-uagb-image__figure figcaption{font-style: normal;align-self: center;}.uagb-block-e6f939b3.wp-block-uagb-image--layout-overlay figure img{box-shadow: 0px 0px 0 #00000070;}.uagb-block-e6f939b3.wp-block-uagb-image--layout-overlay .wp-block-uagb-image--layout-overlay__color-wrapper{opacity: 0.2;}.uagb-block-e6f939b3.wp-block-uagb-image--layout-overlay .wp-block-uagb-image--layout-overlay__inner{left: 15px;right: 15px;top: 15px;bottom: 15px;}.uagb-block-e6f939b3.wp-block-uagb-image--layout-overlay .wp-block-uagb-image--layout-overlay__inner .uagb-image-heading{font-style: normal;color: #fff;opacity: 1;}.uagb-block-e6f939b3.wp-block-uagb-image--layout-overlay .wp-block-uagb-image--layout-overlay__inner .uagb-image-heading a{color: #fff;}.uagb-block-e6f939b3.wp-block-uagb-image--layout-overlay .wp-block-uagb-image--layout-overlay__inner .uagb-image-caption{opacity: 0;}.uagb-block-e6f939b3.wp-block-uagb-image--layout-overlay .wp-block-uagb-image__figure:hover .wp-block-uagb-image--layout-overlay__color-wrapper{opacity: 1;}.uagb-block-e6f939b3.wp-block-uagb-image .wp-block-uagb-image--layout-overlay__inner .uagb-image-separator{width: 30%;border-top-width: 2px;border-top-color: #fff;opacity: 0;}.uagb-block-e6f939b3.wp-block-uagb-image .wp-block-uagb-image__figure img{width: px;height: auto;}.uagb-block-e6f939b3.wp-block-uagb-image .wp-block-uagb-image__figure:hover .wp-block-uagb-image--layout-overlay__inner .uagb-image-caption{opacity: 1;}.uagb-block-e6f939b3.wp-block-uagb-image .wp-block-uagb-image__figure:hover .wp-block-uagb-image--layout-overlay__inner .uagb-image-separator{opacity: 1;}.uagb-block-e6f939b3.wp-block-uagb-image--layout-default figure:hover img{box-shadow: 0px 0px 0 #00000070;}.uagb-block-e6f939b3.wp-block-uagb-image--layout-overlay figure:hover img{box-shadow: 0px 0px 0 #00000070;}@media only screen and (max-width: 976px) {.uagb-block-e6f939b3.wp-block-uagb-image .wp-block-uagb-image__figure img{width: px;height: auto;}}@media only screen and (max-width: 767px) {.uagb-block-e6f939b3.wp-block-uagb-image .wp-block-uagb-image__figure img{width: px;height: auto;}}\";s:2:\"js\";s:0:\"\";s:18:\"current_block_list\";a:13:{i:0;s:11:\"core\/search\";i:1;s:10:\"core\/group\";i:2;s:12:\"core\/heading\";i:3;s:17:\"core\/latest-posts\";i:4;s:20:\"core\/latest-comments\";i:5;s:13:\"core\/archives\";i:6;s:15:\"core\/categories\";i:7;s:14:\"core\/paragraph\";i:8;s:10:\"uagb\/image\";i:9;s:11:\"core\/spacer\";i:10;s:30:\"woocommerce\/product-categories\";i:11;s:10:\"core\/image\";i:12;s:14:\"core\/shortcode\";}s:8:\"uag_flag\";b:1;s:11:\"uag_version\";s:10:\"1777102217\";s:6:\"gfonts\";a:0:{}s:10:\"gfonts_url\";s:0:\"\";s:12:\"gfonts_files\";a:0:{}s:14:\"uag_faq_layout\";b:0;}"]},"uagb_featured_image_src":{"full":["https:\/\/www.ferberpainting.com\/wp-content\/uploads\/2025\/06\/Slate-Roof-Water-Repellent-5L.png",2560,2560,false],"thumbnail":["https:\/\/www.ferberpainting.com\/wp-content\/uploads\/2025\/06\/Slate-Roof-Water-Repellent-5L-150x150.png",150,150,true],"medium":["https:\/\/www.ferberpainting.com\/wp-content\/uploads\/2025\/06\/Slate-Roof-Water-Repellent-5L-300x300.png",300,300,true],"medium_large":["https:\/\/www.ferberpainting.com\/wp-content\/uploads\/2025\/06\/Slate-Roof-Water-Repellent-5L-768x768.png",768,768,true],"large":["https:\/\/www.ferberpainting.com\/wp-content\/uploads\/2025\/06\/Slate-Roof-Water-Repellent-5L-1024x1024.png",1024,1024,true],"1536x1536":["https:\/\/www.ferberpainting.com\/wp-content\/uploads\/2025\/06\/Slate-Roof-Water-Repellent-5L-1536x1536.png",1536,1536,true],"2048x2048":["https:\/\/www.ferberpainting.com\/wp-content\/uploads\/2025\/06\/Slate-Roof-Water-Repellent-5L-2048x2048.png",2048,2048,true],"trp-custom-language-flag":["https:\/\/www.ferberpainting.com\/wp-content\/uploads\/2025\/06\/Slate-Roof-Water-Repellent-5L-12x12.png",12,12,true],"woocommerce_thumbnail":["https:\/\/www.ferberpainting.com\/wp-content\/uploads\/2025\/06\/Slate-Roof-Water-Repellent-5L-300x300.png",300,300,true],"woocommerce_single":["https:\/\/www.ferberpainting.com\/wp-content\/uploads\/2025\/06\/Slate-Roof-Water-Repellent-5L-600x600.png",600,600,true],"woocommerce_gallery_thumbnail":["https:\/\/www.ferberpainting.com\/wp-content\/uploads\/2025\/06\/Slate-Roof-Water-Repellent-5L-100x100.png",100,100,true]},"uagb_author_info":{"display_name":"admin","author_link":"https:\/\/www.ferberpainting.com\/hu\/author\/"},"uagb_comment_info":10,"uagb_excerpt":"Optimal protection against weather.\u00a0This slate roof waterproofer is specially formulated to provide long-lasting protection against water infiltration and humidity. Thanks to its advanced formula, this product deeply penetrates the surface of the slate, forming an invisible barrier that prevents water from seeping in while allowing the roof to breathe. It helps preserve the integrity of&hellip;","_links":{"self":[{"href":"https:\/\/www.ferberpainting.com\/hu\/wp-json\/wp\/v2\/product\/25309","targetHints":{"allow":["GET"]}}],"collection":[{"href":"https:\/\/www.ferberpainting.com\/hu\/wp-json\/wp\/v2\/product"}],"about":[{"href":"https:\/\/www.ferberpainting.com\/hu\/wp-json\/wp\/v2\/types\/product"}],"replies":[{"embeddable":true,"href":"https:\/\/www.ferberpainting.com\/hu\/wp-json\/wp\/v2\/comments?post=25309"}],"version-history":[{"count":3,"href":"https:\/\/www.ferberpainting.com\/hu\/wp-json\/wp\/v2\/product\/25309\/revisions"}],"predecessor-version":[{"id":167299,"href":"https:\/\/www.ferberpainting.com\/hu\/wp-json\/wp\/v2\/product\/25309\/revisions\/167299"}],"wp:featuredmedia":[{"embeddable":true,"href":"https:\/\/www.ferberpainting.com\/hu\/wp-json\/wp\/v2\/media\/35987"}],"wp:attachment":[{"href":"https:\/\/www.ferberpainting.com\/hu\/wp-json\/wp\/v2\/media?parent=25309"}],"wp:term":[{"taxonomy":"product_brand","embeddable":true,"href":"https:\/\/www.ferberpainting.com\/hu\/wp-json\/wp\/v2\/product_brand?post=25309"},{"taxonomy":"product_cat","embeddable":true,"href":"https:\/\/www.ferberpainting.com\/hu\/wp-json\/wp\/v2\/product_cat?post=25309"},{"taxonomy":"product_tag","embeddable":true,"href":"https:\/\/www.ferberpainting.com\/hu\/wp-json\/wp\/v2\/product_tag?post=25309"}],"curies":[{"name":"wp","href":"https:\/\/api.w.org\/{rel}","templated":true}]}}