{"id":25306,"date":"2025-06-30T21:44:16","date_gmt":"2025-06-30T19:44:16","guid":{"rendered":"https:\/\/www.ferberpainting.com\/?post_type=product&#038;p=25296"},"modified":"2026-02-16T10:48:37","modified_gmt":"2026-02-16T09:48:37","slug":"slab-water-repellent","status":"publish","type":"product","link":"https:\/\/www.ferberpainting.com\/hu\/products\/slab-water-repellent\/","title":{"rendered":"V\u00edzszigetel\u00e9s f\u00f6d\u00e9mekhez"},"content":{"rendered":"<p><strong><img decoding=\"async\" style=\"margin-right: 12px;\" src=\"https:\/\/www.ferberpainting.com\/wp-content\/uploads\/2026\/02\/Check.svg\" alt=\"\" width=\"18\" height=\"15\" \/>Hat\u00e9kony v\u00e9delem a nedvess\u00e9g ellen.<\/strong>\u00a0A f\u00f6d\u00e9m v\u00edzszigetel\u0151t kifejezetten arra tervezt\u00e9k, hogy megv\u00e9dje a k\u00fcls\u0151 f\u00f6d\u00e9meket (betonb\u00f3l, cementb\u0151l vagy m\u00e1s anyagb\u00f3l) a nedvess\u00e9g, az es\u0151 \u00e9s a besziv\u00e1rg\u00e1s ellen. Ez a term\u00e9k m\u00e9lyen behatol, l\u00e1thatatlan g\u00e1tat hozva l\u00e9tre, amely megakad\u00e1lyozza a v\u00edz bejut\u00e1s\u00e1t, mik\u00f6zben a fel\u00fcletet l\u00e9legezni hagyja. Ez a kezel\u00e9s elengedhetetlen a f\u00f6d\u00e9mek integrit\u00e1s\u00e1nak meg\u0151rz\u00e9s\u00e9hez, k\u00fcl\u00f6n\u00f6sen azokn\u00e1l, amelyek ki vannak t\u00e9ve a zord id\u0151j\u00e1r\u00e1si k\u00f6r\u00fclm\u00e9nyeknek, mint p\u00e9ld\u00e1ul teraszok, j\u00e1rd\u00e1k vagy teraszok.<\/p>\n<p><strong><img decoding=\"async\" style=\"margin-right: 12px;\" src=\"https:\/\/www.ferberpainting.com\/wp-content\/uploads\/2026\/02\/Check.svg\" alt=\"\" width=\"18\" height=\"15\" \/>P\u00e9nzvisszafizet\u00e9si garancia.<\/strong>\u00a0A teljes el\u00e9gedetts\u00e9g biztos\u00edt\u00e1sa \u00e9rdek\u00e9ben el\u00e9gedetts\u00e9gi vagy visszat\u00e9r\u00edt\u00e9si garanci\u00e1t v\u00e1llalunk. Ha a f\u00f6d\u00e9m v\u00edzszigetel\u0151 haszn\u00e1lata ut\u00e1n nem teljesen el\u00e9gedett az eredm\u00e9nnyel, k\u00e9rheti a teljes visszat\u00e9r\u00edt\u00e9st. Ez az \u00edg\u00e9ret lehet\u0151v\u00e9 teszi, hogy teljes lelki nyugalommal tesztelje a term\u00e9ket.<\/p>\n<p><strong><img decoding=\"async\" style=\"margin-right: 12px;\" src=\"https:\/\/www.ferberpainting.com\/wp-content\/uploads\/2026\/02\/Check.svg\" alt=\"\" width=\"18\" height=\"15\" \/>T\u00f6bb fel\u00fcleten val\u00f3 kompatibilit\u00e1s.<\/strong>\u00a0A f\u00f6d\u00e9m v\u00edzszigetel\u0151 nemcsak betonlapok, hanem cementb\u0151l, k\u0151b\u0151l, habarcsb\u00f3l, t\u00e9gl\u00e1b\u00f3l \u00e9s m\u00e1s hasonl\u00f3 anyagokb\u00f3l k\u00e9sz\u00fclt fel\u00fcletek eset\u00e9n is alkalmazhat\u00f3. Legyen sz\u00f3 betonteraszr\u00f3l, k\u0151b\u0151l k\u00e9sz\u00fclt k\u00fclt\u00e9ri padl\u00f3r\u00f3l vagy teraszlapr\u00f3l, ez a term\u00e9k teljes v\u00e9delmet ny\u00fajt a nedvess\u00e9g \u00e9s az id\u0151j\u00e1r\u00e1s viszontags\u00e1gai ellen. Ez\u00e9rt ide\u00e1lis a k\u00fcl\u00f6nb\u00f6z\u0151 k\u00fclt\u00e9ri alkalmaz\u00e1sokhoz, biztos\u00edtva a padl\u00f3k \u00e9s f\u00f6d\u00e9mek meg\u0151rz\u00e9s\u00e9t.<\/p>\n<p><strong><img decoding=\"async\" style=\"margin-right: 12px;\" src=\"https:\/\/www.ferberpainting.com\/wp-content\/uploads\/2026\/02\/Check.svg\" alt=\"\" width=\"18\" height=\"15\" \/>Gazdas\u00e1gos.<\/strong>\u00a0Ez a term\u00e9k k\u00fcl\u00f6n\u00f6sen gazdas\u00e1gos a magas fed\u0151k\u00e9pess\u00e9g\u00e9nek k\u00f6sz\u00f6nhet\u0151en. A fel\u00fclet porozit\u00e1s\u00e1t\u00f3l f\u00fcgg\u0151en 1 liter f\u00f6d\u00e9m v\u00edzszigetel\u0151 anyag k\u00f6r\u00fclbel\u00fcl 6-8 m\u00b2-t fed le. Ez\u00e9rt egy 5 literes kiszerel\u00e9ssel 30-40 m\u00b2 fel\u00fcletet lehet kezelni, a f\u00f6d\u00e9m \u00e1llapot\u00e1t\u00f3l \u00e9s porozit\u00e1s\u00e1t\u00f3l f\u00fcgg\u0151en. Ilyen lefedetts\u00e9ggel nagy fel\u00fcletet v\u00e9dhet meg, mik\u00f6zben a term\u00e9k hat\u00e9kony \u00e9s \u00e9sszer\u0171 felhaszn\u00e1l\u00e1sa megmarad.<\/p>\n<p><strong><img decoding=\"async\" style=\"margin-right: 12px;\" src=\"https:\/\/www.ferberpainting.com\/wp-content\/uploads\/2026\/02\/Check.svg\" alt=\"\" width=\"18\" height=\"15\" \/>Biztons\u00e1gos.<\/strong>\u00a0A f\u00f6d\u00e9m v\u00edzszigetel\u0151je biztons\u00e1gos, nem m\u00e9rgez\u0151 \u00f6sszetev\u0151kb\u0151l \u00e1ll a felhaszn\u00e1l\u00f3k sz\u00e1m\u00e1ra. Nem tartalmaz durva vegyszereket, agressz\u00edv old\u00f3szereket vagy az eg\u00e9szs\u00e9gre vesz\u00e9lyes \u00f6sszetev\u0151ket. \u00cdgy h\u00e1ztart\u00e1si haszn\u00e1latra biztons\u00e1gos, \u00e9s a szok\u00e1sos haszn\u00e1lati \u00f3vint\u00e9zked\u00e9sek betart\u00e1s\u00e1val (keszty\u0171, a ter\u00fclet szell\u0151ztet\u00e9se) nyugodt sz\u00edvvel haszn\u00e1lhat\u00f3.<\/p>\n<p><strong><img decoding=\"async\" style=\"margin-right: 12px;\" src=\"https:\/\/www.ferberpainting.com\/wp-content\/uploads\/2026\/02\/Check.svg\" alt=\"\" width=\"18\" height=\"15\" \/>K\u00f6nnyen haszn\u00e1lhat\u00f3.<\/strong>\u00a0Ez a term\u00e9k haszn\u00e1latra k\u00e9sz, ami nagyban leegyszer\u0171s\u00edti az alkalmaz\u00e1s\u00e1t. Nem ig\u00e9nyel h\u00edg\u00edt\u00e1st, \u00edgy felbont\u00e1s ut\u00e1n azonnal felhaszn\u00e1lhat\u00f3. Egyszer\u0171en vigye fel a v\u00edzszigetel\u0151t permetez\u0151vel, ecsettel vagy hengerrel, \u00e9s az gyorsan behatol a fel\u00fcletbe. Az alkalmaz\u00e1s gyors, \u00e9s nem ig\u00e9nyel k\u00fcl\u00f6nleges k\u00e9szs\u00e9geket, \u00edgy a folyamat mindenki sz\u00e1m\u00e1ra el\u00e9rhet\u0151, m\u00e9g a kezd\u0151 bark\u00e1csol\u00f3k sz\u00e1m\u00e1ra is.<\/p>\n<p><strong><img decoding=\"async\" style=\"margin-right: 12px;\" src=\"https:\/\/www.ferberpainting.com\/wp-content\/uploads\/2026\/02\/Check.svg\" alt=\"\" width=\"18\" height=\"15\" \/>Tart\u00f3s.<\/strong>\u00a0A felhord\u00e1s ut\u00e1n a f\u00f6d\u00e9m v\u00edzszigetel\u0151je hossz\u00fa t\u00e1v\u00fa v\u00e9delmet ny\u00fajt. V\u00edz\u00e1ll\u00f3, tart\u00f3s \u00e9s ellen\u00e1ll\u00f3 g\u00e1tat k\u00e9pez a k\u00fcl\u00f6nb\u00f6z\u0151 id\u0151j\u00e1r\u00e1si k\u00f6r\u00fclm\u00e9nyekkel szemben. A term\u00e9k megv\u00e9di a f\u00f6d\u00e9meket a nedvess\u00e9gt\u0151l, a fr\u00f6ccsen\u0151 v\u00edzt\u0151l, a foltokt\u00f3l \u00e9s a pen\u00e9szed\u00e9st\u0151l. Ez a v\u00e9delem a haszn\u00e1latt\u00f3l \u00e9s az id\u0151j\u00e1r\u00e1si k\u00f6r\u00fclm\u00e9nyekt\u0151l f\u00fcgg\u0151en t\u00f6bb \u00e9vig is eltarthat, \u00edgy a k\u00fcls\u0151 fel\u00fcletek id\u0151vel kiv\u00e1l\u00f3 \u00e1llapotban maradhatnak.<\/p>\n<p><strong><img decoding=\"async\" style=\"margin-right: 12px;\" src=\"https:\/\/www.ferberpainting.com\/wp-content\/uploads\/2026\/02\/Check.svg\" alt=\"\" width=\"18\" height=\"15\" \/>Gyors sz\u00e1rad\u00e1s.<\/strong>\u00a0A f\u00f6d\u00e9m v\u00edzszigetel\u0151 anyag gyors sz\u00e1rad\u00e1s\u00e1r\u00f3l is ismert. A felhord\u00e1st k\u00f6vet\u0151en a term\u00e9k k\u00f6r\u00fclbel\u00fcl 1-2 \u00f3ra alatt sz\u00e1rad meg tapint\u00e1sra, \u00edgy a fel\u00fcletet gyorsabban haszn\u00e1lhatja. A teljes sz\u00e1rad\u00e1s \u00e9s a maxim\u00e1lis v\u00e9delem \u00e9rdek\u00e9ben azonban aj\u00e1nlott 24 \u00f3r\u00e1n \u00e1t sz\u00e1radni hagyni. Ez a gyors sz\u00e1rad\u00e1s biztos\u00edtja a kezelt terek gyorsabb haszn\u00e1lat\u00e1t, ami ide\u00e1lis k\u00fclt\u00e9ri k\u00f6rnyezetben.<\/p>\n<h2><strong>Haszn\u00e1lati protokoll<\/strong><\/h2>\n<ul>\n<li><strong>Fel\u00fclet el\u0151k\u00e9sz\u00edt\u00e9se <\/strong>: A v\u00edzszigetel\u0151 anyag felhord\u00e1sa el\u0151tt elengedhetetlen, hogy a f\u00f6d\u00e9mek tiszt\u00e1k, sz\u00e1razak \u00e9s szennyez\u0151d\u00e9sekt\u0151l, port\u00f3l, olajt\u00f3l vagy zs\u00edrt\u00f3l mentesek legyenek. Haszn\u00e1ljon sepr\u0171t, kef\u00e9t vagy nagynyom\u00e1s\u00fa tiszt\u00edt\u00f3szert a felgy\u00fclemlett szennyez\u0151d\u00e9sek elt\u00e1vol\u00edt\u00e1s\u00e1ra. Ha pen\u00e9sz- vagy rozsdafoltok vannak, tiszt\u00edtsa meg azokat a term\u00e9k felhord\u00e1sa el\u0151tt. Ha a fel\u00fclet tiszta, hagyja teljesen megsz\u00e1radni.<\/li>\n<li><strong>Term\u00e9k alkalmaz\u00e1sa <\/strong>: A f\u00f6d\u00e9m v\u00edzszigetel\u0151 k\u00e9sz, \u00e9s nem ig\u00e9nyel h\u00edg\u00edt\u00e1st. Az egyenletes fedetts\u00e9g \u00e9rdek\u00e9ben permetez\u0151vel, kisebb fel\u00fcletek eset\u00e9n ecsettel vagy hengerrel is felhordhat\u00f3. \u00dcgyeljen arra, hogy a term\u00e9ket j\u00f3l eloszlassa a fel\u00fcleten, \u00e9s az optim\u00e1lis v\u00e9delem \u00e9rdek\u00e9ben dolgozza be az illeszt\u00e9sekbe \u00e9s reped\u00e9sekbe. Fontos, hogy ne hagyjon kezeletlen ter\u00fcleteket.<\/li>\n<li><strong>Felhaszn\u00e1land\u00f3 mennyis\u00e9g <\/strong>: A f\u00f6d\u00e9mek porozit\u00e1s\u00e1t\u00f3l f\u00fcgg\u0151en 1 liter f\u00f6d\u00e9m v\u00edzszigetel\u0151 anyag k\u00f6r\u00fclbel\u00fcl 6-8 m\u00b2-t fed le. Egy 5 literes kiszerel\u00e9ssel 30 \u00e9s 40 m\u00b2 k\u00f6z\u00f6tti ter\u00fcletet lehet kezelni. Ha a f\u00f6d\u00e9mek k\u00fcl\u00f6n\u00f6sen por\u00f3zusak, az optim\u00e1lis v\u00e9delem \u00e9rdek\u00e9ben sz\u00fcks\u00e9g lehet egy m\u00e1sodik r\u00e9teg felhord\u00e1s\u00e1ra. Ebben az esetben \u00fcgyeljen a r\u00e9tegek k\u00f6z\u00f6tti sz\u00e1rad\u00e1si id\u0151k betart\u00e1s\u00e1ra.<\/li>\n<li><strong>Sz\u00e1rad\u00e1si id\u0151 <\/strong>: A felhord\u00e1s ut\u00e1n a v\u00edzszigetel\u0151 1-2 \u00f3ra alatt megsz\u00e1rad. A maxim\u00e1lis hat\u00e9konys\u00e1g \u00e9rdek\u00e9ben azonban aj\u00e1nlott 24 \u00f3r\u00e1n \u00e1t teljesen megsz\u00e1radni hagyni, miel\u0151tt a fel\u00fcletet nedvess\u00e9gnek vagy v\u00edznek kitenn\u00e9nk. Ez biztos\u00edtja, hogy a v\u00e9delem teljes m\u00e9rt\u00e9kben a hely\u00e9n legyen, \u00e9s k\u00e9szen \u00e1lljon a hossz\u00fa t\u00e1v\u00fa el\u0151ny\u00f6k biztos\u00edt\u00e1s\u00e1ra.<\/li>\n<li><strong>\u00dajb\u00f3li alkalmaz\u00e1s <\/strong>: Az id\u0151j\u00e1r\u00e1s viszontags\u00e1gainak \u00e9s a norm\u00e1l kop\u00e1snak val\u00f3 kitetts\u00e9gt\u0151l f\u00fcgg\u0151en 2-5 \u00e9vente sz\u00fcks\u00e9g lehet az \u00fajb\u00f3li alkalmaz\u00e1sra. Ehhez gondosan tiszt\u00edtsa meg a fel\u00fcletet, \u00e9s vigyen fel egy \u00faj r\u00e9teg v\u00edzszigetel\u0151t az els\u0151 alkalmaz\u00e1ssal megegyez\u0151 l\u00e9p\u00e9sekkel. A sz\u00fcks\u00e9g szerinti \u00fajb\u00f3li felhord\u00e1s seg\u00edt fenntartani a nedvess\u00e9gv\u00e9delmet.<\/li>\n<li><strong>A kezelt fel\u00fcletek karbantart\u00e1sa <\/strong>: Miut\u00e1n a v\u00edzszigetel\u0151t felhordt\u00e1k, nagyon k\u00f6nny\u0171 lesz karbantartani a f\u00f6d\u00e9meket. Egyszer\u0171en csak tiszt\u00edtsa meg \u0151ket egy nedves ruh\u00e1val vagy szivaccsal, hogy elt\u00e1vol\u00edtsa a szennyez\u0151d\u00e9seket an\u00e9lk\u00fcl, hogy a v\u00e9d\u0151r\u00e9teg megs\u00e9r\u00fclne. Ker\u00fclje a s\u00farol\u00f3 hat\u00e1s\u00fa tiszt\u00edt\u00f3szereket, amelyek cs\u00f6kkenthetik a v\u00edzszigetel\u0151 hat\u00e9konys\u00e1g\u00e1t.<\/li>\n<\/ul>","protected":false},"excerpt":{"rendered":"<p>Effective protection against moisture.\u00a0The slab waterproofer is specially designed to protect exterior slabs (in concrete, cement or other materials) against moisture, rain, and infiltration. This product penetrates deeply, creating an invisible barrier that prevents water from entering while allowing the surface to breathe. This treatment is essential to preserve the integrity of slabs, especially those [&hellip;]<\/p>\n","protected":false},"featured_media":35981,"comment_status":"open","ping_status":"closed","template":"","meta":{"_uag_custom_page_level_css":"","site-sidebar-layout":"default","site-content-layout":"","ast-site-content-layout":"default","site-content-style":"default","site-sidebar-style":"default","ast-global-header-display":"","ast-banner-title-visibility":"","ast-main-header-display":"","ast-hfb-above-header-display":"","ast-hfb-below-header-display":"","ast-hfb-mobile-header-display":"","site-post-title":"","ast-breadcrumbs-content":"","ast-featured-img":"","footer-sml-layout":"","ast-disable-related-posts":"","theme-transparent-header-meta":"default","adv-header-id-meta":"","stick-header-meta":"","header-above-stick-meta":"","header-main-stick-meta":"","header-below-stick-meta":"","astra-migrate-meta-layouts":"set","ast-page-background-enabled":"default","ast-page-background-meta":{"desktop":{"background-color":"var(--ast-global-color-4)","background-image":"","background-repeat":"repeat","background-position":"center center","background-size":"auto","background-attachment":"scroll","background-type":"","background-media":"","overlay-type":"","overlay-color":"","overlay-opacity":"","overlay-gradient":""},"tablet":{"background-color":"","background-image":"","background-repeat":"repeat","background-position":"center center","background-size":"auto","background-attachment":"scroll","background-type":"","background-media":"","overlay-type":"","overlay-color":"","overlay-opacity":"","overlay-gradient":""},"mobile":{"background-color":"","background-image":"","background-repeat":"repeat","background-position":"center center","background-size":"auto","background-attachment":"scroll","background-type":"","background-media":"","overlay-type":"","overlay-color":"","overlay-opacity":"","overlay-gradient":""}},"ast-content-background-meta":{"desktop":{"background-color":"var(--ast-global-color-5)","background-image":"","background-repeat":"repeat","background-position":"center center","background-size":"auto","background-attachment":"scroll","background-type":"","background-media":"","overlay-type":"","overlay-color":"","overlay-opacity":"","overlay-gradient":""},"tablet":{"background-color":"var(--ast-global-color-5)","background-image":"","background-repeat":"repeat","background-position":"center center","background-size":"auto","background-attachment":"scroll","background-type":"","background-media":"","overlay-type":"","overlay-color":"","overlay-opacity":"","overlay-gradient":""},"mobile":{"background-color":"var(--ast-global-color-5)","background-image":"","background-repeat":"repeat","background-position":"center center","background-size":"auto","background-attachment":"scroll","background-type":"","background-media":"","overlay-type":"","overlay-color":"","overlay-opacity":"","overlay-gradient":""}}},"product_brand":[],"product_cat":[191],"product_tag":[],"class_list":{"0":"post-25306","1":"product","2":"type-product","3":"status-publish","4":"has-post-thumbnail","6":"product_cat-water-repellent","7":"desktop-align-left","8":"tablet-align-left","9":"mobile-align-left","11":"first","12":"instock","13":"sale","14":"taxable","15":"shipping-taxable","16":"purchasable","17":"product-type-variable","18":"has-default-attributes"},"spectra_custom_meta":{"_visibility":["visible"],"_shopify_product_id":["9106655379701"],"_s2w_shopify_domain":["ferberpainting.myshopify.com"],"_shopify_variant_id":["46626400698613"],"_sku":[""],"_manage_stock":["no"],"total_sales":["8"],"_tax_status":["taxable"],"_tax_class":[""],"_backorders":["no"],"_sold_individually":["no"],"_virtual":["no"],"_downloadable":["no"],"_download_limit":["-1"],"_download_expiry":["-1"],"_stock":[null],"_stock_status":["instock"],"_wc_average_rating":["5.00"],"_wc_review_count":["27"],"_product_attributes":["a:1:{s:6:\"volume\";a:6:{s:4:\"name\";s:6:\"Volume\";s:5:\"value\";s:20:\"5 liters | 25 liters\";s:8:\"position\";i:1;s:10:\"is_visible\";i:0;s:12:\"is_variation\";i:1;s:11:\"is_taxonomy\";i:0;}}"],"_product_version":["10.5.1"],"wpse_downloadable_file_names":[""],"wpse_downloadable_file_urls":[""],"_edit_last":["1"],"_default_attributes":["a:1:{s:6:\"volume\";s:8:\"5 liters\";}"],"_edit_lock":["1774074564:7773"],"_price":["29.90","129.90"],"merchant-center-availability":["yes"],"merchant-center-category":["503744"],"_thumbnail_id":["35981"],"_wp_page_template":["default"],"_wp_old_date":["2025-05-26"],"_product_image_gallery":["35982"],"site-sidebar-layout":["default"],"ast-site-content-layout":["default"],"site-content-style":["default"],"site-sidebar-style":["default"],"theme-transparent-header-meta":["default"],"_wc_rating_count":["a:1:{i:5;i:27;}"],"astra-migrate-meta-layouts":["set"],"_uag_css_file_name":["uag-css-25306.css"],"_elementor_page_assets":["a:0:{}"],"_uag_page_assets":["a:9:{s:3:\"css\";s:7133:\".uag-blocks-common-selector{z-index:var(--z-index-desktop) !important}@media(max-width: 976px){.uag-blocks-common-selector{z-index:var(--z-index-tablet) !important}}@media(max-width: 767px){.uag-blocks-common-selector{z-index:var(--z-index-mobile) !important}}.wp-block-uagb-image{display:flex}.wp-block-uagb-image__figure{position:relative;display:flex;flex-direction:column;max-width:100%;height:auto;margin:0}.wp-block-uagb-image__figure img{height:auto;display:flex;max-width:100%;transition:box-shadow .2s ease}.wp-block-uagb-image__figure>a{display:inline-block}.wp-block-uagb-image__figure figcaption{text-align:center;margin-top:.5em;margin-bottom:1em}.wp-block-uagb-image .components-placeholder.block-editor-media-placeholder .components-placeholder__instructions{align-self:center}.wp-block-uagb-image--align-left{text-align:left}.wp-block-uagb-image--align-right{text-align:right}.wp-block-uagb-image--align-center{text-align:center}.wp-block-uagb-image--align-full .wp-block-uagb-image__figure{margin-left:calc(50% - 50vw);margin-right:calc(50% - 50vw);max-width:100vw;width:100vw;height:auto}.wp-block-uagb-image--align-full .wp-block-uagb-image__figure img{height:auto;width:100% !important}.wp-block-uagb-image--align-wide .wp-block-uagb-image__figure img{height:auto;width:100%}.wp-block-uagb-image--layout-overlay__color-wrapper{position:absolute;left:0;top:0;right:0;bottom:0;opacity:.2;background:rgba(0,0,0,.5);transition:opacity .35s ease-in-out}.wp-block-uagb-image--layout-overlay-link{position:absolute;left:0;right:0;bottom:0;top:0}.wp-block-uagb-image--layout-overlay .wp-block-uagb-image__figure:hover .wp-block-uagb-image--layout-overlay__color-wrapper{opacity:1}.wp-block-uagb-image--layout-overlay__inner{position:absolute;left:15px;right:15px;bottom:15px;top:15px;display:flex;align-items:center;justify-content:center;flex-direction:column;border-color:#fff;transition:.35s ease-in-out}.wp-block-uagb-image--layout-overlay__inner.top-left,.wp-block-uagb-image--layout-overlay__inner.top-center,.wp-block-uagb-image--layout-overlay__inner.top-right{justify-content:flex-start}.wp-block-uagb-image--layout-overlay__inner.bottom-left,.wp-block-uagb-image--layout-overlay__inner.bottom-center,.wp-block-uagb-image--layout-overlay__inner.bottom-right{justify-content:flex-end}.wp-block-uagb-image--layout-overlay__inner.top-left,.wp-block-uagb-image--layout-overlay__inner.center-left,.wp-block-uagb-image--layout-overlay__inner.bottom-left{align-items:flex-start}.wp-block-uagb-image--layout-overlay__inner.top-right,.wp-block-uagb-image--layout-overlay__inner.center-right,.wp-block-uagb-image--layout-overlay__inner.bottom-right{align-items:flex-end}.wp-block-uagb-image--layout-overlay__inner .uagb-image-heading{color:#fff;transition:transform .35s,opacity .35s ease-in-out;transform:translate3d(0, 24px, 0);margin:0;line-height:1em}.wp-block-uagb-image--layout-overlay__inner .uagb-image-separator{width:30%;border-top-width:2px;border-top-color:#fff;border-top-style:solid;margin-bottom:10px;opacity:0;transition:transform .4s,opacity .4s ease-in-out;transform:translate3d(0, 30px, 0)}.wp-block-uagb-image--layout-overlay__inner .uagb-image-caption{opacity:0;overflow:visible;color:#fff;transition:transform .45s,opacity .45s ease-in-out;transform:translate3d(0, 35px, 0)}.wp-block-uagb-image--layout-overlay__inner:hover .uagb-image-heading,.wp-block-uagb-image--layout-overlay__inner:hover .uagb-image-separator,.wp-block-uagb-image--layout-overlay__inner:hover .uagb-image-caption{opacity:1;transform:translate3d(0, 0, 0)}.wp-block-uagb-image--effect-zoomin .wp-block-uagb-image__figure img,.wp-block-uagb-image--effect-zoomin .wp-block-uagb-image__figure .wp-block-uagb-image--layout-overlay__color-wrapper{transform:scale(1);transition:transform .35s ease-in-out}.wp-block-uagb-image--effect-zoomin .wp-block-uagb-image__figure:hover img,.wp-block-uagb-image--effect-zoomin .wp-block-uagb-image__figure:hover .wp-block-uagb-image--layout-overlay__color-wrapper{transform:scale(1.05)}.wp-block-uagb-image--effect-slide .wp-block-uagb-image__figure img,.wp-block-uagb-image--effect-slide .wp-block-uagb-image__figure .wp-block-uagb-image--layout-overlay__color-wrapper{width:calc(100% + 40px) !important;max-width:none !important;transform:translate3d(-40px, 0, 0);transition:transform .35s ease-in-out}.wp-block-uagb-image--effect-slide .wp-block-uagb-image__figure:hover img,.wp-block-uagb-image--effect-slide .wp-block-uagb-image__figure:hover .wp-block-uagb-image--layout-overlay__color-wrapper{transform:translate3d(0, 0, 0)}.wp-block-uagb-image--effect-grayscale img{filter:grayscale(0%);transition:.35s ease-in-out}.wp-block-uagb-image--effect-grayscale:hover img{filter:grayscale(100%)}.wp-block-uagb-image--effect-blur img{filter:blur(0);transition:.35s ease-in-out}.wp-block-uagb-image--effect-blur:hover img{filter:blur(3px)}.uagb-block-e6f939b3.wp-block-uagb-image--layout-default figure img{box-shadow: 0px 0px 0 #00000070;}.uagb-block-e6f939b3.wp-block-uagb-image .wp-block-uagb-image__figure figcaption{font-style: normal;align-self: center;}.uagb-block-e6f939b3.wp-block-uagb-image--layout-overlay figure img{box-shadow: 0px 0px 0 #00000070;}.uagb-block-e6f939b3.wp-block-uagb-image--layout-overlay .wp-block-uagb-image--layout-overlay__color-wrapper{opacity: 0.2;}.uagb-block-e6f939b3.wp-block-uagb-image--layout-overlay .wp-block-uagb-image--layout-overlay__inner{left: 15px;right: 15px;top: 15px;bottom: 15px;}.uagb-block-e6f939b3.wp-block-uagb-image--layout-overlay .wp-block-uagb-image--layout-overlay__inner .uagb-image-heading{font-style: normal;color: #fff;opacity: 1;}.uagb-block-e6f939b3.wp-block-uagb-image--layout-overlay .wp-block-uagb-image--layout-overlay__inner .uagb-image-heading a{color: #fff;}.uagb-block-e6f939b3.wp-block-uagb-image--layout-overlay .wp-block-uagb-image--layout-overlay__inner .uagb-image-caption{opacity: 0;}.uagb-block-e6f939b3.wp-block-uagb-image--layout-overlay .wp-block-uagb-image__figure:hover .wp-block-uagb-image--layout-overlay__color-wrapper{opacity: 1;}.uagb-block-e6f939b3.wp-block-uagb-image .wp-block-uagb-image--layout-overlay__inner .uagb-image-separator{width: 30%;border-top-width: 2px;border-top-color: #fff;opacity: 0;}.uagb-block-e6f939b3.wp-block-uagb-image .wp-block-uagb-image__figure img{width: px;height: auto;}.uagb-block-e6f939b3.wp-block-uagb-image .wp-block-uagb-image__figure:hover .wp-block-uagb-image--layout-overlay__inner .uagb-image-caption{opacity: 1;}.uagb-block-e6f939b3.wp-block-uagb-image .wp-block-uagb-image__figure:hover .wp-block-uagb-image--layout-overlay__inner .uagb-image-separator{opacity: 1;}.uagb-block-e6f939b3.wp-block-uagb-image--layout-default figure:hover img{box-shadow: 0px 0px 0 #00000070;}.uagb-block-e6f939b3.wp-block-uagb-image--layout-overlay figure:hover img{box-shadow: 0px 0px 0 #00000070;}@media only screen and (max-width: 976px) {.uagb-block-e6f939b3.wp-block-uagb-image .wp-block-uagb-image__figure img{width: px;height: auto;}}@media only screen and (max-width: 767px) {.uagb-block-e6f939b3.wp-block-uagb-image .wp-block-uagb-image__figure img{width: px;height: auto;}}\";s:2:\"js\";s:0:\"\";s:18:\"current_block_list\";a:13:{i:0;s:11:\"core\/search\";i:1;s:10:\"core\/group\";i:2;s:12:\"core\/heading\";i:3;s:17:\"core\/latest-posts\";i:4;s:20:\"core\/latest-comments\";i:5;s:13:\"core\/archives\";i:6;s:15:\"core\/categories\";i:7;s:14:\"core\/paragraph\";i:8;s:10:\"uagb\/image\";i:9;s:11:\"core\/spacer\";i:10;s:30:\"woocommerce\/product-categories\";i:11;s:10:\"core\/image\";i:12;s:14:\"core\/shortcode\";}s:8:\"uag_flag\";b:1;s:11:\"uag_version\";s:10:\"1777259774\";s:6:\"gfonts\";a:0:{}s:10:\"gfonts_url\";s:0:\"\";s:12:\"gfonts_files\";a:0:{}s:14:\"uag_faq_layout\";b:0;}"]},"uagb_featured_image_src":{"full":["https:\/\/www.ferberpainting.com\/wp-content\/uploads\/2025\/05\/Slab-Water-Repellent-5L.png",2560,2560,false],"thumbnail":["https:\/\/www.ferberpainting.com\/wp-content\/uploads\/2025\/05\/Slab-Water-Repellent-5L-150x150.png",150,150,true],"medium":["https:\/\/www.ferberpainting.com\/wp-content\/uploads\/2025\/05\/Slab-Water-Repellent-5L-300x300.png",300,300,true],"medium_large":["https:\/\/www.ferberpainting.com\/wp-content\/uploads\/2025\/05\/Slab-Water-Repellent-5L-768x768.png",768,768,true],"large":["https:\/\/www.ferberpainting.com\/wp-content\/uploads\/2025\/05\/Slab-Water-Repellent-5L-1024x1024.png",1024,1024,true],"1536x1536":["https:\/\/www.ferberpainting.com\/wp-content\/uploads\/2025\/05\/Slab-Water-Repellent-5L-1536x1536.png",1536,1536,true],"2048x2048":["https:\/\/www.ferberpainting.com\/wp-content\/uploads\/2025\/05\/Slab-Water-Repellent-5L-2048x2048.png",2048,2048,true],"trp-custom-language-flag":["https:\/\/www.ferberpainting.com\/wp-content\/uploads\/2025\/05\/Slab-Water-Repellent-5L-12x12.png",12,12,true],"woocommerce_thumbnail":["https:\/\/www.ferberpainting.com\/wp-content\/uploads\/2025\/05\/Slab-Water-Repellent-5L-300x300.png",300,300,true],"woocommerce_single":["https:\/\/www.ferberpainting.com\/wp-content\/uploads\/2025\/05\/Slab-Water-Repellent-5L-600x600.png",600,600,true],"woocommerce_gallery_thumbnail":["https:\/\/www.ferberpainting.com\/wp-content\/uploads\/2025\/05\/Slab-Water-Repellent-5L-100x100.png",100,100,true]},"uagb_author_info":{"display_name":"admin","author_link":"https:\/\/www.ferberpainting.com\/hu\/author\/"},"uagb_comment_info":27,"uagb_excerpt":"Effective protection against moisture.\u00a0The slab waterproofer is specially designed to protect exterior slabs (in concrete, cement or other materials) against moisture, rain, and infiltration. This product penetrates deeply, creating an invisible barrier that prevents water from entering while allowing the surface to breathe. This treatment is essential to preserve the integrity of slabs, especially those&hellip;","_links":{"self":[{"href":"https:\/\/www.ferberpainting.com\/hu\/wp-json\/wp\/v2\/product\/25306","targetHints":{"allow":["GET"]}}],"collection":[{"href":"https:\/\/www.ferberpainting.com\/hu\/wp-json\/wp\/v2\/product"}],"about":[{"href":"https:\/\/www.ferberpainting.com\/hu\/wp-json\/wp\/v2\/types\/product"}],"replies":[{"embeddable":true,"href":"https:\/\/www.ferberpainting.com\/hu\/wp-json\/wp\/v2\/comments?post=25306"}],"version-history":[{"count":3,"href":"https:\/\/www.ferberpainting.com\/hu\/wp-json\/wp\/v2\/product\/25306\/revisions"}],"predecessor-version":[{"id":167294,"href":"https:\/\/www.ferberpainting.com\/hu\/wp-json\/wp\/v2\/product\/25306\/revisions\/167294"}],"wp:featuredmedia":[{"embeddable":true,"href":"https:\/\/www.ferberpainting.com\/hu\/wp-json\/wp\/v2\/media\/35981"}],"wp:attachment":[{"href":"https:\/\/www.ferberpainting.com\/hu\/wp-json\/wp\/v2\/media?parent=25306"}],"wp:term":[{"taxonomy":"product_brand","embeddable":true,"href":"https:\/\/www.ferberpainting.com\/hu\/wp-json\/wp\/v2\/product_brand?post=25306"},{"taxonomy":"product_cat","embeddable":true,"href":"https:\/\/www.ferberpainting.com\/hu\/wp-json\/wp\/v2\/product_cat?post=25306"},{"taxonomy":"product_tag","embeddable":true,"href":"https:\/\/www.ferberpainting.com\/hu\/wp-json\/wp\/v2\/product_tag?post=25306"}],"curies":[{"name":"wp","href":"https:\/\/api.w.org\/{rel}","templated":true}]}}