{"id":25299,"date":"2025-05-26T10:30:35","date_gmt":"2025-05-26T08:30:35","guid":{"rendered":"https:\/\/www.ferberpainting.com\/products\/silver-cleaner\/"},"modified":"2026-02-16T10:45:08","modified_gmt":"2026-02-16T09:45:08","slug":"silver-cleaner","status":"publish","type":"product","link":"https:\/\/www.ferberpainting.com\/hu\/products\/silver-cleaner\/","title":{"rendered":"Ez\u00fcsttiszt\u00edt\u00f3"},"content":{"rendered":"<p><strong><img decoding=\"async\" style=\"margin-right: 12px;\" src=\"https:\/\/www.ferberpainting.com\/wp-content\/uploads\/2026\/02\/Check.svg\" alt=\"\" width=\"18\" height=\"15\" \/>Azonnal helyre\u00e1ll\u00edtja az ez\u00fcst f\u00e9ny\u00e9t \u00e9s ragyog\u00e1s\u00e1t.<\/strong> Ez\u00fcst tiszt\u00edt\u00f3szer\u00fcnket kifejezetten arra fejlesztett\u00fck ki, hogy gyorsan \u00e9s hat\u00e9konyan t\u00e1vol\u00edtsa el a matt, oxid\u00e1lt \u00e9s matt fel\u00fcleteket az ez\u00fcstb\u0151l. \u00dajra\u00e9leszti az \u00e9kszerek, ev\u0151eszk\u00f6z\u00f6k, d\u00edszt\u00e1rgyak \u00e9s ez\u00fcstnem\u0171k eredeti f\u00e9ny\u00e9t an\u00e9lk\u00fcl, hogy k\u00e1ros\u00edtan\u00e1 a finom r\u00e9szleteket.<\/p>\n<p><strong><img decoding=\"async\" style=\"margin-right: 12px;\" src=\"https:\/\/www.ferberpainting.com\/wp-content\/uploads\/2026\/02\/Check.svg\" alt=\"\" width=\"18\" height=\"15\" \/>A leghat\u00e9konyabb ez\u00fcst tiszt\u00edt\u00f3 megold\u00e1s a piacon.<\/strong> Fejlett akt\u00edv formul\u00e1j\u00e1nak k\u00f6sz\u00f6nhet\u0151en ez a term\u00e9k behatol a matt\u00edt\u00f3 r\u00e9tegekbe, \u00e9s az oxid\u00e1ci\u00f3t a forr\u00e1sn\u00e1l oldja fel. M\u00e9lyen helyre\u00e1ll\u00edtja a f\u00e9nyess\u00e9get, ahelyett, hogy egyszer\u0171en kif\u00e9nyes\u00edten\u00e9 a fel\u00fcletet, \u00edgy hossz\u00fa t\u00e1v\u00fa eredm\u00e9nyt biztos\u00edt.<\/p>\n<p><strong><img decoding=\"async\" style=\"margin-right: 12px;\" src=\"https:\/\/www.ferberpainting.com\/wp-content\/uploads\/2026\/02\/Check.svg\" alt=\"\" width=\"18\" height=\"15\" \/>Verhetetlen \u00e1r.<\/strong> A professzion\u00e1lis ez\u00fcst tiszt\u00edt\u00e1si szolg\u00e1ltat\u00e1sok \u00e9s pr\u00e9mium term\u00e9kek dr\u00e1g\u00e1k lehetnek. Mi a legversenyk\u00e9pesebb \u00e1ron k\u00edn\u00e1lunk professzion\u00e1lis teljes\u00edtm\u00e9nyt, kiv\u00e9teles eredm\u00e9nyeket ny\u00fajtva megfizethet\u0151 \u00e1ron.<\/p>\n<p><strong><img decoding=\"async\" style=\"margin-right: 12px;\" src=\"https:\/\/www.ferberpainting.com\/wp-content\/uploads\/2026\/02\/Check.svg\" alt=\"\" width=\"18\" height=\"15\" \/>P\u00e9nzvisszafizet\u00e9si garancia a teljes bizalom\u00e9rt.<\/strong> B\u00edzunk az ez\u00fcst tiszt\u00edt\u00f3szer\u00fcnk teljes\u00edtm\u00e9ny\u00e9ben. Ha nem teljesen el\u00e9gedett az eredm\u00e9nnyel, p\u00e9nzvisszafizet\u00e9si garanci\u00e1t v\u00e1llalunk. Egyszer\u0171en l\u00e9pjen kapcsolatba vel\u00fcnk, \u00e9s mi visszat\u00e9r\u00edtj\u00fck a v\u00e9tel\u00e1rat.<\/p>\n<p><strong><img decoding=\"async\" style=\"margin-right: 12px;\" src=\"https:\/\/www.ferberpainting.com\/wp-content\/uploads\/2026\/02\/Check.svg\" alt=\"\" width=\"18\" height=\"15\" \/>Gyors, 24 \u00f3r\u00e1s sz\u00e1ll\u00edt\u00e1s az azonnali eredm\u00e9nyek\u00e9rt.<\/strong> Mindig 24 \u00f3r\u00e1s kisz\u00e1ll\u00edt\u00e1st biztos\u00edtunk, hogy \u00d6n gyorsan helyre\u00e1ll\u00edthassa ez\u00fcst t\u00e1rgyait, ak\u00e1r mindennapi haszn\u00e1latra, ak\u00e1r k\u00fcl\u00f6nleges alkalmakra, ak\u00e1r viszontelad\u00e1s c\u00e9lj\u00e1b\u00f3l.<\/p>\n<p><strong><img decoding=\"async\" style=\"margin-right: 12px;\" src=\"https:\/\/www.ferberpainting.com\/wp-content\/uploads\/2026\/02\/Check.svg\" alt=\"\" width=\"18\" height=\"15\" \/>Biztons\u00e1gos \u00e9s k\u00edm\u00e9letes az \u00e9rz\u00e9keny fel\u00fcleteken.<\/strong> Formul\u00e1nkat \u00fagy tervezt\u00fck, hogy hat\u00e9konyan tiszt\u00edtson an\u00e9lk\u00fcl, hogy megkarcoln\u00e1 vagy k\u00e1ros\u00edtan\u00e1 az ez\u00fcst fel\u00fcleteket. Tiszteletben tartja a finom v\u00e9seteket, bonyolult mint\u00e1kat \u00e9s t\u00f6r\u00e9keny \u00e9kszer foglalatokat.<\/p>\n<p><strong><img decoding=\"async\" style=\"margin-right: 12px;\" src=\"https:\/\/www.ferberpainting.com\/wp-content\/uploads\/2026\/02\/Check.svg\" alt=\"\" width=\"18\" height=\"15\" \/>Alkalmas t\u00f6bb ez\u00fcst t\u00e1rgyhoz.<\/strong> Ide\u00e1lis gy\u0171r\u0171kh\u00f6z, nyakl\u00e1ncokhoz, kark\u00f6t\u0151kh\u00f6z, f\u00fclbeval\u00f3khoz, ez\u00fcst ev\u0151eszk\u00f6z\u00f6kh\u00f6z, t\u00e1lc\u00e1khoz, gyertyatart\u00f3khoz, \u00e9rm\u00e9khez \u00e9s d\u00edszt\u00e1rgyakhoz.<\/p>\n<p><strong><img decoding=\"async\" style=\"margin-right: 12px;\" src=\"https:\/\/www.ferberpainting.com\/wp-content\/uploads\/2026\/02\/Check.svg\" alt=\"\" width=\"18\" height=\"15\" \/>Elt\u00e1vol\u00edtja az oxid\u00e1ci\u00f3t \u00e9s a fekete foltokat.<\/strong> Az ez\u00fcst term\u00e9szetes m\u00f3don reag\u00e1l a leveg\u0151ben l\u00e9v\u0151 k\u00e9nvegy\u00fcletekkel, \u00e9s s\u00f6t\u00e9t foltokat k\u00e9pez. Tiszt\u00edt\u00f3szer\u00fcnk elt\u00e1vol\u00edtja ezeket a foltokat, \u00e9s vissza\u00e1ll\u00edtja a term\u00e9szetes f\u00e9mes csillog\u00e1st.<\/p>\n<p><strong><img decoding=\"async\" style=\"margin-right: 12px;\" src=\"https:\/\/www.ferberpainting.com\/wp-content\/uploads\/2026\/02\/Check.svg\" alt=\"\" width=\"18\" height=\"15\" \/>K\u00f6nny\u0171 alkalmaz\u00e1s gyors m\u0171k\u00f6d\u00e9ssel.<\/strong> A term\u00e9k gyorsan m\u0171k\u00f6dik \u00e9s minim\u00e1lis er\u0151fesz\u00edt\u00e9st ig\u00e9nyel. A foltok m\u00e1r r\u00f6viddel a felhord\u00e1s ut\u00e1n elkezdenek felold\u00f3dni, cs\u00f6kkentve ezzel az intenz\u00edv pol\u00edroz\u00e1s sz\u00fcks\u00e9gess\u00e9g\u00e9t.<\/p>\n<p><strong><img decoding=\"async\" style=\"margin-right: 12px;\" src=\"https:\/\/www.ferberpainting.com\/wp-content\/uploads\/2026\/02\/Check.svg\" alt=\"\" width=\"18\" height=\"15\" \/>Hosszantart\u00f3 f\u00e9ny \u00e9s v\u00e9delem.<\/strong> A tiszt\u00edt\u00e1s ut\u00e1n a fel\u00fclet visszanyeri f\u00e9nyess\u00e9g\u00e9t \u00e9s megfelel\u0151 karbantart\u00e1s eset\u00e9n a j\u00f6v\u0151beni oxid\u00e1ci\u00f3val szembeni jobb ellen\u00e1ll\u00f3k\u00e9pess\u00e9g\u00e9t.<\/p>\n<h2><strong>Utas\u00edt\u00e1sok<\/strong><\/h2>\n<ul>\n<li>Tiszt\u00edt\u00e1s el\u0151tt gy\u0151z\u0151dj\u00f6n meg arr\u00f3l, hogy az ez\u00fcstt\u00e1rgy mentes a laza port\u00f3l vagy t\u00f6rmel\u00e9kt\u0151l.<\/li>\n<li>Haszn\u00e1lat el\u0151tt alaposan r\u00e1zza fel a flakont, hogy biztos\u00edtsa az egyenletes konzisztenci\u00e1t.<\/li>\n<li>Vigyen fel egy kis mennyis\u00e9g\u0171 ez\u00fcsttiszt\u00edt\u00f3t egy puha, tiszta ruh\u00e1ra vagy adott esetben k\u00f6zvetlen\u00fcl az ez\u00fcst fel\u00fclet\u00e9re.<\/li>\n<li>\u00d3vatosan, k\u00f6rk\u00f6r\u00f6s mozdulatokkal d\u00f6rzs\u00f6lje \u00e1t a fel\u00fcletet, k\u00fcl\u00f6n\u00f6s figyelmet ford\u00edtva a matt vagy oxid\u00e1lt ter\u00fcletekre.<\/li>\n<li>Hagyja a term\u00e9ket r\u00f6vid ideig hatni, \u00e1ltal\u00e1ban 1-3 percig, a mattul\u00e1s m\u00e9rt\u00e9k\u00e9t\u0151l f\u00fcgg\u0151en.<\/li>\n<li>Ne hagyja, hogy a term\u00e9k teljesen megsz\u00e1radjon a fel\u00fcleten.<\/li>\n<li>T\u00f6r\u00f6lje le a marad\u00e9kot egy tiszta, sz\u00e1raz ruh\u00e1val, hogy l\u00e1that\u00f3v\u00e1 v\u00e1ljon a visszanyert f\u00e9ny.<\/li>\n<li>Er\u0151sen matt\u00edtott t\u00e1rgyak eset\u00e9n sz\u00fcks\u00e9g eset\u00e9n ism\u00e9telje meg a kezel\u00e9st.<\/li>\n<li>R\u00e9szletes vagy grav\u00edrozott darabok eset\u00e9n puha ecsettel \u00f3vatosan dolgozza be a term\u00e9ket a kis r\u00e9sekbe.<\/li>\n<li>A tiszt\u00edt\u00e1s ut\u00e1n pol\u00edrozza le a t\u00e1rgyat mikrosz\u00e1las ruh\u00e1val a f\u00e9nyess\u00e9g fokoz\u00e1sa \u00e9s a marad\u00e9k marad\u00e9kok elt\u00e1vol\u00edt\u00e1sa \u00e9rdek\u00e9ben.<\/li>\n<li>\u00d6bl\u00edtse le v\u00edzzel, ha az adott alkalmaz\u00e1shoz aj\u00e1nlott, majd alaposan sz\u00e1r\u00edtsa meg a v\u00edzfoltok elker\u00fcl\u00e9se \u00e9rdek\u00e9ben.<\/li>\n<li>Ker\u00fclje a csiszol\u00f3anyagok vagy durva szersz\u00e1mok haszn\u00e1lat\u00e1t, amelyek megkarcolhatj\u00e1k az ez\u00fcst\u00f6t.<\/li>\n<li>Antik vagy nagy \u00e9rt\u00e9k\u0171 darabok kezel\u00e9se el\u0151tt tesztelje a term\u00e9ket egy kis, nem felt\u0171n\u0151 ter\u00fcleten.<\/li>\n<li>A term\u00e9ket szorosan lez\u00e1rva, h\u0171v\u00f6s, sz\u00e1raz, k\u00f6zvetlen napf\u00e9nyt\u0151l v\u00e9dett helyen t\u00e1rolja.<\/li>\n<li>Gyermekekt\u0151l elz\u00e1rva tartand\u00f3, \u00e9s haszn\u00e1lat k\u00f6zben ker\u00fclje a szemmel \u00e9s b\u0151rrel val\u00f3 \u00e9rintkez\u00e9st.<\/li>\n<li>A term\u00e9k kezel\u00e9se ut\u00e1n mosson kezet.<\/li>\n<li>Ne haszn\u00e1lja nem ez\u00fcst\u00f6s fel\u00fcleteken, kiv\u00e9ve, ha a kompatibilit\u00e1st meger\u0151s\u00edtett\u00e9k.<\/li>\n<\/ul>\n<p>A rendszeres karbantart\u00e1s ez\u00fcst tiszt\u00edt\u00f3szer\u00fcnkkel ragyog\u00f3an \u00e9s eleg\u00e1nsan fogja tartani a t\u00e1rgyait. A mattul\u00e1s hat\u00e9kony \u00e9s k\u00edm\u00e9letes elt\u00e1vol\u00edt\u00e1s\u00e1val helyre\u00e1ll\u00edtja az ez\u00fcst term\u00e9szetes sz\u00e9ps\u00e9g\u00e9t, mik\u00f6zben meg\u0151rzi annak finom r\u00e9szleteit \u00e9s szerkezeti integrit\u00e1s\u00e1t.<\/p>","protected":false},"excerpt":{"rendered":"<p>Restores brilliance and shine to silver instantly. Our silver cleaner is specially formulated to remove tarnish, oxidation, and dullness from silver surfaces quickly and effectively. It revives the original shine of jewelry, cutlery, decorative objects, and silverware without damaging delicate details. The most effective silver cleaning solution on the market. Thanks to its advanced active [&hellip;]<\/p>\n","protected":false},"featured_media":27174,"comment_status":"open","ping_status":"closed","template":"","meta":{"_uag_custom_page_level_css":"","site-sidebar-layout":"default","site-content-layout":"","ast-site-content-layout":"default","site-content-style":"default","site-sidebar-style":"default","ast-global-header-display":"","ast-banner-title-visibility":"","ast-main-header-display":"","ast-hfb-above-header-display":"","ast-hfb-below-header-display":"","ast-hfb-mobile-header-display":"","site-post-title":"","ast-breadcrumbs-content":"","ast-featured-img":"","footer-sml-layout":"","ast-disable-related-posts":"","theme-transparent-header-meta":"default","adv-header-id-meta":"","stick-header-meta":"","header-above-stick-meta":"","header-main-stick-meta":"","header-below-stick-meta":"","astra-migrate-meta-layouts":"set","ast-page-background-enabled":"default","ast-page-background-meta":{"desktop":{"background-color":"var(--ast-global-color-4)","background-image":"","background-repeat":"repeat","background-position":"center center","background-size":"auto","background-attachment":"scroll","background-type":"","background-media":"","overlay-type":"","overlay-color":"","overlay-opacity":"","overlay-gradient":""},"tablet":{"background-color":"","background-image":"","background-repeat":"repeat","background-position":"center center","background-size":"auto","background-attachment":"scroll","background-type":"","background-media":"","overlay-type":"","overlay-color":"","overlay-opacity":"","overlay-gradient":""},"mobile":{"background-color":"","background-image":"","background-repeat":"repeat","background-position":"center center","background-size":"auto","background-attachment":"scroll","background-type":"","background-media":"","overlay-type":"","overlay-color":"","overlay-opacity":"","overlay-gradient":""}},"ast-content-background-meta":{"desktop":{"background-color":"var(--ast-global-color-5)","background-image":"","background-repeat":"repeat","background-position":"center center","background-size":"auto","background-attachment":"scroll","background-type":"","background-media":"","overlay-type":"","overlay-color":"","overlay-opacity":"","overlay-gradient":""},"tablet":{"background-color":"var(--ast-global-color-5)","background-image":"","background-repeat":"repeat","background-position":"center center","background-size":"auto","background-attachment":"scroll","background-type":"","background-media":"","overlay-type":"","overlay-color":"","overlay-opacity":"","overlay-gradient":""},"mobile":{"background-color":"var(--ast-global-color-5)","background-image":"","background-repeat":"repeat","background-position":"center center","background-size":"auto","background-attachment":"scroll","background-type":"","background-media":"","overlay-type":"","overlay-color":"","overlay-opacity":"","overlay-gradient":""}}},"product_brand":[],"product_cat":[175],"product_tag":[],"class_list":{"0":"post-25299","1":"product","2":"type-product","3":"status-publish","4":"has-post-thumbnail","6":"product_cat-cleaning-products","7":"desktop-align-left","8":"tablet-align-left","9":"mobile-align-left","11":"first","12":"instock","13":"sale","14":"taxable","15":"shipping-taxable","16":"purchasable","17":"product-type-variable","18":"has-default-attributes"},"spectra_custom_meta":{"_visibility":["visible"],"_shopify_product_id":["9078951641333"],"_s2w_shopify_domain":["ferberpainting.myshopify.com"],"_shopify_variant_id":["46543039037685"],"_sku":[""],"_manage_stock":["no"],"total_sales":["203"],"_tax_status":["taxable"],"_tax_class":[""],"_backorders":["no"],"_sold_individually":["no"],"_virtual":["no"],"_downloadable":["no"],"_download_limit":["-1"],"_download_expiry":["-1"],"_stock":[null],"_stock_status":["instock"],"_wc_average_rating":["5.00"],"_wc_review_count":["40"],"_product_attributes":["a:1:{s:6:\"volume\";a:6:{s:4:\"name\";s:6:\"Volume\";s:5:\"value\";s:20:\"5 liters | 25 liters\";s:8:\"position\";i:1;s:10:\"is_visible\";i:0;s:12:\"is_variation\";i:1;s:11:\"is_taxonomy\";i:0;}}"],"_product_version":["10.5.1"],"_thumbnail_id":["27174"],"_product_image_gallery":["27178"],"wpse_downloadable_file_names":[""],"wpse_downloadable_file_urls":[""],"_edit_last":["1"],"_default_attributes":["a:1:{s:6:\"volume\";s:8:\"5 liters\";}"],"_edit_lock":["1771234973:1"],"merchant-center-availability":["yes"],"merchant-center-category":["4973"],"_wp_page_template":["default"],"site-sidebar-layout":["default"],"ast-site-content-layout":["default"],"site-content-style":["default"],"site-sidebar-style":["default"],"theme-transparent-header-meta":["default"],"_wc_rating_count":["a:1:{i:5;i:40;}"],"_price":["29.90","129.90"],"astra-migrate-meta-layouts":["set"],"_uag_css_file_name":["uag-css-25299.css"],"_elementor_page_assets":["a:0:{}"],"_uag_page_assets":["a:9:{s:3:\"css\";s:7133:\".uag-blocks-common-selector{z-index:var(--z-index-desktop) !important}@media(max-width: 976px){.uag-blocks-common-selector{z-index:var(--z-index-tablet) !important}}@media(max-width: 767px){.uag-blocks-common-selector{z-index:var(--z-index-mobile) !important}}.wp-block-uagb-image{display:flex}.wp-block-uagb-image__figure{position:relative;display:flex;flex-direction:column;max-width:100%;height:auto;margin:0}.wp-block-uagb-image__figure img{height:auto;display:flex;max-width:100%;transition:box-shadow .2s ease}.wp-block-uagb-image__figure>a{display:inline-block}.wp-block-uagb-image__figure figcaption{text-align:center;margin-top:.5em;margin-bottom:1em}.wp-block-uagb-image .components-placeholder.block-editor-media-placeholder .components-placeholder__instructions{align-self:center}.wp-block-uagb-image--align-left{text-align:left}.wp-block-uagb-image--align-right{text-align:right}.wp-block-uagb-image--align-center{text-align:center}.wp-block-uagb-image--align-full .wp-block-uagb-image__figure{margin-left:calc(50% - 50vw);margin-right:calc(50% - 50vw);max-width:100vw;width:100vw;height:auto}.wp-block-uagb-image--align-full .wp-block-uagb-image__figure img{height:auto;width:100% !important}.wp-block-uagb-image--align-wide .wp-block-uagb-image__figure img{height:auto;width:100%}.wp-block-uagb-image--layout-overlay__color-wrapper{position:absolute;left:0;top:0;right:0;bottom:0;opacity:.2;background:rgba(0,0,0,.5);transition:opacity .35s ease-in-out}.wp-block-uagb-image--layout-overlay-link{position:absolute;left:0;right:0;bottom:0;top:0}.wp-block-uagb-image--layout-overlay .wp-block-uagb-image__figure:hover .wp-block-uagb-image--layout-overlay__color-wrapper{opacity:1}.wp-block-uagb-image--layout-overlay__inner{position:absolute;left:15px;right:15px;bottom:15px;top:15px;display:flex;align-items:center;justify-content:center;flex-direction:column;border-color:#fff;transition:.35s ease-in-out}.wp-block-uagb-image--layout-overlay__inner.top-left,.wp-block-uagb-image--layout-overlay__inner.top-center,.wp-block-uagb-image--layout-overlay__inner.top-right{justify-content:flex-start}.wp-block-uagb-image--layout-overlay__inner.bottom-left,.wp-block-uagb-image--layout-overlay__inner.bottom-center,.wp-block-uagb-image--layout-overlay__inner.bottom-right{justify-content:flex-end}.wp-block-uagb-image--layout-overlay__inner.top-left,.wp-block-uagb-image--layout-overlay__inner.center-left,.wp-block-uagb-image--layout-overlay__inner.bottom-left{align-items:flex-start}.wp-block-uagb-image--layout-overlay__inner.top-right,.wp-block-uagb-image--layout-overlay__inner.center-right,.wp-block-uagb-image--layout-overlay__inner.bottom-right{align-items:flex-end}.wp-block-uagb-image--layout-overlay__inner .uagb-image-heading{color:#fff;transition:transform .35s,opacity .35s ease-in-out;transform:translate3d(0, 24px, 0);margin:0;line-height:1em}.wp-block-uagb-image--layout-overlay__inner .uagb-image-separator{width:30%;border-top-width:2px;border-top-color:#fff;border-top-style:solid;margin-bottom:10px;opacity:0;transition:transform .4s,opacity .4s ease-in-out;transform:translate3d(0, 30px, 0)}.wp-block-uagb-image--layout-overlay__inner .uagb-image-caption{opacity:0;overflow:visible;color:#fff;transition:transform .45s,opacity .45s ease-in-out;transform:translate3d(0, 35px, 0)}.wp-block-uagb-image--layout-overlay__inner:hover .uagb-image-heading,.wp-block-uagb-image--layout-overlay__inner:hover .uagb-image-separator,.wp-block-uagb-image--layout-overlay__inner:hover .uagb-image-caption{opacity:1;transform:translate3d(0, 0, 0)}.wp-block-uagb-image--effect-zoomin .wp-block-uagb-image__figure img,.wp-block-uagb-image--effect-zoomin .wp-block-uagb-image__figure .wp-block-uagb-image--layout-overlay__color-wrapper{transform:scale(1);transition:transform .35s ease-in-out}.wp-block-uagb-image--effect-zoomin .wp-block-uagb-image__figure:hover img,.wp-block-uagb-image--effect-zoomin .wp-block-uagb-image__figure:hover .wp-block-uagb-image--layout-overlay__color-wrapper{transform:scale(1.05)}.wp-block-uagb-image--effect-slide .wp-block-uagb-image__figure img,.wp-block-uagb-image--effect-slide .wp-block-uagb-image__figure .wp-block-uagb-image--layout-overlay__color-wrapper{width:calc(100% + 40px) !important;max-width:none !important;transform:translate3d(-40px, 0, 0);transition:transform .35s ease-in-out}.wp-block-uagb-image--effect-slide .wp-block-uagb-image__figure:hover img,.wp-block-uagb-image--effect-slide .wp-block-uagb-image__figure:hover .wp-block-uagb-image--layout-overlay__color-wrapper{transform:translate3d(0, 0, 0)}.wp-block-uagb-image--effect-grayscale img{filter:grayscale(0%);transition:.35s ease-in-out}.wp-block-uagb-image--effect-grayscale:hover img{filter:grayscale(100%)}.wp-block-uagb-image--effect-blur img{filter:blur(0);transition:.35s ease-in-out}.wp-block-uagb-image--effect-blur:hover img{filter:blur(3px)}.uagb-block-e6f939b3.wp-block-uagb-image--layout-default figure img{box-shadow: 0px 0px 0 #00000070;}.uagb-block-e6f939b3.wp-block-uagb-image .wp-block-uagb-image__figure figcaption{font-style: normal;align-self: center;}.uagb-block-e6f939b3.wp-block-uagb-image--layout-overlay figure img{box-shadow: 0px 0px 0 #00000070;}.uagb-block-e6f939b3.wp-block-uagb-image--layout-overlay .wp-block-uagb-image--layout-overlay__color-wrapper{opacity: 0.2;}.uagb-block-e6f939b3.wp-block-uagb-image--layout-overlay .wp-block-uagb-image--layout-overlay__inner{left: 15px;right: 15px;top: 15px;bottom: 15px;}.uagb-block-e6f939b3.wp-block-uagb-image--layout-overlay .wp-block-uagb-image--layout-overlay__inner .uagb-image-heading{font-style: normal;color: #fff;opacity: 1;}.uagb-block-e6f939b3.wp-block-uagb-image--layout-overlay .wp-block-uagb-image--layout-overlay__inner .uagb-image-heading a{color: #fff;}.uagb-block-e6f939b3.wp-block-uagb-image--layout-overlay .wp-block-uagb-image--layout-overlay__inner .uagb-image-caption{opacity: 0;}.uagb-block-e6f939b3.wp-block-uagb-image--layout-overlay .wp-block-uagb-image__figure:hover .wp-block-uagb-image--layout-overlay__color-wrapper{opacity: 1;}.uagb-block-e6f939b3.wp-block-uagb-image .wp-block-uagb-image--layout-overlay__inner .uagb-image-separator{width: 30%;border-top-width: 2px;border-top-color: #fff;opacity: 0;}.uagb-block-e6f939b3.wp-block-uagb-image .wp-block-uagb-image__figure img{width: px;height: auto;}.uagb-block-e6f939b3.wp-block-uagb-image .wp-block-uagb-image__figure:hover .wp-block-uagb-image--layout-overlay__inner .uagb-image-caption{opacity: 1;}.uagb-block-e6f939b3.wp-block-uagb-image .wp-block-uagb-image__figure:hover .wp-block-uagb-image--layout-overlay__inner .uagb-image-separator{opacity: 1;}.uagb-block-e6f939b3.wp-block-uagb-image--layout-default figure:hover img{box-shadow: 0px 0px 0 #00000070;}.uagb-block-e6f939b3.wp-block-uagb-image--layout-overlay figure:hover img{box-shadow: 0px 0px 0 #00000070;}@media only screen and (max-width: 976px) {.uagb-block-e6f939b3.wp-block-uagb-image .wp-block-uagb-image__figure img{width: px;height: auto;}}@media only screen and (max-width: 767px) {.uagb-block-e6f939b3.wp-block-uagb-image .wp-block-uagb-image__figure img{width: px;height: auto;}}\";s:2:\"js\";s:0:\"\";s:18:\"current_block_list\";a:13:{i:0;s:11:\"core\/search\";i:1;s:10:\"core\/group\";i:2;s:12:\"core\/heading\";i:3;s:17:\"core\/latest-posts\";i:4;s:20:\"core\/latest-comments\";i:5;s:13:\"core\/archives\";i:6;s:15:\"core\/categories\";i:7;s:14:\"core\/paragraph\";i:8;s:10:\"uagb\/image\";i:9;s:11:\"core\/spacer\";i:10;s:30:\"woocommerce\/product-categories\";i:11;s:10:\"core\/image\";i:12;s:14:\"core\/shortcode\";}s:8:\"uag_flag\";b:1;s:11:\"uag_version\";s:10:\"1777228716\";s:6:\"gfonts\";a:0:{}s:10:\"gfonts_url\";s:0:\"\";s:12:\"gfonts_files\";a:0:{}s:14:\"uag_faq_layout\";b:0;}"]},"uagb_featured_image_src":{"full":["https:\/\/www.ferberpainting.com\/wp-content\/uploads\/2025\/05\/SilverCleaner5L.png",2560,2560,false],"thumbnail":["https:\/\/www.ferberpainting.com\/wp-content\/uploads\/2025\/05\/SilverCleaner5L-150x150.png",150,150,true],"medium":["https:\/\/www.ferberpainting.com\/wp-content\/uploads\/2025\/05\/SilverCleaner5L-300x300.png",300,300,true],"medium_large":["https:\/\/www.ferberpainting.com\/wp-content\/uploads\/2025\/05\/SilverCleaner5L-768x768.png",768,768,true],"large":["https:\/\/www.ferberpainting.com\/wp-content\/uploads\/2025\/05\/SilverCleaner5L-1024x1024.png",1024,1024,true],"1536x1536":["https:\/\/www.ferberpainting.com\/wp-content\/uploads\/2025\/05\/SilverCleaner5L-1536x1536.png",1536,1536,true],"2048x2048":["https:\/\/www.ferberpainting.com\/wp-content\/uploads\/2025\/05\/SilverCleaner5L-2048x2048.png",2048,2048,true],"trp-custom-language-flag":["https:\/\/www.ferberpainting.com\/wp-content\/uploads\/2025\/05\/SilverCleaner5L-12x12.png",12,12,true],"woocommerce_thumbnail":["https:\/\/www.ferberpainting.com\/wp-content\/uploads\/2025\/05\/SilverCleaner5L-300x300.png",300,300,true],"woocommerce_single":["https:\/\/www.ferberpainting.com\/wp-content\/uploads\/2025\/05\/SilverCleaner5L-600x600.png",600,600,true],"woocommerce_gallery_thumbnail":["https:\/\/www.ferberpainting.com\/wp-content\/uploads\/2025\/05\/SilverCleaner5L-100x100.png",100,100,true]},"uagb_author_info":{"display_name":"admin","author_link":"https:\/\/www.ferberpainting.com\/hu\/author\/"},"uagb_comment_info":40,"uagb_excerpt":"Restores brilliance and shine to silver instantly. Our silver cleaner is specially formulated to remove tarnish, oxidation, and dullness from silver surfaces quickly and effectively. It revives the original shine of jewelry, cutlery, decorative objects, and silverware without damaging delicate details. The most effective silver cleaning solution on the market. Thanks to its advanced active&hellip;","_links":{"self":[{"href":"https:\/\/www.ferberpainting.com\/hu\/wp-json\/wp\/v2\/product\/25299","targetHints":{"allow":["GET"]}}],"collection":[{"href":"https:\/\/www.ferberpainting.com\/hu\/wp-json\/wp\/v2\/product"}],"about":[{"href":"https:\/\/www.ferberpainting.com\/hu\/wp-json\/wp\/v2\/types\/product"}],"replies":[{"embeddable":true,"href":"https:\/\/www.ferberpainting.com\/hu\/wp-json\/wp\/v2\/comments?post=25299"}],"version-history":[{"count":3,"href":"https:\/\/www.ferberpainting.com\/hu\/wp-json\/wp\/v2\/product\/25299\/revisions"}],"predecessor-version":[{"id":167287,"href":"https:\/\/www.ferberpainting.com\/hu\/wp-json\/wp\/v2\/product\/25299\/revisions\/167287"}],"wp:featuredmedia":[{"embeddable":true,"href":"https:\/\/www.ferberpainting.com\/hu\/wp-json\/wp\/v2\/media\/27174"}],"wp:attachment":[{"href":"https:\/\/www.ferberpainting.com\/hu\/wp-json\/wp\/v2\/media?parent=25299"}],"wp:term":[{"taxonomy":"product_brand","embeddable":true,"href":"https:\/\/www.ferberpainting.com\/hu\/wp-json\/wp\/v2\/product_brand?post=25299"},{"taxonomy":"product_cat","embeddable":true,"href":"https:\/\/www.ferberpainting.com\/hu\/wp-json\/wp\/v2\/product_cat?post=25299"},{"taxonomy":"product_tag","embeddable":true,"href":"https:\/\/www.ferberpainting.com\/hu\/wp-json\/wp\/v2\/product_tag?post=25299"}],"curies":[{"name":"wp","href":"https:\/\/api.w.org\/{rel}","templated":true}]}}