{"id":25296,"date":"2025-06-30T21:38:54","date_gmt":"2025-06-30T19:38:54","guid":{"rendered":"https:\/\/www.ferberpainting.com\/?post_type=product&#038;p=25296"},"modified":"2026-02-16T10:42:42","modified_gmt":"2026-02-16T09:42:42","slug":"shower-and-bathroom-water-repellent","status":"publish","type":"product","link":"https:\/\/www.ferberpainting.com\/hu\/products\/shower-and-bathroom-water-repellent\/","title":{"rendered":"V\u00edzleperget\u0151 szer zuhanyhoz \u00e9s f\u00fcrd\u0151szob\u00e1hoz"},"content":{"rendered":"<p><strong><img decoding=\"async\" style=\"margin-right: 12px;\" src=\"https:\/\/www.ferberpainting.com\/wp-content\/uploads\/2026\/02\/Check.svg\" alt=\"\" width=\"18\" height=\"15\" \/>Hosszantart\u00f3 v\u00e9delem a nedvess\u00e9g ellen.<\/strong>\u00a0A f\u00fcrd\u0151szobai \u00e9s zuhanyz\u00f3s v\u00edzszigetel\u0151t kifejezetten \u00fagy \u00e1ll\u00edtott\u00e1k \u00f6ssze, hogy optim\u00e1lis v\u00e9delmet ny\u00fajtson a nedvess\u00e9g, a pen\u00e9sz \u00e9s a fr\u00f6ccsen\u0151 v\u00edz ellen. Alkalmaz\u00e1sa l\u00e1thatatlan, m\u00e9gis rendk\u00edv\u00fcl hat\u00e9kony g\u00e1tat k\u00e9pez a fel\u00fcleteken, megakad\u00e1lyozva a v\u00edz behatol\u00e1s\u00e1t az anyagokba, mik\u00f6zben a fel\u00fclet l\u00e9legezni tud. Ez a term\u00e9k hat\u00e9konyan v\u00e9di a falakat, padl\u00f3kat \u00e9s fug\u00e1kat az \u00e1lland\u00f3an nedves k\u00f6rnyezetben, p\u00e9ld\u00e1ul a f\u00fcrd\u0151szob\u00e1kban \u00e9s zuhanyz\u00f3kban.<\/p>\n<p><strong><img decoding=\"async\" style=\"margin-right: 12px;\" src=\"https:\/\/www.ferberpainting.com\/wp-content\/uploads\/2026\/02\/Check.svg\" alt=\"\" width=\"18\" height=\"15\" \/>P\u00e9nzvisszafizet\u00e9si garancia.<\/strong>\u00a0B\u00edzunk f\u00fcrd\u0151szobai \u00e9s zuhanyz\u00f3s v\u00edzszigetel\u0151nk hat\u00e9konys\u00e1g\u00e1ban. Ez\u00e9rt k\u00edn\u00e1lunk el\u00e9gedetts\u00e9gi vagy visszat\u00e9r\u00edt\u00e9si garanci\u00e1t. Ha b\u00e1rmilyen okb\u00f3l kifoly\u00f3lag nem teljesen el\u00e9gedett a term\u00e9kkel, k\u00e9rheti a teljes visszat\u00e9r\u00edt\u00e9st. Ez a garancia lehet\u0151v\u00e9 teszi, hogy nyugodt sz\u00edvvel tesztelje term\u00e9k\u00fcnket, \u00e9s kock\u00e1zatmentesen \u00e9lvezze annak el\u0151nyeit.<\/p>\n<p><strong><img decoding=\"async\" style=\"margin-right: 12px;\" src=\"https:\/\/www.ferberpainting.com\/wp-content\/uploads\/2026\/02\/Check.svg\" alt=\"\" width=\"18\" height=\"15\" \/>T\u00f6bbc\u00e9l\u00fa.<\/strong>\u00a0Ez a term\u00e9k nem korl\u00e1toz\u00f3dik a klasszikus f\u00fcrd\u0151szobai \u00e9s zuhanyz\u00f3s fel\u00fcletekre, mint p\u00e9ld\u00e1ul a csempe - sz\u00e1mos anyaghoz, p\u00e9ld\u00e1ul betonhoz, cementhez, k\u0151h\u00f6z, m\u00e1rv\u00e1nyhoz, gipszhez, f\u00e1hoz \u00e9s sok m\u00e1s anyaghoz is haszn\u00e1lhat\u00f3. Ez a sokoldal\u00fas\u00e1g lehet\u0151v\u00e9 teszi, hogy a f\u00fcrd\u0151szob\u00e1ban \u00e9s a nedves helyis\u00e9gekben l\u00e9v\u0151 fel\u00fcletek sz\u00e9les sk\u00e1l\u00e1j\u00e1t kezelje. Legyen sz\u00f3 a padl\u00f3r\u00f3l vagy a fug\u00e1kr\u00f3l, a v\u00edzszigetel\u0151 hat\u00e9kony v\u00e9delmet ny\u00fajt a nedvess\u00e9g \u00e9s a foltok ellen. Ez\u00e1ltal teljes k\u00f6r\u0171 megold\u00e1st jelent a fel\u00fcletek meg\u00f3v\u00e1s\u00e1ra.<\/p>\n<p><strong><img decoding=\"async\" style=\"margin-right: 12px;\" src=\"https:\/\/www.ferberpainting.com\/wp-content\/uploads\/2026\/02\/Check.svg\" alt=\"\" width=\"18\" height=\"15\" \/>K\u00f6lts\u00e9ghat\u00e9kony.<\/strong>\u00a0A f\u00fcrd\u0151szobai \u00e9s zuhanyz\u00f3s v\u00edzszigetel\u0151 egy rendk\u00edv\u00fcl gazdas\u00e1gos term\u00e9k. \u00c1tlagosan 1 liter term\u00e9kkel 6 \u00e9s 8 m\u00b2 k\u00f6z\u00f6tti ter\u00fcletet lehet lefedni. Egy 5 literes kiszerel\u00e9ssel k\u00f6r\u00fclbel\u00fcl 30-40 m\u00b2 fel\u00fcletet kezelhet. Ez a nagy fedetts\u00e9g azt jelenti, hogy viszonylag kis mennyis\u00e9g\u0171 term\u00e9kkel nagy ter\u00fcletet kezelhet, \u00edgy ez a v\u00edzszigetel\u0151 gazdas\u00e1gos v\u00e1laszt\u00e1s az eg\u00e9sz h\u00e1z sz\u00e1m\u00e1ra.<\/p>\n<p><strong><img decoding=\"async\" style=\"margin-right: 12px;\" src=\"https:\/\/www.ferberpainting.com\/wp-content\/uploads\/2026\/02\/Check.svg\" alt=\"\" width=\"18\" height=\"15\" \/>Biztons\u00e1gosan haszn\u00e1lhat\u00f3.<\/strong>\u00a0A nem m\u00e9rgez\u0151 \u00f6sszetev\u0151kb\u0151l k\u00e9sz\u00fclt f\u00fcrd\u0151szobai \u00e9s zuhanyz\u00f3s v\u00edzszigetel\u0151 k\u00f6rnyezetbar\u00e1t \u00e9s biztons\u00e1gos az eg\u00e9szs\u00e9gre. N\u00e9h\u00e1ny durv\u00e1bb v\u00e9d\u0151szerrel ellent\u00e9tben nem tartalmaz mar\u00f3 vagy irrit\u00e1l\u00f3 old\u00f3szereket. A k\u00e9nyelem \u00e9s biztons\u00e1g \u00e9rdek\u00e9ben azonban mindig aj\u00e1nlott keszty\u0171t viselni \u00e9s a helyis\u00e9get j\u00f3l szell\u0151ztetni a felhord\u00e1s sor\u00e1n.<\/p>\n<p><strong><img decoding=\"async\" style=\"margin-right: 12px;\" src=\"https:\/\/www.ferberpainting.com\/wp-content\/uploads\/2026\/02\/Check.svg\" alt=\"\" width=\"18\" height=\"15\" \/>K\u00f6nny\u0171 haszn\u00e1lat.<\/strong>\u00a0A f\u00fcrd\u0151szobai \u00e9s zuhanyz\u00f3s v\u00edzszigetel\u0151t rendk\u00edv\u00fcl k\u00f6nny\u0171 alkalmazni. Haszn\u00e1latra k\u00e9sz \u00e9s nem ig\u00e9nyel h\u00edg\u00edt\u00e1st. Egyszer\u0171en csak vigye fel a term\u00e9ket k\u00f6zvetlen\u00fcl a tiszta, sz\u00e1raz fel\u00fcletre permetez\u0151vel, ecsettel vagy hengerrel. Gyorsan \u00e9s egyenletesen behatol, \u00e9s l\u00e1that\u00f3 nyomok vagy maradv\u00e1nyok h\u00e1trahagy\u00e1sa n\u00e9lk\u00fcl hoz l\u00e9tre v\u00e9d\u0151r\u00e9teget. Haszn\u00e1lat\u00e1hoz nincs sz\u00fcks\u00e9g k\u00fcl\u00f6nleges ismeretekre, \u00edgy ide\u00e1lis minden szint\u0171 bark\u00e1csol\u00f3 sz\u00e1m\u00e1ra.<\/p>\n<p><strong><img decoding=\"async\" style=\"margin-right: 12px;\" src=\"https:\/\/www.ferberpainting.com\/wp-content\/uploads\/2026\/02\/Check.svg\" alt=\"\" width=\"18\" height=\"15\" \/>Tart\u00f3ss\u00e1g.<\/strong>\u00a0Ez a term\u00e9k hossz\u00fa t\u00e1v\u00fa v\u00e9delmet garant\u00e1l. A felhord\u00e1s ut\u00e1n a v\u00edzszigetel\u0151 egy l\u00e1thatatlan r\u00e9teget k\u00e9pez, amely megv\u00e9di a fel\u00fcleteket a nedvess\u00e9gt\u0151l, a v\u00edzfr\u00f6ccsen\u00e9st\u0151l \u00e9s a pen\u00e9szed\u00e9st\u0151l. A helyis\u00e9g p\u00e1ratartalm\u00e1t\u00f3l f\u00fcgg\u0151en t\u00f6bb \u00e9vig is eltarthat. A f\u00fcrd\u0151szobai \u00e9s zuhanyz\u00f3s v\u00edzszigetel\u0151 ellen\u00e1ll a kem\u00e9ny p\u00e1ratartalomnak, \u00e9s hossz\u00fa t\u00e1von is hat\u00e9kony marad, \u00edgy elker\u00fclheti a gyakori \u00fajb\u00f3li felhord\u00e1st.<\/p>\n<p><strong><img decoding=\"async\" style=\"margin-right: 12px;\" src=\"https:\/\/www.ferberpainting.com\/wp-content\/uploads\/2026\/02\/Check.svg\" alt=\"\" width=\"18\" height=\"15\" \/>Gyorsan sz\u00e1rad\u00f3.<\/strong>\u00a0A f\u00fcrd\u0151szobai \u00e9s zuhanyz\u00f3s v\u00edzszigetel\u0151 gyorsan sz\u00e1rad. Az \u00e9rint\u00e9sre val\u00f3 sz\u00e1rad\u00e1si id\u0151 k\u00f6r\u00fclbel\u00fcl 1-2 \u00f3ra, ami minim\u00e1lisra cs\u00f6kkenti a ter\u00fclet haszn\u00e1lata el\u0151tti v\u00e1rakoz\u00e1si id\u0151t. Az optim\u00e1lis v\u00e9delem \u00e9rdek\u00e9ben aj\u00e1nlott 24 \u00f3r\u00e1n \u00e1t hagyni a term\u00e9ket teljesen megsz\u00e1radni, miel\u0151tt nedvess\u00e9gnek tenn\u00e9 ki. Ez a gyors sz\u00e1rad\u00e1si id\u0151 lehet\u0151v\u00e9 teszi, hogy a v\u00e9dett ter\u00fcleteket hamarabb haszn\u00e1lhassa, mik\u00f6zben tov\u00e1bbra is \u00e9lvezheti a hosszan tart\u00f3 v\u00e9delem el\u0151nyeit.<\/p>\n<h2><strong>Haszn\u00e1lati protokoll<\/strong><\/h2>\n<ul>\n<li><strong>Fel\u00fclet el\u0151k\u00e9sz\u00edt\u00e9se <\/strong>: A v\u00edzszigetel\u0151 felhord\u00e1sa el\u0151tt gy\u0151z\u0151dj\u00f6n meg arr\u00f3l, hogy a fel\u00fcletek tiszt\u00e1k, sz\u00e1razak, \u00e9s nem tartalmaznak szennyez\u0151d\u00e9seket, zs\u00edrt vagy pen\u00e9szt. Tiszt\u00edtsa meg a csemp\u00e9ket, fug\u00e1kat \u00e9s egy\u00e9b ter\u00fcleteket megfelel\u0151 term\u00e9kkel, majd \u00f6bl\u00edtse le j\u00f3l tiszta v\u00edzzel. A megfelel\u0151 tapad\u00e1s biztos\u00edt\u00e1sa \u00e9rdek\u00e9ben gy\u0151z\u0151dj\u00f6n meg arr\u00f3l, hogy a fel\u00fclet teljesen sz\u00e1raz, miel\u0151tt a v\u00edzszigetel\u0151t felhordja.<\/li>\n<li><strong>Term\u00e9k alkalmaz\u00e1sa <\/strong>: A v\u00edzszigetel\u0151 k\u00e9sz a haszn\u00e1latra. Felhordhat\u00f3 permetez\u0151vel, ecsettel vagy hengerrel. Az egyenletes felhord\u00e1s \u00e9rdek\u00e9ben permetezze vagy vigye fel a term\u00e9ket v\u00e9kony, egyenletes r\u00e9tegben a fel\u00fcletekre, a fug\u00e1kra \u00e9s a nedvess\u00e9gnek legink\u00e1bb kitett ter\u00fcletekre \u00f6sszpontos\u00edtva. Hagyja, hogy a term\u00e9k behatoljon az anyagokba an\u00e9lk\u00fcl, hogy t\u00falterheln\u00e9 azokat.<\/li>\n<li><strong>Felhaszn\u00e1land\u00f3 mennyis\u00e9g <\/strong>: \u00c1tlagosan 1 liter v\u00edzszigetel\u0151 6 \u00e9s 8 m\u00b2 k\u00f6z\u00f6tti ter\u00fcletet fed le. Egy 5 literes ed\u00e9nnyel k\u00f6r\u00fclbel\u00fcl 30-40 m\u00b2 fel\u00fcletet kezelhet. Ez azt jelenti, hogy viszonylag kis mennyis\u00e9g\u0171 term\u00e9kkel egy eg\u00e9sz f\u00fcrd\u0151szob\u00e1t kezelhet. A k\u00fcl\u00f6n\u00f6sen por\u00f3zus fel\u00fcletek eset\u00e9ben a v\u00e9delem meger\u0151s\u00edt\u00e9se \u00e9rdek\u00e9ben egy m\u00e1sodik r\u00e9teg is alkalmazhat\u00f3.<\/li>\n<li><strong>Sz\u00e1rad\u00e1si id\u0151 <\/strong>: A felhord\u00e1s ut\u00e1n hagyja a term\u00e9ket 1-2 \u00f3r\u00e1n kereszt\u00fcl megsz\u00e1radni. A maxim\u00e1lis hat\u00e9konys\u00e1g \u00e9rdek\u00e9ben \u00e9s a nedvess\u00e9ggel val\u00f3 \u00e9rintkez\u00e9s elker\u00fcl\u00e9se \u00e9rdek\u00e9ben azonban aj\u00e1nlott a term\u00e9ket 24 \u00f3r\u00e1n kereszt\u00fcl teljesen megsz\u00e1radni hagyni. Ez id\u0151 alatt ker\u00fclje a fel\u00fcletet a nedvess\u00e9gnek val\u00f3 kitetts\u00e9get, hogy a v\u00e9d\u0151r\u00e9teg megfelel\u0151 k\u00f6t\u00e9s\u00e9t biztos\u00edtsa.<\/li>\n<li><strong>\u00dajb\u00f3li alkalmaz\u00e1s <\/strong>: A haszn\u00e1latt\u00f3l \u00e9s a f\u00fcrd\u0151szoba vagy zuhanyz\u00f3 p\u00e1ratartalm\u00e1t\u00f3l f\u00fcgg\u0151en a v\u00e9delem fenntart\u00e1sa \u00e9rdek\u00e9ben a v\u00edzszigetel\u0151t 2-5 \u00e9vente \u00fajra kell kenni. Ehhez tiszt\u00edtsa meg a fel\u00fcletet, \u00e9s vigyen fel egy \u00faj r\u00e9teg v\u00edzszigetel\u0151t, az els\u0151 felhord\u00e1ssal megegyez\u0151 l\u00e9p\u00e9seket k\u00f6vetve.<\/li>\n<li><strong>Karbantart\u00e1s <\/strong>: A v\u00edzszigetel\u0151 felhord\u00e1sa ut\u00e1n a kezelt fel\u00fcletek karbantart\u00e1sa sokkal egyszer\u0171bb\u00e9 v\u00e1lik. Egyszer\u0171en csak tiszt\u00edtsa meg \u0151ket nedves ruh\u00e1val vagy szivaccsal, ker\u00fclve a s\u00farol\u00f3szereket, amelyek k\u00e1ros\u00edthatj\u00e1k a v\u00e9delmet. Ne haszn\u00e1ljon nagynyom\u00e1s\u00fa tiszt\u00edt\u00f3szereket a kezelt fel\u00fcleteken, hogy meg\u0151rizze a v\u00edzszigetel\u0151 hat\u00e9konys\u00e1g\u00e1t.<\/li>\n<\/ul>","protected":false},"excerpt":{"rendered":"<p>Long-lasting protection against humidity.\u00a0The bathroom and shower waterproofer is specially formulated to provide optimal protection against humidity, mold, and water splashes. Its application creates an invisible yet highly effective barrier on surfaces, preventing water from penetrating the materials while allowing the surface to breathe. This product effectively protects your walls, floors, and joints in constantly [&hellip;]<\/p>\n","protected":false},"featured_media":35973,"comment_status":"open","ping_status":"closed","template":"","meta":{"_uag_custom_page_level_css":"","site-sidebar-layout":"default","site-content-layout":"","ast-site-content-layout":"default","site-content-style":"default","site-sidebar-style":"default","ast-global-header-display":"","ast-banner-title-visibility":"","ast-main-header-display":"","ast-hfb-above-header-display":"","ast-hfb-below-header-display":"","ast-hfb-mobile-header-display":"","site-post-title":"","ast-breadcrumbs-content":"","ast-featured-img":"","footer-sml-layout":"","ast-disable-related-posts":"","theme-transparent-header-meta":"default","adv-header-id-meta":"","stick-header-meta":"","header-above-stick-meta":"","header-main-stick-meta":"","header-below-stick-meta":"","astra-migrate-meta-layouts":"set","ast-page-background-enabled":"default","ast-page-background-meta":{"desktop":{"background-color":"var(--ast-global-color-4)","background-image":"","background-repeat":"repeat","background-position":"center center","background-size":"auto","background-attachment":"scroll","background-type":"","background-media":"","overlay-type":"","overlay-color":"","overlay-opacity":"","overlay-gradient":""},"tablet":{"background-color":"","background-image":"","background-repeat":"repeat","background-position":"center center","background-size":"auto","background-attachment":"scroll","background-type":"","background-media":"","overlay-type":"","overlay-color":"","overlay-opacity":"","overlay-gradient":""},"mobile":{"background-color":"","background-image":"","background-repeat":"repeat","background-position":"center center","background-size":"auto","background-attachment":"scroll","background-type":"","background-media":"","overlay-type":"","overlay-color":"","overlay-opacity":"","overlay-gradient":""}},"ast-content-background-meta":{"desktop":{"background-color":"var(--ast-global-color-5)","background-image":"","background-repeat":"repeat","background-position":"center center","background-size":"auto","background-attachment":"scroll","background-type":"","background-media":"","overlay-type":"","overlay-color":"","overlay-opacity":"","overlay-gradient":""},"tablet":{"background-color":"var(--ast-global-color-5)","background-image":"","background-repeat":"repeat","background-position":"center center","background-size":"auto","background-attachment":"scroll","background-type":"","background-media":"","overlay-type":"","overlay-color":"","overlay-opacity":"","overlay-gradient":""},"mobile":{"background-color":"var(--ast-global-color-5)","background-image":"","background-repeat":"repeat","background-position":"center center","background-size":"auto","background-attachment":"scroll","background-type":"","background-media":"","overlay-type":"","overlay-color":"","overlay-opacity":"","overlay-gradient":""}}},"product_brand":[],"product_cat":[191],"product_tag":[],"class_list":{"0":"post-25296","1":"product","2":"type-product","3":"status-publish","4":"has-post-thumbnail","6":"product_cat-water-repellent","7":"desktop-align-left","8":"tablet-align-left","9":"mobile-align-left","11":"first","12":"instock","13":"sale","14":"shipping-taxable","15":"purchasable","16":"product-type-variable","17":"has-default-attributes"},"spectra_custom_meta":{"_visibility":["visible"],"_shopify_product_id":["9106653118709"],"_s2w_shopify_domain":["ferberpainting.myshopify.com"],"_shopify_variant_id":["46626393686261"],"_sku":[""],"_manage_stock":["no"],"total_sales":["341"],"_tax_status":["taxable"],"_tax_class":[""],"_backorders":["no"],"_sold_individually":["no"],"_virtual":["no"],"_downloadable":["no"],"_download_limit":["-1"],"_download_expiry":["-1"],"_stock":[null],"_stock_status":["instock"],"_wc_average_rating":["5.00"],"_wc_review_count":["11"],"_product_attributes":["a:1:{s:6:\"volume\";a:6:{s:4:\"name\";s:6:\"Volume\";s:5:\"value\";s:20:\"5 liters | 25 liters\";s:8:\"position\";i:1;s:10:\"is_visible\";i:0;s:12:\"is_variation\";i:1;s:11:\"is_taxonomy\";i:0;}}"],"_product_version":["10.5.1"],"wpse_downloadable_file_names":[""],"wpse_downloadable_file_urls":[""],"_edit_last":["1"],"_default_attributes":["a:1:{s:6:\"volume\";s:8:\"5 liters\";}"],"_edit_lock":["1773469220:7131"],"_price":["29.90","129.90"],"merchant-center-availability":["yes"],"merchant-center-category":["503744"],"_thumbnail_id":["35973"],"_wp_page_template":["default"],"_wp_old_date":["2025-05-26"],"_product_image_gallery":["35974"],"site-sidebar-layout":["default"],"ast-site-content-layout":["default"],"site-content-style":["default"],"site-sidebar-style":["default"],"theme-transparent-header-meta":["default"],"_wc_rating_count":["a:1:{i:5;i:11;}"],"astra-migrate-meta-layouts":["set"],"_uag_css_file_name":["uag-css-25296.css"],"_elementor_page_assets":["a:0:{}"],"_uag_page_assets":["a:9:{s:3:\"css\";s:7133:\".uag-blocks-common-selector{z-index:var(--z-index-desktop) !important}@media(max-width: 976px){.uag-blocks-common-selector{z-index:var(--z-index-tablet) !important}}@media(max-width: 767px){.uag-blocks-common-selector{z-index:var(--z-index-mobile) !important}}.wp-block-uagb-image{display:flex}.wp-block-uagb-image__figure{position:relative;display:flex;flex-direction:column;max-width:100%;height:auto;margin:0}.wp-block-uagb-image__figure img{height:auto;display:flex;max-width:100%;transition:box-shadow .2s ease}.wp-block-uagb-image__figure>a{display:inline-block}.wp-block-uagb-image__figure figcaption{text-align:center;margin-top:.5em;margin-bottom:1em}.wp-block-uagb-image .components-placeholder.block-editor-media-placeholder .components-placeholder__instructions{align-self:center}.wp-block-uagb-image--align-left{text-align:left}.wp-block-uagb-image--align-right{text-align:right}.wp-block-uagb-image--align-center{text-align:center}.wp-block-uagb-image--align-full .wp-block-uagb-image__figure{margin-left:calc(50% - 50vw);margin-right:calc(50% - 50vw);max-width:100vw;width:100vw;height:auto}.wp-block-uagb-image--align-full .wp-block-uagb-image__figure img{height:auto;width:100% !important}.wp-block-uagb-image--align-wide .wp-block-uagb-image__figure img{height:auto;width:100%}.wp-block-uagb-image--layout-overlay__color-wrapper{position:absolute;left:0;top:0;right:0;bottom:0;opacity:.2;background:rgba(0,0,0,.5);transition:opacity .35s ease-in-out}.wp-block-uagb-image--layout-overlay-link{position:absolute;left:0;right:0;bottom:0;top:0}.wp-block-uagb-image--layout-overlay .wp-block-uagb-image__figure:hover .wp-block-uagb-image--layout-overlay__color-wrapper{opacity:1}.wp-block-uagb-image--layout-overlay__inner{position:absolute;left:15px;right:15px;bottom:15px;top:15px;display:flex;align-items:center;justify-content:center;flex-direction:column;border-color:#fff;transition:.35s ease-in-out}.wp-block-uagb-image--layout-overlay__inner.top-left,.wp-block-uagb-image--layout-overlay__inner.top-center,.wp-block-uagb-image--layout-overlay__inner.top-right{justify-content:flex-start}.wp-block-uagb-image--layout-overlay__inner.bottom-left,.wp-block-uagb-image--layout-overlay__inner.bottom-center,.wp-block-uagb-image--layout-overlay__inner.bottom-right{justify-content:flex-end}.wp-block-uagb-image--layout-overlay__inner.top-left,.wp-block-uagb-image--layout-overlay__inner.center-left,.wp-block-uagb-image--layout-overlay__inner.bottom-left{align-items:flex-start}.wp-block-uagb-image--layout-overlay__inner.top-right,.wp-block-uagb-image--layout-overlay__inner.center-right,.wp-block-uagb-image--layout-overlay__inner.bottom-right{align-items:flex-end}.wp-block-uagb-image--layout-overlay__inner .uagb-image-heading{color:#fff;transition:transform .35s,opacity .35s ease-in-out;transform:translate3d(0, 24px, 0);margin:0;line-height:1em}.wp-block-uagb-image--layout-overlay__inner .uagb-image-separator{width:30%;border-top-width:2px;border-top-color:#fff;border-top-style:solid;margin-bottom:10px;opacity:0;transition:transform .4s,opacity .4s ease-in-out;transform:translate3d(0, 30px, 0)}.wp-block-uagb-image--layout-overlay__inner .uagb-image-caption{opacity:0;overflow:visible;color:#fff;transition:transform .45s,opacity .45s ease-in-out;transform:translate3d(0, 35px, 0)}.wp-block-uagb-image--layout-overlay__inner:hover .uagb-image-heading,.wp-block-uagb-image--layout-overlay__inner:hover .uagb-image-separator,.wp-block-uagb-image--layout-overlay__inner:hover .uagb-image-caption{opacity:1;transform:translate3d(0, 0, 0)}.wp-block-uagb-image--effect-zoomin .wp-block-uagb-image__figure img,.wp-block-uagb-image--effect-zoomin .wp-block-uagb-image__figure .wp-block-uagb-image--layout-overlay__color-wrapper{transform:scale(1);transition:transform .35s ease-in-out}.wp-block-uagb-image--effect-zoomin .wp-block-uagb-image__figure:hover img,.wp-block-uagb-image--effect-zoomin .wp-block-uagb-image__figure:hover .wp-block-uagb-image--layout-overlay__color-wrapper{transform:scale(1.05)}.wp-block-uagb-image--effect-slide .wp-block-uagb-image__figure img,.wp-block-uagb-image--effect-slide .wp-block-uagb-image__figure .wp-block-uagb-image--layout-overlay__color-wrapper{width:calc(100% + 40px) !important;max-width:none !important;transform:translate3d(-40px, 0, 0);transition:transform .35s ease-in-out}.wp-block-uagb-image--effect-slide .wp-block-uagb-image__figure:hover img,.wp-block-uagb-image--effect-slide .wp-block-uagb-image__figure:hover .wp-block-uagb-image--layout-overlay__color-wrapper{transform:translate3d(0, 0, 0)}.wp-block-uagb-image--effect-grayscale img{filter:grayscale(0%);transition:.35s ease-in-out}.wp-block-uagb-image--effect-grayscale:hover img{filter:grayscale(100%)}.wp-block-uagb-image--effect-blur img{filter:blur(0);transition:.35s ease-in-out}.wp-block-uagb-image--effect-blur:hover img{filter:blur(3px)}.uagb-block-e6f939b3.wp-block-uagb-image--layout-default figure img{box-shadow: 0px 0px 0 #00000070;}.uagb-block-e6f939b3.wp-block-uagb-image .wp-block-uagb-image__figure figcaption{font-style: normal;align-self: center;}.uagb-block-e6f939b3.wp-block-uagb-image--layout-overlay figure img{box-shadow: 0px 0px 0 #00000070;}.uagb-block-e6f939b3.wp-block-uagb-image--layout-overlay .wp-block-uagb-image--layout-overlay__color-wrapper{opacity: 0.2;}.uagb-block-e6f939b3.wp-block-uagb-image--layout-overlay .wp-block-uagb-image--layout-overlay__inner{left: 15px;right: 15px;top: 15px;bottom: 15px;}.uagb-block-e6f939b3.wp-block-uagb-image--layout-overlay .wp-block-uagb-image--layout-overlay__inner .uagb-image-heading{font-style: normal;color: #fff;opacity: 1;}.uagb-block-e6f939b3.wp-block-uagb-image--layout-overlay .wp-block-uagb-image--layout-overlay__inner .uagb-image-heading a{color: #fff;}.uagb-block-e6f939b3.wp-block-uagb-image--layout-overlay .wp-block-uagb-image--layout-overlay__inner .uagb-image-caption{opacity: 0;}.uagb-block-e6f939b3.wp-block-uagb-image--layout-overlay .wp-block-uagb-image__figure:hover .wp-block-uagb-image--layout-overlay__color-wrapper{opacity: 1;}.uagb-block-e6f939b3.wp-block-uagb-image .wp-block-uagb-image--layout-overlay__inner .uagb-image-separator{width: 30%;border-top-width: 2px;border-top-color: #fff;opacity: 0;}.uagb-block-e6f939b3.wp-block-uagb-image .wp-block-uagb-image__figure img{width: px;height: auto;}.uagb-block-e6f939b3.wp-block-uagb-image .wp-block-uagb-image__figure:hover .wp-block-uagb-image--layout-overlay__inner .uagb-image-caption{opacity: 1;}.uagb-block-e6f939b3.wp-block-uagb-image .wp-block-uagb-image__figure:hover .wp-block-uagb-image--layout-overlay__inner .uagb-image-separator{opacity: 1;}.uagb-block-e6f939b3.wp-block-uagb-image--layout-default figure:hover img{box-shadow: 0px 0px 0 #00000070;}.uagb-block-e6f939b3.wp-block-uagb-image--layout-overlay figure:hover img{box-shadow: 0px 0px 0 #00000070;}@media only screen and (max-width: 976px) {.uagb-block-e6f939b3.wp-block-uagb-image .wp-block-uagb-image__figure img{width: px;height: auto;}}@media only screen and (max-width: 767px) {.uagb-block-e6f939b3.wp-block-uagb-image .wp-block-uagb-image__figure img{width: px;height: auto;}}\";s:2:\"js\";s:0:\"\";s:18:\"current_block_list\";a:13:{i:0;s:11:\"core\/search\";i:1;s:10:\"core\/group\";i:2;s:12:\"core\/heading\";i:3;s:17:\"core\/latest-posts\";i:4;s:20:\"core\/latest-comments\";i:5;s:13:\"core\/archives\";i:6;s:15:\"core\/categories\";i:7;s:14:\"core\/paragraph\";i:8;s:10:\"uagb\/image\";i:9;s:11:\"core\/spacer\";i:10;s:30:\"woocommerce\/product-categories\";i:11;s:10:\"core\/image\";i:12;s:14:\"core\/shortcode\";}s:8:\"uag_flag\";b:1;s:11:\"uag_version\";s:10:\"1777069964\";s:6:\"gfonts\";a:0:{}s:10:\"gfonts_url\";s:0:\"\";s:12:\"gfonts_files\";a:0:{}s:14:\"uag_faq_layout\";b:0;}"]},"uagb_featured_image_src":{"full":["https:\/\/www.ferberpainting.com\/wp-content\/uploads\/2025\/05\/Shower-and-Bathroom-Water-Repellent-5L-.png",2560,2560,false],"thumbnail":["https:\/\/www.ferberpainting.com\/wp-content\/uploads\/2025\/05\/Shower-and-Bathroom-Water-Repellent-5L--150x150.png",150,150,true],"medium":["https:\/\/www.ferberpainting.com\/wp-content\/uploads\/2025\/05\/Shower-and-Bathroom-Water-Repellent-5L--300x300.png",300,300,true],"medium_large":["https:\/\/www.ferberpainting.com\/wp-content\/uploads\/2025\/05\/Shower-and-Bathroom-Water-Repellent-5L--768x768.png",768,768,true],"large":["https:\/\/www.ferberpainting.com\/wp-content\/uploads\/2025\/05\/Shower-and-Bathroom-Water-Repellent-5L--1024x1024.png",1024,1024,true],"1536x1536":["https:\/\/www.ferberpainting.com\/wp-content\/uploads\/2025\/05\/Shower-and-Bathroom-Water-Repellent-5L--1536x1536.png",1536,1536,true],"2048x2048":["https:\/\/www.ferberpainting.com\/wp-content\/uploads\/2025\/05\/Shower-and-Bathroom-Water-Repellent-5L--2048x2048.png",2048,2048,true],"trp-custom-language-flag":["https:\/\/www.ferberpainting.com\/wp-content\/uploads\/2025\/05\/Shower-and-Bathroom-Water-Repellent-5L--12x12.png",12,12,true],"woocommerce_thumbnail":["https:\/\/www.ferberpainting.com\/wp-content\/uploads\/2025\/05\/Shower-and-Bathroom-Water-Repellent-5L--300x300.png",300,300,true],"woocommerce_single":["https:\/\/www.ferberpainting.com\/wp-content\/uploads\/2025\/05\/Shower-and-Bathroom-Water-Repellent-5L--600x600.png",600,600,true],"woocommerce_gallery_thumbnail":["https:\/\/www.ferberpainting.com\/wp-content\/uploads\/2025\/05\/Shower-and-Bathroom-Water-Repellent-5L--100x100.png",100,100,true]},"uagb_author_info":{"display_name":"admin","author_link":"https:\/\/www.ferberpainting.com\/hu\/author\/"},"uagb_comment_info":11,"uagb_excerpt":"Long-lasting protection against humidity.\u00a0The bathroom and shower waterproofer is specially formulated to provide optimal protection against humidity, mold, and water splashes. Its application creates an invisible yet highly effective barrier on surfaces, preventing water from penetrating the materials while allowing the surface to breathe. This product effectively protects your walls, floors, and joints in constantly&hellip;","_links":{"self":[{"href":"https:\/\/www.ferberpainting.com\/hu\/wp-json\/wp\/v2\/product\/25296","targetHints":{"allow":["GET"]}}],"collection":[{"href":"https:\/\/www.ferberpainting.com\/hu\/wp-json\/wp\/v2\/product"}],"about":[{"href":"https:\/\/www.ferberpainting.com\/hu\/wp-json\/wp\/v2\/types\/product"}],"replies":[{"embeddable":true,"href":"https:\/\/www.ferberpainting.com\/hu\/wp-json\/wp\/v2\/comments?post=25296"}],"version-history":[{"count":4,"href":"https:\/\/www.ferberpainting.com\/hu\/wp-json\/wp\/v2\/product\/25296\/revisions"}],"predecessor-version":[{"id":167282,"href":"https:\/\/www.ferberpainting.com\/hu\/wp-json\/wp\/v2\/product\/25296\/revisions\/167282"}],"wp:featuredmedia":[{"embeddable":true,"href":"https:\/\/www.ferberpainting.com\/hu\/wp-json\/wp\/v2\/media\/35973"}],"wp:attachment":[{"href":"https:\/\/www.ferberpainting.com\/hu\/wp-json\/wp\/v2\/media?parent=25296"}],"wp:term":[{"taxonomy":"product_brand","embeddable":true,"href":"https:\/\/www.ferberpainting.com\/hu\/wp-json\/wp\/v2\/product_brand?post=25296"},{"taxonomy":"product_cat","embeddable":true,"href":"https:\/\/www.ferberpainting.com\/hu\/wp-json\/wp\/v2\/product_cat?post=25296"},{"taxonomy":"product_tag","embeddable":true,"href":"https:\/\/www.ferberpainting.com\/hu\/wp-json\/wp\/v2\/product_tag?post=25296"}],"curies":[{"name":"wp","href":"https:\/\/api.w.org\/{rel}","templated":true}]}}