{"id":25293,"date":"2025-05-26T10:30:29","date_gmt":"2025-05-26T08:30:29","guid":{"rendered":"https:\/\/www.ferberpainting.com\/products\/shower-and-bathroom-unblocker\/"},"modified":"2026-02-16T10:41:15","modified_gmt":"2026-02-16T09:41:15","slug":"shower-and-bathroom-unblocker","status":"publish","type":"product","link":"https:\/\/www.ferberpainting.com\/hu\/products\/shower-and-bathroom-unblocker\/","title":{"rendered":"Lefoly\u00f3tiszt\u00edt\u00f3 zuhanyhoz \u00e9s f\u00fcrd\u0151k\u00e1dhoz"},"content":{"rendered":"<p><strong><img decoding=\"async\" style=\"margin-right: 12px;\" src=\"https:\/\/www.ferberpainting.com\/wp-content\/uploads\/2026\/02\/Check.svg\" alt=\"\" width=\"18\" height=\"15\" \/>A dugul\u00e1sok gyors \u00e9s hat\u00e9kony elt\u00e1vol\u00edt\u00e1sa.<\/strong>\u00a0Ez a zuhany- \u00e9s f\u00fcrd\u0151k\u00e1d dugul\u00e1selh\u00e1r\u00edt\u00f3 speci\u00e1lisan a haj, szappanmaradv\u00e1nyok, testzs\u00edr \u00e9s egy\u00e9b, a cs\u00f6vekben felhalmoz\u00f3d\u00f3 szennyez\u0151d\u00e9sek \u00e1ltal okozott dugul\u00e1sok felold\u00e1s\u00e1ra szolg\u00e1l. M\u00e9lyen lefel\u00e9 hat, hogy helyre\u00e1ll\u00edtsa a v\u00edz zavartalan \u00e1raml\u00e1s\u00e1t, \u00e9s megakad\u00e1lyozza a pang\u00f3 vizet, amely rossz szagokat okoz, \u00e9s k\u00e9nyelmetlen\u00e9 teszi a zuhany vagy a f\u00fcrd\u0151k\u00e1d haszn\u00e1lat\u00e1t.<\/p>\n<p><strong><img decoding=\"async\" style=\"margin-right: 12px;\" src=\"https:\/\/www.ferberpainting.com\/wp-content\/uploads\/2026\/02\/Check.svg\" alt=\"\" width=\"18\" height=\"15\" \/>P\u00e9nzvisszafizet\u00e9si garancia.<\/strong>\u00a0Teljesen megb\u00edzunk a zuhanyz\u00f3- \u00e9s f\u00fcrd\u0151k\u00e1d-elt\u00e1vol\u00edt\u00f3 k\u00e9sz\u00fcl\u00e9k\u00fcnk hat\u00e9konys\u00e1g\u00e1ban. Ez\u00e9rt ny\u00fajtunk p\u00e9nzvisszafizet\u00e9si garanci\u00e1t. Ha a term\u00e9k az aj\u00e1nl\u00e1snak megfelel\u0151 haszn\u00e1lat ut\u00e1n sem oldja meg a probl\u00e9m\u00e1t, lehet\u0151s\u00e9ge van felt\u00e9tel n\u00e9lk\u00fcl visszat\u00e9r\u00edt\u00e9st k\u00e9rni, \u00edgy biztos\u00edtva a biztons\u00e1gos \u00e9s kock\u00e1zatmentes v\u00e1s\u00e1rl\u00e1st.<\/p>\n<p><strong><img decoding=\"async\" style=\"margin-right: 12px;\" src=\"https:\/\/www.ferberpainting.com\/wp-content\/uploads\/2026\/02\/Check.svg\" alt=\"\" width=\"18\" height=\"15\" \/>K\u00fcl\u00f6nb\u00f6z\u0151 cs\u0151t\u00edpusokkal \u00e9s anyagokkal kompatibilis.<\/strong>\u00a0Ez a dugul\u00e1selh\u00e1r\u00edt\u00f3 alkalmas PVC, \u00f6nt\u00f6ttvas, r\u00e9z, rozsdamentes ac\u00e9l \u00e9s beton cs\u00f6vekhez, \u00edgy a legt\u00f6bb modern \u00e9s r\u00e9gebbi v\u00edzvezet\u00e9krendszerben is haszn\u00e1lhat\u00f3. Az aj\u00e1nl\u00e1snak megfelel\u0151en haszn\u00e1lva a szeptikus tart\u00e1lyok sz\u00e1m\u00e1ra is biztons\u00e1gos, \u00edgy hat\u00e9kony v\u00edzelvezet\u00e9st biztos\u00edt an\u00e9lk\u00fcl, hogy megbontan\u00e1 a szennyv\u00edzrendszer biol\u00f3giai egyens\u00faly\u00e1t.<\/p>\n<p><strong><img decoding=\"async\" style=\"margin-right: 12px;\" src=\"https:\/\/www.ferberpainting.com\/wp-content\/uploads\/2026\/02\/Check.svg\" alt=\"\" width=\"18\" height=\"15\" \/>K\u00f6lts\u00e9ghat\u00e9kony \u00e9s optimaliz\u00e1lt adagol\u00e1s.<\/strong>\u00a0Koncentr\u00e1lt formul\u00e1j\u00e1nak k\u00f6sz\u00f6nhet\u0151en 1 liter term\u00e9kkel ak\u00e1r 4 dugul\u00e1s is kezelhet\u0151, \u00edgy gazdas\u00e1gos megold\u00e1st ny\u00fajt a hossz\u00fa t\u00e1v\u00fa cs\u0151karbantart\u00e1shoz. Mivel cs\u00f6kkenti a gyakori \u00e9s k\u00f6lts\u00e9ges beavatkoz\u00e1sok sz\u00fcks\u00e9gess\u00e9g\u00e9t, ez a dugul\u00e1selh\u00e1r\u00edt\u00f3 ide\u00e1lis alternat\u00edv\u00e1ja a bonyolult mechanikai beavatkoz\u00e1soknak.<\/p>\n<p><strong><img decoding=\"async\" style=\"margin-right: 12px;\" src=\"https:\/\/www.ferberpainting.com\/wp-content\/uploads\/2026\/02\/Check.svg\" alt=\"\" width=\"18\" height=\"15\" \/>Biztons\u00e1gos \u00e9s korr\u00f3zi\u00f3mentes term\u00e9k cs\u00f6vekhez.<\/strong>\u00a0A sz\u00f3d\u00e1t vagy k\u00e9nsavat tartalmaz\u00f3 dugul\u00e1selh\u00e1r\u00edt\u00f3kkal ellent\u00e9tben, amelyek k\u00e1ros\u00edthatj\u00e1k a cs\u00f6veket, ez a dugul\u00e1selh\u00e1r\u00edt\u00f3 nem v\u00e1ltoztatja meg a fel\u00fcleteket \u00e9s nem okoz id\u0151 el\u0151tti kop\u00e1st. T\u00f6k\u00e9letesen biztons\u00e1gos a v\u00edzvezet\u00e9k-szerel\u00e9sben, mik\u00f6zben maxim\u00e1lis hat\u00e9konys\u00e1got garant\u00e1l a makacs dugul\u00e1sok ellen.<\/p>\n<p><strong><img decoding=\"async\" style=\"margin-right: 12px;\" src=\"https:\/\/www.ferberpainting.com\/wp-content\/uploads\/2026\/02\/Check.svg\" alt=\"\" width=\"18\" height=\"15\" \/>K\u00f6nnyen haszn\u00e1lhat\u00f3 \u00e9s gyorsan hat\u00f3.<\/strong>\u00a0Ez a blokkol\u00e1sold\u00f3 azonnal haszn\u00e1lhat\u00f3, \u00e9s nem ig\u00e9nyel el\u0151zetes kezel\u00e9st. Egyszer\u0171en csak \u00f6ntse k\u00f6zvetlen\u00fcl a dugul\u00e1sos lefoly\u00f3ba, \u00e9s hagyja hatni n\u00e9h\u00e1ny percig, miel\u0151tt alaposan ki\u00f6bl\u00edti. Ultragyors hat\u00e1s\u00e1nak k\u00f6sz\u00f6nhet\u0151en mind\u00f6ssze 15-30 perc alatt hat\u00e9konyan feloldja a dugul\u00e1st, elker\u00fclve a hosszadalmas \u00e9s kellemetlen jav\u00edt\u00e1sokat.<\/p>\n<p><strong><img decoding=\"async\" style=\"margin-right: 12px;\" src=\"https:\/\/www.ferberpainting.com\/wp-content\/uploads\/2026\/02\/Check.svg\" alt=\"\" width=\"18\" height=\"15\" \/>Hossz\u00fa t\u00e1v\u00fa hat\u00e1s \u00e9s a j\u00f6v\u0151beli dugul\u00e1sok megel\u0151z\u00e9se.<\/strong>\u00a0A cs\u00f6vek hat\u00e9kony dugul\u00e1selh\u00e1r\u00edt\u00e1sa mellett ez a term\u00e9k megakad\u00e1lyozza a lerak\u00f3d\u00e1sok kialakul\u00e1s\u00e1t az\u00e1ltal, hogy fokozatosan feloldja a felhalmoz\u00f3dott maradv\u00e1nyokat. Rendszeres haszn\u00e1lata seg\u00edt cs\u00f6kkenteni az \u00faj dugul\u00e1sok megjelen\u00e9s\u00e9t, \u00e9s biztos\u00edtja az optim\u00e1lis v\u00edzelvezet\u00e9st, megel\u0151zve a hossz\u00fa t\u00e1v\u00fa kellemetlens\u00e9geket.<\/p>\n<p><strong><img decoding=\"async\" style=\"margin-right: 12px;\" src=\"https:\/\/www.ferberpainting.com\/wp-content\/uploads\/2026\/02\/Check.svg\" alt=\"\" width=\"18\" height=\"15\" \/>Azonnali cselekv\u00e9s a helyre\u00e1ll\u00edtott k\u00e9nyelem\u00e9rt.<\/strong>\u00a0Alkalmaz\u00e1sakor ez a dugul\u00e1sold\u00f3 elkezdi feloldani a dugul\u00e1sok\u00e9rt felel\u0151s lerak\u00f3d\u00e1sokat. Egy egyszer\u0171 \u00f6bl\u00edt\u00e9s ut\u00e1n a v\u00edz ism\u00e9t szabadon folyik, \u00edgy a zuhanyz\u00e1s vagy f\u00fcrd\u00e9s nem okoz pang\u00e1st vagy kellemetlen szagokat.<\/p>\n<h2><strong>Haszn\u00e1lati protokoll<\/strong><\/h2>\n<ul>\n<li><strong>Cs\u0151 el\u0151k\u00e9sz\u00edt\u00e9s <\/strong>: Alkalmaz\u00e1s el\u0151tt gondoskodjon arr\u00f3l, hogy a term\u00e9k hat\u00e9konys\u00e1g\u00e1nak maximaliz\u00e1l\u00e1sa \u00e9rdek\u00e9ben a lehet\u0151 legkisebbre cs\u00f6kkentse az \u00e1ll\u00f3vizet. Ha sz\u00fcks\u00e9ges, k\u00e9zzel t\u00e1vol\u00edtsa el a l\u00e1that\u00f3 hajcsom\u00f3kat, hogy fokozza a dugul\u00e1selh\u00e1r\u00edt\u00f3 hat\u00e1s\u00e1t.<\/li>\n<li><strong>Aj\u00e1nlott adagol\u00e1s <\/strong>: \u00d6nts\u00f6n 250 ml term\u00e9ket k\u00f6zvetlen\u00fcl az eldugult lefoly\u00f3ba egy dugul\u00e1s kezel\u00e9s\u00e9hez. 1 literrel ak\u00e1r 4 dugul\u00e1s is kezelhet\u0151. S\u00falyosabb dugul\u00e1sok eset\u00e9n az els\u0151 kezel\u00e9s ut\u00e1n sz\u00fcks\u00e9g lehet egy m\u00e1sodik alkalmaz\u00e1sra.<\/li>\n<li><strong>Az Unblocker alkalmaz\u00e1sa <\/strong>: \u00d6ntse a term\u00e9ket lassan a lefoly\u00f3ba, elker\u00fclve az azonnali v\u00edzfoly\u00e1st ut\u00e1na.<\/li>\n<li><strong>Akci\u00f3id\u0151 <\/strong>: Hagyja \u00e1llni 15-30 percig, a dugul\u00e1s s\u00falyoss\u00e1g\u00e1t\u00f3l f\u00fcgg\u0151en. K\u00fcl\u00f6n\u00f6sen makacs dugul\u00e1sok eset\u00e9n az \u00f6bl\u00edt\u00e9s el\u0151tt ak\u00e1r 1 \u00f3r\u00e1t is hagyja pihenni.<\/li>\n<li><strong>\u00d6bl\u00edt\u00e9s \u00e9s \u00e1raml\u00e1sellen\u0151rz\u00e9s <\/strong>: A v\u00e1rakoz\u00e1si id\u0151 letelte ut\u00e1n alaposan \u00f6bl\u00edtse le forr\u00f3 v\u00edzzel, hogy elt\u00e1vol\u00edtsa az oldott marad\u00e9kokat \u00e9s biztos\u00edtsa az optim\u00e1lis v\u00edz\u00e1raml\u00e1st. Ha sz\u00fcks\u00e9ges, ism\u00e9telje meg a folyamatot a tart\u00f3san fenn\u00e1ll\u00f3 dugul\u00e1sok eset\u00e9n.<\/li>\n<li><strong>Megel\u0151z\u0151 karbantart\u00e1s <\/strong>: Az \u00faj dugul\u00e1sok kialakul\u00e1s\u00e1nak megel\u0151z\u00e9se \u00e9rdek\u00e9ben havonta egyszer haszn\u00e1ljon kis mennyis\u00e9g\u0171 term\u00e9ket a lerak\u00f3d\u00e1sok fokozatos felold\u00e1s\u00e1ra \u00e9s a cs\u0151 megfelel\u0151 m\u0171k\u00f6d\u00e9s\u00e9nek fenntart\u00e1s\u00e1ra.<\/li>\n<li><strong>Haszn\u00e1lati \u00f3vint\u00e9zked\u00e9sek <\/strong>: Ne keverje m\u00e1s vegyi anyagokkal, k\u00fcl\u00f6n\u00f6sen sz\u00f3da- vagy k\u00e9nsavtartalm\u00fa blokkol\u00e1sg\u00e1tl\u00f3kkal. Ker\u00fclje a b\u0151rrel \u00e9s a szemmel val\u00f3 \u00e9rintkez\u00e9st. V\u00e9letlen \u00e9rintkez\u00e9s eset\u00e9n azonnal \u00f6bl\u00edtse le tiszta v\u00edzzel \u00e9s sz\u00fcks\u00e9g eset\u00e9n forduljon orvoshoz.<\/li>\n<li><strong>T\u00e1rol\u00e1s \u00e9s meg\u0151rz\u00e9s <\/strong>: A term\u00e9ket sz\u00e1raz, h\u0171v\u00f6s helyen, f\u00e9nyt\u0151l v\u00e9dve \u00e9s gyermekek el\u0151l elz\u00e1rva kell t\u00e1rolni. Haszn\u00e1lat ut\u00e1n szorosan z\u00e1rja le a flakont, hogy megakad\u00e1lyozza az oldat elp\u00e1rolg\u00e1s\u00e1t vagy megv\u00e1ltoz\u00e1s\u00e1t.<\/li>\n<\/ul>\n<p>Ezzel a zuhany- \u00e9s f\u00fcrd\u0151k\u00e1d dugul\u00e1selh\u00e1r\u00edt\u00f3val gyorsan \u00e9s hat\u00e9konyan sz\u00fcnteti meg a dugul\u00e1sokat, mik\u00f6zben biztos\u00edtja a v\u00edzvezet\u00e9k-szerelv\u00e9nyek optim\u00e1lis karbantart\u00e1s\u00e1t. \u00c9lvezze a tart\u00f3s k\u00e9nyelmet a z\u00f6kken\u0151mentes v\u00edz\u00e1raml\u00e1s fenntart\u00e1s\u00e1val \u00e9s a dugul\u00e1si probl\u00e9m\u00e1k megel\u0151z\u00e9s\u00e9vel.<\/p>","protected":false},"excerpt":{"rendered":"<p>Fast and Effective Removal of Clogs.\u00a0This shower and bathtub unblocker is specially formulated to dissolve clogs caused by hair, soap residue, body grease, and other impurities that accumulate in pipes. It works deep down to restore smooth water flow and prevent stagnant water, which causes bad odors and makes using your shower or bathtub uncomfortable. [&hellip;]<\/p>\n","protected":false},"featured_media":27171,"comment_status":"open","ping_status":"closed","template":"","meta":{"_uag_custom_page_level_css":"","site-sidebar-layout":"default","site-content-layout":"","ast-site-content-layout":"default","site-content-style":"default","site-sidebar-style":"default","ast-global-header-display":"","ast-banner-title-visibility":"","ast-main-header-display":"","ast-hfb-above-header-display":"","ast-hfb-below-header-display":"","ast-hfb-mobile-header-display":"","site-post-title":"","ast-breadcrumbs-content":"","ast-featured-img":"","footer-sml-layout":"","ast-disable-related-posts":"","theme-transparent-header-meta":"default","adv-header-id-meta":"","stick-header-meta":"","header-above-stick-meta":"","header-main-stick-meta":"","header-below-stick-meta":"","astra-migrate-meta-layouts":"set","ast-page-background-enabled":"default","ast-page-background-meta":{"desktop":{"background-color":"var(--ast-global-color-4)","background-image":"","background-repeat":"repeat","background-position":"center center","background-size":"auto","background-attachment":"scroll","background-type":"","background-media":"","overlay-type":"","overlay-color":"","overlay-opacity":"","overlay-gradient":""},"tablet":{"background-color":"","background-image":"","background-repeat":"repeat","background-position":"center center","background-size":"auto","background-attachment":"scroll","background-type":"","background-media":"","overlay-type":"","overlay-color":"","overlay-opacity":"","overlay-gradient":""},"mobile":{"background-color":"","background-image":"","background-repeat":"repeat","background-position":"center center","background-size":"auto","background-attachment":"scroll","background-type":"","background-media":"","overlay-type":"","overlay-color":"","overlay-opacity":"","overlay-gradient":""}},"ast-content-background-meta":{"desktop":{"background-color":"var(--ast-global-color-5)","background-image":"","background-repeat":"repeat","background-position":"center center","background-size":"auto","background-attachment":"scroll","background-type":"","background-media":"","overlay-type":"","overlay-color":"","overlay-opacity":"","overlay-gradient":""},"tablet":{"background-color":"var(--ast-global-color-5)","background-image":"","background-repeat":"repeat","background-position":"center center","background-size":"auto","background-attachment":"scroll","background-type":"","background-media":"","overlay-type":"","overlay-color":"","overlay-opacity":"","overlay-gradient":""},"mobile":{"background-color":"var(--ast-global-color-5)","background-image":"","background-repeat":"repeat","background-position":"center center","background-size":"auto","background-attachment":"scroll","background-type":"","background-media":"","overlay-type":"","overlay-color":"","overlay-opacity":"","overlay-gradient":""}}},"product_brand":[],"product_cat":[175],"product_tag":[],"class_list":{"0":"post-25293","1":"product","2":"type-product","3":"status-publish","4":"has-post-thumbnail","6":"product_cat-cleaning-products","7":"desktop-align-left","8":"tablet-align-left","9":"mobile-align-left","11":"first","12":"instock","13":"sale","14":"taxable","15":"shipping-taxable","16":"purchasable","17":"product-type-variable","18":"has-default-attributes"},"spectra_custom_meta":{"_visibility":["visible"],"_shopify_product_id":["9062225674485"],"_s2w_shopify_domain":["ferberpainting.myshopify.com"],"_shopify_variant_id":["46488080285941"],"_sku":[""],"_manage_stock":["no"],"total_sales":["6"],"_tax_status":["taxable"],"_tax_class":[""],"_backorders":["no"],"_sold_individually":["no"],"_virtual":["no"],"_downloadable":["no"],"_download_limit":["-1"],"_download_expiry":["-1"],"_stock":[null],"_stock_status":["instock"],"_wc_average_rating":["4.57"],"_wc_review_count":["7"],"_product_attributes":["a:1:{s:6:\"volume\";a:6:{s:4:\"name\";s:6:\"Volume\";s:5:\"value\";s:20:\"5 liters | 25 liters\";s:8:\"position\";i:1;s:10:\"is_visible\";i:0;s:12:\"is_variation\";i:1;s:11:\"is_taxonomy\";i:0;}}"],"_product_version":["10.5.1"],"_thumbnail_id":["27171"],"_product_image_gallery":["27172"],"wpse_downloadable_file_names":[""],"wpse_downloadable_file_urls":[""],"_edit_last":["1"],"_default_attributes":["a:1:{s:6:\"volume\";s:8:\"5 liters\";}"],"_edit_lock":["1771234739:1"],"merchant-center-availability":["yes"],"merchant-center-category":["1749"],"_price":["29.90","129.90"],"_wp_page_template":["default"],"site-sidebar-layout":["default"],"ast-site-content-layout":["default"],"site-content-style":["default"],"site-sidebar-style":["default"],"theme-transparent-header-meta":["default"],"_wc_rating_count":["a:2:{i:4;i:3;i:5;i:4;}"],"astra-migrate-meta-layouts":["set"],"_uag_css_file_name":["uag-css-25293.css"],"_elementor_page_assets":["a:0:{}"],"_uag_page_assets":["a:9:{s:3:\"css\";s:7133:\".uag-blocks-common-selector{z-index:var(--z-index-desktop) !important}@media(max-width: 976px){.uag-blocks-common-selector{z-index:var(--z-index-tablet) !important}}@media(max-width: 767px){.uag-blocks-common-selector{z-index:var(--z-index-mobile) !important}}.wp-block-uagb-image{display:flex}.wp-block-uagb-image__figure{position:relative;display:flex;flex-direction:column;max-width:100%;height:auto;margin:0}.wp-block-uagb-image__figure img{height:auto;display:flex;max-width:100%;transition:box-shadow .2s ease}.wp-block-uagb-image__figure>a{display:inline-block}.wp-block-uagb-image__figure figcaption{text-align:center;margin-top:.5em;margin-bottom:1em}.wp-block-uagb-image .components-placeholder.block-editor-media-placeholder .components-placeholder__instructions{align-self:center}.wp-block-uagb-image--align-left{text-align:left}.wp-block-uagb-image--align-right{text-align:right}.wp-block-uagb-image--align-center{text-align:center}.wp-block-uagb-image--align-full .wp-block-uagb-image__figure{margin-left:calc(50% - 50vw);margin-right:calc(50% - 50vw);max-width:100vw;width:100vw;height:auto}.wp-block-uagb-image--align-full .wp-block-uagb-image__figure img{height:auto;width:100% !important}.wp-block-uagb-image--align-wide .wp-block-uagb-image__figure img{height:auto;width:100%}.wp-block-uagb-image--layout-overlay__color-wrapper{position:absolute;left:0;top:0;right:0;bottom:0;opacity:.2;background:rgba(0,0,0,.5);transition:opacity .35s ease-in-out}.wp-block-uagb-image--layout-overlay-link{position:absolute;left:0;right:0;bottom:0;top:0}.wp-block-uagb-image--layout-overlay .wp-block-uagb-image__figure:hover .wp-block-uagb-image--layout-overlay__color-wrapper{opacity:1}.wp-block-uagb-image--layout-overlay__inner{position:absolute;left:15px;right:15px;bottom:15px;top:15px;display:flex;align-items:center;justify-content:center;flex-direction:column;border-color:#fff;transition:.35s ease-in-out}.wp-block-uagb-image--layout-overlay__inner.top-left,.wp-block-uagb-image--layout-overlay__inner.top-center,.wp-block-uagb-image--layout-overlay__inner.top-right{justify-content:flex-start}.wp-block-uagb-image--layout-overlay__inner.bottom-left,.wp-block-uagb-image--layout-overlay__inner.bottom-center,.wp-block-uagb-image--layout-overlay__inner.bottom-right{justify-content:flex-end}.wp-block-uagb-image--layout-overlay__inner.top-left,.wp-block-uagb-image--layout-overlay__inner.center-left,.wp-block-uagb-image--layout-overlay__inner.bottom-left{align-items:flex-start}.wp-block-uagb-image--layout-overlay__inner.top-right,.wp-block-uagb-image--layout-overlay__inner.center-right,.wp-block-uagb-image--layout-overlay__inner.bottom-right{align-items:flex-end}.wp-block-uagb-image--layout-overlay__inner .uagb-image-heading{color:#fff;transition:transform .35s,opacity .35s ease-in-out;transform:translate3d(0, 24px, 0);margin:0;line-height:1em}.wp-block-uagb-image--layout-overlay__inner .uagb-image-separator{width:30%;border-top-width:2px;border-top-color:#fff;border-top-style:solid;margin-bottom:10px;opacity:0;transition:transform .4s,opacity .4s ease-in-out;transform:translate3d(0, 30px, 0)}.wp-block-uagb-image--layout-overlay__inner .uagb-image-caption{opacity:0;overflow:visible;color:#fff;transition:transform .45s,opacity .45s ease-in-out;transform:translate3d(0, 35px, 0)}.wp-block-uagb-image--layout-overlay__inner:hover .uagb-image-heading,.wp-block-uagb-image--layout-overlay__inner:hover .uagb-image-separator,.wp-block-uagb-image--layout-overlay__inner:hover .uagb-image-caption{opacity:1;transform:translate3d(0, 0, 0)}.wp-block-uagb-image--effect-zoomin .wp-block-uagb-image__figure img,.wp-block-uagb-image--effect-zoomin .wp-block-uagb-image__figure .wp-block-uagb-image--layout-overlay__color-wrapper{transform:scale(1);transition:transform .35s ease-in-out}.wp-block-uagb-image--effect-zoomin .wp-block-uagb-image__figure:hover img,.wp-block-uagb-image--effect-zoomin .wp-block-uagb-image__figure:hover .wp-block-uagb-image--layout-overlay__color-wrapper{transform:scale(1.05)}.wp-block-uagb-image--effect-slide .wp-block-uagb-image__figure img,.wp-block-uagb-image--effect-slide .wp-block-uagb-image__figure .wp-block-uagb-image--layout-overlay__color-wrapper{width:calc(100% + 40px) !important;max-width:none !important;transform:translate3d(-40px, 0, 0);transition:transform .35s ease-in-out}.wp-block-uagb-image--effect-slide .wp-block-uagb-image__figure:hover img,.wp-block-uagb-image--effect-slide .wp-block-uagb-image__figure:hover .wp-block-uagb-image--layout-overlay__color-wrapper{transform:translate3d(0, 0, 0)}.wp-block-uagb-image--effect-grayscale img{filter:grayscale(0%);transition:.35s ease-in-out}.wp-block-uagb-image--effect-grayscale:hover img{filter:grayscale(100%)}.wp-block-uagb-image--effect-blur img{filter:blur(0);transition:.35s ease-in-out}.wp-block-uagb-image--effect-blur:hover img{filter:blur(3px)}.uagb-block-e6f939b3.wp-block-uagb-image--layout-default figure img{box-shadow: 0px 0px 0 #00000070;}.uagb-block-e6f939b3.wp-block-uagb-image .wp-block-uagb-image__figure figcaption{font-style: normal;align-self: center;}.uagb-block-e6f939b3.wp-block-uagb-image--layout-overlay figure img{box-shadow: 0px 0px 0 #00000070;}.uagb-block-e6f939b3.wp-block-uagb-image--layout-overlay .wp-block-uagb-image--layout-overlay__color-wrapper{opacity: 0.2;}.uagb-block-e6f939b3.wp-block-uagb-image--layout-overlay .wp-block-uagb-image--layout-overlay__inner{left: 15px;right: 15px;top: 15px;bottom: 15px;}.uagb-block-e6f939b3.wp-block-uagb-image--layout-overlay .wp-block-uagb-image--layout-overlay__inner .uagb-image-heading{font-style: normal;color: #fff;opacity: 1;}.uagb-block-e6f939b3.wp-block-uagb-image--layout-overlay .wp-block-uagb-image--layout-overlay__inner .uagb-image-heading a{color: #fff;}.uagb-block-e6f939b3.wp-block-uagb-image--layout-overlay .wp-block-uagb-image--layout-overlay__inner .uagb-image-caption{opacity: 0;}.uagb-block-e6f939b3.wp-block-uagb-image--layout-overlay .wp-block-uagb-image__figure:hover .wp-block-uagb-image--layout-overlay__color-wrapper{opacity: 1;}.uagb-block-e6f939b3.wp-block-uagb-image .wp-block-uagb-image--layout-overlay__inner .uagb-image-separator{width: 30%;border-top-width: 2px;border-top-color: #fff;opacity: 0;}.uagb-block-e6f939b3.wp-block-uagb-image .wp-block-uagb-image__figure img{width: px;height: auto;}.uagb-block-e6f939b3.wp-block-uagb-image .wp-block-uagb-image__figure:hover .wp-block-uagb-image--layout-overlay__inner .uagb-image-caption{opacity: 1;}.uagb-block-e6f939b3.wp-block-uagb-image .wp-block-uagb-image__figure:hover .wp-block-uagb-image--layout-overlay__inner .uagb-image-separator{opacity: 1;}.uagb-block-e6f939b3.wp-block-uagb-image--layout-default figure:hover img{box-shadow: 0px 0px 0 #00000070;}.uagb-block-e6f939b3.wp-block-uagb-image--layout-overlay figure:hover img{box-shadow: 0px 0px 0 #00000070;}@media only screen and (max-width: 976px) {.uagb-block-e6f939b3.wp-block-uagb-image .wp-block-uagb-image__figure img{width: px;height: auto;}}@media only screen and (max-width: 767px) {.uagb-block-e6f939b3.wp-block-uagb-image .wp-block-uagb-image__figure img{width: px;height: auto;}}\";s:2:\"js\";s:0:\"\";s:18:\"current_block_list\";a:13:{i:0;s:11:\"core\/search\";i:1;s:10:\"core\/group\";i:2;s:12:\"core\/heading\";i:3;s:17:\"core\/latest-posts\";i:4;s:20:\"core\/latest-comments\";i:5;s:13:\"core\/archives\";i:6;s:15:\"core\/categories\";i:7;s:14:\"core\/paragraph\";i:8;s:10:\"uagb\/image\";i:9;s:11:\"core\/spacer\";i:10;s:30:\"woocommerce\/product-categories\";i:11;s:10:\"core\/image\";i:12;s:14:\"core\/shortcode\";}s:8:\"uag_flag\";b:1;s:11:\"uag_version\";s:10:\"1777229779\";s:6:\"gfonts\";a:0:{}s:10:\"gfonts_url\";s:0:\"\";s:12:\"gfonts_files\";a:0:{}s:14:\"uag_faq_layout\";b:0;}"]},"uagb_featured_image_src":{"full":["https:\/\/www.ferberpainting.com\/wp-content\/uploads\/2025\/05\/ShowerandBathroomUnblocker5L.png",2560,2560,false],"thumbnail":["https:\/\/www.ferberpainting.com\/wp-content\/uploads\/2025\/05\/ShowerandBathroomUnblocker5L-150x150.png",150,150,true],"medium":["https:\/\/www.ferberpainting.com\/wp-content\/uploads\/2025\/05\/ShowerandBathroomUnblocker5L-300x300.png",300,300,true],"medium_large":["https:\/\/www.ferberpainting.com\/wp-content\/uploads\/2025\/05\/ShowerandBathroomUnblocker5L-768x768.png",768,768,true],"large":["https:\/\/www.ferberpainting.com\/wp-content\/uploads\/2025\/05\/ShowerandBathroomUnblocker5L-1024x1024.png",1024,1024,true],"1536x1536":["https:\/\/www.ferberpainting.com\/wp-content\/uploads\/2025\/05\/ShowerandBathroomUnblocker5L-1536x1536.png",1536,1536,true],"2048x2048":["https:\/\/www.ferberpainting.com\/wp-content\/uploads\/2025\/05\/ShowerandBathroomUnblocker5L-2048x2048.png",2048,2048,true],"trp-custom-language-flag":["https:\/\/www.ferberpainting.com\/wp-content\/uploads\/2025\/05\/ShowerandBathroomUnblocker5L-12x12.png",12,12,true],"woocommerce_thumbnail":["https:\/\/www.ferberpainting.com\/wp-content\/uploads\/2025\/05\/ShowerandBathroomUnblocker5L-300x300.png",300,300,true],"woocommerce_single":["https:\/\/www.ferberpainting.com\/wp-content\/uploads\/2025\/05\/ShowerandBathroomUnblocker5L-600x600.png",600,600,true],"woocommerce_gallery_thumbnail":["https:\/\/www.ferberpainting.com\/wp-content\/uploads\/2025\/05\/ShowerandBathroomUnblocker5L-100x100.png",100,100,true]},"uagb_author_info":{"display_name":"admin","author_link":"https:\/\/www.ferberpainting.com\/hu\/author\/"},"uagb_comment_info":7,"uagb_excerpt":"Fast and Effective Removal of Clogs.\u00a0This shower and bathtub unblocker is specially formulated to dissolve clogs caused by hair, soap residue, body grease, and other impurities that accumulate in pipes. It works deep down to restore smooth water flow and prevent stagnant water, which causes bad odors and makes using your shower or bathtub uncomfortable.&hellip;","_links":{"self":[{"href":"https:\/\/www.ferberpainting.com\/hu\/wp-json\/wp\/v2\/product\/25293","targetHints":{"allow":["GET"]}}],"collection":[{"href":"https:\/\/www.ferberpainting.com\/hu\/wp-json\/wp\/v2\/product"}],"about":[{"href":"https:\/\/www.ferberpainting.com\/hu\/wp-json\/wp\/v2\/types\/product"}],"replies":[{"embeddable":true,"href":"https:\/\/www.ferberpainting.com\/hu\/wp-json\/wp\/v2\/comments?post=25293"}],"version-history":[{"count":4,"href":"https:\/\/www.ferberpainting.com\/hu\/wp-json\/wp\/v2\/product\/25293\/revisions"}],"predecessor-version":[{"id":167279,"href":"https:\/\/www.ferberpainting.com\/hu\/wp-json\/wp\/v2\/product\/25293\/revisions\/167279"}],"wp:featuredmedia":[{"embeddable":true,"href":"https:\/\/www.ferberpainting.com\/hu\/wp-json\/wp\/v2\/media\/27171"}],"wp:attachment":[{"href":"https:\/\/www.ferberpainting.com\/hu\/wp-json\/wp\/v2\/media?parent=25293"}],"wp:term":[{"taxonomy":"product_brand","embeddable":true,"href":"https:\/\/www.ferberpainting.com\/hu\/wp-json\/wp\/v2\/product_brand?post=25293"},{"taxonomy":"product_cat","embeddable":true,"href":"https:\/\/www.ferberpainting.com\/hu\/wp-json\/wp\/v2\/product_cat?post=25293"},{"taxonomy":"product_tag","embeddable":true,"href":"https:\/\/www.ferberpainting.com\/hu\/wp-json\/wp\/v2\/product_tag?post=25293"}],"curies":[{"name":"wp","href":"https:\/\/api.w.org\/{rel}","templated":true}]}}