{"id":25287,"date":"2025-06-18T09:29:11","date_gmt":"2025-06-18T07:29:11","guid":{"rendered":"https:\/\/www.ferberpainting.com\/?post_type=product&#038;p=25287"},"modified":"2026-02-16T10:32:28","modified_gmt":"2026-02-16T09:32:28","slug":"shoe-water-repellent","status":"publish","type":"product","link":"https:\/\/www.ferberpainting.com\/hu\/products\/shoe-water-repellent\/","title":{"rendered":"Cip\u0151 impregn\u00e1l\u00e1s"},"content":{"rendered":"<p><strong><img decoding=\"async\" style=\"margin-right: 12px;\" src=\"https:\/\/www.ferberpainting.com\/wp-content\/uploads\/2026\/02\/Check.svg\" alt=\"\" width=\"18\" height=\"15\" \/>Hat\u00e9kony v\u00e9delem a nedvess\u00e9g \u00e9s a foltok ellen.<\/strong>\u00a0Ez a cip\u0151 v\u00edzhatlan\u00edt\u00f3 ide\u00e1lis megold\u00e1s, hogy megv\u00e9dje cip\u0151j\u00e9t az id\u0151j\u00e1r\u00e1s viszontags\u00e1gait\u00f3l, a nedvess\u00e9gt\u0151l, a s\u00e1rt\u00f3l \u00e9s a foltokt\u00f3l. Ak\u00e1r b\u0151rb\u0151l, v\u00e1szonb\u00f3l, vel\u00farb\u00f3l vagy nubukb\u00f3l k\u00e9sz\u00fclt a cip\u0151je, ez a term\u00e9k l\u00e1thatatlan g\u00e1tat k\u00e9pez, amely megakad\u00e1lyozza a v\u00edz behatol\u00e1s\u00e1t, mik\u00f6zben lehet\u0151v\u00e9 teszi az anyag l\u00e9legz\u00e9s\u00e9t. Sz\u00e1razon tartja a l\u00e1b\u00e1t m\u00e9g es\u0151ben is, \u00e9s megakad\u00e1lyozza a v\u00edzfoltokat \u00e9s foltokat, amelyek megv\u00e1ltoztathatj\u00e1k a cip\u0151 megjelen\u00e9s\u00e9t. Cip\u0151je \u00fajszer\u0171, v\u00e9dett marad, \u00e9s k\u00e9szen \u00e1ll minden id\u0151j\u00e1r\u00e1si k\u00f6r\u00fclm\u00e9nyre.<\/p>\n<p><strong><img decoding=\"async\" style=\"margin-right: 12px;\" src=\"https:\/\/www.ferberpainting.com\/wp-content\/uploads\/2026\/02\/Check.svg\" alt=\"\" width=\"18\" height=\"15\" \/>P\u00e9nzvisszafizet\u00e9si garancia.<\/strong>\u00a0B\u00edzunk term\u00e9k\u00fcnk hat\u00e9konys\u00e1g\u00e1ban, ez\u00e9rt el\u00e9gedetts\u00e9gi vagy p\u00e9nzvisszafizet\u00e9si garanci\u00e1t v\u00e1llalunk. Ha b\u00e1rmilyen okb\u00f3l kifoly\u00f3lag nem teljesen el\u00e9gedett a cip\u0151 v\u00edzleperget\u0151nk eredm\u00e9ny\u00e9vel, k\u00e9rheti a teljes visszat\u00e9r\u00edt\u00e9st. Ez a garancia lehet\u0151v\u00e9 teszi, hogy nyugodt sz\u00edvvel v\u00e1s\u00e1roljon, tudva, hogy visszakaphatja a p\u00e9nz\u00e9t, ha a term\u00e9k nem felel meg az elv\u00e1r\u00e1sainak.<\/p>\n<p><strong><img decoding=\"async\" style=\"margin-right: 12px;\" src=\"https:\/\/www.ferberpainting.com\/wp-content\/uploads\/2026\/02\/Check.svg\" alt=\"\" width=\"18\" height=\"15\" \/>Sokoldal\u00faan alkalmazhat\u00f3 k\u00fcl\u00f6nb\u00f6z\u0151 anyagokhoz.<\/strong>\u00a0Ez a cip\u0151 v\u00edzleperget\u0151 rendk\u00edv\u00fcl sokoldal\u00fa, \u00e9s az anyagok sz\u00e9les sk\u00e1l\u00e1j\u00e1n m\u0171k\u00f6dik. Ide\u00e1lis b\u0151r, v\u00e1szon, vel\u00far, nubuk \u00e9s szintetikus anyagokhoz. Az ilyen anyagokb\u00f3l k\u00e9sz\u00fclt t\u00e1sk\u00e1kon, kab\u00e1tokon, keszty\u0171k\u00f6n \u00e9s egy\u00e9b kieg\u00e9sz\u00edt\u0151k\u00f6n is haszn\u00e1lhat\u00f3. Legyen sz\u00f3 sportos, eleg\u00e1ns vagy alkalmi v\u00e1szoncip\u0151r\u0151l, ez a term\u00e9k megb\u00edzhat\u00f3 \u00e9s tart\u00f3s v\u00e9delmet ny\u00fajt a nedvess\u00e9g \u00e9s a foltok ellen.<\/p>\n<p><strong><img decoding=\"async\" style=\"margin-right: 12px;\" src=\"https:\/\/www.ferberpainting.com\/wp-content\/uploads\/2026\/02\/Check.svg\" alt=\"\" width=\"18\" height=\"15\" \/>K\u00f6lts\u00e9ghat\u00e9kony.<\/strong>\u00a0Ez a term\u00e9k rendk\u00edv\u00fcl gazdas\u00e1gosan haszn\u00e1lhat\u00f3. Egy 5 literes tart\u00e1lyban nagysz\u00e1m\u00fa cip\u0151t kezelhet. \u00c1tlagosan egy liter v\u00edzszigetel\u0151vel ak\u00e1r 50 p\u00e1r cip\u0151 is kezelhet\u0151, a felhaszn\u00e1lt mennyis\u00e9gt\u0151l \u00e9s az anyagt\u00edpust\u00f3l f\u00fcgg\u0151en. Ez a nagy hozam teszi a cip\u0151 v\u00edzlakkoz\u00f3t k\u00f6lts\u00e9ghat\u00e9kony \u00e9s hossz\u00fa t\u00e1v\u00fa megold\u00e1ss\u00e1, amely gyakori \u00fajb\u00f3li alkalmaz\u00e1s n\u00e9lk\u00fcl ny\u00fajt hosszan tart\u00f3 v\u00e9delmet.<\/p>\n<p><strong><img decoding=\"async\" style=\"margin-right: 12px;\" src=\"https:\/\/www.ferberpainting.com\/wp-content\/uploads\/2026\/02\/Check.svg\" alt=\"\" width=\"18\" height=\"15\" \/>Biztons\u00e1gos \u00e9s anyagbar\u00e1t.<\/strong>\u00a0Ez a cip\u0151 v\u00edzleperget\u0151 \u00fagy lett kifejlesztve, hogy biztons\u00e1gos legyen \u00d6n \u00e9s a cip\u0151je sz\u00e1m\u00e1ra is. K\u00edm\u00e9letes \u00f6sszetev\u0151kb\u0151l k\u00e9sz\u00fcl, amelyek nem v\u00e1ltoztatj\u00e1k meg az anyag sz\u00edn\u00e9t vagy text\u00far\u00e1j\u00e1t, \u00e9s nem okoznak k\u00e1rt a fel\u00fcleten. Emellett nem tartalmaz k\u00e1ros vegyi anyagokat, \u00edgy otthoni haszn\u00e1latra is biztons\u00e1gos. Ezt a term\u00e9ket nyugodtan alkalmazhatja, tudva, hogy nem k\u00e1ros\u00edtja sem az eg\u00e9szs\u00e9g\u00e9t, sem a cip\u0151j\u00e9t.<\/p>\n<p><strong><img decoding=\"async\" style=\"margin-right: 12px;\" src=\"https:\/\/www.ferberpainting.com\/wp-content\/uploads\/2026\/02\/Check.svg\" alt=\"\" width=\"18\" height=\"15\" \/>K\u00f6nnyen haszn\u00e1lhat\u00f3.<\/strong>\u00a0A cip\u0151 v\u00edzszigetel\u0151 alkalmaz\u00e1sa egyszer\u0171 \u00e9s gyors. Haszn\u00e1latra k\u00e9sz, nem ig\u00e9nyel h\u00edg\u00edt\u00e1st vagy bonyolult el\u0151k\u00e9sz\u00edt\u00e9st. Csak f\u00fajja a term\u00e9ket egyenletesen a cip\u0151 fel\u00fclet\u00e9re, \u00fcgyelve arra, hogy minden nedvess\u00e9gnek kitett ter\u00fcletet lefedjen. A v\u00edzszigetel\u0151 k\u00f6nnyen eloszlik \u00e9s gyorsan behatol az anyagba, l\u00e1thatatlan v\u00e9delmet k\u00e9pezve. N\u00e9h\u00e1ny egyszer\u0171 l\u00e9p\u00e9sben cip\u0151je k\u00e9szen \u00e1ll az es\u0151vel vagy h\u00f3val val\u00f3 szemben\u00e9z\u00e9sre.<\/p>\n<p><strong><img decoding=\"async\" style=\"margin-right: 12px;\" src=\"https:\/\/www.ferberpainting.com\/wp-content\/uploads\/2026\/02\/Check.svg\" alt=\"\" width=\"18\" height=\"15\" \/>Tart\u00f3s v\u00e9delem.<\/strong>\u00a0A cip\u0151 v\u00edzhatlan\u00edt\u00f3ja hosszan tart\u00f3 v\u00e9delmet biztos\u00edt. A felhord\u00e1st k\u00f6vet\u0151en ellen\u00e1ll\u00f3 g\u00e1tat k\u00e9pez, amely t\u00f6bbsz\u00f6ri tiszt\u00edt\u00e1s ut\u00e1n is tasz\u00edtja a vizet \u00e9s a foltokat. Nem kell minden mos\u00e1s vagy es\u0151ben val\u00f3 s\u00e9ta ut\u00e1n \u00fajrakenni. A v\u00e9delem t\u00f6bb h\u00f3napig tart, \u00edgy seg\u00edt cip\u0151j\u00e9t t\u00f6k\u00e9letes \u00e1llapotban tartani an\u00e9lk\u00fcl, hogy a nedvess\u00e9g vagy a szennyez\u0151d\u00e9s miatt agg\u00f3dnia kellene. Ez a term\u00e9k tart\u00f3s megold\u00e1s cip\u0151je v\u00e9delm\u00e9re.<\/p>\n<p><strong><img decoding=\"async\" style=\"margin-right: 12px;\" src=\"https:\/\/www.ferberpainting.com\/wp-content\/uploads\/2026\/02\/Check.svg\" alt=\"\" width=\"18\" height=\"15\" \/>Gyorsan hat.<\/strong>\u00a0Ez a term\u00e9k gyorsan m\u0171k\u00f6dik. A felhord\u00e1s ut\u00e1n szobah\u0151m\u00e9rs\u00e9kleten k\u00f6r\u00fclbel\u00fcl 1-2 \u00f3ra alatt sz\u00e1rad meg, az id\u0151j\u00e1r\u00e1si viszonyokt\u00f3l \u00e9s az anyagt\u00edpust\u00f3l f\u00fcgg\u0151en. Ez azt jelenti, hogy gyorsan, \u00f3r\u00e1k v\u00e1rakoz\u00e1sa n\u00e9lk\u00fcl \u00fajra viselheti cip\u0151j\u00e9t. A sz\u00e1rad\u00e1st k\u00f6vet\u0151en a v\u00e9delem azonnal akt\u00edvv\u00e1 v\u00e1lik. Nem kell \u00f3r\u00e1kat v\u00e1rni arra, hogy a term\u00e9k m\u0171k\u00f6d\u00e9sbe l\u00e9pjen - r\u00f6vid sz\u00e1rad\u00e1si id\u0151 ut\u00e1n cip\u0151je teljes v\u00e9delmet \u00e9lvez.<\/p>\n<h2><strong>Haszn\u00e1lati protokoll<\/strong><\/h2>\n<ul>\n<li><strong>Fel\u00fclet el\u0151k\u00e9sz\u00edt\u00e9s <\/strong>: A cip\u0151 v\u00edz\u00e1ll\u00f3 anyag felvitele el\u0151tt gy\u0151z\u0151dj\u00f6n meg r\u00f3la, hogy a cip\u0151je tiszta \u00e9s sz\u00e1raz. T\u00e1vol\u00edtson el minden szennyez\u0151d\u00e9st vagy port egy puha ruh\u00e1val vagy kef\u00e9vel. Ha cip\u0151je nagyon piszkos, aj\u00e1nlott megtiszt\u00edtani a term\u00e9k felvitele el\u0151tt. A tiszta fel\u00fcleten t\u00f6rt\u00e9n\u0151 alkalmaz\u00e1s jobb tapad\u00e1st \u00e9s hat\u00e9konyabb v\u00e9delmet tesz lehet\u0151v\u00e9.<\/li>\n<li><strong>Term\u00e9k alkalmaz\u00e1sa <\/strong>: Haszn\u00e1lat el\u0151tt j\u00f3l r\u00e1zza fel az \u00fcveget. Vigye fel a term\u00e9ket a cip\u0151 fel\u00fclet\u00e9t\u0151l kb. 20 cm t\u00e1vols\u00e1gra. F\u00fajjon egy egyenletes, k\u00f6nny\u0171 r\u00e9teget az eg\u00e9sz cip\u0151re, a nedvess\u00e9gnek k\u00fcl\u00f6n\u00f6sen kitett ter\u00fcletekre \u00f6sszpontos\u00edtva, mint p\u00e9ld\u00e1ul a varr\u00e1sok \u00e9s a talp. Ker\u00fclje az anyagok t\u00faltel\u00edt\u00e9s\u00e9t - v\u00e9kony \u00e9s egyenletes r\u00e9teget vigyen fel. Ha vel\u00far- vagy nubukb\u0151rre alkalmazza, ker\u00fclje az anyag t\u00falzott nedves\u00edt\u00e9s\u00e9t a l\u00e1that\u00f3 foltok elker\u00fcl\u00e9se \u00e9rdek\u00e9ben.<\/li>\n<li><strong>Egyenletes lefedetts\u00e9g <\/strong>: Sz\u00fcks\u00e9g eset\u00e9n tiszta, puha ruh\u00e1val sim\u00edtsa el a term\u00e9ket az egyenletes eloszl\u00e1s \u00e9rdek\u00e9ben, k\u00fcl\u00f6n\u00f6sen azokon a ter\u00fcleteken, amelyeket a permet nem \u00e9r el. Ez seg\u00edt az egyenletes fedetts\u00e9g \u00e9s a hat\u00e9kony v\u00e9delem el\u00e9r\u00e9s\u00e9ben a cip\u0151 eg\u00e9sz\u00e9n.<\/li>\n<li><strong>Sz\u00e1rad\u00e1si id\u0151 <\/strong>: Hagyja sz\u00e1radni a cip\u0151t k\u00f6r\u00fclbel\u00fcl 1-2 \u00f3r\u00e1n \u00e1t szobah\u0151m\u00e9rs\u00e9kleten \u00e9s k\u00f6rnyezeti p\u00e1ratartalom mellett. Ne viselje a cip\u0151t a sz\u00e1r\u00edt\u00e1s alatt, hogy a v\u00e9delem ne s\u00e9r\u00fclj\u00f6n. Ha lehets\u00e9ges, a cip\u0151t j\u00f3l szell\u0151z\u0151 helyis\u00e9gben helyezze el.<\/li>\n<li><strong>\u00dajb\u00f3li alkalmaz\u00e1s <\/strong>: A haszn\u00e1lat f\u00fcggv\u00e9ny\u00e9ben a v\u00e9delem meger\u0151s\u00edt\u00e9se \u00e9rdek\u00e9ben egy m\u00e1sodik r\u00e9teget is felvihet, k\u00fcl\u00f6n\u00f6sen, ha a cip\u0151 gyakran van kit\u00e9ve nedves vagy piszkos k\u00f6r\u00fclm\u00e9nyeknek. A m\u00e1sodik r\u00e9teg felvitele el\u0151tt gy\u0151z\u0151dj\u00f6n meg r\u00f3la, hogy az els\u0151 r\u00e9teg teljesen megsz\u00e1radt.<\/li>\n<li><strong>Ut\u00f3gondoz\u00e1s <\/strong>: A felvitel ut\u00e1n a cip\u0151j\u00e9t a v\u00e9delem elt\u00e1vol\u00edt\u00e1sa n\u00e9lk\u00fcl, norm\u00e1l m\u00f3don tiszt\u00edthatja. Ker\u00fclje azonban a t\u00fal er\u0151teljes s\u00farol\u00e1st a kezelt ter\u00fcleteken. Ha sz\u00fcks\u00e9ges, a hat\u00e9konys\u00e1g fenntart\u00e1sa \u00e9rdek\u00e9ben 6 havonta, vagy a haszn\u00e1lat intenzit\u00e1s\u00e1t\u00f3l f\u00fcgg\u0151en gyakrabban alkalmazza \u00fajra a v\u00edz\u00e1ll\u00f3 anyagot.<\/li>\n<\/ul>\n<p>A cip\u0151v\u00edzlel\u0151 egy egyszer\u0171, gyors \u00e9s gazdas\u00e1gos term\u00e9k, amellyel meghosszabb\u00edthatja cip\u0151je \u00e9lettartam\u00e1t, mik\u00f6zben meg\u0151rzi annak megjelen\u00e9s\u00e9t. K\u00f6nny\u0171 alkalmazhat\u00f3s\u00e1g\u00e1nak \u00e9s tart\u00f3s formul\u00e1j\u00e1nak k\u00f6sz\u00f6nhet\u0151en minden cip\u0151tulajdonos n\u00e9lk\u00fcl\u00f6zhetetlen sz\u00f6vets\u00e9ges\u00e9v\u00e9 v\u00e1lik, legyen az b\u0151rb\u0151l, vel\u00farb\u00f3l, v\u00e1szonb\u00f3l vagy szintetikus anyagb\u00f3l k\u00e9sz\u00fclt. Ne hagyja, hogy a nedvess\u00e9g \u00e9s a foltok t\u00f6nkretegy\u00e9k cip\u0151j\u00e9t, v\u00e9dje meg \u0151ket er\u0151teljes \u00e9s l\u00e1thatatlan v\u00edz\u00e1ll\u00f3 megold\u00e1sunkkal.<\/p>","protected":false},"excerpt":{"rendered":"<p>Effective Protection Against Moisture and Stains.\u00a0This shoe waterproofer is the ideal solution to protect your shoes from the elements, humidity, mud, and stains. Whether your shoes are made of leather, canvas, suede, or nubuck, this product forms an invisible barrier that prevents water from penetrating while allowing the material to breathe. It keeps your feet [&hellip;]<\/p>\n","protected":false},"featured_media":30017,"comment_status":"open","ping_status":"closed","template":"","meta":{"_uag_custom_page_level_css":"","site-sidebar-layout":"default","site-content-layout":"","ast-site-content-layout":"default","site-content-style":"default","site-sidebar-style":"default","ast-global-header-display":"","ast-banner-title-visibility":"","ast-main-header-display":"","ast-hfb-above-header-display":"","ast-hfb-below-header-display":"","ast-hfb-mobile-header-display":"","site-post-title":"","ast-breadcrumbs-content":"","ast-featured-img":"","footer-sml-layout":"","ast-disable-related-posts":"","theme-transparent-header-meta":"default","adv-header-id-meta":"","stick-header-meta":"","header-above-stick-meta":"","header-main-stick-meta":"","header-below-stick-meta":"","astra-migrate-meta-layouts":"set","ast-page-background-enabled":"default","ast-page-background-meta":{"desktop":{"background-color":"var(--ast-global-color-4)","background-image":"","background-repeat":"repeat","background-position":"center center","background-size":"auto","background-attachment":"scroll","background-type":"","background-media":"","overlay-type":"","overlay-color":"","overlay-opacity":"","overlay-gradient":""},"tablet":{"background-color":"","background-image":"","background-repeat":"repeat","background-position":"center center","background-size":"auto","background-attachment":"scroll","background-type":"","background-media":"","overlay-type":"","overlay-color":"","overlay-opacity":"","overlay-gradient":""},"mobile":{"background-color":"","background-image":"","background-repeat":"repeat","background-position":"center center","background-size":"auto","background-attachment":"scroll","background-type":"","background-media":"","overlay-type":"","overlay-color":"","overlay-opacity":"","overlay-gradient":""}},"ast-content-background-meta":{"desktop":{"background-color":"var(--ast-global-color-5)","background-image":"","background-repeat":"repeat","background-position":"center center","background-size":"auto","background-attachment":"scroll","background-type":"","background-media":"","overlay-type":"","overlay-color":"","overlay-opacity":"","overlay-gradient":""},"tablet":{"background-color":"var(--ast-global-color-5)","background-image":"","background-repeat":"repeat","background-position":"center center","background-size":"auto","background-attachment":"scroll","background-type":"","background-media":"","overlay-type":"","overlay-color":"","overlay-opacity":"","overlay-gradient":""},"mobile":{"background-color":"var(--ast-global-color-5)","background-image":"","background-repeat":"repeat","background-position":"center center","background-size":"auto","background-attachment":"scroll","background-type":"","background-media":"","overlay-type":"","overlay-color":"","overlay-opacity":"","overlay-gradient":""}}},"product_brand":[],"product_cat":[191],"product_tag":[],"class_list":{"0":"post-25287","1":"product","2":"type-product","3":"status-publish","4":"has-post-thumbnail","6":"product_cat-water-repellent","7":"desktop-align-left","8":"tablet-align-left","9":"mobile-align-left","11":"first","12":"instock","13":"sale","14":"taxable","15":"shipping-taxable","16":"purchasable","17":"product-type-variable","18":"has-default-attributes"},"spectra_custom_meta":{"_visibility":["visible"],"_shopify_product_id":["9106574082293"],"_s2w_shopify_domain":["ferberpainting.myshopify.com"],"_shopify_variant_id":["46626284634357"],"_sku":[""],"_manage_stock":["no"],"total_sales":["33"],"_tax_status":["taxable"],"_tax_class":[""],"_backorders":["no"],"_sold_individually":["no"],"_virtual":["no"],"_downloadable":["no"],"_download_limit":["-1"],"_download_expiry":["-1"],"_stock":[null],"_stock_status":["instock"],"_wc_average_rating":["5.00"],"_wc_review_count":["10"],"_product_attributes":["a:1:{s:6:\"volume\";a:6:{s:4:\"name\";s:6:\"Volume\";s:5:\"value\";s:20:\"5 liters | 25 liters\";s:8:\"position\";i:1;s:10:\"is_visible\";i:0;s:12:\"is_variation\";i:1;s:11:\"is_taxonomy\";i:0;}}"],"_product_version":["10.5.1"],"wpse_downloadable_file_names":[""],"wpse_downloadable_file_urls":[""],"_edit_last":["1"],"_default_attributes":["a:1:{s:6:\"volume\";s:8:\"5 liters\";}"],"_edit_lock":["1771234208:1"],"_thumbnail_id":["30017"],"_wp_page_template":["default"],"_wp_old_date":["2025-05-26"],"_product_image_gallery":["30018"],"site-sidebar-layout":["default"],"ast-site-content-layout":["default"],"site-content-style":["default"],"site-sidebar-style":["default"],"theme-transparent-header-meta":["default"],"merchant-center-availability":["yes"],"merchant-center-category":["5604"],"_price":["29.90","129.90"],"_wc_rating_count":["a:1:{i:5;i:10;}"],"astra-migrate-meta-layouts":["set"],"_uag_css_file_name":["uag-css-25287.css"],"_elementor_page_assets":["a:0:{}"],"_uag_page_assets":["a:9:{s:3:\"css\";s:6873:\".wp-block-uagb-image{display:flex}.wp-block-uagb-image__figure{position:relative;display:flex;flex-direction:column;max-width:100%;height:auto;margin:0}.wp-block-uagb-image__figure img{height:auto;display:flex;max-width:100%;transition:box-shadow .2s ease}.wp-block-uagb-image__figure>a{display:inline-block}.wp-block-uagb-image__figure figcaption{text-align:center;margin-top:.5em;margin-bottom:1em}.wp-block-uagb-image .components-placeholder.block-editor-media-placeholder .components-placeholder__instructions{align-self:center}.wp-block-uagb-image--align-left{text-align:left}.wp-block-uagb-image--align-right{text-align:right}.wp-block-uagb-image--align-center{text-align:center}.wp-block-uagb-image--align-full .wp-block-uagb-image__figure{margin-left:calc(50% - 50vw);margin-right:calc(50% - 50vw);max-width:100vw;width:100vw;height:auto}.wp-block-uagb-image--align-full .wp-block-uagb-image__figure img{height:auto;width:100% !important}.wp-block-uagb-image--align-wide .wp-block-uagb-image__figure img{height:auto;width:100%}.wp-block-uagb-image--layout-overlay__color-wrapper{position:absolute;left:0;top:0;right:0;bottom:0;opacity:.2;background:rgba(0,0,0,.5);transition:opacity .35s ease-in-out}.wp-block-uagb-image--layout-overlay-link{position:absolute;left:0;right:0;bottom:0;top:0}.wp-block-uagb-image--layout-overlay .wp-block-uagb-image__figure:hover .wp-block-uagb-image--layout-overlay__color-wrapper{opacity:1}.wp-block-uagb-image--layout-overlay__inner{position:absolute;left:15px;right:15px;bottom:15px;top:15px;display:flex;align-items:center;justify-content:center;flex-direction:column;border-color:#fff;transition:.35s ease-in-out}.wp-block-uagb-image--layout-overlay__inner.top-left,.wp-block-uagb-image--layout-overlay__inner.top-center,.wp-block-uagb-image--layout-overlay__inner.top-right{justify-content:flex-start}.wp-block-uagb-image--layout-overlay__inner.bottom-left,.wp-block-uagb-image--layout-overlay__inner.bottom-center,.wp-block-uagb-image--layout-overlay__inner.bottom-right{justify-content:flex-end}.wp-block-uagb-image--layout-overlay__inner.top-left,.wp-block-uagb-image--layout-overlay__inner.center-left,.wp-block-uagb-image--layout-overlay__inner.bottom-left{align-items:flex-start}.wp-block-uagb-image--layout-overlay__inner.top-right,.wp-block-uagb-image--layout-overlay__inner.center-right,.wp-block-uagb-image--layout-overlay__inner.bottom-right{align-items:flex-end}.wp-block-uagb-image--layout-overlay__inner .uagb-image-heading{color:#fff;transition:transform .35s,opacity .35s ease-in-out;transform:translate3d(0, 24px, 0);margin:0;line-height:1em}.wp-block-uagb-image--layout-overlay__inner .uagb-image-separator{width:30%;border-top-width:2px;border-top-color:#fff;border-top-style:solid;margin-bottom:10px;opacity:0;transition:transform .4s,opacity .4s ease-in-out;transform:translate3d(0, 30px, 0)}.wp-block-uagb-image--layout-overlay__inner .uagb-image-caption{opacity:0;overflow:visible;color:#fff;transition:transform .45s,opacity .45s ease-in-out;transform:translate3d(0, 35px, 0)}.wp-block-uagb-image--layout-overlay__inner:hover .uagb-image-heading,.wp-block-uagb-image--layout-overlay__inner:hover .uagb-image-separator,.wp-block-uagb-image--layout-overlay__inner:hover .uagb-image-caption{opacity:1;transform:translate3d(0, 0, 0)}.wp-block-uagb-image--effect-zoomin .wp-block-uagb-image__figure img,.wp-block-uagb-image--effect-zoomin .wp-block-uagb-image__figure .wp-block-uagb-image--layout-overlay__color-wrapper{transform:scale(1);transition:transform .35s ease-in-out}.wp-block-uagb-image--effect-zoomin .wp-block-uagb-image__figure:hover img,.wp-block-uagb-image--effect-zoomin .wp-block-uagb-image__figure:hover .wp-block-uagb-image--layout-overlay__color-wrapper{transform:scale(1.05)}.wp-block-uagb-image--effect-slide .wp-block-uagb-image__figure img,.wp-block-uagb-image--effect-slide .wp-block-uagb-image__figure .wp-block-uagb-image--layout-overlay__color-wrapper{width:calc(100% + 40px) !important;max-width:none !important;transform:translate3d(-40px, 0, 0);transition:transform .35s ease-in-out}.wp-block-uagb-image--effect-slide .wp-block-uagb-image__figure:hover img,.wp-block-uagb-image--effect-slide .wp-block-uagb-image__figure:hover .wp-block-uagb-image--layout-overlay__color-wrapper{transform:translate3d(0, 0, 0)}.wp-block-uagb-image--effect-grayscale img{filter:grayscale(0%);transition:.35s ease-in-out}.wp-block-uagb-image--effect-grayscale:hover img{filter:grayscale(100%)}.wp-block-uagb-image--effect-blur img{filter:blur(0);transition:.35s ease-in-out}.wp-block-uagb-image--effect-blur:hover img{filter:blur(3px)}.uagb-block-e6f939b3.wp-block-uagb-image--layout-default figure img{box-shadow: 0px 0px 0 #00000070;}.uagb-block-e6f939b3.wp-block-uagb-image .wp-block-uagb-image__figure figcaption{font-style: normal;align-self: center;}.uagb-block-e6f939b3.wp-block-uagb-image--layout-overlay figure img{box-shadow: 0px 0px 0 #00000070;}.uagb-block-e6f939b3.wp-block-uagb-image--layout-overlay .wp-block-uagb-image--layout-overlay__color-wrapper{opacity: 0.2;}.uagb-block-e6f939b3.wp-block-uagb-image--layout-overlay .wp-block-uagb-image--layout-overlay__inner{left: 15px;right: 15px;top: 15px;bottom: 15px;}.uagb-block-e6f939b3.wp-block-uagb-image--layout-overlay .wp-block-uagb-image--layout-overlay__inner .uagb-image-heading{font-style: normal;color: #fff;opacity: 1;}.uagb-block-e6f939b3.wp-block-uagb-image--layout-overlay .wp-block-uagb-image--layout-overlay__inner .uagb-image-heading a{color: #fff;}.uagb-block-e6f939b3.wp-block-uagb-image--layout-overlay .wp-block-uagb-image--layout-overlay__inner .uagb-image-caption{opacity: 0;}.uagb-block-e6f939b3.wp-block-uagb-image--layout-overlay .wp-block-uagb-image__figure:hover .wp-block-uagb-image--layout-overlay__color-wrapper{opacity: 1;}.uagb-block-e6f939b3.wp-block-uagb-image .wp-block-uagb-image--layout-overlay__inner .uagb-image-separator{width: 30%;border-top-width: 2px;border-top-color: #fff;opacity: 0;}.uagb-block-e6f939b3.wp-block-uagb-image .wp-block-uagb-image__figure img{width: px;height: auto;}.uagb-block-e6f939b3.wp-block-uagb-image .wp-block-uagb-image__figure:hover .wp-block-uagb-image--layout-overlay__inner .uagb-image-caption{opacity: 1;}.uagb-block-e6f939b3.wp-block-uagb-image .wp-block-uagb-image__figure:hover .wp-block-uagb-image--layout-overlay__inner .uagb-image-separator{opacity: 1;}.uagb-block-e6f939b3.wp-block-uagb-image--layout-default figure:hover img{box-shadow: 0px 0px 0 #00000070;}.uagb-block-e6f939b3.wp-block-uagb-image--layout-overlay figure:hover img{box-shadow: 0px 0px 0 #00000070;}@media only screen and (max-width: 976px) {.uagb-block-e6f939b3.wp-block-uagb-image .wp-block-uagb-image__figure img{width: px;height: auto;}}@media only screen and (max-width: 767px) {.uagb-block-e6f939b3.wp-block-uagb-image .wp-block-uagb-image__figure img{width: px;height: auto;}}\";s:2:\"js\";s:0:\"\";s:18:\"current_block_list\";a:13:{i:0;s:11:\"core\/search\";i:1;s:10:\"core\/group\";i:2;s:12:\"core\/heading\";i:3;s:17:\"core\/latest-posts\";i:4;s:20:\"core\/latest-comments\";i:5;s:13:\"core\/archives\";i:6;s:15:\"core\/categories\";i:7;s:14:\"core\/paragraph\";i:8;s:10:\"uagb\/image\";i:9;s:11:\"core\/spacer\";i:10;s:30:\"woocommerce\/product-categories\";i:11;s:10:\"core\/image\";i:12;s:14:\"core\/shortcode\";}s:8:\"uag_flag\";b:1;s:11:\"uag_version\";s:10:\"1777264271\";s:6:\"gfonts\";a:0:{}s:10:\"gfonts_url\";s:0:\"\";s:12:\"gfonts_files\";a:0:{}s:14:\"uag_faq_layout\";b:0;}"]},"uagb_featured_image_src":{"full":["https:\/\/www.ferberpainting.com\/wp-content\/uploads\/2025\/05\/Shoe-Water-Repellent-5L.png",2560,2560,false],"thumbnail":["https:\/\/www.ferberpainting.com\/wp-content\/uploads\/2025\/05\/Shoe-Water-Repellent-5L-150x150.png",150,150,true],"medium":["https:\/\/www.ferberpainting.com\/wp-content\/uploads\/2025\/05\/Shoe-Water-Repellent-5L-300x300.png",300,300,true],"medium_large":["https:\/\/www.ferberpainting.com\/wp-content\/uploads\/2025\/05\/Shoe-Water-Repellent-5L-768x768.png",768,768,true],"large":["https:\/\/www.ferberpainting.com\/wp-content\/uploads\/2025\/05\/Shoe-Water-Repellent-5L-1024x1024.png",1024,1024,true],"1536x1536":["https:\/\/www.ferberpainting.com\/wp-content\/uploads\/2025\/05\/Shoe-Water-Repellent-5L-1536x1536.png",1536,1536,true],"2048x2048":["https:\/\/www.ferberpainting.com\/wp-content\/uploads\/2025\/05\/Shoe-Water-Repellent-5L-2048x2048.png",2048,2048,true],"trp-custom-language-flag":["https:\/\/www.ferberpainting.com\/wp-content\/uploads\/2025\/05\/Shoe-Water-Repellent-5L-12x12.png",12,12,true],"woocommerce_thumbnail":["https:\/\/www.ferberpainting.com\/wp-content\/uploads\/2025\/05\/Shoe-Water-Repellent-5L-300x300.png",300,300,true],"woocommerce_single":["https:\/\/www.ferberpainting.com\/wp-content\/uploads\/2025\/05\/Shoe-Water-Repellent-5L-600x600.png",600,600,true],"woocommerce_gallery_thumbnail":["https:\/\/www.ferberpainting.com\/wp-content\/uploads\/2025\/05\/Shoe-Water-Repellent-5L-100x100.png",100,100,true]},"uagb_author_info":{"display_name":"admin","author_link":"https:\/\/www.ferberpainting.com\/hu\/author\/"},"uagb_comment_info":10,"uagb_excerpt":"Effective Protection Against Moisture and Stains.\u00a0This shoe waterproofer is the ideal solution to protect your shoes from the elements, humidity, mud, and stains. Whether your shoes are made of leather, canvas, suede, or nubuck, this product forms an invisible barrier that prevents water from penetrating while allowing the material to breathe. It keeps your feet&hellip;","_links":{"self":[{"href":"https:\/\/www.ferberpainting.com\/hu\/wp-json\/wp\/v2\/product\/25287","targetHints":{"allow":["GET"]}}],"collection":[{"href":"https:\/\/www.ferberpainting.com\/hu\/wp-json\/wp\/v2\/product"}],"about":[{"href":"https:\/\/www.ferberpainting.com\/hu\/wp-json\/wp\/v2\/types\/product"}],"replies":[{"embeddable":true,"href":"https:\/\/www.ferberpainting.com\/hu\/wp-json\/wp\/v2\/comments?post=25287"}],"version-history":[{"count":4,"href":"https:\/\/www.ferberpainting.com\/hu\/wp-json\/wp\/v2\/product\/25287\/revisions"}],"predecessor-version":[{"id":167269,"href":"https:\/\/www.ferberpainting.com\/hu\/wp-json\/wp\/v2\/product\/25287\/revisions\/167269"}],"wp:featuredmedia":[{"embeddable":true,"href":"https:\/\/www.ferberpainting.com\/hu\/wp-json\/wp\/v2\/media\/30017"}],"wp:attachment":[{"href":"https:\/\/www.ferberpainting.com\/hu\/wp-json\/wp\/v2\/media?parent=25287"}],"wp:term":[{"taxonomy":"product_brand","embeddable":true,"href":"https:\/\/www.ferberpainting.com\/hu\/wp-json\/wp\/v2\/product_brand?post=25287"},{"taxonomy":"product_cat","embeddable":true,"href":"https:\/\/www.ferberpainting.com\/hu\/wp-json\/wp\/v2\/product_cat?post=25287"},{"taxonomy":"product_tag","embeddable":true,"href":"https:\/\/www.ferberpainting.com\/hu\/wp-json\/wp\/v2\/product_tag?post=25287"}],"curies":[{"name":"wp","href":"https:\/\/api.w.org\/{rel}","templated":true}]}}