{"id":25282,"date":"2025-05-26T10:30:20","date_gmt":"2025-05-26T08:30:20","guid":{"rendered":"https:\/\/www.ferberpainting.com\/products\/septic-tank-activator\/"},"modified":"2026-02-16T10:26:40","modified_gmt":"2026-02-16T09:26:40","slug":"septic-tank-activator","status":"publish","type":"product","link":"https:\/\/www.ferberpainting.com\/hu\/products\/septic-tank-activator\/","title":{"rendered":"Szeptikus tart\u00e1ly aktiv\u00e1tor"},"content":{"rendered":"<p><strong><img decoding=\"async\" style=\"margin-right: 12px;\" src=\"https:\/\/www.ferberpainting.com\/wp-content\/uploads\/2026\/02\/Check.svg\" alt=\"\" width=\"18\" height=\"15\" \/>Er\u0151teljes biol\u00f3giai aktiv\u00e1l\u00e1s a szeptikus tart\u00e1ly optim\u00e1lis teljes\u00edtm\u00e9ny\u00e9\u00e9rt.<\/strong> A szeptikus tart\u00e1lyaktiv\u00e1torunkat kifejezetten a szeptikus rendszerben l\u00e9v\u0151 term\u00e9szetes biol\u00f3giai egyens\u00faly helyre\u00e1ll\u00edt\u00e1s\u00e1ra \u00e9s fenntart\u00e1s\u00e1ra fejlesztett\u00fck ki. Gondosan kiv\u00e1lasztott akt\u00edv bakt\u00e9riumokat \u00e9s enzimeket tartalmaz, amelyek hat\u00e9konyan bontj\u00e1k le a szerves hullad\u00e9kot, \u00edgy biztos\u00edtva a zavartalan \u00e9s megb\u00edzhat\u00f3 m\u0171k\u00f6d\u00e9st eg\u00e9sz \u00e9vben.<\/p>\n<p><strong><img decoding=\"async\" style=\"margin-right: 12px;\" src=\"https:\/\/www.ferberpainting.com\/wp-content\/uploads\/2026\/02\/Check.svg\" alt=\"\" width=\"18\" height=\"15\" \/>A leghat\u00e9konyabb szeptikus tart\u00e1lykezel\u00e9s a piacon.<\/strong> Az akt\u00edv mikroorganizmusok magas koncentr\u00e1ci\u00f3j\u00e1nak k\u00f6sz\u00f6nhet\u0151en formul\u00e1nk felgyors\u00edtja a szil\u00e1rd anyagok leboml\u00e1s\u00e1t, cs\u00f6kkenti az iszapfelhalmoz\u00f3d\u00e1st \u00e9s jav\u00edtja a tart\u00e1ly \u00e1ltal\u00e1nos hat\u00e9konys\u00e1g\u00e1t. T\u00e1mogatja a term\u00e9szetes em\u00e9szt\u00e9si folyamatot, \u00e9s seg\u00edt megel\u0151zni a dugul\u00e1sokat \u00e9s a rendszer t\u00falterhel\u00e9s\u00e9t.<\/p>\n<p><strong><img decoding=\"async\" style=\"margin-right: 12px;\" src=\"https:\/\/www.ferberpainting.com\/wp-content\/uploads\/2026\/02\/Check.svg\" alt=\"\" width=\"18\" height=\"15\" \/>Verhetetlen \u00e1r.<\/strong> A szeptikus tart\u00e1ly karbantart\u00e1sa nem lehet dr\u00e1ga. Mi professzion\u00e1lis biol\u00f3giai teljes\u00edtm\u00e9nyt k\u00edn\u00e1lunk a legversenyk\u00e9pesebb \u00e1ron, \u00edgy maxim\u00e1lis hat\u00e9konys\u00e1got biztos\u00edtunk \u00d6nnek a legjobb \u00e1r-\u00e9rt\u00e9k ar\u00e1nyban.<\/p>\n<p><strong><img decoding=\"async\" style=\"margin-right: 12px;\" src=\"https:\/\/www.ferberpainting.com\/wp-content\/uploads\/2026\/02\/Check.svg\" alt=\"\" width=\"18\" height=\"15\" \/>P\u00e9nzvisszafizet\u00e9si garancia a teljes bizalom\u00e9rt.<\/strong> B\u00edzunk a szeptikus tart\u00e1lyaktiv\u00e1torunk hat\u00e9konys\u00e1g\u00e1ban. Ha nem teljesen el\u00e9gedett az eredm\u00e9nnyel, p\u00e9nzvisszafizet\u00e9si garanci\u00e1t v\u00e1llalunk. Egyszer\u0171en vegye fel vel\u00fcnk a kapcsolatot, \u00e9s mi haboz\u00e1s n\u00e9lk\u00fcl visszat\u00e9r\u00edtj\u00fck a v\u00e9tel\u00e1rat.<\/p>\n<p><strong><img decoding=\"async\" style=\"margin-right: 12px;\" src=\"https:\/\/www.ferberpainting.com\/wp-content\/uploads\/2026\/02\/Check.svg\" alt=\"\" width=\"18\" height=\"15\" \/>Gyors 24 \u00f3r\u00e1s sz\u00e1ll\u00edt\u00e1s az azonnali karbantart\u00e1shoz.<\/strong> Mindig 24 \u00f3r\u00e1s kisz\u00e1ll\u00edt\u00e1st biztos\u00edtunk, \u00edgy \u00d6n k\u00e9sedelem n\u00e9lk\u00fcl karbantarthatja vagy helyre\u00e1ll\u00edthatja szeptikus rendszer\u00e9t.<\/p>\n<p><strong><img decoding=\"async\" style=\"margin-right: 12px;\" src=\"https:\/\/www.ferberpainting.com\/wp-content\/uploads\/2026\/02\/Check.svg\" alt=\"\" width=\"18\" height=\"15\" \/>\u00c9vente egy palack az egyszer\u0171 karbantart\u00e1shoz.<\/strong> Koncentr\u00e1lt formul\u00e1nkat \u00e9ves haszn\u00e1latra tervezt\u00fck. \u00c9vente mind\u00f6ssze egy flakon elegend\u0151 egy norm\u00e1l h\u00e1ztart\u00e1si szeptikus tart\u00e1ly biol\u00f3giai egyens\u00faly\u00e1nak fenntart\u00e1s\u00e1hoz norm\u00e1l haszn\u00e1lati k\u00f6r\u00fclm\u00e9nyek k\u00f6z\u00f6tt.<\/p>\n<p><strong><img decoding=\"async\" style=\"margin-right: 12px;\" src=\"https:\/\/www.ferberpainting.com\/wp-content\/uploads\/2026\/02\/Check.svg\" alt=\"\" width=\"18\" height=\"15\" \/>Cs\u00f6kkenti a szagokat \u00e9s a kellemetlen szagokat.<\/strong> A szerves hullad\u00e9k lebont\u00e1s\u00e1nak fokoz\u00e1s\u00e1val az aktiv\u00e1tor jelent\u0151sen cs\u00f6kkenti a b\u0171z\u00f6s szag\u00fa g\u00e1zok k\u00e9pz\u0151d\u00e9s\u00e9t, \u00edgy a rendszer tiszt\u00e1n \u00e9s diszkr\u00e9ten m\u0171k\u00f6dik.<\/p>\n<p><strong><img decoding=\"async\" style=\"margin-right: 12px;\" src=\"https:\/\/www.ferberpainting.com\/wp-content\/uploads\/2026\/02\/Check.svg\" alt=\"\" width=\"18\" height=\"15\" \/>Megakad\u00e1lyozza az iszap felhalmoz\u00f3d\u00e1s\u00e1t \u00e9s a dugul\u00e1st.<\/strong> Rendszeres haszn\u00e1lata seg\u00edt korl\u00e1tozni a t\u00falzott iszapfelhalmoz\u00f3d\u00e1st, cs\u00f6kkentve a cs\u00f6vek, lefoly\u00f3k \u00e9s szikkaszt\u00f3rendszerek dugul\u00e1s\u00e1nak kock\u00e1zat\u00e1t.<\/p>\n<p><strong><img decoding=\"async\" style=\"margin-right: 12px;\" src=\"https:\/\/www.ferberpainting.com\/wp-content\/uploads\/2026\/02\/Check.svg\" alt=\"\" width=\"18\" height=\"15\" \/>K\u00f6rnyezetbar\u00e1t biol\u00f3giai megold\u00e1s.<\/strong> A term\u00e9k term\u00e9szetes bakt\u00e9riumkult\u00far\u00e1kon \u00e9s enzimeken alapul, olyan durva vegyi anyagok n\u00e9lk\u00fcl, amelyek megzavarhatj\u00e1k az \u00f6kosziszt\u00e9m\u00e1t vagy k\u00e1ros\u00edthatj\u00e1k a szeptikus rendszert.<\/p>\n<p><strong><img decoding=\"async\" style=\"margin-right: 12px;\" src=\"https:\/\/www.ferberpainting.com\/wp-content\/uploads\/2026\/02\/Check.svg\" alt=\"\" width=\"18\" height=\"15\" \/>Alkalmas minden szabv\u00e1nyos szeptikus rendszerhez.<\/strong> Kompatibilis a legt\u00f6bb hazai szeptikus tart\u00e1lyokkal, zs\u00edrcsapd\u00e1kkal \u00e9s szennyv\u00edzkezel\u0151 rendszerekkel, ha az utas\u00edt\u00e1soknak megfelel\u0151en haszn\u00e1lj\u00e1k.<\/p>\n<h2><strong>Utas\u00edt\u00e1sok<\/strong><\/h2>\n<ul>\n<li>\u00c9vente egy teljes palackot haszn\u00e1ljon fel egy \u00e1tlagos h\u00e1ztart\u00e1st kiszolg\u00e1l\u00f3 szabv\u00e1nyos szeptikus tart\u00e1lyhoz.<\/li>\n<li>Haszn\u00e1lat el\u0151tt alaposan r\u00e1zza fel a flakont, hogy biztos\u00edtsa az akt\u00edv bakt\u00e9riumok \u00e9s enzimek egyenletes eloszl\u00e1s\u00e1t.<\/li>\n<li>A term\u00e9ket ide\u00e1lis esetben akkor kell alkalmazni, amikor a tart\u00e1ly norm\u00e1l \u00fczemi szinten van, \u00e9s nem k\u00f6zvetlen\u00fcl a szivatty\u00faz\u00e1s ut\u00e1n.<\/li>\n<li>A legjobb eredm\u00e9ny el\u00e9r\u00e9se \u00e9rdek\u00e9ben a palack teljes tartalm\u00e1t \u00f6ntse k\u00f6zvetlen\u00fcl a szeptikus tart\u00e1lyhoz csatlakoztatott WC-be.<\/li>\n<li>Egyszer \u00f6bl\u00edtse \u00e1t, hogy a term\u00e9k bejusson a rendszerbe.<\/li>\n<li>Az aktiv\u00e1tort lehet\u0151leg este vigye fel, hogy a mikroorganizmusok egy \u00e9jszaka alatt zavartalanul dolgozhassanak.<\/li>\n<li>Az alkalmaz\u00e1s ut\u00e1n n\u00e9h\u00e1ny napig ne haszn\u00e1ljon nagy mennyis\u00e9g\u0171 feh\u00e9r\u00edt\u0151t, fert\u0151tlen\u00edt\u0151szert vagy durva k\u00e9miai tiszt\u00edt\u00f3szereket, mivel ezek cs\u00f6kkenthetik a bakt\u00e9riumok hat\u00e9konys\u00e1g\u00e1t.<\/li>\n<li>A nemr\u00e9giben szivatty\u00fazott vagy cs\u00f6kkent teljes\u00edtm\u00e9ny\u0171 rendszerek eset\u00e9ben az aktiv\u00e1tor k\u00f6zvetlen\u00fcl a szivatty\u00faz\u00e1s ut\u00e1n haszn\u00e1lhat\u00f3 a biol\u00f3giai egyens\u00faly helyre\u00e1ll\u00edt\u00e1sa \u00e9rdek\u00e9ben.<\/li>\n<li>Ne l\u00e9pje t\u00fal az aj\u00e1nlott \u00e9ves adagot, kiv\u00e9ve, ha a rendszer t\u00falm\u00e9retezett vagy szokatlanul nagy ig\u00e9nybev\u00e9telnek van kit\u00e9ve.<\/li>\n<li>Az \u00e1tlagosn\u00e1l nagyobb kihaszn\u00e1lts\u00e1g\u00fa h\u00e1ztart\u00e1sokban fontolja meg, hogy a palackot k\u00e9t f\u00e9l adagra osztja, hat h\u00f3napos id\u0151k\u00f6zzel.<\/li>\n<li>Rendszeresen ellen\u0151rizze a rendszer megfelel\u0151 v\u00edzelvezet\u00e9s\u00e9t \u00e9s a szagok hi\u00e1ny\u00e1t.<\/li>\n<li>Ker\u00fclje a biol\u00f3giailag nem leboml\u00f3 anyagok, t\u00f6rl\u0151kend\u0151k, eg\u00e9szs\u00e9g\u00fcgyi term\u00e9kek, olajok vagy t\u00falzott mennyis\u00e9g\u0171 vegyi anyagok szeptikus rendszerbe t\u00f6rt\u00e9n\u0151 elhelyez\u00e9s\u00e9t.<\/li>\n<li>Az \u00fcveget szorosan lez\u00e1rva, h\u0171v\u00f6s, sz\u00e1raz helyen, k\u00f6zvetlen napf\u00e9nyt\u0151l \u00e9s sz\u00e9ls\u0151s\u00e9ges h\u0151m\u00e9rs\u00e9klett\u0151l v\u00e9dve t\u00e1rolja.<\/li>\n<li>Gyermekek el\u0151l elz\u00e1rva tartand\u00f3, \u00e9s kezel\u00e9s k\u00f6zben ker\u00fclje a szemmel vagy b\u0151rrel val\u00f3 \u00e9rintkez\u00e9st.<\/li>\n<li>Ne nyelje le, \u00e9s haszn\u00e1lat ut\u00e1n mosson kezet.<\/li>\n<li>Az optim\u00e1lis hossz\u00fa t\u00e1v\u00fa karbantart\u00e1s \u00e9rdek\u00e9ben haszn\u00e1lja a szeptikus tart\u00e1lyaktiv\u00e1l\u00f3t minden \u00e9vben k\u00f6vetkezetesen.<\/li>\n<\/ul>\n<p>\u00c9vente egy palack alkalmaz\u00e1s\u00e1val \u00e9s a szeptikus rendszer megfelel\u0151 gyakorlat\u00e1nak betart\u00e1s\u00e1val szeptikus tart\u00e1lyaktiv\u00e1torunk seg\u00edt fenntartani a hat\u00e9kony biol\u00f3giai aktivit\u00e1st, cs\u00f6kkenti a szagokat, megakad\u00e1lyozza az iszap felhalmoz\u00f3d\u00e1s\u00e1t, \u00e9s meghosszabb\u00edtja a szeptikus berendez\u00e9s \u00e9lettartam\u00e1t.<\/p>","protected":false},"excerpt":{"rendered":"<p>Powerful biological activation for optimal septic tank performance. Our septic tank activator is specially formulated to restore and maintain the natural biological balance inside your septic system. It contains carefully selected active bacteria and enzymes that break down organic waste efficiently, ensuring smooth and reliable operation throughout the year. The most effective septic tank treatment [&hellip;]<\/p>\n","protected":false},"featured_media":27163,"comment_status":"open","ping_status":"closed","template":"","meta":{"_uag_custom_page_level_css":"","site-sidebar-layout":"default","site-content-layout":"","ast-site-content-layout":"default","site-content-style":"default","site-sidebar-style":"default","ast-global-header-display":"","ast-banner-title-visibility":"","ast-main-header-display":"","ast-hfb-above-header-display":"","ast-hfb-below-header-display":"","ast-hfb-mobile-header-display":"","site-post-title":"","ast-breadcrumbs-content":"","ast-featured-img":"","footer-sml-layout":"","ast-disable-related-posts":"","theme-transparent-header-meta":"default","adv-header-id-meta":"","stick-header-meta":"","header-above-stick-meta":"","header-main-stick-meta":"","header-below-stick-meta":"","astra-migrate-meta-layouts":"set","ast-page-background-enabled":"default","ast-page-background-meta":{"desktop":{"background-color":"var(--ast-global-color-4)","background-image":"","background-repeat":"repeat","background-position":"center center","background-size":"auto","background-attachment":"scroll","background-type":"","background-media":"","overlay-type":"","overlay-color":"","overlay-opacity":"","overlay-gradient":""},"tablet":{"background-color":"","background-image":"","background-repeat":"repeat","background-position":"center center","background-size":"auto","background-attachment":"scroll","background-type":"","background-media":"","overlay-type":"","overlay-color":"","overlay-opacity":"","overlay-gradient":""},"mobile":{"background-color":"","background-image":"","background-repeat":"repeat","background-position":"center center","background-size":"auto","background-attachment":"scroll","background-type":"","background-media":"","overlay-type":"","overlay-color":"","overlay-opacity":"","overlay-gradient":""}},"ast-content-background-meta":{"desktop":{"background-color":"var(--ast-global-color-5)","background-image":"","background-repeat":"repeat","background-position":"center center","background-size":"auto","background-attachment":"scroll","background-type":"","background-media":"","overlay-type":"","overlay-color":"","overlay-opacity":"","overlay-gradient":""},"tablet":{"background-color":"var(--ast-global-color-5)","background-image":"","background-repeat":"repeat","background-position":"center center","background-size":"auto","background-attachment":"scroll","background-type":"","background-media":"","overlay-type":"","overlay-color":"","overlay-opacity":"","overlay-gradient":""},"mobile":{"background-color":"var(--ast-global-color-5)","background-image":"","background-repeat":"repeat","background-position":"center center","background-size":"auto","background-attachment":"scroll","background-type":"","background-media":"","overlay-type":"","overlay-color":"","overlay-opacity":"","overlay-gradient":""}}},"product_brand":[],"product_cat":[175],"product_tag":[],"class_list":{"0":"post-25282","1":"product","2":"type-product","3":"status-publish","4":"has-post-thumbnail","6":"product_cat-cleaning-products","7":"desktop-align-left","8":"tablet-align-left","9":"mobile-align-left","11":"first","12":"instock","13":"taxable","14":"shipping-taxable","15":"purchasable","16":"product-type-simple"},"spectra_custom_meta":{"_visibility":["visible"],"_shopify_product_id":["8050147328245"],"_s2w_shopify_domain":["ferberpainting.myshopify.com"],"_shopify_variant_id":["43843142975733"],"_sku":["FPSEPTICTANKACTIVATOR"],"_regular_price":["29.90"],"_price":["29.90"],"_sale_price":[""],"_weight":["1.3"],"_thumbnail_id":["27163"],"_global_unique_id":["5056773807464"],"total_sales":["29"],"_tax_status":["taxable"],"_tax_class":[""],"_manage_stock":["no"],"_backorders":["no"],"_sold_individually":["no"],"_virtual":["no"],"_downloadable":["no"],"_download_limit":["-1"],"_download_expiry":["-1"],"_stock":[null],"_stock_status":["instock"],"_wc_average_rating":["4.97"],"_wc_review_count":["68"],"_product_version":["10.5.1"],"_edit_lock":["1771233864:1"],"merchant-center-availability":["yes"],"merchant-center-category":["7470"],"merchant-center-id":["ADFS"],"_edit_last":["1"],"_wp_page_template":["default"],"site-sidebar-layout":["default"],"ast-site-content-layout":["default"],"site-content-style":["default"],"site-sidebar-style":["default"],"theme-transparent-header-meta":["default"],"_wc_rating_count":["a:2:{i:4;i:2;i:5;i:66;}"],"astra-migrate-meta-layouts":["set"],"_uag_css_file_name":["uag-css-25282.css"],"_elementor_page_assets":["a:0:{}"],"_uag_page_assets":["a:9:{s:3:\"css\";s:7133:\".uag-blocks-common-selector{z-index:var(--z-index-desktop) !important}@media(max-width: 976px){.uag-blocks-common-selector{z-index:var(--z-index-tablet) !important}}@media(max-width: 767px){.uag-blocks-common-selector{z-index:var(--z-index-mobile) !important}}.wp-block-uagb-image{display:flex}.wp-block-uagb-image__figure{position:relative;display:flex;flex-direction:column;max-width:100%;height:auto;margin:0}.wp-block-uagb-image__figure img{height:auto;display:flex;max-width:100%;transition:box-shadow .2s ease}.wp-block-uagb-image__figure>a{display:inline-block}.wp-block-uagb-image__figure figcaption{text-align:center;margin-top:.5em;margin-bottom:1em}.wp-block-uagb-image .components-placeholder.block-editor-media-placeholder .components-placeholder__instructions{align-self:center}.wp-block-uagb-image--align-left{text-align:left}.wp-block-uagb-image--align-right{text-align:right}.wp-block-uagb-image--align-center{text-align:center}.wp-block-uagb-image--align-full .wp-block-uagb-image__figure{margin-left:calc(50% - 50vw);margin-right:calc(50% - 50vw);max-width:100vw;width:100vw;height:auto}.wp-block-uagb-image--align-full .wp-block-uagb-image__figure img{height:auto;width:100% !important}.wp-block-uagb-image--align-wide .wp-block-uagb-image__figure img{height:auto;width:100%}.wp-block-uagb-image--layout-overlay__color-wrapper{position:absolute;left:0;top:0;right:0;bottom:0;opacity:.2;background:rgba(0,0,0,.5);transition:opacity .35s ease-in-out}.wp-block-uagb-image--layout-overlay-link{position:absolute;left:0;right:0;bottom:0;top:0}.wp-block-uagb-image--layout-overlay .wp-block-uagb-image__figure:hover .wp-block-uagb-image--layout-overlay__color-wrapper{opacity:1}.wp-block-uagb-image--layout-overlay__inner{position:absolute;left:15px;right:15px;bottom:15px;top:15px;display:flex;align-items:center;justify-content:center;flex-direction:column;border-color:#fff;transition:.35s ease-in-out}.wp-block-uagb-image--layout-overlay__inner.top-left,.wp-block-uagb-image--layout-overlay__inner.top-center,.wp-block-uagb-image--layout-overlay__inner.top-right{justify-content:flex-start}.wp-block-uagb-image--layout-overlay__inner.bottom-left,.wp-block-uagb-image--layout-overlay__inner.bottom-center,.wp-block-uagb-image--layout-overlay__inner.bottom-right{justify-content:flex-end}.wp-block-uagb-image--layout-overlay__inner.top-left,.wp-block-uagb-image--layout-overlay__inner.center-left,.wp-block-uagb-image--layout-overlay__inner.bottom-left{align-items:flex-start}.wp-block-uagb-image--layout-overlay__inner.top-right,.wp-block-uagb-image--layout-overlay__inner.center-right,.wp-block-uagb-image--layout-overlay__inner.bottom-right{align-items:flex-end}.wp-block-uagb-image--layout-overlay__inner .uagb-image-heading{color:#fff;transition:transform .35s,opacity .35s ease-in-out;transform:translate3d(0, 24px, 0);margin:0;line-height:1em}.wp-block-uagb-image--layout-overlay__inner .uagb-image-separator{width:30%;border-top-width:2px;border-top-color:#fff;border-top-style:solid;margin-bottom:10px;opacity:0;transition:transform .4s,opacity .4s ease-in-out;transform:translate3d(0, 30px, 0)}.wp-block-uagb-image--layout-overlay__inner .uagb-image-caption{opacity:0;overflow:visible;color:#fff;transition:transform .45s,opacity .45s ease-in-out;transform:translate3d(0, 35px, 0)}.wp-block-uagb-image--layout-overlay__inner:hover .uagb-image-heading,.wp-block-uagb-image--layout-overlay__inner:hover .uagb-image-separator,.wp-block-uagb-image--layout-overlay__inner:hover .uagb-image-caption{opacity:1;transform:translate3d(0, 0, 0)}.wp-block-uagb-image--effect-zoomin .wp-block-uagb-image__figure img,.wp-block-uagb-image--effect-zoomin .wp-block-uagb-image__figure .wp-block-uagb-image--layout-overlay__color-wrapper{transform:scale(1);transition:transform .35s ease-in-out}.wp-block-uagb-image--effect-zoomin .wp-block-uagb-image__figure:hover img,.wp-block-uagb-image--effect-zoomin .wp-block-uagb-image__figure:hover .wp-block-uagb-image--layout-overlay__color-wrapper{transform:scale(1.05)}.wp-block-uagb-image--effect-slide .wp-block-uagb-image__figure img,.wp-block-uagb-image--effect-slide .wp-block-uagb-image__figure .wp-block-uagb-image--layout-overlay__color-wrapper{width:calc(100% + 40px) !important;max-width:none !important;transform:translate3d(-40px, 0, 0);transition:transform .35s ease-in-out}.wp-block-uagb-image--effect-slide .wp-block-uagb-image__figure:hover img,.wp-block-uagb-image--effect-slide .wp-block-uagb-image__figure:hover .wp-block-uagb-image--layout-overlay__color-wrapper{transform:translate3d(0, 0, 0)}.wp-block-uagb-image--effect-grayscale img{filter:grayscale(0%);transition:.35s ease-in-out}.wp-block-uagb-image--effect-grayscale:hover img{filter:grayscale(100%)}.wp-block-uagb-image--effect-blur img{filter:blur(0);transition:.35s ease-in-out}.wp-block-uagb-image--effect-blur:hover img{filter:blur(3px)}.uagb-block-e6f939b3.wp-block-uagb-image--layout-default figure img{box-shadow: 0px 0px 0 #00000070;}.uagb-block-e6f939b3.wp-block-uagb-image .wp-block-uagb-image__figure figcaption{font-style: normal;align-self: center;}.uagb-block-e6f939b3.wp-block-uagb-image--layout-overlay figure img{box-shadow: 0px 0px 0 #00000070;}.uagb-block-e6f939b3.wp-block-uagb-image--layout-overlay .wp-block-uagb-image--layout-overlay__color-wrapper{opacity: 0.2;}.uagb-block-e6f939b3.wp-block-uagb-image--layout-overlay .wp-block-uagb-image--layout-overlay__inner{left: 15px;right: 15px;top: 15px;bottom: 15px;}.uagb-block-e6f939b3.wp-block-uagb-image--layout-overlay .wp-block-uagb-image--layout-overlay__inner .uagb-image-heading{font-style: normal;color: #fff;opacity: 1;}.uagb-block-e6f939b3.wp-block-uagb-image--layout-overlay .wp-block-uagb-image--layout-overlay__inner .uagb-image-heading a{color: #fff;}.uagb-block-e6f939b3.wp-block-uagb-image--layout-overlay .wp-block-uagb-image--layout-overlay__inner .uagb-image-caption{opacity: 0;}.uagb-block-e6f939b3.wp-block-uagb-image--layout-overlay .wp-block-uagb-image__figure:hover .wp-block-uagb-image--layout-overlay__color-wrapper{opacity: 1;}.uagb-block-e6f939b3.wp-block-uagb-image .wp-block-uagb-image--layout-overlay__inner .uagb-image-separator{width: 30%;border-top-width: 2px;border-top-color: #fff;opacity: 0;}.uagb-block-e6f939b3.wp-block-uagb-image .wp-block-uagb-image__figure img{width: px;height: auto;}.uagb-block-e6f939b3.wp-block-uagb-image .wp-block-uagb-image__figure:hover .wp-block-uagb-image--layout-overlay__inner .uagb-image-caption{opacity: 1;}.uagb-block-e6f939b3.wp-block-uagb-image .wp-block-uagb-image__figure:hover .wp-block-uagb-image--layout-overlay__inner .uagb-image-separator{opacity: 1;}.uagb-block-e6f939b3.wp-block-uagb-image--layout-default figure:hover img{box-shadow: 0px 0px 0 #00000070;}.uagb-block-e6f939b3.wp-block-uagb-image--layout-overlay figure:hover img{box-shadow: 0px 0px 0 #00000070;}@media only screen and (max-width: 976px) {.uagb-block-e6f939b3.wp-block-uagb-image .wp-block-uagb-image__figure img{width: px;height: auto;}}@media only screen and (max-width: 767px) {.uagb-block-e6f939b3.wp-block-uagb-image .wp-block-uagb-image__figure img{width: px;height: auto;}}\";s:2:\"js\";s:0:\"\";s:18:\"current_block_list\";a:13:{i:0;s:11:\"core\/search\";i:1;s:10:\"core\/group\";i:2;s:12:\"core\/heading\";i:3;s:17:\"core\/latest-posts\";i:4;s:20:\"core\/latest-comments\";i:5;s:13:\"core\/archives\";i:6;s:15:\"core\/categories\";i:7;s:14:\"core\/paragraph\";i:8;s:10:\"uagb\/image\";i:9;s:11:\"core\/spacer\";i:10;s:30:\"woocommerce\/product-categories\";i:11;s:10:\"core\/image\";i:12;s:14:\"core\/shortcode\";}s:8:\"uag_flag\";b:1;s:11:\"uag_version\";s:10:\"1777228722\";s:6:\"gfonts\";a:0:{}s:10:\"gfonts_url\";s:0:\"\";s:12:\"gfonts_files\";a:0:{}s:14:\"uag_faq_layout\";b:0;}"]},"uagb_featured_image_src":{"full":["https:\/\/www.ferberpainting.com\/wp-content\/uploads\/2025\/05\/septicTankactivator.jpg",1920,2560,false],"thumbnail":["https:\/\/www.ferberpainting.com\/wp-content\/uploads\/2025\/05\/septicTankactivator-150x150.jpg",150,150,true],"medium":["https:\/\/www.ferberpainting.com\/wp-content\/uploads\/2025\/05\/septicTankactivator-225x300.jpg",225,300,true],"medium_large":["https:\/\/www.ferberpainting.com\/wp-content\/uploads\/2025\/05\/septicTankactivator-768x1024.jpg",768,1024,true],"large":["https:\/\/www.ferberpainting.com\/wp-content\/uploads\/2025\/05\/septicTankactivator-768x1024.jpg",768,1024,true],"1536x1536":["https:\/\/www.ferberpainting.com\/wp-content\/uploads\/2025\/05\/septicTankactivator-1152x1536.jpg",1152,1536,true],"2048x2048":["https:\/\/www.ferberpainting.com\/wp-content\/uploads\/2025\/05\/septicTankactivator-1536x2048.jpg",1536,2048,true],"trp-custom-language-flag":["https:\/\/www.ferberpainting.com\/wp-content\/uploads\/2025\/05\/septicTankactivator-9x12.jpg",9,12,true],"woocommerce_thumbnail":["https:\/\/www.ferberpainting.com\/wp-content\/uploads\/2025\/05\/septicTankactivator-300x300.jpg",300,300,true],"woocommerce_single":["https:\/\/www.ferberpainting.com\/wp-content\/uploads\/2025\/05\/septicTankactivator-600x800.jpg",600,800,true],"woocommerce_gallery_thumbnail":["https:\/\/www.ferberpainting.com\/wp-content\/uploads\/2025\/05\/septicTankactivator-100x100.jpg",100,100,true]},"uagb_author_info":{"display_name":"admin","author_link":"https:\/\/www.ferberpainting.com\/hu\/author\/"},"uagb_comment_info":68,"uagb_excerpt":"Powerful biological activation for optimal septic tank performance. Our septic tank activator is specially formulated to restore and maintain the natural biological balance inside your septic system. It contains carefully selected active bacteria and enzymes that break down organic waste efficiently, ensuring smooth and reliable operation throughout the year. The most effective septic tank treatment&hellip;","_links":{"self":[{"href":"https:\/\/www.ferberpainting.com\/hu\/wp-json\/wp\/v2\/product\/25282","targetHints":{"allow":["GET"]}}],"collection":[{"href":"https:\/\/www.ferberpainting.com\/hu\/wp-json\/wp\/v2\/product"}],"about":[{"href":"https:\/\/www.ferberpainting.com\/hu\/wp-json\/wp\/v2\/types\/product"}],"replies":[{"embeddable":true,"href":"https:\/\/www.ferberpainting.com\/hu\/wp-json\/wp\/v2\/comments?post=25282"}],"version-history":[{"count":3,"href":"https:\/\/www.ferberpainting.com\/hu\/wp-json\/wp\/v2\/product\/25282\/revisions"}],"predecessor-version":[{"id":167259,"href":"https:\/\/www.ferberpainting.com\/hu\/wp-json\/wp\/v2\/product\/25282\/revisions\/167259"}],"wp:featuredmedia":[{"embeddable":true,"href":"https:\/\/www.ferberpainting.com\/hu\/wp-json\/wp\/v2\/media\/27163"}],"wp:attachment":[{"href":"https:\/\/www.ferberpainting.com\/hu\/wp-json\/wp\/v2\/media?parent=25282"}],"wp:term":[{"taxonomy":"product_brand","embeddable":true,"href":"https:\/\/www.ferberpainting.com\/hu\/wp-json\/wp\/v2\/product_brand?post=25282"},{"taxonomy":"product_cat","embeddable":true,"href":"https:\/\/www.ferberpainting.com\/hu\/wp-json\/wp\/v2\/product_cat?post=25282"},{"taxonomy":"product_tag","embeddable":true,"href":"https:\/\/www.ferberpainting.com\/hu\/wp-json\/wp\/v2\/product_tag?post=25282"}],"curies":[{"name":"wp","href":"https:\/\/api.w.org\/{rel}","templated":true}]}}