{"id":25276,"date":"2025-06-30T22:03:05","date_gmt":"2025-06-30T20:03:05","guid":{"rendered":"https:\/\/www.ferberpainting.com\/?post_type=product&#038;p=25276"},"modified":"2026-02-16T09:09:43","modified_gmt":"2026-02-16T08:09:43","slug":"rust-remover","status":"publish","type":"product","link":"https:\/\/www.ferberpainting.com\/hu\/products\/rust-remover\/","title":{"rendered":"Rozsdaelt\u00e1vol\u00edt\u00f3"},"content":{"rendered":"<p><strong><img decoding=\"async\" style=\"margin-right: 12px;\" src=\"https:\/\/www.ferberpainting.com\/wp-content\/uploads\/2026\/02\/Check.svg\" alt=\"\" width=\"18\" height=\"15\" \/>Optim\u00e1lis hat\u00e9konys\u00e1g.<\/strong> Ezt a rozsdaelt\u00e1vol\u00edt\u00f3t \u00fagy tervezt\u00e9k, hogy gyorsan \u00e9s hat\u00e9konyan t\u00e1vol\u00edtsa el a rozsdafoltokat, a fel\u00fcleti oxid\u00e1ci\u00f3t \u00e9s a vaslerak\u00f3d\u00e1sokat a legk\u00fcl\u00f6nb\u00f6z\u0151bb fel\u00fcletekr\u0151l. Er\u0151teljes formul\u00e1j\u00e1nak k\u00f6sz\u00f6nhet\u0151en m\u00e9lyen behatol, hogy feloldja a rozsd\u00e1t an\u00e9lk\u00fcl, hogy k\u00e1ros\u00edtan\u00e1 az alatta l\u00e9v\u0151 anyagokat. Nemcsak a f\u00e9mfel\u00fcletek eredeti megjelen\u00e9s\u00e9t \u00e1ll\u00edtja vissza, hanem a kialakul\u00e1s\u00e1\u00e9rt felel\u0151s szennyez\u0151d\u00e9sek elt\u00e1vol\u00edt\u00e1s\u00e1val seg\u00edt megel\u0151zni a rozsda visszat\u00e9r\u00e9s\u00e9t.<\/p>\n<p><strong><img decoding=\"async\" style=\"margin-right: 12px;\" src=\"https:\/\/www.ferberpainting.com\/wp-content\/uploads\/2026\/02\/Check.svg\" alt=\"\" width=\"18\" height=\"15\" \/>P\u00e9nzvisszafizet\u00e9si garancia.<\/strong> Teljes m\u00e9rt\u00e9kben b\u00edzunk a rozsdaelt\u00e1vol\u00edt\u00f3 szer\u00fcnk hat\u00e9konys\u00e1g\u00e1ban. Ha a haszn\u00e1lat ut\u00e1n nem teljesen el\u00e9gedett az eredm\u00e9nnyel, teljes visszat\u00e9r\u00edt\u00e9sre jogosult. Pr\u00f3b\u00e1lja ki term\u00e9k\u00fcnket kock\u00e1zatmentesen, \u00e9s \u00e9lvezze az oxid\u00e1ci\u00f3t\u00f3l v\u00e9dett, tiszta, f\u00e9nyes f\u00e9mfel\u00fcleteket.<\/p>\n<p><strong><img decoding=\"async\" style=\"margin-right: 12px;\" src=\"https:\/\/www.ferberpainting.com\/wp-content\/uploads\/2026\/02\/Check.svg\" alt=\"\" width=\"18\" height=\"15\" \/>Kiv\u00e9teles sokoldal\u00fas\u00e1g.<\/strong>\u00a0Ez a tiszt\u00edt\u00f3szer nem korl\u00e1toz\u00f3dik a f\u00e9mfel\u00fcletekre! Hat\u00e9kony a betonon, cementen, habarcson, csemp\u00e9ken, term\u00e9szetes k\u00f6veken \u00e9s bizonyos savas term\u00e9kekkel szemben ellen\u00e1ll\u00f3 m\u0171anyagokon is. Haszn\u00e1lhat\u00f3 szersz\u00e1mok, mechanikus alkatr\u00e9szek, kapuk, ker\u00edt\u00e9sek, k\u00fclt\u00e9ri b\u00fatorok, f\u00e9ml\u00e9pcs\u0151k, korl\u00e1tok, ker\u00e9kp\u00e1rok, motorker\u00e9kp\u00e1rok, r\u00e9gi aut\u00f3k karossz\u00e9ri\u00e1j\u00e1nak tiszt\u00edt\u00e1s\u00e1ra \u00e9s m\u00e9g sok m\u00e1sra. Er\u0151teljes hat\u00e1sa miatt a rozsd\u00e1s fel\u00fcletek karbantart\u00e1s\u00e1hoz n\u00e9lk\u00fcl\u00f6zhetetlen term\u00e9k, mind h\u00e1ztart\u00e1si, mind professzion\u00e1lis k\u00f6rnyezetben.<\/p>\n<p><strong><img decoding=\"async\" style=\"margin-right: 12px;\" src=\"https:\/\/www.ferberpainting.com\/wp-content\/uploads\/2026\/02\/Check.svg\" alt=\"\" width=\"18\" height=\"15\" \/>K\u00f6lts\u00e9ghat\u00e9kony teljes\u00edtm\u00e9ny.<\/strong>\u00a0Az 5 literes tart\u00e1ly\u00e1nak \u00e9s az optim\u00e1lis koncentr\u00e1ci\u00f3nak k\u00f6sz\u00f6nhet\u0151en ez a tiszt\u00edt\u00f3szer kiv\u00e1l\u00f3 \u00e9rt\u00e9ket k\u00edn\u00e1l. Kis mennyis\u00e9g elegend\u0151 ahhoz, hogy a k\u00fcl\u00f6nb\u00f6z\u0151 fel\u00fcleteken l\u00e9v\u0151 nagy mennyis\u00e9g\u0171 rozsd\u00e1t k\u00f6nnyed\u00e9n elt\u00e1vol\u00edtsa. \u00c1tlagosan egy liter term\u00e9kkel ak\u00e1r 50 m\u00b2 enyh\u00e9n rozsd\u00e1sodott f\u00e9mfel\u00fcletet is kezelhet, \u00edgy gazdas\u00e1gos \u00e9s hat\u00e9kony megold\u00e1st k\u00edn\u00e1l rendszeres vagy intenz\u00edv haszn\u00e1latra.<\/p>\n<p><strong><img decoding=\"async\" style=\"margin-right: 12px;\" src=\"https:\/\/www.ferberpainting.com\/wp-content\/uploads\/2026\/02\/Check.svg\" alt=\"\" width=\"18\" height=\"15\" \/>Biztons\u00e1gosan haszn\u00e1lhat\u00f3.<\/strong>\u00a0A klasszikus, s\u00f3savat vagy foszforsavat tartalmaz\u00f3, a fel\u00fcletekre nagyon agressz\u00edv \u00e9s vesz\u00e9lyes kezel\u00e9st ig\u00e9nyl\u0151 rozsdag\u00e1tl\u00f3 term\u00e9kekkel ellent\u00e9tben ez a tiszt\u00edt\u00f3szer m\u00e9rgez\u0151 vegy\u00fcletek \u00e9s er\u0151sen korrod\u00e1l\u00f3 anyagok n\u00e9lk\u00fcl k\u00e9sz\u00fclt. Nem bocs\u00e1t ki k\u00e1ros g\u0151z\u00f6ket, nem okoz \u00e9g\u00e9si s\u00e9r\u00fcl\u00e9seket, \u00e9s tiszteletben tartja a t\u00f6r\u00e9keny anyagokat, mik\u00f6zben hat\u00e9kony marad. Az utas\u00edt\u00e1snak megfelel\u0151en haszn\u00e1lva biztons\u00e1gos a felhaszn\u00e1l\u00f3 sz\u00e1m\u00e1ra, \u00e9s haszn\u00e1lat ut\u00e1n le\u00f6bl\u00edtve k\u00f6rnyezetbar\u00e1t.<\/p>\n<p><strong><img decoding=\"async\" style=\"margin-right: 12px;\" src=\"https:\/\/www.ferberpainting.com\/wp-content\/uploads\/2026\/02\/Check.svg\" alt=\"\" width=\"18\" height=\"15\" \/>K\u00f6nny\u0171 haszn\u00e1lat.<\/strong>\u00a0Ez a term\u00e9k azonnal felhaszn\u00e1lhat\u00f3, nem ig\u00e9nyel h\u00edg\u00edt\u00e1st vagy \u00f6sszetett el\u0151k\u00e9sz\u00edt\u00e9st. K\u00f6zvetlen\u00fcl a rozsd\u00e1s fel\u00fcletre kell felvinni ecsettel, ruh\u00e1val, szivaccsal vagy sz\u00f3r\u00f3fejes flakonnal. Gyors hat\u00e1sa percek alatt elt\u00e1vol\u00edtja az oxid\u00e1ci\u00f3s foltokat, neh\u00e9z ecsetel\u00e9s vagy bonyolult kezel\u00e9s n\u00e9lk\u00fcl. Alkalmaz\u00e1sa ut\u00e1n nem ig\u00e9nyel semleges\u00edt\u00e9st, ami leegyszer\u0171s\u00edti a haszn\u00e1lat\u00e1t \u00e9s felgyors\u00edtja a tiszt\u00edt\u00e1si folyamatot.<\/p>\n<p><strong><img decoding=\"async\" style=\"margin-right: 12px;\" src=\"https:\/\/www.ferberpainting.com\/wp-content\/uploads\/2026\/02\/Check.svg\" alt=\"\" width=\"18\" height=\"15\" \/>Kiterjesztett tart\u00f3ss\u00e1g.<\/strong>\u00a0A rozsda hat\u00e9kony elt\u00e1vol\u00edt\u00e1s\u00e1val \u00e9s az oxid\u00e1ci\u00f3t el\u0151seg\u00edt\u0151 maradv\u00e1nyok eltakar\u00edt\u00e1s\u00e1val ez a tiszt\u00edt\u00f3szer seg\u00edt meghosszabb\u00edtani a nedvess\u00e9gnek kitett f\u00e9mfel\u00fcletek \u00e9s anyagok \u00e9lettartam\u00e1t. A nedvess\u00e9get megk\u00f6t\u0151 \u00e9s az anyagkop\u00e1st felgyors\u00edt\u00f3 r\u00e9szecsk\u00e9k elt\u00e1vol\u00edt\u00e1s\u00e1val jelent\u0151sen cs\u00f6kkenti a j\u00f6v\u0151beli korr\u00f3zi\u00f3 kock\u00e1zat\u00e1t. A term\u00e9k rendszeres haszn\u00e1lata meg\u0151rzi a fel\u00fcletek \u00e9ps\u00e9g\u00e9t, \u00e9s elker\u00fcli a k\u00f6lts\u00e9ges jav\u00edt\u00e1sokat vagy cser\u00e9ket.<\/p>\n<p><strong><img decoding=\"async\" style=\"margin-right: 12px;\" src=\"https:\/\/www.ferberpainting.com\/wp-content\/uploads\/2026\/02\/Check.svg\" alt=\"\" width=\"18\" height=\"15\" \/>Gyors akci\u00f3.<\/strong>\u00a0A rendk\u00edv\u00fcl akt\u00edv formul\u00e1nak k\u00f6sz\u00f6nhet\u0151en ez a tiszt\u00edt\u00f3szer azonnal hat a rozsdafoltokra \u00e9s az oxid\u00e1lt lerak\u00f3d\u00e1sokra. N\u00e9h\u00e1ny perc alatt feloldja a korr\u00f3zi\u00f3t, \u00e9s megk\u00f6nny\u00edti az elt\u00e1vol\u00edt\u00e1st an\u00e9lk\u00fcl, hogy er\u0151s kapar\u00e1sra lenne sz\u00fcks\u00e9g. Gyors \u00e9s hat\u00e9kony tiszt\u00edt\u00e1st tesz lehet\u0151v\u00e9 - ide\u00e1lis f\u00e9mfel\u00fcletek, kov\u00e1csoltvas szerkezetek, \u00e9p\u00edt\u0151ipari alkatr\u00e9szek \u00e9s ipari berendez\u00e9sek helyre\u00e1ll\u00edt\u00e1s\u00e1hoz.<\/p>\n<h2><strong>Haszn\u00e1lati protokoll<\/strong><\/h2>\n<ul>\n<li><strong>El\u0151k\u00e9sz\u00edt\u00e9s <\/strong>: Gy\u0151z\u0151dj\u00f6n meg r\u00f3la, hogy a tiszt\u00edtand\u00f3 fel\u00fclet sz\u00e1raz vagy enyh\u00e9n nedves, miel\u0151tt a term\u00e9ket alkalmazza. Porolja le a ter\u00fcletet sz\u00e1raz ruh\u00e1val vagy kef\u00e9vel, hogy elt\u00e1vol\u00edtsa a laza szennyez\u0151d\u00e9seket.<\/li>\n<li><strong>K\u00e9zi alkalmaz\u00e1s <\/strong>: \u00d6nts\u00f6n egy kis mennyis\u00e9g\u0171 tiszt\u00edt\u00f3szert egy tiszta ruh\u00e1ra, szivacsra vagy ecsetre, majd egyenletesen vigye fel a rozsd\u00e1s ter\u00fcletre, finoman d\u00f6rzs\u00f6lve, hogy a term\u00e9k jobban behatoljon a fel\u00fcletbe.<\/li>\n<li><strong>Nagy fel\u00fcleti haszn\u00e1lat <\/strong>: Nagyobb rozsd\u00e1s ter\u00fclet kezel\u00e9s\u00e9hez haszn\u00e1ljon sz\u00f3r\u00f3fejes flakont a term\u00e9k egyenletes eloszlat\u00e1s\u00e1hoz. Hagyja \u00e1llni n\u00e9h\u00e1ny percig, hogy a tiszt\u00edt\u00f3szer m\u00e9lyen feloldja a rozsd\u00e1t.<\/li>\n<li><strong>Makacs foltok kezel\u00e9se <\/strong>: Nagyon vastag rozsdalerak\u00f3d\u00e1sok eset\u00e9n hagyja a term\u00e9ket 5-15 percig hatni, miel\u0151tt \u00f3vatosan les\u00farolja egy nejlonkef\u00e9vel vagy nem s\u00farol\u00f3 szivaccsal. Az oxid\u00e1ci\u00f3 teljes elt\u00e1vol\u00edt\u00e1s\u00e1hoz sz\u00fcks\u00e9g eset\u00e9n ism\u00e9telje meg az alkalmaz\u00e1st.<\/li>\n<li><strong>\u00d6bl\u00edt\u00e9s \u00e9s t\u00f6rl\u00e9s <\/strong>: Alaposan \u00f6bl\u00edtse le a fel\u00fcletet tiszta v\u00edzzel, hogy elt\u00e1vol\u00edtsa a rozsda- \u00e9s term\u00e9kmaradv\u00e1nyokat. Azonnal sz\u00e1r\u00edtsa meg a ter\u00fcletet tiszta ruh\u00e1val, hogy megakad\u00e1lyozza a marad\u00e9k nedvess\u00e9g miatti \u00fajraoxid\u00e1ci\u00f3t.<\/li>\n<li><strong>Tiszt\u00edt\u00e1s ut\u00e1ni v\u00e9delem <\/strong>: A rozsda visszat\u00e9r\u00e9s\u00e9nek megakad\u00e1lyoz\u00e1sa \u00e9rdek\u00e9ben aj\u00e1nlott a tiszt\u00edt\u00e1s ut\u00e1n egy v\u00e9d\u0151r\u00e9teget (korr\u00f3zi\u00f3g\u00e1tl\u00f3 lakk, v\u00e9d\u0151olaj vagy rozsdag\u00e1tl\u00f3 fest\u00e9k) felvinni.<\/li>\n<li><strong>Haszn\u00e1lat gyakoris\u00e1ga <\/strong>: A rozsdafoltok megjelen\u00e9sekor azonnal alkalmazza, hogy megakad\u00e1lyozza azok terjed\u00e9s\u00e9t vagy az \u00e9rintett fel\u00fcletek meggyeng\u00fcl\u00e9s\u00e9t. A megel\u0151z\u0151 \u00e1pol\u00e1s \u00e9rdek\u00e9ben h\u00e1romhavonta legal\u00e1bb egyszer tiszt\u00edtsa meg a nedvess\u00e9gnek kitett f\u00e9mfel\u00fcleteket.<\/li>\n<li><strong>T\u00e1rol\u00e1s <\/strong>: Minden haszn\u00e1lat ut\u00e1n szorosan z\u00e1rja le a tart\u00e1lyt, \u00e9s t\u00e1rolja h\u0171v\u00f6s, sz\u00e1raz, f\u00e9nyt\u0151l \u00e9s sz\u00e9ls\u0151s\u00e9ges h\u0151m\u00e9rs\u00e9klett\u0151l v\u00e9dett helyen, hogy a term\u00e9k hat\u00e9konys\u00e1ga hossz\u00fa t\u00e1von megmaradjon.<\/li>\n<\/ul>\n<p>Rozsdamentes\u00edt\u0151nkkel gyorsan \u00e9s hat\u00e9konyan sz\u00fcnteti meg a korr\u00f3zi\u00f3t, mik\u00f6zben megv\u00e9di f\u00e9mfel\u00fcleteit a kop\u00e1st\u00f3l \u00e9s a k\u00fcls\u0151 k\u00e1rosod\u00e1st\u00f3l. Ide\u00e1lis megold\u00e1s a hib\u00e1tlan \u00e9s f\u00e1rads\u00e1gmentes karbantart\u00e1shoz.<\/p>","protected":false},"excerpt":{"rendered":"<p>Optimal Efficiency. This rust remover is designed to quickly and effectively remove rust stains, surface oxidation, and iron deposits from a wide variety of surfaces. Thanks to its powerful formula, it penetrates deeply to dissolve rust without damaging underlying materials. It not only restores the original appearance of metallic surfaces, but also helps prevent rust [&hellip;]<\/p>\n","protected":false},"featured_media":36000,"comment_status":"open","ping_status":"closed","template":"","meta":{"_uag_custom_page_level_css":"","site-sidebar-layout":"default","site-content-layout":"","ast-site-content-layout":"default","site-content-style":"default","site-sidebar-style":"default","ast-global-header-display":"","ast-banner-title-visibility":"","ast-main-header-display":"","ast-hfb-above-header-display":"","ast-hfb-below-header-display":"","ast-hfb-mobile-header-display":"","site-post-title":"","ast-breadcrumbs-content":"","ast-featured-img":"","footer-sml-layout":"","ast-disable-related-posts":"","theme-transparent-header-meta":"default","adv-header-id-meta":"","stick-header-meta":"","header-above-stick-meta":"","header-main-stick-meta":"","header-below-stick-meta":"","astra-migrate-meta-layouts":"set","ast-page-background-enabled":"default","ast-page-background-meta":{"desktop":{"background-color":"var(--ast-global-color-4)","background-image":"","background-repeat":"repeat","background-position":"center center","background-size":"auto","background-attachment":"scroll","background-type":"","background-media":"","overlay-type":"","overlay-color":"","overlay-opacity":"","overlay-gradient":""},"tablet":{"background-color":"","background-image":"","background-repeat":"repeat","background-position":"center center","background-size":"auto","background-attachment":"scroll","background-type":"","background-media":"","overlay-type":"","overlay-color":"","overlay-opacity":"","overlay-gradient":""},"mobile":{"background-color":"","background-image":"","background-repeat":"repeat","background-position":"center center","background-size":"auto","background-attachment":"scroll","background-type":"","background-media":"","overlay-type":"","overlay-color":"","overlay-opacity":"","overlay-gradient":""}},"ast-content-background-meta":{"desktop":{"background-color":"var(--ast-global-color-5)","background-image":"","background-repeat":"repeat","background-position":"center center","background-size":"auto","background-attachment":"scroll","background-type":"","background-media":"","overlay-type":"","overlay-color":"","overlay-opacity":"","overlay-gradient":""},"tablet":{"background-color":"var(--ast-global-color-5)","background-image":"","background-repeat":"repeat","background-position":"center center","background-size":"auto","background-attachment":"scroll","background-type":"","background-media":"","overlay-type":"","overlay-color":"","overlay-opacity":"","overlay-gradient":""},"mobile":{"background-color":"var(--ast-global-color-5)","background-image":"","background-repeat":"repeat","background-position":"center center","background-size":"auto","background-attachment":"scroll","background-type":"","background-media":"","overlay-type":"","overlay-color":"","overlay-opacity":"","overlay-gradient":""}}},"product_brand":[],"product_cat":[175],"product_tag":[],"class_list":{"0":"post-25276","1":"product","2":"type-product","3":"status-publish","4":"has-post-thumbnail","6":"product_cat-cleaning-products","7":"desktop-align-left","8":"tablet-align-left","9":"mobile-align-left","11":"first","12":"instock","13":"sale","14":"taxable","15":"shipping-taxable","16":"purchasable","17":"product-type-variable","18":"has-default-attributes"},"spectra_custom_meta":{"_visibility":["visible"],"_shopify_product_id":["9106237849845"],"_s2w_shopify_domain":["ferberpainting.myshopify.com"],"_shopify_variant_id":["46625776632053"],"_sku":[""],"_manage_stock":["no"],"total_sales":["154"],"_tax_status":["taxable"],"_tax_class":[""],"_backorders":["no"],"_sold_individually":["no"],"_virtual":["no"],"_downloadable":["no"],"_download_limit":["-1"],"_download_expiry":["-1"],"_stock":[null],"_stock_status":["instock"],"_wc_average_rating":["5.00"],"_wc_review_count":["11"],"_product_attributes":["a:1:{s:6:\"volume\";a:6:{s:4:\"name\";s:6:\"Volume\";s:5:\"value\";s:20:\"5 liters | 25 liters\";s:8:\"position\";i:1;s:10:\"is_visible\";i:0;s:12:\"is_variation\";i:1;s:11:\"is_taxonomy\";i:0;}}"],"_product_version":["10.5.1"],"wpse_downloadable_file_names":[""],"wpse_downloadable_file_urls":[""],"_edit_last":["1"],"_default_attributes":["a:1:{s:6:\"volume\";s:8:\"5 liters\";}"],"_edit_lock":["1771232232:1"],"merchant-center-availability":["yes"],"merchant-center-category":["503741"],"_price":["29.90","129.90"],"_thumbnail_id":["36000"],"_wp_page_template":["default"],"_wp_old_date":["2025-05-26"],"_product_image_gallery":["36001"],"site-sidebar-layout":["default"],"ast-site-content-layout":["default"],"site-content-style":["default"],"site-sidebar-style":["default"],"theme-transparent-header-meta":["default"],"_wc_rating_count":["a:1:{i:5;i:11;}"],"astra-migrate-meta-layouts":["set"],"_uag_css_file_name":["uag-css-25276.css"],"_elementor_page_assets":["a:0:{}"],"_uag_page_assets":["a:9:{s:3:\"css\";s:7133:\".uag-blocks-common-selector{z-index:var(--z-index-desktop) !important}@media(max-width: 976px){.uag-blocks-common-selector{z-index:var(--z-index-tablet) !important}}@media(max-width: 767px){.uag-blocks-common-selector{z-index:var(--z-index-mobile) !important}}.wp-block-uagb-image{display:flex}.wp-block-uagb-image__figure{position:relative;display:flex;flex-direction:column;max-width:100%;height:auto;margin:0}.wp-block-uagb-image__figure img{height:auto;display:flex;max-width:100%;transition:box-shadow .2s ease}.wp-block-uagb-image__figure>a{display:inline-block}.wp-block-uagb-image__figure figcaption{text-align:center;margin-top:.5em;margin-bottom:1em}.wp-block-uagb-image .components-placeholder.block-editor-media-placeholder .components-placeholder__instructions{align-self:center}.wp-block-uagb-image--align-left{text-align:left}.wp-block-uagb-image--align-right{text-align:right}.wp-block-uagb-image--align-center{text-align:center}.wp-block-uagb-image--align-full .wp-block-uagb-image__figure{margin-left:calc(50% - 50vw);margin-right:calc(50% - 50vw);max-width:100vw;width:100vw;height:auto}.wp-block-uagb-image--align-full .wp-block-uagb-image__figure img{height:auto;width:100% !important}.wp-block-uagb-image--align-wide .wp-block-uagb-image__figure img{height:auto;width:100%}.wp-block-uagb-image--layout-overlay__color-wrapper{position:absolute;left:0;top:0;right:0;bottom:0;opacity:.2;background:rgba(0,0,0,.5);transition:opacity .35s ease-in-out}.wp-block-uagb-image--layout-overlay-link{position:absolute;left:0;right:0;bottom:0;top:0}.wp-block-uagb-image--layout-overlay .wp-block-uagb-image__figure:hover .wp-block-uagb-image--layout-overlay__color-wrapper{opacity:1}.wp-block-uagb-image--layout-overlay__inner{position:absolute;left:15px;right:15px;bottom:15px;top:15px;display:flex;align-items:center;justify-content:center;flex-direction:column;border-color:#fff;transition:.35s ease-in-out}.wp-block-uagb-image--layout-overlay__inner.top-left,.wp-block-uagb-image--layout-overlay__inner.top-center,.wp-block-uagb-image--layout-overlay__inner.top-right{justify-content:flex-start}.wp-block-uagb-image--layout-overlay__inner.bottom-left,.wp-block-uagb-image--layout-overlay__inner.bottom-center,.wp-block-uagb-image--layout-overlay__inner.bottom-right{justify-content:flex-end}.wp-block-uagb-image--layout-overlay__inner.top-left,.wp-block-uagb-image--layout-overlay__inner.center-left,.wp-block-uagb-image--layout-overlay__inner.bottom-left{align-items:flex-start}.wp-block-uagb-image--layout-overlay__inner.top-right,.wp-block-uagb-image--layout-overlay__inner.center-right,.wp-block-uagb-image--layout-overlay__inner.bottom-right{align-items:flex-end}.wp-block-uagb-image--layout-overlay__inner .uagb-image-heading{color:#fff;transition:transform .35s,opacity .35s ease-in-out;transform:translate3d(0, 24px, 0);margin:0;line-height:1em}.wp-block-uagb-image--layout-overlay__inner .uagb-image-separator{width:30%;border-top-width:2px;border-top-color:#fff;border-top-style:solid;margin-bottom:10px;opacity:0;transition:transform .4s,opacity .4s ease-in-out;transform:translate3d(0, 30px, 0)}.wp-block-uagb-image--layout-overlay__inner .uagb-image-caption{opacity:0;overflow:visible;color:#fff;transition:transform .45s,opacity .45s ease-in-out;transform:translate3d(0, 35px, 0)}.wp-block-uagb-image--layout-overlay__inner:hover .uagb-image-heading,.wp-block-uagb-image--layout-overlay__inner:hover .uagb-image-separator,.wp-block-uagb-image--layout-overlay__inner:hover .uagb-image-caption{opacity:1;transform:translate3d(0, 0, 0)}.wp-block-uagb-image--effect-zoomin .wp-block-uagb-image__figure img,.wp-block-uagb-image--effect-zoomin .wp-block-uagb-image__figure .wp-block-uagb-image--layout-overlay__color-wrapper{transform:scale(1);transition:transform .35s ease-in-out}.wp-block-uagb-image--effect-zoomin .wp-block-uagb-image__figure:hover img,.wp-block-uagb-image--effect-zoomin .wp-block-uagb-image__figure:hover .wp-block-uagb-image--layout-overlay__color-wrapper{transform:scale(1.05)}.wp-block-uagb-image--effect-slide .wp-block-uagb-image__figure img,.wp-block-uagb-image--effect-slide .wp-block-uagb-image__figure .wp-block-uagb-image--layout-overlay__color-wrapper{width:calc(100% + 40px) !important;max-width:none !important;transform:translate3d(-40px, 0, 0);transition:transform .35s ease-in-out}.wp-block-uagb-image--effect-slide .wp-block-uagb-image__figure:hover img,.wp-block-uagb-image--effect-slide .wp-block-uagb-image__figure:hover .wp-block-uagb-image--layout-overlay__color-wrapper{transform:translate3d(0, 0, 0)}.wp-block-uagb-image--effect-grayscale img{filter:grayscale(0%);transition:.35s ease-in-out}.wp-block-uagb-image--effect-grayscale:hover img{filter:grayscale(100%)}.wp-block-uagb-image--effect-blur img{filter:blur(0);transition:.35s ease-in-out}.wp-block-uagb-image--effect-blur:hover img{filter:blur(3px)}.uagb-block-e6f939b3.wp-block-uagb-image--layout-default figure img{box-shadow: 0px 0px 0 #00000070;}.uagb-block-e6f939b3.wp-block-uagb-image .wp-block-uagb-image__figure figcaption{font-style: normal;align-self: center;}.uagb-block-e6f939b3.wp-block-uagb-image--layout-overlay figure img{box-shadow: 0px 0px 0 #00000070;}.uagb-block-e6f939b3.wp-block-uagb-image--layout-overlay .wp-block-uagb-image--layout-overlay__color-wrapper{opacity: 0.2;}.uagb-block-e6f939b3.wp-block-uagb-image--layout-overlay .wp-block-uagb-image--layout-overlay__inner{left: 15px;right: 15px;top: 15px;bottom: 15px;}.uagb-block-e6f939b3.wp-block-uagb-image--layout-overlay .wp-block-uagb-image--layout-overlay__inner .uagb-image-heading{font-style: normal;color: #fff;opacity: 1;}.uagb-block-e6f939b3.wp-block-uagb-image--layout-overlay .wp-block-uagb-image--layout-overlay__inner .uagb-image-heading a{color: #fff;}.uagb-block-e6f939b3.wp-block-uagb-image--layout-overlay .wp-block-uagb-image--layout-overlay__inner .uagb-image-caption{opacity: 0;}.uagb-block-e6f939b3.wp-block-uagb-image--layout-overlay .wp-block-uagb-image__figure:hover .wp-block-uagb-image--layout-overlay__color-wrapper{opacity: 1;}.uagb-block-e6f939b3.wp-block-uagb-image .wp-block-uagb-image--layout-overlay__inner .uagb-image-separator{width: 30%;border-top-width: 2px;border-top-color: #fff;opacity: 0;}.uagb-block-e6f939b3.wp-block-uagb-image .wp-block-uagb-image__figure img{width: px;height: auto;}.uagb-block-e6f939b3.wp-block-uagb-image .wp-block-uagb-image__figure:hover .wp-block-uagb-image--layout-overlay__inner .uagb-image-caption{opacity: 1;}.uagb-block-e6f939b3.wp-block-uagb-image .wp-block-uagb-image__figure:hover .wp-block-uagb-image--layout-overlay__inner .uagb-image-separator{opacity: 1;}.uagb-block-e6f939b3.wp-block-uagb-image--layout-default figure:hover img{box-shadow: 0px 0px 0 #00000070;}.uagb-block-e6f939b3.wp-block-uagb-image--layout-overlay figure:hover img{box-shadow: 0px 0px 0 #00000070;}@media only screen and (max-width: 976px) {.uagb-block-e6f939b3.wp-block-uagb-image .wp-block-uagb-image__figure img{width: px;height: auto;}}@media only screen and (max-width: 767px) {.uagb-block-e6f939b3.wp-block-uagb-image .wp-block-uagb-image__figure img{width: px;height: auto;}}\";s:2:\"js\";s:0:\"\";s:18:\"current_block_list\";a:13:{i:0;s:11:\"core\/search\";i:1;s:10:\"core\/group\";i:2;s:12:\"core\/heading\";i:3;s:17:\"core\/latest-posts\";i:4;s:20:\"core\/latest-comments\";i:5;s:13:\"core\/archives\";i:6;s:15:\"core\/categories\";i:7;s:14:\"core\/paragraph\";i:8;s:10:\"uagb\/image\";i:9;s:11:\"core\/spacer\";i:10;s:30:\"woocommerce\/product-categories\";i:11;s:10:\"core\/image\";i:12;s:14:\"core\/shortcode\";}s:8:\"uag_flag\";b:1;s:11:\"uag_version\";s:10:\"1777196293\";s:6:\"gfonts\";a:0:{}s:10:\"gfonts_url\";s:0:\"\";s:12:\"gfonts_files\";a:0:{}s:14:\"uag_faq_layout\";b:0;}"]},"uagb_featured_image_src":{"full":["https:\/\/www.ferberpainting.com\/wp-content\/uploads\/2025\/05\/Rust-Remover-5L-.png",2560,2560,false],"thumbnail":["https:\/\/www.ferberpainting.com\/wp-content\/uploads\/2025\/05\/Rust-Remover-5L--150x150.png",150,150,true],"medium":["https:\/\/www.ferberpainting.com\/wp-content\/uploads\/2025\/05\/Rust-Remover-5L--300x300.png",300,300,true],"medium_large":["https:\/\/www.ferberpainting.com\/wp-content\/uploads\/2025\/05\/Rust-Remover-5L--768x768.png",768,768,true],"large":["https:\/\/www.ferberpainting.com\/wp-content\/uploads\/2025\/05\/Rust-Remover-5L--1024x1024.png",1024,1024,true],"1536x1536":["https:\/\/www.ferberpainting.com\/wp-content\/uploads\/2025\/05\/Rust-Remover-5L--1536x1536.png",1536,1536,true],"2048x2048":["https:\/\/www.ferberpainting.com\/wp-content\/uploads\/2025\/05\/Rust-Remover-5L--2048x2048.png",2048,2048,true],"trp-custom-language-flag":["https:\/\/www.ferberpainting.com\/wp-content\/uploads\/2025\/05\/Rust-Remover-5L--12x12.png",12,12,true],"woocommerce_thumbnail":["https:\/\/www.ferberpainting.com\/wp-content\/uploads\/2025\/05\/Rust-Remover-5L--300x300.png",300,300,true],"woocommerce_single":["https:\/\/www.ferberpainting.com\/wp-content\/uploads\/2025\/05\/Rust-Remover-5L--600x600.png",600,600,true],"woocommerce_gallery_thumbnail":["https:\/\/www.ferberpainting.com\/wp-content\/uploads\/2025\/05\/Rust-Remover-5L--100x100.png",100,100,true]},"uagb_author_info":{"display_name":"admin","author_link":"https:\/\/www.ferberpainting.com\/hu\/author\/"},"uagb_comment_info":11,"uagb_excerpt":"Optimal Efficiency. This rust remover is designed to quickly and effectively remove rust stains, surface oxidation, and iron deposits from a wide variety of surfaces. Thanks to its powerful formula, it penetrates deeply to dissolve rust without damaging underlying materials. It not only restores the original appearance of metallic surfaces, but also helps prevent rust&hellip;","_links":{"self":[{"href":"https:\/\/www.ferberpainting.com\/hu\/wp-json\/wp\/v2\/product\/25276","targetHints":{"allow":["GET"]}}],"collection":[{"href":"https:\/\/www.ferberpainting.com\/hu\/wp-json\/wp\/v2\/product"}],"about":[{"href":"https:\/\/www.ferberpainting.com\/hu\/wp-json\/wp\/v2\/types\/product"}],"replies":[{"embeddable":true,"href":"https:\/\/www.ferberpainting.com\/hu\/wp-json\/wp\/v2\/comments?post=25276"}],"version-history":[{"count":5,"href":"https:\/\/www.ferberpainting.com\/hu\/wp-json\/wp\/v2\/product\/25276\/revisions"}],"predecessor-version":[{"id":167184,"href":"https:\/\/www.ferberpainting.com\/hu\/wp-json\/wp\/v2\/product\/25276\/revisions\/167184"}],"wp:featuredmedia":[{"embeddable":true,"href":"https:\/\/www.ferberpainting.com\/hu\/wp-json\/wp\/v2\/media\/36000"}],"wp:attachment":[{"href":"https:\/\/www.ferberpainting.com\/hu\/wp-json\/wp\/v2\/media?parent=25276"}],"wp:term":[{"taxonomy":"product_brand","embeddable":true,"href":"https:\/\/www.ferberpainting.com\/hu\/wp-json\/wp\/v2\/product_brand?post=25276"},{"taxonomy":"product_cat","embeddable":true,"href":"https:\/\/www.ferberpainting.com\/hu\/wp-json\/wp\/v2\/product_cat?post=25276"},{"taxonomy":"product_tag","embeddable":true,"href":"https:\/\/www.ferberpainting.com\/hu\/wp-json\/wp\/v2\/product_tag?post=25276"}],"curies":[{"name":"wp","href":"https:\/\/api.w.org\/{rel}","templated":true}]}}