{"id":25275,"date":"2025-05-26T10:30:18","date_gmt":"2025-05-26T08:30:18","guid":{"rendered":"https:\/\/www.ferberpainting.com\/products\/rose-fertilizer\/"},"modified":"2026-02-16T09:06:09","modified_gmt":"2026-02-16T08:06:09","slug":"rose-fertilizer","status":"publish","type":"product","link":"https:\/\/www.ferberpainting.com\/hu\/products\/rose-fertilizer\/","title":{"rendered":"R\u00f3zsa m\u0171tr\u00e1gya 25 kg"},"content":{"rendered":"<p><strong><img decoding=\"async\" style=\"margin-right: 12px;\" src=\"https:\/\/www.ferberpainting.com\/wp-content\/uploads\/2026\/02\/Check.svg\" alt=\"\" width=\"18\" height=\"15\" \/>Kifejezetten az \u00e9l\u00e9nk \u00e9s eg\u00e9szs\u00e9ges r\u00f3zs\u00e1k sz\u00e1m\u00e1ra kifejlesztett m\u0171tr\u00e1gya. <\/strong>Ez a m\u0171tr\u00e1gya kifejezetten a r\u00f3zs\u00e1k ig\u00e9nyeinek megfelel\u0151en lett kifejlesztve, el\u0151seg\u00edtve az er\u0151teljes n\u00f6veked\u00e9st, a b\u0151s\u00e9ges vir\u00e1gz\u00e1st \u00e9s a betegs\u00e9gekkel szembeni fokozott ellen\u00e1ll\u00f3 k\u00e9pess\u00e9get. A nitrog\u00e9n (N), a foszfor (P) \u00e9s a k\u00e1lium (K) ide\u00e1lis egyens\u00faly\u00e1nak k\u00f6sz\u00f6nhet\u0151en, az NPK 10-10-10-es k\u00e9pletnek k\u00f6sz\u00f6nhet\u0151en serkenti a lev\u00e9l- \u00e9s sz\u00e1rn\u00f6veked\u00e9st, a gy\u00f6k\u00e9rfejl\u0151d\u00e9st \u00e9s az intenz\u00edv sz\u00edn\u0171, hosszan tart\u00f3 vir\u00e1gz\u00e1s kialakul\u00e1s\u00e1t.<\/p>\n<p><strong><img decoding=\"async\" style=\"margin-right: 12px;\" src=\"https:\/\/www.ferberpainting.com\/wp-content\/uploads\/2026\/02\/Check.svg\" alt=\"\" width=\"18\" height=\"15\" \/>El\u00e9gedetts\u00e9gi vagy p\u00e9nzvisszafizet\u00e9si garancia. <\/strong>B\u00edzunk m\u0171tr\u00e1gy\u00e1nk hat\u00e9konys\u00e1g\u00e1ban, \u00e9s teljes visszat\u00e9r\u00edt\u00e9st garant\u00e1lunk, ha nem el\u00e9gedett. Ha az aj\u00e1nl\u00e1soknak megfelel\u0151 haszn\u00e1lat ellen\u00e9re r\u00f3zs\u00e1i nem mutatnak jelent\u0151s javul\u00e1st, akkor felt\u00e9telek n\u00e9lk\u00fcl k\u00e9rheti a visszat\u00e9r\u00edt\u00e9st.<\/p>\n<p><strong><img decoding=\"async\" style=\"margin-right: 12px;\" src=\"https:\/\/www.ferberpainting.com\/wp-content\/uploads\/2026\/02\/Check.svg\" alt=\"\" width=\"18\" height=\"15\" \/>Minden fajt\u00e1hoz \u00e9s termeszt\u00e9si k\u00f6r\u00fclm\u00e9nyhez alkalmas. <\/strong>Ez a m\u0171tr\u00e1gya minden r\u00f3zsat\u00edpushoz alkalmas, bele\u00e9rtve a bokorr\u00f3zs\u00e1kat, a k\u00fasz\u00f3r\u00f3zs\u00e1kat, a standard r\u00f3zs\u00e1kat, a talajtakar\u00f3 r\u00f3zs\u00e1kat, valamint a r\u00e9gi \u00e9s modern fajt\u00e1kat. Ide\u00e1lis szabadf\u00f6ldbe, vir\u00e1g\u00e1gy\u00e1sba, kont\u00e9nerekbe vagy cserepekbe t\u00f6rt\u00e9n\u0151 \u00fcltet\u00e9shez. Kiegyens\u00falyozott \u00f6sszet\u00e9tel\u00e9nek k\u00f6sz\u00f6nhet\u0151en sokoldal\u00fa m\u0171tr\u00e1gya, amely biztos\u00edtja a folyamatos vir\u00e1gz\u00e1st, valamint a betegs\u00e9gekkel \u00e9s az \u00e9ghajlati v\u00e1ltoz\u00e1sokkal szembeni fokozott ellen\u00e1ll\u00f3 k\u00e9pess\u00e9get.<\/p>\n<p><strong><img decoding=\"async\" style=\"margin-right: 12px;\" src=\"https:\/\/www.ferberpainting.com\/wp-content\/uploads\/2026\/02\/Check.svg\" alt=\"\" width=\"18\" height=\"15\" \/>Kiv\u00e1l\u00f3 gazdas\u00e1gi \u00e9rt\u00e9k. <\/strong>Koncentr\u00e1lt \u00f6sszet\u00e9tel\u00e9nek k\u00f6sz\u00f6nhet\u0151en ez a m\u0171tr\u00e1gya hossz\u00fa t\u00e1v\u00fa hat\u00e9konys\u00e1got biztos\u00edt kis mennyis\u00e9ggel kijuttat\u00e1sonk\u00e9nt. Egy 25 kg-os zs\u00e1kkal t\u00f6bb szezonon kereszt\u00fcl nagysz\u00e1m\u00fa r\u00f3zs\u00e1t tr\u00e1gy\u00e1zhat. A r\u00f3zsat\u00f6venk\u00e9nt aj\u00e1nlott 200 grammos adagol\u00e1s t\u00f6bb h\u00e9ten \u00e1t progressz\u00edv t\u00e1panyagell\u00e1t\u00e1st biztos\u00edt, kiv\u00e1l\u00f3 \u00e1r-\u00e9rt\u00e9k ar\u00e1nyt k\u00edn\u00e1lva.<\/p>\n<p><strong><img decoding=\"async\" style=\"margin-right: 12px;\" src=\"https:\/\/www.ferberpainting.com\/wp-content\/uploads\/2026\/02\/Check.svg\" alt=\"\" width=\"18\" height=\"15\" \/>Biztons\u00e1gos a n\u00f6v\u00e9nyek \u00e9s a k\u00f6rnyezet sz\u00e1m\u00e1ra. <\/strong>Ezt a m\u0171tr\u00e1gy\u00e1t k\u00e1ros anyagok n\u00e9lk\u00fcl tervezt\u00e9k, \u00edgy a biol\u00f3giai sokf\u00e9les\u00e9gre gyakorolt negat\u00edv hat\u00e1sok n\u00e9lk\u00fcl biztos\u00edtja a talaj gazdagod\u00e1s\u00e1t. 100% biztons\u00e1gos a n\u00f6v\u00e9nyek sz\u00e1m\u00e1ra, el\u0151seg\u00edti a term\u00e9szetes \u00e9s harmonikus n\u00f6veked\u00e9st, mik\u00f6zben tiszteletben tartja a k\u00f6rnyezetet. Kiegyens\u00falyozott \u00f6sszet\u00e9tele megakad\u00e1lyozza a gy\u00f6k\u00e9r\u00e9g\u00e9st \u00e9s t\u00e1mogatja a r\u00f3zsa fenntarthat\u00f3 fejl\u0151d\u00e9s\u00e9t.<\/p>\n<p><strong><img decoding=\"async\" style=\"margin-right: 12px;\" src=\"https:\/\/www.ferberpainting.com\/wp-content\/uploads\/2026\/02\/Check.svg\" alt=\"\" width=\"18\" height=\"15\" \/>Egyszer\u0171 \u00e9s mindenki sz\u00e1m\u00e1ra el\u00e9rhet\u0151. <\/strong>A foly\u00e9kony m\u0171tr\u00e1gy\u00e1kkal ellent\u00e9tben, amelyek h\u00edg\u00edt\u00e1st ig\u00e9nyelnek, ez a szil\u00e1rd szemcs\u00e9s m\u0171tr\u00e1gya k\u00f6zvetlen\u00fcl a r\u00f3zs\u00e1k t\u00f6v\u00e9be ker\u00fcl. Nem ig\u00e9nyel el\u0151zetes el\u0151k\u00e9sz\u00edt\u00e9st, \u00edgy haszn\u00e1lata praktikus \u00e9s gyors. Alkalmas amat\u0151r kert\u00e9szek \u00e9s profik sz\u00e1m\u00e1ra egyar\u00e1nt, garant\u00e1lja a gyors \u00e9s l\u00e1that\u00f3 eredm\u00e9nyeket minim\u00e1lis er\u0151fesz\u00edt\u00e9ssel.<\/p>\n<p><strong><img decoding=\"async\" style=\"margin-right: 12px;\" src=\"https:\/\/www.ferberpainting.com\/wp-content\/uploads\/2026\/02\/Check.svg\" alt=\"\" width=\"18\" height=\"15\" \/>Hosszan tart\u00f3 hat\u00e1s a hosszan tart\u00f3 vir\u00e1gz\u00e1s\u00e9rt. <\/strong>Lass\u00fa \u00e9s fokozatos t\u00e1panyag-lead\u00e1s\u00e1nak k\u00f6sz\u00f6nhet\u0151en ez a m\u0171tr\u00e1gya folyamatos t\u00e1pl\u00e1l\u00e1st biztos\u00edt a r\u00f3zs\u00e1k sz\u00e1m\u00e1ra, cs\u00f6kkentve a hi\u00e1nyoss\u00e1gokat \u00e9s a gyakori tr\u00e1gy\u00e1z\u00e1s sz\u00fcks\u00e9gess\u00e9g\u00e9t. Er\u0151s\u00edti a gy\u00f6k\u00e9rzetet, jav\u00edtja a betegs\u00e9gekkel szembeni ellen\u00e1ll\u00f3k\u00e9pess\u00e9get, \u00e9s meghosszabb\u00edtja a vir\u00e1gz\u00e1si id\u0151szakot a ragyog\u00f3 r\u00f3zs\u00e1k sz\u00e1m\u00e1ra az eg\u00e9sz szezonban.<\/p>\n<p><strong><img decoding=\"async\" style=\"margin-right: 12px;\" src=\"https:\/\/www.ferberpainting.com\/wp-content\/uploads\/2026\/02\/Check.svg\" alt=\"\" width=\"18\" height=\"15\" \/>L\u00e1that\u00f3 eredm\u00e9nyek az els\u0151 hetekt\u0151l kezdve. <\/strong>M\u00e1r az els\u0151 alkalmaz\u00e1st\u00f3l kezdve \u00e9szre fogja venni a lombozat jobb n\u00f6veked\u00e9s\u00e9t, er\u0151sebb sz\u00e1rakat \u00e9s b\u0151s\u00e9gesebb vir\u00e1gz\u00e1st. A vir\u00e1gok nagyobbak, sz\u00ednesebbek \u00e9s illatosabbak lesznek, mik\u00f6zben a r\u00f3zs\u00e1k ellen\u00e1ll\u00f3bbak lesznek a k\u00e1rtev\u0151kkel \u00e9s gombabetegs\u00e9gekkel szemben.<\/p>\n<h2><strong>Haszn\u00e1lati utas\u00edt\u00e1s<\/strong><\/h2>\n<p><strong>Aj\u00e1nlott adagol\u00e1s:<\/strong><\/p>\n<ul>\n<li><strong>Ny\u00edlt terepen: <\/strong>R\u00f3zsat\u00f6venk\u00e9nt 200 gramm m\u0171tr\u00e1gy\u00e1t juttasson ki, egyenletesen elosztva a t\u00f6v\u00e9n\u00e9l.<\/li>\n<li><strong>Cserepekben vagy kont\u00e9nerekben: <\/strong>R\u00f3zsat\u00f6venk\u00e9nt 100 grammot alkalmazzon, \u00e9s \u00fcgyeljen arra, hogy j\u00f3l keverje \u00f6ssze a talaj fels\u0151 r\u00e9teg\u00e9vel.<\/li>\n<li><strong>Vir\u00e1g\u00e1gy\u00e1sokban: <\/strong>Vigyen fel 200 grammot n\u00e9gyzetm\u00e9terenk\u00e9nt, enyh\u00e9n laz\u00edtva a talajt a felsz\u00edv\u00f3d\u00e1s el\u0151seg\u00edt\u00e9se \u00e9rdek\u00e9ben.<\/li>\n<\/ul>\n<p><strong>Alkalmaz\u00e1si gyakoris\u00e1g:<\/strong><\/p>\n<ul>\n<li><strong>Tavasszal (m\u00e1rcius-\u00e1prilis): <\/strong>Egyszer alkalmazza a n\u00f6veked\u00e9s \u00e9s a vegetat\u00edv regener\u00e1l\u00f3d\u00e1s serkent\u00e9s\u00e9re.<\/li>\n<li><strong>Ny\u00e1r elej\u00e9n (j\u00fanius-j\u00falius): <\/strong>A vir\u00e1gz\u00e1s t\u00e1mogat\u00e1sa \u00e9s a sz\u00e1rak meger\u0151s\u00edt\u00e9se \u00e9rdek\u00e9ben \u00fajra alkalmazza.<\/li>\n<li><strong>\u0150sszel (szeptember-okt\u00f3ber): <\/strong>Az utols\u00f3 alkalmaz\u00e1s seg\u00edt felk\u00e9sz\u00edteni a r\u00f3zs\u00e1kat a t\u00e9lre \u00e9s meger\u0151s\u00edteni a gy\u00f6k\u00e9rzet\u00fcket.<\/li>\n<\/ul>\n<p><strong>Alkalmaz\u00e1si m\u00f3dszer:<\/strong><\/p>\n<ul>\n<li>A m\u0171tr\u00e1gy\u00e1t k\u00f6zvetlen\u00fcl a r\u00f3zs\u00e1k t\u00f6ve k\u00f6r\u00fcl sz\u00f3rja ki, ker\u00fclve a sz\u00e1rakkal val\u00f3 \u00e9rintkez\u00e9st.<\/li>\n<li>A m\u0171tr\u00e1gya be\u00e9p\u00edt\u00e9se \u00e9s a felsz\u00edv\u00f3d\u00e1s el\u0151seg\u00edt\u00e9se \u00e9rdek\u00e9ben enyh\u00e9n gerebly\u00e9zze fel a talajt.<\/li>\n<li>A kijuttat\u00e1s ut\u00e1n alaposan \u00f6nt\u00f6zze meg, hogy a t\u00e1panyagok bejut\u00e1s\u00e1t a talajba el\u0151seg\u00edtse.<\/li>\n<\/ul>\n<p><strong>\u00d3vint\u00e9zked\u00e9sek a haszn\u00e1lathoz:<\/strong><\/p>\n<ul>\n<li>Ne adagolja t\u00fal, mivel a t\u00falzott m\u0171tr\u00e1gy\u00e1z\u00e1s k\u00e1ros\u00edthatja a vir\u00e1gz\u00e1st \u00e9s el\u0151seg\u00edtheti a t\u00falzott lev\u00e9ln\u00f6veked\u00e9st.<\/li>\n<li>Ker\u00fclje az alkalmaz\u00e1st nagyon meleg id\u0151ben; reggel vagy este alkalmazza.<\/li>\n<li>Sz\u00e1raz, nedvess\u00e9gt\u0151l \u00e9s k\u00f6zvetlen f\u00e9nyt\u0151l v\u00e9dett helyen t\u00e1rolja.<\/li>\n<\/ul>\n<p>Ezzel a r\u00f3zsatr\u00e1gy\u00e1val biztos\u00edtja az \u00e9l\u00e9nk vir\u00e1gz\u00e1st, az er\u0151teljes n\u00f6veked\u00e9st, valamint a betegs\u00e9gekkel \u00e9s k\u00e1rtev\u0151kkel szembeni optim\u00e1lis ellen\u00e1ll\u00e1st. T\u00f6k\u00e9letesen kiegyens\u00falyozott t\u00e1panyag-\u00f6sszet\u00e9tele teljes k\u00f6r\u0171 \u00e9s progressz\u00edv t\u00e1pl\u00e1l\u00e1st biztos\u00edt, el\u0151seg\u00edtve az eg\u00e9szs\u00e9ges r\u00f3zs\u00e1k eg\u00e9szs\u00e9ges, leny\u0171g\u00f6z\u0151 vir\u00e1gait az eg\u00e9sz szezonban.<\/p>","protected":false},"excerpt":{"rendered":"<p>A fertilizer specially designed for vibrant and healthy roses. This fertilizer is specially formulated to meet the needs of roses, promoting vigorous growth, abundant flowering, and increased resistance to diseases. Thanks to its ideal balance of nitrogen (N), phosphorus (P), and potassium (K) with an NPK 10-10-10 formula, it stimulates leaf and stem growth, root [&hellip;]<\/p>\n","protected":false},"featured_media":27158,"comment_status":"open","ping_status":"closed","template":"","meta":{"_uag_custom_page_level_css":"","site-sidebar-layout":"default","site-content-layout":"","ast-site-content-layout":"default","site-content-style":"default","site-sidebar-style":"default","ast-global-header-display":"","ast-banner-title-visibility":"","ast-main-header-display":"","ast-hfb-above-header-display":"","ast-hfb-below-header-display":"","ast-hfb-mobile-header-display":"","site-post-title":"","ast-breadcrumbs-content":"","ast-featured-img":"","footer-sml-layout":"","ast-disable-related-posts":"","theme-transparent-header-meta":"default","adv-header-id-meta":"","stick-header-meta":"","header-above-stick-meta":"","header-main-stick-meta":"","header-below-stick-meta":"","astra-migrate-meta-layouts":"set","ast-page-background-enabled":"default","ast-page-background-meta":{"desktop":{"background-color":"var(--ast-global-color-4)","background-image":"","background-repeat":"repeat","background-position":"center center","background-size":"auto","background-attachment":"scroll","background-type":"","background-media":"","overlay-type":"","overlay-color":"","overlay-opacity":"","overlay-gradient":""},"tablet":{"background-color":"","background-image":"","background-repeat":"repeat","background-position":"center center","background-size":"auto","background-attachment":"scroll","background-type":"","background-media":"","overlay-type":"","overlay-color":"","overlay-opacity":"","overlay-gradient":""},"mobile":{"background-color":"","background-image":"","background-repeat":"repeat","background-position":"center center","background-size":"auto","background-attachment":"scroll","background-type":"","background-media":"","overlay-type":"","overlay-color":"","overlay-opacity":"","overlay-gradient":""}},"ast-content-background-meta":{"desktop":{"background-color":"var(--ast-global-color-5)","background-image":"","background-repeat":"repeat","background-position":"center center","background-size":"auto","background-attachment":"scroll","background-type":"","background-media":"","overlay-type":"","overlay-color":"","overlay-opacity":"","overlay-gradient":""},"tablet":{"background-color":"var(--ast-global-color-5)","background-image":"","background-repeat":"repeat","background-position":"center center","background-size":"auto","background-attachment":"scroll","background-type":"","background-media":"","overlay-type":"","overlay-color":"","overlay-opacity":"","overlay-gradient":""},"mobile":{"background-color":"var(--ast-global-color-5)","background-image":"","background-repeat":"repeat","background-position":"center center","background-size":"auto","background-attachment":"scroll","background-type":"","background-media":"","overlay-type":"","overlay-color":"","overlay-opacity":"","overlay-gradient":""}}},"product_brand":[],"product_cat":[178],"product_tag":[],"class_list":{"0":"post-25275","1":"product","2":"type-product","3":"status-publish","4":"has-post-thumbnail","6":"product_cat-fertilizers","7":"desktop-align-left","8":"tablet-align-left","9":"mobile-align-left","11":"first","12":"instock","13":"taxable","14":"shipping-taxable","15":"purchasable","16":"product-type-simple"},"spectra_custom_meta":{"_visibility":["visible"],"_shopify_product_id":["9071385313525"],"_s2w_shopify_domain":["ferberpainting.myshopify.com"],"_shopify_variant_id":["46516321124597"],"_sku":["FPROSEFERTILIZER25KG"],"_regular_price":["39.90"],"_price":["39.90"],"_sale_price":[""],"_weight":["18.7"],"_thumbnail_id":["27158"],"_global_unique_id":["5056773817784"],"total_sales":["17"],"_tax_status":["taxable"],"_tax_class":[""],"_manage_stock":["no"],"_backorders":["no"],"_sold_individually":["no"],"_virtual":["no"],"_downloadable":["no"],"_download_limit":["-1"],"_download_expiry":["-1"],"_stock":[null],"_stock_status":["instock"],"_wc_average_rating":["5.00"],"_wc_review_count":["40"],"_product_version":["10.5.1"],"_wc_rating_count":["a:1:{i:5;i:40;}"],"_edit_lock":["1771229106:1"],"merchant-center-availability":["yes"],"merchant-center-category":["113"],"_edit_last":["1"],"_wp_page_template":["default"],"site-sidebar-layout":["default"],"ast-site-content-layout":["default"],"site-content-style":["default"],"site-sidebar-style":["default"],"theme-transparent-header-meta":["default"],"astra-migrate-meta-layouts":["set"],"_uag_css_file_name":["uag-css-25275.css"],"_elementor_page_assets":["a:0:{}"],"_uag_page_assets":["a:9:{s:3:\"css\";s:7133:\".uag-blocks-common-selector{z-index:var(--z-index-desktop) !important}@media(max-width: 976px){.uag-blocks-common-selector{z-index:var(--z-index-tablet) !important}}@media(max-width: 767px){.uag-blocks-common-selector{z-index:var(--z-index-mobile) !important}}.wp-block-uagb-image{display:flex}.wp-block-uagb-image__figure{position:relative;display:flex;flex-direction:column;max-width:100%;height:auto;margin:0}.wp-block-uagb-image__figure img{height:auto;display:flex;max-width:100%;transition:box-shadow .2s ease}.wp-block-uagb-image__figure>a{display:inline-block}.wp-block-uagb-image__figure figcaption{text-align:center;margin-top:.5em;margin-bottom:1em}.wp-block-uagb-image .components-placeholder.block-editor-media-placeholder .components-placeholder__instructions{align-self:center}.wp-block-uagb-image--align-left{text-align:left}.wp-block-uagb-image--align-right{text-align:right}.wp-block-uagb-image--align-center{text-align:center}.wp-block-uagb-image--align-full .wp-block-uagb-image__figure{margin-left:calc(50% - 50vw);margin-right:calc(50% - 50vw);max-width:100vw;width:100vw;height:auto}.wp-block-uagb-image--align-full .wp-block-uagb-image__figure img{height:auto;width:100% !important}.wp-block-uagb-image--align-wide .wp-block-uagb-image__figure img{height:auto;width:100%}.wp-block-uagb-image--layout-overlay__color-wrapper{position:absolute;left:0;top:0;right:0;bottom:0;opacity:.2;background:rgba(0,0,0,.5);transition:opacity .35s ease-in-out}.wp-block-uagb-image--layout-overlay-link{position:absolute;left:0;right:0;bottom:0;top:0}.wp-block-uagb-image--layout-overlay .wp-block-uagb-image__figure:hover .wp-block-uagb-image--layout-overlay__color-wrapper{opacity:1}.wp-block-uagb-image--layout-overlay__inner{position:absolute;left:15px;right:15px;bottom:15px;top:15px;display:flex;align-items:center;justify-content:center;flex-direction:column;border-color:#fff;transition:.35s ease-in-out}.wp-block-uagb-image--layout-overlay__inner.top-left,.wp-block-uagb-image--layout-overlay__inner.top-center,.wp-block-uagb-image--layout-overlay__inner.top-right{justify-content:flex-start}.wp-block-uagb-image--layout-overlay__inner.bottom-left,.wp-block-uagb-image--layout-overlay__inner.bottom-center,.wp-block-uagb-image--layout-overlay__inner.bottom-right{justify-content:flex-end}.wp-block-uagb-image--layout-overlay__inner.top-left,.wp-block-uagb-image--layout-overlay__inner.center-left,.wp-block-uagb-image--layout-overlay__inner.bottom-left{align-items:flex-start}.wp-block-uagb-image--layout-overlay__inner.top-right,.wp-block-uagb-image--layout-overlay__inner.center-right,.wp-block-uagb-image--layout-overlay__inner.bottom-right{align-items:flex-end}.wp-block-uagb-image--layout-overlay__inner .uagb-image-heading{color:#fff;transition:transform .35s,opacity .35s ease-in-out;transform:translate3d(0, 24px, 0);margin:0;line-height:1em}.wp-block-uagb-image--layout-overlay__inner .uagb-image-separator{width:30%;border-top-width:2px;border-top-color:#fff;border-top-style:solid;margin-bottom:10px;opacity:0;transition:transform .4s,opacity .4s ease-in-out;transform:translate3d(0, 30px, 0)}.wp-block-uagb-image--layout-overlay__inner .uagb-image-caption{opacity:0;overflow:visible;color:#fff;transition:transform .45s,opacity .45s ease-in-out;transform:translate3d(0, 35px, 0)}.wp-block-uagb-image--layout-overlay__inner:hover .uagb-image-heading,.wp-block-uagb-image--layout-overlay__inner:hover .uagb-image-separator,.wp-block-uagb-image--layout-overlay__inner:hover .uagb-image-caption{opacity:1;transform:translate3d(0, 0, 0)}.wp-block-uagb-image--effect-zoomin .wp-block-uagb-image__figure img,.wp-block-uagb-image--effect-zoomin .wp-block-uagb-image__figure .wp-block-uagb-image--layout-overlay__color-wrapper{transform:scale(1);transition:transform .35s ease-in-out}.wp-block-uagb-image--effect-zoomin .wp-block-uagb-image__figure:hover img,.wp-block-uagb-image--effect-zoomin .wp-block-uagb-image__figure:hover .wp-block-uagb-image--layout-overlay__color-wrapper{transform:scale(1.05)}.wp-block-uagb-image--effect-slide .wp-block-uagb-image__figure img,.wp-block-uagb-image--effect-slide .wp-block-uagb-image__figure .wp-block-uagb-image--layout-overlay__color-wrapper{width:calc(100% + 40px) !important;max-width:none !important;transform:translate3d(-40px, 0, 0);transition:transform .35s ease-in-out}.wp-block-uagb-image--effect-slide .wp-block-uagb-image__figure:hover img,.wp-block-uagb-image--effect-slide .wp-block-uagb-image__figure:hover .wp-block-uagb-image--layout-overlay__color-wrapper{transform:translate3d(0, 0, 0)}.wp-block-uagb-image--effect-grayscale img{filter:grayscale(0%);transition:.35s ease-in-out}.wp-block-uagb-image--effect-grayscale:hover img{filter:grayscale(100%)}.wp-block-uagb-image--effect-blur img{filter:blur(0);transition:.35s ease-in-out}.wp-block-uagb-image--effect-blur:hover img{filter:blur(3px)}.uagb-block-e6f939b3.wp-block-uagb-image--layout-default figure img{box-shadow: 0px 0px 0 #00000070;}.uagb-block-e6f939b3.wp-block-uagb-image .wp-block-uagb-image__figure figcaption{font-style: normal;align-self: center;}.uagb-block-e6f939b3.wp-block-uagb-image--layout-overlay figure img{box-shadow: 0px 0px 0 #00000070;}.uagb-block-e6f939b3.wp-block-uagb-image--layout-overlay .wp-block-uagb-image--layout-overlay__color-wrapper{opacity: 0.2;}.uagb-block-e6f939b3.wp-block-uagb-image--layout-overlay .wp-block-uagb-image--layout-overlay__inner{left: 15px;right: 15px;top: 15px;bottom: 15px;}.uagb-block-e6f939b3.wp-block-uagb-image--layout-overlay .wp-block-uagb-image--layout-overlay__inner .uagb-image-heading{font-style: normal;color: #fff;opacity: 1;}.uagb-block-e6f939b3.wp-block-uagb-image--layout-overlay .wp-block-uagb-image--layout-overlay__inner .uagb-image-heading a{color: #fff;}.uagb-block-e6f939b3.wp-block-uagb-image--layout-overlay .wp-block-uagb-image--layout-overlay__inner .uagb-image-caption{opacity: 0;}.uagb-block-e6f939b3.wp-block-uagb-image--layout-overlay .wp-block-uagb-image__figure:hover .wp-block-uagb-image--layout-overlay__color-wrapper{opacity: 1;}.uagb-block-e6f939b3.wp-block-uagb-image .wp-block-uagb-image--layout-overlay__inner .uagb-image-separator{width: 30%;border-top-width: 2px;border-top-color: #fff;opacity: 0;}.uagb-block-e6f939b3.wp-block-uagb-image .wp-block-uagb-image__figure img{width: px;height: auto;}.uagb-block-e6f939b3.wp-block-uagb-image .wp-block-uagb-image__figure:hover .wp-block-uagb-image--layout-overlay__inner .uagb-image-caption{opacity: 1;}.uagb-block-e6f939b3.wp-block-uagb-image .wp-block-uagb-image__figure:hover .wp-block-uagb-image--layout-overlay__inner .uagb-image-separator{opacity: 1;}.uagb-block-e6f939b3.wp-block-uagb-image--layout-default figure:hover img{box-shadow: 0px 0px 0 #00000070;}.uagb-block-e6f939b3.wp-block-uagb-image--layout-overlay figure:hover img{box-shadow: 0px 0px 0 #00000070;}@media only screen and (max-width: 976px) {.uagb-block-e6f939b3.wp-block-uagb-image .wp-block-uagb-image__figure img{width: px;height: auto;}}@media only screen and (max-width: 767px) {.uagb-block-e6f939b3.wp-block-uagb-image .wp-block-uagb-image__figure img{width: px;height: auto;}}\";s:2:\"js\";s:0:\"\";s:18:\"current_block_list\";a:13:{i:0;s:11:\"core\/search\";i:1;s:10:\"core\/group\";i:2;s:12:\"core\/heading\";i:3;s:17:\"core\/latest-posts\";i:4;s:20:\"core\/latest-comments\";i:5;s:13:\"core\/archives\";i:6;s:15:\"core\/categories\";i:7;s:14:\"core\/paragraph\";i:8;s:10:\"uagb\/image\";i:9;s:11:\"core\/spacer\";i:10;s:30:\"woocommerce\/product-categories\";i:11;s:10:\"core\/image\";i:12;s:14:\"core\/shortcode\";}s:8:\"uag_flag\";b:1;s:11:\"uag_version\";s:10:\"1777379235\";s:6:\"gfonts\";a:0:{}s:10:\"gfonts_url\";s:0:\"\";s:12:\"gfonts_files\";a:0:{}s:14:\"uag_faq_layout\";b:0;}"]},"uagb_featured_image_src":{"full":["https:\/\/www.ferberpainting.com\/wp-content\/uploads\/2025\/05\/RoseFertilizer.png",2560,2560,false],"thumbnail":["https:\/\/www.ferberpainting.com\/wp-content\/uploads\/2025\/05\/RoseFertilizer-150x150.png",150,150,true],"medium":["https:\/\/www.ferberpainting.com\/wp-content\/uploads\/2025\/05\/RoseFertilizer-300x300.png",300,300,true],"medium_large":["https:\/\/www.ferberpainting.com\/wp-content\/uploads\/2025\/05\/RoseFertilizer-768x768.png",768,768,true],"large":["https:\/\/www.ferberpainting.com\/wp-content\/uploads\/2025\/05\/RoseFertilizer-1024x1024.png",1024,1024,true],"1536x1536":["https:\/\/www.ferberpainting.com\/wp-content\/uploads\/2025\/05\/RoseFertilizer-1536x1536.png",1536,1536,true],"2048x2048":["https:\/\/www.ferberpainting.com\/wp-content\/uploads\/2025\/05\/RoseFertilizer-2048x2048.png",2048,2048,true],"trp-custom-language-flag":["https:\/\/www.ferberpainting.com\/wp-content\/uploads\/2025\/05\/RoseFertilizer-12x12.png",12,12,true],"woocommerce_thumbnail":["https:\/\/www.ferberpainting.com\/wp-content\/uploads\/2025\/05\/RoseFertilizer-300x300.png",300,300,true],"woocommerce_single":["https:\/\/www.ferberpainting.com\/wp-content\/uploads\/2025\/05\/RoseFertilizer-600x600.png",600,600,true],"woocommerce_gallery_thumbnail":["https:\/\/www.ferberpainting.com\/wp-content\/uploads\/2025\/05\/RoseFertilizer-100x100.png",100,100,true]},"uagb_author_info":{"display_name":"admin","author_link":"https:\/\/www.ferberpainting.com\/hu\/author\/"},"uagb_comment_info":40,"uagb_excerpt":"A fertilizer specially designed for vibrant and healthy roses. This fertilizer is specially formulated to meet the needs of roses, promoting vigorous growth, abundant flowering, and increased resistance to diseases. Thanks to its ideal balance of nitrogen (N), phosphorus (P), and potassium (K) with an NPK 10-10-10 formula, it stimulates leaf and stem growth, root&hellip;","_links":{"self":[{"href":"https:\/\/www.ferberpainting.com\/hu\/wp-json\/wp\/v2\/product\/25275","targetHints":{"allow":["GET"]}}],"collection":[{"href":"https:\/\/www.ferberpainting.com\/hu\/wp-json\/wp\/v2\/product"}],"about":[{"href":"https:\/\/www.ferberpainting.com\/hu\/wp-json\/wp\/v2\/types\/product"}],"replies":[{"embeddable":true,"href":"https:\/\/www.ferberpainting.com\/hu\/wp-json\/wp\/v2\/comments?post=25275"}],"version-history":[{"count":5,"href":"https:\/\/www.ferberpainting.com\/hu\/wp-json\/wp\/v2\/product\/25275\/revisions"}],"predecessor-version":[{"id":167179,"href":"https:\/\/www.ferberpainting.com\/hu\/wp-json\/wp\/v2\/product\/25275\/revisions\/167179"}],"wp:featuredmedia":[{"embeddable":true,"href":"https:\/\/www.ferberpainting.com\/hu\/wp-json\/wp\/v2\/media\/27158"}],"wp:attachment":[{"href":"https:\/\/www.ferberpainting.com\/hu\/wp-json\/wp\/v2\/media?parent=25275"}],"wp:term":[{"taxonomy":"product_brand","embeddable":true,"href":"https:\/\/www.ferberpainting.com\/hu\/wp-json\/wp\/v2\/product_brand?post=25275"},{"taxonomy":"product_cat","embeddable":true,"href":"https:\/\/www.ferberpainting.com\/hu\/wp-json\/wp\/v2\/product_cat?post=25275"},{"taxonomy":"product_tag","embeddable":true,"href":"https:\/\/www.ferberpainting.com\/hu\/wp-json\/wp\/v2\/product_tag?post=25275"}],"curies":[{"name":"wp","href":"https:\/\/api.w.org\/{rel}","templated":true}]}}