{"id":25268,"date":"2025-05-26T10:30:10","date_gmt":"2025-05-26T08:30:10","guid":{"rendered":"https:\/\/www.ferberpainting.com\/products\/root-and-seedling-fertilizer\/"},"modified":"2026-02-16T08:35:46","modified_gmt":"2026-02-16T07:35:46","slug":"root-and-seedling-fertilizer","status":"publish","type":"product","link":"https:\/\/www.ferberpainting.com\/hu\/products\/root-and-seedling-fertilizer\/","title":{"rendered":"Gy\u00f6k\u00e9r- \u00e9s pal\u00e1ntatr\u00e1gya"},"content":{"rendered":"<p><strong><img decoding=\"async\" style=\"margin-right: 12px;\" src=\"https:\/\/www.ferberpainting.com\/wp-content\/uploads\/2026\/02\/Check.svg\" alt=\"\" width=\"18\" height=\"15\" \/>A gy\u00f6k\u00e9rfejl\u0151d\u00e9shez \u00e9s a pal\u00e1nt\u00e1k siker\u00e9hez n\u00e9lk\u00fcl\u00f6zhetetlen m\u0171tr\u00e1gya.<\/strong>\u00a0Ez a m\u0171tr\u00e1gya kifejezetten a fiatal n\u00f6v\u00e9nyek gy\u00f6keresed\u00e9s\u00e9nek el\u0151seg\u00edt\u00e9s\u00e9re \u00e9s a magok cs\u00edr\u00e1z\u00e1s\u00e1nak serkent\u00e9s\u00e9re szolg\u00e1l. A nitrog\u00e9n (N), a foszfor (P) \u00e9s a k\u00e1lium (K) t\u00f6k\u00e9letes egyens\u00faly\u00e1val, 15-15-15 NPK-val biztos\u00edtja a gyors \u00e9s er\u0151teljes gy\u00f6k\u00e9rfejl\u0151d\u00e9st, ez\u00e1ltal garant\u00e1lja az er\u0151teljes n\u00f6veked\u00e9st \u00e9s a jobb ellen\u00e1ll\u00e1st az \u00e9ghajlati viszonyokkal \u00e9s betegs\u00e9gekkel szemben.<\/p>\n<p><strong><img decoding=\"async\" style=\"margin-right: 12px;\" src=\"https:\/\/www.ferberpainting.com\/wp-content\/uploads\/2026\/02\/Check.svg\" alt=\"\" width=\"18\" height=\"15\" \/>P\u00e9nzvisszafizet\u00e9si garancia.<\/strong>\u00a0Teljes m\u00e9rt\u00e9kben megb\u00edzunk m\u0171tr\u00e1gy\u00e1nk hat\u00e9konys\u00e1g\u00e1ban, ez\u00e9rt p\u00e9nzvisszafizet\u00e9si garanci\u00e1t v\u00e1llalunk. Ha az aj\u00e1nlott k\u00f6r\u00fclm\u00e9nyek k\u00f6z\u00f6tt t\u00f6rt\u00e9n\u0151 kijuttat\u00e1s ut\u00e1n nem tapasztal \u00e9szrevehet\u0151 javul\u00e1st a pal\u00e1nt\u00e1in vagy a n\u00f6v\u00e9nyek gy\u00f6k\u00e9rfejl\u0151d\u00e9s\u00e9ben, vita n\u00e9lk\u00fcl visszat\u00e9r\u00edtj\u00fck az \u00e1r\u00e1t.<\/p>\n<p><strong><img decoding=\"async\" style=\"margin-right: 12px;\" src=\"https:\/\/www.ferberpainting.com\/wp-content\/uploads\/2026\/02\/Check.svg\" alt=\"\" width=\"18\" height=\"15\" \/>Sokoldal\u00fa m\u0171tr\u00e1gya mindenf\u00e9le pal\u00e1nt\u00e1k \u00e9s gy\u00f6kerek sz\u00e1m\u00e1ra.<\/strong>\u00a0Legyen sz\u00f3 z\u00f6lds\u00e9g-, vir\u00e1g-, fa- vagy cserjecsemet\u00e9kr\u0151l, ez a m\u0171tr\u00e1gya mindenf\u00e9le n\u00f6v\u00e9nykult\u00far\u00e1hoz alkalmas. Ide\u00e1lis a fiatal cserepes n\u00f6v\u00e9nyek sz\u00e1m\u00e1ra is, ak\u00e1r szabadf\u00f6ld\u00f6n, ak\u00e1r \u00fcvegh\u00e1zban. A gy\u00f6k\u00e9rfejl\u0151d\u00e9sre gyakorolt c\u00e9lzott hat\u00e1sa lehet\u0151v\u00e9 teszi, hogy a n\u00f6v\u00e9nyek hat\u00e9konyabban sz\u00edvj\u00e1k fel a t\u00e1panyagokat \u00e9s a vizet, \u00edgy kezdett\u0151l fogva eg\u00e9szs\u00e9ges \u00e9s egyenletes n\u00f6veked\u00e9st biztos\u00edt.<\/p>\n<p><strong><img decoding=\"async\" style=\"margin-right: 12px;\" src=\"https:\/\/www.ferberpainting.com\/wp-content\/uploads\/2026\/02\/Check.svg\" alt=\"\" width=\"18\" height=\"15\" \/>Kiv\u00e1l\u00f3 k\u00f6lts\u00e9ghat\u00e9konys\u00e1g \u00e9s optim\u00e1lis hat\u00e9konys\u00e1g.<\/strong>\u00a0Koncentr\u00e1lt \u00f6sszet\u00e9tel\u00e9nek k\u00f6sz\u00f6nhet\u0151en ez a m\u0171tr\u00e1gya kiv\u00e9teles hozamot biztos\u00edt, lehet\u0151v\u00e9 t\u00e9ve nagysz\u00e1m\u00fa pal\u00e1nta \u00e9s fiatal n\u00f6v\u00e9ny kezel\u00e9s\u00e9t kis mennyis\u00e9g\u0171 term\u00e9kkel. Az 1 liter v\u00edzhez 5 ml m\u0171tr\u00e1gya adagol\u00e1s\u00e1val egy 5 literes flakonb\u00f3l ak\u00e1r 1000 liter m\u0171tr\u00e1gyaoldat is el\u0151\u00e1ll\u00edthat\u00f3, \u00edgy fenntarthat\u00f3 \u00e9s j\u00f6vedelmez\u0151 befektet\u00e9s mind az amat\u0151r, mind a profi kert\u00e9szek sz\u00e1m\u00e1ra.<\/p>\n<p><strong><img decoding=\"async\" style=\"margin-right: 12px;\" src=\"https:\/\/www.ferberpainting.com\/wp-content\/uploads\/2026\/02\/Check.svg\" alt=\"\" width=\"18\" height=\"15\" \/>Biztons\u00e1gos term\u00e9k a n\u00f6v\u00e9nyek \u00e9s a k\u00f6rnyezet sz\u00e1m\u00e1ra.<\/strong>\u00a0Ez a m\u0171tr\u00e1gya nem tartalmaz agressz\u00edv vegyi anyagokat, \u00e9s tiszteletben tartja a k\u00f6rnyezetet. Term\u00e9szetes m\u00f3don serkenti a gy\u00f6kereket an\u00e9lk\u00fcl, hogy a fiatal hajt\u00e1sok meg\u00e9g\u00e9s\u00e9t kock\u00e1ztatn\u00e1, \u00edgy biztos\u00edtva a kiegyens\u00falyozott \u00e9s biztons\u00e1gos fejl\u0151d\u00e9st. Nem k\u00e1ros\u00edtja a talaj mikrofaun\u00e1j\u00e1t, sem az olyan hasznos szervezeteket, mint a f\u00f6ldigiliszt\u00e1k \u00e9s a talaj term\u00e9kenys\u00e9g\u00e9hez n\u00e9lk\u00fcl\u00f6zhetetlen mikroorganizmusok.<\/p>\n<p><strong><img decoding=\"async\" style=\"margin-right: 12px;\" src=\"https:\/\/www.ferberpainting.com\/wp-content\/uploads\/2026\/02\/Check.svg\" alt=\"\" width=\"18\" height=\"15\" \/>Egyszer\u0171en haszn\u00e1lhat\u00f3 m\u0171tr\u00e1gya a gyors \u00e9s hat\u00e9kony kijuttat\u00e1shoz.<\/strong>\u00a0M\u00e1s, bonyolult l\u00e9p\u00e9seket ig\u00e9nyl\u0151 m\u0171tr\u00e1gy\u00e1kkal ellent\u00e9tben ez a m\u0171tr\u00e1gya k\u00f6nnyen h\u00edgul v\u00edzben, \u00e9s egyszer\u0171 permetez\u00e9ssel kijuttathat\u00f3. Nincs sz\u00fcks\u00e9g bonyolult felszerel\u00e9sre, egy egyszer\u0171 locsol\u00f3kanna vagy permetez\u0151 el\u00e9g a gy\u00f6kerek \u00e9s a pal\u00e1nt\u00e1k hat\u00e9kony t\u00e1pl\u00e1l\u00e1s\u00e1hoz. Nem ig\u00e9nyel speci\u00e1lis k\u00e9szs\u00e9geket, \u00edgy minden kert\u00e9sz sz\u00e1m\u00e1ra el\u00e9rhet\u0151, a kezd\u0151kt\u0151l a profikig.<\/p>\n<p><strong><img decoding=\"async\" style=\"margin-right: 12px;\" src=\"https:\/\/www.ferberpainting.com\/wp-content\/uploads\/2026\/02\/Check.svg\" alt=\"\" width=\"18\" height=\"15\" \/>Fenntarthat\u00f3 fell\u00e9p\u00e9s a m\u00e9ly \u00e9s er\u0151s gy\u00f6keresed\u00e9s\u00e9rt.<\/strong>\u00a0A kiegyens\u00falyozott t\u00e1panyag-lead\u00e1snak k\u00f6sz\u00f6nhet\u0151en ez a m\u0171tr\u00e1gya t\u00f6bb h\u00e9ten kereszt\u00fcl folyamatos \u00e9s harmonikus n\u00f6veked\u00e9st biztos\u00edt. El\u0151seg\u00edti a m\u00e9ly gy\u00f6kerek fejl\u0151d\u00e9s\u00e9t, seg\u00edt a fiatal n\u00f6v\u00e9nyeknek ellen\u00e1llni a sz\u00e1razs\u00e1gnak, \u00e9s hat\u00e9konyabban veszi fel a talajb\u00f3l az \u00e1sv\u00e1nyi anyagokat \u00e9s a vizet. Ez biztos\u00edtja a n\u00f6v\u00e9nyek jobb alkalmazkod\u00e1s\u00e1t a k\u00f6rnyezet\u00fckh\u00f6z \u00e9s magasabb t\u00fal\u00e9l\u00e9si ar\u00e1nyt.<\/p>\n<p><strong><img decoding=\"async\" style=\"margin-right: 12px;\" src=\"https:\/\/www.ferberpainting.com\/wp-content\/uploads\/2026\/02\/Check.svg\" alt=\"\" width=\"18\" height=\"15\" \/>N\u00e9h\u00e1ny h\u00e9t alatt l\u00e1that\u00f3 eredm\u00e9nyek.<\/strong>\u00a0A kijuttat\u00e1s els\u0151 napjait\u00f3l kezdve megfigyelheti a pal\u00e1nt\u00e1k gyorsabb kel\u00e9s\u00e9t, er\u0151teljesebb gy\u00f6k\u00e9rzetet, valamint s\u0171r\u0171bb \u00e9s z\u00f6ldebb lombozatot. A gy\u00f6k\u00e9rrendszerre gyakorolt fokozott hat\u00e1s lehet\u0151v\u00e9 teszi a t\u00e1panyagok jobb felsz\u00edv\u00f3d\u00e1s\u00e1t, ami er\u0151sebb \u00e9s stresszt\u0171r\u0151bb n\u00f6v\u00e9nyeket eredm\u00e9nyez, cs\u00f6kkentve a betegs\u00e9gek \u00e9s k\u00e1rtev\u0151k kock\u00e1zat\u00e1t.<\/p>\n<h2><strong>Haszn\u00e1lati protokoll<\/strong><\/h2>\n<p><strong>Aj\u00e1nlott adagol\u00e1s<\/strong> :<\/p>\n<ul>\n<li><strong>Vet\u00e9shez<\/strong>: Keverjen \u00f6ssze 5 ml m\u0171tr\u00e1gy\u00e1t 1 liter v\u00edzhez, \u00e9s a magok elhelyez\u00e9se ut\u00e1n enyh\u00e9n nedves\u00edtse meg a talajt.<\/li>\n<li><strong>Cserepes vagy kont\u00e9neres fiatal n\u00f6v\u00e9nyekhez<\/strong>: Hetente egyszer 5 ml h\u00edg\u00edtott oldattal vizet adunk literenk\u00e9nt.<\/li>\n<li><strong>K\u00fclt\u00e9ri \u00fcltetv\u00e9nyekhez<\/strong>: A fiatal n\u00f6v\u00e9nyek k\u00f6r\u00fcl n\u00e9gyzetm\u00e9terenk\u00e9nt 1 liter oldatot kell alkalmazni.<\/li>\n<li><strong>\u00dajonnan \u00fcltetett f\u00e1k \u00e9s cserj\u00e9k eset\u00e9ben<\/strong>: Minden n\u00f6v\u00e9nyt a n\u00f6v\u00e9ny m\u00e9ret\u00e9t\u0151l f\u00fcgg\u0151en 2-3 liter oldattal \u00f6nt\u00f6zz\u00f6n meg.<\/li>\n<\/ul>\n<p><strong>Alkalmaz\u00e1si gyakoris\u00e1g<\/strong> :<\/p>\n<ul>\n<li>K\u00f6zvetlen\u00fcl a vet\u00e9s ut\u00e1n, a gyors \u00e9s egyenletes cs\u00edr\u00e1z\u00e1s el\u0151seg\u00edt\u00e9se \u00e9rdek\u00e9ben.<\/li>\n<li>Az els\u0151 levelek megjelen\u00e9sekor, a fiatal hajt\u00e1sok fejl\u0151d\u00e9s\u00e9nek t\u00e1mogat\u00e1s\u00e1ra.<\/li>\n<li>Minden \u00e1t\u00fcltet\u00e9s ut\u00e1n a gy\u00f6k\u00e9rterhel\u00e9s cs\u00f6kkent\u00e9se \u00e9s a gyors regener\u00e1l\u00f3d\u00e1s el\u0151seg\u00edt\u00e9se \u00e9rdek\u00e9ben.<\/li>\n<\/ul>\n<p><strong>Alkalmaz\u00e1si m\u00f3dszer<\/strong> :<\/p>\n<ul>\n<li>A h\u00edg\u00edtott m\u0171tr\u00e1gya egyenletes eloszlat\u00e1s\u00e1hoz haszn\u00e1ljon \u00f6nt\u00f6z\u0151kann\u00e1t vagy permetez\u0151t.<\/li>\n<li>A t\u00e1panyagok kimos\u00f3d\u00e1s\u00e1nak elker\u00fcl\u00e9se \u00e9rdek\u00e9ben k\u00f6zvetlen\u00fcl a talajba vagy a fiatal n\u00f6v\u00e9nyek t\u00f6v\u00e9be kell kijuttatni, t\u00falzott \u00f6nt\u00f6z\u00e9s n\u00e9lk\u00fcl.<\/li>\n<li>Ker\u00fclje az alkalmaz\u00e1st meleg id\u0151ben, ink\u00e1bb reggel vagy k\u00e9s\u0151 d\u00e9lut\u00e1n.<\/li>\n<\/ul>\n<p><strong>Haszn\u00e1lati \u00f3vint\u00e9zked\u00e9sek<\/strong> :<\/p>\n<ul>\n<li>K\u00f6vesse az aj\u00e1nlott adagokat, a t\u00faladagol\u00e1s k\u00e1ros\u00edthatja a fiatal n\u00f6v\u00e9nyeket.<\/li>\n<li>F\u00e9nyt\u0151l \u00e9s nedvess\u00e9gt\u0151l v\u00e9dve, h\u0171v\u00f6s, sz\u00e1raz helyen t\u00e1rolja.<\/li>\n<li>Ne alkalmazza alv\u00f3 n\u00f6v\u00e9nyekre, tartsa fenn a haszn\u00e1lat\u00e1t az akt\u00edv n\u00f6veked\u00e9si id\u0151szakokra.<\/li>\n<\/ul>\n<p>Ennek a gy\u00f6k\u00e9r- \u00e9s magtr\u00e1gy\u00e1nak k\u00f6sz\u00f6nhet\u0151en biztos\u00edtja a sikeres cs\u00edr\u00e1z\u00e1st, az optim\u00e1lis gy\u00f6k\u00e9rfejl\u0151d\u00e9st \u00e9s az er\u0151teljes n\u00f6veked\u00e9st. Kiegyens\u00falyozott t\u00e1panyagai teljes k\u00f6r\u0171 \u00e9s hat\u00e9kony megold\u00e1st ny\u00fajtanak minden vet\u00e9s \u00e9s fiatal n\u00f6v\u00e9ny sz\u00e1m\u00e1ra, biztos\u00edtva az eg\u00e9szs\u00e9ges \u00e9s ellen\u00e1ll\u00f3 n\u00f6v\u00e9nyek er\u0151s indul\u00e1s\u00e1t.<\/p>","protected":false},"excerpt":{"rendered":"<p>An essential fertilizer for root development and seedling success.\u00a0This fertilizer is specifically formulated to promote the rooting of young plants and stimulate seed germination. With a perfect balance of nitrogen (N), phosphorus (P), and potassium (K) with an NPK of 15-15-15, it ensures rapid and robust root development, thus guaranteeing vigorous growth and better resistance [&hellip;]<\/p>\n","protected":false},"featured_media":27153,"comment_status":"open","ping_status":"closed","template":"","meta":{"_uag_custom_page_level_css":"","site-sidebar-layout":"default","site-content-layout":"","ast-site-content-layout":"default","site-content-style":"default","site-sidebar-style":"default","ast-global-header-display":"","ast-banner-title-visibility":"","ast-main-header-display":"","ast-hfb-above-header-display":"","ast-hfb-below-header-display":"","ast-hfb-mobile-header-display":"","site-post-title":"","ast-breadcrumbs-content":"","ast-featured-img":"","footer-sml-layout":"","ast-disable-related-posts":"","theme-transparent-header-meta":"default","adv-header-id-meta":"","stick-header-meta":"","header-above-stick-meta":"","header-main-stick-meta":"","header-below-stick-meta":"","astra-migrate-meta-layouts":"set","ast-page-background-enabled":"default","ast-page-background-meta":{"desktop":{"background-color":"var(--ast-global-color-4)","background-image":"","background-repeat":"repeat","background-position":"center center","background-size":"auto","background-attachment":"scroll","background-type":"","background-media":"","overlay-type":"","overlay-color":"","overlay-opacity":"","overlay-gradient":""},"tablet":{"background-color":"","background-image":"","background-repeat":"repeat","background-position":"center center","background-size":"auto","background-attachment":"scroll","background-type":"","background-media":"","overlay-type":"","overlay-color":"","overlay-opacity":"","overlay-gradient":""},"mobile":{"background-color":"","background-image":"","background-repeat":"repeat","background-position":"center center","background-size":"auto","background-attachment":"scroll","background-type":"","background-media":"","overlay-type":"","overlay-color":"","overlay-opacity":"","overlay-gradient":""}},"ast-content-background-meta":{"desktop":{"background-color":"var(--ast-global-color-5)","background-image":"","background-repeat":"repeat","background-position":"center center","background-size":"auto","background-attachment":"scroll","background-type":"","background-media":"","overlay-type":"","overlay-color":"","overlay-opacity":"","overlay-gradient":""},"tablet":{"background-color":"var(--ast-global-color-5)","background-image":"","background-repeat":"repeat","background-position":"center center","background-size":"auto","background-attachment":"scroll","background-type":"","background-media":"","overlay-type":"","overlay-color":"","overlay-opacity":"","overlay-gradient":""},"mobile":{"background-color":"var(--ast-global-color-5)","background-image":"","background-repeat":"repeat","background-position":"center center","background-size":"auto","background-attachment":"scroll","background-type":"","background-media":"","overlay-type":"","overlay-color":"","overlay-opacity":"","overlay-gradient":""}}},"product_brand":[],"product_cat":[178],"product_tag":[],"class_list":{"0":"post-25268","1":"product","2":"type-product","3":"status-publish","4":"has-post-thumbnail","6":"product_cat-fertilizers","7":"desktop-align-left","8":"tablet-align-left","9":"mobile-align-left","11":"first","12":"instock","13":"sale","14":"taxable","15":"shipping-taxable","16":"purchasable","17":"product-type-variable","18":"has-default-attributes"},"spectra_custom_meta":{"_visibility":["visible"],"_shopify_product_id":["9071933686005"],"_s2w_shopify_domain":["ferberpainting.myshopify.com"],"_shopify_variant_id":["46519270408437"],"_sku":[""],"_manage_stock":["no"],"total_sales":["10"],"_tax_status":["taxable"],"_tax_class":[""],"_backorders":["no"],"_sold_individually":["no"],"_virtual":["no"],"_downloadable":["no"],"_download_limit":["-1"],"_download_expiry":["-1"],"_stock":[null],"_stock_status":["instock"],"_wc_average_rating":["4.71"],"_wc_review_count":["7"],"_product_attributes":["a:1:{s:6:\"volume\";a:6:{s:4:\"name\";s:6:\"Volume\";s:5:\"value\";s:20:\"5 liters | 25 liters\";s:8:\"position\";i:1;s:10:\"is_visible\";i:0;s:12:\"is_variation\";i:1;s:11:\"is_taxonomy\";i:0;}}"],"_product_version":["10.5.1"],"_thumbnail_id":["27153"],"_product_image_gallery":["27154"],"wpse_downloadable_file_names":[""],"wpse_downloadable_file_urls":[""],"_edit_last":["1"],"_default_attributes":["a:1:{s:6:\"volume\";s:8:\"5 liters\";}"],"_edit_lock":["1771228673:1"],"_price":["29.90","129.90"],"merchant-center-availability":["yes"],"merchant-center-category":["113"],"_wp_page_template":["default"],"site-sidebar-layout":["default"],"ast-site-content-layout":["default"],"site-content-style":["default"],"site-sidebar-style":["default"],"theme-transparent-header-meta":["default"],"_wc_rating_count":["a:2:{i:4;i:2;i:5;i:5;}"],"astra-migrate-meta-layouts":["set"],"_uag_css_file_name":["uag-css-25268.css"],"_elementor_page_assets":["a:0:{}"],"_uag_page_assets":["a:9:{s:3:\"css\";s:7133:\".uag-blocks-common-selector{z-index:var(--z-index-desktop) !important}@media(max-width: 976px){.uag-blocks-common-selector{z-index:var(--z-index-tablet) !important}}@media(max-width: 767px){.uag-blocks-common-selector{z-index:var(--z-index-mobile) !important}}.wp-block-uagb-image{display:flex}.wp-block-uagb-image__figure{position:relative;display:flex;flex-direction:column;max-width:100%;height:auto;margin:0}.wp-block-uagb-image__figure img{height:auto;display:flex;max-width:100%;transition:box-shadow .2s ease}.wp-block-uagb-image__figure>a{display:inline-block}.wp-block-uagb-image__figure figcaption{text-align:center;margin-top:.5em;margin-bottom:1em}.wp-block-uagb-image .components-placeholder.block-editor-media-placeholder .components-placeholder__instructions{align-self:center}.wp-block-uagb-image--align-left{text-align:left}.wp-block-uagb-image--align-right{text-align:right}.wp-block-uagb-image--align-center{text-align:center}.wp-block-uagb-image--align-full .wp-block-uagb-image__figure{margin-left:calc(50% - 50vw);margin-right:calc(50% - 50vw);max-width:100vw;width:100vw;height:auto}.wp-block-uagb-image--align-full .wp-block-uagb-image__figure img{height:auto;width:100% !important}.wp-block-uagb-image--align-wide .wp-block-uagb-image__figure img{height:auto;width:100%}.wp-block-uagb-image--layout-overlay__color-wrapper{position:absolute;left:0;top:0;right:0;bottom:0;opacity:.2;background:rgba(0,0,0,.5);transition:opacity .35s ease-in-out}.wp-block-uagb-image--layout-overlay-link{position:absolute;left:0;right:0;bottom:0;top:0}.wp-block-uagb-image--layout-overlay .wp-block-uagb-image__figure:hover .wp-block-uagb-image--layout-overlay__color-wrapper{opacity:1}.wp-block-uagb-image--layout-overlay__inner{position:absolute;left:15px;right:15px;bottom:15px;top:15px;display:flex;align-items:center;justify-content:center;flex-direction:column;border-color:#fff;transition:.35s ease-in-out}.wp-block-uagb-image--layout-overlay__inner.top-left,.wp-block-uagb-image--layout-overlay__inner.top-center,.wp-block-uagb-image--layout-overlay__inner.top-right{justify-content:flex-start}.wp-block-uagb-image--layout-overlay__inner.bottom-left,.wp-block-uagb-image--layout-overlay__inner.bottom-center,.wp-block-uagb-image--layout-overlay__inner.bottom-right{justify-content:flex-end}.wp-block-uagb-image--layout-overlay__inner.top-left,.wp-block-uagb-image--layout-overlay__inner.center-left,.wp-block-uagb-image--layout-overlay__inner.bottom-left{align-items:flex-start}.wp-block-uagb-image--layout-overlay__inner.top-right,.wp-block-uagb-image--layout-overlay__inner.center-right,.wp-block-uagb-image--layout-overlay__inner.bottom-right{align-items:flex-end}.wp-block-uagb-image--layout-overlay__inner .uagb-image-heading{color:#fff;transition:transform .35s,opacity .35s ease-in-out;transform:translate3d(0, 24px, 0);margin:0;line-height:1em}.wp-block-uagb-image--layout-overlay__inner .uagb-image-separator{width:30%;border-top-width:2px;border-top-color:#fff;border-top-style:solid;margin-bottom:10px;opacity:0;transition:transform .4s,opacity .4s ease-in-out;transform:translate3d(0, 30px, 0)}.wp-block-uagb-image--layout-overlay__inner .uagb-image-caption{opacity:0;overflow:visible;color:#fff;transition:transform .45s,opacity .45s ease-in-out;transform:translate3d(0, 35px, 0)}.wp-block-uagb-image--layout-overlay__inner:hover .uagb-image-heading,.wp-block-uagb-image--layout-overlay__inner:hover .uagb-image-separator,.wp-block-uagb-image--layout-overlay__inner:hover .uagb-image-caption{opacity:1;transform:translate3d(0, 0, 0)}.wp-block-uagb-image--effect-zoomin .wp-block-uagb-image__figure img,.wp-block-uagb-image--effect-zoomin .wp-block-uagb-image__figure .wp-block-uagb-image--layout-overlay__color-wrapper{transform:scale(1);transition:transform .35s ease-in-out}.wp-block-uagb-image--effect-zoomin .wp-block-uagb-image__figure:hover img,.wp-block-uagb-image--effect-zoomin .wp-block-uagb-image__figure:hover .wp-block-uagb-image--layout-overlay__color-wrapper{transform:scale(1.05)}.wp-block-uagb-image--effect-slide .wp-block-uagb-image__figure img,.wp-block-uagb-image--effect-slide .wp-block-uagb-image__figure .wp-block-uagb-image--layout-overlay__color-wrapper{width:calc(100% + 40px) !important;max-width:none !important;transform:translate3d(-40px, 0, 0);transition:transform .35s ease-in-out}.wp-block-uagb-image--effect-slide .wp-block-uagb-image__figure:hover img,.wp-block-uagb-image--effect-slide .wp-block-uagb-image__figure:hover .wp-block-uagb-image--layout-overlay__color-wrapper{transform:translate3d(0, 0, 0)}.wp-block-uagb-image--effect-grayscale img{filter:grayscale(0%);transition:.35s ease-in-out}.wp-block-uagb-image--effect-grayscale:hover img{filter:grayscale(100%)}.wp-block-uagb-image--effect-blur img{filter:blur(0);transition:.35s ease-in-out}.wp-block-uagb-image--effect-blur:hover img{filter:blur(3px)}.uagb-block-e6f939b3.wp-block-uagb-image--layout-default figure img{box-shadow: 0px 0px 0 #00000070;}.uagb-block-e6f939b3.wp-block-uagb-image .wp-block-uagb-image__figure figcaption{font-style: normal;align-self: center;}.uagb-block-e6f939b3.wp-block-uagb-image--layout-overlay figure img{box-shadow: 0px 0px 0 #00000070;}.uagb-block-e6f939b3.wp-block-uagb-image--layout-overlay .wp-block-uagb-image--layout-overlay__color-wrapper{opacity: 0.2;}.uagb-block-e6f939b3.wp-block-uagb-image--layout-overlay .wp-block-uagb-image--layout-overlay__inner{left: 15px;right: 15px;top: 15px;bottom: 15px;}.uagb-block-e6f939b3.wp-block-uagb-image--layout-overlay .wp-block-uagb-image--layout-overlay__inner .uagb-image-heading{font-style: normal;color: #fff;opacity: 1;}.uagb-block-e6f939b3.wp-block-uagb-image--layout-overlay .wp-block-uagb-image--layout-overlay__inner .uagb-image-heading a{color: #fff;}.uagb-block-e6f939b3.wp-block-uagb-image--layout-overlay .wp-block-uagb-image--layout-overlay__inner .uagb-image-caption{opacity: 0;}.uagb-block-e6f939b3.wp-block-uagb-image--layout-overlay .wp-block-uagb-image__figure:hover .wp-block-uagb-image--layout-overlay__color-wrapper{opacity: 1;}.uagb-block-e6f939b3.wp-block-uagb-image .wp-block-uagb-image--layout-overlay__inner .uagb-image-separator{width: 30%;border-top-width: 2px;border-top-color: #fff;opacity: 0;}.uagb-block-e6f939b3.wp-block-uagb-image .wp-block-uagb-image__figure img{width: px;height: auto;}.uagb-block-e6f939b3.wp-block-uagb-image .wp-block-uagb-image__figure:hover .wp-block-uagb-image--layout-overlay__inner .uagb-image-caption{opacity: 1;}.uagb-block-e6f939b3.wp-block-uagb-image .wp-block-uagb-image__figure:hover .wp-block-uagb-image--layout-overlay__inner .uagb-image-separator{opacity: 1;}.uagb-block-e6f939b3.wp-block-uagb-image--layout-default figure:hover img{box-shadow: 0px 0px 0 #00000070;}.uagb-block-e6f939b3.wp-block-uagb-image--layout-overlay figure:hover img{box-shadow: 0px 0px 0 #00000070;}@media only screen and (max-width: 976px) {.uagb-block-e6f939b3.wp-block-uagb-image .wp-block-uagb-image__figure img{width: px;height: auto;}}@media only screen and (max-width: 767px) {.uagb-block-e6f939b3.wp-block-uagb-image .wp-block-uagb-image__figure img{width: px;height: auto;}}\";s:2:\"js\";s:0:\"\";s:18:\"current_block_list\";a:13:{i:0;s:11:\"core\/search\";i:1;s:10:\"core\/group\";i:2;s:12:\"core\/heading\";i:3;s:17:\"core\/latest-posts\";i:4;s:20:\"core\/latest-comments\";i:5;s:13:\"core\/archives\";i:6;s:15:\"core\/categories\";i:7;s:14:\"core\/paragraph\";i:8;s:10:\"uagb\/image\";i:9;s:11:\"core\/spacer\";i:10;s:30:\"woocommerce\/product-categories\";i:11;s:10:\"core\/image\";i:12;s:14:\"core\/shortcode\";}s:8:\"uag_flag\";b:1;s:11:\"uag_version\";s:10:\"1777599370\";s:6:\"gfonts\";a:0:{}s:10:\"gfonts_url\";s:0:\"\";s:12:\"gfonts_files\";a:0:{}s:14:\"uag_faq_layout\";b:0;}"]},"uagb_featured_image_src":{"full":["https:\/\/www.ferberpainting.com\/wp-content\/uploads\/2025\/05\/RootandSeedlingFertilizer5L.png",2560,2560,false],"thumbnail":["https:\/\/www.ferberpainting.com\/wp-content\/uploads\/2025\/05\/RootandSeedlingFertilizer5L-150x150.png",150,150,true],"medium":["https:\/\/www.ferberpainting.com\/wp-content\/uploads\/2025\/05\/RootandSeedlingFertilizer5L-300x300.png",300,300,true],"medium_large":["https:\/\/www.ferberpainting.com\/wp-content\/uploads\/2025\/05\/RootandSeedlingFertilizer5L-768x768.png",768,768,true],"large":["https:\/\/www.ferberpainting.com\/wp-content\/uploads\/2025\/05\/RootandSeedlingFertilizer5L-1024x1024.png",1024,1024,true],"1536x1536":["https:\/\/www.ferberpainting.com\/wp-content\/uploads\/2025\/05\/RootandSeedlingFertilizer5L-1536x1536.png",1536,1536,true],"2048x2048":["https:\/\/www.ferberpainting.com\/wp-content\/uploads\/2025\/05\/RootandSeedlingFertilizer5L-2048x2048.png",2048,2048,true],"trp-custom-language-flag":["https:\/\/www.ferberpainting.com\/wp-content\/uploads\/2025\/05\/RootandSeedlingFertilizer5L-12x12.png",12,12,true],"woocommerce_thumbnail":["https:\/\/www.ferberpainting.com\/wp-content\/uploads\/2025\/05\/RootandSeedlingFertilizer5L-300x300.png",300,300,true],"woocommerce_single":["https:\/\/www.ferberpainting.com\/wp-content\/uploads\/2025\/05\/RootandSeedlingFertilizer5L-600x600.png",600,600,true],"woocommerce_gallery_thumbnail":["https:\/\/www.ferberpainting.com\/wp-content\/uploads\/2025\/05\/RootandSeedlingFertilizer5L-100x100.png",100,100,true]},"uagb_author_info":{"display_name":"admin","author_link":"https:\/\/www.ferberpainting.com\/hu\/author\/"},"uagb_comment_info":7,"uagb_excerpt":"An essential fertilizer for root development and seedling success.\u00a0This fertilizer is specifically formulated to promote the rooting of young plants and stimulate seed germination. With a perfect balance of nitrogen (N), phosphorus (P), and potassium (K) with an NPK of 15-15-15, it ensures rapid and robust root development, thus guaranteeing vigorous growth and better resistance&hellip;","_links":{"self":[{"href":"https:\/\/www.ferberpainting.com\/hu\/wp-json\/wp\/v2\/product\/25268","targetHints":{"allow":["GET"]}}],"collection":[{"href":"https:\/\/www.ferberpainting.com\/hu\/wp-json\/wp\/v2\/product"}],"about":[{"href":"https:\/\/www.ferberpainting.com\/hu\/wp-json\/wp\/v2\/types\/product"}],"replies":[{"embeddable":true,"href":"https:\/\/www.ferberpainting.com\/hu\/wp-json\/wp\/v2\/comments?post=25268"}],"version-history":[{"count":4,"href":"https:\/\/www.ferberpainting.com\/hu\/wp-json\/wp\/v2\/product\/25268\/revisions"}],"predecessor-version":[{"id":167148,"href":"https:\/\/www.ferberpainting.com\/hu\/wp-json\/wp\/v2\/product\/25268\/revisions\/167148"}],"wp:featuredmedia":[{"embeddable":true,"href":"https:\/\/www.ferberpainting.com\/hu\/wp-json\/wp\/v2\/media\/27153"}],"wp:attachment":[{"href":"https:\/\/www.ferberpainting.com\/hu\/wp-json\/wp\/v2\/media?parent=25268"}],"wp:term":[{"taxonomy":"product_brand","embeddable":true,"href":"https:\/\/www.ferberpainting.com\/hu\/wp-json\/wp\/v2\/product_brand?post=25268"},{"taxonomy":"product_cat","embeddable":true,"href":"https:\/\/www.ferberpainting.com\/hu\/wp-json\/wp\/v2\/product_cat?post=25268"},{"taxonomy":"product_tag","embeddable":true,"href":"https:\/\/www.ferberpainting.com\/hu\/wp-json\/wp\/v2\/product_tag?post=25268"}],"curies":[{"name":"wp","href":"https:\/\/api.w.org\/{rel}","templated":true}]}}