{"id":25262,"date":"2025-06-30T21:59:06","date_gmt":"2025-06-30T19:59:06","guid":{"rendered":"https:\/\/www.ferberpainting.com\/?post_type=product&#038;p=25262"},"modified":"2026-02-16T08:30:23","modified_gmt":"2026-02-16T07:30:23","slug":"roof-tile-water-repellent","status":"publish","type":"product","link":"https:\/\/www.ferberpainting.com\/hu\/products\/roof-tile-water-repellent\/","title":{"rendered":"Tet\u0151cser\u00e9p v\u00edzleperget\u0151"},"content":{"rendered":"<p><strong><img decoding=\"async\" style=\"margin-right: 12px;\" src=\"https:\/\/www.ferberpainting.com\/wp-content\/uploads\/2026\/02\/Check.svg\" alt=\"\" width=\"18\" height=\"15\" \/>Optim\u00e1lis nedvess\u00e9gv\u00e9delem.<\/strong>\u00a0Ez a csempe v\u00edzszigetel\u0151 speci\u00e1lisan \u00fagy lett kialak\u00edtva, hogy fokozott v\u00e9delmet ny\u00fajtson a nedvess\u00e9g \u00e9s a v\u00edz besziv\u00e1rg\u00e1sa ellen. M\u00e9lyen behatol a csempefel\u00fcletbe, hogy l\u00e1thatatlan g\u00e1tat k\u00e9pezzen, amely rendk\u00edv\u00fcl hat\u00e9kony. Ennek a hat\u00e1snak k\u00f6sz\u00f6nhet\u0151en megakad\u00e1lyozza, hogy a v\u00edz besziv\u00e1rogjon a cserepekbe, \u00e9s megv\u00e9di a tet\u0151t az id\u0151j\u00e1r\u00e1s okozta k\u00e1rokt\u00f3l - k\u00fcl\u00f6n\u00f6sen a pen\u00e9szed\u00e9st\u0151l, a foltokt\u00f3l \u00e9s az anyagroml\u00e1st\u00f3l.<\/p>\n<p><strong><img decoding=\"async\" style=\"margin-right: 12px;\" src=\"https:\/\/www.ferberpainting.com\/wp-content\/uploads\/2026\/02\/Check.svg\" alt=\"\" width=\"18\" height=\"15\" \/>P\u00e9nzvisszafizet\u00e9si garancia.<\/strong>\u00a0A teljes el\u00e9gedetts\u00e9g biztos\u00edt\u00e1sa \u00e9rdek\u00e9ben el\u00e9gedetts\u00e9gi vagy p\u00e9nzvisszafizet\u00e9si garanci\u00e1t k\u00edn\u00e1lunk. Ha haszn\u00e1lat ut\u00e1n nem teljesen el\u00e9gedett ezzel a csempe v\u00edzszigetel\u0151vel, k\u00e9rheti a teljes \u00f6sszeg visszat\u00e9r\u00edt\u00e9s\u00e9t. Ez a visszat\u00e9r\u00edt\u00e9si politika lehet\u0151v\u00e9 teszi, hogy bizalommal v\u00e1s\u00e1rolja meg a term\u00e9ket, tudva, hogy el\u00e9gedetlens\u00e9g eset\u00e9n fedezve van.<\/p>\n<p><strong><img decoding=\"async\" style=\"margin-right: 12px;\" src=\"https:\/\/www.ferberpainting.com\/wp-content\/uploads\/2026\/02\/Check.svg\" alt=\"\" width=\"18\" height=\"15\" \/>All-in-One v\u00e9delem.<\/strong>\u00a0Ez a v\u00edzszigetel\u0151 nem korl\u00e1toz\u00f3dik az agyagcser\u00e9pre. M\u00e1s tet\u0151fed\u0151 anyagokon, p\u00e9ld\u00e1ul betonon, cementen, habarcson, por\u00f3zus term\u00e9szetes k\u00f6veken \u00e9s m\u00e1s, az id\u0151j\u00e1r\u00e1s viszontags\u00e1gainak kitett, nedvsz\u00edv\u00f3 fel\u00fcleteken is haszn\u00e1lhat\u00f3, \u00edgy biztos\u00edtva a tet\u0151 teljes k\u00f6r\u0171 v\u00e9delm\u00e9t.<\/p>\n<p><strong><img decoding=\"async\" style=\"margin-right: 12px;\" src=\"https:\/\/www.ferberpainting.com\/wp-content\/uploads\/2026\/02\/Check.svg\" alt=\"\" width=\"18\" height=\"15\" \/>K\u00f6lts\u00e9ghat\u00e9kony.<\/strong>\u00a0Ez a csempe v\u00edzszigetel\u0151 rendk\u00edv\u00fcl gazdas\u00e1gos a lefedetts\u00e9g szempontj\u00e1b\u00f3l. Egy liter \u00e1tlagosan 6-8 m\u00b2 kezelt fel\u00fcletet fed le, a porozit\u00e1st\u00f3l f\u00fcgg\u0151en. Egy 5 literes kiszerel\u00e9ssel ak\u00e1r 40 m\u00b2-t is kezelhet, \u00edgy megfizethet\u0151 megold\u00e1s egy nagy tet\u0151fel\u00fclet v\u00e9delm\u00e9re. A nagy hat\u00e9konys\u00e1ga azt is jelenti, hogy nem kell gyakran \u00fajrakenni a term\u00e9ket, mik\u00f6zben a v\u00e9delem tart\u00f3s marad.<\/p>\n<p><strong><img decoding=\"async\" style=\"margin-right: 12px;\" src=\"https:\/\/www.ferberpainting.com\/wp-content\/uploads\/2026\/02\/Check.svg\" alt=\"\" width=\"18\" height=\"15\" \/>Biztons\u00e1gosan haszn\u00e1lhat\u00f3.<\/strong>\u00a0Ezt a csempe v\u00edzszigetel\u0151t \u00fagy tervezt\u00e9k, hogy teljesen biztons\u00e1gos legyen. Nem tartalmaz durva vegyi anyagokat, \u00e9s k\u00f6rnyezetbar\u00e1t. Biztons\u00e1gosan alkalmazhatja belt\u00e9ren \u00e9s k\u00fclt\u00e9ren egyar\u00e1nt, an\u00e9lk\u00fcl, hogy vesz\u00e9lyeztetn\u00e9 az \u00d6n vagy szerettei eg\u00e9szs\u00e9g\u00e9t. Azonban, mint minden kezel\u0151szer eset\u00e9ben, itt is aj\u00e1nlott keszty\u0171t \u00e9s v\u00e9d\u0151szem\u00fcveget viselni, k\u00fcl\u00f6n\u00f6sen, ha z\u00e1rt t\u00e9rben dolgozik.<\/p>\n<p><strong><img decoding=\"async\" style=\"margin-right: 12px;\" src=\"https:\/\/www.ferberpainting.com\/wp-content\/uploads\/2026\/02\/Check.svg\" alt=\"\" width=\"18\" height=\"15\" \/>K\u00f6nnyen alkalmazhat\u00f3.<\/strong>\u00a0Ez a term\u00e9k haszn\u00e1latra k\u00e9sz, \u00edgy rendk\u00edv\u00fcl k\u00f6nnyen alkalmazhat\u00f3. Nincs sz\u00fcks\u00e9g h\u00edg\u00edt\u00e1sra - egyszer\u0171en csak vigye fel k\u00f6zvetlen\u00fcl a csempefel\u00fcletre permetez\u0151vel, ecsettel vagy hengerrel. Az alkalmaz\u00e1s gyors \u00e9s nem ig\u00e9nyel speci\u00e1lis felszerel\u00e9st, \u00edgy a bark\u00e1csol\u00f3k \u00e9s a szakemberek sz\u00e1m\u00e1ra egyar\u00e1nt k\u00f6nnyen haszn\u00e1lhat\u00f3. R\u00e1ad\u00e1sul nem hagy l\u00e1that\u00f3 maradv\u00e1nyt, \u00edgy biztos\u00edtva a tiszta \u00e9s eszt\u00e9tikus eredm\u00e9nyt.<\/p>\n<p><strong><img decoding=\"async\" style=\"margin-right: 12px;\" src=\"https:\/\/www.ferberpainting.com\/wp-content\/uploads\/2026\/02\/Check.svg\" alt=\"\" width=\"18\" height=\"15\" \/>Hossz\u00fa t\u00e1v\u00fa tart\u00f3ss\u00e1g.<\/strong>\u00a0Ezt a v\u00edz\u00e1ll\u00f3 anyagot \u00fagy tervezt\u00e9k, hogy hosszan tart\u00f3 v\u00e9delmet ny\u00fajtson. Felhord\u00e1sa ut\u00e1n l\u00e1thatatlan, de rendk\u00edv\u00fcl ellen\u00e1ll\u00f3 g\u00e1tat k\u00e9pez a nedvess\u00e9ggel szemben. Az id\u0151j\u00e1r\u00e1si k\u00f6r\u00fclm\u00e9nyekt\u0151l \u00e9s a kitetts\u00e9gt\u0151l f\u00fcgg\u0151en v\u00e9d\u0151hat\u00e1sa 2-5 \u00e9vig tarthat. Ez a tart\u00f3ss\u00e1g cs\u00f6kkenti a gyakori karbantart\u00e1s sz\u00fcks\u00e9gess\u00e9g\u00e9t, \u00e9s folyamatos v\u00e9delmet biztos\u00edt a v\u00edz besziv\u00e1rg\u00e1sa ellen.<\/p>\n<p><strong><img decoding=\"async\" style=\"margin-right: 12px;\" src=\"https:\/\/www.ferberpainting.com\/wp-content\/uploads\/2026\/02\/Check.svg\" alt=\"\" width=\"18\" height=\"15\" \/>Gyors alkalmaz\u00e1s \u00e9s sz\u00e1rad\u00e1s.<\/strong>\u00a0Ez a csempe v\u00edzszigetel\u0151 gyors hat\u00e1s\u00e1r\u00f3l ismert. A permetez\u00e9s vagy felhord\u00e1s ut\u00e1n gyorsan behatol a csempe p\u00f3rusaiba, \u00e9s nagyon r\u00f6vid id\u0151 alatt v\u00e9delmet ny\u00fajt. A sz\u00e1rad\u00e1si id\u0151 szint\u00e9n gyors. A felhord\u00e1s ut\u00e1n \u00e1ltal\u00e1ban 1-2 \u00f3ra eltelt\u00e9vel m\u00e1r hozz\u00e1 lehet \u00e9rni a fel\u00fclethez. A teljes hat\u00e9konys\u00e1g biztos\u00edt\u00e1sa \u00e9rdek\u00e9ben azonban aj\u00e1nlott 24 \u00f3r\u00e1n \u00e1t hagyni a term\u00e9ket teljesen megsz\u00e1radni, miel\u0151tt b\u00e1rmilyen nedvess\u00e9gnek kitenn\u00e9.<\/p>\n<h2><strong>Haszn\u00e1lati protokoll<\/strong><\/h2>\n<ul>\n<li><strong>Fel\u00fclet el\u0151k\u00e9sz\u00edt\u00e9s <\/strong>: A csempe v\u00edzszigetel\u0151 felhord\u00e1sa el\u0151tt gy\u0151z\u0151dj\u00f6n meg arr\u00f3l, hogy a fel\u00fclet tiszta, sz\u00e1raz, \u00e9s mentes a szennyez\u0151d\u00e9sekt\u0151l, moh\u00e1t\u00f3l vagy t\u00f6rmel\u00e9kt\u0151l. Ha sz\u00fcks\u00e9ges, tiszt\u00edtsa meg a tet\u0151t nagynyom\u00e1s\u00fa mos\u00f3val vagy sepr\u0171vel. Ha moha vagy zuzm\u00f3 van jelen, a felhord\u00e1s el\u0151tt mohakezel\u00e9s aj\u00e1nlott. Gy\u0151z\u0151dj\u00f6n meg r\u00f3la, hogy a tet\u0151 teljesen sz\u00e1raz, miel\u0151tt a v\u00edzszigetel\u0151 anyagot felhordja.<\/li>\n<li><strong>Term\u00e9k alkalmaz\u00e1sa <\/strong>: Ez a v\u00edzszigetel\u0151 k\u00e9sz, \u00e9s nem ig\u00e9nyel h\u00edg\u00edt\u00e1st. Alkalmazza permetez\u0151vel, hengerrel vagy ecsettel. Ha permetez\u0151t haszn\u00e1l, tartson kb. 30 cm t\u00e1vols\u00e1got a fel\u00fclett\u0151l, \u00e9s egyenletes r\u00e9tegben vigye fel. Ha hengerrel vagy ecsettel haszn\u00e1lja, \u00fcgyeljen arra, hogy b\u0151s\u00e9ges mennyis\u00e9get vigyen fel an\u00e9lk\u00fcl, hogy a csemp\u00e9t tel\u00edten\u00e9. A teljes fed\u00e9s \u00e9rdek\u00e9ben egyenletesen dolgozzon.<\/li>\n<li><strong>Felhaszn\u00e1land\u00f3 mennyis\u00e9g <\/strong>: \u00c1tlagosan egy liter csempe v\u00edzszigetel\u0151 6-8 m\u00b2-t fed le, a porozit\u00e1st\u00f3l f\u00fcgg\u0151en. A k\u00fcl\u00f6n\u00f6sen por\u00f3zus csemp\u00e9k eset\u00e9ben a maxim\u00e1lis v\u00e9delemhez egy m\u00e1sodik r\u00e9tegre is sz\u00fcks\u00e9g lehet. Egy 5 literes tart\u00e1ly k\u00f6r\u00fclbel\u00fcl 40 m\u00b2 csempefel\u00fclet fed\u00e9s\u00e9re elegend\u0151.<\/li>\n<li><strong>Sz\u00e1rad\u00e1si id\u0151 <\/strong>: A felhord\u00e1s ut\u00e1n a sz\u00e1rad\u00e1si id\u0151 \u00e1ltal\u00e1ban 1-2 \u00f3ra. \u00c1ltal\u00e1ban ezut\u00e1n m\u00e1r hozz\u00e1 lehet \u00e9rni a fel\u00fclethez. Az optim\u00e1lis v\u00e9delem \u00e9rdek\u00e9ben azonban aj\u00e1nlott 24 \u00f3r\u00e1t v\u00e1rni, miel\u0151tt a tet\u0151t nedvess\u00e9gnek tenn\u00e9 ki. Ez a sz\u00e1rad\u00e1si id\u0151 lehet\u0151v\u00e9 teszi, hogy a term\u00e9k teljesen behatoljon \u00e9s v\u00edztasz\u00edt\u00f3 g\u00e1tat k\u00e9pezzen.<\/li>\n<li><strong>\u00dajb\u00f3li alkalmaz\u00e1s <\/strong>: Az id\u0151j\u00e1r\u00e1si hat\u00e1sokt\u00f3l \u00e9s a term\u00e9szetes kop\u00e1st\u00f3l f\u00fcgg\u0151en a v\u00edz\u00e1ll\u00f3 anyagot 2-5 \u00e9vente \u00fajra kell kenni az optim\u00e1lis v\u00e9delem fenntart\u00e1sa \u00e9rdek\u00e9ben. A legjobb eredm\u00e9ny el\u00e9r\u00e9se \u00e9rdek\u00e9ben a fel\u00fclet tiszt\u00edt\u00e1sa ut\u00e1n alkalmazza \u00fajra, hogy elt\u00e1vol\u00edtsa a felgy\u00fclemlett szennyez\u0151d\u00e9seket.<\/li>\n<li><strong>Karbantart\u00e1s <\/strong>: Ez a csempe v\u00edzszigetel\u0151 nem ig\u00e9nyel \u00f6sszetett karbantart\u00e1st. Aj\u00e1nlott a fel\u00fcletet szappanos v\u00edzzel \u00e9s puha kef\u00e9vel vagy sepr\u0171vel tiszt\u00edtani. Ker\u00fclje a nagynyom\u00e1s\u00fa mos\u00f3g\u00e9pek vagy durva vegyszerek haszn\u00e1lat\u00e1t, amelyek k\u00e1ros\u00edthatj\u00e1k a v\u00e9d\u0151r\u00e9teget. A rendszeres tet\u0151 karbantart\u00e1s meghosszabb\u00edthatja a cserepek \u00e9s a v\u00edzszigetel\u0151 \u00e9lettartam\u00e1t.<\/li>\n<\/ul>\n<p>\u00d6sszefoglalva, ez a cser\u00e9p v\u00edzszigetel\u0151 hat\u00e9kony \u00e9s praktikus megold\u00e1s a tet\u0151 v\u00e9delm\u00e9re a besziv\u00e1rg\u00f3 v\u00edz \u00e9s a nedvess\u00e9g ellen. K\u00f6nny\u0171 alkalmazhat\u00f3s\u00e1g\u00e1nak, hosszan tart\u00f3 tart\u00f3ss\u00e1g\u00e1nak \u00e9s nagy teljes\u00edtm\u00e9ny\u00e9nek k\u00f6sz\u00f6nhet\u0151en kiv\u00e1l\u00f3 befektet\u00e9s a cserepek min\u0151s\u00e9g\u00e9nek \u00e9s \u00e9ps\u00e9g\u00e9nek meg\u0151rz\u00e9s\u00e9hez, mik\u00f6zben cs\u00f6kkenti a karbantart\u00e1si ig\u00e9nyeket.<\/p>","protected":false},"excerpt":{"rendered":"<p>Optimal Moisture Protection.\u00a0This tile waterproofer is specially formulated to provide enhanced protection against moisture and water infiltration. It penetrates deep into the tile surface to form an invisible barrier that is highly effective. Thanks to this action, it prevents water from seeping into your tiles and protects your roof from damage caused by weather\u2014especially mold, [&hellip;]<\/p>\n","protected":false},"featured_media":35996,"comment_status":"open","ping_status":"closed","template":"","meta":{"_uag_custom_page_level_css":"","site-sidebar-layout":"default","site-content-layout":"","ast-site-content-layout":"default","site-content-style":"default","site-sidebar-style":"default","ast-global-header-display":"","ast-banner-title-visibility":"","ast-main-header-display":"","ast-hfb-above-header-display":"","ast-hfb-below-header-display":"","ast-hfb-mobile-header-display":"","site-post-title":"","ast-breadcrumbs-content":"","ast-featured-img":"","footer-sml-layout":"","ast-disable-related-posts":"","theme-transparent-header-meta":"default","adv-header-id-meta":"","stick-header-meta":"","header-above-stick-meta":"","header-main-stick-meta":"","header-below-stick-meta":"","astra-migrate-meta-layouts":"set","ast-page-background-enabled":"default","ast-page-background-meta":{"desktop":{"background-color":"var(--ast-global-color-4)","background-image":"","background-repeat":"repeat","background-position":"center center","background-size":"auto","background-attachment":"scroll","background-type":"","background-media":"","overlay-type":"","overlay-color":"","overlay-opacity":"","overlay-gradient":""},"tablet":{"background-color":"","background-image":"","background-repeat":"repeat","background-position":"center center","background-size":"auto","background-attachment":"scroll","background-type":"","background-media":"","overlay-type":"","overlay-color":"","overlay-opacity":"","overlay-gradient":""},"mobile":{"background-color":"","background-image":"","background-repeat":"repeat","background-position":"center center","background-size":"auto","background-attachment":"scroll","background-type":"","background-media":"","overlay-type":"","overlay-color":"","overlay-opacity":"","overlay-gradient":""}},"ast-content-background-meta":{"desktop":{"background-color":"var(--ast-global-color-5)","background-image":"","background-repeat":"repeat","background-position":"center center","background-size":"auto","background-attachment":"scroll","background-type":"","background-media":"","overlay-type":"","overlay-color":"","overlay-opacity":"","overlay-gradient":""},"tablet":{"background-color":"var(--ast-global-color-5)","background-image":"","background-repeat":"repeat","background-position":"center center","background-size":"auto","background-attachment":"scroll","background-type":"","background-media":"","overlay-type":"","overlay-color":"","overlay-opacity":"","overlay-gradient":""},"mobile":{"background-color":"var(--ast-global-color-5)","background-image":"","background-repeat":"repeat","background-position":"center center","background-size":"auto","background-attachment":"scroll","background-type":"","background-media":"","overlay-type":"","overlay-color":"","overlay-opacity":"","overlay-gradient":""}}},"product_brand":[],"product_cat":[191],"product_tag":[],"class_list":{"0":"post-25262","1":"product","2":"type-product","3":"status-publish","4":"has-post-thumbnail","6":"product_cat-water-repellent","7":"desktop-align-left","8":"tablet-align-left","9":"mobile-align-left","11":"first","12":"instock","13":"sale","14":"taxable","15":"shipping-taxable","16":"purchasable","17":"product-type-variable","18":"has-default-attributes"},"spectra_custom_meta":{"_visibility":["visible"],"_shopify_product_id":["9106633851125"],"_s2w_shopify_domain":["ferberpainting.myshopify.com"],"_shopify_variant_id":["46626370879733"],"_sku":[""],"_manage_stock":["no"],"total_sales":["31"],"_tax_status":["taxable"],"_tax_class":[""],"_backorders":["no"],"_sold_individually":["no"],"_virtual":["no"],"_downloadable":["no"],"_download_limit":["-1"],"_download_expiry":["-1"],"_stock":[null],"_stock_status":["instock"],"_wc_average_rating":["5.00"],"_wc_review_count":["36"],"_product_attributes":["a:1:{s:6:\"volume\";a:6:{s:4:\"name\";s:6:\"Volume\";s:5:\"value\";s:20:\"5 liters | 25 liters\";s:8:\"position\";i:1;s:10:\"is_visible\";i:0;s:12:\"is_variation\";i:1;s:11:\"is_taxonomy\";i:0;}}"],"_product_version":["10.5.1"],"wpse_downloadable_file_names":[""],"wpse_downloadable_file_urls":[""],"_edit_last":["1"],"_default_attributes":["a:1:{s:6:\"volume\";s:8:\"5 liters\";}"],"_edit_lock":["1771226885:1"],"_price":["29.90","129.90"],"merchant-center-availability":["yes"],"merchant-center-category":["503744"],"_thumbnail_id":["35996"],"_wp_page_template":["default"],"_wp_old_date":["2025-05-26"],"_product_image_gallery":["35997"],"site-sidebar-layout":["default"],"ast-site-content-layout":["default"],"site-content-style":["default"],"site-sidebar-style":["default"],"theme-transparent-header-meta":["default"],"_wc_rating_count":["a:1:{i:5;i:36;}"],"astra-migrate-meta-layouts":["set"],"_uag_css_file_name":["uag-css-25262.css"],"_elementor_page_assets":["a:0:{}"],"_uag_page_assets":["a:9:{s:3:\"css\";s:6873:\".wp-block-uagb-image{display:flex}.wp-block-uagb-image__figure{position:relative;display:flex;flex-direction:column;max-width:100%;height:auto;margin:0}.wp-block-uagb-image__figure img{height:auto;display:flex;max-width:100%;transition:box-shadow .2s ease}.wp-block-uagb-image__figure>a{display:inline-block}.wp-block-uagb-image__figure figcaption{text-align:center;margin-top:.5em;margin-bottom:1em}.wp-block-uagb-image .components-placeholder.block-editor-media-placeholder .components-placeholder__instructions{align-self:center}.wp-block-uagb-image--align-left{text-align:left}.wp-block-uagb-image--align-right{text-align:right}.wp-block-uagb-image--align-center{text-align:center}.wp-block-uagb-image--align-full .wp-block-uagb-image__figure{margin-left:calc(50% - 50vw);margin-right:calc(50% - 50vw);max-width:100vw;width:100vw;height:auto}.wp-block-uagb-image--align-full .wp-block-uagb-image__figure img{height:auto;width:100% !important}.wp-block-uagb-image--align-wide .wp-block-uagb-image__figure img{height:auto;width:100%}.wp-block-uagb-image--layout-overlay__color-wrapper{position:absolute;left:0;top:0;right:0;bottom:0;opacity:.2;background:rgba(0,0,0,.5);transition:opacity .35s ease-in-out}.wp-block-uagb-image--layout-overlay-link{position:absolute;left:0;right:0;bottom:0;top:0}.wp-block-uagb-image--layout-overlay .wp-block-uagb-image__figure:hover .wp-block-uagb-image--layout-overlay__color-wrapper{opacity:1}.wp-block-uagb-image--layout-overlay__inner{position:absolute;left:15px;right:15px;bottom:15px;top:15px;display:flex;align-items:center;justify-content:center;flex-direction:column;border-color:#fff;transition:.35s ease-in-out}.wp-block-uagb-image--layout-overlay__inner.top-left,.wp-block-uagb-image--layout-overlay__inner.top-center,.wp-block-uagb-image--layout-overlay__inner.top-right{justify-content:flex-start}.wp-block-uagb-image--layout-overlay__inner.bottom-left,.wp-block-uagb-image--layout-overlay__inner.bottom-center,.wp-block-uagb-image--layout-overlay__inner.bottom-right{justify-content:flex-end}.wp-block-uagb-image--layout-overlay__inner.top-left,.wp-block-uagb-image--layout-overlay__inner.center-left,.wp-block-uagb-image--layout-overlay__inner.bottom-left{align-items:flex-start}.wp-block-uagb-image--layout-overlay__inner.top-right,.wp-block-uagb-image--layout-overlay__inner.center-right,.wp-block-uagb-image--layout-overlay__inner.bottom-right{align-items:flex-end}.wp-block-uagb-image--layout-overlay__inner .uagb-image-heading{color:#fff;transition:transform .35s,opacity .35s ease-in-out;transform:translate3d(0, 24px, 0);margin:0;line-height:1em}.wp-block-uagb-image--layout-overlay__inner .uagb-image-separator{width:30%;border-top-width:2px;border-top-color:#fff;border-top-style:solid;margin-bottom:10px;opacity:0;transition:transform .4s,opacity .4s ease-in-out;transform:translate3d(0, 30px, 0)}.wp-block-uagb-image--layout-overlay__inner .uagb-image-caption{opacity:0;overflow:visible;color:#fff;transition:transform .45s,opacity .45s ease-in-out;transform:translate3d(0, 35px, 0)}.wp-block-uagb-image--layout-overlay__inner:hover .uagb-image-heading,.wp-block-uagb-image--layout-overlay__inner:hover .uagb-image-separator,.wp-block-uagb-image--layout-overlay__inner:hover .uagb-image-caption{opacity:1;transform:translate3d(0, 0, 0)}.wp-block-uagb-image--effect-zoomin .wp-block-uagb-image__figure img,.wp-block-uagb-image--effect-zoomin .wp-block-uagb-image__figure .wp-block-uagb-image--layout-overlay__color-wrapper{transform:scale(1);transition:transform .35s ease-in-out}.wp-block-uagb-image--effect-zoomin .wp-block-uagb-image__figure:hover img,.wp-block-uagb-image--effect-zoomin .wp-block-uagb-image__figure:hover .wp-block-uagb-image--layout-overlay__color-wrapper{transform:scale(1.05)}.wp-block-uagb-image--effect-slide .wp-block-uagb-image__figure img,.wp-block-uagb-image--effect-slide .wp-block-uagb-image__figure .wp-block-uagb-image--layout-overlay__color-wrapper{width:calc(100% + 40px) !important;max-width:none !important;transform:translate3d(-40px, 0, 0);transition:transform .35s ease-in-out}.wp-block-uagb-image--effect-slide .wp-block-uagb-image__figure:hover img,.wp-block-uagb-image--effect-slide .wp-block-uagb-image__figure:hover .wp-block-uagb-image--layout-overlay__color-wrapper{transform:translate3d(0, 0, 0)}.wp-block-uagb-image--effect-grayscale img{filter:grayscale(0%);transition:.35s ease-in-out}.wp-block-uagb-image--effect-grayscale:hover img{filter:grayscale(100%)}.wp-block-uagb-image--effect-blur img{filter:blur(0);transition:.35s ease-in-out}.wp-block-uagb-image--effect-blur:hover img{filter:blur(3px)}.uagb-block-e6f939b3.wp-block-uagb-image--layout-default figure img{box-shadow: 0px 0px 0 #00000070;}.uagb-block-e6f939b3.wp-block-uagb-image .wp-block-uagb-image__figure figcaption{font-style: normal;align-self: center;}.uagb-block-e6f939b3.wp-block-uagb-image--layout-overlay figure img{box-shadow: 0px 0px 0 #00000070;}.uagb-block-e6f939b3.wp-block-uagb-image--layout-overlay .wp-block-uagb-image--layout-overlay__color-wrapper{opacity: 0.2;}.uagb-block-e6f939b3.wp-block-uagb-image--layout-overlay .wp-block-uagb-image--layout-overlay__inner{left: 15px;right: 15px;top: 15px;bottom: 15px;}.uagb-block-e6f939b3.wp-block-uagb-image--layout-overlay .wp-block-uagb-image--layout-overlay__inner .uagb-image-heading{font-style: normal;color: #fff;opacity: 1;}.uagb-block-e6f939b3.wp-block-uagb-image--layout-overlay .wp-block-uagb-image--layout-overlay__inner .uagb-image-heading a{color: #fff;}.uagb-block-e6f939b3.wp-block-uagb-image--layout-overlay .wp-block-uagb-image--layout-overlay__inner .uagb-image-caption{opacity: 0;}.uagb-block-e6f939b3.wp-block-uagb-image--layout-overlay .wp-block-uagb-image__figure:hover .wp-block-uagb-image--layout-overlay__color-wrapper{opacity: 1;}.uagb-block-e6f939b3.wp-block-uagb-image .wp-block-uagb-image--layout-overlay__inner .uagb-image-separator{width: 30%;border-top-width: 2px;border-top-color: #fff;opacity: 0;}.uagb-block-e6f939b3.wp-block-uagb-image .wp-block-uagb-image__figure img{width: px;height: auto;}.uagb-block-e6f939b3.wp-block-uagb-image .wp-block-uagb-image__figure:hover .wp-block-uagb-image--layout-overlay__inner .uagb-image-caption{opacity: 1;}.uagb-block-e6f939b3.wp-block-uagb-image .wp-block-uagb-image__figure:hover .wp-block-uagb-image--layout-overlay__inner .uagb-image-separator{opacity: 1;}.uagb-block-e6f939b3.wp-block-uagb-image--layout-default figure:hover img{box-shadow: 0px 0px 0 #00000070;}.uagb-block-e6f939b3.wp-block-uagb-image--layout-overlay figure:hover img{box-shadow: 0px 0px 0 #00000070;}@media only screen and (max-width: 976px) {.uagb-block-e6f939b3.wp-block-uagb-image .wp-block-uagb-image__figure img{width: px;height: auto;}}@media only screen and (max-width: 767px) {.uagb-block-e6f939b3.wp-block-uagb-image .wp-block-uagb-image__figure img{width: px;height: auto;}}\";s:2:\"js\";s:0:\"\";s:18:\"current_block_list\";a:13:{i:0;s:11:\"core\/search\";i:1;s:10:\"core\/group\";i:2;s:12:\"core\/heading\";i:3;s:17:\"core\/latest-posts\";i:4;s:20:\"core\/latest-comments\";i:5;s:13:\"core\/archives\";i:6;s:15:\"core\/categories\";i:7;s:14:\"core\/paragraph\";i:8;s:10:\"uagb\/image\";i:9;s:11:\"core\/spacer\";i:10;s:30:\"woocommerce\/product-categories\";i:11;s:10:\"core\/image\";i:12;s:14:\"core\/shortcode\";}s:8:\"uag_flag\";b:1;s:11:\"uag_version\";s:10:\"1777262865\";s:6:\"gfonts\";a:0:{}s:10:\"gfonts_url\";s:0:\"\";s:12:\"gfonts_files\";a:0:{}s:14:\"uag_faq_layout\";b:0;}"]},"uagb_featured_image_src":{"full":["https:\/\/www.ferberpainting.com\/wp-content\/uploads\/2025\/05\/Roof-Tile-Water-Repellent-5L-.png",2560,2560,false],"thumbnail":["https:\/\/www.ferberpainting.com\/wp-content\/uploads\/2025\/05\/Roof-Tile-Water-Repellent-5L--150x150.png",150,150,true],"medium":["https:\/\/www.ferberpainting.com\/wp-content\/uploads\/2025\/05\/Roof-Tile-Water-Repellent-5L--300x300.png",300,300,true],"medium_large":["https:\/\/www.ferberpainting.com\/wp-content\/uploads\/2025\/05\/Roof-Tile-Water-Repellent-5L--768x768.png",768,768,true],"large":["https:\/\/www.ferberpainting.com\/wp-content\/uploads\/2025\/05\/Roof-Tile-Water-Repellent-5L--1024x1024.png",1024,1024,true],"1536x1536":["https:\/\/www.ferberpainting.com\/wp-content\/uploads\/2025\/05\/Roof-Tile-Water-Repellent-5L--1536x1536.png",1536,1536,true],"2048x2048":["https:\/\/www.ferberpainting.com\/wp-content\/uploads\/2025\/05\/Roof-Tile-Water-Repellent-5L--2048x2048.png",2048,2048,true],"trp-custom-language-flag":["https:\/\/www.ferberpainting.com\/wp-content\/uploads\/2025\/05\/Roof-Tile-Water-Repellent-5L--12x12.png",12,12,true],"woocommerce_thumbnail":["https:\/\/www.ferberpainting.com\/wp-content\/uploads\/2025\/05\/Roof-Tile-Water-Repellent-5L--300x300.png",300,300,true],"woocommerce_single":["https:\/\/www.ferberpainting.com\/wp-content\/uploads\/2025\/05\/Roof-Tile-Water-Repellent-5L--600x600.png",600,600,true],"woocommerce_gallery_thumbnail":["https:\/\/www.ferberpainting.com\/wp-content\/uploads\/2025\/05\/Roof-Tile-Water-Repellent-5L--100x100.png",100,100,true]},"uagb_author_info":{"display_name":"admin","author_link":"https:\/\/www.ferberpainting.com\/hu\/author\/"},"uagb_comment_info":36,"uagb_excerpt":"Optimal Moisture Protection.\u00a0This tile waterproofer is specially formulated to provide enhanced protection against moisture and water infiltration. It penetrates deep into the tile surface to form an invisible barrier that is highly effective. Thanks to this action, it prevents water from seeping into your tiles and protects your roof from damage caused by weather\u2014especially mold,&hellip;","_links":{"self":[{"href":"https:\/\/www.ferberpainting.com\/hu\/wp-json\/wp\/v2\/product\/25262","targetHints":{"allow":["GET"]}}],"collection":[{"href":"https:\/\/www.ferberpainting.com\/hu\/wp-json\/wp\/v2\/product"}],"about":[{"href":"https:\/\/www.ferberpainting.com\/hu\/wp-json\/wp\/v2\/types\/product"}],"replies":[{"embeddable":true,"href":"https:\/\/www.ferberpainting.com\/hu\/wp-json\/wp\/v2\/comments?post=25262"}],"version-history":[{"count":3,"href":"https:\/\/www.ferberpainting.com\/hu\/wp-json\/wp\/v2\/product\/25262\/revisions"}],"predecessor-version":[{"id":167142,"href":"https:\/\/www.ferberpainting.com\/hu\/wp-json\/wp\/v2\/product\/25262\/revisions\/167142"}],"wp:featuredmedia":[{"embeddable":true,"href":"https:\/\/www.ferberpainting.com\/hu\/wp-json\/wp\/v2\/media\/35996"}],"wp:attachment":[{"href":"https:\/\/www.ferberpainting.com\/hu\/wp-json\/wp\/v2\/media?parent=25262"}],"wp:term":[{"taxonomy":"product_brand","embeddable":true,"href":"https:\/\/www.ferberpainting.com\/hu\/wp-json\/wp\/v2\/product_brand?post=25262"},{"taxonomy":"product_cat","embeddable":true,"href":"https:\/\/www.ferberpainting.com\/hu\/wp-json\/wp\/v2\/product_cat?post=25262"},{"taxonomy":"product_tag","embeddable":true,"href":"https:\/\/www.ferberpainting.com\/hu\/wp-json\/wp\/v2\/product_tag?post=25262"}],"curies":[{"name":"wp","href":"https:\/\/api.w.org\/{rel}","templated":true}]}}