{"id":25054,"date":"2025-05-26T10:29:02","date_gmt":"2025-05-26T08:29:02","guid":{"rendered":"https:\/\/www.ferberpainting.com\/products\/roof-cleaner\/"},"modified":"2026-02-16T08:17:09","modified_gmt":"2026-02-16T07:17:09","slug":"roof-cleaner","status":"publish","type":"product","link":"https:\/\/www.ferberpainting.com\/hu\/products\/roof-cleaner\/","title":{"rendered":"Tet\u0151 tiszt\u00edt\u00f3szer"},"content":{"rendered":"<p><strong><img decoding=\"async\" style=\"margin-right: 12px;\" src=\"https:\/\/www.ferberpainting.com\/wp-content\/uploads\/2026\/02\/Check.svg\" alt=\"\" width=\"18\" height=\"15\" \/>Er\u0151teljes tet\u0151tiszt\u00edt\u00e1si teljes\u00edtm\u00e9ny a l\u00e1that\u00f3 \u00e9s azonnali eredm\u00e9nyek\u00e9rt.<\/strong> Tet\u0151 tiszt\u00edt\u00f3szer\u00fcnket kifejezetten a moha, az alga, a zuzm\u00f3, a fekete foltok \u00e9s a l\u00e9gk\u00f6ri szennyez\u0151d\u00e9sek elt\u00e1vol\u00edt\u00e1s\u00e1ra fejlesztett\u00fck ki a tet\u0151fed\u0151 fel\u00fcletekr\u0151l. Vissza\u00e1ll\u00edtja a cserepek, zsindelyek \u00e9s tet\u0151fed\u0151 anyagok eredeti megjelen\u00e9s\u00e9t, mik\u00f6zben meg\u0151rzi szerkezeti integrit\u00e1sukat.<\/p>\n<p><strong><img decoding=\"async\" style=\"margin-right: 12px;\" src=\"https:\/\/www.ferberpainting.com\/wp-content\/uploads\/2026\/02\/Check.svg\" alt=\"\" width=\"18\" height=\"15\" \/>A piacon kaphat\u00f3 leghat\u00e9konyabb tet\u0151tiszt\u00edt\u00f3.<\/strong> Nagy teljes\u00edtm\u00e9ny\u0171 akt\u00edv formul\u00e1j\u00e1nak k\u00f6sz\u00f6nhet\u0151en ez a term\u00e9k m\u00e9lyen behatol a szerves n\u00f6veked\u00e9sbe \u00e9s a makacs lerak\u00f3d\u00e1sokba, feloldva azokat a gy\u00f6ker\u00fckn\u00e9l. Alapos tiszt\u00edt\u00e1st biztos\u00edt, \u00e9s seg\u00edt megel\u0151zni a gyors \u00fajran\u00f6veked\u00e9st, hosszan tart\u00f3, l\u00e1that\u00f3 eredm\u00e9nyt ny\u00fajtva.<\/p>\n<p><strong><img decoding=\"async\" style=\"margin-right: 12px;\" src=\"https:\/\/www.ferberpainting.com\/wp-content\/uploads\/2026\/02\/Check.svg\" alt=\"\" width=\"18\" height=\"15\" \/>Verhetetlen \u00e1r.<\/strong> A professzion\u00e1lis tet\u0151tiszt\u00edt\u00e1si szolg\u00e1ltat\u00e1sok dr\u00e1g\u00e1k lehetnek. Koncentr\u00e1lt \u00e9s hat\u00e9kony tet\u0151tiszt\u00edt\u00f3szer\u00fcnk pr\u00e9mium teljes\u00edtm\u00e9nyt ny\u00fajt a legversenyk\u00e9pesebb \u00e1ron, \u00edgy a k\u00f6lts\u00e9gek t\u00f6red\u00e9k\u00e9\u00e9rt professzion\u00e1lis szint\u0171 eredm\u00e9nyeket \u00e9rhet el.<\/p>\n<p><strong><img decoding=\"async\" style=\"margin-right: 12px;\" src=\"https:\/\/www.ferberpainting.com\/wp-content\/uploads\/2026\/02\/Check.svg\" alt=\"\" width=\"18\" height=\"15\" \/>P\u00e9nzvisszafizet\u00e9si garancia a teljes bizalom\u00e9rt.<\/strong> B\u00edzunk a tet\u0151 tiszt\u00edt\u00f3szer\u00fcnk hat\u00e9konys\u00e1g\u00e1ban. Ha nem teljesen el\u00e9gedett az eredm\u00e9nnyel, p\u00e9nzvisszafizet\u00e9si garanci\u00e1t v\u00e1llalunk. Egyszer\u0171en vegye fel vel\u00fcnk a kapcsolatot, \u00e9s mi haboz\u00e1s n\u00e9lk\u00fcl visszat\u00e9r\u00edtj\u00fck a v\u00e9tel\u00e1rat.<\/p>\n<p><strong><img decoding=\"async\" style=\"margin-right: 12px;\" src=\"https:\/\/www.ferberpainting.com\/wp-content\/uploads\/2026\/02\/Check.svg\" alt=\"\" width=\"18\" height=\"15\" \/>Gyors 24 \u00f3r\u00e1s sz\u00e1ll\u00edt\u00e1s s\u00fcrg\u0151s karbantart\u00e1s eset\u00e9n.<\/strong> Mindig 24 \u00f3r\u00e1s kisz\u00e1ll\u00edt\u00e1st biztos\u00edtunk, \u00edgy gyorsan kezelheti a moh\u00e1sod\u00e1st \u00e9s a tet\u0151foltokat. A gyors sz\u00e1ll\u00edt\u00e1s lehet\u0151v\u00e9 teszi, hogy megv\u00e9dje tet\u0151j\u00e9t, miel\u0151tt a k\u00e1r s\u00falyosbodna.<\/p>\n<p><strong><img decoding=\"async\" style=\"margin-right: 12px;\" src=\"https:\/\/www.ferberpainting.com\/wp-content\/uploads\/2026\/02\/Check.svg\" alt=\"\" width=\"18\" height=\"15\" \/>Kiv\u00e1l\u00f3 fed\u0151k\u00e9pess\u00e9g, literenk\u00e9nt ak\u00e1r 10 m\u00b2.<\/strong> Egy liter tet\u0151tiszt\u00edt\u00f3szer a fel\u00fclet porozit\u00e1s\u00e1t\u00f3l \u00e9s a szennyez\u0151d\u00e9s m\u00e9rt\u00e9k\u00e9t\u0151l f\u00fcgg\u0151en ak\u00e1r 10 n\u00e9gyzetm\u00e9tert is kezelhet. Ez az optimaliz\u00e1lt lefedetts\u00e9g biztos\u00edtja a gazdas\u00e1gos felhaszn\u00e1l\u00e1st \u00e9s a tiszt\u00edt\u00e1si projekt pontos tervez\u00e9s\u00e9t.<\/p>\n<p><strong><img decoding=\"async\" style=\"margin-right: 12px;\" src=\"https:\/\/www.ferberpainting.com\/wp-content\/uploads\/2026\/02\/Check.svg\" alt=\"\" width=\"18\" height=\"15\" \/>Meghosszabb\u00edtja a tet\u0151 \u00e9lettartam\u00e1t.<\/strong> A moha \u00e9s a szerves lerak\u00f3d\u00e1sok elt\u00e1vol\u00edt\u00e1s\u00e1val a tiszt\u00edt\u00f3szer seg\u00edt megel\u0151zni a v\u00edzvisszatart\u00e1st \u00e9s a szerkezeti roml\u00e1st. A tiszta tet\u0151k hat\u00e9konyabban sz\u00e1radnak, \u00e9s kev\u00e9sb\u00e9 hajlamosak a reped\u00e9sekre vagy fagyk\u00e1rokra.<\/p>\n<p><strong><img decoding=\"async\" style=\"margin-right: 12px;\" src=\"https:\/\/www.ferberpainting.com\/wp-content\/uploads\/2026\/02\/Check.svg\" alt=\"\" width=\"18\" height=\"15\" \/>T\u00f6bbf\u00e9le tet\u0151fed\u0151 anyaghoz alkalmas.<\/strong> Tet\u0151 tiszt\u00edt\u00f3szer\u00fcnk agyagcserepeken, betoncserepeken, pala, sz\u00e1lcement lemezeken \u00e9s kompatibilis tet\u0151fed\u0151 fel\u00fcleteken haszn\u00e1lhat\u00f3. Lak\u00f3-, kereskedelmi \u00e9s mez\u0151gazdas\u00e1gi \u00e9p\u00fcleteken egyar\u00e1nt hat\u00e9kony.<\/p>\n<p><strong><img decoding=\"async\" style=\"margin-right: 12px;\" src=\"https:\/\/www.ferberpainting.com\/wp-content\/uploads\/2026\/02\/Check.svg\" alt=\"\" width=\"18\" height=\"15\" \/>Cs\u00f6kkenti a j\u00f6v\u0151beli \u00fajran\u00f6veked\u00e9st.<\/strong> Az azonnali tiszt\u00edt\u00e1son t\u00fal a formula lass\u00edtja a moha \u00e9s az alg\u00e1k visszat\u00e9r\u00e9s\u00e9t, \u00edgy a tet\u0151 hosszabb ideig marad tiszt\u00e1bb, \u00e9s cs\u00f6kken a karbantart\u00e1s gyakoris\u00e1ga.<\/p>\n<p><strong><img decoding=\"async\" style=\"margin-right: 12px;\" src=\"https:\/\/www.ferberpainting.com\/wp-content\/uploads\/2026\/02\/Check.svg\" alt=\"\" width=\"18\" height=\"15\" \/>Egyszer\u0171 alkalmaz\u00e1s h\u00e1ztulajdonosok \u00e9s szakemberek sz\u00e1m\u00e1ra.<\/strong> A foly\u00e9kony form\u00e1tum lehet\u0151v\u00e9 teszi a permetez\u0151vel, ecsettel vagy alacsony nyom\u00e1s\u00fa rendszerrel t\u00f6rt\u00e9n\u0151 felhord\u00e1st, \u00edgy nagy fel\u00fcleteken is egyszer\u0171 \u00e9s hat\u00e9kony kezel\u00e9st biztos\u00edt.<\/p>\n<p><strong>Utas\u00edt\u00e1sok<\/strong><\/p>\n<ul>\n<li>A tet\u0151 \u00e1tvizsg\u00e1l\u00e1sa a kezd\u00e9s el\u0151tt, hogy azonos\u00edtsa a moh\u00e1val, alg\u00e1val vagy foltokkal er\u0151sen \u00e9rintett ter\u00fcleteket.<\/li>\n<li>Biztos\u00edtsa a megfelel\u0151 id\u0151j\u00e1r\u00e1si k\u00f6r\u00fclm\u00e9nyeket. A term\u00e9ket sz\u00e1raz id\u0151j\u00e1r\u00e1s eset\u00e9n alkalmazza, ha legal\u00e1bb 24 \u00f3r\u00e1n kereszt\u00fcl nem v\u00e1rhat\u00f3 k\u00f6zvetlen es\u0151.<\/li>\n<li>A tet\u0151n v\u00e9gzett munk\u00e1khoz viseljen megfelel\u0151 v\u00e9d\u0151felszerel\u00e9st, bele\u00e9rtve a keszty\u0171t, a v\u00e9d\u0151szem\u00fcveget \u00e9s a megfelel\u0151 l\u00e1bbelit.<\/li>\n<li>Az optim\u00e1lis behatol\u00e1s \u00e9rdek\u00e9ben a tiszt\u00edt\u00f3szer alkalmaz\u00e1sa el\u0151tt k\u00e9zzel t\u00e1vol\u00edtsa el a laza t\u00f6rmel\u00e9ket, leveleket \u00e9s a vastag moh\u00e1t.<\/li>\n<li>Haszn\u00e1lat el\u0151tt alaposan r\u00e1zza fel a tart\u00e1lyt a hat\u00f3anyagok egyenletes eloszl\u00e1s\u00e1nak biztos\u00edt\u00e1sa \u00e9rdek\u00e9ben.<\/li>\n<li>Sz\u00fcks\u00e9g eset\u00e9n h\u00edg\u00edtsa a term\u00e9ket a c\u00edmke utas\u00edt\u00e1sainak megfelel\u0151en. Er\u0151sen szennyezett fel\u00fcletek eset\u00e9n h\u00edg\u00edtatlanul vagy az aj\u00e1nl\u00e1snak megfelel\u0151en magasabb koncentr\u00e1ci\u00f3ban is haszn\u00e1lhat\u00f3.<\/li>\n<li>A teljes fel\u00fcleti fedetts\u00e9g biztos\u00edt\u00e1sa \u00e9rdek\u00e9ben egyenletesen vigye fel alacsony nyom\u00e1s\u00fa permetez\u0151vel, ecsettel vagy locsol\u00f3kann\u00e1val.<\/li>\n<li>Tartsa be az aj\u00e1nlott fedezeti ar\u00e1nyt: 1 liter legfeljebb 10 m\u00b2-t tiszt\u00edt meg. Ez k\u00f6r\u00fclbel\u00fcl 100 ml\/n\u00e9gyzetm\u00e9ternek felel meg. Er\u0151sen por\u00f3zus vagy er\u0151sen szennyezett fel\u00fcleteken a fogyaszt\u00e1s valamivel magasabb lehet.<\/li>\n<li>Nagyvonal\u00faan, de egyenletesen vigye fel, hogy elker\u00fclje a kifoly\u00e1st, \u00e9s biztos\u00edtsa a moh\u00e1val \u00e9s a foltokkal val\u00f3 teljes \u00e9rintkez\u00e9st.<\/li>\n<li>Hagyja a term\u00e9ket n\u00e9h\u00e1ny \u00f3r\u00e1n \u00e1t hatni. A l\u00e1that\u00f3 eredm\u00e9nyek r\u00f6vid id\u0151n bel\u00fcl megjelenhetnek, de a teljes tiszt\u00edt\u00f3hat\u00e1s t\u00f6bb napig is eltarthat, mivel a szerves maradv\u00e1nyok term\u00e9szetes m\u00f3don lebomlanak.<\/li>\n<li>Ne \u00f6bl\u00edtse le azonnal, kiv\u00e9ve, ha kifejezetten sz\u00fcks\u00e9ges. Sok esetben az es\u0151z\u00e9s fokozatosan le\u00f6bl\u00edti az elhalt moh\u00e1t \u00e9s a maradv\u00e1nyokat.<\/li>\n<li>Er\u0151sen fert\u0151z\u00f6tt ter\u00fcletek eset\u00e9ben az els\u0151 kezel\u00e9s teljes hat\u00e1s\u00e1t k\u00f6vet\u0151en sz\u00fcks\u00e9g lehet egy m\u00e1sodik alkalmaz\u00e1sra.<\/li>\n<li>Az id\u0151 el\u0151tti sz\u00e1rad\u00e1s \u00e9s a hat\u00e9konys\u00e1g cs\u00f6kken\u00e9s\u00e9nek elker\u00fcl\u00e9se \u00e9rdek\u00e9ben ker\u00fclje az er\u0151s naps\u00fct\u00e9s vagy extr\u00e9m h\u0151s\u00e9g idej\u00e9n t\u00f6rt\u00e9n\u0151 alkalmaz\u00e1st.<\/li>\n<li>Alkalmaz\u00e1s k\u00f6zben v\u00e9dje a k\u00f6zeli n\u00f6v\u00e9nyeket \u00e9s t\u00e1jk\u00e9pet. A v\u00e9letlen\u00fcl kifr\u00f6ccsent anyagot azonnal \u00f6bl\u00edtse le tiszta v\u00edzzel.<\/li>\n<li>Ne alkalmazza szeles id\u0151ben, hogy elker\u00fclje a nem k\u00edv\u00e1nt fel\u00fcletekre val\u00f3 elsodr\u00f3d\u00e1st.<\/li>\n<li>A kezel\u00e9s ut\u00e1n a k\u00f6vetkez\u0151 napokban ellen\u0151rizze a tet\u0151t. Az elhalt moha \u00e9s a t\u00f6rmel\u00e9k term\u00e9szetes m\u00f3don fellazulhat \u00e9s lehullhat.<\/li>\n<li>Haszn\u00e1lat ut\u00e1n alaposan tiszt\u00edtsa meg a felhord\u00f3 eszk\u00f6z\u00f6ket a term\u00e9kre vonatkoz\u00f3 aj\u00e1nl\u00e1soknak megfelel\u0151en.<\/li>\n<li>A tart\u00e1lyt szorosan lez\u00e1rva, h\u0171v\u00f6s, sz\u00e1raz, k\u00f6zvetlen napf\u00e9nyt\u0151l \u00e9s sz\u00e9ls\u0151s\u00e9ges h\u0151m\u00e9rs\u00e9klett\u0151l v\u00e9dett helyen t\u00e1rolja.<\/li>\n<li>Gyermekekt\u0151l elz\u00e1rva tartand\u00f3, \u00e9s ker\u00fclje a b\u0151rrel \u00e9s szemmel val\u00f3 \u00e9rintkez\u00e9st.<\/li>\n<\/ul>\n<p>A literenk\u00e9nt legfeljebb 10 m\u00b2-es aj\u00e1nlott fedetts\u00e9g betart\u00e1s\u00e1val \u00e9s a megfelel\u0151 id\u0151j\u00e1r\u00e1si k\u00f6r\u00fclm\u00e9nyek k\u00f6z\u00f6tt egyenletesen felhordva a term\u00e9ket, tet\u0151 tiszt\u00edt\u00f3szer\u00fcnk hat\u00e9konyan helyre\u00e1ll\u00edtja a tet\u0151 megjelen\u00e9s\u00e9t, cs\u00f6kkenti a hossz\u00fa t\u00e1v\u00fa k\u00e1rokat, \u00e9s seg\u00edt meg\u0151rizni a szerkezet tart\u00f3ss\u00e1g\u00e1t az elk\u00f6vetkez\u0151 \u00e9vekben.<\/p>","protected":false},"excerpt":{"rendered":"<p>Powerful roof cleaning performance for visible and immediate results. Our roof cleaner is specially formulated to remove moss, algae, lichen, black stains, and atmospheric pollution from roofing surfaces. It restores the original appearance of tiles, shingles, and roofing materials while preserving their structural integrity. The most effective roof cleaner on the market. Thanks to its [&hellip;]<\/p>\n","protected":false},"featured_media":26913,"comment_status":"open","ping_status":"closed","template":"","meta":{"_uag_custom_page_level_css":"","site-sidebar-layout":"default","site-content-layout":"","ast-site-content-layout":"default","site-content-style":"default","site-sidebar-style":"default","ast-global-header-display":"","ast-banner-title-visibility":"","ast-main-header-display":"","ast-hfb-above-header-display":"","ast-hfb-below-header-display":"","ast-hfb-mobile-header-display":"","site-post-title":"","ast-breadcrumbs-content":"","ast-featured-img":"","footer-sml-layout":"","ast-disable-related-posts":"","theme-transparent-header-meta":"default","adv-header-id-meta":"","stick-header-meta":"","header-above-stick-meta":"","header-main-stick-meta":"","header-below-stick-meta":"","astra-migrate-meta-layouts":"set","ast-page-background-enabled":"default","ast-page-background-meta":{"desktop":{"background-color":"var(--ast-global-color-4)","background-image":"","background-repeat":"repeat","background-position":"center center","background-size":"auto","background-attachment":"scroll","background-type":"","background-media":"","overlay-type":"","overlay-color":"","overlay-opacity":"","overlay-gradient":""},"tablet":{"background-color":"","background-image":"","background-repeat":"repeat","background-position":"center center","background-size":"auto","background-attachment":"scroll","background-type":"","background-media":"","overlay-type":"","overlay-color":"","overlay-opacity":"","overlay-gradient":""},"mobile":{"background-color":"","background-image":"","background-repeat":"repeat","background-position":"center center","background-size":"auto","background-attachment":"scroll","background-type":"","background-media":"","overlay-type":"","overlay-color":"","overlay-opacity":"","overlay-gradient":""}},"ast-content-background-meta":{"desktop":{"background-color":"var(--ast-global-color-5)","background-image":"","background-repeat":"repeat","background-position":"center center","background-size":"auto","background-attachment":"scroll","background-type":"","background-media":"","overlay-type":"","overlay-color":"","overlay-opacity":"","overlay-gradient":""},"tablet":{"background-color":"var(--ast-global-color-5)","background-image":"","background-repeat":"repeat","background-position":"center center","background-size":"auto","background-attachment":"scroll","background-type":"","background-media":"","overlay-type":"","overlay-color":"","overlay-opacity":"","overlay-gradient":""},"mobile":{"background-color":"var(--ast-global-color-5)","background-image":"","background-repeat":"repeat","background-position":"center center","background-size":"auto","background-attachment":"scroll","background-type":"","background-media":"","overlay-type":"","overlay-color":"","overlay-opacity":"","overlay-gradient":""}}},"product_brand":[],"product_cat":[175,187],"product_tag":[],"class_list":{"0":"post-25054","1":"product","2":"type-product","3":"status-publish","4":"has-post-thumbnail","6":"product_cat-cleaning-products","7":"product_cat-roofing","8":"desktop-align-left","9":"tablet-align-left","10":"mobile-align-left","12":"first","13":"instock","14":"sale","15":"shipping-taxable","16":"purchasable","17":"product-type-variable","18":"has-default-attributes"},"spectra_custom_meta":{"_visibility":["visible"],"_shopify_product_id":["8050143690997"],"_s2w_shopify_domain":["ferberpainting.myshopify.com"],"_shopify_variant_id":["43843112960245"],"_sku":[""],"_manage_stock":["no"],"total_sales":["33"],"_tax_status":["taxable"],"_tax_class":[""],"_backorders":["no"],"_sold_individually":["no"],"_virtual":["no"],"_downloadable":["no"],"_download_limit":["-1"],"_download_expiry":["-1"],"_stock":[null],"_stock_status":["instock"],"_wc_average_rating":["4.97"],"_wc_review_count":["68"],"_product_attributes":["a:1:{s:6:\"volume\";a:6:{s:4:\"name\";s:6:\"Volume\";s:5:\"value\";s:20:\"5 liters | 25 liters\";s:8:\"position\";i:1;s:10:\"is_visible\";i:0;s:12:\"is_variation\";i:1;s:11:\"is_taxonomy\";i:0;}}"],"_product_version":["10.5.1"],"_thumbnail_id":["26913"],"_price":["29.90","129.90"],"_product_image_gallery":["26914"],"merchant-center-availability":["yes"],"merchant-center-category":["2277"],"merchant-center-id":["NTOITURE"],"wpse_downloadable_file_names":[""],"wpse_downloadable_file_urls":[""],"_edit_last":["1"],"_default_attributes":["a:1:{s:6:\"volume\";s:8:\"5 liters\";}"],"_wc_rating_count":["a:2:{i:4;i:2;i:5;i:66;}"],"_edit_lock":["1771226160:1"],"_wp_page_template":["default"],"site-sidebar-layout":["default"],"ast-site-content-layout":["default"],"site-content-style":["default"],"site-sidebar-style":["default"],"theme-transparent-header-meta":["default"],"astra-migrate-meta-layouts":["set"],"_uag_css_file_name":["uag-css-25054.css"],"_elementor_page_assets":["a:0:{}"],"_uag_page_assets":["a:9:{s:3:\"css\";s:7133:\".uag-blocks-common-selector{z-index:var(--z-index-desktop) !important}@media(max-width: 976px){.uag-blocks-common-selector{z-index:var(--z-index-tablet) !important}}@media(max-width: 767px){.uag-blocks-common-selector{z-index:var(--z-index-mobile) !important}}.wp-block-uagb-image{display:flex}.wp-block-uagb-image__figure{position:relative;display:flex;flex-direction:column;max-width:100%;height:auto;margin:0}.wp-block-uagb-image__figure img{height:auto;display:flex;max-width:100%;transition:box-shadow .2s ease}.wp-block-uagb-image__figure>a{display:inline-block}.wp-block-uagb-image__figure figcaption{text-align:center;margin-top:.5em;margin-bottom:1em}.wp-block-uagb-image .components-placeholder.block-editor-media-placeholder .components-placeholder__instructions{align-self:center}.wp-block-uagb-image--align-left{text-align:left}.wp-block-uagb-image--align-right{text-align:right}.wp-block-uagb-image--align-center{text-align:center}.wp-block-uagb-image--align-full .wp-block-uagb-image__figure{margin-left:calc(50% - 50vw);margin-right:calc(50% - 50vw);max-width:100vw;width:100vw;height:auto}.wp-block-uagb-image--align-full .wp-block-uagb-image__figure img{height:auto;width:100% !important}.wp-block-uagb-image--align-wide .wp-block-uagb-image__figure img{height:auto;width:100%}.wp-block-uagb-image--layout-overlay__color-wrapper{position:absolute;left:0;top:0;right:0;bottom:0;opacity:.2;background:rgba(0,0,0,.5);transition:opacity .35s ease-in-out}.wp-block-uagb-image--layout-overlay-link{position:absolute;left:0;right:0;bottom:0;top:0}.wp-block-uagb-image--layout-overlay .wp-block-uagb-image__figure:hover .wp-block-uagb-image--layout-overlay__color-wrapper{opacity:1}.wp-block-uagb-image--layout-overlay__inner{position:absolute;left:15px;right:15px;bottom:15px;top:15px;display:flex;align-items:center;justify-content:center;flex-direction:column;border-color:#fff;transition:.35s ease-in-out}.wp-block-uagb-image--layout-overlay__inner.top-left,.wp-block-uagb-image--layout-overlay__inner.top-center,.wp-block-uagb-image--layout-overlay__inner.top-right{justify-content:flex-start}.wp-block-uagb-image--layout-overlay__inner.bottom-left,.wp-block-uagb-image--layout-overlay__inner.bottom-center,.wp-block-uagb-image--layout-overlay__inner.bottom-right{justify-content:flex-end}.wp-block-uagb-image--layout-overlay__inner.top-left,.wp-block-uagb-image--layout-overlay__inner.center-left,.wp-block-uagb-image--layout-overlay__inner.bottom-left{align-items:flex-start}.wp-block-uagb-image--layout-overlay__inner.top-right,.wp-block-uagb-image--layout-overlay__inner.center-right,.wp-block-uagb-image--layout-overlay__inner.bottom-right{align-items:flex-end}.wp-block-uagb-image--layout-overlay__inner .uagb-image-heading{color:#fff;transition:transform .35s,opacity .35s ease-in-out;transform:translate3d(0, 24px, 0);margin:0;line-height:1em}.wp-block-uagb-image--layout-overlay__inner .uagb-image-separator{width:30%;border-top-width:2px;border-top-color:#fff;border-top-style:solid;margin-bottom:10px;opacity:0;transition:transform .4s,opacity .4s ease-in-out;transform:translate3d(0, 30px, 0)}.wp-block-uagb-image--layout-overlay__inner .uagb-image-caption{opacity:0;overflow:visible;color:#fff;transition:transform .45s,opacity .45s ease-in-out;transform:translate3d(0, 35px, 0)}.wp-block-uagb-image--layout-overlay__inner:hover .uagb-image-heading,.wp-block-uagb-image--layout-overlay__inner:hover .uagb-image-separator,.wp-block-uagb-image--layout-overlay__inner:hover .uagb-image-caption{opacity:1;transform:translate3d(0, 0, 0)}.wp-block-uagb-image--effect-zoomin .wp-block-uagb-image__figure img,.wp-block-uagb-image--effect-zoomin .wp-block-uagb-image__figure .wp-block-uagb-image--layout-overlay__color-wrapper{transform:scale(1);transition:transform .35s ease-in-out}.wp-block-uagb-image--effect-zoomin .wp-block-uagb-image__figure:hover img,.wp-block-uagb-image--effect-zoomin .wp-block-uagb-image__figure:hover .wp-block-uagb-image--layout-overlay__color-wrapper{transform:scale(1.05)}.wp-block-uagb-image--effect-slide .wp-block-uagb-image__figure img,.wp-block-uagb-image--effect-slide .wp-block-uagb-image__figure .wp-block-uagb-image--layout-overlay__color-wrapper{width:calc(100% + 40px) !important;max-width:none !important;transform:translate3d(-40px, 0, 0);transition:transform .35s ease-in-out}.wp-block-uagb-image--effect-slide .wp-block-uagb-image__figure:hover img,.wp-block-uagb-image--effect-slide .wp-block-uagb-image__figure:hover .wp-block-uagb-image--layout-overlay__color-wrapper{transform:translate3d(0, 0, 0)}.wp-block-uagb-image--effect-grayscale img{filter:grayscale(0%);transition:.35s ease-in-out}.wp-block-uagb-image--effect-grayscale:hover img{filter:grayscale(100%)}.wp-block-uagb-image--effect-blur img{filter:blur(0);transition:.35s ease-in-out}.wp-block-uagb-image--effect-blur:hover img{filter:blur(3px)}.uagb-block-e6f939b3.wp-block-uagb-image--layout-default figure img{box-shadow: 0px 0px 0 #00000070;}.uagb-block-e6f939b3.wp-block-uagb-image .wp-block-uagb-image__figure figcaption{font-style: normal;align-self: center;}.uagb-block-e6f939b3.wp-block-uagb-image--layout-overlay figure img{box-shadow: 0px 0px 0 #00000070;}.uagb-block-e6f939b3.wp-block-uagb-image--layout-overlay .wp-block-uagb-image--layout-overlay__color-wrapper{opacity: 0.2;}.uagb-block-e6f939b3.wp-block-uagb-image--layout-overlay .wp-block-uagb-image--layout-overlay__inner{left: 15px;right: 15px;top: 15px;bottom: 15px;}.uagb-block-e6f939b3.wp-block-uagb-image--layout-overlay .wp-block-uagb-image--layout-overlay__inner .uagb-image-heading{font-style: normal;color: #fff;opacity: 1;}.uagb-block-e6f939b3.wp-block-uagb-image--layout-overlay .wp-block-uagb-image--layout-overlay__inner .uagb-image-heading a{color: #fff;}.uagb-block-e6f939b3.wp-block-uagb-image--layout-overlay .wp-block-uagb-image--layout-overlay__inner .uagb-image-caption{opacity: 0;}.uagb-block-e6f939b3.wp-block-uagb-image--layout-overlay .wp-block-uagb-image__figure:hover .wp-block-uagb-image--layout-overlay__color-wrapper{opacity: 1;}.uagb-block-e6f939b3.wp-block-uagb-image .wp-block-uagb-image--layout-overlay__inner .uagb-image-separator{width: 30%;border-top-width: 2px;border-top-color: #fff;opacity: 0;}.uagb-block-e6f939b3.wp-block-uagb-image .wp-block-uagb-image__figure img{width: px;height: auto;}.uagb-block-e6f939b3.wp-block-uagb-image .wp-block-uagb-image__figure:hover .wp-block-uagb-image--layout-overlay__inner .uagb-image-caption{opacity: 1;}.uagb-block-e6f939b3.wp-block-uagb-image .wp-block-uagb-image__figure:hover .wp-block-uagb-image--layout-overlay__inner .uagb-image-separator{opacity: 1;}.uagb-block-e6f939b3.wp-block-uagb-image--layout-default figure:hover img{box-shadow: 0px 0px 0 #00000070;}.uagb-block-e6f939b3.wp-block-uagb-image--layout-overlay figure:hover img{box-shadow: 0px 0px 0 #00000070;}@media only screen and (max-width: 976px) {.uagb-block-e6f939b3.wp-block-uagb-image .wp-block-uagb-image__figure img{width: px;height: auto;}}@media only screen and (max-width: 767px) {.uagb-block-e6f939b3.wp-block-uagb-image .wp-block-uagb-image__figure img{width: px;height: auto;}}\";s:2:\"js\";s:0:\"\";s:18:\"current_block_list\";a:13:{i:0;s:11:\"core\/search\";i:1;s:10:\"core\/group\";i:2;s:12:\"core\/heading\";i:3;s:17:\"core\/latest-posts\";i:4;s:20:\"core\/latest-comments\";i:5;s:13:\"core\/archives\";i:6;s:15:\"core\/categories\";i:7;s:14:\"core\/paragraph\";i:8;s:10:\"uagb\/image\";i:9;s:11:\"core\/spacer\";i:10;s:30:\"woocommerce\/product-categories\";i:11;s:10:\"core\/image\";i:12;s:14:\"core\/shortcode\";}s:8:\"uag_flag\";b:1;s:11:\"uag_version\";s:10:\"1777034451\";s:6:\"gfonts\";a:0:{}s:10:\"gfonts_url\";s:0:\"\";s:12:\"gfonts_files\";a:0:{}s:14:\"uag_faq_layout\";b:0;}"]},"uagb_featured_image_src":{"full":["https:\/\/www.ferberpainting.com\/wp-content\/uploads\/2025\/05\/ROOFCLEANER5L.jpg",2560,2560,false],"thumbnail":["https:\/\/www.ferberpainting.com\/wp-content\/uploads\/2025\/05\/ROOFCLEANER5L-150x150.jpg",150,150,true],"medium":["https:\/\/www.ferberpainting.com\/wp-content\/uploads\/2025\/05\/ROOFCLEANER5L-300x300.jpg",300,300,true],"medium_large":["https:\/\/www.ferberpainting.com\/wp-content\/uploads\/2025\/05\/ROOFCLEANER5L-768x768.jpg",768,768,true],"large":["https:\/\/www.ferberpainting.com\/wp-content\/uploads\/2025\/05\/ROOFCLEANER5L-1024x1024.jpg",1024,1024,true],"1536x1536":["https:\/\/www.ferberpainting.com\/wp-content\/uploads\/2025\/05\/ROOFCLEANER5L-1536x1536.jpg",1536,1536,true],"2048x2048":["https:\/\/www.ferberpainting.com\/wp-content\/uploads\/2025\/05\/ROOFCLEANER5L-2048x2048.jpg",2048,2048,true],"trp-custom-language-flag":["https:\/\/www.ferberpainting.com\/wp-content\/uploads\/2025\/05\/ROOFCLEANER5L-12x12.jpg",12,12,true],"woocommerce_thumbnail":["https:\/\/www.ferberpainting.com\/wp-content\/uploads\/2025\/05\/ROOFCLEANER5L-300x300.jpg",300,300,true],"woocommerce_single":["https:\/\/www.ferberpainting.com\/wp-content\/uploads\/2025\/05\/ROOFCLEANER5L-600x600.jpg",600,600,true],"woocommerce_gallery_thumbnail":["https:\/\/www.ferberpainting.com\/wp-content\/uploads\/2025\/05\/ROOFCLEANER5L-100x100.jpg",100,100,true]},"uagb_author_info":{"display_name":"admin","author_link":"https:\/\/www.ferberpainting.com\/hu\/author\/"},"uagb_comment_info":68,"uagb_excerpt":"Powerful roof cleaning performance for visible and immediate results. Our roof cleaner is specially formulated to remove moss, algae, lichen, black stains, and atmospheric pollution from roofing surfaces. It restores the original appearance of tiles, shingles, and roofing materials while preserving their structural integrity. The most effective roof cleaner on the market. Thanks to its&hellip;","_links":{"self":[{"href":"https:\/\/www.ferberpainting.com\/hu\/wp-json\/wp\/v2\/product\/25054","targetHints":{"allow":["GET"]}}],"collection":[{"href":"https:\/\/www.ferberpainting.com\/hu\/wp-json\/wp\/v2\/product"}],"about":[{"href":"https:\/\/www.ferberpainting.com\/hu\/wp-json\/wp\/v2\/types\/product"}],"replies":[{"embeddable":true,"href":"https:\/\/www.ferberpainting.com\/hu\/wp-json\/wp\/v2\/comments?post=25054"}],"version-history":[{"count":4,"href":"https:\/\/www.ferberpainting.com\/hu\/wp-json\/wp\/v2\/product\/25054\/revisions"}],"predecessor-version":[{"id":167100,"href":"https:\/\/www.ferberpainting.com\/hu\/wp-json\/wp\/v2\/product\/25054\/revisions\/167100"}],"wp:featuredmedia":[{"embeddable":true,"href":"https:\/\/www.ferberpainting.com\/hu\/wp-json\/wp\/v2\/media\/26913"}],"wp:attachment":[{"href":"https:\/\/www.ferberpainting.com\/hu\/wp-json\/wp\/v2\/media?parent=25054"}],"wp:term":[{"taxonomy":"product_brand","embeddable":true,"href":"https:\/\/www.ferberpainting.com\/hu\/wp-json\/wp\/v2\/product_brand?post=25054"},{"taxonomy":"product_cat","embeddable":true,"href":"https:\/\/www.ferberpainting.com\/hu\/wp-json\/wp\/v2\/product_cat?post=25054"},{"taxonomy":"product_tag","embeddable":true,"href":"https:\/\/www.ferberpainting.com\/hu\/wp-json\/wp\/v2\/product_tag?post=25054"}],"curies":[{"name":"wp","href":"https:\/\/api.w.org\/{rel}","templated":true}]}}