{"id":25020,"date":"2025-05-26T10:28:43","date_gmt":"2025-05-26T08:28:43","guid":{"rendered":"https:\/\/www.ferberpainting.com\/products\/release-oil\/"},"modified":"2026-02-16T07:56:34","modified_gmt":"2026-02-16T06:56:34","slug":"release-oil","status":"publish","type":"product","link":"https:\/\/www.ferberpainting.com\/hu\/products\/release-oil\/","title":{"rendered":"Formalev\u00e1laszt\u00f3 olaj"},"content":{"rendered":"<p><strong><img decoding=\"async\" style=\"margin-right: 12px;\" src=\"https:\/\/www.ferberpainting.com\/wp-content\/uploads\/2026\/02\/Check.svg\" alt=\"\" width=\"18\" height=\"15\" \/>Professzion\u00e1lis kiold\u00e1si teljes\u00edtm\u00e9ny a hib\u00e1tlan betoneredm\u00e9nyek\u00e9rt.<\/strong> A lev\u00e1laszt\u00f3 olajunkat kifejezetten \u00fagy \u00e1ll\u00edtottuk \u00f6ssze, hogy tiszta \u00e9s k\u00f6nny\u0171 elv\u00e1laszt\u00e1st biztos\u00edtson a beton \u00e9s a zsalufel\u00fcletek k\u00f6z\u00f6tt. Megakad\u00e1lyozza a tapad\u00e1st, cs\u00f6kkenti a fel\u00fcleti hib\u00e1kat, \u00e9s sima, kiv\u00e1l\u00f3 min\u0151s\u00e9g\u0171 betonfel\u00fcletet garant\u00e1l mind az \u00e9p\u00edt\u0151ipari szakemberek, mind az egy\u00e9ni \u00e9p\u00edtkez\u0151k sz\u00e1m\u00e1ra.<\/p>\n<p><strong><img decoding=\"async\" style=\"margin-right: 12px;\" src=\"https:\/\/www.ferberpainting.com\/wp-content\/uploads\/2026\/02\/Check.svg\" alt=\"\" width=\"18\" height=\"15\" \/>A leghat\u00e9konyabb felszabad\u00edt\u00f3 olaj a piacon.<\/strong> A fejlett tapad\u00e1sg\u00e1tl\u00f3 technol\u00f3gi\u00e1val kifejlesztett formul\u00e1nk egyenletes v\u00e9d\u0151filmet hoz l\u00e9tre a zsalu fel\u00fclet\u00e9n. Ez a film megakad\u00e1lyozza, hogy a beton hozz\u00e1tapadjon a fa-, f\u00e9m- vagy m\u0171anyag form\u00e1khoz, \u00edgy biztos\u00edtva a t\u00f6k\u00e9letes, fel\u00fcleti szakad\u00e1s \u00e9s s\u00e9r\u00fcl\u00e9s n\u00e9lk\u00fcli formakivon\u00e1st.<\/p>\n<p><strong><img decoding=\"async\" style=\"margin-right: 12px;\" src=\"https:\/\/www.ferberpainting.com\/wp-content\/uploads\/2026\/02\/Check.svg\" alt=\"\" width=\"18\" height=\"15\" \/>Verhetetlen \u00e1r.<\/strong> Pr\u00e9mium min\u0151s\u00e9g\u0171 lev\u00e1laszt\u00f3 olajat k\u00edn\u00e1lunk a legversenyk\u00e9pesebb \u00e1ron. \u00d6n a professzion\u00e1lis teljes\u00edtm\u00e9ny el\u0151nyeit \u00e9lvezheti, mik\u00f6zben teljes m\u00e9rt\u00e9kben k\u00e9zben tarthatja a projektk\u00f6lts\u00e9geket, legyen sz\u00f3 ak\u00e1r kis volumen\u0171 munk\u00e1kr\u00f3l, ak\u00e1r nagy \u00e9p\u00edtkez\u00e9sekr\u0151l.<\/p>\n<p><strong><img decoding=\"async\" style=\"margin-right: 12px;\" src=\"https:\/\/www.ferberpainting.com\/wp-content\/uploads\/2026\/02\/Check.svg\" alt=\"\" width=\"18\" height=\"15\" \/>P\u00e9nzvisszafizet\u00e9si garancia a teljes bizalom\u00e9rt.<\/strong> Ki\u00e1llunk a felszabad\u00edt\u00f3 olajunk min\u0151s\u00e9ge \u00e9s hat\u00e9konys\u00e1ga mellett. Ha nem teljesen el\u00e9gedett a teljes\u00edtm\u00e9ny\u00e9vel, p\u00e9nzvisszafizet\u00e9si garanci\u00e1t v\u00e1llalunk. Egyszer\u0171en l\u00e9pjen kapcsolatba vel\u00fcnk, \u00e9s mi visszat\u00e9r\u00edtj\u00fck a v\u00e9tel\u00e1r\u00e1t.<\/p>\n<p><strong><img decoding=\"async\" style=\"margin-right: 12px;\" src=\"https:\/\/www.ferberpainting.com\/wp-content\/uploads\/2026\/02\/Check.svg\" alt=\"\" width=\"18\" height=\"15\" \/>Gyors 24 \u00f3r\u00e1s sz\u00e1ll\u00edt\u00e1s a s\u00fcrg\u0151s \u00e9p\u00edt\u00e9si ig\u00e9nyekhez.<\/strong> Mindig 24 \u00f3r\u00e1s kisz\u00e1ll\u00edt\u00e1st biztos\u00edtunk, \u00edgy \u00d6n megszak\u00edt\u00e1s n\u00e9lk\u00fcl folytathatja munk\u00e1j\u00e1t. A megb\u00edzhat\u00f3 \u00e9s gyors sz\u00e1ll\u00edt\u00e1s biztos\u00edtja, hogy az \u00e9p\u00edt\u00e9si \u00fctemterv a tervek szerint haladjon.<\/p>\n<p><strong><img decoding=\"async\" style=\"margin-right: 12px;\" src=\"https:\/\/www.ferberpainting.com\/wp-content\/uploads\/2026\/02\/Check.svg\" alt=\"\" width=\"18\" height=\"15\" \/>Kiv\u00e1l\u00f3 fed\u0151k\u00e9pess\u00e9g, literenk\u00e9nt k\u00f6r\u00fclbel\u00fcl 10 m\u00b2.<\/strong> Egy liter old\u00f3olaj k\u00f6r\u00fclbel\u00fcl 10 n\u00e9gyzetm\u00e9ternyi zsaluz\u00e1si fel\u00fcletet kezel, az anyag t\u00edpus\u00e1t\u00f3l \u00e9s az alkalmaz\u00e1s m\u00f3dj\u00e1t\u00f3l f\u00fcgg\u0151en. Ez az optimaliz\u00e1lt fedetts\u00e9g biztos\u00edtja a gazdas\u00e1gos felhaszn\u00e1l\u00e1st, mik\u00f6zben egyenletes eredm\u00e9nyt biztos\u00edt.<\/p>\n<p><strong><img decoding=\"async\" style=\"margin-right: 12px;\" src=\"https:\/\/www.ferberpainting.com\/wp-content\/uploads\/2026\/02\/Check.svg\" alt=\"\" width=\"18\" height=\"15\" \/>Megakad\u00e1lyozza a fel\u00fcleti hib\u00e1kat \u00e9s a foltosod\u00e1st.<\/strong> Az olaj v\u00e9kony \u00e9s egyenletes g\u00e1tat k\u00e9pezve cs\u00f6kkenti a l\u00e9gbubor\u00e9kok, a fel\u00fcleti szakad\u00e1s \u00e9s a tapad\u00e1si nyomok kialakul\u00e1s\u00e1nak kock\u00e1zat\u00e1t. Hozz\u00e1j\u00e1rul a tiszta \u00e9s egyenletes betonfel\u00fclethez, amely minim\u00e1lis ut\u00f3kezel\u00e9st ig\u00e9nyel.<\/p>\n<p><strong><img decoding=\"async\" style=\"margin-right: 12px;\" src=\"https:\/\/www.ferberpainting.com\/wp-content\/uploads\/2026\/02\/Check.svg\" alt=\"\" width=\"18\" height=\"15\" \/>Alkalmas t\u00f6bbf\u00e9le zsaluanyaghoz.<\/strong> Old\u00f3olajunk kompatibilis a fa, r\u00e9tegelt lemez, f\u00e9m, m\u0171anyag \u00e9s kompozit zsalurendszerekkel. F\u00fcgg\u0151leges \u00e9s v\u00edzszintes fel\u00fcleteken egyar\u00e1nt alkalmazkodik an\u00e9lk\u00fcl, hogy t\u00falzottan cs\u00f6p\u00f6gne.<\/p>\n<p><strong><img decoding=\"async\" style=\"margin-right: 12px;\" src=\"https:\/\/www.ferberpainting.com\/wp-content\/uploads\/2026\/02\/Check.svg\" alt=\"\" width=\"18\" height=\"15\" \/>Jav\u00edtja a zsaluzat \u00e9lettartam\u00e1t.<\/strong> Az\u00e1ltal, hogy cs\u00f6kkenti a beton \u00e9s az \u00f6nt\u0151forma fel\u00fclete k\u00f6z\u00f6tti k\u00f6zvetlen \u00e9rintkez\u00e9st, az olaj megv\u00e9di a zsaluzatot a korai kop\u00e1st\u00f3l, meghosszabb\u00edtja az \u00e9lettartam\u00e1t \u00e9s cs\u00f6kkenti a cserek\u00f6lts\u00e9geket.<\/p>\n<p><strong><img decoding=\"async\" style=\"margin-right: 12px;\" src=\"https:\/\/www.ferberpainting.com\/wp-content\/uploads\/2026\/02\/Check.svg\" alt=\"\" width=\"18\" height=\"15\" \/>Egyszer\u0171 \u00e9s hat\u00e9kony alkalmaz\u00e1s.<\/strong> A term\u00e9k ecsettel, hengerrel vagy permetez\u0151 rendszerrel alkalmazhat\u00f3, lehet\u0151v\u00e9 t\u00e9ve az egyenletes eloszl\u00e1st \u00e9s az ellen\u0151rz\u00f6tt fogyaszt\u00e1st kis \u00e9s nagy projektekn\u00e9l egyar\u00e1nt.<\/p>\n<h2><strong>Utas\u00edt\u00e1sok<\/strong><\/h2>\n<ul>\n<li>Gy\u0151z\u0151dj\u00f6n meg r\u00f3la, hogy a zsaluzat fel\u00fclete tiszta, sz\u00e1raz \u00e9s mentes a port\u00f3l, r\u00e9gi betonmaradv\u00e1nyokt\u00f3l vagy t\u00f6rmel\u00e9kekt\u0151l, miel\u0151tt a lev\u00e1laszt\u00f3 olajat felhordja.<\/li>\n<li>Haszn\u00e1lat el\u0151tt alaposan r\u00e1zza fel vagy keverje fel a tart\u00e1lyt az egyenletes \u00e1llag biztos\u00edt\u00e1sa \u00e9rdek\u00e9ben.<\/li>\n<li>Ecsettel, hengerrel vagy kisnyom\u00e1s\u00fa permetez\u0151vel v\u00e9kony \u00e9s egyenletes r\u00e9tegben vigyen fel a teljes zsaluz\u00e1si fel\u00fcletre olajold\u00f3 folyad\u00e9kot.<\/li>\n<li>Tartsa be az aj\u00e1nlott adagol\u00e1st: kb. 1 liter term\u00e9k 10 m\u00b2 zsaluz\u00e1si fel\u00fcletre elegend\u0151. Ez nagyj\u00e1b\u00f3l 100 ml\/n\u00e9gyzetm\u00e9ternek felel meg. Ker\u00fclje a t\u00falzott adagol\u00e1st, mivel a t\u00falhaszn\u00e1lat befoly\u00e1solhatja a betonfel\u00fclet min\u0151s\u00e9g\u00e9t.<\/li>\n<li>Az olajat egyenletesen oszlassuk el an\u00e9lk\u00fcl, hogy s\u0171r\u0171 pocsoly\u00e1kat vagy cs\u00edkokat hagyn\u00e1nk. A c\u00e9l ink\u00e1bb egy folyamatos v\u00e9kony filmr\u00e9teg l\u00e9trehoz\u00e1sa, mint egy neh\u00e9z bevonat.<\/li>\n<li>A teljes lefedetts\u00e9g biztos\u00edt\u00e1sa \u00e9rdek\u00e9ben ford\u00edtson k\u00fcl\u00f6n\u00f6s figyelmet a sarkokra, az illeszt\u00e9sekre \u00e9s a r\u00e9szletes formar\u00e9szekre.<\/li>\n<li>A betonoz\u00e1s el\u0151tt hagyjon egy r\u00f6vid felsz\u00edv\u00f3d\u00e1si id\u0151t. Az olajnak v\u00e9kony filmk\u00e9nt kell maradnia, \u00e9s nem szabad lecs\u00f6p\u00f6gnie a f\u00fcgg\u0151leges fel\u00fcletekr\u0151l.<\/li>\n<li>Ne alkalmazza nedves zsalufel\u00fcletekre. A t\u00falzott nedvess\u00e9g cs\u00f6kkentheti a hat\u00e9konys\u00e1got \u00e9s ronthatja a form\u00e1z\u00e1s min\u0151s\u00e9g\u00e9t.<\/li>\n<li>Ker\u00fclje az \u00e9rintkez\u00e9st a betonac\u00e9lokkal vagy olyan ter\u00fcletekkel, ahol a beton \u00e9s m\u00e1s szerkezeti elemek k\u00f6z\u00f6tti tapad\u00e1sra van sz\u00fcks\u00e9g.<\/li>\n<li>\u00d6ntse a betont a szok\u00e1sos \u00e9p\u00edt\u00e9si elj\u00e1r\u00e1sok szerint, miut\u00e1n egyenletesen felhordta az old\u00f3olajat.<\/li>\n<li>Miut\u00e1n a beton megfelel\u0151en megszil\u00e1rdult, \u00f3vatosan t\u00e1vol\u00edtsa el a zsaluzatot. A kezelt fel\u00fcleteknek tiszt\u00e1n \u00e9s k\u00f6nnyen el kell v\u00e1lniuk egym\u00e1st\u00f3l.<\/li>\n<li>Ha \u00fajra felhaszn\u00e1lja a zsaluzatot, tiszt\u00edtsa meg a betonmaradv\u00e1nyokat, miel\u0151tt a k\u00f6vetkez\u0151 felhaszn\u00e1l\u00e1skor \u00fajra felhordja a lev\u00e1laszt\u00f3 olajat.<\/li>\n<li>Ne l\u00e9pje t\u00fal a 10 m\u00b2\/liter aj\u00e1nlott fed\u00e9si ar\u00e1nyt, mivel a t\u00falzott olajmennyis\u00e9g a fel\u00fclet elsz\u00ednez\u0151d\u00e9s\u00e9hez vagy a k\u00e9s\u0151bbi befejez\u0151 folyamatok sor\u00e1n a tapad\u00e1s cs\u00f6kken\u00e9s\u00e9hez vezethet.<\/li>\n<li>A term\u00e9ket szorosan lez\u00e1rt tart\u00e1lyban, h\u0171v\u00f6s, sz\u00e1raz, k\u00f6zvetlen napf\u00e9nyt\u0151l \u00e9s sz\u00e9ls\u0151s\u00e9ges h\u0151m\u00e9rs\u00e9klett\u0151l v\u00e9dett helyen t\u00e1rolja.<\/li>\n<li>Haszn\u00e1lat k\u00f6zben viseljen megfelel\u0151 v\u00e9d\u0151keszty\u0171t, \u00e9s ker\u00fclje a hosszabb b\u0151rrel val\u00f3 \u00e9rintkez\u00e9st.<\/li>\n<li>Haszn\u00e1lat ut\u00e1n tiszt\u00edtsa meg a felhord\u00f3eszk\u00f6z\u00f6ket a term\u00e9kre vonatkoz\u00f3 aj\u00e1nl\u00e1soknak megfelel\u0151en, hogy meg\u0151rizze a berendez\u00e9s teljes\u00edtm\u00e9ny\u00e9t.<\/li>\n<\/ul>\n<p>A 10 m\u00b2-enk\u00e9nt kb. 1 liter aj\u00e1nlott felhord\u00e1si mennyis\u00e9g betart\u00e1s\u00e1val \u00e9s az egyenletes, v\u00e9kony filmr\u00e9teg felhord\u00e1s\u00e1val optim\u00e1lis form\u00e1z\u00e1si teljes\u00edtm\u00e9nyt, kiv\u00e1l\u00f3 min\u0151s\u00e9g\u0171 betonfel\u00fcletet \u00e9s a zsalurendszerek hosszabb \u00e9lettartam\u00e1t biztos\u00edthatja.<\/p>","protected":false},"excerpt":{"rendered":"<p>Professional release performance for flawless concrete results. Our release oil is specially formulated to ensure clean and easy separation between concrete and formwork surfaces. It prevents sticking, reduces surface defects, and guarantees smooth, high-quality concrete finishes for both construction professionals and individual builders. The most effective release oil on the market. Engineered with advanced anti-adhesion [&hellip;]<\/p>\n","protected":false},"featured_media":26885,"comment_status":"open","ping_status":"closed","template":"","meta":{"_uag_custom_page_level_css":"","site-sidebar-layout":"default","site-content-layout":"","ast-site-content-layout":"default","site-content-style":"default","site-sidebar-style":"default","ast-global-header-display":"","ast-banner-title-visibility":"","ast-main-header-display":"","ast-hfb-above-header-display":"","ast-hfb-below-header-display":"","ast-hfb-mobile-header-display":"","site-post-title":"","ast-breadcrumbs-content":"","ast-featured-img":"","footer-sml-layout":"","ast-disable-related-posts":"","theme-transparent-header-meta":"default","adv-header-id-meta":"","stick-header-meta":"","header-above-stick-meta":"","header-main-stick-meta":"","header-below-stick-meta":"","astra-migrate-meta-layouts":"set","ast-page-background-enabled":"default","ast-page-background-meta":{"desktop":{"background-color":"var(--ast-global-color-4)","background-image":"","background-repeat":"repeat","background-position":"center center","background-size":"auto","background-attachment":"scroll","background-type":"","background-media":"","overlay-type":"","overlay-color":"","overlay-opacity":"","overlay-gradient":""},"tablet":{"background-color":"","background-image":"","background-repeat":"repeat","background-position":"center center","background-size":"auto","background-attachment":"scroll","background-type":"","background-media":"","overlay-type":"","overlay-color":"","overlay-opacity":"","overlay-gradient":""},"mobile":{"background-color":"","background-image":"","background-repeat":"repeat","background-position":"center center","background-size":"auto","background-attachment":"scroll","background-type":"","background-media":"","overlay-type":"","overlay-color":"","overlay-opacity":"","overlay-gradient":""}},"ast-content-background-meta":{"desktop":{"background-color":"var(--ast-global-color-5)","background-image":"","background-repeat":"repeat","background-position":"center center","background-size":"auto","background-attachment":"scroll","background-type":"","background-media":"","overlay-type":"","overlay-color":"","overlay-opacity":"","overlay-gradient":""},"tablet":{"background-color":"var(--ast-global-color-5)","background-image":"","background-repeat":"repeat","background-position":"center center","background-size":"auto","background-attachment":"scroll","background-type":"","background-media":"","overlay-type":"","overlay-color":"","overlay-opacity":"","overlay-gradient":""},"mobile":{"background-color":"var(--ast-global-color-5)","background-image":"","background-repeat":"repeat","background-position":"center center","background-size":"auto","background-attachment":"scroll","background-type":"","background-media":"","overlay-type":"","overlay-color":"","overlay-opacity":"","overlay-gradient":""}}},"product_brand":[],"product_cat":[176],"product_tag":[],"class_list":{"0":"post-25020","1":"product","2":"type-product","3":"status-publish","4":"has-post-thumbnail","6":"product_cat-concrete-treatment","7":"desktop-align-left","8":"tablet-align-left","9":"mobile-align-left","11":"first","12":"instock","13":"sale","14":"shipping-taxable","15":"purchasable","16":"product-type-variable","17":"has-default-attributes"},"spectra_custom_meta":{"_visibility":["visible"],"_shopify_product_id":["8051456737525"],"_s2w_shopify_domain":["ferberpainting.myshopify.com"],"_shopify_variant_id":["43849383739637"],"_sku":[""],"_manage_stock":["no"],"total_sales":["39"],"_tax_status":["taxable"],"_tax_class":[""],"_backorders":["no"],"_sold_individually":["no"],"_virtual":["no"],"_downloadable":["no"],"_download_limit":["-1"],"_download_expiry":["-1"],"_stock":[null],"_stock_status":["instock"],"_wc_average_rating":["4.96"],"_wc_review_count":["71"],"_product_attributes":["a:1:{s:6:\"volume\";a:6:{s:4:\"name\";s:6:\"Volume\";s:5:\"value\";s:20:\"5 liters | 25 liters\";s:8:\"position\";i:1;s:10:\"is_visible\";i:0;s:12:\"is_variation\";i:1;s:11:\"is_taxonomy\";i:0;}}"],"_product_version":["10.5.1"],"_thumbnail_id":["26885"],"_price":["29.90","129.90"],"_product_image_gallery":["26886"],"merchant-center-availability":["yes"],"merchant-center-category":["115"],"merchant-center-id":["HDD5L"],"wpse_downloadable_file_names":[""],"wpse_downloadable_file_urls":[""],"_edit_last":["1"],"_default_attributes":["a:1:{s:6:\"volume\";s:8:\"5 liters\";}"],"_wc_rating_count":["a:2:{i:4;i:3;i:5;i:68;}"],"_edit_lock":["1771224865:1"],"_wp_page_template":["default"],"site-sidebar-layout":["default"],"ast-site-content-layout":["default"],"site-content-style":["default"],"site-sidebar-style":["default"],"theme-transparent-header-meta":["default"],"astra-migrate-meta-layouts":["set"],"_uag_css_file_name":["uag-css-25020.css"],"_elementor_page_assets":["a:0:{}"]},"uagb_featured_image_src":{"full":["https:\/\/www.ferberpainting.com\/wp-content\/uploads\/2025\/05\/Release_Oil_5L.jpg",2560,2560,false],"thumbnail":["https:\/\/www.ferberpainting.com\/wp-content\/uploads\/2025\/05\/Release_Oil_5L-150x150.jpg",150,150,true],"medium":["https:\/\/www.ferberpainting.com\/wp-content\/uploads\/2025\/05\/Release_Oil_5L-300x300.jpg",300,300,true],"medium_large":["https:\/\/www.ferberpainting.com\/wp-content\/uploads\/2025\/05\/Release_Oil_5L-768x768.jpg",768,768,true],"large":["https:\/\/www.ferberpainting.com\/wp-content\/uploads\/2025\/05\/Release_Oil_5L-1024x1024.jpg",1024,1024,true],"1536x1536":["https:\/\/www.ferberpainting.com\/wp-content\/uploads\/2025\/05\/Release_Oil_5L-1536x1536.jpg",1536,1536,true],"2048x2048":["https:\/\/www.ferberpainting.com\/wp-content\/uploads\/2025\/05\/Release_Oil_5L-2048x2048.jpg",2048,2048,true],"trp-custom-language-flag":["https:\/\/www.ferberpainting.com\/wp-content\/uploads\/2025\/05\/Release_Oil_5L-12x12.jpg",12,12,true],"woocommerce_thumbnail":["https:\/\/www.ferberpainting.com\/wp-content\/uploads\/2025\/05\/Release_Oil_5L-300x300.jpg",300,300,true],"woocommerce_single":["https:\/\/www.ferberpainting.com\/wp-content\/uploads\/2025\/05\/Release_Oil_5L-600x600.jpg",600,600,true],"woocommerce_gallery_thumbnail":["https:\/\/www.ferberpainting.com\/wp-content\/uploads\/2025\/05\/Release_Oil_5L-100x100.jpg",100,100,true]},"uagb_author_info":{"display_name":"admin","author_link":"https:\/\/www.ferberpainting.com\/hu\/author\/"},"uagb_comment_info":71,"uagb_excerpt":"Professional release performance for flawless concrete results. Our release oil is specially formulated to ensure clean and easy separation between concrete and formwork surfaces. It prevents sticking, reduces surface defects, and guarantees smooth, high-quality concrete finishes for both construction professionals and individual builders. The most effective release oil on the market. Engineered with advanced anti-adhesion&hellip;","_links":{"self":[{"href":"https:\/\/www.ferberpainting.com\/hu\/wp-json\/wp\/v2\/product\/25020","targetHints":{"allow":["GET"]}}],"collection":[{"href":"https:\/\/www.ferberpainting.com\/hu\/wp-json\/wp\/v2\/product"}],"about":[{"href":"https:\/\/www.ferberpainting.com\/hu\/wp-json\/wp\/v2\/types\/product"}],"replies":[{"embeddable":true,"href":"https:\/\/www.ferberpainting.com\/hu\/wp-json\/wp\/v2\/comments?post=25020"}],"version-history":[{"count":3,"href":"https:\/\/www.ferberpainting.com\/hu\/wp-json\/wp\/v2\/product\/25020\/revisions"}],"predecessor-version":[{"id":167073,"href":"https:\/\/www.ferberpainting.com\/hu\/wp-json\/wp\/v2\/product\/25020\/revisions\/167073"}],"wp:featuredmedia":[{"embeddable":true,"href":"https:\/\/www.ferberpainting.com\/hu\/wp-json\/wp\/v2\/media\/26885"}],"wp:attachment":[{"href":"https:\/\/www.ferberpainting.com\/hu\/wp-json\/wp\/v2\/media?parent=25020"}],"wp:term":[{"taxonomy":"product_brand","embeddable":true,"href":"https:\/\/www.ferberpainting.com\/hu\/wp-json\/wp\/v2\/product_brand?post=25020"},{"taxonomy":"product_cat","embeddable":true,"href":"https:\/\/www.ferberpainting.com\/hu\/wp-json\/wp\/v2\/product_cat?post=25020"},{"taxonomy":"product_tag","embeddable":true,"href":"https:\/\/www.ferberpainting.com\/hu\/wp-json\/wp\/v2\/product_tag?post=25020"}],"curies":[{"name":"wp","href":"https:\/\/api.w.org\/{rel}","templated":true}]}}