{"id":25018,"date":"2025-05-26T10:28:42","date_gmt":"2025-05-26T08:28:42","guid":{"rendered":"https:\/\/www.ferberpainting.com\/products\/raspberry-fertilizer\/"},"modified":"2026-02-16T07:54:06","modified_gmt":"2026-02-16T06:54:06","slug":"raspberry-fertilizer","status":"publish","type":"product","link":"https:\/\/www.ferberpainting.com\/hu\/products\/raspberry-fertilizer\/","title":{"rendered":"M\u00e1lnatr\u00e1gya 25 kg"},"content":{"rendered":"<p><strong><img decoding=\"async\" style=\"margin-right: 12px;\" src=\"https:\/\/www.ferberpainting.com\/wp-content\/uploads\/2026\/02\/Check.svg\" alt=\"\" width=\"18\" height=\"15\" \/>Kifejezetten er\u0151teljes n\u00f6veked\u00e9shez \u00e9s b\u0151s\u00e9ges m\u00e1lnaterm\u00e9shez kifejlesztett m\u0171tr\u00e1gya.<\/strong>\u00a0Ezt a m\u00e1lnatr\u00e1gy\u00e1t \u00fagy \u00e1ll\u00edtottuk \u00f6ssze, hogy cserj\u00e9it az optim\u00e1lis fejl\u0151d\u00e9shez \u00e9s a b\u0151 term\u00e9shozamhoz sz\u00fcks\u00e9ges \u00f6sszes t\u00e1panyaggal ell\u00e1ssa. NPK 10-10-10 \u00f6sszet\u00e9tel\u00e9nek k\u00f6sz\u00f6nhet\u0151en kiegyens\u00falyozott mennyis\u00e9g\u0171 nitrog\u00e9nt (N) biztos\u00edt a s\u0171r\u0171 n\u00f6veked\u00e9s \u00e9s az er\u0151s lombozat el\u0151seg\u00edt\u00e9s\u00e9hez, foszfort (P) a gy\u00f6keresed\u00e9s \u00e9s vir\u00e1gz\u00e1s jav\u00edt\u00e1s\u00e1hoz, valamint k\u00e1liumot (K) a gy\u00fcm\u00f6lcsk\u00e9pz\u0151d\u00e9s \u00e9s \u00e9r\u00e9s serkent\u00e9s\u00e9hez. A m\u00e1lna hat\u00e9kony t\u00e1pl\u00e1l\u00e1s\u00e1val ez a m\u0171tr\u00e1gya er\u0151s sz\u00e1rakat, jobb ellen\u00e1ll\u00e1st biztos\u00edt a betegs\u00e9gekkel szemben, valamint \u00edzletes \u00e9s l\u00e9d\u00fas m\u00e1lna b\u0151s\u00e9ges term\u00e9s\u00e9t.<\/p>\n<p><strong><img decoding=\"async\" style=\"margin-right: 12px;\" src=\"https:\/\/www.ferberpainting.com\/wp-content\/uploads\/2026\/02\/Check.svg\" alt=\"\" width=\"18\" height=\"15\" \/>P\u00e9nzvisszafizet\u00e9si garancia.<\/strong>\u00a0Annyira biztosak vagyunk m\u00e1lnatr\u00e1gy\u00e1nk hat\u00e9konys\u00e1g\u00e1ban, hogy p\u00e9nzvisszafizet\u00e9si garanci\u00e1t v\u00e1llalunk. Ha az aj\u00e1nl\u00e1soknak megfelel\u0151 haszn\u00e1lat ut\u00e1n m\u00e1ln\u00e1ja nem mutat javul\u00e1st a n\u00f6veked\u00e9s, a vir\u00e1gz\u00e1s vagy a term\u00e9shozam tekintet\u00e9ben, \u00edg\u00e9rj\u00fck, hogy teljes eg\u00e9sz\u00e9ben visszafizetj\u00fck a p\u00e9nzt. Ez a garancia lehet\u0151v\u00e9 teszi, hogy teljes lelki nyugalommal v\u00e1s\u00e1roljon.<\/p>\n<p><strong><img decoding=\"async\" style=\"margin-right: 12px;\" src=\"https:\/\/www.ferberpainting.com\/wp-content\/uploads\/2026\/02\/Check.svg\" alt=\"\" width=\"18\" height=\"15\" \/>Alkalmas minden m\u00e1lnafajt\u00e1hoz \u00e9s minden termeszt\u00e9si k\u00f6r\u00fclm\u00e9nyhez.<\/strong>\u00a0Ez a m\u0171tr\u00e1gya minden m\u00e1lnafajta sz\u00e1m\u00e1ra ide\u00e1lis, legyen az \u00f6r\u00f6kz\u00f6ld vagy ny\u00e1ri term\u00e9s\u0171, piros, s\u00e1rga, fekete vagy lila. Szabadf\u00f6ldi kult\u00far\u00e1khoz, \u00fcvegh\u00e1zban, f\u00f6ldben vagy cser\u00e9pben t\u00f6rt\u00e9n\u0151 termeszt\u00e9shez is alkalmas, biztos\u00edtva az egyes k\u00f6rnyezetekhez \u00e9s termeszt\u00e9si m\u00f3dokhoz igazod\u00f3 tr\u00e1gy\u00e1z\u00e1st. Minden talajt\u00edpuson hat\u00e9konyan m\u0171k\u00f6dik, bele\u00e9rtve a k\u00f6nny\u0171 talajokat, d\u00fas\u00edtott vagy nem d\u00fas\u00edtott talajokat is, \u00e9s el\u0151seg\u00edti a m\u00e9ly gy\u00f6keresed\u00e9st, ami elengedhetetlen a b\u0151s\u00e9ges gy\u00fcm\u00f6lcsterm\u00e9shez.<\/p>\n<p><strong><img decoding=\"async\" style=\"margin-right: 12px;\" src=\"https:\/\/www.ferberpainting.com\/wp-content\/uploads\/2026\/02\/Check.svg\" alt=\"\" width=\"18\" height=\"15\" \/>K\u00f6lts\u00e9ghat\u00e9kony hozam \u00e9s tart\u00f3s tr\u00e1gy\u00e1z\u00e1s.<\/strong>\u00a0\u00d6sszet\u00e9tel\u00e9nek k\u00f6sz\u00f6nhet\u0151en ez a m\u0171tr\u00e1gya fokozatosan szabad\u00edtja fel a t\u00e1panyagokat, \u00edgy hat\u00e9kony \u00e9s fenntarthat\u00f3 tr\u00e1gy\u00e1z\u00e1st biztos\u00edt gyakori kijuttat\u00e1s n\u00e9lk\u00fcl. Egy 25 kg-os zs\u00e1k ak\u00e1r 125 m\u00e1lnabokor tr\u00e1gy\u00e1z\u00e1s\u00e1ra is alkalmas, az aj\u00e1nlott adag 200 g n\u00f6v\u00e9nyenk\u00e9nt. Ez az optimaliz\u00e1lt hozam lehet\u0151v\u00e9 teszi a hosszan tart\u00f3 haszn\u00e1latot \u00e9s a gazdas\u00e1gos alkalmaz\u00e1st, \u00edgy cs\u00f6kkentve a bevitel gyakoris\u00e1g\u00e1t, mik\u00f6zben optim\u00e1lis eredm\u00e9nyeket biztos\u00edt.<\/p>\n<p><strong><img decoding=\"async\" style=\"margin-right: 12px;\" src=\"https:\/\/www.ferberpainting.com\/wp-content\/uploads\/2026\/02\/Check.svg\" alt=\"\" width=\"18\" height=\"15\" \/>Biztons\u00e1gos \u00e9s k\u00f6rnyezetbar\u00e1t m\u0171tr\u00e1gya.<\/strong>\u00a0Ez a m\u0171tr\u00e1gya agressz\u00edv vegyszerek n\u00e9lk\u00fcl k\u00e9sz\u00fclt, \u00e9s biztons\u00e1gos az \u00e1llat- \u00e9s n\u00f6v\u00e9nyvil\u00e1g sz\u00e1m\u00e1ra. Tiszteletben tartja a talaj term\u00e9szetes egyens\u00faly\u00e1t az\u00e1ltal, hogy el\u0151seg\u00edti a hasznos mikroorganizmusok fejl\u0151d\u00e9s\u00e9t, amelyek jav\u00edtj\u00e1k a t\u00e1panyagok gy\u00f6kerek \u00e1ltali felsz\u00edv\u00f3d\u00e1s\u00e1t. Nem tartalmaz h\u00e1zi\u00e1llatokra vagy gyermekekre n\u00e9zve m\u00e9rgez\u0151 elemeket, \u00edgy biztons\u00e1gos tr\u00e1gy\u00e1z\u00e1st biztos\u00edt kertj\u00e9ben vagy terasz\u00e1n.<\/p>\n<p><strong><img decoding=\"async\" style=\"margin-right: 12px;\" src=\"https:\/\/www.ferberpainting.com\/wp-content\/uploads\/2026\/02\/Check.svg\" alt=\"\" width=\"18\" height=\"15\" \/>K\u00f6nny\u0171 \u00e9s f\u00e1rads\u00e1gmentes kijuttat\u00e1s \u00e9s tr\u00e1gy\u00e1z\u00e1s.<\/strong>\u00a0A h\u00edg\u00edt\u00e1st ig\u00e9nyl\u0151 foly\u00e9kony m\u0171tr\u00e1gy\u00e1kkal ellent\u00e9tben ez a m\u0171tr\u00e1gya k\u00f6zvetlen\u00fcl a talajba ker\u00fcl, bonyolult el\u0151k\u00e9sz\u00edt\u00e9s n\u00e9lk\u00fcl. Egyszer\u0171en sz\u00f3rja sz\u00e9t a m\u00e1lnat\u00f6vek k\u00f6r\u00fcl, \u00e9s enyh\u00e9n dolgozza be a talajba az optim\u00e1lis t\u00e1panyagfelszabadul\u00e1s \u00e9rdek\u00e9ben. Egyszer\u0171 \u00e9s gyors alkalmaz\u00e1sa lehet\u0151v\u00e9 teszi minden kert\u00e9sz sz\u00e1m\u00e1ra, legyen az kezd\u0151 vagy tapasztalt, hogy eg\u00e9szs\u00e9ges n\u00f6v\u00e9nyeket \u00e9s b\u0151s\u00e9ges term\u00e9st \u00e9rjen el.<\/p>\n<p><strong><img decoding=\"async\" style=\"margin-right: 12px;\" src=\"https:\/\/www.ferberpainting.com\/wp-content\/uploads\/2026\/02\/Check.svg\" alt=\"\" width=\"18\" height=\"15\" \/>Hosszan tart\u00f3 hat\u00e1s a b\u0151s\u00e9ges term\u00e9s\u00e9rt \u00e9s a jobb betegs\u00e9gekkel szembeni ellen\u00e1ll\u00f3 k\u00e9pess\u00e9g\u00e9rt. <\/strong>Tart\u00f3s hat\u00e1s\u00e1nak k\u00f6sz\u00f6nhet\u0151en ez a m\u0171tr\u00e1gya t\u00f6bb h\u00e9ten \u00e1t t\u00e1pl\u00e1lja a m\u00e1ln\u00e1t, biztos\u00edtva a b\u0151s\u00e9ges vir\u00e1gz\u00e1st \u00e9s az \u00edzletes gy\u00fcm\u00f6lcs\u00f6k folyamatos term\u00e9s\u00e9t. Fokozza a cserj\u00e9k ellen\u00e1ll\u00f3 k\u00e9pess\u00e9g\u00e9t a gombabetegs\u00e9gekkel \u00e9s k\u00e1rtev\u0151kkel szemben, mik\u00f6zben jav\u00edtja a kem\u00e9ny id\u0151j\u00e1r\u00e1si k\u00f6r\u00fclm\u00e9nyekkel, p\u00e9ld\u00e1ul a nagy meleggel vagy a sz\u00e1razs\u00e1ggal szembeni t\u0171r\u0151k\u00e9pess\u00e9g\u00fcket.<\/p>\n<p><strong><img decoding=\"async\" style=\"margin-right: 12px;\" src=\"https:\/\/www.ferberpainting.com\/wp-content\/uploads\/2026\/02\/Check.svg\" alt=\"\" width=\"18\" height=\"15\" \/>L\u00e1that\u00f3 eredm\u00e9nyek az els\u0151 hetekt\u0151l kezdve.<\/strong>\u00a0Ez a m\u0171tr\u00e1gya m\u00e1r az els\u0151 alkalmaz\u00e1st\u00f3l kezdve serkenti az \u00faj, er\u0151s sz\u00e1rak n\u00f6veked\u00e9s\u00e9t, n\u00f6veli a lombozat s\u0171r\u0171s\u00e9g\u00e9t \u00e9s el\u0151seg\u00edti a b\u0151s\u00e9ges vir\u00e1gz\u00e1st. N\u00e9h\u00e1ny h\u00e9ten bel\u00fcl m\u00e1ln\u00e1ja er\u0151teljes n\u00f6veked\u00e9st \u00e9s szab\u00e1lyosabb vir\u00e1gz\u00e1st fog mutatni, b\u0151s\u00e9gesebb, \u00edzletesebb \u00e9s intenz\u00edvebben \u00e9des m\u00e1ln\u00e1val.<\/p>\n<h2><strong>Haszn\u00e1lati protokoll<\/strong><\/h2>\n<ul>\n<li><strong>Jelentkez\u00e9si id\u0151szak <\/strong>: \u00c9vente h\u00e1romszor alkalmazza, tavasz elej\u00e9n (m\u00e1rcius-\u00e1prilis) a sz\u00e1r fejl\u0151d\u00e9s\u00e9nek \u00f6szt\u00f6nz\u00e9s\u00e9re, a vir\u00e1gz\u00e1s kezdet\u00e9n (m\u00e1jus-j\u00fanius) a term\u00e9sk\u00e9pz\u00e9s serkent\u00e9s\u00e9re, \u00e9s ny\u00e1r v\u00e9g\u00e9n (szeptember) a n\u00f6v\u00e9nyek t\u00e9l el\u0151tti meger\u0151s\u00edt\u00e9s\u00e9re.<\/li>\n<li><strong>Aj\u00e1nlott adagol\u00e1s <\/strong>: M\u00e1lnat\u00f6venk\u00e9nt 200 g m\u0171tr\u00e1gy\u00e1t sz\u00f3rjon ki, ami k\u00f6r\u00fclbel\u00fcl egy j\u00f3l megt\u00f6lt\u00f6tt mar\u00e9knyi, a mennyis\u00e9get a cserje m\u00e9ret\u00e9t\u0151l \u00e9s kor\u00e1t\u00f3l f\u00fcgg\u0151en kiss\u00e9 m\u00f3dos\u00edtva.<\/li>\n<li><strong>Alkalmaz\u00e1si m\u00f3dszer <\/strong>:\n<ul>\n<li><strong>Talajsz\u00f3r\u00e1s <\/strong>: A m\u0171tr\u00e1gy\u00e1t minden egyes m\u00e1lnat\u00f6v\u00e9ny k\u00f6r\u00fcl, a t\u00f6v\u00e9t\u0151l 20-30 cm-re, k\u00f6rk\u00f6r\u00f6sen juttassa ki, hogy elker\u00fclje a k\u00f6zvetlen \u00e9rintkez\u00e9st a gy\u00f6kerekkel, \u00e9s biztos\u00edtsa a t\u00e1panyag fokozatos felsz\u00edv\u00f3d\u00e1s\u00e1t.<\/li>\n<li><strong>F\u00e9ny be\u00e9p\u00edt\u00e9se <\/strong>: Egy gereblye vagy karom seg\u00edts\u00e9g\u00e9vel enyh\u00e9n dolgozza be a m\u0171tr\u00e1gy\u00e1t a talaj felsz\u00edn\u00e9be (2-5 cm m\u00e9lyen), hogy jav\u00edtsa a be\u00e9p\u00fcl\u00e9s\u00e9t \u00e9s megakad\u00e1lyozza a kimos\u00f3d\u00e1st.<\/li>\n<\/ul>\n<\/li>\n<li><strong>\u00d6nt\u00f6z\u00e9s a kijuttat\u00e1s ut\u00e1n <\/strong>: Sz\u00f3r\u00e1st k\u00f6vet\u0151en alaposan \u00f6nt\u00f6zze meg, hogy aktiv\u00e1lja a t\u00e1panyagok felszabadul\u00e1s\u00e1t \u00e9s biztos\u00edtsa a gy\u00f6kerek gyors felsz\u00edv\u00f3d\u00e1s\u00e1t.<\/li>\n<li><strong>Gondoz\u00e1s \u00e9s fel\u00fcgyelet <\/strong>: A termeszt\u00e9si id\u0151szak alatt tartsa fenn a rendszeres \u00f6nt\u00f6z\u00e9st, hogy elker\u00fclje a v\u00edzhi\u00e1nyt, amely befoly\u00e1solhatja a gy\u00fcm\u00f6lcsk\u00e9pz\u0151d\u00e9st \u00e9s a min\u0151s\u00e9get. A cserepes m\u00e1lna eset\u00e9ben gyakoribb t\u00e1poldatoz\u00e1sra lehet sz\u00fcks\u00e9g.<\/li>\n<li><strong>Haszn\u00e1lati \u00f3vint\u00e9zked\u00e9sek <\/strong>: Ne l\u00e9pje t\u00fal az aj\u00e1nlott d\u00f3zisokat, hogy elker\u00fclje a t\u00falzott nitrog\u00e9ntartalmat, amely a lombozat t\u00falburj\u00e1nz\u00e1s\u00e1t okozhatja a gy\u00fcm\u00f6lcsterm\u00e9s rov\u00e1s\u00e1ra. Ne alkalmazza fagyott talajon vagy er\u0151s sz\u00e1razs\u00e1g idej\u00e9n, kieg\u00e9sz\u00edt\u0151 \u00f6nt\u00f6z\u00e9s n\u00e9lk\u00fcl.<\/li>\n<li><strong>T\u00e1rol\u00e1s \u00e9s meg\u0151rz\u00e9s <\/strong>: A m\u0171tr\u00e1gy\u00e1t sz\u00e1raz, h\u0171v\u00f6s, nedvess\u00e9gt\u0151l \u00e9s napf\u00e9nyt\u0151l v\u00e9dett helyen t\u00e1rolja. A term\u00e9k min\u0151s\u00e9g\u00e9nek meg\u0151rz\u00e9se \u00e9s a min\u0151s\u00e9groml\u00e1s elker\u00fcl\u00e9se \u00e9rdek\u00e9ben minden haszn\u00e1lat ut\u00e1n gondosan z\u00e1rja vissza a zs\u00e1kot.<\/li>\n<\/ul>\n<p>Ezzel a m\u00e1lnatr\u00e1gy\u00e1val a n\u00f6v\u00e9nyeinek teljes t\u00e1panyagell\u00e1t\u00e1st biztos\u00edthat, amely t\u00f6k\u00e9letesen megfelel az egyedi ig\u00e9nyeiknek, biztos\u00edtva az er\u0151teljes n\u00f6veked\u00e9st, a b\u0151s\u00e9ges vir\u00e1gz\u00e1st \u00e9s az \u00e9des \u00e9s \u00edzletes m\u00e1lna kiv\u00e9teles term\u00e9s\u00e9t. Ez az ide\u00e1lis megold\u00e1s ahhoz, hogy produkt\u00edv kertet vagy z\u00f6lds\u00e9g\u00e1gy\u00e1st kapjon, eg\u00e9szs\u00e9ges m\u00e1lnabokrokkal \u00e9s b\u0151s\u00e9ges term\u00e9ssel az eg\u00e9sz szezonban.<\/p>","protected":false},"excerpt":{"rendered":"<p>A fertilizer specially designed for vigorous growth and abundant raspberry production.\u00a0This raspberry fertilizer has been formulated to provide your shrubs with all the nutrients necessary for optimal development and generous fruiting. Thanks to its NPK 10-10-10 composition, it provides a balanced amount of nitrogen (N) to promote dense growth and robust foliage, phosphorus (P) to [&hellip;]<\/p>\n","protected":false},"featured_media":26883,"comment_status":"open","ping_status":"closed","template":"","meta":{"_uag_custom_page_level_css":"","site-sidebar-layout":"default","site-content-layout":"","ast-site-content-layout":"default","site-content-style":"default","site-sidebar-style":"default","ast-global-header-display":"","ast-banner-title-visibility":"","ast-main-header-display":"","ast-hfb-above-header-display":"","ast-hfb-below-header-display":"","ast-hfb-mobile-header-display":"","site-post-title":"","ast-breadcrumbs-content":"","ast-featured-img":"","footer-sml-layout":"","ast-disable-related-posts":"","theme-transparent-header-meta":"default","adv-header-id-meta":"","stick-header-meta":"","header-above-stick-meta":"","header-main-stick-meta":"","header-below-stick-meta":"","astra-migrate-meta-layouts":"set","ast-page-background-enabled":"default","ast-page-background-meta":{"desktop":{"background-color":"var(--ast-global-color-4)","background-image":"","background-repeat":"repeat","background-position":"center center","background-size":"auto","background-attachment":"scroll","background-type":"","background-media":"","overlay-type":"","overlay-color":"","overlay-opacity":"","overlay-gradient":""},"tablet":{"background-color":"","background-image":"","background-repeat":"repeat","background-position":"center center","background-size":"auto","background-attachment":"scroll","background-type":"","background-media":"","overlay-type":"","overlay-color":"","overlay-opacity":"","overlay-gradient":""},"mobile":{"background-color":"","background-image":"","background-repeat":"repeat","background-position":"center center","background-size":"auto","background-attachment":"scroll","background-type":"","background-media":"","overlay-type":"","overlay-color":"","overlay-opacity":"","overlay-gradient":""}},"ast-content-background-meta":{"desktop":{"background-color":"var(--ast-global-color-5)","background-image":"","background-repeat":"repeat","background-position":"center center","background-size":"auto","background-attachment":"scroll","background-type":"","background-media":"","overlay-type":"","overlay-color":"","overlay-opacity":"","overlay-gradient":""},"tablet":{"background-color":"var(--ast-global-color-5)","background-image":"","background-repeat":"repeat","background-position":"center center","background-size":"auto","background-attachment":"scroll","background-type":"","background-media":"","overlay-type":"","overlay-color":"","overlay-opacity":"","overlay-gradient":""},"mobile":{"background-color":"var(--ast-global-color-5)","background-image":"","background-repeat":"repeat","background-position":"center center","background-size":"auto","background-attachment":"scroll","background-type":"","background-media":"","overlay-type":"","overlay-color":"","overlay-opacity":"","overlay-gradient":""}}},"product_brand":[],"product_cat":[178],"product_tag":[],"class_list":{"0":"post-25018","1":"product","2":"type-product","3":"status-publish","4":"has-post-thumbnail","6":"product_cat-fertilizers","7":"desktop-align-left","8":"tablet-align-left","9":"mobile-align-left","11":"first","12":"instock","13":"taxable","14":"shipping-taxable","15":"purchasable","16":"product-type-simple"},"spectra_custom_meta":{"_visibility":["visible"],"_shopify_product_id":["9066889085173"],"_s2w_shopify_domain":["ferberpainting.myshopify.com"],"_shopify_variant_id":["46505205694709"],"_sku":["FPRASPBERRYFERTILIZER25KG"],"_regular_price":["39.90"],"_price":["39.90"],"_sale_price":[""],"_weight":["18.5"],"_thumbnail_id":["26883"],"_global_unique_id":["5056773817289"],"total_sales":["8"],"_tax_status":["taxable"],"_tax_class":[""],"_manage_stock":["no"],"_backorders":["no"],"_sold_individually":["no"],"_virtual":["no"],"_downloadable":["no"],"_download_limit":["-1"],"_download_expiry":["-1"],"_stock":[null],"_stock_status":["instock"],"_wc_average_rating":["5.00"],"_wc_review_count":["6"],"_product_version":["10.5.1"],"_wc_rating_count":["a:1:{i:5;i:6;}"],"_edit_lock":["1771224706:1"],"merchant-center-availability":["yes"],"merchant-center-category":["113"],"_edit_last":["1"],"_wp_page_template":["default"],"site-sidebar-layout":["default"],"ast-site-content-layout":["default"],"site-content-style":["default"],"site-sidebar-style":["default"],"theme-transparent-header-meta":["default"],"astra-migrate-meta-layouts":["set"],"_uag_css_file_name":["uag-css-25018.css"],"_elementor_page_assets":["a:0:{}"],"_uag_page_assets":["a:9:{s:3:\"css\";s:6873:\".wp-block-uagb-image{display:flex}.wp-block-uagb-image__figure{position:relative;display:flex;flex-direction:column;max-width:100%;height:auto;margin:0}.wp-block-uagb-image__figure img{height:auto;display:flex;max-width:100%;transition:box-shadow .2s ease}.wp-block-uagb-image__figure>a{display:inline-block}.wp-block-uagb-image__figure figcaption{text-align:center;margin-top:.5em;margin-bottom:1em}.wp-block-uagb-image .components-placeholder.block-editor-media-placeholder .components-placeholder__instructions{align-self:center}.wp-block-uagb-image--align-left{text-align:left}.wp-block-uagb-image--align-right{text-align:right}.wp-block-uagb-image--align-center{text-align:center}.wp-block-uagb-image--align-full .wp-block-uagb-image__figure{margin-left:calc(50% - 50vw);margin-right:calc(50% - 50vw);max-width:100vw;width:100vw;height:auto}.wp-block-uagb-image--align-full .wp-block-uagb-image__figure img{height:auto;width:100% !important}.wp-block-uagb-image--align-wide .wp-block-uagb-image__figure img{height:auto;width:100%}.wp-block-uagb-image--layout-overlay__color-wrapper{position:absolute;left:0;top:0;right:0;bottom:0;opacity:.2;background:rgba(0,0,0,.5);transition:opacity .35s ease-in-out}.wp-block-uagb-image--layout-overlay-link{position:absolute;left:0;right:0;bottom:0;top:0}.wp-block-uagb-image--layout-overlay .wp-block-uagb-image__figure:hover .wp-block-uagb-image--layout-overlay__color-wrapper{opacity:1}.wp-block-uagb-image--layout-overlay__inner{position:absolute;left:15px;right:15px;bottom:15px;top:15px;display:flex;align-items:center;justify-content:center;flex-direction:column;border-color:#fff;transition:.35s ease-in-out}.wp-block-uagb-image--layout-overlay__inner.top-left,.wp-block-uagb-image--layout-overlay__inner.top-center,.wp-block-uagb-image--layout-overlay__inner.top-right{justify-content:flex-start}.wp-block-uagb-image--layout-overlay__inner.bottom-left,.wp-block-uagb-image--layout-overlay__inner.bottom-center,.wp-block-uagb-image--layout-overlay__inner.bottom-right{justify-content:flex-end}.wp-block-uagb-image--layout-overlay__inner.top-left,.wp-block-uagb-image--layout-overlay__inner.center-left,.wp-block-uagb-image--layout-overlay__inner.bottom-left{align-items:flex-start}.wp-block-uagb-image--layout-overlay__inner.top-right,.wp-block-uagb-image--layout-overlay__inner.center-right,.wp-block-uagb-image--layout-overlay__inner.bottom-right{align-items:flex-end}.wp-block-uagb-image--layout-overlay__inner .uagb-image-heading{color:#fff;transition:transform .35s,opacity .35s ease-in-out;transform:translate3d(0, 24px, 0);margin:0;line-height:1em}.wp-block-uagb-image--layout-overlay__inner .uagb-image-separator{width:30%;border-top-width:2px;border-top-color:#fff;border-top-style:solid;margin-bottom:10px;opacity:0;transition:transform .4s,opacity .4s ease-in-out;transform:translate3d(0, 30px, 0)}.wp-block-uagb-image--layout-overlay__inner .uagb-image-caption{opacity:0;overflow:visible;color:#fff;transition:transform .45s,opacity .45s ease-in-out;transform:translate3d(0, 35px, 0)}.wp-block-uagb-image--layout-overlay__inner:hover .uagb-image-heading,.wp-block-uagb-image--layout-overlay__inner:hover .uagb-image-separator,.wp-block-uagb-image--layout-overlay__inner:hover .uagb-image-caption{opacity:1;transform:translate3d(0, 0, 0)}.wp-block-uagb-image--effect-zoomin .wp-block-uagb-image__figure img,.wp-block-uagb-image--effect-zoomin .wp-block-uagb-image__figure .wp-block-uagb-image--layout-overlay__color-wrapper{transform:scale(1);transition:transform .35s ease-in-out}.wp-block-uagb-image--effect-zoomin .wp-block-uagb-image__figure:hover img,.wp-block-uagb-image--effect-zoomin .wp-block-uagb-image__figure:hover .wp-block-uagb-image--layout-overlay__color-wrapper{transform:scale(1.05)}.wp-block-uagb-image--effect-slide .wp-block-uagb-image__figure img,.wp-block-uagb-image--effect-slide .wp-block-uagb-image__figure .wp-block-uagb-image--layout-overlay__color-wrapper{width:calc(100% + 40px) !important;max-width:none !important;transform:translate3d(-40px, 0, 0);transition:transform .35s ease-in-out}.wp-block-uagb-image--effect-slide .wp-block-uagb-image__figure:hover img,.wp-block-uagb-image--effect-slide .wp-block-uagb-image__figure:hover .wp-block-uagb-image--layout-overlay__color-wrapper{transform:translate3d(0, 0, 0)}.wp-block-uagb-image--effect-grayscale img{filter:grayscale(0%);transition:.35s ease-in-out}.wp-block-uagb-image--effect-grayscale:hover img{filter:grayscale(100%)}.wp-block-uagb-image--effect-blur img{filter:blur(0);transition:.35s ease-in-out}.wp-block-uagb-image--effect-blur:hover img{filter:blur(3px)}.uagb-block-e6f939b3.wp-block-uagb-image--layout-default figure img{box-shadow: 0px 0px 0 #00000070;}.uagb-block-e6f939b3.wp-block-uagb-image .wp-block-uagb-image__figure figcaption{font-style: normal;align-self: center;}.uagb-block-e6f939b3.wp-block-uagb-image--layout-overlay figure img{box-shadow: 0px 0px 0 #00000070;}.uagb-block-e6f939b3.wp-block-uagb-image--layout-overlay .wp-block-uagb-image--layout-overlay__color-wrapper{opacity: 0.2;}.uagb-block-e6f939b3.wp-block-uagb-image--layout-overlay .wp-block-uagb-image--layout-overlay__inner{left: 15px;right: 15px;top: 15px;bottom: 15px;}.uagb-block-e6f939b3.wp-block-uagb-image--layout-overlay .wp-block-uagb-image--layout-overlay__inner .uagb-image-heading{font-style: normal;color: #fff;opacity: 1;}.uagb-block-e6f939b3.wp-block-uagb-image--layout-overlay .wp-block-uagb-image--layout-overlay__inner .uagb-image-heading a{color: #fff;}.uagb-block-e6f939b3.wp-block-uagb-image--layout-overlay .wp-block-uagb-image--layout-overlay__inner .uagb-image-caption{opacity: 0;}.uagb-block-e6f939b3.wp-block-uagb-image--layout-overlay .wp-block-uagb-image__figure:hover .wp-block-uagb-image--layout-overlay__color-wrapper{opacity: 1;}.uagb-block-e6f939b3.wp-block-uagb-image .wp-block-uagb-image--layout-overlay__inner .uagb-image-separator{width: 30%;border-top-width: 2px;border-top-color: #fff;opacity: 0;}.uagb-block-e6f939b3.wp-block-uagb-image .wp-block-uagb-image__figure img{width: px;height: auto;}.uagb-block-e6f939b3.wp-block-uagb-image .wp-block-uagb-image__figure:hover .wp-block-uagb-image--layout-overlay__inner .uagb-image-caption{opacity: 1;}.uagb-block-e6f939b3.wp-block-uagb-image .wp-block-uagb-image__figure:hover .wp-block-uagb-image--layout-overlay__inner .uagb-image-separator{opacity: 1;}.uagb-block-e6f939b3.wp-block-uagb-image--layout-default figure:hover img{box-shadow: 0px 0px 0 #00000070;}.uagb-block-e6f939b3.wp-block-uagb-image--layout-overlay figure:hover img{box-shadow: 0px 0px 0 #00000070;}@media only screen and (max-width: 976px) {.uagb-block-e6f939b3.wp-block-uagb-image .wp-block-uagb-image__figure img{width: px;height: auto;}}@media only screen and (max-width: 767px) {.uagb-block-e6f939b3.wp-block-uagb-image .wp-block-uagb-image__figure img{width: px;height: auto;}}\";s:2:\"js\";s:0:\"\";s:18:\"current_block_list\";a:13:{i:0;s:11:\"core\/search\";i:1;s:10:\"core\/group\";i:2;s:12:\"core\/heading\";i:3;s:17:\"core\/latest-posts\";i:4;s:20:\"core\/latest-comments\";i:5;s:13:\"core\/archives\";i:6;s:15:\"core\/categories\";i:7;s:14:\"core\/paragraph\";i:8;s:10:\"uagb\/image\";i:9;s:11:\"core\/spacer\";i:10;s:30:\"woocommerce\/product-categories\";i:11;s:10:\"core\/image\";i:12;s:14:\"core\/shortcode\";}s:8:\"uag_flag\";b:1;s:11:\"uag_version\";s:10:\"1777301941\";s:6:\"gfonts\";a:0:{}s:10:\"gfonts_url\";s:0:\"\";s:12:\"gfonts_files\";a:0:{}s:14:\"uag_faq_layout\";b:0;}"]},"uagb_featured_image_src":{"full":["https:\/\/www.ferberpainting.com\/wp-content\/uploads\/2025\/05\/RaspberryFertilizer.png",2560,2560,false],"thumbnail":["https:\/\/www.ferberpainting.com\/wp-content\/uploads\/2025\/05\/RaspberryFertilizer-150x150.png",150,150,true],"medium":["https:\/\/www.ferberpainting.com\/wp-content\/uploads\/2025\/05\/RaspberryFertilizer-300x300.png",300,300,true],"medium_large":["https:\/\/www.ferberpainting.com\/wp-content\/uploads\/2025\/05\/RaspberryFertilizer-768x768.png",768,768,true],"large":["https:\/\/www.ferberpainting.com\/wp-content\/uploads\/2025\/05\/RaspberryFertilizer-1024x1024.png",1024,1024,true],"1536x1536":["https:\/\/www.ferberpainting.com\/wp-content\/uploads\/2025\/05\/RaspberryFertilizer-1536x1536.png",1536,1536,true],"2048x2048":["https:\/\/www.ferberpainting.com\/wp-content\/uploads\/2025\/05\/RaspberryFertilizer-2048x2048.png",2048,2048,true],"trp-custom-language-flag":["https:\/\/www.ferberpainting.com\/wp-content\/uploads\/2025\/05\/RaspberryFertilizer-12x12.png",12,12,true],"woocommerce_thumbnail":["https:\/\/www.ferberpainting.com\/wp-content\/uploads\/2025\/05\/RaspberryFertilizer-300x300.png",300,300,true],"woocommerce_single":["https:\/\/www.ferberpainting.com\/wp-content\/uploads\/2025\/05\/RaspberryFertilizer-600x600.png",600,600,true],"woocommerce_gallery_thumbnail":["https:\/\/www.ferberpainting.com\/wp-content\/uploads\/2025\/05\/RaspberryFertilizer-100x100.png",100,100,true]},"uagb_author_info":{"display_name":"admin","author_link":"https:\/\/www.ferberpainting.com\/hu\/author\/"},"uagb_comment_info":6,"uagb_excerpt":"A fertilizer specially designed for vigorous growth and abundant raspberry production.\u00a0This raspberry fertilizer has been formulated to provide your shrubs with all the nutrients necessary for optimal development and generous fruiting. Thanks to its NPK 10-10-10 composition, it provides a balanced amount of nitrogen (N) to promote dense growth and robust foliage, phosphorus (P) to&hellip;","_links":{"self":[{"href":"https:\/\/www.ferberpainting.com\/hu\/wp-json\/wp\/v2\/product\/25018","targetHints":{"allow":["GET"]}}],"collection":[{"href":"https:\/\/www.ferberpainting.com\/hu\/wp-json\/wp\/v2\/product"}],"about":[{"href":"https:\/\/www.ferberpainting.com\/hu\/wp-json\/wp\/v2\/types\/product"}],"replies":[{"embeddable":true,"href":"https:\/\/www.ferberpainting.com\/hu\/wp-json\/wp\/v2\/comments?post=25018"}],"version-history":[{"count":4,"href":"https:\/\/www.ferberpainting.com\/hu\/wp-json\/wp\/v2\/product\/25018\/revisions"}],"predecessor-version":[{"id":167069,"href":"https:\/\/www.ferberpainting.com\/hu\/wp-json\/wp\/v2\/product\/25018\/revisions\/167069"}],"wp:featuredmedia":[{"embeddable":true,"href":"https:\/\/www.ferberpainting.com\/hu\/wp-json\/wp\/v2\/media\/26883"}],"wp:attachment":[{"href":"https:\/\/www.ferberpainting.com\/hu\/wp-json\/wp\/v2\/media?parent=25018"}],"wp:term":[{"taxonomy":"product_brand","embeddable":true,"href":"https:\/\/www.ferberpainting.com\/hu\/wp-json\/wp\/v2\/product_brand?post=25018"},{"taxonomy":"product_cat","embeddable":true,"href":"https:\/\/www.ferberpainting.com\/hu\/wp-json\/wp\/v2\/product_cat?post=25018"},{"taxonomy":"product_tag","embeddable":true,"href":"https:\/\/www.ferberpainting.com\/hu\/wp-json\/wp\/v2\/product_tag?post=25018"}],"curies":[{"name":"wp","href":"https:\/\/api.w.org\/{rel}","templated":true}]}}