{"id":24960,"date":"2025-05-26T10:28:12","date_gmt":"2025-05-26T08:28:12","guid":{"rendered":"https:\/\/www.ferberpainting.com\/products\/radiator-paint-pastel-violet\/"},"modified":"2026-02-16T07:51:10","modified_gmt":"2026-02-16T06:51:10","slug":"radiator-paint-pastel-violet","status":"publish","type":"product","link":"https:\/\/www.ferberpainting.com\/hu\/products\/radiator-paint-pastel-violet\/","title":{"rendered":"Radi\u00e1torfest\u00e9k pasztell lila"},"content":{"rendered":"<p><strong><img decoding=\"async\" style=\"margin-right: 12px;\" src=\"https:\/\/www.ferberpainting.com\/wp-content\/uploads\/2026\/02\/Check.svg\" alt=\"\" width=\"18\" height=\"15\" \/>H\u0151\u00e1ll\u00f3, professzion\u00e1lis kivitel\u0171 radi\u00e1torok helyre\u00e1ll\u00edt\u00e1sa \u00e9s v\u00e9delme.<\/strong> A radi\u00e1torfest\u00e9k\u00fcnket kifejezetten \u00fagy \u00e1ll\u00edtottuk \u00f6ssze, hogy ellen\u00e1lljon a magas \u00fczemi h\u0151m\u00e9rs\u00e9kletnek, mik\u00f6zben sima, tart\u00f3s \u00e9s vonz\u00f3 fel\u00fcletet biztos\u00edt. \u00dajj\u00e1\u00e9leszti a r\u00e9gi, megs\u00e1rgult vagy lepattogzott radi\u00e1torokat, helyre\u00e1ll\u00edtja tiszta megjelen\u00e9s\u00fcket, \u00e9s jav\u00edtja a bels\u0151 t\u00e9r \u00e1ltal\u00e1nos megjelen\u00e9s\u00e9t. H\u0151hat\u00e1s alatt egyenletes teljes\u00edtm\u00e9nyre tervezt\u00e9k, \u00edgy biztos\u00edtja, hogy radi\u00e1torai funkcion\u00e1lisak \u00e9s vizu\u00e1lisan is vonz\u00f3ak maradjanak.<\/p>\n<p><strong><img decoding=\"async\" style=\"margin-right: 12px;\" src=\"https:\/\/www.ferberpainting.com\/wp-content\/uploads\/2026\/02\/Check.svg\" alt=\"\" width=\"18\" height=\"15\" \/>A leghat\u00e9konyabb radi\u00e1torfest\u00e9k a piacon.<\/strong> A fejlett h\u0151\u00e1ll\u00f3 gyant\u00e1kkal \u00e9s kiv\u00e1l\u00f3 min\u0151s\u00e9g\u0171 pigmentekkel tervezett fest\u00e9k folyamatos f\u0171t\u00e9si ciklusok mellett is meg\u0151rzi a sz\u00ednstabilit\u00e1st \u00e9s a szerkezeti integrit\u00e1st. Ellen\u00e1ll a h\u0151m\u00e9rs\u00e9klet-ingadoz\u00e1s okozta repedez\u00e9snek, h\u00e1ml\u00e1snak \u00e9s elsz\u00ednez\u0151d\u00e9snek, \u00e9s fel\u00fclm\u00falja a hagyom\u00e1nyos bels\u0151 fest\u00e9keket, amelyeket nem f\u0171t\u00f6tt fel\u00fcletekre terveztek.<\/p>\n<p><strong><img decoding=\"async\" style=\"margin-right: 12px;\" src=\"https:\/\/www.ferberpainting.com\/wp-content\/uploads\/2026\/02\/Check.svg\" alt=\"\" width=\"18\" height=\"15\" \/>P\u00e9nzvisszafizet\u00e9si garancia a teljes lelki nyugalom\u00e9rt.<\/strong> Teljes m\u00e9rt\u00e9kben ki\u00e1llunk radi\u00e1torfest\u00e9keink min\u0151s\u00e9ge \u00e9s teljes\u00edtm\u00e9nye mellett. Ha nem teljesen el\u00e9gedett az eredm\u00e9nnyel, visszat\u00e9r\u00edtj\u00fck a v\u00e9tel\u00e1rat. P\u00e9nzvisszafizet\u00e9si garanci\u00e1nk biztos\u00edtja, hogy befektet\u00e9se teljesen kock\u00e1zatmentes legyen, \u00e9s t\u00fckr\u00f6zi a professzion\u00e1lis megb\u00edzhat\u00f3s\u00e1g ir\u00e1nti elk\u00f6telezetts\u00e9g\u00fcnket.<\/p>\n<p><strong><img decoding=\"async\" style=\"margin-right: 12px;\" src=\"https:\/\/www.ferberpainting.com\/wp-content\/uploads\/2026\/02\/Check.svg\" alt=\"\" width=\"18\" height=\"15\" \/>Az el\u00e9rhet\u0151 legolcs\u00f3bb nagy teljes\u00edtm\u00e9ny\u0171 radi\u00e1torfest\u00e9k.<\/strong> A speci\u00e1lis h\u0151\u00e1ll\u00f3 bevonatok gyakran fel\u00e1rasak. Radi\u00e1torfest\u00e9k\u00fcnk a professzion\u00e1lis tart\u00f3ss\u00e1got a piacon el\u00e9rhet\u0151 legversenyk\u00e9pesebb \u00e1rakkal \u00f6tv\u00f6zi, kiv\u00e9teles \u00e9rt\u00e9ket k\u00edn\u00e1lva a min\u0151s\u00e9g kompromisszumai n\u00e9lk\u00fcl.<\/p>\n<p><strong><img decoding=\"async\" style=\"margin-right: 12px;\" src=\"https:\/\/www.ferberpainting.com\/wp-content\/uploads\/2026\/02\/Check.svg\" alt=\"\" width=\"18\" height=\"15\" \/>Gyors, 24 \u00f3r\u00e1s sz\u00e1ll\u00edt\u00e1s az id\u0151\u00e9rz\u00e9keny fel\u00faj\u00edt\u00e1sokhoz.<\/strong> A lak\u00e1sfel\u00faj\u00edt\u00e1si projektek gyakran szigor\u00fa hat\u00e1rid\u0151ket k\u00f6vetnek. Ez\u00e9rt biztos\u00edtunk megb\u00edzhat\u00f3, 24 \u00f3r\u00e1s kisz\u00e1ll\u00edt\u00e1st, amely biztos\u00edtja, hogy a fest\u00e9k gyorsan meg\u00e9rkezzen, \u00edgy \u00d6n k\u00e9sedelem n\u00e9lk\u00fcl befejezheti a radi\u00e1torok fel\u00faj\u00edt\u00e1s\u00e1t.<\/p>\n<p><strong><img decoding=\"async\" style=\"margin-right: 12px;\" src=\"https:\/\/www.ferberpainting.com\/wp-content\/uploads\/2026\/02\/Check.svg\" alt=\"\" width=\"18\" height=\"15\" \/>Literenk\u00e9nt ak\u00e1r 10 m\u00b2-es fedetts\u00e9g a hat\u00e9kony alkalmaz\u00e1s \u00e9rdek\u00e9ben.<\/strong> Egy liter radi\u00e1torfest\u00e9k ak\u00e1r 10 n\u00e9gyzetm\u00e9tert is k\u00e9pes kezelni, ami pontos projekttervez\u00e9st \u00e9s gazdas\u00e1gos felhaszn\u00e1l\u00e1st tesz lehet\u0151v\u00e9. Ez a lefedetts\u00e9g biztos\u00edtja a k\u00f6vetkezetes \u00e9s egyenletes bevonatot, mik\u00f6zben minimaliz\u00e1lja a term\u00e9khullad\u00e9kot.<\/p>\n<p><strong><img decoding=\"async\" style=\"margin-right: 12px;\" src=\"https:\/\/www.ferberpainting.com\/wp-content\/uploads\/2026\/02\/Check.svg\" alt=\"\" width=\"18\" height=\"15\" \/>Kiv\u00e1l\u00f3an ellen\u00e1ll a magas h\u0151m\u00e9rs\u00e9kleteknek \u00e9s a h\u0151ciklusoknak.<\/strong> A radi\u00e1torok norm\u00e1l m\u0171k\u00f6d\u00e9s k\u00f6zben t\u00f6bbsz\u00f6r felmelegednek \u00e9s leh\u0171lnek. Fest\u00e9k\u00fcnket \u00fagy alak\u00edtottuk ki, hogy ellen\u00e1lljon a h\u0151terhel\u00e9snek, \u00edgy megakad\u00e1lyozza, hogy id\u0151vel megrepedjen vagy leperegjen. Stabilan meg\u0151rzi a fel\u00fcletet m\u00e9g akkor is, ha hosszabb ideig magas h\u0151m\u00e9rs\u00e9kletnek van kit\u00e9ve.<\/p>\n<p><strong><img decoding=\"async\" style=\"margin-right: 12px;\" src=\"https:\/\/www.ferberpainting.com\/wp-content\/uploads\/2026\/02\/Check.svg\" alt=\"\" width=\"18\" height=\"15\" \/>Sima \u00e9s egys\u00e9ges fel\u00fclet, amely jav\u00edtja a bels\u0151 eszt\u00e9tik\u00e1t.<\/strong> A fest\u00e9k kiv\u00e1l\u00f3 kiegyenl\u00edt\u0151 tulajdons\u00e1gokkal rendelkezik, minim\u00e1lisra cs\u00f6kkentve az ecset- \u00e9s hengernyomokat. Kifinomult \u00e9s professzion\u00e1lis megjelen\u00e9st eredm\u00e9nyez, amely a modern \u00e9s a hagyom\u00e1nyos bels\u0151 terekhez egyar\u00e1nt illik.<\/p>\n<p><strong><img decoding=\"async\" style=\"margin-right: 12px;\" src=\"https:\/\/www.ferberpainting.com\/wp-content\/uploads\/2026\/02\/Check.svg\" alt=\"\" width=\"18\" height=\"15\" \/>Er\u0151s tapad\u00e1s a f\u00e9m radi\u00e1torfel\u00fcleteken.<\/strong> Kifejezetten f\u00e9m alapanyagokhoz kifejlesztett fest\u00e9k, amely hat\u00e9konyan tapad az ac\u00e9l, \u00f6nt\u00f6ttvas \u00e9s alum\u00ednium radi\u00e1torokon. Megfelel\u0151 alkalmaz\u00e1s eset\u00e9n tart\u00f3s bevonatot k\u00e9pez, amely biztons\u00e1gosan tapad a megfelel\u0151en el\u0151k\u00e9sz\u00edtett fel\u00fcletekre.<\/p>\n<p><strong><img decoding=\"async\" style=\"margin-right: 12px;\" src=\"https:\/\/www.ferberpainting.com\/wp-content\/uploads\/2026\/02\/Check.svg\" alt=\"\" width=\"18\" height=\"15\" \/>Hossz\u00fa t\u00e1v\u00fa v\u00e9delem a korr\u00f3zi\u00f3 ellen.<\/strong> Az eszt\u00e9tikai javul\u00e1s mellett a fest\u00e9k seg\u00edt megv\u00e9deni a f\u00e9mfel\u00fcleteket az oxid\u00e1ci\u00f3t\u00f3l \u00e9s a kisebb korr\u00f3zi\u00f3t\u00f3l, meghosszabb\u00edtva ezzel a radi\u00e1tor \u00e9lettartam\u00e1t, \u00e9s cs\u00f6kkentve a j\u00f6v\u0151beli jav\u00edt\u00e1sok vagy cser\u00e9k sz\u00fcks\u00e9gess\u00e9g\u00e9t.<\/p>\n<h2><strong>Utas\u00edt\u00e1sok<\/strong><\/h2>\n<ul>\n<li>A felhord\u00e1s megkezd\u00e9se el\u0151tt gy\u0151z\u0151dj\u00f6n meg arr\u00f3l, hogy a radi\u00e1tor teljesen kikapcsolt \u00e9s leh\u0171lt.<\/li>\n<li>Alaposan tiszt\u00edtsa meg a fel\u00fcletet, hogy elt\u00e1vol\u00edtsa a port, zs\u00edrt, rozsd\u00e1t vagy a r\u00e9gi lepattogz\u00f3 fest\u00e9ket. Sz\u00fcks\u00e9g eset\u00e9n csiszol\u00f3pap\u00edrral vagy dr\u00f3tkef\u00e9vel t\u00e1vol\u00edtsa el a laza rozsd\u00e1t.<\/li>\n<li>T\u00f6r\u00f6lje \u00e1t a radi\u00e1tort egy tiszta ruh\u00e1val, hogy elt\u00e1vol\u00edtsa a csiszol\u00e1si maradv\u00e1nyokat, \u00e9s hagyja teljesen megsz\u00e1radni.<\/li>\n<li>Ha csupasz f\u00e9m van szabadon, a radi\u00e1torfest\u00e9k haszn\u00e1lata el\u0151tt megfelel\u0151 f\u00e9m alapoz\u00f3t kell alkalmazni az optim\u00e1lis tapad\u00e1s \u00e9s korr\u00f3zi\u00f3v\u00e9delem \u00e9rdek\u00e9ben.<\/li>\n<li>Haszn\u00e1lat el\u0151tt alaposan keverje fel a radi\u00e1torfest\u00e9ket, hogy biztos\u00edtsa az egys\u00e9ges sz\u00ednt \u00e9s konzisztenci\u00e1t.<\/li>\n<li>Ecsettel, kis hengerrel vagy f\u00e9mfel\u00fcletekre alkalmas permetez\u0151 rendszerrel egyenletesen vigye fel.<\/li>\n<li>Tartsa be az aj\u00e1nlott fed\u00e9si ar\u00e1nyt: literenk\u00e9nt legfeljebb 10 m\u00b2. Ez k\u00f6r\u00fclbel\u00fcl 100 ml\/n\u00e9gyzetm\u00e9ternek felel meg, a fel\u00fclet \u00e1llapot\u00e1t\u00f3l \u00e9s text\u00far\u00e1j\u00e1t\u00f3l f\u00fcgg\u0151en.<\/li>\n<li>Vigyen fel v\u00e9kony \u00e9s egyenletes els\u0151 r\u00e9teget, elker\u00fclve a t\u00falzott felhalmoz\u00f3d\u00e1st vagy cs\u00f6p\u00f6g\u00e9st a h\u0171t\u0151bord\u00e1k k\u00f6z\u00f6tt.<\/li>\n<li>Hagyja az els\u0151 r\u00e9teget teljesen megsz\u00e1radni a k\u00f6rnyezeti h\u0151m\u00e9rs\u00e9kletnek \u00e9s a szell\u0151z\u00e9si k\u00f6r\u00fclm\u00e9nyeknek megfelel\u0151en.<\/li>\n<li>Az optim\u00e1lis fed\u00e9s \u00e9s tart\u00f3ss\u00e1g el\u00e9r\u00e9se \u00e9rdek\u00e9ben sz\u00fcks\u00e9g eset\u00e9n vigyen fel egy m\u00e1sodik r\u00e9teget.<\/li>\n<li>Hagyja a fest\u00e9ket teljesen megszil\u00e1rdulni, miel\u0151tt visszakapcsolja a radi\u00e1tort. Az els\u0151 f\u0171t\u00e9si ciklus sor\u00e1n fokozatosan vezesse vissza a h\u0151t, hogy a bevonat alkalmazkodni tudjon a h\u0151m\u00e9rs\u00e9kletv\u00e1ltoz\u00e1shoz.<\/li>\n<li>Az alkalmaz\u00e1s sor\u00e1n \u00e9s ut\u00e1n gondoskodjon a megfelel\u0151 szell\u0151z\u00e9sr\u0151l.<\/li>\n<li>Haszn\u00e1lat ut\u00e1n azonnal tiszt\u00edtsa meg a szersz\u00e1mokat megfelel\u0151 tiszt\u00edt\u00f3szerekkel, \u00e9s a tart\u00e1lyt szorosan lez\u00e1rva, h\u0171v\u00f6s, sz\u00e1raz, k\u00f6zvetlen napf\u00e9nyt\u0151l \u00e9s fagyt\u00f3l v\u00e9dett helyen t\u00e1rolja.<\/li>\n<\/ul>","protected":false},"excerpt":{"rendered":"<p>Restore and protect radiators with a heat-resistant professional finish. Our radiator paint is specially formulated to withstand high operating temperatures while delivering a smooth, durable, and attractive finish. It revitalizes old, yellowed, or chipped radiators, restoring their clean appearance and enhancing the overall look of your interior space. Designed for consistent performance under heat exposure, [&hellip;]<\/p>\n","protected":false},"featured_media":26821,"comment_status":"open","ping_status":"closed","template":"","meta":{"_uag_custom_page_level_css":"","site-sidebar-layout":"default","site-content-layout":"","ast-site-content-layout":"default","site-content-style":"default","site-sidebar-style":"default","ast-global-header-display":"","ast-banner-title-visibility":"","ast-main-header-display":"","ast-hfb-above-header-display":"","ast-hfb-below-header-display":"","ast-hfb-mobile-header-display":"","site-post-title":"","ast-breadcrumbs-content":"","ast-featured-img":"","footer-sml-layout":"","ast-disable-related-posts":"","theme-transparent-header-meta":"default","adv-header-id-meta":"","stick-header-meta":"","header-above-stick-meta":"","header-main-stick-meta":"","header-below-stick-meta":"","astra-migrate-meta-layouts":"set","ast-page-background-enabled":"default","ast-page-background-meta":{"desktop":{"background-color":"var(--ast-global-color-4)","background-image":"","background-repeat":"repeat","background-position":"center center","background-size":"auto","background-attachment":"scroll","background-type":"","background-media":"","overlay-type":"","overlay-color":"","overlay-opacity":"","overlay-gradient":""},"tablet":{"background-color":"","background-image":"","background-repeat":"repeat","background-position":"center center","background-size":"auto","background-attachment":"scroll","background-type":"","background-media":"","overlay-type":"","overlay-color":"","overlay-opacity":"","overlay-gradient":""},"mobile":{"background-color":"","background-image":"","background-repeat":"repeat","background-position":"center center","background-size":"auto","background-attachment":"scroll","background-type":"","background-media":"","overlay-type":"","overlay-color":"","overlay-opacity":"","overlay-gradient":""}},"ast-content-background-meta":{"desktop":{"background-color":"var(--ast-global-color-5)","background-image":"","background-repeat":"repeat","background-position":"center center","background-size":"auto","background-attachment":"scroll","background-type":"","background-media":"","overlay-type":"","overlay-color":"","overlay-opacity":"","overlay-gradient":""},"tablet":{"background-color":"var(--ast-global-color-5)","background-image":"","background-repeat":"repeat","background-position":"center center","background-size":"auto","background-attachment":"scroll","background-type":"","background-media":"","overlay-type":"","overlay-color":"","overlay-opacity":"","overlay-gradient":""},"mobile":{"background-color":"var(--ast-global-color-5)","background-image":"","background-repeat":"repeat","background-position":"center center","background-size":"auto","background-attachment":"scroll","background-type":"","background-media":"","overlay-type":"","overlay-color":"","overlay-opacity":"","overlay-gradient":""}}},"product_brand":[],"product_cat":[184],"product_tag":[],"class_list":{"0":"post-24960","1":"product","2":"type-product","3":"status-publish","4":"has-post-thumbnail","6":"product_cat-radiator-paint","7":"desktop-align-left","8":"tablet-align-left","9":"mobile-align-left","11":"first","12":"instock","13":"sale","14":"taxable","15":"shipping-taxable","16":"purchasable","17":"product-type-variable"},"spectra_custom_meta":{"_visibility":["visible"],"_shopify_product_id":["8317276225781"],"_s2w_shopify_domain":["ferberpainting.myshopify.com"],"_shopify_variant_id":["44768308494581"],"_sku":[""],"_manage_stock":["no"],"total_sales":["4"],"_tax_status":["taxable"],"_tax_class":[""],"_backorders":["no"],"_sold_individually":["no"],"_virtual":["no"],"_downloadable":["no"],"_download_limit":["-1"],"_download_expiry":["-1"],"_stock":[null],"_stock_status":["instock"],"_wc_average_rating":["5.00"],"_wc_review_count":["14"],"_product_attributes":["a:1:{s:6:\"volume\";a:6:{s:4:\"name\";s:6:\"Volume\";s:5:\"value\";s:30:\"1 liter | 5 liters | 20 liters\";s:8:\"position\";i:1;s:10:\"is_visible\";i:0;s:12:\"is_variation\";i:1;s:11:\"is_taxonomy\";i:0;}}"],"_product_version":["10.5.1"],"_thumbnail_id":["26821"],"_price":["19.90","79.90","299.90"],"_product_image_gallery":["26822,26824"],"merchant-center-availability":["yes"],"merchant-center-category":["1361"],"merchant-center-id":["PRVP1L3"],"wpse_downloadable_file_names":[""],"wpse_downloadable_file_urls":[""],"_edit_last":["1"],"_wc_rating_count":["a:1:{i:5;i:14;}"],"_edit_lock":["1771224560:1"],"_wp_page_template":["default"],"site-sidebar-layout":["default"],"ast-site-content-layout":["default"],"site-content-style":["default"],"site-sidebar-style":["default"],"theme-transparent-header-meta":["default"],"astra-migrate-meta-layouts":["set"],"_uag_css_file_name":["uag-css-24960.css"],"_elementor_page_assets":["a:0:{}"],"_uag_page_assets":["a:9:{s:3:\"css\";s:7133:\".uag-blocks-common-selector{z-index:var(--z-index-desktop) !important}@media(max-width: 976px){.uag-blocks-common-selector{z-index:var(--z-index-tablet) !important}}@media(max-width: 767px){.uag-blocks-common-selector{z-index:var(--z-index-mobile) !important}}.wp-block-uagb-image{display:flex}.wp-block-uagb-image__figure{position:relative;display:flex;flex-direction:column;max-width:100%;height:auto;margin:0}.wp-block-uagb-image__figure img{height:auto;display:flex;max-width:100%;transition:box-shadow .2s ease}.wp-block-uagb-image__figure>a{display:inline-block}.wp-block-uagb-image__figure figcaption{text-align:center;margin-top:.5em;margin-bottom:1em}.wp-block-uagb-image .components-placeholder.block-editor-media-placeholder .components-placeholder__instructions{align-self:center}.wp-block-uagb-image--align-left{text-align:left}.wp-block-uagb-image--align-right{text-align:right}.wp-block-uagb-image--align-center{text-align:center}.wp-block-uagb-image--align-full .wp-block-uagb-image__figure{margin-left:calc(50% - 50vw);margin-right:calc(50% - 50vw);max-width:100vw;width:100vw;height:auto}.wp-block-uagb-image--align-full .wp-block-uagb-image__figure img{height:auto;width:100% !important}.wp-block-uagb-image--align-wide .wp-block-uagb-image__figure img{height:auto;width:100%}.wp-block-uagb-image--layout-overlay__color-wrapper{position:absolute;left:0;top:0;right:0;bottom:0;opacity:.2;background:rgba(0,0,0,.5);transition:opacity .35s ease-in-out}.wp-block-uagb-image--layout-overlay-link{position:absolute;left:0;right:0;bottom:0;top:0}.wp-block-uagb-image--layout-overlay .wp-block-uagb-image__figure:hover .wp-block-uagb-image--layout-overlay__color-wrapper{opacity:1}.wp-block-uagb-image--layout-overlay__inner{position:absolute;left:15px;right:15px;bottom:15px;top:15px;display:flex;align-items:center;justify-content:center;flex-direction:column;border-color:#fff;transition:.35s ease-in-out}.wp-block-uagb-image--layout-overlay__inner.top-left,.wp-block-uagb-image--layout-overlay__inner.top-center,.wp-block-uagb-image--layout-overlay__inner.top-right{justify-content:flex-start}.wp-block-uagb-image--layout-overlay__inner.bottom-left,.wp-block-uagb-image--layout-overlay__inner.bottom-center,.wp-block-uagb-image--layout-overlay__inner.bottom-right{justify-content:flex-end}.wp-block-uagb-image--layout-overlay__inner.top-left,.wp-block-uagb-image--layout-overlay__inner.center-left,.wp-block-uagb-image--layout-overlay__inner.bottom-left{align-items:flex-start}.wp-block-uagb-image--layout-overlay__inner.top-right,.wp-block-uagb-image--layout-overlay__inner.center-right,.wp-block-uagb-image--layout-overlay__inner.bottom-right{align-items:flex-end}.wp-block-uagb-image--layout-overlay__inner .uagb-image-heading{color:#fff;transition:transform .35s,opacity .35s ease-in-out;transform:translate3d(0, 24px, 0);margin:0;line-height:1em}.wp-block-uagb-image--layout-overlay__inner .uagb-image-separator{width:30%;border-top-width:2px;border-top-color:#fff;border-top-style:solid;margin-bottom:10px;opacity:0;transition:transform .4s,opacity .4s ease-in-out;transform:translate3d(0, 30px, 0)}.wp-block-uagb-image--layout-overlay__inner .uagb-image-caption{opacity:0;overflow:visible;color:#fff;transition:transform .45s,opacity .45s ease-in-out;transform:translate3d(0, 35px, 0)}.wp-block-uagb-image--layout-overlay__inner:hover .uagb-image-heading,.wp-block-uagb-image--layout-overlay__inner:hover .uagb-image-separator,.wp-block-uagb-image--layout-overlay__inner:hover .uagb-image-caption{opacity:1;transform:translate3d(0, 0, 0)}.wp-block-uagb-image--effect-zoomin .wp-block-uagb-image__figure img,.wp-block-uagb-image--effect-zoomin .wp-block-uagb-image__figure .wp-block-uagb-image--layout-overlay__color-wrapper{transform:scale(1);transition:transform .35s ease-in-out}.wp-block-uagb-image--effect-zoomin .wp-block-uagb-image__figure:hover img,.wp-block-uagb-image--effect-zoomin .wp-block-uagb-image__figure:hover .wp-block-uagb-image--layout-overlay__color-wrapper{transform:scale(1.05)}.wp-block-uagb-image--effect-slide .wp-block-uagb-image__figure img,.wp-block-uagb-image--effect-slide .wp-block-uagb-image__figure .wp-block-uagb-image--layout-overlay__color-wrapper{width:calc(100% + 40px) !important;max-width:none !important;transform:translate3d(-40px, 0, 0);transition:transform .35s ease-in-out}.wp-block-uagb-image--effect-slide .wp-block-uagb-image__figure:hover img,.wp-block-uagb-image--effect-slide .wp-block-uagb-image__figure:hover .wp-block-uagb-image--layout-overlay__color-wrapper{transform:translate3d(0, 0, 0)}.wp-block-uagb-image--effect-grayscale img{filter:grayscale(0%);transition:.35s ease-in-out}.wp-block-uagb-image--effect-grayscale:hover img{filter:grayscale(100%)}.wp-block-uagb-image--effect-blur img{filter:blur(0);transition:.35s ease-in-out}.wp-block-uagb-image--effect-blur:hover img{filter:blur(3px)}.uagb-block-e6f939b3.wp-block-uagb-image--layout-default figure img{box-shadow: 0px 0px 0 #00000070;}.uagb-block-e6f939b3.wp-block-uagb-image .wp-block-uagb-image__figure figcaption{font-style: normal;align-self: center;}.uagb-block-e6f939b3.wp-block-uagb-image--layout-overlay figure img{box-shadow: 0px 0px 0 #00000070;}.uagb-block-e6f939b3.wp-block-uagb-image--layout-overlay .wp-block-uagb-image--layout-overlay__color-wrapper{opacity: 0.2;}.uagb-block-e6f939b3.wp-block-uagb-image--layout-overlay .wp-block-uagb-image--layout-overlay__inner{left: 15px;right: 15px;top: 15px;bottom: 15px;}.uagb-block-e6f939b3.wp-block-uagb-image--layout-overlay .wp-block-uagb-image--layout-overlay__inner .uagb-image-heading{font-style: normal;color: #fff;opacity: 1;}.uagb-block-e6f939b3.wp-block-uagb-image--layout-overlay .wp-block-uagb-image--layout-overlay__inner .uagb-image-heading a{color: #fff;}.uagb-block-e6f939b3.wp-block-uagb-image--layout-overlay .wp-block-uagb-image--layout-overlay__inner .uagb-image-caption{opacity: 0;}.uagb-block-e6f939b3.wp-block-uagb-image--layout-overlay .wp-block-uagb-image__figure:hover .wp-block-uagb-image--layout-overlay__color-wrapper{opacity: 1;}.uagb-block-e6f939b3.wp-block-uagb-image .wp-block-uagb-image--layout-overlay__inner .uagb-image-separator{width: 30%;border-top-width: 2px;border-top-color: #fff;opacity: 0;}.uagb-block-e6f939b3.wp-block-uagb-image .wp-block-uagb-image__figure img{width: px;height: auto;}.uagb-block-e6f939b3.wp-block-uagb-image .wp-block-uagb-image__figure:hover .wp-block-uagb-image--layout-overlay__inner .uagb-image-caption{opacity: 1;}.uagb-block-e6f939b3.wp-block-uagb-image .wp-block-uagb-image__figure:hover .wp-block-uagb-image--layout-overlay__inner .uagb-image-separator{opacity: 1;}.uagb-block-e6f939b3.wp-block-uagb-image--layout-default figure:hover img{box-shadow: 0px 0px 0 #00000070;}.uagb-block-e6f939b3.wp-block-uagb-image--layout-overlay figure:hover img{box-shadow: 0px 0px 0 #00000070;}@media only screen and (max-width: 976px) {.uagb-block-e6f939b3.wp-block-uagb-image .wp-block-uagb-image__figure img{width: px;height: auto;}}@media only screen and (max-width: 767px) {.uagb-block-e6f939b3.wp-block-uagb-image .wp-block-uagb-image__figure img{width: px;height: auto;}}\";s:2:\"js\";s:0:\"\";s:18:\"current_block_list\";a:13:{i:0;s:11:\"core\/search\";i:1;s:10:\"core\/group\";i:2;s:12:\"core\/heading\";i:3;s:17:\"core\/latest-posts\";i:4;s:20:\"core\/latest-comments\";i:5;s:13:\"core\/archives\";i:6;s:15:\"core\/categories\";i:7;s:14:\"core\/paragraph\";i:8;s:10:\"uagb\/image\";i:9;s:11:\"core\/spacer\";i:10;s:30:\"woocommerce\/product-categories\";i:11;s:10:\"core\/image\";i:12;s:14:\"core\/shortcode\";}s:8:\"uag_flag\";b:1;s:11:\"uag_version\";s:10:\"1777198472\";s:6:\"gfonts\";a:0:{}s:10:\"gfonts_url\";s:0:\"\";s:12:\"gfonts_files\";a:0:{}s:14:\"uag_faq_layout\";b:0;}"]},"uagb_featured_image_src":{"full":["https:\/\/www.ferberpainting.com\/wp-content\/uploads\/2025\/05\/RadiatorPaintPastelviolet1l.png",2560,2276,false],"thumbnail":["https:\/\/www.ferberpainting.com\/wp-content\/uploads\/2025\/05\/RadiatorPaintPastelviolet1l-150x150.png",150,150,true],"medium":["https:\/\/www.ferberpainting.com\/wp-content\/uploads\/2025\/05\/RadiatorPaintPastelviolet1l-300x267.png",300,267,true],"medium_large":["https:\/\/www.ferberpainting.com\/wp-content\/uploads\/2025\/05\/RadiatorPaintPastelviolet1l-768x683.png",768,683,true],"large":["https:\/\/www.ferberpainting.com\/wp-content\/uploads\/2025\/05\/RadiatorPaintPastelviolet1l-1024x910.png",1024,910,true],"1536x1536":["https:\/\/www.ferberpainting.com\/wp-content\/uploads\/2025\/05\/RadiatorPaintPastelviolet1l-1536x1366.png",1536,1366,true],"2048x2048":["https:\/\/www.ferberpainting.com\/wp-content\/uploads\/2025\/05\/RadiatorPaintPastelviolet1l-2048x1821.png",2048,1821,true],"trp-custom-language-flag":["https:\/\/www.ferberpainting.com\/wp-content\/uploads\/2025\/05\/RadiatorPaintPastelviolet1l-13x12.png",13,12,true],"woocommerce_thumbnail":["https:\/\/www.ferberpainting.com\/wp-content\/uploads\/2025\/05\/RadiatorPaintPastelviolet1l-300x300.png",300,300,true],"woocommerce_single":["https:\/\/www.ferberpainting.com\/wp-content\/uploads\/2025\/05\/RadiatorPaintPastelviolet1l-600x533.png",600,533,true],"woocommerce_gallery_thumbnail":["https:\/\/www.ferberpainting.com\/wp-content\/uploads\/2025\/05\/RadiatorPaintPastelviolet1l-100x100.png",100,100,true]},"uagb_author_info":{"display_name":"admin","author_link":"https:\/\/www.ferberpainting.com\/hu\/author\/"},"uagb_comment_info":14,"uagb_excerpt":"Restore and protect radiators with a heat-resistant professional finish. Our radiator paint is specially formulated to withstand high operating temperatures while delivering a smooth, durable, and attractive finish. It revitalizes old, yellowed, or chipped radiators, restoring their clean appearance and enhancing the overall look of your interior space. Designed for consistent performance under heat exposure,&hellip;","_links":{"self":[{"href":"https:\/\/www.ferberpainting.com\/hu\/wp-json\/wp\/v2\/product\/24960","targetHints":{"allow":["GET"]}}],"collection":[{"href":"https:\/\/www.ferberpainting.com\/hu\/wp-json\/wp\/v2\/product"}],"about":[{"href":"https:\/\/www.ferberpainting.com\/hu\/wp-json\/wp\/v2\/types\/product"}],"replies":[{"embeddable":true,"href":"https:\/\/www.ferberpainting.com\/hu\/wp-json\/wp\/v2\/comments?post=24960"}],"version-history":[{"count":4,"href":"https:\/\/www.ferberpainting.com\/hu\/wp-json\/wp\/v2\/product\/24960\/revisions"}],"predecessor-version":[{"id":167049,"href":"https:\/\/www.ferberpainting.com\/hu\/wp-json\/wp\/v2\/product\/24960\/revisions\/167049"}],"wp:featuredmedia":[{"embeddable":true,"href":"https:\/\/www.ferberpainting.com\/hu\/wp-json\/wp\/v2\/media\/26821"}],"wp:attachment":[{"href":"https:\/\/www.ferberpainting.com\/hu\/wp-json\/wp\/v2\/media?parent=24960"}],"wp:term":[{"taxonomy":"product_brand","embeddable":true,"href":"https:\/\/www.ferberpainting.com\/hu\/wp-json\/wp\/v2\/product_brand?post=24960"},{"taxonomy":"product_cat","embeddable":true,"href":"https:\/\/www.ferberpainting.com\/hu\/wp-json\/wp\/v2\/product_cat?post=24960"},{"taxonomy":"product_tag","embeddable":true,"href":"https:\/\/www.ferberpainting.com\/hu\/wp-json\/wp\/v2\/product_tag?post=24960"}],"curies":[{"name":"wp","href":"https:\/\/api.w.org\/{rel}","templated":true}]}}