{"id":24808,"date":"2025-05-26T10:27:27","date_gmt":"2025-05-26T08:27:27","guid":{"rendered":"https:\/\/www.ferberpainting.com\/products\/professional-fertilizers\/"},"modified":"2026-02-16T07:43:10","modified_gmt":"2026-02-16T06:43:10","slug":"professional-fertilizers","status":"publish","type":"product","link":"https:\/\/www.ferberpainting.com\/hu\/products\/professional-fertilizers\/","title":{"rendered":"Profi gyeptr\u00e1gya 25 kg"},"content":{"rendered":"<p><strong><img decoding=\"async\" style=\"margin-right: 12px;\" src=\"https:\/\/www.ferberpainting.com\/wp-content\/uploads\/2026\/02\/Check.svg\" alt=\"\" width=\"18\" height=\"15\" \/>Kiegyens\u00falyozott NPK 10-10-10 formula a teljes gyept\u00e1pl\u00e1l\u00e1shoz.<\/strong> A 10-10-10 NPK ar\u00e1ny\u00fa gyeptr\u00e1gy\u00e1nk t\u00f6k\u00e9letesen kiegyens\u00falyozott t\u00e1panyagot biztos\u00edt a f\u0171 eg\u00e9szs\u00e9ges n\u00f6veked\u00e9s\u00e9nek t\u00e1mogat\u00e1s\u00e1hoz. A nitrog\u00e9n, a foszfor \u00e9s a k\u00e1lium egyenl\u0151 ar\u00e1ny\u00e1val \u00e1tfog\u00f3 t\u00e1pl\u00e1l\u00e1st biztos\u00edt, amely er\u0151s\u00edti a gy\u00f6kereket, fokozza a levelek fejl\u0151d\u00e9s\u00e9t \u00e9s jav\u00edtja a gyep \u00e1ltal\u00e1nos ellen\u00e1ll\u00f3 k\u00e9pess\u00e9g\u00e9t.<\/p>\n<p><strong><img decoding=\"async\" style=\"margin-right: 12px;\" src=\"https:\/\/www.ferberpainting.com\/wp-content\/uploads\/2026\/02\/Check.svg\" alt=\"\" width=\"18\" height=\"15\" \/>A leghat\u00e9konyabb \u00e1ltal\u00e1nos c\u00e9l\u00fa gyeptr\u00e1gya a piacon.<\/strong> A k\u00f6vetkezetes \u00e9s l\u00e1that\u00f3 eredm\u00e9nyekre tervezett m\u0171tr\u00e1gya s\u0171r\u0171, z\u00f6ld \u00e9s er\u0151teljes gyepet eredm\u00e9nyez. A kiegyens\u00falyozott formula biztos\u00edtja, hogy a gyep az eg\u00e9sz szezonban megkapja a folyamatos n\u00f6veked\u00e9shez \u00e9s a hossz\u00fa t\u00e1v\u00fa eg\u00e9szs\u00e9ghez sz\u00fcks\u00e9ges \u00f6sszes alapvet\u0151 makrot\u00e1panyagot.<\/p>\n<p><strong><img decoding=\"async\" style=\"margin-right: 12px;\" src=\"https:\/\/www.ferberpainting.com\/wp-content\/uploads\/2026\/02\/Check.svg\" alt=\"\" width=\"18\" height=\"15\" \/>Verhetetlen \u00e1r.<\/strong> Professzion\u00e1lis min\u0151s\u00e9g\u0171 m\u0171tr\u00e1gy\u00e1t k\u00edn\u00e1lunk a legversenyk\u00e9pesebb \u00e1ron. A 25 kg-os zs\u00e1k kiv\u00e1l\u00f3 lefedetts\u00e9get \u00e9s \u00e9rt\u00e9ket biztos\u00edt, \u00edgy ide\u00e1lis mind a mag\u00e1nkertek, mind a nagyobb z\u00f6ldfel\u00fcletek sz\u00e1m\u00e1ra an\u00e9lk\u00fcl, hogy t\u00fall\u00e9pn\u00e9 a k\u00f6lts\u00e9gvet\u00e9s\u00e9t.<\/p>\n<p><strong><img decoding=\"async\" style=\"margin-right: 12px;\" src=\"https:\/\/www.ferberpainting.com\/wp-content\/uploads\/2026\/02\/Check.svg\" alt=\"\" width=\"18\" height=\"15\" \/>P\u00e9nzvisszafizet\u00e9si garancia a teljes bizalom\u00e9rt.<\/strong> Ki\u00e1llunk gyeptr\u00e1gy\u00e1ink teljes\u00edtm\u00e9nye m\u00f6g\u00f6tt. Ha nem teljesen el\u00e9gedett az eredm\u00e9nnyel, p\u00e9nzvisszafizet\u00e9si garanci\u00e1t v\u00e1llalunk. Egyszer\u0171en l\u00e9pjen kapcsolatba vel\u00fcnk, \u00e9s mi visszat\u00e9r\u00edtj\u00fck a v\u00e9tel\u00e1rat.<\/p>\n<p><strong><img decoding=\"async\" style=\"margin-right: 12px;\" src=\"https:\/\/www.ferberpainting.com\/wp-content\/uploads\/2026\/02\/Check.svg\" alt=\"\" width=\"18\" height=\"15\" \/>Gyors, 24 \u00f3r\u00e1s kisz\u00e1ll\u00edt\u00e1s a gyep\u00e1pol\u00e1s azonnali megkezd\u00e9s\u00e9hez.<\/strong> Mindig 24 \u00f3r\u00e1s kisz\u00e1ll\u00edt\u00e1st biztos\u00edtunk, \u00edgy \u00d6n k\u00e9sedelem n\u00e9lk\u00fcl elkezdheti gyep\u00e9nek \u00e1pol\u00e1s\u00e1t. A megb\u00edzhat\u00f3 sz\u00e1ll\u00edt\u00e1s seg\u00edt az optim\u00e1lis tr\u00e1gy\u00e1z\u00e1si id\u0151z\u00edt\u00e9s fenntart\u00e1s\u00e1ban.<\/p>\n<p><strong><img decoding=\"async\" style=\"margin-right: 12px;\" src=\"https:\/\/www.ferberpainting.com\/wp-content\/uploads\/2026\/02\/Check.svg\" alt=\"\" width=\"18\" height=\"15\" \/>25 kg-os professzion\u00e1lis m\u00e9ret a kiterjedt lefedetts\u00e9g \u00e9rdek\u00e9ben.<\/strong> A 25 kg-os zs\u00e1k k\u00f6zepes \u00e9s nagy gyepfel\u00fcletekre alkalmas, \u00e9s a kijuttatott mennyis\u00e9gt\u0151l f\u00fcgg\u0151en kiv\u00e1l\u00f3 fedetts\u00e9get biztos\u00edt. Kevesebb v\u00e1s\u00e1rl\u00e1ssal biztos\u00edtja az egyenletes etet\u00e9st sz\u00e9les ter\u00fcleteken.<\/p>\n<p><strong><img decoding=\"async\" style=\"margin-right: 12px;\" src=\"https:\/\/www.ferberpainting.com\/wp-content\/uploads\/2026\/02\/Check.svg\" alt=\"\" width=\"18\" height=\"15\" \/>El\u0151seg\u00edti az er\u0151s gy\u00f6k\u00e9rfejl\u0151d\u00e9st.<\/strong> A foszforkomponens (10%) t\u00e1mogatja a m\u00e9ly \u00e9s eg\u00e9szs\u00e9ges gy\u00f6k\u00e9rzetet, jav\u00edtja a t\u00e1panyagok felsz\u00edv\u00f3d\u00e1s\u00e1t \u00e9s fokozza a sz\u00e1razs\u00e1ggal szembeni ellen\u00e1ll\u00f3 k\u00e9pess\u00e9get.<\/p>\n<p><strong><img decoding=\"async\" style=\"margin-right: 12px;\" src=\"https:\/\/www.ferberpainting.com\/wp-content\/uploads\/2026\/02\/Check.svg\" alt=\"\" width=\"18\" height=\"15\" \/>\u00d6szt\u00f6nzi a buja z\u00f6ld n\u00f6veked\u00e9st.<\/strong> A nitrog\u00e9ntartalom (10%) serkenti a klorofilltermel\u00e9st \u00e9s a lev\u00e9ln\u00f6veked\u00e9st, ami \u00e9l\u00e9nk z\u00f6ld sz\u00ednt \u00e9s s\u0171r\u0171 gyepbor\u00edt\u00e1st eredm\u00e9nyez.<\/p>\n<p><strong><img decoding=\"async\" style=\"margin-right: 12px;\" src=\"https:\/\/www.ferberpainting.com\/wp-content\/uploads\/2026\/02\/Check.svg\" alt=\"\" width=\"18\" height=\"15\" \/>Jav\u00edtja a stresszel \u00e9s a betegs\u00e9gekkel szembeni ellen\u00e1ll\u00f3 k\u00e9pess\u00e9get.<\/strong> A k\u00e1liumtartalom (10%) er\u0151s\u00edti a sejtek szerkezet\u00e9t \u00e9s n\u00f6veli a gyep ellen\u00e1ll\u00f3 k\u00e9pess\u00e9g\u00e9t a meleggel, hideggel, a gyalogosforgalommal \u00e9s a gyakori gyepbetegs\u00e9gekkel szemben.<\/p>\n<p><strong><img decoding=\"async\" style=\"margin-right: 12px;\" src=\"https:\/\/www.ferberpainting.com\/wp-content\/uploads\/2026\/02\/Check.svg\" alt=\"\" width=\"18\" height=\"15\" \/>Minden gyept\u00edpushoz alkalmas.<\/strong> Ez a kiegyens\u00falyozott NPK-m\u0171tr\u00e1gya a legt\u00f6bb f\u0171fajt\u00e1n haszn\u00e1lhat\u00f3, bele\u00e9rtve a d\u00edszp\u00e1zsitot, a j\u00e1tsz\u00f3tereket \u00e9s az \u00e1ltal\u00e1nos c\u00e9l\u00fa gyepet.<\/p>\n<h2><strong>Utas\u00edt\u00e1sok<\/strong><\/h2>\n<ul>\n<li>A gyepet a kijuttat\u00e1s el\u0151tt 1-2 nappal ny\u00edrja le, hogy a m\u0171tr\u00e1gya jobban \u00e9rintkezzen a talajjal \u00e9s egyenletesen eloszoljon.<\/li>\n<li>Sz\u00f3r\u00f3d\u00e1s el\u0151tt t\u00e1vol\u00edtsa el a f\u0171nyesed\u00e9ket, leveleket \u00e9s t\u00f6rmel\u00e9ket a fel\u00fcletr\u0151l.<\/li>\n<li>A m\u0171tr\u00e1gy\u00e1t akt\u00edv n\u00f6veked\u00e9si id\u0151szakban, jellemz\u0151en tavasszal \u00e9s kora \u0151sszel kell kijuttatni, amikor a f\u0171 hat\u00e9konyan tudja felvenni a t\u00e1panyagokat.<\/li>\n<li>Aj\u00e1nlott adagol\u00e1s: rutinszer\u0171 karbantart\u00f3 etet\u00e9shez n\u00e9gyzetm\u00e9terenk\u00e9nt k\u00f6r\u00fclbel\u00fcl 30-40 grammot kell kijuttatni. Er\u0151sebb regener\u00e1l\u00f3d\u00e1st ig\u00e9nyl\u0151 gyepek eset\u00e9ben ak\u00e1r 50 gramm\/n\u00e9gyzetm\u00e9ter is haszn\u00e1lhat\u00f3.<\/li>\n<li>Egy 25 kg-os zs\u00e1k kb:\n<ul>\n<li>830 m\u00b2, 30 g\/m\u00b2.<\/li>\n<li>625 m\u00b2, 40 g\/m\u00b2.<\/li>\n<li>500 m\u00b2, 50 g\/m\u00b2.<\/li>\n<\/ul>\n<\/li>\n<li>Haszn\u00e1ljon sz\u00f3r\u00f3keretet a nagy ter\u00fcletekre t\u00f6rt\u00e9n\u0151 egyenletes kijuttat\u00e1shoz. Kisebb gyepfel\u00fcleteken k\u00e9zzel, keszty\u0171ben, egyenletes fedetts\u00e9get biztos\u00edtva oszlassuk el.<\/li>\n<li>A m\u0171tr\u00e1gy\u00e1t egyenletesen, k\u00e9t, egym\u00e1sra mer\u0151leges menetben juttassa ki, hogy elker\u00fclje az egyenetlen t\u00e1pl\u00e1l\u00e1st vagy a cs\u00edkoz\u00f3d\u00e1st.<\/li>\n<li>A t\u00e1panyagok elfoly\u00e1s\u00e1nak megel\u0151z\u00e9se \u00e9rdek\u00e9ben ker\u00fclje a kijuttat\u00e1st nagyon meleg id\u0151ben vagy heves es\u0151z\u00e9sek el\u0151tt.<\/li>\n<li>A kijuttat\u00e1s ut\u00e1n alaposan \u00f6nt\u00f6zze meg a gyepet, hogy aktiv\u00e1lja a t\u00e1panyagok felszabadul\u00e1s\u00e1t \u00e9s seg\u00edtse a granul\u00e1tumok felold\u00f3d\u00e1s\u00e1t a talajban.<\/li>\n<li>Ne engedjen h\u00e1zi\u00e1llatokat vagy gyermekeket a kezelt ter\u00fcletre, am\u00edg a m\u0171tr\u00e1gya be nem \u00f6nt\u00f6z\u0151dik \u00e9s a gyep meg nem sz\u00e1rad.<\/li>\n<li>A legjobb eredm\u00e9ny el\u00e9r\u00e9se \u00e9rdek\u00e9ben a gyep \u00e1llapot\u00e1t\u00f3l \u00e9s a talaj term\u00e9kenys\u00e9g\u00e9t\u0151l f\u00fcgg\u0151en a veget\u00e1ci\u00f3s id\u0151szakban 8-10 hetente ism\u00e9telje meg a kijuttat\u00e1st.<\/li>\n<li>Ker\u00fclje a t\u00falzott kijuttat\u00e1st, mivel a t\u00falzott m\u0171tr\u00e1gy\u00e1z\u00e1s gyep\u00e9g\u00e9st vagy t\u00falzott n\u00f6veked\u00e9st okozhat, ami gyakoribb ny\u00edr\u00e1st ig\u00e9nyel.<\/li>\n<li>T\u00e1rolja a zs\u00e1kot h\u0171v\u00f6s, sz\u00e1raz, nedvess\u00e9gt\u0151l v\u00e9dett helyen. A term\u00e9k min\u0151s\u00e9g\u00e9nek meg\u0151rz\u00e9se \u00e9rdek\u00e9ben tartsa szorosan z\u00e1rva a csomagol\u00e1st.<\/li>\n<li>Kezel\u00e9s ut\u00e1n mosson kezet, \u00e9s haszn\u00e1lat ut\u00e1n alaposan tiszt\u00edtsa meg a sz\u00f3r\u00f3eszk\u00f6z\u00f6ket.<\/li>\n<\/ul>\n<p>Az aj\u00e1nlott kijuttat\u00e1si mennyis\u00e9g \u00e9s az \u00e9vszaknak megfelel\u0151 id\u0151z\u00edt\u00e9s betart\u00e1s\u00e1val a 25 kg-os NPK 10-10-10 gyeptr\u00e1gy\u00e1nk seg\u00edt \u00d6nnek s\u0171r\u0171, z\u00f6ld \u00e9s rugalmas gyepet l\u00e9trehozni, kiegyens\u00falyozott t\u00e1panyagell\u00e1t\u00e1ssal \u00e9s tart\u00f3s vitalit\u00e1ssal.<\/p>","protected":false},"excerpt":{"rendered":"<p>Balanced NPK 10-10-10 formula for complete lawn nutrition. Our lawn fertilizer with an NPK ratio of 10-10-10 provides perfectly balanced nutrition to support healthy grass growth. With equal proportions of nitrogen, phosphorus, and potassium, it delivers comprehensive feeding that strengthens roots, enhances leaf development, and improves overall lawn resilience. The most effective all-purpose lawn fertilizer [&hellip;]<\/p>\n","protected":false},"featured_media":26655,"comment_status":"open","ping_status":"closed","template":"","meta":{"_uag_custom_page_level_css":"","site-sidebar-layout":"default","site-content-layout":"","ast-site-content-layout":"default","site-content-style":"default","site-sidebar-style":"default","ast-global-header-display":"","ast-banner-title-visibility":"","ast-main-header-display":"","ast-hfb-above-header-display":"","ast-hfb-below-header-display":"","ast-hfb-mobile-header-display":"","site-post-title":"","ast-breadcrumbs-content":"","ast-featured-img":"","footer-sml-layout":"","ast-disable-related-posts":"","theme-transparent-header-meta":"default","adv-header-id-meta":"","stick-header-meta":"","header-above-stick-meta":"","header-main-stick-meta":"","header-below-stick-meta":"","astra-migrate-meta-layouts":"set","ast-page-background-enabled":"default","ast-page-background-meta":{"desktop":{"background-color":"var(--ast-global-color-4)","background-image":"","background-repeat":"repeat","background-position":"center center","background-size":"auto","background-attachment":"scroll","background-type":"","background-media":"","overlay-type":"","overlay-color":"","overlay-opacity":"","overlay-gradient":""},"tablet":{"background-color":"","background-image":"","background-repeat":"repeat","background-position":"center center","background-size":"auto","background-attachment":"scroll","background-type":"","background-media":"","overlay-type":"","overlay-color":"","overlay-opacity":"","overlay-gradient":""},"mobile":{"background-color":"","background-image":"","background-repeat":"repeat","background-position":"center center","background-size":"auto","background-attachment":"scroll","background-type":"","background-media":"","overlay-type":"","overlay-color":"","overlay-opacity":"","overlay-gradient":""}},"ast-content-background-meta":{"desktop":{"background-color":"var(--ast-global-color-5)","background-image":"","background-repeat":"repeat","background-position":"center center","background-size":"auto","background-attachment":"scroll","background-type":"","background-media":"","overlay-type":"","overlay-color":"","overlay-opacity":"","overlay-gradient":""},"tablet":{"background-color":"var(--ast-global-color-5)","background-image":"","background-repeat":"repeat","background-position":"center center","background-size":"auto","background-attachment":"scroll","background-type":"","background-media":"","overlay-type":"","overlay-color":"","overlay-opacity":"","overlay-gradient":""},"mobile":{"background-color":"var(--ast-global-color-5)","background-image":"","background-repeat":"repeat","background-position":"center center","background-size":"auto","background-attachment":"scroll","background-type":"","background-media":"","overlay-type":"","overlay-color":"","overlay-opacity":"","overlay-gradient":""}}},"product_brand":[],"product_cat":[178],"product_tag":[],"class_list":{"0":"post-24808","1":"product","2":"type-product","3":"status-publish","4":"has-post-thumbnail","6":"product_cat-fertilizers","7":"desktop-align-left","8":"tablet-align-left","9":"mobile-align-left","11":"first","12":"instock","13":"shipping-taxable","14":"purchasable","15":"product-type-simple"},"spectra_custom_meta":{"_visibility":["visible"],"_shopify_product_id":["7972828086517"],"_s2w_shopify_domain":["ferberpainting.myshopify.com"],"_shopify_variant_id":["43552314360053"],"_sku":["FPPROFESSIONALLAWNFERTILIZER"],"_regular_price":["39.90"],"_price":["39.90"],"_sale_price":[""],"_weight":["18.5"],"_thumbnail_id":["26655"],"_global_unique_id":["5056773807334"],"total_sales":["66"],"_tax_status":["taxable"],"_tax_class":[""],"_manage_stock":["no"],"_backorders":["no"],"_sold_individually":["no"],"_virtual":["no"],"_downloadable":["no"],"_download_limit":["-1"],"_download_expiry":["-1"],"_stock":[null],"_stock_status":["instock"],"_wc_average_rating":["4.92"],"_wc_review_count":["64"],"_product_version":["10.5.1"],"merchant-center-availability":["yes"],"merchant-center-category":["113"],"merchant-center-id":["PLF"],"wpse_downloadable_file_names":[""],"wpse_downloadable_file_urls":[""],"_edit_last":["1"],"_wc_rating_count":["a:3:{i:3;i:1;i:4;i:3;i:5;i:60;}"],"_edit_lock":["1771224212:1"],"_wp_page_template":["default"],"site-sidebar-layout":["default"],"ast-site-content-layout":["default"],"site-content-style":["default"],"site-sidebar-style":["default"],"theme-transparent-header-meta":["default"],"astra-migrate-meta-layouts":["set"],"_uag_css_file_name":["uag-css-24808.css"],"_elementor_page_assets":["a:0:{}"],"_uag_page_assets":["a:9:{s:3:\"css\";s:7133:\".uag-blocks-common-selector{z-index:var(--z-index-desktop) !important}@media(max-width: 976px){.uag-blocks-common-selector{z-index:var(--z-index-tablet) !important}}@media(max-width: 767px){.uag-blocks-common-selector{z-index:var(--z-index-mobile) !important}}.wp-block-uagb-image{display:flex}.wp-block-uagb-image__figure{position:relative;display:flex;flex-direction:column;max-width:100%;height:auto;margin:0}.wp-block-uagb-image__figure img{height:auto;display:flex;max-width:100%;transition:box-shadow .2s ease}.wp-block-uagb-image__figure>a{display:inline-block}.wp-block-uagb-image__figure figcaption{text-align:center;margin-top:.5em;margin-bottom:1em}.wp-block-uagb-image .components-placeholder.block-editor-media-placeholder .components-placeholder__instructions{align-self:center}.wp-block-uagb-image--align-left{text-align:left}.wp-block-uagb-image--align-right{text-align:right}.wp-block-uagb-image--align-center{text-align:center}.wp-block-uagb-image--align-full .wp-block-uagb-image__figure{margin-left:calc(50% - 50vw);margin-right:calc(50% - 50vw);max-width:100vw;width:100vw;height:auto}.wp-block-uagb-image--align-full .wp-block-uagb-image__figure img{height:auto;width:100% !important}.wp-block-uagb-image--align-wide .wp-block-uagb-image__figure img{height:auto;width:100%}.wp-block-uagb-image--layout-overlay__color-wrapper{position:absolute;left:0;top:0;right:0;bottom:0;opacity:.2;background:rgba(0,0,0,.5);transition:opacity .35s ease-in-out}.wp-block-uagb-image--layout-overlay-link{position:absolute;left:0;right:0;bottom:0;top:0}.wp-block-uagb-image--layout-overlay .wp-block-uagb-image__figure:hover .wp-block-uagb-image--layout-overlay__color-wrapper{opacity:1}.wp-block-uagb-image--layout-overlay__inner{position:absolute;left:15px;right:15px;bottom:15px;top:15px;display:flex;align-items:center;justify-content:center;flex-direction:column;border-color:#fff;transition:.35s ease-in-out}.wp-block-uagb-image--layout-overlay__inner.top-left,.wp-block-uagb-image--layout-overlay__inner.top-center,.wp-block-uagb-image--layout-overlay__inner.top-right{justify-content:flex-start}.wp-block-uagb-image--layout-overlay__inner.bottom-left,.wp-block-uagb-image--layout-overlay__inner.bottom-center,.wp-block-uagb-image--layout-overlay__inner.bottom-right{justify-content:flex-end}.wp-block-uagb-image--layout-overlay__inner.top-left,.wp-block-uagb-image--layout-overlay__inner.center-left,.wp-block-uagb-image--layout-overlay__inner.bottom-left{align-items:flex-start}.wp-block-uagb-image--layout-overlay__inner.top-right,.wp-block-uagb-image--layout-overlay__inner.center-right,.wp-block-uagb-image--layout-overlay__inner.bottom-right{align-items:flex-end}.wp-block-uagb-image--layout-overlay__inner .uagb-image-heading{color:#fff;transition:transform .35s,opacity .35s ease-in-out;transform:translate3d(0, 24px, 0);margin:0;line-height:1em}.wp-block-uagb-image--layout-overlay__inner .uagb-image-separator{width:30%;border-top-width:2px;border-top-color:#fff;border-top-style:solid;margin-bottom:10px;opacity:0;transition:transform .4s,opacity .4s ease-in-out;transform:translate3d(0, 30px, 0)}.wp-block-uagb-image--layout-overlay__inner .uagb-image-caption{opacity:0;overflow:visible;color:#fff;transition:transform .45s,opacity .45s ease-in-out;transform:translate3d(0, 35px, 0)}.wp-block-uagb-image--layout-overlay__inner:hover .uagb-image-heading,.wp-block-uagb-image--layout-overlay__inner:hover .uagb-image-separator,.wp-block-uagb-image--layout-overlay__inner:hover .uagb-image-caption{opacity:1;transform:translate3d(0, 0, 0)}.wp-block-uagb-image--effect-zoomin .wp-block-uagb-image__figure img,.wp-block-uagb-image--effect-zoomin .wp-block-uagb-image__figure .wp-block-uagb-image--layout-overlay__color-wrapper{transform:scale(1);transition:transform .35s ease-in-out}.wp-block-uagb-image--effect-zoomin .wp-block-uagb-image__figure:hover img,.wp-block-uagb-image--effect-zoomin .wp-block-uagb-image__figure:hover .wp-block-uagb-image--layout-overlay__color-wrapper{transform:scale(1.05)}.wp-block-uagb-image--effect-slide .wp-block-uagb-image__figure img,.wp-block-uagb-image--effect-slide .wp-block-uagb-image__figure .wp-block-uagb-image--layout-overlay__color-wrapper{width:calc(100% + 40px) !important;max-width:none !important;transform:translate3d(-40px, 0, 0);transition:transform .35s ease-in-out}.wp-block-uagb-image--effect-slide .wp-block-uagb-image__figure:hover img,.wp-block-uagb-image--effect-slide .wp-block-uagb-image__figure:hover .wp-block-uagb-image--layout-overlay__color-wrapper{transform:translate3d(0, 0, 0)}.wp-block-uagb-image--effect-grayscale img{filter:grayscale(0%);transition:.35s ease-in-out}.wp-block-uagb-image--effect-grayscale:hover img{filter:grayscale(100%)}.wp-block-uagb-image--effect-blur img{filter:blur(0);transition:.35s ease-in-out}.wp-block-uagb-image--effect-blur:hover img{filter:blur(3px)}.uagb-block-e6f939b3.wp-block-uagb-image--layout-default figure img{box-shadow: 0px 0px 0 #00000070;}.uagb-block-e6f939b3.wp-block-uagb-image .wp-block-uagb-image__figure figcaption{font-style: normal;align-self: center;}.uagb-block-e6f939b3.wp-block-uagb-image--layout-overlay figure img{box-shadow: 0px 0px 0 #00000070;}.uagb-block-e6f939b3.wp-block-uagb-image--layout-overlay .wp-block-uagb-image--layout-overlay__color-wrapper{opacity: 0.2;}.uagb-block-e6f939b3.wp-block-uagb-image--layout-overlay .wp-block-uagb-image--layout-overlay__inner{left: 15px;right: 15px;top: 15px;bottom: 15px;}.uagb-block-e6f939b3.wp-block-uagb-image--layout-overlay .wp-block-uagb-image--layout-overlay__inner .uagb-image-heading{font-style: normal;color: #fff;opacity: 1;}.uagb-block-e6f939b3.wp-block-uagb-image--layout-overlay .wp-block-uagb-image--layout-overlay__inner .uagb-image-heading a{color: #fff;}.uagb-block-e6f939b3.wp-block-uagb-image--layout-overlay .wp-block-uagb-image--layout-overlay__inner .uagb-image-caption{opacity: 0;}.uagb-block-e6f939b3.wp-block-uagb-image--layout-overlay .wp-block-uagb-image__figure:hover .wp-block-uagb-image--layout-overlay__color-wrapper{opacity: 1;}.uagb-block-e6f939b3.wp-block-uagb-image .wp-block-uagb-image--layout-overlay__inner .uagb-image-separator{width: 30%;border-top-width: 2px;border-top-color: #fff;opacity: 0;}.uagb-block-e6f939b3.wp-block-uagb-image .wp-block-uagb-image__figure img{width: px;height: auto;}.uagb-block-e6f939b3.wp-block-uagb-image .wp-block-uagb-image__figure:hover .wp-block-uagb-image--layout-overlay__inner .uagb-image-caption{opacity: 1;}.uagb-block-e6f939b3.wp-block-uagb-image .wp-block-uagb-image__figure:hover .wp-block-uagb-image--layout-overlay__inner .uagb-image-separator{opacity: 1;}.uagb-block-e6f939b3.wp-block-uagb-image--layout-default figure:hover img{box-shadow: 0px 0px 0 #00000070;}.uagb-block-e6f939b3.wp-block-uagb-image--layout-overlay figure:hover img{box-shadow: 0px 0px 0 #00000070;}@media only screen and (max-width: 976px) {.uagb-block-e6f939b3.wp-block-uagb-image .wp-block-uagb-image__figure img{width: px;height: auto;}}@media only screen and (max-width: 767px) {.uagb-block-e6f939b3.wp-block-uagb-image .wp-block-uagb-image__figure img{width: px;height: auto;}}\";s:2:\"js\";s:0:\"\";s:18:\"current_block_list\";a:13:{i:0;s:11:\"core\/search\";i:1;s:10:\"core\/group\";i:2;s:12:\"core\/heading\";i:3;s:17:\"core\/latest-posts\";i:4;s:20:\"core\/latest-comments\";i:5;s:13:\"core\/archives\";i:6;s:15:\"core\/categories\";i:7;s:14:\"core\/paragraph\";i:8;s:10:\"uagb\/image\";i:9;s:11:\"core\/spacer\";i:10;s:30:\"woocommerce\/product-categories\";i:11;s:10:\"core\/image\";i:12;s:14:\"core\/shortcode\";}s:8:\"uag_flag\";b:1;s:11:\"uag_version\";s:10:\"1777074378\";s:6:\"gfonts\";a:0:{}s:10:\"gfonts_url\";s:0:\"\";s:12:\"gfonts_files\";a:0:{}s:14:\"uag_faq_layout\";b:0;}"]},"uagb_featured_image_src":{"full":["https:\/\/www.ferberpainting.com\/wp-content\/uploads\/2025\/05\/Mockup_Gazon_25Kg_from_51912-tif_COMPRESS.png",2000,2000,false],"thumbnail":["https:\/\/www.ferberpainting.com\/wp-content\/uploads\/2025\/05\/Mockup_Gazon_25Kg_from_51912-tif_COMPRESS-150x150.png",150,150,true],"medium":["https:\/\/www.ferberpainting.com\/wp-content\/uploads\/2025\/05\/Mockup_Gazon_25Kg_from_51912-tif_COMPRESS-300x300.png",300,300,true],"medium_large":["https:\/\/www.ferberpainting.com\/wp-content\/uploads\/2025\/05\/Mockup_Gazon_25Kg_from_51912-tif_COMPRESS-768x768.png",768,768,true],"large":["https:\/\/www.ferberpainting.com\/wp-content\/uploads\/2025\/05\/Mockup_Gazon_25Kg_from_51912-tif_COMPRESS-1024x1024.png",1024,1024,true],"1536x1536":["https:\/\/www.ferberpainting.com\/wp-content\/uploads\/2025\/05\/Mockup_Gazon_25Kg_from_51912-tif_COMPRESS-1536x1536.png",1536,1536,true],"2048x2048":["https:\/\/www.ferberpainting.com\/wp-content\/uploads\/2025\/05\/Mockup_Gazon_25Kg_from_51912-tif_COMPRESS.png",2000,2000,false],"trp-custom-language-flag":["https:\/\/www.ferberpainting.com\/wp-content\/uploads\/2025\/05\/Mockup_Gazon_25Kg_from_51912-tif_COMPRESS-12x12.png",12,12,true],"woocommerce_thumbnail":["https:\/\/www.ferberpainting.com\/wp-content\/uploads\/2025\/05\/Mockup_Gazon_25Kg_from_51912-tif_COMPRESS-300x300.png",300,300,true],"woocommerce_single":["https:\/\/www.ferberpainting.com\/wp-content\/uploads\/2025\/05\/Mockup_Gazon_25Kg_from_51912-tif_COMPRESS-600x600.png",600,600,true],"woocommerce_gallery_thumbnail":["https:\/\/www.ferberpainting.com\/wp-content\/uploads\/2025\/05\/Mockup_Gazon_25Kg_from_51912-tif_COMPRESS-100x100.png",100,100,true]},"uagb_author_info":{"display_name":"admin","author_link":"https:\/\/www.ferberpainting.com\/hu\/author\/"},"uagb_comment_info":64,"uagb_excerpt":"Balanced NPK 10-10-10 formula for complete lawn nutrition. Our lawn fertilizer with an NPK ratio of 10-10-10 provides perfectly balanced nutrition to support healthy grass growth. With equal proportions of nitrogen, phosphorus, and potassium, it delivers comprehensive feeding that strengthens roots, enhances leaf development, and improves overall lawn resilience. The most effective all-purpose lawn fertilizer&hellip;","_links":{"self":[{"href":"https:\/\/www.ferberpainting.com\/hu\/wp-json\/wp\/v2\/product\/24808","targetHints":{"allow":["GET"]}}],"collection":[{"href":"https:\/\/www.ferberpainting.com\/hu\/wp-json\/wp\/v2\/product"}],"about":[{"href":"https:\/\/www.ferberpainting.com\/hu\/wp-json\/wp\/v2\/types\/product"}],"replies":[{"embeddable":true,"href":"https:\/\/www.ferberpainting.com\/hu\/wp-json\/wp\/v2\/comments?post=24808"}],"version-history":[{"count":2,"href":"https:\/\/www.ferberpainting.com\/hu\/wp-json\/wp\/v2\/product\/24808\/revisions"}],"predecessor-version":[{"id":167008,"href":"https:\/\/www.ferberpainting.com\/hu\/wp-json\/wp\/v2\/product\/24808\/revisions\/167008"}],"wp:featuredmedia":[{"embeddable":true,"href":"https:\/\/www.ferberpainting.com\/hu\/wp-json\/wp\/v2\/media\/26655"}],"wp:attachment":[{"href":"https:\/\/www.ferberpainting.com\/hu\/wp-json\/wp\/v2\/media?parent=24808"}],"wp:term":[{"taxonomy":"product_brand","embeddable":true,"href":"https:\/\/www.ferberpainting.com\/hu\/wp-json\/wp\/v2\/product_brand?post=24808"},{"taxonomy":"product_cat","embeddable":true,"href":"https:\/\/www.ferberpainting.com\/hu\/wp-json\/wp\/v2\/product_cat?post=24808"},{"taxonomy":"product_tag","embeddable":true,"href":"https:\/\/www.ferberpainting.com\/hu\/wp-json\/wp\/v2\/product_tag?post=24808"}],"curies":[{"name":"wp","href":"https:\/\/api.w.org\/{rel}","templated":true}]}}