{"id":24800,"date":"2025-06-30T22:20:14","date_gmt":"2025-06-30T20:20:14","guid":{"rendered":"https:\/\/www.ferberpainting.com\/?post_type=product&#038;p=24800"},"modified":"2026-02-16T07:37:04","modified_gmt":"2026-02-16T06:37:04","slug":"printhead-cleaner","status":"publish","type":"product","link":"https:\/\/www.ferberpainting.com\/hu\/products\/printhead-cleaner\/","title":{"rendered":"Nyomtat\u00f3fej tiszt\u00edt\u00f3"},"content":{"rendered":"<p><strong><img decoding=\"async\" style=\"margin-right: 12px;\" src=\"https:\/\/www.ferberpainting.com\/wp-content\/uploads\/2026\/02\/Check.svg\" alt=\"\" width=\"18\" height=\"15\" \/>Optim\u00e1lis hat\u00e9konys\u00e1g.<\/strong>\u00a0Ezt a nyomtat\u00f3fej-tiszt\u00edt\u00f3t kifejezetten arra tervezt\u00e9k, hogy hat\u00e9konyan elt\u00e1vol\u00edtsa a besz\u00e1radt tintamaradv\u00e1nyokat, pigmentlerak\u00f3d\u00e1sokat \u00e9s szennyez\u0151d\u00e9seket, amelyek elt\u00f6m\u00edtik a nyomtat\u00f3f\u00fav\u00f3k\u00e1kat. M\u00e9lyen lefel\u00e9 hatolva helyre\u00e1ll\u00edtja a tinta\u00e1raml\u00e1st \u00e9s jav\u00edtja a nyomtat\u00e1s min\u0151s\u00e9g\u00e9t, megel\u0151zve a cs\u00edkokat, a tompa sz\u00edneket \u00e9s az elt\u00f6m\u0151d\u00e9seket. Er\u0151teljes formul\u00e1j\u00e1nak k\u00f6sz\u00f6nhet\u0151en seg\u00edt meghosszabb\u00edtani a nyomtat\u00f3fejek \u00e9lettartam\u00e1t, \u00e9s biztos\u00edtja az \u00e9les, pontos nyomatokat, an\u00e9lk\u00fcl, hogy id\u0151 el\u0151tti cser\u00e9re lenne sz\u00fcks\u00e9g.<\/p>\n<p><strong><img decoding=\"async\" style=\"margin-right: 12px;\" src=\"https:\/\/www.ferberpainting.com\/wp-content\/uploads\/2026\/02\/Check.svg\" alt=\"\" width=\"18\" height=\"15\" \/>P\u00e9nzvisszafizet\u00e9si garancia.<\/strong>\u00a0Teljes m\u00e9rt\u00e9kben b\u00edzunk tiszt\u00edt\u00f3szer\u00fcnk hat\u00e9konys\u00e1g\u00e1ban. Ha a haszn\u00e1lat ut\u00e1n nem teljesen el\u00e9gedett az eredm\u00e9nnyel, teljes visszat\u00e9r\u00edt\u00e9sre jogosult. Pr\u00f3b\u00e1lja ki term\u00e9k\u00fcnket teljes lelki nyugalommal, \u00e9s tartsa nyomtat\u00f3it optim\u00e1lisan, kock\u00e1zat n\u00e9lk\u00fcl.<\/p>\n<p><strong><img decoding=\"async\" style=\"margin-right: 12px;\" src=\"https:\/\/www.ferberpainting.com\/wp-content\/uploads\/2026\/02\/Check.svg\" alt=\"\" width=\"18\" height=\"15\" \/>Kiv\u00e9teles sokoldal\u00fas\u00e1g.<\/strong>\u00a0Ez a tiszt\u00edt\u00f3szer nem korl\u00e1toz\u00f3dik a klasszikus tintasugaras nyomtat\u00f3kra! H\u0151szublim\u00e1ci\u00f3s nyomtat\u00f3kon, nagy form\u00e1tum\u00fa plottereken, textilnyomtat\u00f3kon, UV-nyomtat\u00f3kon \u00e9s old\u00f3szeres, pigment- vagy v\u00edzalap\u00fa tint\u00e1kat haszn\u00e1l\u00f3 ipari g\u00e9peken is hat\u00e9kony. Egyform\u00e1n j\u00f3l m\u0171k\u00f6dik az integr\u00e1lt nyomtat\u00f3fejeken \u00e9s a k\u00fcl\u00f6n\u00e1ll\u00f3 fejjel rendelkez\u0151 patronos rendszereken. Sokoldal\u00fas\u00e1g\u00e1nak k\u00f6sz\u00f6nhet\u0151en ide\u00e1lis otthoni, \u00fczleti vagy ipari felhaszn\u00e1l\u00e1sra.<\/p>\n<p><strong><img decoding=\"async\" style=\"margin-right: 12px;\" src=\"https:\/\/www.ferberpainting.com\/wp-content\/uploads\/2026\/02\/Check.svg\" alt=\"\" width=\"18\" height=\"15\" \/>K\u00f6lts\u00e9ghat\u00e9kony teljes\u00edtm\u00e9ny.<\/strong>\u00a0Az 5 literes tart\u00e1ly\u00e1nak \u00e9s a magas koncentr\u00e1ci\u00f3nak k\u00f6sz\u00f6nhet\u0151en ez a tiszt\u00edt\u00f3szer kiv\u00e1l\u00f3 \u00e9rt\u00e9ket k\u00edn\u00e1l. Egy kis mennyis\u00e9g elegend\u0151 t\u00f6bb nyomtat\u00f3fej sikeres dugul\u00e1selh\u00e1r\u00edt\u00e1s\u00e1hoz. \u00c1tlagosan egy liter term\u00e9k ak\u00e1r 50 nyomtat\u00f3fej-tiszt\u00edt\u00e1si ciklusra is elegend\u0151, cs\u00f6kkentve a tintapazarl\u00e1st \u00e9s meghosszabb\u00edtva a patronok \u00e9s nyomtat\u00f3k \u00e9lettartam\u00e1t.<\/p>\n<p><strong><img decoding=\"async\" style=\"margin-right: 12px;\" src=\"https:\/\/www.ferberpainting.com\/wp-content\/uploads\/2026\/02\/Check.svg\" alt=\"\" width=\"18\" height=\"15\" \/>Biztons\u00e1gosan haszn\u00e1lhat\u00f3.<\/strong>\u00a0Az agressz\u00edv old\u00f3szereket tartalmaz\u00f3 tiszt\u00edt\u00f3szerekkel ellent\u00e9tben, amelyek k\u00e1ros\u00edthatj\u00e1k a nyomtat\u00f3fejet vagy id\u0151 el\u0151tt kisz\u00e1radhat a tinta, ez a tiszt\u00edt\u00f3szer mar\u00f3 vagy m\u00e9rgez\u0151 anyagok n\u00e9lk\u00fcl k\u00e9sz\u00fclt. Tiszteletben tartja a nyomtat\u00f3 \u00e9rz\u00e9keny alkatr\u00e9szeit, nem k\u00e1ros\u00edtja a m\u0171anyagokat vagy az \u00e1ramk\u00f6r\u00f6ket, \u00e9s k\u00edm\u00e9letes tiszt\u00edt\u00e1st biztos\u00edt. Nem bocs\u00e1t ki k\u00e1ros g\u0151z\u00f6ket, \u00e9s z\u00e1rt k\u00f6rnyezetben is biztons\u00e1gosan haszn\u00e1lhat\u00f3.<\/p>\n<p><strong><img decoding=\"async\" style=\"margin-right: 12px;\" src=\"https:\/\/www.ferberpainting.com\/wp-content\/uploads\/2026\/02\/Check.svg\" alt=\"\" width=\"18\" height=\"15\" \/>K\u00f6nny\u0171 haszn\u00e1lat.<\/strong>\u00a0Ez a term\u00e9k azonnal felhaszn\u00e1lhat\u00f3, nem ig\u00e9nyel h\u00edg\u00edt\u00e1st vagy bonyolult kezel\u00e9st. A nyomtat\u00f3 t\u00edpus\u00e1t\u00f3l f\u00fcgg\u0151en t\u00f6bbf\u00e9lek\u00e9ppen alkalmazhat\u00f3: a nyomtat\u00f3fejek \u00e1ztat\u00e1s\u00e1val, fecskend\u0151vel t\u00f6rt\u00e9n\u0151 k\u00f6zvetlen befecskendez\u00e9ssel vagy m\u00e9lytiszt\u00edt\u00e1shoz patronokba t\u00f6ltve. Gyors hat\u00e1sa percek alatt helyre\u00e1ll\u00edtja a nyomtat\u00f3fej m\u0171k\u00f6d\u00e9s\u00e9t, m\u0171szaki beavatkoz\u00e1s n\u00e9lk\u00fcl.<\/p>\n<p><strong><img decoding=\"async\" style=\"margin-right: 12px;\" src=\"https:\/\/www.ferberpainting.com\/wp-content\/uploads\/2026\/02\/Check.svg\" alt=\"\" width=\"18\" height=\"15\" \/>Kiterjesztett tart\u00f3ss\u00e1g.<\/strong>\u00a0Az elt\u00f6m\u0151d\u00e9sek hat\u00e9kony elt\u00e1vol\u00edt\u00e1s\u00e1val \u00e9s a tinta\u00e1raml\u00e1s helyre\u00e1ll\u00edt\u00e1s\u00e1val ez a tiszt\u00edt\u00f3szer seg\u00edt meghosszabb\u00edtani a nyomtat\u00f3fej \u00e9lettartam\u00e1t \u00e9s elker\u00fclni a k\u00f6lts\u00e9ges cser\u00e9ket. Megakad\u00e1lyozza a lerak\u00f3d\u00e1sokat, amelyek befoly\u00e1solhatj\u00e1k a nyomtat\u00e1s min\u0151s\u00e9g\u00e9t, \u00e9s hossz\u00fa t\u00e1von optimaliz\u00e1lja a nyomtat\u00f3 teljes\u00edtm\u00e9ny\u00e9t. A term\u00e9k rendszeres karbantart\u00e1sa biztos\u00edtja az optim\u00e1lis m\u0171k\u00f6d\u00e9st, \u00e9s seg\u00edt elker\u00fclni a t\u00falzott elt\u00f6m\u0151d\u00e9s miatti meghib\u00e1sod\u00e1sokat.<\/p>\n<p><strong><img decoding=\"async\" style=\"margin-right: 12px;\" src=\"https:\/\/www.ferberpainting.com\/wp-content\/uploads\/2026\/02\/Check.svg\" alt=\"\" width=\"18\" height=\"15\" \/>Gyors akci\u00f3.<\/strong>\u00a0A rendk\u00edv\u00fcl akt\u00edv formul\u00e1nak k\u00f6sz\u00f6nhet\u0151en ez a tiszt\u00edt\u00f3szer azonnal hat a besz\u00e1radt tint\u00e1ra \u00e9s a be\u00e1gyaz\u00f3dott szennyez\u0151d\u00e9sekre. N\u00e9h\u00e1ny perc alatt feloldja a f\u00fav\u00f3k\u00e1kat elt\u00f6m\u00edt\u0151 r\u00e9szecsk\u00e9ket, \u00e9s helyre\u00e1ll\u00edtja a sima, egyenletes nyomtat\u00e1st. A gyors \u00e9s hat\u00e9kony karbantart\u00e1s r\u00e9v\u00e9n jelent\u0151sen cs\u00f6kkenti a nyomtat\u00f3 \u00e1ll\u00e1sidej\u00e9t, \u00e9s n\u00f6veli a termel\u00e9kenys\u00e9get.<\/p>\n<h2><strong>Haszn\u00e1lati protokoll<\/strong><\/h2>\n<ul>\n<li><strong>El\u0151k\u00e9sz\u00edt\u00e9s <\/strong>: Gy\u0151z\u0151dj\u00f6n meg r\u00f3la, hogy a nyomtat\u00f3 ki van kapcsolva, \u00e9s a nyomtat\u00f3fejek hozz\u00e1f\u00e9rhet\u0151ek. Az \u00fajrat\u00f6lthet\u0151 patronokat a tiszt\u00edt\u00e1si folyamat megkezd\u00e9se el\u0151tt \u00f3vatosan vegye ki.<\/li>\n<li><strong>\u00c1ztat\u00e1si m\u00f3dszer <\/strong>: A levehet\u0151 nyomtat\u00f3fejek eset\u00e9ben \u00f6nts\u00f6n egy kis mennyis\u00e9g\u0171 tiszt\u00edt\u00f3szert egy tiszta ed\u00e9nybe, majd helyezze bele a fejeket, \u00e9s hagyja \u0151ket 10-30 percig \u00e1zni. Sz\u00fcks\u00e9g eset\u00e9n \u00f3vatosan s\u00farolja meg egy sz\u00f6szmentes ruh\u00e1val, majd hagyja megsz\u00e1radni, miel\u0151tt visszahelyezi.<\/li>\n<li><strong>Injekci\u00f3s m\u00f3dszer <\/strong>: T\u00f6lts\u00f6n meg egy tiszta fecskend\u0151t a tiszt\u00edt\u00f3szerrel, \u00e9s \u00f3vatosan fecskendezzen n\u00e9h\u00e1ny millilitert a nyomtat\u00f3f\u00fav\u00f3k\u00e1kba a tintaelt\u00f6m\u0151d\u00e9sek felold\u00e1s\u00e1hoz. Hagyja hatni n\u00e9h\u00e1ny percig, miel\u0151tt a nyomtat\u00f3n kereszt\u00fcl automatikus tiszt\u00edt\u00e1si ciklust hajtana v\u00e9gre.<\/li>\n<li><strong>Patron tiszt\u00edt\u00e1sa <\/strong>: A tintak\u00f6r\u00f6k m\u00e9lytiszt\u00edt\u00e1s\u00e1hoz t\u00f6ltse meg az \u00fajrat\u00f6lthet\u0151 patront a tiszt\u00edt\u00f3szerrel, \u00e9s helyezze be a nyomtat\u00f3ba. A bels\u0151 szennyez\u0151d\u00e9sek elt\u00e1vol\u00edt\u00e1s\u00e1hoz futtasson t\u00f6bb tiszt\u00edt\u00e1si ciklust. Ha v\u00e9gzett, cser\u00e9lje ki egy \u00faj tintapatronra, \u00e9s futtasson pr\u00f3banyomtat\u00e1st.<\/li>\n<li><strong>\u00d6bl\u00edt\u00e9s \u00e9s sz\u00e1r\u00edt\u00e1s <\/strong>: A tiszt\u00edt\u00e1s ut\u00e1n hagyja a nyomtat\u00f3fejeket teljesen megsz\u00e1radni, miel\u0151tt visszahelyezi \u0151ket. Egy pr\u00f3balev\u00e9l kinyomtat\u00e1s\u00e1val gy\u0151z\u0151dj\u00f6n meg arr\u00f3l, hogy nem maradtak maradv\u00e1nyok, \u00e9s hogy a f\u00fav\u00f3k\u00e1k tiszt\u00e1k.<\/li>\n<li><strong>Haszn\u00e1lat gyakoris\u00e1ga <\/strong>: Havonta egyszer alkalmazza megel\u0151z\u0151 jelleggel \u00e9s a tinta elt\u00f6m\u0151d\u00e9s\u00e9nek elker\u00fcl\u00e9se \u00e9rdek\u00e9ben. Gyakori nyomtat\u00f3haszn\u00e1lat eset\u00e9n vagy hosszabb \u00e1ll\u00e1sid\u0151 ut\u00e1n tiszt\u00edtsa meg a nyomtat\u00f3t a folytat\u00e1s el\u0151tt, hogy biztos\u00edtsa a z\u00f6kken\u0151mentes, hib\u00e1tlan nyomtat\u00e1st.<\/li>\n<li><strong>T\u00e1rol\u00e1s <\/strong>: Minden haszn\u00e1lat ut\u00e1n szorosan z\u00e1rja le a tart\u00e1lyt, \u00e9s a term\u00e9k hossz\u00fa t\u00e1v\u00fa hat\u00e9konys\u00e1g\u00e1nak meg\u0151rz\u00e9se \u00e9rdek\u00e9ben t\u00e1rolja h\u0171v\u00f6s, sz\u00e1raz, f\u00e9nyt\u0151l \u00e9s sz\u00e9ls\u0151s\u00e9ges h\u0151m\u00e9rs\u00e9klett\u0151l v\u00e9dett helyen.<\/li>\n<\/ul>\n<p>Nyomtat\u00f3fej-tiszt\u00edt\u00f3szer\u00fcnkkel biztos\u00edtsa a nyomtat\u00f3 optim\u00e1lis karbantart\u00e1s\u00e1t, \u00e9s \u0151rizze meg a nyomtat\u00e1s min\u0151s\u00e9g\u00e9t, mik\u00f6zben meghosszabb\u00edtja a berendez\u00e9s \u00e9lettartam\u00e1t. Ide\u00e1lis megold\u00e1s a meghib\u00e1sod\u00e1sok megel\u0151z\u00e9s\u00e9re \u00e9s a nyomtat\u00f3k legjobb teljes\u00edtm\u00e9ny\u00e9nek fenntart\u00e1s\u00e1ra, k\u00f6nnyed\u00e9n.<\/p>","protected":false},"excerpt":{"rendered":"<p>Optimal Efficiency.\u00a0This printhead cleaner is specially designed to effectively remove dried ink residues, pigment deposits, and impurities that clog print nozzles. It works deep down to restore ink flow and improve print quality by preventing streaks, dull colors, and clogging issues. Thanks to its powerful formula, it helps extend the life of printheads and ensures [&hellip;]<\/p>\n","protected":false},"featured_media":36015,"comment_status":"open","ping_status":"closed","template":"","meta":{"_uag_custom_page_level_css":"","site-sidebar-layout":"default","site-content-layout":"","ast-site-content-layout":"default","site-content-style":"default","site-sidebar-style":"default","ast-global-header-display":"","ast-banner-title-visibility":"","ast-main-header-display":"","ast-hfb-above-header-display":"","ast-hfb-below-header-display":"","ast-hfb-mobile-header-display":"","site-post-title":"","ast-breadcrumbs-content":"","ast-featured-img":"","footer-sml-layout":"","ast-disable-related-posts":"","theme-transparent-header-meta":"default","adv-header-id-meta":"","stick-header-meta":"","header-above-stick-meta":"","header-main-stick-meta":"","header-below-stick-meta":"","astra-migrate-meta-layouts":"set","ast-page-background-enabled":"default","ast-page-background-meta":{"desktop":{"background-color":"var(--ast-global-color-4)","background-image":"","background-repeat":"repeat","background-position":"center center","background-size":"auto","background-attachment":"scroll","background-type":"","background-media":"","overlay-type":"","overlay-color":"","overlay-opacity":"","overlay-gradient":""},"tablet":{"background-color":"","background-image":"","background-repeat":"repeat","background-position":"center center","background-size":"auto","background-attachment":"scroll","background-type":"","background-media":"","overlay-type":"","overlay-color":"","overlay-opacity":"","overlay-gradient":""},"mobile":{"background-color":"","background-image":"","background-repeat":"repeat","background-position":"center center","background-size":"auto","background-attachment":"scroll","background-type":"","background-media":"","overlay-type":"","overlay-color":"","overlay-opacity":"","overlay-gradient":""}},"ast-content-background-meta":{"desktop":{"background-color":"var(--ast-global-color-5)","background-image":"","background-repeat":"repeat","background-position":"center center","background-size":"auto","background-attachment":"scroll","background-type":"","background-media":"","overlay-type":"","overlay-color":"","overlay-opacity":"","overlay-gradient":""},"tablet":{"background-color":"var(--ast-global-color-5)","background-image":"","background-repeat":"repeat","background-position":"center center","background-size":"auto","background-attachment":"scroll","background-type":"","background-media":"","overlay-type":"","overlay-color":"","overlay-opacity":"","overlay-gradient":""},"mobile":{"background-color":"var(--ast-global-color-5)","background-image":"","background-repeat":"repeat","background-position":"center center","background-size":"auto","background-attachment":"scroll","background-type":"","background-media":"","overlay-type":"","overlay-color":"","overlay-opacity":"","overlay-gradient":""}}},"product_brand":[],"product_cat":[175],"product_tag":[],"class_list":{"0":"post-24800","1":"product","2":"type-product","3":"status-publish","4":"has-post-thumbnail","6":"product_cat-cleaning-products","7":"desktop-align-left","8":"tablet-align-left","9":"mobile-align-left","11":"first","12":"instock","13":"sale","14":"taxable","15":"shipping-taxable","16":"purchasable","17":"product-type-variable","18":"has-default-attributes"},"spectra_custom_meta":{"_visibility":["visible"],"_shopify_product_id":["9106243977461"],"_s2w_shopify_domain":["ferberpainting.myshopify.com"],"_shopify_variant_id":["46625795178741"],"_sku":[""],"_manage_stock":["no"],"total_sales":["23"],"_tax_status":["taxable"],"_tax_class":[""],"_backorders":["no"],"_sold_individually":["no"],"_virtual":["no"],"_downloadable":["no"],"_download_limit":["-1"],"_download_expiry":["-1"],"_stock":[null],"_stock_status":["instock"],"_wc_average_rating":["5.00"],"_wc_review_count":["11"],"_product_attributes":["a:1:{s:6:\"volume\";a:6:{s:4:\"name\";s:6:\"Volume\";s:5:\"value\";s:20:\"5 liters | 25 liters\";s:8:\"position\";i:1;s:10:\"is_visible\";i:0;s:12:\"is_variation\";i:1;s:11:\"is_taxonomy\";i:0;}}"],"_product_version":["10.5.1"],"wpse_downloadable_file_names":[""],"wpse_downloadable_file_urls":[""],"_edit_last":["1"],"_default_attributes":["a:1:{s:6:\"volume\";s:8:\"5 liters\";}"],"_edit_lock":["1771223683:1"],"_price":["29.90","129.90"],"merchant-center-availability":["yes"],"merchant-center-category":["5262"],"_thumbnail_id":["36015"],"_wp_page_template":["default"],"_wp_old_date":["2025-05-26"],"_product_image_gallery":["36016"],"site-sidebar-layout":["default"],"ast-site-content-layout":["default"],"site-content-style":["default"],"site-sidebar-style":["default"],"theme-transparent-header-meta":["default"],"_wc_rating_count":["a:1:{i:5;i:11;}"],"astra-migrate-meta-layouts":["set"],"_uag_css_file_name":["uag-css-24800.css"],"_elementor_page_assets":["a:0:{}"],"_uag_page_assets":["a:9:{s:3:\"css\";s:7133:\".uag-blocks-common-selector{z-index:var(--z-index-desktop) !important}@media(max-width: 976px){.uag-blocks-common-selector{z-index:var(--z-index-tablet) !important}}@media(max-width: 767px){.uag-blocks-common-selector{z-index:var(--z-index-mobile) !important}}.wp-block-uagb-image{display:flex}.wp-block-uagb-image__figure{position:relative;display:flex;flex-direction:column;max-width:100%;height:auto;margin:0}.wp-block-uagb-image__figure img{height:auto;display:flex;max-width:100%;transition:box-shadow .2s ease}.wp-block-uagb-image__figure>a{display:inline-block}.wp-block-uagb-image__figure figcaption{text-align:center;margin-top:.5em;margin-bottom:1em}.wp-block-uagb-image .components-placeholder.block-editor-media-placeholder .components-placeholder__instructions{align-self:center}.wp-block-uagb-image--align-left{text-align:left}.wp-block-uagb-image--align-right{text-align:right}.wp-block-uagb-image--align-center{text-align:center}.wp-block-uagb-image--align-full .wp-block-uagb-image__figure{margin-left:calc(50% - 50vw);margin-right:calc(50% - 50vw);max-width:100vw;width:100vw;height:auto}.wp-block-uagb-image--align-full .wp-block-uagb-image__figure img{height:auto;width:100% !important}.wp-block-uagb-image--align-wide .wp-block-uagb-image__figure img{height:auto;width:100%}.wp-block-uagb-image--layout-overlay__color-wrapper{position:absolute;left:0;top:0;right:0;bottom:0;opacity:.2;background:rgba(0,0,0,.5);transition:opacity .35s ease-in-out}.wp-block-uagb-image--layout-overlay-link{position:absolute;left:0;right:0;bottom:0;top:0}.wp-block-uagb-image--layout-overlay .wp-block-uagb-image__figure:hover .wp-block-uagb-image--layout-overlay__color-wrapper{opacity:1}.wp-block-uagb-image--layout-overlay__inner{position:absolute;left:15px;right:15px;bottom:15px;top:15px;display:flex;align-items:center;justify-content:center;flex-direction:column;border-color:#fff;transition:.35s ease-in-out}.wp-block-uagb-image--layout-overlay__inner.top-left,.wp-block-uagb-image--layout-overlay__inner.top-center,.wp-block-uagb-image--layout-overlay__inner.top-right{justify-content:flex-start}.wp-block-uagb-image--layout-overlay__inner.bottom-left,.wp-block-uagb-image--layout-overlay__inner.bottom-center,.wp-block-uagb-image--layout-overlay__inner.bottom-right{justify-content:flex-end}.wp-block-uagb-image--layout-overlay__inner.top-left,.wp-block-uagb-image--layout-overlay__inner.center-left,.wp-block-uagb-image--layout-overlay__inner.bottom-left{align-items:flex-start}.wp-block-uagb-image--layout-overlay__inner.top-right,.wp-block-uagb-image--layout-overlay__inner.center-right,.wp-block-uagb-image--layout-overlay__inner.bottom-right{align-items:flex-end}.wp-block-uagb-image--layout-overlay__inner .uagb-image-heading{color:#fff;transition:transform .35s,opacity .35s ease-in-out;transform:translate3d(0, 24px, 0);margin:0;line-height:1em}.wp-block-uagb-image--layout-overlay__inner .uagb-image-separator{width:30%;border-top-width:2px;border-top-color:#fff;border-top-style:solid;margin-bottom:10px;opacity:0;transition:transform .4s,opacity .4s ease-in-out;transform:translate3d(0, 30px, 0)}.wp-block-uagb-image--layout-overlay__inner .uagb-image-caption{opacity:0;overflow:visible;color:#fff;transition:transform .45s,opacity .45s ease-in-out;transform:translate3d(0, 35px, 0)}.wp-block-uagb-image--layout-overlay__inner:hover .uagb-image-heading,.wp-block-uagb-image--layout-overlay__inner:hover .uagb-image-separator,.wp-block-uagb-image--layout-overlay__inner:hover .uagb-image-caption{opacity:1;transform:translate3d(0, 0, 0)}.wp-block-uagb-image--effect-zoomin .wp-block-uagb-image__figure img,.wp-block-uagb-image--effect-zoomin .wp-block-uagb-image__figure .wp-block-uagb-image--layout-overlay__color-wrapper{transform:scale(1);transition:transform .35s ease-in-out}.wp-block-uagb-image--effect-zoomin .wp-block-uagb-image__figure:hover img,.wp-block-uagb-image--effect-zoomin .wp-block-uagb-image__figure:hover .wp-block-uagb-image--layout-overlay__color-wrapper{transform:scale(1.05)}.wp-block-uagb-image--effect-slide .wp-block-uagb-image__figure img,.wp-block-uagb-image--effect-slide .wp-block-uagb-image__figure .wp-block-uagb-image--layout-overlay__color-wrapper{width:calc(100% + 40px) !important;max-width:none !important;transform:translate3d(-40px, 0, 0);transition:transform .35s ease-in-out}.wp-block-uagb-image--effect-slide .wp-block-uagb-image__figure:hover img,.wp-block-uagb-image--effect-slide .wp-block-uagb-image__figure:hover .wp-block-uagb-image--layout-overlay__color-wrapper{transform:translate3d(0, 0, 0)}.wp-block-uagb-image--effect-grayscale img{filter:grayscale(0%);transition:.35s ease-in-out}.wp-block-uagb-image--effect-grayscale:hover img{filter:grayscale(100%)}.wp-block-uagb-image--effect-blur img{filter:blur(0);transition:.35s ease-in-out}.wp-block-uagb-image--effect-blur:hover img{filter:blur(3px)}.uagb-block-e6f939b3.wp-block-uagb-image--layout-default figure img{box-shadow: 0px 0px 0 #00000070;}.uagb-block-e6f939b3.wp-block-uagb-image .wp-block-uagb-image__figure figcaption{font-style: normal;align-self: center;}.uagb-block-e6f939b3.wp-block-uagb-image--layout-overlay figure img{box-shadow: 0px 0px 0 #00000070;}.uagb-block-e6f939b3.wp-block-uagb-image--layout-overlay .wp-block-uagb-image--layout-overlay__color-wrapper{opacity: 0.2;}.uagb-block-e6f939b3.wp-block-uagb-image--layout-overlay .wp-block-uagb-image--layout-overlay__inner{left: 15px;right: 15px;top: 15px;bottom: 15px;}.uagb-block-e6f939b3.wp-block-uagb-image--layout-overlay .wp-block-uagb-image--layout-overlay__inner .uagb-image-heading{font-style: normal;color: #fff;opacity: 1;}.uagb-block-e6f939b3.wp-block-uagb-image--layout-overlay .wp-block-uagb-image--layout-overlay__inner .uagb-image-heading a{color: #fff;}.uagb-block-e6f939b3.wp-block-uagb-image--layout-overlay .wp-block-uagb-image--layout-overlay__inner .uagb-image-caption{opacity: 0;}.uagb-block-e6f939b3.wp-block-uagb-image--layout-overlay .wp-block-uagb-image__figure:hover .wp-block-uagb-image--layout-overlay__color-wrapper{opacity: 1;}.uagb-block-e6f939b3.wp-block-uagb-image .wp-block-uagb-image--layout-overlay__inner .uagb-image-separator{width: 30%;border-top-width: 2px;border-top-color: #fff;opacity: 0;}.uagb-block-e6f939b3.wp-block-uagb-image .wp-block-uagb-image__figure img{width: px;height: auto;}.uagb-block-e6f939b3.wp-block-uagb-image .wp-block-uagb-image__figure:hover .wp-block-uagb-image--layout-overlay__inner .uagb-image-caption{opacity: 1;}.uagb-block-e6f939b3.wp-block-uagb-image .wp-block-uagb-image__figure:hover .wp-block-uagb-image--layout-overlay__inner .uagb-image-separator{opacity: 1;}.uagb-block-e6f939b3.wp-block-uagb-image--layout-default figure:hover img{box-shadow: 0px 0px 0 #00000070;}.uagb-block-e6f939b3.wp-block-uagb-image--layout-overlay figure:hover img{box-shadow: 0px 0px 0 #00000070;}@media only screen and (max-width: 976px) {.uagb-block-e6f939b3.wp-block-uagb-image .wp-block-uagb-image__figure img{width: px;height: auto;}}@media only screen and (max-width: 767px) {.uagb-block-e6f939b3.wp-block-uagb-image .wp-block-uagb-image__figure img{width: px;height: auto;}}\";s:2:\"js\";s:0:\"\";s:18:\"current_block_list\";a:13:{i:0;s:11:\"core\/search\";i:1;s:10:\"core\/group\";i:2;s:12:\"core\/heading\";i:3;s:17:\"core\/latest-posts\";i:4;s:20:\"core\/latest-comments\";i:5;s:13:\"core\/archives\";i:6;s:15:\"core\/categories\";i:7;s:14:\"core\/paragraph\";i:8;s:10:\"uagb\/image\";i:9;s:11:\"core\/spacer\";i:10;s:30:\"woocommerce\/product-categories\";i:11;s:10:\"core\/image\";i:12;s:14:\"core\/shortcode\";}s:8:\"uag_flag\";b:1;s:11:\"uag_version\";s:10:\"1777228794\";s:6:\"gfonts\";a:0:{}s:10:\"gfonts_url\";s:0:\"\";s:12:\"gfonts_files\";a:0:{}s:14:\"uag_faq_layout\";b:0;}"]},"uagb_featured_image_src":{"full":["https:\/\/www.ferberpainting.com\/wp-content\/uploads\/2025\/05\/Printhead-Cleaner-5L-.png",2560,2560,false],"thumbnail":["https:\/\/www.ferberpainting.com\/wp-content\/uploads\/2025\/05\/Printhead-Cleaner-5L--150x150.png",150,150,true],"medium":["https:\/\/www.ferberpainting.com\/wp-content\/uploads\/2025\/05\/Printhead-Cleaner-5L--300x300.png",300,300,true],"medium_large":["https:\/\/www.ferberpainting.com\/wp-content\/uploads\/2025\/05\/Printhead-Cleaner-5L--768x768.png",768,768,true],"large":["https:\/\/www.ferberpainting.com\/wp-content\/uploads\/2025\/05\/Printhead-Cleaner-5L--1024x1024.png",1024,1024,true],"1536x1536":["https:\/\/www.ferberpainting.com\/wp-content\/uploads\/2025\/05\/Printhead-Cleaner-5L--1536x1536.png",1536,1536,true],"2048x2048":["https:\/\/www.ferberpainting.com\/wp-content\/uploads\/2025\/05\/Printhead-Cleaner-5L--2048x2048.png",2048,2048,true],"trp-custom-language-flag":["https:\/\/www.ferberpainting.com\/wp-content\/uploads\/2025\/05\/Printhead-Cleaner-5L--12x12.png",12,12,true],"woocommerce_thumbnail":["https:\/\/www.ferberpainting.com\/wp-content\/uploads\/2025\/05\/Printhead-Cleaner-5L--300x300.png",300,300,true],"woocommerce_single":["https:\/\/www.ferberpainting.com\/wp-content\/uploads\/2025\/05\/Printhead-Cleaner-5L--600x600.png",600,600,true],"woocommerce_gallery_thumbnail":["https:\/\/www.ferberpainting.com\/wp-content\/uploads\/2025\/05\/Printhead-Cleaner-5L--100x100.png",100,100,true]},"uagb_author_info":{"display_name":"admin","author_link":"https:\/\/www.ferberpainting.com\/hu\/author\/"},"uagb_comment_info":11,"uagb_excerpt":"Optimal Efficiency.\u00a0This printhead cleaner is specially designed to effectively remove dried ink residues, pigment deposits, and impurities that clog print nozzles. It works deep down to restore ink flow and improve print quality by preventing streaks, dull colors, and clogging issues. Thanks to its powerful formula, it helps extend the life of printheads and ensures&hellip;","_links":{"self":[{"href":"https:\/\/www.ferberpainting.com\/hu\/wp-json\/wp\/v2\/product\/24800","targetHints":{"allow":["GET"]}}],"collection":[{"href":"https:\/\/www.ferberpainting.com\/hu\/wp-json\/wp\/v2\/product"}],"about":[{"href":"https:\/\/www.ferberpainting.com\/hu\/wp-json\/wp\/v2\/types\/product"}],"replies":[{"embeddable":true,"href":"https:\/\/www.ferberpainting.com\/hu\/wp-json\/wp\/v2\/comments?post=24800"}],"version-history":[{"count":4,"href":"https:\/\/www.ferberpainting.com\/hu\/wp-json\/wp\/v2\/product\/24800\/revisions"}],"predecessor-version":[{"id":166999,"href":"https:\/\/www.ferberpainting.com\/hu\/wp-json\/wp\/v2\/product\/24800\/revisions\/166999"}],"wp:featuredmedia":[{"embeddable":true,"href":"https:\/\/www.ferberpainting.com\/hu\/wp-json\/wp\/v2\/media\/36015"}],"wp:attachment":[{"href":"https:\/\/www.ferberpainting.com\/hu\/wp-json\/wp\/v2\/media?parent=24800"}],"wp:term":[{"taxonomy":"product_brand","embeddable":true,"href":"https:\/\/www.ferberpainting.com\/hu\/wp-json\/wp\/v2\/product_brand?post=24800"},{"taxonomy":"product_cat","embeddable":true,"href":"https:\/\/www.ferberpainting.com\/hu\/wp-json\/wp\/v2\/product_cat?post=24800"},{"taxonomy":"product_tag","embeddable":true,"href":"https:\/\/www.ferberpainting.com\/hu\/wp-json\/wp\/v2\/product_tag?post=24800"}],"curies":[{"name":"wp","href":"https:\/\/api.w.org\/{rel}","templated":true}]}}