{"id":24797,"date":"2025-05-26T10:27:18","date_gmt":"2025-05-26T08:27:18","guid":{"rendered":"https:\/\/www.ferberpainting.com\/products\/primer-hardener\/"},"modified":"2026-02-16T07:35:32","modified_gmt":"2026-02-16T06:35:32","slug":"primer-hardener","status":"publish","type":"product","link":"https:\/\/www.ferberpainting.com\/hu\/products\/primer-hardener\/","title":{"rendered":"Alapoz\u00f3 kem\u00e9ny\u00edt\u0151"},"content":{"rendered":"<p><strong><img decoding=\"async\" style=\"margin-right: 12px;\" src=\"https:\/\/www.ferberpainting.com\/wp-content\/uploads\/2026\/02\/Check.svg\" alt=\"\" width=\"18\" height=\"15\" \/>Jav\u00edtott ellen\u00e1ll\u00e1s \u00e9s alapoz\u00f3 tapad\u00e1s.<\/strong>\u00a0Ezt az alapoz\u00f3 kem\u00e9ny\u00edt\u0151t kifejezetten az alapoz\u00f3r\u00e9tegek szerkezet\u00e9nek meger\u0151s\u00edt\u00e9s\u00e9re tervezt\u00e9k a fest\u00e9k vagy a v\u00e9gs\u0151 bevonat felhord\u00e1sa el\u0151tt. Optimaliz\u00e1lja a fel\u00fcleti tapad\u00e1st, mik\u00f6zben jav\u00edtja a mechanikai \u00e9s k\u00e9miai s\u00e9r\u00fcl\u00e9sekkel szembeni ellen\u00e1ll\u00e1st, tart\u00f3sabb \u00e9s professzion\u00e1lisabb v\u00e9geredm\u00e9nyt biztos\u00edtva.<\/p>\n<p><strong><img decoding=\"async\" style=\"margin-right: 12px;\" src=\"https:\/\/www.ferberpainting.com\/wp-content\/uploads\/2026\/02\/Check.svg\" alt=\"\" width=\"18\" height=\"15\" \/>P\u00e9nzvisszafizet\u00e9si garancia.<\/strong>\u00a0Teljes m\u00e9rt\u00e9kben megb\u00edzunk az alapoz\u00f3 kem\u00e9ny\u00edt\u0151nk hat\u00e9konys\u00e1g\u00e1ban. Ez\u00e9rt k\u00edn\u00e1lunk p\u00e9nzvisszafizet\u00e9si garanci\u00e1t. Ha a term\u00e9k nem felel meg az \u00d6n elv\u00e1r\u00e1sainak, miut\u00e1n k\u00f6vette alkalmaz\u00e1si aj\u00e1nl\u00e1sainkat, k\u00e9r\u00e9s n\u00e9lk\u00fcl k\u00e9rheti a p\u00e9nzvisszat\u00e9r\u00edt\u00e9st, \u00edgy biztos\u00edtva a biztons\u00e1gos \u00e9s kock\u00e1zatmentes v\u00e1s\u00e1rl\u00e1st.<\/p>\n<p><strong><img decoding=\"async\" style=\"margin-right: 12px;\" src=\"https:\/\/www.ferberpainting.com\/wp-content\/uploads\/2026\/02\/Check.svg\" alt=\"\" width=\"18\" height=\"15\" \/>Anyagok sz\u00e9les sk\u00e1l\u00e1j\u00e1val kompatibilis.<\/strong>\u00a0Ez a kem\u00e9ny\u00edt\u0151 alkalmas f\u00e9m, fa, m\u0171anyag, beton, cement \u00e9s k\u0151 alapoz\u00f3khoz. M\u0171k\u00f6dik akril, epoxi, poliuret\u00e1n \u00e9s gliceroft\u00e1l alapoz\u00f3kkal, maxim\u00e1lis sokoldal\u00fas\u00e1got k\u00edn\u00e1lva minden t\u00edpus\u00fa projekthez, legyen sz\u00f3 aut\u00f3ipari, \u00e9p\u00edt\u0151ipari vagy dekor\u00e1ci\u00f3s t\u00e1rgyakr\u00f3l.<\/p>\n<p><strong><img decoding=\"async\" style=\"margin-right: 12px;\" src=\"https:\/\/www.ferberpainting.com\/wp-content\/uploads\/2026\/02\/Check.svg\" alt=\"\" width=\"18\" height=\"15\" \/>Optimaliz\u00e1lt gazdas\u00e1gi hozam.<\/strong>\u00a0Koncentr\u00e1lt formul\u00e1j\u00e1nak k\u00f6sz\u00f6nhet\u0151en 1 liter kem\u00e9ny\u00edt\u0151 ak\u00e1r 5 liter alapoz\u00f3t is k\u00e9pes kezelni, \u00edgy cs\u00f6kkentve a sz\u00fcks\u00e9ges term\u00e9kmennyis\u00e9get \u00e9s n\u00f6velve annak teljes\u00edtm\u00e9ny\u00e9t. A tapad\u00e1st \u00e9s az alapoz\u00f3 ellen\u00e1ll\u00e1s\u00e1t er\u0151s\u00edt\u0151 k\u00e9pess\u00e9ge korl\u00e1tozza az ut\u00f3kezel\u00e9s sz\u00fcks\u00e9gess\u00e9g\u00e9t is, jelent\u0151sen cs\u00f6kkentve ezzel a munka- \u00e9s anyagk\u00f6lts\u00e9geket.<\/p>\n<p><strong><img decoding=\"async\" style=\"margin-right: 12px;\" src=\"https:\/\/www.ferberpainting.com\/wp-content\/uploads\/2026\/02\/Check.svg\" alt=\"\" width=\"18\" height=\"15\" \/>Biztons\u00e1gos \u00e9s nem m\u00e9rgez\u0151 term\u00e9k.<\/strong>\u00a0Kem\u00e9ny old\u00f3szerek \u00e9s m\u00e9rgez\u0151 kibocs\u00e1t\u00e1sok n\u00e9lk\u00fcl k\u00e9sz\u00fclt, \u00edgy ez a kem\u00e9ny\u00edt\u0151 nem jelent vesz\u00e9lyt sem a felhaszn\u00e1l\u00f3ra, sem a k\u00f6rnyezetre. Biztons\u00e1gosan, speci\u00e1lis v\u00e9d\u0151felszerel\u00e9s n\u00e9lk\u00fcl kezelhet\u0151, \u00edgy kock\u00e1zatmentes alkalmaz\u00e1st biztos\u00edt belt\u00e9ren \u00e9s k\u00fclt\u00e9ren egyar\u00e1nt.<\/p>\n<p><strong><img decoding=\"async\" style=\"margin-right: 12px;\" src=\"https:\/\/www.ferberpainting.com\/wp-content\/uploads\/2026\/02\/Check.svg\" alt=\"\" width=\"18\" height=\"15\" \/>K\u00f6nny\u0171 alkalmazhat\u00f3s\u00e1g \u00e9s optim\u00e1lis kompatibilit\u00e1s.<\/strong>\u00a0Ez a kem\u00e9ny\u00edt\u0151 k\u00f6nnyen integr\u00e1l\u00f3dik az alapoz\u00f3kba an\u00e9lk\u00fcl, hogy megv\u00e1ltoztatn\u00e1 azok text\u00far\u00e1j\u00e1t, sz\u00edn\u00e9t vagy alkalmaz\u00e1si m\u00f3dj\u00e1t. K\u00f6zvetlen\u00fcl haszn\u00e1lat el\u0151tt keveredik, garant\u00e1lva a t\u00f6k\u00e9letes egyenletess\u00e9get \u00e9s a professzion\u00e1lis kivitelez\u00e9st an\u00e9lk\u00fcl, hogy tov\u00e1bbi technikai be\u00e1ll\u00edt\u00e1sokat ig\u00e9nyelne.<\/p>\n<p><strong><img decoding=\"async\" style=\"margin-right: 12px;\" src=\"https:\/\/www.ferberpainting.com\/wp-content\/uploads\/2026\/02\/Check.svg\" alt=\"\" width=\"18\" height=\"15\" \/>Fokozott tart\u00f3ss\u00e1g \u00e9s ellen\u00e1ll\u00e1s.<\/strong>\u00a0Az alapoz\u00f3val \u00f6sszekeverve ez a kem\u00e9ny\u00edt\u0151 meger\u0151s\u00edti a fel\u00fclet v\u00e9delm\u00e9t az\u00e1ltal, hogy jav\u00edtja az \u00fct\u00e9sekkel, nedvess\u00e9ggel \u00e9s vegyi anyagokkal szembeni ellen\u00e1ll\u00e1st. Megakad\u00e1lyozza a korai lepattogz\u00e1st \u00e9s hosszantart\u00f3 v\u00e9delmet ny\u00fajt a kop\u00e1s ellen, \u00edgy meghosszabb\u00edtja a v\u00e9gleges bevonat \u00e9lettartam\u00e1t.<\/p>\n<p><strong><img decoding=\"async\" style=\"margin-right: 12px;\" src=\"https:\/\/www.ferberpainting.com\/wp-content\/uploads\/2026\/02\/Check.svg\" alt=\"\" width=\"18\" height=\"15\" \/>Gyors sz\u00e1rad\u00e1s a jelent\u0151s id\u0151megtakar\u00edt\u00e1s \u00e9rdek\u00e9ben.<\/strong>\u00a0Ez a kem\u00e9ny\u00edt\u0151 felgyors\u00edtja az alapoz\u00f3k sz\u00e1rad\u00e1si folyamat\u00e1t, mik\u00f6zben biztos\u00edtja az ellen\u00e1ll\u00e1s fokozatos n\u00f6veked\u00e9s\u00e9t. Emellett cs\u00f6kkenti a r\u00e9tegek k\u00f6z\u00f6tti v\u00e1rakoz\u00e1si id\u0151t, gyorsabb v\u00e9gs\u0151 befejez\u00e9st tesz lehet\u0151v\u00e9, \u00e9s ez\u00e1ltal optimaliz\u00e1lja a gy\u00e1rt\u00e1si \u00e9s alkalmaz\u00e1si id\u0151t.<\/p>\n<h2><strong>Haszn\u00e1lati protokoll<\/strong><\/h2>\n<ul>\n<li><strong>Alapoz\u00f3 el\u0151k\u00e9sz\u00edt\u00e9se <\/strong>: Gy\u0151z\u0151dj\u00f6n meg r\u00f3la, hogy az alapoz\u00f3 alaposan homogeniz\u00e1l\u00f3dott a kem\u00e9ny\u00edt\u0151 hozz\u00e1ad\u00e1sa el\u0151tt. Ha az alapoz\u00f3 old\u00f3szer- vagy v\u00edzb\u00e1zis\u00fa, alaposan keverje \u00f6ssze, hogy megakad\u00e1lyozza az \u00f6sszetev\u0151k sz\u00e9tv\u00e1l\u00e1s\u00e1t.<\/li>\n<li><strong>Aj\u00e1nlott adagol\u00e1s <\/strong>: Adjon hozz\u00e1 5% \u00e9s 20% k\u00f6z\u00f6tti kem\u00e9ny\u00edt\u0151t az alapoz\u00f3 t\u00edpus\u00e1t\u00f3l \u00e9s a k\u00edv\u00e1nt ellen\u00e1ll\u00e1st\u00f3l f\u00fcgg\u0151en. Sz\u00e9ls\u0151s\u00e9ges k\u00f6r\u00fclm\u00e9nyeknek (p\u00e1ratartalom, magas h\u0151m\u00e9rs\u00e9klet, sokkhat\u00e1s) kitett fel\u00fcletek eset\u00e9n magasabb adagol\u00e1s aj\u00e1nlott.<\/li>\n<li><strong>Homog\u00e9n kever\u00e9s <\/strong>: Fokozatosan keverje a kem\u00e9ny\u00edt\u0151t az alapoz\u00f3ba, mik\u00f6zben k\u00e9zi vagy elektromos kever\u0151vel folyamatosan keveri. Biztos\u00edtsa a t\u00f6k\u00e9letesen sima \u00e9s homog\u00e9n kever\u00e9ket.<\/li>\n<li><strong>A kem\u00e9ny\u00edtett alapoz\u00f3 felhord\u00e1sa <\/strong>: Vigye fel az alapoz\u00f3t a szok\u00e1sos m\u00f3don, sz\u00f3r\u00f3pisztollyal, ecsettel vagy hengerrel, a gy\u00e1rt\u00f3 alkalmaz\u00e1si utas\u00edt\u00e1sait k\u00f6vetve. A kem\u00e9ny\u00edt\u0151 nem v\u00e1ltoztatja meg az alkalmaz\u00e1si m\u00f3dszert, \u00e9s egyenletes fel\u00fcletet biztos\u00edt.<\/li>\n<li><strong>Sz\u00e1rad\u00e1si id\u0151 <\/strong>: Hagyja az alapoz\u00f3t a gy\u00e1rt\u00f3 \u00e1ltal aj\u00e1nlott id\u0151 alatt megsz\u00e1radni. A kem\u00e9ny\u00edt\u0151 hat\u00e1s\u00e1ra a sz\u00e1rad\u00e1s felgyorsul, \u00edgy a k\u00f6vetkez\u0151 l\u00e9p\u00e9sek gyorsabban elv\u00e9gezhet\u0151k.<\/li>\n<li><strong>Teljes kem\u00e9ny\u00edt\u00e9s <\/strong>: Ker\u00fclje a fel\u00fclet id\u0151 el\u0151tti kezel\u00e9s\u00e9t vagy \u00fajrabevon\u00e1s\u00e1t. Az alapoz\u00f3 24-48 \u00f3ra eltelt\u00e9vel \u00e9ri el maxim\u00e1lis ellen\u00e1ll\u00f3k\u00e9pess\u00e9g\u00e9t, \u00edgy t\u00f6k\u00e9letesen stabil alapot biztos\u00edt a fest\u00e9k vagy a v\u00e9gs\u0151 bevonat felvitel\u00e9hez.<\/li>\n<li><strong>Szersz\u00e1m tiszt\u00edt\u00e1s <\/strong>: A felhord\u00e1s ut\u00e1n azonnal tiszt\u00edtsa meg az ecseteket, hengereket \u00e9s a sz\u00f3r\u00f3berendez\u00e9seket a haszn\u00e1lt alapoz\u00f3hoz aj\u00e1nlott old\u00f3szerrel (v\u00edzb\u00e1zis\u00fa alapoz\u00f3k eset\u00e9ben v\u00edzzel, old\u00f3szerb\u00e1zis\u00fa alapoz\u00f3k eset\u00e9ben megfelel\u0151 h\u00edg\u00edt\u00f3val).<\/li>\n<\/ul>","protected":false},"excerpt":{"rendered":"<p>Improved resistance and primer adhesion.\u00a0This primer hardener is specifically designed to reinforce the structure of primer layers before applying paint or a final coating. It optimizes surface adhesion while improving resistance against mechanical and chemical damage, ensuring a more durable and professionally finished result. Money-back guarantee.\u00a0We have complete confidence in our primer hardener&#8217;s effectiveness. That&#8217;s [&hellip;]<\/p>\n","protected":false},"featured_media":26642,"comment_status":"open","ping_status":"closed","template":"","meta":{"_uag_custom_page_level_css":"","site-sidebar-layout":"default","site-content-layout":"","ast-site-content-layout":"default","site-content-style":"default","site-sidebar-style":"default","ast-global-header-display":"","ast-banner-title-visibility":"","ast-main-header-display":"","ast-hfb-above-header-display":"","ast-hfb-below-header-display":"","ast-hfb-mobile-header-display":"","site-post-title":"","ast-breadcrumbs-content":"","ast-featured-img":"","footer-sml-layout":"","ast-disable-related-posts":"","theme-transparent-header-meta":"default","adv-header-id-meta":"","stick-header-meta":"","header-above-stick-meta":"","header-main-stick-meta":"","header-below-stick-meta":"","astra-migrate-meta-layouts":"set","ast-page-background-enabled":"default","ast-page-background-meta":{"desktop":{"background-color":"var(--ast-global-color-4)","background-image":"","background-repeat":"repeat","background-position":"center center","background-size":"auto","background-attachment":"scroll","background-type":"","background-media":"","overlay-type":"","overlay-color":"","overlay-opacity":"","overlay-gradient":""},"tablet":{"background-color":"","background-image":"","background-repeat":"repeat","background-position":"center center","background-size":"auto","background-attachment":"scroll","background-type":"","background-media":"","overlay-type":"","overlay-color":"","overlay-opacity":"","overlay-gradient":""},"mobile":{"background-color":"","background-image":"","background-repeat":"repeat","background-position":"center center","background-size":"auto","background-attachment":"scroll","background-type":"","background-media":"","overlay-type":"","overlay-color":"","overlay-opacity":"","overlay-gradient":""}},"ast-content-background-meta":{"desktop":{"background-color":"var(--ast-global-color-5)","background-image":"","background-repeat":"repeat","background-position":"center center","background-size":"auto","background-attachment":"scroll","background-type":"","background-media":"","overlay-type":"","overlay-color":"","overlay-opacity":"","overlay-gradient":""},"tablet":{"background-color":"var(--ast-global-color-5)","background-image":"","background-repeat":"repeat","background-position":"center center","background-size":"auto","background-attachment":"scroll","background-type":"","background-media":"","overlay-type":"","overlay-color":"","overlay-opacity":"","overlay-gradient":""},"mobile":{"background-color":"var(--ast-global-color-5)","background-image":"","background-repeat":"repeat","background-position":"center center","background-size":"auto","background-attachment":"scroll","background-type":"","background-media":"","overlay-type":"","overlay-color":"","overlay-opacity":"","overlay-gradient":""}}},"product_brand":[],"product_cat":[176],"product_tag":[],"class_list":{"0":"post-24797","1":"product","2":"type-product","3":"status-publish","4":"has-post-thumbnail","6":"product_cat-concrete-treatment","7":"desktop-align-left","8":"tablet-align-left","9":"mobile-align-left","11":"first","12":"instock","13":"sale","14":"shipping-taxable","15":"purchasable","16":"product-type-variable","17":"has-default-attributes"},"spectra_custom_meta":{"_visibility":["visible"],"_shopify_product_id":["9060505846005"],"_s2w_shopify_domain":["ferberpainting.myshopify.com"],"_shopify_variant_id":["46483451478261"],"_sku":[""],"_manage_stock":["no"],"total_sales":["5"],"_tax_status":["taxable"],"_tax_class":[""],"_backorders":["no"],"_sold_individually":["no"],"_virtual":["no"],"_downloadable":["no"],"_download_limit":["-1"],"_download_expiry":["-1"],"_stock":[null],"_stock_status":["instock"],"_wc_average_rating":["4.83"],"_wc_review_count":["6"],"_product_attributes":["a:1:{s:6:\"volume\";a:6:{s:4:\"name\";s:6:\"Volume\";s:5:\"value\";s:20:\"5 liters | 25 liters\";s:8:\"position\";i:1;s:10:\"is_visible\";i:0;s:12:\"is_variation\";i:1;s:11:\"is_taxonomy\";i:0;}}"],"_product_version":["10.5.1"],"_thumbnail_id":["26642"],"_product_image_gallery":["26643"],"wpse_downloadable_file_names":[""],"wpse_downloadable_file_urls":[""],"_edit_last":["1"],"_default_attributes":["a:1:{s:6:\"volume\";s:8:\"5 liters\";}"],"_edit_lock":["1771223594:1"],"_price":["29.90","129.90"],"merchant-center-availability":["yes"],"merchant-center-category":["2277"],"_wp_page_template":["default"],"site-sidebar-layout":["default"],"ast-site-content-layout":["default"],"site-content-style":["default"],"site-sidebar-style":["default"],"theme-transparent-header-meta":["default"],"_wc_rating_count":["a:2:{i:4;i:1;i:5;i:5;}"],"astra-migrate-meta-layouts":["set"],"_uag_css_file_name":["uag-css-24797.css"],"_elementor_page_assets":["a:0:{}"],"_uag_page_assets":["a:9:{s:3:\"css\";s:6873:\".wp-block-uagb-image{display:flex}.wp-block-uagb-image__figure{position:relative;display:flex;flex-direction:column;max-width:100%;height:auto;margin:0}.wp-block-uagb-image__figure img{height:auto;display:flex;max-width:100%;transition:box-shadow .2s ease}.wp-block-uagb-image__figure>a{display:inline-block}.wp-block-uagb-image__figure figcaption{text-align:center;margin-top:.5em;margin-bottom:1em}.wp-block-uagb-image .components-placeholder.block-editor-media-placeholder .components-placeholder__instructions{align-self:center}.wp-block-uagb-image--align-left{text-align:left}.wp-block-uagb-image--align-right{text-align:right}.wp-block-uagb-image--align-center{text-align:center}.wp-block-uagb-image--align-full .wp-block-uagb-image__figure{margin-left:calc(50% - 50vw);margin-right:calc(50% - 50vw);max-width:100vw;width:100vw;height:auto}.wp-block-uagb-image--align-full .wp-block-uagb-image__figure img{height:auto;width:100% !important}.wp-block-uagb-image--align-wide .wp-block-uagb-image__figure img{height:auto;width:100%}.wp-block-uagb-image--layout-overlay__color-wrapper{position:absolute;left:0;top:0;right:0;bottom:0;opacity:.2;background:rgba(0,0,0,.5);transition:opacity .35s ease-in-out}.wp-block-uagb-image--layout-overlay-link{position:absolute;left:0;right:0;bottom:0;top:0}.wp-block-uagb-image--layout-overlay .wp-block-uagb-image__figure:hover .wp-block-uagb-image--layout-overlay__color-wrapper{opacity:1}.wp-block-uagb-image--layout-overlay__inner{position:absolute;left:15px;right:15px;bottom:15px;top:15px;display:flex;align-items:center;justify-content:center;flex-direction:column;border-color:#fff;transition:.35s ease-in-out}.wp-block-uagb-image--layout-overlay__inner.top-left,.wp-block-uagb-image--layout-overlay__inner.top-center,.wp-block-uagb-image--layout-overlay__inner.top-right{justify-content:flex-start}.wp-block-uagb-image--layout-overlay__inner.bottom-left,.wp-block-uagb-image--layout-overlay__inner.bottom-center,.wp-block-uagb-image--layout-overlay__inner.bottom-right{justify-content:flex-end}.wp-block-uagb-image--layout-overlay__inner.top-left,.wp-block-uagb-image--layout-overlay__inner.center-left,.wp-block-uagb-image--layout-overlay__inner.bottom-left{align-items:flex-start}.wp-block-uagb-image--layout-overlay__inner.top-right,.wp-block-uagb-image--layout-overlay__inner.center-right,.wp-block-uagb-image--layout-overlay__inner.bottom-right{align-items:flex-end}.wp-block-uagb-image--layout-overlay__inner .uagb-image-heading{color:#fff;transition:transform .35s,opacity .35s ease-in-out;transform:translate3d(0, 24px, 0);margin:0;line-height:1em}.wp-block-uagb-image--layout-overlay__inner .uagb-image-separator{width:30%;border-top-width:2px;border-top-color:#fff;border-top-style:solid;margin-bottom:10px;opacity:0;transition:transform .4s,opacity .4s ease-in-out;transform:translate3d(0, 30px, 0)}.wp-block-uagb-image--layout-overlay__inner .uagb-image-caption{opacity:0;overflow:visible;color:#fff;transition:transform .45s,opacity .45s ease-in-out;transform:translate3d(0, 35px, 0)}.wp-block-uagb-image--layout-overlay__inner:hover .uagb-image-heading,.wp-block-uagb-image--layout-overlay__inner:hover .uagb-image-separator,.wp-block-uagb-image--layout-overlay__inner:hover .uagb-image-caption{opacity:1;transform:translate3d(0, 0, 0)}.wp-block-uagb-image--effect-zoomin .wp-block-uagb-image__figure img,.wp-block-uagb-image--effect-zoomin .wp-block-uagb-image__figure .wp-block-uagb-image--layout-overlay__color-wrapper{transform:scale(1);transition:transform .35s ease-in-out}.wp-block-uagb-image--effect-zoomin .wp-block-uagb-image__figure:hover img,.wp-block-uagb-image--effect-zoomin .wp-block-uagb-image__figure:hover .wp-block-uagb-image--layout-overlay__color-wrapper{transform:scale(1.05)}.wp-block-uagb-image--effect-slide .wp-block-uagb-image__figure img,.wp-block-uagb-image--effect-slide .wp-block-uagb-image__figure .wp-block-uagb-image--layout-overlay__color-wrapper{width:calc(100% + 40px) !important;max-width:none !important;transform:translate3d(-40px, 0, 0);transition:transform .35s ease-in-out}.wp-block-uagb-image--effect-slide .wp-block-uagb-image__figure:hover img,.wp-block-uagb-image--effect-slide .wp-block-uagb-image__figure:hover .wp-block-uagb-image--layout-overlay__color-wrapper{transform:translate3d(0, 0, 0)}.wp-block-uagb-image--effect-grayscale img{filter:grayscale(0%);transition:.35s ease-in-out}.wp-block-uagb-image--effect-grayscale:hover img{filter:grayscale(100%)}.wp-block-uagb-image--effect-blur img{filter:blur(0);transition:.35s ease-in-out}.wp-block-uagb-image--effect-blur:hover img{filter:blur(3px)}.uagb-block-e6f939b3.wp-block-uagb-image--layout-default figure img{box-shadow: 0px 0px 0 #00000070;}.uagb-block-e6f939b3.wp-block-uagb-image .wp-block-uagb-image__figure figcaption{font-style: normal;align-self: center;}.uagb-block-e6f939b3.wp-block-uagb-image--layout-overlay figure img{box-shadow: 0px 0px 0 #00000070;}.uagb-block-e6f939b3.wp-block-uagb-image--layout-overlay .wp-block-uagb-image--layout-overlay__color-wrapper{opacity: 0.2;}.uagb-block-e6f939b3.wp-block-uagb-image--layout-overlay .wp-block-uagb-image--layout-overlay__inner{left: 15px;right: 15px;top: 15px;bottom: 15px;}.uagb-block-e6f939b3.wp-block-uagb-image--layout-overlay .wp-block-uagb-image--layout-overlay__inner .uagb-image-heading{font-style: normal;color: #fff;opacity: 1;}.uagb-block-e6f939b3.wp-block-uagb-image--layout-overlay .wp-block-uagb-image--layout-overlay__inner .uagb-image-heading a{color: #fff;}.uagb-block-e6f939b3.wp-block-uagb-image--layout-overlay .wp-block-uagb-image--layout-overlay__inner .uagb-image-caption{opacity: 0;}.uagb-block-e6f939b3.wp-block-uagb-image--layout-overlay .wp-block-uagb-image__figure:hover .wp-block-uagb-image--layout-overlay__color-wrapper{opacity: 1;}.uagb-block-e6f939b3.wp-block-uagb-image .wp-block-uagb-image--layout-overlay__inner .uagb-image-separator{width: 30%;border-top-width: 2px;border-top-color: #fff;opacity: 0;}.uagb-block-e6f939b3.wp-block-uagb-image .wp-block-uagb-image__figure img{width: px;height: auto;}.uagb-block-e6f939b3.wp-block-uagb-image .wp-block-uagb-image__figure:hover .wp-block-uagb-image--layout-overlay__inner .uagb-image-caption{opacity: 1;}.uagb-block-e6f939b3.wp-block-uagb-image .wp-block-uagb-image__figure:hover .wp-block-uagb-image--layout-overlay__inner .uagb-image-separator{opacity: 1;}.uagb-block-e6f939b3.wp-block-uagb-image--layout-default figure:hover img{box-shadow: 0px 0px 0 #00000070;}.uagb-block-e6f939b3.wp-block-uagb-image--layout-overlay figure:hover img{box-shadow: 0px 0px 0 #00000070;}@media only screen and (max-width: 976px) {.uagb-block-e6f939b3.wp-block-uagb-image .wp-block-uagb-image__figure img{width: px;height: auto;}}@media only screen and (max-width: 767px) {.uagb-block-e6f939b3.wp-block-uagb-image .wp-block-uagb-image__figure img{width: px;height: auto;}}\";s:2:\"js\";s:0:\"\";s:18:\"current_block_list\";a:13:{i:0;s:11:\"core\/search\";i:1;s:10:\"core\/group\";i:2;s:12:\"core\/heading\";i:3;s:17:\"core\/latest-posts\";i:4;s:20:\"core\/latest-comments\";i:5;s:13:\"core\/archives\";i:6;s:15:\"core\/categories\";i:7;s:14:\"core\/paragraph\";i:8;s:10:\"uagb\/image\";i:9;s:11:\"core\/spacer\";i:10;s:30:\"woocommerce\/product-categories\";i:11;s:10:\"core\/image\";i:12;s:14:\"core\/shortcode\";}s:8:\"uag_flag\";b:1;s:11:\"uag_version\";s:10:\"1777102217\";s:6:\"gfonts\";a:0:{}s:10:\"gfonts_url\";s:0:\"\";s:12:\"gfonts_files\";a:0:{}s:14:\"uag_faq_layout\";b:0;}"]},"uagb_featured_image_src":{"full":["https:\/\/www.ferberpainting.com\/wp-content\/uploads\/2025\/05\/PrimerHardener5L.png",2560,2560,false],"thumbnail":["https:\/\/www.ferberpainting.com\/wp-content\/uploads\/2025\/05\/PrimerHardener5L-150x150.png",150,150,true],"medium":["https:\/\/www.ferberpainting.com\/wp-content\/uploads\/2025\/05\/PrimerHardener5L-300x300.png",300,300,true],"medium_large":["https:\/\/www.ferberpainting.com\/wp-content\/uploads\/2025\/05\/PrimerHardener5L-768x768.png",768,768,true],"large":["https:\/\/www.ferberpainting.com\/wp-content\/uploads\/2025\/05\/PrimerHardener5L-1024x1024.png",1024,1024,true],"1536x1536":["https:\/\/www.ferberpainting.com\/wp-content\/uploads\/2025\/05\/PrimerHardener5L-1536x1536.png",1536,1536,true],"2048x2048":["https:\/\/www.ferberpainting.com\/wp-content\/uploads\/2025\/05\/PrimerHardener5L-2048x2048.png",2048,2048,true],"trp-custom-language-flag":["https:\/\/www.ferberpainting.com\/wp-content\/uploads\/2025\/05\/PrimerHardener5L-12x12.png",12,12,true],"woocommerce_thumbnail":["https:\/\/www.ferberpainting.com\/wp-content\/uploads\/2025\/05\/PrimerHardener5L-300x300.png",300,300,true],"woocommerce_single":["https:\/\/www.ferberpainting.com\/wp-content\/uploads\/2025\/05\/PrimerHardener5L-600x600.png",600,600,true],"woocommerce_gallery_thumbnail":["https:\/\/www.ferberpainting.com\/wp-content\/uploads\/2025\/05\/PrimerHardener5L-100x100.png",100,100,true]},"uagb_author_info":{"display_name":"admin","author_link":"https:\/\/www.ferberpainting.com\/hu\/author\/"},"uagb_comment_info":6,"uagb_excerpt":"Improved resistance and primer adhesion.\u00a0This primer hardener is specifically designed to reinforce the structure of primer layers before applying paint or a final coating. It optimizes surface adhesion while improving resistance against mechanical and chemical damage, ensuring a more durable and professionally finished result. Money-back guarantee.\u00a0We have complete confidence in our primer hardener&#8217;s effectiveness. That&#8217;s&hellip;","_links":{"self":[{"href":"https:\/\/www.ferberpainting.com\/hu\/wp-json\/wp\/v2\/product\/24797","targetHints":{"allow":["GET"]}}],"collection":[{"href":"https:\/\/www.ferberpainting.com\/hu\/wp-json\/wp\/v2\/product"}],"about":[{"href":"https:\/\/www.ferberpainting.com\/hu\/wp-json\/wp\/v2\/types\/product"}],"replies":[{"embeddable":true,"href":"https:\/\/www.ferberpainting.com\/hu\/wp-json\/wp\/v2\/comments?post=24797"}],"version-history":[{"count":3,"href":"https:\/\/www.ferberpainting.com\/hu\/wp-json\/wp\/v2\/product\/24797\/revisions"}],"predecessor-version":[{"id":166997,"href":"https:\/\/www.ferberpainting.com\/hu\/wp-json\/wp\/v2\/product\/24797\/revisions\/166997"}],"wp:featuredmedia":[{"embeddable":true,"href":"https:\/\/www.ferberpainting.com\/hu\/wp-json\/wp\/v2\/media\/26642"}],"wp:attachment":[{"href":"https:\/\/www.ferberpainting.com\/hu\/wp-json\/wp\/v2\/media?parent=24797"}],"wp:term":[{"taxonomy":"product_brand","embeddable":true,"href":"https:\/\/www.ferberpainting.com\/hu\/wp-json\/wp\/v2\/product_brand?post=24797"},{"taxonomy":"product_cat","embeddable":true,"href":"https:\/\/www.ferberpainting.com\/hu\/wp-json\/wp\/v2\/product_cat?post=24797"},{"taxonomy":"product_tag","embeddable":true,"href":"https:\/\/www.ferberpainting.com\/hu\/wp-json\/wp\/v2\/product_tag?post=24797"}],"curies":[{"name":"wp","href":"https:\/\/api.w.org\/{rel}","templated":true}]}}