{"id":24796,"date":"2025-05-26T10:27:17","date_gmt":"2025-05-26T08:27:17","guid":{"rendered":"https:\/\/www.ferberpainting.com\/products\/potato-fertilizer\/"},"modified":"2026-02-16T07:33:17","modified_gmt":"2026-02-16T06:33:17","slug":"potato-fertilizer","status":"publish","type":"product","link":"https:\/\/www.ferberpainting.com\/hu\/products\/potato-fertilizer\/","title":{"rendered":"Burgonyatr\u00e1gya 25 kg"},"content":{"rendered":"<p><strong><img decoding=\"async\" style=\"margin-right: 12px;\" src=\"https:\/\/www.ferberpainting.com\/wp-content\/uploads\/2026\/02\/Check.svg\" alt=\"\" width=\"18\" height=\"15\" \/>A burgonya n\u00f6veked\u00e9s\u00e9nek \u00e9s termel\u00e9s\u00e9nek optimaliz\u00e1l\u00e1s\u00e1ra tervezett m\u0171tr\u00e1gya.<\/strong>\u00a0Ezt a m\u0171tr\u00e1gy\u00e1t kifejezetten \u00fagy \u00e1ll\u00edtott\u00e1k \u00f6ssze, hogy a burgonyan\u00f6v\u00e9nyeket a fejl\u0151d\u00e9s\u00fckh\u00f6z sz\u00fcks\u00e9ges t\u00e1panyagokkal l\u00e1ssa el. A nitrog\u00e9n (N), a foszfor (P) \u00e9s a k\u00e1lium (K) t\u00f6k\u00e9letes egyens\u00faly\u00e1val, 10-10-10 NPK ar\u00e1ny\u00e1val biztos\u00edtja az er\u0151teljes lev\u00e9ln\u00f6veked\u00e9st, az optim\u00e1lis gy\u00f6keresed\u00e9st \u00e9s a j\u00f3l form\u00e1lt gum\u00f3k b\u0151s\u00e9ges term\u00e9s\u00e9t. Teljes k\u00f6r\u0171 hat\u00e1s\u00e1nak k\u00f6sz\u00f6nhet\u0151en serkenti az \u00faj gy\u00f6kerek k\u00e9pz\u0151d\u00e9s\u00e9t, er\u0151s\u00edti a n\u00f6v\u00e9nyek betegs\u00e9gekkel szembeni ellen\u00e1ll\u00f3 k\u00e9pess\u00e9g\u00e9t \u00e9s jav\u00edtja a betakar\u00edtott burgonya m\u00e9ret\u00e9t.<\/p>\n<p><strong><img decoding=\"async\" style=\"margin-right: 12px;\" src=\"https:\/\/www.ferberpainting.com\/wp-content\/uploads\/2026\/02\/Check.svg\" alt=\"\" width=\"18\" height=\"15\" \/>P\u00e9nzvisszafizet\u00e9si garancia.<\/strong>\u00a0Teljes m\u00e9rt\u00e9kben megb\u00edzunk m\u0171tr\u00e1gy\u00e1nk hat\u00e9konys\u00e1g\u00e1ban, ez\u00e9rt p\u00e9nzvisszafizet\u00e9si garanci\u00e1t v\u00e1llalunk. Ha az optim\u00e1lis k\u00f6r\u00fclm\u00e9nyek k\u00f6z\u00f6tti haszn\u00e1latot k\u00f6vet\u0151en nem tapasztal jelent\u0151s javul\u00e1st burgonyan\u00f6v\u00e9nyei n\u00f6veked\u00e9s\u00e9ben \u00e9s term\u00e9shozam\u00e1ban, vita n\u00e9lk\u00fcl visszat\u00e9r\u00edtj\u00fck az \u00e1r\u00e1t.<\/p>\n<p><strong><img decoding=\"async\" style=\"margin-right: 12px;\" src=\"https:\/\/www.ferberpainting.com\/wp-content\/uploads\/2026\/02\/Check.svg\" alt=\"\" width=\"18\" height=\"15\" \/>Minden talajt\u00edpushoz \u00e9s burgonyafajt\u00e1hoz alkalmas m\u0171tr\u00e1gya.<\/strong>\u00a0Ak\u00e1r szabadf\u00f6ld\u00f6n, kerti \u00e1gy\u00e1sban, \u00fcvegh\u00e1zban vagy talajon k\u00edv\u00fcli termeszt\u00e9sben termeszt burgony\u00e1t, ez a m\u0171tr\u00e1gya minden termeszt\u00e9si k\u00f6r\u00fclm\u00e9nyhez alkalmazkodik. Minden talajt\u00edpuson hat\u00e9kony, legyen az agyagos, homokos, agyagos vagy meszes. Ezenk\u00edv\u00fcl minden burgonyafajt\u00e1hoz alkalmas, ak\u00e1r korai, ak\u00e1r t\u00e1rol\u00e1sra, ak\u00e1r k\u00fcl\u00f6nleges konyhai felhaszn\u00e1l\u00e1sra (p\u00e1rol\u00e1s, s\u00fct\u00e9s, p\u00fcr\u00e9s\u00edt\u00e9s).<\/p>\n<p><strong><img decoding=\"async\" style=\"margin-right: 12px;\" src=\"https:\/\/www.ferberpainting.com\/wp-content\/uploads\/2026\/02\/Check.svg\" alt=\"\" width=\"18\" height=\"15\" \/>Gazdas\u00e1gos \u00e9s hat\u00e9kony tr\u00e1gy\u00e1z\u00e1s.<\/strong>\u00a0Ez a m\u0171tr\u00e1gya kiv\u00e1l\u00f3 term\u00e9shozamot biztos\u00edt, mivel lassan old\u00f3dik a talajba, \u00edgy hossz\u00fa t\u00e1v\u00fa tr\u00e1gy\u00e1z\u00e1st biztos\u00edt, gyakori kijuttat\u00e1s n\u00e9lk\u00fcl. Egy 25 kg-os zs\u00e1kkal nagy mez\u0151gazdas\u00e1gi vagy kerti ter\u00fcleteket is lefedhet. Nem ig\u00e9nyel h\u00edg\u00edt\u00e1st, \u00edgy id\u0151t \u00e9s vizet takar\u00edt meg, mik\u00f6zben biztos\u00edtja a n\u00f6v\u00e9nyek fokozatos \u00e9s folyamatos felsz\u00edv\u00f3d\u00e1s\u00e1t.<\/p>\n<p><strong><img decoding=\"async\" style=\"margin-right: 12px;\" src=\"https:\/\/www.ferberpainting.com\/wp-content\/uploads\/2026\/02\/Check.svg\" alt=\"\" width=\"18\" height=\"15\" \/>K\u00f6rnyezetbar\u00e1t \u00e9s biztons\u00e1gos m\u0171tr\u00e1gya a n\u00f6v\u00e9nyek sz\u00e1m\u00e1ra.<\/strong>\u00a0Ez a m\u0171tr\u00e1gya agressz\u00edv vegyi anyagok n\u00e9lk\u00fcl k\u00e9sz\u00fclt, \u00edgy a burgonya gy\u00f6kerei sz\u00e1m\u00e1ra kock\u00e1zatmentes. El\u0151seg\u00edti az eg\u00e9szs\u00e9ges, kiegyens\u00falyozott talajt, helyre\u00e1ll\u00edtja az optim\u00e1lis term\u00e9kenys\u00e9ghez sz\u00fcks\u00e9ges mikrobi\u00e1lis \u00e9letet. Nem szennyezi a talajvizet, a talajokat, biztos\u00edtva a felel\u0151s \u00e9s k\u00f6rnyezetk\u00edm\u00e9l\u0151 gazd\u00e1lkod\u00e1st.<\/p>\n<p><strong><img decoding=\"async\" style=\"margin-right: 12px;\" src=\"https:\/\/www.ferberpainting.com\/wp-content\/uploads\/2026\/02\/Check.svg\" alt=\"\" width=\"18\" height=\"15\" \/>Egyszer\u0171 \u00e9s gyors alkalmaz\u00e1s garant\u00e1lt eredm\u00e9nyek\u00e9rt.<\/strong>\u00a0A foly\u00e9kony m\u0171tr\u00e1gy\u00e1kkal ellent\u00e9tben, amelyek pontos adagol\u00e1st \u00e9s v\u00edzzel val\u00f3 kever\u00e9st ig\u00e9nyelnek, ez a m\u0171tr\u00e1gya k\u00f6zvetlen\u00fcl a talajba ker\u00fcl. Nincs sz\u00fcks\u00e9g speci\u00e1lis felszerel\u00e9sre, csak sz\u00f3rja a m\u0171tr\u00e1gy\u00e1t a n\u00f6v\u00e9nyek k\u00f6r\u00e9, \u00e9s enyh\u00e9n dolgozza be a talajba. Haszn\u00e1lata mindenki sz\u00e1m\u00e1ra el\u00e9rhet\u0151, legyen sz\u00f3 hobbikert\u00e9szr\u0151l vagy profi kert\u00e9szr\u0151l.<\/p>\n<p><strong><img decoding=\"async\" style=\"margin-right: 12px;\" src=\"https:\/\/www.ferberpainting.com\/wp-content\/uploads\/2026\/02\/Check.svg\" alt=\"\" width=\"18\" height=\"15\" \/>Fenntarthat\u00f3 fell\u00e9p\u00e9s a b\u0151s\u00e9ges term\u00e9s \u00e9s a min\u0151s\u00e9gi gum\u00f3k \u00e9rdek\u00e9ben.<\/strong>\u00a0A lass\u00fa \u00e9s homog\u00e9n felszabadul\u00e1snak k\u00f6sz\u00f6nhet\u0151en ez a m\u0171tr\u00e1gya fokozatos t\u00e1panyagell\u00e1t\u00e1st biztos\u00edt, lehet\u0151v\u00e9 t\u00e9ve a burgonyan\u00f6v\u00e9nyek t\u00e1pl\u00e1l\u00e1s\u00e1t a teljes n\u00f6veked\u00e9si ciklusuk alatt. El\u0151seg\u00edti a j\u00f3l kalibr\u00e1lt, kem\u00e9ny\u00edt\u0151ben gazdag \u00e9s szil\u00e1rd h\u00fas\u00fa gum\u00f3k kialakul\u00e1s\u00e1t, ami jav\u00edtja a betakar\u00edtott burgonya t\u00e1rolhat\u00f3s\u00e1g\u00e1t \u00e9s \u00edzmin\u0151s\u00e9g\u00e9t.<\/p>\n<p><strong><img decoding=\"async\" style=\"margin-right: 12px;\" src=\"https:\/\/www.ferberpainting.com\/wp-content\/uploads\/2026\/02\/Check.svg\" alt=\"\" width=\"18\" height=\"15\" \/>Gyors \u00e9s hat\u00e9kony, n\u00e9h\u00e1ny h\u00e9ten bel\u00fcl l\u00e1that\u00f3 eredm\u00e9nyek.<\/strong>\u00a0A kijuttat\u00e1st k\u00f6vet\u0151 els\u0151 hetekben er\u0151teljesebb lev\u00e9ln\u00f6veked\u00e9st, j\u00f3l form\u00e1lt gum\u00f3kat \u00e9s er\u0151s, robusztus sz\u00e1rakat figyelhet meg. A gum\u00f3k gyorsan \u00e9s egyenletesen n\u0151nek, ami jelent\u0151s term\u00e9sn\u00f6veked\u00e9st, jobb min\u0151s\u00e9g\u0171 term\u00e9st \u00e9s nagyobb betakar\u00edt\u00e1si el\u00e9gedetts\u00e9get eredm\u00e9nyez.<\/p>\n<h2><strong>Haszn\u00e1lati protokoll<\/strong><\/h2>\n<p><strong>Aj\u00e1nlott adagol\u00e1s :<\/strong><\/p>\n<ul>\n<li><strong>\u00dcltet\u00e9s el\u0151tt <\/strong>: sz\u00f3rjon ki n\u00e9gyzetm\u00e9terenk\u00e9nt 200 g m\u0171tr\u00e1gy\u00e1t, \u00e9s egy gereblye vagy karom seg\u00edts\u00e9g\u00e9vel dolgozza be a talajba.<\/li>\n<li><strong>A bolygat\u00e1skor (a n\u00f6v\u00e9nyek kel\u00e9se ut\u00e1n) <\/strong>: n\u00e9gyzetm\u00e9terenk\u00e9nt 100 g m\u0171tr\u00e1gy\u00e1t adjon a fel\u00fcletre, \u00e9s enyh\u00e9n \u00f6nt\u00f6zze meg, hogy aktiv\u00e1lja a t\u00e1panyagfelv\u00e9telt.<\/li>\n<li><strong>A n\u00f6v\u00e9ny n\u00f6veked\u00e9se sor\u00e1n (nem k\u00f6telez\u0151, a jobb term\u00e9shozam \u00e9rdek\u00e9ben) <\/strong>: a n\u00f6v\u00e9ny vir\u00e1gz\u00e1sa ut\u00e1n ism\u00e9telje meg az alkalmaz\u00e1st, n\u00e9gyzetm\u00e9terenk\u00e9nt 100 g m\u0171tr\u00e1gy\u00e1t adagolva.<\/li>\n<\/ul>\n<p><strong>Alkalmaz\u00e1si gyakoris\u00e1g :<\/strong><\/p>\n<ul>\n<li>A talaj el\u0151k\u00e9sz\u00edt\u00e9se sor\u00e1n t\u00f6rt\u00e9n\u0151 egyszeri kijuttat\u00e1s biztos\u00edtja a j\u00f3 kezdeti t\u00e1panyagell\u00e1t\u00e1st.<\/li>\n<li>Egy tov\u00e1bbi r\u00e1ford\u00edt\u00e1s a gerend\u00e1z\u00e1s sor\u00e1n optimaliz\u00e1lja a n\u00f6veked\u00e9st \u00e9s a gum\u00f3k\u00e9pz\u0151d\u00e9st.<\/li>\n<li>A n\u00f6v\u00e9ny n\u00f6veked\u00e9se sor\u00e1n t\u00f6rt\u00e9n\u0151 utols\u00f3 kijuttat\u00e1s seg\u00edt a burgonya m\u00e9ret\u00e9nek \u00e9s term\u00e9shozam\u00e1nak jav\u00edt\u00e1s\u00e1ban.<\/li>\n<\/ul>\n<p><strong>Alkalmaz\u00e1si m\u00f3dszer :<\/strong><\/p>\n<ul>\n<li>A m\u0171tr\u00e1gy\u00e1t k\u00f6zvetlen\u00fcl a talajra, a n\u00f6v\u00e9nyek k\u00f6r\u00e9 vagy az \u00fcltetv\u00e9ny bar\u00e1zd\u00e1iba sz\u00f3rja.<\/li>\n<li>A felsz\u00edv\u00f3d\u00e1s el\u0151seg\u00edt\u00e9se \u00e9rdek\u00e9ben egy gerebly\u00e9vel vagy karommal enyh\u00e9n dolgozza be a talajba.<\/li>\n<li>A kijuttat\u00e1s ut\u00e1n \u00f6nt\u00f6zze meg, k\u00fcl\u00f6n\u00f6sen, ha a talaj sz\u00e1raz, hogy megk\u00f6nny\u00edtse a t\u00e1panyagok felszabadul\u00e1s\u00e1t.<\/li>\n<\/ul>\n<p><strong>Haszn\u00e1lati \u00f3vint\u00e9zked\u00e9sek :<\/strong><\/p>\n<ul>\n<li>Ne adagolja t\u00fal, hogy elker\u00fclje a t\u00falzott nitrog\u00e9ntartalmat, amely a gum\u00f3k rov\u00e1s\u00e1ra t\u00fals\u00e1gosan d\u00fas lombozatot eredm\u00e9nyezne.<\/li>\n<li>Ne alkalmazza fagyott vagy \u00e1tnedvesedett talajon, mivel ez cs\u00f6kkenti a m\u0171tr\u00e1gya hat\u00e9konys\u00e1g\u00e1t.<\/li>\n<li>A zs\u00e1kot sz\u00e1raz, nedvess\u00e9gt\u0151l v\u00e9dett helyen t\u00e1rolja, hogy meg\u0151rizze teljes hat\u00e9konys\u00e1g\u00e1t.<\/li>\n<\/ul>\n<p>Ezzel a burgonyatr\u00e1gy\u00e1val eg\u00e9szs\u00e9ges n\u00f6veked\u00e9st, b\u0151s\u00e9ges term\u00e9st \u00e9s kiv\u00e1l\u00f3 min\u0151s\u00e9g\u0171 gum\u00f3kat biztos\u00edthat. A fokozatos t\u00e1panyag-lead\u00e1snak \u00e9s a k\u00f6nny\u0171 kijuttat\u00e1snak k\u00f6sz\u00f6nhet\u0151en ide\u00e1lis megold\u00e1s a termel\u00e9s maximaliz\u00e1l\u00e1s\u00e1ra, mik\u00f6zben meg\u0151rzi a talaj term\u00e9szetes term\u00e9kenys\u00e9g\u00e9t.<\/p>","protected":false},"excerpt":{"rendered":"<p>A fertilizer designed to optimize the growth and production of potatoes.\u00a0This fertilizer is specifically formulated to provide potato plants with the essential nutrients for their development. With a perfect balance of nitrogen (N), phosphorus (P), and potassium (K), with an NPK ratio of 10-10-10, it ensures vigorous leaf growth, optimal rooting, and abundant production of [&hellip;]<\/p>\n","protected":false},"featured_media":26641,"comment_status":"open","ping_status":"closed","template":"","meta":{"_uag_custom_page_level_css":"","site-sidebar-layout":"default","site-content-layout":"","ast-site-content-layout":"default","site-content-style":"default","site-sidebar-style":"default","ast-global-header-display":"","ast-banner-title-visibility":"","ast-main-header-display":"","ast-hfb-above-header-display":"","ast-hfb-below-header-display":"","ast-hfb-mobile-header-display":"","site-post-title":"","ast-breadcrumbs-content":"","ast-featured-img":"","footer-sml-layout":"","ast-disable-related-posts":"","theme-transparent-header-meta":"default","adv-header-id-meta":"","stick-header-meta":"","header-above-stick-meta":"","header-main-stick-meta":"","header-below-stick-meta":"","astra-migrate-meta-layouts":"set","ast-page-background-enabled":"default","ast-page-background-meta":{"desktop":{"background-color":"var(--ast-global-color-4)","background-image":"","background-repeat":"repeat","background-position":"center center","background-size":"auto","background-attachment":"scroll","background-type":"","background-media":"","overlay-type":"","overlay-color":"","overlay-opacity":"","overlay-gradient":""},"tablet":{"background-color":"","background-image":"","background-repeat":"repeat","background-position":"center center","background-size":"auto","background-attachment":"scroll","background-type":"","background-media":"","overlay-type":"","overlay-color":"","overlay-opacity":"","overlay-gradient":""},"mobile":{"background-color":"","background-image":"","background-repeat":"repeat","background-position":"center center","background-size":"auto","background-attachment":"scroll","background-type":"","background-media":"","overlay-type":"","overlay-color":"","overlay-opacity":"","overlay-gradient":""}},"ast-content-background-meta":{"desktop":{"background-color":"var(--ast-global-color-5)","background-image":"","background-repeat":"repeat","background-position":"center center","background-size":"auto","background-attachment":"scroll","background-type":"","background-media":"","overlay-type":"","overlay-color":"","overlay-opacity":"","overlay-gradient":""},"tablet":{"background-color":"var(--ast-global-color-5)","background-image":"","background-repeat":"repeat","background-position":"center center","background-size":"auto","background-attachment":"scroll","background-type":"","background-media":"","overlay-type":"","overlay-color":"","overlay-opacity":"","overlay-gradient":""},"mobile":{"background-color":"var(--ast-global-color-5)","background-image":"","background-repeat":"repeat","background-position":"center center","background-size":"auto","background-attachment":"scroll","background-type":"","background-media":"","overlay-type":"","overlay-color":"","overlay-opacity":"","overlay-gradient":""}}},"product_brand":[],"product_cat":[178],"product_tag":[],"class_list":{"0":"post-24796","1":"product","2":"type-product","3":"status-publish","4":"has-post-thumbnail","6":"product_cat-fertilizers","7":"desktop-align-left","8":"tablet-align-left","9":"mobile-align-left","11":"first","12":"instock","13":"taxable","14":"shipping-taxable","15":"purchasable","16":"product-type-simple"},"spectra_custom_meta":{"_visibility":["visible"],"_shopify_product_id":["9072137601269"],"_s2w_shopify_domain":["ferberpainting.myshopify.com"],"_shopify_variant_id":["46519520461045"],"_sku":["FPPOTATOFERTILIZER25"],"_regular_price":["39.00"],"_price":["39.00"],"_sale_price":[""],"_weight":["18.7"],"_thumbnail_id":["26641"],"_global_unique_id":["5056773817814"],"total_sales":["14"],"_tax_status":["taxable"],"_tax_class":[""],"_manage_stock":["no"],"_backorders":["no"],"_sold_individually":["no"],"_virtual":["no"],"_downloadable":["no"],"_download_limit":["-1"],"_download_expiry":["-1"],"_stock":[null],"_stock_status":["instock"],"_wc_average_rating":["5.00"],"_wc_review_count":["33"],"_product_version":["10.5.1"],"_wc_rating_count":["a:1:{i:5;i:33;}"],"_edit_lock":["1771223968:1"],"merchant-center-availability":["yes"],"merchant-center-category":["113"],"_edit_last":["1"],"_wp_page_template":["default"],"site-sidebar-layout":["default"],"ast-site-content-layout":["default"],"site-content-style":["default"],"site-sidebar-style":["default"],"theme-transparent-header-meta":["default"],"astra-migrate-meta-layouts":["set"],"_uag_css_file_name":["uag-css-24796.css"],"_elementor_page_assets":["a:0:{}"],"_uag_page_assets":["a:9:{s:3:\"css\";s:7133:\".uag-blocks-common-selector{z-index:var(--z-index-desktop) !important}@media(max-width: 976px){.uag-blocks-common-selector{z-index:var(--z-index-tablet) !important}}@media(max-width: 767px){.uag-blocks-common-selector{z-index:var(--z-index-mobile) !important}}.wp-block-uagb-image{display:flex}.wp-block-uagb-image__figure{position:relative;display:flex;flex-direction:column;max-width:100%;height:auto;margin:0}.wp-block-uagb-image__figure img{height:auto;display:flex;max-width:100%;transition:box-shadow .2s ease}.wp-block-uagb-image__figure>a{display:inline-block}.wp-block-uagb-image__figure figcaption{text-align:center;margin-top:.5em;margin-bottom:1em}.wp-block-uagb-image .components-placeholder.block-editor-media-placeholder .components-placeholder__instructions{align-self:center}.wp-block-uagb-image--align-left{text-align:left}.wp-block-uagb-image--align-right{text-align:right}.wp-block-uagb-image--align-center{text-align:center}.wp-block-uagb-image--align-full .wp-block-uagb-image__figure{margin-left:calc(50% - 50vw);margin-right:calc(50% - 50vw);max-width:100vw;width:100vw;height:auto}.wp-block-uagb-image--align-full .wp-block-uagb-image__figure img{height:auto;width:100% !important}.wp-block-uagb-image--align-wide .wp-block-uagb-image__figure img{height:auto;width:100%}.wp-block-uagb-image--layout-overlay__color-wrapper{position:absolute;left:0;top:0;right:0;bottom:0;opacity:.2;background:rgba(0,0,0,.5);transition:opacity .35s ease-in-out}.wp-block-uagb-image--layout-overlay-link{position:absolute;left:0;right:0;bottom:0;top:0}.wp-block-uagb-image--layout-overlay .wp-block-uagb-image__figure:hover .wp-block-uagb-image--layout-overlay__color-wrapper{opacity:1}.wp-block-uagb-image--layout-overlay__inner{position:absolute;left:15px;right:15px;bottom:15px;top:15px;display:flex;align-items:center;justify-content:center;flex-direction:column;border-color:#fff;transition:.35s ease-in-out}.wp-block-uagb-image--layout-overlay__inner.top-left,.wp-block-uagb-image--layout-overlay__inner.top-center,.wp-block-uagb-image--layout-overlay__inner.top-right{justify-content:flex-start}.wp-block-uagb-image--layout-overlay__inner.bottom-left,.wp-block-uagb-image--layout-overlay__inner.bottom-center,.wp-block-uagb-image--layout-overlay__inner.bottom-right{justify-content:flex-end}.wp-block-uagb-image--layout-overlay__inner.top-left,.wp-block-uagb-image--layout-overlay__inner.center-left,.wp-block-uagb-image--layout-overlay__inner.bottom-left{align-items:flex-start}.wp-block-uagb-image--layout-overlay__inner.top-right,.wp-block-uagb-image--layout-overlay__inner.center-right,.wp-block-uagb-image--layout-overlay__inner.bottom-right{align-items:flex-end}.wp-block-uagb-image--layout-overlay__inner .uagb-image-heading{color:#fff;transition:transform .35s,opacity .35s ease-in-out;transform:translate3d(0, 24px, 0);margin:0;line-height:1em}.wp-block-uagb-image--layout-overlay__inner .uagb-image-separator{width:30%;border-top-width:2px;border-top-color:#fff;border-top-style:solid;margin-bottom:10px;opacity:0;transition:transform .4s,opacity .4s ease-in-out;transform:translate3d(0, 30px, 0)}.wp-block-uagb-image--layout-overlay__inner .uagb-image-caption{opacity:0;overflow:visible;color:#fff;transition:transform .45s,opacity .45s ease-in-out;transform:translate3d(0, 35px, 0)}.wp-block-uagb-image--layout-overlay__inner:hover .uagb-image-heading,.wp-block-uagb-image--layout-overlay__inner:hover .uagb-image-separator,.wp-block-uagb-image--layout-overlay__inner:hover .uagb-image-caption{opacity:1;transform:translate3d(0, 0, 0)}.wp-block-uagb-image--effect-zoomin .wp-block-uagb-image__figure img,.wp-block-uagb-image--effect-zoomin .wp-block-uagb-image__figure .wp-block-uagb-image--layout-overlay__color-wrapper{transform:scale(1);transition:transform .35s ease-in-out}.wp-block-uagb-image--effect-zoomin .wp-block-uagb-image__figure:hover img,.wp-block-uagb-image--effect-zoomin .wp-block-uagb-image__figure:hover .wp-block-uagb-image--layout-overlay__color-wrapper{transform:scale(1.05)}.wp-block-uagb-image--effect-slide .wp-block-uagb-image__figure img,.wp-block-uagb-image--effect-slide .wp-block-uagb-image__figure .wp-block-uagb-image--layout-overlay__color-wrapper{width:calc(100% + 40px) !important;max-width:none !important;transform:translate3d(-40px, 0, 0);transition:transform .35s ease-in-out}.wp-block-uagb-image--effect-slide .wp-block-uagb-image__figure:hover img,.wp-block-uagb-image--effect-slide .wp-block-uagb-image__figure:hover .wp-block-uagb-image--layout-overlay__color-wrapper{transform:translate3d(0, 0, 0)}.wp-block-uagb-image--effect-grayscale img{filter:grayscale(0%);transition:.35s ease-in-out}.wp-block-uagb-image--effect-grayscale:hover img{filter:grayscale(100%)}.wp-block-uagb-image--effect-blur img{filter:blur(0);transition:.35s ease-in-out}.wp-block-uagb-image--effect-blur:hover img{filter:blur(3px)}.uagb-block-e6f939b3.wp-block-uagb-image--layout-default figure img{box-shadow: 0px 0px 0 #00000070;}.uagb-block-e6f939b3.wp-block-uagb-image .wp-block-uagb-image__figure figcaption{font-style: normal;align-self: center;}.uagb-block-e6f939b3.wp-block-uagb-image--layout-overlay figure img{box-shadow: 0px 0px 0 #00000070;}.uagb-block-e6f939b3.wp-block-uagb-image--layout-overlay .wp-block-uagb-image--layout-overlay__color-wrapper{opacity: 0.2;}.uagb-block-e6f939b3.wp-block-uagb-image--layout-overlay .wp-block-uagb-image--layout-overlay__inner{left: 15px;right: 15px;top: 15px;bottom: 15px;}.uagb-block-e6f939b3.wp-block-uagb-image--layout-overlay .wp-block-uagb-image--layout-overlay__inner .uagb-image-heading{font-style: normal;color: #fff;opacity: 1;}.uagb-block-e6f939b3.wp-block-uagb-image--layout-overlay .wp-block-uagb-image--layout-overlay__inner .uagb-image-heading a{color: #fff;}.uagb-block-e6f939b3.wp-block-uagb-image--layout-overlay .wp-block-uagb-image--layout-overlay__inner .uagb-image-caption{opacity: 0;}.uagb-block-e6f939b3.wp-block-uagb-image--layout-overlay .wp-block-uagb-image__figure:hover .wp-block-uagb-image--layout-overlay__color-wrapper{opacity: 1;}.uagb-block-e6f939b3.wp-block-uagb-image .wp-block-uagb-image--layout-overlay__inner .uagb-image-separator{width: 30%;border-top-width: 2px;border-top-color: #fff;opacity: 0;}.uagb-block-e6f939b3.wp-block-uagb-image .wp-block-uagb-image__figure img{width: px;height: auto;}.uagb-block-e6f939b3.wp-block-uagb-image .wp-block-uagb-image__figure:hover .wp-block-uagb-image--layout-overlay__inner .uagb-image-caption{opacity: 1;}.uagb-block-e6f939b3.wp-block-uagb-image .wp-block-uagb-image__figure:hover .wp-block-uagb-image--layout-overlay__inner .uagb-image-separator{opacity: 1;}.uagb-block-e6f939b3.wp-block-uagb-image--layout-default figure:hover img{box-shadow: 0px 0px 0 #00000070;}.uagb-block-e6f939b3.wp-block-uagb-image--layout-overlay figure:hover img{box-shadow: 0px 0px 0 #00000070;}@media only screen and (max-width: 976px) {.uagb-block-e6f939b3.wp-block-uagb-image .wp-block-uagb-image__figure img{width: px;height: auto;}}@media only screen and (max-width: 767px) {.uagb-block-e6f939b3.wp-block-uagb-image .wp-block-uagb-image__figure img{width: px;height: auto;}}\";s:2:\"js\";s:0:\"\";s:18:\"current_block_list\";a:13:{i:0;s:11:\"core\/search\";i:1;s:10:\"core\/group\";i:2;s:12:\"core\/heading\";i:3;s:17:\"core\/latest-posts\";i:4;s:20:\"core\/latest-comments\";i:5;s:13:\"core\/archives\";i:6;s:15:\"core\/categories\";i:7;s:14:\"core\/paragraph\";i:8;s:10:\"uagb\/image\";i:9;s:11:\"core\/spacer\";i:10;s:30:\"woocommerce\/product-categories\";i:11;s:10:\"core\/image\";i:12;s:14:\"core\/shortcode\";}s:8:\"uag_flag\";b:1;s:11:\"uag_version\";s:10:\"1777355454\";s:6:\"gfonts\";a:0:{}s:10:\"gfonts_url\";s:0:\"\";s:12:\"gfonts_files\";a:0:{}s:14:\"uag_faq_layout\";b:0;}"]},"uagb_featured_image_src":{"full":["https:\/\/www.ferberpainting.com\/wp-content\/uploads\/2025\/05\/PotatoFertilizer.png",2560,2560,false],"thumbnail":["https:\/\/www.ferberpainting.com\/wp-content\/uploads\/2025\/05\/PotatoFertilizer-150x150.png",150,150,true],"medium":["https:\/\/www.ferberpainting.com\/wp-content\/uploads\/2025\/05\/PotatoFertilizer-300x300.png",300,300,true],"medium_large":["https:\/\/www.ferberpainting.com\/wp-content\/uploads\/2025\/05\/PotatoFertilizer-768x768.png",768,768,true],"large":["https:\/\/www.ferberpainting.com\/wp-content\/uploads\/2025\/05\/PotatoFertilizer-1024x1024.png",1024,1024,true],"1536x1536":["https:\/\/www.ferberpainting.com\/wp-content\/uploads\/2025\/05\/PotatoFertilizer-1536x1536.png",1536,1536,true],"2048x2048":["https:\/\/www.ferberpainting.com\/wp-content\/uploads\/2025\/05\/PotatoFertilizer-2048x2048.png",2048,2048,true],"trp-custom-language-flag":["https:\/\/www.ferberpainting.com\/wp-content\/uploads\/2025\/05\/PotatoFertilizer-12x12.png",12,12,true],"woocommerce_thumbnail":["https:\/\/www.ferberpainting.com\/wp-content\/uploads\/2025\/05\/PotatoFertilizer-300x300.png",300,300,true],"woocommerce_single":["https:\/\/www.ferberpainting.com\/wp-content\/uploads\/2025\/05\/PotatoFertilizer-600x600.png",600,600,true],"woocommerce_gallery_thumbnail":["https:\/\/www.ferberpainting.com\/wp-content\/uploads\/2025\/05\/PotatoFertilizer-100x100.png",100,100,true]},"uagb_author_info":{"display_name":"admin","author_link":"https:\/\/www.ferberpainting.com\/hu\/author\/"},"uagb_comment_info":33,"uagb_excerpt":"A fertilizer designed to optimize the growth and production of potatoes.\u00a0This fertilizer is specifically formulated to provide potato plants with the essential nutrients for their development. With a perfect balance of nitrogen (N), phosphorus (P), and potassium (K), with an NPK ratio of 10-10-10, it ensures vigorous leaf growth, optimal rooting, and abundant production of&hellip;","_links":{"self":[{"href":"https:\/\/www.ferberpainting.com\/hu\/wp-json\/wp\/v2\/product\/24796","targetHints":{"allow":["GET"]}}],"collection":[{"href":"https:\/\/www.ferberpainting.com\/hu\/wp-json\/wp\/v2\/product"}],"about":[{"href":"https:\/\/www.ferberpainting.com\/hu\/wp-json\/wp\/v2\/types\/product"}],"replies":[{"embeddable":true,"href":"https:\/\/www.ferberpainting.com\/hu\/wp-json\/wp\/v2\/comments?post=24796"}],"version-history":[{"count":4,"href":"https:\/\/www.ferberpainting.com\/hu\/wp-json\/wp\/v2\/product\/24796\/revisions"}],"predecessor-version":[{"id":166994,"href":"https:\/\/www.ferberpainting.com\/hu\/wp-json\/wp\/v2\/product\/24796\/revisions\/166994"}],"wp:featuredmedia":[{"embeddable":true,"href":"https:\/\/www.ferberpainting.com\/hu\/wp-json\/wp\/v2\/media\/26641"}],"wp:attachment":[{"href":"https:\/\/www.ferberpainting.com\/hu\/wp-json\/wp\/v2\/media?parent=24796"}],"wp:term":[{"taxonomy":"product_brand","embeddable":true,"href":"https:\/\/www.ferberpainting.com\/hu\/wp-json\/wp\/v2\/product_brand?post=24796"},{"taxonomy":"product_cat","embeddable":true,"href":"https:\/\/www.ferberpainting.com\/hu\/wp-json\/wp\/v2\/product_cat?post=24796"},{"taxonomy":"product_tag","embeddable":true,"href":"https:\/\/www.ferberpainting.com\/hu\/wp-json\/wp\/v2\/product_tag?post=24796"}],"curies":[{"name":"wp","href":"https:\/\/api.w.org\/{rel}","templated":true}]}}