{"id":24790,"date":"2025-05-26T10:27:15","date_gmt":"2025-05-26T08:27:15","guid":{"rendered":"https:\/\/www.ferberpainting.com\/products\/pool-leak-stopper\/"},"modified":"2026-02-16T07:28:44","modified_gmt":"2026-02-16T06:28:44","slug":"pool-leak-stopper","status":"publish","type":"product","link":"https:\/\/www.ferberpainting.com\/hu\/products\/pool-leak-stopper\/","title":{"rendered":"Medence sziv\u00e1rg\u00e1sg\u00e1tl\u00f3"},"content":{"rendered":"<p><strong><img decoding=\"async\" style=\"margin-right: 12px;\" src=\"https:\/\/www.ferberpainting.com\/wp-content\/uploads\/2026\/02\/Check.svg\" alt=\"\" width=\"18\" height=\"15\" \/>Gyorsan \u00e9s hat\u00e9konyan t\u00f6m\u00edti a medence sziv\u00e1rg\u00e1sait bel\u00fclr\u0151l.<\/strong> A medence sziv\u00e1rg\u00e1sg\u00e1tl\u00f3nkat kifejezetten arra fejlesztett\u00fck ki, hogy felismerje \u00e9s lez\u00e1rja a medenc\u00e9kben l\u00e9v\u0151 kisebb sziv\u00e1rg\u00e1sokat \u00e9s mikroreped\u00e9seket an\u00e9lk\u00fcl, hogy sz\u00fcks\u00e9g lenne leereszt\u00e9sre vagy invaz\u00edv jav\u00edt\u00e1sra. K\u00f6zvetlen\u00fcl a v\u00edzben m\u0171k\u00f6dik, kering a medence rendszer\u00e9ben \u00e9s automatikusan lez\u00e1rja a sziv\u00e1rg\u00e1si pontokat.<\/p>\n<p><strong><img decoding=\"async\" style=\"margin-right: 12px;\" src=\"https:\/\/www.ferberpainting.com\/wp-content\/uploads\/2026\/02\/Check.svg\" alt=\"\" width=\"18\" height=\"15\" \/>A leghat\u00e9konyabb medence sziv\u00e1rg\u00e1sg\u00e1tl\u00f3 megold\u00e1s a piacon.<\/strong> Fejlett t\u00f6m\u00edt\u00e9si technol\u00f3gi\u00e1j\u00e1nak k\u00f6sz\u00f6nhet\u0151en a term\u00e9k a sziv\u00e1rg\u00e1si helyeket c\u00e9lozza meg, ahol a v\u00edz kisz\u00f6kik, \u00e9s tart\u00f3s bels\u0151 t\u00f6m\u00edt\u00e9st k\u00e9pez. Megb\u00edzhat\u00f3 \u00e9s tart\u00f3s eredm\u00e9nyt ny\u00fajt beton-, csempe-, b\u00e9l\u00e9scs\u00f6ves \u00e9s \u00fcvegsz\u00e1las medenc\u00e9kben.<\/p>\n<p><strong><img decoding=\"async\" style=\"margin-right: 12px;\" src=\"https:\/\/www.ferberpainting.com\/wp-content\/uploads\/2026\/02\/Check.svg\" alt=\"\" width=\"18\" height=\"15\" \/>Verhetetlen \u00e1r.<\/strong> A medencejav\u00edt\u00e1s rendk\u00edv\u00fcl k\u00f6lts\u00e9ges \u00e9s id\u0151ig\u00e9nyes lehet. Medenc\u00e9nk sziv\u00e1rg\u00e1sg\u00e1tl\u00f3ja professzion\u00e1lis megold\u00e1st k\u00edn\u00e1l az el\u00e9rhet\u0151 legversenyk\u00e9pesebb \u00e1ron, \u00e9s seg\u00edt elker\u00fclni a k\u00f6lts\u00e9ges szerkezeti beavatkoz\u00e1sokat.<\/p>\n<p><strong><img decoding=\"async\" style=\"margin-right: 12px;\" src=\"https:\/\/www.ferberpainting.com\/wp-content\/uploads\/2026\/02\/Check.svg\" alt=\"\" width=\"18\" height=\"15\" \/>P\u00e9nzvisszafizet\u00e9si garancia a teljes bizalom\u00e9rt.<\/strong> B\u00edzunk a medence sziv\u00e1rg\u00e1sg\u00e1tl\u00f3ink hat\u00e9konys\u00e1g\u00e1ban. Ha nem teljesen el\u00e9gedett az eredm\u00e9nnyel, p\u00e9nzvisszafizet\u00e9si garanci\u00e1t v\u00e1llalunk. Egyszer\u0171en l\u00e9pjen kapcsolatba vel\u00fcnk, \u00e9s mi visszat\u00e9r\u00edtj\u00fck a v\u00e9tel\u00e1r\u00e1t.<\/p>\n<p><strong><img decoding=\"async\" style=\"margin-right: 12px;\" src=\"https:\/\/www.ferberpainting.com\/wp-content\/uploads\/2026\/02\/Check.svg\" alt=\"\" width=\"18\" height=\"15\" \/>Gyors 24 \u00f3r\u00e1s sz\u00e1ll\u00edt\u00e1s s\u00fcrg\u0151s sziv\u00e1rg\u00e1si probl\u00e9m\u00e1k eset\u00e9n.<\/strong> Mindig 24 \u00f3r\u00e1s kisz\u00e1ll\u00edt\u00e1st biztos\u00edtunk, hogy azonnal kezelhesse a v\u00edzvesztes\u00e9get, \u00e9s megel\u0151zhesse a tov\u00e1bbi szerkezeti k\u00e1rokat vagy a t\u00falzott v\u00edzsz\u00e1ml\u00e1kat.<\/p>\n<p><strong><img decoding=\"async\" style=\"margin-right: 12px;\" src=\"https:\/\/www.ferberpainting.com\/wp-content\/uploads\/2026\/02\/Check.svg\" alt=\"\" width=\"18\" height=\"15\" \/>Egy palack ak\u00e1r 60 m\u00b3 v\u00edz kezel\u00e9s\u00e9re is alkalmas.<\/strong> Egyetlen palackot \u00fagy terveztek, hogy hat\u00e9konyan kezelje az ak\u00e1r 60 k\u00f6bm\u00e9ter vizet tartalmaz\u00f3 medenc\u00e9ket. Ez az optimaliz\u00e1lt adagol\u00e1s biztos\u00edtja a maxim\u00e1lis hat\u00e9konys\u00e1got an\u00e9lk\u00fcl, hogy t\u00faladagoln\u00e1 a medencerendszert.<\/p>\n<p><strong><img decoding=\"async\" style=\"margin-right: 12px;\" src=\"https:\/\/www.ferberpainting.com\/wp-content\/uploads\/2026\/02\/Check.svg\" alt=\"\" width=\"18\" height=\"15\" \/>Nem kell leereszteni a medenc\u00e9t.<\/strong> A term\u00e9k k\u00f6zvetlen\u00fcl a megl\u00e9v\u0151 medencev\u00edzben m\u0171k\u00f6dik, \u00edgy id\u0151t, munk\u00e1t \u00e9s v\u00edzk\u00f6lts\u00e9get takar\u00edt meg. Nincs sz\u00fcks\u00e9g neh\u00e9z bont\u00e1sra vagy a fel\u00fclet elt\u00e1vol\u00edt\u00e1s\u00e1ra.<\/p>\n<p><strong><img decoding=\"async\" style=\"margin-right: 12px;\" src=\"https:\/\/www.ferberpainting.com\/wp-content\/uploads\/2026\/02\/Check.svg\" alt=\"\" width=\"18\" height=\"15\" \/>Kompatibilis a legt\u00f6bb medence rendszerrel.<\/strong> Alkalmas betonmedenc\u00e9khez, csemp\u00e9zett medenc\u00e9khez, b\u00e9l\u00e9sekhez, \u00fcvegsz\u00e1las kagyl\u00f3khoz \u00e9s kompatibilis sz\u0171r\u0151rendszerekhez. Nem k\u00e1ros\u00edtja a szivatty\u00fakat, sz\u0171r\u0151ket vagy medenceberendez\u00e9seket, ha el\u0151\u00edr\u00e1s szerint haszn\u00e1lj\u00e1k.<\/p>\n<p><strong><img decoding=\"async\" style=\"margin-right: 12px;\" src=\"https:\/\/www.ferberpainting.com\/wp-content\/uploads\/2026\/02\/Check.svg\" alt=\"\" width=\"18\" height=\"15\" \/>Tart\u00f3s t\u00f6m\u00edt\u00e9si teljes\u00edtm\u00e9ny.<\/strong> A sziv\u00e1rg\u00e1s lez\u00e1r\u00e1sa ut\u00e1n a term\u00e9k stabil \u00e9s tart\u00f3s g\u00e1tat k\u00e9pez, amely k\u00e9pes ellen\u00e1llni a norm\u00e1l v\u00edznyom\u00e1snak \u00e9s a medence \u00fczemeltet\u00e9si k\u00f6r\u00fclm\u00e9nyeinek.<\/p>\n<p><strong><img decoding=\"async\" style=\"margin-right: 12px;\" src=\"https:\/\/www.ferberpainting.com\/wp-content\/uploads\/2026\/02\/Check.svg\" alt=\"\" width=\"18\" height=\"15\" \/>Egyszer\u0171 alkalmaz\u00e1s medencetulajdonosok \u00e9s szakemberek sz\u00e1m\u00e1ra.<\/strong> Az egyszer\u0171 adagol\u00e1si m\u00f3dszernek k\u00f6sz\u00f6nhet\u0151en mind a szakemberek, mind a gyors \u00e9s hat\u00e9kony megold\u00e1st keres\u0151 mag\u00e1ntulajdonosok sz\u00e1m\u00e1ra el\u00e9rhet\u0151.<\/p>\n<h2><strong>Utas\u00edt\u00e1sok<\/strong><\/h2>\n<ul>\n<li>Ellen\u0151rizze, hogy a sziv\u00e1rg\u00e1s kisebb m\u00e9rt\u00e9k\u0171 \u00e9s alkalmas a bels\u0151 t\u00f6m\u00edt\u00e9sre. A term\u00e9ket kisebb sziv\u00e1rg\u00e1sok \u00e9s mikroreped\u00e9sek, nem pedig nagyobb szerkezeti s\u00e9r\u00fcl\u00e9sek eset\u00e9n haszn\u00e1lj\u00e1k.<\/li>\n<li>A kezel\u00e9s el\u0151tt gy\u0151z\u0151dj\u00f6n meg arr\u00f3l, hogy a medence v\u00edzszintje a szok\u00e1sos \u00fczemi magass\u00e1gban van.<\/li>\n<li>Haszn\u00e1lat el\u0151tt alaposan r\u00e1zza fel a flakont, hogy az akt\u00edv t\u00f6m\u00edt\u0151 komponensek egyenletesen eloszoljanak.<\/li>\n<li>Adagol\u00e1s: egy teljes palackot haszn\u00e1ljon legfeljebb 60 m\u00b3 vizet tartalmaz\u00f3 medenc\u00e9khez. Kisebb medenc\u00e9k eset\u00e9ben ar\u00e1nyosan \u00e1ll\u00edtsa be (p\u00e9ld\u00e1ul f\u00e9l flakon 30 m\u00b3 v\u00edzhez).<\/li>\n<li>Alkalmaz\u00e1s el\u0151tt kapcsolja ki a sz\u0171r\u0151rendszert.<\/li>\n<li>A term\u00e9ket lassan \u00f6ntse a medence viz\u00e9be, egyenletesen eloszlatva azt a medence k\u00f6r\u00fcl, k\u00fcl\u00f6n\u00f6sen a felt\u00e9telezett sziv\u00e1rg\u00e1si helyek k\u00f6zel\u00e9ben.<\/li>\n<li>Hagyja a term\u00e9ket n\u00e9h\u00e1ny \u00f3r\u00e1n \u00e1t \u00fclepedni a sz\u0171r\u0151rendszer aktiv\u00e1l\u00e1sa n\u00e9lk\u00fcl. Ide\u00e1lis esetben hagyja a vizet 6-12 \u00f3r\u00e1n \u00e1t \u00e1llni, hogy a t\u00f6m\u00edt\u0151anyagok megtal\u00e1lj\u00e1k \u00e9s lez\u00e1rj\u00e1k a sziv\u00e1rg\u00e1si pontokat.<\/li>\n<li>A nyugalmi id\u0151szak ut\u00e1n ind\u00edtsa \u00fajra a sz\u0171r\u0151rendszert, \u00e9s hagyja, hogy a v\u00edz norm\u00e1lisan keringjen.<\/li>\n<li>A k\u00f6vetkez\u0151 24-48 \u00f3r\u00e1ban ellen\u0151rizze a v\u00edzszintet, hogy meger\u0151s\u00edtse a stabiliz\u00e1l\u00f3d\u00e1st \u00e9s a sikeres t\u00f6m\u00edt\u00e9st.<\/li>\n<li>Sz\u00fcks\u00e9g eset\u00e9n egy m\u00e1sodik kezel\u00e9s is alkalmazhat\u00f3 a tart\u00f3san fenn\u00e1ll\u00f3 kisebb sziv\u00e1rg\u00e1sok eset\u00e9n, az ar\u00e1nyos adagol\u00e1s betart\u00e1s\u00e1val.<\/li>\n<li>A term\u00e9k a medence viz\u00e9ben maradhat, \u00e9s az utas\u00edt\u00e1soknak megfelel\u0151en haszn\u00e1lva kompatibilis a szok\u00e1sos v\u00edzkezel\u0151 rendszerekkel.<\/li>\n<li>A tart\u00e1lyt szorosan lez\u00e1rva, h\u0171v\u00f6s, sz\u00e1raz, k\u00f6zvetlen napf\u00e9nyt\u0151l \u00e9s sz\u00e9ls\u0151s\u00e9ges h\u0151m\u00e9rs\u00e9klett\u0151l v\u00e9dett helyen t\u00e1rolja.<\/li>\n<li>Gyermekek el\u0151l elz\u00e1rva tartand\u00f3, \u00e9s kezel\u00e9s k\u00f6zben ker\u00fclje a szemmel vagy b\u0151rrel val\u00f3 k\u00f6zvetlen \u00e9rintkez\u00e9st.<\/li>\n<\/ul>","protected":false},"excerpt":{"rendered":"<p>Seals pool leaks quickly and efficiently from the inside. Our pool leak stopper is specially formulated to detect and seal small leaks and micro-cracks in swimming pools without the need for draining or invasive repairs. It works directly in the water, circulating through the pool system and sealing leak points automatically. The most effective pool [&hellip;]<\/p>\n","protected":false},"featured_media":26638,"comment_status":"open","ping_status":"closed","template":"","meta":{"_uag_custom_page_level_css":"","site-sidebar-layout":"default","site-content-layout":"","ast-site-content-layout":"default","site-content-style":"default","site-sidebar-style":"default","ast-global-header-display":"","ast-banner-title-visibility":"","ast-main-header-display":"","ast-hfb-above-header-display":"","ast-hfb-below-header-display":"","ast-hfb-mobile-header-display":"","site-post-title":"","ast-breadcrumbs-content":"","ast-featured-img":"","footer-sml-layout":"","ast-disable-related-posts":"","theme-transparent-header-meta":"default","adv-header-id-meta":"","stick-header-meta":"","header-above-stick-meta":"","header-main-stick-meta":"","header-below-stick-meta":"","astra-migrate-meta-layouts":"set","ast-page-background-enabled":"default","ast-page-background-meta":{"desktop":{"background-color":"var(--ast-global-color-4)","background-image":"","background-repeat":"repeat","background-position":"center center","background-size":"auto","background-attachment":"scroll","background-type":"","background-media":"","overlay-type":"","overlay-color":"","overlay-opacity":"","overlay-gradient":""},"tablet":{"background-color":"","background-image":"","background-repeat":"repeat","background-position":"center center","background-size":"auto","background-attachment":"scroll","background-type":"","background-media":"","overlay-type":"","overlay-color":"","overlay-opacity":"","overlay-gradient":""},"mobile":{"background-color":"","background-image":"","background-repeat":"repeat","background-position":"center center","background-size":"auto","background-attachment":"scroll","background-type":"","background-media":"","overlay-type":"","overlay-color":"","overlay-opacity":"","overlay-gradient":""}},"ast-content-background-meta":{"desktop":{"background-color":"var(--ast-global-color-5)","background-image":"","background-repeat":"repeat","background-position":"center center","background-size":"auto","background-attachment":"scroll","background-type":"","background-media":"","overlay-type":"","overlay-color":"","overlay-opacity":"","overlay-gradient":""},"tablet":{"background-color":"var(--ast-global-color-5)","background-image":"","background-repeat":"repeat","background-position":"center center","background-size":"auto","background-attachment":"scroll","background-type":"","background-media":"","overlay-type":"","overlay-color":"","overlay-opacity":"","overlay-gradient":""},"mobile":{"background-color":"var(--ast-global-color-5)","background-image":"","background-repeat":"repeat","background-position":"center center","background-size":"auto","background-attachment":"scroll","background-type":"","background-media":"","overlay-type":"","overlay-color":"","overlay-opacity":"","overlay-gradient":""}}},"product_brand":[],"product_cat":[181],"product_tag":[],"class_list":{"0":"post-24790","1":"product","2":"type-product","3":"status-publish","4":"has-post-thumbnail","6":"product_cat-leak-stopper","7":"desktop-align-left","8":"tablet-align-left","9":"mobile-align-left","11":"first","12":"instock","13":"taxable","14":"shipping-taxable","15":"purchasable","16":"product-type-simple"},"spectra_custom_meta":{"_visibility":["visible"],"_shopify_product_id":["7955511705845"],"_s2w_shopify_domain":["ferberpainting.myshopify.com"],"_shopify_variant_id":["43515608563957"],"_sku":["FPPOOLLEAKSTOPPER"],"_regular_price":["29.90"],"_price":["29.90"],"_sale_price":[""],"_weight":["0.45"],"_thumbnail_id":["26638"],"_global_unique_id":["5056773807235"],"total_sales":["186"],"_tax_status":["taxable"],"_tax_class":[""],"_manage_stock":["no"],"_backorders":["no"],"_sold_individually":["no"],"_virtual":["no"],"_downloadable":["no"],"_download_limit":["-1"],"_download_expiry":["-1"],"_stock":[null],"_stock_status":["instock"],"_wc_average_rating":["4.80"],"_wc_review_count":["49"],"_product_version":["10.5.1"],"merchant-center-availability":["yes"],"merchant-center-category":["3017"],"merchant-center-id":["POOLLS"],"wpse_downloadable_file_names":[""],"wpse_downloadable_file_urls":[""],"_edit_last":["1"],"_wc_rating_count":["a:3:{i:3;i:2;i:4;i:6;i:5;i:41;}"],"_edit_lock":["1775805781:7133"],"_wp_page_template":["default"],"site-sidebar-layout":["default"],"ast-site-content-layout":["default"],"site-content-style":["default"],"site-sidebar-style":["default"],"theme-transparent-header-meta":["default"],"astra-migrate-meta-layouts":["set"],"_uag_css_file_name":["uag-css-24790.css"],"_elementor_page_assets":["a:0:{}"],"_uag_page_assets":["a:9:{s:3:\"css\";s:7133:\".uag-blocks-common-selector{z-index:var(--z-index-desktop) !important}@media(max-width: 976px){.uag-blocks-common-selector{z-index:var(--z-index-tablet) !important}}@media(max-width: 767px){.uag-blocks-common-selector{z-index:var(--z-index-mobile) !important}}.wp-block-uagb-image{display:flex}.wp-block-uagb-image__figure{position:relative;display:flex;flex-direction:column;max-width:100%;height:auto;margin:0}.wp-block-uagb-image__figure img{height:auto;display:flex;max-width:100%;transition:box-shadow .2s ease}.wp-block-uagb-image__figure>a{display:inline-block}.wp-block-uagb-image__figure figcaption{text-align:center;margin-top:.5em;margin-bottom:1em}.wp-block-uagb-image .components-placeholder.block-editor-media-placeholder .components-placeholder__instructions{align-self:center}.wp-block-uagb-image--align-left{text-align:left}.wp-block-uagb-image--align-right{text-align:right}.wp-block-uagb-image--align-center{text-align:center}.wp-block-uagb-image--align-full .wp-block-uagb-image__figure{margin-left:calc(50% - 50vw);margin-right:calc(50% - 50vw);max-width:100vw;width:100vw;height:auto}.wp-block-uagb-image--align-full .wp-block-uagb-image__figure img{height:auto;width:100% !important}.wp-block-uagb-image--align-wide .wp-block-uagb-image__figure img{height:auto;width:100%}.wp-block-uagb-image--layout-overlay__color-wrapper{position:absolute;left:0;top:0;right:0;bottom:0;opacity:.2;background:rgba(0,0,0,.5);transition:opacity .35s ease-in-out}.wp-block-uagb-image--layout-overlay-link{position:absolute;left:0;right:0;bottom:0;top:0}.wp-block-uagb-image--layout-overlay .wp-block-uagb-image__figure:hover .wp-block-uagb-image--layout-overlay__color-wrapper{opacity:1}.wp-block-uagb-image--layout-overlay__inner{position:absolute;left:15px;right:15px;bottom:15px;top:15px;display:flex;align-items:center;justify-content:center;flex-direction:column;border-color:#fff;transition:.35s ease-in-out}.wp-block-uagb-image--layout-overlay__inner.top-left,.wp-block-uagb-image--layout-overlay__inner.top-center,.wp-block-uagb-image--layout-overlay__inner.top-right{justify-content:flex-start}.wp-block-uagb-image--layout-overlay__inner.bottom-left,.wp-block-uagb-image--layout-overlay__inner.bottom-center,.wp-block-uagb-image--layout-overlay__inner.bottom-right{justify-content:flex-end}.wp-block-uagb-image--layout-overlay__inner.top-left,.wp-block-uagb-image--layout-overlay__inner.center-left,.wp-block-uagb-image--layout-overlay__inner.bottom-left{align-items:flex-start}.wp-block-uagb-image--layout-overlay__inner.top-right,.wp-block-uagb-image--layout-overlay__inner.center-right,.wp-block-uagb-image--layout-overlay__inner.bottom-right{align-items:flex-end}.wp-block-uagb-image--layout-overlay__inner .uagb-image-heading{color:#fff;transition:transform .35s,opacity .35s ease-in-out;transform:translate3d(0, 24px, 0);margin:0;line-height:1em}.wp-block-uagb-image--layout-overlay__inner .uagb-image-separator{width:30%;border-top-width:2px;border-top-color:#fff;border-top-style:solid;margin-bottom:10px;opacity:0;transition:transform .4s,opacity .4s ease-in-out;transform:translate3d(0, 30px, 0)}.wp-block-uagb-image--layout-overlay__inner .uagb-image-caption{opacity:0;overflow:visible;color:#fff;transition:transform .45s,opacity .45s ease-in-out;transform:translate3d(0, 35px, 0)}.wp-block-uagb-image--layout-overlay__inner:hover .uagb-image-heading,.wp-block-uagb-image--layout-overlay__inner:hover .uagb-image-separator,.wp-block-uagb-image--layout-overlay__inner:hover .uagb-image-caption{opacity:1;transform:translate3d(0, 0, 0)}.wp-block-uagb-image--effect-zoomin .wp-block-uagb-image__figure img,.wp-block-uagb-image--effect-zoomin .wp-block-uagb-image__figure .wp-block-uagb-image--layout-overlay__color-wrapper{transform:scale(1);transition:transform .35s ease-in-out}.wp-block-uagb-image--effect-zoomin .wp-block-uagb-image__figure:hover img,.wp-block-uagb-image--effect-zoomin .wp-block-uagb-image__figure:hover .wp-block-uagb-image--layout-overlay__color-wrapper{transform:scale(1.05)}.wp-block-uagb-image--effect-slide .wp-block-uagb-image__figure img,.wp-block-uagb-image--effect-slide .wp-block-uagb-image__figure .wp-block-uagb-image--layout-overlay__color-wrapper{width:calc(100% + 40px) !important;max-width:none !important;transform:translate3d(-40px, 0, 0);transition:transform .35s ease-in-out}.wp-block-uagb-image--effect-slide .wp-block-uagb-image__figure:hover img,.wp-block-uagb-image--effect-slide .wp-block-uagb-image__figure:hover .wp-block-uagb-image--layout-overlay__color-wrapper{transform:translate3d(0, 0, 0)}.wp-block-uagb-image--effect-grayscale img{filter:grayscale(0%);transition:.35s ease-in-out}.wp-block-uagb-image--effect-grayscale:hover img{filter:grayscale(100%)}.wp-block-uagb-image--effect-blur img{filter:blur(0);transition:.35s ease-in-out}.wp-block-uagb-image--effect-blur:hover img{filter:blur(3px)}.uagb-block-e6f939b3.wp-block-uagb-image--layout-default figure img{box-shadow: 0px 0px 0 #00000070;}.uagb-block-e6f939b3.wp-block-uagb-image .wp-block-uagb-image__figure figcaption{font-style: normal;align-self: center;}.uagb-block-e6f939b3.wp-block-uagb-image--layout-overlay figure img{box-shadow: 0px 0px 0 #00000070;}.uagb-block-e6f939b3.wp-block-uagb-image--layout-overlay .wp-block-uagb-image--layout-overlay__color-wrapper{opacity: 0.2;}.uagb-block-e6f939b3.wp-block-uagb-image--layout-overlay .wp-block-uagb-image--layout-overlay__inner{left: 15px;right: 15px;top: 15px;bottom: 15px;}.uagb-block-e6f939b3.wp-block-uagb-image--layout-overlay .wp-block-uagb-image--layout-overlay__inner .uagb-image-heading{font-style: normal;color: #fff;opacity: 1;}.uagb-block-e6f939b3.wp-block-uagb-image--layout-overlay .wp-block-uagb-image--layout-overlay__inner .uagb-image-heading a{color: #fff;}.uagb-block-e6f939b3.wp-block-uagb-image--layout-overlay .wp-block-uagb-image--layout-overlay__inner .uagb-image-caption{opacity: 0;}.uagb-block-e6f939b3.wp-block-uagb-image--layout-overlay .wp-block-uagb-image__figure:hover .wp-block-uagb-image--layout-overlay__color-wrapper{opacity: 1;}.uagb-block-e6f939b3.wp-block-uagb-image .wp-block-uagb-image--layout-overlay__inner .uagb-image-separator{width: 30%;border-top-width: 2px;border-top-color: #fff;opacity: 0;}.uagb-block-e6f939b3.wp-block-uagb-image .wp-block-uagb-image__figure img{width: px;height: auto;}.uagb-block-e6f939b3.wp-block-uagb-image .wp-block-uagb-image__figure:hover .wp-block-uagb-image--layout-overlay__inner .uagb-image-caption{opacity: 1;}.uagb-block-e6f939b3.wp-block-uagb-image .wp-block-uagb-image__figure:hover .wp-block-uagb-image--layout-overlay__inner .uagb-image-separator{opacity: 1;}.uagb-block-e6f939b3.wp-block-uagb-image--layout-default figure:hover img{box-shadow: 0px 0px 0 #00000070;}.uagb-block-e6f939b3.wp-block-uagb-image--layout-overlay figure:hover img{box-shadow: 0px 0px 0 #00000070;}@media only screen and (max-width: 976px) {.uagb-block-e6f939b3.wp-block-uagb-image .wp-block-uagb-image__figure img{width: px;height: auto;}}@media only screen and (max-width: 767px) {.uagb-block-e6f939b3.wp-block-uagb-image .wp-block-uagb-image__figure img{width: px;height: auto;}}\";s:2:\"js\";s:0:\"\";s:18:\"current_block_list\";a:13:{i:0;s:11:\"core\/search\";i:1;s:10:\"core\/group\";i:2;s:12:\"core\/heading\";i:3;s:17:\"core\/latest-posts\";i:4;s:20:\"core\/latest-comments\";i:5;s:13:\"core\/archives\";i:6;s:15:\"core\/categories\";i:7;s:14:\"core\/paragraph\";i:8;s:10:\"uagb\/image\";i:9;s:11:\"core\/spacer\";i:10;s:30:\"woocommerce\/product-categories\";i:11;s:10:\"core\/image\";i:12;s:14:\"core\/shortcode\";}s:8:\"uag_flag\";b:1;s:11:\"uag_version\";s:10:\"1777203312\";s:6:\"gfonts\";a:0:{}s:10:\"gfonts_url\";s:0:\"\";s:12:\"gfonts_files\";a:0:{}s:14:\"uag_faq_layout\";b:0;}"]},"uagb_featured_image_src":{"full":["https:\/\/www.ferberpainting.com\/wp-content\/uploads\/2025\/05\/38PoolLeakStopper_4000x4000_5b62e7bb-ee9b-4f7f-8b35-f13f1052d0de.png",2560,2560,false],"thumbnail":["https:\/\/www.ferberpainting.com\/wp-content\/uploads\/2025\/05\/38PoolLeakStopper_4000x4000_5b62e7bb-ee9b-4f7f-8b35-f13f1052d0de-150x150.png",150,150,true],"medium":["https:\/\/www.ferberpainting.com\/wp-content\/uploads\/2025\/05\/38PoolLeakStopper_4000x4000_5b62e7bb-ee9b-4f7f-8b35-f13f1052d0de-300x300.png",300,300,true],"medium_large":["https:\/\/www.ferberpainting.com\/wp-content\/uploads\/2025\/05\/38PoolLeakStopper_4000x4000_5b62e7bb-ee9b-4f7f-8b35-f13f1052d0de-768x768.png",768,768,true],"large":["https:\/\/www.ferberpainting.com\/wp-content\/uploads\/2025\/05\/38PoolLeakStopper_4000x4000_5b62e7bb-ee9b-4f7f-8b35-f13f1052d0de-1024x1024.png",1024,1024,true],"1536x1536":["https:\/\/www.ferberpainting.com\/wp-content\/uploads\/2025\/05\/38PoolLeakStopper_4000x4000_5b62e7bb-ee9b-4f7f-8b35-f13f1052d0de-1536x1536.png",1536,1536,true],"2048x2048":["https:\/\/www.ferberpainting.com\/wp-content\/uploads\/2025\/05\/38PoolLeakStopper_4000x4000_5b62e7bb-ee9b-4f7f-8b35-f13f1052d0de-2048x2048.png",2048,2048,true],"trp-custom-language-flag":["https:\/\/www.ferberpainting.com\/wp-content\/uploads\/2025\/05\/38PoolLeakStopper_4000x4000_5b62e7bb-ee9b-4f7f-8b35-f13f1052d0de-12x12.png",12,12,true],"woocommerce_thumbnail":["https:\/\/www.ferberpainting.com\/wp-content\/uploads\/2025\/05\/38PoolLeakStopper_4000x4000_5b62e7bb-ee9b-4f7f-8b35-f13f1052d0de-300x300.png",300,300,true],"woocommerce_single":["https:\/\/www.ferberpainting.com\/wp-content\/uploads\/2025\/05\/38PoolLeakStopper_4000x4000_5b62e7bb-ee9b-4f7f-8b35-f13f1052d0de-600x600.png",600,600,true],"woocommerce_gallery_thumbnail":["https:\/\/www.ferberpainting.com\/wp-content\/uploads\/2025\/05\/38PoolLeakStopper_4000x4000_5b62e7bb-ee9b-4f7f-8b35-f13f1052d0de-100x100.png",100,100,true]},"uagb_author_info":{"display_name":"admin","author_link":"https:\/\/www.ferberpainting.com\/hu\/author\/"},"uagb_comment_info":49,"uagb_excerpt":"Seals pool leaks quickly and efficiently from the inside. Our pool leak stopper is specially formulated to detect and seal small leaks and micro-cracks in swimming pools without the need for draining or invasive repairs. It works directly in the water, circulating through the pool system and sealing leak points automatically. The most effective pool&hellip;","_links":{"self":[{"href":"https:\/\/www.ferberpainting.com\/hu\/wp-json\/wp\/v2\/product\/24790","targetHints":{"allow":["GET"]}}],"collection":[{"href":"https:\/\/www.ferberpainting.com\/hu\/wp-json\/wp\/v2\/product"}],"about":[{"href":"https:\/\/www.ferberpainting.com\/hu\/wp-json\/wp\/v2\/types\/product"}],"replies":[{"embeddable":true,"href":"https:\/\/www.ferberpainting.com\/hu\/wp-json\/wp\/v2\/comments?post=24790"}],"version-history":[{"count":3,"href":"https:\/\/www.ferberpainting.com\/hu\/wp-json\/wp\/v2\/product\/24790\/revisions"}],"predecessor-version":[{"id":166987,"href":"https:\/\/www.ferberpainting.com\/hu\/wp-json\/wp\/v2\/product\/24790\/revisions\/166987"}],"wp:featuredmedia":[{"embeddable":true,"href":"https:\/\/www.ferberpainting.com\/hu\/wp-json\/wp\/v2\/media\/26638"}],"wp:attachment":[{"href":"https:\/\/www.ferberpainting.com\/hu\/wp-json\/wp\/v2\/media?parent=24790"}],"wp:term":[{"taxonomy":"product_brand","embeddable":true,"href":"https:\/\/www.ferberpainting.com\/hu\/wp-json\/wp\/v2\/product_brand?post=24790"},{"taxonomy":"product_cat","embeddable":true,"href":"https:\/\/www.ferberpainting.com\/hu\/wp-json\/wp\/v2\/product_cat?post=24790"},{"taxonomy":"product_tag","embeddable":true,"href":"https:\/\/www.ferberpainting.com\/hu\/wp-json\/wp\/v2\/product_tag?post=24790"}],"curies":[{"name":"wp","href":"https:\/\/api.w.org\/{rel}","templated":true}]}}