{"id":24784,"date":"2025-05-26T10:27:08","date_gmt":"2025-05-26T08:27:08","guid":{"rendered":"https:\/\/www.ferberpainting.com\/products\/plumeria-and-frangipani-fertilizer\/"},"modified":"2026-02-16T07:24:23","modified_gmt":"2026-02-16T06:24:23","slug":"plumeria-and-frangipani-fertilizer","status":"publish","type":"product","link":"https:\/\/www.ferberpainting.com\/hu\/products\/plumeria-and-frangipani-fertilizer\/","title":{"rendered":"Plumeria- \u00e9s frangip\u00e1ni-m\u0171tr\u00e1gya"},"content":{"rendered":"<p><strong><img decoding=\"async\" style=\"margin-right: 12px;\" src=\"https:\/\/www.ferberpainting.com\/wp-content\/uploads\/2026\/02\/Check.svg\" alt=\"\" width=\"18\" height=\"15\" \/>B\u0151s\u00e9ges vir\u00e1gz\u00e1shoz \u00e9s d\u00fas lombozathoz tervezett m\u0171tr\u00e1gya.<\/strong>\u00a0A frangipani, m\u00e1s n\u00e9ven plumeria, egy tr\u00f3pusi n\u00f6v\u00e9ny, amely egzotikus vir\u00e1gair\u00f3l \u00e9s mag\u00e1val ragad\u00f3 illat\u00e1r\u00f3l h\u00edres. Ezt a kiegyens\u00falyozott NPK 15-15-15 m\u0171tr\u00e1gy\u00e1t kifejezetten e n\u00f6v\u00e9ny t\u00e1panyagsz\u00fcks\u00e9gleteinek kiel\u00e9g\u00edt\u00e9s\u00e9re \u00e1ll\u00edtott\u00e1k \u00f6ssze, optim\u00e1lis adag nitrog\u00e9nt (N) biztos\u00edtva az er\u0151teljes n\u00f6veked\u00e9s serkent\u00e9s\u00e9hez, foszfort (P) a b\u0151s\u00e9ges vir\u00e1gz\u00e1shoz, \u00e9s k\u00e1liumot (K) a betegs\u00e9gekkel \u00e9s a neh\u00e9z \u00e9ghajlati viszonyokkal szembeni ellen\u00e1ll\u00f3 k\u00e9pess\u00e9g fokoz\u00e1s\u00e1hoz. A frangipani hat\u00e9kony t\u00e1pl\u00e1l\u00e1s\u00e1val ez a m\u0171tr\u00e1gya szezonr\u00f3l szezonra harmonikus n\u00f6veked\u00e9st \u00e9s \u00e9l\u00e9nk vir\u00e1gz\u00e1st biztos\u00edt.<\/p>\n<p><strong><img decoding=\"async\" style=\"margin-right: 12px;\" src=\"https:\/\/www.ferberpainting.com\/wp-content\/uploads\/2026\/02\/Check.svg\" alt=\"\" width=\"18\" height=\"15\" \/>P\u00e9nzvisszafizet\u00e9si garancia.<\/strong>\u00a0B\u00edzunk a frangipani m\u0171tr\u00e1gy\u00e1nk hat\u00e9konys\u00e1g\u00e1ban, ez\u00e9rt p\u00e9nzvisszafizet\u00e9si garanci\u00e1t v\u00e1llalunk. Ha a n\u00f6v\u00e9nye nem mutat jelent\u0151s javul\u00e1st a n\u00f6veked\u00e9sben, vir\u00e1gz\u00e1sban vagy \u00e9leter\u0151ben az aj\u00e1nl\u00e1snak megfelel\u0151 haszn\u00e1lat ut\u00e1n, v\u00e1llaljuk, hogy teljes eg\u00e9sz\u00e9ben visszat\u00e9r\u00edtj\u00fck a p\u00e9nzt. Ez lehet\u0151v\u00e9 teszi, hogy teljes bizalommal v\u00e1s\u00e1rolja meg \u00e9s haszn\u00e1lja ezt a term\u00e9ket.<\/p>\n<p><strong><img decoding=\"async\" style=\"margin-right: 12px;\" src=\"https:\/\/www.ferberpainting.com\/wp-content\/uploads\/2026\/02\/Check.svg\" alt=\"\" width=\"18\" height=\"15\" \/>Alkalmas minden fajt\u00e1hoz \u00e9s k\u00fcl\u00f6nb\u00f6z\u0151 termeszt\u00e9si k\u00f6r\u00fclm\u00e9nyekhez.<\/strong>\u00a0Ez a m\u0171tr\u00e1gya ide\u00e1lis minden frangipani t\u00edpushoz, legyen az r\u00f3zsasz\u00edn, feh\u00e9r, s\u00e1rga, piros vagy t\u00f6bbsz\u00edn\u0171. T\u00f6k\u00e9letesen alkalmas k\u00fclt\u00e9ri \u00fcltet\u00e9shez, cser\u00e9pbe, \u00fcvegh\u00e1zba vagy verand\u00e1ra, \u00e9s minden t\u00edpus\u00fa szubsztr\u00e1ton m\u0171k\u00f6dik, bele\u00e9rtve a homokos kever\u00e9keket, a humuszban gazdag talajokat \u00e9s a tr\u00f3pusi n\u00f6v\u00e9nyekre szabott szubsztr\u00e1tokat is. Ak\u00e1r tr\u00f3pusi, mediterr\u00e1n, ak\u00e1r m\u00e9rs\u00e9kelt \u00e9ghajlaton termesztik frangipani n\u00f6v\u00e9ny\u00e9t, ez a m\u0171tr\u00e1gya mindent megad, amire sz\u00fcks\u00e9ge van a teljes gyarapod\u00e1shoz.<\/p>\n<p><strong><img decoding=\"async\" style=\"margin-right: 12px;\" src=\"https:\/\/www.ferberpainting.com\/wp-content\/uploads\/2026\/02\/Check.svg\" alt=\"\" width=\"18\" height=\"15\" \/>K\u00f6lts\u00e9ghat\u00e9kony \u00e9s tart\u00f3s tr\u00e1gy\u00e1z\u00e1s.<\/strong>\u00a0Foly\u00e9kony, koncentr\u00e1lt \u00f6sszet\u00e9tel\u00e9nek k\u00f6sz\u00f6nhet\u0151en egy 5 literes tart\u00e1lyb\u00f3l ak\u00e1r 1000 liter tr\u00e1gy\u00e1z\u00f3 oldat is el\u0151\u00e1ll\u00edthat\u00f3, \u00edgy biztos\u00edtva a hosszan tart\u00f3 \u00e9s gazdas\u00e1gos tr\u00e1gy\u00e1z\u00e1st. A literenk\u00e9nt 5 ml-es adagol\u00e1ssal lehet\u0151v\u00e9 teszi a t\u00e1panyagok optim\u00e1lis felsz\u00edv\u00f3d\u00e1s\u00e1t, cs\u00f6kkenti a pazarl\u00e1st, \u00e9s korl\u00e1tozza a kijuttat\u00e1sok gyakoris\u00e1g\u00e1t, mik\u00f6zben m\u00e1r az els\u0151 hetekben l\u00e1that\u00f3 eredm\u00e9nyeket biztos\u00edt.<\/p>\n<p><strong><img decoding=\"async\" style=\"margin-right: 12px;\" src=\"https:\/\/www.ferberpainting.com\/wp-content\/uploads\/2026\/02\/Check.svg\" alt=\"\" width=\"18\" height=\"15\" \/>Biztons\u00e1gos m\u0171tr\u00e1gya a k\u00f6rnyezet sz\u00e1m\u00e1ra.<\/strong>\u00a0Ez a m\u0171tr\u00e1gya biztons\u00e1gos a talaj, az \u00e9l\u0151vil\u00e1g \u00e9s a k\u00f6rnyez\u0151 n\u00f6v\u00e9nyvil\u00e1g sz\u00e1m\u00e1ra. Nem tartalmaz olyan k\u00e1ros k\u00e9miai term\u00e9keket, amelyek befoly\u00e1solhatj\u00e1k a talaj min\u0151s\u00e9g\u00e9t vagy k\u00e1ros\u00edthatj\u00e1k a kert \u00f6kosziszt\u00e9m\u00e1j\u00e1t. A h\u00e1zi\u00e1llatok \u00e9s a gyermekek sz\u00e1m\u00e1ra is biztons\u00e1gos, \u00edgy az eg\u00e9sz h\u00e1ztart\u00e1s sz\u00e1m\u00e1ra biztons\u00e1gos tr\u00e1gy\u00e1z\u00e1st biztos\u00edt.<\/p>\n<p><strong><img decoding=\"async\" style=\"margin-right: 12px;\" src=\"https:\/\/www.ferberpainting.com\/wp-content\/uploads\/2026\/02\/Check.svg\" alt=\"\" width=\"18\" height=\"15\" \/>K\u00f6nny\u0171 kijuttat\u00e1s a k\u00f6nnyed tr\u00e1gy\u00e1z\u00e1s \u00e9rdek\u00e9ben.<\/strong>\u00a0A szil\u00e1rd m\u0171tr\u00e1gy\u00e1kkal ellent\u00e9tben, amelyek apr\u00f3l\u00e9kos sz\u00f3r\u00e1st ig\u00e9nyelnek, ez a foly\u00e9kony m\u0171tr\u00e1gya k\u00f6nnyen felold\u00f3dik a v\u00edzben, \u00e9s k\u00f6zvetlen\u00fcl \u00f6nt\u00f6z\u00e9ssel vagy lombpermetez\u00e9ssel kijuttathat\u00f3, lehet\u0151v\u00e9 t\u00e9ve a gyors \u00e9s hat\u00e9kony felsz\u00edv\u00f3d\u00e1st a gy\u00f6kereken \u00e9s leveleken kereszt\u00fcl. Haszn\u00e1lata egyszer\u0171 \u00e9s gyors, seg\u00edtve minden szint\u0171 kert\u00e9sznek, hogy minim\u00e1lis er\u0151fesz\u00edt\u00e9ssel eg\u00e9szs\u00e9ges frangipanit nevelhessen.<\/p>\n<p><strong><img decoding=\"async\" style=\"margin-right: 12px;\" src=\"https:\/\/www.ferberpainting.com\/wp-content\/uploads\/2026\/02\/Check.svg\" alt=\"\" width=\"18\" height=\"15\" \/>Hosszan tart\u00f3 hat\u00e1s a gyors n\u00f6veked\u00e9s\u00e9rt \u00e9s a stresszel szembeni jobb ellen\u00e1ll\u00f3 k\u00e9pess\u00e9g\u00e9rt.<\/strong>\u00a0A fokozatosan felszabadul\u00f3 t\u00e1panyagokkal ez a m\u0171tr\u00e1gya t\u00f6bb h\u00e9ten \u00e1t t\u00e1pl\u00e1lja a frangipanit, \u00edgy biztos\u00edtva d\u00fas lombozatot \u00e9s hosszan tart\u00f3 vir\u00e1gz\u00e1st. Emellett n\u00f6veli a neh\u00e9z \u00e9ghajlati viszonyokkal, p\u00e9ld\u00e1ul a sz\u00e1razs\u00e1ggal, a h\u0151hull\u00e1mokkal \u00e9s a sz\u00e9llel szembeni ellen\u00e1ll\u00f3 k\u00e9pess\u00e9get. Ezenk\u00edv\u00fcl fokozza a frangipani ellen\u00e1ll\u00f3 k\u00e9pess\u00e9g\u00e9t a betegs\u00e9gekkel \u00e9s k\u00e1rtev\u0151kkel szemben.<\/p>\n<p><strong><img decoding=\"async\" style=\"margin-right: 12px;\" src=\"https:\/\/www.ferberpainting.com\/wp-content\/uploads\/2026\/02\/Check.svg\" alt=\"\" width=\"18\" height=\"15\" \/>L\u00e1that\u00f3 eredm\u00e9nyek az els\u0151 hetekt\u0151l kezdve.<\/strong>\u00a0Ez a m\u0171tr\u00e1gya m\u00e1r az els\u0151 alkalmaz\u00e1st\u00f3l kezdve serkenti az \u00faj hajt\u00e1sok n\u00f6veked\u00e9s\u00e9t, intenz\u00edvebb\u00e9 teszi a lombozat sz\u00edn\u00e9t, \u00e9s el\u0151seg\u00edti a vir\u00e1gbimb\u00f3k kialakul\u00e1s\u00e1t. Alig n\u00e9h\u00e1ny h\u00e9t alatt a frangipani er\u0151teljes \u00e9s sz\u00ednes n\u00f6veked\u00e9st mutat, b\u0151s\u00e9ges vir\u00e1gz\u00e1ssal \u00e9s vibr\u00e1l\u00f3 szirmokkal, amelyek az eg\u00e9sz szezonban l\u00e1tv\u00e1nyoss\u00e1got ny\u00fajtanak.<\/p>\n<h2><strong>Haszn\u00e1lati protokoll<\/strong><\/h2>\n<ul>\n<li><strong>M\u0171tr\u00e1gya h\u00edg\u00edt\u00e1sa <\/strong>: Keverjen \u00f6ssze 5 ml m\u0171tr\u00e1gy\u00e1t 1 liter v\u00edzhez. Minden egyes kijuttat\u00e1s el\u0151tt r\u00e1zza fel az oldatot a t\u00e1panyagok egyenletes eloszl\u00e1s\u00e1nak biztos\u00edt\u00e1sa \u00e9rdek\u00e9ben.<\/li>\n<li><strong>Alkalmaz\u00e1si m\u00f3dszer <\/strong>:\n<ul>\n<li><strong>\u00d6nt\u00f6z\u00e9ssel <\/strong>: \u00d6ntse a h\u00edg\u00edtott oldatot k\u00f6zvetlen\u00fcl a frangipani t\u00f6v\u00e9re, \u00fcgyelve arra, hogy a f\u00f6ldet t\u00fal\u00f6nt\u00f6z\u00e9s n\u00e9lk\u00fcl nedves\u00edtse, hogy elker\u00fclje a lefoly\u00e1st \u00e9s biztos\u00edtsa a t\u00e1panyagok j\u00f3 felsz\u00edv\u00f3d\u00e1s\u00e1t.<\/li>\n<li><strong>Lombpermetez\u00e9ssel <\/strong>: A gyors p\u00e1rolg\u00e1s elker\u00fcl\u00e9se \u00e9s az optim\u00e1lis felsz\u00edv\u00f3d\u00e1s biztos\u00edt\u00e1sa \u00e9rdek\u00e9ben az oldatot kora reggel vagy k\u00e9s\u0151 este enyh\u00e9n permetezze a levelekre.<\/li>\n<\/ul>\n<\/li>\n<li><strong>Alkalmaz\u00e1si gyakoris\u00e1g <\/strong>:\n<ul>\n<li><strong>A n\u00f6veked\u00e9si \u00e9s vir\u00e1gz\u00e1si id\u0151szakban (tavasz-ny\u00e1r) <\/strong>: A b\u0151s\u00e9ges \u00e9s hosszan tart\u00f3 vir\u00e1gz\u00e1s el\u0151seg\u00edt\u00e9se \u00e9rdek\u00e9ben k\u00e9thetente alkalmazza a m\u0171tr\u00e1gy\u00e1t.<\/li>\n<li><strong>A vegetat\u00edv pihen\u0151id\u0151szakban (\u0151sz-t\u00e9l) <\/strong>: Cs\u00f6kkentse a kijuttat\u00e1st havonta egyszerre, hogy a n\u00f6v\u00e9nyek \u00e9letereje megmaradjon a n\u00f6veked\u00e9s t\u00falstimul\u00e1l\u00e1sa n\u00e9lk\u00fcl.<\/li>\n<\/ul>\n<\/li>\n<li><strong>Kieg\u00e9sz\u00edt\u0151 \u00f6nt\u00f6z\u00e9s <\/strong>: A m\u0171tr\u00e1gya kijuttat\u00e1sa ut\u00e1n v\u00e1rjon 48 \u00f3r\u00e1t az \u00fajabb \u00f6nt\u00f6z\u00e9ssel, hogy a t\u00e1panyagfelv\u00e9tel optim\u00e1lis legyen.<\/li>\n<li><strong>Haszn\u00e1lati \u00f3vint\u00e9zked\u00e9sek <\/strong>: Ne l\u00e9pje t\u00fal az aj\u00e1nlott adagokat, hogy elker\u00fclje az \u00e1sv\u00e1nyi s\u00f3k t\u00falzott felhalmoz\u00f3d\u00e1s\u00e1t az aljzatban, ami lass\u00edthatja a frangipani n\u00f6veked\u00e9s\u00e9t. Csak enyh\u00e9n nedves talajra alkalmazza az optim\u00e1lis t\u00e1panyagfelv\u00e9tel biztos\u00edt\u00e1sa \u00e9rdek\u00e9ben.<\/li>\n<li><strong>T\u00e1rol\u00e1s \u00e9s meg\u0151rz\u00e9s <\/strong>: A m\u0171tr\u00e1gy\u00e1t h\u0171v\u00f6s, sz\u00e1raz, f\u00e9nyt\u0151l \u00e9s nedvess\u00e9gt\u0151l v\u00e9dett helyen t\u00e1rolja. Haszn\u00e1lat ut\u00e1n mindig szorosan z\u00e1rja le a tart\u00e1lyt, hogy meg\u0151rizze a term\u00e9k hat\u00e9konys\u00e1g\u00e1t \u00e9s megakad\u00e1lyozza a p\u00e1rolg\u00e1st.<\/li>\n<\/ul>\n<p>Ezzel a frangipani m\u0171tr\u00e1gy\u00e1val teljes \u00e9s t\u00f6k\u00e9letesen testre szabott t\u00e1panyagot biztos\u00edthat n\u00f6v\u00e9ny\u00e9nek a k\u00fcl\u00f6nleges ig\u00e9nyeihez igazodva, biztos\u00edtva az er\u0151teljes n\u00f6veked\u00e9st, a folyamatos vir\u00e1gz\u00e1st \u00e9s a k\u00fclt\u00e9ri k\u00f6r\u00fclm\u00e9nyekkel szembeni jobb ellen\u00e1ll\u00f3k\u00e9pess\u00e9get. Ez az ide\u00e1lis megold\u00e1s, hogy kertj\u00e9t, terasz\u00e1t vagy erk\u00e9ly\u00e9t t\u00f6k\u00e9letes eg\u00e9szs\u00e9gben l\u00e9v\u0151 frangipanival \u00e9s gy\u00f6ny\u00f6r\u0171 vir\u00e1gokkal gazdag\u00edtsa eg\u00e9sz szezonban.<\/p>","protected":false},"excerpt":{"rendered":"<p>A fertilizer designed for abundant blooming and lush foliage.\u00a0Frangipani, also known as Plumeria, is a tropical plant renowned for its exotic flowers and captivating fragrance. This\u00a0balanced NPK 15-15-15 fertilizer has been specially formulated to meet the nutritional needs of this plant, providing an optimized dose of nitrogen (N) to stimulate vigorous growth, phosphorus (P) for [&hellip;]<\/p>\n","protected":false},"featured_media":26633,"comment_status":"open","ping_status":"closed","template":"","meta":{"_uag_custom_page_level_css":"","site-sidebar-layout":"default","site-content-layout":"","ast-site-content-layout":"default","site-content-style":"default","site-sidebar-style":"default","ast-global-header-display":"","ast-banner-title-visibility":"","ast-main-header-display":"","ast-hfb-above-header-display":"","ast-hfb-below-header-display":"","ast-hfb-mobile-header-display":"","site-post-title":"","ast-breadcrumbs-content":"","ast-featured-img":"","footer-sml-layout":"","ast-disable-related-posts":"","theme-transparent-header-meta":"default","adv-header-id-meta":"","stick-header-meta":"","header-above-stick-meta":"","header-main-stick-meta":"","header-below-stick-meta":"","astra-migrate-meta-layouts":"set","ast-page-background-enabled":"default","ast-page-background-meta":{"desktop":{"background-color":"var(--ast-global-color-4)","background-image":"","background-repeat":"repeat","background-position":"center center","background-size":"auto","background-attachment":"scroll","background-type":"","background-media":"","overlay-type":"","overlay-color":"","overlay-opacity":"","overlay-gradient":""},"tablet":{"background-color":"","background-image":"","background-repeat":"repeat","background-position":"center center","background-size":"auto","background-attachment":"scroll","background-type":"","background-media":"","overlay-type":"","overlay-color":"","overlay-opacity":"","overlay-gradient":""},"mobile":{"background-color":"","background-image":"","background-repeat":"repeat","background-position":"center center","background-size":"auto","background-attachment":"scroll","background-type":"","background-media":"","overlay-type":"","overlay-color":"","overlay-opacity":"","overlay-gradient":""}},"ast-content-background-meta":{"desktop":{"background-color":"var(--ast-global-color-5)","background-image":"","background-repeat":"repeat","background-position":"center center","background-size":"auto","background-attachment":"scroll","background-type":"","background-media":"","overlay-type":"","overlay-color":"","overlay-opacity":"","overlay-gradient":""},"tablet":{"background-color":"var(--ast-global-color-5)","background-image":"","background-repeat":"repeat","background-position":"center center","background-size":"auto","background-attachment":"scroll","background-type":"","background-media":"","overlay-type":"","overlay-color":"","overlay-opacity":"","overlay-gradient":""},"mobile":{"background-color":"var(--ast-global-color-5)","background-image":"","background-repeat":"repeat","background-position":"center center","background-size":"auto","background-attachment":"scroll","background-type":"","background-media":"","overlay-type":"","overlay-color":"","overlay-opacity":"","overlay-gradient":""}}},"product_brand":[],"product_cat":[178],"product_tag":[],"class_list":{"0":"post-24784","1":"product","2":"type-product","3":"status-publish","4":"has-post-thumbnail","6":"product_cat-fertilizers","7":"desktop-align-left","8":"tablet-align-left","9":"mobile-align-left","11":"first","12":"instock","13":"sale","14":"taxable","15":"shipping-taxable","16":"purchasable","17":"product-type-variable","18":"has-default-attributes"},"spectra_custom_meta":{"_visibility":["visible"],"_shopify_product_id":["9066891215093"],"_s2w_shopify_domain":["ferberpainting.myshopify.com"],"_shopify_variant_id":["46505212215541"],"_sku":[""],"_manage_stock":["no"],"total_sales":["33"],"_tax_status":["taxable"],"_tax_class":[""],"_backorders":["no"],"_sold_individually":["no"],"_virtual":["no"],"_downloadable":["no"],"_download_limit":["-1"],"_download_expiry":["-1"],"_stock":[null],"_stock_status":["instock"],"_wc_average_rating":["4.86"],"_wc_review_count":["7"],"_product_attributes":["a:1:{s:6:\"volume\";a:6:{s:4:\"name\";s:6:\"Volume\";s:5:\"value\";s:20:\"5 liters | 25 liters\";s:8:\"position\";i:1;s:10:\"is_visible\";i:0;s:12:\"is_variation\";i:1;s:11:\"is_taxonomy\";i:0;}}"],"_product_version":["10.5.1"],"_thumbnail_id":["26633"],"_product_image_gallery":["26634"],"wpse_downloadable_file_names":[""],"wpse_downloadable_file_urls":[""],"_edit_last":["1"],"_default_attributes":["a:1:{s:6:\"volume\";s:8:\"5 liters\";}"],"_wc_rating_count":["a:2:{i:4;i:1;i:5;i:6;}"],"_edit_lock":["1771222923:1"],"_price":["29.90","129.90"],"merchant-center-availability":["yes"],"merchant-center-category":["113"],"_wp_page_template":["default"],"site-sidebar-layout":["default"],"ast-site-content-layout":["default"],"site-content-style":["default"],"site-sidebar-style":["default"],"theme-transparent-header-meta":["default"],"astra-migrate-meta-layouts":["set"],"_uag_css_file_name":["uag-css-24784.css"],"_elementor_page_assets":["a:0:{}"],"_uag_page_assets":["a:9:{s:3:\"css\";s:6873:\".wp-block-uagb-image{display:flex}.wp-block-uagb-image__figure{position:relative;display:flex;flex-direction:column;max-width:100%;height:auto;margin:0}.wp-block-uagb-image__figure img{height:auto;display:flex;max-width:100%;transition:box-shadow .2s ease}.wp-block-uagb-image__figure>a{display:inline-block}.wp-block-uagb-image__figure figcaption{text-align:center;margin-top:.5em;margin-bottom:1em}.wp-block-uagb-image .components-placeholder.block-editor-media-placeholder .components-placeholder__instructions{align-self:center}.wp-block-uagb-image--align-left{text-align:left}.wp-block-uagb-image--align-right{text-align:right}.wp-block-uagb-image--align-center{text-align:center}.wp-block-uagb-image--align-full .wp-block-uagb-image__figure{margin-left:calc(50% - 50vw);margin-right:calc(50% - 50vw);max-width:100vw;width:100vw;height:auto}.wp-block-uagb-image--align-full .wp-block-uagb-image__figure img{height:auto;width:100% !important}.wp-block-uagb-image--align-wide .wp-block-uagb-image__figure img{height:auto;width:100%}.wp-block-uagb-image--layout-overlay__color-wrapper{position:absolute;left:0;top:0;right:0;bottom:0;opacity:.2;background:rgba(0,0,0,.5);transition:opacity .35s ease-in-out}.wp-block-uagb-image--layout-overlay-link{position:absolute;left:0;right:0;bottom:0;top:0}.wp-block-uagb-image--layout-overlay .wp-block-uagb-image__figure:hover .wp-block-uagb-image--layout-overlay__color-wrapper{opacity:1}.wp-block-uagb-image--layout-overlay__inner{position:absolute;left:15px;right:15px;bottom:15px;top:15px;display:flex;align-items:center;justify-content:center;flex-direction:column;border-color:#fff;transition:.35s ease-in-out}.wp-block-uagb-image--layout-overlay__inner.top-left,.wp-block-uagb-image--layout-overlay__inner.top-center,.wp-block-uagb-image--layout-overlay__inner.top-right{justify-content:flex-start}.wp-block-uagb-image--layout-overlay__inner.bottom-left,.wp-block-uagb-image--layout-overlay__inner.bottom-center,.wp-block-uagb-image--layout-overlay__inner.bottom-right{justify-content:flex-end}.wp-block-uagb-image--layout-overlay__inner.top-left,.wp-block-uagb-image--layout-overlay__inner.center-left,.wp-block-uagb-image--layout-overlay__inner.bottom-left{align-items:flex-start}.wp-block-uagb-image--layout-overlay__inner.top-right,.wp-block-uagb-image--layout-overlay__inner.center-right,.wp-block-uagb-image--layout-overlay__inner.bottom-right{align-items:flex-end}.wp-block-uagb-image--layout-overlay__inner .uagb-image-heading{color:#fff;transition:transform .35s,opacity .35s ease-in-out;transform:translate3d(0, 24px, 0);margin:0;line-height:1em}.wp-block-uagb-image--layout-overlay__inner .uagb-image-separator{width:30%;border-top-width:2px;border-top-color:#fff;border-top-style:solid;margin-bottom:10px;opacity:0;transition:transform .4s,opacity .4s ease-in-out;transform:translate3d(0, 30px, 0)}.wp-block-uagb-image--layout-overlay__inner .uagb-image-caption{opacity:0;overflow:visible;color:#fff;transition:transform .45s,opacity .45s ease-in-out;transform:translate3d(0, 35px, 0)}.wp-block-uagb-image--layout-overlay__inner:hover .uagb-image-heading,.wp-block-uagb-image--layout-overlay__inner:hover .uagb-image-separator,.wp-block-uagb-image--layout-overlay__inner:hover .uagb-image-caption{opacity:1;transform:translate3d(0, 0, 0)}.wp-block-uagb-image--effect-zoomin .wp-block-uagb-image__figure img,.wp-block-uagb-image--effect-zoomin .wp-block-uagb-image__figure .wp-block-uagb-image--layout-overlay__color-wrapper{transform:scale(1);transition:transform .35s ease-in-out}.wp-block-uagb-image--effect-zoomin .wp-block-uagb-image__figure:hover img,.wp-block-uagb-image--effect-zoomin .wp-block-uagb-image__figure:hover .wp-block-uagb-image--layout-overlay__color-wrapper{transform:scale(1.05)}.wp-block-uagb-image--effect-slide .wp-block-uagb-image__figure img,.wp-block-uagb-image--effect-slide .wp-block-uagb-image__figure .wp-block-uagb-image--layout-overlay__color-wrapper{width:calc(100% + 40px) !important;max-width:none !important;transform:translate3d(-40px, 0, 0);transition:transform .35s ease-in-out}.wp-block-uagb-image--effect-slide .wp-block-uagb-image__figure:hover img,.wp-block-uagb-image--effect-slide .wp-block-uagb-image__figure:hover .wp-block-uagb-image--layout-overlay__color-wrapper{transform:translate3d(0, 0, 0)}.wp-block-uagb-image--effect-grayscale img{filter:grayscale(0%);transition:.35s ease-in-out}.wp-block-uagb-image--effect-grayscale:hover img{filter:grayscale(100%)}.wp-block-uagb-image--effect-blur img{filter:blur(0);transition:.35s ease-in-out}.wp-block-uagb-image--effect-blur:hover img{filter:blur(3px)}.uagb-block-e6f939b3.wp-block-uagb-image--layout-default figure img{box-shadow: 0px 0px 0 #00000070;}.uagb-block-e6f939b3.wp-block-uagb-image .wp-block-uagb-image__figure figcaption{font-style: normal;align-self: center;}.uagb-block-e6f939b3.wp-block-uagb-image--layout-overlay figure img{box-shadow: 0px 0px 0 #00000070;}.uagb-block-e6f939b3.wp-block-uagb-image--layout-overlay .wp-block-uagb-image--layout-overlay__color-wrapper{opacity: 0.2;}.uagb-block-e6f939b3.wp-block-uagb-image--layout-overlay .wp-block-uagb-image--layout-overlay__inner{left: 15px;right: 15px;top: 15px;bottom: 15px;}.uagb-block-e6f939b3.wp-block-uagb-image--layout-overlay .wp-block-uagb-image--layout-overlay__inner .uagb-image-heading{font-style: normal;color: #fff;opacity: 1;}.uagb-block-e6f939b3.wp-block-uagb-image--layout-overlay .wp-block-uagb-image--layout-overlay__inner .uagb-image-heading a{color: #fff;}.uagb-block-e6f939b3.wp-block-uagb-image--layout-overlay .wp-block-uagb-image--layout-overlay__inner .uagb-image-caption{opacity: 0;}.uagb-block-e6f939b3.wp-block-uagb-image--layout-overlay .wp-block-uagb-image__figure:hover .wp-block-uagb-image--layout-overlay__color-wrapper{opacity: 1;}.uagb-block-e6f939b3.wp-block-uagb-image .wp-block-uagb-image--layout-overlay__inner .uagb-image-separator{width: 30%;border-top-width: 2px;border-top-color: #fff;opacity: 0;}.uagb-block-e6f939b3.wp-block-uagb-image .wp-block-uagb-image__figure img{width: px;height: auto;}.uagb-block-e6f939b3.wp-block-uagb-image .wp-block-uagb-image__figure:hover .wp-block-uagb-image--layout-overlay__inner .uagb-image-caption{opacity: 1;}.uagb-block-e6f939b3.wp-block-uagb-image .wp-block-uagb-image__figure:hover .wp-block-uagb-image--layout-overlay__inner .uagb-image-separator{opacity: 1;}.uagb-block-e6f939b3.wp-block-uagb-image--layout-default figure:hover img{box-shadow: 0px 0px 0 #00000070;}.uagb-block-e6f939b3.wp-block-uagb-image--layout-overlay figure:hover img{box-shadow: 0px 0px 0 #00000070;}@media only screen and (max-width: 976px) {.uagb-block-e6f939b3.wp-block-uagb-image .wp-block-uagb-image__figure img{width: px;height: auto;}}@media only screen and (max-width: 767px) {.uagb-block-e6f939b3.wp-block-uagb-image .wp-block-uagb-image__figure img{width: px;height: auto;}}\";s:2:\"js\";s:0:\"\";s:18:\"current_block_list\";a:13:{i:0;s:11:\"core\/search\";i:1;s:10:\"core\/group\";i:2;s:12:\"core\/heading\";i:3;s:17:\"core\/latest-posts\";i:4;s:20:\"core\/latest-comments\";i:5;s:13:\"core\/archives\";i:6;s:15:\"core\/categories\";i:7;s:14:\"core\/paragraph\";i:8;s:10:\"uagb\/image\";i:9;s:11:\"core\/spacer\";i:10;s:30:\"woocommerce\/product-categories\";i:11;s:10:\"core\/image\";i:12;s:14:\"core\/shortcode\";}s:8:\"uag_flag\";b:1;s:11:\"uag_version\";s:10:\"1777315666\";s:6:\"gfonts\";a:0:{}s:10:\"gfonts_url\";s:0:\"\";s:12:\"gfonts_files\";a:0:{}s:14:\"uag_faq_layout\";b:0;}"]},"uagb_featured_image_src":{"full":["https:\/\/www.ferberpainting.com\/wp-content\/uploads\/2025\/05\/PlumeriaandFrangipaniFertilizer5L.png",2560,2560,false],"thumbnail":["https:\/\/www.ferberpainting.com\/wp-content\/uploads\/2025\/05\/PlumeriaandFrangipaniFertilizer5L-150x150.png",150,150,true],"medium":["https:\/\/www.ferberpainting.com\/wp-content\/uploads\/2025\/05\/PlumeriaandFrangipaniFertilizer5L-300x300.png",300,300,true],"medium_large":["https:\/\/www.ferberpainting.com\/wp-content\/uploads\/2025\/05\/PlumeriaandFrangipaniFertilizer5L-768x768.png",768,768,true],"large":["https:\/\/www.ferberpainting.com\/wp-content\/uploads\/2025\/05\/PlumeriaandFrangipaniFertilizer5L-1024x1024.png",1024,1024,true],"1536x1536":["https:\/\/www.ferberpainting.com\/wp-content\/uploads\/2025\/05\/PlumeriaandFrangipaniFertilizer5L-1536x1536.png",1536,1536,true],"2048x2048":["https:\/\/www.ferberpainting.com\/wp-content\/uploads\/2025\/05\/PlumeriaandFrangipaniFertilizer5L-2048x2048.png",2048,2048,true],"trp-custom-language-flag":["https:\/\/www.ferberpainting.com\/wp-content\/uploads\/2025\/05\/PlumeriaandFrangipaniFertilizer5L-12x12.png",12,12,true],"woocommerce_thumbnail":["https:\/\/www.ferberpainting.com\/wp-content\/uploads\/2025\/05\/PlumeriaandFrangipaniFertilizer5L-300x300.png",300,300,true],"woocommerce_single":["https:\/\/www.ferberpainting.com\/wp-content\/uploads\/2025\/05\/PlumeriaandFrangipaniFertilizer5L-600x600.png",600,600,true],"woocommerce_gallery_thumbnail":["https:\/\/www.ferberpainting.com\/wp-content\/uploads\/2025\/05\/PlumeriaandFrangipaniFertilizer5L-100x100.png",100,100,true]},"uagb_author_info":{"display_name":"admin","author_link":"https:\/\/www.ferberpainting.com\/hu\/author\/"},"uagb_comment_info":7,"uagb_excerpt":"A fertilizer designed for abundant blooming and lush foliage.\u00a0Frangipani, also known as Plumeria, is a tropical plant renowned for its exotic flowers and captivating fragrance. This\u00a0balanced NPK 15-15-15 fertilizer has been specially formulated to meet the nutritional needs of this plant, providing an optimized dose of nitrogen (N) to stimulate vigorous growth, phosphorus (P) for&hellip;","_links":{"self":[{"href":"https:\/\/www.ferberpainting.com\/hu\/wp-json\/wp\/v2\/product\/24784","targetHints":{"allow":["GET"]}}],"collection":[{"href":"https:\/\/www.ferberpainting.com\/hu\/wp-json\/wp\/v2\/product"}],"about":[{"href":"https:\/\/www.ferberpainting.com\/hu\/wp-json\/wp\/v2\/types\/product"}],"replies":[{"embeddable":true,"href":"https:\/\/www.ferberpainting.com\/hu\/wp-json\/wp\/v2\/comments?post=24784"}],"version-history":[{"count":4,"href":"https:\/\/www.ferberpainting.com\/hu\/wp-json\/wp\/v2\/product\/24784\/revisions"}],"predecessor-version":[{"id":166983,"href":"https:\/\/www.ferberpainting.com\/hu\/wp-json\/wp\/v2\/product\/24784\/revisions\/166983"}],"wp:featuredmedia":[{"embeddable":true,"href":"https:\/\/www.ferberpainting.com\/hu\/wp-json\/wp\/v2\/media\/26633"}],"wp:attachment":[{"href":"https:\/\/www.ferberpainting.com\/hu\/wp-json\/wp\/v2\/media?parent=24784"}],"wp:term":[{"taxonomy":"product_brand","embeddable":true,"href":"https:\/\/www.ferberpainting.com\/hu\/wp-json\/wp\/v2\/product_brand?post=24784"},{"taxonomy":"product_cat","embeddable":true,"href":"https:\/\/www.ferberpainting.com\/hu\/wp-json\/wp\/v2\/product_cat?post=24784"},{"taxonomy":"product_tag","embeddable":true,"href":"https:\/\/www.ferberpainting.com\/hu\/wp-json\/wp\/v2\/product_tag?post=24784"}],"curies":[{"name":"wp","href":"https:\/\/api.w.org\/{rel}","templated":true}]}}