{"id":24771,"date":"2025-05-26T10:27:04","date_gmt":"2025-05-26T08:27:04","guid":{"rendered":"https:\/\/www.ferberpainting.com\/products\/photinia-fertilizer\/"},"modified":"2026-02-16T07:05:22","modified_gmt":"2026-02-16T06:05:22","slug":"photinia-fertilizer","status":"publish","type":"product","link":"https:\/\/www.ferberpainting.com\/hu\/products\/photinia-fertilizer\/","title":{"rendered":"Photinia m\u0171tr\u00e1gya"},"content":{"rendered":"<p><strong><img decoding=\"async\" style=\"margin-right: 12px;\" src=\"https:\/\/www.ferberpainting.com\/wp-content\/uploads\/2026\/02\/Check.svg\" alt=\"\" width=\"18\" height=\"15\" \/>Kiegyens\u00falyozott m\u0171tr\u00e1gya az \u00e9l\u00e9nk \u00e9s ellen\u00e1ll\u00f3 fotinia sz\u00e1m\u00e1ra.<\/strong>\u00a0A Photinia egy nagyra \u00e9rt\u00e9kelt cserje, tart\u00f3s \u00e9s sz\u00ednes lombja miatt, amely z\u00f6ld \u00e9s \u00e9l\u00e9nkpiros sz\u00ednben v\u00e1ltakozik. A gyors n\u00f6veked\u00e9s, az optim\u00e1lis s\u0171r\u0171s\u00e9g \u00e9s az intenz\u00edv sz\u00ednez\u0151d\u00e9s biztos\u00edt\u00e1sa \u00e9rdek\u00e9ben elengedhetetlen a sz\u00fcks\u00e9ges t\u00e1panyagok biztos\u00edt\u00e1sa. Ez az NPK 15-15-15 m\u0171tr\u00e1gya t\u00f6k\u00e9letes egyens\u00falyt biztos\u00edt a lombozat n\u00f6veked\u00e9s\u00e9t el\u0151seg\u00edt\u0151 nitrog\u00e9n (N), a gy\u00f6k\u00e9rfejl\u0151d\u00e9st t\u00e1mogat\u00f3 foszfor (P) \u00e9s a betegs\u00e9gekkel \u00e9s \u00e9ghajlati viszonyokkal szembeni ellen\u00e1ll\u00f3 k\u00e9pess\u00e9g er\u0151s\u00edt\u00e9s\u00e9t szolg\u00e1l\u00f3 k\u00e1lium (K) tekintet\u00e9ben. Ennek a teljes k\u00f6r\u0171 tr\u00e1gy\u00e1z\u00e1snak k\u00f6sz\u00f6nhet\u0151en az \u00d6n photini\u00e1ja s\u0171r\u0171 lombozatot, struktur\u00e1lt habitust \u00e9s egyenletes n\u00f6veked\u00e9st fog kifejleszteni eg\u00e9sz \u00e9vben.<\/p>\n<p><strong><img decoding=\"async\" style=\"margin-right: 12px;\" src=\"https:\/\/www.ferberpainting.com\/wp-content\/uploads\/2026\/02\/Check.svg\" alt=\"\" width=\"18\" height=\"15\" \/>P\u00e9nzvisszafizet\u00e9si garancia.<\/strong>\u00a0Mivel b\u00edzunk a fotinia m\u0171tr\u00e1gy\u00e1nk hat\u00e9konys\u00e1g\u00e1ban, p\u00e9nzvisszafizet\u00e9si garanci\u00e1t v\u00e1llalunk. Ha az aj\u00e1nl\u00e1soknak megfelel\u0151 haszn\u00e1lat ellen\u00e9re sem \u00e9szlel jelent\u0151s javul\u00e1st a n\u00f6veked\u00e9sben \u00e9s az \u00e9leter\u0151ben, v\u00e1llaljuk, hogy teljes m\u00e9rt\u00e9kben visszat\u00e9r\u00edtj\u00fck az \u00e1r\u00e1t.<\/p>\n<p><strong><img decoding=\"async\" style=\"margin-right: 12px;\" src=\"https:\/\/www.ferberpainting.com\/wp-content\/uploads\/2026\/02\/Check.svg\" alt=\"\" width=\"18\" height=\"15\" \/>Minden talajt\u00edpusra \u00e9s k\u00f6rnyezetre alkalmas.<\/strong>\u00a0Ez a m\u0171tr\u00e1gya minden talajt\u00edpushoz alkalmazkodik, legyen az homokos, agyagos, meszes vagy humuszban gazdag. A szabadf\u00f6ldbe \u00fcltetett \u00e9s a cser\u00e9pben nevelt fot\u00edni\u00e1k eset\u00e9ben is hat\u00e9kony. V\u00edzben old\u00f3d\u00f3 formul\u00e1j\u00e1nak k\u00f6sz\u00f6nhet\u0151en gyors gy\u00f6k\u00e9rfelsz\u00edv\u00f3d\u00e1st biztos\u00edt, ez\u00e1ltal folyamatos \u00e9s hat\u00e9kony ell\u00e1t\u00e1st biztos\u00edt az alapvet\u0151 t\u00e1panyagokkal.<\/p>\n<p><strong><img decoding=\"async\" style=\"margin-right: 12px;\" src=\"https:\/\/www.ferberpainting.com\/wp-content\/uploads\/2026\/02\/Check.svg\" alt=\"\" width=\"18\" height=\"15\" \/>Kiv\u00e1l\u00f3 gazdas\u00e1gi megt\u00e9r\u00fcl\u00e9s \u00e9s hosszan tart\u00f3 hat\u00e1s.<\/strong>\u00a0Ez a m\u0171tr\u00e1gya foly\u00e9kony oldat form\u00e1j\u00e1ban h\u00edg\u00edthat\u00f3, ami lehet\u0151v\u00e9 teszi a t\u00e1panyagok optim\u00e1lis \u00e9s homog\u00e9n diff\u00fazi\u00f3j\u00e1t. Literenk\u00e9nt 5 ml v\u00edzzel t\u00f6rt\u00e9n\u0151 adagol\u00e1ssal egy 5 literes kanna ak\u00e1r 1000 liter t\u00e1poldatot k\u00e9sz\u00edt, ami t\u00f6bb h\u00f3napos rendszeres karbantart\u00e1st jelent. Fokozatos felszabadul\u00e1sa biztos\u00edtja a folyamatos, felesleg n\u00e9lk\u00fcli tr\u00e1gy\u00e1z\u00e1st, garant\u00e1lva a cserj\u00e9k harmonikus fejl\u0151d\u00e9s\u00e9t.<\/p>\n<p><strong><img decoding=\"async\" style=\"margin-right: 12px;\" src=\"https:\/\/www.ferberpainting.com\/wp-content\/uploads\/2026\/02\/Check.svg\" alt=\"\" width=\"18\" height=\"15\" \/>Nem m\u00e9rgez\u0151 \u00e9s k\u00f6rnyezetbar\u00e1t m\u0171tr\u00e1gya.<\/strong>\u00a0Ez a m\u0171tr\u00e1gya nem tartalmaz k\u00e1ros vegyi anyagokat, \u00e9s teljesen biztons\u00e1gos a talaj, az \u00fcltetv\u00e9nyek \u00e9s a k\u00f6rnyez\u0151 vadon \u00e9l\u0151 \u00e1llatok sz\u00e1m\u00e1ra. Nem jelent kock\u00e1zatot a h\u00e1zi\u00e1llatokra vagy a beporz\u00f3 rovarokra, \u00edgy biztons\u00e1gos v\u00e1laszt\u00e1s egy eg\u00e9szs\u00e9ges, a biol\u00f3giai sokf\u00e9les\u00e9get tiszteletben tart\u00f3 kerthez.<\/p>\n<p><strong><img decoding=\"async\" style=\"margin-right: 12px;\" src=\"https:\/\/www.ferberpainting.com\/wp-content\/uploads\/2026\/02\/Check.svg\" alt=\"\" width=\"18\" height=\"15\" \/>K\u00f6nny\u0171 kijuttat\u00e1s \u00e9s f\u00e1rads\u00e1gmentes tr\u00e1gy\u00e1z\u00e1s.<\/strong>\u00a0A szil\u00e1rd m\u0171tr\u00e1gy\u00e1kkal ellent\u00e9tben, amelyeket be kell \u00e1sni a talajba, ez a foly\u00e9kony m\u0171tr\u00e1gya k\u00f6nnyen kijuttathat\u00f3. Csak keverje \u00f6ssze \u00f6nt\u00f6z\u0151v\u00edzzel, \u00e9s \u00f6ntse k\u00f6zvetlen\u00fcl a fotinia t\u00f6v\u00e9be. Gyors \u00e9s hat\u00e9kony haszn\u00e1lata ide\u00e1lis mind a kezd\u0151 kert\u00e9szek, mind a cserj\u00e9k optim\u00e1lis karbantart\u00e1s\u00e1\u00e9rt agg\u00f3d\u00f3 rajong\u00f3k sz\u00e1m\u00e1ra.<\/p>\n<p><strong><img decoding=\"async\" style=\"margin-right: 12px;\" src=\"https:\/\/www.ferberpainting.com\/wp-content\/uploads\/2026\/02\/Check.svg\" alt=\"\" width=\"18\" height=\"15\" \/>Gyorsan, n\u00e9h\u00e1ny h\u00e9t alatt l\u00e1that\u00f3 eredm\u00e9nyeket biztos\u00edt.<\/strong>\u00a0M\u00e1r az alkalmaz\u00e1s els\u0151 heteiben er\u0151teljesebb n\u00f6veked\u00e9st, s\u0171r\u0171bb lombozatot \u00e9s \u00e9l\u00e9nkebb sz\u00edneket figyelhet meg. Gyorsan felsz\u00edv\u00f3d\u00f3 \u00f6sszet\u00e9tel\u00e9nek k\u00f6sz\u00f6nhet\u0151en ez a m\u0171tr\u00e1gya serkenti az \u00faj hajt\u00e1sok k\u00e9pz\u0151d\u00e9s\u00e9t, \u00e9s megakad\u00e1lyozza a t\u00e1panyaghi\u00e1ny okozta s\u00e1rgul\u00e1st vagy a n\u00f6veked\u00e9s lelassul\u00e1s\u00e1t.<\/p>\n<p><strong><img decoding=\"async\" style=\"margin-right: 12px;\" src=\"https:\/\/www.ferberpainting.com\/wp-content\/uploads\/2026\/02\/Check.svg\" alt=\"\" width=\"18\" height=\"15\" \/>Hosszan tart\u00f3 tr\u00e1gy\u00e1z\u00e1s az eg\u00e9sz \u00e9vben ragyog\u00f3 lombozat\u00e9rt.<\/strong>\u00a0Kiterjesztett hat\u00e1s\u00e1nak k\u00f6sz\u00f6nhet\u0151en ez a m\u0171tr\u00e1gya biztos\u00edtja a k\u00f6vetkezetes \u00e9s kiegyens\u00falyozott n\u00f6veked\u00e9st, elker\u00fclve a stagn\u00e1l\u00e1s f\u00e1zisait. Jav\u00edtja a fotinia ellen\u00e1ll\u00f3 k\u00e9pess\u00e9g\u00e9t az olyan gyakori betegs\u00e9gekkel szemben, mint a lisztharmat \u00e9s a lev\u00e9lfoltoss\u00e1g, \u00e9s v\u00e9di a cserj\u00e9t a sz\u00e9ls\u0151s\u00e9ges \u00e9ghajlati viszonyokt\u00f3l (sz\u00e1razs\u00e1g, fagy stb.).<\/p>\n<h2><strong>Haszn\u00e1lati protokoll<\/strong><\/h2>\n<p><strong>Aj\u00e1nlott adagol\u00e1s <\/strong>:<\/p>\n<ul>\n<li><strong>Photinia cser\u00e9pben\u00a0<\/strong>: H\u00edg\u00edtson fel 5 ml m\u0171tr\u00e1gy\u00e1t 1 liter v\u00edzben, \u00e9s \u00f6nt\u00f6zze meg a n\u00f6v\u00e9ny t\u00f6v\u00e9t.<\/li>\n<li><strong>Photinia \u00fcltetett a f\u00f6ldbe <\/strong>: Vigyen fel 5 ml h\u00edg\u00edtott m\u0171tr\u00e1gy\u00e1t 1 liter v\u00edzben cserj\u00e9k\u00e9nt, k\u00f6zvetlen\u00fcl a nedves talajra.<\/li>\n<li><strong>Fiatal n\u00f6v\u00e9nyek vagy nemr\u00e9giben \u00e1t\u00fcltetett fotin\u00edli\u00e1k <\/strong>: Cs\u00f6kkentse a koncentr\u00e1ci\u00f3t 2,5 ml\/liter v\u00edzre a t\u00falzott t\u00e1panyagbevitel elker\u00fcl\u00e9se \u00e9rdek\u00e9ben.<\/li>\n<\/ul>\n<p><strong>Alkalmaz\u00e1si m\u00f3dszer <\/strong>:<\/p>\n<ul>\n<li><strong>\u00d6nt\u00f6z\u00e9ssel <\/strong>: \u00d6ntse a t\u00e1poldatot a fotinia t\u00f6v\u00e9hez, \u00fcgyelve arra, hogy a talaj megfelel\u0151en \u00e1t\u00e1zzon, de ne vizesedjen be.<\/li>\n<li><strong>Lombpermetez\u00e9ssel<\/strong> (kieg\u00e9sz\u00edt\u00e9sk\u00e9nt) : H\u00edg\u00edtson fel 1 ml m\u0171tr\u00e1gy\u00e1t literenk\u00e9nt, \u00e9s permetezze a lombozatra a t\u00e1panyagok gyorsabb felsz\u00edv\u00f3d\u00e1sa \u00e9rdek\u00e9ben.<\/li>\n<\/ul>\n<p><strong>Az alkalmaz\u00e1s gyakoris\u00e1ga <\/strong>:<\/p>\n<ul>\n<li><strong>Az akt\u00edv n\u00f6veked\u00e9s sor\u00e1n (tavasz-ny\u00e1r) <\/strong>: K\u00e9thetente alkalmazza a m\u0171tr\u00e1gy\u00e1t a n\u00f6veked\u00e9s serkent\u00e9se \u00e9s a lombozat sz\u00edn\u00e9nek fokoz\u00e1sa \u00e9rdek\u00e9ben.<\/li>\n<li><strong>A nyugalmi id\u0151szakban (\u0151szi-t\u00e9li) <\/strong>: Cs\u00f6kkentse az alkalmaz\u00e1st havonta egyszerre a vitalit\u00e1s meg\u0151rz\u00e9se \u00e9rdek\u00e9ben, t\u00falstimul\u00e1l\u00e1s n\u00e9lk\u00fcl.<\/li>\n<\/ul>\n<p><strong>Haszn\u00e1lati \u00f3vint\u00e9zked\u00e9sek <\/strong>:<\/p>\n<ul>\n<li>Ne adagolja t\u00fal a m\u0171tr\u00e1gy\u00e1t, hogy elker\u00fclje a t\u00e1panyagok t\u00falzott felhalmoz\u00f3d\u00e1s\u00e1t a talajban.<\/li>\n<li>A t\u00e1panyagfelv\u00e9tel megk\u00f6nny\u00edt\u00e9se \u00e9rdek\u00e9ben a m\u0171tr\u00e1gy\u00e1t mindig nedves talajra kell kijuttatni.<br \/>\nA t\u00e1panyagok gyors elp\u00e1rolg\u00e1s\u00e1nak megakad\u00e1lyoz\u00e1sa \u00e9rdek\u00e9ben ker\u00fclje a teljes napon t\u00f6rt\u00e9n\u0151 kijuttat\u00e1st.<\/li>\n<\/ul>\n<p><strong>T\u00e1rol\u00e1s \u00e9s meg\u0151rz\u00e9s<\/strong> :<\/p>\n<ul>\n<li>A m\u0171tr\u00e1gy\u00e1t h\u0171v\u00f6s, sz\u00e1raz helyen, k\u00f6zvetlen f\u00e9nyt\u0151l \u00e9s nedvess\u00e9gt\u0151l v\u00e9dve t\u00e1rolja.<\/li>\n<li>A term\u00e9k min\u0151s\u00e9g\u00e9nek meg\u0151rz\u00e9se \u00e9rdek\u00e9ben minden haszn\u00e1lat ut\u00e1n szorosan z\u00e1rja le a tart\u00e1lyt.<\/li>\n<\/ul>\n<p>Ennek a fotinia m\u0171tr\u00e1gy\u00e1nak k\u00f6sz\u00f6nhet\u0151en s\u00f6v\u00e9nye vagy \u00e1gy\u00e1sa eg\u00e9sz \u00e9vben er\u0151teljes, sz\u00ednes \u00e9s t\u00f6k\u00e9letesen eg\u00e9szs\u00e9ges lombozatot kap. Ak\u00e1r cser\u00e9pbe, ak\u00e1r f\u00f6ldbe, ak\u00e1r s\u00f6v\u00e9nyk\u00e9nt \u00fclteti a fot\u00edni\u00e1t, ez a k\u00f6nnyen haszn\u00e1lhat\u00f3 \u00e9s rendk\u00edv\u00fcl hat\u00e9kony t\u00e1poldat biztos\u00edtja az optim\u00e1lis eredm\u00e9ny \u00e9rdek\u00e9ben a k\u00f6nnyed tr\u00e1gy\u00e1z\u00e1st.<\/p>","protected":false},"excerpt":{"rendered":"<p>A balanced fertilizer for vibrant and resilient photinia.\u00a0Photinia is a highly valued shrub for its persistent and colorful foliage, alternating between green and bright red. To ensure rapid growth, optimal density, and intense coloration, it is essential to provide it with the necessary nutrients. This NPK 15-15-15 fertilizer provides a perfect balance of nitrogen (N) [&hellip;]<\/p>\n","protected":false},"featured_media":26627,"comment_status":"open","ping_status":"closed","template":"","meta":{"_uag_custom_page_level_css":"","site-sidebar-layout":"default","site-content-layout":"","ast-site-content-layout":"default","site-content-style":"default","site-sidebar-style":"default","ast-global-header-display":"","ast-banner-title-visibility":"","ast-main-header-display":"","ast-hfb-above-header-display":"","ast-hfb-below-header-display":"","ast-hfb-mobile-header-display":"","site-post-title":"","ast-breadcrumbs-content":"","ast-featured-img":"","footer-sml-layout":"","ast-disable-related-posts":"","theme-transparent-header-meta":"default","adv-header-id-meta":"","stick-header-meta":"","header-above-stick-meta":"","header-main-stick-meta":"","header-below-stick-meta":"","astra-migrate-meta-layouts":"set","ast-page-background-enabled":"default","ast-page-background-meta":{"desktop":{"background-color":"var(--ast-global-color-4)","background-image":"","background-repeat":"repeat","background-position":"center center","background-size":"auto","background-attachment":"scroll","background-type":"","background-media":"","overlay-type":"","overlay-color":"","overlay-opacity":"","overlay-gradient":""},"tablet":{"background-color":"","background-image":"","background-repeat":"repeat","background-position":"center center","background-size":"auto","background-attachment":"scroll","background-type":"","background-media":"","overlay-type":"","overlay-color":"","overlay-opacity":"","overlay-gradient":""},"mobile":{"background-color":"","background-image":"","background-repeat":"repeat","background-position":"center center","background-size":"auto","background-attachment":"scroll","background-type":"","background-media":"","overlay-type":"","overlay-color":"","overlay-opacity":"","overlay-gradient":""}},"ast-content-background-meta":{"desktop":{"background-color":"var(--ast-global-color-5)","background-image":"","background-repeat":"repeat","background-position":"center center","background-size":"auto","background-attachment":"scroll","background-type":"","background-media":"","overlay-type":"","overlay-color":"","overlay-opacity":"","overlay-gradient":""},"tablet":{"background-color":"var(--ast-global-color-5)","background-image":"","background-repeat":"repeat","background-position":"center center","background-size":"auto","background-attachment":"scroll","background-type":"","background-media":"","overlay-type":"","overlay-color":"","overlay-opacity":"","overlay-gradient":""},"mobile":{"background-color":"var(--ast-global-color-5)","background-image":"","background-repeat":"repeat","background-position":"center center","background-size":"auto","background-attachment":"scroll","background-type":"","background-media":"","overlay-type":"","overlay-color":"","overlay-opacity":"","overlay-gradient":""}}},"product_brand":[],"product_cat":[178],"product_tag":[],"class_list":{"0":"post-24771","1":"product","2":"type-product","3":"status-publish","4":"has-post-thumbnail","6":"product_cat-fertilizers","7":"desktop-align-left","8":"tablet-align-left","9":"mobile-align-left","11":"first","12":"instock","13":"sale","14":"taxable","15":"shipping-taxable","16":"purchasable","17":"product-type-variable","18":"has-default-attributes"},"spectra_custom_meta":{"_visibility":["visible"],"_shopify_product_id":["9068037964021"],"_s2w_shopify_domain":["ferberpainting.myshopify.com"],"_shopify_variant_id":["46509904167157"],"_sku":[""],"_manage_stock":["no"],"total_sales":["133"],"_tax_status":["taxable"],"_tax_class":[""],"_backorders":["no"],"_sold_individually":["no"],"_virtual":["no"],"_downloadable":["no"],"_download_limit":["-1"],"_download_expiry":["-1"],"_stock":[null],"_stock_status":["instock"],"_wc_average_rating":["4.63"],"_wc_review_count":["8"],"_product_attributes":["a:1:{s:6:\"volume\";a:6:{s:4:\"name\";s:6:\"Volume\";s:5:\"value\";s:20:\"5 liters | 25 liters\";s:8:\"position\";i:1;s:10:\"is_visible\";i:0;s:12:\"is_variation\";i:1;s:11:\"is_taxonomy\";i:0;}}"],"_product_version":["10.5.1"],"_thumbnail_id":["26627"],"_product_image_gallery":["26628"],"wpse_downloadable_file_names":[""],"wpse_downloadable_file_urls":[""],"_edit_last":["1"],"_default_attributes":["a:1:{s:6:\"volume\";s:8:\"5 liters\";}"],"_edit_lock":["1771221783:1"],"_price":["29.90","129.90"],"merchant-center-availability":["yes"],"merchant-center-category":["113"],"_wp_page_template":["default"],"site-sidebar-layout":["default"],"ast-site-content-layout":["default"],"site-content-style":["default"],"site-sidebar-style":["default"],"theme-transparent-header-meta":["default"],"_wc_rating_count":["a:2:{i:4;i:3;i:5;i:5;}"],"astra-migrate-meta-layouts":["set"],"_uag_css_file_name":["uag-css-24771.css"],"_elementor_page_assets":["a:0:{}"],"_uag_page_assets":["a:9:{s:3:\"css\";s:7133:\".uag-blocks-common-selector{z-index:var(--z-index-desktop) !important}@media(max-width: 976px){.uag-blocks-common-selector{z-index:var(--z-index-tablet) !important}}@media(max-width: 767px){.uag-blocks-common-selector{z-index:var(--z-index-mobile) !important}}.wp-block-uagb-image{display:flex}.wp-block-uagb-image__figure{position:relative;display:flex;flex-direction:column;max-width:100%;height:auto;margin:0}.wp-block-uagb-image__figure img{height:auto;display:flex;max-width:100%;transition:box-shadow .2s ease}.wp-block-uagb-image__figure>a{display:inline-block}.wp-block-uagb-image__figure figcaption{text-align:center;margin-top:.5em;margin-bottom:1em}.wp-block-uagb-image .components-placeholder.block-editor-media-placeholder .components-placeholder__instructions{align-self:center}.wp-block-uagb-image--align-left{text-align:left}.wp-block-uagb-image--align-right{text-align:right}.wp-block-uagb-image--align-center{text-align:center}.wp-block-uagb-image--align-full .wp-block-uagb-image__figure{margin-left:calc(50% - 50vw);margin-right:calc(50% - 50vw);max-width:100vw;width:100vw;height:auto}.wp-block-uagb-image--align-full .wp-block-uagb-image__figure img{height:auto;width:100% !important}.wp-block-uagb-image--align-wide .wp-block-uagb-image__figure img{height:auto;width:100%}.wp-block-uagb-image--layout-overlay__color-wrapper{position:absolute;left:0;top:0;right:0;bottom:0;opacity:.2;background:rgba(0,0,0,.5);transition:opacity .35s ease-in-out}.wp-block-uagb-image--layout-overlay-link{position:absolute;left:0;right:0;bottom:0;top:0}.wp-block-uagb-image--layout-overlay .wp-block-uagb-image__figure:hover .wp-block-uagb-image--layout-overlay__color-wrapper{opacity:1}.wp-block-uagb-image--layout-overlay__inner{position:absolute;left:15px;right:15px;bottom:15px;top:15px;display:flex;align-items:center;justify-content:center;flex-direction:column;border-color:#fff;transition:.35s ease-in-out}.wp-block-uagb-image--layout-overlay__inner.top-left,.wp-block-uagb-image--layout-overlay__inner.top-center,.wp-block-uagb-image--layout-overlay__inner.top-right{justify-content:flex-start}.wp-block-uagb-image--layout-overlay__inner.bottom-left,.wp-block-uagb-image--layout-overlay__inner.bottom-center,.wp-block-uagb-image--layout-overlay__inner.bottom-right{justify-content:flex-end}.wp-block-uagb-image--layout-overlay__inner.top-left,.wp-block-uagb-image--layout-overlay__inner.center-left,.wp-block-uagb-image--layout-overlay__inner.bottom-left{align-items:flex-start}.wp-block-uagb-image--layout-overlay__inner.top-right,.wp-block-uagb-image--layout-overlay__inner.center-right,.wp-block-uagb-image--layout-overlay__inner.bottom-right{align-items:flex-end}.wp-block-uagb-image--layout-overlay__inner .uagb-image-heading{color:#fff;transition:transform .35s,opacity .35s ease-in-out;transform:translate3d(0, 24px, 0);margin:0;line-height:1em}.wp-block-uagb-image--layout-overlay__inner .uagb-image-separator{width:30%;border-top-width:2px;border-top-color:#fff;border-top-style:solid;margin-bottom:10px;opacity:0;transition:transform .4s,opacity .4s ease-in-out;transform:translate3d(0, 30px, 0)}.wp-block-uagb-image--layout-overlay__inner .uagb-image-caption{opacity:0;overflow:visible;color:#fff;transition:transform .45s,opacity .45s ease-in-out;transform:translate3d(0, 35px, 0)}.wp-block-uagb-image--layout-overlay__inner:hover .uagb-image-heading,.wp-block-uagb-image--layout-overlay__inner:hover .uagb-image-separator,.wp-block-uagb-image--layout-overlay__inner:hover .uagb-image-caption{opacity:1;transform:translate3d(0, 0, 0)}.wp-block-uagb-image--effect-zoomin .wp-block-uagb-image__figure img,.wp-block-uagb-image--effect-zoomin .wp-block-uagb-image__figure .wp-block-uagb-image--layout-overlay__color-wrapper{transform:scale(1);transition:transform .35s ease-in-out}.wp-block-uagb-image--effect-zoomin .wp-block-uagb-image__figure:hover img,.wp-block-uagb-image--effect-zoomin .wp-block-uagb-image__figure:hover .wp-block-uagb-image--layout-overlay__color-wrapper{transform:scale(1.05)}.wp-block-uagb-image--effect-slide .wp-block-uagb-image__figure img,.wp-block-uagb-image--effect-slide .wp-block-uagb-image__figure .wp-block-uagb-image--layout-overlay__color-wrapper{width:calc(100% + 40px) !important;max-width:none !important;transform:translate3d(-40px, 0, 0);transition:transform .35s ease-in-out}.wp-block-uagb-image--effect-slide .wp-block-uagb-image__figure:hover img,.wp-block-uagb-image--effect-slide .wp-block-uagb-image__figure:hover .wp-block-uagb-image--layout-overlay__color-wrapper{transform:translate3d(0, 0, 0)}.wp-block-uagb-image--effect-grayscale img{filter:grayscale(0%);transition:.35s ease-in-out}.wp-block-uagb-image--effect-grayscale:hover img{filter:grayscale(100%)}.wp-block-uagb-image--effect-blur img{filter:blur(0);transition:.35s ease-in-out}.wp-block-uagb-image--effect-blur:hover img{filter:blur(3px)}.uagb-block-e6f939b3.wp-block-uagb-image--layout-default figure img{box-shadow: 0px 0px 0 #00000070;}.uagb-block-e6f939b3.wp-block-uagb-image .wp-block-uagb-image__figure figcaption{font-style: normal;align-self: center;}.uagb-block-e6f939b3.wp-block-uagb-image--layout-overlay figure img{box-shadow: 0px 0px 0 #00000070;}.uagb-block-e6f939b3.wp-block-uagb-image--layout-overlay .wp-block-uagb-image--layout-overlay__color-wrapper{opacity: 0.2;}.uagb-block-e6f939b3.wp-block-uagb-image--layout-overlay .wp-block-uagb-image--layout-overlay__inner{left: 15px;right: 15px;top: 15px;bottom: 15px;}.uagb-block-e6f939b3.wp-block-uagb-image--layout-overlay .wp-block-uagb-image--layout-overlay__inner .uagb-image-heading{font-style: normal;color: #fff;opacity: 1;}.uagb-block-e6f939b3.wp-block-uagb-image--layout-overlay .wp-block-uagb-image--layout-overlay__inner .uagb-image-heading a{color: #fff;}.uagb-block-e6f939b3.wp-block-uagb-image--layout-overlay .wp-block-uagb-image--layout-overlay__inner .uagb-image-caption{opacity: 0;}.uagb-block-e6f939b3.wp-block-uagb-image--layout-overlay .wp-block-uagb-image__figure:hover .wp-block-uagb-image--layout-overlay__color-wrapper{opacity: 1;}.uagb-block-e6f939b3.wp-block-uagb-image .wp-block-uagb-image--layout-overlay__inner .uagb-image-separator{width: 30%;border-top-width: 2px;border-top-color: #fff;opacity: 0;}.uagb-block-e6f939b3.wp-block-uagb-image .wp-block-uagb-image__figure img{width: px;height: auto;}.uagb-block-e6f939b3.wp-block-uagb-image .wp-block-uagb-image__figure:hover .wp-block-uagb-image--layout-overlay__inner .uagb-image-caption{opacity: 1;}.uagb-block-e6f939b3.wp-block-uagb-image .wp-block-uagb-image__figure:hover .wp-block-uagb-image--layout-overlay__inner .uagb-image-separator{opacity: 1;}.uagb-block-e6f939b3.wp-block-uagb-image--layout-default figure:hover img{box-shadow: 0px 0px 0 #00000070;}.uagb-block-e6f939b3.wp-block-uagb-image--layout-overlay figure:hover img{box-shadow: 0px 0px 0 #00000070;}@media only screen and (max-width: 976px) {.uagb-block-e6f939b3.wp-block-uagb-image .wp-block-uagb-image__figure img{width: px;height: auto;}}@media only screen and (max-width: 767px) {.uagb-block-e6f939b3.wp-block-uagb-image .wp-block-uagb-image__figure img{width: px;height: auto;}}\";s:2:\"js\";s:0:\"\";s:18:\"current_block_list\";a:13:{i:0;s:11:\"core\/search\";i:1;s:10:\"core\/group\";i:2;s:12:\"core\/heading\";i:3;s:17:\"core\/latest-posts\";i:4;s:20:\"core\/latest-comments\";i:5;s:13:\"core\/archives\";i:6;s:15:\"core\/categories\";i:7;s:14:\"core\/paragraph\";i:8;s:10:\"uagb\/image\";i:9;s:11:\"core\/spacer\";i:10;s:30:\"woocommerce\/product-categories\";i:11;s:10:\"core\/image\";i:12;s:14:\"core\/shortcode\";}s:8:\"uag_flag\";b:1;s:11:\"uag_version\";s:10:\"1777198564\";s:6:\"gfonts\";a:0:{}s:10:\"gfonts_url\";s:0:\"\";s:12:\"gfonts_files\";a:0:{}s:14:\"uag_faq_layout\";b:0;}"]},"uagb_featured_image_src":{"full":["https:\/\/www.ferberpainting.com\/wp-content\/uploads\/2025\/05\/PhotiniaFertilizer5L.png",2560,2560,false],"thumbnail":["https:\/\/www.ferberpainting.com\/wp-content\/uploads\/2025\/05\/PhotiniaFertilizer5L-150x150.png",150,150,true],"medium":["https:\/\/www.ferberpainting.com\/wp-content\/uploads\/2025\/05\/PhotiniaFertilizer5L-300x300.png",300,300,true],"medium_large":["https:\/\/www.ferberpainting.com\/wp-content\/uploads\/2025\/05\/PhotiniaFertilizer5L-768x768.png",768,768,true],"large":["https:\/\/www.ferberpainting.com\/wp-content\/uploads\/2025\/05\/PhotiniaFertilizer5L-1024x1024.png",1024,1024,true],"1536x1536":["https:\/\/www.ferberpainting.com\/wp-content\/uploads\/2025\/05\/PhotiniaFertilizer5L-1536x1536.png",1536,1536,true],"2048x2048":["https:\/\/www.ferberpainting.com\/wp-content\/uploads\/2025\/05\/PhotiniaFertilizer5L-2048x2048.png",2048,2048,true],"trp-custom-language-flag":["https:\/\/www.ferberpainting.com\/wp-content\/uploads\/2025\/05\/PhotiniaFertilizer5L-12x12.png",12,12,true],"woocommerce_thumbnail":["https:\/\/www.ferberpainting.com\/wp-content\/uploads\/2025\/05\/PhotiniaFertilizer5L-300x300.png",300,300,true],"woocommerce_single":["https:\/\/www.ferberpainting.com\/wp-content\/uploads\/2025\/05\/PhotiniaFertilizer5L-600x600.png",600,600,true],"woocommerce_gallery_thumbnail":["https:\/\/www.ferberpainting.com\/wp-content\/uploads\/2025\/05\/PhotiniaFertilizer5L-100x100.png",100,100,true]},"uagb_author_info":{"display_name":"admin","author_link":"https:\/\/www.ferberpainting.com\/hu\/author\/"},"uagb_comment_info":8,"uagb_excerpt":"A balanced fertilizer for vibrant and resilient photinia.\u00a0Photinia is a highly valued shrub for its persistent and colorful foliage, alternating between green and bright red. To ensure rapid growth, optimal density, and intense coloration, it is essential to provide it with the necessary nutrients. This NPK 15-15-15 fertilizer provides a perfect balance of nitrogen (N)&hellip;","_links":{"self":[{"href":"https:\/\/www.ferberpainting.com\/hu\/wp-json\/wp\/v2\/product\/24771","targetHints":{"allow":["GET"]}}],"collection":[{"href":"https:\/\/www.ferberpainting.com\/hu\/wp-json\/wp\/v2\/product"}],"about":[{"href":"https:\/\/www.ferberpainting.com\/hu\/wp-json\/wp\/v2\/types\/product"}],"replies":[{"embeddable":true,"href":"https:\/\/www.ferberpainting.com\/hu\/wp-json\/wp\/v2\/comments?post=24771"}],"version-history":[{"count":4,"href":"https:\/\/www.ferberpainting.com\/hu\/wp-json\/wp\/v2\/product\/24771\/revisions"}],"predecessor-version":[{"id":166967,"href":"https:\/\/www.ferberpainting.com\/hu\/wp-json\/wp\/v2\/product\/24771\/revisions\/166967"}],"wp:featuredmedia":[{"embeddable":true,"href":"https:\/\/www.ferberpainting.com\/hu\/wp-json\/wp\/v2\/media\/26627"}],"wp:attachment":[{"href":"https:\/\/www.ferberpainting.com\/hu\/wp-json\/wp\/v2\/media?parent=24771"}],"wp:term":[{"taxonomy":"product_brand","embeddable":true,"href":"https:\/\/www.ferberpainting.com\/hu\/wp-json\/wp\/v2\/product_brand?post=24771"},{"taxonomy":"product_cat","embeddable":true,"href":"https:\/\/www.ferberpainting.com\/hu\/wp-json\/wp\/v2\/product_cat?post=24771"},{"taxonomy":"product_tag","embeddable":true,"href":"https:\/\/www.ferberpainting.com\/hu\/wp-json\/wp\/v2\/product_tag?post=24771"}],"curies":[{"name":"wp","href":"https:\/\/api.w.org\/{rel}","templated":true}]}}