{"id":24753,"date":"2025-06-30T22:30:08","date_gmt":"2025-06-30T20:30:08","guid":{"rendered":"https:\/\/www.ferberpainting.com\/?post_type=product&#038;p=24750"},"modified":"2026-02-15T23:24:02","modified_gmt":"2026-02-15T22:24:02","slug":"paintbrush-cleaner","status":"publish","type":"product","link":"https:\/\/www.ferberpainting.com\/hu\/products\/paintbrush-cleaner\/","title":{"rendered":"Ecsettiszt\u00edt\u00f3 szerEcsettiszt\u00edt\u00f3"},"content":{"rendered":"<p><strong><img decoding=\"async\" style=\"margin-right: 12px;\" src=\"https:\/\/www.ferberpainting.com\/wp-content\/uploads\/2026\/02\/Check.svg\" alt=\"\" width=\"18\" height=\"15\" \/>Optim\u00e1lis hat\u00e9konys\u00e1g.<\/strong>\u00a0Ezt az ecsettiszt\u00edt\u00f3t kifejezetten arra tervezt\u00e9k, hogy hat\u00e9konyan elt\u00e1vol\u00edtsa a fest\u00e9kmaradv\u00e1nyok minden t\u00edpus\u00e1t, legyen az v\u00edzalap\u00fa vagy old\u00f3szeres. Er\u0151teljes formul\u00e1ja gyorsan feloldja az ecset s\u00f6rt\u00e9in l\u00e9v\u0151 friss vagy megsz\u00e1radt fest\u00e9ket, vissza\u00e1ll\u00edtva azok rugalmass\u00e1g\u00e1t \u00e9s eredeti hat\u00e9konys\u00e1g\u00e1t. Megakad\u00e1lyozza a s\u00f6rt\u00e9k csom\u00f3sod\u00e1s\u00e1t, meg\u0151rzi azok min\u0151s\u00e9g\u00e9t, \u00e9s biztos\u00edtja a k\u00e9s\u0151bbi felhaszn\u00e1l\u00e1sok sor\u00e1n a sima felvitelt.<\/p>\n<p><strong><img decoding=\"async\" style=\"margin-right: 12px;\" src=\"https:\/\/www.ferberpainting.com\/wp-content\/uploads\/2026\/02\/Check.svg\" alt=\"\" width=\"18\" height=\"15\" \/>P\u00e9nzvisszafizet\u00e9si garancia.<\/strong>\u00a0Teljes m\u00e9rt\u00e9kben b\u00edzunk tiszt\u00edt\u00f3szer\u00fcnk hat\u00e9konys\u00e1g\u00e1ban. Ha a haszn\u00e1lat ut\u00e1n nem teljesen el\u00e9gedett az eredm\u00e9nnyel, teljes visszat\u00e9r\u00edt\u00e9sre jogosult. Pr\u00f3b\u00e1lja ki term\u00e9k\u00fcnket kock\u00e1zatmentesen, \u00e9s adjon m\u00e1sodik \u00e9letet kef\u00e9inek, m\u00e9g intenz\u00edv haszn\u00e1lat ut\u00e1n is.<\/p>\n<p><strong><img decoding=\"async\" style=\"margin-right: 12px;\" src=\"https:\/\/www.ferberpainting.com\/wp-content\/uploads\/2026\/02\/Check.svg\" alt=\"\" width=\"18\" height=\"15\" \/>Kiv\u00e9teles sokoldal\u00fas\u00e1g.<\/strong>\u00a0Ez a tiszt\u00edt\u00f3szer nem korl\u00e1toz\u00f3dik az ecsetekre! Hat\u00e1sos a fest\u0151hengerek, fest\u00e9ksz\u00f3r\u00f3k, palett\u00e1k, spatul\u00e1k \u00e9s minden m\u00e1s, fest\u00e9shez, d\u00edsz\u00edt\u00e9shez vagy bevon\u00e1shoz haszn\u00e1lt eszk\u00f6z tiszt\u00edt\u00e1s\u00e1ra is. A fest\u00e9kek \u00e9s lakkok sz\u00e9les sk\u00e1l\u00e1j\u00e1val m\u0171k\u00f6dik, bele\u00e9rtve az akril, alkid, olaj alap\u00fa fest\u00e9keket, foltokat, tint\u00e1kat \u00e9s fest\u00e9keket. Sz\u00e1mos anyaggal val\u00f3 kompatibilit\u00e1s\u00e1nak k\u00f6sz\u00f6nhet\u0151en alkalmas mind a h\u00e1ztart\u00e1si haszn\u00e1latra, mind az \u00e9p\u00edt\u0151ipari szakemberek, fest\u0151k \u00e9s d\u00edsz\u00edt\u0151m\u0171v\u00e9szek ig\u00e9nyeihez.<\/p>\n<p><strong><img decoding=\"async\" style=\"margin-right: 12px;\" src=\"https:\/\/www.ferberpainting.com\/wp-content\/uploads\/2026\/02\/Check.svg\" alt=\"\" width=\"18\" height=\"15\" \/>K\u00f6lts\u00e9ghat\u00e9kony teljes\u00edtm\u00e9ny.<\/strong>\u00a0Az 5 literes tart\u00e1lyos form\u00e1tumnak \u00e9s a magas koncentr\u00e1ci\u00f3nak k\u00f6sz\u00f6nhet\u0151en ez a tiszt\u00edt\u00f3szer kiv\u00e1l\u00f3 \u00e9rt\u00e9ket k\u00edn\u00e1l. Egy kis mennyis\u00e9g elegend\u0151 t\u00f6bb kefe \u00e9s szersz\u00e1m tiszt\u00edt\u00e1s\u00e1hoz egyetlen alkalmaz\u00e1ssal. \u00c1tlagosan egy liter term\u00e9kkel ak\u00e1r 100 k\u00fcl\u00f6nb\u00f6z\u0151 m\u00e9ret\u0171 ecset is kezelhet\u0151, \u00edgy gazdas\u00e1gos \u00e9s hat\u00e9kony megold\u00e1st biztos\u00edt rendszeres vagy intenz\u00edv haszn\u00e1lat eset\u00e9n.<\/p>\n<p><strong><img decoding=\"async\" style=\"margin-right: 12px;\" src=\"https:\/\/www.ferberpainting.com\/wp-content\/uploads\/2026\/02\/Check.svg\" alt=\"\" width=\"18\" height=\"15\" \/>Biztons\u00e1gosan haszn\u00e1lhat\u00f3.<\/strong>\u00a0A durva old\u00f3szerekkel ellent\u00e9tben, amelyek k\u00e1ros\u00edthatj\u00e1k a kefe s\u00f6rt\u00e9it, kisz\u00e1r\u00edthatj\u00e1k a kezeket, vagy m\u00e9rgez\u0151 g\u0151z\u00f6ket bocs\u00e1tanak ki, ez a tiszt\u00edt\u00f3szer mar\u00f3 \u00e9s k\u00e1ros anyagok n\u00e9lk\u00fcl k\u00e9sz\u00fclt. Nem bocs\u00e1t ki er\u0151s szagokat, \u00e9s nem okoz b\u0151rirrit\u00e1ci\u00f3t, \u00edgy biztons\u00e1gos haszn\u00e1latot biztos\u00edt mind a mag\u00e1nszem\u00e9lyek, mind a szakemberek sz\u00e1m\u00e1ra. Anyagk\u00edm\u00e9l\u0151, \u00e9s nem roncsolja a szintetikus vagy term\u00e9szetes s\u00f6rt\u00e9ket, \u00edgy meg\u0151rzi azok puhas\u00e1g\u00e1t \u00e9s rugalmass\u00e1g\u00e1t.<\/p>\n<p><strong><img decoding=\"async\" style=\"margin-right: 12px;\" src=\"https:\/\/www.ferberpainting.com\/wp-content\/uploads\/2026\/02\/Check.svg\" alt=\"\" width=\"18\" height=\"15\" \/>K\u00f6nny\u0171 haszn\u00e1lat.<\/strong>\u00a0Ez a term\u00e9k azonnal felhaszn\u00e1lhat\u00f3, nem ig\u00e9nyel h\u00edg\u00edt\u00e1st vagy bonyolult kezel\u00e9st. Egyszer\u0171en mer\u00edtse a kef\u00e9t a tiszt\u00edt\u00f3szerbe, hagyja n\u00e9h\u00e1ny pillanatig hatni, majd \u00f6bl\u00edtse le tiszta v\u00edzzel. Gyors hat\u00e1sa \u00e9s intuit\u00edv alkalmaz\u00e1sa hat\u00e9kony karbantart\u00e1st biztos\u00edt er\u0151fesz\u00edt\u00e9s n\u00e9lk\u00fcl, \u00edgy az ecsettiszt\u00edt\u00e1s minden fest\u00e9s ut\u00e1n egyszer\u0171v\u00e9 v\u00e1lik.<\/p>\n<p><strong><img decoding=\"async\" style=\"margin-right: 12px;\" src=\"https:\/\/www.ferberpainting.com\/wp-content\/uploads\/2026\/02\/Check.svg\" alt=\"\" width=\"18\" height=\"15\" \/>Kiterjesztett tart\u00f3ss\u00e1g.<\/strong>\u00a0A fest\u00e9kmaradv\u00e1nyok hat\u00e9kony elt\u00e1vol\u00edt\u00e1s\u00e1val \u00e9s a s\u00f6rt\u00e9k rugalmass\u00e1g\u00e1nak meg\u0151rz\u00e9s\u00e9vel ez a tiszt\u00edt\u00f3szer jelent\u0151sen meghosszabb\u00edtja az ecsetek \u00e9lettartam\u00e1t. Megakad\u00e1lyozza a korai megkem\u00e9nyed\u00e9st, cs\u00f6kkenti a kop\u00e1st \u00e9s hossz\u00fa t\u00e1von fenntartja a felhord\u00e1si teljes\u00edtm\u00e9nyt. Az e term\u00e9kkel v\u00e9gzett rendszeres karbantart\u00e1s biztos\u00edtja, hogy az ecsetek mindig haszn\u00e1latra k\u00e9szek legyenek, \u00e9s elker\u00fclhet\u0151 a szersz\u00e1mok haszn\u00e1lhatatlann\u00e1 v\u00e1l\u00e1sa miatti pazarl\u00e1s.<\/p>\n<p><strong><img decoding=\"async\" style=\"margin-right: 12px;\" src=\"https:\/\/www.ferberpainting.com\/wp-content\/uploads\/2026\/02\/Check.svg\" alt=\"\" width=\"18\" height=\"15\" \/>Gyors akci\u00f3.<\/strong>\u00a0Rendk\u00edv\u00fcl akt\u00edv formul\u00e1j\u00e1nak k\u00f6sz\u00f6nhet\u0151en ez a tiszt\u00edt\u00f3szer azonnal hat a fest\u00e9kmaradv\u00e1nyokra, m\u00e1sodperceken bel\u00fcl feloldva azokat. Gyors \u00e9s hat\u00e9kony tiszt\u00edt\u00e1st tesz lehet\u0151v\u00e9, ide\u00e1lis olyan szakemberek sz\u00e1m\u00e1ra, akiknek k\u00e9t munkamenet k\u00f6z\u00f6tt gyorsan kell karbantartaniuk eszk\u00f6zeiket, vagy olyan mag\u00e1nszem\u00e9lyek sz\u00e1m\u00e1ra, akik ecseteiket er\u0151s s\u00farol\u00e1s n\u00e9lk\u00fcl szeretn\u00e9k t\u00e1rolni.<\/p>\n<h2><strong>Haszn\u00e1lati protokoll<\/strong><\/h2>\n<ul>\n<li><strong>El\u0151k\u00e9sz\u00edt\u00e9s <\/strong>: Gy\u0151z\u0151dj\u00f6n meg r\u00f3la, hogy az ecseteket a felesleges fest\u00e9kt\u0151l megt\u00f6r\u00f6lte egy ronggyal vagy pap\u00edrt\u00f6rl\u0151vel, miel\u0151tt a term\u00e9kbe mer\u00edten\u00e9 \u0151ket.<\/li>\n<li><strong>Kefetiszt\u00edt\u00e1s <\/strong>: \u00d6nts\u00f6n megfelel\u0151 mennyis\u00e9g\u0171 tiszt\u00edt\u00f3szert egy megfelel\u0151 ed\u00e9nybe, majd a kef\u00e9t \u00f3vatosan kevergetve mer\u00edtse bele a folyad\u00e9kba, hogy a s\u00f6rt\u00e9k teljesen \u00e1titat\u00f3djanak. Hagyja n\u00e9h\u00e1ny percig \u00e1llni, hogy a term\u00e9k feloldja a fest\u00e9kmaradv\u00e1nyokat.<\/li>\n<li><strong>Makacs foltok kezel\u00e9se <\/strong>: A megsz\u00e1radt, be\u00e1gyaz\u00f3dott fest\u00e9kkel rendelkez\u0151 ecseteket hagyja tov\u00e1bb \u00e1zni (ak\u00e1r 30 percig), miel\u0151tt puha kef\u00e9vel vagy nem s\u00farol\u00f3 szivaccsal \u00f3vatosan les\u00farolja a s\u00f6rt\u00e9ket.<\/li>\n<li><strong>\u00d6bl\u00edt\u00e9s <\/strong>: \u00d6bl\u00edtse le az ecsetet alaposan tiszta v\u00edz alatt, mik\u00f6zben a s\u00f6rt\u00e9ket \u00f3vatosan sz\u00e9tter\u00edti az ujjaival, hogy elt\u00e1vol\u00edtsa a tiszt\u00edt\u00f3szer \u00e9s a felold\u00f3dott fest\u00e9k maradv\u00e1nyait.<\/li>\n<li><strong>Sz\u00e1r\u00edt\u00e1s \u00e9s befejez\u00e9s <\/strong>: \u00d3vatosan csavarja ki a kef\u00e9t egy tiszta ruh\u00e1val, form\u00e1zza \u00fajra, \u00e9s hagyja a leveg\u0151n megsz\u00e1radni - ide\u00e1lis esetben felf\u00fcggesztve vagy laposra fektetve, hogy megakad\u00e1lyozza a s\u00f6rt\u00e9k deform\u00e1l\u00f3d\u00e1s\u00e1t.<\/li>\n<li><strong>Egy\u00e9b eszk\u00f6z\u00f6k tiszt\u00edt\u00e1sa <\/strong>: Ugyanezt a m\u00f3dszert alkalmazza a hengerek, spatul\u00e1k \u00e9s palett\u00e1k eset\u00e9ben is, \u00e9s \u00f6bl\u00edt\u00e9s el\u0151tt enyh\u00e9n d\u00f6rzs\u00f6lje \u00e1t \u0151ket egy tiszt\u00edt\u00f3szerrel \u00e1titatott ruh\u00e1val.<\/li>\n<li><strong>Haszn\u00e1lat gyakoris\u00e1ga <\/strong>: Minden fest\u00e9s ut\u00e1n alkalmazza, hogy elker\u00fclje a marad\u00e9kok felhalmoz\u00f3d\u00e1s\u00e1t \u00e9s meg\u0151rizze a szersz\u00e1m min\u0151s\u00e9g\u00e9t. M\u00e9lytiszt\u00edt\u00e1s eset\u00e9n havonta egyszer tervezzen intenz\u00edvebb tiszt\u00edt\u00e1st a sz\u00e1lakban felhalmoz\u00f3dott lerak\u00f3d\u00e1sok elt\u00e1vol\u00edt\u00e1s\u00e1ra.<\/li>\n<li><strong>T\u00e1rol\u00e1s <\/strong>: Minden haszn\u00e1lat ut\u00e1n szorosan z\u00e1rja le a tart\u00e1lyt, \u00e9s t\u00e1rolja h\u0171v\u00f6s, sz\u00e1raz, f\u00e9nyt\u0151l \u00e9s sz\u00e9ls\u0151s\u00e9ges h\u0151m\u00e9rs\u00e9klett\u0151l v\u00e9dett helyen, hogy a term\u00e9k hat\u00e9konys\u00e1ga hossz\u00fa t\u00e1von megmaradjon.<\/li>\n<\/ul>\n<p>Ecsettiszt\u00edt\u00f3nkkal hat\u00e9kony \u00e9s f\u00e1rads\u00e1gmentes karbantart\u00e1st biztos\u00edthat, mik\u00f6zben meg\u0151rzi szersz\u00e1mai rugalmass\u00e1g\u00e1t \u00e9s hossz\u00fa \u00e9lettartam\u00e1t. Ide\u00e1lis megold\u00e1s, hogy ecsetei mindig haszn\u00e1latra k\u00e9szen \u00e9s optim\u00e1lis felhord\u00e1si min\u0151s\u00e9gben maradjanak.<\/p>","protected":false},"excerpt":{"rendered":"<p>Optimal Efficiency.\u00a0This cleaner for paintbrushes is specially designed to effectively remove all types of paint residues, whether water-based or solvent-based. Its powerful formula quickly dissolves fresh or dried paint on brush bristles, restoring their suppleness and original effectiveness. It prevents clumping of bristles, preserves their quality, and ensures smooth application for future uses. Money-back guarantee.\u00a0We [&hellip;]<\/p>\n","protected":false},"featured_media":36024,"comment_status":"open","ping_status":"closed","template":"","meta":{"_uag_custom_page_level_css":"","site-sidebar-layout":"default","site-content-layout":"","ast-site-content-layout":"default","site-content-style":"default","site-sidebar-style":"default","ast-global-header-display":"","ast-banner-title-visibility":"","ast-main-header-display":"","ast-hfb-above-header-display":"","ast-hfb-below-header-display":"","ast-hfb-mobile-header-display":"","site-post-title":"","ast-breadcrumbs-content":"","ast-featured-img":"","footer-sml-layout":"","ast-disable-related-posts":"","theme-transparent-header-meta":"default","adv-header-id-meta":"","stick-header-meta":"","header-above-stick-meta":"","header-main-stick-meta":"","header-below-stick-meta":"","astra-migrate-meta-layouts":"set","ast-page-background-enabled":"default","ast-page-background-meta":{"desktop":{"background-color":"var(--ast-global-color-4)","background-image":"","background-repeat":"repeat","background-position":"center center","background-size":"auto","background-attachment":"scroll","background-type":"","background-media":"","overlay-type":"","overlay-color":"","overlay-opacity":"","overlay-gradient":""},"tablet":{"background-color":"","background-image":"","background-repeat":"repeat","background-position":"center center","background-size":"auto","background-attachment":"scroll","background-type":"","background-media":"","overlay-type":"","overlay-color":"","overlay-opacity":"","overlay-gradient":""},"mobile":{"background-color":"","background-image":"","background-repeat":"repeat","background-position":"center center","background-size":"auto","background-attachment":"scroll","background-type":"","background-media":"","overlay-type":"","overlay-color":"","overlay-opacity":"","overlay-gradient":""}},"ast-content-background-meta":{"desktop":{"background-color":"var(--ast-global-color-5)","background-image":"","background-repeat":"repeat","background-position":"center center","background-size":"auto","background-attachment":"scroll","background-type":"","background-media":"","overlay-type":"","overlay-color":"","overlay-opacity":"","overlay-gradient":""},"tablet":{"background-color":"var(--ast-global-color-5)","background-image":"","background-repeat":"repeat","background-position":"center center","background-size":"auto","background-attachment":"scroll","background-type":"","background-media":"","overlay-type":"","overlay-color":"","overlay-opacity":"","overlay-gradient":""},"mobile":{"background-color":"var(--ast-global-color-5)","background-image":"","background-repeat":"repeat","background-position":"center center","background-size":"auto","background-attachment":"scroll","background-type":"","background-media":"","overlay-type":"","overlay-color":"","overlay-opacity":"","overlay-gradient":""}}},"product_brand":[],"product_cat":[175],"product_tag":[],"class_list":{"0":"post-24753","1":"product","2":"type-product","3":"status-publish","4":"has-post-thumbnail","6":"product_cat-cleaning-products","7":"desktop-align-left","8":"tablet-align-left","9":"mobile-align-left","11":"first","12":"instock","13":"sale","14":"taxable","15":"shipping-taxable","16":"purchasable","17":"product-type-variable","18":"has-default-attributes"},"spectra_custom_meta":{"_visibility":["visible"],"_shopify_product_id":["9106220974325"],"_s2w_shopify_domain":["ferberpainting.myshopify.com"],"_shopify_variant_id":["46625708441845"],"_sku":[""],"_manage_stock":["no"],"total_sales":["14"],"_tax_status":["taxable"],"_tax_class":[""],"_backorders":["no"],"_sold_individually":["no"],"_virtual":["no"],"_downloadable":["no"],"_download_limit":["-1"],"_download_expiry":["-1"],"_stock":[null],"_stock_status":["instock"],"_wc_average_rating":["5.00"],"_wc_review_count":["12"],"_product_attributes":["a:1:{s:6:\"volume\";a:6:{s:4:\"name\";s:6:\"Volume\";s:5:\"value\";s:20:\"5 liters | 25 liters\";s:8:\"position\";i:1;s:10:\"is_visible\";i:0;s:12:\"is_variation\";i:1;s:11:\"is_taxonomy\";i:0;}}"],"_product_version":["10.5.1"],"wpse_downloadable_file_names":[""],"wpse_downloadable_file_urls":[""],"_edit_last":["1"],"_default_attributes":["a:1:{s:6:\"volume\";s:8:\"5 liters\";}"],"_edit_lock":["1771194149:1"],"_price":["29.90","129.90"],"merchant-center-availability":["yes"],"merchant-center-category":["328062"],"_thumbnail_id":["36024"],"_wp_page_template":["default"],"_wp_old_date":["2025-05-26"],"_product_image_gallery":["36026"],"site-sidebar-layout":["default"],"ast-site-content-layout":["default"],"site-content-style":["default"],"site-sidebar-style":["default"],"theme-transparent-header-meta":["default"],"_wc_rating_count":["a:1:{i:5;i:12;}"],"astra-migrate-meta-layouts":["set"],"_uag_css_file_name":["uag-css-24753.css"],"_elementor_page_assets":["a:0:{}"],"_uag_page_assets":["a:9:{s:3:\"css\";s:7133:\".uag-blocks-common-selector{z-index:var(--z-index-desktop) !important}@media(max-width: 976px){.uag-blocks-common-selector{z-index:var(--z-index-tablet) !important}}@media(max-width: 767px){.uag-blocks-common-selector{z-index:var(--z-index-mobile) !important}}.wp-block-uagb-image{display:flex}.wp-block-uagb-image__figure{position:relative;display:flex;flex-direction:column;max-width:100%;height:auto;margin:0}.wp-block-uagb-image__figure img{height:auto;display:flex;max-width:100%;transition:box-shadow .2s ease}.wp-block-uagb-image__figure>a{display:inline-block}.wp-block-uagb-image__figure figcaption{text-align:center;margin-top:.5em;margin-bottom:1em}.wp-block-uagb-image .components-placeholder.block-editor-media-placeholder .components-placeholder__instructions{align-self:center}.wp-block-uagb-image--align-left{text-align:left}.wp-block-uagb-image--align-right{text-align:right}.wp-block-uagb-image--align-center{text-align:center}.wp-block-uagb-image--align-full .wp-block-uagb-image__figure{margin-left:calc(50% - 50vw);margin-right:calc(50% - 50vw);max-width:100vw;width:100vw;height:auto}.wp-block-uagb-image--align-full .wp-block-uagb-image__figure img{height:auto;width:100% !important}.wp-block-uagb-image--align-wide .wp-block-uagb-image__figure img{height:auto;width:100%}.wp-block-uagb-image--layout-overlay__color-wrapper{position:absolute;left:0;top:0;right:0;bottom:0;opacity:.2;background:rgba(0,0,0,.5);transition:opacity .35s ease-in-out}.wp-block-uagb-image--layout-overlay-link{position:absolute;left:0;right:0;bottom:0;top:0}.wp-block-uagb-image--layout-overlay .wp-block-uagb-image__figure:hover .wp-block-uagb-image--layout-overlay__color-wrapper{opacity:1}.wp-block-uagb-image--layout-overlay__inner{position:absolute;left:15px;right:15px;bottom:15px;top:15px;display:flex;align-items:center;justify-content:center;flex-direction:column;border-color:#fff;transition:.35s ease-in-out}.wp-block-uagb-image--layout-overlay__inner.top-left,.wp-block-uagb-image--layout-overlay__inner.top-center,.wp-block-uagb-image--layout-overlay__inner.top-right{justify-content:flex-start}.wp-block-uagb-image--layout-overlay__inner.bottom-left,.wp-block-uagb-image--layout-overlay__inner.bottom-center,.wp-block-uagb-image--layout-overlay__inner.bottom-right{justify-content:flex-end}.wp-block-uagb-image--layout-overlay__inner.top-left,.wp-block-uagb-image--layout-overlay__inner.center-left,.wp-block-uagb-image--layout-overlay__inner.bottom-left{align-items:flex-start}.wp-block-uagb-image--layout-overlay__inner.top-right,.wp-block-uagb-image--layout-overlay__inner.center-right,.wp-block-uagb-image--layout-overlay__inner.bottom-right{align-items:flex-end}.wp-block-uagb-image--layout-overlay__inner .uagb-image-heading{color:#fff;transition:transform .35s,opacity .35s ease-in-out;transform:translate3d(0, 24px, 0);margin:0;line-height:1em}.wp-block-uagb-image--layout-overlay__inner .uagb-image-separator{width:30%;border-top-width:2px;border-top-color:#fff;border-top-style:solid;margin-bottom:10px;opacity:0;transition:transform .4s,opacity .4s ease-in-out;transform:translate3d(0, 30px, 0)}.wp-block-uagb-image--layout-overlay__inner .uagb-image-caption{opacity:0;overflow:visible;color:#fff;transition:transform .45s,opacity .45s ease-in-out;transform:translate3d(0, 35px, 0)}.wp-block-uagb-image--layout-overlay__inner:hover .uagb-image-heading,.wp-block-uagb-image--layout-overlay__inner:hover .uagb-image-separator,.wp-block-uagb-image--layout-overlay__inner:hover .uagb-image-caption{opacity:1;transform:translate3d(0, 0, 0)}.wp-block-uagb-image--effect-zoomin .wp-block-uagb-image__figure img,.wp-block-uagb-image--effect-zoomin .wp-block-uagb-image__figure .wp-block-uagb-image--layout-overlay__color-wrapper{transform:scale(1);transition:transform .35s ease-in-out}.wp-block-uagb-image--effect-zoomin .wp-block-uagb-image__figure:hover img,.wp-block-uagb-image--effect-zoomin .wp-block-uagb-image__figure:hover .wp-block-uagb-image--layout-overlay__color-wrapper{transform:scale(1.05)}.wp-block-uagb-image--effect-slide .wp-block-uagb-image__figure img,.wp-block-uagb-image--effect-slide .wp-block-uagb-image__figure .wp-block-uagb-image--layout-overlay__color-wrapper{width:calc(100% + 40px) !important;max-width:none !important;transform:translate3d(-40px, 0, 0);transition:transform .35s ease-in-out}.wp-block-uagb-image--effect-slide .wp-block-uagb-image__figure:hover img,.wp-block-uagb-image--effect-slide .wp-block-uagb-image__figure:hover .wp-block-uagb-image--layout-overlay__color-wrapper{transform:translate3d(0, 0, 0)}.wp-block-uagb-image--effect-grayscale img{filter:grayscale(0%);transition:.35s ease-in-out}.wp-block-uagb-image--effect-grayscale:hover img{filter:grayscale(100%)}.wp-block-uagb-image--effect-blur img{filter:blur(0);transition:.35s ease-in-out}.wp-block-uagb-image--effect-blur:hover img{filter:blur(3px)}.uagb-block-e6f939b3.wp-block-uagb-image--layout-default figure img{box-shadow: 0px 0px 0 #00000070;}.uagb-block-e6f939b3.wp-block-uagb-image .wp-block-uagb-image__figure figcaption{font-style: normal;align-self: center;}.uagb-block-e6f939b3.wp-block-uagb-image--layout-overlay figure img{box-shadow: 0px 0px 0 #00000070;}.uagb-block-e6f939b3.wp-block-uagb-image--layout-overlay .wp-block-uagb-image--layout-overlay__color-wrapper{opacity: 0.2;}.uagb-block-e6f939b3.wp-block-uagb-image--layout-overlay .wp-block-uagb-image--layout-overlay__inner{left: 15px;right: 15px;top: 15px;bottom: 15px;}.uagb-block-e6f939b3.wp-block-uagb-image--layout-overlay .wp-block-uagb-image--layout-overlay__inner .uagb-image-heading{font-style: normal;color: #fff;opacity: 1;}.uagb-block-e6f939b3.wp-block-uagb-image--layout-overlay .wp-block-uagb-image--layout-overlay__inner .uagb-image-heading a{color: #fff;}.uagb-block-e6f939b3.wp-block-uagb-image--layout-overlay .wp-block-uagb-image--layout-overlay__inner .uagb-image-caption{opacity: 0;}.uagb-block-e6f939b3.wp-block-uagb-image--layout-overlay .wp-block-uagb-image__figure:hover .wp-block-uagb-image--layout-overlay__color-wrapper{opacity: 1;}.uagb-block-e6f939b3.wp-block-uagb-image .wp-block-uagb-image--layout-overlay__inner .uagb-image-separator{width: 30%;border-top-width: 2px;border-top-color: #fff;opacity: 0;}.uagb-block-e6f939b3.wp-block-uagb-image .wp-block-uagb-image__figure img{width: px;height: auto;}.uagb-block-e6f939b3.wp-block-uagb-image .wp-block-uagb-image__figure:hover .wp-block-uagb-image--layout-overlay__inner .uagb-image-caption{opacity: 1;}.uagb-block-e6f939b3.wp-block-uagb-image .wp-block-uagb-image__figure:hover .wp-block-uagb-image--layout-overlay__inner .uagb-image-separator{opacity: 1;}.uagb-block-e6f939b3.wp-block-uagb-image--layout-default figure:hover img{box-shadow: 0px 0px 0 #00000070;}.uagb-block-e6f939b3.wp-block-uagb-image--layout-overlay figure:hover img{box-shadow: 0px 0px 0 #00000070;}@media only screen and (max-width: 976px) {.uagb-block-e6f939b3.wp-block-uagb-image .wp-block-uagb-image__figure img{width: px;height: auto;}}@media only screen and (max-width: 767px) {.uagb-block-e6f939b3.wp-block-uagb-image .wp-block-uagb-image__figure img{width: px;height: auto;}}\";s:2:\"js\";s:0:\"\";s:18:\"current_block_list\";a:13:{i:0;s:11:\"core\/search\";i:1;s:10:\"core\/group\";i:2;s:12:\"core\/heading\";i:3;s:17:\"core\/latest-posts\";i:4;s:20:\"core\/latest-comments\";i:5;s:13:\"core\/archives\";i:6;s:15:\"core\/categories\";i:7;s:14:\"core\/paragraph\";i:8;s:10:\"uagb\/image\";i:9;s:11:\"core\/spacer\";i:10;s:30:\"woocommerce\/product-categories\";i:11;s:10:\"core\/image\";i:12;s:14:\"core\/shortcode\";}s:8:\"uag_flag\";b:1;s:11:\"uag_version\";s:10:\"1777228801\";s:6:\"gfonts\";a:0:{}s:10:\"gfonts_url\";s:0:\"\";s:12:\"gfonts_files\";a:0:{}s:14:\"uag_faq_layout\";b:0;}"]},"uagb_featured_image_src":{"full":["https:\/\/www.ferberpainting.com\/wp-content\/uploads\/2025\/05\/Paintbrush-Cleaner-5L-.png",2560,2560,false],"thumbnail":["https:\/\/www.ferberpainting.com\/wp-content\/uploads\/2025\/05\/Paintbrush-Cleaner-5L--150x150.png",150,150,true],"medium":["https:\/\/www.ferberpainting.com\/wp-content\/uploads\/2025\/05\/Paintbrush-Cleaner-5L--300x300.png",300,300,true],"medium_large":["https:\/\/www.ferberpainting.com\/wp-content\/uploads\/2025\/05\/Paintbrush-Cleaner-5L--768x768.png",768,768,true],"large":["https:\/\/www.ferberpainting.com\/wp-content\/uploads\/2025\/05\/Paintbrush-Cleaner-5L--1024x1024.png",1024,1024,true],"1536x1536":["https:\/\/www.ferberpainting.com\/wp-content\/uploads\/2025\/05\/Paintbrush-Cleaner-5L--1536x1536.png",1536,1536,true],"2048x2048":["https:\/\/www.ferberpainting.com\/wp-content\/uploads\/2025\/05\/Paintbrush-Cleaner-5L--2048x2048.png",2048,2048,true],"trp-custom-language-flag":["https:\/\/www.ferberpainting.com\/wp-content\/uploads\/2025\/05\/Paintbrush-Cleaner-5L--12x12.png",12,12,true],"woocommerce_thumbnail":["https:\/\/www.ferberpainting.com\/wp-content\/uploads\/2025\/05\/Paintbrush-Cleaner-5L--300x300.png",300,300,true],"woocommerce_single":["https:\/\/www.ferberpainting.com\/wp-content\/uploads\/2025\/05\/Paintbrush-Cleaner-5L--600x600.png",600,600,true],"woocommerce_gallery_thumbnail":["https:\/\/www.ferberpainting.com\/wp-content\/uploads\/2025\/05\/Paintbrush-Cleaner-5L--100x100.png",100,100,true]},"uagb_author_info":{"display_name":"admin","author_link":"https:\/\/www.ferberpainting.com\/hu\/author\/"},"uagb_comment_info":12,"uagb_excerpt":"Optimal Efficiency.\u00a0This cleaner for paintbrushes is specially designed to effectively remove all types of paint residues, whether water-based or solvent-based. Its powerful formula quickly dissolves fresh or dried paint on brush bristles, restoring their suppleness and original effectiveness. It prevents clumping of bristles, preserves their quality, and ensures smooth application for future uses. Money-back guarantee.\u00a0We&hellip;","_links":{"self":[{"href":"https:\/\/www.ferberpainting.com\/hu\/wp-json\/wp\/v2\/product\/24753","targetHints":{"allow":["GET"]}}],"collection":[{"href":"https:\/\/www.ferberpainting.com\/hu\/wp-json\/wp\/v2\/product"}],"about":[{"href":"https:\/\/www.ferberpainting.com\/hu\/wp-json\/wp\/v2\/types\/product"}],"replies":[{"embeddable":true,"href":"https:\/\/www.ferberpainting.com\/hu\/wp-json\/wp\/v2\/comments?post=24753"}],"version-history":[{"count":3,"href":"https:\/\/www.ferberpainting.com\/hu\/wp-json\/wp\/v2\/product\/24753\/revisions"}],"predecessor-version":[{"id":166681,"href":"https:\/\/www.ferberpainting.com\/hu\/wp-json\/wp\/v2\/product\/24753\/revisions\/166681"}],"wp:featuredmedia":[{"embeddable":true,"href":"https:\/\/www.ferberpainting.com\/hu\/wp-json\/wp\/v2\/media\/36024"}],"wp:attachment":[{"href":"https:\/\/www.ferberpainting.com\/hu\/wp-json\/wp\/v2\/media?parent=24753"}],"wp:term":[{"taxonomy":"product_brand","embeddable":true,"href":"https:\/\/www.ferberpainting.com\/hu\/wp-json\/wp\/v2\/product_brand?post=24753"},{"taxonomy":"product_cat","embeddable":true,"href":"https:\/\/www.ferberpainting.com\/hu\/wp-json\/wp\/v2\/product_cat?post=24753"},{"taxonomy":"product_tag","embeddable":true,"href":"https:\/\/www.ferberpainting.com\/hu\/wp-json\/wp\/v2\/product_tag?post=24753"}],"curies":[{"name":"wp","href":"https:\/\/api.w.org\/{rel}","templated":true}]}}