{"id":24750,"date":"2025-07-01T00:26:12","date_gmt":"2025-06-30T22:26:12","guid":{"rendered":"https:\/\/www.ferberpainting.com\/?post_type=product&#038;p=24750"},"modified":"2026-02-15T23:22:25","modified_gmt":"2026-02-15T22:22:25","slug":"paint-thinner","status":"publish","type":"product","link":"https:\/\/www.ferberpainting.com\/hu\/products\/paint-thinner\/","title":{"rendered":"Fest\u00e9kh\u00edg\u00edt\u00f3"},"content":{"rendered":"<p><strong><img decoding=\"async\" style=\"margin-right: 12px;\" src=\"https:\/\/www.ferberpainting.com\/wp-content\/uploads\/2026\/02\/Check.svg\" alt=\"\" width=\"18\" height=\"15\" \/>Optim\u00e1lis hat\u00e9konys\u00e1g.<\/strong>\u00a0Ezt a fest\u00e9kh\u00edg\u00edt\u00f3t kifejezetten a fest\u00e9k h\u00edg\u00edt\u00e1s\u00e1ra tervezt\u00e9k an\u00e9lk\u00fcl, hogy megv\u00e1ltoztatn\u00e1 annak k\u00e9miai \u00f6sszet\u00e9tel\u00e9t vagy fed\u0151k\u00e9pess\u00e9g\u00e9t. Ide\u00e1lis konzisztenci\u00e1t biztos\u00edt a sima, cs\u00edkmentes felvitelhez. T\u00f6k\u00e9letesen alkalmas old\u00f3szeres fest\u00e9kekhez, p\u00e9ld\u00e1ul alkidokhoz, lakkokhoz, lakkokhoz \u00e9s ipari bevonatokhoz. Gyors hat\u00e1s\u00e1nak k\u00f6sz\u00f6nhet\u0151en homog\u00e9n kever\u00e9ket biztos\u00edt, \u00e9s megk\u00f6nny\u00edti a fest\u00e9k ecsettel, hengerrel vagy sz\u00f3r\u00f3pisztollyal t\u00f6rt\u00e9n\u0151 felhord\u00e1s\u00e1t.<\/p>\n<p><strong><img decoding=\"async\" style=\"margin-right: 12px;\" src=\"https:\/\/www.ferberpainting.com\/wp-content\/uploads\/2026\/02\/Check.svg\" alt=\"\" width=\"18\" height=\"15\" \/>P\u00e9nzvisszafizet\u00e9si garancia.<\/strong>\u00a0Teljes m\u00e9rt\u00e9kben megb\u00edzunk fest\u00e9kh\u00edg\u00edt\u00f3nk hat\u00e9konys\u00e1g\u00e1ban. Ha a haszn\u00e1lat ut\u00e1n nem teljesen el\u00e9gedett az eredm\u00e9nnyel, teljes visszat\u00e9r\u00edt\u00e9sre jogosult. Pr\u00f3b\u00e1lja ki term\u00e9k\u00fcnket nyugodt sz\u00edvvel, \u00e9s \u00e9lvezze a megb\u00edzhat\u00f3 \u00e9s hat\u00e9kony megold\u00e1st minden fest\u00e9si ig\u00e9ny\u00e9re.<\/p>\n<p><strong><img decoding=\"async\" style=\"margin-right: 12px;\" src=\"https:\/\/www.ferberpainting.com\/wp-content\/uploads\/2026\/02\/Check.svg\" alt=\"\" width=\"18\" height=\"15\" \/>Kiv\u00e9teles sokoldal\u00fas\u00e1g.<\/strong>\u00a0Ez a h\u00edg\u00edt\u00f3 nem korl\u00e1toz\u00f3dik a fest\u00e9k h\u00edg\u00edt\u00e1s\u00e1ra! Hat\u00e9konyan alkalmazhat\u00f3 a felhord\u00f3 eszk\u00f6z\u00f6k, p\u00e9ld\u00e1ul ecsetek, hengerek, fest\u00e9ksz\u00f3r\u00f3 pisztolyok \u00e9s egy\u00e9b berendez\u00e9sek tiszt\u00edt\u00e1s\u00e1ra is. Ezenk\u00edv\u00fcl haszn\u00e1lhat\u00f3 a fest\u00e9kfoltok elt\u00e1vol\u00edt\u00e1s\u00e1ra olyan fel\u00fcletekr\u0151l, mint a f\u00e9m, fa, PVC \u00e9s egyes nem por\u00f3zus k\u00f6vek. Ide\u00e1lis a lakkok h\u00edg\u00edt\u00e1s\u00e1ra \u00e9s sz\u00e1rad\u00e1suk felgyors\u00edt\u00e1s\u00e1ra, mik\u00f6zben hib\u00e1tlan fel\u00fcletet biztos\u00edt.<\/p>\n<p><strong><img decoding=\"async\" style=\"margin-right: 12px;\" src=\"https:\/\/www.ferberpainting.com\/wp-content\/uploads\/2026\/02\/Check.svg\" alt=\"\" width=\"18\" height=\"15\" \/>K\u00f6lts\u00e9ghat\u00e9kony teljes\u00edtm\u00e9ny.<\/strong>\u00a0Nagy hat\u00e9konys\u00e1g\u00e1nak k\u00f6sz\u00f6nhet\u0151en ez a h\u00edg\u00edt\u00f3 seg\u00edt cs\u00f6kkenteni a felhaszn\u00e1lt fest\u00e9k mennyis\u00e9g\u00e9t, mik\u00f6zben biztos\u00edtja a foly\u00e9kony \u00e9s egyenletes felhord\u00e1st. Egy 5 literes kanna a gy\u00e1rt\u00f3 \u00e1ltal aj\u00e1nlott h\u00edg\u00edt\u00e1si ar\u00e1nyt\u00f3l f\u00fcgg\u0151en nagy fest\u00e9si ter\u00fcleten haszn\u00e1lhat\u00f3. \u00c1tlagosan 100-250 ml h\u00edg\u00edt\u00f3 elegend\u0151 egy liter fest\u00e9kre, ami optimaliz\u00e1lja a felhaszn\u00e1l\u00e1st \u00e9s cs\u00f6kkenti az ell\u00e1t\u00e1si k\u00f6lts\u00e9geket.<\/p>\n<p><strong><img decoding=\"async\" style=\"margin-right: 12px;\" src=\"https:\/\/www.ferberpainting.com\/wp-content\/uploads\/2026\/02\/Check.svg\" alt=\"\" width=\"18\" height=\"15\" \/>Biztons\u00e1gosan haszn\u00e1lhat\u00f3.<\/strong>\u00a0A hagyom\u00e1nyos h\u00edg\u00edt\u00f3kkal ellent\u00e9tben, amelyek agressz\u00edv g\u0151z\u00f6ket bocs\u00e1tanak ki \u00e9s b\u0151rirrit\u00e1ci\u00f3t okoznak, ezt a term\u00e9ket \u00fagy \u00e1ll\u00edtott\u00e1k \u00f6ssze, hogy minim\u00e1lisra cs\u00f6kkentse az alkalmaz\u00e1s sor\u00e1n jelentkez\u0151 eg\u00e9szs\u00e9g\u00fcgyi kock\u00e1zatokat. Nem tartalmaz olyan mar\u00f3 hat\u00e1s\u00fa anyagokat, amelyek k\u00e1ros\u00edthatj\u00e1k a festett fel\u00fcleteket, \u00e9s megfelel a hat\u00e1lyos k\u00f6rnyezetv\u00e9delmi el\u0151\u00edr\u00e1soknak. Haszn\u00e1lata szell\u0151ztetett helyen aj\u00e1nlott, de az utas\u00edt\u00e1soknak megfelel\u0151en haszn\u00e1lva biztons\u00e1gos marad a felhaszn\u00e1l\u00f3k sz\u00e1m\u00e1ra.<\/p>\n<p><strong><img decoding=\"async\" style=\"margin-right: 12px;\" src=\"https:\/\/www.ferberpainting.com\/wp-content\/uploads\/2026\/02\/Check.svg\" alt=\"\" width=\"18\" height=\"15\" \/>K\u00f6nny\u0171 haszn\u00e1lat.<\/strong>\u00a0Ez a term\u00e9k haszn\u00e1latra k\u00e9sz, \u00e9s nem ig\u00e9nyel k\u00fcl\u00f6n\u00f6sebb el\u0151k\u00e9sz\u00edt\u00e9st. Egyszer\u0171en csak adja k\u00f6zvetlen\u00fcl a fest\u00e9khez, \u00e9s keverje a k\u00edv\u00e1nt konzisztencia el\u00e9r\u00e9s\u00e9ig. Intuit\u00edv haszn\u00e1lata mindenki sz\u00e1m\u00e1ra el\u00e9rhet\u0151v\u00e9 teszi, ak\u00e1r szakemberek, ak\u00e1r belt\u00e9ren vagy k\u00fclt\u00e9ren dolgoz\u00f3 bark\u00e1csol\u00f3k sz\u00e1m\u00e1ra. Gyors hat\u00e9konys\u00e1ga biztos\u00edtja a sima \u00e9s egyenletes fel\u00fcletet an\u00e9lk\u00fcl, hogy befoly\u00e1soln\u00e1 a fest\u00e9k fed\u0151k\u00e9pess\u00e9g\u00e9t vagy tapad\u00e1si tulajdons\u00e1gait.<\/p>\n<p><strong><img decoding=\"async\" style=\"margin-right: 12px;\" src=\"https:\/\/www.ferberpainting.com\/wp-content\/uploads\/2026\/02\/Check.svg\" alt=\"\" width=\"18\" height=\"15\" \/>Kiterjesztett tart\u00f3ss\u00e1g.<\/strong>\u00a0A h\u00edg\u00edt\u00f3 hozz\u00e1ad\u00e1sa seg\u00edt optimaliz\u00e1lni a fest\u00e9k eltarthat\u00f3s\u00e1g\u00e1t az\u00e1ltal, hogy megakad\u00e1lyozza a fest\u00e9k bes\u0171r\u0171s\u00f6d\u00e9s\u00e9t \u00e9s megk\u00f6nny\u00edti a hossz\u00fa t\u00e1v\u00fa t\u00e1rol\u00e1st. Megakad\u00e1lyozza a csom\u00f3k\u00e9pz\u0151d\u00e9st \u00e9s biztos\u00edtja az old\u00f3szeres fest\u00e9kek ide\u00e1lis konzerv\u00e1l\u00e1s\u00e1t. Ezenk\u00edv\u00fcl az\u00e1ltal, hogy jav\u00edtja a felhord\u00e1st \u00e9s a tapad\u00e1st, meghosszabb\u00edtja a festett fel\u00fcletek tart\u00f3ss\u00e1g\u00e1t a k\u00fclt\u00e9ri k\u00f6r\u00fclm\u00e9nyekkel, p\u00e9ld\u00e1ul a p\u00e1ratartalommal, az UV sug\u00e1rz\u00e1ssal \u00e9s a h\u0151m\u00e9rs\u00e9klet-v\u00e1ltoz\u00e1sokkal szemben.<\/p>\n<p><strong><img decoding=\"async\" style=\"margin-right: 12px;\" src=\"https:\/\/www.ferberpainting.com\/wp-content\/uploads\/2026\/02\/Check.svg\" alt=\"\" width=\"18\" height=\"15\" \/>Gyors akci\u00f3.<\/strong>\u00a0Magasan akt\u00edv \u00f6sszet\u00e9tel\u00e9nek k\u00f6sz\u00f6nhet\u0151en ez a h\u00edg\u00edt\u00f3 azonnal jav\u00edtja a fest\u00e9k foly\u00e1s\u00e1t \u00e9s megk\u00f6nny\u00edti a fest\u00e9k felvitel\u00e9t. Id\u0151t takar\u00edt meg az\u00e1ltal, hogy megakad\u00e1lyozza a rossz konzisztencia miatti korrekci\u00f3kat. Azonnali hat\u00e1s\u00e1nak k\u00f6sz\u00f6nhet\u0151en sim\u00e1bb, egyenletesebb fest\u00e9kfelhord\u00e1st biztos\u00edt, sz\u00e1rad\u00e1s ut\u00e1n sem lesznek l\u00e1that\u00f3 hib\u00e1k.<\/p>\n<h2><strong>Haszn\u00e1lati protokoll<\/strong><\/h2>\n<ul>\n<li><strong>El\u0151k\u00e9sz\u00edt\u00e9s <\/strong>: A h\u00edg\u00edt\u00f3 hozz\u00e1ad\u00e1sa el\u0151tt gy\u0151z\u0151dj\u00f6n meg r\u00f3la, hogy a h\u00edg\u00edtand\u00f3 fest\u00e9k j\u00f3l el van keverve \u00e9s csom\u00f3mentes. A legjobb eredm\u00e9ny \u00e9rdek\u00e9ben minden m\u0171velet el\u0151tt alaposan keverje fel a fest\u00e9ket.<\/li>\n<li><strong>H\u00edg\u00edt\u00e1s alkalmaz\u00e1sa <\/strong>: Fokozatosan adagolja a h\u00edg\u00edt\u00f3t a fest\u00e9khez, a gy\u00e1rt\u00f3 \u00e1ltal aj\u00e1nlott ar\u00e1nyt k\u00f6vetve. \u00c1ltal\u00e1ban 10% h\u00edg\u00edt\u00f3 1 liter fest\u00e9khez elegend\u0151 ecsettel vagy hengerrel t\u00f6rt\u00e9n\u0151 felhord\u00e1shoz, m\u00edg permetez\u00e9shez 20-30% h\u00edg\u00edt\u00f3ra lehet sz\u00fcks\u00e9g. Alaposan keverje \u00f6ssze, am\u00edg a fest\u00e9k foly\u00e9kony, egyenletes \u00e1llag\u00fa nem lesz.<\/li>\n<li><strong>Szersz\u00e1m tiszt\u00edt\u00e1s <\/strong>: Fest\u00e9s ut\u00e1n \u00e1ztassa be az ecseteket, hengereket \u00e9s sz\u00f3r\u00f3pisztolyokat h\u00edg\u00edt\u00f3ba, hogy elt\u00e1vol\u00edtsa a fest\u00e9kmaradv\u00e1nyokat \u00e9s megakad\u00e1lyozza a megkem\u00e9nyed\u00e9st. Hagyja n\u00e9h\u00e1ny percig \u00e1llni, majd alaposan \u00f6bl\u00edtse le tiszta v\u00edzzel \u00e9s puha ruh\u00e1val.<\/li>\n<li><strong>Folt elt\u00e1vol\u00edt\u00e1sa <\/strong>: A friss fest\u00e9k elt\u00e1vol\u00edt\u00e1s\u00e1hoz olyan fel\u00fcletekr\u0151l, mint a f\u00e9m, fa vagy PVC, \u00e1ztasson egy ruh\u00e1t h\u00edg\u00edt\u00f3ba, \u00e9s \u00f3vatosan d\u00f6rzs\u00f6lje \u00e1t az \u00e9rintett ter\u00fcletet. Sz\u00fcks\u00e9g eset\u00e9n \u00f6bl\u00edtse le tiszta v\u00edzzel az old\u00f3szer marad\u00e9k\u00e1nak elt\u00e1vol\u00edt\u00e1s\u00e1hoz.<\/li>\n<li><strong>Befejez\u00e9s \u00e9s v\u00e9delem <\/strong>: A tapad\u00e1s \u00e9s a r\u00e9tegfel\u00fclet jav\u00edt\u00e1sa \u00e9rdek\u00e9ben k\u00f6vesse az aj\u00e1nlott h\u00edg\u00edt\u00e1si ar\u00e1nyt, \u00e9s alaposan keverje \u00f6ssze a felhord\u00e1s el\u0151tt. A megfelel\u0151 h\u00edg\u00edt\u00e1s megakad\u00e1lyozza a sz\u00ednv\u00e1ltoz\u00e1sokat \u00e9s biztos\u00edtja a sima, egyenletes fel\u00fcletet.<\/li>\n<li><strong>Haszn\u00e1lat gyakoris\u00e1ga <\/strong>: Haszn\u00e1lja minden fest\u00e9kh\u00edg\u00edt\u00e1skor \u00e9s minden fest\u00e9s ut\u00e1n a szersz\u00e1mok tiszt\u00edt\u00e1s\u00e1ra \u00e9s \u00e9lettartamuk meghosszabb\u00edt\u00e1s\u00e1ra. A h\u00edg\u00edt\u00f3 teljes\u00edtm\u00e9ny\u00e9nek fenntart\u00e1sa \u00e9rdek\u00e9ben haszn\u00e1lat ut\u00e1n mindig z\u00e1rja le \u00fajra a kann\u00e1t, hogy elker\u00fclje a p\u00e1rolg\u00e1st.<\/li>\n<li><strong>T\u00e1rol\u00e1s <\/strong>: T\u00e1rolja a tart\u00e1lyt h\u0171v\u00f6s, sz\u00e1raz helyen, h\u0151t\u0151l \u00e9s k\u00f6zvetlen napf\u00e9nyt\u0151l v\u00e9dve. Minden haszn\u00e1lat ut\u00e1n szorosan z\u00e1rja vissza, hogy megakad\u00e1lyozza a term\u00e9k \u00f6sszet\u00e9tel\u00e9nek megv\u00e1ltoz\u00e1s\u00e1t.<\/li>\n<\/ul>\n<p>Fest\u00e9kh\u00edg\u00edt\u00f3nkkal biztos\u00edtsa a sima kever\u00e9ket, a foly\u00e9kony felhord\u00e1st \u00e9s a hib\u00e1tlan kivitelez\u00e9st. Ide\u00e1lis megold\u00e1s a fest\u00e9si projektek egyszer\u0171s\u00edt\u00e9s\u00e9re, a festett fel\u00fcletek tart\u00f3ss\u00e1g\u00e1nak optimaliz\u00e1l\u00e1s\u00e1ra \u00e9s a professzion\u00e1lis min\u0151s\u00e9g\u0171 eredm\u00e9nyek el\u00e9r\u00e9s\u00e9re minden k\u00f6r\u00fclm\u00e9nyek k\u00f6z\u00f6tt.<\/p>","protected":false},"excerpt":{"rendered":"<p>Optimal Efficiency.\u00a0This paint thinner is specially designed to thin paint without altering its chemical composition or covering power. It provides the ideal consistency for smooth, streak-free application. Perfectly suited for solvent-based paints such as alkyds, lacquers, varnishes, and industrial coatings. Thanks to its quick action, it ensures a homogeneous mixture and facilitates paint application by [&hellip;]<\/p>\n","protected":false},"featured_media":36071,"comment_status":"open","ping_status":"closed","template":"","meta":{"_uag_custom_page_level_css":"","site-sidebar-layout":"default","site-content-layout":"","ast-site-content-layout":"default","site-content-style":"default","site-sidebar-style":"default","ast-global-header-display":"","ast-banner-title-visibility":"","ast-main-header-display":"","ast-hfb-above-header-display":"","ast-hfb-below-header-display":"","ast-hfb-mobile-header-display":"","site-post-title":"","ast-breadcrumbs-content":"","ast-featured-img":"","footer-sml-layout":"","ast-disable-related-posts":"","theme-transparent-header-meta":"default","adv-header-id-meta":"","stick-header-meta":"","header-above-stick-meta":"","header-main-stick-meta":"","header-below-stick-meta":"","astra-migrate-meta-layouts":"set","ast-page-background-enabled":"default","ast-page-background-meta":{"desktop":{"background-color":"var(--ast-global-color-4)","background-image":"","background-repeat":"repeat","background-position":"center center","background-size":"auto","background-attachment":"scroll","background-type":"","background-media":"","overlay-type":"","overlay-color":"","overlay-opacity":"","overlay-gradient":""},"tablet":{"background-color":"","background-image":"","background-repeat":"repeat","background-position":"center center","background-size":"auto","background-attachment":"scroll","background-type":"","background-media":"","overlay-type":"","overlay-color":"","overlay-opacity":"","overlay-gradient":""},"mobile":{"background-color":"","background-image":"","background-repeat":"repeat","background-position":"center center","background-size":"auto","background-attachment":"scroll","background-type":"","background-media":"","overlay-type":"","overlay-color":"","overlay-opacity":"","overlay-gradient":""}},"ast-content-background-meta":{"desktop":{"background-color":"var(--ast-global-color-5)","background-image":"","background-repeat":"repeat","background-position":"center center","background-size":"auto","background-attachment":"scroll","background-type":"","background-media":"","overlay-type":"","overlay-color":"","overlay-opacity":"","overlay-gradient":""},"tablet":{"background-color":"var(--ast-global-color-5)","background-image":"","background-repeat":"repeat","background-position":"center center","background-size":"auto","background-attachment":"scroll","background-type":"","background-media":"","overlay-type":"","overlay-color":"","overlay-opacity":"","overlay-gradient":""},"mobile":{"background-color":"var(--ast-global-color-5)","background-image":"","background-repeat":"repeat","background-position":"center center","background-size":"auto","background-attachment":"scroll","background-type":"","background-media":"","overlay-type":"","overlay-color":"","overlay-opacity":"","overlay-gradient":""}}},"product_brand":[],"product_cat":[175],"product_tag":[],"class_list":{"0":"post-24750","1":"product","2":"type-product","3":"status-publish","4":"has-post-thumbnail","6":"product_cat-cleaning-products","7":"desktop-align-left","8":"tablet-align-left","9":"mobile-align-left","11":"first","12":"instock","13":"sale","14":"taxable","15":"shipping-taxable","16":"purchasable","17":"product-type-variable","18":"has-default-attributes"},"spectra_custom_meta":{"_visibility":["visible"],"_shopify_product_id":["9106532663541"],"_s2w_shopify_domain":["ferberpainting.myshopify.com"],"_shopify_variant_id":["46626241380597"],"_sku":[""],"_manage_stock":["no"],"total_sales":["5"],"_tax_status":["taxable"],"_tax_class":[""],"_backorders":["no"],"_sold_individually":["no"],"_virtual":["no"],"_downloadable":["no"],"_download_limit":["-1"],"_download_expiry":["-1"],"_stock":[null],"_stock_status":["instock"],"_wc_average_rating":["5.00"],"_wc_review_count":["11"],"_product_attributes":["a:1:{s:6:\"volume\";a:6:{s:4:\"name\";s:6:\"Volume\";s:5:\"value\";s:20:\"5 liters | 25 liters\";s:8:\"position\";i:1;s:10:\"is_visible\";i:0;s:12:\"is_variation\";i:1;s:11:\"is_taxonomy\";i:0;}}"],"_product_version":["10.5.1"],"wpse_downloadable_file_names":[""],"wpse_downloadable_file_urls":[""],"_edit_last":["1"],"_default_attributes":["a:1:{s:6:\"volume\";s:8:\"5 liters\";}"],"_edit_lock":["1771194007:1"],"_price":["29.90","129.90"],"merchant-center-availability":["yes"],"merchant-center-category":["503741"],"_thumbnail_id":["36071"],"_wp_page_template":["default"],"_wp_old_date":["2025-05-26"],"_product_image_gallery":["36072"],"site-sidebar-layout":["default"],"ast-site-content-layout":["default"],"site-content-style":["default"],"site-sidebar-style":["default"],"theme-transparent-header-meta":["default"],"_wc_rating_count":["a:1:{i:5;i:11;}"],"astra-migrate-meta-layouts":["set"],"_uag_css_file_name":["uag-css-24750.css"],"_elementor_page_assets":["a:0:{}"],"_uag_page_assets":["a:9:{s:3:\"css\";s:7133:\".uag-blocks-common-selector{z-index:var(--z-index-desktop) !important}@media(max-width: 976px){.uag-blocks-common-selector{z-index:var(--z-index-tablet) !important}}@media(max-width: 767px){.uag-blocks-common-selector{z-index:var(--z-index-mobile) !important}}.wp-block-uagb-image{display:flex}.wp-block-uagb-image__figure{position:relative;display:flex;flex-direction:column;max-width:100%;height:auto;margin:0}.wp-block-uagb-image__figure img{height:auto;display:flex;max-width:100%;transition:box-shadow .2s ease}.wp-block-uagb-image__figure>a{display:inline-block}.wp-block-uagb-image__figure figcaption{text-align:center;margin-top:.5em;margin-bottom:1em}.wp-block-uagb-image .components-placeholder.block-editor-media-placeholder .components-placeholder__instructions{align-self:center}.wp-block-uagb-image--align-left{text-align:left}.wp-block-uagb-image--align-right{text-align:right}.wp-block-uagb-image--align-center{text-align:center}.wp-block-uagb-image--align-full .wp-block-uagb-image__figure{margin-left:calc(50% - 50vw);margin-right:calc(50% - 50vw);max-width:100vw;width:100vw;height:auto}.wp-block-uagb-image--align-full .wp-block-uagb-image__figure img{height:auto;width:100% !important}.wp-block-uagb-image--align-wide .wp-block-uagb-image__figure img{height:auto;width:100%}.wp-block-uagb-image--layout-overlay__color-wrapper{position:absolute;left:0;top:0;right:0;bottom:0;opacity:.2;background:rgba(0,0,0,.5);transition:opacity .35s ease-in-out}.wp-block-uagb-image--layout-overlay-link{position:absolute;left:0;right:0;bottom:0;top:0}.wp-block-uagb-image--layout-overlay .wp-block-uagb-image__figure:hover .wp-block-uagb-image--layout-overlay__color-wrapper{opacity:1}.wp-block-uagb-image--layout-overlay__inner{position:absolute;left:15px;right:15px;bottom:15px;top:15px;display:flex;align-items:center;justify-content:center;flex-direction:column;border-color:#fff;transition:.35s ease-in-out}.wp-block-uagb-image--layout-overlay__inner.top-left,.wp-block-uagb-image--layout-overlay__inner.top-center,.wp-block-uagb-image--layout-overlay__inner.top-right{justify-content:flex-start}.wp-block-uagb-image--layout-overlay__inner.bottom-left,.wp-block-uagb-image--layout-overlay__inner.bottom-center,.wp-block-uagb-image--layout-overlay__inner.bottom-right{justify-content:flex-end}.wp-block-uagb-image--layout-overlay__inner.top-left,.wp-block-uagb-image--layout-overlay__inner.center-left,.wp-block-uagb-image--layout-overlay__inner.bottom-left{align-items:flex-start}.wp-block-uagb-image--layout-overlay__inner.top-right,.wp-block-uagb-image--layout-overlay__inner.center-right,.wp-block-uagb-image--layout-overlay__inner.bottom-right{align-items:flex-end}.wp-block-uagb-image--layout-overlay__inner .uagb-image-heading{color:#fff;transition:transform .35s,opacity .35s ease-in-out;transform:translate3d(0, 24px, 0);margin:0;line-height:1em}.wp-block-uagb-image--layout-overlay__inner .uagb-image-separator{width:30%;border-top-width:2px;border-top-color:#fff;border-top-style:solid;margin-bottom:10px;opacity:0;transition:transform .4s,opacity .4s ease-in-out;transform:translate3d(0, 30px, 0)}.wp-block-uagb-image--layout-overlay__inner .uagb-image-caption{opacity:0;overflow:visible;color:#fff;transition:transform .45s,opacity .45s ease-in-out;transform:translate3d(0, 35px, 0)}.wp-block-uagb-image--layout-overlay__inner:hover .uagb-image-heading,.wp-block-uagb-image--layout-overlay__inner:hover .uagb-image-separator,.wp-block-uagb-image--layout-overlay__inner:hover .uagb-image-caption{opacity:1;transform:translate3d(0, 0, 0)}.wp-block-uagb-image--effect-zoomin .wp-block-uagb-image__figure img,.wp-block-uagb-image--effect-zoomin .wp-block-uagb-image__figure .wp-block-uagb-image--layout-overlay__color-wrapper{transform:scale(1);transition:transform .35s ease-in-out}.wp-block-uagb-image--effect-zoomin .wp-block-uagb-image__figure:hover img,.wp-block-uagb-image--effect-zoomin .wp-block-uagb-image__figure:hover .wp-block-uagb-image--layout-overlay__color-wrapper{transform:scale(1.05)}.wp-block-uagb-image--effect-slide .wp-block-uagb-image__figure img,.wp-block-uagb-image--effect-slide .wp-block-uagb-image__figure .wp-block-uagb-image--layout-overlay__color-wrapper{width:calc(100% + 40px) !important;max-width:none !important;transform:translate3d(-40px, 0, 0);transition:transform .35s ease-in-out}.wp-block-uagb-image--effect-slide .wp-block-uagb-image__figure:hover img,.wp-block-uagb-image--effect-slide .wp-block-uagb-image__figure:hover .wp-block-uagb-image--layout-overlay__color-wrapper{transform:translate3d(0, 0, 0)}.wp-block-uagb-image--effect-grayscale img{filter:grayscale(0%);transition:.35s ease-in-out}.wp-block-uagb-image--effect-grayscale:hover img{filter:grayscale(100%)}.wp-block-uagb-image--effect-blur img{filter:blur(0);transition:.35s ease-in-out}.wp-block-uagb-image--effect-blur:hover img{filter:blur(3px)}.uagb-block-e6f939b3.wp-block-uagb-image--layout-default figure img{box-shadow: 0px 0px 0 #00000070;}.uagb-block-e6f939b3.wp-block-uagb-image .wp-block-uagb-image__figure figcaption{font-style: normal;align-self: center;}.uagb-block-e6f939b3.wp-block-uagb-image--layout-overlay figure img{box-shadow: 0px 0px 0 #00000070;}.uagb-block-e6f939b3.wp-block-uagb-image--layout-overlay .wp-block-uagb-image--layout-overlay__color-wrapper{opacity: 0.2;}.uagb-block-e6f939b3.wp-block-uagb-image--layout-overlay .wp-block-uagb-image--layout-overlay__inner{left: 15px;right: 15px;top: 15px;bottom: 15px;}.uagb-block-e6f939b3.wp-block-uagb-image--layout-overlay .wp-block-uagb-image--layout-overlay__inner .uagb-image-heading{font-style: normal;color: #fff;opacity: 1;}.uagb-block-e6f939b3.wp-block-uagb-image--layout-overlay .wp-block-uagb-image--layout-overlay__inner .uagb-image-heading a{color: #fff;}.uagb-block-e6f939b3.wp-block-uagb-image--layout-overlay .wp-block-uagb-image--layout-overlay__inner .uagb-image-caption{opacity: 0;}.uagb-block-e6f939b3.wp-block-uagb-image--layout-overlay .wp-block-uagb-image__figure:hover .wp-block-uagb-image--layout-overlay__color-wrapper{opacity: 1;}.uagb-block-e6f939b3.wp-block-uagb-image .wp-block-uagb-image--layout-overlay__inner .uagb-image-separator{width: 30%;border-top-width: 2px;border-top-color: #fff;opacity: 0;}.uagb-block-e6f939b3.wp-block-uagb-image .wp-block-uagb-image__figure img{width: px;height: auto;}.uagb-block-e6f939b3.wp-block-uagb-image .wp-block-uagb-image__figure:hover .wp-block-uagb-image--layout-overlay__inner .uagb-image-caption{opacity: 1;}.uagb-block-e6f939b3.wp-block-uagb-image .wp-block-uagb-image__figure:hover .wp-block-uagb-image--layout-overlay__inner .uagb-image-separator{opacity: 1;}.uagb-block-e6f939b3.wp-block-uagb-image--layout-default figure:hover img{box-shadow: 0px 0px 0 #00000070;}.uagb-block-e6f939b3.wp-block-uagb-image--layout-overlay figure:hover img{box-shadow: 0px 0px 0 #00000070;}@media only screen and (max-width: 976px) {.uagb-block-e6f939b3.wp-block-uagb-image .wp-block-uagb-image__figure img{width: px;height: auto;}}@media only screen and (max-width: 767px) {.uagb-block-e6f939b3.wp-block-uagb-image .wp-block-uagb-image__figure img{width: px;height: auto;}}\";s:2:\"js\";s:0:\"\";s:18:\"current_block_list\";a:13:{i:0;s:11:\"core\/search\";i:1;s:10:\"core\/group\";i:2;s:12:\"core\/heading\";i:3;s:17:\"core\/latest-posts\";i:4;s:20:\"core\/latest-comments\";i:5;s:13:\"core\/archives\";i:6;s:15:\"core\/categories\";i:7;s:14:\"core\/paragraph\";i:8;s:10:\"uagb\/image\";i:9;s:11:\"core\/spacer\";i:10;s:30:\"woocommerce\/product-categories\";i:11;s:10:\"core\/image\";i:12;s:14:\"core\/shortcode\";}s:8:\"uag_flag\";b:1;s:11:\"uag_version\";s:10:\"1777212476\";s:6:\"gfonts\";a:0:{}s:10:\"gfonts_url\";s:0:\"\";s:12:\"gfonts_files\";a:0:{}s:14:\"uag_faq_layout\";b:0;}"]},"uagb_featured_image_src":{"full":["https:\/\/www.ferberpainting.com\/wp-content\/uploads\/2025\/05\/Paint-Thinner-5L.png",2560,2560,false],"thumbnail":["https:\/\/www.ferberpainting.com\/wp-content\/uploads\/2025\/05\/Paint-Thinner-5L-150x150.png",150,150,true],"medium":["https:\/\/www.ferberpainting.com\/wp-content\/uploads\/2025\/05\/Paint-Thinner-5L-300x300.png",300,300,true],"medium_large":["https:\/\/www.ferberpainting.com\/wp-content\/uploads\/2025\/05\/Paint-Thinner-5L-768x768.png",768,768,true],"large":["https:\/\/www.ferberpainting.com\/wp-content\/uploads\/2025\/05\/Paint-Thinner-5L-1024x1024.png",1024,1024,true],"1536x1536":["https:\/\/www.ferberpainting.com\/wp-content\/uploads\/2025\/05\/Paint-Thinner-5L-1536x1536.png",1536,1536,true],"2048x2048":["https:\/\/www.ferberpainting.com\/wp-content\/uploads\/2025\/05\/Paint-Thinner-5L-2048x2048.png",2048,2048,true],"trp-custom-language-flag":["https:\/\/www.ferberpainting.com\/wp-content\/uploads\/2025\/05\/Paint-Thinner-5L-12x12.png",12,12,true],"woocommerce_thumbnail":["https:\/\/www.ferberpainting.com\/wp-content\/uploads\/2025\/05\/Paint-Thinner-5L-300x300.png",300,300,true],"woocommerce_single":["https:\/\/www.ferberpainting.com\/wp-content\/uploads\/2025\/05\/Paint-Thinner-5L-600x600.png",600,600,true],"woocommerce_gallery_thumbnail":["https:\/\/www.ferberpainting.com\/wp-content\/uploads\/2025\/05\/Paint-Thinner-5L-100x100.png",100,100,true]},"uagb_author_info":{"display_name":"admin","author_link":"https:\/\/www.ferberpainting.com\/hu\/author\/"},"uagb_comment_info":11,"uagb_excerpt":"Optimal Efficiency.\u00a0This paint thinner is specially designed to thin paint without altering its chemical composition or covering power. It provides the ideal consistency for smooth, streak-free application. Perfectly suited for solvent-based paints such as alkyds, lacquers, varnishes, and industrial coatings. Thanks to its quick action, it ensures a homogeneous mixture and facilitates paint application by&hellip;","_links":{"self":[{"href":"https:\/\/www.ferberpainting.com\/hu\/wp-json\/wp\/v2\/product\/24750","targetHints":{"allow":["GET"]}}],"collection":[{"href":"https:\/\/www.ferberpainting.com\/hu\/wp-json\/wp\/v2\/product"}],"about":[{"href":"https:\/\/www.ferberpainting.com\/hu\/wp-json\/wp\/v2\/types\/product"}],"replies":[{"embeddable":true,"href":"https:\/\/www.ferberpainting.com\/hu\/wp-json\/wp\/v2\/comments?post=24750"}],"version-history":[{"count":3,"href":"https:\/\/www.ferberpainting.com\/hu\/wp-json\/wp\/v2\/product\/24750\/revisions"}],"predecessor-version":[{"id":166679,"href":"https:\/\/www.ferberpainting.com\/hu\/wp-json\/wp\/v2\/product\/24750\/revisions\/166679"}],"wp:featuredmedia":[{"embeddable":true,"href":"https:\/\/www.ferberpainting.com\/hu\/wp-json\/wp\/v2\/media\/36071"}],"wp:attachment":[{"href":"https:\/\/www.ferberpainting.com\/hu\/wp-json\/wp\/v2\/media?parent=24750"}],"wp:term":[{"taxonomy":"product_brand","embeddable":true,"href":"https:\/\/www.ferberpainting.com\/hu\/wp-json\/wp\/v2\/product_brand?post=24750"},{"taxonomy":"product_cat","embeddable":true,"href":"https:\/\/www.ferberpainting.com\/hu\/wp-json\/wp\/v2\/product_cat?post=24750"},{"taxonomy":"product_tag","embeddable":true,"href":"https:\/\/www.ferberpainting.com\/hu\/wp-json\/wp\/v2\/product_tag?post=24750"}],"curies":[{"name":"wp","href":"https:\/\/api.w.org\/{rel}","templated":true}]}}