{"id":24747,"date":"2025-05-26T10:26:55","date_gmt":"2025-05-26T08:26:55","guid":{"rendered":"https:\/\/www.ferberpainting.com\/products\/paint-stripper\/"},"modified":"2026-02-15T23:20:21","modified_gmt":"2026-02-15T22:20:21","slug":"paint-stripper","status":"publish","type":"product","link":"https:\/\/www.ferberpainting.com\/hu\/products\/paint-stripper\/","title":{"rendered":"Fest\u00e9klemar\u00f3"},"content":{"rendered":"<p><strong><img decoding=\"async\" style=\"margin-right: 12px;\" src=\"https:\/\/www.ferberpainting.com\/wp-content\/uploads\/2026\/02\/Check.svg\" alt=\"\" width=\"18\" height=\"15\" \/>Er\u0151teljes \u00e9s professzion\u00e1lis fest\u00e9kelt\u00e1vol\u00edt\u00e1si teljes\u00edtm\u00e9ny.<\/strong> Fest\u00e9kelt\u00e1vol\u00edt\u00f3inkat kifejezetten arra fejlesztett\u00fck ki, hogy gyorsan \u00e9s hat\u00e9konyan t\u00e1vol\u00edtsa el a t\u00f6bb r\u00e9teg fest\u00e9ket, lakkot, lakkot \u00e9s bevonatokat. Ak\u00e1r f\u00e1n, f\u00e9men, falazaton vagy m\u00e1s kompatibilis fel\u00fcleten dolgozik, m\u00e9lyen behatol a r\u00e9gi bevonatokba, hogy minim\u00e1lis er\u0151fesz\u00edt\u00e9ssel lebontsa m\u00e9g a makacs r\u00e9tegeket is.<\/p>\n<p><strong><img decoding=\"async\" style=\"margin-right: 12px;\" src=\"https:\/\/www.ferberpainting.com\/wp-content\/uploads\/2026\/02\/Check.svg\" alt=\"\" width=\"18\" height=\"15\" \/>A leghat\u00e9konyabb fest\u00e9kelt\u00e1vol\u00edt\u00f3 a piacon.<\/strong> Nagy teljes\u00edtm\u00e9ny\u0171 formul\u00e1j\u00e1nak k\u00f6sz\u00f6nhet\u0151en term\u00e9k\u00fcnk gyorsan oldja \u00e9s feloldja a r\u00e9gi bevonatokat, lehet\u0151v\u00e9 t\u00e9ve a k\u00f6nny\u0171 lekapar\u00e1st \u00e9s a fel\u00fclet helyre\u00e1ll\u00edt\u00e1s\u00e1t. Id\u0151t takar\u00edt meg, cs\u00f6kkenti a k\u00e9zi munk\u00e1t, \u00e9s a hagyom\u00e1nyos elt\u00e1vol\u00edt\u00f3khoz k\u00e9pest kiv\u00e1l\u00f3 eredm\u00e9nyeket biztos\u00edt.<\/p>\n<p><strong><img decoding=\"async\" style=\"margin-right: 12px;\" src=\"https:\/\/www.ferberpainting.com\/wp-content\/uploads\/2026\/02\/Check.svg\" alt=\"\" width=\"18\" height=\"15\" \/>Verhetetlen \u00e1r.<\/strong> A professzion\u00e1lis er\u0151ss\u00e9get az el\u00e9rhet\u0151 legversenyk\u00e9pesebb \u00e1rakkal kombin\u00e1ljuk. A pr\u00e9mium teljes\u00edtm\u00e9nyt a lehet\u0151 legjobb \u00e1r-\u00e9rt\u00e9k ar\u00e1nyban \u00e9lvezheti, \u00edgy a nagy vagy kisebb fel\u00faj\u00edt\u00e1si projektek megfizethet\u0151bb\u00e9 v\u00e1lnak.<\/p>\n<p><strong><img decoding=\"async\" style=\"margin-right: 12px;\" src=\"https:\/\/www.ferberpainting.com\/wp-content\/uploads\/2026\/02\/Check.svg\" alt=\"\" width=\"18\" height=\"15\" \/>P\u00e9nzvisszafizet\u00e9si garancia a teljes bizalom\u00e9rt.<\/strong> B\u00edzunk fest\u00e9kelt\u00e1vol\u00edt\u00f3 szer\u00fcnk hat\u00e9konys\u00e1g\u00e1ban. Ha nem teljesen el\u00e9gedett az eredm\u00e9nnyel, p\u00e9nzvisszafizet\u00e9si garanci\u00e1t v\u00e1llalunk. Egyszer\u0171en l\u00e9pjen kapcsolatba vel\u00fcnk, \u00e9s mi visszat\u00e9r\u00edtj\u00fck a v\u00e9tel\u00e1r\u00e1t. Az \u00d6n el\u00e9gedetts\u00e9ge sz\u00e1munkra els\u0151dleges fontoss\u00e1g\u00fa.<\/p>\n<p><strong><img decoding=\"async\" style=\"margin-right: 12px;\" src=\"https:\/\/www.ferberpainting.com\/wp-content\/uploads\/2026\/02\/Check.svg\" alt=\"\" width=\"18\" height=\"15\" \/>Gyors 24 \u00f3r\u00e1s sz\u00e1ll\u00edt\u00e1s s\u00fcrg\u0151s fel\u00faj\u00edt\u00e1si ig\u00e9nyek eset\u00e9n.<\/strong> Mindig 24 \u00f3r\u00e1s kisz\u00e1ll\u00edt\u00e1st biztos\u00edtunk, \u00edgy \u00d6n k\u00e9sedelem n\u00e9lk\u00fcl elkezdheti a cs\u00e1v\u00e1z\u00e1si projektet. A megb\u00edzhat\u00f3 \u00e9s gyors sz\u00e1ll\u00edt\u00e1snak k\u00f6sz\u00f6nhet\u0151en a munka \u00fctemterv szerint halad.<\/p>\n<p><strong><img decoding=\"async\" style=\"margin-right: 12px;\" src=\"https:\/\/www.ferberpainting.com\/wp-content\/uploads\/2026\/02\/Check.svg\" alt=\"\" width=\"18\" height=\"15\" \/>Kiv\u00e1l\u00f3 fed\u0151k\u00e9pess\u00e9g, literenk\u00e9nt ak\u00e1r 5 m\u00b2.<\/strong> Egy liter fest\u00e9kelt\u00e1vol\u00edt\u00f3val a bevonat vastags\u00e1g\u00e1t\u00f3l \u00e9s t\u00edpus\u00e1t\u00f3l f\u00fcgg\u0151en ak\u00e1r 5 n\u00e9gyzetm\u00e9tert is le lehet kezelni. Ez az optimaliz\u00e1lt lefedetts\u00e9g biztos\u00edtja a term\u00e9k hat\u00e9kony felhaszn\u00e1l\u00e1s\u00e1t \u00e9s a fel\u00faj\u00edt\u00e1s pontos tervez\u00e9s\u00e9t.<\/p>\n<p><strong><img decoding=\"async\" style=\"margin-right: 12px;\" src=\"https:\/\/www.ferberpainting.com\/wp-content\/uploads\/2026\/02\/Check.svg\" alt=\"\" width=\"18\" height=\"15\" \/>T\u00f6bbf\u00e9le fel\u00fcletre alkalmas.<\/strong> A fest\u00e9kelt\u00e1vol\u00edt\u00f3szer\u00fcnk haszn\u00e1lhat\u00f3 f\u00e1n, f\u00e9men, k\u00f6v\u00f6n, betonon \u00e9s m\u00e1s alkalmas anyagokon. Ide\u00e1lis ajt\u00f3khoz, b\u00fatorokhoz, red\u0151ny\u00f6kh\u00f6z, korl\u00e1tokhoz, gerend\u00e1khoz \u00e9s fel\u00fcleti helyre\u00e1ll\u00edt\u00e1st ig\u00e9nyl\u0151 d\u00edsz\u00edt\u0151elemekhez.<\/p>\n<p><strong><img decoding=\"async\" style=\"margin-right: 12px;\" src=\"https:\/\/www.ferberpainting.com\/wp-content\/uploads\/2026\/02\/Check.svg\" alt=\"\" width=\"18\" height=\"15\" \/>M\u00e9ly behatol\u00e1s a t\u00f6bbr\u00e9teg\u0171 elt\u00e1vol\u00edt\u00e1shoz.<\/strong> A fejlett formula egyszerre t\u00f6bb fest\u00e9kr\u00e9tegen is \u00e1thatol, bel\u00fclr\u0151l l\u00e1gy\u00edtva azokat. Ez lehet\u0151v\u00e9 teszi, hogy a vastag vagy r\u00e9gi bevonatok felh\u00f3lyagosodjanak \u00e9s felemelkedjenek, megk\u00f6nny\u00edtve \u00e9s hat\u00e9konyabb\u00e1 t\u00e9ve a kapar\u00e1st.<\/p>\n<p><strong><img decoding=\"async\" style=\"margin-right: 12px;\" src=\"https:\/\/www.ferberpainting.com\/wp-content\/uploads\/2026\/02\/Check.svg\" alt=\"\" width=\"18\" height=\"15\" \/>Cs\u00f6kkenti a csiszol\u00e1st \u00e9s a mechanikai er\u0151fesz\u00edt\u00e9seket.<\/strong> A term\u00e9k a fest\u00e9k k\u00e9miai lebont\u00e1s\u00e1val jelent\u0151sen cs\u00f6kkenti az agressz\u00edv csiszol\u00e1s vagy mechanikus elt\u00e1vol\u00edt\u00e1s sz\u00fcks\u00e9gess\u00e9g\u00e9t, seg\u00edt meg\u0151rizni az alapfel\u00fclet \u00e9ps\u00e9g\u00e9t.<\/p>\n<p><strong><img decoding=\"async\" style=\"margin-right: 12px;\" src=\"https:\/\/www.ferberpainting.com\/wp-content\/uploads\/2026\/02\/Check.svg\" alt=\"\" width=\"18\" height=\"15\" \/>Fel\u00fcletek el\u0151k\u00e9sz\u00edt\u00e9se \u00fajraf\u00e9nyez\u00e9shez.<\/strong> A r\u00e9gi bevonat elt\u00e1vol\u00edt\u00e1sa ut\u00e1n a fel\u00fcletet megfelel\u0151en el\u0151k\u00e9sz\u00edtj\u00fck az \u00fajrafest\u00e9shez, fest\u00e9shez, lakkoz\u00e1shoz vagy m\u00e1s befejez\u0151 kezel\u00e9sekhez, biztos\u00edtva a jobb tapad\u00e1st \u00e9s a sim\u00e1bb v\u00e9geredm\u00e9nyt.<\/p>\n<h2><strong>Utas\u00edt\u00e1sok<\/strong><\/h2>\n<ul>\n<li>A munka megkezd\u00e9se el\u0151tt gondoskodjon a munkater\u00fclet megfelel\u0151 szell\u0151z\u00e9s\u00e9r\u0151l. Viseljen v\u00e9d\u0151keszty\u0171t, v\u00e9d\u0151szem\u00fcveget \u00e9s megfelel\u0151 ruh\u00e1zatot a b\u0151rrel vagy szemmel val\u00f3 \u00e9rintkez\u00e9s elker\u00fcl\u00e9se \u00e9rdek\u00e9ben.<\/li>\n<li>A kezelend\u0151 fel\u00fcletnek sz\u00e1raznak, port\u00f3l \u00e9s laza t\u00f6rmel\u00e9kt\u0151l mentesnek kell lennie. El\u0151zetes csiszol\u00e1s nem sz\u00fcks\u00e9ges, kiv\u00e9ve, ha a leperg\u0151 fest\u00e9ket t\u00e1vol\u00edtjuk el.<\/li>\n<li>Haszn\u00e1lat el\u0151tt alaposan keverje fel a term\u00e9ket, hogy biztos\u00edtsa az egyenletes \u00e1llagot.<\/li>\n<li>A fest\u00e9kelt\u00e1vol\u00edt\u00f3t ecsettel vagy spatul\u00e1val b\u0151s\u00e9gesen, vastag, egyenletes r\u00e9tegben vigye fel. Ne kenje t\u00fal v\u00e9konyan, mivel a hat\u00e9kony behatol\u00e1shoz elegend\u0151 vastags\u00e1gra van sz\u00fcks\u00e9g.<\/li>\n<li>Tartsa be az aj\u00e1nlott adagol\u00e1st: egy literrel legfeljebb 5 m\u00b2 kezelhet\u0151. Ez k\u00f6r\u00fclbel\u00fcl 200 ml\/n\u00e9gyzetm\u00e9ternek felel meg. Er\u0151sen r\u00e9tegzett vagy vastag bevonatok eset\u00e9n a fogyaszt\u00e1s valamivel magasabb lehet.<\/li>\n<li>A bevonat t\u00edpus\u00e1t\u00f3l \u00e9s vastags\u00e1g\u00e1t\u00f3l f\u00fcgg\u0151en 10-30 percig hagyja hatni a term\u00e9ket. Egyes esetekben a vastagabb r\u00e9tegek hosszabb hat\u00f3id\u0151t ig\u00e9nyelhetnek. Megfigyelhet\u0151 a fest\u00e9kfel\u00fclet h\u00f3lyagosod\u00e1sa vagy felemelked\u00e9se.<\/li>\n<li>Ne hagyja, hogy a term\u00e9k a hat\u00e1sf\u00e1zis alatt teljesen megsz\u00e1radjon. Ha sz\u00fcks\u00e9ges, a hat\u00e9konys\u00e1g fenntart\u00e1sa \u00e9rdek\u00e9ben alkalmazzon kiss\u00e9 vastagabb r\u00e9teget.<\/li>\n<li>Ha a bevonat megpuhult \u00e9s felemelkedett, t\u00e1vol\u00edtsa el egy kapar\u00f3 vagy spatula seg\u00edts\u00e9g\u00e9vel. \u00d3vatosan dolgozzon, hogy ne s\u00e9rtse meg az alatta l\u00e9v\u0151 fel\u00fcletet.<\/li>\n<li>A bonyolult vagy r\u00e9szletgazdag fel\u00fcletekhez haszn\u00e1ljon kisebb kapar\u00f3szersz\u00e1mot vagy ecsetet, hogy hozz\u00e1f\u00e9rjen a sarkokhoz \u00e9s a hornyokhoz.<\/li>\n<li>Ha az els\u0151 alkalmaz\u00e1s ut\u00e1n t\u00f6bb r\u00e9teg marad, sz\u00fcks\u00e9g szerint ism\u00e9telje meg a folyamatot. N\u00e9h\u00e1ny nagyon r\u00e9gi vagy ellen\u00e1ll\u00f3 bevonat m\u00e1sodik kezel\u00e9st ig\u00e9nyelhet.<\/li>\n<li>A fest\u00e9k teljes elt\u00e1vol\u00edt\u00e1sa ut\u00e1n alaposan tiszt\u00edtsa meg a fel\u00fcletet v\u00edzzel vagy sz\u00fcks\u00e9g eset\u00e9n megfelel\u0151 semleges\u00edt\u0151 oldattal. Hagyja a fel\u00fcletet teljesen megsz\u00e1radni, miel\u0151tt b\u00e1rmilyen \u00faj bevonatot alkalmazna.<\/li>\n<li>A sz\u00e1rad\u00e1s ut\u00e1n a fel\u00fclet sim\u00edt\u00e1sa \u00e9s az \u00fajrafest\u00e9shez vagy \u00fajraf\u00e9nyez\u00e9shez val\u00f3 el\u0151k\u00e9sz\u00edt\u00e9se \u00e9rdek\u00e9ben enyhe csiszol\u00e1sra van sz\u00fcks\u00e9g.<\/li>\n<li>Ne alkalmazza a term\u00e9ket k\u00f6zvetlen napf\u00e9nyben vagy rendk\u00edv\u00fcl forr\u00f3 fel\u00fcleteken, mivel ez id\u0151 el\u0151tti sz\u00e1rad\u00e1st okozhat \u00e9s cs\u00f6kkentheti a hat\u00e9konys\u00e1got.<\/li>\n<li>Ker\u00fclje a m\u0171anyag vagy szintetikus fel\u00fcleteken val\u00f3 haszn\u00e1latot, kiv\u00e9ve, ha a kompatibilit\u00e1st el\u0151zetesen tesztelt\u00e9k.<\/li>\n<li>Haszn\u00e1lat ut\u00e1n azonnal tiszt\u00edtsa meg a szersz\u00e1mokat a term\u00e9kre vonatkoz\u00f3 aj\u00e1nl\u00e1soknak megfelel\u0151en.<\/li>\n<li>A tart\u00e1lyt szorosan lez\u00e1rva, h\u0171v\u00f6s, sz\u00e1raz helyen, h\u0151forr\u00e1sokt\u00f3l \u00e9s k\u00f6zvetlen napf\u00e9nyt\u0151l t\u00e1vol t\u00e1rolja. Gyermekek el\u0151l elz\u00e1rva tartand\u00f3.<\/li>\n<li>Az elt\u00e1vol\u00edtott fest\u00e9kmaradv\u00e1nyokat \u00e9s \u00fcres tart\u00e1lyokat a helyi el\u0151\u00edr\u00e1soknak megfelel\u0151en \u00e1rtalmatlan\u00edtsa.<\/li>\n<\/ul>","protected":false},"excerpt":{"rendered":"<p>Powerful and professional paint removal performance. Our paint stripper is specially formulated to remove multiple layers of paint, varnish, lacquer, and coatings quickly and efficiently. Whether you are working on wood, metal, masonry, or other compatible surfaces, it penetrates deep into old finishes to break down even stubborn layers with minimal effort. The most effective [&hellip;]<\/p>\n","protected":false},"featured_media":26612,"comment_status":"open","ping_status":"closed","template":"","meta":{"_uag_custom_page_level_css":"","site-sidebar-layout":"default","site-content-layout":"","ast-site-content-layout":"default","site-content-style":"default","site-sidebar-style":"default","ast-global-header-display":"","ast-banner-title-visibility":"","ast-main-header-display":"","ast-hfb-above-header-display":"","ast-hfb-below-header-display":"","ast-hfb-mobile-header-display":"","site-post-title":"","ast-breadcrumbs-content":"","ast-featured-img":"","footer-sml-layout":"","ast-disable-related-posts":"","theme-transparent-header-meta":"default","adv-header-id-meta":"","stick-header-meta":"","header-above-stick-meta":"","header-main-stick-meta":"","header-below-stick-meta":"","astra-migrate-meta-layouts":"set","ast-page-background-enabled":"default","ast-page-background-meta":{"desktop":{"background-color":"var(--ast-global-color-4)","background-image":"","background-repeat":"repeat","background-position":"center center","background-size":"auto","background-attachment":"scroll","background-type":"","background-media":"","overlay-type":"","overlay-color":"","overlay-opacity":"","overlay-gradient":""},"tablet":{"background-color":"","background-image":"","background-repeat":"repeat","background-position":"center center","background-size":"auto","background-attachment":"scroll","background-type":"","background-media":"","overlay-type":"","overlay-color":"","overlay-opacity":"","overlay-gradient":""},"mobile":{"background-color":"","background-image":"","background-repeat":"repeat","background-position":"center center","background-size":"auto","background-attachment":"scroll","background-type":"","background-media":"","overlay-type":"","overlay-color":"","overlay-opacity":"","overlay-gradient":""}},"ast-content-background-meta":{"desktop":{"background-color":"var(--ast-global-color-5)","background-image":"","background-repeat":"repeat","background-position":"center center","background-size":"auto","background-attachment":"scroll","background-type":"","background-media":"","overlay-type":"","overlay-color":"","overlay-opacity":"","overlay-gradient":""},"tablet":{"background-color":"var(--ast-global-color-5)","background-image":"","background-repeat":"repeat","background-position":"center center","background-size":"auto","background-attachment":"scroll","background-type":"","background-media":"","overlay-type":"","overlay-color":"","overlay-opacity":"","overlay-gradient":""},"mobile":{"background-color":"var(--ast-global-color-5)","background-image":"","background-repeat":"repeat","background-position":"center center","background-size":"auto","background-attachment":"scroll","background-type":"","background-media":"","overlay-type":"","overlay-color":"","overlay-opacity":"","overlay-gradient":""}}},"product_brand":[],"product_cat":[175],"product_tag":[],"class_list":{"0":"post-24747","1":"product","2":"type-product","3":"status-publish","4":"has-post-thumbnail","6":"product_cat-cleaning-products","7":"desktop-align-left","8":"tablet-align-left","9":"mobile-align-left","11":"first","12":"instock","13":"sale","14":"shipping-taxable","15":"purchasable","16":"product-type-variable","17":"has-default-attributes"},"spectra_custom_meta":{"_visibility":["visible"],"_shopify_product_id":["7950337278197"],"_s2w_shopify_domain":["ferberpainting.myshopify.com"],"_shopify_variant_id":["43502471381237"],"_sku":[""],"_manage_stock":["no"],"total_sales":["754"],"_tax_status":["taxable"],"_tax_class":[""],"_backorders":["no"],"_sold_individually":["no"],"_virtual":["no"],"_downloadable":["no"],"_download_limit":["-1"],"_download_expiry":["-1"],"_stock":[null],"_stock_status":["instock"],"_wc_average_rating":["4.85"],"_wc_review_count":["62"],"_product_attributes":["a:1:{s:6:\"volume\";a:6:{s:4:\"name\";s:6:\"Volume\";s:5:\"value\";s:20:\"5 liters | 25 liters\";s:8:\"position\";i:1;s:10:\"is_visible\";i:0;s:12:\"is_variation\";i:1;s:11:\"is_taxonomy\";i:0;}}"],"_product_version":["10.5.1"],"_thumbnail_id":["26612"],"_product_image_gallery":["26613"],"merchant-center-availability":["yes"],"merchant-center-category":["503741"],"merchant-center-id":["PS"],"wpse_downloadable_file_names":[""],"wpse_downloadable_file_urls":[""],"_edit_last":["1"],"_default_attributes":["a:1:{s:6:\"volume\";s:8:\"5 liters\";}"],"_wc_rating_count":["a:3:{i:3;i:1;i:4;i:7;i:5;i:54;}"],"_edit_lock":["1773268246:3823"],"_wp_page_template":["default"],"site-sidebar-layout":["default"],"ast-site-content-layout":["default"],"site-content-style":["default"],"site-sidebar-style":["default"],"theme-transparent-header-meta":["default"],"_price":["29.90","139.90"],"astra-migrate-meta-layouts":["set"],"_uag_css_file_name":["uag-css-24747.css"],"_elementor_page_assets":["a:0:{}"],"_uag_page_assets":["a:9:{s:3:\"css\";s:7133:\".uag-blocks-common-selector{z-index:var(--z-index-desktop) !important}@media(max-width: 976px){.uag-blocks-common-selector{z-index:var(--z-index-tablet) !important}}@media(max-width: 767px){.uag-blocks-common-selector{z-index:var(--z-index-mobile) !important}}.wp-block-uagb-image{display:flex}.wp-block-uagb-image__figure{position:relative;display:flex;flex-direction:column;max-width:100%;height:auto;margin:0}.wp-block-uagb-image__figure img{height:auto;display:flex;max-width:100%;transition:box-shadow .2s ease}.wp-block-uagb-image__figure>a{display:inline-block}.wp-block-uagb-image__figure figcaption{text-align:center;margin-top:.5em;margin-bottom:1em}.wp-block-uagb-image .components-placeholder.block-editor-media-placeholder .components-placeholder__instructions{align-self:center}.wp-block-uagb-image--align-left{text-align:left}.wp-block-uagb-image--align-right{text-align:right}.wp-block-uagb-image--align-center{text-align:center}.wp-block-uagb-image--align-full .wp-block-uagb-image__figure{margin-left:calc(50% - 50vw);margin-right:calc(50% - 50vw);max-width:100vw;width:100vw;height:auto}.wp-block-uagb-image--align-full .wp-block-uagb-image__figure img{height:auto;width:100% !important}.wp-block-uagb-image--align-wide .wp-block-uagb-image__figure img{height:auto;width:100%}.wp-block-uagb-image--layout-overlay__color-wrapper{position:absolute;left:0;top:0;right:0;bottom:0;opacity:.2;background:rgba(0,0,0,.5);transition:opacity .35s ease-in-out}.wp-block-uagb-image--layout-overlay-link{position:absolute;left:0;right:0;bottom:0;top:0}.wp-block-uagb-image--layout-overlay .wp-block-uagb-image__figure:hover .wp-block-uagb-image--layout-overlay__color-wrapper{opacity:1}.wp-block-uagb-image--layout-overlay__inner{position:absolute;left:15px;right:15px;bottom:15px;top:15px;display:flex;align-items:center;justify-content:center;flex-direction:column;border-color:#fff;transition:.35s ease-in-out}.wp-block-uagb-image--layout-overlay__inner.top-left,.wp-block-uagb-image--layout-overlay__inner.top-center,.wp-block-uagb-image--layout-overlay__inner.top-right{justify-content:flex-start}.wp-block-uagb-image--layout-overlay__inner.bottom-left,.wp-block-uagb-image--layout-overlay__inner.bottom-center,.wp-block-uagb-image--layout-overlay__inner.bottom-right{justify-content:flex-end}.wp-block-uagb-image--layout-overlay__inner.top-left,.wp-block-uagb-image--layout-overlay__inner.center-left,.wp-block-uagb-image--layout-overlay__inner.bottom-left{align-items:flex-start}.wp-block-uagb-image--layout-overlay__inner.top-right,.wp-block-uagb-image--layout-overlay__inner.center-right,.wp-block-uagb-image--layout-overlay__inner.bottom-right{align-items:flex-end}.wp-block-uagb-image--layout-overlay__inner .uagb-image-heading{color:#fff;transition:transform .35s,opacity .35s ease-in-out;transform:translate3d(0, 24px, 0);margin:0;line-height:1em}.wp-block-uagb-image--layout-overlay__inner .uagb-image-separator{width:30%;border-top-width:2px;border-top-color:#fff;border-top-style:solid;margin-bottom:10px;opacity:0;transition:transform .4s,opacity .4s ease-in-out;transform:translate3d(0, 30px, 0)}.wp-block-uagb-image--layout-overlay__inner .uagb-image-caption{opacity:0;overflow:visible;color:#fff;transition:transform .45s,opacity .45s ease-in-out;transform:translate3d(0, 35px, 0)}.wp-block-uagb-image--layout-overlay__inner:hover .uagb-image-heading,.wp-block-uagb-image--layout-overlay__inner:hover .uagb-image-separator,.wp-block-uagb-image--layout-overlay__inner:hover .uagb-image-caption{opacity:1;transform:translate3d(0, 0, 0)}.wp-block-uagb-image--effect-zoomin .wp-block-uagb-image__figure img,.wp-block-uagb-image--effect-zoomin .wp-block-uagb-image__figure .wp-block-uagb-image--layout-overlay__color-wrapper{transform:scale(1);transition:transform .35s ease-in-out}.wp-block-uagb-image--effect-zoomin .wp-block-uagb-image__figure:hover img,.wp-block-uagb-image--effect-zoomin .wp-block-uagb-image__figure:hover .wp-block-uagb-image--layout-overlay__color-wrapper{transform:scale(1.05)}.wp-block-uagb-image--effect-slide .wp-block-uagb-image__figure img,.wp-block-uagb-image--effect-slide .wp-block-uagb-image__figure .wp-block-uagb-image--layout-overlay__color-wrapper{width:calc(100% + 40px) !important;max-width:none !important;transform:translate3d(-40px, 0, 0);transition:transform .35s ease-in-out}.wp-block-uagb-image--effect-slide .wp-block-uagb-image__figure:hover img,.wp-block-uagb-image--effect-slide .wp-block-uagb-image__figure:hover .wp-block-uagb-image--layout-overlay__color-wrapper{transform:translate3d(0, 0, 0)}.wp-block-uagb-image--effect-grayscale img{filter:grayscale(0%);transition:.35s ease-in-out}.wp-block-uagb-image--effect-grayscale:hover img{filter:grayscale(100%)}.wp-block-uagb-image--effect-blur img{filter:blur(0);transition:.35s ease-in-out}.wp-block-uagb-image--effect-blur:hover img{filter:blur(3px)}.uagb-block-e6f939b3.wp-block-uagb-image--layout-default figure img{box-shadow: 0px 0px 0 #00000070;}.uagb-block-e6f939b3.wp-block-uagb-image .wp-block-uagb-image__figure figcaption{font-style: normal;align-self: center;}.uagb-block-e6f939b3.wp-block-uagb-image--layout-overlay figure img{box-shadow: 0px 0px 0 #00000070;}.uagb-block-e6f939b3.wp-block-uagb-image--layout-overlay .wp-block-uagb-image--layout-overlay__color-wrapper{opacity: 0.2;}.uagb-block-e6f939b3.wp-block-uagb-image--layout-overlay .wp-block-uagb-image--layout-overlay__inner{left: 15px;right: 15px;top: 15px;bottom: 15px;}.uagb-block-e6f939b3.wp-block-uagb-image--layout-overlay .wp-block-uagb-image--layout-overlay__inner .uagb-image-heading{font-style: normal;color: #fff;opacity: 1;}.uagb-block-e6f939b3.wp-block-uagb-image--layout-overlay .wp-block-uagb-image--layout-overlay__inner .uagb-image-heading a{color: #fff;}.uagb-block-e6f939b3.wp-block-uagb-image--layout-overlay .wp-block-uagb-image--layout-overlay__inner .uagb-image-caption{opacity: 0;}.uagb-block-e6f939b3.wp-block-uagb-image--layout-overlay .wp-block-uagb-image__figure:hover .wp-block-uagb-image--layout-overlay__color-wrapper{opacity: 1;}.uagb-block-e6f939b3.wp-block-uagb-image .wp-block-uagb-image--layout-overlay__inner .uagb-image-separator{width: 30%;border-top-width: 2px;border-top-color: #fff;opacity: 0;}.uagb-block-e6f939b3.wp-block-uagb-image .wp-block-uagb-image__figure img{width: px;height: auto;}.uagb-block-e6f939b3.wp-block-uagb-image .wp-block-uagb-image__figure:hover .wp-block-uagb-image--layout-overlay__inner .uagb-image-caption{opacity: 1;}.uagb-block-e6f939b3.wp-block-uagb-image .wp-block-uagb-image__figure:hover .wp-block-uagb-image--layout-overlay__inner .uagb-image-separator{opacity: 1;}.uagb-block-e6f939b3.wp-block-uagb-image--layout-default figure:hover img{box-shadow: 0px 0px 0 #00000070;}.uagb-block-e6f939b3.wp-block-uagb-image--layout-overlay figure:hover img{box-shadow: 0px 0px 0 #00000070;}@media only screen and (max-width: 976px) {.uagb-block-e6f939b3.wp-block-uagb-image .wp-block-uagb-image__figure img{width: px;height: auto;}}@media only screen and (max-width: 767px) {.uagb-block-e6f939b3.wp-block-uagb-image .wp-block-uagb-image__figure img{width: px;height: auto;}}\";s:2:\"js\";s:0:\"\";s:18:\"current_block_list\";a:13:{i:0;s:11:\"core\/search\";i:1;s:10:\"core\/group\";i:2;s:12:\"core\/heading\";i:3;s:17:\"core\/latest-posts\";i:4;s:20:\"core\/latest-comments\";i:5;s:13:\"core\/archives\";i:6;s:15:\"core\/categories\";i:7;s:14:\"core\/paragraph\";i:8;s:10:\"uagb\/image\";i:9;s:11:\"core\/spacer\";i:10;s:30:\"woocommerce\/product-categories\";i:11;s:10:\"core\/image\";i:12;s:14:\"core\/shortcode\";}s:8:\"uag_flag\";b:1;s:11:\"uag_version\";s:10:\"1777068740\";s:6:\"gfonts\";a:0:{}s:10:\"gfonts_url\";s:0:\"\";s:12:\"gfonts_files\";a:0:{}s:14:\"uag_faq_layout\";b:0;}"]},"uagb_featured_image_src":{"full":["https:\/\/www.ferberpainting.com\/wp-content\/uploads\/2025\/05\/Decapantpeinture5L.jpg",2560,2560,false],"thumbnail":["https:\/\/www.ferberpainting.com\/wp-content\/uploads\/2025\/05\/Decapantpeinture5L-150x150.jpg",150,150,true],"medium":["https:\/\/www.ferberpainting.com\/wp-content\/uploads\/2025\/05\/Decapantpeinture5L-300x300.jpg",300,300,true],"medium_large":["https:\/\/www.ferberpainting.com\/wp-content\/uploads\/2025\/05\/Decapantpeinture5L-768x768.jpg",768,768,true],"large":["https:\/\/www.ferberpainting.com\/wp-content\/uploads\/2025\/05\/Decapantpeinture5L-1024x1024.jpg",1024,1024,true],"1536x1536":["https:\/\/www.ferberpainting.com\/wp-content\/uploads\/2025\/05\/Decapantpeinture5L-1536x1536.jpg",1536,1536,true],"2048x2048":["https:\/\/www.ferberpainting.com\/wp-content\/uploads\/2025\/05\/Decapantpeinture5L-2048x2048.jpg",2048,2048,true],"trp-custom-language-flag":["https:\/\/www.ferberpainting.com\/wp-content\/uploads\/2025\/05\/Decapantpeinture5L-12x12.jpg",12,12,true],"woocommerce_thumbnail":["https:\/\/www.ferberpainting.com\/wp-content\/uploads\/2025\/05\/Decapantpeinture5L-300x300.jpg",300,300,true],"woocommerce_single":["https:\/\/www.ferberpainting.com\/wp-content\/uploads\/2025\/05\/Decapantpeinture5L-600x600.jpg",600,600,true],"woocommerce_gallery_thumbnail":["https:\/\/www.ferberpainting.com\/wp-content\/uploads\/2025\/05\/Decapantpeinture5L-100x100.jpg",100,100,true]},"uagb_author_info":{"display_name":"admin","author_link":"https:\/\/www.ferberpainting.com\/hu\/author\/"},"uagb_comment_info":62,"uagb_excerpt":"Powerful and professional paint removal performance. Our paint stripper is specially formulated to remove multiple layers of paint, varnish, lacquer, and coatings quickly and efficiently. Whether you are working on wood, metal, masonry, or other compatible surfaces, it penetrates deep into old finishes to break down even stubborn layers with minimal effort. The most effective&hellip;","_links":{"self":[{"href":"https:\/\/www.ferberpainting.com\/hu\/wp-json\/wp\/v2\/product\/24747","targetHints":{"allow":["GET"]}}],"collection":[{"href":"https:\/\/www.ferberpainting.com\/hu\/wp-json\/wp\/v2\/product"}],"about":[{"href":"https:\/\/www.ferberpainting.com\/hu\/wp-json\/wp\/v2\/types\/product"}],"replies":[{"embeddable":true,"href":"https:\/\/www.ferberpainting.com\/hu\/wp-json\/wp\/v2\/comments?post=24747"}],"version-history":[{"count":3,"href":"https:\/\/www.ferberpainting.com\/hu\/wp-json\/wp\/v2\/product\/24747\/revisions"}],"predecessor-version":[{"id":166674,"href":"https:\/\/www.ferberpainting.com\/hu\/wp-json\/wp\/v2\/product\/24747\/revisions\/166674"}],"wp:featuredmedia":[{"embeddable":true,"href":"https:\/\/www.ferberpainting.com\/hu\/wp-json\/wp\/v2\/media\/26612"}],"wp:attachment":[{"href":"https:\/\/www.ferberpainting.com\/hu\/wp-json\/wp\/v2\/media?parent=24747"}],"wp:term":[{"taxonomy":"product_brand","embeddable":true,"href":"https:\/\/www.ferberpainting.com\/hu\/wp-json\/wp\/v2\/product_brand?post=24747"},{"taxonomy":"product_cat","embeddable":true,"href":"https:\/\/www.ferberpainting.com\/hu\/wp-json\/wp\/v2\/product_cat?post=24747"},{"taxonomy":"product_tag","embeddable":true,"href":"https:\/\/www.ferberpainting.com\/hu\/wp-json\/wp\/v2\/product_tag?post=24747"}],"curies":[{"name":"wp","href":"https:\/\/api.w.org\/{rel}","templated":true}]}}