{"id":24744,"date":"2025-05-26T10:26:54","date_gmt":"2025-05-26T08:26:54","guid":{"rendered":"https:\/\/www.ferberpainting.com\/products\/paint-hardener\/"},"modified":"2026-02-15T23:16:32","modified_gmt":"2026-02-15T22:16:32","slug":"paint-hardener","status":"publish","type":"product","link":"https:\/\/www.ferberpainting.com\/hu\/products\/paint-hardener\/","title":{"rendered":"Fest\u00e9k edz\u0151"},"content":{"rendered":"<p><strong><img decoding=\"async\" style=\"margin-right: 12px;\" src=\"https:\/\/www.ferberpainting.com\/wp-content\/uploads\/2026\/02\/Check.svg\" alt=\"\" width=\"18\" height=\"15\" \/>A fest\u00e9k teljes\u00edtm\u00e9ny\u00e9nek er\u0151s\u00edt\u00e9se \u00e9s jav\u00edt\u00e1sa.<\/strong>\u00a0Ezt a fest\u00e9kkem\u00e9ny\u00edt\u0151t kifejezetten a bevonatok ellen\u00e1ll\u00f3s\u00e1g\u00e1nak \u00e9s tart\u00f3ss\u00e1g\u00e1nak fokoz\u00e1s\u00e1ra tervezt\u00e9k. Jav\u00edtja a k\u00fcl\u00f6nb\u00f6z\u0151 fel\u00fcletekre felvitt fest\u00e9kek tapad\u00e1s\u00e1t, kem\u00e9nys\u00e9g\u00e9t \u00e9s \u00e9lettartam\u00e1t, ez\u00e1ltal cs\u00f6kkenti a h\u00e1ml\u00e1s, karcol\u00e1s \u00e9s id\u0151 el\u0151tti kop\u00e1s kock\u00e1zat\u00e1t. Dekor\u00e1ci\u00f3s fest\u00e9kekhez \u00e9s ipari bevonatokhoz egyar\u00e1nt alkalmas, optim\u00e1lis hossz\u00fa t\u00e1v\u00fa v\u00e9delmet biztos\u00edt.<\/p>\n<p><strong><img decoding=\"async\" style=\"margin-right: 12px;\" src=\"https:\/\/www.ferberpainting.com\/wp-content\/uploads\/2026\/02\/Check.svg\" alt=\"\" width=\"18\" height=\"15\" \/>P\u00e9nzvisszafizet\u00e9si garancia.<\/strong>\u00a0Teljes m\u00e9rt\u00e9kben megb\u00edzunk fest\u00e9kkem\u00e9ny\u00edt\u0151nk hat\u00e9konys\u00e1g\u00e1ban, ez\u00e9rt p\u00e9nzvisszafizet\u00e9si garanci\u00e1t v\u00e1llalunk. Ha a term\u00e9k az utas\u00edt\u00e1soknak megfelel\u0151 alkalmaz\u00e1s ut\u00e1n nem felel meg az elv\u00e1r\u00e1sainak, k\u00e9rheti a felt\u00e9tel n\u00e9lk\u00fcli visszat\u00e9r\u00edt\u00e9st, \u00edgy biztos\u00edtva a biztons\u00e1gos \u00e9s kock\u00e1zatmentes v\u00e1s\u00e1rl\u00e1st.<\/p>\n<p><strong><img decoding=\"async\" style=\"margin-right: 12px;\" src=\"https:\/\/www.ferberpainting.com\/wp-content\/uploads\/2026\/02\/Check.svg\" alt=\"\" width=\"18\" height=\"15\" \/>Kompatibilis a fest\u00e9kek \u00e9s anyagok sz\u00e9les sk\u00e1l\u00e1j\u00e1val.<\/strong>\u00a0Ez a kem\u00e9ny\u00edt\u0151 alkalmas akril, gliceroft\u00e1l, alkid, epoxi \u00e9s poliuret\u00e1n fest\u00e9kekhez. Haszn\u00e1lhat\u00f3 beton, f\u00e9m, fa, vakolat, cement \u00e9s m\u0171anyag fel\u00fcleteken, maxim\u00e1lis sokoldal\u00fas\u00e1got k\u00edn\u00e1lva a fel\u00faj\u00edt\u00e1si, karbantart\u00e1si \u00e9s befejez\u0151 projektekhez.<\/p>\n<p><strong><img decoding=\"async\" style=\"margin-right: 12px;\" src=\"https:\/\/www.ferberpainting.com\/wp-content\/uploads\/2026\/02\/Check.svg\" alt=\"\" width=\"18\" height=\"15\" \/>Kiv\u00e1l\u00f3 gazdas\u00e1gi teljes\u00edtm\u00e9ny.<\/strong>\u00a0Optimaliz\u00e1lt koncentr\u00e1ci\u00f3j\u00e1nak k\u00f6sz\u00f6nhet\u0151en egy liter kem\u00e9ny\u00edt\u0151 ak\u00e1r 5 liter fest\u00e9ket is kezelhet, \u00edgy gazdas\u00e1gos \u00e9s hat\u00e9kony megold\u00e1st k\u00edn\u00e1l. Formul\u00e1ja jelent\u0151sen jav\u00edtja a fest\u00e9k\u00e1ll\u00f3s\u00e1got, cs\u00f6kkentve a jav\u00edt\u00e1sok vagy \u00faj alkalmaz\u00e1sok sz\u00fcks\u00e9gess\u00e9g\u00e9t, biztos\u00edtva a hossz\u00fa t\u00e1v\u00fa k\u00f6lts\u00e9gcs\u00f6kkent\u00e9st.<\/p>\n<p><strong><img decoding=\"async\" style=\"margin-right: 12px;\" src=\"https:\/\/www.ferberpainting.com\/wp-content\/uploads\/2026\/02\/Check.svg\" alt=\"\" width=\"18\" height=\"15\" \/>Biztons\u00e1gos \u00e9s vesz\u00e9lytelen term\u00e9k a felhaszn\u00e1l\u00f3k sz\u00e1m\u00e1ra.<\/strong>\u00a0Ez a kem\u00e9ny\u00edt\u0151 nem tartalmaz m\u00e9rgez\u0151 old\u00f3szereket vagy k\u00e1ros anyagokat. Nem bocs\u00e1t ki agressz\u00edv g\u0151z\u00f6ket, \u00e9s biztons\u00e1gosan kezelhet\u0151 speci\u00e1lis v\u00e9d\u0151felszerel\u00e9s n\u00e9lk\u00fcl. Alkalmas belt\u00e9ri \u00e9s k\u00fclt\u00e9ri k\u00f6rnyezetbe, \u00edgy a kezelt helyis\u00e9gekben tart\u00f3zkod\u00f3k \u00e9s felhaszn\u00e1l\u00f3k sz\u00e1m\u00e1ra kock\u00e1zatmentes haszn\u00e1latot biztos\u00edt.<\/p>\n<p><strong><img decoding=\"async\" style=\"margin-right: 12px;\" src=\"https:\/\/www.ferberpainting.com\/wp-content\/uploads\/2026\/02\/Check.svg\" alt=\"\" width=\"18\" height=\"15\" \/>K\u00f6nny\u0171 haszn\u00e1lat \u00e9s optim\u00e1lis kompatibilit\u00e1s.<\/strong>\u00a0Ez a kem\u00e9ny\u00edt\u0151 k\u00f6nnyen integr\u00e1l\u00f3dik a fest\u00e9kbe an\u00e9lk\u00fcl, hogy bonyolult l\u00e9p\u00e9seket ig\u00e9nyelne. K\u00f6zvetlen\u00fcl a fest\u00e9kkel keveredik a felhord\u00e1s el\u0151tt, biztos\u00edtva az egyenletes diszperg\u00e1l\u00e1st \u00e9s a bevonat teljes\u00edtm\u00e9ny\u00e9nek azonnali javul\u00e1s\u00e1t. Haszn\u00e1lata nem v\u00e1ltoztatja meg a fest\u00e9k sz\u00edn\u00e9t vagy text\u00far\u00e1j\u00e1t, az eredetihez h\u0171 kivitelez\u00e9st biztos\u00edtva.<\/p>\n<p><strong><img decoding=\"async\" style=\"margin-right: 12px;\" src=\"https:\/\/www.ferberpainting.com\/wp-content\/uploads\/2026\/02\/Check.svg\" alt=\"\" width=\"18\" height=\"15\" \/>Megn\u00f6velt tart\u00f3ss\u00e1g az ellen\u00e1ll\u00f3 fel\u00fcletekhez.<\/strong>\u00a0A fest\u00e9khez keverve ez a kem\u00e9ny\u00edt\u0151 er\u0151s\u00edti a v\u00e9d\u0151film szerkezet\u00e9t, jelent\u0151sen megn\u00f6velve annak ellen\u00e1ll\u00e1s\u00e1t az \u00fct\u00e9sekkel, kop\u00e1ssal \u00e9s k\u00fcls\u0151 agresszi\u00f3val szemben. Hat\u00e9konyan v\u00e9d a karcol\u00e1sok, foltok \u00e9s a nedvess\u00e9g ellen, meghosszabb\u00edtja a festett fel\u00fcletek \u00e9lettartam\u00e1t \u00e9s cs\u00f6kkenti a karbantart\u00e1si k\u00f6lts\u00e9geket.<\/p>\n<p><strong><img decoding=\"async\" style=\"margin-right: 12px;\" src=\"https:\/\/www.ferberpainting.com\/wp-content\/uploads\/2026\/02\/Check.svg\" alt=\"\" width=\"18\" height=\"15\" \/>Gyors sz\u00e1r\u00edt\u00e1s a jelent\u0151s id\u0151megtakar\u00edt\u00e1s \u00e9rdek\u00e9ben.<\/strong>\u00a0A fest\u00e9k polimeriz\u00e1ci\u00f3j\u00e1nak optimaliz\u00e1l\u00e1s\u00e1val ez a kem\u00e9ny\u00edt\u0151 felgyors\u00edtja a sz\u00e1rad\u00e1si id\u0151t, mik\u00f6zben biztos\u00edtja a bevonat ellen\u00e1ll\u00f3s\u00e1g\u00e1nak gyors kialakul\u00e1s\u00e1t. Lehet\u0151v\u00e9 teszi, hogy a fel\u00fcletek a k\u00f6rnyezeti k\u00f6r\u00fclm\u00e9nyekt\u0151l f\u00fcgg\u0151en mind\u00f6ssze n\u00e9h\u00e1ny \u00f3ra alatt haszn\u00e1latra k\u00e9szek legyenek, jelent\u0151sen cs\u00f6kkentve a k\u00fcl\u00f6nb\u00f6z\u0151 projektf\u00e1zisok k\u00f6z\u00f6tti v\u00e1rakoz\u00e1si id\u0151t.<\/p>\n<h2><strong>Haszn\u00e1lati protokoll<\/strong><\/h2>\n<ul>\n<li><strong>Fest\u00e9k el\u0151k\u00e9sz\u00edt\u00e9s <\/strong>: Gy\u0151z\u0151dj\u00f6n meg r\u00f3la, hogy a fest\u00e9k, amelyhez a kem\u00e9ny\u00edt\u0151t hozz\u00e1adjuk, tiszta \u00e9s j\u00f3l elkevert. Ha a fest\u00e9k le\u00fclepedett, keverje fel a kem\u00e9ny\u00edt\u0151 hozz\u00e1ad\u00e1sa el\u0151tt, hogy biztos\u00edtsa az egyenletes eloszl\u00e1st.<\/li>\n<li><strong>Aj\u00e1nlott adagol\u00e1s <\/strong>: Adjon hozz\u00e1 5% \u00e9s 20% kem\u00e9ny\u00edt\u0151t a teljes fest\u00e9kmennyis\u00e9ghez viszony\u00edtva, a k\u00edv\u00e1nt er\u0151s\u00edt\u00e9s m\u00e9rt\u00e9k\u00e9t\u0151l f\u00fcgg\u0151en. Sz\u00e9ls\u0151s\u00e9ges k\u00f6r\u00fclm\u00e9nyeknek (nedvess\u00e9g, gyakori \u00fct\u00e9sek, kop\u00e1s) kitett fest\u00e9kek eset\u00e9ben v\u00e1lasszon magasabb adagol\u00e1st.<\/li>\n<li><strong>Homog\u00e9n kever\u00e9s <\/strong>: Fokozatosan keverje a kem\u00e9ny\u00edt\u0151t a fest\u00e9khez, mik\u00f6zben k\u00e9zi kever\u0151vel vagy elektromos kever\u0151vel folyamatosan keveri. \u00dcgyeljen arra, hogy a kever\u00e9k foly\u00e9kony \u00e9s homog\u00e9n legyen, hogy elker\u00fclje az \u00f6sszetev\u0151k sz\u00e9tv\u00e1l\u00e1s\u00e1t.<\/li>\n<li><strong>Kem\u00e9ny\u00edtett fest\u00e9k felhord\u00e1sa <\/strong>: Vigye fel a fest\u00e9ket a szok\u00e1sos m\u00f3don, hengerrel, ecsettel vagy sz\u00f3r\u00f3pisztollyal, a lefedend\u0151 ter\u00fclett\u0151l f\u00fcgg\u0151en. A kem\u00e9ny\u00edt\u0151 nem v\u00e1ltoztatja meg a felhord\u00e1si m\u00f3dszert, lehet\u0151v\u00e9 t\u00e9ve a sima \u00e9s egyenletes fed\u00e9st.<\/li>\n<li><strong>Sz\u00e1rad\u00e1si id\u0151 <\/strong>: Hagyja a fest\u00e9ket megsz\u00e1radni a fest\u00e9k csomagol\u00e1s\u00e1n megadott sz\u00e1rad\u00e1si id\u0151nek megfelel\u0151en. A kem\u00e9ny\u00edt\u0151 hat\u00e1sa miatt a sz\u00e1rad\u00e1s \u00e1ltal\u00e1ban a k\u00f6vetkez\u0151 id\u0151 alatt t\u00f6rt\u00e9nik <strong>gyorsabb a norm\u00e1lisn\u00e1l<\/strong>, cs\u00f6kkentve a v\u00e1rakoz\u00e1si id\u0151t a m\u00e1sodik r\u00e9teg felhord\u00e1sa vagy a fel\u00fclet haszn\u00e1latba v\u00e9tele el\u0151tt.<\/li>\n<li><strong>Teljes kikem\u00e9nyed\u00e9s <\/strong>: Az ellen\u00e1ll\u00e1s optim\u00e1lis kialakul\u00e1sa \u00e9rdek\u00e9ben a felhord\u00e1st k\u00f6vet\u0151 24-48 \u00f3r\u00e1ban ker\u00fclje a festett fel\u00fclet er\u0151s ig\u00e9nybev\u00e9tel\u00e9t vagy terhel\u00e9s\u00e9t. Ezt k\u00f6vet\u0151en a bevonat el\u00e9ri a maxim\u00e1lis kem\u00e9nys\u00e9get, \u00e9s teljes m\u00e9rt\u00e9kben ellen\u00e1ll a mechanikai \u00e9s \u00e9ghajlati ig\u00e9nybev\u00e9teleknek.<\/li>\n<li><strong>Szersz\u00e1mtiszt\u00edt\u00e1s <\/strong>: Haszn\u00e1lat ut\u00e1n azonnal tiszt\u00edtsa meg az ecseteket, hengereket \u00e9s sz\u00f3r\u00f3pisztolyokat a haszn\u00e1lt fest\u00e9knek megfelel\u0151, aj\u00e1nlott old\u00f3szerrel (akrilfest\u00e9kek eset\u00e9ben v\u00edzzel, glicerinfest\u00e9kek eset\u00e9ben lakkbenzinnel).<\/li>\n<\/ul>","protected":false},"excerpt":{"rendered":"<p>Strengthening and improving paint performance.\u00a0This paint hardener is specially designed to enhance the resistance and durability of coatings. It improves adhesion, hardness, and longevity of paints applied to various surfaces, thereby reducing risks of peeling, scratching, and premature wear. It is equally suitable for decorative paints and industrial coatings, providing optimal long-term protection. Money-back guarantee.\u00a0We [&hellip;]<\/p>\n","protected":false},"featured_media":26609,"comment_status":"open","ping_status":"closed","template":"","meta":{"_uag_custom_page_level_css":"","site-sidebar-layout":"default","site-content-layout":"","ast-site-content-layout":"default","site-content-style":"default","site-sidebar-style":"default","ast-global-header-display":"","ast-banner-title-visibility":"","ast-main-header-display":"","ast-hfb-above-header-display":"","ast-hfb-below-header-display":"","ast-hfb-mobile-header-display":"","site-post-title":"","ast-breadcrumbs-content":"","ast-featured-img":"","footer-sml-layout":"","ast-disable-related-posts":"","theme-transparent-header-meta":"default","adv-header-id-meta":"","stick-header-meta":"","header-above-stick-meta":"","header-main-stick-meta":"","header-below-stick-meta":"","astra-migrate-meta-layouts":"set","ast-page-background-enabled":"default","ast-page-background-meta":{"desktop":{"background-color":"var(--ast-global-color-4)","background-image":"","background-repeat":"repeat","background-position":"center center","background-size":"auto","background-attachment":"scroll","background-type":"","background-media":"","overlay-type":"","overlay-color":"","overlay-opacity":"","overlay-gradient":""},"tablet":{"background-color":"","background-image":"","background-repeat":"repeat","background-position":"center center","background-size":"auto","background-attachment":"scroll","background-type":"","background-media":"","overlay-type":"","overlay-color":"","overlay-opacity":"","overlay-gradient":""},"mobile":{"background-color":"","background-image":"","background-repeat":"repeat","background-position":"center center","background-size":"auto","background-attachment":"scroll","background-type":"","background-media":"","overlay-type":"","overlay-color":"","overlay-opacity":"","overlay-gradient":""}},"ast-content-background-meta":{"desktop":{"background-color":"var(--ast-global-color-5)","background-image":"","background-repeat":"repeat","background-position":"center center","background-size":"auto","background-attachment":"scroll","background-type":"","background-media":"","overlay-type":"","overlay-color":"","overlay-opacity":"","overlay-gradient":""},"tablet":{"background-color":"var(--ast-global-color-5)","background-image":"","background-repeat":"repeat","background-position":"center center","background-size":"auto","background-attachment":"scroll","background-type":"","background-media":"","overlay-type":"","overlay-color":"","overlay-opacity":"","overlay-gradient":""},"mobile":{"background-color":"var(--ast-global-color-5)","background-image":"","background-repeat":"repeat","background-position":"center center","background-size":"auto","background-attachment":"scroll","background-type":"","background-media":"","overlay-type":"","overlay-color":"","overlay-opacity":"","overlay-gradient":""}}},"product_brand":[],"product_cat":[175,176],"product_tag":[],"class_list":{"0":"post-24744","1":"product","2":"type-product","3":"status-publish","4":"has-post-thumbnail","6":"product_cat-cleaning-products","7":"product_cat-concrete-treatment","8":"desktop-align-left","9":"tablet-align-left","10":"mobile-align-left","12":"first","13":"instock","14":"sale","15":"shipping-taxable","16":"purchasable","17":"product-type-variable","18":"has-default-attributes"},"spectra_custom_meta":{"_visibility":["visible"],"_shopify_product_id":["9059953213685"],"_s2w_shopify_domain":["ferberpainting.myshopify.com"],"_shopify_variant_id":["46482342019317"],"_sku":[""],"_manage_stock":["no"],"total_sales":["36"],"_tax_status":["taxable"],"_tax_class":[""],"_backorders":["no"],"_sold_individually":["no"],"_virtual":["no"],"_downloadable":["no"],"_download_limit":["-1"],"_download_expiry":["-1"],"_stock":[null],"_stock_status":["instock"],"_wc_average_rating":["4.83"],"_wc_review_count":["6"],"_product_attributes":["a:1:{s:6:\"volume\";a:6:{s:4:\"name\";s:6:\"Volume\";s:5:\"value\";s:20:\"5 liters | 25 liters\";s:8:\"position\";i:1;s:10:\"is_visible\";i:0;s:12:\"is_variation\";i:1;s:11:\"is_taxonomy\";i:0;}}"],"_product_version":["10.5.1"],"_thumbnail_id":["26609"],"_product_image_gallery":["26610"],"wpse_downloadable_file_names":[""],"wpse_downloadable_file_urls":[""],"_edit_last":["1"],"_default_attributes":["a:1:{s:6:\"volume\";s:8:\"5 liters\";}"],"_edit_lock":["1771193653:1"],"_price":["29.90","129.90"],"merchant-center-availability":["yes"],"merchant-center-category":["2277"],"_wp_page_template":["default"],"site-sidebar-layout":["default"],"ast-site-content-layout":["default"],"site-content-style":["default"],"site-sidebar-style":["default"],"theme-transparent-header-meta":["default"],"_wc_rating_count":["a:2:{i:4;i:1;i:5;i:5;}"],"astra-migrate-meta-layouts":["set"],"_uag_css_file_name":["uag-css-24744.css"],"_elementor_page_assets":["a:0:{}"]},"uagb_featured_image_src":{"full":["https:\/\/www.ferberpainting.com\/wp-content\/uploads\/2025\/05\/PaintHardener5L.png",2560,2560,false],"thumbnail":["https:\/\/www.ferberpainting.com\/wp-content\/uploads\/2025\/05\/PaintHardener5L-150x150.png",150,150,true],"medium":["https:\/\/www.ferberpainting.com\/wp-content\/uploads\/2025\/05\/PaintHardener5L-300x300.png",300,300,true],"medium_large":["https:\/\/www.ferberpainting.com\/wp-content\/uploads\/2025\/05\/PaintHardener5L-768x768.png",768,768,true],"large":["https:\/\/www.ferberpainting.com\/wp-content\/uploads\/2025\/05\/PaintHardener5L-1024x1024.png",1024,1024,true],"1536x1536":["https:\/\/www.ferberpainting.com\/wp-content\/uploads\/2025\/05\/PaintHardener5L-1536x1536.png",1536,1536,true],"2048x2048":["https:\/\/www.ferberpainting.com\/wp-content\/uploads\/2025\/05\/PaintHardener5L-2048x2048.png",2048,2048,true],"trp-custom-language-flag":["https:\/\/www.ferberpainting.com\/wp-content\/uploads\/2025\/05\/PaintHardener5L-12x12.png",12,12,true],"woocommerce_thumbnail":["https:\/\/www.ferberpainting.com\/wp-content\/uploads\/2025\/05\/PaintHardener5L-300x300.png",300,300,true],"woocommerce_single":["https:\/\/www.ferberpainting.com\/wp-content\/uploads\/2025\/05\/PaintHardener5L-600x600.png",600,600,true],"woocommerce_gallery_thumbnail":["https:\/\/www.ferberpainting.com\/wp-content\/uploads\/2025\/05\/PaintHardener5L-100x100.png",100,100,true]},"uagb_author_info":{"display_name":"admin","author_link":"https:\/\/www.ferberpainting.com\/hu\/author\/"},"uagb_comment_info":6,"uagb_excerpt":"Strengthening and improving paint performance.\u00a0This paint hardener is specially designed to enhance the resistance and durability of coatings. It improves adhesion, hardness, and longevity of paints applied to various surfaces, thereby reducing risks of peeling, scratching, and premature wear. It is equally suitable for decorative paints and industrial coatings, providing optimal long-term protection. Money-back guarantee.\u00a0We&hellip;","_links":{"self":[{"href":"https:\/\/www.ferberpainting.com\/hu\/wp-json\/wp\/v2\/product\/24744","targetHints":{"allow":["GET"]}}],"collection":[{"href":"https:\/\/www.ferberpainting.com\/hu\/wp-json\/wp\/v2\/product"}],"about":[{"href":"https:\/\/www.ferberpainting.com\/hu\/wp-json\/wp\/v2\/types\/product"}],"replies":[{"embeddable":true,"href":"https:\/\/www.ferberpainting.com\/hu\/wp-json\/wp\/v2\/comments?post=24744"}],"version-history":[{"count":3,"href":"https:\/\/www.ferberpainting.com\/hu\/wp-json\/wp\/v2\/product\/24744\/revisions"}],"predecessor-version":[{"id":166671,"href":"https:\/\/www.ferberpainting.com\/hu\/wp-json\/wp\/v2\/product\/24744\/revisions\/166671"}],"wp:featuredmedia":[{"embeddable":true,"href":"https:\/\/www.ferberpainting.com\/hu\/wp-json\/wp\/v2\/media\/26609"}],"wp:attachment":[{"href":"https:\/\/www.ferberpainting.com\/hu\/wp-json\/wp\/v2\/media?parent=24744"}],"wp:term":[{"taxonomy":"product_brand","embeddable":true,"href":"https:\/\/www.ferberpainting.com\/hu\/wp-json\/wp\/v2\/product_brand?post=24744"},{"taxonomy":"product_cat","embeddable":true,"href":"https:\/\/www.ferberpainting.com\/hu\/wp-json\/wp\/v2\/product_cat?post=24744"},{"taxonomy":"product_tag","embeddable":true,"href":"https:\/\/www.ferberpainting.com\/hu\/wp-json\/wp\/v2\/product_tag?post=24744"}],"curies":[{"name":"wp","href":"https:\/\/api.w.org\/{rel}","templated":true}]}}