{"id":24738,"date":"2025-05-26T10:26:53","date_gmt":"2025-05-26T08:26:53","guid":{"rendered":"https:\/\/www.ferberpainting.com\/products\/oxalic-acid-liquid-solution\/"},"modified":"2026-02-24T13:22:43","modified_gmt":"2026-02-24T12:22:43","slug":"oxalic-acid-liquid-solution","status":"publish","type":"product","link":"https:\/\/www.ferberpainting.com\/hu\/products\/oxalic-acid-liquid-solution\/","title":{"rendered":"Foly\u00e9kony ox\u00e1lsav"},"content":{"rendered":"<p><strong><img decoding=\"async\" style=\"margin-right: 12px;\" src=\"https:\/\/www.ferberpainting.com\/wp-content\/uploads\/2026\/02\/Check.svg\" alt=\"\" width=\"18\" height=\"15\" \/>Er\u0151teljes term\u00e9szetes tiszt\u00edt\u00f3szer \u00e9s foltelt\u00e1vol\u00edt\u00f3.<\/strong>\u00a0A foly\u00e9kony ox\u00e1lsav rendk\u00edv\u00fcl hat\u00e9kony term\u00e9k a kem\u00e9ny foltok, rozsdar\u00e9tegek \u00e9s oxid\u00e1ci\u00f3s nyomok elt\u00e1vol\u00edt\u00e1s\u00e1ra k\u00fcl\u00f6nb\u00f6z\u0151 fel\u00fcleteken. M\u00e9lyen behatol, hogy helyre\u00e1ll\u00edtsa az anyagok f\u00e9ny\u00e9t \u00e9s fel\u00e9lessze a megjelen\u00e9s\u00fcket an\u00e9lk\u00fcl, hogy megv\u00e1ltoztatn\u00e1 a szerkezet\u00fcket.<\/p>\n<p><strong><img decoding=\"async\" style=\"margin-right: 12px;\" src=\"https:\/\/www.ferberpainting.com\/wp-content\/uploads\/2026\/02\/Check.svg\" alt=\"\" width=\"18\" height=\"15\" \/>P\u00e9nzvisszafizet\u00e9si garancia.<\/strong>\u00a0Teljes m\u00e9rt\u00e9kben megb\u00edzunk a foly\u00e9kony ox\u00e1lsavunk hat\u00e9konys\u00e1g\u00e1ban. Ez\u00e9rt k\u00edn\u00e1lunk p\u00e9nzvisszafizet\u00e9si garanci\u00e1t. Ha a term\u00e9k nem felel meg az \u00d6n elv\u00e1r\u00e1sainak, vagy nem hozza a v\u00e1rt eredm\u00e9nyeket, felt\u00e9telek n\u00e9lk\u00fcl k\u00e9rheti a p\u00e9nzvisszat\u00e9r\u00edt\u00e9st, \u00edgy biztos\u00edtva a kock\u00e1zatmentes v\u00e1s\u00e1rl\u00e1st.<\/p>\n<p><strong><img decoding=\"async\" style=\"margin-right: 12px;\" src=\"https:\/\/www.ferberpainting.com\/wp-content\/uploads\/2026\/02\/Check.svg\" alt=\"\" width=\"18\" height=\"15\" \/>Kompatibilis az anyagok sz\u00e9les sk\u00e1l\u00e1j\u00e1val.<\/strong>\u00a0Ez a sokoldal\u00fa tiszt\u00edt\u00f3szer \u00e9s foltelt\u00e1vol\u00edt\u00f3 kompatibilis f\u00e1val, m\u00e1rv\u00e1nnyal, gr\u00e1nittal, betonnal, term\u00e9szetes k\u0151vel, csemp\u00e9vel, vassal, rozsdamentes ac\u00e9llal \u00e9s alum\u00edniummal. Ide\u00e1lis az er\u0151sen szennyezett fel\u00fcletek tiszt\u00edt\u00e1s\u00e1ra, homlokzatok \u00fajj\u00e1\u00e9leszt\u00e9s\u00e9re, a fa f\u00e9nyes\u00edt\u00e9s\u00e9re, valamint a rozsdafoltok elt\u00e1vol\u00edt\u00e1s\u00e1ra f\u00e9mekr\u0151l \u00e9s padl\u00f3kr\u00f3l.<\/p>\n<p><strong><img decoding=\"async\" style=\"margin-right: 12px;\" src=\"https:\/\/www.ferberpainting.com\/wp-content\/uploads\/2026\/02\/Check.svg\" alt=\"\" width=\"18\" height=\"15\" \/>Optim\u00e1lis gazdas\u00e1gi teljes\u00edtm\u00e9ny.<\/strong>\u00a0Koncentr\u00e1lt formul\u00e1j\u00e1nak k\u00f6sz\u00f6nhet\u0151en 1 liter foly\u00e9kony ox\u00e1lsav 5 \u00e9s 10 m\u00b2 k\u00f6z\u00f6tti ter\u00fcletet k\u00e9pes kezelni, a fel\u00fcletek porozit\u00e1s\u00e1t\u00f3l \u00e9s \u00e1llapot\u00e1t\u00f3l f\u00fcgg\u0151en. Er\u0151teljes tiszt\u00edt\u00f3 k\u00e9pess\u00e9ge cs\u00f6kkenti a nagy mennyis\u00e9g\u0171 term\u00e9k sz\u00fcks\u00e9gess\u00e9g\u00e9t, \u00edgy gazdas\u00e1gos \u00e9s hat\u00e9kony megold\u00e1st jelent professzion\u00e1lis \u00e9s h\u00e1ztart\u00e1si felhaszn\u00e1l\u00e1sra egyar\u00e1nt.<\/p>\n<p><strong><img decoding=\"async\" style=\"margin-right: 12px;\" src=\"https:\/\/www.ferberpainting.com\/wp-content\/uploads\/2026\/02\/Check.svg\" alt=\"\" width=\"18\" height=\"15\" \/>Biztons\u00e1gos \u00e9s ellen\u0151rz\u00f6tt megold\u00e1s.<\/strong>\u00a0Az agressz\u00edvebb savakt\u00f3l elt\u00e9r\u0151en ezt az ox\u00e1lsavoldatot \u00fagy tervezt\u00e9k, hogy rendk\u00edv\u00fcl hat\u00e9kony legyen, de ne legyen t\u00falzottan mar\u00f3 hat\u00e1s\u00fa. Az aj\u00e1nl\u00e1soknak megfelel\u0151en haszn\u00e1lva c\u00e9lzott tiszt\u00edt\u00e1st tesz lehet\u0151v\u00e9 a k\u00e9nyes anyagok k\u00e1ros\u00edt\u00e1sa n\u00e9lk\u00fcl, \u00e9s biztons\u00e1gos haszn\u00e1latot biztos\u00edt a legt\u00f6bb gyakori fel\u00fcleten.<\/p>\n<p><strong><img decoding=\"async\" style=\"margin-right: 12px;\" src=\"https:\/\/www.ferberpainting.com\/wp-content\/uploads\/2026\/02\/Check.svg\" alt=\"\" width=\"18\" height=\"15\" \/>Alkalmaz\u00e1s \u00e9s haszn\u00e1lat egyszer\u0171s\u00e9ge.<\/strong>\u00a0Ez a term\u00e9k haszn\u00e1latra k\u00e9sz, nem ig\u00e9nyel bonyolult el\u0151k\u00e9sz\u00edt\u00e9st. Egyszer\u0171en csak vigye fel k\u00f6zvetlen\u00fcl a kezelend\u0151 fel\u00fcletre, hagyja hatni n\u00e9h\u00e1ny percig, majd \u00f6bl\u00edtse le tiszta v\u00edzzel. Egyszer\u0171 alkalmaz\u00e1sa jelent\u0151s id\u0151t takar\u00edt meg, speci\u00e1lis szersz\u00e1mok n\u00e9lk\u00fcl.<\/p>\n<p><strong><img decoding=\"async\" style=\"margin-right: 12px;\" src=\"https:\/\/www.ferberpainting.com\/wp-content\/uploads\/2026\/02\/Check.svg\" alt=\"\" width=\"18\" height=\"15\" \/>Tart\u00f3ss\u00e1g \u00e9s anyagmeg\u0151rz\u00e9s.<\/strong>\u00a0A be\u00e1gyazott szennyez\u0151d\u00e9sek \u00e9s maradv\u00e1nyok hat\u00e9kony elt\u00e1vol\u00edt\u00e1s\u00e1val ez a term\u00e9k seg\u00edt meghosszabb\u00edtani az anyagok \u00e9lettartam\u00e1t. Cs\u00f6kkenti a szennyez\u0151d\u00e9sek felhalmoz\u00f3d\u00e1s\u00e1t, korl\u00e1tozza az \u00faj foltok megjelen\u00e9s\u00e9t, \u00e9s v\u00e9di a megtiszt\u00edtott fel\u00fcleteket, mik\u00f6zben vissza\u00e1ll\u00edtja azok term\u00e9szetes f\u00e9ny\u00e9t.<\/p>\n<p><strong><img decoding=\"async\" style=\"margin-right: 12px;\" src=\"https:\/\/www.ferberpainting.com\/wp-content\/uploads\/2026\/02\/Check.svg\" alt=\"\" width=\"18\" height=\"15\" \/>Gyors cselekv\u00e9s az azonnali eredm\u00e9nyek\u00e9rt.<\/strong>\u00a0Gyors hat\u00e1sa lehet\u0151v\u00e9 teszi, hogy n\u00e9h\u00e1ny percen bel\u00fcl l\u00e1that\u00f3 eredm\u00e9nyt \u00e9rjen el. Alkalmaz\u00e1sakor hat\u00e9konyan oldja a foltokat \u00e9s az oxid\u00e1ci\u00f3t, jelent\u0151sen cs\u00f6kkentve a tiszt\u00edt\u00e1sra ford\u00edtott id\u0151t, \u00e9s minim\u00e1lis er\u0151fesz\u00edt\u00e9ssel maxim\u00e1lis hat\u00e9konys\u00e1got biztos\u00edt.<\/p>\n<h2><strong>Haszn\u00e1lati protokoll<\/strong><\/h2>\n<ul>\n<li><strong>Fel\u00fclet el\u0151k\u00e9sz\u00edt\u00e9s <\/strong>: Tiszt\u00edtsa meg durv\u00e1n a kezelend\u0151 ter\u00fcletet, hogy elt\u00e1vol\u00edtsa a port \u00e9s a felsz\u00edni szennyez\u0151d\u00e9seket. Er\u0151sen szennyezett fel\u00fcleteken aj\u00e1nlatos a term\u00e9k hat\u00e9konys\u00e1g\u00e1nak optimaliz\u00e1l\u00e1sa \u00e9rdek\u00e9ben a felhord\u00e1s el\u0151tt enyh\u00e9n \u00e1tkef\u00e9lni.<\/li>\n<li><strong>Az ox\u00e1lsavoldat alkalmaz\u00e1sa <\/strong>: \u00d6ntse a term\u00e9ket k\u00f6zvetlen\u00fcl a fel\u00fcletre, vagy vigye fel ecsettel, szivaccsal vagy permetez\u0151vel. Oxid\u00e1lt f\u00e9mek eset\u00e9ben mer\u00edtse be a rozsd\u00e1sodott r\u00e9szt, vagy \u00f3vatosan d\u00f6rzs\u00f6lje \u00e1t a term\u00e9kkel \u00e1titatott ruh\u00e1val.<\/li>\n<li><strong>V\u00e1rakoz\u00e1si id\u0151 <\/strong>: Hagyja hatni 5-15 percig, a szennyez\u0151d\u00e9s m\u00e9rt\u00e9k\u00e9t\u0151l \u00e9s az anyag t\u00edpus\u00e1t\u00f3l f\u00fcgg\u0151en. Ne hagyja a term\u00e9ket a fel\u00fcleten megsz\u00e1radni, hogy elker\u00fclje az elv\u00e1ltoz\u00e1sokat, k\u00fcl\u00f6n\u00f6sen a term\u00e9szetes k\u00f6veken \u00e9s az \u00e9rz\u00e9keny f\u00e9meken.<\/li>\n<li><strong>Kef\u00e9l\u00e9s \u00e9s \u00f6bl\u00edt\u00e9s <\/strong>: Ha sz\u00fcks\u00e9ges, s\u00farolja puha kef\u00e9vel vagy szivaccsal a kem\u00e9ny marad\u00e9kok elt\u00e1vol\u00edt\u00e1s\u00e1hoz, majd alaposan \u00f6bl\u00edtse le tiszta v\u00edzzel, hogy semleges\u00edtse az ox\u00e1lsav hat\u00e1s\u00e1t.<\/li>\n<li><strong>Sz\u00e1r\u00edt\u00e1s \u00e9s befejez\u00e9s <\/strong>: Hagyja a fel\u00fcletet teljesen megsz\u00e1radni, miel\u0151tt sz\u00fcks\u00e9g eset\u00e9n v\u00e9delmet alkalmazna (lakk, befejez\u0151 olaj vagy f\u00e9m eset\u00e9n rozsdag\u00e1tl\u00f3 kezel\u00e9s). Az optim\u00e1lis eredm\u00e9ny \u00e9rdek\u00e9ben ism\u00e9telje meg a folyamatot, ha a foltok tov\u00e1bbra is fenn\u00e1llnak.<\/li>\n<\/ul>\n<p>Ezzel a foly\u00e9kony ox\u00e1lsavoldattal er\u0151teljes sz\u00f6vets\u00e9gese van mindenf\u00e9le fel\u00fclet tiszt\u00edt\u00e1s\u00e1hoz, oxid\u00e1ci\u00f3mentes\u00edt\u00e9s\u00e9hez \u00e9s helyre\u00e1ll\u00edt\u00e1s\u00e1hoz, figyelemre m\u00e9lt\u00f3 hat\u00e9konys\u00e1ggal \u00e9s hib\u00e1tlan fel\u00fclettel.<\/p>","protected":false},"excerpt":{"rendered":"<p>A Powerful Natural Cleaner and Stain Remover.\u00a0Liquid oxalic acid is a highly effective product for removing tough stains, rust deposits, and oxidation marks on various surfaces. It deeply penetrates to restore the brightness of materials and revive their appearance without altering their structure. Money-back guarantee.\u00a0We have complete confidence in the effectiveness of our liquid oxalic [&hellip;]<\/p>\n","protected":false},"featured_media":26607,"comment_status":"open","ping_status":"closed","template":"","meta":{"_uag_custom_page_level_css":"","site-sidebar-layout":"default","site-content-layout":"","ast-site-content-layout":"default","site-content-style":"default","site-sidebar-style":"default","ast-global-header-display":"","ast-banner-title-visibility":"","ast-main-header-display":"","ast-hfb-above-header-display":"","ast-hfb-below-header-display":"","ast-hfb-mobile-header-display":"","site-post-title":"","ast-breadcrumbs-content":"","ast-featured-img":"","footer-sml-layout":"","ast-disable-related-posts":"","theme-transparent-header-meta":"default","adv-header-id-meta":"","stick-header-meta":"","header-above-stick-meta":"","header-main-stick-meta":"","header-below-stick-meta":"","astra-migrate-meta-layouts":"set","ast-page-background-enabled":"default","ast-page-background-meta":{"desktop":{"background-color":"var(--ast-global-color-4)","background-image":"","background-repeat":"repeat","background-position":"center center","background-size":"auto","background-attachment":"scroll","background-type":"","background-media":"","overlay-type":"","overlay-color":"","overlay-opacity":"","overlay-gradient":""},"tablet":{"background-color":"","background-image":"","background-repeat":"repeat","background-position":"center center","background-size":"auto","background-attachment":"scroll","background-type":"","background-media":"","overlay-type":"","overlay-color":"","overlay-opacity":"","overlay-gradient":""},"mobile":{"background-color":"","background-image":"","background-repeat":"repeat","background-position":"center center","background-size":"auto","background-attachment":"scroll","background-type":"","background-media":"","overlay-type":"","overlay-color":"","overlay-opacity":"","overlay-gradient":""}},"ast-content-background-meta":{"desktop":{"background-color":"var(--ast-global-color-5)","background-image":"","background-repeat":"repeat","background-position":"center center","background-size":"auto","background-attachment":"scroll","background-type":"","background-media":"","overlay-type":"","overlay-color":"","overlay-opacity":"","overlay-gradient":""},"tablet":{"background-color":"var(--ast-global-color-5)","background-image":"","background-repeat":"repeat","background-position":"center center","background-size":"auto","background-attachment":"scroll","background-type":"","background-media":"","overlay-type":"","overlay-color":"","overlay-opacity":"","overlay-gradient":""},"mobile":{"background-color":"var(--ast-global-color-5)","background-image":"","background-repeat":"repeat","background-position":"center center","background-size":"auto","background-attachment":"scroll","background-type":"","background-media":"","overlay-type":"","overlay-color":"","overlay-opacity":"","overlay-gradient":""}}},"product_brand":[],"product_cat":[175,193],"product_tag":[],"class_list":{"0":"post-24738","1":"product","2":"type-product","3":"status-publish","4":"has-post-thumbnail","6":"product_cat-cleaning-products","7":"product_cat-wood-treatment","8":"desktop-align-left","9":"tablet-align-left","10":"mobile-align-left","12":"first","13":"instock","14":"sale","15":"shipping-taxable","16":"purchasable","17":"product-type-variable","18":"has-default-attributes"},"spectra_custom_meta":{"_visibility":["visible"],"_shopify_product_id":["9059127984373"],"_s2w_shopify_domain":["ferberpainting.myshopify.com"],"_shopify_variant_id":["46481179803893"],"_sku":[""],"_manage_stock":["no"],"total_sales":["192"],"_tax_status":["taxable"],"_tax_class":[""],"_backorders":["no"],"_sold_individually":["no"],"_virtual":["no"],"_downloadable":["no"],"_download_limit":["-1"],"_download_expiry":["-1"],"_stock":[null],"_stock_status":["instock"],"_wc_average_rating":["4.67"],"_wc_review_count":["6"],"_product_attributes":["a:1:{s:6:\"volume\";a:6:{s:4:\"name\";s:6:\"Volume\";s:5:\"value\";s:20:\"5 liters | 25 liters\";s:8:\"position\";i:1;s:10:\"is_visible\";i:0;s:12:\"is_variation\";i:1;s:11:\"is_taxonomy\";i:0;}}"],"_product_version":["10.5.2"],"_thumbnail_id":["26607"],"_product_image_gallery":["26608"],"wpse_downloadable_file_names":[""],"wpse_downloadable_file_urls":[""],"_edit_last":["1"],"_default_attributes":["a:1:{s:6:\"volume\";s:8:\"5 liters\";}"],"_edit_lock":["1771935832:1"],"merchant-center-availability":["yes"],"merchant-center-category":["2277"],"_wp_page_template":["default"],"site-sidebar-layout":["default"],"ast-site-content-layout":["default"],"site-content-style":["default"],"site-sidebar-style":["default"],"theme-transparent-header-meta":["default"],"_wc_rating_count":["a:2:{i:4;i:2;i:5;i:4;}"],"merchant-center-id":["FPOXALICACIDLIQUIDSOLUTION5L"],"_price":["29.90","129.90"],"astra-migrate-meta-layouts":["set"],"_uag_css_file_name":["uag-css-24738.css"],"_elementor_page_assets":["a:0:{}"],"_uag_page_assets":["a:9:{s:3:\"css\";s:6873:\".wp-block-uagb-image{display:flex}.wp-block-uagb-image__figure{position:relative;display:flex;flex-direction:column;max-width:100%;height:auto;margin:0}.wp-block-uagb-image__figure img{height:auto;display:flex;max-width:100%;transition:box-shadow .2s ease}.wp-block-uagb-image__figure>a{display:inline-block}.wp-block-uagb-image__figure figcaption{text-align:center;margin-top:.5em;margin-bottom:1em}.wp-block-uagb-image .components-placeholder.block-editor-media-placeholder .components-placeholder__instructions{align-self:center}.wp-block-uagb-image--align-left{text-align:left}.wp-block-uagb-image--align-right{text-align:right}.wp-block-uagb-image--align-center{text-align:center}.wp-block-uagb-image--align-full .wp-block-uagb-image__figure{margin-left:calc(50% - 50vw);margin-right:calc(50% - 50vw);max-width:100vw;width:100vw;height:auto}.wp-block-uagb-image--align-full .wp-block-uagb-image__figure img{height:auto;width:100% !important}.wp-block-uagb-image--align-wide .wp-block-uagb-image__figure img{height:auto;width:100%}.wp-block-uagb-image--layout-overlay__color-wrapper{position:absolute;left:0;top:0;right:0;bottom:0;opacity:.2;background:rgba(0,0,0,.5);transition:opacity .35s ease-in-out}.wp-block-uagb-image--layout-overlay-link{position:absolute;left:0;right:0;bottom:0;top:0}.wp-block-uagb-image--layout-overlay .wp-block-uagb-image__figure:hover .wp-block-uagb-image--layout-overlay__color-wrapper{opacity:1}.wp-block-uagb-image--layout-overlay__inner{position:absolute;left:15px;right:15px;bottom:15px;top:15px;display:flex;align-items:center;justify-content:center;flex-direction:column;border-color:#fff;transition:.35s ease-in-out}.wp-block-uagb-image--layout-overlay__inner.top-left,.wp-block-uagb-image--layout-overlay__inner.top-center,.wp-block-uagb-image--layout-overlay__inner.top-right{justify-content:flex-start}.wp-block-uagb-image--layout-overlay__inner.bottom-left,.wp-block-uagb-image--layout-overlay__inner.bottom-center,.wp-block-uagb-image--layout-overlay__inner.bottom-right{justify-content:flex-end}.wp-block-uagb-image--layout-overlay__inner.top-left,.wp-block-uagb-image--layout-overlay__inner.center-left,.wp-block-uagb-image--layout-overlay__inner.bottom-left{align-items:flex-start}.wp-block-uagb-image--layout-overlay__inner.top-right,.wp-block-uagb-image--layout-overlay__inner.center-right,.wp-block-uagb-image--layout-overlay__inner.bottom-right{align-items:flex-end}.wp-block-uagb-image--layout-overlay__inner .uagb-image-heading{color:#fff;transition:transform .35s,opacity .35s ease-in-out;transform:translate3d(0, 24px, 0);margin:0;line-height:1em}.wp-block-uagb-image--layout-overlay__inner .uagb-image-separator{width:30%;border-top-width:2px;border-top-color:#fff;border-top-style:solid;margin-bottom:10px;opacity:0;transition:transform .4s,opacity .4s ease-in-out;transform:translate3d(0, 30px, 0)}.wp-block-uagb-image--layout-overlay__inner .uagb-image-caption{opacity:0;overflow:visible;color:#fff;transition:transform .45s,opacity .45s ease-in-out;transform:translate3d(0, 35px, 0)}.wp-block-uagb-image--layout-overlay__inner:hover .uagb-image-heading,.wp-block-uagb-image--layout-overlay__inner:hover .uagb-image-separator,.wp-block-uagb-image--layout-overlay__inner:hover .uagb-image-caption{opacity:1;transform:translate3d(0, 0, 0)}.wp-block-uagb-image--effect-zoomin .wp-block-uagb-image__figure img,.wp-block-uagb-image--effect-zoomin .wp-block-uagb-image__figure .wp-block-uagb-image--layout-overlay__color-wrapper{transform:scale(1);transition:transform .35s ease-in-out}.wp-block-uagb-image--effect-zoomin .wp-block-uagb-image__figure:hover img,.wp-block-uagb-image--effect-zoomin .wp-block-uagb-image__figure:hover .wp-block-uagb-image--layout-overlay__color-wrapper{transform:scale(1.05)}.wp-block-uagb-image--effect-slide .wp-block-uagb-image__figure img,.wp-block-uagb-image--effect-slide .wp-block-uagb-image__figure .wp-block-uagb-image--layout-overlay__color-wrapper{width:calc(100% + 40px) !important;max-width:none !important;transform:translate3d(-40px, 0, 0);transition:transform .35s ease-in-out}.wp-block-uagb-image--effect-slide .wp-block-uagb-image__figure:hover img,.wp-block-uagb-image--effect-slide .wp-block-uagb-image__figure:hover .wp-block-uagb-image--layout-overlay__color-wrapper{transform:translate3d(0, 0, 0)}.wp-block-uagb-image--effect-grayscale img{filter:grayscale(0%);transition:.35s ease-in-out}.wp-block-uagb-image--effect-grayscale:hover img{filter:grayscale(100%)}.wp-block-uagb-image--effect-blur img{filter:blur(0);transition:.35s ease-in-out}.wp-block-uagb-image--effect-blur:hover img{filter:blur(3px)}.uagb-block-e6f939b3.wp-block-uagb-image--layout-default figure img{box-shadow: 0px 0px 0 #00000070;}.uagb-block-e6f939b3.wp-block-uagb-image .wp-block-uagb-image__figure figcaption{font-style: normal;align-self: center;}.uagb-block-e6f939b3.wp-block-uagb-image--layout-overlay figure img{box-shadow: 0px 0px 0 #00000070;}.uagb-block-e6f939b3.wp-block-uagb-image--layout-overlay .wp-block-uagb-image--layout-overlay__color-wrapper{opacity: 0.2;}.uagb-block-e6f939b3.wp-block-uagb-image--layout-overlay .wp-block-uagb-image--layout-overlay__inner{left: 15px;right: 15px;top: 15px;bottom: 15px;}.uagb-block-e6f939b3.wp-block-uagb-image--layout-overlay .wp-block-uagb-image--layout-overlay__inner .uagb-image-heading{font-style: normal;color: #fff;opacity: 1;}.uagb-block-e6f939b3.wp-block-uagb-image--layout-overlay .wp-block-uagb-image--layout-overlay__inner .uagb-image-heading a{color: #fff;}.uagb-block-e6f939b3.wp-block-uagb-image--layout-overlay .wp-block-uagb-image--layout-overlay__inner .uagb-image-caption{opacity: 0;}.uagb-block-e6f939b3.wp-block-uagb-image--layout-overlay .wp-block-uagb-image__figure:hover .wp-block-uagb-image--layout-overlay__color-wrapper{opacity: 1;}.uagb-block-e6f939b3.wp-block-uagb-image .wp-block-uagb-image--layout-overlay__inner .uagb-image-separator{width: 30%;border-top-width: 2px;border-top-color: #fff;opacity: 0;}.uagb-block-e6f939b3.wp-block-uagb-image .wp-block-uagb-image__figure img{width: px;height: auto;}.uagb-block-e6f939b3.wp-block-uagb-image .wp-block-uagb-image__figure:hover .wp-block-uagb-image--layout-overlay__inner .uagb-image-caption{opacity: 1;}.uagb-block-e6f939b3.wp-block-uagb-image .wp-block-uagb-image__figure:hover .wp-block-uagb-image--layout-overlay__inner .uagb-image-separator{opacity: 1;}.uagb-block-e6f939b3.wp-block-uagb-image--layout-default figure:hover img{box-shadow: 0px 0px 0 #00000070;}.uagb-block-e6f939b3.wp-block-uagb-image--layout-overlay figure:hover img{box-shadow: 0px 0px 0 #00000070;}@media only screen and (max-width: 976px) {.uagb-block-e6f939b3.wp-block-uagb-image .wp-block-uagb-image__figure img{width: px;height: auto;}}@media only screen and (max-width: 767px) {.uagb-block-e6f939b3.wp-block-uagb-image .wp-block-uagb-image__figure img{width: px;height: auto;}}\";s:2:\"js\";s:0:\"\";s:18:\"current_block_list\";a:13:{i:0;s:11:\"core\/search\";i:1;s:10:\"core\/group\";i:2;s:12:\"core\/heading\";i:3;s:17:\"core\/latest-posts\";i:4;s:20:\"core\/latest-comments\";i:5;s:13:\"core\/archives\";i:6;s:15:\"core\/categories\";i:7;s:14:\"core\/paragraph\";i:8;s:10:\"uagb\/image\";i:9;s:11:\"core\/spacer\";i:10;s:30:\"woocommerce\/product-categories\";i:11;s:10:\"core\/image\";i:12;s:14:\"core\/shortcode\";}s:8:\"uag_flag\";b:1;s:11:\"uag_version\";s:10:\"1777096171\";s:6:\"gfonts\";a:0:{}s:10:\"gfonts_url\";s:0:\"\";s:12:\"gfonts_files\";a:0:{}s:14:\"uag_faq_layout\";b:0;}"]},"uagb_featured_image_src":{"full":["https:\/\/www.ferberpainting.com\/wp-content\/uploads\/2025\/05\/OxalicAcidLiquidSolution5L.png",2560,2560,false],"thumbnail":["https:\/\/www.ferberpainting.com\/wp-content\/uploads\/2025\/05\/OxalicAcidLiquidSolution5L-150x150.png",150,150,true],"medium":["https:\/\/www.ferberpainting.com\/wp-content\/uploads\/2025\/05\/OxalicAcidLiquidSolution5L-300x300.png",300,300,true],"medium_large":["https:\/\/www.ferberpainting.com\/wp-content\/uploads\/2025\/05\/OxalicAcidLiquidSolution5L-768x768.png",768,768,true],"large":["https:\/\/www.ferberpainting.com\/wp-content\/uploads\/2025\/05\/OxalicAcidLiquidSolution5L-1024x1024.png",1024,1024,true],"1536x1536":["https:\/\/www.ferberpainting.com\/wp-content\/uploads\/2025\/05\/OxalicAcidLiquidSolution5L-1536x1536.png",1536,1536,true],"2048x2048":["https:\/\/www.ferberpainting.com\/wp-content\/uploads\/2025\/05\/OxalicAcidLiquidSolution5L-2048x2048.png",2048,2048,true],"trp-custom-language-flag":["https:\/\/www.ferberpainting.com\/wp-content\/uploads\/2025\/05\/OxalicAcidLiquidSolution5L-12x12.png",12,12,true],"woocommerce_thumbnail":["https:\/\/www.ferberpainting.com\/wp-content\/uploads\/2025\/05\/OxalicAcidLiquidSolution5L-300x300.png",300,300,true],"woocommerce_single":["https:\/\/www.ferberpainting.com\/wp-content\/uploads\/2025\/05\/OxalicAcidLiquidSolution5L-600x600.png",600,600,true],"woocommerce_gallery_thumbnail":["https:\/\/www.ferberpainting.com\/wp-content\/uploads\/2025\/05\/OxalicAcidLiquidSolution5L-100x100.png",100,100,true]},"uagb_author_info":{"display_name":"admin","author_link":"https:\/\/www.ferberpainting.com\/hu\/author\/"},"uagb_comment_info":6,"uagb_excerpt":"A Powerful Natural Cleaner and Stain Remover.\u00a0Liquid oxalic acid is a highly effective product for removing tough stains, rust deposits, and oxidation marks on various surfaces. It deeply penetrates to restore the brightness of materials and revive their appearance without altering their structure. Money-back guarantee.\u00a0We have complete confidence in the effectiveness of our liquid oxalic&hellip;","_links":{"self":[{"href":"https:\/\/www.ferberpainting.com\/hu\/wp-json\/wp\/v2\/product\/24738","targetHints":{"allow":["GET"]}}],"collection":[{"href":"https:\/\/www.ferberpainting.com\/hu\/wp-json\/wp\/v2\/product"}],"about":[{"href":"https:\/\/www.ferberpainting.com\/hu\/wp-json\/wp\/v2\/types\/product"}],"replies":[{"embeddable":true,"href":"https:\/\/www.ferberpainting.com\/hu\/wp-json\/wp\/v2\/comments?post=24738"}],"version-history":[{"count":4,"href":"https:\/\/www.ferberpainting.com\/hu\/wp-json\/wp\/v2\/product\/24738\/revisions"}],"predecessor-version":[{"id":166658,"href":"https:\/\/www.ferberpainting.com\/hu\/wp-json\/wp\/v2\/product\/24738\/revisions\/166658"}],"wp:featuredmedia":[{"embeddable":true,"href":"https:\/\/www.ferberpainting.com\/hu\/wp-json\/wp\/v2\/media\/26607"}],"wp:attachment":[{"href":"https:\/\/www.ferberpainting.com\/hu\/wp-json\/wp\/v2\/media?parent=24738"}],"wp:term":[{"taxonomy":"product_brand","embeddable":true,"href":"https:\/\/www.ferberpainting.com\/hu\/wp-json\/wp\/v2\/product_brand?post=24738"},{"taxonomy":"product_cat","embeddable":true,"href":"https:\/\/www.ferberpainting.com\/hu\/wp-json\/wp\/v2\/product_cat?post=24738"},{"taxonomy":"product_tag","embeddable":true,"href":"https:\/\/www.ferberpainting.com\/hu\/wp-json\/wp\/v2\/product_tag?post=24738"}],"curies":[{"name":"wp","href":"https:\/\/api.w.org\/{rel}","templated":true}]}}