{"id":24730,"date":"2025-05-26T10:26:50","date_gmt":"2025-05-26T08:26:50","guid":{"rendered":"https:\/\/www.ferberpainting.com\/products\/olive-tree-fertilizer\/"},"modified":"2026-02-15T22:41:54","modified_gmt":"2026-02-15T21:41:54","slug":"olive-tree-fertilizer","status":"publish","type":"product","link":"https:\/\/www.ferberpainting.com\/hu\/products\/olive-tree-fertilizer\/","title":{"rendered":"Olajfa m\u0171tr\u00e1gya 25 kg"},"content":{"rendered":"<p><strong><img decoding=\"async\" style=\"margin-right: 12px;\" src=\"https:\/\/www.ferberpainting.com\/wp-content\/uploads\/2026\/02\/Check.svg\" alt=\"\" width=\"18\" height=\"15\" \/>Kifejezetten az olajf\u00e1k n\u00f6veked\u00e9s\u00e9hez \u00e9s term\u00e9shoz\u00e1s\u00e1hoz kifejlesztett m\u0171tr\u00e1gya.<\/strong>\u00a0Ezt az olajf\u00e1k sz\u00e1m\u00e1ra kifejlesztett m\u0171tr\u00e1gy\u00e1t \u00fagy alak\u00edtott\u00e1k ki, hogy megfeleljen ennek az emblematikus mediterr\u00e1n f\u00e1nak a k\u00fcl\u00f6nleges ig\u00e9nyeinek. Kiegyens\u00falyozott NPK 10-10-10 \u00f6sszet\u00e9tel\u00e9nek k\u00f6sz\u00f6nhet\u0151en t\u00f6k\u00e9letes nitrog\u00e9n (N) adagot biztos\u00edt a lombozat fejl\u0151d\u00e9s\u00e9nek el\u0151seg\u00edt\u00e9s\u00e9hez, foszfort (P) az er\u0151s gy\u00f6k\u00e9rn\u00f6veked\u00e9shez, valamint k\u00e1liumot (K) a vir\u00e1gz\u00e1s serkent\u00e9s\u00e9hez, valamint az olajbogy\u00f3 min\u0151s\u00e9g\u00e9nek \u00e9s b\u0151s\u00e9g\u00e9nek jav\u00edt\u00e1s\u00e1hoz. Harmonikus n\u00f6veked\u00e9st, jobb betegs\u00e9gekkel szembeni ellen\u00e1ll\u00e1st \u00e9s \u00edzletes olajbogy\u00f3k b\u0151s\u00e9ges term\u00e9s\u00e9t biztos\u00edtja.<\/p>\n<p><strong><img decoding=\"async\" style=\"margin-right: 12px;\" src=\"https:\/\/www.ferberpainting.com\/wp-content\/uploads\/2026\/02\/Check.svg\" alt=\"\" width=\"18\" height=\"15\" \/>P\u00e9nzvisszafizet\u00e9si garancia.<\/strong>\u00a0B\u00edzunk olajfa-m\u0171tr\u00e1gy\u00e1nk hat\u00e9konys\u00e1g\u00e1ban, ez\u00e9rt p\u00e9nzvisszafizet\u00e9si garanci\u00e1t v\u00e1llalunk. Ha az aj\u00e1nl\u00e1sainknak megfelel\u0151 alkalmaz\u00e1s ut\u00e1n az \u00d6n olajf\u00e1ja nem mutat \u00e9szrevehet\u0151 javul\u00e1st a n\u00f6veked\u00e9sben, vir\u00e1gz\u00e1sban vagy term\u00e9shoz\u00e1sban, v\u00e1llaljuk, hogy felt\u00e9tel n\u00e9lk\u00fcl visszat\u00e9r\u00edtj\u00fck az \u00e1r\u00e1t.<\/p>\n<p><strong><img decoding=\"async\" style=\"margin-right: 12px;\" src=\"https:\/\/www.ferberpainting.com\/wp-content\/uploads\/2026\/02\/Check.svg\" alt=\"\" width=\"18\" height=\"15\" \/>Alkalmas minden olajfafajt\u00e1hoz \u00e9s minden talajt\u00edpushoz.<\/strong>\u00a0Ez a m\u0171tr\u00e1gya szabadf\u00f6ld\u00f6n vagy cser\u00e9pben l\u00e9v\u0151 olajf\u00e1k sz\u00e1m\u00e1ra alkalmas, \u00e9s minden talajt\u00edpuson hat\u00e9kony, legyen az meszes, agyagos vagy homokos. A fiatal, fejl\u0151d\u00e9si f\u00e1zisban l\u00e9v\u0151 olajf\u00e1k \u00e9s a termeszt\u00e9sben l\u00e9v\u0151 \u00e9rett f\u00e1k eset\u00e9ben egyar\u00e1nt haszn\u00e1lhat\u00f3, biztos\u00edtva a n\u00f6veked\u00e9s minden egyes szakasz\u00e1hoz igaz\u00edtott t\u00e1panyagell\u00e1t\u00e1st.<\/p>\n<p><strong><img decoding=\"async\" style=\"margin-right: 12px;\" src=\"https:\/\/www.ferberpainting.com\/wp-content\/uploads\/2026\/02\/Check.svg\" alt=\"\" width=\"18\" height=\"15\" \/>K\u00f6lts\u00e9ghat\u00e9kony \u00e9s tart\u00f3s tr\u00e1gy\u00e1z\u00e1s.<\/strong>\u00a0\u00d6sszet\u00e9tel\u00e9nek k\u00f6sz\u00f6nhet\u0151en ez a m\u0171tr\u00e1gya lassan szabad\u00edtja fel a t\u00e1panyagokat, \u00edgy t\u00f6bb h\u00e9ten kereszt\u00fcl folyamatos tr\u00e1gy\u00e1z\u00e1st tesz lehet\u0151v\u00e9. Egy 25 kg-os zs\u00e1k m\u0171tr\u00e1gya ak\u00e1r 125 olajf\u00e1t is k\u00e9pes kezelni, az aj\u00e1nlott adag 200 g\/fa. Optimaliz\u00e1lt hozama cs\u00f6kkenti a kijuttat\u00e1sok gyakoris\u00e1g\u00e1t, hat\u00e9kony \u00e9s fenntarthat\u00f3 t\u00e1panyagell\u00e1t\u00e1st biztos\u00edt, mik\u00f6zben gazdas\u00e1gos.<\/p>\n<p><strong><img decoding=\"async\" style=\"margin-right: 12px;\" src=\"https:\/\/www.ferberpainting.com\/wp-content\/uploads\/2026\/02\/Check.svg\" alt=\"\" width=\"18\" height=\"15\" \/>Hat\u00e9kony \u00e9s k\u00f6rnyezetbar\u00e1t m\u0171tr\u00e1gya.<\/strong>\u00a0Ez a m\u0171tr\u00e1gya nem tartalmaz durva vegyi anyagokat, \u00edgy nem jelent vesz\u00e9lyt a talajra, a biol\u00f3giai sokf\u00e9les\u00e9gre vagy a talajv\u00edzre. A mikrobi\u00e1lis tev\u00e9kenys\u00e9g serkent\u00e9s\u00e9vel \u00e9s a talaj szerkezet\u00e9nek jav\u00edt\u00e1s\u00e1val gazdag\u00edtja a talajt, ez\u00e1ltal el\u0151seg\u00edti a t\u00e1panyagok \u00e9s a nedvess\u00e9g jobb megtart\u00e1s\u00e1t, ami elengedhetetlen az olajbogy\u00f3termeszt\u00e9shez.<\/p>\n<p><strong><img decoding=\"async\" style=\"margin-right: 12px;\" src=\"https:\/\/www.ferberpainting.com\/wp-content\/uploads\/2026\/02\/Check.svg\" alt=\"\" width=\"18\" height=\"15\" \/>K\u00f6nnyen alkalmazhat\u00f3 \u00e9s er\u0151fesz\u00edt\u00e9s n\u00e9lk\u00fcli tr\u00e1gy\u00e1z\u00e1s.<\/strong>\u00a0A foly\u00e9kony m\u0171tr\u00e1gy\u00e1kkal ellent\u00e9tben, amelyek h\u00edg\u00edt\u00e1st ig\u00e9nyelnek, ez a m\u0171tr\u00e1gya k\u00f6zvetlen\u00fcl a talajba ker\u00fcl, bonyolult el\u0151k\u00e9sz\u00edt\u00e9s n\u00e9lk\u00fcl. Egyszer\u0171en csak ter\u00edtse sz\u00e9t a fa t\u00f6v\u00e9ben, \u00e9s enyh\u00e9n dolgozza be a talajba, hogy biztos\u00edtsa a t\u00e1panyagok optim\u00e1lis eloszl\u00e1s\u00e1t. Egyszer\u0171 \u00e9s gyors alkalmaz\u00e1si m\u00f3dszere egyar\u00e1nt alkalmas az amat\u0151r kert\u00e9szek \u00e9s a professzion\u00e1lis olajbogy\u00f3-termeszt\u0151k sz\u00e1m\u00e1ra.<\/p>\n<p><strong><img decoding=\"async\" style=\"margin-right: 12px;\" src=\"https:\/\/www.ferberpainting.com\/wp-content\/uploads\/2026\/02\/Check.svg\" alt=\"\" width=\"18\" height=\"15\" \/>Hosszan tart\u00f3 hat\u00e1s az ellen\u00e1ll\u00f3bb \u00e9s term\u0151k\u00e9pesebb olajf\u00e1k\u00e9rt.<\/strong>\u00a0Tart\u00f3s hat\u00e1s\u00e1nak k\u00f6sz\u00f6nhet\u0151en ez a m\u0171tr\u00e1gya folyamatos t\u00e1panyagell\u00e1t\u00e1st biztos\u00edt, amely nemcsak az \u00e1gak \u00e9s levelek n\u00f6veked\u00e9s\u00e9t, hanem a vir\u00e1gbimb\u00f3k kialakul\u00e1s\u00e1t \u00e9s a term\u00e9sk\u00e9pz\u0151d\u00e9st is serkenti. Jav\u00edtja az olajfa ellen\u00e1ll\u00f3 k\u00e9pess\u00e9g\u00e9t a neh\u00e9z \u00e9ghajlati viszonyokkal, p\u00e9ld\u00e1ul a sz\u00e1razs\u00e1ggal szemben, \u00e9s v\u00e9d az olyan gyakori betegs\u00e9gekkel szemben, mint a verticilliumos hervad\u00e1s vagy a korompen\u00e9sz.<\/p>\n<p><strong><img decoding=\"async\" style=\"margin-right: 12px;\" src=\"https:\/\/www.ferberpainting.com\/wp-content\/uploads\/2026\/02\/Check.svg\" alt=\"\" width=\"18\" height=\"15\" \/>L\u00e1that\u00f3 eredm\u00e9nyek az els\u0151 n\u00e9h\u00e1ny h\u00e9ten bel\u00fcl.<\/strong>\u00a0A m\u0171tr\u00e1gya alkalmaz\u00e1sa ut\u00e1n az olajf\u00e1k lombozata gyorsan s\u0171r\u0171bb \u00e9s z\u00f6ldebb lesz, \u00e1gaik er\u0151teljesebbek lesznek, \u00e9s vir\u00e1gz\u00e1suk is b\u0151s\u00e9gesebb lesz. N\u00e9h\u00e1ny h\u00f3nap alatt a term\u00e9sk\u00f6t\u00e9s fokoz\u00f3dik, az olajbogy\u00f3k nagyobbak, sz\u00e1mosabbak \u00e9s egyenletesebben eloszlanak a f\u00e1n, biztos\u00edtva a min\u0151s\u00e9gi term\u00e9st.<\/p>\n<h2><strong>Haszn\u00e1lati protokoll<\/strong><\/h2>\n<p><strong>Jelentkez\u00e9si id\u0151szak <\/strong>: \u00c9vente k\u00e9tszer, tavasszal (m\u00e1rcius-\u00e1prilis) \u00e9s k\u00e9s\u0151 ny\u00e1ron (szeptember-okt\u00f3ber) alkalmazza az olajf\u00e1k kiegyens\u00falyozott t\u00e1pl\u00e1l\u00e1s\u00e1nak \u00e9s optim\u00e1lis term\u00e9shozam\u00e1nak biztos\u00edt\u00e1sa \u00e9rdek\u00e9ben.<\/p>\n<p><strong>Aj\u00e1nlott adagol\u00e1s <\/strong>: Osszon ki f\u00e1nk\u00e9nt 200 g m\u0171tr\u00e1gy\u00e1t, azaz k\u00f6r\u00fclbel\u00fcl k\u00e9t mar\u00e9knyi tr\u00e1gy\u00e1t, a mennyis\u00e9get az olajfa m\u00e9ret\u00e9t\u0151l \u00e9s kor\u00e1t\u00f3l f\u00fcgg\u0151en kiss\u00e9 m\u00f3dos\u00edtva.<\/p>\n<p><strong>Alkalmaz\u00e1si m\u00f3dszer <\/strong>:<\/p>\n<ul>\n<li><strong>Ter\u00edt\u00e9s a f\u00f6ld\u00f6n <\/strong>: A m\u0171tr\u00e1gy\u00e1t a t\u00f6rzs k\u00f6r\u00fcl, a fa t\u00f6v\u00e9t\u0151l 30-50 cm-re k\u00f6rk\u00f6r\u00f6sen sz\u00f3rja ki, hogy a gy\u00f6kerek fokozatosan fel tudj\u00e1k sz\u00edvni a t\u00e1panyagokat.<\/li>\n<li><strong>F\u00e9ny be\u00e9p\u00edt\u00e9se <\/strong>: Egy gereblye vagy kapa seg\u00edts\u00e9g\u00e9vel enyh\u00e9n temesse be a m\u0171tr\u00e1gy\u00e1t a talaj felsz\u00edni r\u00e9teg\u00e9be (2-5 cm m\u00e9lyen), hogy megakad\u00e1lyozza a t\u00e1panyagok elp\u00e1rolg\u00e1s\u00e1t \u00e9s maximaliz\u00e1lja azok felsz\u00edv\u00f3d\u00e1s\u00e1t.<\/li>\n<\/ul>\n<p><strong>\u00d6nt\u00f6z\u00e9s a kijuttat\u00e1s ut\u00e1n <\/strong>: A kijuttat\u00e1s ut\u00e1n alaposan \u00f6nt\u00f6zze meg, hogy a t\u00e1panyagok diff\u00fazi\u00f3ja beinduljon, \u00e9s a gy\u00f6kerek gyorsan felsz\u00edv\u00f3djanak. Sz\u00e1raz id\u0151szakokban tartsa fenn a rendszeres \u00f6nt\u00f6z\u00e9st a m\u0171tr\u00e1gya hat\u00e1s\u00e1nak optimaliz\u00e1l\u00e1sa \u00e9rdek\u00e9ben.<\/p>\n<p><strong>Karbantart\u00e1s \u00e9s nyomon k\u00f6vet\u00e9s <\/strong>: Fiatal olajf\u00e1k vagy cserepes f\u00e1k eset\u00e9ben ny\u00e1ron (j\u00falius-augusztusban) egy tov\u00e1bbi alkalmaz\u00e1st lehet v\u00e9gezni a n\u00f6veked\u00e9s\u00fck fokoz\u00e1sa \u00e9s az olajbogy\u00f3-k\u00e9pz\u0151d\u00e9s jav\u00edt\u00e1sa \u00e9rdek\u00e9ben.<\/p>\n<p><strong>Haszn\u00e1lati \u00f3vint\u00e9zked\u00e9sek <\/strong>: Ne l\u00e9pje t\u00fal az aj\u00e1nlott adagokat, hogy elker\u00fclje a t\u00falzott t\u00e1panyagbevitelt, amely n\u00f6veked\u00e9si egyens\u00falyhi\u00e1nyt okozhat vagy gyeng\u00edtheti az \u00e1gakat. Ne alkalmazza fagyott talajra vagy intenz\u00edv sz\u00e1razs\u00e1g idej\u00e9n tov\u00e1bbi \u00f6nt\u00f6z\u00e9s n\u00e9lk\u00fcl.<\/p>\n<p><strong>T\u00e1rol\u00e1s \u00e9s meg\u0151rz\u00e9s <\/strong>: A m\u0171tr\u00e1gy\u00e1t h\u0171v\u00f6s, sz\u00e1raz, nedvess\u00e9gt\u0151l \u00e9s napf\u00e9nyt\u0151l v\u00e9dett helyen t\u00e1rolja. A term\u00e9k min\u0151s\u00e9g\u00e9nek meg\u0151rz\u00e9se \u00e9s a nedvess\u00e9g felsz\u00edv\u00f3d\u00e1s\u00e1nak megakad\u00e1lyoz\u00e1sa \u00e9rdek\u00e9ben minden haszn\u00e1lat ut\u00e1n gondosan z\u00e1rja vissza a zs\u00e1kot.<\/p>\n<p>Ezzel az olajfa-m\u0171tr\u00e1gy\u00e1val teljes \u00e9s kiegyens\u00falyozott t\u00e1pl\u00e1l\u00e1st biztos\u00edthat f\u00e1j\u00e1nak, el\u0151seg\u00edtve az er\u0151teljes n\u00f6veked\u00e9st, a b\u0151s\u00e9ges vir\u00e1gz\u00e1st \u00e9s a kiv\u00e9teles min\u0151s\u00e9g\u0171 olajbogy\u00f3-termel\u00e9st. Ez az ide\u00e1lis megold\u00e1s, hogy eg\u00e9sz \u00e9vben robusztus, ellen\u00e1ll\u00f3 \u00e9s termel\u00e9keny olajf\u00e1kat biztos\u00edtson.<\/p>","protected":false},"excerpt":{"rendered":"<p>A fertilizer specially designed for the growth and fruiting of olive trees.\u00a0This fertilizer for olive trees has been formulated to meet the specific needs of this emblematic Mediterranean tree. Thanks to its balanced NPK 10-10-10 composition, it provides the perfect dosage of nitrogen (N) to promote foliage development, phosphorus (P) for strong root growth, and [&hellip;]<\/p>\n","protected":false},"featured_media":26603,"comment_status":"open","ping_status":"closed","template":"","meta":{"_uag_custom_page_level_css":"","site-sidebar-layout":"default","site-content-layout":"","ast-site-content-layout":"default","site-content-style":"default","site-sidebar-style":"default","ast-global-header-display":"","ast-banner-title-visibility":"","ast-main-header-display":"","ast-hfb-above-header-display":"","ast-hfb-below-header-display":"","ast-hfb-mobile-header-display":"","site-post-title":"","ast-breadcrumbs-content":"","ast-featured-img":"","footer-sml-layout":"","ast-disable-related-posts":"","theme-transparent-header-meta":"default","adv-header-id-meta":"","stick-header-meta":"","header-above-stick-meta":"","header-main-stick-meta":"","header-below-stick-meta":"","astra-migrate-meta-layouts":"set","ast-page-background-enabled":"default","ast-page-background-meta":{"desktop":{"background-color":"var(--ast-global-color-4)","background-image":"","background-repeat":"repeat","background-position":"center center","background-size":"auto","background-attachment":"scroll","background-type":"","background-media":"","overlay-type":"","overlay-color":"","overlay-opacity":"","overlay-gradient":""},"tablet":{"background-color":"","background-image":"","background-repeat":"repeat","background-position":"center center","background-size":"auto","background-attachment":"scroll","background-type":"","background-media":"","overlay-type":"","overlay-color":"","overlay-opacity":"","overlay-gradient":""},"mobile":{"background-color":"","background-image":"","background-repeat":"repeat","background-position":"center center","background-size":"auto","background-attachment":"scroll","background-type":"","background-media":"","overlay-type":"","overlay-color":"","overlay-opacity":"","overlay-gradient":""}},"ast-content-background-meta":{"desktop":{"background-color":"var(--ast-global-color-5)","background-image":"","background-repeat":"repeat","background-position":"center center","background-size":"auto","background-attachment":"scroll","background-type":"","background-media":"","overlay-type":"","overlay-color":"","overlay-opacity":"","overlay-gradient":""},"tablet":{"background-color":"var(--ast-global-color-5)","background-image":"","background-repeat":"repeat","background-position":"center center","background-size":"auto","background-attachment":"scroll","background-type":"","background-media":"","overlay-type":"","overlay-color":"","overlay-opacity":"","overlay-gradient":""},"mobile":{"background-color":"var(--ast-global-color-5)","background-image":"","background-repeat":"repeat","background-position":"center center","background-size":"auto","background-attachment":"scroll","background-type":"","background-media":"","overlay-type":"","overlay-color":"","overlay-opacity":"","overlay-gradient":""}}},"product_brand":[],"product_cat":[178],"product_tag":[],"class_list":{"0":"post-24730","1":"product","2":"type-product","3":"status-publish","4":"has-post-thumbnail","6":"product_cat-fertilizers","7":"desktop-align-left","8":"tablet-align-left","9":"mobile-align-left","11":"first","12":"instock","13":"taxable","14":"shipping-taxable","15":"purchasable","16":"product-type-simple"},"spectra_custom_meta":{"_visibility":["visible"],"_shopify_product_id":["9065978265845"],"_s2w_shopify_domain":["ferberpainting.myshopify.com"],"_shopify_variant_id":["46501316198645"],"_sku":["FPOLIVETREEFERTILIZER25KG"],"_regular_price":["39.90"],"_price":["39.90"],"_sale_price":[""],"_weight":["18.5"],"_thumbnail_id":["26603"],"_global_unique_id":["5056773817098"],"total_sales":["59"],"_tax_status":["taxable"],"_tax_class":[""],"_manage_stock":["no"],"_backorders":["no"],"_sold_individually":["no"],"_virtual":["no"],"_downloadable":["no"],"_download_limit":["-1"],"_download_expiry":["-1"],"_stock":[null],"_stock_status":["instock"],"_wc_average_rating":["4.94"],"_wc_review_count":["18"],"_product_version":["10.5.1"],"_wc_rating_count":["a:2:{i:4;i:1;i:5;i:17;}"],"_edit_lock":["1771191602:1"],"merchant-center-availability":["yes"],"merchant-center-category":["113"],"_edit_last":["1"],"_wp_page_template":["default"],"site-sidebar-layout":["default"],"ast-site-content-layout":["default"],"site-content-style":["default"],"site-sidebar-style":["default"],"theme-transparent-header-meta":["default"],"astra-migrate-meta-layouts":["set"],"_uag_css_file_name":["uag-css-24730.css"],"_elementor_page_assets":["a:0:{}"],"_uag_page_assets":["a:9:{s:3:\"css\";s:7133:\".uag-blocks-common-selector{z-index:var(--z-index-desktop) !important}@media(max-width: 976px){.uag-blocks-common-selector{z-index:var(--z-index-tablet) !important}}@media(max-width: 767px){.uag-blocks-common-selector{z-index:var(--z-index-mobile) !important}}.wp-block-uagb-image{display:flex}.wp-block-uagb-image__figure{position:relative;display:flex;flex-direction:column;max-width:100%;height:auto;margin:0}.wp-block-uagb-image__figure img{height:auto;display:flex;max-width:100%;transition:box-shadow .2s ease}.wp-block-uagb-image__figure>a{display:inline-block}.wp-block-uagb-image__figure figcaption{text-align:center;margin-top:.5em;margin-bottom:1em}.wp-block-uagb-image .components-placeholder.block-editor-media-placeholder .components-placeholder__instructions{align-self:center}.wp-block-uagb-image--align-left{text-align:left}.wp-block-uagb-image--align-right{text-align:right}.wp-block-uagb-image--align-center{text-align:center}.wp-block-uagb-image--align-full .wp-block-uagb-image__figure{margin-left:calc(50% - 50vw);margin-right:calc(50% - 50vw);max-width:100vw;width:100vw;height:auto}.wp-block-uagb-image--align-full .wp-block-uagb-image__figure img{height:auto;width:100% !important}.wp-block-uagb-image--align-wide .wp-block-uagb-image__figure img{height:auto;width:100%}.wp-block-uagb-image--layout-overlay__color-wrapper{position:absolute;left:0;top:0;right:0;bottom:0;opacity:.2;background:rgba(0,0,0,.5);transition:opacity .35s ease-in-out}.wp-block-uagb-image--layout-overlay-link{position:absolute;left:0;right:0;bottom:0;top:0}.wp-block-uagb-image--layout-overlay .wp-block-uagb-image__figure:hover .wp-block-uagb-image--layout-overlay__color-wrapper{opacity:1}.wp-block-uagb-image--layout-overlay__inner{position:absolute;left:15px;right:15px;bottom:15px;top:15px;display:flex;align-items:center;justify-content:center;flex-direction:column;border-color:#fff;transition:.35s ease-in-out}.wp-block-uagb-image--layout-overlay__inner.top-left,.wp-block-uagb-image--layout-overlay__inner.top-center,.wp-block-uagb-image--layout-overlay__inner.top-right{justify-content:flex-start}.wp-block-uagb-image--layout-overlay__inner.bottom-left,.wp-block-uagb-image--layout-overlay__inner.bottom-center,.wp-block-uagb-image--layout-overlay__inner.bottom-right{justify-content:flex-end}.wp-block-uagb-image--layout-overlay__inner.top-left,.wp-block-uagb-image--layout-overlay__inner.center-left,.wp-block-uagb-image--layout-overlay__inner.bottom-left{align-items:flex-start}.wp-block-uagb-image--layout-overlay__inner.top-right,.wp-block-uagb-image--layout-overlay__inner.center-right,.wp-block-uagb-image--layout-overlay__inner.bottom-right{align-items:flex-end}.wp-block-uagb-image--layout-overlay__inner .uagb-image-heading{color:#fff;transition:transform .35s,opacity .35s ease-in-out;transform:translate3d(0, 24px, 0);margin:0;line-height:1em}.wp-block-uagb-image--layout-overlay__inner .uagb-image-separator{width:30%;border-top-width:2px;border-top-color:#fff;border-top-style:solid;margin-bottom:10px;opacity:0;transition:transform .4s,opacity .4s ease-in-out;transform:translate3d(0, 30px, 0)}.wp-block-uagb-image--layout-overlay__inner .uagb-image-caption{opacity:0;overflow:visible;color:#fff;transition:transform .45s,opacity .45s ease-in-out;transform:translate3d(0, 35px, 0)}.wp-block-uagb-image--layout-overlay__inner:hover .uagb-image-heading,.wp-block-uagb-image--layout-overlay__inner:hover .uagb-image-separator,.wp-block-uagb-image--layout-overlay__inner:hover .uagb-image-caption{opacity:1;transform:translate3d(0, 0, 0)}.wp-block-uagb-image--effect-zoomin .wp-block-uagb-image__figure img,.wp-block-uagb-image--effect-zoomin .wp-block-uagb-image__figure .wp-block-uagb-image--layout-overlay__color-wrapper{transform:scale(1);transition:transform .35s ease-in-out}.wp-block-uagb-image--effect-zoomin .wp-block-uagb-image__figure:hover img,.wp-block-uagb-image--effect-zoomin .wp-block-uagb-image__figure:hover .wp-block-uagb-image--layout-overlay__color-wrapper{transform:scale(1.05)}.wp-block-uagb-image--effect-slide .wp-block-uagb-image__figure img,.wp-block-uagb-image--effect-slide .wp-block-uagb-image__figure .wp-block-uagb-image--layout-overlay__color-wrapper{width:calc(100% + 40px) !important;max-width:none !important;transform:translate3d(-40px, 0, 0);transition:transform .35s ease-in-out}.wp-block-uagb-image--effect-slide .wp-block-uagb-image__figure:hover img,.wp-block-uagb-image--effect-slide .wp-block-uagb-image__figure:hover .wp-block-uagb-image--layout-overlay__color-wrapper{transform:translate3d(0, 0, 0)}.wp-block-uagb-image--effect-grayscale img{filter:grayscale(0%);transition:.35s ease-in-out}.wp-block-uagb-image--effect-grayscale:hover img{filter:grayscale(100%)}.wp-block-uagb-image--effect-blur img{filter:blur(0);transition:.35s ease-in-out}.wp-block-uagb-image--effect-blur:hover img{filter:blur(3px)}.uagb-block-e6f939b3.wp-block-uagb-image--layout-default figure img{box-shadow: 0px 0px 0 #00000070;}.uagb-block-e6f939b3.wp-block-uagb-image .wp-block-uagb-image__figure figcaption{font-style: normal;align-self: center;}.uagb-block-e6f939b3.wp-block-uagb-image--layout-overlay figure img{box-shadow: 0px 0px 0 #00000070;}.uagb-block-e6f939b3.wp-block-uagb-image--layout-overlay .wp-block-uagb-image--layout-overlay__color-wrapper{opacity: 0.2;}.uagb-block-e6f939b3.wp-block-uagb-image--layout-overlay .wp-block-uagb-image--layout-overlay__inner{left: 15px;right: 15px;top: 15px;bottom: 15px;}.uagb-block-e6f939b3.wp-block-uagb-image--layout-overlay .wp-block-uagb-image--layout-overlay__inner .uagb-image-heading{font-style: normal;color: #fff;opacity: 1;}.uagb-block-e6f939b3.wp-block-uagb-image--layout-overlay .wp-block-uagb-image--layout-overlay__inner .uagb-image-heading a{color: #fff;}.uagb-block-e6f939b3.wp-block-uagb-image--layout-overlay .wp-block-uagb-image--layout-overlay__inner .uagb-image-caption{opacity: 0;}.uagb-block-e6f939b3.wp-block-uagb-image--layout-overlay .wp-block-uagb-image__figure:hover .wp-block-uagb-image--layout-overlay__color-wrapper{opacity: 1;}.uagb-block-e6f939b3.wp-block-uagb-image .wp-block-uagb-image--layout-overlay__inner .uagb-image-separator{width: 30%;border-top-width: 2px;border-top-color: #fff;opacity: 0;}.uagb-block-e6f939b3.wp-block-uagb-image .wp-block-uagb-image__figure img{width: px;height: auto;}.uagb-block-e6f939b3.wp-block-uagb-image .wp-block-uagb-image__figure:hover .wp-block-uagb-image--layout-overlay__inner .uagb-image-caption{opacity: 1;}.uagb-block-e6f939b3.wp-block-uagb-image .wp-block-uagb-image__figure:hover .wp-block-uagb-image--layout-overlay__inner .uagb-image-separator{opacity: 1;}.uagb-block-e6f939b3.wp-block-uagb-image--layout-default figure:hover img{box-shadow: 0px 0px 0 #00000070;}.uagb-block-e6f939b3.wp-block-uagb-image--layout-overlay figure:hover img{box-shadow: 0px 0px 0 #00000070;}@media only screen and (max-width: 976px) {.uagb-block-e6f939b3.wp-block-uagb-image .wp-block-uagb-image__figure img{width: px;height: auto;}}@media only screen and (max-width: 767px) {.uagb-block-e6f939b3.wp-block-uagb-image .wp-block-uagb-image__figure img{width: px;height: auto;}}\";s:2:\"js\";s:0:\"\";s:18:\"current_block_list\";a:13:{i:0;s:11:\"core\/search\";i:1;s:10:\"core\/group\";i:2;s:12:\"core\/heading\";i:3;s:17:\"core\/latest-posts\";i:4;s:20:\"core\/latest-comments\";i:5;s:13:\"core\/archives\";i:6;s:15:\"core\/categories\";i:7;s:14:\"core\/paragraph\";i:8;s:10:\"uagb\/image\";i:9;s:11:\"core\/spacer\";i:10;s:30:\"woocommerce\/product-categories\";i:11;s:10:\"core\/image\";i:12;s:14:\"core\/shortcode\";}s:8:\"uag_flag\";b:1;s:11:\"uag_version\";s:10:\"1777357595\";s:6:\"gfonts\";a:0:{}s:10:\"gfonts_url\";s:0:\"\";s:12:\"gfonts_files\";a:0:{}s:14:\"uag_faq_layout\";b:0;}"]},"uagb_featured_image_src":{"full":["https:\/\/www.ferberpainting.com\/wp-content\/uploads\/2025\/05\/OliveTreeFertilizer.png",2560,2560,false],"thumbnail":["https:\/\/www.ferberpainting.com\/wp-content\/uploads\/2025\/05\/OliveTreeFertilizer-150x150.png",150,150,true],"medium":["https:\/\/www.ferberpainting.com\/wp-content\/uploads\/2025\/05\/OliveTreeFertilizer-300x300.png",300,300,true],"medium_large":["https:\/\/www.ferberpainting.com\/wp-content\/uploads\/2025\/05\/OliveTreeFertilizer-768x768.png",768,768,true],"large":["https:\/\/www.ferberpainting.com\/wp-content\/uploads\/2025\/05\/OliveTreeFertilizer-1024x1024.png",1024,1024,true],"1536x1536":["https:\/\/www.ferberpainting.com\/wp-content\/uploads\/2025\/05\/OliveTreeFertilizer-1536x1536.png",1536,1536,true],"2048x2048":["https:\/\/www.ferberpainting.com\/wp-content\/uploads\/2025\/05\/OliveTreeFertilizer-2048x2048.png",2048,2048,true],"trp-custom-language-flag":["https:\/\/www.ferberpainting.com\/wp-content\/uploads\/2025\/05\/OliveTreeFertilizer-12x12.png",12,12,true],"woocommerce_thumbnail":["https:\/\/www.ferberpainting.com\/wp-content\/uploads\/2025\/05\/OliveTreeFertilizer-300x300.png",300,300,true],"woocommerce_single":["https:\/\/www.ferberpainting.com\/wp-content\/uploads\/2025\/05\/OliveTreeFertilizer-600x600.png",600,600,true],"woocommerce_gallery_thumbnail":["https:\/\/www.ferberpainting.com\/wp-content\/uploads\/2025\/05\/OliveTreeFertilizer-100x100.png",100,100,true]},"uagb_author_info":{"display_name":"admin","author_link":"https:\/\/www.ferberpainting.com\/hu\/author\/"},"uagb_comment_info":18,"uagb_excerpt":"A fertilizer specially designed for the growth and fruiting of olive trees.\u00a0This fertilizer for olive trees has been formulated to meet the specific needs of this emblematic Mediterranean tree. Thanks to its balanced NPK 10-10-10 composition, it provides the perfect dosage of nitrogen (N) to promote foliage development, phosphorus (P) for strong root growth, and&hellip;","_links":{"self":[{"href":"https:\/\/www.ferberpainting.com\/hu\/wp-json\/wp\/v2\/product\/24730","targetHints":{"allow":["GET"]}}],"collection":[{"href":"https:\/\/www.ferberpainting.com\/hu\/wp-json\/wp\/v2\/product"}],"about":[{"href":"https:\/\/www.ferberpainting.com\/hu\/wp-json\/wp\/v2\/types\/product"}],"replies":[{"embeddable":true,"href":"https:\/\/www.ferberpainting.com\/hu\/wp-json\/wp\/v2\/comments?post=24730"}],"version-history":[{"count":5,"href":"https:\/\/www.ferberpainting.com\/hu\/wp-json\/wp\/v2\/product\/24730\/revisions"}],"predecessor-version":[{"id":166637,"href":"https:\/\/www.ferberpainting.com\/hu\/wp-json\/wp\/v2\/product\/24730\/revisions\/166637"}],"wp:featuredmedia":[{"embeddable":true,"href":"https:\/\/www.ferberpainting.com\/hu\/wp-json\/wp\/v2\/media\/26603"}],"wp:attachment":[{"href":"https:\/\/www.ferberpainting.com\/hu\/wp-json\/wp\/v2\/media?parent=24730"}],"wp:term":[{"taxonomy":"product_brand","embeddable":true,"href":"https:\/\/www.ferberpainting.com\/hu\/wp-json\/wp\/v2\/product_brand?post=24730"},{"taxonomy":"product_cat","embeddable":true,"href":"https:\/\/www.ferberpainting.com\/hu\/wp-json\/wp\/v2\/product_cat?post=24730"},{"taxonomy":"product_tag","embeddable":true,"href":"https:\/\/www.ferberpainting.com\/hu\/wp-json\/wp\/v2\/product_tag?post=24730"}],"curies":[{"name":"wp","href":"https:\/\/api.w.org\/{rel}","templated":true}]}}