{"id":24727,"date":"2025-05-26T10:26:49","date_gmt":"2025-05-26T08:26:49","guid":{"rendered":"https:\/\/www.ferberpainting.com\/products\/oleander-fertilizer\/"},"modified":"2026-02-15T22:37:57","modified_gmt":"2026-02-15T21:37:57","slug":"oleander-fertilizer","status":"publish","type":"product","link":"https:\/\/www.ferberpainting.com\/hu\/products\/oleander-fertilizer\/","title":{"rendered":"Leander m\u0171tr\u00e1gya"},"content":{"rendered":"<p><strong><img decoding=\"async\" style=\"margin-right: 12px;\" src=\"https:\/\/www.ferberpainting.com\/wp-content\/uploads\/2026\/02\/Check.svg\" alt=\"\" width=\"18\" height=\"15\" \/>Kifejezetten b\u0151s\u00e9ges vir\u00e1gz\u00e1shoz \u00e9s d\u00fas lombozathoz tervezett m\u0171tr\u00e1gya.<\/strong>\u00a0Az oleander egy mediterr\u00e1n cserje, amelyet sz\u00ednes vir\u00e1gai\u00e9rt \u00e9s \u00f6r\u00f6kz\u00f6ld lombozat\u00e1\u00e9rt kedvelnek. Az er\u0151teljes n\u00f6veked\u00e9s \u00e9s a ragyog\u00f3 vir\u00e1gz\u00e1s fenntart\u00e1s\u00e1hoz eg\u00e9sz szezonban kiegyens\u00falyozott \u00e9s alapvet\u0151 t\u00e1panyagell\u00e1t\u00e1sra van sz\u00fcks\u00e9ge. Ez az NPK 15-15-15 m\u0171tr\u00e1gya biztos\u00edtja az optim\u00e1lis tr\u00e1gy\u00e1z\u00e1st a d\u00fas, \u00e9l\u00e9nk lombozat fejl\u0151d\u00e9s\u00e9hez sz\u00fcks\u00e9ges nitrog\u00e9n (N), a m\u00e9lyen gy\u00f6kerez\u0151 \u00e9s b\u0151s\u00e9ges vir\u00e1gz\u00e1shoz sz\u00fcks\u00e9ges foszfor (P), valamint a betegs\u00e9gekkel szembeni ellen\u00e1ll\u00f3 k\u00e9pess\u00e9g fokoz\u00e1s\u00e1hoz \u00e9s a neh\u00e9z \u00e9ghajlati k\u00f6r\u00fclm\u00e9nyekkel val\u00f3 megbirk\u00f3z\u00e1shoz sz\u00fcks\u00e9ges k\u00e1lium (K) biztos\u00edt\u00e1s\u00e1val. Ennek a kiegyens\u00falyozott kombin\u00e1ci\u00f3nak k\u00f6sz\u00f6nhet\u0151en az oleander harmonikus n\u00f6veked\u00e9snek \u00e9s b\u0151s\u00e9ges vir\u00e1gz\u00e1snak \u00f6rvend.<\/p>\n<p><strong><img decoding=\"async\" style=\"margin-right: 12px;\" src=\"https:\/\/www.ferberpainting.com\/wp-content\/uploads\/2026\/02\/Check.svg\" alt=\"\" width=\"18\" height=\"15\" \/>P\u00e9nzvisszafizet\u00e9si garancia.<\/strong>\u00a0Teljes m\u00e9rt\u00e9kben megb\u00edzunk az oleander m\u0171tr\u00e1gy\u00e1nk hat\u00e9konys\u00e1g\u00e1ban, ez\u00e9rt p\u00e9nzvisszafizet\u00e9si garanci\u00e1t v\u00e1llalunk. Ha az aj\u00e1nl\u00e1soknak megfelel\u0151 haszn\u00e1lat ut\u00e1n az oleander nem mutat jelent\u0151s javul\u00e1st a n\u00f6veked\u00e9s, a vir\u00e1gz\u00e1s vagy a betegs\u00e9gekkel szembeni ellen\u00e1ll\u00f3 k\u00e9pess\u00e9g ter\u00e9n, akkor v\u00e1llaljuk, hogy visszat\u00e9r\u00edtj\u00fck az \u00e1r\u00e1t. \u00cdgy nyugodt sz\u00edvvel v\u00e1s\u00e1rolhatja meg ezt a term\u00e9ket.<\/p>\n<p><strong><img decoding=\"async\" style=\"margin-right: 12px;\" src=\"https:\/\/www.ferberpainting.com\/wp-content\/uploads\/2026\/02\/Check.svg\" alt=\"\" width=\"18\" height=\"15\" \/>Alkalmas minden fajt\u00e1hoz \u00e9s termeszt\u00e9si m\u00f3dhoz.<\/strong>\u00a0Ez a m\u0171tr\u00e1gya mindenf\u00e9le oleandert\u00edpushoz alkalmas, f\u00fcggetlen\u00fcl a vir\u00e1gsz\u00ednt\u0151l (r\u00f3zsasz\u00edn, feh\u00e9r, piros, s\u00e1rga, lazacsz\u00edn\u0171). Ide\u00e1lis szabadf\u00f6ld\u00f6n, cser\u00e9pben, \u00fcltet\u0151ed\u00e9nyben vagy s\u00f6v\u00e9nyben nevelt n\u00f6v\u00e9nyekhez, optim\u00e1lis tr\u00e1gy\u00e1z\u00e1st biztos\u00edt, b\u00e1rmilyen termeszt\u00e9si m\u00f3dot is alkalmazunk. Emellett minden talajt\u00edpushoz alkalmazkodik, legyen az meszes, agyagos, homokos vagy humuszban gazdag, \u00e9s jav\u00edtja a talaj szerkezet\u00e9t, mivel megk\u00f6nny\u00edti a t\u00e1panyagok gy\u00f6kerek \u00e1ltali felsz\u00edv\u00f3d\u00e1s\u00e1t.<\/p>\n<p><strong><img decoding=\"async\" style=\"margin-right: 12px;\" src=\"https:\/\/www.ferberpainting.com\/wp-content\/uploads\/2026\/02\/Check.svg\" alt=\"\" width=\"18\" height=\"15\" \/>K\u00f6lts\u00e9ghat\u00e9kony \u00e9s tart\u00f3s tr\u00e1gy\u00e1z\u00e1s.<\/strong>\u00a0Koncentr\u00e1lt foly\u00e9kony formul\u00e1j\u00e1nak k\u00f6sz\u00f6nhet\u0151en egy 5 literes kann\u00e1b\u00f3l ak\u00e1r 1000 liter m\u0171tr\u00e1gyaoldat is elk\u00e9sz\u00edthet\u0151, \u00edgy biztos\u00edtva a hosszan tart\u00f3 \u00e9s gazdas\u00e1gos felhaszn\u00e1l\u00e1st. A literenk\u00e9nt 5 ml-es adagol\u00e1ssal rendszeres \u00e9s kiegyens\u00falyozott t\u00e1panyagbevitelt biztos\u00edt, elker\u00fclve a hi\u00e1nyt \u00e9s optimaliz\u00e1lva az oleander n\u00f6veked\u00e9s\u00e9t \u00e9s vir\u00e1gz\u00e1s\u00e1t, felesleg \u00e9s pazarl\u00e1s n\u00e9lk\u00fcl.<\/p>\n<p><strong><img decoding=\"async\" style=\"margin-right: 12px;\" src=\"https:\/\/www.ferberpainting.com\/wp-content\/uploads\/2026\/02\/Check.svg\" alt=\"\" width=\"18\" height=\"15\" \/>Biztons\u00e1gos \u00e9s k\u00f6rnyezetbar\u00e1t m\u0171tr\u00e1gya.<\/strong>\u00a0A durva vegyi anyagok n\u00e9lk\u00fcl k\u00e9sz\u00fclt m\u0171tr\u00e1gya tiszteletben tartja a talaj egyens\u00faly\u00e1t \u00e9s t\u00e1mogatja a biol\u00f3giai sokf\u00e9les\u00e9get. Nem tartalmaz olyan m\u00e9rgez\u0151 elemeket, amelyek k\u00e1ros\u00edthatn\u00e1k a beporz\u00f3 rovarokat vagy a hasznos talajmikroorganizmusokat. A h\u00e1zi\u00e1llatok \u00e9s a gyermekek sz\u00e1m\u00e1ra is biztons\u00e1gos, \u00edgy a kertben, a teraszon vagy az erk\u00e9lyen is biztons\u00e1gosan haszn\u00e1lhat\u00f3.<\/p>\n<p><strong><img decoding=\"async\" style=\"margin-right: 12px;\" src=\"https:\/\/www.ferberpainting.com\/wp-content\/uploads\/2026\/02\/Check.svg\" alt=\"\" width=\"18\" height=\"15\" \/>K\u00f6nny\u0171 kijuttat\u00e1s \u00e9s f\u00e1rads\u00e1gmentes tr\u00e1gy\u00e1z\u00e1s.<\/strong>\u00a0A szemcs\u00e9s m\u0171tr\u00e1gy\u00e1kkal ellent\u00e9tben, amelyek apr\u00f3l\u00e9kos sz\u00f3r\u00e1st ig\u00e9nyelnek, ez a m\u0171tr\u00e1gya azonnal felh\u00edgul a v\u00edzben, \u00e9s \u00f6nt\u00f6z\u00e9ssel vagy lombpermetez\u00e9ssel juttathat\u00f3 ki, biztos\u00edtva a n\u00f6v\u00e9nyek gyors \u00e9s hat\u00e9kony felsz\u00edv\u00f3d\u00e1s\u00e1t. Egyszer\u0171 \u00e9s gyors haszn\u00e1lata az amat\u0151r kert\u00e9szek \u00e9s a tapasztalt kert\u00e9szek sz\u00e1m\u00e1ra is vonz\u00f3, mivel neh\u00e9zs\u00e9g n\u00e9lk\u00fcl lehet\u0151v\u00e9 teszi az optim\u00e1lis tr\u00e1gy\u00e1z\u00e1st.<\/p>\n<p><strong><img decoding=\"async\" style=\"margin-right: 12px;\" src=\"https:\/\/www.ferberpainting.com\/wp-content\/uploads\/2026\/02\/Check.svg\" alt=\"\" width=\"18\" height=\"15\" \/>Hosszan tart\u00f3 hat\u00e1s a folyamatos n\u00f6veked\u00e9s\u00e9rt \u00e9s az er\u0151s ellen\u00e1ll\u00e1s\u00e9rt.<\/strong>\u00a0Fokozatos t\u00e1panyag-lead\u00e1s\u00e1nak k\u00f6sz\u00f6nhet\u0151en ez a m\u0171tr\u00e1gya t\u00f6bb h\u00e9ten \u00e1t t\u00e1pl\u00e1lja az oleandert, biztos\u00edtva az er\u0151teljes vir\u00e1gz\u00e1st \u00e9s a s\u0171r\u0171, d\u00fas lombozatot. Seg\u00edt tov\u00e1bb\u00e1 meger\u0151s\u00edteni a n\u00f6v\u00e9nyt a betegs\u00e9gekkel, k\u00e1rtev\u0151kkel \u00e9s sz\u00e9ls\u0151s\u00e9ges id\u0151j\u00e1r\u00e1si k\u00f6r\u00fclm\u00e9nyekkel, p\u00e9ld\u00e1ul a sz\u00e1razs\u00e1ggal vagy a k\u00e9s\u0151i fagyokkal szemben.<\/p>\n<p><strong><img decoding=\"async\" style=\"margin-right: 12px;\" src=\"https:\/\/www.ferberpainting.com\/wp-content\/uploads\/2026\/02\/Check.svg\" alt=\"\" width=\"18\" height=\"15\" \/>L\u00e1that\u00f3 eredm\u00e9nyek az els\u0151 n\u00e9h\u00e1ny h\u00e9ten bel\u00fcl.<\/strong>\u00a0Ez a m\u0171tr\u00e1gya m\u00e1r az els\u0151 alkalmaz\u00e1st\u00f3l kezdve serkenti az \u00faj hajt\u00e1sok megjelen\u00e9s\u00e9t, jav\u00edtja a vir\u00e1gsz\u00ednt \u00e9s a lev\u00e9ls\u0171r\u0171s\u00e9get. N\u00e9h\u00e1ny h\u00e9ten bel\u00fcl az oleander er\u0151teljesebbnek fog t\u0171nni, b\u0151s\u00e9ges vir\u00e1gz\u00e1ssal \u00e9s s\u0171r\u0171bb, f\u00e9nyesebb lombozattal, ami az eg\u00e9sz szezonban fokozza kertje vagy erk\u00e9lye sz\u00e9ps\u00e9g\u00e9t.<\/p>\n<h2><strong>Haszn\u00e1lati protokoll<\/strong><\/h2>\n<p><strong>M\u0171tr\u00e1gya h\u00edg\u00edt\u00e1sa <\/strong>: Keverjen \u00f6ssze 5 ml m\u0171tr\u00e1gy\u00e1t 1 liter v\u00edzhez. Minden egyes kijuttat\u00e1s el\u0151tt j\u00f3l r\u00e1zza fel az oldatot a t\u00e1panyagok egyenletes eloszl\u00e1s\u00e1nak biztos\u00edt\u00e1sa \u00e9rdek\u00e9ben.<\/p>\n<p><strong>Alkalmaz\u00e1si m\u00f3dszer <\/strong>:<\/p>\n<ul>\n<li><strong>\u00d6nt\u00f6z\u00e9ssel <\/strong>: \u00d6ntse a h\u00edg\u00edtott oldatot k\u00f6zvetlen\u00fcl az oleander t\u00f6v\u00e9be, \u00fcgyelve arra, hogy a t\u00e1panyag elfoly\u00e1s\u00e1nak elker\u00fcl\u00e9se \u00e9rdek\u00e9ben a talajt j\u00f3l, felesleg n\u00e9lk\u00fcl nedves\u00edtse meg.<\/li>\n<li><strong>Lombpermetez\u00e9ssel (nem k\u00f6telez\u0151) <\/strong>: Az oldatot enyh\u00e9n permetezze a levelekre \u00e9s a sz\u00e1rakra, kora reggel vagy k\u00e9s\u0151 este, hogy a felsz\u00edv\u00f3d\u00e1s a lehet\u0151 legnagyobb legyen, a t\u00falzott p\u00e1rolg\u00e1s vesz\u00e9lye n\u00e9lk\u00fcl.<\/li>\n<\/ul>\n<p><strong>Alkalmaz\u00e1si gyakoris\u00e1g <\/strong>:<\/p>\n<ul>\n<li><strong>A n\u00f6veked\u00e9si \u00e9s vir\u00e1gz\u00e1si id\u0151szakban (tavasz-ny\u00e1r) <\/strong>: A folyamatos vir\u00e1gz\u00e1s \u00e9s az optim\u00e1lis n\u00f6veked\u00e9s \u00e9rdek\u00e9ben k\u00e9thetente alkalmazza a m\u0171tr\u00e1gy\u00e1t.<\/li>\n<li><strong>A nyugalmi id\u0151szakban (\u0151szi-t\u00e9li) <\/strong>: Cs\u00f6kkentse a gyakoris\u00e1got havonta egyszerre, hogy a n\u00f6v\u00e9ny er\u0151ss\u00e9g\u00e9t a t\u00falzott n\u00f6veked\u00e9s \u00f6szt\u00f6nz\u00e9se n\u00e9lk\u00fcl fenntartsa.<\/li>\n<\/ul>\n<p><strong>Kieg\u00e9sz\u00edt\u0151 \u00f6nt\u00f6z\u00e9s <\/strong>: A m\u0171tr\u00e1gya kijuttat\u00e1sa ut\u00e1n v\u00e1rjon 48 \u00f3r\u00e1t az \u00fajabb \u00f6nt\u00f6z\u00e9ssel, hogy a gy\u00f6kerek optim\u00e1lisan felsz\u00edvhass\u00e1k a t\u00e1panyagokat.<\/p>\n<p><strong>Haszn\u00e1lati \u00f3vint\u00e9zked\u00e9sek <\/strong>: Ne l\u00e9pje t\u00fal az aj\u00e1nlott d\u00f3zisokat, hogy elker\u00fclje az \u00e1sv\u00e1nyi s\u00f3k t\u00falzott felhalmoz\u00f3d\u00e1s\u00e1t az aljzatban, ami lelass\u00edthatja az oleander n\u00f6veked\u00e9s\u00e9t. Az optim\u00e1lis t\u00e1panyag-asszimil\u00e1ci\u00f3 biztos\u00edt\u00e1sa \u00e9rdek\u00e9ben csak enyh\u00e9n nedves talajra alkalmazza.<\/p>\n<p><strong>T\u00e1rol\u00e1s \u00e9s konzerv\u00e1l\u00e1s <\/strong>: A m\u0171tr\u00e1gy\u00e1t sz\u00e1raz \u00e9s m\u00e9rs\u00e9kelt h\u0151m\u00e9rs\u00e9klet\u0171, f\u00e9nyt\u0151l \u00e9s nedvess\u00e9gt\u0151l v\u00e9dett helyen t\u00e1rolja. A term\u00e9k hat\u00e9konys\u00e1g\u00e1nak meg\u0151rz\u00e9se \u00e9s a p\u00e1rolg\u00e1s elker\u00fcl\u00e9se \u00e9rdek\u00e9ben minden haszn\u00e1lat ut\u00e1n z\u00e1rja le \u00fajra szorosan a dobozt.<\/p>\n<p>Ezzel az oleander sz\u00e1m\u00e1ra k\u00e9sz\u00fclt m\u0171tr\u00e1gy\u00e1val teljes k\u00f6r\u0171 \u00e9s egyedi ig\u00e9nyeihez igaz\u00edtott t\u00e1poldatoz\u00e1st biztos\u00edthat cserj\u00e9j\u00e9nek, amely er\u0151teljes n\u00f6veked\u00e9st, l\u00e1tv\u00e1nyos vir\u00e1gz\u00e1st \u00e9s jobb ellen\u00e1ll\u00e1st biztos\u00edt a k\u00fcls\u0151 k\u00f6r\u00fclm\u00e9nyekkel szemben. Ez az ide\u00e1lis megold\u00e1s, hogy kertj\u00e9t, terasz\u00e1t vagy erk\u00e9ly\u00e9t eg\u00e9sz \u00e9vben d\u00fas, eg\u00e9szs\u00e9ges oleanderrel gazdag\u00edtsa.<\/p>","protected":false},"excerpt":{"rendered":"<p>A fertilizer specially designed for abundant blooming and lush foliage.\u00a0Oleander is a Mediterranean shrub appreciated for its colorful flowers and evergreen foliage. To maintain vigorous growth and radiant flowering throughout the season, it needs a balanced and essential nutrient supply. This NPK 15-15-15 fertilizer ensures optimal fertilization by providing nitrogen (N) necessary for the development [&hellip;]<\/p>\n","protected":false},"featured_media":26601,"comment_status":"open","ping_status":"closed","template":"","meta":{"_uag_custom_page_level_css":"","site-sidebar-layout":"default","site-content-layout":"","ast-site-content-layout":"default","site-content-style":"default","site-sidebar-style":"default","ast-global-header-display":"","ast-banner-title-visibility":"","ast-main-header-display":"","ast-hfb-above-header-display":"","ast-hfb-below-header-display":"","ast-hfb-mobile-header-display":"","site-post-title":"","ast-breadcrumbs-content":"","ast-featured-img":"","footer-sml-layout":"","ast-disable-related-posts":"","theme-transparent-header-meta":"default","adv-header-id-meta":"","stick-header-meta":"","header-above-stick-meta":"","header-main-stick-meta":"","header-below-stick-meta":"","astra-migrate-meta-layouts":"set","ast-page-background-enabled":"default","ast-page-background-meta":{"desktop":{"background-color":"var(--ast-global-color-4)","background-image":"","background-repeat":"repeat","background-position":"center center","background-size":"auto","background-attachment":"scroll","background-type":"","background-media":"","overlay-type":"","overlay-color":"","overlay-opacity":"","overlay-gradient":""},"tablet":{"background-color":"","background-image":"","background-repeat":"repeat","background-position":"center center","background-size":"auto","background-attachment":"scroll","background-type":"","background-media":"","overlay-type":"","overlay-color":"","overlay-opacity":"","overlay-gradient":""},"mobile":{"background-color":"","background-image":"","background-repeat":"repeat","background-position":"center center","background-size":"auto","background-attachment":"scroll","background-type":"","background-media":"","overlay-type":"","overlay-color":"","overlay-opacity":"","overlay-gradient":""}},"ast-content-background-meta":{"desktop":{"background-color":"var(--ast-global-color-5)","background-image":"","background-repeat":"repeat","background-position":"center center","background-size":"auto","background-attachment":"scroll","background-type":"","background-media":"","overlay-type":"","overlay-color":"","overlay-opacity":"","overlay-gradient":""},"tablet":{"background-color":"var(--ast-global-color-5)","background-image":"","background-repeat":"repeat","background-position":"center center","background-size":"auto","background-attachment":"scroll","background-type":"","background-media":"","overlay-type":"","overlay-color":"","overlay-opacity":"","overlay-gradient":""},"mobile":{"background-color":"var(--ast-global-color-5)","background-image":"","background-repeat":"repeat","background-position":"center center","background-size":"auto","background-attachment":"scroll","background-type":"","background-media":"","overlay-type":"","overlay-color":"","overlay-opacity":"","overlay-gradient":""}}},"product_brand":[],"product_cat":[178],"product_tag":[],"class_list":{"0":"post-24727","1":"product","2":"type-product","3":"status-publish","4":"has-post-thumbnail","6":"product_cat-fertilizers","7":"desktop-align-left","8":"tablet-align-left","9":"mobile-align-left","11":"first","12":"instock","13":"sale","14":"taxable","15":"shipping-taxable","16":"purchasable","17":"product-type-variable","18":"has-default-attributes"},"spectra_custom_meta":{"_visibility":["visible"],"_shopify_product_id":["9067633639669"],"_s2w_shopify_domain":["ferberpainting.myshopify.com"],"_shopify_variant_id":["46508144427253"],"_sku":[""],"_manage_stock":["no"],"total_sales":["66"],"_tax_status":["taxable"],"_tax_class":[""],"_backorders":["no"],"_sold_individually":["no"],"_virtual":["no"],"_downloadable":["no"],"_download_limit":["-1"],"_download_expiry":["-1"],"_stock":[null],"_stock_status":["instock"],"_wc_average_rating":["4.50"],"_wc_review_count":["6"],"_product_attributes":["a:1:{s:6:\"volume\";a:6:{s:4:\"name\";s:6:\"Volume\";s:5:\"value\";s:20:\"5 liters | 25 liters\";s:8:\"position\";i:1;s:10:\"is_visible\";i:0;s:12:\"is_variation\";i:1;s:11:\"is_taxonomy\";i:0;}}"],"_product_version":["10.5.1"],"_thumbnail_id":["26601"],"_product_image_gallery":["26602"],"wpse_downloadable_file_names":[""],"wpse_downloadable_file_urls":[""],"_edit_last":["1"],"_default_attributes":["a:1:{s:6:\"volume\";s:8:\"5 liters\";}"],"_edit_lock":["1771191437:1"],"_price":["29.90","129.90"],"merchant-center-availability":["yes"],"merchant-center-category":["113"],"_wp_page_template":["default"],"site-sidebar-layout":["default"],"ast-site-content-layout":["default"],"site-content-style":["default"],"site-sidebar-style":["default"],"theme-transparent-header-meta":["default"],"_wc_rating_count":["a:2:{i:4;i:3;i:5;i:3;}"],"astra-migrate-meta-layouts":["set"],"_uag_css_file_name":["uag-css-24727.css"],"_elementor_page_assets":["a:0:{}"],"_uag_page_assets":["a:9:{s:3:\"css\";s:7133:\".uag-blocks-common-selector{z-index:var(--z-index-desktop) !important}@media(max-width: 976px){.uag-blocks-common-selector{z-index:var(--z-index-tablet) !important}}@media(max-width: 767px){.uag-blocks-common-selector{z-index:var(--z-index-mobile) !important}}.wp-block-uagb-image{display:flex}.wp-block-uagb-image__figure{position:relative;display:flex;flex-direction:column;max-width:100%;height:auto;margin:0}.wp-block-uagb-image__figure img{height:auto;display:flex;max-width:100%;transition:box-shadow .2s ease}.wp-block-uagb-image__figure>a{display:inline-block}.wp-block-uagb-image__figure figcaption{text-align:center;margin-top:.5em;margin-bottom:1em}.wp-block-uagb-image .components-placeholder.block-editor-media-placeholder .components-placeholder__instructions{align-self:center}.wp-block-uagb-image--align-left{text-align:left}.wp-block-uagb-image--align-right{text-align:right}.wp-block-uagb-image--align-center{text-align:center}.wp-block-uagb-image--align-full .wp-block-uagb-image__figure{margin-left:calc(50% - 50vw);margin-right:calc(50% - 50vw);max-width:100vw;width:100vw;height:auto}.wp-block-uagb-image--align-full .wp-block-uagb-image__figure img{height:auto;width:100% !important}.wp-block-uagb-image--align-wide .wp-block-uagb-image__figure img{height:auto;width:100%}.wp-block-uagb-image--layout-overlay__color-wrapper{position:absolute;left:0;top:0;right:0;bottom:0;opacity:.2;background:rgba(0,0,0,.5);transition:opacity .35s ease-in-out}.wp-block-uagb-image--layout-overlay-link{position:absolute;left:0;right:0;bottom:0;top:0}.wp-block-uagb-image--layout-overlay .wp-block-uagb-image__figure:hover .wp-block-uagb-image--layout-overlay__color-wrapper{opacity:1}.wp-block-uagb-image--layout-overlay__inner{position:absolute;left:15px;right:15px;bottom:15px;top:15px;display:flex;align-items:center;justify-content:center;flex-direction:column;border-color:#fff;transition:.35s ease-in-out}.wp-block-uagb-image--layout-overlay__inner.top-left,.wp-block-uagb-image--layout-overlay__inner.top-center,.wp-block-uagb-image--layout-overlay__inner.top-right{justify-content:flex-start}.wp-block-uagb-image--layout-overlay__inner.bottom-left,.wp-block-uagb-image--layout-overlay__inner.bottom-center,.wp-block-uagb-image--layout-overlay__inner.bottom-right{justify-content:flex-end}.wp-block-uagb-image--layout-overlay__inner.top-left,.wp-block-uagb-image--layout-overlay__inner.center-left,.wp-block-uagb-image--layout-overlay__inner.bottom-left{align-items:flex-start}.wp-block-uagb-image--layout-overlay__inner.top-right,.wp-block-uagb-image--layout-overlay__inner.center-right,.wp-block-uagb-image--layout-overlay__inner.bottom-right{align-items:flex-end}.wp-block-uagb-image--layout-overlay__inner .uagb-image-heading{color:#fff;transition:transform .35s,opacity .35s ease-in-out;transform:translate3d(0, 24px, 0);margin:0;line-height:1em}.wp-block-uagb-image--layout-overlay__inner .uagb-image-separator{width:30%;border-top-width:2px;border-top-color:#fff;border-top-style:solid;margin-bottom:10px;opacity:0;transition:transform .4s,opacity .4s ease-in-out;transform:translate3d(0, 30px, 0)}.wp-block-uagb-image--layout-overlay__inner .uagb-image-caption{opacity:0;overflow:visible;color:#fff;transition:transform .45s,opacity .45s ease-in-out;transform:translate3d(0, 35px, 0)}.wp-block-uagb-image--layout-overlay__inner:hover .uagb-image-heading,.wp-block-uagb-image--layout-overlay__inner:hover .uagb-image-separator,.wp-block-uagb-image--layout-overlay__inner:hover .uagb-image-caption{opacity:1;transform:translate3d(0, 0, 0)}.wp-block-uagb-image--effect-zoomin .wp-block-uagb-image__figure img,.wp-block-uagb-image--effect-zoomin .wp-block-uagb-image__figure .wp-block-uagb-image--layout-overlay__color-wrapper{transform:scale(1);transition:transform .35s ease-in-out}.wp-block-uagb-image--effect-zoomin .wp-block-uagb-image__figure:hover img,.wp-block-uagb-image--effect-zoomin .wp-block-uagb-image__figure:hover .wp-block-uagb-image--layout-overlay__color-wrapper{transform:scale(1.05)}.wp-block-uagb-image--effect-slide .wp-block-uagb-image__figure img,.wp-block-uagb-image--effect-slide .wp-block-uagb-image__figure .wp-block-uagb-image--layout-overlay__color-wrapper{width:calc(100% + 40px) !important;max-width:none !important;transform:translate3d(-40px, 0, 0);transition:transform .35s ease-in-out}.wp-block-uagb-image--effect-slide .wp-block-uagb-image__figure:hover img,.wp-block-uagb-image--effect-slide .wp-block-uagb-image__figure:hover .wp-block-uagb-image--layout-overlay__color-wrapper{transform:translate3d(0, 0, 0)}.wp-block-uagb-image--effect-grayscale img{filter:grayscale(0%);transition:.35s ease-in-out}.wp-block-uagb-image--effect-grayscale:hover img{filter:grayscale(100%)}.wp-block-uagb-image--effect-blur img{filter:blur(0);transition:.35s ease-in-out}.wp-block-uagb-image--effect-blur:hover img{filter:blur(3px)}.uagb-block-e6f939b3.wp-block-uagb-image--layout-default figure img{box-shadow: 0px 0px 0 #00000070;}.uagb-block-e6f939b3.wp-block-uagb-image .wp-block-uagb-image__figure figcaption{font-style: normal;align-self: center;}.uagb-block-e6f939b3.wp-block-uagb-image--layout-overlay figure img{box-shadow: 0px 0px 0 #00000070;}.uagb-block-e6f939b3.wp-block-uagb-image--layout-overlay .wp-block-uagb-image--layout-overlay__color-wrapper{opacity: 0.2;}.uagb-block-e6f939b3.wp-block-uagb-image--layout-overlay .wp-block-uagb-image--layout-overlay__inner{left: 15px;right: 15px;top: 15px;bottom: 15px;}.uagb-block-e6f939b3.wp-block-uagb-image--layout-overlay .wp-block-uagb-image--layout-overlay__inner .uagb-image-heading{font-style: normal;color: #fff;opacity: 1;}.uagb-block-e6f939b3.wp-block-uagb-image--layout-overlay .wp-block-uagb-image--layout-overlay__inner .uagb-image-heading a{color: #fff;}.uagb-block-e6f939b3.wp-block-uagb-image--layout-overlay .wp-block-uagb-image--layout-overlay__inner .uagb-image-caption{opacity: 0;}.uagb-block-e6f939b3.wp-block-uagb-image--layout-overlay .wp-block-uagb-image__figure:hover .wp-block-uagb-image--layout-overlay__color-wrapper{opacity: 1;}.uagb-block-e6f939b3.wp-block-uagb-image .wp-block-uagb-image--layout-overlay__inner .uagb-image-separator{width: 30%;border-top-width: 2px;border-top-color: #fff;opacity: 0;}.uagb-block-e6f939b3.wp-block-uagb-image .wp-block-uagb-image__figure img{width: px;height: auto;}.uagb-block-e6f939b3.wp-block-uagb-image .wp-block-uagb-image__figure:hover .wp-block-uagb-image--layout-overlay__inner .uagb-image-caption{opacity: 1;}.uagb-block-e6f939b3.wp-block-uagb-image .wp-block-uagb-image__figure:hover .wp-block-uagb-image--layout-overlay__inner .uagb-image-separator{opacity: 1;}.uagb-block-e6f939b3.wp-block-uagb-image--layout-default figure:hover img{box-shadow: 0px 0px 0 #00000070;}.uagb-block-e6f939b3.wp-block-uagb-image--layout-overlay figure:hover img{box-shadow: 0px 0px 0 #00000070;}@media only screen and (max-width: 976px) {.uagb-block-e6f939b3.wp-block-uagb-image .wp-block-uagb-image__figure img{width: px;height: auto;}}@media only screen and (max-width: 767px) {.uagb-block-e6f939b3.wp-block-uagb-image .wp-block-uagb-image__figure img{width: px;height: auto;}}\";s:2:\"js\";s:0:\"\";s:18:\"current_block_list\";a:13:{i:0;s:11:\"core\/search\";i:1;s:10:\"core\/group\";i:2;s:12:\"core\/heading\";i:3;s:17:\"core\/latest-posts\";i:4;s:20:\"core\/latest-comments\";i:5;s:13:\"core\/archives\";i:6;s:15:\"core\/categories\";i:7;s:14:\"core\/paragraph\";i:8;s:10:\"uagb\/image\";i:9;s:11:\"core\/spacer\";i:10;s:30:\"woocommerce\/product-categories\";i:11;s:10:\"core\/image\";i:12;s:14:\"core\/shortcode\";}s:8:\"uag_flag\";b:1;s:11:\"uag_version\";s:10:\"1777197513\";s:6:\"gfonts\";a:0:{}s:10:\"gfonts_url\";s:0:\"\";s:12:\"gfonts_files\";a:0:{}s:14:\"uag_faq_layout\";b:0;}"]},"uagb_featured_image_src":{"full":["https:\/\/www.ferberpainting.com\/wp-content\/uploads\/2025\/05\/Oleander_Fertilizer_5L.png",2560,2560,false],"thumbnail":["https:\/\/www.ferberpainting.com\/wp-content\/uploads\/2025\/05\/Oleander_Fertilizer_5L-150x150.png",150,150,true],"medium":["https:\/\/www.ferberpainting.com\/wp-content\/uploads\/2025\/05\/Oleander_Fertilizer_5L-300x300.png",300,300,true],"medium_large":["https:\/\/www.ferberpainting.com\/wp-content\/uploads\/2025\/05\/Oleander_Fertilizer_5L-768x768.png",768,768,true],"large":["https:\/\/www.ferberpainting.com\/wp-content\/uploads\/2025\/05\/Oleander_Fertilizer_5L-1024x1024.png",1024,1024,true],"1536x1536":["https:\/\/www.ferberpainting.com\/wp-content\/uploads\/2025\/05\/Oleander_Fertilizer_5L-1536x1536.png",1536,1536,true],"2048x2048":["https:\/\/www.ferberpainting.com\/wp-content\/uploads\/2025\/05\/Oleander_Fertilizer_5L-2048x2048.png",2048,2048,true],"trp-custom-language-flag":["https:\/\/www.ferberpainting.com\/wp-content\/uploads\/2025\/05\/Oleander_Fertilizer_5L-12x12.png",12,12,true],"woocommerce_thumbnail":["https:\/\/www.ferberpainting.com\/wp-content\/uploads\/2025\/05\/Oleander_Fertilizer_5L-300x300.png",300,300,true],"woocommerce_single":["https:\/\/www.ferberpainting.com\/wp-content\/uploads\/2025\/05\/Oleander_Fertilizer_5L-600x600.png",600,600,true],"woocommerce_gallery_thumbnail":["https:\/\/www.ferberpainting.com\/wp-content\/uploads\/2025\/05\/Oleander_Fertilizer_5L-100x100.png",100,100,true]},"uagb_author_info":{"display_name":"admin","author_link":"https:\/\/www.ferberpainting.com\/hu\/author\/"},"uagb_comment_info":6,"uagb_excerpt":"A fertilizer specially designed for abundant blooming and lush foliage.\u00a0Oleander is a Mediterranean shrub appreciated for its colorful flowers and evergreen foliage. To maintain vigorous growth and radiant flowering throughout the season, it needs a balanced and essential nutrient supply. This NPK 15-15-15 fertilizer ensures optimal fertilization by providing nitrogen (N) necessary for the development&hellip;","_links":{"self":[{"href":"https:\/\/www.ferberpainting.com\/hu\/wp-json\/wp\/v2\/product\/24727","targetHints":{"allow":["GET"]}}],"collection":[{"href":"https:\/\/www.ferberpainting.com\/hu\/wp-json\/wp\/v2\/product"}],"about":[{"href":"https:\/\/www.ferberpainting.com\/hu\/wp-json\/wp\/v2\/types\/product"}],"replies":[{"embeddable":true,"href":"https:\/\/www.ferberpainting.com\/hu\/wp-json\/wp\/v2\/comments?post=24727"}],"version-history":[{"count":3,"href":"https:\/\/www.ferberpainting.com\/hu\/wp-json\/wp\/v2\/product\/24727\/revisions"}],"predecessor-version":[{"id":166633,"href":"https:\/\/www.ferberpainting.com\/hu\/wp-json\/wp\/v2\/product\/24727\/revisions\/166633"}],"wp:featuredmedia":[{"embeddable":true,"href":"https:\/\/www.ferberpainting.com\/hu\/wp-json\/wp\/v2\/media\/26601"}],"wp:attachment":[{"href":"https:\/\/www.ferberpainting.com\/hu\/wp-json\/wp\/v2\/media?parent=24727"}],"wp:term":[{"taxonomy":"product_brand","embeddable":true,"href":"https:\/\/www.ferberpainting.com\/hu\/wp-json\/wp\/v2\/product_brand?post=24727"},{"taxonomy":"product_cat","embeddable":true,"href":"https:\/\/www.ferberpainting.com\/hu\/wp-json\/wp\/v2\/product_cat?post=24727"},{"taxonomy":"product_tag","embeddable":true,"href":"https:\/\/www.ferberpainting.com\/hu\/wp-json\/wp\/v2\/product_tag?post=24727"}],"curies":[{"name":"wp","href":"https:\/\/api.w.org\/{rel}","templated":true}]}}