{"id":24724,"date":"2025-05-26T10:26:48","date_gmt":"2025-05-26T08:26:48","guid":{"rendered":"https:\/\/www.ferberpainting.com\/products\/nettle-manure\/"},"modified":"2026-02-15T22:35:55","modified_gmt":"2026-02-15T21:35:55","slug":"nettle-manure","status":"publish","type":"product","link":"https:\/\/www.ferberpainting.com\/hu\/products\/nettle-manure\/","title":{"rendered":"Csal\u00e1n tr\u00e1gya"},"content":{"rendered":"<p><strong><img decoding=\"async\" style=\"margin-right: 12px;\" src=\"https:\/\/www.ferberpainting.com\/wp-content\/uploads\/2026\/02\/Check.svg\" alt=\"\" width=\"18\" height=\"15\" \/>Er\u0151teljes term\u00e9szetes tr\u00e1gya az er\u0151sebb \u00e9s eg\u00e9szs\u00e9gesebb n\u00f6v\u00e9nyek\u00e9rt.<\/strong> A csal\u00e1ntr\u00e1gya egy hagyom\u00e1nyos, er\u0151sen koncentr\u00e1lt n\u00f6v\u00e9nyi alap\u00fa tr\u00e1gya, amely erjesztett csal\u00e1nb\u00f3l k\u00e9sz\u00fcl, \u00e9s c\u00e9lja a n\u00f6v\u00e9nyek n\u00f6veked\u00e9s\u00e9nek serkent\u00e9se, a sz\u00e1rak meger\u0151s\u00edt\u00e9se \u00e9s az \u00e1ltal\u00e1nos vitalit\u00e1s jav\u00edt\u00e1sa. Olyan alapvet\u0151 t\u00e1panyagokat biztos\u00edt, amelyek t\u00e1mogatj\u00e1k a d\u00fas lombozatot, az er\u0151s gy\u00f6k\u00e9rzetet \u00e9s a k\u00f6rnyezeti stresszel szembeni jobb ellen\u00e1ll\u00f3 k\u00e9pess\u00e9get.<\/p>\n<p><strong><img decoding=\"async\" style=\"margin-right: 12px;\" src=\"https:\/\/www.ferberpainting.com\/wp-content\/uploads\/2026\/02\/Check.svg\" alt=\"\" width=\"18\" height=\"15\" \/>Az el\u00e9rhet\u0151 leghat\u00e9konyabb szerves n\u00f6v\u00e9nyer\u0151s\u00edt\u0151.<\/strong> Nitrog\u00e9nben, \u00e1sv\u00e1nyi anyagokban, nyomelemekben \u00e9s term\u00e9szetes n\u00f6veked\u00e9sserkent\u0151kben gazdag \u00f6sszet\u00e9tel\u00e9nek k\u00f6sz\u00f6nhet\u0151en a csal\u00e1ntr\u00e1gya gyors \u00e9s l\u00e1that\u00f3 eredm\u00e9nyeket biztos\u00edt. Fokozza a klorofilltermel\u00e9st, el\u0151seg\u00edti az er\u0151teljes fejl\u0151d\u00e9st, \u00e9s t\u00e1mogatja az eg\u00e9szs\u00e9ges vir\u00e1gz\u00e1st \u00e9s term\u00e9st a z\u00f6lds\u00e9gek, vir\u00e1gok, cserj\u00e9k \u00e9s gy\u00fcm\u00f6lcsf\u00e1k eset\u00e9ben.<\/p>\n<p><strong><img decoding=\"async\" style=\"margin-right: 12px;\" src=\"https:\/\/www.ferberpainting.com\/wp-content\/uploads\/2026\/02\/Check.svg\" alt=\"\" width=\"18\" height=\"15\" \/>Verhetetlen \u00e1r - mi vagyunk a legolcs\u00f3bbak.<\/strong> A piacon a legversenyk\u00e9pesebb \u00e1ron k\u00edn\u00e1lunk pr\u00e9mium min\u0151s\u00e9g\u0171 csal\u00e1ntr\u00e1gy\u00e1t. A professzion\u00e1lis min\u0151s\u00e9g\u0171 szerves tr\u00e1gy\u00e1z\u00e1s el\u0151nyeit \u00e9lvezheti an\u00e9lk\u00fcl, hogy t\u00falzott kert\u00e9szeti bolti \u00e1rakat kellene fizetnie.<\/p>\n<p><strong><img decoding=\"async\" style=\"margin-right: 12px;\" src=\"https:\/\/www.ferberpainting.com\/wp-content\/uploads\/2026\/02\/Check.svg\" alt=\"\" width=\"18\" height=\"15\" \/>P\u00e9nzvisszafizet\u00e9si garancia a teljes el\u00e9gedetts\u00e9g\u00e9rt.<\/strong> B\u00edzunk a csal\u00e1ntr\u00e1gya hat\u00e9konys\u00e1g\u00e1ban. Ha nem el\u00e9gedett az eredm\u00e9nnyel, p\u00e9nzvisszafizet\u00e9si garanci\u00e1t v\u00e1llalunk. Egyszer\u0171en l\u00e9pjen kapcsolatba vel\u00fcnk, \u00e9s mi visszat\u00e9r\u00edtj\u00fck a v\u00e9tel\u00e1r\u00e1t. Az \u00d6n kert\u00e9szeti sikere a mi priorit\u00e1sunk.<\/p>\n<p><strong><img decoding=\"async\" style=\"margin-right: 12px;\" src=\"https:\/\/www.ferberpainting.com\/wp-content\/uploads\/2026\/02\/Check.svg\" alt=\"\" width=\"18\" height=\"15\" \/>Gyors, 24 \u00f3r\u00e1s sz\u00e1ll\u00edt\u00e1s az azonnali kert\u00e1pol\u00e1shoz.<\/strong> Mindig 24 \u00f3r\u00e1s kisz\u00e1ll\u00edt\u00e1st biztos\u00edtunk, \u00edgy \u00d6n k\u00e9sedelem n\u00e9lk\u00fcl t\u00e1pl\u00e1lhatja \u00e9s v\u00e9dheti n\u00f6v\u00e9nyeit. Ak\u00e1r s\u00fcrg\u0151s n\u00f6v\u00e9nymeger\u0151s\u00edt\u00e9sre, ak\u00e1r rutinszer\u0171 t\u00e1poldatoz\u00e1sra van sz\u00fcks\u00e9ge, a gyors \u00e9s megb\u00edzhat\u00f3 sz\u00e1ll\u00edt\u00e1sra sz\u00e1m\u00edthat.<\/p>\n<p><strong><img decoding=\"async\" style=\"margin-right: 12px;\" src=\"https:\/\/www.ferberpainting.com\/wp-content\/uploads\/2026\/02\/Check.svg\" alt=\"\" width=\"18\" height=\"15\" \/>Magas koncentr\u00e1ci\u00f3j\u00fa \u00e9s gazdas\u00e1gos formula.<\/strong> A csal\u00e1ntr\u00e1gy\u00e1nk koncentr\u00e1lt, \u00e9s felhaszn\u00e1l\u00e1s el\u0151tt h\u00edg\u00edtani kell, \u00edgy egy liter term\u00e9kb\u0151l felhaszn\u00e1l\u00e1st\u00f3l f\u00fcgg\u0151en ak\u00e1r 10-20 liter k\u00e9sz oldat is k\u00e9sz\u00edthet\u0151. Ez kiv\u00e1l\u00f3 \u00e1r-\u00e9rt\u00e9k ar\u00e1nyt \u00e9s hossz\u00fa t\u00e1v\u00fa ell\u00e1t\u00e1st biztos\u00edt kertje sz\u00e1m\u00e1ra.<\/p>\n<p><strong><img decoding=\"async\" style=\"margin-right: 12px;\" src=\"https:\/\/www.ferberpainting.com\/wp-content\/uploads\/2026\/02\/Check.svg\" alt=\"\" width=\"18\" height=\"15\" \/>Serkenti a n\u00f6v\u00e9nyek term\u00e9szetes v\u00e9dekez\u0151k\u00e9pess\u00e9g\u00e9t.<\/strong> A tr\u00e1gy\u00e1z\u00e1son t\u00fal a csal\u00e1ntr\u00e1gya er\u0151s\u00edti a n\u00f6v\u00e9nyek term\u00e9szetes ellen\u00e1ll\u00f3 k\u00e9pess\u00e9g\u00e9t a k\u00e1rtev\u0151kkel, gomb\u00e1s betegs\u00e9gekkel \u00e9s a k\u00f6rnyezeti stresszel szemben. Rendszeres haszn\u00e1lata seg\u00edt a n\u00f6v\u00e9nyeknek, hogy szintetikus vegyszerek n\u00e9lk\u00fcl is ellen\u00e1ll\u00f3bb\u00e1 v\u00e1ljanak.<\/p>\n<p><strong><img decoding=\"async\" style=\"margin-right: 12px;\" src=\"https:\/\/www.ferberpainting.com\/wp-content\/uploads\/2026\/02\/Check.svg\" alt=\"\" width=\"18\" height=\"15\" \/>Alkalmas z\u00f6lds\u00e9gek, vir\u00e1gok \u00e9s gy\u00fcm\u00f6lcsf\u00e1k sz\u00e1m\u00e1ra.<\/strong> A csal\u00e1ntr\u00e1gya felhaszn\u00e1lhat\u00f3 z\u00f6lds\u00e9geskertekben, d\u00edszvir\u00e1g\u00e1gy\u00e1sokban, \u00fcvegh\u00e1zakban, gy\u00fcm\u00f6lcs\u00f6s\u00f6kben \u00e9s ak\u00e1r cserepes n\u00f6v\u00e9nyekhez is. K\u00fcl\u00f6n\u00f6sen el\u0151ny\u00f6s a leveles z\u00f6lds\u00e9gek, a paradicsom, az uborka \u00e9s a fiatal n\u00f6v\u00e9nyek sz\u00e1m\u00e1ra az akt\u00edv n\u00f6veked\u00e9si f\u00e1zisokban.<\/p>\n<p><strong><img decoding=\"async\" style=\"margin-right: 12px;\" src=\"https:\/\/www.ferberpainting.com\/wp-content\/uploads\/2026\/02\/Check.svg\" alt=\"\" width=\"18\" height=\"15\" \/>Jav\u00edtja a talaj \u00e9let\u00e9t \u00e9s szerkezet\u00e9t.<\/strong> A talajba juttatva a csal\u00e1ntr\u00e1gya serkenti a mikrobi\u00e1lis aktivit\u00e1st \u00e9s fokozza a talaj term\u00e9kenys\u00e9g\u00e9t, hozz\u00e1j\u00e1rulva az eg\u00e9szs\u00e9gesebb gy\u00f6k\u00e9rk\u00f6rnyezethez \u00e9s a t\u00e1panyagok jobb felsz\u00edv\u00f3d\u00e1s\u00e1hoz.<\/p>\n<p><strong><img decoding=\"async\" style=\"margin-right: 12px;\" src=\"https:\/\/www.ferberpainting.com\/wp-content\/uploads\/2026\/02\/Check.svg\" alt=\"\" width=\"18\" height=\"15\" \/>100% term\u00e9szetes \u00e9s k\u00f6rnyezetbar\u00e1t megold\u00e1s.<\/strong> A n\u00f6v\u00e9nyi erjeszt\u00e9sb\u0151l sz\u00e1rmaz\u00f3 csal\u00e1ntr\u00e1gya a szintetikus m\u0171tr\u00e1gy\u00e1k \u00f6kol\u00f3giai alternat\u00edv\u00e1ja. T\u00e1mogatja a fenntarthat\u00f3 kert\u00e9szeti gyakorlatokat, \u00e9s el\u0151\u00edr\u00e1s szerinti haszn\u00e1lat eset\u00e9n biztons\u00e1gos a k\u00f6rnyezetre.<\/p>\n<h2><strong>Utas\u00edt\u00e1sok<\/strong><\/h2>\n<ul>\n<li>Haszn\u00e1lat el\u0151tt alaposan r\u00e1zza fel a tart\u00e1lyt, hogy az akt\u00edv \u00f6sszetev\u0151k egyenletesen eloszoljanak.<\/li>\n<li>A csal\u00e1ntr\u00e1gya nagyon koncentr\u00e1lt, ez\u00e9rt kijuttat\u00e1s el\u0151tt mindig v\u00edzzel kell h\u00edg\u00edtani.<\/li>\n<li>Talajtr\u00e1gy\u00e1z\u00e1shoz \u00e9s gy\u00f6k\u00e9rt\u00e1pl\u00e1l\u00e1shoz 10% koncentr\u00e1ci\u00f3ban h\u00edg\u00edtsuk. Keverjen \u00f6ssze 1 liter csal\u00e1ntr\u00e1gy\u00e1t 9 liter v\u00edzzel, vagy 100 ml term\u00e9ket 900 ml v\u00edzzel. Ezt az oldatot k\u00f6zvetlen\u00fcl a n\u00f6v\u00e9nyek t\u00f6v\u00e9re lehet kijuttatni.<\/li>\n<li>Lombsz\u00f3r\u00e1sra a n\u00f6veked\u00e9s serkent\u00e9s\u00e9re \u00e9s a n\u00f6v\u00e9nyi v\u00e9dekez\u0151k\u00e9pess\u00e9g er\u0151s\u00edt\u00e9s\u00e9re 5% koncentr\u00e1ci\u00f3ban h\u00edg\u00edtsuk. Keverjen \u00f6ssze 500 ml csal\u00e1ntr\u00e1gy\u00e1t 9,5 liter v\u00edzzel, vagy 50 ml-t 950 ml v\u00edzzel. Permetezze egyenletesen a levelekre, lehet\u0151leg kora reggel vagy k\u00e9s\u0151 d\u00e9lut\u00e1n, hogy elker\u00fclje az er\u0151s naps\u00fct\u00e9st.<\/li>\n<li>Fiatal vagy \u00e9rz\u00e9keny n\u00f6v\u00e9nyek eset\u00e9ben a t\u00falstimul\u00e1ci\u00f3 elker\u00fcl\u00e9se \u00e9rdek\u00e9ben haszn\u00e1ljon enyh\u00e9bb, k\u00f6r\u00fclbel\u00fcl 2-3% (20-30 ml\/liter v\u00edz) h\u00edg\u00edt\u00e1st.<\/li>\n<li>A h\u00edg\u00edtott oldatot 1-2 hetente alkalmazza az akt\u00edv veget\u00e1ci\u00f3s id\u0151szakban, jellemz\u0151en kora tavaszt\u00f3l k\u00e9s\u0151 ny\u00e1rig.<\/li>\n<li>Ha a talaj nagyon sz\u00e1raz, a t\u00e1panyagok jobb felsz\u00edv\u00f3d\u00e1sa \u00e9rdek\u00e9ben a kijuttat\u00e1s el\u0151tt enyh\u00e9n \u00f6nt\u00f6zze meg a talajt.<\/li>\n<li>A lev\u00e9l\u00e9g\u00e9s elker\u00fcl\u00e9se \u00e9rdek\u00e9ben ker\u00fclje a sz\u00e9ls\u0151s\u00e9ges h\u0151s\u00e9g vagy k\u00f6zvetlen d\u00e9li naps\u00fct\u00e9s idej\u00e9n t\u00f6rt\u00e9n\u0151 alkalmaz\u00e1st.<\/li>\n<li>Ne haszn\u00e1lja a h\u00edg\u00edtatlan term\u00e9ket k\u00f6zvetlen\u00fcl a n\u00f6v\u00e9nyeken, mivel a magas koncentr\u00e1ci\u00f3 k\u00e1ros\u00edthatja a gy\u00f6kereket vagy a lombozatot.<\/li>\n<li>A tart\u00e1lyt szorosan lez\u00e1rva, h\u0171v\u00f6s, sz\u00e1raz, k\u00f6zvetlen napf\u00e9nyt\u0151l v\u00e9dett helyen t\u00e1rolja. Gyermekek el\u0151l elz\u00e1rva tartand\u00f3, \u00e9s az elk\u00e9sz\u00edt\u00e9s sor\u00e1n ker\u00fclje a hosszabb b\u0151rrel val\u00f3 \u00e9rintkez\u00e9st.<\/li>\n<\/ul>","protected":false},"excerpt":{"rendered":"<p>Powerful natural fertilizer for stronger and healthier plants. Nettle manure is a traditional, highly concentrated plant-based fertilizer made from fermented nettles, designed to stimulate plant growth, strengthen stems, and improve overall vitality. It provides essential nutrients that support lush foliage, robust root systems, and improved resistance to environmental stress. The most effective organic plant booster [&hellip;]<\/p>\n","protected":false},"featured_media":26598,"comment_status":"open","ping_status":"closed","template":"","meta":{"_uag_custom_page_level_css":"","site-sidebar-layout":"default","site-content-layout":"","ast-site-content-layout":"default","site-content-style":"default","site-sidebar-style":"default","ast-global-header-display":"","ast-banner-title-visibility":"","ast-main-header-display":"","ast-hfb-above-header-display":"","ast-hfb-below-header-display":"","ast-hfb-mobile-header-display":"","site-post-title":"","ast-breadcrumbs-content":"","ast-featured-img":"","footer-sml-layout":"","ast-disable-related-posts":"","theme-transparent-header-meta":"default","adv-header-id-meta":"","stick-header-meta":"","header-above-stick-meta":"","header-main-stick-meta":"","header-below-stick-meta":"","astra-migrate-meta-layouts":"set","ast-page-background-enabled":"default","ast-page-background-meta":{"desktop":{"background-color":"var(--ast-global-color-4)","background-image":"","background-repeat":"repeat","background-position":"center center","background-size":"auto","background-attachment":"scroll","background-type":"","background-media":"","overlay-type":"","overlay-color":"","overlay-opacity":"","overlay-gradient":""},"tablet":{"background-color":"","background-image":"","background-repeat":"repeat","background-position":"center center","background-size":"auto","background-attachment":"scroll","background-type":"","background-media":"","overlay-type":"","overlay-color":"","overlay-opacity":"","overlay-gradient":""},"mobile":{"background-color":"","background-image":"","background-repeat":"repeat","background-position":"center center","background-size":"auto","background-attachment":"scroll","background-type":"","background-media":"","overlay-type":"","overlay-color":"","overlay-opacity":"","overlay-gradient":""}},"ast-content-background-meta":{"desktop":{"background-color":"var(--ast-global-color-5)","background-image":"","background-repeat":"repeat","background-position":"center center","background-size":"auto","background-attachment":"scroll","background-type":"","background-media":"","overlay-type":"","overlay-color":"","overlay-opacity":"","overlay-gradient":""},"tablet":{"background-color":"var(--ast-global-color-5)","background-image":"","background-repeat":"repeat","background-position":"center center","background-size":"auto","background-attachment":"scroll","background-type":"","background-media":"","overlay-type":"","overlay-color":"","overlay-opacity":"","overlay-gradient":""},"mobile":{"background-color":"var(--ast-global-color-5)","background-image":"","background-repeat":"repeat","background-position":"center center","background-size":"auto","background-attachment":"scroll","background-type":"","background-media":"","overlay-type":"","overlay-color":"","overlay-opacity":"","overlay-gradient":""}}},"product_brand":[],"product_cat":[178],"product_tag":[],"class_list":{"0":"post-24724","1":"product","2":"type-product","3":"status-publish","4":"has-post-thumbnail","6":"product_cat-fertilizers","7":"desktop-align-left","8":"tablet-align-left","9":"mobile-align-left","11":"first","12":"instock","13":"sale","14":"taxable","15":"shipping-taxable","16":"purchasable","17":"product-type-variable","18":"has-default-attributes"},"spectra_custom_meta":{"_visibility":["visible"],"_shopify_product_id":["7955508625653"],"_s2w_shopify_domain":["ferberpainting.myshopify.com"],"_shopify_variant_id":["43515600699637"],"_sku":[""],"_manage_stock":["no"],"total_sales":["26"],"_tax_status":["taxable"],"_tax_class":[""],"_backorders":["no"],"_sold_individually":["no"],"_virtual":["no"],"_downloadable":["no"],"_download_limit":["-1"],"_download_expiry":["-1"],"_stock":[null],"_stock_status":["instock"],"_wc_average_rating":["4.94"],"_wc_review_count":["53"],"_product_attributes":["a:1:{s:6:\"volume\";a:6:{s:4:\"name\";s:6:\"Volume\";s:5:\"value\";s:20:\"5 liters | 25 liters\";s:8:\"position\";i:1;s:10:\"is_visible\";i:0;s:12:\"is_variation\";i:1;s:11:\"is_taxonomy\";i:0;}}"],"_product_version":["10.5.1"],"_thumbnail_id":["26598"],"_price":["29.90","99.90"],"_product_image_gallery":["26600"],"merchant-center-availability":["yes"],"merchant-center-category":["113"],"merchant-center-id":["NM"],"wpse_downloadable_file_names":[""],"wpse_downloadable_file_urls":[""],"_edit_last":["1"],"_default_attributes":["a:1:{s:6:\"volume\";s:8:\"5 liters\";}"],"_wc_rating_count":["a:2:{i:4;i:3;i:5;i:50;}"],"_edit_lock":["1771191217:1"],"_wp_page_template":["default"],"site-sidebar-layout":["default"],"ast-site-content-layout":["default"],"site-content-style":["default"],"site-sidebar-style":["default"],"theme-transparent-header-meta":["default"],"astra-migrate-meta-layouts":["set"],"_uag_css_file_name":["uag-css-24724.css"],"_elementor_page_assets":["a:0:{}"],"_uag_page_assets":["a:9:{s:3:\"css\";s:6873:\".wp-block-uagb-image{display:flex}.wp-block-uagb-image__figure{position:relative;display:flex;flex-direction:column;max-width:100%;height:auto;margin:0}.wp-block-uagb-image__figure img{height:auto;display:flex;max-width:100%;transition:box-shadow .2s ease}.wp-block-uagb-image__figure>a{display:inline-block}.wp-block-uagb-image__figure figcaption{text-align:center;margin-top:.5em;margin-bottom:1em}.wp-block-uagb-image .components-placeholder.block-editor-media-placeholder .components-placeholder__instructions{align-self:center}.wp-block-uagb-image--align-left{text-align:left}.wp-block-uagb-image--align-right{text-align:right}.wp-block-uagb-image--align-center{text-align:center}.wp-block-uagb-image--align-full .wp-block-uagb-image__figure{margin-left:calc(50% - 50vw);margin-right:calc(50% - 50vw);max-width:100vw;width:100vw;height:auto}.wp-block-uagb-image--align-full .wp-block-uagb-image__figure img{height:auto;width:100% !important}.wp-block-uagb-image--align-wide .wp-block-uagb-image__figure img{height:auto;width:100%}.wp-block-uagb-image--layout-overlay__color-wrapper{position:absolute;left:0;top:0;right:0;bottom:0;opacity:.2;background:rgba(0,0,0,.5);transition:opacity .35s ease-in-out}.wp-block-uagb-image--layout-overlay-link{position:absolute;left:0;right:0;bottom:0;top:0}.wp-block-uagb-image--layout-overlay .wp-block-uagb-image__figure:hover .wp-block-uagb-image--layout-overlay__color-wrapper{opacity:1}.wp-block-uagb-image--layout-overlay__inner{position:absolute;left:15px;right:15px;bottom:15px;top:15px;display:flex;align-items:center;justify-content:center;flex-direction:column;border-color:#fff;transition:.35s ease-in-out}.wp-block-uagb-image--layout-overlay__inner.top-left,.wp-block-uagb-image--layout-overlay__inner.top-center,.wp-block-uagb-image--layout-overlay__inner.top-right{justify-content:flex-start}.wp-block-uagb-image--layout-overlay__inner.bottom-left,.wp-block-uagb-image--layout-overlay__inner.bottom-center,.wp-block-uagb-image--layout-overlay__inner.bottom-right{justify-content:flex-end}.wp-block-uagb-image--layout-overlay__inner.top-left,.wp-block-uagb-image--layout-overlay__inner.center-left,.wp-block-uagb-image--layout-overlay__inner.bottom-left{align-items:flex-start}.wp-block-uagb-image--layout-overlay__inner.top-right,.wp-block-uagb-image--layout-overlay__inner.center-right,.wp-block-uagb-image--layout-overlay__inner.bottom-right{align-items:flex-end}.wp-block-uagb-image--layout-overlay__inner .uagb-image-heading{color:#fff;transition:transform .35s,opacity .35s ease-in-out;transform:translate3d(0, 24px, 0);margin:0;line-height:1em}.wp-block-uagb-image--layout-overlay__inner .uagb-image-separator{width:30%;border-top-width:2px;border-top-color:#fff;border-top-style:solid;margin-bottom:10px;opacity:0;transition:transform .4s,opacity .4s ease-in-out;transform:translate3d(0, 30px, 0)}.wp-block-uagb-image--layout-overlay__inner .uagb-image-caption{opacity:0;overflow:visible;color:#fff;transition:transform .45s,opacity .45s ease-in-out;transform:translate3d(0, 35px, 0)}.wp-block-uagb-image--layout-overlay__inner:hover .uagb-image-heading,.wp-block-uagb-image--layout-overlay__inner:hover .uagb-image-separator,.wp-block-uagb-image--layout-overlay__inner:hover .uagb-image-caption{opacity:1;transform:translate3d(0, 0, 0)}.wp-block-uagb-image--effect-zoomin .wp-block-uagb-image__figure img,.wp-block-uagb-image--effect-zoomin .wp-block-uagb-image__figure .wp-block-uagb-image--layout-overlay__color-wrapper{transform:scale(1);transition:transform .35s ease-in-out}.wp-block-uagb-image--effect-zoomin .wp-block-uagb-image__figure:hover img,.wp-block-uagb-image--effect-zoomin .wp-block-uagb-image__figure:hover .wp-block-uagb-image--layout-overlay__color-wrapper{transform:scale(1.05)}.wp-block-uagb-image--effect-slide .wp-block-uagb-image__figure img,.wp-block-uagb-image--effect-slide .wp-block-uagb-image__figure .wp-block-uagb-image--layout-overlay__color-wrapper{width:calc(100% + 40px) !important;max-width:none !important;transform:translate3d(-40px, 0, 0);transition:transform .35s ease-in-out}.wp-block-uagb-image--effect-slide .wp-block-uagb-image__figure:hover img,.wp-block-uagb-image--effect-slide .wp-block-uagb-image__figure:hover .wp-block-uagb-image--layout-overlay__color-wrapper{transform:translate3d(0, 0, 0)}.wp-block-uagb-image--effect-grayscale img{filter:grayscale(0%);transition:.35s ease-in-out}.wp-block-uagb-image--effect-grayscale:hover img{filter:grayscale(100%)}.wp-block-uagb-image--effect-blur img{filter:blur(0);transition:.35s ease-in-out}.wp-block-uagb-image--effect-blur:hover img{filter:blur(3px)}.uagb-block-e6f939b3.wp-block-uagb-image--layout-default figure img{box-shadow: 0px 0px 0 #00000070;}.uagb-block-e6f939b3.wp-block-uagb-image .wp-block-uagb-image__figure figcaption{font-style: normal;align-self: center;}.uagb-block-e6f939b3.wp-block-uagb-image--layout-overlay figure img{box-shadow: 0px 0px 0 #00000070;}.uagb-block-e6f939b3.wp-block-uagb-image--layout-overlay .wp-block-uagb-image--layout-overlay__color-wrapper{opacity: 0.2;}.uagb-block-e6f939b3.wp-block-uagb-image--layout-overlay .wp-block-uagb-image--layout-overlay__inner{left: 15px;right: 15px;top: 15px;bottom: 15px;}.uagb-block-e6f939b3.wp-block-uagb-image--layout-overlay .wp-block-uagb-image--layout-overlay__inner .uagb-image-heading{font-style: normal;color: #fff;opacity: 1;}.uagb-block-e6f939b3.wp-block-uagb-image--layout-overlay .wp-block-uagb-image--layout-overlay__inner .uagb-image-heading a{color: #fff;}.uagb-block-e6f939b3.wp-block-uagb-image--layout-overlay .wp-block-uagb-image--layout-overlay__inner .uagb-image-caption{opacity: 0;}.uagb-block-e6f939b3.wp-block-uagb-image--layout-overlay .wp-block-uagb-image__figure:hover .wp-block-uagb-image--layout-overlay__color-wrapper{opacity: 1;}.uagb-block-e6f939b3.wp-block-uagb-image .wp-block-uagb-image--layout-overlay__inner .uagb-image-separator{width: 30%;border-top-width: 2px;border-top-color: #fff;opacity: 0;}.uagb-block-e6f939b3.wp-block-uagb-image .wp-block-uagb-image__figure img{width: px;height: auto;}.uagb-block-e6f939b3.wp-block-uagb-image .wp-block-uagb-image__figure:hover .wp-block-uagb-image--layout-overlay__inner .uagb-image-caption{opacity: 1;}.uagb-block-e6f939b3.wp-block-uagb-image .wp-block-uagb-image__figure:hover .wp-block-uagb-image--layout-overlay__inner .uagb-image-separator{opacity: 1;}.uagb-block-e6f939b3.wp-block-uagb-image--layout-default figure:hover img{box-shadow: 0px 0px 0 #00000070;}.uagb-block-e6f939b3.wp-block-uagb-image--layout-overlay figure:hover img{box-shadow: 0px 0px 0 #00000070;}@media only screen and (max-width: 976px) {.uagb-block-e6f939b3.wp-block-uagb-image .wp-block-uagb-image__figure img{width: px;height: auto;}}@media only screen and (max-width: 767px) {.uagb-block-e6f939b3.wp-block-uagb-image .wp-block-uagb-image__figure img{width: px;height: auto;}}\";s:2:\"js\";s:0:\"\";s:18:\"current_block_list\";a:13:{i:0;s:11:\"core\/search\";i:1;s:10:\"core\/group\";i:2;s:12:\"core\/heading\";i:3;s:17:\"core\/latest-posts\";i:4;s:20:\"core\/latest-comments\";i:5;s:13:\"core\/archives\";i:6;s:15:\"core\/categories\";i:7;s:14:\"core\/paragraph\";i:8;s:10:\"uagb\/image\";i:9;s:11:\"core\/spacer\";i:10;s:30:\"woocommerce\/product-categories\";i:11;s:10:\"core\/image\";i:12;s:14:\"core\/shortcode\";}s:8:\"uag_flag\";b:1;s:11:\"uag_version\";s:10:\"1777202173\";s:6:\"gfonts\";a:0:{}s:10:\"gfonts_url\";s:0:\"\";s:12:\"gfonts_files\";a:0:{}s:14:\"uag_faq_layout\";b:0;}"]},"uagb_featured_image_src":{"full":["https:\/\/www.ferberpainting.com\/wp-content\/uploads\/2025\/05\/Nettle_manure_5L.jpg",2560,2560,false],"thumbnail":["https:\/\/www.ferberpainting.com\/wp-content\/uploads\/2025\/05\/Nettle_manure_5L-150x150.jpg",150,150,true],"medium":["https:\/\/www.ferberpainting.com\/wp-content\/uploads\/2025\/05\/Nettle_manure_5L-300x300.jpg",300,300,true],"medium_large":["https:\/\/www.ferberpainting.com\/wp-content\/uploads\/2025\/05\/Nettle_manure_5L-768x768.jpg",768,768,true],"large":["https:\/\/www.ferberpainting.com\/wp-content\/uploads\/2025\/05\/Nettle_manure_5L-1024x1024.jpg",1024,1024,true],"1536x1536":["https:\/\/www.ferberpainting.com\/wp-content\/uploads\/2025\/05\/Nettle_manure_5L-1536x1536.jpg",1536,1536,true],"2048x2048":["https:\/\/www.ferberpainting.com\/wp-content\/uploads\/2025\/05\/Nettle_manure_5L-2048x2048.jpg",2048,2048,true],"trp-custom-language-flag":["https:\/\/www.ferberpainting.com\/wp-content\/uploads\/2025\/05\/Nettle_manure_5L-12x12.jpg",12,12,true],"woocommerce_thumbnail":["https:\/\/www.ferberpainting.com\/wp-content\/uploads\/2025\/05\/Nettle_manure_5L-300x300.jpg",300,300,true],"woocommerce_single":["https:\/\/www.ferberpainting.com\/wp-content\/uploads\/2025\/05\/Nettle_manure_5L-600x600.jpg",600,600,true],"woocommerce_gallery_thumbnail":["https:\/\/www.ferberpainting.com\/wp-content\/uploads\/2025\/05\/Nettle_manure_5L-100x100.jpg",100,100,true]},"uagb_author_info":{"display_name":"admin","author_link":"https:\/\/www.ferberpainting.com\/hu\/author\/"},"uagb_comment_info":53,"uagb_excerpt":"Powerful natural fertilizer for stronger and healthier plants. Nettle manure is a traditional, highly concentrated plant-based fertilizer made from fermented nettles, designed to stimulate plant growth, strengthen stems, and improve overall vitality. It provides essential nutrients that support lush foliage, robust root systems, and improved resistance to environmental stress. The most effective organic plant booster&hellip;","_links":{"self":[{"href":"https:\/\/www.ferberpainting.com\/hu\/wp-json\/wp\/v2\/product\/24724","targetHints":{"allow":["GET"]}}],"collection":[{"href":"https:\/\/www.ferberpainting.com\/hu\/wp-json\/wp\/v2\/product"}],"about":[{"href":"https:\/\/www.ferberpainting.com\/hu\/wp-json\/wp\/v2\/types\/product"}],"replies":[{"embeddable":true,"href":"https:\/\/www.ferberpainting.com\/hu\/wp-json\/wp\/v2\/comments?post=24724"}],"version-history":[{"count":2,"href":"https:\/\/www.ferberpainting.com\/hu\/wp-json\/wp\/v2\/product\/24724\/revisions"}],"predecessor-version":[{"id":166632,"href":"https:\/\/www.ferberpainting.com\/hu\/wp-json\/wp\/v2\/product\/24724\/revisions\/166632"}],"wp:featuredmedia":[{"embeddable":true,"href":"https:\/\/www.ferberpainting.com\/hu\/wp-json\/wp\/v2\/media\/26598"}],"wp:attachment":[{"href":"https:\/\/www.ferberpainting.com\/hu\/wp-json\/wp\/v2\/media?parent=24724"}],"wp:term":[{"taxonomy":"product_brand","embeddable":true,"href":"https:\/\/www.ferberpainting.com\/hu\/wp-json\/wp\/v2\/product_brand?post=24724"},{"taxonomy":"product_cat","embeddable":true,"href":"https:\/\/www.ferberpainting.com\/hu\/wp-json\/wp\/v2\/product_cat?post=24724"},{"taxonomy":"product_tag","embeddable":true,"href":"https:\/\/www.ferberpainting.com\/hu\/wp-json\/wp\/v2\/product_tag?post=24724"}],"curies":[{"name":"wp","href":"https:\/\/api.w.org\/{rel}","templated":true}]}}