{"id":24721,"date":"2025-07-01T00:36:03","date_gmt":"2025-06-30T22:36:03","guid":{"rendered":"https:\/\/www.ferberpainting.com\/?post_type=product&#038;p=24721"},"modified":"2026-02-20T08:47:00","modified_gmt":"2026-02-20T07:47:00","slug":"natural-stone-granite-cleaner","status":"publish","type":"product","link":"https:\/\/www.ferberpainting.com\/hu\/products\/natural-stone-granite-cleaner\/","title":{"rendered":"Term\u00e9szetes k\u0151- \u00e9s gr\u00e1nittiszt\u00edt\u00f3"},"content":{"rendered":"<p><strong><img decoding=\"async\" style=\"margin-right: 12px;\" src=\"https:\/\/www.ferberpainting.com\/wp-content\/uploads\/2026\/02\/Check.svg\" alt=\"\" width=\"18\" height=\"15\" \/>Optim\u00e1lis hat\u00e9konys\u00e1g.<\/strong>\u00a0Ezt a gr\u00e1nit \u00e9s term\u00e9szetes k\u0151 tiszt\u00edt\u00f3szert kifejezetten arra tervezt\u00e9k, hogy hat\u00e9konyan elt\u00e1vol\u00edtsa a foltokat, v\u00edzk\u0151lerak\u00f3d\u00e1sokat, zs\u00edrfoltokat, szerves maradv\u00e1nyokat \u00e9s egy\u00e9b szennyez\u0151d\u00e9seket, amelyek elhom\u00e1lyos\u00edtj\u00e1k az \u00e1sv\u00e1nyi fel\u00fcletek f\u00e9ny\u00e9t. Er\u0151teljes formul\u00e1ja m\u00e9lyen behatol, hogy helyre\u00e1ll\u00edtsa a k\u0151 term\u00e9szetes sz\u00e9ps\u00e9g\u00e9t, mik\u00f6zben meg\u0151rzi annak szerkezet\u00e9t. Az \u00e9rz\u00e9keny fel\u00fcletek megv\u00e1ltoztat\u00e1sa vagy k\u00e1ros\u00edt\u00e1sa n\u00e9lk\u00fcl tiszt\u00edt, hat\u00e9kony \u00e9s hosszan tart\u00f3 \u00e1pol\u00e1st biztos\u00edt.<\/p>\n<p><strong><img decoding=\"async\" style=\"margin-right: 12px;\" src=\"https:\/\/www.ferberpainting.com\/wp-content\/uploads\/2026\/02\/Check.svg\" alt=\"\" width=\"18\" height=\"15\" \/>P\u00e9nzvisszafizet\u00e9si garancia.<\/strong>\u00a0B\u00edzunk tiszt\u00edt\u00f3szer\u00fcnk teljes\u00edtm\u00e9ny\u00e9ben. Ha a haszn\u00e1lata ut\u00e1n nem teljesen el\u00e9gedett az eredm\u00e9nnyel, teljes visszat\u00e9r\u00edt\u00e9sre jogosult. Pr\u00f3b\u00e1lja ki term\u00e9k\u00fcnket kock\u00e1zatmentesen, \u00e9s hozza vissza term\u00e9szetes k\u0151fel\u00fcleteinek f\u00e9ny\u00e9t \u00e9s eleganci\u00e1j\u00e1t k\u00f6nnyed\u00e9n.<\/p>\n<p><strong><img decoding=\"async\" style=\"margin-right: 12px;\" src=\"https:\/\/www.ferberpainting.com\/wp-content\/uploads\/2026\/02\/Check.svg\" alt=\"\" width=\"18\" height=\"15\" \/>Kiv\u00e9teles sokoldal\u00fas\u00e1g.<\/strong> Ez a tiszt\u00edt\u00f3szer nem korl\u00e1toz\u00f3dik a gr\u00e1nitra, hanem m\u00e1s term\u00e9szetes k\u00f6vek, p\u00e9ld\u00e1ul m\u00e1rv\u00e1ny, pala, travertin, m\u00e9szk\u0151, k\u00e9k k\u0151, kvarcit, s\u0151t egyes csiszolt betonfel\u00fcletek tiszt\u00edt\u00e1s\u00e1ra is kiv\u00e1l\u00f3an alkalmas. T\u00f6k\u00e9letes munkalapokhoz, padl\u00f3khoz, falakhoz, l\u00e9pcs\u0151kh\u00f6z, fr\u00f6ccs\u00f6nt\u0151kh\u00f6z, zuhanyz\u00f3khoz, s\u0151t m\u00e9g s\u00edrk\u00f6vekhez \u00e9s k\u00fcls\u0151 burkolatokhoz is. Sz\u00e1mos fel\u00fclettel val\u00f3 sz\u00e9les k\u00f6r\u0171 kompatibilit\u00e1s\u00e1nak k\u00f6sz\u00f6nhet\u0151en optim\u00e1lis tiszt\u00edt\u00e1st garant\u00e1l, mik\u00f6zben meg\u0151rzi a term\u00e9szetes k\u00f6vek min\u0151s\u00e9g\u00e9t.<\/p>\n<p><strong><img decoding=\"async\" style=\"margin-right: 12px;\" src=\"https:\/\/www.ferberpainting.com\/wp-content\/uploads\/2026\/02\/Check.svg\" alt=\"\" width=\"18\" height=\"15\" \/>K\u00f6lts\u00e9ghat\u00e9kony.<\/strong>\u00a0Ez a tiszt\u00edt\u00f3szer 5 literes tart\u00e1ly\u00e1val \u00e9s ultrahat\u00e9kony formul\u00e1j\u00e1val kiv\u00e1l\u00f3 hozamot biztos\u00edt. Kis mennyis\u00e9g elegend\u0151 nagy fel\u00fcletek pazarl\u00e1s n\u00e9lk\u00fcli lefed\u00e9s\u00e9hez. Egy liter term\u00e9k \u00e1tlagosan 50 m\u00b2 term\u00e9szetes k\u0151fel\u00fcletet tiszt\u00edt meg, \u00edgy k\u00f6lts\u00e9ghat\u00e9kony \u00e9s megb\u00edzhat\u00f3 megold\u00e1s a belt\u00e9ri \u00e9s k\u00fclt\u00e9ri k\u0151fel\u00fcletek karbantart\u00e1s\u00e1ra.<\/p>\n<p><strong><img decoding=\"async\" style=\"margin-right: 12px;\" src=\"https:\/\/www.ferberpainting.com\/wp-content\/uploads\/2026\/02\/Check.svg\" alt=\"\" width=\"18\" height=\"15\" \/>Biztons\u00e1gosan haszn\u00e1lhat\u00f3.<\/strong>\u00a0A savas vagy s\u00farol\u00f3 hat\u00e1s\u00fa tiszt\u00edt\u00f3szerekkel ellent\u00e9tben, amelyek k\u00e1ros\u00edthatj\u00e1k a term\u00e9szetes k\u00f6vet, ez a tiszt\u00edt\u00f3szer kifejezetten a k\u00edm\u00e9letes \u00e9s biztons\u00e1gos tiszt\u00edt\u00e1shoz k\u00e9sz\u00fclt. Nem tartalmaz agressz\u00edv old\u00f3szereket, nem bocs\u00e1t ki m\u00e9rgez\u0151 f\u00fcst\u00f6t, \u00e9s nem okoz b\u0151rirrit\u00e1ci\u00f3t. Tiszteletben tartja a k\u0151 por\u00f3zus szerkezet\u00e9t, \u00e9s biztos\u00edtja a m\u00e9lytiszt\u00edt\u00e1st an\u00e9lk\u00fcl, hogy megv\u00e1ltoztatn\u00e1 azt. T\u00f6k\u00e9letes konyh\u00e1kba, f\u00fcrd\u0151szob\u00e1kba \u00e9s k\u00fclt\u00e9ri terekbe, gyermekek \u00e9s h\u00e1zi\u00e1llatok k\u00f6zel\u00e9ben is biztons\u00e1gosan haszn\u00e1lhat\u00f3.<\/p>\n<p><strong><img decoding=\"async\" style=\"margin-right: 12px;\" src=\"https:\/\/www.ferberpainting.com\/wp-content\/uploads\/2026\/02\/Check.svg\" alt=\"\" width=\"18\" height=\"15\" \/>K\u00f6nny\u0171 haszn\u00e1lat.<\/strong>\u00a0Ez a term\u00e9k azonnal felhaszn\u00e1lhat\u00f3, nem ig\u00e9nyel h\u00edg\u00edt\u00e1st vagy \u00f6sszetett el\u0151k\u00e9sz\u00edt\u00e9st. K\u00f6zvetlen\u00fcl a fel\u00fcletre lehet felvinni szivaccsal, ronggyal, felmos\u00f3val vagy permetez\u0151vel. Gyors hat\u00e1sa \u00e9s intuit\u00edv alkalmaz\u00e1sa lehet\u0151v\u00e9 teszi a hat\u00e9kony tiszt\u00edt\u00e1st mind\u00f6ssze n\u00e9h\u00e1ny egyszer\u0171 l\u00e9p\u00e9sben, k\u00f6nnyed\u00e9n \u00e9s t\u00falzott \u00f6bl\u00edt\u00e9s n\u00e9lk\u00fcl.<\/p>\n<p><strong><img decoding=\"async\" style=\"margin-right: 12px;\" src=\"https:\/\/www.ferberpainting.com\/wp-content\/uploads\/2026\/02\/Check.svg\" alt=\"\" width=\"18\" height=\"15\" \/>Fokozott tart\u00f3ss\u00e1g.<\/strong>\u00a0A maradv\u00e1nyok elt\u00e1vol\u00edt\u00e1s\u00e1val \u00e9s a term\u00e9szetes k\u0151 \u00e9ps\u00e9g\u00e9nek meg\u0151rz\u00e9s\u00e9vel ez a tiszt\u00edt\u00f3szer seg\u00edt meghosszabb\u00edtani a fel\u00fclet f\u00e9ny\u00e9t \u00e9s hossz\u00fa t\u00e1v\u00fa ellen\u00e1ll\u00f3k\u00e9pess\u00e9g\u00e9t. Megakad\u00e1lyozza a p\u00f3rusok elt\u00f6m\u0151d\u00e9s\u00e9t \u00e9s a makacs foltok kialakul\u00e1s\u00e1t, \u00edgy a fel\u00fcletek tiszt\u00e1k \u00e9s eleg\u00e1nsak maradnak. A rendszeres karbantart\u00e1s ezzel a term\u00e9kkel meg\u0151rzi a k\u0151 term\u00e9szetes megjelen\u00e9s\u00e9t a k\u00e1rosod\u00e1s vesz\u00e9lye n\u00e9lk\u00fcl.<\/p>\n<p><strong><img decoding=\"async\" style=\"margin-right: 12px;\" src=\"https:\/\/www.ferberpainting.com\/wp-content\/uploads\/2026\/02\/Check.svg\" alt=\"\" width=\"18\" height=\"15\" \/>Gyors akci\u00f3.<\/strong>\u00a0A rendk\u00edv\u00fcl akt\u00edv formul\u00e1nak k\u00f6sz\u00f6nhet\u0151en ez a tiszt\u00edt\u00f3szer azonnal hat a szennyez\u0151d\u00e9sekre \u00e9s a be\u00e1gyaz\u00f3dott szennyez\u0151d\u00e9sekre. N\u00e9h\u00e1ny perc alatt feloldja a foltokat, \u00e9s intenz\u00edv s\u00farol\u00e1s n\u00e9lk\u00fcl seg\u00edt elt\u00e1vol\u00edtani azokat. Azonnali hat\u00e1sa ide\u00e1lis a term\u00e9szetes k\u0151fel\u00fcletek gyors \u00e9s hat\u00e9kony tiszt\u00edt\u00e1s\u00e1hoz, k\u00fcl- \u00e9s belt\u00e9ren egyar\u00e1nt.<\/p>\n<h2><strong>Haszn\u00e1lati utas\u00edt\u00e1sok<\/strong><\/h2>\n<ul>\n<li><strong>El\u0151k\u00e9sz\u00edt\u00e9s <\/strong>: A term\u00e9k felhord\u00e1sa el\u0151tt sepr\u00e9ssel vagy porsz\u00edv\u00f3z\u00e1ssal biztos\u00edtsa, hogy a fel\u00fclet por- \u00e9s t\u00f6rmel\u00e9kmentes legyen.<\/li>\n<li><strong>K\u00e9zi alkalmaz\u00e1s <\/strong>: \u00d6nts\u00f6n egy kis mennyis\u00e9g\u0171 tiszt\u00edt\u00f3szert egy szivacsra, ruh\u00e1ra vagy felmos\u00f3rongyra, majd egyenletesen, k\u00f6rk\u00f6r\u00f6s mozdulatokkal ter\u00edtse el a k\u00f6v\u00f6n, hogy a szennyez\u0151d\u00e9seket fellaz\u00edtsa.<\/li>\n<li><strong>Nagy fel\u00fcleteken val\u00f3 haszn\u00e1lat <\/strong>: Padl\u00f3khoz \u00e9s sz\u00e9les fel\u00fcletekhez haszn\u00e1ljon mikrosz\u00e1las felmos\u00f3rongyot vagy egy enyh\u00e9n nedves, term\u00e9kkel \u00e1titatott felmos\u00f3rongyot, \u00e9s s\u00farol\u00e1s n\u00e9lk\u00fcl t\u00f6r\u00f6lje \u00e1t az eg\u00e9sz fel\u00fcletet.<\/li>\n<li><strong>Makacs foltok tiszt\u00edt\u00e1sa <\/strong>: Hagyja a term\u00e9ket 5-10 percig hatni a kem\u00e9nyebb foltokon, miel\u0151tt puha s\u00f6rt\u00e9j\u0171 kef\u00e9vel vagy nem s\u00farol\u00f3 szivaccsal \u00f3vatosan les\u00farolja, majd t\u00f6r\u00f6lje le.<\/li>\n<li><strong>\u00d6bl\u00edt\u00e9s <\/strong>: Az \u00e1ltal\u00e1nos tiszt\u00edt\u00e1shoz nincs sz\u00fcks\u00e9g \u00f6bl\u00edt\u00e9sre. Azonban a v\u00edznek kitett fel\u00fcletekn\u00e9l, mint p\u00e9ld\u00e1ul a munkalapok vagy zuhanyz\u00f3k, nedves ruh\u00e1val t\u00f6r\u00f6lje \u00e1t a t\u00f6k\u00e9letes fel\u00fcletet.<\/li>\n<li><strong>Sz\u00e1r\u00edt\u00e1s \u00e9s befejez\u00e9s <\/strong>: Hagyja megsz\u00e1radni a leveg\u0151n, vagy t\u00f6r\u00f6lje le egy tiszta, sz\u00e1raz mikrosz\u00e1las ruh\u00e1val a f\u00e9nyesebb \u00e9s cs\u00edkmentes fel\u00fclet \u00e9rdek\u00e9ben.<\/li>\n<li><strong>Haszn\u00e1lat gyakoris\u00e1ga <\/strong>: Alkalmazza hetente egyszer a rutinszer\u0171 tiszt\u00edt\u00e1shoz, vagy amint l\u00e1that\u00f3 szennyez\u0151d\u00e9s vagy foltok jelennek meg, hogy megakad\u00e1lyozza a felhalmoz\u00f3d\u00e1st. K\u00fclt\u00e9ri fel\u00fcletek eset\u00e9n a gr\u00e1nit \u00e9s a k\u0151 term\u00e9szetes f\u00e9ny\u00e9nek meg\u0151rz\u00e9se \u00e9rdek\u00e9ben havi tiszt\u00edt\u00e1s aj\u00e1nlott.<\/li>\n<li><strong>T\u00e1rol\u00e1s <\/strong>: Haszn\u00e1lat ut\u00e1n szorosan z\u00e1rja vissza a tart\u00e1lyt, \u00e9s t\u00e1rolja h\u0171v\u00f6s, sz\u00e1raz, f\u00e9nyt\u0151l \u00e9s sz\u00e9ls\u0151s\u00e9ges h\u0151m\u00e9rs\u00e9klett\u0151l v\u00e9dett helyen, hogy a term\u00e9k hat\u00e9konys\u00e1ga hossz\u00fa t\u00e1von megmaradjon.<\/li>\n<\/ul>\n<p>Gr\u00e1nit- \u00e9s term\u00e9sk\u0151 tiszt\u00edt\u00f3szer\u00fcnkkel optim\u00e1lis, gyors \u00e9s hat\u00e9kony karbantart\u00e1st biztos\u00edthat, mik\u00f6zben meg\u0151rzi \u00e1sv\u00e1nyi fel\u00fcleteinek f\u00e9ny\u00e9t \u00e9s tart\u00f3ss\u00e1g\u00e1t. T\u00f6k\u00e9letes megold\u00e1s a gr\u00e1nit \u00e9s a k\u0151 term\u00e9szetes sz\u00e9ps\u00e9g\u00e9nek v\u00e9delm\u00e9re \u00e9s fokoz\u00e1s\u00e1ra, k\u00f6nnyed\u00e9n.<\/p>","protected":false},"excerpt":{"rendered":"<p>Optimal Effectiveness.\u00a0This cleaner for granite and natural stone is specially designed to effectively eliminate stains, limescale deposits, grease marks, organic residues, and other impurities that tarnish the shine of mineral surfaces. Its powerful formula penetrates deeply to restore the natural beauty of stone while preserving its structure. It cleans without altering or damaging delicate surfaces, [&hellip;]<\/p>\n","protected":false},"featured_media":36080,"comment_status":"open","ping_status":"closed","template":"","meta":{"_uag_custom_page_level_css":"","site-sidebar-layout":"default","site-content-layout":"","ast-site-content-layout":"default","site-content-style":"default","site-sidebar-style":"default","ast-global-header-display":"","ast-banner-title-visibility":"","ast-main-header-display":"","ast-hfb-above-header-display":"","ast-hfb-below-header-display":"","ast-hfb-mobile-header-display":"","site-post-title":"","ast-breadcrumbs-content":"","ast-featured-img":"","footer-sml-layout":"","ast-disable-related-posts":"","theme-transparent-header-meta":"default","adv-header-id-meta":"","stick-header-meta":"","header-above-stick-meta":"","header-main-stick-meta":"","header-below-stick-meta":"","astra-migrate-meta-layouts":"set","ast-page-background-enabled":"default","ast-page-background-meta":{"desktop":{"background-color":"var(--ast-global-color-4)","background-image":"","background-repeat":"repeat","background-position":"center center","background-size":"auto","background-attachment":"scroll","background-type":"","background-media":"","overlay-type":"","overlay-color":"","overlay-opacity":"","overlay-gradient":""},"tablet":{"background-color":"","background-image":"","background-repeat":"repeat","background-position":"center center","background-size":"auto","background-attachment":"scroll","background-type":"","background-media":"","overlay-type":"","overlay-color":"","overlay-opacity":"","overlay-gradient":""},"mobile":{"background-color":"","background-image":"","background-repeat":"repeat","background-position":"center center","background-size":"auto","background-attachment":"scroll","background-type":"","background-media":"","overlay-type":"","overlay-color":"","overlay-opacity":"","overlay-gradient":""}},"ast-content-background-meta":{"desktop":{"background-color":"var(--ast-global-color-5)","background-image":"","background-repeat":"repeat","background-position":"center center","background-size":"auto","background-attachment":"scroll","background-type":"","background-media":"","overlay-type":"","overlay-color":"","overlay-opacity":"","overlay-gradient":""},"tablet":{"background-color":"var(--ast-global-color-5)","background-image":"","background-repeat":"repeat","background-position":"center center","background-size":"auto","background-attachment":"scroll","background-type":"","background-media":"","overlay-type":"","overlay-color":"","overlay-opacity":"","overlay-gradient":""},"mobile":{"background-color":"var(--ast-global-color-5)","background-image":"","background-repeat":"repeat","background-position":"center center","background-size":"auto","background-attachment":"scroll","background-type":"","background-media":"","overlay-type":"","overlay-color":"","overlay-opacity":"","overlay-gradient":""}}},"product_brand":[],"product_cat":[175],"product_tag":[],"class_list":{"0":"post-24721","1":"product","2":"type-product","3":"status-publish","4":"has-post-thumbnail","6":"product_cat-cleaning-products","7":"desktop-align-left","8":"tablet-align-left","9":"mobile-align-left","11":"first","12":"instock","13":"sale","14":"taxable","15":"shipping-taxable","16":"purchasable","17":"product-type-variable","18":"has-default-attributes"},"spectra_custom_meta":{"_visibility":["visible"],"_shopify_product_id":["9102428504309"],"_s2w_shopify_domain":["ferberpainting.myshopify.com"],"_shopify_variant_id":["46616245502197"],"_sku":[""],"_manage_stock":["no"],"total_sales":["127"],"_tax_status":["taxable"],"_tax_class":[""],"_backorders":["no"],"_sold_individually":["no"],"_virtual":["no"],"_downloadable":["no"],"_download_limit":["-1"],"_download_expiry":["-1"],"_stock":[null],"_stock_status":["instock"],"_wc_average_rating":["5.00"],"_wc_review_count":["1"],"_product_attributes":["a:1:{s:6:\"volume\";a:6:{s:4:\"name\";s:6:\"Volume\";s:5:\"value\";s:20:\"5 liters | 25 liters\";s:8:\"position\";i:1;s:10:\"is_visible\";i:0;s:12:\"is_variation\";i:1;s:11:\"is_taxonomy\";i:0;}}"],"_product_version":["10.5.2"],"wpse_downloadable_file_names":[""],"wpse_downloadable_file_urls":[""],"_edit_last":["1"],"_default_attributes":["a:1:{s:6:\"volume\";s:8:\"5 liters\";}"],"_edit_lock":["1772576143:3822"],"_price":["29.90","129.90"],"merchant-center-availability":["yes"],"merchant-center-category":["7504"],"_thumbnail_id":["36080"],"_wp_page_template":["default"],"_wp_old_date":["2025-05-26"],"_product_image_gallery":["36081"],"site-sidebar-layout":["default"],"ast-site-content-layout":["default"],"site-content-style":["default"],"site-sidebar-style":["default"],"theme-transparent-header-meta":["default"],"_wc_rating_count":["a:1:{i:5;i:1;}"],"astra-migrate-meta-layouts":["set"],"_uag_css_file_name":["uag-css-24721.css"],"_elementor_page_assets":["a:0:{}"],"_uag_page_assets":["a:9:{s:3:\"css\";s:7133:\".uag-blocks-common-selector{z-index:var(--z-index-desktop) !important}@media(max-width: 976px){.uag-blocks-common-selector{z-index:var(--z-index-tablet) !important}}@media(max-width: 767px){.uag-blocks-common-selector{z-index:var(--z-index-mobile) !important}}.wp-block-uagb-image{display:flex}.wp-block-uagb-image__figure{position:relative;display:flex;flex-direction:column;max-width:100%;height:auto;margin:0}.wp-block-uagb-image__figure img{height:auto;display:flex;max-width:100%;transition:box-shadow .2s ease}.wp-block-uagb-image__figure>a{display:inline-block}.wp-block-uagb-image__figure figcaption{text-align:center;margin-top:.5em;margin-bottom:1em}.wp-block-uagb-image .components-placeholder.block-editor-media-placeholder .components-placeholder__instructions{align-self:center}.wp-block-uagb-image--align-left{text-align:left}.wp-block-uagb-image--align-right{text-align:right}.wp-block-uagb-image--align-center{text-align:center}.wp-block-uagb-image--align-full .wp-block-uagb-image__figure{margin-left:calc(50% - 50vw);margin-right:calc(50% - 50vw);max-width:100vw;width:100vw;height:auto}.wp-block-uagb-image--align-full .wp-block-uagb-image__figure img{height:auto;width:100% !important}.wp-block-uagb-image--align-wide .wp-block-uagb-image__figure img{height:auto;width:100%}.wp-block-uagb-image--layout-overlay__color-wrapper{position:absolute;left:0;top:0;right:0;bottom:0;opacity:.2;background:rgba(0,0,0,.5);transition:opacity .35s ease-in-out}.wp-block-uagb-image--layout-overlay-link{position:absolute;left:0;right:0;bottom:0;top:0}.wp-block-uagb-image--layout-overlay .wp-block-uagb-image__figure:hover .wp-block-uagb-image--layout-overlay__color-wrapper{opacity:1}.wp-block-uagb-image--layout-overlay__inner{position:absolute;left:15px;right:15px;bottom:15px;top:15px;display:flex;align-items:center;justify-content:center;flex-direction:column;border-color:#fff;transition:.35s ease-in-out}.wp-block-uagb-image--layout-overlay__inner.top-left,.wp-block-uagb-image--layout-overlay__inner.top-center,.wp-block-uagb-image--layout-overlay__inner.top-right{justify-content:flex-start}.wp-block-uagb-image--layout-overlay__inner.bottom-left,.wp-block-uagb-image--layout-overlay__inner.bottom-center,.wp-block-uagb-image--layout-overlay__inner.bottom-right{justify-content:flex-end}.wp-block-uagb-image--layout-overlay__inner.top-left,.wp-block-uagb-image--layout-overlay__inner.center-left,.wp-block-uagb-image--layout-overlay__inner.bottom-left{align-items:flex-start}.wp-block-uagb-image--layout-overlay__inner.top-right,.wp-block-uagb-image--layout-overlay__inner.center-right,.wp-block-uagb-image--layout-overlay__inner.bottom-right{align-items:flex-end}.wp-block-uagb-image--layout-overlay__inner .uagb-image-heading{color:#fff;transition:transform .35s,opacity .35s ease-in-out;transform:translate3d(0, 24px, 0);margin:0;line-height:1em}.wp-block-uagb-image--layout-overlay__inner .uagb-image-separator{width:30%;border-top-width:2px;border-top-color:#fff;border-top-style:solid;margin-bottom:10px;opacity:0;transition:transform .4s,opacity .4s ease-in-out;transform:translate3d(0, 30px, 0)}.wp-block-uagb-image--layout-overlay__inner .uagb-image-caption{opacity:0;overflow:visible;color:#fff;transition:transform .45s,opacity .45s ease-in-out;transform:translate3d(0, 35px, 0)}.wp-block-uagb-image--layout-overlay__inner:hover .uagb-image-heading,.wp-block-uagb-image--layout-overlay__inner:hover .uagb-image-separator,.wp-block-uagb-image--layout-overlay__inner:hover .uagb-image-caption{opacity:1;transform:translate3d(0, 0, 0)}.wp-block-uagb-image--effect-zoomin .wp-block-uagb-image__figure img,.wp-block-uagb-image--effect-zoomin .wp-block-uagb-image__figure .wp-block-uagb-image--layout-overlay__color-wrapper{transform:scale(1);transition:transform .35s ease-in-out}.wp-block-uagb-image--effect-zoomin .wp-block-uagb-image__figure:hover img,.wp-block-uagb-image--effect-zoomin .wp-block-uagb-image__figure:hover .wp-block-uagb-image--layout-overlay__color-wrapper{transform:scale(1.05)}.wp-block-uagb-image--effect-slide .wp-block-uagb-image__figure img,.wp-block-uagb-image--effect-slide .wp-block-uagb-image__figure .wp-block-uagb-image--layout-overlay__color-wrapper{width:calc(100% + 40px) !important;max-width:none !important;transform:translate3d(-40px, 0, 0);transition:transform .35s ease-in-out}.wp-block-uagb-image--effect-slide .wp-block-uagb-image__figure:hover img,.wp-block-uagb-image--effect-slide .wp-block-uagb-image__figure:hover .wp-block-uagb-image--layout-overlay__color-wrapper{transform:translate3d(0, 0, 0)}.wp-block-uagb-image--effect-grayscale img{filter:grayscale(0%);transition:.35s ease-in-out}.wp-block-uagb-image--effect-grayscale:hover img{filter:grayscale(100%)}.wp-block-uagb-image--effect-blur img{filter:blur(0);transition:.35s ease-in-out}.wp-block-uagb-image--effect-blur:hover img{filter:blur(3px)}.uagb-block-e6f939b3.wp-block-uagb-image--layout-default figure img{box-shadow: 0px 0px 0 #00000070;}.uagb-block-e6f939b3.wp-block-uagb-image .wp-block-uagb-image__figure figcaption{font-style: normal;align-self: center;}.uagb-block-e6f939b3.wp-block-uagb-image--layout-overlay figure img{box-shadow: 0px 0px 0 #00000070;}.uagb-block-e6f939b3.wp-block-uagb-image--layout-overlay .wp-block-uagb-image--layout-overlay__color-wrapper{opacity: 0.2;}.uagb-block-e6f939b3.wp-block-uagb-image--layout-overlay .wp-block-uagb-image--layout-overlay__inner{left: 15px;right: 15px;top: 15px;bottom: 15px;}.uagb-block-e6f939b3.wp-block-uagb-image--layout-overlay .wp-block-uagb-image--layout-overlay__inner .uagb-image-heading{font-style: normal;color: #fff;opacity: 1;}.uagb-block-e6f939b3.wp-block-uagb-image--layout-overlay .wp-block-uagb-image--layout-overlay__inner .uagb-image-heading a{color: #fff;}.uagb-block-e6f939b3.wp-block-uagb-image--layout-overlay .wp-block-uagb-image--layout-overlay__inner .uagb-image-caption{opacity: 0;}.uagb-block-e6f939b3.wp-block-uagb-image--layout-overlay .wp-block-uagb-image__figure:hover .wp-block-uagb-image--layout-overlay__color-wrapper{opacity: 1;}.uagb-block-e6f939b3.wp-block-uagb-image .wp-block-uagb-image--layout-overlay__inner .uagb-image-separator{width: 30%;border-top-width: 2px;border-top-color: #fff;opacity: 0;}.uagb-block-e6f939b3.wp-block-uagb-image .wp-block-uagb-image__figure img{width: px;height: auto;}.uagb-block-e6f939b3.wp-block-uagb-image .wp-block-uagb-image__figure:hover .wp-block-uagb-image--layout-overlay__inner .uagb-image-caption{opacity: 1;}.uagb-block-e6f939b3.wp-block-uagb-image .wp-block-uagb-image__figure:hover .wp-block-uagb-image--layout-overlay__inner .uagb-image-separator{opacity: 1;}.uagb-block-e6f939b3.wp-block-uagb-image--layout-default figure:hover img{box-shadow: 0px 0px 0 #00000070;}.uagb-block-e6f939b3.wp-block-uagb-image--layout-overlay figure:hover img{box-shadow: 0px 0px 0 #00000070;}@media only screen and (max-width: 976px) {.uagb-block-e6f939b3.wp-block-uagb-image .wp-block-uagb-image__figure img{width: px;height: auto;}}@media only screen and (max-width: 767px) {.uagb-block-e6f939b3.wp-block-uagb-image .wp-block-uagb-image__figure img{width: px;height: auto;}}\";s:2:\"js\";s:0:\"\";s:18:\"current_block_list\";a:13:{i:0;s:11:\"core\/search\";i:1;s:10:\"core\/group\";i:2;s:12:\"core\/heading\";i:3;s:17:\"core\/latest-posts\";i:4;s:20:\"core\/latest-comments\";i:5;s:13:\"core\/archives\";i:6;s:15:\"core\/categories\";i:7;s:14:\"core\/paragraph\";i:8;s:10:\"uagb\/image\";i:9;s:11:\"core\/spacer\";i:10;s:30:\"woocommerce\/product-categories\";i:11;s:10:\"core\/image\";i:12;s:14:\"core\/shortcode\";}s:8:\"uag_flag\";b:1;s:11:\"uag_version\";s:10:\"1777205834\";s:6:\"gfonts\";a:0:{}s:10:\"gfonts_url\";s:0:\"\";s:12:\"gfonts_files\";a:0:{}s:14:\"uag_faq_layout\";b:0;}"]},"uagb_featured_image_src":{"full":["https:\/\/www.ferberpainting.com\/wp-content\/uploads\/2025\/05\/Natural-Stone-Granite-Cleaner-5L.png",2560,2560,false],"thumbnail":["https:\/\/www.ferberpainting.com\/wp-content\/uploads\/2025\/05\/Natural-Stone-Granite-Cleaner-5L-150x150.png",150,150,true],"medium":["https:\/\/www.ferberpainting.com\/wp-content\/uploads\/2025\/05\/Natural-Stone-Granite-Cleaner-5L-300x300.png",300,300,true],"medium_large":["https:\/\/www.ferberpainting.com\/wp-content\/uploads\/2025\/05\/Natural-Stone-Granite-Cleaner-5L-768x768.png",768,768,true],"large":["https:\/\/www.ferberpainting.com\/wp-content\/uploads\/2025\/05\/Natural-Stone-Granite-Cleaner-5L-1024x1024.png",1024,1024,true],"1536x1536":["https:\/\/www.ferberpainting.com\/wp-content\/uploads\/2025\/05\/Natural-Stone-Granite-Cleaner-5L-1536x1536.png",1536,1536,true],"2048x2048":["https:\/\/www.ferberpainting.com\/wp-content\/uploads\/2025\/05\/Natural-Stone-Granite-Cleaner-5L-2048x2048.png",2048,2048,true],"trp-custom-language-flag":["https:\/\/www.ferberpainting.com\/wp-content\/uploads\/2025\/05\/Natural-Stone-Granite-Cleaner-5L-12x12.png",12,12,true],"woocommerce_thumbnail":["https:\/\/www.ferberpainting.com\/wp-content\/uploads\/2025\/05\/Natural-Stone-Granite-Cleaner-5L-300x300.png",300,300,true],"woocommerce_single":["https:\/\/www.ferberpainting.com\/wp-content\/uploads\/2025\/05\/Natural-Stone-Granite-Cleaner-5L-600x600.png",600,600,true],"woocommerce_gallery_thumbnail":["https:\/\/www.ferberpainting.com\/wp-content\/uploads\/2025\/05\/Natural-Stone-Granite-Cleaner-5L-100x100.png",100,100,true]},"uagb_author_info":{"display_name":"admin","author_link":"https:\/\/www.ferberpainting.com\/hu\/author\/"},"uagb_comment_info":1,"uagb_excerpt":"Optimal Effectiveness.\u00a0This cleaner for granite and natural stone is specially designed to effectively eliminate stains, limescale deposits, grease marks, organic residues, and other impurities that tarnish the shine of mineral surfaces. Its powerful formula penetrates deeply to restore the natural beauty of stone while preserving its structure. It cleans without altering or damaging delicate surfaces,&hellip;","_links":{"self":[{"href":"https:\/\/www.ferberpainting.com\/hu\/wp-json\/wp\/v2\/product\/24721","targetHints":{"allow":["GET"]}}],"collection":[{"href":"https:\/\/www.ferberpainting.com\/hu\/wp-json\/wp\/v2\/product"}],"about":[{"href":"https:\/\/www.ferberpainting.com\/hu\/wp-json\/wp\/v2\/types\/product"}],"replies":[{"embeddable":true,"href":"https:\/\/www.ferberpainting.com\/hu\/wp-json\/wp\/v2\/comments?post=24721"}],"version-history":[{"count":5,"href":"https:\/\/www.ferberpainting.com\/hu\/wp-json\/wp\/v2\/product\/24721\/revisions"}],"predecessor-version":[{"id":170588,"href":"https:\/\/www.ferberpainting.com\/hu\/wp-json\/wp\/v2\/product\/24721\/revisions\/170588"}],"wp:featuredmedia":[{"embeddable":true,"href":"https:\/\/www.ferberpainting.com\/hu\/wp-json\/wp\/v2\/media\/36080"}],"wp:attachment":[{"href":"https:\/\/www.ferberpainting.com\/hu\/wp-json\/wp\/v2\/media?parent=24721"}],"wp:term":[{"taxonomy":"product_brand","embeddable":true,"href":"https:\/\/www.ferberpainting.com\/hu\/wp-json\/wp\/v2\/product_brand?post=24721"},{"taxonomy":"product_cat","embeddable":true,"href":"https:\/\/www.ferberpainting.com\/hu\/wp-json\/wp\/v2\/product_cat?post=24721"},{"taxonomy":"product_tag","embeddable":true,"href":"https:\/\/www.ferberpainting.com\/hu\/wp-json\/wp\/v2\/product_tag?post=24721"}],"curies":[{"name":"wp","href":"https:\/\/api.w.org\/{rel}","templated":true}]}}