{"id":24711,"date":"2025-05-26T10:26:44","date_gmt":"2025-05-26T08:26:44","guid":{"rendered":"https:\/\/www.ferberpainting.com\/products\/money-tree-fertilizer\/"},"modified":"2026-02-15T22:05:22","modified_gmt":"2026-02-15T21:05:22","slug":"money-tree-fertilizer","status":"publish","type":"product","link":"https:\/\/www.ferberpainting.com\/hu\/products\/money-tree-fertilizer\/","title":{"rendered":"P\u00e9nzfa m\u0171tr\u00e1gya"},"content":{"rendered":"<p><strong><img decoding=\"async\" style=\"margin-right: 12px;\" src=\"https:\/\/www.ferberpainting.com\/wp-content\/uploads\/2026\/02\/Check.svg\" alt=\"\" width=\"18\" height=\"15\" \/>Kiegyens\u00falyozott m\u0171tr\u00e1gya az er\u0151s \u00e9s d\u00fas pachira sz\u00e1m\u00e1ra.<\/strong>\u00a0A Pachira aquatica, m\u00e1s n\u00e9ven \u201cp\u00e9nzfa\u201d n\u00e9pszer\u0171 szoban\u00f6v\u00e9ny, amelyet fonott t\u00f6rzs\u00e9\u00e9rt \u00e9s f\u00e9nyes, s\u0171r\u0171 lombozat\u00e1\u00e9rt szeretnek. Az er\u0151teljes n\u00f6veked\u00e9s \u00e9s harmonikus fejl\u0151d\u00e9s \u00e9rdek\u00e9ben elengedhetetlen a megfelel\u0151 t\u00e1panyagell\u00e1t\u00e1s biztos\u00edt\u00e1sa. Ez az NPK 15-15-15 m\u0171tr\u00e1gya t\u00f6k\u00e9letes egyens\u00falyt biztos\u00edt a lombozat serkent\u00e9s\u00e9hez sz\u00fcks\u00e9ges nitrog\u00e9n (N), a gy\u00f6kerek meger\u0151s\u00edt\u00e9s\u00e9hez sz\u00fcks\u00e9ges foszfor (P) \u00e9s a betegs\u00e9gekkel \u00e9s a h\u0151m\u00e9rs\u00e9klet-ingadoz\u00e1sokkal szembeni ellen\u00e1ll\u00f3 k\u00e9pess\u00e9g fokoz\u00e1s\u00e1hoz sz\u00fcks\u00e9ges k\u00e1lium (K) tekintet\u00e9ben. Ennek a teljes \u00f6sszet\u00e9telnek k\u00f6sz\u00f6nhet\u0151en a pachira \u00e9l\u00e9nk lombozatot, nagyobb \u00e9lettartamot \u00e9s optim\u00e1lis fejl\u0151d\u00e9st fog \u00e9lvezni.<\/p>\n<p><strong><img decoding=\"async\" style=\"margin-right: 12px;\" src=\"https:\/\/www.ferberpainting.com\/wp-content\/uploads\/2026\/02\/Check.svg\" alt=\"\" width=\"18\" height=\"15\" \/>P\u00e9nzvisszafizet\u00e9si garancia.<\/strong>\u00a0Teljes m\u00e9rt\u00e9kben megb\u00edzunk a pachira m\u0171tr\u00e1gy\u00e1nk hat\u00e9konys\u00e1g\u00e1ban, ez\u00e9rt p\u00e9nzvisszafizet\u00e9si garanci\u00e1t v\u00e1llalunk. Ha rendszeres \u00e9s az aj\u00e1nl\u00e1sainknak megfelel\u0151 haszn\u00e1lat ut\u00e1n nem \u00e9szlel jelent\u0151s javul\u00e1st n\u00f6v\u00e9nye n\u00f6veked\u00e9s\u00e9ben \u00e9s vitalit\u00e1s\u00e1ban, \u00edg\u00e9rj\u00fck, hogy visszat\u00e9r\u00edtj\u00fck az \u00e1r\u00e1t.<\/p>\n<p><strong><img decoding=\"async\" style=\"margin-right: 12px;\" src=\"https:\/\/www.ferberpainting.com\/wp-content\/uploads\/2026\/02\/Check.svg\" alt=\"\" width=\"18\" height=\"15\" \/>Alkalmas minden t\u00edpus\u00fa aljzatra \u00e9s k\u00f6rnyezetre.<\/strong>\u00a0Ez a m\u0171tr\u00e1gya sokoldal\u00fa \u00e9s hat\u00e9kony minden talaj- \u00e9s szubsztr\u00e1tt\u00edpuson, legyen sz\u00f3 univerz\u00e1lis vir\u00e1gf\u00f6ldr\u0151l, egzotikus n\u00f6v\u00e9nyekhez val\u00f3 j\u00f3l v\u00edzelvezet\u0151 kever\u00e9kr\u0151l vagy ak\u00e1r tr\u00f3pusi n\u00f6v\u00e9nyekhez val\u00f3 speci\u00e1lis szubsztr\u00e1tr\u00f3l. Alkalmas a belt\u00e9rben cser\u00e9pben vagy szabadf\u00f6ld\u00f6n, meleg \u00e9s p\u00e1r\u00e1s \u00e9ghajlaton termesztett pachir\u00e1khoz is. Kiegyens\u00falyozott \u00f6sszet\u00e9tel\u00e9nek k\u00f6sz\u00f6nhet\u0151en mindenf\u00e9le \u00f6nt\u00f6z\u00e9ssel kompatibilis, \u00e9s nem v\u00e1ltoztatja meg a talaj vagy az aljzat szerkezet\u00e9t.<\/p>\n<p><strong><img decoding=\"async\" style=\"margin-right: 12px;\" src=\"https:\/\/www.ferberpainting.com\/wp-content\/uploads\/2026\/02\/Check.svg\" alt=\"\" width=\"18\" height=\"15\" \/>Kiv\u00e1l\u00f3 gazdas\u00e1gi \u00e9rt\u00e9k \u00e9s tart\u00f3s hat\u00e1s.<\/strong>\u00a0Ez a m\u0171tr\u00e1gya foly\u00e9kony form\u00e1ban ker\u00fcl forgalomba, hogy h\u00edg\u00edthat\u00f3 legyen, lehet\u0151v\u00e9 t\u00e9ve a gyors \u00e9s hat\u00e9kony felsz\u00edv\u00f3d\u00e1st a gy\u00f6kerek sz\u00e1m\u00e1ra. A literenk\u00e9nt 5 ml v\u00edzhozam mellett egy 5 literes kanna ak\u00e1r 1000 liter k\u00e9sz oldatot is k\u00e9sz\u00edt, \u00edgy biztos\u00edtva a t\u00f6bb h\u00f3napig tart\u00f3 tr\u00e1gy\u00e1z\u00e1st. Koncentr\u00e1lt formul\u00e1ja megakad\u00e1lyozza a pazarl\u00e1st \u00e9s biztos\u00edtja a fokozatos \u00e9s folyamatos t\u00e1panyagell\u00e1t\u00e1st.<\/p>\n<p><strong><img decoding=\"async\" style=\"margin-right: 12px;\" src=\"https:\/\/www.ferberpainting.com\/wp-content\/uploads\/2026\/02\/Check.svg\" alt=\"\" width=\"18\" height=\"15\" \/>Nem m\u00e9rgez\u0151 \u00e9s k\u00f6rnyezetbar\u00e1t m\u0171tr\u00e1gya.<\/strong>\u00a0Ez a m\u0171tr\u00e1gya nem tartalmaz agressz\u00edv vegyszereket, \u00edgy biztons\u00e1gos \u00e9s k\u00f6rnyezetbar\u00e1t v\u00e1laszt\u00e1s a pachira \u00e9s a bels\u0151 t\u00e9r sz\u00e1m\u00e1ra. \u00dagy tervezt\u00e9k, hogy tiszteletben tartsa a talaj egyens\u00faly\u00e1t, mik\u00f6zben el\u0151seg\u00edti az eg\u00e9szs\u00e9ges gy\u00f6kerekhez elengedhetetlen mikrobi\u00e1lis biodiverzit\u00e1st. Nem bocs\u00e1t ki er\u0151s szagot, \u00e9s nem jelent vesz\u00e9lyt a h\u00e1zi\u00e1llatokra, \u00edgy teljesen biztons\u00e1gos haszn\u00e1latot biztos\u00edt.<\/p>\n<p><strong><img decoding=\"async\" style=\"margin-right: 12px;\" src=\"https:\/\/www.ferberpainting.com\/wp-content\/uploads\/2026\/02\/Check.svg\" alt=\"\" width=\"18\" height=\"15\" \/>K\u00f6nnyen, er\u0151fesz\u00edt\u00e9s n\u00e9lk\u00fcl alkalmazhat\u00f3 \u00e9s tr\u00e1gy\u00e1zhat\u00f3.<\/strong>\u00a0A szil\u00e1rd m\u0171tr\u00e1gy\u00e1kkal ellent\u00e9tben, amelyeket be kell dolgozni a talajba, ez a foly\u00e9kony m\u0171tr\u00e1gya egyszer\u0171en felh\u00edgul az \u00f6nt\u00f6z\u0151v\u00edzben. Csak adja hozz\u00e1 az aj\u00e1nlott adagot, \u00e9s \u00f6nt\u00f6zze meg a pachir\u00e1t a szok\u00e1sos m\u00f3don. Gyors \u00e9s hat\u00e9kony alkalmaz\u00e1sa kezd\u0151 kert\u00e9szek \u00e9s tr\u00f3pusi n\u00f6v\u00e9nyek kedvel\u0151i sz\u00e1m\u00e1ra egyar\u00e1nt alkalmas.<\/p>\n<p><strong><img decoding=\"async\" style=\"margin-right: 12px;\" src=\"https:\/\/www.ferberpainting.com\/wp-content\/uploads\/2026\/02\/Check.svg\" alt=\"\" width=\"18\" height=\"15\" \/>Gyors int\u00e9zked\u00e9s a n\u00e9h\u00e1ny h\u00e9ten bel\u00fcl l\u00e1that\u00f3 eredm\u00e9nyek\u00e9rt.<\/strong>\u00a0A haszn\u00e1lat els\u0151 heteiben gyorsabb n\u00f6veked\u00e9st, s\u0171r\u0171bb \u00e9s sz\u00ednesebb lombozatot, valamint intenz\u00edvebb z\u00f6ld sz\u00ednt fog megfigyelni. Gyors gy\u00f6k\u00e9rasszimil\u00e1ci\u00f3j\u00e1nak k\u00f6sz\u00f6nhet\u0151en ez a m\u0171tr\u00e1gya \u00f6szt\u00f6nzi az \u00faj lev\u00e9lk\u00e9pz\u0151d\u00e9st \u00e9s er\u0151s\u00edti a n\u00f6v\u00e9ny szerkezet\u00e9t. Seg\u00edt tov\u00e1bb\u00e1 felgyors\u00edtani a legyeng\u00fclt pachir\u00e1k regener\u00e1l\u00f3d\u00e1s\u00e1t, \u00e9s cs\u00f6kkenti a s\u00e1rgul\u00e1s vagy a lev\u00e9lhull\u00e1s kock\u00e1zat\u00e1t.<\/p>\n<p><strong><img decoding=\"async\" style=\"margin-right: 12px;\" src=\"https:\/\/www.ferberpainting.com\/wp-content\/uploads\/2026\/02\/Check.svg\" alt=\"\" width=\"18\" height=\"15\" \/>Fenntarthat\u00f3 tr\u00e1gy\u00e1z\u00e1s a folyamatos n\u00f6veked\u00e9s\u00e9rt.<\/strong>\u00a0Fokozatos t\u00e1panyag-lead\u00e1s\u00e1nak k\u00f6sz\u00f6nhet\u0151en ez a m\u0171tr\u00e1gya t\u00f6bb h\u00e9ten kereszt\u00fcl folyamatos t\u00e1pl\u00e1l\u00e1st biztos\u00edt, elker\u00fclve a hi\u00e1nyt \u00e9s biztos\u00edtva a folyamatos n\u00f6veked\u00e9st. Fokozza a pachira ellen\u00e1ll\u00f3 k\u00e9pess\u00e9g\u00e9t a v\u00e1ltoz\u00f3 \u00e9ghajlati viszonyokkal, k\u00e1rtev\u0151kkel \u00e9s betegs\u00e9gekkel szemben, \u00edgy eg\u00e9sz \u00e9vben eg\u00e9szs\u00e9ges n\u00f6v\u00e9nyt biztos\u00edt.<\/p>\n<h2>Utas\u00edt\u00e1sok<\/h2>\n<p><strong>Aj\u00e1nlott adagol\u00e1s <\/strong>:<\/p>\n<ul>\n<li><strong>Pachira cser\u00e9pben <\/strong>: H\u00edg\u00edtson fel 5 ml m\u0171tr\u00e1gy\u00e1t 1 liter v\u00edzben.<br \/>\n<strong>Pachira a f\u00f6ldben<\/strong>: Vigye fel az elk\u00e9sz\u00edtett oldatot k\u00f6zvetlen\u00fcl a n\u00f6v\u00e9ny t\u00f6v\u00e9re.<\/li>\n<li><strong>Fiatal n\u00f6v\u00e9nyek <\/strong>: A t\u00falterm\u00e9keny\u00edt\u00e9s elker\u00fcl\u00e9se \u00e9rdek\u00e9ben cs\u00f6kkentse az adagot 2,5 ml\/liter v\u00edzre.<\/li>\n<\/ul>\n<p><strong>Alkalmaz\u00e1si m\u00f3dszer <\/strong>:<\/p>\n<ul>\n<li><strong>\u00d6nt\u00f6z\u00e9ssel <\/strong>: \u00d6ntse a t\u00e1poldatot a pachira t\u00f6ve k\u00f6r\u00e9, elker\u00fclve a levelek t\u00falzott nedvesed\u00e9s\u00e9t.<\/li>\n<li><strong>Lombpermetez\u00e9ssel<\/strong> (kieg\u00e9sz\u00edt\u00e9sk\u00e9nt) : Enyh\u00e9n permetezzen egy nagyon h\u00edg oldatot (1 ml\/liter) a levelekre a t\u00e1panyagfelv\u00e9tel fokoz\u00e1sa \u00e9rdek\u00e9ben.<\/li>\n<\/ul>\n<p><strong>Alkalmaz\u00e1si gyakoris\u00e1g <\/strong>:<\/p>\n<ul>\n<li><strong>Az akt\u00edv n\u00f6veked\u00e9si id\u0151szakban (tavasz-ny\u00e1r) <\/strong>: A m\u0171tr\u00e1gy\u00e1t 15 naponta alkalmazza a n\u00f6veked\u00e9s \u00e9s az \u00faj levelek k\u00e9pz\u0151d\u00e9s\u00e9nek serkent\u00e9se \u00e9rdek\u00e9ben.<\/li>\n<li><strong>Pihen\u0151id\u0151szakban (\u0151sz-t\u00e9l) <\/strong>: Cs\u00f6kkentse a kijuttat\u00e1st havonta egyszerre, hogy a n\u00f6v\u00e9nyt ne stimul\u00e1lja t\u00fals\u00e1gosan.<\/li>\n<\/ul>\n<p><strong>Haszn\u00e1lati \u00f3vint\u00e9zked\u00e9sek <\/strong>: Ne adagolja t\u00fal a m\u0171tr\u00e1gy\u00e1t, hogy elker\u00fclje a t\u00falzott t\u00e1panyagbevitelt, amely meg\u00e9getheti a gy\u00f6kereket vagy kiegyens\u00falyozatlan lev\u00e9lfejl\u0151d\u00e9st okozhat. A kijuttat\u00e1s ut\u00e1n mindig \u00f6nt\u00f6zze meg, hogy a t\u00e1panyagok jobban eloszoljanak.<\/p>\n<p><strong>T\u00e1rol\u00e1s \u00e9s meg\u0151rz\u00e9s <\/strong>: T\u00e1rolja a m\u0171tr\u00e1gy\u00e1t h\u0171v\u00f6s, sz\u00e1raz helyen, k\u00f6zvetlen f\u00e9nyt\u0151l \u00e9s sz\u00e9ls\u0151s\u00e9ges h\u0151m\u00e9rs\u00e9klett\u0151l v\u00e9dve. A term\u00e9k hat\u00e9konys\u00e1g\u00e1nak meg\u0151rz\u00e9se \u00e9rdek\u00e9ben a tart\u00e1lyt minden haszn\u00e1lat ut\u00e1n mindig szorosan z\u00e1rja le.<\/p>\n<p>Ezzel a pachira m\u0171tr\u00e1gy\u00e1val teljes \u00e9s kiegyens\u00falyozott \u00e9trendet biztos\u00edthat tr\u00f3pusi n\u00f6v\u00e9ny\u00e9nek, amely d\u00fas lombozatot, er\u0151teljes n\u00f6veked\u00e9st \u00e9s jobb ellen\u00e1ll\u00e1st biztos\u00edt a k\u00fcls\u0151 behat\u00e1sokkal szemben. Ak\u00e1r cser\u00e9pben, ak\u00e1r f\u00f6ldben, ez a k\u00f6nnyen haszn\u00e1lhat\u00f3 \u00e9s k\u00f6lts\u00e9ghat\u00e9kony t\u00e1poldat lehet\u0151v\u00e9 teszi, hogy n\u00f6v\u00e9ny\u00e9t egyszer\u0171en \u00e9s hat\u00e9konyan gondozza.<\/p>","protected":false},"excerpt":{"rendered":"<p>A balanced fertilizer for a strong and lush pachira.\u00a0Pachira aquatica, also known as the &#8220;money tree,&#8221; is a popular houseplant appreciated for its braided trunk and shiny, dense foliage. To ensure vigorous growth and harmonious development, it is essential to provide it with suitable nutrition. This NPK 15-15-15 fertilizer provides the perfect balance of nitrogen [&hellip;]<\/p>\n","protected":false},"featured_media":26589,"comment_status":"open","ping_status":"closed","template":"","meta":{"_uag_custom_page_level_css":"","site-sidebar-layout":"default","site-content-layout":"","ast-site-content-layout":"default","site-content-style":"default","site-sidebar-style":"default","ast-global-header-display":"","ast-banner-title-visibility":"","ast-main-header-display":"","ast-hfb-above-header-display":"","ast-hfb-below-header-display":"","ast-hfb-mobile-header-display":"","site-post-title":"","ast-breadcrumbs-content":"","ast-featured-img":"","footer-sml-layout":"","ast-disable-related-posts":"","theme-transparent-header-meta":"default","adv-header-id-meta":"","stick-header-meta":"","header-above-stick-meta":"","header-main-stick-meta":"","header-below-stick-meta":"","astra-migrate-meta-layouts":"set","ast-page-background-enabled":"default","ast-page-background-meta":{"desktop":{"background-color":"var(--ast-global-color-4)","background-image":"","background-repeat":"repeat","background-position":"center center","background-size":"auto","background-attachment":"scroll","background-type":"","background-media":"","overlay-type":"","overlay-color":"","overlay-opacity":"","overlay-gradient":""},"tablet":{"background-color":"","background-image":"","background-repeat":"repeat","background-position":"center center","background-size":"auto","background-attachment":"scroll","background-type":"","background-media":"","overlay-type":"","overlay-color":"","overlay-opacity":"","overlay-gradient":""},"mobile":{"background-color":"","background-image":"","background-repeat":"repeat","background-position":"center center","background-size":"auto","background-attachment":"scroll","background-type":"","background-media":"","overlay-type":"","overlay-color":"","overlay-opacity":"","overlay-gradient":""}},"ast-content-background-meta":{"desktop":{"background-color":"var(--ast-global-color-5)","background-image":"","background-repeat":"repeat","background-position":"center center","background-size":"auto","background-attachment":"scroll","background-type":"","background-media":"","overlay-type":"","overlay-color":"","overlay-opacity":"","overlay-gradient":""},"tablet":{"background-color":"var(--ast-global-color-5)","background-image":"","background-repeat":"repeat","background-position":"center center","background-size":"auto","background-attachment":"scroll","background-type":"","background-media":"","overlay-type":"","overlay-color":"","overlay-opacity":"","overlay-gradient":""},"mobile":{"background-color":"var(--ast-global-color-5)","background-image":"","background-repeat":"repeat","background-position":"center center","background-size":"auto","background-attachment":"scroll","background-type":"","background-media":"","overlay-type":"","overlay-color":"","overlay-opacity":"","overlay-gradient":""}}},"product_brand":[],"product_cat":[178],"product_tag":[],"class_list":{"0":"post-24711","1":"product","2":"type-product","3":"status-publish","4":"has-post-thumbnail","6":"product_cat-fertilizers","7":"desktop-align-left","8":"tablet-align-left","9":"mobile-align-left","11":"first","12":"instock","13":"sale","14":"taxable","15":"shipping-taxable","16":"purchasable","17":"product-type-variable","18":"has-default-attributes"},"spectra_custom_meta":{"_visibility":["visible"],"_shopify_product_id":["9068022006005"],"_s2w_shopify_domain":["ferberpainting.myshopify.com"],"_shopify_variant_id":["46509848264949"],"_sku":[""],"_manage_stock":["no"],"total_sales":["2"],"_tax_status":["taxable"],"_tax_class":[""],"_backorders":["no"],"_sold_individually":["no"],"_virtual":["no"],"_downloadable":["no"],"_download_limit":["-1"],"_download_expiry":["-1"],"_stock":[null],"_stock_status":["instock"],"_wc_average_rating":["4.71"],"_wc_review_count":["7"],"_product_attributes":["a:1:{s:6:\"volume\";a:6:{s:4:\"name\";s:6:\"Volume\";s:5:\"value\";s:20:\"5 liters | 25 liters\";s:8:\"position\";i:1;s:10:\"is_visible\";i:0;s:12:\"is_variation\";i:1;s:11:\"is_taxonomy\";i:0;}}"],"_product_version":["10.5.1"],"_thumbnail_id":["26589"],"_product_image_gallery":["26590"],"wpse_downloadable_file_names":[""],"wpse_downloadable_file_urls":[""],"_edit_last":["1"],"_default_attributes":["a:1:{s:6:\"volume\";s:8:\"5 liters\";}"],"_edit_lock":["1771189570:1"],"_price":["29.90","129.90"],"merchant-center-availability":["yes"],"merchant-center-category":["113"],"_wp_page_template":["default"],"site-sidebar-layout":["default"],"ast-site-content-layout":["default"],"site-content-style":["default"],"site-sidebar-style":["default"],"theme-transparent-header-meta":["default"],"_wc_rating_count":["a:2:{i:4;i:2;i:5;i:5;}"],"astra-migrate-meta-layouts":["set"],"_uag_css_file_name":["uag-css-24711.css"],"_elementor_page_assets":["a:0:{}"],"_uag_page_assets":["a:9:{s:3:\"css\";s:7133:\".uag-blocks-common-selector{z-index:var(--z-index-desktop) !important}@media(max-width: 976px){.uag-blocks-common-selector{z-index:var(--z-index-tablet) !important}}@media(max-width: 767px){.uag-blocks-common-selector{z-index:var(--z-index-mobile) !important}}.wp-block-uagb-image{display:flex}.wp-block-uagb-image__figure{position:relative;display:flex;flex-direction:column;max-width:100%;height:auto;margin:0}.wp-block-uagb-image__figure img{height:auto;display:flex;max-width:100%;transition:box-shadow .2s ease}.wp-block-uagb-image__figure>a{display:inline-block}.wp-block-uagb-image__figure figcaption{text-align:center;margin-top:.5em;margin-bottom:1em}.wp-block-uagb-image .components-placeholder.block-editor-media-placeholder .components-placeholder__instructions{align-self:center}.wp-block-uagb-image--align-left{text-align:left}.wp-block-uagb-image--align-right{text-align:right}.wp-block-uagb-image--align-center{text-align:center}.wp-block-uagb-image--align-full .wp-block-uagb-image__figure{margin-left:calc(50% - 50vw);margin-right:calc(50% - 50vw);max-width:100vw;width:100vw;height:auto}.wp-block-uagb-image--align-full .wp-block-uagb-image__figure img{height:auto;width:100% !important}.wp-block-uagb-image--align-wide .wp-block-uagb-image__figure img{height:auto;width:100%}.wp-block-uagb-image--layout-overlay__color-wrapper{position:absolute;left:0;top:0;right:0;bottom:0;opacity:.2;background:rgba(0,0,0,.5);transition:opacity .35s ease-in-out}.wp-block-uagb-image--layout-overlay-link{position:absolute;left:0;right:0;bottom:0;top:0}.wp-block-uagb-image--layout-overlay .wp-block-uagb-image__figure:hover .wp-block-uagb-image--layout-overlay__color-wrapper{opacity:1}.wp-block-uagb-image--layout-overlay__inner{position:absolute;left:15px;right:15px;bottom:15px;top:15px;display:flex;align-items:center;justify-content:center;flex-direction:column;border-color:#fff;transition:.35s ease-in-out}.wp-block-uagb-image--layout-overlay__inner.top-left,.wp-block-uagb-image--layout-overlay__inner.top-center,.wp-block-uagb-image--layout-overlay__inner.top-right{justify-content:flex-start}.wp-block-uagb-image--layout-overlay__inner.bottom-left,.wp-block-uagb-image--layout-overlay__inner.bottom-center,.wp-block-uagb-image--layout-overlay__inner.bottom-right{justify-content:flex-end}.wp-block-uagb-image--layout-overlay__inner.top-left,.wp-block-uagb-image--layout-overlay__inner.center-left,.wp-block-uagb-image--layout-overlay__inner.bottom-left{align-items:flex-start}.wp-block-uagb-image--layout-overlay__inner.top-right,.wp-block-uagb-image--layout-overlay__inner.center-right,.wp-block-uagb-image--layout-overlay__inner.bottom-right{align-items:flex-end}.wp-block-uagb-image--layout-overlay__inner .uagb-image-heading{color:#fff;transition:transform .35s,opacity .35s ease-in-out;transform:translate3d(0, 24px, 0);margin:0;line-height:1em}.wp-block-uagb-image--layout-overlay__inner .uagb-image-separator{width:30%;border-top-width:2px;border-top-color:#fff;border-top-style:solid;margin-bottom:10px;opacity:0;transition:transform .4s,opacity .4s ease-in-out;transform:translate3d(0, 30px, 0)}.wp-block-uagb-image--layout-overlay__inner .uagb-image-caption{opacity:0;overflow:visible;color:#fff;transition:transform .45s,opacity .45s ease-in-out;transform:translate3d(0, 35px, 0)}.wp-block-uagb-image--layout-overlay__inner:hover .uagb-image-heading,.wp-block-uagb-image--layout-overlay__inner:hover .uagb-image-separator,.wp-block-uagb-image--layout-overlay__inner:hover .uagb-image-caption{opacity:1;transform:translate3d(0, 0, 0)}.wp-block-uagb-image--effect-zoomin .wp-block-uagb-image__figure img,.wp-block-uagb-image--effect-zoomin .wp-block-uagb-image__figure .wp-block-uagb-image--layout-overlay__color-wrapper{transform:scale(1);transition:transform .35s ease-in-out}.wp-block-uagb-image--effect-zoomin .wp-block-uagb-image__figure:hover img,.wp-block-uagb-image--effect-zoomin .wp-block-uagb-image__figure:hover .wp-block-uagb-image--layout-overlay__color-wrapper{transform:scale(1.05)}.wp-block-uagb-image--effect-slide .wp-block-uagb-image__figure img,.wp-block-uagb-image--effect-slide .wp-block-uagb-image__figure .wp-block-uagb-image--layout-overlay__color-wrapper{width:calc(100% + 40px) !important;max-width:none !important;transform:translate3d(-40px, 0, 0);transition:transform .35s ease-in-out}.wp-block-uagb-image--effect-slide .wp-block-uagb-image__figure:hover img,.wp-block-uagb-image--effect-slide .wp-block-uagb-image__figure:hover .wp-block-uagb-image--layout-overlay__color-wrapper{transform:translate3d(0, 0, 0)}.wp-block-uagb-image--effect-grayscale img{filter:grayscale(0%);transition:.35s ease-in-out}.wp-block-uagb-image--effect-grayscale:hover img{filter:grayscale(100%)}.wp-block-uagb-image--effect-blur img{filter:blur(0);transition:.35s ease-in-out}.wp-block-uagb-image--effect-blur:hover img{filter:blur(3px)}.uagb-block-e6f939b3.wp-block-uagb-image--layout-default figure img{box-shadow: 0px 0px 0 #00000070;}.uagb-block-e6f939b3.wp-block-uagb-image .wp-block-uagb-image__figure figcaption{font-style: normal;align-self: center;}.uagb-block-e6f939b3.wp-block-uagb-image--layout-overlay figure img{box-shadow: 0px 0px 0 #00000070;}.uagb-block-e6f939b3.wp-block-uagb-image--layout-overlay .wp-block-uagb-image--layout-overlay__color-wrapper{opacity: 0.2;}.uagb-block-e6f939b3.wp-block-uagb-image--layout-overlay .wp-block-uagb-image--layout-overlay__inner{left: 15px;right: 15px;top: 15px;bottom: 15px;}.uagb-block-e6f939b3.wp-block-uagb-image--layout-overlay .wp-block-uagb-image--layout-overlay__inner .uagb-image-heading{font-style: normal;color: #fff;opacity: 1;}.uagb-block-e6f939b3.wp-block-uagb-image--layout-overlay .wp-block-uagb-image--layout-overlay__inner .uagb-image-heading a{color: #fff;}.uagb-block-e6f939b3.wp-block-uagb-image--layout-overlay .wp-block-uagb-image--layout-overlay__inner .uagb-image-caption{opacity: 0;}.uagb-block-e6f939b3.wp-block-uagb-image--layout-overlay .wp-block-uagb-image__figure:hover .wp-block-uagb-image--layout-overlay__color-wrapper{opacity: 1;}.uagb-block-e6f939b3.wp-block-uagb-image .wp-block-uagb-image--layout-overlay__inner .uagb-image-separator{width: 30%;border-top-width: 2px;border-top-color: #fff;opacity: 0;}.uagb-block-e6f939b3.wp-block-uagb-image .wp-block-uagb-image__figure img{width: px;height: auto;}.uagb-block-e6f939b3.wp-block-uagb-image .wp-block-uagb-image__figure:hover .wp-block-uagb-image--layout-overlay__inner .uagb-image-caption{opacity: 1;}.uagb-block-e6f939b3.wp-block-uagb-image .wp-block-uagb-image__figure:hover .wp-block-uagb-image--layout-overlay__inner .uagb-image-separator{opacity: 1;}.uagb-block-e6f939b3.wp-block-uagb-image--layout-default figure:hover img{box-shadow: 0px 0px 0 #00000070;}.uagb-block-e6f939b3.wp-block-uagb-image--layout-overlay figure:hover img{box-shadow: 0px 0px 0 #00000070;}@media only screen and (max-width: 976px) {.uagb-block-e6f939b3.wp-block-uagb-image .wp-block-uagb-image__figure img{width: px;height: auto;}}@media only screen and (max-width: 767px) {.uagb-block-e6f939b3.wp-block-uagb-image .wp-block-uagb-image__figure img{width: px;height: auto;}}\";s:2:\"js\";s:0:\"\";s:18:\"current_block_list\";a:13:{i:0;s:11:\"core\/search\";i:1;s:10:\"core\/group\";i:2;s:12:\"core\/heading\";i:3;s:17:\"core\/latest-posts\";i:4;s:20:\"core\/latest-comments\";i:5;s:13:\"core\/archives\";i:6;s:15:\"core\/categories\";i:7;s:14:\"core\/paragraph\";i:8;s:10:\"uagb\/image\";i:9;s:11:\"core\/spacer\";i:10;s:30:\"woocommerce\/product-categories\";i:11;s:10:\"core\/image\";i:12;s:14:\"core\/shortcode\";}s:8:\"uag_flag\";b:1;s:11:\"uag_version\";s:10:\"1777376338\";s:6:\"gfonts\";a:0:{}s:10:\"gfonts_url\";s:0:\"\";s:12:\"gfonts_files\";a:0:{}s:14:\"uag_faq_layout\";b:0;}"]},"uagb_featured_image_src":{"full":["https:\/\/www.ferberpainting.com\/wp-content\/uploads\/2025\/05\/MoneyTreeFertilizer5L.png",2560,2560,false],"thumbnail":["https:\/\/www.ferberpainting.com\/wp-content\/uploads\/2025\/05\/MoneyTreeFertilizer5L-150x150.png",150,150,true],"medium":["https:\/\/www.ferberpainting.com\/wp-content\/uploads\/2025\/05\/MoneyTreeFertilizer5L-300x300.png",300,300,true],"medium_large":["https:\/\/www.ferberpainting.com\/wp-content\/uploads\/2025\/05\/MoneyTreeFertilizer5L-768x768.png",768,768,true],"large":["https:\/\/www.ferberpainting.com\/wp-content\/uploads\/2025\/05\/MoneyTreeFertilizer5L-1024x1024.png",1024,1024,true],"1536x1536":["https:\/\/www.ferberpainting.com\/wp-content\/uploads\/2025\/05\/MoneyTreeFertilizer5L-1536x1536.png",1536,1536,true],"2048x2048":["https:\/\/www.ferberpainting.com\/wp-content\/uploads\/2025\/05\/MoneyTreeFertilizer5L-2048x2048.png",2048,2048,true],"trp-custom-language-flag":["https:\/\/www.ferberpainting.com\/wp-content\/uploads\/2025\/05\/MoneyTreeFertilizer5L-12x12.png",12,12,true],"woocommerce_thumbnail":["https:\/\/www.ferberpainting.com\/wp-content\/uploads\/2025\/05\/MoneyTreeFertilizer5L-300x300.png",300,300,true],"woocommerce_single":["https:\/\/www.ferberpainting.com\/wp-content\/uploads\/2025\/05\/MoneyTreeFertilizer5L-600x600.png",600,600,true],"woocommerce_gallery_thumbnail":["https:\/\/www.ferberpainting.com\/wp-content\/uploads\/2025\/05\/MoneyTreeFertilizer5L-100x100.png",100,100,true]},"uagb_author_info":{"display_name":"admin","author_link":"https:\/\/www.ferberpainting.com\/hu\/author\/"},"uagb_comment_info":7,"uagb_excerpt":"A balanced fertilizer for a strong and lush pachira.\u00a0Pachira aquatica, also known as the &#8220;money tree,&#8221; is a popular houseplant appreciated for its braided trunk and shiny, dense foliage. To ensure vigorous growth and harmonious development, it is essential to provide it with suitable nutrition. This NPK 15-15-15 fertilizer provides the perfect balance of nitrogen&hellip;","_links":{"self":[{"href":"https:\/\/www.ferberpainting.com\/hu\/wp-json\/wp\/v2\/product\/24711","targetHints":{"allow":["GET"]}}],"collection":[{"href":"https:\/\/www.ferberpainting.com\/hu\/wp-json\/wp\/v2\/product"}],"about":[{"href":"https:\/\/www.ferberpainting.com\/hu\/wp-json\/wp\/v2\/types\/product"}],"replies":[{"embeddable":true,"href":"https:\/\/www.ferberpainting.com\/hu\/wp-json\/wp\/v2\/comments?post=24711"}],"version-history":[{"count":4,"href":"https:\/\/www.ferberpainting.com\/hu\/wp-json\/wp\/v2\/product\/24711\/revisions"}],"predecessor-version":[{"id":166603,"href":"https:\/\/www.ferberpainting.com\/hu\/wp-json\/wp\/v2\/product\/24711\/revisions\/166603"}],"wp:featuredmedia":[{"embeddable":true,"href":"https:\/\/www.ferberpainting.com\/hu\/wp-json\/wp\/v2\/media\/26589"}],"wp:attachment":[{"href":"https:\/\/www.ferberpainting.com\/hu\/wp-json\/wp\/v2\/media?parent=24711"}],"wp:term":[{"taxonomy":"product_brand","embeddable":true,"href":"https:\/\/www.ferberpainting.com\/hu\/wp-json\/wp\/v2\/product_brand?post=24711"},{"taxonomy":"product_cat","embeddable":true,"href":"https:\/\/www.ferberpainting.com\/hu\/wp-json\/wp\/v2\/product_cat?post=24711"},{"taxonomy":"product_tag","embeddable":true,"href":"https:\/\/www.ferberpainting.com\/hu\/wp-json\/wp\/v2\/product_tag?post=24711"}],"curies":[{"name":"wp","href":"https:\/\/api.w.org\/{rel}","templated":true}]}}