{"id":24708,"date":"2025-05-26T10:26:43","date_gmt":"2025-05-26T08:26:43","guid":{"rendered":"https:\/\/www.ferberpainting.com\/products\/mimosa-fertilizer\/"},"modified":"2026-02-15T22:01:50","modified_gmt":"2026-02-15T21:01:50","slug":"mimosa-fertilizer","status":"publish","type":"product","link":"https:\/\/www.ferberpainting.com\/hu\/products\/mimosa-fertilizer\/","title":{"rendered":"Mim\u00f3za m\u0171tr\u00e1gya"},"content":{"rendered":"<p><strong><img decoding=\"async\" style=\"margin-right: 12px;\" src=\"https:\/\/www.ferberpainting.com\/wp-content\/uploads\/2026\/02\/Check.svg\" alt=\"\" width=\"18\" height=\"15\" \/>K\u00e1pr\u00e1zatos vir\u00e1gz\u00e1shoz \u00e9s er\u0151teljes n\u00f6veked\u00e9shez tervezett m\u0171tr\u00e1gya.<\/strong>\u00a0A mim\u00f3za egy d\u00edszfa, amelyet illatos, s\u00e1rga vir\u00e1gf\u00fcrtjei\u00e9rt \u00e9s finom lombozat\u00e1\u00e9rt szeretnek. Ahhoz, hogy teljes d\u00edsz\u00edt\u0151erej\u00e9t kibontakoztathassa, kiegyens\u00falyozott \u00e9s gazdag t\u00e1panyagell\u00e1t\u00e1sra van sz\u00fcks\u00e9ge, amely el\u0151seg\u00edti fejl\u0151d\u00e9s\u00e9t. Ez az NPK 15-15-15 m\u0171tr\u00e1gya a gyors lombn\u00f6veked\u00e9shez sz\u00fcks\u00e9ges nitrog\u00e9n (N), a m\u00e9ly \u00e9s er\u0151s gy\u00f6keresed\u00e9st serkent\u0151 foszfor (P) \u00e9s a betegs\u00e9gekkel \u00e9s sz\u00e9ls\u0151s\u00e9ges id\u0151j\u00e1r\u00e1si viszonyokkal szembeni ellen\u00e1ll\u00f3 k\u00e9pess\u00e9get jav\u00edt\u00f3 k\u00e1lium (K) r\u00e9v\u00e9n biztos\u00edtja a teljes tr\u00e1gy\u00e1z\u00e1st. Ennek a m\u0171tr\u00e1gy\u00e1nak k\u00f6sz\u00f6nhet\u0151en az \u00d6n mim\u00f3z\u00e1ja b\u0151s\u00e9ges vir\u00e1gz\u00e1sban, d\u00fas lombozatban \u00e9s jobb alkalmazkod\u00f3k\u00e9pess\u00e9gben r\u00e9szes\u00fcl a sz\u00e1razs\u00e1g \u00e9s a fagyos id\u0151szakokkal szemben.<\/p>\n<p><strong><img decoding=\"async\" style=\"margin-right: 12px;\" src=\"https:\/\/www.ferberpainting.com\/wp-content\/uploads\/2026\/02\/Check.svg\" alt=\"\" width=\"18\" height=\"15\" \/>P\u00e9nzvisszafizet\u00e9si garancia.<\/strong>\u00a0Teljes m\u00e9rt\u00e9kben megb\u00edzunk mim\u00f3zatr\u00e1gy\u00e1nk hat\u00e9konys\u00e1g\u00e1ban, ez\u00e9rt p\u00e9nzvisszafizet\u00e9si garanci\u00e1t v\u00e1llalunk. Ha az aj\u00e1nl\u00e1sainknak megfelel\u0151 haszn\u00e1lat ut\u00e1n a f\u00e1ja nem mutat \u00e9szrevehet\u0151 javul\u00e1st a n\u00f6veked\u00e9s, a vir\u00e1gz\u00e1s vagy a k\u00fcls\u0151 agresszi\u00f3kkal szembeni ellen\u00e1ll\u00f3 k\u00e9pess\u00e9g tekintet\u00e9ben, v\u00e1llaljuk, hogy teljes m\u00e9rt\u00e9kben visszat\u00e9r\u00edtj\u00fck az \u00e1r\u00e1t. Teljes lelki nyugalommal \u00e9s bizalommal v\u00e1s\u00e1rolhat.<\/p>\n<p><strong><img decoding=\"async\" style=\"margin-right: 12px;\" src=\"https:\/\/www.ferberpainting.com\/wp-content\/uploads\/2026\/02\/Check.svg\" alt=\"\" width=\"18\" height=\"15\" \/>Alkalmas minden fajt\u00e1hoz \u00e9s k\u00fcl\u00f6nb\u00f6z\u0151 termeszt\u00e9si m\u00f3dszerekhez.<\/strong>\u00a0Ez a m\u0171tr\u00e1gya minden mim\u00f3zafajta sz\u00e1m\u00e1ra alkalmas, legyen sz\u00f3 t\u00e9li mim\u00f3z\u00e1r\u00f3l (Acacia dealbata), n\u00e9gy \u00e9vszakos mim\u00f3z\u00e1r\u00f3l (Acacia retinodes) vagy ak\u00e1r Mimosa pudic\u00e1r\u00f3l. Hat\u00e9kony a szabadf\u00f6ld\u00f6n, cser\u00e9pben vagy d\u00e9zs\u00e1ban nevelt f\u00e1k eset\u00e9ben, garant\u00e1lva az optim\u00e1lis tr\u00e1gy\u00e1z\u00e1st a termeszt\u00e9si m\u00f3dt\u00f3l f\u00fcggetlen\u00fcl. Emellett minden talajt\u00edpusra alkalmas, legyen az agyagos, homokos vagy agyagos, jav\u00edtja a talajszerkezetet \u00e9s el\u0151seg\u00edti a jobb t\u00e1panyagmegk\u00f6t\u00e9st.<\/p>\n<p><strong><img decoding=\"async\" style=\"margin-right: 12px;\" src=\"https:\/\/www.ferberpainting.com\/wp-content\/uploads\/2026\/02\/Check.svg\" alt=\"\" width=\"18\" height=\"15\" \/>K\u00f6lts\u00e9ghat\u00e9kony hozam \u00e9s tart\u00f3s tr\u00e1gy\u00e1z\u00e1s.<\/strong>\u00a0Foly\u00e9kony, koncentr\u00e1lt formul\u00e1j\u00e1nak k\u00f6sz\u00f6nhet\u0151en egy 5 literes kann\u00e1b\u00f3l ak\u00e1r 1000 liter m\u0171tr\u00e1gyaoldat is el\u0151\u00e1ll\u00edthat\u00f3, \u00edgy hosszan tart\u00f3 \u00e9s gazdas\u00e1gos tr\u00e1gy\u00e1z\u00e1st biztos\u00edt. Az 5 ml\/liter v\u00edz aj\u00e1nlott adagol\u00e1s\u00e1val garant\u00e1lja az \u00e1lland\u00f3 \u00e9s homog\u00e9n t\u00e1panyagbevitelt, elker\u00fclve a hi\u00e1nyt, \u00e9s optimaliz\u00e1lva a mim\u00f3za n\u00f6veked\u00e9s\u00e9t \u00e9s vir\u00e1gz\u00e1s\u00e1t felesleg \u00e9s pazarl\u00e1s n\u00e9lk\u00fcl.<\/p>\n<p><strong><img decoding=\"async\" style=\"margin-right: 12px;\" src=\"https:\/\/www.ferberpainting.com\/wp-content\/uploads\/2026\/02\/Check.svg\" alt=\"\" width=\"18\" height=\"15\" \/>Biztons\u00e1gos \u00e9s k\u00f6rnyezetbar\u00e1t m\u0171tr\u00e1gya.<\/strong>\u00a0Ez a m\u0171tr\u00e1gya a talaj egyens\u00faly\u00e1nak \u00e9s a k\u00f6rnyez\u0151 biodiverzit\u00e1snak a tiszteletben tart\u00e1sa \u00e9rdek\u00e9ben k\u00e9sz\u00fclt, \u00e9s nem tartalmaz olyan k\u00e1ros k\u00e9miai term\u00e9ket, amely megv\u00e1ltoztatn\u00e1 a talaj mikrofl\u00f3r\u00e1j\u00e1t vagy k\u00e1ros\u00edtan\u00e1 a beporz\u00f3 rovarokat, p\u00e9ld\u00e1ul a m\u00e9heket \u00e9s a pillang\u00f3kat. H\u00e1zi\u00e1llatok \u00e9s gyermekek sz\u00e1m\u00e1ra is biztons\u00e1gos, \u00edgy teljes nyugalommal biztos\u00edtja a tr\u00e1gy\u00e1z\u00e1st kertj\u00e9ben vagy szabadt\u00e9ren.<\/p>\n<p><strong><img decoding=\"async\" style=\"margin-right: 12px;\" src=\"https:\/\/www.ferberpainting.com\/wp-content\/uploads\/2026\/02\/Check.svg\" alt=\"\" width=\"18\" height=\"15\" \/>K\u00f6nnyen alkalmazhat\u00f3 \u00e9s er\u0151fesz\u00edt\u00e9s n\u00e9lk\u00fcli tr\u00e1gy\u00e1z\u00e1s.<\/strong>\u00a0A szil\u00e1rd m\u0171tr\u00e1gy\u00e1kkal ellent\u00e9tben, amelyek apr\u00f3l\u00e9kos sz\u00f3r\u00e1st ig\u00e9nyelnek, ez a m\u0171tr\u00e1gya azonnal felh\u00edgul a v\u00edzben, \u00e9s \u00f6nt\u00f6z\u00e9ssel vagy lombpermetez\u00e9ssel juttathat\u00f3 ki, biztos\u00edtva a t\u00e1panyagok gyors \u00e9s hat\u00e9kony felsz\u00edv\u00f3d\u00e1s\u00e1t. Egyszer\u0171 \u00e9s gyors alkalmaz\u00e1si m\u00f3dja ide\u00e1lis megold\u00e1ss\u00e1 teszi mind az amat\u0151r kert\u00e9szek, mind a tapasztalt kert\u00e9szek sz\u00e1m\u00e1ra.<\/p>\n<p><strong><img decoding=\"async\" style=\"margin-right: 12px;\" src=\"https:\/\/www.ferberpainting.com\/wp-content\/uploads\/2026\/02\/Check.svg\" alt=\"\" width=\"18\" height=\"15\" \/>Hosszan tart\u00f3 hat\u00e1s a folyamatos n\u00f6veked\u00e9s\u00e9rt \u00e9s tart\u00f3s vir\u00e1gz\u00e1s\u00e9rt.<\/strong>\u00a0Fokozatos t\u00e1panyag-lead\u00e1s\u00e1nak k\u00f6sz\u00f6nhet\u0151en ez a m\u0171tr\u00e1gya t\u00f6bb h\u00e9ten \u00e1t t\u00e1pl\u00e1lja a mim\u00f3z\u00e1t, biztos\u00edtva a vir\u00e1gz\u00e1s elh\u00faz\u00f3d\u00e1s\u00e1t \u00e9s a tart\u00f3s n\u00f6veked\u00e9st. Emellett er\u0151s\u00edti a n\u00f6v\u00e9ny ellen\u00e1ll\u00f3 k\u00e9pess\u00e9g\u00e9t a k\u00e1rtev\u0151kkel, gombabetegs\u00e9gekkel \u00e9s az olyan k\u00f6rnyezeti stresszhat\u00e1sokkal szemben, mint a hideg vagy a ny\u00e1ri sz\u00e1razs\u00e1g.<\/p>\n<p><strong><img decoding=\"async\" style=\"margin-right: 12px;\" src=\"https:\/\/www.ferberpainting.com\/wp-content\/uploads\/2026\/02\/Check.svg\" alt=\"\" width=\"18\" height=\"15\" \/>L\u00e1that\u00f3 eredm\u00e9nyek az els\u0151 hetekt\u0151l kezdve.<\/strong>\u00a0Ez a m\u0171tr\u00e1gya m\u00e1r az els\u0151 alkalmaz\u00e1st\u00f3l kezdve serkenti az \u00faj hajt\u00e1sok megjelen\u00e9s\u00e9t, n\u00f6veli a lev\u00e9ls\u0171r\u0171s\u00e9get, \u00e9s intenz\u00edvebb\u00e9 teszi a vir\u00e1g sz\u00edn\u00e9t \u00e9s illat\u00e1t. N\u00e9h\u00e1ny h\u00e9ten bel\u00fcl a mim\u00f3za er\u0151teljes n\u00f6veked\u00e9st mutat, b\u0151s\u00e9ges, \u00e9l\u00e9nkebb sz\u00edn\u0171 vir\u00e1gz\u00e1st \u00e9s kellemes illatot \u00e1raszt, amely eleganci\u00e1t k\u00f6lcs\u00f6n\u00f6z kertj\u00e9nek vagy terasz\u00e1nak.<\/p>\n<h2><strong>Haszn\u00e1lati protokoll<\/strong><\/h2>\n<p><strong>M\u0171tr\u00e1gya h\u00edg\u00edt\u00e1sa <\/strong>: Keverjen \u00f6ssze 5 ml m\u0171tr\u00e1gy\u00e1t 1 liter v\u00edzhez. Az egyenletes t\u00e1panyageloszl\u00e1s \u00e9rdek\u00e9ben minden egyes kijuttat\u00e1s el\u0151tt j\u00f3l r\u00e1zza fel az oldatot.<\/p>\n<p><strong>Alkalmaz\u00e1si m\u00f3dszer <\/strong>:<br \/>\n\u25e6 <strong>\u00d6nt\u00f6z\u00e9ssel <\/strong>: \u00d6ntse a h\u00edg\u00edtott oldatot k\u00f6zvetlen\u00fcl a mim\u00f3za t\u00f6v\u00e9re, \u00fcgyelve arra, hogy a t\u00e1panyag elfoly\u00e1s\u00e1nak elker\u00fcl\u00e9se \u00e9rdek\u00e9ben a talajt j\u00f3l, felesleg n\u00e9lk\u00fcl nedves\u00edtse meg.<br \/>\n\u25e6 <strong>Lombpermetez\u00e9ssel (nem k\u00f6telez\u0151) <\/strong>: Az oldatot enyh\u00e9n permetezze a levelekre \u00e9s a fiatal sz\u00e1rakra, kora reggel vagy k\u00e9s\u0151 este, hogy a felsz\u00edv\u00f3d\u00e1st a t\u00falzott p\u00e1rolg\u00e1s vesz\u00e9lye n\u00e9lk\u00fcl maximaliz\u00e1lja.<\/p>\n<p><strong>Alkalmaz\u00e1si gyakoris\u00e1g <\/strong>:<br \/>\n\u25e6 <strong>A n\u00f6veked\u00e9si \u00e9s vir\u00e1gz\u00e1si id\u0151szakban (tavasz-ny\u00e1r) <\/strong>: A gyors n\u00f6veked\u00e9s \u00e9s a b\u0151s\u00e9ges vir\u00e1gz\u00e1s serkent\u00e9se \u00e9rdek\u00e9ben k\u00e9thetente alkalmazza a m\u0171tr\u00e1gy\u00e1t.<br \/>\n\u25e6 <strong>Vegetat\u00edv pihen\u0151id\u0151ben (\u0151sz-t\u00e9l) <\/strong>: Cs\u00f6kkentse a gyakoris\u00e1got havonta egyszerre, hogy a mim\u00f3za \u00e9leterej\u00e9t meg\u0151rizze an\u00e9lk\u00fcl, hogy t\u00falzott n\u00f6veked\u00e9sre \u00f6szt\u00f6n\u00f6zn\u00e9.<\/p>\n<p><strong>Tov\u00e1bbi \u00f6nt\u00f6z\u00e9s <\/strong>: A m\u0171tr\u00e1gya kijuttat\u00e1sa ut\u00e1n v\u00e1rjon 48 \u00f3r\u00e1t az \u00fajabb \u00f6nt\u00f6z\u00e9ssel, hogy a gy\u00f6kerek optim\u00e1lisan felsz\u00edvhass\u00e1k a t\u00e1panyagokat.<\/p>\n<p><strong>Haszn\u00e1lati \u00f3vint\u00e9zked\u00e9sek <\/strong>: Ne l\u00e9pje t\u00fal az aj\u00e1nlott d\u00f3zisokat, hogy elker\u00fclje az \u00e1sv\u00e1nyi s\u00f3k t\u00falzott felhalmoz\u00f3d\u00e1s\u00e1t a talajban, ami lass\u00edthatja a mim\u00f3za n\u00f6veked\u00e9s\u00e9t. A t\u00e1panyagok optim\u00e1lis felsz\u00edv\u00f3d\u00e1s\u00e1nak biztos\u00edt\u00e1sa \u00e9rdek\u00e9ben csak enyh\u00e9n nedves talajra alkalmazza.<\/p>\n<p><strong>T\u00e1rol\u00e1s \u00e9s konzerv\u00e1l\u00e1s <\/strong>: A m\u0171tr\u00e1gy\u00e1t sz\u00e1raz, m\u00e9rs\u00e9kelt h\u0151m\u00e9rs\u00e9klet\u0171, f\u00e9nyt\u0151l \u00e9s nedvess\u00e9gt\u0151l v\u00e9dett helyen t\u00e1rolja. A term\u00e9k hat\u00e9konys\u00e1g\u00e1nak meg\u0151rz\u00e9se \u00e9s a p\u00e1rolg\u00e1s elker\u00fcl\u00e9se \u00e9rdek\u00e9ben minden haszn\u00e1lat ut\u00e1n szorosan z\u00e1rja vissza a tart\u00e1lyt.<\/p>\n<p>Ezzel a mim\u00f3za m\u0171tr\u00e1gy\u00e1val k\u00edn\u00e1ljon f\u00e1j\u00e1nak teljes t\u00e1panyagell\u00e1t\u00e1st, amely t\u00f6k\u00e9letesen igazodik egyedi ig\u00e9nyeihez, biztos\u00edtva az er\u0151teljes n\u00f6veked\u00e9st, a l\u00e1tv\u00e1nyos vir\u00e1gz\u00e1st \u00e9s a k\u00fclt\u00e9ri k\u00f6r\u00fclm\u00e9nyekkel szembeni jobb ellen\u00e1ll\u00f3k\u00e9pess\u00e9get. Ez az ide\u00e1lis megold\u00e1s, hogy kertj\u00e9t, terasz\u00e1t vagy erk\u00e9ly\u00e9t eg\u00e9sz \u00e9vben d\u00fas \u00e9s eg\u00e9szs\u00e9ges mim\u00f3z\u00e1val gazdag\u00edtsa.<\/p>","protected":false},"excerpt":{"rendered":"<p>A fertilizer designed for dazzling flowering and vigorous growth.\u00a0The mimosa is an ornamental tree appreciated for its magnificent clusters of fragrant yellow flowers and its delicate foliage. To reveal its full decorative potential, it needs a balanced and rich nutrient supply that promotes its development. This NPK 15-15-15 fertilizer ensures complete fertilization by providing nitrogen [&hellip;]<\/p>\n","protected":false},"featured_media":26587,"comment_status":"open","ping_status":"closed","template":"","meta":{"_uag_custom_page_level_css":"","site-sidebar-layout":"default","site-content-layout":"","ast-site-content-layout":"default","site-content-style":"default","site-sidebar-style":"default","ast-global-header-display":"","ast-banner-title-visibility":"","ast-main-header-display":"","ast-hfb-above-header-display":"","ast-hfb-below-header-display":"","ast-hfb-mobile-header-display":"","site-post-title":"","ast-breadcrumbs-content":"","ast-featured-img":"","footer-sml-layout":"","ast-disable-related-posts":"","theme-transparent-header-meta":"default","adv-header-id-meta":"","stick-header-meta":"","header-above-stick-meta":"","header-main-stick-meta":"","header-below-stick-meta":"","astra-migrate-meta-layouts":"set","ast-page-background-enabled":"default","ast-page-background-meta":{"desktop":{"background-color":"var(--ast-global-color-4)","background-image":"","background-repeat":"repeat","background-position":"center center","background-size":"auto","background-attachment":"scroll","background-type":"","background-media":"","overlay-type":"","overlay-color":"","overlay-opacity":"","overlay-gradient":""},"tablet":{"background-color":"","background-image":"","background-repeat":"repeat","background-position":"center center","background-size":"auto","background-attachment":"scroll","background-type":"","background-media":"","overlay-type":"","overlay-color":"","overlay-opacity":"","overlay-gradient":""},"mobile":{"background-color":"","background-image":"","background-repeat":"repeat","background-position":"center center","background-size":"auto","background-attachment":"scroll","background-type":"","background-media":"","overlay-type":"","overlay-color":"","overlay-opacity":"","overlay-gradient":""}},"ast-content-background-meta":{"desktop":{"background-color":"var(--ast-global-color-5)","background-image":"","background-repeat":"repeat","background-position":"center center","background-size":"auto","background-attachment":"scroll","background-type":"","background-media":"","overlay-type":"","overlay-color":"","overlay-opacity":"","overlay-gradient":""},"tablet":{"background-color":"var(--ast-global-color-5)","background-image":"","background-repeat":"repeat","background-position":"center center","background-size":"auto","background-attachment":"scroll","background-type":"","background-media":"","overlay-type":"","overlay-color":"","overlay-opacity":"","overlay-gradient":""},"mobile":{"background-color":"var(--ast-global-color-5)","background-image":"","background-repeat":"repeat","background-position":"center center","background-size":"auto","background-attachment":"scroll","background-type":"","background-media":"","overlay-type":"","overlay-color":"","overlay-opacity":"","overlay-gradient":""}}},"product_brand":[],"product_cat":[178],"product_tag":[],"class_list":{"0":"post-24708","1":"product","2":"type-product","3":"status-publish","4":"has-post-thumbnail","6":"product_cat-fertilizers","7":"desktop-align-left","8":"tablet-align-left","9":"mobile-align-left","11":"first","12":"instock","13":"sale","14":"taxable","15":"shipping-taxable","16":"purchasable","17":"product-type-variable","18":"has-default-attributes"},"spectra_custom_meta":{"_visibility":["visible"],"_shopify_product_id":["9067654873333"],"_s2w_shopify_domain":["ferberpainting.myshopify.com"],"_shopify_variant_id":["46508217499893"],"_sku":[""],"_manage_stock":["no"],"total_sales":["12"],"_tax_status":["taxable"],"_tax_class":[""],"_backorders":["no"],"_sold_individually":["no"],"_virtual":["no"],"_downloadable":["no"],"_download_limit":["-1"],"_download_expiry":["-1"],"_stock":[null],"_stock_status":["instock"],"_wc_average_rating":["4.75"],"_wc_review_count":["8"],"_product_attributes":["a:1:{s:6:\"volume\";a:6:{s:4:\"name\";s:6:\"Volume\";s:5:\"value\";s:20:\"5 liters | 25 liters\";s:8:\"position\";i:1;s:10:\"is_visible\";i:0;s:12:\"is_variation\";i:1;s:11:\"is_taxonomy\";i:0;}}"],"_product_version":["10.5.1"],"_thumbnail_id":["26587"],"_product_image_gallery":["26588"],"wpse_downloadable_file_names":[""],"wpse_downloadable_file_urls":[""],"_edit_last":["1"],"_default_attributes":["a:1:{s:6:\"volume\";s:8:\"5 liters\";}"],"_edit_lock":["1771189169:1"],"_price":["29.90","129.90"],"merchant-center-availability":["yes"],"merchant-center-category":["113"],"_wp_page_template":["default"],"site-sidebar-layout":["default"],"ast-site-content-layout":["default"],"site-content-style":["default"],"site-sidebar-style":["default"],"theme-transparent-header-meta":["default"],"_wc_rating_count":["a:2:{i:4;i:2;i:5;i:6;}"],"astra-migrate-meta-layouts":["set"],"_uag_css_file_name":["uag-css-24708.css"],"_elementor_page_assets":["a:0:{}"],"_uag_page_assets":["a:9:{s:3:\"css\";s:7133:\".uag-blocks-common-selector{z-index:var(--z-index-desktop) !important}@media(max-width: 976px){.uag-blocks-common-selector{z-index:var(--z-index-tablet) !important}}@media(max-width: 767px){.uag-blocks-common-selector{z-index:var(--z-index-mobile) !important}}.wp-block-uagb-image{display:flex}.wp-block-uagb-image__figure{position:relative;display:flex;flex-direction:column;max-width:100%;height:auto;margin:0}.wp-block-uagb-image__figure img{height:auto;display:flex;max-width:100%;transition:box-shadow .2s ease}.wp-block-uagb-image__figure>a{display:inline-block}.wp-block-uagb-image__figure figcaption{text-align:center;margin-top:.5em;margin-bottom:1em}.wp-block-uagb-image .components-placeholder.block-editor-media-placeholder .components-placeholder__instructions{align-self:center}.wp-block-uagb-image--align-left{text-align:left}.wp-block-uagb-image--align-right{text-align:right}.wp-block-uagb-image--align-center{text-align:center}.wp-block-uagb-image--align-full .wp-block-uagb-image__figure{margin-left:calc(50% - 50vw);margin-right:calc(50% - 50vw);max-width:100vw;width:100vw;height:auto}.wp-block-uagb-image--align-full .wp-block-uagb-image__figure img{height:auto;width:100% !important}.wp-block-uagb-image--align-wide .wp-block-uagb-image__figure img{height:auto;width:100%}.wp-block-uagb-image--layout-overlay__color-wrapper{position:absolute;left:0;top:0;right:0;bottom:0;opacity:.2;background:rgba(0,0,0,.5);transition:opacity .35s ease-in-out}.wp-block-uagb-image--layout-overlay-link{position:absolute;left:0;right:0;bottom:0;top:0}.wp-block-uagb-image--layout-overlay .wp-block-uagb-image__figure:hover .wp-block-uagb-image--layout-overlay__color-wrapper{opacity:1}.wp-block-uagb-image--layout-overlay__inner{position:absolute;left:15px;right:15px;bottom:15px;top:15px;display:flex;align-items:center;justify-content:center;flex-direction:column;border-color:#fff;transition:.35s ease-in-out}.wp-block-uagb-image--layout-overlay__inner.top-left,.wp-block-uagb-image--layout-overlay__inner.top-center,.wp-block-uagb-image--layout-overlay__inner.top-right{justify-content:flex-start}.wp-block-uagb-image--layout-overlay__inner.bottom-left,.wp-block-uagb-image--layout-overlay__inner.bottom-center,.wp-block-uagb-image--layout-overlay__inner.bottom-right{justify-content:flex-end}.wp-block-uagb-image--layout-overlay__inner.top-left,.wp-block-uagb-image--layout-overlay__inner.center-left,.wp-block-uagb-image--layout-overlay__inner.bottom-left{align-items:flex-start}.wp-block-uagb-image--layout-overlay__inner.top-right,.wp-block-uagb-image--layout-overlay__inner.center-right,.wp-block-uagb-image--layout-overlay__inner.bottom-right{align-items:flex-end}.wp-block-uagb-image--layout-overlay__inner .uagb-image-heading{color:#fff;transition:transform .35s,opacity .35s ease-in-out;transform:translate3d(0, 24px, 0);margin:0;line-height:1em}.wp-block-uagb-image--layout-overlay__inner .uagb-image-separator{width:30%;border-top-width:2px;border-top-color:#fff;border-top-style:solid;margin-bottom:10px;opacity:0;transition:transform .4s,opacity .4s ease-in-out;transform:translate3d(0, 30px, 0)}.wp-block-uagb-image--layout-overlay__inner .uagb-image-caption{opacity:0;overflow:visible;color:#fff;transition:transform .45s,opacity .45s ease-in-out;transform:translate3d(0, 35px, 0)}.wp-block-uagb-image--layout-overlay__inner:hover .uagb-image-heading,.wp-block-uagb-image--layout-overlay__inner:hover .uagb-image-separator,.wp-block-uagb-image--layout-overlay__inner:hover .uagb-image-caption{opacity:1;transform:translate3d(0, 0, 0)}.wp-block-uagb-image--effect-zoomin .wp-block-uagb-image__figure img,.wp-block-uagb-image--effect-zoomin .wp-block-uagb-image__figure .wp-block-uagb-image--layout-overlay__color-wrapper{transform:scale(1);transition:transform .35s ease-in-out}.wp-block-uagb-image--effect-zoomin .wp-block-uagb-image__figure:hover img,.wp-block-uagb-image--effect-zoomin .wp-block-uagb-image__figure:hover .wp-block-uagb-image--layout-overlay__color-wrapper{transform:scale(1.05)}.wp-block-uagb-image--effect-slide .wp-block-uagb-image__figure img,.wp-block-uagb-image--effect-slide .wp-block-uagb-image__figure .wp-block-uagb-image--layout-overlay__color-wrapper{width:calc(100% + 40px) !important;max-width:none !important;transform:translate3d(-40px, 0, 0);transition:transform .35s ease-in-out}.wp-block-uagb-image--effect-slide .wp-block-uagb-image__figure:hover img,.wp-block-uagb-image--effect-slide .wp-block-uagb-image__figure:hover .wp-block-uagb-image--layout-overlay__color-wrapper{transform:translate3d(0, 0, 0)}.wp-block-uagb-image--effect-grayscale img{filter:grayscale(0%);transition:.35s ease-in-out}.wp-block-uagb-image--effect-grayscale:hover img{filter:grayscale(100%)}.wp-block-uagb-image--effect-blur img{filter:blur(0);transition:.35s ease-in-out}.wp-block-uagb-image--effect-blur:hover img{filter:blur(3px)}.uagb-block-e6f939b3.wp-block-uagb-image--layout-default figure img{box-shadow: 0px 0px 0 #00000070;}.uagb-block-e6f939b3.wp-block-uagb-image .wp-block-uagb-image__figure figcaption{font-style: normal;align-self: center;}.uagb-block-e6f939b3.wp-block-uagb-image--layout-overlay figure img{box-shadow: 0px 0px 0 #00000070;}.uagb-block-e6f939b3.wp-block-uagb-image--layout-overlay .wp-block-uagb-image--layout-overlay__color-wrapper{opacity: 0.2;}.uagb-block-e6f939b3.wp-block-uagb-image--layout-overlay .wp-block-uagb-image--layout-overlay__inner{left: 15px;right: 15px;top: 15px;bottom: 15px;}.uagb-block-e6f939b3.wp-block-uagb-image--layout-overlay .wp-block-uagb-image--layout-overlay__inner .uagb-image-heading{font-style: normal;color: #fff;opacity: 1;}.uagb-block-e6f939b3.wp-block-uagb-image--layout-overlay .wp-block-uagb-image--layout-overlay__inner .uagb-image-heading a{color: #fff;}.uagb-block-e6f939b3.wp-block-uagb-image--layout-overlay .wp-block-uagb-image--layout-overlay__inner .uagb-image-caption{opacity: 0;}.uagb-block-e6f939b3.wp-block-uagb-image--layout-overlay .wp-block-uagb-image__figure:hover .wp-block-uagb-image--layout-overlay__color-wrapper{opacity: 1;}.uagb-block-e6f939b3.wp-block-uagb-image .wp-block-uagb-image--layout-overlay__inner .uagb-image-separator{width: 30%;border-top-width: 2px;border-top-color: #fff;opacity: 0;}.uagb-block-e6f939b3.wp-block-uagb-image .wp-block-uagb-image__figure img{width: px;height: auto;}.uagb-block-e6f939b3.wp-block-uagb-image .wp-block-uagb-image__figure:hover .wp-block-uagb-image--layout-overlay__inner .uagb-image-caption{opacity: 1;}.uagb-block-e6f939b3.wp-block-uagb-image .wp-block-uagb-image__figure:hover .wp-block-uagb-image--layout-overlay__inner .uagb-image-separator{opacity: 1;}.uagb-block-e6f939b3.wp-block-uagb-image--layout-default figure:hover img{box-shadow: 0px 0px 0 #00000070;}.uagb-block-e6f939b3.wp-block-uagb-image--layout-overlay figure:hover img{box-shadow: 0px 0px 0 #00000070;}@media only screen and (max-width: 976px) {.uagb-block-e6f939b3.wp-block-uagb-image .wp-block-uagb-image__figure img{width: px;height: auto;}}@media only screen and (max-width: 767px) {.uagb-block-e6f939b3.wp-block-uagb-image .wp-block-uagb-image__figure img{width: px;height: auto;}}\";s:2:\"js\";s:0:\"\";s:18:\"current_block_list\";a:13:{i:0;s:11:\"core\/search\";i:1;s:10:\"core\/group\";i:2;s:12:\"core\/heading\";i:3;s:17:\"core\/latest-posts\";i:4;s:20:\"core\/latest-comments\";i:5;s:13:\"core\/archives\";i:6;s:15:\"core\/categories\";i:7;s:14:\"core\/paragraph\";i:8;s:10:\"uagb\/image\";i:9;s:11:\"core\/spacer\";i:10;s:30:\"woocommerce\/product-categories\";i:11;s:10:\"core\/image\";i:12;s:14:\"core\/shortcode\";}s:8:\"uag_flag\";b:1;s:11:\"uag_version\";s:10:\"1777331471\";s:6:\"gfonts\";a:0:{}s:10:\"gfonts_url\";s:0:\"\";s:12:\"gfonts_files\";a:0:{}s:14:\"uag_faq_layout\";b:0;}"]},"uagb_featured_image_src":{"full":["https:\/\/www.ferberpainting.com\/wp-content\/uploads\/2025\/05\/MimosaFertilizer5L.png",2560,2560,false],"thumbnail":["https:\/\/www.ferberpainting.com\/wp-content\/uploads\/2025\/05\/MimosaFertilizer5L-150x150.png",150,150,true],"medium":["https:\/\/www.ferberpainting.com\/wp-content\/uploads\/2025\/05\/MimosaFertilizer5L-300x300.png",300,300,true],"medium_large":["https:\/\/www.ferberpainting.com\/wp-content\/uploads\/2025\/05\/MimosaFertilizer5L-768x768.png",768,768,true],"large":["https:\/\/www.ferberpainting.com\/wp-content\/uploads\/2025\/05\/MimosaFertilizer5L-1024x1024.png",1024,1024,true],"1536x1536":["https:\/\/www.ferberpainting.com\/wp-content\/uploads\/2025\/05\/MimosaFertilizer5L-1536x1536.png",1536,1536,true],"2048x2048":["https:\/\/www.ferberpainting.com\/wp-content\/uploads\/2025\/05\/MimosaFertilizer5L-2048x2048.png",2048,2048,true],"trp-custom-language-flag":["https:\/\/www.ferberpainting.com\/wp-content\/uploads\/2025\/05\/MimosaFertilizer5L-12x12.png",12,12,true],"woocommerce_thumbnail":["https:\/\/www.ferberpainting.com\/wp-content\/uploads\/2025\/05\/MimosaFertilizer5L-300x300.png",300,300,true],"woocommerce_single":["https:\/\/www.ferberpainting.com\/wp-content\/uploads\/2025\/05\/MimosaFertilizer5L-600x600.png",600,600,true],"woocommerce_gallery_thumbnail":["https:\/\/www.ferberpainting.com\/wp-content\/uploads\/2025\/05\/MimosaFertilizer5L-100x100.png",100,100,true]},"uagb_author_info":{"display_name":"admin","author_link":"https:\/\/www.ferberpainting.com\/hu\/author\/"},"uagb_comment_info":8,"uagb_excerpt":"A fertilizer designed for dazzling flowering and vigorous growth.\u00a0The mimosa is an ornamental tree appreciated for its magnificent clusters of fragrant yellow flowers and its delicate foliage. To reveal its full decorative potential, it needs a balanced and rich nutrient supply that promotes its development. This NPK 15-15-15 fertilizer ensures complete fertilization by providing nitrogen&hellip;","_links":{"self":[{"href":"https:\/\/www.ferberpainting.com\/hu\/wp-json\/wp\/v2\/product\/24708","targetHints":{"allow":["GET"]}}],"collection":[{"href":"https:\/\/www.ferberpainting.com\/hu\/wp-json\/wp\/v2\/product"}],"about":[{"href":"https:\/\/www.ferberpainting.com\/hu\/wp-json\/wp\/v2\/types\/product"}],"replies":[{"embeddable":true,"href":"https:\/\/www.ferberpainting.com\/hu\/wp-json\/wp\/v2\/comments?post=24708"}],"version-history":[{"count":3,"href":"https:\/\/www.ferberpainting.com\/hu\/wp-json\/wp\/v2\/product\/24708\/revisions"}],"predecessor-version":[{"id":166598,"href":"https:\/\/www.ferberpainting.com\/hu\/wp-json\/wp\/v2\/product\/24708\/revisions\/166598"}],"wp:featuredmedia":[{"embeddable":true,"href":"https:\/\/www.ferberpainting.com\/hu\/wp-json\/wp\/v2\/media\/26587"}],"wp:attachment":[{"href":"https:\/\/www.ferberpainting.com\/hu\/wp-json\/wp\/v2\/media?parent=24708"}],"wp:term":[{"taxonomy":"product_brand","embeddable":true,"href":"https:\/\/www.ferberpainting.com\/hu\/wp-json\/wp\/v2\/product_brand?post=24708"},{"taxonomy":"product_cat","embeddable":true,"href":"https:\/\/www.ferberpainting.com\/hu\/wp-json\/wp\/v2\/product_cat?post=24708"},{"taxonomy":"product_tag","embeddable":true,"href":"https:\/\/www.ferberpainting.com\/hu\/wp-json\/wp\/v2\/product_tag?post=24708"}],"curies":[{"name":"wp","href":"https:\/\/api.w.org\/{rel}","templated":true}]}}