{"id":24701,"date":"2025-05-26T10:26:40","date_gmt":"2025-05-26T08:26:40","guid":{"rendered":"https:\/\/www.ferberpainting.com\/products\/microcement-varnish\/"},"modified":"2026-02-15T21:50:30","modified_gmt":"2026-02-15T20:50:30","slug":"microcement-varnish","status":"publish","type":"product","link":"https:\/\/www.ferberpainting.com\/hu\/products\/microcement-varnish\/","title":{"rendered":"Mikrocement lakk"},"content":{"rendered":"<p><strong><img decoding=\"async\" style=\"margin-right: 12px;\" src=\"https:\/\/www.ferberpainting.com\/wp-content\/uploads\/2026\/02\/Check.svg\" alt=\"\" width=\"18\" height=\"15\" \/>A viaszolt beton v\u00e9delme \u00e9s jav\u00edt\u00e1sa.<\/strong>\u00a0Ezt a viaszolt betonlakkot kifejezetten a fel\u00fcletek v\u00e9delm\u00e9re \u00e9s jav\u00edt\u00e1s\u00e1ra tervezt\u00e9k, mik\u00f6zben meg\u0151rzi azok term\u00e9szetes megjelen\u00e9s\u00e9t. L\u00e1thatatlan v\u00e9d\u0151filmet k\u00e9pez, amely meger\u0151s\u00edti a viaszbeton ellen\u00e1ll\u00e1s\u00e1t a mindennapi agresszi\u00f3kkal szemben, mint p\u00e9ld\u00e1ul a nedvess\u00e9g, foltok, \u00fct\u00e9sek \u00e9s kop\u00e1s, \u00edgy biztos\u00edtva a kifog\u00e1stalan \u00e9s tart\u00f3s eszt\u00e9tikai eredm\u00e9nyt.<\/p>\n<p><strong><img decoding=\"async\" style=\"margin-right: 12px;\" src=\"https:\/\/www.ferberpainting.com\/wp-content\/uploads\/2026\/02\/Check.svg\" alt=\"\" width=\"18\" height=\"15\" \/>P\u00e9nzvisszafizet\u00e9si garancia.<\/strong>\u00a0Teljes m\u00e9rt\u00e9kben megb\u00edzunk a viaszolt betonlakkunk hat\u00e9konys\u00e1g\u00e1ban, ez\u00e9rt p\u00e9nzvisszafizet\u00e9si garanci\u00e1t v\u00e1llalunk. Ha a term\u00e9k az aj\u00e1nl\u00e1soknak megfelel\u0151 alkalmaz\u00e1s ut\u00e1n nem felel meg az \u00d6n elv\u00e1r\u00e1sainak, lehet\u0151s\u00e9ge van felt\u00e9tel n\u00e9lk\u00fcl visszat\u00e9r\u00edt\u00e9st k\u00e9rni, \u00edgy biztos\u00edtva a kock\u00e1zatmentes v\u00e1s\u00e1rl\u00e1st teljes el\u00e9gedetts\u00e9ggel.<\/p>\n<p><strong><img decoding=\"async\" style=\"margin-right: 12px;\" src=\"https:\/\/www.ferberpainting.com\/wp-content\/uploads\/2026\/02\/Check.svg\" alt=\"\" width=\"18\" height=\"15\" \/>Alkalmas k\u00fcl\u00f6nb\u00f6z\u0151 por\u00f3zus \u00e9s \u00e1sv\u00e1nyi anyagokhoz.<\/strong>\u00a0Ez a lakk nem korl\u00e1toz\u00f3dik a viaszolt betonra, kompatibilis a nyers betonnal, cementtel, habarccsal, term\u00e9szetes k\u0151vel \u00e9s bizonyos por\u00f3zus bevonatokkal is. Seg\u00edt meger\u0151s\u00edteni sz\u00e1mos fel\u00fclet v\u00e9delm\u00e9t, mik\u00f6zben jav\u00edtja a fel\u00fcletk\u00e9pet, \u00edgy ide\u00e1lis padl\u00f3ra, falakra, munkafel\u00fcletekre, f\u00fcgg\u0151leges vagy v\u00edzszintes fel\u00fcletekre val\u00f3 alkalmaz\u00e1shoz.<\/p>\n<p><strong><img decoding=\"async\" style=\"margin-right: 12px;\" src=\"https:\/\/www.ferberpainting.com\/wp-content\/uploads\/2026\/02\/Check.svg\" alt=\"\" width=\"18\" height=\"15\" \/>Gazdas\u00e1gos hozam \u00e9s optimaliz\u00e1lt alkalmaz\u00e1s.<\/strong>\u00a0Koncentr\u00e1lt formul\u00e1j\u00e1nak k\u00f6sz\u00f6nhet\u0151en 1 liter lakk a fel\u00fclet porozit\u00e1s\u00e1t\u00f3l \u00e9s a felhordott r\u00e9tegek vastags\u00e1g\u00e1t\u00f3l f\u00fcgg\u0151en 8-12 m\u00b2-t k\u00e9pes fedni. Kiv\u00e1l\u00f3 fed\u0151k\u00e9pess\u00e9ge biztos\u00edtja a cs\u00f6kkentett fogyaszt\u00e1st, mik\u00f6zben maxim\u00e1lis v\u00e9delmet ny\u00fajt, seg\u00edtve a karbantart\u00e1si \u00e9s jav\u00edt\u00e1si k\u00f6lts\u00e9gek korl\u00e1toz\u00e1s\u00e1t.<\/p>\n<p><strong><img decoding=\"async\" style=\"margin-right: 12px;\" src=\"https:\/\/www.ferberpainting.com\/wp-content\/uploads\/2026\/02\/Check.svg\" alt=\"\" width=\"18\" height=\"15\" \/>Biztons\u00e1gos \u00e9s k\u00f6rnyezetbar\u00e1t term\u00e9k.<\/strong>\u00a0Kem\u00e9ny old\u00f3szerek \u00e9s m\u00e9rgez\u0151 vegy\u00fcletek n\u00e9lk\u00fcl k\u00e9sz\u00fclt, \u00edgy ez a lakk nem bocs\u00e1t ki k\u00e1ros f\u00fcst\u00f6t, \u00e9s belt\u00e9ren \u00e9s k\u00fclt\u00e9ren egyar\u00e1nt haszn\u00e1lhat\u00f3 an\u00e9lk\u00fcl, hogy befoly\u00e1soln\u00e1 a leveg\u0151 min\u0151s\u00e9g\u00e9t. A felhaszn\u00e1l\u00f3 \u00e9s a k\u00f6rnyezet sz\u00e1m\u00e1ra egyar\u00e1nt biztons\u00e1gos, \u00edgy lak\u00f3t\u00e9rben vagy z\u00e1rt helyis\u00e9gekben is teljes nyugalomban biztos\u00edthatja az alkalmaz\u00e1st.<\/p>\n<p><strong><img decoding=\"async\" style=\"margin-right: 12px;\" src=\"https:\/\/www.ferberpainting.com\/wp-content\/uploads\/2026\/02\/Check.svg\" alt=\"\" width=\"18\" height=\"15\" \/>K\u00f6nny\u0171 felhordhat\u00f3s\u00e1g \u00e9s homog\u00e9n sz\u00e1rad\u00e1s.<\/strong>\u00a0A haszn\u00e1latra k\u00e9sz lakk ecsettel, hengerrel vagy permetez\u0151vel k\u00f6nnyen felvihet\u0151, egyenletes eloszl\u00e1st \u00e9s homog\u00e9n, cs\u00edkok \u00e9s t\u00falterhel\u00e9s n\u00e9lk\u00fcli fel\u00fcletet biztos\u00edt. Foly\u00e9kony text\u00far\u00e1ja lehet\u0151v\u00e9 teszi a k\u00f6nny\u0171 felvitelt m\u00e9g a kezd\u0151 felhaszn\u00e1l\u00f3k sz\u00e1m\u00e1ra is, garant\u00e1lva a professzion\u00e1lis eredm\u00e9nyt teljes egyszer\u0171s\u00e9ggel.<\/p>\n<p><strong><img decoding=\"async\" style=\"margin-right: 12px;\" src=\"https:\/\/www.ferberpainting.com\/wp-content\/uploads\/2026\/02\/Check.svg\" alt=\"\" width=\"18\" height=\"15\" \/>Tart\u00f3ss\u00e1g \u00e9s ellen\u00e1ll\u00e1s a k\u00fcls\u0151 behat\u00e1sokkal szemben.<\/strong>\u00a0Felhord\u00e1s \u00e9s sz\u00e1rad\u00e1s ut\u00e1n ez a lakk tart\u00f3san v\u00e9di a viaszolt betont a karcol\u00e1sokkal, foltokkal, v\u00edzzel, olajjal \u00e9s h\u00e1ztart\u00e1si term\u00e9kekkel szemben, meghosszabb\u00edtva a kezelt fel\u00fcletek megjelen\u00e9s\u00e9t \u00e9s sz\u00e9ps\u00e9g\u00e9t. Fokozza a fel\u00fclet ellen\u00e1ll\u00f3 k\u00e9pess\u00e9g\u00e9t a gyakori gyalogosforgalommal \u00e9s az \u00e9ghajlati v\u00e1ltoz\u00e1sokkal szemben, \u00edgy megakad\u00e1lyozza a fel\u00fclet id\u0151 el\u0151tti elhaszn\u00e1l\u00f3d\u00e1s\u00e1t.<\/p>\n<p><strong><img decoding=\"async\" style=\"margin-right: 12px;\" src=\"https:\/\/www.ferberpainting.com\/wp-content\/uploads\/2026\/02\/Check.svg\" alt=\"\" width=\"18\" height=\"15\" \/>Gyors sz\u00e1rad\u00e1s \u00e9s gyorsabb szervizk\u00e9szs\u00e9g.<\/strong>\u00a0Gyorsan sz\u00e1rad\u00f3 formul\u00e1j\u00e1nak k\u00f6sz\u00f6nhet\u0151en ez a lakk 30-60 perc alatt tapint\u00e1sra megsz\u00e1rad, \u00e9s 24 \u00f3ra eltelt\u00e9vel el\u00e9ri optim\u00e1lis ellen\u00e1ll\u00f3k\u00e9pess\u00e9g\u00e9t. Ez lehet\u0151v\u00e9 teszi a fel\u00fcletek gyors \u00fajra haszn\u00e1latba v\u00e9tel\u00e9t, elker\u00fclve a hossz\u00fa v\u00e1rakoz\u00e1si id\u0151t \u00e9s megk\u00f6nny\u00edtve a fel\u00faj\u00edt\u00e1si vagy szerel\u00e9si munk\u00e1k el\u0151rehalad\u00e1s\u00e1t.<\/p>\n<h2><strong>Haszn\u00e1lati protokoll<\/strong><\/h2>\n<ul>\n<li><strong>Fel\u00fclet el\u0151k\u00e9sz\u00edt\u00e9se <\/strong>: Gy\u0151z\u0151dj\u00f6n meg arr\u00f3l, hogy a viaszolt betonfel\u00fclet tiszta, sz\u00e1raz, por-, zs\u00edr- \u00e9s szennyez\u0151d\u00e9smentes. Ha sz\u00fcks\u00e9ges, porolja le sz\u00e1raz ruh\u00e1val vagy mikrosz\u00e1las anyaggal.<\/li>\n<li><strong>Aj\u00e1nlott adagol\u00e1s <\/strong>: Alkalmazzon 1 litert 8-12 m\u00b2-re, az anyag porozit\u00e1s\u00e1t\u00f3l f\u00fcgg\u0151en. A t\u00f6k\u00e9letesebb befejez\u00e9s \u00e9s a fokozott v\u00e9delem \u00e9rdek\u00e9ben aj\u00e1nlott k\u00e9t-h\u00e1rom v\u00e9kony r\u00e9teget felvinni, nem pedig egy vastag r\u00e9teget.<\/li>\n<li><strong>Lakk felhord\u00e1sa <\/strong>: Vigye fel a lakkot sz\u00e9les ecsettel, r\u00f6vid bolyhos hengerrel vagy permetez\u0151vel, egyenletes mozdulatokkal, \u00e9s az egyenletes eloszl\u00e1s \u00e9rdek\u00e9ben keresztezve a meneteket. \u00dcgyeljen arra, hogy a term\u00e9ket j\u00f3l eloszlassa, hogy elker\u00fclje a t\u00falzott lerak\u00f3d\u00e1st.<\/li>\n<li><strong>Sz\u00e1rad\u00e1si id\u0151 <\/strong>: Hagyja sz\u00e1radni az egyes r\u00e9tegeket 30-60 percig. Az els\u0151 r\u00e9teg sz\u00e1rad\u00e1sa ut\u00e1n egy m\u00e1sodik r\u00e9teg is felvihet\u0151 a v\u00e9delem meger\u0151s\u00edt\u00e9se \u00e9s a fel\u00fclet jav\u00edt\u00e1sa \u00e9rdek\u00e9ben.<\/li>\n<li><strong>Teljes sz\u00e1r\u00edt\u00e1si \u00e9s szervizk\u00e9szs\u00e9g <\/strong>: A fel\u00fclet norm\u00e1l haszn\u00e1lata el\u0151tt v\u00e1rjon 24 \u00f3r\u00e1t. Az optim\u00e1lis ellen\u00e1ll\u00f3 k\u00e9pess\u00e9g biztos\u00edt\u00e1sa \u00e9rdek\u00e9ben ker\u00fclje a hosszabb ideig tart\u00f3 p\u00e1ratartalomnak vagy \u00fct\u00e9seknek val\u00f3 kitetts\u00e9get ebben az id\u0151szakban.<\/li>\n<li><strong>Hossz\u00fa t\u00e1v\u00fa karbantart\u00e1s \u00e9s v\u00e9delem <\/strong>: Ha megsz\u00e1radt, a lakk csak egyszer\u0171 karbantart\u00e1st ig\u00e9nyel nedves ruh\u00e1val \u00e9s enyhe h\u00e1ztart\u00e1si szerekkel. A viaszolt beton f\u00e9ny\u00e9nek \u00e9s v\u00e9delm\u00e9nek meg\u0151rz\u00e9se \u00e9rdek\u00e9ben sz\u00fcks\u00e9g eset\u00e9n n\u00e9h\u00e1ny \u00e9v eltelt\u00e9vel \u00faj lakkoz\u00e1st lehet v\u00e9gezni.<\/li>\n<li><strong>Szersz\u00e1mtiszt\u00edt\u00e1s <\/strong>: A felhord\u00e1s ut\u00e1n azonnal tiszt\u00edtsa meg az ecseteket, hengereket \u00e9s sz\u00f3r\u00f3fejeket tiszta v\u00edzzel, hogy megakad\u00e1lyozza a term\u00e9k megkem\u00e9nyed\u00e9s\u00e9t \u00e9s meghosszabb\u00edtsa a berendez\u00e9s \u00e9lettartam\u00e1t.<\/li>\n<\/ul>","protected":false},"excerpt":{"rendered":"<p>Protection and enhancement of waxed concrete.\u00a0This waxed concrete varnish is specially designed to protect and enhance surfaces while preserving their natural appearance. It forms an invisible protective film that reinforces the resistance of waxed concrete against daily aggressions such as humidity, stains, shocks, and wear, thus ensuring an impeccable and durable aesthetic result. Money-back guarantee.\u00a0We [&hellip;]<\/p>\n","protected":false},"featured_media":26584,"comment_status":"open","ping_status":"closed","template":"","meta":{"_uag_custom_page_level_css":"","site-sidebar-layout":"default","site-content-layout":"","ast-site-content-layout":"default","site-content-style":"default","site-sidebar-style":"default","ast-global-header-display":"","ast-banner-title-visibility":"","ast-main-header-display":"","ast-hfb-above-header-display":"","ast-hfb-below-header-display":"","ast-hfb-mobile-header-display":"","site-post-title":"","ast-breadcrumbs-content":"","ast-featured-img":"","footer-sml-layout":"","ast-disable-related-posts":"","theme-transparent-header-meta":"default","adv-header-id-meta":"","stick-header-meta":"","header-above-stick-meta":"","header-main-stick-meta":"","header-below-stick-meta":"","astra-migrate-meta-layouts":"set","ast-page-background-enabled":"default","ast-page-background-meta":{"desktop":{"background-color":"var(--ast-global-color-4)","background-image":"","background-repeat":"repeat","background-position":"center center","background-size":"auto","background-attachment":"scroll","background-type":"","background-media":"","overlay-type":"","overlay-color":"","overlay-opacity":"","overlay-gradient":""},"tablet":{"background-color":"","background-image":"","background-repeat":"repeat","background-position":"center center","background-size":"auto","background-attachment":"scroll","background-type":"","background-media":"","overlay-type":"","overlay-color":"","overlay-opacity":"","overlay-gradient":""},"mobile":{"background-color":"","background-image":"","background-repeat":"repeat","background-position":"center center","background-size":"auto","background-attachment":"scroll","background-type":"","background-media":"","overlay-type":"","overlay-color":"","overlay-opacity":"","overlay-gradient":""}},"ast-content-background-meta":{"desktop":{"background-color":"var(--ast-global-color-5)","background-image":"","background-repeat":"repeat","background-position":"center center","background-size":"auto","background-attachment":"scroll","background-type":"","background-media":"","overlay-type":"","overlay-color":"","overlay-opacity":"","overlay-gradient":""},"tablet":{"background-color":"var(--ast-global-color-5)","background-image":"","background-repeat":"repeat","background-position":"center center","background-size":"auto","background-attachment":"scroll","background-type":"","background-media":"","overlay-type":"","overlay-color":"","overlay-opacity":"","overlay-gradient":""},"mobile":{"background-color":"var(--ast-global-color-5)","background-image":"","background-repeat":"repeat","background-position":"center center","background-size":"auto","background-attachment":"scroll","background-type":"","background-media":"","overlay-type":"","overlay-color":"","overlay-opacity":"","overlay-gradient":""}}},"product_brand":[],"product_cat":[182,190],"product_tag":[],"class_list":{"0":"post-24701","1":"product","2":"type-product","3":"status-publish","4":"has-post-thumbnail","6":"product_cat-microcement-kit","7":"product_cat-varnish","8":"desktop-align-left","9":"tablet-align-left","10":"mobile-align-left","12":"first","13":"instock","14":"sale","15":"shipping-taxable","16":"purchasable","17":"product-type-variable","18":"has-default-attributes"},"spectra_custom_meta":{"_visibility":["visible"],"_shopify_product_id":["9060989599989"],"_s2w_shopify_domain":["ferberpainting.myshopify.com"],"_shopify_variant_id":["46484241744117"],"_sku":[""],"_manage_stock":["no"],"total_sales":["77"],"_tax_status":["taxable"],"_tax_class":[""],"_backorders":["no"],"_sold_individually":["no"],"_virtual":["no"],"_downloadable":["no"],"_download_limit":["-1"],"_download_expiry":["-1"],"_stock":[null],"_stock_status":["instock"],"_wc_average_rating":["4.83"],"_wc_review_count":["6"],"_product_attributes":["a:1:{s:6:\"volume\";a:6:{s:4:\"name\";s:6:\"Volume\";s:5:\"value\";s:30:\"1 liter | 5 liters | 20 liters\";s:8:\"position\";i:1;s:10:\"is_visible\";i:0;s:12:\"is_variation\";i:1;s:11:\"is_taxonomy\";i:0;}}"],"_product_version":["10.5.1"],"_thumbnail_id":["26584"],"_product_image_gallery":["26585,26586"],"wpse_downloadable_file_names":[""],"wpse_downloadable_file_urls":[""],"_edit_last":["1"],"_default_attributes":["a:1:{s:6:\"volume\";s:7:\"1 liter\";}"],"_edit_lock":["1771188490:1"],"_price":["19.90","79.90","299.90"],"merchant-center-availability":["yes"],"merchant-center-category":["503738"],"_wp_page_template":["default"],"site-sidebar-layout":["default"],"ast-site-content-layout":["default"],"site-content-style":["default"],"site-sidebar-style":["default"],"theme-transparent-header-meta":["default"],"_wc_rating_count":["a:2:{i:4;i:1;i:5;i:5;}"],"astra-migrate-meta-layouts":["set"],"_uag_css_file_name":["uag-css-24701.css"],"_elementor_page_assets":["a:0:{}"],"_uag_page_assets":["a:9:{s:3:\"css\";s:6873:\".wp-block-uagb-image{display:flex}.wp-block-uagb-image__figure{position:relative;display:flex;flex-direction:column;max-width:100%;height:auto;margin:0}.wp-block-uagb-image__figure img{height:auto;display:flex;max-width:100%;transition:box-shadow .2s ease}.wp-block-uagb-image__figure>a{display:inline-block}.wp-block-uagb-image__figure figcaption{text-align:center;margin-top:.5em;margin-bottom:1em}.wp-block-uagb-image .components-placeholder.block-editor-media-placeholder .components-placeholder__instructions{align-self:center}.wp-block-uagb-image--align-left{text-align:left}.wp-block-uagb-image--align-right{text-align:right}.wp-block-uagb-image--align-center{text-align:center}.wp-block-uagb-image--align-full .wp-block-uagb-image__figure{margin-left:calc(50% - 50vw);margin-right:calc(50% - 50vw);max-width:100vw;width:100vw;height:auto}.wp-block-uagb-image--align-full .wp-block-uagb-image__figure img{height:auto;width:100% !important}.wp-block-uagb-image--align-wide .wp-block-uagb-image__figure img{height:auto;width:100%}.wp-block-uagb-image--layout-overlay__color-wrapper{position:absolute;left:0;top:0;right:0;bottom:0;opacity:.2;background:rgba(0,0,0,.5);transition:opacity .35s ease-in-out}.wp-block-uagb-image--layout-overlay-link{position:absolute;left:0;right:0;bottom:0;top:0}.wp-block-uagb-image--layout-overlay .wp-block-uagb-image__figure:hover .wp-block-uagb-image--layout-overlay__color-wrapper{opacity:1}.wp-block-uagb-image--layout-overlay__inner{position:absolute;left:15px;right:15px;bottom:15px;top:15px;display:flex;align-items:center;justify-content:center;flex-direction:column;border-color:#fff;transition:.35s ease-in-out}.wp-block-uagb-image--layout-overlay__inner.top-left,.wp-block-uagb-image--layout-overlay__inner.top-center,.wp-block-uagb-image--layout-overlay__inner.top-right{justify-content:flex-start}.wp-block-uagb-image--layout-overlay__inner.bottom-left,.wp-block-uagb-image--layout-overlay__inner.bottom-center,.wp-block-uagb-image--layout-overlay__inner.bottom-right{justify-content:flex-end}.wp-block-uagb-image--layout-overlay__inner.top-left,.wp-block-uagb-image--layout-overlay__inner.center-left,.wp-block-uagb-image--layout-overlay__inner.bottom-left{align-items:flex-start}.wp-block-uagb-image--layout-overlay__inner.top-right,.wp-block-uagb-image--layout-overlay__inner.center-right,.wp-block-uagb-image--layout-overlay__inner.bottom-right{align-items:flex-end}.wp-block-uagb-image--layout-overlay__inner .uagb-image-heading{color:#fff;transition:transform .35s,opacity .35s ease-in-out;transform:translate3d(0, 24px, 0);margin:0;line-height:1em}.wp-block-uagb-image--layout-overlay__inner .uagb-image-separator{width:30%;border-top-width:2px;border-top-color:#fff;border-top-style:solid;margin-bottom:10px;opacity:0;transition:transform .4s,opacity .4s ease-in-out;transform:translate3d(0, 30px, 0)}.wp-block-uagb-image--layout-overlay__inner .uagb-image-caption{opacity:0;overflow:visible;color:#fff;transition:transform .45s,opacity .45s ease-in-out;transform:translate3d(0, 35px, 0)}.wp-block-uagb-image--layout-overlay__inner:hover .uagb-image-heading,.wp-block-uagb-image--layout-overlay__inner:hover .uagb-image-separator,.wp-block-uagb-image--layout-overlay__inner:hover .uagb-image-caption{opacity:1;transform:translate3d(0, 0, 0)}.wp-block-uagb-image--effect-zoomin .wp-block-uagb-image__figure img,.wp-block-uagb-image--effect-zoomin .wp-block-uagb-image__figure .wp-block-uagb-image--layout-overlay__color-wrapper{transform:scale(1);transition:transform .35s ease-in-out}.wp-block-uagb-image--effect-zoomin .wp-block-uagb-image__figure:hover img,.wp-block-uagb-image--effect-zoomin .wp-block-uagb-image__figure:hover .wp-block-uagb-image--layout-overlay__color-wrapper{transform:scale(1.05)}.wp-block-uagb-image--effect-slide .wp-block-uagb-image__figure img,.wp-block-uagb-image--effect-slide .wp-block-uagb-image__figure .wp-block-uagb-image--layout-overlay__color-wrapper{width:calc(100% + 40px) !important;max-width:none !important;transform:translate3d(-40px, 0, 0);transition:transform .35s ease-in-out}.wp-block-uagb-image--effect-slide .wp-block-uagb-image__figure:hover img,.wp-block-uagb-image--effect-slide .wp-block-uagb-image__figure:hover .wp-block-uagb-image--layout-overlay__color-wrapper{transform:translate3d(0, 0, 0)}.wp-block-uagb-image--effect-grayscale img{filter:grayscale(0%);transition:.35s ease-in-out}.wp-block-uagb-image--effect-grayscale:hover img{filter:grayscale(100%)}.wp-block-uagb-image--effect-blur img{filter:blur(0);transition:.35s ease-in-out}.wp-block-uagb-image--effect-blur:hover img{filter:blur(3px)}.uagb-block-e6f939b3.wp-block-uagb-image--layout-default figure img{box-shadow: 0px 0px 0 #00000070;}.uagb-block-e6f939b3.wp-block-uagb-image .wp-block-uagb-image__figure figcaption{font-style: normal;align-self: center;}.uagb-block-e6f939b3.wp-block-uagb-image--layout-overlay figure img{box-shadow: 0px 0px 0 #00000070;}.uagb-block-e6f939b3.wp-block-uagb-image--layout-overlay .wp-block-uagb-image--layout-overlay__color-wrapper{opacity: 0.2;}.uagb-block-e6f939b3.wp-block-uagb-image--layout-overlay .wp-block-uagb-image--layout-overlay__inner{left: 15px;right: 15px;top: 15px;bottom: 15px;}.uagb-block-e6f939b3.wp-block-uagb-image--layout-overlay .wp-block-uagb-image--layout-overlay__inner .uagb-image-heading{font-style: normal;color: #fff;opacity: 1;}.uagb-block-e6f939b3.wp-block-uagb-image--layout-overlay .wp-block-uagb-image--layout-overlay__inner .uagb-image-heading a{color: #fff;}.uagb-block-e6f939b3.wp-block-uagb-image--layout-overlay .wp-block-uagb-image--layout-overlay__inner .uagb-image-caption{opacity: 0;}.uagb-block-e6f939b3.wp-block-uagb-image--layout-overlay .wp-block-uagb-image__figure:hover .wp-block-uagb-image--layout-overlay__color-wrapper{opacity: 1;}.uagb-block-e6f939b3.wp-block-uagb-image .wp-block-uagb-image--layout-overlay__inner .uagb-image-separator{width: 30%;border-top-width: 2px;border-top-color: #fff;opacity: 0;}.uagb-block-e6f939b3.wp-block-uagb-image .wp-block-uagb-image__figure img{width: px;height: auto;}.uagb-block-e6f939b3.wp-block-uagb-image .wp-block-uagb-image__figure:hover .wp-block-uagb-image--layout-overlay__inner .uagb-image-caption{opacity: 1;}.uagb-block-e6f939b3.wp-block-uagb-image .wp-block-uagb-image__figure:hover .wp-block-uagb-image--layout-overlay__inner .uagb-image-separator{opacity: 1;}.uagb-block-e6f939b3.wp-block-uagb-image--layout-default figure:hover img{box-shadow: 0px 0px 0 #00000070;}.uagb-block-e6f939b3.wp-block-uagb-image--layout-overlay figure:hover img{box-shadow: 0px 0px 0 #00000070;}@media only screen and (max-width: 976px) {.uagb-block-e6f939b3.wp-block-uagb-image .wp-block-uagb-image__figure img{width: px;height: auto;}}@media only screen and (max-width: 767px) {.uagb-block-e6f939b3.wp-block-uagb-image .wp-block-uagb-image__figure img{width: px;height: auto;}}\";s:2:\"js\";s:0:\"\";s:18:\"current_block_list\";a:13:{i:0;s:11:\"core\/search\";i:1;s:10:\"core\/group\";i:2;s:12:\"core\/heading\";i:3;s:17:\"core\/latest-posts\";i:4;s:20:\"core\/latest-comments\";i:5;s:13:\"core\/archives\";i:6;s:15:\"core\/categories\";i:7;s:14:\"core\/paragraph\";i:8;s:10:\"uagb\/image\";i:9;s:11:\"core\/spacer\";i:10;s:30:\"woocommerce\/product-categories\";i:11;s:10:\"core\/image\";i:12;s:14:\"core\/shortcode\";}s:8:\"uag_flag\";b:1;s:11:\"uag_version\";s:10:\"1777093351\";s:6:\"gfonts\";a:0:{}s:10:\"gfonts_url\";s:0:\"\";s:12:\"gfonts_files\";a:0:{}s:14:\"uag_faq_layout\";b:0;}"]},"uagb_featured_image_src":{"full":["https:\/\/www.ferberpainting.com\/wp-content\/uploads\/2025\/05\/MicrocementVarnish_1L.png",2560,2276,false],"thumbnail":["https:\/\/www.ferberpainting.com\/wp-content\/uploads\/2025\/05\/MicrocementVarnish_1L-150x150.png",150,150,true],"medium":["https:\/\/www.ferberpainting.com\/wp-content\/uploads\/2025\/05\/MicrocementVarnish_1L-300x267.png",300,267,true],"medium_large":["https:\/\/www.ferberpainting.com\/wp-content\/uploads\/2025\/05\/MicrocementVarnish_1L-768x683.png",768,683,true],"large":["https:\/\/www.ferberpainting.com\/wp-content\/uploads\/2025\/05\/MicrocementVarnish_1L-1024x910.png",1024,910,true],"1536x1536":["https:\/\/www.ferberpainting.com\/wp-content\/uploads\/2025\/05\/MicrocementVarnish_1L-1536x1366.png",1536,1366,true],"2048x2048":["https:\/\/www.ferberpainting.com\/wp-content\/uploads\/2025\/05\/MicrocementVarnish_1L-2048x1821.png",2048,1821,true],"trp-custom-language-flag":["https:\/\/www.ferberpainting.com\/wp-content\/uploads\/2025\/05\/MicrocementVarnish_1L-13x12.png",13,12,true],"woocommerce_thumbnail":["https:\/\/www.ferberpainting.com\/wp-content\/uploads\/2025\/05\/MicrocementVarnish_1L-300x300.png",300,300,true],"woocommerce_single":["https:\/\/www.ferberpainting.com\/wp-content\/uploads\/2025\/05\/MicrocementVarnish_1L-600x533.png",600,533,true],"woocommerce_gallery_thumbnail":["https:\/\/www.ferberpainting.com\/wp-content\/uploads\/2025\/05\/MicrocementVarnish_1L-100x100.png",100,100,true]},"uagb_author_info":{"display_name":"admin","author_link":"https:\/\/www.ferberpainting.com\/hu\/author\/"},"uagb_comment_info":6,"uagb_excerpt":"Protection and enhancement of waxed concrete.\u00a0This waxed concrete varnish is specially designed to protect and enhance surfaces while preserving their natural appearance. It forms an invisible protective film that reinforces the resistance of waxed concrete against daily aggressions such as humidity, stains, shocks, and wear, thus ensuring an impeccable and durable aesthetic result. Money-back guarantee.\u00a0We&hellip;","_links":{"self":[{"href":"https:\/\/www.ferberpainting.com\/hu\/wp-json\/wp\/v2\/product\/24701","targetHints":{"allow":["GET"]}}],"collection":[{"href":"https:\/\/www.ferberpainting.com\/hu\/wp-json\/wp\/v2\/product"}],"about":[{"href":"https:\/\/www.ferberpainting.com\/hu\/wp-json\/wp\/v2\/types\/product"}],"replies":[{"embeddable":true,"href":"https:\/\/www.ferberpainting.com\/hu\/wp-json\/wp\/v2\/comments?post=24701"}],"version-history":[{"count":4,"href":"https:\/\/www.ferberpainting.com\/hu\/wp-json\/wp\/v2\/product\/24701\/revisions"}],"predecessor-version":[{"id":166586,"href":"https:\/\/www.ferberpainting.com\/hu\/wp-json\/wp\/v2\/product\/24701\/revisions\/166586"}],"wp:featuredmedia":[{"embeddable":true,"href":"https:\/\/www.ferberpainting.com\/hu\/wp-json\/wp\/v2\/media\/26584"}],"wp:attachment":[{"href":"https:\/\/www.ferberpainting.com\/hu\/wp-json\/wp\/v2\/media?parent=24701"}],"wp:term":[{"taxonomy":"product_brand","embeddable":true,"href":"https:\/\/www.ferberpainting.com\/hu\/wp-json\/wp\/v2\/product_brand?post=24701"},{"taxonomy":"product_cat","embeddable":true,"href":"https:\/\/www.ferberpainting.com\/hu\/wp-json\/wp\/v2\/product_cat?post=24701"},{"taxonomy":"product_tag","embeddable":true,"href":"https:\/\/www.ferberpainting.com\/hu\/wp-json\/wp\/v2\/product_tag?post=24701"}],"curies":[{"name":"wp","href":"https:\/\/api.w.org\/{rel}","templated":true}]}}