{"id":24309,"date":"2025-05-26T10:25:54","date_gmt":"2025-05-26T08:25:54","guid":{"rendered":"https:\/\/www.ferberpainting.com\/products\/waxed-concrete-kit-for-tiling\/"},"modified":"2026-02-25T19:50:54","modified_gmt":"2026-02-25T18:50:54","slug":"waxed-concrete-kit-for-tiling","status":"publish","type":"product","link":"https:\/\/www.ferberpainting.com\/hu\/products\/waxed-concrete-kit-for-tiling\/","title":{"rendered":"Mikrocement k\u00e9szlet csemp\u00e9khez"},"content":{"rendered":"<p><strong><img decoding=\"async\" style=\"margin-right: 12px;\" src=\"https:\/\/www.ferberpainting.com\/wp-content\/uploads\/2026\/02\/Check.svg\" alt=\"\" width=\"18\" height=\"15\" \/>Teljes mikrocement k\u00e9szlet, amelyet kifejezetten a megl\u00e9v\u0151 csemp\u00e9kre t\u00f6rt\u00e9n\u0151 felhord\u00e1shoz terveztek.<\/strong> Ez a mikrocement k\u00e9szlet csemp\u00e9z\u00e9shez ragaszt\u00f3 alapoz\u00f3t, finomszemcs\u00e9s habarcsot, testreszabhat\u00f3 pigmentet, p\u00f3ruskit\u00f6lt\u0151t \u00e9s nagy ellen\u00e1ll\u00f3k\u00e9pess\u00e9g\u0171 lakkot tartalmaz. Minden egyes \u00f6sszetev\u0151 \u00fagy lett megtervezve, hogy t\u00f6k\u00e9letesen m\u0171k\u00f6dj\u00f6n egy\u00fctt, lehet\u0151v\u00e9 t\u00e9ve a csemp\u00e9zett fel\u00fcletek bont\u00e1s n\u00e9lk\u00fcli fel\u00faj\u00edt\u00e1s\u00e1t, mik\u00f6zben z\u00f6kken\u0151mentes, modern kivitelez\u00e9st \u00e9rhet el.<\/p>\n<p><strong><img decoding=\"async\" style=\"margin-right: 12px;\" src=\"https:\/\/www.ferberpainting.com\/wp-content\/uploads\/2026\/02\/Check.svg\" alt=\"\" width=\"18\" height=\"15\" \/>A leghat\u00e9konyabb k\u00e9szlet a r\u00e9gi csemp\u00e9k burkol\u00e1s\u00e1ra.<\/strong> Finomszemcs\u00e9s habarcsunk kiv\u00e9teles tapad\u00e1st \u00e9s rugalmass\u00e1got biztos\u00edt, \u00e9s megfelel\u0151 el\u0151k\u00e9sz\u00edt\u00e9s eset\u00e9n m\u00e9g a ker\u00e1mia- vagy porcel\u00e1nlapokon is er\u0151s k\u00f6t\u00e9st biztos\u00edt. Alapoz\u00f3val \u00e9s v\u00e9d\u0151lakkunkkal kombin\u00e1lva tart\u00f3s \u00e9s tart\u00f3s bevonatot hoz l\u00e9tre, amely fel\u00fclm\u00falja a hagyom\u00e1nyos fel\u00faj\u00edt\u00e1si m\u00f3dszereket.<\/p>\n<p><strong><img decoding=\"async\" style=\"margin-right: 12px;\" src=\"https:\/\/www.ferberpainting.com\/wp-content\/uploads\/2026\/02\/Check.svg\" alt=\"\" width=\"18\" height=\"15\" \/>Verhetetlen \u00e1r.<\/strong> Professzion\u00e1lis mikrocement technol\u00f3gi\u00e1t k\u00edn\u00e1lunk a legversenyk\u00e9pesebb \u00e1ron. Ahelyett, hogy elt\u00e1vol\u00edtan\u00e1 a burkol\u00f3lapokat \u00e9s k\u00f6lts\u00e9ges fel\u00faj\u00edt\u00e1sba fektetne, \u00d6n egy teljes k\u00f6r\u0171, nagy teljes\u00edtm\u00e9ny\u0171 megold\u00e1st kap a lehet\u0151 legjobb \u00e1ron.<\/p>\n<p><strong><img decoding=\"async\" style=\"margin-right: 12px;\" src=\"https:\/\/www.ferberpainting.com\/wp-content\/uploads\/2026\/02\/Check.svg\" alt=\"\" width=\"18\" height=\"15\" \/>P\u00e9nzvisszafizet\u00e9si garancia a teljes bizalom\u00e9rt.<\/strong> A mikrocement k\u00e9szlet\u00fcnk min\u0151s\u00e9ge m\u00f6g\u00f6tt \u00e1llunk. Ha nem el\u00e9gedett az eredm\u00e9nnyel, p\u00e9nzvisszafizet\u00e9si garanci\u00e1t v\u00e1llalunk. Egyszer\u0171en l\u00e9pjen kapcsolatba vel\u00fcnk, \u00e9s mi visszat\u00e9r\u00edtj\u00fck a v\u00e9tel\u00e1rat. Az \u00d6n befektet\u00e9se kock\u00e1zatmentes.<\/p>\n<p><strong><img decoding=\"async\" style=\"margin-right: 12px;\" src=\"https:\/\/www.ferberpainting.com\/wp-content\/uploads\/2026\/02\/Check.svg\" alt=\"\" width=\"18\" height=\"15\" \/>Gyors, 24 \u00f3r\u00e1s sz\u00e1ll\u00edt\u00e1s az azonnali fel\u00faj\u00edt\u00e1shoz.<\/strong> Mindig 24 \u00f3r\u00e1s kisz\u00e1ll\u00edt\u00e1st biztos\u00edtunk, \u00edgy \u00d6n k\u00e9sedelem n\u00e9lk\u00fcl elkezdheti csempefel\u00faj\u00edt\u00e1si projektj\u00e9t. A megb\u00edzhat\u00f3 sz\u00e1ll\u00edt\u00e1s seg\u00edt \u00d6nnek abban, hogy k\u00e9zben tartsa az \u00fctemtervet.<\/p>\n<p><strong><img decoding=\"async\" style=\"margin-right: 12px;\" src=\"https:\/\/www.ferberpainting.com\/wp-content\/uploads\/2026\/02\/Check.svg\" alt=\"\" width=\"18\" height=\"15\" \/>Z\u00f6kken\u0151mentes kivitel a csemp\u00e9k elt\u00e1vol\u00edt\u00e1sa n\u00e9lk\u00fcl.<\/strong> A mikrocement folyamatos fel\u00fcletet hoz l\u00e9tre, amely elfedi a csempefug\u00e1kat \u00e9s a fugavonalakat, kik\u00fcsz\u00f6b\u00f6li a vizu\u00e1lis t\u00f6r\u00e9seket \u00e9s azonnal moderniz\u00e1lja a teret. Az eredm\u00e9ny tiszta, modern eszt\u00e9tika, jobb higi\u00e9nia \u00e9s k\u00f6nnyebb karbantart\u00e1s mellett.<\/p>\n<p><strong><img decoding=\"async\" style=\"margin-right: 12px;\" src=\"https:\/\/www.ferberpainting.com\/wp-content\/uploads\/2026\/02\/Check.svg\" alt=\"\" width=\"18\" height=\"15\" \/>Testreszabhat\u00f3 sz\u00ednek sz\u00e9les v\u00e1laszt\u00e9ka.<\/strong> A k\u00e9szlet pigmentet tartalmaz, \u00e9s az \u00fcgyfelek k\u00f6zvetlen\u00fcl a term\u00e9koldalon sz\u00e1mos sz\u00edn k\u00f6z\u00fcl v\u00e1laszthatnak. Ak\u00e1r a konkr\u00e9t t\u00f3nusokat, ak\u00e1r a l\u00e1gy semleges sz\u00edneket, ak\u00e1r a mer\u00e9sz dekorat\u00edv kiviteleket kedveli, testre szabhatja ter\u00e9t, hogy megfeleljen tervez\u00e9si elk\u00e9pzel\u00e9seinek.<\/p>\n<p><strong><img decoding=\"async\" style=\"margin-right: 12px;\" src=\"https:\/\/www.ferberpainting.com\/wp-content\/uploads\/2026\/02\/Check.svg\" alt=\"\" width=\"18\" height=\"15\" \/>Nagy ellen\u00e1ll\u00e1s a mindennapi kop\u00e1ssal \u00e9s tiszt\u00edt\u00f3szerekkel szemben.<\/strong> A mikrocement lakkoz\u00e1s ut\u00e1n a fel\u00fclet ellen\u00e1ll\u00f3v\u00e1 v\u00e1lik a foltokkal, a kop\u00e1ssal \u00e9s a h\u00e1ztart\u00e1si tiszt\u00edt\u00f3szerekkel szemben, \u00edgy ide\u00e1lis konyh\u00e1kba, f\u00fcrd\u0151szob\u00e1kba, folyos\u00f3kra \u00e9s lak\u00f3terekbe.<\/p>\n<p><strong><img decoding=\"async\" style=\"margin-right: 12px;\" src=\"https:\/\/www.ferberpainting.com\/wp-content\/uploads\/2026\/02\/Check.svg\" alt=\"\" width=\"18\" height=\"15\" \/>Kiv\u00e1l\u00f3 tapad\u00e1s ker\u00e1mia- \u00e9s porcel\u00e1nlapokon.<\/strong> A ragaszt\u00f3 alapoz\u00f3 er\u0151s mechanikai \u00e9s k\u00e9miai tapad\u00e1st biztos\u00edt a sima csempefel\u00fclet \u00e9s a mikrocement r\u00e9tegek k\u00f6z\u00f6tt, cs\u00f6kkentve a h\u00e1ml\u00e1s vagy lev\u00e1l\u00e1s kock\u00e1zat\u00e1t.<\/p>\n<p><strong><img decoding=\"async\" style=\"margin-right: 12px;\" src=\"https:\/\/www.ferberpainting.com\/wp-content\/uploads\/2026\/02\/Check.svg\" alt=\"\" width=\"18\" height=\"15\" \/>Optimaliz\u00e1lt lefedetts\u00e9g \u00e9s szab\u00e1lyozott vastags\u00e1g.<\/strong> A finomszemcs\u00e9s habarcs egyenletesen oszlik el, \u00e9s lehet\u0151v\u00e9 teszi a felhord\u00e1si vastags\u00e1g pontos szab\u00e1lyoz\u00e1s\u00e1t, biztos\u00edtva a szerkezeti konzisztenci\u00e1t, mik\u00f6zben hat\u00e9konyan fedi a megl\u00e9v\u0151 csempemint\u00e1kat.<\/p>\n<h2><strong>Utas\u00edt\u00e1sok<\/strong><\/h2>\n<ul>\n<li>Gy\u0151z\u0151dj\u00f6n meg arr\u00f3l, hogy a csemp\u00e9zett fel\u00fclet stabil, \u00e9s hogy minden csempe szil\u00e1rdan \u00f6ssze van ragasztva. Kezdet el\u0151tt t\u00e1vol\u00edtsa el a meglazult vagy s\u00e9r\u00fclt lapokat, \u00e9s jav\u00edtsa ki a h\u00e9zagokat.<\/li>\n<li>Alaposan tiszt\u00edtsa meg \u00e9s zs\u00edrtalan\u00edtsa a fel\u00fcletet, hogy elt\u00e1vol\u00edtsa a szappanmaradv\u00e1nyokat, zs\u00edrt, viaszt vagy szennyez\u0151d\u00e9seket. Ez a l\u00e9p\u00e9s elengedhetetlen a megfelel\u0151 tapad\u00e1s biztos\u00edt\u00e1s\u00e1hoz.<\/li>\n<li>A f\u00e9nyes csemp\u00e9ket enyh\u00e9n csiszolja a fel\u00fcleti \u00e9rdess\u00e9g \u00e9s a mechanikai k\u00f6t\u00e9s jav\u00edt\u00e1sa \u00e9rdek\u00e9ben. A port porsz\u00edv\u00f3val \u00e9s tiszta ruh\u00e1val \u00f3vatosan t\u00e1vol\u00edtsa el.<\/li>\n<li>A ragaszt\u00f3 alapoz\u00f3t hengerrel vagy ecsettel egyenletesen vigye fel a teljes csemp\u00e9zett ter\u00fcletre. \u00dcgyeljen arra, hogy a fugavonalakat alaposan fedje le. Hagyja az alapoz\u00f3t teljesen megsz\u00e1radni, ami a k\u00f6rnyezeti k\u00f6r\u00fclm\u00e9nyekt\u0151l f\u00fcgg\u0151en \u00e1ltal\u00e1ban 2-4 \u00f3ra.<\/li>\n<li>K\u00e9sz\u00edtse el a finomszemcs\u00e9s habarcsot pontos v\u00edzadagol\u00e1ssal. A sz\u00fcks\u00e9ges v\u00edzh\u00e1nyad a por t\u00f6meg\u00e9nek 30-35 sz\u00e1zal\u00e9ka. Ez megfelel:\n<ul>\n<li>3,0-3,5 liter tiszta v\u00edz 10 kg finom szemcs\u00e9s habarcshoz.<\/li>\n<li>1,5-1,75 liter tiszta v\u00edz 5 kg habarcshoz.<\/li>\n<li>300-350 milliliter tiszta v\u00edz 1 kg habarcshoz.<br \/>\nA pontos m\u00e9r\u00e9s elengedhetetlen. A t\u00fal sok v\u00edz cs\u00f6kkentheti a szil\u00e1rds\u00e1got \u00e9s n\u00f6velheti a zsugorod\u00e1st, m\u00edg a t\u00fal kev\u00e9s v\u00edz megnehez\u00edtheti a felhord\u00e1st \u00e9s ronthatja a tapad\u00e1st.<\/li>\n<\/ul>\n<\/li>\n<li>A kim\u00e9rt tiszta vizet el\u0151sz\u00f6r mindig \u00f6ntse egy kever\u0151 v\u00f6d\u00f6rbe. Ha sz\u00ednre van sz\u00fcks\u00e9g, a sz\u00edn egyenletes eloszl\u00e1s\u00e1nak biztos\u00edt\u00e1sa \u00e9rdek\u00e9ben a kiv\u00e1lasztott pigmentet alaposan keverje a v\u00edzbe, miel\u0151tt hozz\u00e1adn\u00e1 a habarcsport.<\/li>\n<li>Fokozatosan adagolja a finom szemcs\u00e9s habarcsport a v\u00edzhez, mik\u00f6zben alacsony fordulatsz\u00e1m\u00fa, kb. 400-600 fordulat\/perc fordulatsz\u00e1mon m\u0171k\u00f6d\u0151 elektromos kever\u0151vel keveri. Keverje 2-3 percig, am\u00edg sima, homog\u00e9n, csom\u00f3mentes paszt\u00e1t kap.<\/li>\n<li>Hagyja a kever\u00e9ket k\u00f6r\u00fclbel\u00fcl 1 percig pihenni, hogy stabiliz\u00e1l\u00f3djon, majd 30 m\u00e1sodpercig r\u00f6viden keverje \u00fajra. Kever\u00e9s ut\u00e1n ne adjon hozz\u00e1 tov\u00e1bbi vizet, mivel ez negat\u00edvan befoly\u00e1solhatja a mechanikai teljes\u00edtm\u00e9nyt \u00e9s a sz\u00ednkonzisztenci\u00e1t.<\/li>\n<li>Vigye fel az els\u0151 r\u00e9teg finomszemcs\u00e9s habarcsot rozsdamentes ac\u00e9l sim\u00edt\u00f3val. Ter\u00edtsen v\u00e9kony, egyenletes, kb. 1 mm vastags\u00e1g\u00fa r\u00e9teget a teljes csemp\u00e9zett fel\u00fcleten. A teljes kit\u00f6lt\u00e9s \u00e9s kiegyenl\u00edt\u00e9s \u00e9rdek\u00e9ben ford\u00edtson k\u00fcl\u00f6n\u00f6s figyelmet a habarcsvonalakra.<\/li>\n<li>Hagyja az els\u0151 r\u00e9teget 6-8 \u00f3r\u00e1n \u00e1t sz\u00e1radni a h\u0151m\u00e9rs\u00e9klett\u0151l \u00e9s a p\u00e1ratartalomt\u00f3l f\u00fcgg\u0151en.<\/li>\n<li>Sz\u00e1rad\u00e1s ut\u00e1n 120-180-as szemcsem\u00e9ret\u0171 csiszol\u00f3pap\u00edrral enyh\u00e9n csiszoljon, hogy elt\u00e1vol\u00edtsa a t\u00f6k\u00e9letlens\u00e9geket \u00e9s jav\u00edtsa a r\u00e9tegek k\u00f6z\u00f6tti tapad\u00e1st. A folytat\u00e1s el\u0151tt alaposan t\u00e1vol\u00edtson el minden port.<\/li>\n<li>K\u00e9sz\u00edtsen egy m\u00e1sodik adag habarcsot, pontosan ugyanolyan v\u00edzar\u00e1nyt haszn\u00e1lva, a por t\u00f6meg\u00e9nek 30-35 sz\u00e1zal\u00e9k\u00e1t, hogy a sz\u00edn \u00e9s a text\u00fara egyenletes maradjon.<\/li>\n<li>A m\u00e1sodik r\u00e9teget v\u00e9kony, kb. 1 mm vastag r\u00e9tegben vigye fel. Haszn\u00e1ljon ellen\u0151rz\u00f6tt \u00e9s egym\u00e1st \u00e1tfed\u0151 sim\u00edt\u00f3 mozdulatokat a k\u00edv\u00e1nt dekorat\u00edv fel\u00fclet el\u00e9r\u00e9s\u00e9hez, mik\u00f6zben az egyenletes vastags\u00e1got fenntartja.<\/li>\n<li>Hagyja a m\u00e1sodik r\u00e9teget teljesen megsz\u00e1radni, ami a k\u00f6rnyezeti k\u00f6r\u00fclm\u00e9nyekt\u0151l f\u00fcgg\u0151en \u00e1ltal\u00e1ban 12-24 \u00f3ra.<\/li>\n<li>A megsz\u00e1radt fel\u00fcletet finom csiszol\u00f3pap\u00edrral (szemcse 180-220) csiszolja le a fel\u00fclet finom\u00edt\u00e1s\u00e1hoz \u00e9s a kisebb egyenetlens\u00e9gek kik\u00fcsz\u00f6b\u00f6l\u00e9s\u00e9hez. Gondosan t\u00e1vol\u00edtson el minden port.<\/li>\n<li>A p\u00f3rust\u00f6lt\u0151 anyagot hengerrel vagy rugalmas sim\u00edt\u00f3val egyenletesen vigye fel. Ez a l\u00e9p\u00e9s lez\u00e1rja a mikrop\u00f3rusokat, fokozza a simas\u00e1got, \u00e9s jav\u00edtja a nedvess\u00e9ggel \u00e9s foltokkal szembeni ellen\u00e1ll\u00e1st. Hagyja sz\u00e1radni 4-6 \u00f3r\u00e1n kereszt\u00fcl. Sz\u00fcks\u00e9g eset\u00e9n sz\u00e1rad\u00e1s ut\u00e1n k\u00f6nny\u0171 csiszol\u00e1s v\u00e9gezhet\u0151.<\/li>\n<li>Vigye fel az els\u0151 r\u00e9teg mikrocement lakkot egy tiszta mikrosz\u00e1las hengerrel. Egyenletesen ter\u00edtse el, \u00e9s ker\u00fclje a felesleges felrak\u00f3d\u00e1st vagy cs\u00edkoz\u00f3d\u00e1st.<\/li>\n<li>Az els\u0151 lakkr\u00e9teget 4-6 \u00f3r\u00e1n \u00e1t hagyja sz\u00e1radni. Nagyon finom csiszol\u00f3pap\u00edrral (szemcse 220-320) csiszoljon enyh\u00e9n, hogy biztos\u00edtsa a megfelel\u0151 tapad\u00e1st a r\u00e9tegek k\u00f6z\u00f6tt. Gondosan t\u00e1vol\u00edtson el minden port.<\/li>\n<li>A teljes v\u00e9delem \u00e9rdek\u00e9ben vigyen fel egy m\u00e1sodik r\u00e9teg mikrocement lakkot. Nagy forgalm\u00fa ter\u00fcleteken vagy nedves k\u00f6rnyezetben a tart\u00f3ss\u00e1g \u00e9s ellen\u00e1ll\u00f3 k\u00e9pess\u00e9g maximaliz\u00e1l\u00e1sa \u00e9rdek\u00e9ben egy harmadik r\u00e9teg aj\u00e1nlott.<\/li>\n<li>Az utols\u00f3 lakkoz\u00e1s ut\u00e1n legal\u00e1bb 24-48 \u00f3r\u00e1ig ker\u00fclje a nagy ig\u00e9nybev\u00e9telt. A teljes mechanikai \u00e9s k\u00e9miai ellen\u00e1ll\u00e1s \u00e1ltal\u00e1ban 5-7 nap ut\u00e1n \u00e9rhet\u0151 el.<\/li>\n<li>A szersz\u00e1mokat haszn\u00e1lat ut\u00e1n azonnal tiszt\u00edtsa meg v\u00edzzel, miel\u0151tt az anyag megkem\u00e9nyedne.<\/li>\n<li>Az optim\u00e1lis teljes\u00edtm\u00e9ny \u00e9s a term\u00e9k \u00e9lettartam\u00e1nak meg\u0151rz\u00e9se \u00e9rdek\u00e9ben t\u00e1rolja az \u00f6sszes k\u00e9szletkomponenst szorosan lez\u00e1rt tart\u00e1lyban, sz\u00e1raz, sz\u00e9ls\u0151s\u00e9ges h\u0151m\u00e9rs\u00e9klett\u0151l v\u00e9dett helyen.<\/li>\n<\/ul>","protected":false},"excerpt":{"rendered":"<p>Complete microcement kit designed specifically for application over existing tiles. This microcement kit for tiling includes bonding primer, fine grain mortar, customizable pigment, pore filler, and high-resistance varnish. Each component is engineered to work perfectly together, allowing you to renovate tiled surfaces without demolition while achieving a seamless, modern finish. The most effective kit for [&hellip;]<\/p>\n","protected":false},"featured_media":36232,"comment_status":"open","ping_status":"closed","template":"","meta":{"_uag_custom_page_level_css":"","site-sidebar-layout":"default","site-content-layout":"","ast-site-content-layout":"default","site-content-style":"default","site-sidebar-style":"default","ast-global-header-display":"","ast-banner-title-visibility":"","ast-main-header-display":"","ast-hfb-above-header-display":"","ast-hfb-below-header-display":"","ast-hfb-mobile-header-display":"","site-post-title":"","ast-breadcrumbs-content":"","ast-featured-img":"","footer-sml-layout":"","ast-disable-related-posts":"","theme-transparent-header-meta":"default","adv-header-id-meta":"","stick-header-meta":"","header-above-stick-meta":"","header-main-stick-meta":"","header-below-stick-meta":"","astra-migrate-meta-layouts":"set","ast-page-background-enabled":"default","ast-page-background-meta":{"desktop":{"background-color":"var(--ast-global-color-4)","background-image":"","background-repeat":"repeat","background-position":"center center","background-size":"auto","background-attachment":"scroll","background-type":"","background-media":"","overlay-type":"","overlay-color":"","overlay-opacity":"","overlay-gradient":""},"tablet":{"background-color":"","background-image":"","background-repeat":"repeat","background-position":"center center","background-size":"auto","background-attachment":"scroll","background-type":"","background-media":"","overlay-type":"","overlay-color":"","overlay-opacity":"","overlay-gradient":""},"mobile":{"background-color":"","background-image":"","background-repeat":"repeat","background-position":"center center","background-size":"auto","background-attachment":"scroll","background-type":"","background-media":"","overlay-type":"","overlay-color":"","overlay-opacity":"","overlay-gradient":""}},"ast-content-background-meta":{"desktop":{"background-color":"var(--ast-global-color-5)","background-image":"","background-repeat":"repeat","background-position":"center center","background-size":"auto","background-attachment":"scroll","background-type":"","background-media":"","overlay-type":"","overlay-color":"","overlay-opacity":"","overlay-gradient":""},"tablet":{"background-color":"var(--ast-global-color-5)","background-image":"","background-repeat":"repeat","background-position":"center center","background-size":"auto","background-attachment":"scroll","background-type":"","background-media":"","overlay-type":"","overlay-color":"","overlay-opacity":"","overlay-gradient":""},"mobile":{"background-color":"var(--ast-global-color-5)","background-image":"","background-repeat":"repeat","background-position":"center center","background-size":"auto","background-attachment":"scroll","background-type":"","background-media":"","overlay-type":"","overlay-color":"","overlay-opacity":"","overlay-gradient":""}}},"product_brand":[],"product_cat":[182],"product_tag":[],"class_list":{"0":"post-24309","1":"product","2":"type-product","3":"status-publish","4":"has-post-thumbnail","6":"product_cat-microcement-kit","7":"desktop-align-left","8":"tablet-align-left","9":"mobile-align-left","11":"first","12":"instock","13":"sale","14":"shipping-taxable","15":"purchasable","16":"product-type-variable","17":"has-default-attributes"},"spectra_custom_meta":{"_visibility":["visible"],"_shopify_product_id":["7957176910069"],"_s2w_shopify_domain":["ferberpainting.myshopify.com"],"_shopify_variant_id":["43553197129973"],"_sku":[""],"_manage_stock":["no"],"total_sales":["67"],"_tax_status":["taxable"],"_tax_class":[""],"_backorders":["no"],"_sold_individually":["no"],"_virtual":["no"],"_downloadable":["no"],"_download_limit":["-1"],"_download_expiry":["-1"],"_stock":[null],"_stock_status":["instock"],"_wc_average_rating":["4.85"],"_wc_review_count":["60"],"_product_attributes":["a:2:{s:4:\"size\";a:6:{s:4:\"name\";s:4:\"Size\";s:5:\"value\";s:22:\"2 m\u00b2 | 5 m\u00b2 | 10 m\u00b2\";s:8:\"position\";i:1;s:10:\"is_visible\";i:0;s:12:\"is_variation\";i:1;s:11:\"is_taxonomy\";i:0;}s:5:\"color\";a:6:{s:4:\"name\";s:5:\"Color\";s:5:\"value\";s:349:\"RAL 7012 | RAL 3011 | RAL 8016 | RAL 1019 | RAL 1002 | RAL 8002 | RAL 9007 | RAL 6028 | RAL 8024 | RAL 1024 | RAL 7045 | RAL 1014 | RAL 5004 | RAL 3001 | RAL 9010 | RAL 2004 | RAL 4009 | RAL 8015 | RAL 8025 | RAL 1011 | RAL 7046 | RAL 4007 | RAL 3022 | RAL 3014 | RAL 5015 | RAL 3012 | RAL 7032 | RAL 7047 | RAL 5020 | RAL 7006 | RAL 9005 | RAL 1015\";s:8:\"position\";i:2;s:10:\"is_visible\";i:0;s:12:\"is_variation\";i:1;s:11:\"is_taxonomy\";i:0;}}"],"_product_version":["10.5.2"],"_thumbnail_id":["36232"],"_price":["39.90","69.90","99.90"],"_product_image_gallery":["26449,26450,26451,26452,26453,26454,26455,26456,26457,26458,26459,26460,26461,26462,26463,26464,26465,26466,26467,26468,26469,26470,26471,26472,26473,26474,26475,26476,26477,26478,26479,26480"],"merchant-center-availability":["yes"],"merchant-center-category":["2282"],"merchant-center-id":["WCKTILING"],"wpse_downloadable_file_names":[""],"wpse_downloadable_file_urls":[""],"_edit_last":["1"],"_default_attributes":["a:2:{s:4:\"size\";s:5:\"2 m\u00b2\";s:5:\"color\";s:8:\"RAL 7012\";}"],"_wc_rating_count":["a:3:{i:3;i:1;i:4;i:7;i:5;i:52;}"],"_edit_lock":["1772046255:1"],"_wp_page_template":["default"],"site-sidebar-layout":["default"],"ast-site-content-layout":["default"],"site-content-style":["default"],"site-sidebar-style":["default"],"theme-transparent-header-meta":["default"],"astra-migrate-meta-layouts":["set"],"_uag_css_file_name":["uag-css-24309.css"],"_elementor_page_assets":["a:0:{}"]},"uagb_featured_image_src":{"full":["https:\/\/www.ferberpainting.com\/wp-content\/uploads\/2025\/05\/design-Bomding-primer-Pore-Filler-Micromortar-sans-Fond.png",2560,2560,false],"thumbnail":["https:\/\/www.ferberpainting.com\/wp-content\/uploads\/2025\/05\/design-Bomding-primer-Pore-Filler-Micromortar-sans-Fond-150x150.png",150,150,true],"medium":["https:\/\/www.ferberpainting.com\/wp-content\/uploads\/2025\/05\/design-Bomding-primer-Pore-Filler-Micromortar-sans-Fond-300x300.png",300,300,true],"medium_large":["https:\/\/www.ferberpainting.com\/wp-content\/uploads\/2025\/05\/design-Bomding-primer-Pore-Filler-Micromortar-sans-Fond-768x768.png",768,768,true],"large":["https:\/\/www.ferberpainting.com\/wp-content\/uploads\/2025\/05\/design-Bomding-primer-Pore-Filler-Micromortar-sans-Fond-1024x1024.png",1024,1024,true],"1536x1536":["https:\/\/www.ferberpainting.com\/wp-content\/uploads\/2025\/05\/design-Bomding-primer-Pore-Filler-Micromortar-sans-Fond-1536x1536.png",1536,1536,true],"2048x2048":["https:\/\/www.ferberpainting.com\/wp-content\/uploads\/2025\/05\/design-Bomding-primer-Pore-Filler-Micromortar-sans-Fond-2048x2048.png",2048,2048,true],"trp-custom-language-flag":["https:\/\/www.ferberpainting.com\/wp-content\/uploads\/2025\/05\/design-Bomding-primer-Pore-Filler-Micromortar-sans-Fond-12x12.png",12,12,true],"woocommerce_thumbnail":["https:\/\/www.ferberpainting.com\/wp-content\/uploads\/2025\/05\/design-Bomding-primer-Pore-Filler-Micromortar-sans-Fond-300x300.png",300,300,true],"woocommerce_single":["https:\/\/www.ferberpainting.com\/wp-content\/uploads\/2025\/05\/design-Bomding-primer-Pore-Filler-Micromortar-sans-Fond-600x600.png",600,600,true],"woocommerce_gallery_thumbnail":["https:\/\/www.ferberpainting.com\/wp-content\/uploads\/2025\/05\/design-Bomding-primer-Pore-Filler-Micromortar-sans-Fond-100x100.png",100,100,true]},"uagb_author_info":{"display_name":"admin","author_link":"https:\/\/www.ferberpainting.com\/hu\/author\/"},"uagb_comment_info":60,"uagb_excerpt":"Complete microcement kit designed specifically for application over existing tiles. This microcement kit for tiling includes bonding primer, fine grain mortar, customizable pigment, pore filler, and high-resistance varnish. Each component is engineered to work perfectly together, allowing you to renovate tiled surfaces without demolition while achieving a seamless, modern finish. The most effective kit for&hellip;","_links":{"self":[{"href":"https:\/\/www.ferberpainting.com\/hu\/wp-json\/wp\/v2\/product\/24309","targetHints":{"allow":["GET"]}}],"collection":[{"href":"https:\/\/www.ferberpainting.com\/hu\/wp-json\/wp\/v2\/product"}],"about":[{"href":"https:\/\/www.ferberpainting.com\/hu\/wp-json\/wp\/v2\/types\/product"}],"replies":[{"embeddable":true,"href":"https:\/\/www.ferberpainting.com\/hu\/wp-json\/wp\/v2\/comments?post=24309"}],"version-history":[{"count":6,"href":"https:\/\/www.ferberpainting.com\/hu\/wp-json\/wp\/v2\/product\/24309\/revisions"}],"predecessor-version":[{"id":166575,"href":"https:\/\/www.ferberpainting.com\/hu\/wp-json\/wp\/v2\/product\/24309\/revisions\/166575"}],"wp:featuredmedia":[{"embeddable":true,"href":"https:\/\/www.ferberpainting.com\/hu\/wp-json\/wp\/v2\/media\/36232"}],"wp:attachment":[{"href":"https:\/\/www.ferberpainting.com\/hu\/wp-json\/wp\/v2\/media?parent=24309"}],"wp:term":[{"taxonomy":"product_brand","embeddable":true,"href":"https:\/\/www.ferberpainting.com\/hu\/wp-json\/wp\/v2\/product_brand?post=24309"},{"taxonomy":"product_cat","embeddable":true,"href":"https:\/\/www.ferberpainting.com\/hu\/wp-json\/wp\/v2\/product_cat?post=24309"},{"taxonomy":"product_tag","embeddable":true,"href":"https:\/\/www.ferberpainting.com\/hu\/wp-json\/wp\/v2\/product_tag?post=24309"}],"curies":[{"name":"wp","href":"https:\/\/api.w.org\/{rel}","templated":true}]}}