{"id":23821,"date":"2025-07-01T00:41:01","date_gmt":"2025-06-30T22:41:01","guid":{"rendered":"https:\/\/www.ferberpainting.com\/?post_type=product&#038;p=23811"},"modified":"2026-02-15T21:05:15","modified_gmt":"2026-02-15T20:05:15","slug":"microcement-cleaner","status":"publish","type":"product","link":"https:\/\/www.ferberpainting.com\/hu\/products\/microcement-cleaner\/","title":{"rendered":"Mikrocement tiszt\u00edt\u00f3szer"},"content":{"rendered":"<p><strong><img decoding=\"async\" style=\"margin-right: 12px;\" src=\"https:\/\/www.ferberpainting.com\/wp-content\/uploads\/2026\/02\/Check.svg\" alt=\"\" width=\"18\" height=\"15\" \/>Optim\u00e1lis hat\u00e9konys\u00e1g.<\/strong>\u00a0Ezt a pol\u00edrozott betontiszt\u00edt\u00f3t kifejezetten arra tervezt\u00e9k, hogy elt\u00e1vol\u00edtsa a foltokat, port, zs\u00edrmaradv\u00e1nyokat \u00e9s v\u00edzk\u0151nyomokat, amelyek matt\u00edtj\u00e1k a pol\u00edrozott betonfel\u00fcleteket. Er\u0151teljes formul\u00e1ja m\u00e9lyen behatol a szennyez\u0151d\u00e9sek felold\u00e1s\u00e1hoz an\u00e9lk\u00fcl, hogy a fel\u00fcletet \u00e9rinten\u00e9. K\u00edm\u00e9letesen tiszt\u00edt, mik\u00f6zben meg\u0151rzi a beton term\u00e9szetes f\u00e9ny\u00e9t \u00e9s text\u00far\u00e1j\u00e1t, \u00edgy hat\u00e9kony, kop\u00e1smentes karbantart\u00e1st biztos\u00edt.<\/p>\n<p><strong><img decoding=\"async\" style=\"margin-right: 12px;\" src=\"https:\/\/www.ferberpainting.com\/wp-content\/uploads\/2026\/02\/Check.svg\" alt=\"\" width=\"18\" height=\"15\" \/>P\u00e9nzvisszafizet\u00e9si garancia.<\/strong>\u00a0Teljes m\u00e9rt\u00e9kben b\u00edzunk tiszt\u00edt\u00f3szer\u00fcnk hat\u00e9konys\u00e1g\u00e1ban. Ha a haszn\u00e1lat ut\u00e1n nem teljesen el\u00e9gedett az eredm\u00e9nnyel, teljes visszat\u00e9r\u00edt\u00e9sre jogosult. Pr\u00f3b\u00e1lja ki term\u00e9k\u00fcnket kock\u00e1zatmentesen, \u00e9s \u00e1ll\u00edtsa vissza csiszolt betonfel\u00fcleteinek eredeti megjelen\u00e9s\u00e9t k\u00f6nnyed\u00e9n.<\/p>\n<p><strong><img decoding=\"async\" style=\"margin-right: 12px;\" src=\"https:\/\/www.ferberpainting.com\/wp-content\/uploads\/2026\/02\/Check.svg\" alt=\"\" width=\"18\" height=\"15\" \/>Kiv\u00e9teles sokoldal\u00fas\u00e1g.<\/strong>\u00a0Ez a tiszt\u00edt\u00f3szer nem korl\u00e1toz\u00f3dik a csiszolt betonra! M\u00e1s t\u00edpus\u00fa betonokon is hat\u00e9kony, mint p\u00e9ld\u00e1ul a sima beton, a stemplizett beton \u00e9s a pol\u00edrozott cement. Olyan \u00e1sv\u00e1nyi fel\u00fcleteken is m\u0171k\u00f6dik, mint a term\u00e9szetes k\u0151, cement \u00e9s homokk\u0151. Ide\u00e1lis csiszolt betonb\u00f3l k\u00e9sz\u00fclt belt\u00e9ri \u00e9s k\u00fclt\u00e9ri padl\u00f3khoz, munkalapokhoz, falakhoz, zuhanyz\u00f3khoz \u00e9s b\u00fatorokhoz. Haszn\u00e1lata egyar\u00e1nt megfelel az \u00e9p\u00edt\u0151ipari szakembereknek \u00e9s a betonfel\u00fcleteiket karbantartani k\u00edv\u00e1n\u00f3 h\u00e1ztulajdonosoknak.<\/p>\n<p><strong><img decoding=\"async\" style=\"margin-right: 12px;\" src=\"https:\/\/www.ferberpainting.com\/wp-content\/uploads\/2026\/02\/Check.svg\" alt=\"\" width=\"18\" height=\"15\" \/>K\u00f6lts\u00e9ghat\u00e9kony teljes\u00edtm\u00e9ny.<\/strong>\u00a0Az 5 literes tart\u00e1ly\u00e1nak \u00e9s az optimaliz\u00e1lt koncentr\u00e1ci\u00f3nak k\u00f6sz\u00f6nhet\u0151en ez a tiszt\u00edt\u00f3szer kiv\u00e1l\u00f3 \u00e9rt\u00e9ket k\u00edn\u00e1l. Kis mennyis\u00e9g is elegend\u0151 egy nagy fel\u00fclet pazarl\u00e1s n\u00e9lk\u00fcli tiszt\u00edt\u00e1s\u00e1hoz. Egy liter term\u00e9kkel \u00e1tlagosan 20 m\u00b2 csiszolt betonfel\u00fcletet lehet kezelni, \u00edgy hossz\u00fa t\u00e1v\u00fa \u00e9s hat\u00e9kony megold\u00e1s rendszeres vagy intenz\u00edv haszn\u00e1latra.<\/p>\n<p><strong><img decoding=\"async\" style=\"margin-right: 12px;\" src=\"https:\/\/www.ferberpainting.com\/wp-content\/uploads\/2026\/02\/Check.svg\" alt=\"\" width=\"18\" height=\"15\" \/>Biztons\u00e1gosan haszn\u00e1lhat\u00f3.<\/strong>\u00a0Az er\u0151s savakat vagy mar\u00f3 old\u00f3szereket tartalmaz\u00f3 kem\u00e9ny tiszt\u00edt\u00f3szerekkel ellent\u00e9tben ez a term\u00e9k a fel\u00fcletek \u00e9s az eg\u00e9szs\u00e9gre k\u00e1ros anyagok n\u00e9lk\u00fcl k\u00e9sz\u00fclt. Nem okoz elsz\u00ednez\u0151d\u00e9st, nem k\u00e1ros\u00edtja a beton v\u00e9d\u0151bevonat\u00e1t, \u00e9s nem hagy vesz\u00e9lyes maradv\u00e1nyokat. Emellett nem bocs\u00e1t ki irrit\u00e1l\u00f3 f\u00fcst\u00f6t, \u00edgy mind lakoss\u00e1gi, mind professzion\u00e1lis k\u00f6rnyezetben biztons\u00e1gosan haszn\u00e1lhat\u00f3.<\/p>\n<p><strong><img decoding=\"async\" style=\"margin-right: 12px;\" src=\"https:\/\/www.ferberpainting.com\/wp-content\/uploads\/2026\/02\/Check.svg\" alt=\"\" width=\"18\" height=\"15\" \/>K\u00f6nny\u0171 haszn\u00e1lat.<\/strong>\u00a0Ez a term\u00e9k haszn\u00e1latra k\u00e9sz, nem ig\u00e9nyel h\u00edg\u00edt\u00e1st vagy el\u0151k\u00e9sz\u00edt\u00e9st. K\u00f6zvetlen\u00fcl a fel\u00fcletre kell felvinni egy ronggyal, mikrosz\u00e1las felmos\u00f3val vagy padl\u00f3sepr\u0151vel. Gyors hat\u00e1sa n\u00e9h\u00e1ny perc alatt elt\u00e1vol\u00edtja a szennyez\u0151d\u00e9seket, intenz\u00edv s\u00farol\u00e1s vagy \u00f6bl\u00edt\u00e9s n\u00e9lk\u00fcl. Intuit\u00edv alkalmaz\u00e1sa t\u00f6k\u00e9letes sz\u00f6vets\u00e9ges\u00e9v\u00e9 teszi a pol\u00edrozott beton egyszer\u0171 \u00e9s gyors karbantart\u00e1s\u00e1hoz.<\/p>\n<p><strong><img decoding=\"async\" style=\"margin-right: 12px;\" src=\"https:\/\/www.ferberpainting.com\/wp-content\/uploads\/2026\/02\/Check.svg\" alt=\"\" width=\"18\" height=\"15\" \/>Kiterjesztett tart\u00f3ss\u00e1g.<\/strong>\u00a0A szennyez\u0151d\u00e9sek rendszeres elt\u00e1vol\u00edt\u00e1s\u00e1val \u00e9s a v\u00e9d\u0151bevonat meg\u0151rz\u00e9s\u00e9vel ez a tiszt\u00edt\u00f3szer seg\u00edt meghosszabb\u00edtani a pol\u00edrozott beton \u00e9lettartam\u00e1t. Megakad\u00e1lyozza a lerak\u00f3d\u00e1sok felhalmoz\u00f3d\u00e1s\u00e1t, amelyek id\u0151vel k\u00e1ros\u00edthatj\u00e1k a fel\u00fcletet \u00e9s befoly\u00e1solhatj\u00e1k annak megjelen\u00e9s\u00e9t. A rendszeres tiszt\u00edt\u00e1s seg\u00edt meg\u0151rizni a pol\u00edrozott beton eleg\u00e1ns, tart\u00f3s fel\u00fclet\u00e9t, elker\u00fclve a gyakori \u00e9s k\u00f6lts\u00e9ges fel\u00faj\u00edt\u00e1sokat.<\/p>\n<p><strong><img decoding=\"async\" style=\"margin-right: 12px;\" src=\"https:\/\/www.ferberpainting.com\/wp-content\/uploads\/2026\/02\/Check.svg\" alt=\"\" width=\"18\" height=\"15\" \/>Gyors akci\u00f3.<\/strong>\u00a0A rendk\u00edv\u00fcl akt\u00edv formul\u00e1nak k\u00f6sz\u00f6nhet\u0151en ez a tiszt\u00edt\u00f3szer azonnal hat a foltokra \u00e9s a szennyez\u0151d\u00e9sekre. N\u00e9h\u00e1ny perc alatt, intenz\u00edv er\u0151fesz\u00edt\u00e9s n\u00e9lk\u00fcl oldja fel a lerak\u00f3d\u00e1sokat, \u00edgy biztos\u00edtva a gyors \u00e9s hat\u00e9kony tiszt\u00edt\u00e1st. Lehet\u0151v\u00e9 teszi a pol\u00edrozott betonfel\u00fcletek egyszer\u0171 karbantart\u00e1s\u00e1t, seg\u00edt, hogy a terek pillanatok alatt tiszt\u00e1k \u00e9s rendezettek maradjanak.<\/p>\n<h2><strong>Haszn\u00e1lati protokoll<\/strong><\/h2>\n<ul>\n<li><strong>El\u0151k\u00e9sz\u00edt\u00e9s <\/strong>: A term\u00e9k felhord\u00e1sa el\u0151tt gy\u0151z\u0151dj\u00f6n meg arr\u00f3l, hogy a csiszolt betonfel\u00fclet mentes a port\u00f3l \u00e9s a szil\u00e1rd t\u00f6rmel\u00e9kekt\u0151l. A tiszt\u00edt\u00e1si teljes\u00edtm\u00e9ny optimaliz\u00e1l\u00e1sa \u00e9rdek\u00e9ben aj\u00e1nlott a s\u00f6pr\u00e9s vagy porsz\u00edv\u00f3z\u00e1s.<\/li>\n<li><strong>Padl\u00f3 alkalmaz\u00e1s <\/strong>: \u00d6nts\u00f6n egy kis mennyis\u00e9g\u0171 tiszt\u00edt\u00f3szert k\u00f6zvetlen\u00fcl egy mikrosz\u00e1las felmos\u00f3rongyra vagy padl\u00f3sepr\u0151re, majd egyenletesen, k\u00f6rk\u00f6r\u00f6s mozdulatokkal ter\u00edtse sz\u00e9t a fel\u00fcleten a szennyez\u0151d\u00e9sek eloszlat\u00e1sa \u00e9s felold\u00e1sa \u00e9rdek\u00e9ben.<\/li>\n<li><strong>Fal \u00e9s munkalap tiszt\u00edt\u00e1s <\/strong>: Nedves\u00edtsen meg egy puha ruh\u00e1t vagy szivacsot a term\u00e9kkel, \u00e9s \u00f3vatosan d\u00f6rzs\u00f6lje \u00e1t a fel\u00fcletet, a foltos vagy piszkos ter\u00fcletekre \u00f6sszpontos\u00edtva. Tart\u00f3s foltok eset\u00e9n hagyja a term\u00e9ket n\u00e9h\u00e1ny percig hatni, miel\u0151tt let\u00f6rli.<\/li>\n<li><strong>Nagy fel\u00fclet tiszt\u00edt\u00e1sa <\/strong>: Nagy fel\u00fcleteken, p\u00e9ld\u00e1ul teraszokon vagy csiszolt betonteraszokon, haszn\u00e1ljon sz\u00f3r\u00f3fejes flakont a term\u00e9k egyenletes eloszlat\u00e1s\u00e1hoz. Hagyja hatni n\u00e9h\u00e1ny percig, majd nedves felmos\u00f3val t\u00e1vol\u00edtsa el a szennyez\u0151d\u00e9seket.<\/li>\n<li><strong>Makacs foltok kezel\u00e9se <\/strong>: Be\u00e1gyaz\u00f3dott foltok vagy zs\u00edrfoltok eset\u00e9n egy kicsit nagyobb mennyis\u00e9g\u0171 term\u00e9ket vigyen fel k\u00f6zvetlen\u00fcl az \u00e9rintett ter\u00fcletre, \u00e9s puha kef\u00e9vel s\u00farolja le. A teljes tiszt\u00edt\u00e1shoz sz\u00fcks\u00e9g eset\u00e9n ism\u00e9telje meg a m\u0171veletet.<\/li>\n<li><strong>\u00d6bl\u00edt\u00e9s \u00e9s t\u00f6rl\u00e9s <\/strong>: T\u00f6r\u00f6lje \u00e1t a fel\u00fcletet sz\u00e1raz vagy enyh\u00e9n nedves ruh\u00e1val, hogy elt\u00e1vol\u00edtsa a felesleges term\u00e9ket, \u00e9s biztos\u00edtsa a cs\u00edkok n\u00e9lk\u00fcli, foltmentes fel\u00fcletet. Padl\u00f3k eset\u00e9ben sz\u00fcks\u00e9g eset\u00e9n egy gyors \u00f6bl\u00edt\u00e9s tiszta v\u00edzzel.<\/li>\n<li><strong>Pol\u00edroz\u00e1s \u00e9s v\u00e9delem <\/strong>: A tov\u00e1bbi f\u00e9nyess\u00e9g \u00e9s a hib\u00e1tlan fel\u00fclet \u00e9rdek\u00e9ben a tiszt\u00edt\u00e1s ut\u00e1n haszn\u00e1ljon sz\u00e1raz felmos\u00f3t vagy mikrosz\u00e1las kend\u0151t a fel\u00fclet pol\u00edroz\u00e1s\u00e1hoz. A rendszeres karbantart\u00e1s seg\u00edt meg\u0151rizni a pol\u00edrozott beton fel\u00fclet\u00e9t \u00e9s fokozza a szennyez\u0151d\u00e9sekkel szembeni ellen\u00e1ll\u00e1st.<\/li>\n<li><strong>Haszn\u00e1lat gyakoris\u00e1ga <\/strong>: Hetente egyszer vagy k\u00e9tszer alkalmazza a rutinszer\u0171 karbantart\u00e1s \u00e9s a lerak\u00f3d\u00e1sok megel\u0151z\u00e9se \u00e9rdek\u00e9ben. A nagy forgalm\u00fa ter\u00fcleteken, mint p\u00e9ld\u00e1ul a konyh\u00e1ban vagy a f\u00fcrd\u0151szob\u00e1ban, gyakoribb tiszt\u00edt\u00e1s aj\u00e1nlott a makul\u00e1tlan fel\u00fclet biztos\u00edt\u00e1sa \u00e9rdek\u00e9ben.<\/li>\n<li><strong>T\u00e1rol\u00e1s <\/strong>: Minden haszn\u00e1lat ut\u00e1n szorosan z\u00e1rja le a tart\u00e1lyt, \u00e9s a term\u00e9k hossz\u00fa t\u00e1v\u00fa hat\u00e9konys\u00e1g\u00e1nak meg\u0151rz\u00e9se \u00e9rdek\u00e9ben t\u00e1rolja h\u0171v\u00f6s, sz\u00e1raz, f\u00e9nyt\u0151l \u00e9s sz\u00e9ls\u0151s\u00e9ges h\u0151m\u00e9rs\u00e9klett\u0151l v\u00e9dett helyen.<\/li>\n<\/ul>\n<p>Csiszolt beton tiszt\u00edt\u00f3szer\u00fcnkkel \u00e9lvezze a hat\u00e9kony \u00e9s f\u00e1rads\u00e1gmentes karbantart\u00e1st, mik\u00f6zben meg\u0151rzi fel\u00fcleteinek sz\u00e9ps\u00e9g\u00e9t \u00e9s tart\u00f3ss\u00e1g\u00e1t. Ide\u00e1lis megold\u00e1s a betonhoz, amely mindig makul\u00e1tlanul n\u00e9z ki \u00e9s v\u00e9dett marad az id\u0151vel szemben.<\/p>","protected":false},"excerpt":{"rendered":"<p>Optimal Efficiency.\u00a0This polished concrete cleaner is specially designed to remove stains, dust, grease residues, and limescale marks that dull polished concrete surfaces. Its powerful formula penetrates deeply to dissolve impurities without affecting the finish. It cleans gently while preserving the natural shine and texture of the concrete, ensuring effective, abrasion-free maintenance. Money-back guarantee.\u00a0We have full [&hellip;]<\/p>\n","protected":false},"featured_media":36083,"comment_status":"open","ping_status":"closed","template":"","meta":{"_uag_custom_page_level_css":"","site-sidebar-layout":"default","site-content-layout":"","ast-site-content-layout":"default","site-content-style":"default","site-sidebar-style":"default","ast-global-header-display":"","ast-banner-title-visibility":"","ast-main-header-display":"","ast-hfb-above-header-display":"","ast-hfb-below-header-display":"","ast-hfb-mobile-header-display":"","site-post-title":"","ast-breadcrumbs-content":"","ast-featured-img":"","footer-sml-layout":"","ast-disable-related-posts":"","theme-transparent-header-meta":"default","adv-header-id-meta":"","stick-header-meta":"","header-above-stick-meta":"","header-main-stick-meta":"","header-below-stick-meta":"","astra-migrate-meta-layouts":"set","ast-page-background-enabled":"default","ast-page-background-meta":{"desktop":{"background-color":"var(--ast-global-color-4)","background-image":"","background-repeat":"repeat","background-position":"center center","background-size":"auto","background-attachment":"scroll","background-type":"","background-media":"","overlay-type":"","overlay-color":"","overlay-opacity":"","overlay-gradient":""},"tablet":{"background-color":"","background-image":"","background-repeat":"repeat","background-position":"center center","background-size":"auto","background-attachment":"scroll","background-type":"","background-media":"","overlay-type":"","overlay-color":"","overlay-opacity":"","overlay-gradient":""},"mobile":{"background-color":"","background-image":"","background-repeat":"repeat","background-position":"center center","background-size":"auto","background-attachment":"scroll","background-type":"","background-media":"","overlay-type":"","overlay-color":"","overlay-opacity":"","overlay-gradient":""}},"ast-content-background-meta":{"desktop":{"background-color":"var(--ast-global-color-5)","background-image":"","background-repeat":"repeat","background-position":"center center","background-size":"auto","background-attachment":"scroll","background-type":"","background-media":"","overlay-type":"","overlay-color":"","overlay-opacity":"","overlay-gradient":""},"tablet":{"background-color":"var(--ast-global-color-5)","background-image":"","background-repeat":"repeat","background-position":"center center","background-size":"auto","background-attachment":"scroll","background-type":"","background-media":"","overlay-type":"","overlay-color":"","overlay-opacity":"","overlay-gradient":""},"mobile":{"background-color":"var(--ast-global-color-5)","background-image":"","background-repeat":"repeat","background-position":"center center","background-size":"auto","background-attachment":"scroll","background-type":"","background-media":"","overlay-type":"","overlay-color":"","overlay-opacity":"","overlay-gradient":""}}},"product_brand":[],"product_cat":[175,176,182],"product_tag":[],"class_list":{"0":"post-23821","1":"product","2":"type-product","3":"status-publish","4":"has-post-thumbnail","6":"product_cat-cleaning-products","7":"product_cat-concrete-treatment","8":"product_cat-microcement-kit","9":"desktop-align-left","10":"tablet-align-left","11":"mobile-align-left","13":"first","14":"instock","15":"sale","16":"shipping-taxable","17":"purchasable","18":"product-type-variable","19":"has-default-attributes"},"spectra_custom_meta":{"_visibility":["visible"],"_shopify_product_id":["9106351718645"],"_s2w_shopify_domain":["ferberpainting.myshopify.com"],"_shopify_variant_id":["46625993916661"],"_sku":[""],"_manage_stock":["no"],"total_sales":["65"],"_tax_status":["taxable"],"_tax_class":[""],"_backorders":["no"],"_sold_individually":["no"],"_virtual":["no"],"_downloadable":["no"],"_download_limit":["-1"],"_download_expiry":["-1"],"_stock":[null],"_stock_status":["instock"],"_wc_average_rating":["5.00"],"_wc_review_count":["10"],"_product_attributes":["a:1:{s:6:\"volume\";a:6:{s:4:\"name\";s:6:\"Volume\";s:5:\"value\";s:20:\"5 liters | 25 liters\";s:8:\"position\";i:1;s:10:\"is_visible\";i:0;s:12:\"is_variation\";i:1;s:11:\"is_taxonomy\";i:0;}}"],"_product_version":["10.5.1"],"wpse_downloadable_file_names":[""],"wpse_downloadable_file_urls":[""],"_edit_last":["1"],"_default_attributes":["a:1:{s:6:\"volume\";s:8:\"5 liters\";}"],"_edit_lock":["1772044826:1"],"_price":["29.90","129.90"],"merchant-center-availability":["yes"],"merchant-center-category":["7504"],"_thumbnail_id":["36083"],"_wp_page_template":["default"],"_wp_old_date":["2025-05-26"],"_product_image_gallery":["36085"],"site-sidebar-layout":["default"],"ast-site-content-layout":["default"],"site-content-style":["default"],"site-sidebar-style":["default"],"theme-transparent-header-meta":["default"],"_wc_rating_count":["a:1:{i:5;i:10;}"],"astra-migrate-meta-layouts":["set"],"_uag_css_file_name":["uag-css-23821.css"],"_elementor_page_assets":["a:0:{}"],"_uag_page_assets":["a:9:{s:3:\"css\";s:6873:\".wp-block-uagb-image{display:flex}.wp-block-uagb-image__figure{position:relative;display:flex;flex-direction:column;max-width:100%;height:auto;margin:0}.wp-block-uagb-image__figure img{height:auto;display:flex;max-width:100%;transition:box-shadow .2s ease}.wp-block-uagb-image__figure>a{display:inline-block}.wp-block-uagb-image__figure figcaption{text-align:center;margin-top:.5em;margin-bottom:1em}.wp-block-uagb-image .components-placeholder.block-editor-media-placeholder .components-placeholder__instructions{align-self:center}.wp-block-uagb-image--align-left{text-align:left}.wp-block-uagb-image--align-right{text-align:right}.wp-block-uagb-image--align-center{text-align:center}.wp-block-uagb-image--align-full .wp-block-uagb-image__figure{margin-left:calc(50% - 50vw);margin-right:calc(50% - 50vw);max-width:100vw;width:100vw;height:auto}.wp-block-uagb-image--align-full .wp-block-uagb-image__figure img{height:auto;width:100% !important}.wp-block-uagb-image--align-wide .wp-block-uagb-image__figure img{height:auto;width:100%}.wp-block-uagb-image--layout-overlay__color-wrapper{position:absolute;left:0;top:0;right:0;bottom:0;opacity:.2;background:rgba(0,0,0,.5);transition:opacity .35s ease-in-out}.wp-block-uagb-image--layout-overlay-link{position:absolute;left:0;right:0;bottom:0;top:0}.wp-block-uagb-image--layout-overlay .wp-block-uagb-image__figure:hover .wp-block-uagb-image--layout-overlay__color-wrapper{opacity:1}.wp-block-uagb-image--layout-overlay__inner{position:absolute;left:15px;right:15px;bottom:15px;top:15px;display:flex;align-items:center;justify-content:center;flex-direction:column;border-color:#fff;transition:.35s ease-in-out}.wp-block-uagb-image--layout-overlay__inner.top-left,.wp-block-uagb-image--layout-overlay__inner.top-center,.wp-block-uagb-image--layout-overlay__inner.top-right{justify-content:flex-start}.wp-block-uagb-image--layout-overlay__inner.bottom-left,.wp-block-uagb-image--layout-overlay__inner.bottom-center,.wp-block-uagb-image--layout-overlay__inner.bottom-right{justify-content:flex-end}.wp-block-uagb-image--layout-overlay__inner.top-left,.wp-block-uagb-image--layout-overlay__inner.center-left,.wp-block-uagb-image--layout-overlay__inner.bottom-left{align-items:flex-start}.wp-block-uagb-image--layout-overlay__inner.top-right,.wp-block-uagb-image--layout-overlay__inner.center-right,.wp-block-uagb-image--layout-overlay__inner.bottom-right{align-items:flex-end}.wp-block-uagb-image--layout-overlay__inner .uagb-image-heading{color:#fff;transition:transform .35s,opacity .35s ease-in-out;transform:translate3d(0, 24px, 0);margin:0;line-height:1em}.wp-block-uagb-image--layout-overlay__inner .uagb-image-separator{width:30%;border-top-width:2px;border-top-color:#fff;border-top-style:solid;margin-bottom:10px;opacity:0;transition:transform .4s,opacity .4s ease-in-out;transform:translate3d(0, 30px, 0)}.wp-block-uagb-image--layout-overlay__inner .uagb-image-caption{opacity:0;overflow:visible;color:#fff;transition:transform .45s,opacity .45s ease-in-out;transform:translate3d(0, 35px, 0)}.wp-block-uagb-image--layout-overlay__inner:hover .uagb-image-heading,.wp-block-uagb-image--layout-overlay__inner:hover .uagb-image-separator,.wp-block-uagb-image--layout-overlay__inner:hover .uagb-image-caption{opacity:1;transform:translate3d(0, 0, 0)}.wp-block-uagb-image--effect-zoomin .wp-block-uagb-image__figure img,.wp-block-uagb-image--effect-zoomin .wp-block-uagb-image__figure .wp-block-uagb-image--layout-overlay__color-wrapper{transform:scale(1);transition:transform .35s ease-in-out}.wp-block-uagb-image--effect-zoomin .wp-block-uagb-image__figure:hover img,.wp-block-uagb-image--effect-zoomin .wp-block-uagb-image__figure:hover .wp-block-uagb-image--layout-overlay__color-wrapper{transform:scale(1.05)}.wp-block-uagb-image--effect-slide .wp-block-uagb-image__figure img,.wp-block-uagb-image--effect-slide .wp-block-uagb-image__figure .wp-block-uagb-image--layout-overlay__color-wrapper{width:calc(100% + 40px) !important;max-width:none !important;transform:translate3d(-40px, 0, 0);transition:transform .35s ease-in-out}.wp-block-uagb-image--effect-slide .wp-block-uagb-image__figure:hover img,.wp-block-uagb-image--effect-slide .wp-block-uagb-image__figure:hover .wp-block-uagb-image--layout-overlay__color-wrapper{transform:translate3d(0, 0, 0)}.wp-block-uagb-image--effect-grayscale img{filter:grayscale(0%);transition:.35s ease-in-out}.wp-block-uagb-image--effect-grayscale:hover img{filter:grayscale(100%)}.wp-block-uagb-image--effect-blur img{filter:blur(0);transition:.35s ease-in-out}.wp-block-uagb-image--effect-blur:hover img{filter:blur(3px)}.uagb-block-e6f939b3.wp-block-uagb-image--layout-default figure img{box-shadow: 0px 0px 0 #00000070;}.uagb-block-e6f939b3.wp-block-uagb-image .wp-block-uagb-image__figure figcaption{font-style: normal;align-self: center;}.uagb-block-e6f939b3.wp-block-uagb-image--layout-overlay figure img{box-shadow: 0px 0px 0 #00000070;}.uagb-block-e6f939b3.wp-block-uagb-image--layout-overlay .wp-block-uagb-image--layout-overlay__color-wrapper{opacity: 0.2;}.uagb-block-e6f939b3.wp-block-uagb-image--layout-overlay .wp-block-uagb-image--layout-overlay__inner{left: 15px;right: 15px;top: 15px;bottom: 15px;}.uagb-block-e6f939b3.wp-block-uagb-image--layout-overlay .wp-block-uagb-image--layout-overlay__inner .uagb-image-heading{font-style: normal;color: #fff;opacity: 1;}.uagb-block-e6f939b3.wp-block-uagb-image--layout-overlay .wp-block-uagb-image--layout-overlay__inner .uagb-image-heading a{color: #fff;}.uagb-block-e6f939b3.wp-block-uagb-image--layout-overlay .wp-block-uagb-image--layout-overlay__inner .uagb-image-caption{opacity: 0;}.uagb-block-e6f939b3.wp-block-uagb-image--layout-overlay .wp-block-uagb-image__figure:hover .wp-block-uagb-image--layout-overlay__color-wrapper{opacity: 1;}.uagb-block-e6f939b3.wp-block-uagb-image .wp-block-uagb-image--layout-overlay__inner .uagb-image-separator{width: 30%;border-top-width: 2px;border-top-color: #fff;opacity: 0;}.uagb-block-e6f939b3.wp-block-uagb-image .wp-block-uagb-image__figure img{width: px;height: auto;}.uagb-block-e6f939b3.wp-block-uagb-image .wp-block-uagb-image__figure:hover .wp-block-uagb-image--layout-overlay__inner .uagb-image-caption{opacity: 1;}.uagb-block-e6f939b3.wp-block-uagb-image .wp-block-uagb-image__figure:hover .wp-block-uagb-image--layout-overlay__inner .uagb-image-separator{opacity: 1;}.uagb-block-e6f939b3.wp-block-uagb-image--layout-default figure:hover img{box-shadow: 0px 0px 0 #00000070;}.uagb-block-e6f939b3.wp-block-uagb-image--layout-overlay figure:hover img{box-shadow: 0px 0px 0 #00000070;}@media only screen and (max-width: 976px) {.uagb-block-e6f939b3.wp-block-uagb-image .wp-block-uagb-image__figure img{width: px;height: auto;}}@media only screen and (max-width: 767px) {.uagb-block-e6f939b3.wp-block-uagb-image .wp-block-uagb-image__figure img{width: px;height: auto;}}\";s:2:\"js\";s:0:\"\";s:18:\"current_block_list\";a:13:{i:0;s:11:\"core\/search\";i:1;s:10:\"core\/group\";i:2;s:12:\"core\/heading\";i:3;s:17:\"core\/latest-posts\";i:4;s:20:\"core\/latest-comments\";i:5;s:13:\"core\/archives\";i:6;s:15:\"core\/categories\";i:7;s:14:\"core\/paragraph\";i:8;s:10:\"uagb\/image\";i:9;s:11:\"core\/spacer\";i:10;s:30:\"woocommerce\/product-categories\";i:11;s:10:\"core\/image\";i:12;s:14:\"core\/shortcode\";}s:8:\"uag_flag\";b:1;s:11:\"uag_version\";s:10:\"1777093068\";s:6:\"gfonts\";a:0:{}s:10:\"gfonts_url\";s:0:\"\";s:12:\"gfonts_files\";a:0:{}s:14:\"uag_faq_layout\";b:0;}"]},"uagb_featured_image_src":{"full":["https:\/\/www.ferberpainting.com\/wp-content\/uploads\/2025\/05\/Microcement-Cleaner-5L-.png",2560,2560,false],"thumbnail":["https:\/\/www.ferberpainting.com\/wp-content\/uploads\/2025\/05\/Microcement-Cleaner-5L--150x150.png",150,150,true],"medium":["https:\/\/www.ferberpainting.com\/wp-content\/uploads\/2025\/05\/Microcement-Cleaner-5L--300x300.png",300,300,true],"medium_large":["https:\/\/www.ferberpainting.com\/wp-content\/uploads\/2025\/05\/Microcement-Cleaner-5L--768x768.png",768,768,true],"large":["https:\/\/www.ferberpainting.com\/wp-content\/uploads\/2025\/05\/Microcement-Cleaner-5L--1024x1024.png",1024,1024,true],"1536x1536":["https:\/\/www.ferberpainting.com\/wp-content\/uploads\/2025\/05\/Microcement-Cleaner-5L--1536x1536.png",1536,1536,true],"2048x2048":["https:\/\/www.ferberpainting.com\/wp-content\/uploads\/2025\/05\/Microcement-Cleaner-5L--2048x2048.png",2048,2048,true],"trp-custom-language-flag":["https:\/\/www.ferberpainting.com\/wp-content\/uploads\/2025\/05\/Microcement-Cleaner-5L--12x12.png",12,12,true],"woocommerce_thumbnail":["https:\/\/www.ferberpainting.com\/wp-content\/uploads\/2025\/05\/Microcement-Cleaner-5L--300x300.png",300,300,true],"woocommerce_single":["https:\/\/www.ferberpainting.com\/wp-content\/uploads\/2025\/05\/Microcement-Cleaner-5L--600x600.png",600,600,true],"woocommerce_gallery_thumbnail":["https:\/\/www.ferberpainting.com\/wp-content\/uploads\/2025\/05\/Microcement-Cleaner-5L--100x100.png",100,100,true]},"uagb_author_info":{"display_name":"admin","author_link":"https:\/\/www.ferberpainting.com\/hu\/author\/"},"uagb_comment_info":10,"uagb_excerpt":"Optimal Efficiency.\u00a0This polished concrete cleaner is specially designed to remove stains, dust, grease residues, and limescale marks that dull polished concrete surfaces. Its powerful formula penetrates deeply to dissolve impurities without affecting the finish. It cleans gently while preserving the natural shine and texture of the concrete, ensuring effective, abrasion-free maintenance. Money-back guarantee.\u00a0We have full&hellip;","_links":{"self":[{"href":"https:\/\/www.ferberpainting.com\/hu\/wp-json\/wp\/v2\/product\/23821","targetHints":{"allow":["GET"]}}],"collection":[{"href":"https:\/\/www.ferberpainting.com\/hu\/wp-json\/wp\/v2\/product"}],"about":[{"href":"https:\/\/www.ferberpainting.com\/hu\/wp-json\/wp\/v2\/types\/product"}],"replies":[{"embeddable":true,"href":"https:\/\/www.ferberpainting.com\/hu\/wp-json\/wp\/v2\/comments?post=23821"}],"version-history":[{"count":3,"href":"https:\/\/www.ferberpainting.com\/hu\/wp-json\/wp\/v2\/product\/23821\/revisions"}],"predecessor-version":[{"id":166514,"href":"https:\/\/www.ferberpainting.com\/hu\/wp-json\/wp\/v2\/product\/23821\/revisions\/166514"}],"wp:featuredmedia":[{"embeddable":true,"href":"https:\/\/www.ferberpainting.com\/hu\/wp-json\/wp\/v2\/media\/36083"}],"wp:attachment":[{"href":"https:\/\/www.ferberpainting.com\/hu\/wp-json\/wp\/v2\/media?parent=23821"}],"wp:term":[{"taxonomy":"product_brand","embeddable":true,"href":"https:\/\/www.ferberpainting.com\/hu\/wp-json\/wp\/v2\/product_brand?post=23821"},{"taxonomy":"product_cat","embeddable":true,"href":"https:\/\/www.ferberpainting.com\/hu\/wp-json\/wp\/v2\/product_cat?post=23821"},{"taxonomy":"product_tag","embeddable":true,"href":"https:\/\/www.ferberpainting.com\/hu\/wp-json\/wp\/v2\/product_tag?post=23821"}],"curies":[{"name":"wp","href":"https:\/\/api.w.org\/{rel}","templated":true}]}}