{"id":23818,"date":"2025-05-26T10:25:41","date_gmt":"2025-05-26T08:25:41","guid":{"rendered":"https:\/\/www.ferberpainting.com\/products\/metallic-wax\/"},"modified":"2026-02-15T21:03:27","modified_gmt":"2026-02-15T20:03:27","slug":"metallic-wax","status":"publish","type":"product","link":"https:\/\/www.ferberpainting.com\/hu\/products\/metallic-wax\/","title":{"rendered":"Met\u00e1lf\u00e9ny\u0171 viasz"},"content":{"rendered":"<p><strong><img decoding=\"async\" style=\"margin-right: 12px;\" src=\"https:\/\/www.ferberpainting.com\/wp-content\/uploads\/2026\/02\/Check.svg\" alt=\"\" width=\"18\" height=\"15\" \/>Pr\u00e9mium f\u00e9mf\u00e9ny\u0171 csillog\u00e1s a figyelmet ig\u00e9nyl\u0151 padl\u00f3khoz.<\/strong> F\u00e9mviaszunkat kifejezetten a padl\u00f3fel\u00fcletek feljav\u00edt\u00e1s\u00e1ra \u00e9s v\u00e9delm\u00e9re fejlesztett\u00fck ki, kifinomult f\u00e9mes csillog\u00e1ssal, amely b\u00e1rmilyen t\u00e9r vizu\u00e1lis hat\u00e1s\u00e1t n\u00f6veli. M\u00e9lys\u00e9get, ragyog\u00e1st \u00e9s finom f\u00e9nyvisszaver\u0151 hat\u00e1st k\u00f6lcs\u00f6n\u00f6z, amely a h\u00e9tk\u00f6znapi padl\u00f3t eleg\u00e1ns, szemet gy\u00f6ny\u00f6rk\u00f6dtet\u0151 fel\u00fclett\u00e9 v\u00e1ltoztatja, amely alkalmas lak\u00f3-, kereskedelmi \u00e9s ipari k\u00f6rnyezetbe.<\/p>\n<p><strong><img decoding=\"async\" style=\"margin-right: 12px;\" src=\"https:\/\/www.ferberpainting.com\/wp-content\/uploads\/2026\/02\/Check.svg\" alt=\"\" width=\"18\" height=\"15\" \/>A leghat\u00e9konyabb f\u00e9m padl\u00f3viasz a piacon.<\/strong> A nagy teljes\u00edtm\u00e9ny\u0171 polimerekkel \u00e9s f\u00e9mes anyagokkal kifejlesztett formul\u00e1nk kiv\u00e9teles tapad\u00e1st, hosszan tart\u00f3 f\u00e9nyt \u00e9s kiv\u00e1l\u00f3 kop\u00e1s\u00e1ll\u00f3s\u00e1got biztos\u00edt. Behatol a fel\u00fcletbe, \u00e9s tart\u00f3s v\u00e9d\u0151r\u00e9teget k\u00e9pez, amely m\u00e9g er\u0151s l\u00e1bforgalom mellett is meg\u0151rzi f\u00e9ny\u00e9t.<\/p>\n<p><strong><img decoding=\"async\" style=\"margin-right: 12px;\" src=\"https:\/\/www.ferberpainting.com\/wp-content\/uploads\/2026\/02\/Check.svg\" alt=\"\" width=\"18\" height=\"15\" \/>Verhetetlen \u00e1r.<\/strong> Az el\u00e9rhet\u0151 legjobb min\u0151s\u00e9g-\u00e1r ar\u00e1nyt k\u00edn\u00e1ljuk. F\u00e9mviaszunk a professzion\u00e1lis teljes\u00edtm\u00e9nyt a legversenyk\u00e9pesebb \u00e1rral \u00f6tv\u00f6zi, \u00edgy garant\u00e1lja, hogy kiv\u00e1l\u00f3 eredm\u00e9nyeket \u00e9rhet el an\u00e9lk\u00fcl, hogy t\u00falk\u00f6ltekezne. Nem kell t\u00f6bbet fizetnie a pr\u00e9mium f\u00e9nyess\u00e9g\u00e9rt \u00e9s v\u00e9delem\u00e9rt.<\/p>\n<p><strong><img decoding=\"async\" style=\"margin-right: 12px;\" src=\"https:\/\/www.ferberpainting.com\/wp-content\/uploads\/2026\/02\/Check.svg\" alt=\"\" width=\"18\" height=\"15\" \/>P\u00e9nzvisszafizet\u00e9si garancia a teljes el\u00e9gedetts\u00e9g\u00e9rt.<\/strong> Teljesen biztosak vagyunk a f\u00e9mviaszunk teljes\u00edtm\u00e9ny\u00e9ben. Ha nem teljesen el\u00e9gedett az eredm\u00e9nnyel, p\u00e9nzvisszafizet\u00e9si garanci\u00e1t v\u00e1llalunk. Egyszer\u0171en l\u00e9pjen kapcsolatba vel\u00fcnk, \u00e9s mi visszat\u00e9r\u00edtj\u00fck a v\u00e9tel\u00e1rat. Az \u00d6n befektet\u00e9se teljesen kock\u00e1zatmentes.<\/p>\n<p><strong><img decoding=\"async\" style=\"margin-right: 12px;\" src=\"https:\/\/www.ferberpainting.com\/wp-content\/uploads\/2026\/02\/Check.svg\" alt=\"\" width=\"18\" height=\"15\" \/>Gyors \u00e9s megb\u00edzhat\u00f3 24 \u00f3r\u00e1s sz\u00e1ll\u00edt\u00e1s.<\/strong> Mindig 24 \u00f3r\u00e1s sz\u00e1ll\u00edt\u00e1st biztos\u00edtunk, hogy \u00d6n k\u00e9sedelem n\u00e9lk\u00fcl elkezdhesse padl\u00f3burkol\u00e1si projektj\u00e9t. Legyen sz\u00f3 fel\u00faj\u00edt\u00e1sr\u00f3l, karbantart\u00e1sr\u00f3l vagy s\u00fcrg\u0151s korszer\u0171s\u00edt\u00e9sr\u0151l, sz\u00e1m\u00edthat a gyors sz\u00e1ll\u00edt\u00e1sra \u00e9s a megb\u00edzhat\u00f3 szolg\u00e1ltat\u00e1sra.<\/p>\n<p><strong><img decoding=\"async\" style=\"margin-right: 12px;\" src=\"https:\/\/www.ferberpainting.com\/wp-content\/uploads\/2026\/02\/Check.svg\" alt=\"\" width=\"18\" height=\"15\" \/>Literenk\u00e9nt ak\u00e1r 10 m\u00b2-es fedetts\u00e9g az optim\u00e1lis hat\u00e9konys\u00e1g \u00e9rdek\u00e9ben.<\/strong> Egy liter f\u00e9mviaszunk ak\u00e1r 10 n\u00e9gyzetm\u00e9ternyi padl\u00f3fel\u00fcletet is lefed, \u00edgy biztos\u00edtva a term\u00e9k hat\u00e9kony felhaszn\u00e1l\u00e1s\u00e1t \u00e9s a projekt pontos tervez\u00e9s\u00e9t. Ez a b\u0151s\u00e9ges fedetts\u00e9g lehet\u0151v\u00e9 teszi, hogy egyenletes eredm\u00e9nyeket \u00e9rjen el, mik\u00f6zben kontroll\u00e1lja az anyagk\u00f6lts\u00e9geket.<\/p>\n<p><strong><img decoding=\"async\" style=\"margin-right: 12px;\" src=\"https:\/\/www.ferberpainting.com\/wp-content\/uploads\/2026\/02\/Check.svg\" alt=\"\" width=\"18\" height=\"15\" \/>N\u00f6veli a tart\u00f3ss\u00e1got \u00e9s v\u00e9d a kop\u00e1s ellen.<\/strong> Az eszt\u00e9tik\u00e1n t\u00fal a viasz ellen\u00e1ll\u00f3 v\u00e9d\u0151r\u00e9teget k\u00e9pez, amely megv\u00e9di a padl\u00f3t a karcol\u00e1sokt\u00f3l, karcol\u00e1sokt\u00f3l, foltokt\u00f3l \u00e9s a mindennapi kop\u00e1st\u00f3l. Jelent\u0151sen meghosszabb\u00edtja a kezelt fel\u00fcletek \u00e9lettartam\u00e1t \u00e9s cs\u00f6kkenti a karbantart\u00e1s gyakoris\u00e1g\u00e1t.<\/p>\n<p><strong><img decoding=\"async\" style=\"margin-right: 12px;\" src=\"https:\/\/www.ferberpainting.com\/wp-content\/uploads\/2026\/02\/Check.svg\" alt=\"\" width=\"18\" height=\"15\" \/>Ide\u00e1lis a padl\u00f3t\u00edpusok sz\u00e9les sk\u00e1l\u00e1j\u00e1hoz.<\/strong> A beton, k\u0151, terrazzo \u00e9s m\u00e1s kompatibilis kem\u00e9ny padl\u00f3fel\u00fcletekhez alkalmas f\u00e9mviaszunk alkalmazkodik a k\u00fcl\u00f6nb\u00f6z\u0151 k\u00f6rnyezetekhez, bele\u00e9rtve az irod\u00e1kat, kiskereskedelmi helyis\u00e9geket, bemutat\u00f3termeket \u00e9s lak\u00f3tereket.<\/p>\n<p><strong><img decoding=\"async\" style=\"margin-right: 12px;\" src=\"https:\/\/www.ferberpainting.com\/wp-content\/uploads\/2026\/02\/Check.svg\" alt=\"\" width=\"18\" height=\"15\" \/>Jav\u00edtja a f\u00e9nyvisszaver\u0151d\u00e9st \u00e9s a f\u00e9nyer\u0151t.<\/strong> A f\u00e9mes kivitel n\u00f6veli a f\u00e9nyvisszaver\u0151d\u00e9st a padl\u00f3n, \u00edgy a helyis\u00e9gek vil\u00e1gosabbnak \u00e9s t\u00e1gasabbnak t\u0171nnek. Ez k\u00fcl\u00f6n\u00f6sen el\u0151ny\u00f6s a kereskedelmi helyis\u00e9gekben, ahol fontos a megjelen\u00e9s \u00e9s a hangulat.<\/p>\n<p><strong><img decoding=\"async\" style=\"margin-right: 12px;\" src=\"https:\/\/www.ferberpainting.com\/wp-content\/uploads\/2026\/02\/Check.svg\" alt=\"\" width=\"18\" height=\"15\" \/>Egyszer\u0171 alkalmaz\u00e1s szakemberek \u00e9s bark\u00e1cs felhaszn\u00e1l\u00f3k sz\u00e1m\u00e1ra.<\/strong> F\u00e9mviaszunk k\u00f6nnyen felhordhat\u00f3 hagyom\u00e1nyos padl\u00f3applik\u00e1torral, mikrosz\u00e1las felmos\u00f3val vagy hengerrel. Sima \u00e1llaga egyenletes, cs\u00edkok n\u00e9lk\u00fcli eloszl\u00e1st biztos\u00edt, \u00edgy mind a szakemberek, mind a h\u00e1ztulajdonosok hib\u00e1tlan eredm\u00e9nyt \u00e9rhetnek el.<\/p>\n<h2><strong>Utas\u00edt\u00e1sok<\/strong><\/h2>\n<ul>\n<li>A felhord\u00e1s el\u0151tt gy\u0151z\u0151dj\u00f6n meg arr\u00f3l, hogy a padl\u00f3fel\u00fclet tiszta, sz\u00e1raz, por-, zs\u00edr- \u00e9s kor\u00e1bbi viaszmaradv\u00e1nyokt\u00f3l mentes. Sz\u00fcks\u00e9g eset\u00e9n t\u00e1vol\u00edtsa el a r\u00e9gi bevonatokat, \u00e9s alaposan \u00f6bl\u00edtse le.<\/li>\n<li>A f\u00e9mviasz felvitele el\u0151tt hagyja a padl\u00f3t teljesen megsz\u00e1radni.<\/li>\n<li>Haszn\u00e1lat el\u0151tt j\u00f3l r\u00e1zza fel vagy keverje fel a term\u00e9ket, hogy a f\u00e9mkomponensek egyenletesen eloszoljanak.<\/li>\n<li>Vigyen fel egy v\u00e9kony, egyenletes r\u00e9teget egy tiszta mikrosz\u00e1las felmos\u00f3rongy, viaszapplik\u00e1tor vagy henger seg\u00edts\u00e9g\u00e9vel. Az egyenetlen sz\u00e1rad\u00e1s elker\u00fcl\u00e9se \u00e9rdek\u00e9ben ker\u00fclje a t\u00falzott felhord\u00e1st.<\/li>\n<li>Tartsa be az aj\u00e1nlott adagol\u00e1st: egy liter legfeljebb 10 m\u00b2 padl\u00f3fel\u00fcletre elegend\u0151, ami k\u00f6r\u00fclbel\u00fcl 100 ml\/n\u00e9gyzetm\u00e9ternek felel meg.<\/li>\n<li>Hagyja az els\u0151 r\u00e9teget k\u00f6r\u00fclbel\u00fcl 30-60 percig sz\u00e1radni, a helyis\u00e9g h\u0151m\u00e9rs\u00e9klet\u00e9t\u0151l \u00e9s a szell\u0151z\u00e9st\u0151l f\u00fcgg\u0151en.<\/li>\n<li>A fokozott f\u00e9nyess\u00e9g \u00e9s tart\u00f3ss\u00e1g \u00e9rdek\u00e9ben vigyen fel egy m\u00e1sodik r\u00e9teget, miut\u00e1n az els\u0151 r\u00e9teg teljesen megsz\u00e1radt. Ne l\u00e9pje t\u00fal a r\u00e9tegenk\u00e9nti aj\u00e1nlott fedetts\u00e9get.<\/li>\n<li>Ker\u00fclje a kezelt fel\u00fcleten val\u00f3 j\u00e1rk\u00e1l\u00e1st, am\u00edg az teljesen meg nem sz\u00e1rad. A legjobb eredm\u00e9ny el\u00e9r\u00e9se \u00e9rdek\u00e9ben hagyjon 12-24 \u00f3r\u00e1t a teljes kikem\u00e9nyed\u00e9sre, miel\u0151tt nagyobb gyalogosforgalmat bonyol\u00edtana le.<\/li>\n<li>Karbantart\u00e1s c\u00e9lj\u00e1b\u00f3l semleges tiszt\u00edt\u00f3szerrel tiszt\u00edtsa meg a padl\u00f3t, \u00e9s rendszeresen vigye fel \u00fajra a f\u00e9mviaszt, ha a f\u00e9nye kezd cs\u00f6kkenni.<\/li>\n<li>A t\u00e1rol\u00f3ed\u00e9nyt szorosan lez\u00e1rva, h\u0171v\u00f6s, sz\u00e1raz, k\u00f6zvetlen napf\u00e9nyt\u0151l v\u00e9dett helyen t\u00e1rolja, \u00e9s a term\u00e9k min\u0151s\u00e9g\u00e9nek meg\u0151rz\u00e9se \u00e9rdek\u00e9ben v\u00e9dje a fagypont alatti h\u0151m\u00e9rs\u00e9klett\u0151l.<\/li>\n<\/ul>","protected":false},"excerpt":{"rendered":"<p>Premium metallic shine for floors that demand attention. Our metallic wax is specially developed to enhance and protect floor surfaces with a refined metallic sheen that elevates the visual impact of any space. It adds depth, brilliance, and a subtle reflective effect that transforms ordinary floors into elegant, eye-catching surfaces suitable for residential, commercial, and [&hellip;]<\/p>\n","protected":false},"featured_media":26274,"comment_status":"open","ping_status":"closed","template":"","meta":{"_uag_custom_page_level_css":"","site-sidebar-layout":"default","site-content-layout":"","ast-site-content-layout":"default","site-content-style":"default","site-sidebar-style":"default","ast-global-header-display":"","ast-banner-title-visibility":"","ast-main-header-display":"","ast-hfb-above-header-display":"","ast-hfb-below-header-display":"","ast-hfb-mobile-header-display":"","site-post-title":"","ast-breadcrumbs-content":"","ast-featured-img":"","footer-sml-layout":"","ast-disable-related-posts":"","theme-transparent-header-meta":"default","adv-header-id-meta":"","stick-header-meta":"","header-above-stick-meta":"","header-main-stick-meta":"","header-below-stick-meta":"","astra-migrate-meta-layouts":"set","ast-page-background-enabled":"default","ast-page-background-meta":{"desktop":{"background-color":"var(--ast-global-color-4)","background-image":"","background-repeat":"repeat","background-position":"center center","background-size":"auto","background-attachment":"scroll","background-type":"","background-media":"","overlay-type":"","overlay-color":"","overlay-opacity":"","overlay-gradient":""},"tablet":{"background-color":"","background-image":"","background-repeat":"repeat","background-position":"center center","background-size":"auto","background-attachment":"scroll","background-type":"","background-media":"","overlay-type":"","overlay-color":"","overlay-opacity":"","overlay-gradient":""},"mobile":{"background-color":"","background-image":"","background-repeat":"repeat","background-position":"center center","background-size":"auto","background-attachment":"scroll","background-type":"","background-media":"","overlay-type":"","overlay-color":"","overlay-opacity":"","overlay-gradient":""}},"ast-content-background-meta":{"desktop":{"background-color":"var(--ast-global-color-5)","background-image":"","background-repeat":"repeat","background-position":"center center","background-size":"auto","background-attachment":"scroll","background-type":"","background-media":"","overlay-type":"","overlay-color":"","overlay-opacity":"","overlay-gradient":""},"tablet":{"background-color":"var(--ast-global-color-5)","background-image":"","background-repeat":"repeat","background-position":"center center","background-size":"auto","background-attachment":"scroll","background-type":"","background-media":"","overlay-type":"","overlay-color":"","overlay-opacity":"","overlay-gradient":""},"mobile":{"background-color":"var(--ast-global-color-5)","background-image":"","background-repeat":"repeat","background-position":"center center","background-size":"auto","background-attachment":"scroll","background-type":"","background-media":"","overlay-type":"","overlay-color":"","overlay-opacity":"","overlay-gradient":""}}},"product_brand":[],"product_cat":[176],"product_tag":[],"class_list":{"0":"post-23818","1":"product","2":"type-product","3":"status-publish","4":"has-post-thumbnail","6":"product_cat-concrete-treatment","7":"desktop-align-left","8":"tablet-align-left","9":"mobile-align-left","11":"first","12":"instock","13":"sale","14":"shipping-taxable","15":"purchasable","16":"product-type-variable","17":"has-default-attributes"},"spectra_custom_meta":{"_visibility":["visible"],"_shopify_product_id":["7950269317365"],"_s2w_shopify_domain":["ferberpainting.myshopify.com"],"_shopify_variant_id":["43502096679157"],"_sku":[""],"_manage_stock":["no"],"total_sales":["36"],"_tax_status":["taxable"],"_tax_class":[""],"_backorders":["no"],"_sold_individually":["no"],"_virtual":["no"],"_downloadable":["no"],"_download_limit":["-1"],"_download_expiry":["-1"],"_stock":[null],"_stock_status":["instock"],"_wc_average_rating":["4.81"],"_wc_review_count":["62"],"_product_attributes":["a:1:{s:6:\"volume\";a:6:{s:4:\"name\";s:6:\"Volume\";s:5:\"value\";s:20:\"5 liters | 25 liters\";s:8:\"position\";i:1;s:10:\"is_visible\";i:0;s:12:\"is_variation\";i:1;s:11:\"is_taxonomy\";i:0;}}"],"_product_version":["10.5.1"],"_thumbnail_id":["26274"],"_price":["29.90","99.90"],"_product_image_gallery":["26275"],"merchant-center-availability":["yes"],"merchant-center-category":["503738"],"merchant-center-id":["MW"],"wpse_downloadable_file_names":[""],"wpse_downloadable_file_urls":[""],"_edit_last":["1"],"_default_attributes":["a:1:{s:6:\"volume\";s:8:\"5 liters\";}"],"_wc_rating_count":["a:3:{i:3;i:2;i:4;i:8;i:5;i:52;}"],"_edit_lock":["1771185669:1"],"_wp_page_template":["default"],"site-sidebar-layout":["default"],"ast-site-content-layout":["default"],"site-content-style":["default"],"site-sidebar-style":["default"],"theme-transparent-header-meta":["default"],"astra-migrate-meta-layouts":["set"],"_uag_css_file_name":["uag-css-23818.css"],"_elementor_page_assets":["a:0:{}"],"_uag_page_assets":["a:9:{s:3:\"css\";s:7133:\".uag-blocks-common-selector{z-index:var(--z-index-desktop) !important}@media(max-width: 976px){.uag-blocks-common-selector{z-index:var(--z-index-tablet) !important}}@media(max-width: 767px){.uag-blocks-common-selector{z-index:var(--z-index-mobile) !important}}.wp-block-uagb-image{display:flex}.wp-block-uagb-image__figure{position:relative;display:flex;flex-direction:column;max-width:100%;height:auto;margin:0}.wp-block-uagb-image__figure img{height:auto;display:flex;max-width:100%;transition:box-shadow .2s ease}.wp-block-uagb-image__figure>a{display:inline-block}.wp-block-uagb-image__figure figcaption{text-align:center;margin-top:.5em;margin-bottom:1em}.wp-block-uagb-image .components-placeholder.block-editor-media-placeholder .components-placeholder__instructions{align-self:center}.wp-block-uagb-image--align-left{text-align:left}.wp-block-uagb-image--align-right{text-align:right}.wp-block-uagb-image--align-center{text-align:center}.wp-block-uagb-image--align-full .wp-block-uagb-image__figure{margin-left:calc(50% - 50vw);margin-right:calc(50% - 50vw);max-width:100vw;width:100vw;height:auto}.wp-block-uagb-image--align-full .wp-block-uagb-image__figure img{height:auto;width:100% !important}.wp-block-uagb-image--align-wide .wp-block-uagb-image__figure img{height:auto;width:100%}.wp-block-uagb-image--layout-overlay__color-wrapper{position:absolute;left:0;top:0;right:0;bottom:0;opacity:.2;background:rgba(0,0,0,.5);transition:opacity .35s ease-in-out}.wp-block-uagb-image--layout-overlay-link{position:absolute;left:0;right:0;bottom:0;top:0}.wp-block-uagb-image--layout-overlay .wp-block-uagb-image__figure:hover .wp-block-uagb-image--layout-overlay__color-wrapper{opacity:1}.wp-block-uagb-image--layout-overlay__inner{position:absolute;left:15px;right:15px;bottom:15px;top:15px;display:flex;align-items:center;justify-content:center;flex-direction:column;border-color:#fff;transition:.35s ease-in-out}.wp-block-uagb-image--layout-overlay__inner.top-left,.wp-block-uagb-image--layout-overlay__inner.top-center,.wp-block-uagb-image--layout-overlay__inner.top-right{justify-content:flex-start}.wp-block-uagb-image--layout-overlay__inner.bottom-left,.wp-block-uagb-image--layout-overlay__inner.bottom-center,.wp-block-uagb-image--layout-overlay__inner.bottom-right{justify-content:flex-end}.wp-block-uagb-image--layout-overlay__inner.top-left,.wp-block-uagb-image--layout-overlay__inner.center-left,.wp-block-uagb-image--layout-overlay__inner.bottom-left{align-items:flex-start}.wp-block-uagb-image--layout-overlay__inner.top-right,.wp-block-uagb-image--layout-overlay__inner.center-right,.wp-block-uagb-image--layout-overlay__inner.bottom-right{align-items:flex-end}.wp-block-uagb-image--layout-overlay__inner .uagb-image-heading{color:#fff;transition:transform .35s,opacity .35s ease-in-out;transform:translate3d(0, 24px, 0);margin:0;line-height:1em}.wp-block-uagb-image--layout-overlay__inner .uagb-image-separator{width:30%;border-top-width:2px;border-top-color:#fff;border-top-style:solid;margin-bottom:10px;opacity:0;transition:transform .4s,opacity .4s ease-in-out;transform:translate3d(0, 30px, 0)}.wp-block-uagb-image--layout-overlay__inner .uagb-image-caption{opacity:0;overflow:visible;color:#fff;transition:transform .45s,opacity .45s ease-in-out;transform:translate3d(0, 35px, 0)}.wp-block-uagb-image--layout-overlay__inner:hover .uagb-image-heading,.wp-block-uagb-image--layout-overlay__inner:hover .uagb-image-separator,.wp-block-uagb-image--layout-overlay__inner:hover .uagb-image-caption{opacity:1;transform:translate3d(0, 0, 0)}.wp-block-uagb-image--effect-zoomin .wp-block-uagb-image__figure img,.wp-block-uagb-image--effect-zoomin .wp-block-uagb-image__figure .wp-block-uagb-image--layout-overlay__color-wrapper{transform:scale(1);transition:transform .35s ease-in-out}.wp-block-uagb-image--effect-zoomin .wp-block-uagb-image__figure:hover img,.wp-block-uagb-image--effect-zoomin .wp-block-uagb-image__figure:hover .wp-block-uagb-image--layout-overlay__color-wrapper{transform:scale(1.05)}.wp-block-uagb-image--effect-slide .wp-block-uagb-image__figure img,.wp-block-uagb-image--effect-slide .wp-block-uagb-image__figure .wp-block-uagb-image--layout-overlay__color-wrapper{width:calc(100% + 40px) !important;max-width:none !important;transform:translate3d(-40px, 0, 0);transition:transform .35s ease-in-out}.wp-block-uagb-image--effect-slide .wp-block-uagb-image__figure:hover img,.wp-block-uagb-image--effect-slide .wp-block-uagb-image__figure:hover .wp-block-uagb-image--layout-overlay__color-wrapper{transform:translate3d(0, 0, 0)}.wp-block-uagb-image--effect-grayscale img{filter:grayscale(0%);transition:.35s ease-in-out}.wp-block-uagb-image--effect-grayscale:hover img{filter:grayscale(100%)}.wp-block-uagb-image--effect-blur img{filter:blur(0);transition:.35s ease-in-out}.wp-block-uagb-image--effect-blur:hover img{filter:blur(3px)}.uagb-block-e6f939b3.wp-block-uagb-image--layout-default figure img{box-shadow: 0px 0px 0 #00000070;}.uagb-block-e6f939b3.wp-block-uagb-image .wp-block-uagb-image__figure figcaption{font-style: normal;align-self: center;}.uagb-block-e6f939b3.wp-block-uagb-image--layout-overlay figure img{box-shadow: 0px 0px 0 #00000070;}.uagb-block-e6f939b3.wp-block-uagb-image--layout-overlay .wp-block-uagb-image--layout-overlay__color-wrapper{opacity: 0.2;}.uagb-block-e6f939b3.wp-block-uagb-image--layout-overlay .wp-block-uagb-image--layout-overlay__inner{left: 15px;right: 15px;top: 15px;bottom: 15px;}.uagb-block-e6f939b3.wp-block-uagb-image--layout-overlay .wp-block-uagb-image--layout-overlay__inner .uagb-image-heading{font-style: normal;color: #fff;opacity: 1;}.uagb-block-e6f939b3.wp-block-uagb-image--layout-overlay .wp-block-uagb-image--layout-overlay__inner .uagb-image-heading a{color: #fff;}.uagb-block-e6f939b3.wp-block-uagb-image--layout-overlay .wp-block-uagb-image--layout-overlay__inner .uagb-image-caption{opacity: 0;}.uagb-block-e6f939b3.wp-block-uagb-image--layout-overlay .wp-block-uagb-image__figure:hover .wp-block-uagb-image--layout-overlay__color-wrapper{opacity: 1;}.uagb-block-e6f939b3.wp-block-uagb-image .wp-block-uagb-image--layout-overlay__inner .uagb-image-separator{width: 30%;border-top-width: 2px;border-top-color: #fff;opacity: 0;}.uagb-block-e6f939b3.wp-block-uagb-image .wp-block-uagb-image__figure img{width: px;height: auto;}.uagb-block-e6f939b3.wp-block-uagb-image .wp-block-uagb-image__figure:hover .wp-block-uagb-image--layout-overlay__inner .uagb-image-caption{opacity: 1;}.uagb-block-e6f939b3.wp-block-uagb-image .wp-block-uagb-image__figure:hover .wp-block-uagb-image--layout-overlay__inner .uagb-image-separator{opacity: 1;}.uagb-block-e6f939b3.wp-block-uagb-image--layout-default figure:hover img{box-shadow: 0px 0px 0 #00000070;}.uagb-block-e6f939b3.wp-block-uagb-image--layout-overlay figure:hover img{box-shadow: 0px 0px 0 #00000070;}@media only screen and (max-width: 976px) {.uagb-block-e6f939b3.wp-block-uagb-image .wp-block-uagb-image__figure img{width: px;height: auto;}}@media only screen and (max-width: 767px) {.uagb-block-e6f939b3.wp-block-uagb-image .wp-block-uagb-image__figure img{width: px;height: auto;}}\";s:2:\"js\";s:0:\"\";s:18:\"current_block_list\";a:13:{i:0;s:11:\"core\/search\";i:1;s:10:\"core\/group\";i:2;s:12:\"core\/heading\";i:3;s:17:\"core\/latest-posts\";i:4;s:20:\"core\/latest-comments\";i:5;s:13:\"core\/archives\";i:6;s:15:\"core\/categories\";i:7;s:14:\"core\/paragraph\";i:8;s:10:\"uagb\/image\";i:9;s:11:\"core\/spacer\";i:10;s:30:\"woocommerce\/product-categories\";i:11;s:10:\"core\/image\";i:12;s:14:\"core\/shortcode\";}s:8:\"uag_flag\";b:1;s:11:\"uag_version\";s:10:\"1777102584\";s:6:\"gfonts\";a:0:{}s:10:\"gfonts_url\";s:0:\"\";s:12:\"gfonts_files\";a:0:{}s:14:\"uag_faq_layout\";b:0;}"]},"uagb_featured_image_src":{"full":["https:\/\/www.ferberpainting.com\/wp-content\/uploads\/2025\/05\/Metallic_Wax_5L.jpg",2560,2560,false],"thumbnail":["https:\/\/www.ferberpainting.com\/wp-content\/uploads\/2025\/05\/Metallic_Wax_5L-150x150.jpg",150,150,true],"medium":["https:\/\/www.ferberpainting.com\/wp-content\/uploads\/2025\/05\/Metallic_Wax_5L-300x300.jpg",300,300,true],"medium_large":["https:\/\/www.ferberpainting.com\/wp-content\/uploads\/2025\/05\/Metallic_Wax_5L-768x768.jpg",768,768,true],"large":["https:\/\/www.ferberpainting.com\/wp-content\/uploads\/2025\/05\/Metallic_Wax_5L-1024x1024.jpg",1024,1024,true],"1536x1536":["https:\/\/www.ferberpainting.com\/wp-content\/uploads\/2025\/05\/Metallic_Wax_5L-1536x1536.jpg",1536,1536,true],"2048x2048":["https:\/\/www.ferberpainting.com\/wp-content\/uploads\/2025\/05\/Metallic_Wax_5L-2048x2048.jpg",2048,2048,true],"trp-custom-language-flag":["https:\/\/www.ferberpainting.com\/wp-content\/uploads\/2025\/05\/Metallic_Wax_5L-12x12.jpg",12,12,true],"woocommerce_thumbnail":["https:\/\/www.ferberpainting.com\/wp-content\/uploads\/2025\/05\/Metallic_Wax_5L-300x300.jpg",300,300,true],"woocommerce_single":["https:\/\/www.ferberpainting.com\/wp-content\/uploads\/2025\/05\/Metallic_Wax_5L-600x600.jpg",600,600,true],"woocommerce_gallery_thumbnail":["https:\/\/www.ferberpainting.com\/wp-content\/uploads\/2025\/05\/Metallic_Wax_5L-100x100.jpg",100,100,true]},"uagb_author_info":{"display_name":"admin","author_link":"https:\/\/www.ferberpainting.com\/hu\/author\/"},"uagb_comment_info":62,"uagb_excerpt":"Premium metallic shine for floors that demand attention. Our metallic wax is specially developed to enhance and protect floor surfaces with a refined metallic sheen that elevates the visual impact of any space. It adds depth, brilliance, and a subtle reflective effect that transforms ordinary floors into elegant, eye-catching surfaces suitable for residential, commercial, and&hellip;","_links":{"self":[{"href":"https:\/\/www.ferberpainting.com\/hu\/wp-json\/wp\/v2\/product\/23818","targetHints":{"allow":["GET"]}}],"collection":[{"href":"https:\/\/www.ferberpainting.com\/hu\/wp-json\/wp\/v2\/product"}],"about":[{"href":"https:\/\/www.ferberpainting.com\/hu\/wp-json\/wp\/v2\/types\/product"}],"replies":[{"embeddable":true,"href":"https:\/\/www.ferberpainting.com\/hu\/wp-json\/wp\/v2\/comments?post=23818"}],"version-history":[{"count":3,"href":"https:\/\/www.ferberpainting.com\/hu\/wp-json\/wp\/v2\/product\/23818\/revisions"}],"predecessor-version":[{"id":166509,"href":"https:\/\/www.ferberpainting.com\/hu\/wp-json\/wp\/v2\/product\/23818\/revisions\/166509"}],"wp:featuredmedia":[{"embeddable":true,"href":"https:\/\/www.ferberpainting.com\/hu\/wp-json\/wp\/v2\/media\/26274"}],"wp:attachment":[{"href":"https:\/\/www.ferberpainting.com\/hu\/wp-json\/wp\/v2\/media?parent=23818"}],"wp:term":[{"taxonomy":"product_brand","embeddable":true,"href":"https:\/\/www.ferberpainting.com\/hu\/wp-json\/wp\/v2\/product_brand?post=23818"},{"taxonomy":"product_cat","embeddable":true,"href":"https:\/\/www.ferberpainting.com\/hu\/wp-json\/wp\/v2\/product_cat?post=23818"},{"taxonomy":"product_tag","embeddable":true,"href":"https:\/\/www.ferberpainting.com\/hu\/wp-json\/wp\/v2\/product_tag?post=23818"}],"curies":[{"name":"wp","href":"https:\/\/api.w.org\/{rel}","templated":true}]}}