{"id":23807,"date":"2025-05-26T10:25:38","date_gmt":"2025-05-26T08:25:38","guid":{"rendered":"https:\/\/www.ferberpainting.com\/products\/mass-expander\/"},"modified":"2026-02-15T20:55:43","modified_gmt":"2026-02-15T19:55:43","slug":"mass-expander","status":"publish","type":"product","link":"https:\/\/www.ferberpainting.com\/hu\/products\/mass-expander\/","title":{"rendered":"T\u00f6megn\u00f6vel\u0151"},"content":{"rendered":"<p><strong><img decoding=\"async\" style=\"margin-right: 12px;\" src=\"https:\/\/www.ferberpainting.com\/wp-content\/uploads\/2026\/02\/Check.svg\" alt=\"\" width=\"18\" height=\"15\" \/>N\u00f6velje a beton t\u00e9rfogat\u00e1t \u00e9s cs\u00f6kkentse a zsugorod\u00e1st prec\u00edzen.<\/strong> T\u00f6megn\u00f6vel\u0151nket kifejezetten a cementalap\u00fa anyagok zsugorod\u00e1s\u00e1nak kompenz\u00e1l\u00e1s\u00e1ra \u00e9s a m\u00e9retstabilit\u00e1s jav\u00edt\u00e1s\u00e1ra fejlesztett\u00fck ki. Az\u00e1ltal, hogy a hidrat\u00e1ci\u00f3s folyamat sor\u00e1n ellen\u0151rz\u00f6tt t\u00e1gul\u00e1st hoz l\u00e9tre, seg\u00edt cs\u00f6kkenteni a reped\u00e9seket, a bels\u0151 fesz\u00fclts\u00e9geket \u00e9s a szerkezeti gyenges\u00e9geket, \u00edgy er\u0151sebb \u00e9s tart\u00f3sabb betonszerkezeteket biztos\u00edt.<\/p>\n<p><strong><img decoding=\"async\" style=\"margin-right: 12px;\" src=\"https:\/\/www.ferberpainting.com\/wp-content\/uploads\/2026\/02\/Check.svg\" alt=\"\" width=\"18\" height=\"15\" \/>A leghat\u00e9konyabb t\u00e1gul\u00e1si adal\u00e9k a piacon.<\/strong> A fejlett expanzi\u00f3s technol\u00f3gi\u00e1val kifejlesztett term\u00e9k k\u00f6zvetlen\u00fcl a cementkever\u00e9kbe integr\u00e1l\u00f3dik, \u00e9s a kikem\u00e9nyed\u00e9s sor\u00e1n reag\u00e1l, hogy ellen\u0151rz\u00f6tt t\u00e1gul\u00e1st eredm\u00e9nyezzen. A hagyom\u00e1nyos adal\u00e9kanyagokhoz k\u00e9pest kiv\u00e1l\u00f3 zsugorod\u00e1s-kompenz\u00e1ci\u00f3t biztos\u00edt, jelent\u0151sen jav\u00edtva a szerkezeti integrit\u00e1st \u00e9s a hossz\u00fa t\u00e1v\u00fa teljes\u00edtm\u00e9nyt.<\/p>\n<p><strong><img decoding=\"async\" style=\"margin-right: 12px;\" src=\"https:\/\/www.ferberpainting.com\/wp-content\/uploads\/2026\/02\/Check.svg\" alt=\"\" width=\"18\" height=\"15\" \/>P\u00e9nzvisszafizet\u00e9si garancia a teljes nyugalom\u00e9rt.<\/strong> Teljesen biztosak vagyunk a t\u00f6megn\u00f6vel\u0151nk teljes\u00edtm\u00e9ny\u00e9ben \u00e9s megb\u00edzhat\u00f3s\u00e1g\u00e1ban. Ha nem teljesen el\u00e9gedett az eredm\u00e9nnyel, visszat\u00e9r\u00edtj\u00fck a v\u00e9tel\u00e1rat. P\u00e9nzvisszafizet\u00e9si garanci\u00e1nk biztos\u00edtja, hogy befektet\u00e9se teljesen kock\u00e1zatmentes legyen, \u00e9s t\u00fckr\u00f6zi elk\u00f6telezetts\u00e9g\u00fcnket a professzion\u00e1lis \u00e9p\u00edt\u00e9si megold\u00e1sok biztos\u00edt\u00e1sa ir\u00e1nt.<\/p>\n<p><strong><img decoding=\"async\" style=\"margin-right: 12px;\" src=\"https:\/\/www.ferberpainting.com\/wp-content\/uploads\/2026\/02\/Check.svg\" alt=\"\" width=\"18\" height=\"15\" \/>Az el\u00e9rhet\u0151 legolcs\u00f3bb nagy teljes\u00edtm\u00e9ny\u0171 cementt\u00e1gul\u00e1si adal\u00e9kanyag.<\/strong> A szerkezeti meger\u0151s\u00edt\u00e9s \u00e9s a reped\u00e9smegel\u0151z\u00e9s nem felt\u00e9tlen\u00fcl ig\u00e9nyel dr\u00e1ga rendszereket. T\u00f6megdilat\u00e1torunk a piacon el\u00e9rhet\u0151 legversenyk\u00e9pesebb \u00e1ron k\u00edn\u00e1l pr\u00e9mium t\u00e1gul\u00e1sszab\u00e1lyoz\u00e1st, kiv\u00e9teles \u00e9rt\u00e9ket biztos\u00edtva a kivitelez\u0151k, m\u00e9rn\u00f6k\u00f6k \u00e9s \u00e9p\u00edt\u0151ipari szakemberek sz\u00e1m\u00e1ra.<\/p>\n<p><strong><img decoding=\"async\" style=\"margin-right: 12px;\" src=\"https:\/\/www.ferberpainting.com\/wp-content\/uploads\/2026\/02\/Check.svg\" alt=\"\" width=\"18\" height=\"15\" \/>Gyors, 24 \u00f3r\u00e1s sz\u00e1ll\u00edt\u00e1s a megszak\u00edt\u00e1s n\u00e9lk\u00fcli \u00e9p\u00edt\u00e9si projektekhez.<\/strong> Az \u00e9p\u00edt\u00e9si \u00fctemtervek gyakran szorosak \u00e9s id\u0151\u00e9rz\u00e9kenyek. Ez\u00e9rt biztos\u00edtunk megb\u00edzhat\u00f3, 24 \u00f3r\u00e1s sz\u00e1ll\u00edt\u00e1st, amely biztos\u00edtja, hogy az adal\u00e9kanyag gyorsan meg\u00e9rkezzen, \u00edgy a projekt k\u00e9sedelem n\u00e9lk\u00fcl folytat\u00f3dhat.<\/p>\n<p><strong><img decoding=\"async\" style=\"margin-right: 12px;\" src=\"https:\/\/www.ferberpainting.com\/wp-content\/uploads\/2026\/02\/Check.svg\" alt=\"\" width=\"18\" height=\"15\" \/>Aj\u00e1nlott adagol\u00e1s 0,1% \u00e9s 0,5% k\u00f6z\u00f6tt a cement t\u00f6meg\u00e9b\u0151l.<\/strong> Az optim\u00e1lis teljes\u00edtm\u00e9ny \u00e9rdek\u00e9ben a t\u00f6megn\u00f6vel\u0151t a cement teljes t\u00f6meg\u00e9nek 0,1% \u00e9s 0,5% k\u00f6z\u00f6tti ar\u00e1nyban kell hozz\u00e1adni. Ez a szab\u00e1lyozott adagol\u00e1s biztos\u00edtja a megfelel\u0151 t\u00e1gul\u00e1st a szil\u00e1rds\u00e1g vagy a szerkezeti integrit\u00e1s vesz\u00e9lyeztet\u00e9se n\u00e9lk\u00fcl.<\/p>\n<p><strong><img decoding=\"async\" style=\"margin-right: 12px;\" src=\"https:\/\/www.ferberpainting.com\/wp-content\/uploads\/2026\/02\/Check.svg\" alt=\"\" width=\"18\" height=\"15\" \/>Cs\u00f6kkenti a reped\u00e9seket \u00e9s a bels\u0151 fesz\u00fclts\u00e9get.<\/strong> A kikem\u00e9nyed\u00e9s sor\u00e1n bek\u00f6vetkez\u0151 zsugorod\u00e1s mikroreped\u00e9sekhez \u00e9s szerkezeti hib\u00e1khoz vezethet. A t\u00e9rfogatcs\u00f6kken\u00e9s kompenz\u00e1l\u00e1s\u00e1val ez az adal\u00e9kanyag minimaliz\u00e1lja a bels\u0151 fesz\u00fclts\u00e9get \u00e9s jav\u00edtja az \u00e1ltal\u00e1nos tart\u00f3ss\u00e1got.<\/p>\n<p><strong><img decoding=\"async\" style=\"margin-right: 12px;\" src=\"https:\/\/www.ferberpainting.com\/wp-content\/uploads\/2026\/02\/Check.svg\" alt=\"\" width=\"18\" height=\"15\" \/>Jav\u00edtja a beton \u00e9s a habarcs m\u00e9retstabilit\u00e1s\u00e1t.<\/strong> A t\u00e1gul\u00e1si hat\u00e1s jobb k\u00f6t\u00e9st, a form\u00e1k \u00e9s \u00fcregek szorosabb kit\u00f6lt\u00e9s\u00e9t, valamint nagyobb szerkezeti koh\u00e9zi\u00f3t biztos\u00edt. Ez\u00e1ltal ide\u00e1lis a habarcsokhoz, jav\u00edt\u00f3habarcsokhoz, alapokhoz, f\u00f6d\u00e9mekhez \u00e9s el\u0151regy\u00e1rtott elemekhez.<\/p>\n<p><strong><img decoding=\"async\" style=\"margin-right: 12px;\" src=\"https:\/\/www.ferberpainting.com\/wp-content\/uploads\/2026\/02\/Check.svg\" alt=\"\" width=\"18\" height=\"15\" \/>Kompatibilis k\u00fcl\u00f6nb\u00f6z\u0151 cementalap\u00fa k\u00e9sz\u00edtm\u00e9nyekkel.<\/strong> Ez a t\u00f6megn\u00f6vel\u0151 anyag betonba, habarcsba, esztrichbe \u00e9s speci\u00e1lis cementkever\u00e9kekbe is be\u00e9p\u00edthet\u0151. K\u00f6nnyen integr\u00e1lhat\u00f3 a szabv\u00e1nyos kever\u00e9si folyamatokba an\u00e9lk\u00fcl, hogy bonyolult be\u00e1ll\u00edt\u00e1sokat ig\u00e9nyelne.<\/p>\n<p><strong><img decoding=\"async\" style=\"margin-right: 12px;\" src=\"https:\/\/www.ferberpainting.com\/wp-content\/uploads\/2026\/02\/Check.svg\" alt=\"\" width=\"18\" height=\"15\" \/>Fokozza a hossz\u00fa t\u00e1v\u00fa szerkezeti teljes\u00edtm\u00e9nyt.<\/strong> A zsugorod\u00e1ssal kapcsolatos hib\u00e1k cs\u00f6kkent\u00e9s\u00e9vel az adal\u00e9kanyag hozz\u00e1j\u00e1rul a cementalap\u00fa szerkezetek jobb mechanikai szil\u00e1rds\u00e1g\u00e1hoz, a k\u00f6rnyezeti ig\u00e9nybev\u00e9telekkel szembeni jobb ellen\u00e1ll\u00e1shoz \u00e9s a hosszabb \u00e9lettartamhoz.<\/p>\n<h2><strong>Utas\u00edt\u00e1sok<\/strong><\/h2>\n<ul>\n<li>Sz\u00e1m\u00edtsa ki a kever\u00e9kben felhaszn\u00e1lt cement teljes t\u00f6meg\u00e9t a habarcs hozz\u00e1ad\u00e1sa el\u0151tt.<\/li>\n<li>M\u00e9rje a t\u00f6megn\u00f6vel\u0151t a cement t\u00f6meg\u00e9nek 0,1% \u00e9s 0,5% k\u00f6z\u00f6tti \u00e9rt\u00e9ken. P\u00e9ld\u00e1ul 100 kg cementhez a projekt k\u00f6vetelm\u00e9nyeit\u0151l f\u00fcgg\u0151en 100 g \u00e9s 500 g t\u00f6megn\u00f6vel\u0151t kell hozz\u00e1adni.<\/li>\n<li>Adja hozz\u00e1 az expanzert k\u00f6zvetlen\u00fcl a sz\u00e1raz cementkever\u00e9khez, \u00e9s a v\u00edz hozz\u00e1ad\u00e1sa el\u0151tt alaposan keverje \u00f6ssze, hogy biztos\u00edtsa az egyenletes eloszl\u00e1st.<\/li>\n<li>Folytassa a szok\u00e1sos kever\u00e9si elj\u00e1r\u00e1sokkal, fokozatosan adagolva a vizet a kever\u00e9k tervez\u00e9si el\u0151\u00edr\u00e1sainak megfelel\u0151en.<\/li>\n<li>Biztos\u00edtsa a homog\u00e9n kever\u00e9st, hogy az anyagban egyenletes terjeszked\u00e9st biztos\u00edtson.<\/li>\n<li>A betont vagy habarcsot a szok\u00e1sos \u00e9p\u00edt\u00e9si gyakorlatnak megfelel\u0151en helyezze el \u00e9s t\u00f6m\u00f6r\u00edtse.<\/li>\n<li>Ker\u00fclje az aj\u00e1nlott adagol\u00e1s t\u00fall\u00e9p\u00e9s\u00e9t, mivel a t\u00falzott t\u00e1gul\u00e1s negat\u00edvan befoly\u00e1solhatja a mechanikai tulajdons\u00e1gokat.<\/li>\n<li>A beton megfelel\u0151 kikem\u00e9ny\u00edt\u00e9se a teljes hidrat\u00e1ci\u00f3 \u00e9s a t\u00e1gul\u00e1si reakci\u00f3 lehet\u0151v\u00e9 t\u00e9tele \u00e9rdek\u00e9ben.<\/li>\n<li>A term\u00e9ket sz\u00e1raz k\u00f6rnyezetben t\u00e1rolja, hogy megakad\u00e1lyozza a nedvess\u00e9ggel val\u00f3 id\u0151 el\u0151tti reakci\u00f3t.<\/li>\n<li>A cementalap\u00fa anyagok \u00e9s adal\u00e9kanyagok kezel\u00e9s\u00e9n\u00e9l tartsa be a szok\u00e1sos biztons\u00e1gi el\u0151\u00edr\u00e1sokat.<\/li>\n<\/ul>","protected":false},"excerpt":{"rendered":"<p>Increase concrete volume and reduce shrinkage with precision. Our mass expander is specially formulated to compensate for shrinkage in cement-based materials and improve dimensional stability. By creating controlled expansion during the hydration process, it helps reduce cracking, internal stress, and structural weaknesses, ensuring stronger and more durable concrete structures. The most effective expansion additive on [&hellip;]<\/p>\n","protected":false},"featured_media":26267,"comment_status":"open","ping_status":"closed","template":"","meta":{"_uag_custom_page_level_css":"","site-sidebar-layout":"default","site-content-layout":"","ast-site-content-layout":"default","site-content-style":"default","site-sidebar-style":"default","ast-global-header-display":"","ast-banner-title-visibility":"","ast-main-header-display":"","ast-hfb-above-header-display":"","ast-hfb-below-header-display":"","ast-hfb-mobile-header-display":"","site-post-title":"","ast-breadcrumbs-content":"","ast-featured-img":"","footer-sml-layout":"","ast-disable-related-posts":"","theme-transparent-header-meta":"default","adv-header-id-meta":"","stick-header-meta":"","header-above-stick-meta":"","header-main-stick-meta":"","header-below-stick-meta":"","astra-migrate-meta-layouts":"set","ast-page-background-enabled":"default","ast-page-background-meta":{"desktop":{"background-color":"var(--ast-global-color-4)","background-image":"","background-repeat":"repeat","background-position":"center center","background-size":"auto","background-attachment":"scroll","background-type":"","background-media":"","overlay-type":"","overlay-color":"","overlay-opacity":"","overlay-gradient":""},"tablet":{"background-color":"","background-image":"","background-repeat":"repeat","background-position":"center center","background-size":"auto","background-attachment":"scroll","background-type":"","background-media":"","overlay-type":"","overlay-color":"","overlay-opacity":"","overlay-gradient":""},"mobile":{"background-color":"","background-image":"","background-repeat":"repeat","background-position":"center center","background-size":"auto","background-attachment":"scroll","background-type":"","background-media":"","overlay-type":"","overlay-color":"","overlay-opacity":"","overlay-gradient":""}},"ast-content-background-meta":{"desktop":{"background-color":"var(--ast-global-color-5)","background-image":"","background-repeat":"repeat","background-position":"center center","background-size":"auto","background-attachment":"scroll","background-type":"","background-media":"","overlay-type":"","overlay-color":"","overlay-opacity":"","overlay-gradient":""},"tablet":{"background-color":"var(--ast-global-color-5)","background-image":"","background-repeat":"repeat","background-position":"center center","background-size":"auto","background-attachment":"scroll","background-type":"","background-media":"","overlay-type":"","overlay-color":"","overlay-opacity":"","overlay-gradient":""},"mobile":{"background-color":"var(--ast-global-color-5)","background-image":"","background-repeat":"repeat","background-position":"center center","background-size":"auto","background-attachment":"scroll","background-type":"","background-media":"","overlay-type":"","overlay-color":"","overlay-opacity":"","overlay-gradient":""}}},"product_brand":[],"product_cat":[176],"product_tag":[],"class_list":{"0":"post-23807","1":"product","2":"type-product","3":"status-publish","4":"has-post-thumbnail","6":"product_cat-concrete-treatment","7":"desktop-align-left","8":"tablet-align-left","9":"mobile-align-left","11":"first","12":"instock","13":"sale","14":"shipping-taxable","15":"purchasable","16":"product-type-variable","17":"has-default-attributes"},"spectra_custom_meta":{"_visibility":["visible"],"_shopify_product_id":["8050142380277"],"_s2w_shopify_domain":["ferberpainting.myshopify.com"],"_shopify_variant_id":["43843096215797"],"_sku":[""],"_manage_stock":["no"],"total_sales":["0"],"_tax_status":["taxable"],"_tax_class":[""],"_backorders":["no"],"_sold_individually":["no"],"_virtual":["no"],"_downloadable":["no"],"_download_limit":["-1"],"_download_expiry":["-1"],"_stock":[null],"_stock_status":["instock"],"_wc_average_rating":["4.99"],"_wc_review_count":["92"],"_product_attributes":["a:1:{s:6:\"volume\";a:6:{s:4:\"name\";s:6:\"Volume\";s:5:\"value\";s:20:\"5 liters | 25 liters\";s:8:\"position\";i:1;s:10:\"is_visible\";i:0;s:12:\"is_variation\";i:1;s:11:\"is_taxonomy\";i:0;}}"],"_product_version":["10.5.1"],"_thumbnail_id":["26267"],"_price":["29.90","99.90"],"_product_image_gallery":["26268"],"merchant-center-availability":["yes"],"merchant-center-category":["2277"],"merchant-center-id":["EDM5L"],"wpse_downloadable_file_names":[""],"wpse_downloadable_file_urls":[""],"_edit_last":["1"],"_default_attributes":["a:1:{s:6:\"volume\";s:8:\"5 liters\";}"],"_wc_rating_count":["a:2:{i:4;i:1;i:5;i:91;}"],"_edit_lock":["1771185246:1"],"_wp_page_template":["default"],"site-sidebar-layout":["default"],"ast-site-content-layout":["default"],"site-content-style":["default"],"site-sidebar-style":["default"],"theme-transparent-header-meta":["default"],"astra-migrate-meta-layouts":["set"],"_uag_css_file_name":["uag-css-23807.css"],"_elementor_page_assets":["a:0:{}"]},"uagb_featured_image_src":{"full":["https:\/\/www.ferberpainting.com\/wp-content\/uploads\/2025\/05\/MassExpander5L_02aa0bb0-2fa7-4e30-9d5f-6bf6604f749c.jpg",2560,2560,false],"thumbnail":["https:\/\/www.ferberpainting.com\/wp-content\/uploads\/2025\/05\/MassExpander5L_02aa0bb0-2fa7-4e30-9d5f-6bf6604f749c-150x150.jpg",150,150,true],"medium":["https:\/\/www.ferberpainting.com\/wp-content\/uploads\/2025\/05\/MassExpander5L_02aa0bb0-2fa7-4e30-9d5f-6bf6604f749c-300x300.jpg",300,300,true],"medium_large":["https:\/\/www.ferberpainting.com\/wp-content\/uploads\/2025\/05\/MassExpander5L_02aa0bb0-2fa7-4e30-9d5f-6bf6604f749c-768x768.jpg",768,768,true],"large":["https:\/\/www.ferberpainting.com\/wp-content\/uploads\/2025\/05\/MassExpander5L_02aa0bb0-2fa7-4e30-9d5f-6bf6604f749c-1024x1024.jpg",1024,1024,true],"1536x1536":["https:\/\/www.ferberpainting.com\/wp-content\/uploads\/2025\/05\/MassExpander5L_02aa0bb0-2fa7-4e30-9d5f-6bf6604f749c-1536x1536.jpg",1536,1536,true],"2048x2048":["https:\/\/www.ferberpainting.com\/wp-content\/uploads\/2025\/05\/MassExpander5L_02aa0bb0-2fa7-4e30-9d5f-6bf6604f749c-2048x2048.jpg",2048,2048,true],"trp-custom-language-flag":["https:\/\/www.ferberpainting.com\/wp-content\/uploads\/2025\/05\/MassExpander5L_02aa0bb0-2fa7-4e30-9d5f-6bf6604f749c-12x12.jpg",12,12,true],"woocommerce_thumbnail":["https:\/\/www.ferberpainting.com\/wp-content\/uploads\/2025\/05\/MassExpander5L_02aa0bb0-2fa7-4e30-9d5f-6bf6604f749c-300x300.jpg",300,300,true],"woocommerce_single":["https:\/\/www.ferberpainting.com\/wp-content\/uploads\/2025\/05\/MassExpander5L_02aa0bb0-2fa7-4e30-9d5f-6bf6604f749c-600x600.jpg",600,600,true],"woocommerce_gallery_thumbnail":["https:\/\/www.ferberpainting.com\/wp-content\/uploads\/2025\/05\/MassExpander5L_02aa0bb0-2fa7-4e30-9d5f-6bf6604f749c-100x100.jpg",100,100,true]},"uagb_author_info":{"display_name":"admin","author_link":"https:\/\/www.ferberpainting.com\/hu\/author\/"},"uagb_comment_info":92,"uagb_excerpt":"Increase concrete volume and reduce shrinkage with precision. Our mass expander is specially formulated to compensate for shrinkage in cement-based materials and improve dimensional stability. By creating controlled expansion during the hydration process, it helps reduce cracking, internal stress, and structural weaknesses, ensuring stronger and more durable concrete structures. The most effective expansion additive on&hellip;","_links":{"self":[{"href":"https:\/\/www.ferberpainting.com\/hu\/wp-json\/wp\/v2\/product\/23807","targetHints":{"allow":["GET"]}}],"collection":[{"href":"https:\/\/www.ferberpainting.com\/hu\/wp-json\/wp\/v2\/product"}],"about":[{"href":"https:\/\/www.ferberpainting.com\/hu\/wp-json\/wp\/v2\/types\/product"}],"replies":[{"embeddable":true,"href":"https:\/\/www.ferberpainting.com\/hu\/wp-json\/wp\/v2\/comments?post=23807"}],"version-history":[{"count":2,"href":"https:\/\/www.ferberpainting.com\/hu\/wp-json\/wp\/v2\/product\/23807\/revisions"}],"predecessor-version":[{"id":166498,"href":"https:\/\/www.ferberpainting.com\/hu\/wp-json\/wp\/v2\/product\/23807\/revisions\/166498"}],"wp:featuredmedia":[{"embeddable":true,"href":"https:\/\/www.ferberpainting.com\/hu\/wp-json\/wp\/v2\/media\/26267"}],"wp:attachment":[{"href":"https:\/\/www.ferberpainting.com\/hu\/wp-json\/wp\/v2\/media?parent=23807"}],"wp:term":[{"taxonomy":"product_brand","embeddable":true,"href":"https:\/\/www.ferberpainting.com\/hu\/wp-json\/wp\/v2\/product_brand?post=23807"},{"taxonomy":"product_cat","embeddable":true,"href":"https:\/\/www.ferberpainting.com\/hu\/wp-json\/wp\/v2\/product_cat?post=23807"},{"taxonomy":"product_tag","embeddable":true,"href":"https:\/\/www.ferberpainting.com\/hu\/wp-json\/wp\/v2\/product_tag?post=23807"}],"curies":[{"name":"wp","href":"https:\/\/api.w.org\/{rel}","templated":true}]}}