{"id":23802,"date":"2025-05-26T10:25:35","date_gmt":"2025-05-26T08:25:35","guid":{"rendered":"https:\/\/www.ferberpainting.com\/products\/magnolia-fertilizer\/"},"modified":"2026-02-15T20:51:18","modified_gmt":"2026-02-15T19:51:18","slug":"magnolia-fertilizer","status":"publish","type":"product","link":"https:\/\/www.ferberpainting.com\/hu\/products\/magnolia-fertilizer\/","title":{"rendered":"Magnolia m\u0171tr\u00e1gya 25 kg"},"content":{"rendered":"<p><strong><img decoding=\"async\" style=\"margin-right: 12px;\" src=\"https:\/\/www.ferberpainting.com\/wp-content\/uploads\/2026\/02\/Check.svg\" alt=\"\" width=\"18\" height=\"15\" \/>Pomp\u00e1s vir\u00e1gz\u00e1shoz \u00e9s \u00e9l\u00e9nk lombozathoz tervezett m\u0171tr\u00e1gya.<\/strong>\u00a0A magn\u00f3lia egy j\u00f3l ismert d\u00edszfa vagy d\u00edszcserje, amelyet l\u00e1tv\u00e1nyos vir\u00e1gair\u00f3l \u00e9s \u00e9l\u00e9nk lombozat\u00e1r\u00f3l \u00fcnnepelnek. A b\u0151s\u00e9ges \u00e9s hosszan tart\u00f3 vir\u00e1gz\u00e1s, valamint az eg\u00e9szs\u00e9ges \u00e9s er\u0151teljes n\u00f6veked\u00e9s biztos\u00edt\u00e1sa \u00e9rdek\u00e9ben elengedhetetlen a megfelel\u0151 tr\u00e1gy\u00e1z\u00e1s. Ez az NPK 10-10-10 m\u0171tr\u00e1gya kiegyens\u00falyozott t\u00e1panyagell\u00e1t\u00e1st biztos\u00edt a lombozat fejl\u0151d\u00e9s\u00e9hez n\u00e9lk\u00fcl\u00f6zhetetlen nitrog\u00e9n (N), az er\u0151s gy\u00f6k\u00e9rfejl\u0151d\u00e9st el\u0151seg\u00edt\u0151 foszfor (P) \u00e9s a betegs\u00e9gekkel szembeni ellen\u00e1ll\u00f3 k\u00e9pess\u00e9get \u00e9s az \u00e9ghajlati stresszel szembeni toleranci\u00e1t fokoz\u00f3 k\u00e1lium (K) r\u00e9v\u00e9n. Ennek a m\u0171tr\u00e1gy\u00e1nak k\u00f6sz\u00f6nhet\u0151en magn\u00f3li\u00e1ja optim\u00e1lis eg\u00e9szs\u00e9gben, harmonikus n\u00f6veked\u00e9sben \u00e9s k\u00e1pr\u00e1zatos vir\u00e1gz\u00e1sban r\u00e9szes\u00fcl.<\/p>\n<p><strong><img decoding=\"async\" style=\"margin-right: 12px;\" src=\"https:\/\/www.ferberpainting.com\/wp-content\/uploads\/2026\/02\/Check.svg\" alt=\"\" width=\"18\" height=\"15\" \/>P\u00e9nzvisszafizet\u00e9si garancia.<\/strong>\u00a0Teljes m\u00e9rt\u00e9kben megb\u00edzunk a magn\u00f3lia m\u0171tr\u00e1gy\u00e1nk min\u0151s\u00e9g\u00e9ben \u00e9s hat\u00e9konys\u00e1g\u00e1ban, ez\u00e9rt p\u00e9nzvisszafizet\u00e9si garanci\u00e1t v\u00e1llalunk. Ha az utas\u00edt\u00e1soknak megfelel\u0151 haszn\u00e1lat ut\u00e1n a term\u00e9k nem mutat jelent\u0151s javul\u00e1st a vir\u00e1gz\u00e1sban, a n\u00f6veked\u00e9sben vagy az \u00e9leter\u0151ben, akkor a teljes \u00f6sszeget visszat\u00e9r\u00edtj\u00fck \u00d6nnek.<\/p>\n<p><strong><img decoding=\"async\" style=\"margin-right: 12px;\" src=\"https:\/\/www.ferberpainting.com\/wp-content\/uploads\/2026\/02\/Check.svg\" alt=\"\" width=\"18\" height=\"15\" \/>Alkalmas minden fajt\u00e1hoz \u00e9s k\u00fcl\u00f6nb\u00f6z\u0151 termeszt\u00e9si k\u00f6r\u00fclm\u00e9nyekhez.<\/strong>\u00a0Ez a m\u0171tr\u00e1gya minden magn\u00f3lia fajt\u00e1hoz alkalmas, legyen sz\u00f3 Magnolia grandiflora, Magnolia stellata, Magnolia soulangeana vagy m\u00e1s \u00f6r\u00f6kz\u00f6ld \u00e9s lombhullat\u00f3 fajt\u00e1kr\u00f3l. Haszn\u00e1lhat\u00f3 f\u00f6ldbe vagy cser\u00e9pbe \u00fcltetett magn\u00f3li\u00e1khoz, \u00edgy a termeszt\u00e9si m\u00f3dt\u00f3l f\u00fcggetlen\u00fcl optim\u00e1lis tr\u00e1gy\u00e1z\u00e1st biztos\u00edt. Emellett minden talajt\u00edpusra alkalmas, legyen az agyagos, homokos, meszes vagy humuszban gazdag, mivel jav\u00edtja a szerkezet\u00fcket \u00e9s optimaliz\u00e1lja a t\u00e1panyagok gy\u00f6kerek \u00e1ltali felsz\u00edv\u00f3d\u00e1s\u00e1t.<\/p>\n<p><strong><img decoding=\"async\" style=\"margin-right: 12px;\" src=\"https:\/\/www.ferberpainting.com\/wp-content\/uploads\/2026\/02\/Check.svg\" alt=\"\" width=\"18\" height=\"15\" \/>Gazdas\u00e1gos term\u00e9shozam \u00e9s hosszan tart\u00f3 tr\u00e1gy\u00e1z\u00e1s.<\/strong>\u00a0\u00d6sszet\u00e9tel\u00e9nek k\u00f6sz\u00f6nhet\u0151en ez a m\u0171tr\u00e1gya fokozatosan bocs\u00e1tja ki t\u00e1panyagait a talajba, \u00edgy biztos\u00edtva t\u00f6bb h\u00e9ten \u00e1t tart\u00f3 hosszan tart\u00f3 hat\u00e1st. Egy 25 kg-os zs\u00e1k nagysz\u00e1m\u00fa magn\u00f3li\u00e1t k\u00e9pes tr\u00e1gy\u00e1zni, hat\u00e9kony \u00e9s gazdas\u00e1gos tr\u00e1gy\u00e1z\u00e1st k\u00edn\u00e1lva. A f\u00e1nk\u00e9nt 200 g-os optim\u00e1lis adagol\u00e1ssal garant\u00e1lja a rendszeres t\u00e1panyagell\u00e1t\u00e1st felesleg n\u00e9lk\u00fcl, \u00edgy pazarl\u00e1s n\u00e9lk\u00fcl optimaliz\u00e1lja a n\u00f6veked\u00e9st \u00e9s a vir\u00e1gz\u00e1st.<\/p>\n<p><strong><img decoding=\"async\" style=\"margin-right: 12px;\" src=\"https:\/\/www.ferberpainting.com\/wp-content\/uploads\/2026\/02\/Check.svg\" alt=\"\" width=\"18\" height=\"15\" \/>A k\u00f6rnyezetet tiszteletben tart\u00f3 m\u0171tr\u00e1gya.<\/strong>\u00a0A talaj biol\u00f3giai egyens\u00faly\u00e1nak \u00e9s a k\u00f6rnyez\u0151 biol\u00f3giai sokf\u00e9les\u00e9gnek a tiszteletben tart\u00e1sa \u00e9rdek\u00e9ben kifejlesztett m\u0171tr\u00e1gya nem tartalmaz olyan k\u00e1ros vegyi anyagokat, amelyek megv\u00e1ltoztathatj\u00e1k a talaj min\u0151s\u00e9g\u00e9t vagy k\u00e1ros\u00edthatj\u00e1k a beporz\u00f3 rovarokat, p\u00e9ld\u00e1ul a m\u00e9heket \u00e9s a pillang\u00f3kat. A h\u00e1zi\u00e1llatok \u00e9s a gyermekek sz\u00e1m\u00e1ra is biztons\u00e1gos, biztos\u00edtva a biztons\u00e1gos haszn\u00e1latot a kertben vagy a szabadt\u00e9ren.<\/p>\n<p><strong><img decoding=\"async\" style=\"margin-right: 12px;\" src=\"https:\/\/www.ferberpainting.com\/wp-content\/uploads\/2026\/02\/Check.svg\" alt=\"\" width=\"18\" height=\"15\" \/>K\u00f6nnyen alkalmazhat\u00f3 \u00e9s er\u0151fesz\u00edt\u00e9s n\u00e9lk\u00fcli tr\u00e1gy\u00e1z\u00e1s.<\/strong>\u00a0A foly\u00e9kony m\u0171tr\u00e1gy\u00e1kkal ellent\u00e9tben, amelyek h\u00edg\u00edt\u00e1st \u00e9s pontos m\u00e9r\u00e9st ig\u00e9nyelnek, ez a szil\u00e1rd m\u0171tr\u00e1gya egyszer\u0171en a fa t\u00f6v\u00e9be ker\u00fcl, lehet\u0151v\u00e9 t\u00e9ve a gyors \u00e9s hat\u00e9kony tr\u00e1gy\u00e1z\u00e1st. Egyszer\u0171 \u00e9s k\u00f6nnyen hozz\u00e1f\u00e9rhet\u0151 alkalmaz\u00e1si m\u00f3dszere a kezd\u0151 kert\u00e9szek \u00e9s a tapasztalt rajong\u00f3k sz\u00e1m\u00e1ra is alkalmas, biztos\u00edtva az egyenletes t\u00e1panyagell\u00e1t\u00e1st.<\/p>\n<p><strong><img decoding=\"async\" style=\"margin-right: 12px;\" src=\"https:\/\/www.ferberpainting.com\/wp-content\/uploads\/2026\/02\/Check.svg\" alt=\"\" width=\"18\" height=\"15\" \/>Hosszan tart\u00f3 hat\u00e1s a folyamatos n\u00f6veked\u00e9s\u00e9rt \u00e9s tart\u00f3s vir\u00e1gz\u00e1s\u00e9rt.<\/strong>\u00a0Fokozatos felszabadul\u00e1s\u00e1nak k\u00f6sz\u00f6nhet\u0151en ez a m\u0171tr\u00e1gya t\u00f6bb h\u00e9ten kereszt\u00fcl t\u00e1pl\u00e1lja a magn\u00f3li\u00e1t, biztos\u00edtva a hosszan tart\u00f3 vir\u00e1gz\u00e1st \u00e9s a folyamatos n\u00f6veked\u00e9st. Emellett fokozza a n\u00f6v\u00e9ny ellen\u00e1ll\u00f3 k\u00e9pess\u00e9g\u00e9t a gombabetegs\u00e9gekkel, k\u00e1rtev\u0151kkel \u00e9s a neh\u00e9z \u00e9ghajlati viszonyokkal, p\u00e9ld\u00e1ul a sz\u00e1razs\u00e1ggal vagy a fagyokkal szemben.<\/p>\n<p><strong><img decoding=\"async\" style=\"margin-right: 12px;\" src=\"https:\/\/www.ferberpainting.com\/wp-content\/uploads\/2026\/02\/Check.svg\" alt=\"\" width=\"18\" height=\"15\" \/>L\u00e1that\u00f3 eredm\u00e9nyek az els\u0151 n\u00e9h\u00e1ny h\u00e9ten bel\u00fcl.<\/strong>\u00a0Ez a m\u0171tr\u00e1gya m\u00e1r az els\u0151 alkalmaz\u00e1st\u00f3l kezdve serkenti az \u00faj hajt\u00e1sok megjelen\u00e9s\u00e9t, s\u0171r\u0171bb lombozatot eredm\u00e9nyez, \u00e9s fokozza a vir\u00e1gok f\u00e9ny\u00e9t \u00e9s sz\u00edn\u00e9t. Magn\u00f3li\u00e1ja n\u00e9h\u00e1ny h\u00e9ten bel\u00fcl er\u0151teljes n\u00f6veked\u00e9st, b\u0151s\u00e9ges vir\u00e1gz\u00e1st \u00e9s eleg\u00e1ns sziluettet fog mutatni, amely kifinomult k\u00fcls\u0151t k\u00f6lcs\u00f6n\u00f6z kertj\u00e9nek.<\/p>\n<h2><strong>Haszn\u00e1lati protokoll<\/strong><\/h2>\n<p><strong>Aj\u00e1nlott adagol\u00e1s <\/strong>: F\u00e1nk\u00e9nt 200 g m\u0171tr\u00e1gy\u00e1t alkalmazzon, a fa m\u00e9ret\u00e9t\u0151l \u00e9s kor\u00e1t\u00f3l f\u00fcgg\u0151en. Fiatal magn\u00f3li\u00e1k eset\u00e9ben cs\u00f6kkentse az adagot 100 g-ra, hogy elker\u00fclje a t\u00fal gyors n\u00f6veked\u00e9st, amely gyeng\u00edtheti a n\u00f6v\u00e9nyt.<\/p>\n<p><strong>Alkalmaz\u00e1si m\u00f3dszer <\/strong>:<\/p>\n<ul>\n<li><strong>Terjeszt\u00e9ssel <\/strong>: A m\u0171tr\u00e1gy\u00e1t v\u00e9kony r\u00e9tegben ter\u00edtse el a fa t\u00f6v\u00e9ben, \u00fcgyelve arra, hogy a granul\u00e1tum egyenletesen oszoljon el a gy\u00f6k\u00e9rz\u00f3na fel\u00fclet\u00e9n.<\/li>\n<li><strong>A talajba be\u00e9p\u00edtve <\/strong>: A sz\u00f3r\u00e1s ut\u00e1n enyh\u00e9n kaparja meg a talaj felsz\u00edn\u00e9t, hogy a t\u00e1panyagok k\u00f6nnyebben behatoljanak \u00e9s fokozatosan felsz\u00edv\u00f3djanak a gy\u00f6kerekbe.<\/li>\n<li><strong>\u00d6nt\u00f6z\u00e9s a kijuttat\u00e1s ut\u00e1n<\/strong>: A tr\u00e1gy\u00e1z\u00e1s ut\u00e1n b\u0151s\u00e9gesen \u00f6nt\u00f6zze meg, hogy aktiv\u00e1lja a t\u00e1panyagok felszabadul\u00e1s\u00e1t \u00e9s felgyors\u00edtsa a talajba val\u00f3 diff\u00fazi\u00f3jukat.<\/li>\n<\/ul>\n<p><strong>Alkalmaz\u00e1si gyakoris\u00e1g <\/strong>:<\/p>\n<ul>\n<li><strong>A n\u00f6veked\u00e9si \u00e9s vir\u00e1gz\u00e1si id\u0151szakban (tavasz-ny\u00e1r) <\/strong>: A m\u0171tr\u00e1gy\u00e1t 6-8 hetente kell kijuttatni a folyamatos t\u00e1panyagell\u00e1t\u00e1s biztos\u00edt\u00e1sa \u00e9rdek\u00e9ben.<\/li>\n<li><strong>A nyugalmi id\u0151szakban (\u0151szi-t\u00e9li) <\/strong>: Az alkalmaz\u00e1sok gyakoris\u00e1g\u00e1t 3 havonta egyszerre kell elosztani, hogy meg\u0151rizze a fa energi\u00e1j\u00e1t an\u00e9lk\u00fcl, hogy t\u00falzott n\u00f6veked\u00e9sre \u00f6szt\u00f6n\u00f6zn\u00e9.<\/li>\n<\/ul>\n<p><strong>Haszn\u00e1lati \u00f3vint\u00e9zked\u00e9sek <\/strong>: Ne l\u00e9pje t\u00fal az aj\u00e1nlott d\u00f3zisokat, hogy elker\u00fclje a t\u00e1panyag-egyens\u00falyhi\u00e1nyt, amely lass\u00edthatja a magn\u00f3lia n\u00f6veked\u00e9s\u00e9t vagy gy\u00f6k\u00e9r\u00e9g\u00e9st okozhat. A t\u00e1panyagok optim\u00e1lis felsz\u00edv\u00f3d\u00e1s\u00e1nak biztos\u00edt\u00e1sa \u00e9rdek\u00e9ben csak enyh\u00e9n nedves talajra alkalmazza.<\/p>\n<p><strong>T\u00e1rol\u00e1s \u00e9s meg\u0151rz\u00e9s <\/strong>: A m\u0171tr\u00e1gy\u00e1t sz\u00e1raz, j\u00f3l szell\u0151z\u0151 helyen, nedvess\u00e9gt\u0151l \u00e9s sz\u00e9ls\u0151s\u00e9ges h\u0151m\u00e9rs\u00e9klett\u0151l v\u00e9dve t\u00e1rolja. Minden haszn\u00e1lat ut\u00e1n gondosan z\u00e1rja vissza a zacsk\u00f3t, hogy meg\u0151rizze a term\u00e9k hat\u00e9konys\u00e1g\u00e1t, \u00e9s elker\u00fclje a tr\u00e1gy\u00e1z\u00f3 tulajdons\u00e1gok megv\u00e1ltoz\u00e1s\u00e1t.<\/p>\n<p>Ezzel a magn\u00f3lia m\u0171tr\u00e1gy\u00e1val teljes t\u00e1panyagell\u00e1t\u00e1st biztos\u00edthat f\u00e1ja sz\u00e1m\u00e1ra, amely t\u00f6k\u00e9letesen igazodik k\u00fcl\u00f6nleges ig\u00e9nyeihez, harmonikus n\u00f6veked\u00e9st, l\u00e1tv\u00e1nyos vir\u00e1gz\u00e1st \u00e9s jobb ellen\u00e1ll\u00e1st biztos\u00edt az \u00e9ghajlati stresszel szemben. Ez az ide\u00e1lis megold\u00e1s, hogy kertj\u00e9t eg\u00e9sz \u00e9vben ragyog\u00f3 \u00e9s eg\u00e9szs\u00e9ges magn\u00f3li\u00e1val sz\u00e9p\u00edtse meg.<\/p>","protected":false},"excerpt":{"rendered":"<p>A fertilizer designed for sumptuous flowering and vibrant foliage.\u00a0Magnolia is a well-known ornamental tree or shrub celebrated for its spectacular flowers and vibrant foliage. To ensure abundant and prolonged blooming, as well as healthy and vigorous growth, it is essential to provide appropriate fertilization. This NPK 10-10-10 fertilizer provides balanced nutrition by supplying nitrogen (N), [&hellip;]<\/p>\n","protected":false},"featured_media":26260,"comment_status":"open","ping_status":"closed","template":"","meta":{"_uag_custom_page_level_css":"","site-sidebar-layout":"default","site-content-layout":"","ast-site-content-layout":"default","site-content-style":"default","site-sidebar-style":"default","ast-global-header-display":"","ast-banner-title-visibility":"","ast-main-header-display":"","ast-hfb-above-header-display":"","ast-hfb-below-header-display":"","ast-hfb-mobile-header-display":"","site-post-title":"","ast-breadcrumbs-content":"","ast-featured-img":"","footer-sml-layout":"","ast-disable-related-posts":"","theme-transparent-header-meta":"default","adv-header-id-meta":"","stick-header-meta":"","header-above-stick-meta":"","header-main-stick-meta":"","header-below-stick-meta":"","astra-migrate-meta-layouts":"set","ast-page-background-enabled":"default","ast-page-background-meta":{"desktop":{"background-color":"var(--ast-global-color-4)","background-image":"","background-repeat":"repeat","background-position":"center center","background-size":"auto","background-attachment":"scroll","background-type":"","background-media":"","overlay-type":"","overlay-color":"","overlay-opacity":"","overlay-gradient":""},"tablet":{"background-color":"","background-image":"","background-repeat":"repeat","background-position":"center center","background-size":"auto","background-attachment":"scroll","background-type":"","background-media":"","overlay-type":"","overlay-color":"","overlay-opacity":"","overlay-gradient":""},"mobile":{"background-color":"","background-image":"","background-repeat":"repeat","background-position":"center center","background-size":"auto","background-attachment":"scroll","background-type":"","background-media":"","overlay-type":"","overlay-color":"","overlay-opacity":"","overlay-gradient":""}},"ast-content-background-meta":{"desktop":{"background-color":"var(--ast-global-color-5)","background-image":"","background-repeat":"repeat","background-position":"center center","background-size":"auto","background-attachment":"scroll","background-type":"","background-media":"","overlay-type":"","overlay-color":"","overlay-opacity":"","overlay-gradient":""},"tablet":{"background-color":"var(--ast-global-color-5)","background-image":"","background-repeat":"repeat","background-position":"center center","background-size":"auto","background-attachment":"scroll","background-type":"","background-media":"","overlay-type":"","overlay-color":"","overlay-opacity":"","overlay-gradient":""},"mobile":{"background-color":"var(--ast-global-color-5)","background-image":"","background-repeat":"repeat","background-position":"center center","background-size":"auto","background-attachment":"scroll","background-type":"","background-media":"","overlay-type":"","overlay-color":"","overlay-opacity":"","overlay-gradient":""}}},"product_brand":[],"product_cat":[178],"product_tag":[],"class_list":{"0":"post-23802","1":"product","2":"type-product","3":"status-publish","4":"has-post-thumbnail","6":"product_cat-fertilizers","7":"desktop-align-left","8":"tablet-align-left","9":"mobile-align-left","11":"first","12":"instock","13":"shipping-taxable","14":"purchasable","15":"product-type-simple"},"spectra_custom_meta":{"_visibility":["visible"],"_shopify_product_id":["9067977441525"],"_s2w_shopify_domain":["ferberpainting.myshopify.com"],"_shopify_variant_id":["46509717848309"],"_sku":["FPMAGNOLIAFERTILIZER25KG"],"_regular_price":["39.90"],"_price":["39.90"],"_sale_price":[""],"_weight":["18.5"],"_thumbnail_id":["26260"],"_global_unique_id":["5056773817548"],"total_sales":["10"],"_tax_status":["taxable"],"_tax_class":[""],"_manage_stock":["no"],"_backorders":["no"],"_sold_individually":["no"],"_virtual":["no"],"_downloadable":["no"],"_download_limit":["-1"],"_download_expiry":["-1"],"_stock":[null],"_stock_status":["instock"],"_wc_average_rating":["5.00"],"_wc_review_count":["33"],"_product_version":["10.5.1"],"_wc_rating_count":["a:1:{i:5;i:33;}"],"_edit_lock":["1771184942:1"],"merchant-center-availability":["yes"],"merchant-center-category":["113"],"_edit_last":["1"],"_wp_page_template":["default"],"site-sidebar-layout":["default"],"ast-site-content-layout":["default"],"site-content-style":["default"],"site-sidebar-style":["default"],"theme-transparent-header-meta":["default"],"astra-migrate-meta-layouts":["set"],"_uag_css_file_name":["uag-css-23802.css"],"_elementor_page_assets":["a:0:{}"],"_uag_page_assets":["a:9:{s:3:\"css\";s:6873:\".wp-block-uagb-image{display:flex}.wp-block-uagb-image__figure{position:relative;display:flex;flex-direction:column;max-width:100%;height:auto;margin:0}.wp-block-uagb-image__figure img{height:auto;display:flex;max-width:100%;transition:box-shadow .2s ease}.wp-block-uagb-image__figure>a{display:inline-block}.wp-block-uagb-image__figure figcaption{text-align:center;margin-top:.5em;margin-bottom:1em}.wp-block-uagb-image .components-placeholder.block-editor-media-placeholder .components-placeholder__instructions{align-self:center}.wp-block-uagb-image--align-left{text-align:left}.wp-block-uagb-image--align-right{text-align:right}.wp-block-uagb-image--align-center{text-align:center}.wp-block-uagb-image--align-full .wp-block-uagb-image__figure{margin-left:calc(50% - 50vw);margin-right:calc(50% - 50vw);max-width:100vw;width:100vw;height:auto}.wp-block-uagb-image--align-full .wp-block-uagb-image__figure img{height:auto;width:100% !important}.wp-block-uagb-image--align-wide .wp-block-uagb-image__figure img{height:auto;width:100%}.wp-block-uagb-image--layout-overlay__color-wrapper{position:absolute;left:0;top:0;right:0;bottom:0;opacity:.2;background:rgba(0,0,0,.5);transition:opacity .35s ease-in-out}.wp-block-uagb-image--layout-overlay-link{position:absolute;left:0;right:0;bottom:0;top:0}.wp-block-uagb-image--layout-overlay .wp-block-uagb-image__figure:hover .wp-block-uagb-image--layout-overlay__color-wrapper{opacity:1}.wp-block-uagb-image--layout-overlay__inner{position:absolute;left:15px;right:15px;bottom:15px;top:15px;display:flex;align-items:center;justify-content:center;flex-direction:column;border-color:#fff;transition:.35s ease-in-out}.wp-block-uagb-image--layout-overlay__inner.top-left,.wp-block-uagb-image--layout-overlay__inner.top-center,.wp-block-uagb-image--layout-overlay__inner.top-right{justify-content:flex-start}.wp-block-uagb-image--layout-overlay__inner.bottom-left,.wp-block-uagb-image--layout-overlay__inner.bottom-center,.wp-block-uagb-image--layout-overlay__inner.bottom-right{justify-content:flex-end}.wp-block-uagb-image--layout-overlay__inner.top-left,.wp-block-uagb-image--layout-overlay__inner.center-left,.wp-block-uagb-image--layout-overlay__inner.bottom-left{align-items:flex-start}.wp-block-uagb-image--layout-overlay__inner.top-right,.wp-block-uagb-image--layout-overlay__inner.center-right,.wp-block-uagb-image--layout-overlay__inner.bottom-right{align-items:flex-end}.wp-block-uagb-image--layout-overlay__inner .uagb-image-heading{color:#fff;transition:transform .35s,opacity .35s ease-in-out;transform:translate3d(0, 24px, 0);margin:0;line-height:1em}.wp-block-uagb-image--layout-overlay__inner .uagb-image-separator{width:30%;border-top-width:2px;border-top-color:#fff;border-top-style:solid;margin-bottom:10px;opacity:0;transition:transform .4s,opacity .4s ease-in-out;transform:translate3d(0, 30px, 0)}.wp-block-uagb-image--layout-overlay__inner .uagb-image-caption{opacity:0;overflow:visible;color:#fff;transition:transform .45s,opacity .45s ease-in-out;transform:translate3d(0, 35px, 0)}.wp-block-uagb-image--layout-overlay__inner:hover .uagb-image-heading,.wp-block-uagb-image--layout-overlay__inner:hover .uagb-image-separator,.wp-block-uagb-image--layout-overlay__inner:hover .uagb-image-caption{opacity:1;transform:translate3d(0, 0, 0)}.wp-block-uagb-image--effect-zoomin .wp-block-uagb-image__figure img,.wp-block-uagb-image--effect-zoomin .wp-block-uagb-image__figure .wp-block-uagb-image--layout-overlay__color-wrapper{transform:scale(1);transition:transform .35s ease-in-out}.wp-block-uagb-image--effect-zoomin .wp-block-uagb-image__figure:hover img,.wp-block-uagb-image--effect-zoomin .wp-block-uagb-image__figure:hover .wp-block-uagb-image--layout-overlay__color-wrapper{transform:scale(1.05)}.wp-block-uagb-image--effect-slide .wp-block-uagb-image__figure img,.wp-block-uagb-image--effect-slide .wp-block-uagb-image__figure .wp-block-uagb-image--layout-overlay__color-wrapper{width:calc(100% + 40px) !important;max-width:none !important;transform:translate3d(-40px, 0, 0);transition:transform .35s ease-in-out}.wp-block-uagb-image--effect-slide .wp-block-uagb-image__figure:hover img,.wp-block-uagb-image--effect-slide .wp-block-uagb-image__figure:hover .wp-block-uagb-image--layout-overlay__color-wrapper{transform:translate3d(0, 0, 0)}.wp-block-uagb-image--effect-grayscale img{filter:grayscale(0%);transition:.35s ease-in-out}.wp-block-uagb-image--effect-grayscale:hover img{filter:grayscale(100%)}.wp-block-uagb-image--effect-blur img{filter:blur(0);transition:.35s ease-in-out}.wp-block-uagb-image--effect-blur:hover img{filter:blur(3px)}.uagb-block-e6f939b3.wp-block-uagb-image--layout-default figure img{box-shadow: 0px 0px 0 #00000070;}.uagb-block-e6f939b3.wp-block-uagb-image .wp-block-uagb-image__figure figcaption{font-style: normal;align-self: center;}.uagb-block-e6f939b3.wp-block-uagb-image--layout-overlay figure img{box-shadow: 0px 0px 0 #00000070;}.uagb-block-e6f939b3.wp-block-uagb-image--layout-overlay .wp-block-uagb-image--layout-overlay__color-wrapper{opacity: 0.2;}.uagb-block-e6f939b3.wp-block-uagb-image--layout-overlay .wp-block-uagb-image--layout-overlay__inner{left: 15px;right: 15px;top: 15px;bottom: 15px;}.uagb-block-e6f939b3.wp-block-uagb-image--layout-overlay .wp-block-uagb-image--layout-overlay__inner .uagb-image-heading{font-style: normal;color: #fff;opacity: 1;}.uagb-block-e6f939b3.wp-block-uagb-image--layout-overlay .wp-block-uagb-image--layout-overlay__inner .uagb-image-heading a{color: #fff;}.uagb-block-e6f939b3.wp-block-uagb-image--layout-overlay .wp-block-uagb-image--layout-overlay__inner .uagb-image-caption{opacity: 0;}.uagb-block-e6f939b3.wp-block-uagb-image--layout-overlay .wp-block-uagb-image__figure:hover .wp-block-uagb-image--layout-overlay__color-wrapper{opacity: 1;}.uagb-block-e6f939b3.wp-block-uagb-image .wp-block-uagb-image--layout-overlay__inner .uagb-image-separator{width: 30%;border-top-width: 2px;border-top-color: #fff;opacity: 0;}.uagb-block-e6f939b3.wp-block-uagb-image .wp-block-uagb-image__figure img{width: px;height: auto;}.uagb-block-e6f939b3.wp-block-uagb-image .wp-block-uagb-image__figure:hover .wp-block-uagb-image--layout-overlay__inner .uagb-image-caption{opacity: 1;}.uagb-block-e6f939b3.wp-block-uagb-image .wp-block-uagb-image__figure:hover .wp-block-uagb-image--layout-overlay__inner .uagb-image-separator{opacity: 1;}.uagb-block-e6f939b3.wp-block-uagb-image--layout-default figure:hover img{box-shadow: 0px 0px 0 #00000070;}.uagb-block-e6f939b3.wp-block-uagb-image--layout-overlay figure:hover img{box-shadow: 0px 0px 0 #00000070;}@media only screen and (max-width: 976px) {.uagb-block-e6f939b3.wp-block-uagb-image .wp-block-uagb-image__figure img{width: px;height: auto;}}@media only screen and (max-width: 767px) {.uagb-block-e6f939b3.wp-block-uagb-image .wp-block-uagb-image__figure img{width: px;height: auto;}}\";s:2:\"js\";s:0:\"\";s:18:\"current_block_list\";a:13:{i:0;s:11:\"core\/search\";i:1;s:10:\"core\/group\";i:2;s:12:\"core\/heading\";i:3;s:17:\"core\/latest-posts\";i:4;s:20:\"core\/latest-comments\";i:5;s:13:\"core\/archives\";i:6;s:15:\"core\/categories\";i:7;s:14:\"core\/paragraph\";i:8;s:10:\"uagb\/image\";i:9;s:11:\"core\/spacer\";i:10;s:30:\"woocommerce\/product-categories\";i:11;s:10:\"core\/image\";i:12;s:14:\"core\/shortcode\";}s:8:\"uag_flag\";b:1;s:11:\"uag_version\";s:10:\"1777164175\";s:6:\"gfonts\";a:0:{}s:10:\"gfonts_url\";s:0:\"\";s:12:\"gfonts_files\";a:0:{}s:14:\"uag_faq_layout\";b:0;}"]},"uagb_featured_image_src":{"full":["https:\/\/www.ferberpainting.com\/wp-content\/uploads\/2025\/05\/MagnoliaFertilizer.png",2560,2560,false],"thumbnail":["https:\/\/www.ferberpainting.com\/wp-content\/uploads\/2025\/05\/MagnoliaFertilizer-150x150.png",150,150,true],"medium":["https:\/\/www.ferberpainting.com\/wp-content\/uploads\/2025\/05\/MagnoliaFertilizer-300x300.png",300,300,true],"medium_large":["https:\/\/www.ferberpainting.com\/wp-content\/uploads\/2025\/05\/MagnoliaFertilizer-768x768.png",768,768,true],"large":["https:\/\/www.ferberpainting.com\/wp-content\/uploads\/2025\/05\/MagnoliaFertilizer-1024x1024.png",1024,1024,true],"1536x1536":["https:\/\/www.ferberpainting.com\/wp-content\/uploads\/2025\/05\/MagnoliaFertilizer-1536x1536.png",1536,1536,true],"2048x2048":["https:\/\/www.ferberpainting.com\/wp-content\/uploads\/2025\/05\/MagnoliaFertilizer-2048x2048.png",2048,2048,true],"trp-custom-language-flag":["https:\/\/www.ferberpainting.com\/wp-content\/uploads\/2025\/05\/MagnoliaFertilizer-12x12.png",12,12,true],"woocommerce_thumbnail":["https:\/\/www.ferberpainting.com\/wp-content\/uploads\/2025\/05\/MagnoliaFertilizer-300x300.png",300,300,true],"woocommerce_single":["https:\/\/www.ferberpainting.com\/wp-content\/uploads\/2025\/05\/MagnoliaFertilizer-600x600.png",600,600,true],"woocommerce_gallery_thumbnail":["https:\/\/www.ferberpainting.com\/wp-content\/uploads\/2025\/05\/MagnoliaFertilizer-100x100.png",100,100,true]},"uagb_author_info":{"display_name":"admin","author_link":"https:\/\/www.ferberpainting.com\/hu\/author\/"},"uagb_comment_info":33,"uagb_excerpt":"A fertilizer designed for sumptuous flowering and vibrant foliage.\u00a0Magnolia is a well-known ornamental tree or shrub celebrated for its spectacular flowers and vibrant foliage. To ensure abundant and prolonged blooming, as well as healthy and vigorous growth, it is essential to provide appropriate fertilization. This NPK 10-10-10 fertilizer provides balanced nutrition by supplying nitrogen (N),&hellip;","_links":{"self":[{"href":"https:\/\/www.ferberpainting.com\/hu\/wp-json\/wp\/v2\/product\/23802","targetHints":{"allow":["GET"]}}],"collection":[{"href":"https:\/\/www.ferberpainting.com\/hu\/wp-json\/wp\/v2\/product"}],"about":[{"href":"https:\/\/www.ferberpainting.com\/hu\/wp-json\/wp\/v2\/types\/product"}],"replies":[{"embeddable":true,"href":"https:\/\/www.ferberpainting.com\/hu\/wp-json\/wp\/v2\/comments?post=23802"}],"version-history":[{"count":5,"href":"https:\/\/www.ferberpainting.com\/hu\/wp-json\/wp\/v2\/product\/23802\/revisions"}],"predecessor-version":[{"id":166490,"href":"https:\/\/www.ferberpainting.com\/hu\/wp-json\/wp\/v2\/product\/23802\/revisions\/166490"}],"wp:featuredmedia":[{"embeddable":true,"href":"https:\/\/www.ferberpainting.com\/hu\/wp-json\/wp\/v2\/media\/26260"}],"wp:attachment":[{"href":"https:\/\/www.ferberpainting.com\/hu\/wp-json\/wp\/v2\/media?parent=23802"}],"wp:term":[{"taxonomy":"product_brand","embeddable":true,"href":"https:\/\/www.ferberpainting.com\/hu\/wp-json\/wp\/v2\/product_brand?post=23802"},{"taxonomy":"product_cat","embeddable":true,"href":"https:\/\/www.ferberpainting.com\/hu\/wp-json\/wp\/v2\/product_cat?post=23802"},{"taxonomy":"product_tag","embeddable":true,"href":"https:\/\/www.ferberpainting.com\/hu\/wp-json\/wp\/v2\/product_tag?post=23802"}],"curies":[{"name":"wp","href":"https:\/\/api.w.org\/{rel}","templated":true}]}}