{"id":23787,"date":"2025-05-26T10:25:31","date_gmt":"2025-05-26T08:25:31","guid":{"rendered":"https:\/\/www.ferberpainting.com\/products\/leather-varnish\/"},"modified":"2026-02-15T20:37:27","modified_gmt":"2026-02-15T19:37:27","slug":"leather-varnish","status":"publish","type":"product","link":"https:\/\/www.ferberpainting.com\/hu\/products\/leather-varnish\/","title":{"rendered":"B\u0151rlakk"},"content":{"rendered":"<p><strong><img decoding=\"async\" style=\"margin-right: 12px;\" src=\"https:\/\/www.ferberpainting.com\/wp-content\/uploads\/2026\/02\/Check.svg\" alt=\"\" width=\"18\" height=\"15\" \/>B\u0151rv\u00e9delem \u00e9s b\u0151rjav\u00edt\u00e1s.<\/strong>\u00a0Ezt a b\u0151rlakkot kifejezetten a b\u0151rfel\u00fcletek v\u00e9delm\u00e9re \u00e9s \u00fajj\u00e1\u00e9leszt\u00e9s\u00e9re tervezt\u00e9k, tart\u00f3s \u00e9s ellen\u00e1ll\u00f3 fel\u00fcletet biztos\u00edtva. L\u00e1thatatlan v\u00e9d\u0151filmet k\u00e9pez, amely meg\u0151rzi a b\u0151r f\u00e9ny\u00e9t, v\u00e9di a kop\u00e1st\u00f3l, nedvess\u00e9gt\u0151l \u00e9s foltokt\u00f3l, mik\u00f6zben az alkalmaz\u00e1st\u00f3l f\u00fcgg\u0151en szat\u00e9n vagy f\u00e9nyes fel\u00fcletet biztos\u00edt. Alkalmas \u00faj b\u0151rh\u00f6z, valamint r\u00e9gebbi, fel\u00faj\u00edt\u00e1sra szorul\u00f3 b\u0151rt\u00e1rgyakhoz.<\/p>\n<p><strong><img decoding=\"async\" style=\"margin-right: 12px;\" src=\"https:\/\/www.ferberpainting.com\/wp-content\/uploads\/2026\/02\/Check.svg\" alt=\"\" width=\"18\" height=\"15\" \/>P\u00e9nzvisszafizet\u00e9si garancia.<\/strong>\u00a0Meg vagyunk gy\u0151z\u0151dve b\u0151rlakkjaink hat\u00e9konys\u00e1g\u00e1r\u00f3l, ez\u00e9rt p\u00e9nzvisszafizet\u00e9si garanci\u00e1t v\u00e1llalunk. Ha a term\u00e9k nem felel meg az \u00d6n elv\u00e1r\u00e1sainak az aj\u00e1nl\u00e1saink szerinti alkalmaz\u00e1s ut\u00e1n, k\u00e9rheti a felt\u00e9tel n\u00e9lk\u00fcli visszat\u00e9r\u00edt\u00e9st, \u00edgy biztos\u00edtva a biztons\u00e1gos \u00e9s gondtalan v\u00e1s\u00e1rl\u00e1st.<\/p>\n<p><strong><img decoding=\"async\" style=\"margin-right: 12px;\" src=\"https:\/\/www.ferberpainting.com\/wp-content\/uploads\/2026\/02\/Check.svg\" alt=\"\" width=\"18\" height=\"15\" \/>K\u00fcl\u00f6nb\u00f6z\u0151 t\u00edpus\u00fa b\u0151rrel \u00e9s hasonl\u00f3 anyagokkal kompatibilis.<\/strong>\u00a0Ez a lakk ide\u00e1lis term\u00e9szetes b\u0151rh\u00f6z, m\u0171b\u0151rh\u00f6z, m\u0171b\u0151rh\u00f6z \u00e9s vinilhez. Haszn\u00e1lhat\u00f3 cip\u0151k\u00f6n, t\u00e1sk\u00e1kon, ruh\u00e1zati cikkeken, aut\u00f3\u00fcl\u00e9seken, kanap\u00e9kon, motorker\u00e9kp\u00e1r nyergeken \u00e9s minden m\u00e1s b\u0151rb\u0151l k\u00e9sz\u00fclt t\u00e1rgyon, amely kieg\u00e9sz\u00edt\u0151 v\u00e9delmet \u00e9s \u00e1polt fel\u00fcletet ig\u00e9nyel.<\/p>\n<p><strong><img decoding=\"async\" style=\"margin-right: 12px;\" src=\"https:\/\/www.ferberpainting.com\/wp-content\/uploads\/2026\/02\/Check.svg\" alt=\"\" width=\"18\" height=\"15\" \/>Gazdas\u00e1gos hat\u00e9konys\u00e1g \u00e9s optimaliz\u00e1lt lefedetts\u00e9g.<\/strong>\u00a0Koncentr\u00e1lt formul\u00e1j\u00e1nak k\u00f6sz\u00f6nhet\u0151en 1 liter lakk 8-12 m\u00b2 b\u0151rfel\u00fcletet k\u00e9pes kezelni, az anyag nedvsz\u00edv\u00f3 k\u00e9pess\u00e9g\u00e9t\u0151l \u00e9s a felvitt r\u00e9teg vastags\u00e1g\u00e1t\u00f3l f\u00fcgg\u0151en. Nagy fed\u0151k\u00e9pess\u00e9ge hat\u00e9kony v\u00e9delmet biztos\u00edt minim\u00e1lis term\u00e9kfelhaszn\u00e1l\u00e1s mellett, \u00edgy minden egyes alkalmaz\u00e1s gazdas\u00e1gos \u00e9s tart\u00f3s.<\/p>\n<p><strong><img decoding=\"async\" style=\"margin-right: 12px;\" src=\"https:\/\/www.ferberpainting.com\/wp-content\/uploads\/2026\/02\/Check.svg\" alt=\"\" width=\"18\" height=\"15\" \/>Biztons\u00e1gos \u00e9s nem m\u00e9rgez\u0151 term\u00e9k.<\/strong>\u00a0Ez a lakk olyan kem\u00e9ny \u00f6sszetev\u0151k n\u00e9lk\u00fcl k\u00e9sz\u00fclt, amelyek k\u00e1ros\u00edthatj\u00e1k a b\u0151rt, \u00e9s nem v\u00e1ltoztatja meg az anyag rugalmass\u00e1g\u00e1t vagy text\u00far\u00e1j\u00e1t. Nem s\u00e1rgul, nem ragad \u00e9s nem repedezik, \u00edgy garant\u00e1lja a rugalmas \u00e9s ellen\u00e1ll\u00f3 b\u0151rt, amely biztons\u00e1gos a felhaszn\u00e1l\u00f3k sz\u00e1m\u00e1ra.<\/p>\n<p><strong><img decoding=\"async\" style=\"margin-right: 12px;\" src=\"https:\/\/www.ferberpainting.com\/wp-content\/uploads\/2026\/02\/Check.svg\" alt=\"\" width=\"18\" height=\"15\" \/>Egyszer\u0171 felvitel a kifog\u00e1stalan kivitelez\u00e9s\u00e9rt.<\/strong>\u00a0Ez a lakk haszn\u00e1latra k\u00e9sz, \u00e9s egyszer\u0171en felhordhat\u00f3 egy puha ruh\u00e1val, szivaccsal vagy applik\u00e1ci\u00f3s p\u00e1rn\u00e1val, ami egyenletes eloszl\u00e1st \u00e9s professzion\u00e1lis eredm\u00e9nyt biztos\u00edt, speci\u00e1lis szersz\u00e1mok n\u00e9lk\u00fcl. Hat\u00e9konyan behatol a b\u0151r p\u00f3rusaiba, \u00e9s nyomok n\u00e9lk\u00fcl sz\u00e1rad meg, sima \u00e9s eleg\u00e1ns fel\u00fcletet biztos\u00edtva.<\/p>\n<p><strong><img decoding=\"async\" style=\"margin-right: 12px;\" src=\"https:\/\/www.ferberpainting.com\/wp-content\/uploads\/2026\/02\/Check.svg\" alt=\"\" width=\"18\" height=\"15\" \/>Tart\u00f3ss\u00e1g \u00e9s ellen\u00e1ll\u00e1s a k\u00fcls\u0151 behat\u00e1sokkal szemben.<\/strong>\u00a0A lakk felvitele \u00e9s sz\u00e1rad\u00e1sa ut\u00e1n megv\u00e9di a b\u0151rt a d\u00f6rzs\u00f6l\u00e9st\u0151l, karcol\u00e1sokt\u00f3l, nedvess\u00e9gt\u0151l, foltokt\u00f3l \u00e9s port\u00f3l. Meghosszabb\u00edtja a b\u0151rt\u00e1rgyak \u00e9lettartam\u00e1t, mivel meg\u0151rzi megjelen\u00e9s\u00fcket, \u00e9s ellen\u00e1ll\u00f3bb\u00e1 teszi \u0151ket a k\u00fcls\u0151 k\u00f6r\u00fclm\u00e9nyekkel \u00e9s az intenz\u00edv haszn\u00e1lattal szemben.<\/p>\n<p><strong><img decoding=\"async\" style=\"margin-right: 12px;\" src=\"https:\/\/www.ferberpainting.com\/wp-content\/uploads\/2026\/02\/Check.svg\" alt=\"\" width=\"18\" height=\"15\" \/>Gyors sz\u00e1rad\u00e1s az azonnali haszn\u00e1lathoz.<\/strong>\u00a0Gyorsan sz\u00e1rad\u00f3 formul\u00e1j\u00e1nak k\u00f6sz\u00f6nhet\u0151en ez a lakk 30-60 percen bel\u00fcl megsz\u00e1rad, \u00e9s 24 \u00f3ra eltelt\u00e9vel el\u00e9ri az optim\u00e1lis ellen\u00e1ll\u00e1st. Gyors b\u0151rfel\u00faj\u00edt\u00e1st tesz lehet\u0151v\u00e9 an\u00e9lk\u00fcl, hogy a kezelt t\u00e1rgyat hosszabb id\u0151re mozdulatlann\u00e1 tenn\u00e9, ide\u00e1lis a mindennapi kieg\u00e9sz\u00edt\u0151k\u00f6n t\u00f6rt\u00e9n\u0151 gyors alkalmaz\u00e1sra.<\/p>\n<h2><strong>Haszn\u00e1lati protokoll<\/strong><\/h2>\n<ul>\n<li><strong>B\u0151r el\u0151k\u00e9sz\u00edt\u00e9s <\/strong>: \u00d3vatosan tiszt\u00edtsa meg a fel\u00fcletet puha ruh\u00e1val a por \u00e9s a szennyez\u0151d\u00e9sek elt\u00e1vol\u00edt\u00e1sa \u00e9rdek\u00e9ben. Ha a b\u0151r er\u0151sen szennyezett, a lakkoz\u00e1s el\u0151tt haszn\u00e1ljon speci\u00e1lis k\u00edm\u00e9l\u0151 tiszt\u00edt\u00f3szert. Hagyja teljesen megsz\u00e1radni, miel\u0151tt a k\u00f6vetkez\u0151 l\u00e9p\u00e9ssel folytatn\u00e1.<\/li>\n<li><strong>Aj\u00e1nlott adagol\u00e1s <\/strong>: \u00d6nts\u00f6n egy kis mennyis\u00e9g\u0171 lakkot egy tiszta ruh\u00e1ra, szivacsra vagy applik\u00e1ci\u00f3s p\u00e1rn\u00e1ra. Egy m\u00e9rs\u00e9kelt mennyis\u00e9g elegend\u0151 ahhoz, hogy nagy ter\u00fcletet fedjen le felesleg n\u00e9lk\u00fcl, \u00edgy elker\u00fclhet\u0151 a felhalmoz\u00f3d\u00e1s.<\/li>\n<li><strong>Lakk alkalmaz\u00e1sa <\/strong>: Gyeng\u00e9den, k\u00f6rk\u00f6r\u00f6s mozdulatokkal t\u00f6r\u00f6lje le a fel\u00fcletet, hogy egyenletesen eloszlassa a term\u00e9ket \u00e9s megakad\u00e1lyozza a cs\u00edkok kialakul\u00e1s\u00e1t. Ker\u00fclje a b\u0151r tel\u00edt\u00e9s\u00e9t, hogy biztos\u00edtsa az egyenletes felsz\u00edv\u00f3d\u00e1st \u00e9s a term\u00e9szetes fel\u00fcletet.<\/li>\n<li><strong>Sz\u00e1rad\u00e1si id\u0151 <\/strong>: A b\u0151r kezel\u00e9se el\u0151tt hagyja sz\u00e1radni 30-60 percig. Az optim\u00e1lis ellen\u00e1ll\u00e1s \u00e9s a fokozott v\u00e9delem \u00e9rdek\u00e9ben v\u00e1rjon 24 \u00f3r\u00e1t, miel\u0151tt a b\u0151rt d\u00f6rzs\u00f6l\u00e9snek vagy nedvess\u00e9gnek tenn\u00e9 ki.<\/li>\n<li><strong>Befejez\u00e9s \u00e9s karbantart\u00e1s <\/strong>: Miut\u00e1n a lakk megsz\u00e1radt, puha ruh\u00e1val enyh\u00e9n pol\u00edrozza ki, hogy fokozza a f\u00e9nyt \u00e9s homogeniz\u00e1lja a fel\u00fcletet. Rendszeres karbantart\u00e1shoz elegend\u0151 egy sz\u00e1raz ruh\u00e1val t\u00f6rt\u00e9n\u0151 egyszer\u0171 \u00e1tt\u00f6rl\u00e9s, hogy a b\u0151r f\u00e9ny\u00e9t \u00fajra fel\u00e9lessze.<\/li>\n<li><strong>Szersz\u00e1m tiszt\u00edt\u00e1s <\/strong>: K\u00f6zvetlen\u00fcl a felhord\u00e1s ut\u00e1n tiszt\u00edtsa meg a ruh\u00e1t vagy szivacsot megfelel\u0151 old\u00f3szerrel, hogy megakad\u00e1lyozza a megkem\u00e9nyed\u00e9st \u00e9s lehet\u0151v\u00e9 tegye a k\u00e9s\u0151bbi alkalmaz\u00e1sokban t\u00f6rt\u00e9n\u0151 \u00fajrafelhaszn\u00e1l\u00e1st.<\/li>\n<\/ul>","protected":false},"excerpt":{"rendered":"<p>Leather Protection and Enhancement.\u00a0This leather varnish is specially designed to protect and revive leather surfaces by providing a durable and resistant finish. It forms an invisible protective film that preserves the leather&#8217;s shine, protects it against wear, moisture, and stains while offering a satin or glossy finish depending on the application. Suitable for new leather [&hellip;]<\/p>\n","protected":false},"featured_media":26251,"comment_status":"open","ping_status":"closed","template":"","meta":{"_uag_custom_page_level_css":"","site-sidebar-layout":"default","site-content-layout":"","ast-site-content-layout":"default","site-content-style":"default","site-sidebar-style":"default","ast-global-header-display":"","ast-banner-title-visibility":"","ast-main-header-display":"","ast-hfb-above-header-display":"","ast-hfb-below-header-display":"","ast-hfb-mobile-header-display":"","site-post-title":"","ast-breadcrumbs-content":"","ast-featured-img":"","footer-sml-layout":"","ast-disable-related-posts":"","theme-transparent-header-meta":"default","adv-header-id-meta":"","stick-header-meta":"","header-above-stick-meta":"","header-main-stick-meta":"","header-below-stick-meta":"","astra-migrate-meta-layouts":"set","ast-page-background-enabled":"default","ast-page-background-meta":{"desktop":{"background-color":"var(--ast-global-color-4)","background-image":"","background-repeat":"repeat","background-position":"center center","background-size":"auto","background-attachment":"scroll","background-type":"","background-media":"","overlay-type":"","overlay-color":"","overlay-opacity":"","overlay-gradient":""},"tablet":{"background-color":"","background-image":"","background-repeat":"repeat","background-position":"center center","background-size":"auto","background-attachment":"scroll","background-type":"","background-media":"","overlay-type":"","overlay-color":"","overlay-opacity":"","overlay-gradient":""},"mobile":{"background-color":"","background-image":"","background-repeat":"repeat","background-position":"center center","background-size":"auto","background-attachment":"scroll","background-type":"","background-media":"","overlay-type":"","overlay-color":"","overlay-opacity":"","overlay-gradient":""}},"ast-content-background-meta":{"desktop":{"background-color":"var(--ast-global-color-5)","background-image":"","background-repeat":"repeat","background-position":"center center","background-size":"auto","background-attachment":"scroll","background-type":"","background-media":"","overlay-type":"","overlay-color":"","overlay-opacity":"","overlay-gradient":""},"tablet":{"background-color":"var(--ast-global-color-5)","background-image":"","background-repeat":"repeat","background-position":"center center","background-size":"auto","background-attachment":"scroll","background-type":"","background-media":"","overlay-type":"","overlay-color":"","overlay-opacity":"","overlay-gradient":""},"mobile":{"background-color":"var(--ast-global-color-5)","background-image":"","background-repeat":"repeat","background-position":"center center","background-size":"auto","background-attachment":"scroll","background-type":"","background-media":"","overlay-type":"","overlay-color":"","overlay-opacity":"","overlay-gradient":""}}},"product_brand":[],"product_cat":[190],"product_tag":[],"class_list":{"0":"post-23787","1":"product","2":"type-product","3":"status-publish","4":"has-post-thumbnail","6":"product_cat-varnish","7":"desktop-align-left","8":"tablet-align-left","9":"mobile-align-left","11":"first","12":"instock","13":"sale","14":"taxable","15":"shipping-taxable","16":"purchasable","17":"product-type-variable","18":"has-default-attributes"},"spectra_custom_meta":{"_visibility":["visible"],"_shopify_product_id":["9060340891893"],"_s2w_shopify_domain":["ferberpainting.myshopify.com"],"_shopify_variant_id":["46483095519477"],"_sku":[""],"_manage_stock":["no"],"total_sales":["24"],"_tax_status":["taxable"],"_tax_class":[""],"_backorders":["no"],"_sold_individually":["no"],"_virtual":["no"],"_downloadable":["no"],"_download_limit":["-1"],"_download_expiry":["-1"],"_stock":[null],"_stock_status":["instock"],"_wc_average_rating":["4.50"],"_wc_review_count":["6"],"_product_attributes":["a:1:{s:6:\"volume\";a:6:{s:4:\"name\";s:6:\"Volume\";s:5:\"value\";s:20:\"5 liters | 25 liters\";s:8:\"position\";i:1;s:10:\"is_visible\";i:0;s:12:\"is_variation\";i:1;s:11:\"is_taxonomy\";i:0;}}"],"_product_version":["10.5.1"],"_thumbnail_id":["26251"],"_product_image_gallery":["26252"],"wpse_downloadable_file_names":[""],"wpse_downloadable_file_urls":[""],"_edit_last":["1"],"_default_attributes":["a:1:{s:6:\"volume\";s:8:\"5 liters\";}"],"_edit_lock":["1771184304:1"],"merchant-center-availability":["yes"],"merchant-center-category":["503738"],"_price":["29.90","129.90"],"_wp_page_template":["default"],"site-sidebar-layout":["default"],"ast-site-content-layout":["default"],"site-content-style":["default"],"site-sidebar-style":["default"],"theme-transparent-header-meta":["default"],"_wc_rating_count":["a:2:{i:4;i:3;i:5;i:3;}"],"astra-migrate-meta-layouts":["set"],"_uag_css_file_name":["uag-css-23787.css"],"_elementor_page_assets":["a:0:{}"],"_uag_page_assets":["a:9:{s:3:\"css\";s:7133:\".uag-blocks-common-selector{z-index:var(--z-index-desktop) !important}@media(max-width: 976px){.uag-blocks-common-selector{z-index:var(--z-index-tablet) !important}}@media(max-width: 767px){.uag-blocks-common-selector{z-index:var(--z-index-mobile) !important}}.wp-block-uagb-image{display:flex}.wp-block-uagb-image__figure{position:relative;display:flex;flex-direction:column;max-width:100%;height:auto;margin:0}.wp-block-uagb-image__figure img{height:auto;display:flex;max-width:100%;transition:box-shadow .2s ease}.wp-block-uagb-image__figure>a{display:inline-block}.wp-block-uagb-image__figure figcaption{text-align:center;margin-top:.5em;margin-bottom:1em}.wp-block-uagb-image .components-placeholder.block-editor-media-placeholder .components-placeholder__instructions{align-self:center}.wp-block-uagb-image--align-left{text-align:left}.wp-block-uagb-image--align-right{text-align:right}.wp-block-uagb-image--align-center{text-align:center}.wp-block-uagb-image--align-full .wp-block-uagb-image__figure{margin-left:calc(50% - 50vw);margin-right:calc(50% - 50vw);max-width:100vw;width:100vw;height:auto}.wp-block-uagb-image--align-full .wp-block-uagb-image__figure img{height:auto;width:100% !important}.wp-block-uagb-image--align-wide .wp-block-uagb-image__figure img{height:auto;width:100%}.wp-block-uagb-image--layout-overlay__color-wrapper{position:absolute;left:0;top:0;right:0;bottom:0;opacity:.2;background:rgba(0,0,0,.5);transition:opacity .35s ease-in-out}.wp-block-uagb-image--layout-overlay-link{position:absolute;left:0;right:0;bottom:0;top:0}.wp-block-uagb-image--layout-overlay .wp-block-uagb-image__figure:hover .wp-block-uagb-image--layout-overlay__color-wrapper{opacity:1}.wp-block-uagb-image--layout-overlay__inner{position:absolute;left:15px;right:15px;bottom:15px;top:15px;display:flex;align-items:center;justify-content:center;flex-direction:column;border-color:#fff;transition:.35s ease-in-out}.wp-block-uagb-image--layout-overlay__inner.top-left,.wp-block-uagb-image--layout-overlay__inner.top-center,.wp-block-uagb-image--layout-overlay__inner.top-right{justify-content:flex-start}.wp-block-uagb-image--layout-overlay__inner.bottom-left,.wp-block-uagb-image--layout-overlay__inner.bottom-center,.wp-block-uagb-image--layout-overlay__inner.bottom-right{justify-content:flex-end}.wp-block-uagb-image--layout-overlay__inner.top-left,.wp-block-uagb-image--layout-overlay__inner.center-left,.wp-block-uagb-image--layout-overlay__inner.bottom-left{align-items:flex-start}.wp-block-uagb-image--layout-overlay__inner.top-right,.wp-block-uagb-image--layout-overlay__inner.center-right,.wp-block-uagb-image--layout-overlay__inner.bottom-right{align-items:flex-end}.wp-block-uagb-image--layout-overlay__inner .uagb-image-heading{color:#fff;transition:transform .35s,opacity .35s ease-in-out;transform:translate3d(0, 24px, 0);margin:0;line-height:1em}.wp-block-uagb-image--layout-overlay__inner .uagb-image-separator{width:30%;border-top-width:2px;border-top-color:#fff;border-top-style:solid;margin-bottom:10px;opacity:0;transition:transform .4s,opacity .4s ease-in-out;transform:translate3d(0, 30px, 0)}.wp-block-uagb-image--layout-overlay__inner .uagb-image-caption{opacity:0;overflow:visible;color:#fff;transition:transform .45s,opacity .45s ease-in-out;transform:translate3d(0, 35px, 0)}.wp-block-uagb-image--layout-overlay__inner:hover .uagb-image-heading,.wp-block-uagb-image--layout-overlay__inner:hover .uagb-image-separator,.wp-block-uagb-image--layout-overlay__inner:hover .uagb-image-caption{opacity:1;transform:translate3d(0, 0, 0)}.wp-block-uagb-image--effect-zoomin .wp-block-uagb-image__figure img,.wp-block-uagb-image--effect-zoomin .wp-block-uagb-image__figure .wp-block-uagb-image--layout-overlay__color-wrapper{transform:scale(1);transition:transform .35s ease-in-out}.wp-block-uagb-image--effect-zoomin .wp-block-uagb-image__figure:hover img,.wp-block-uagb-image--effect-zoomin .wp-block-uagb-image__figure:hover .wp-block-uagb-image--layout-overlay__color-wrapper{transform:scale(1.05)}.wp-block-uagb-image--effect-slide .wp-block-uagb-image__figure img,.wp-block-uagb-image--effect-slide .wp-block-uagb-image__figure .wp-block-uagb-image--layout-overlay__color-wrapper{width:calc(100% + 40px) !important;max-width:none !important;transform:translate3d(-40px, 0, 0);transition:transform .35s ease-in-out}.wp-block-uagb-image--effect-slide .wp-block-uagb-image__figure:hover img,.wp-block-uagb-image--effect-slide .wp-block-uagb-image__figure:hover .wp-block-uagb-image--layout-overlay__color-wrapper{transform:translate3d(0, 0, 0)}.wp-block-uagb-image--effect-grayscale img{filter:grayscale(0%);transition:.35s ease-in-out}.wp-block-uagb-image--effect-grayscale:hover img{filter:grayscale(100%)}.wp-block-uagb-image--effect-blur img{filter:blur(0);transition:.35s ease-in-out}.wp-block-uagb-image--effect-blur:hover img{filter:blur(3px)}.uagb-block-e6f939b3.wp-block-uagb-image--layout-default figure img{box-shadow: 0px 0px 0 #00000070;}.uagb-block-e6f939b3.wp-block-uagb-image .wp-block-uagb-image__figure figcaption{font-style: normal;align-self: center;}.uagb-block-e6f939b3.wp-block-uagb-image--layout-overlay figure img{box-shadow: 0px 0px 0 #00000070;}.uagb-block-e6f939b3.wp-block-uagb-image--layout-overlay .wp-block-uagb-image--layout-overlay__color-wrapper{opacity: 0.2;}.uagb-block-e6f939b3.wp-block-uagb-image--layout-overlay .wp-block-uagb-image--layout-overlay__inner{left: 15px;right: 15px;top: 15px;bottom: 15px;}.uagb-block-e6f939b3.wp-block-uagb-image--layout-overlay .wp-block-uagb-image--layout-overlay__inner .uagb-image-heading{font-style: normal;color: #fff;opacity: 1;}.uagb-block-e6f939b3.wp-block-uagb-image--layout-overlay .wp-block-uagb-image--layout-overlay__inner .uagb-image-heading a{color: #fff;}.uagb-block-e6f939b3.wp-block-uagb-image--layout-overlay .wp-block-uagb-image--layout-overlay__inner .uagb-image-caption{opacity: 0;}.uagb-block-e6f939b3.wp-block-uagb-image--layout-overlay .wp-block-uagb-image__figure:hover .wp-block-uagb-image--layout-overlay__color-wrapper{opacity: 1;}.uagb-block-e6f939b3.wp-block-uagb-image .wp-block-uagb-image--layout-overlay__inner .uagb-image-separator{width: 30%;border-top-width: 2px;border-top-color: #fff;opacity: 0;}.uagb-block-e6f939b3.wp-block-uagb-image .wp-block-uagb-image__figure img{width: px;height: auto;}.uagb-block-e6f939b3.wp-block-uagb-image .wp-block-uagb-image__figure:hover .wp-block-uagb-image--layout-overlay__inner .uagb-image-caption{opacity: 1;}.uagb-block-e6f939b3.wp-block-uagb-image .wp-block-uagb-image__figure:hover .wp-block-uagb-image--layout-overlay__inner .uagb-image-separator{opacity: 1;}.uagb-block-e6f939b3.wp-block-uagb-image--layout-default figure:hover img{box-shadow: 0px 0px 0 #00000070;}.uagb-block-e6f939b3.wp-block-uagb-image--layout-overlay figure:hover img{box-shadow: 0px 0px 0 #00000070;}@media only screen and (max-width: 976px) {.uagb-block-e6f939b3.wp-block-uagb-image .wp-block-uagb-image__figure img{width: px;height: auto;}}@media only screen and (max-width: 767px) {.uagb-block-e6f939b3.wp-block-uagb-image .wp-block-uagb-image__figure img{width: px;height: auto;}}\";s:2:\"js\";s:0:\"\";s:18:\"current_block_list\";a:13:{i:0;s:11:\"core\/search\";i:1;s:10:\"core\/group\";i:2;s:12:\"core\/heading\";i:3;s:17:\"core\/latest-posts\";i:4;s:20:\"core\/latest-comments\";i:5;s:13:\"core\/archives\";i:6;s:15:\"core\/categories\";i:7;s:14:\"core\/paragraph\";i:8;s:10:\"uagb\/image\";i:9;s:11:\"core\/spacer\";i:10;s:30:\"woocommerce\/product-categories\";i:11;s:10:\"core\/image\";i:12;s:14:\"core\/shortcode\";}s:8:\"uag_flag\";b:1;s:11:\"uag_version\";s:10:\"1777374821\";s:6:\"gfonts\";a:0:{}s:10:\"gfonts_url\";s:0:\"\";s:12:\"gfonts_files\";a:0:{}s:14:\"uag_faq_layout\";b:0;}"]},"uagb_featured_image_src":{"full":["https:\/\/www.ferberpainting.com\/wp-content\/uploads\/2025\/05\/LeatherVarnish5L.png",2560,2560,false],"thumbnail":["https:\/\/www.ferberpainting.com\/wp-content\/uploads\/2025\/05\/LeatherVarnish5L-150x150.png",150,150,true],"medium":["https:\/\/www.ferberpainting.com\/wp-content\/uploads\/2025\/05\/LeatherVarnish5L-300x300.png",300,300,true],"medium_large":["https:\/\/www.ferberpainting.com\/wp-content\/uploads\/2025\/05\/LeatherVarnish5L-768x768.png",768,768,true],"large":["https:\/\/www.ferberpainting.com\/wp-content\/uploads\/2025\/05\/LeatherVarnish5L-1024x1024.png",1024,1024,true],"1536x1536":["https:\/\/www.ferberpainting.com\/wp-content\/uploads\/2025\/05\/LeatherVarnish5L-1536x1536.png",1536,1536,true],"2048x2048":["https:\/\/www.ferberpainting.com\/wp-content\/uploads\/2025\/05\/LeatherVarnish5L-2048x2048.png",2048,2048,true],"trp-custom-language-flag":["https:\/\/www.ferberpainting.com\/wp-content\/uploads\/2025\/05\/LeatherVarnish5L-12x12.png",12,12,true],"woocommerce_thumbnail":["https:\/\/www.ferberpainting.com\/wp-content\/uploads\/2025\/05\/LeatherVarnish5L-300x300.png",300,300,true],"woocommerce_single":["https:\/\/www.ferberpainting.com\/wp-content\/uploads\/2025\/05\/LeatherVarnish5L-600x600.png",600,600,true],"woocommerce_gallery_thumbnail":["https:\/\/www.ferberpainting.com\/wp-content\/uploads\/2025\/05\/LeatherVarnish5L-100x100.png",100,100,true]},"uagb_author_info":{"display_name":"admin","author_link":"https:\/\/www.ferberpainting.com\/hu\/author\/"},"uagb_comment_info":6,"uagb_excerpt":"Leather Protection and Enhancement.\u00a0This leather varnish is specially designed to protect and revive leather surfaces by providing a durable and resistant finish. It forms an invisible protective film that preserves the leather&#8217;s shine, protects it against wear, moisture, and stains while offering a satin or glossy finish depending on the application. Suitable for new leather&hellip;","_links":{"self":[{"href":"https:\/\/www.ferberpainting.com\/hu\/wp-json\/wp\/v2\/product\/23787","targetHints":{"allow":["GET"]}}],"collection":[{"href":"https:\/\/www.ferberpainting.com\/hu\/wp-json\/wp\/v2\/product"}],"about":[{"href":"https:\/\/www.ferberpainting.com\/hu\/wp-json\/wp\/v2\/types\/product"}],"replies":[{"embeddable":true,"href":"https:\/\/www.ferberpainting.com\/hu\/wp-json\/wp\/v2\/comments?post=23787"}],"version-history":[{"count":3,"href":"https:\/\/www.ferberpainting.com\/hu\/wp-json\/wp\/v2\/product\/23787\/revisions"}],"predecessor-version":[{"id":166472,"href":"https:\/\/www.ferberpainting.com\/hu\/wp-json\/wp\/v2\/product\/23787\/revisions\/166472"}],"wp:featuredmedia":[{"embeddable":true,"href":"https:\/\/www.ferberpainting.com\/hu\/wp-json\/wp\/v2\/media\/26251"}],"wp:attachment":[{"href":"https:\/\/www.ferberpainting.com\/hu\/wp-json\/wp\/v2\/media?parent=23787"}],"wp:term":[{"taxonomy":"product_brand","embeddable":true,"href":"https:\/\/www.ferberpainting.com\/hu\/wp-json\/wp\/v2\/product_brand?post=23787"},{"taxonomy":"product_cat","embeddable":true,"href":"https:\/\/www.ferberpainting.com\/hu\/wp-json\/wp\/v2\/product_cat?post=23787"},{"taxonomy":"product_tag","embeddable":true,"href":"https:\/\/www.ferberpainting.com\/hu\/wp-json\/wp\/v2\/product_tag?post=23787"}],"curies":[{"name":"wp","href":"https:\/\/api.w.org\/{rel}","templated":true}]}}