{"id":23784,"date":"2025-07-01T10:17:33","date_gmt":"2025-07-01T08:17:33","guid":{"rendered":"https:\/\/www.ferberpainting.com\/?post_type=product&#038;p=23781"},"modified":"2026-02-15T20:33:03","modified_gmt":"2026-02-15T19:33:03","slug":"leather-cleaner","status":"publish","type":"product","link":"https:\/\/www.ferberpainting.com\/hu\/products\/leather-cleaner\/","title":{"rendered":"B\u0151rtiszt\u00edt\u00f3"},"content":{"rendered":"<p><strong><img decoding=\"async\" style=\"margin-right: 12px;\" src=\"https:\/\/www.ferberpainting.com\/wp-content\/uploads\/2026\/02\/Check.svg\" alt=\"\" width=\"18\" height=\"15\" \/>Optim\u00e1lis hat\u00e9konys\u00e1g.<\/strong>\u00a0A minden t\u00edpus\u00fa b\u0151r hat\u00e9kony tiszt\u00edt\u00e1s\u00e1ra tervezett tiszt\u00edt\u00f3szer elt\u00e1vol\u00edtja a szennyez\u0151d\u00e9seket, port, foltokat, zs\u00edrt \u00e9s kop\u00e1snyomokat an\u00e9lk\u00fcl, hogy k\u00e1ros\u00edtan\u00e1 az anyagot. K\u00edm\u00e9letesen hat, hogy meg\u0151rizze a b\u0151r term\u00e9szetes f\u00e9ny\u00e9t \u00e9s rugalmass\u00e1g\u00e1t, biztos\u00edtva a hib\u00e1tlan karbantart\u00e1st \u00e9s a l\u00e1that\u00f3an meg\u00fajult megjelen\u00e9st.<\/p>\n<p><strong><img decoding=\"async\" style=\"margin-right: 12px;\" src=\"https:\/\/www.ferberpainting.com\/wp-content\/uploads\/2026\/02\/Check.svg\" alt=\"\" width=\"18\" height=\"15\" \/>P\u00e9nzvisszafizet\u00e9si garancia.<\/strong>\u00a0Teljes m\u00e9rt\u00e9kben megb\u00edzunk a b\u0151rtiszt\u00edt\u00f3szer\u00fcnk min\u0151s\u00e9g\u00e9ben \u00e9s hat\u00e9konys\u00e1g\u00e1ban. Ha a haszn\u00e1lat ut\u00e1n nem teljesen el\u00e9gedett, teljes visszat\u00e9r\u00edt\u00e9sre jogosult. Pr\u00f3b\u00e1lja ki teljes lelki nyugalommal, \u00e9s adja vissza b\u0151r t\u00e1rgyainak \u00e9let\u00e9t kock\u00e1zat n\u00e9lk\u00fcl.<\/p>\n<p><strong><img decoding=\"async\" style=\"margin-right: 12px;\" src=\"https:\/\/www.ferberpainting.com\/wp-content\/uploads\/2026\/02\/Check.svg\" alt=\"\" width=\"18\" height=\"15\" \/>Kiv\u00e9teles sokoldal\u00fas\u00e1g.<\/strong>\u00a0Ez a tiszt\u00edt\u00f3szer nem csak az aut\u00f3\u00fcl\u00e9sekhez val\u00f3! A b\u0151r\u00e1ruk sz\u00e9les sk\u00e1l\u00e1j\u00e1ra is alkalmas, bele\u00e9rtve a kanap\u00e9kat, foteleket, kab\u00e1tokat, t\u00e1sk\u00e1kat, cip\u0151ket, aut\u00f3bels\u0151ket \u00e9s lovas felszerel\u00e9seket. Teljes b\u0151r\u00f6n, sima b\u0151r\u00f6n, pigment\u00e1lt b\u0151r\u00f6n \u00e9s m\u0171b\u0151r\u00f6n (PU) is m\u0171k\u00f6dik, \u00edgy sokoldal\u00fa megold\u00e1st k\u00edn\u00e1l sz\u00e1mos fel\u00fclett\u00edpushoz.<\/p>\n<p><strong><img decoding=\"async\" style=\"margin-right: 12px;\" src=\"https:\/\/www.ferberpainting.com\/wp-content\/uploads\/2026\/02\/Check.svg\" alt=\"\" width=\"18\" height=\"15\" \/>K\u00f6lts\u00e9ghat\u00e9kony.<\/strong>\u00a0Az 5 literes tart\u00e1ly\u00e1nak \u00e9s a rendk\u00edv\u00fcl hat\u00e9kony formul\u00e1nak k\u00f6sz\u00f6nhet\u0151en ez a tiszt\u00edt\u00f3szer kiv\u00e1l\u00f3 megt\u00e9r\u00fcl\u00e9st biztos\u00edt. Kis mennyis\u00e9g elegend\u0151 egy nagy fel\u00fclet kezel\u00e9s\u00e9hez, cs\u00f6kkentve a n\u00e9gyzetm\u00e9terenk\u00e9nti k\u00f6lts\u00e9get. \u00c1tlagosan egy literrel ak\u00e1r 100 m\u00b2 b\u0151rfel\u00fcletet is meg lehet tiszt\u00edtani, \u00edgy gazdas\u00e1gos megold\u00e1s otthoni vagy professzion\u00e1lis haszn\u00e1latra.<\/p>\n<p><strong><img decoding=\"async\" style=\"margin-right: 12px;\" src=\"https:\/\/www.ferberpainting.com\/wp-content\/uploads\/2026\/02\/Check.svg\" alt=\"\" width=\"18\" height=\"15\" \/>Biztons\u00e1gosan haszn\u00e1lhat\u00f3.<\/strong>\u00a0Kem\u00e9ny old\u00f3szerek \u00e9s k\u00e1ros anyagok n\u00e9lk\u00fcl kifejlesztett tiszt\u00edt\u00f3szer, amely tiszteletben tartja a b\u0151r \u00e9rz\u00e9keny term\u00e9szet\u00e9t, mik\u00f6zben t\u00f6k\u00e9letes tisztas\u00e1got biztos\u00edt. Nem sz\u00e1r\u00edtja ki a b\u0151rt, nem hagy ragacsos maradv\u00e1nyokat, \u00e9s nem okoz b\u0151rirrit\u00e1ci\u00f3t, \u00edgy teljesen biztons\u00e1gos mind a felhaszn\u00e1l\u00f3k, mind a kezelt fel\u00fcletek sz\u00e1m\u00e1ra.<\/p>\n<p><strong><img decoding=\"async\" style=\"margin-right: 12px;\" src=\"https:\/\/www.ferberpainting.com\/wp-content\/uploads\/2026\/02\/Check.svg\" alt=\"\" width=\"18\" height=\"15\" \/>K\u00f6nnyen haszn\u00e1lhat\u00f3.<\/strong>\u00a0Ez a term\u00e9k azonnal felhaszn\u00e1lhat\u00f3, \u00e9s nem ig\u00e9nyel h\u00edg\u00edt\u00e1st vagy \u00f6sszetett el\u0151k\u00e9sz\u00edt\u00e9st. Csak vigye fel k\u00f6zvetlen\u00fcl a fel\u00fcletre egy puha ruh\u00e1val vagy szivaccsal, majd finoman d\u00f6rzs\u00f6lje \u00e1t. Nincs sz\u00fcks\u00e9g \u00f6bl\u00edt\u00e9sre, \u00edgy t\u00f6k\u00e9letes a gyors, napi tiszt\u00edt\u00e1shoz \u00e9s jelent\u0151s id\u0151megtakar\u00edt\u00e1shoz.<\/p>\n<p><strong><img decoding=\"async\" style=\"margin-right: 12px;\" src=\"https:\/\/www.ferberpainting.com\/wp-content\/uploads\/2026\/02\/Check.svg\" alt=\"\" width=\"18\" height=\"15\" \/>Hosszantart\u00f3 \u00e1pol\u00e1s.<\/strong>\u00a0A szennyez\u0151d\u00e9sek elt\u00e1vol\u00edt\u00e1s\u00e1val \u00e9s a b\u0151r rendszeres karbantart\u00e1s\u00e1val ez a tiszt\u00edt\u00f3szer jelent\u0151sen meghosszabb\u00edtja a b\u0151rt\u00e1rgyak \u00e9lettartam\u00e1t. Megakad\u00e1lyozza a kisz\u00e1rad\u00e1st \u00e9s a repedez\u00e9st, meg\u0151rzi az anyag rugalmass\u00e1g\u00e1t, \u00e9s hossz\u00fa t\u00e1von is sz\u00e9pen tartja a kin\u00e9zet\u00e9t.<\/p>\n<p><strong><img decoding=\"async\" style=\"margin-right: 12px;\" src=\"https:\/\/www.ferberpainting.com\/wp-content\/uploads\/2026\/02\/Check.svg\" alt=\"\" width=\"18\" height=\"15\" \/>Gyors cselekv\u00e9s. <\/strong>Er\u0151sen reakt\u00edv formul\u00e1j\u00e1nak k\u00f6sz\u00f6nhet\u0151en ez a tiszt\u00edt\u00f3szer azonnal hat a szennyez\u0151d\u00e9sekre \u00e9s foltokra. M\u00e1sodpercek alatt feloldja a szennyez\u0151d\u00e9seket \u00e9s minim\u00e1lis er\u0151fesz\u00edt\u00e9ssel helyre\u00e1ll\u00edtja a b\u0151r f\u00e9ny\u00e9t. Ide\u00e1lis a gyors \u00e9s hat\u00e9kony karbantart\u00e1shoz.<\/p>\n<h2><strong>Haszn\u00e1lati utas\u00edt\u00e1sok<\/strong><\/h2>\n<ul>\n<li><strong>El\u0151k\u00e9sz\u00edt\u00e9s <\/strong>: A term\u00e9k felvitele el\u0151tt sz\u00e1raz ruh\u00e1val t\u00f6r\u00f6lje le a b\u0151rfel\u00fcletet, hogy az pormentes legyen.<\/li>\n<li><strong>Alkalmaz\u00e1s <\/strong>: \u00d6nts\u00f6n kis mennyis\u00e9g\u0171 tiszt\u00edt\u00f3szert egy puha ruh\u00e1ra vagy nem s\u00farol\u00f3 szivacsra.<\/li>\n<li><strong>Tiszt\u00edt\u00e1s <\/strong>: A szennyez\u0151d\u00e9sek \u00e9s foltok elt\u00e1vol\u00edt\u00e1s\u00e1hoz \u00f3vatosan, k\u00f6rk\u00f6r\u00f6s mozdulatokkal d\u00f6rzs\u00f6lje \u00e1t a fel\u00fcletet. Be\u00e1gyaz\u00f3dott szennyez\u0151d\u00e9sek eset\u00e9n hagyja a term\u00e9ket n\u00e9h\u00e1ny percig hatni, miel\u0151tt \u00fajra d\u00f6rzs\u00f6ln\u00e9.<\/li>\n<li><strong>T\u00f6rl\u00e9s <\/strong>: Tiszta, sz\u00e1raz ruh\u00e1val t\u00e1vol\u00edtsa el a felesleges term\u00e9ket, \u00e9s hagyja a b\u0151rt a leveg\u0151n megsz\u00e1radni. \u00d6bl\u00edt\u00e9sre nincs sz\u00fcks\u00e9g.<\/li>\n<li><strong>A haszn\u00e1lat gyakoris\u00e1ga <\/strong>: Alkalmazza a tiszt\u00edt\u00f3szert havonta egyszer vagy k\u00e9tszer a rendszeres karbantart\u00e1s \u00e9rdek\u00e9ben, vagy sz\u00fcks\u00e9g szerint bizonyos foltok elt\u00e1vol\u00edt\u00e1s\u00e1ra.<\/li>\n<li><strong>T\u00e1rol\u00e1s <\/strong>: Minden haszn\u00e1lat ut\u00e1n mindig szorosan z\u00e1rja le a tart\u00e1lyt, \u00e9s a hat\u00e9konys\u00e1g meg\u0151rz\u00e9se \u00e9rdek\u00e9ben t\u00e1rolja h\u0171v\u00f6s, sz\u00e1raz, f\u00e9nyt\u0151l \u00e9s sz\u00e9ls\u0151s\u00e9ges h\u0151m\u00e9rs\u00e9klett\u0151l v\u00e9dett helyen.<\/li>\n<\/ul>\n<p>B\u0151rtiszt\u00edt\u00f3szer\u00fcnkkel hat\u00e9kony, gyors \u00e9s biztons\u00e1gos \u00e1pol\u00e1sban r\u00e9szes\u00edtheti b\u0151rfel\u00fcleteit, mik\u00f6zben fokozza azok f\u00e9ny\u00e9t \u00e9s meghosszabb\u00edtja tart\u00f3ss\u00e1gukat.<\/p>","protected":false},"excerpt":{"rendered":"<p>Optimal effectiveness.\u00a0Designed to effectively clean all types of leather, this cleaner removes dirt, dust, stains, grease, and wear marks without damaging the material. It acts gently to preserve the leather\u2019s natural shine and suppleness, ensuring flawless maintenance and a visibly renewed appearance. Money-back guarantee.\u00a0We have complete confidence in the quality and effectiveness of our leather [&hellip;]<\/p>\n","protected":false},"featured_media":36220,"comment_status":"open","ping_status":"closed","template":"","meta":{"_uag_custom_page_level_css":"","site-sidebar-layout":"default","site-content-layout":"","ast-site-content-layout":"default","site-content-style":"default","site-sidebar-style":"default","ast-global-header-display":"","ast-banner-title-visibility":"","ast-main-header-display":"","ast-hfb-above-header-display":"","ast-hfb-below-header-display":"","ast-hfb-mobile-header-display":"","site-post-title":"","ast-breadcrumbs-content":"","ast-featured-img":"","footer-sml-layout":"","ast-disable-related-posts":"","theme-transparent-header-meta":"default","adv-header-id-meta":"","stick-header-meta":"","header-above-stick-meta":"","header-main-stick-meta":"","header-below-stick-meta":"","astra-migrate-meta-layouts":"set","ast-page-background-enabled":"default","ast-page-background-meta":{"desktop":{"background-color":"var(--ast-global-color-4)","background-image":"","background-repeat":"repeat","background-position":"center center","background-size":"auto","background-attachment":"scroll","background-type":"","background-media":"","overlay-type":"","overlay-color":"","overlay-opacity":"","overlay-gradient":""},"tablet":{"background-color":"","background-image":"","background-repeat":"repeat","background-position":"center center","background-size":"auto","background-attachment":"scroll","background-type":"","background-media":"","overlay-type":"","overlay-color":"","overlay-opacity":"","overlay-gradient":""},"mobile":{"background-color":"","background-image":"","background-repeat":"repeat","background-position":"center center","background-size":"auto","background-attachment":"scroll","background-type":"","background-media":"","overlay-type":"","overlay-color":"","overlay-opacity":"","overlay-gradient":""}},"ast-content-background-meta":{"desktop":{"background-color":"var(--ast-global-color-5)","background-image":"","background-repeat":"repeat","background-position":"center center","background-size":"auto","background-attachment":"scroll","background-type":"","background-media":"","overlay-type":"","overlay-color":"","overlay-opacity":"","overlay-gradient":""},"tablet":{"background-color":"var(--ast-global-color-5)","background-image":"","background-repeat":"repeat","background-position":"center center","background-size":"auto","background-attachment":"scroll","background-type":"","background-media":"","overlay-type":"","overlay-color":"","overlay-opacity":"","overlay-gradient":""},"mobile":{"background-color":"var(--ast-global-color-5)","background-image":"","background-repeat":"repeat","background-position":"center center","background-size":"auto","background-attachment":"scroll","background-type":"","background-media":"","overlay-type":"","overlay-color":"","overlay-opacity":"","overlay-gradient":""}}},"product_brand":[],"product_cat":[175],"product_tag":[],"class_list":{"0":"post-23784","1":"product","2":"type-product","3":"status-publish","4":"has-post-thumbnail","6":"product_cat-cleaning-products","7":"desktop-align-left","8":"tablet-align-left","9":"mobile-align-left","11":"first","12":"instock","13":"sale","14":"taxable","15":"shipping-taxable","16":"purchasable","17":"product-type-variable","18":"has-default-attributes"},"spectra_custom_meta":{"_visibility":["visible"],"_shopify_product_id":["9101769113845"],"_s2w_shopify_domain":["ferberpainting.myshopify.com"],"_shopify_variant_id":["46613321089269"],"_sku":[""],"_manage_stock":["no"],"total_sales":["23"],"_tax_status":["taxable"],"_tax_class":[""],"_backorders":["no"],"_sold_individually":["no"],"_virtual":["no"],"_downloadable":["no"],"_download_limit":["-1"],"_download_expiry":["-1"],"_stock":[null],"_stock_status":["instock"],"_wc_average_rating":["5.00"],"_wc_review_count":["28"],"_product_attributes":["a:1:{s:6:\"volume\";a:6:{s:4:\"name\";s:6:\"Volume\";s:5:\"value\";s:20:\"5 liters | 25 liters\";s:8:\"position\";i:1;s:10:\"is_visible\";i:0;s:12:\"is_variation\";i:1;s:11:\"is_taxonomy\";i:0;}}"],"_product_version":["10.5.1"],"wpse_downloadable_file_names":[""],"wpse_downloadable_file_urls":[""],"_edit_last":["1"],"_default_attributes":["a:1:{s:6:\"volume\";s:8:\"5 liters\";}"],"_edit_lock":["1771184003:1"],"_price":["29.90","129.90"],"merchant-center-availability":["yes"],"merchant-center-category":["8043"],"_thumbnail_id":["36220"],"_wp_page_template":["default"],"_wp_old_date":["2025-05-26"],"_product_image_gallery":["36222"],"site-sidebar-layout":["default"],"ast-site-content-layout":["default"],"site-content-style":["default"],"site-sidebar-style":["default"],"theme-transparent-header-meta":["default"],"_wc_rating_count":["a:1:{i:5;i:28;}"],"astra-migrate-meta-layouts":["set"],"_uag_css_file_name":["uag-css-23784.css"],"_elementor_page_assets":["a:0:{}"],"_uag_page_assets":["a:9:{s:3:\"css\";s:7133:\".uag-blocks-common-selector{z-index:var(--z-index-desktop) !important}@media(max-width: 976px){.uag-blocks-common-selector{z-index:var(--z-index-tablet) !important}}@media(max-width: 767px){.uag-blocks-common-selector{z-index:var(--z-index-mobile) !important}}.wp-block-uagb-image{display:flex}.wp-block-uagb-image__figure{position:relative;display:flex;flex-direction:column;max-width:100%;height:auto;margin:0}.wp-block-uagb-image__figure img{height:auto;display:flex;max-width:100%;transition:box-shadow .2s ease}.wp-block-uagb-image__figure>a{display:inline-block}.wp-block-uagb-image__figure figcaption{text-align:center;margin-top:.5em;margin-bottom:1em}.wp-block-uagb-image .components-placeholder.block-editor-media-placeholder .components-placeholder__instructions{align-self:center}.wp-block-uagb-image--align-left{text-align:left}.wp-block-uagb-image--align-right{text-align:right}.wp-block-uagb-image--align-center{text-align:center}.wp-block-uagb-image--align-full .wp-block-uagb-image__figure{margin-left:calc(50% - 50vw);margin-right:calc(50% - 50vw);max-width:100vw;width:100vw;height:auto}.wp-block-uagb-image--align-full .wp-block-uagb-image__figure img{height:auto;width:100% !important}.wp-block-uagb-image--align-wide .wp-block-uagb-image__figure img{height:auto;width:100%}.wp-block-uagb-image--layout-overlay__color-wrapper{position:absolute;left:0;top:0;right:0;bottom:0;opacity:.2;background:rgba(0,0,0,.5);transition:opacity .35s ease-in-out}.wp-block-uagb-image--layout-overlay-link{position:absolute;left:0;right:0;bottom:0;top:0}.wp-block-uagb-image--layout-overlay .wp-block-uagb-image__figure:hover .wp-block-uagb-image--layout-overlay__color-wrapper{opacity:1}.wp-block-uagb-image--layout-overlay__inner{position:absolute;left:15px;right:15px;bottom:15px;top:15px;display:flex;align-items:center;justify-content:center;flex-direction:column;border-color:#fff;transition:.35s ease-in-out}.wp-block-uagb-image--layout-overlay__inner.top-left,.wp-block-uagb-image--layout-overlay__inner.top-center,.wp-block-uagb-image--layout-overlay__inner.top-right{justify-content:flex-start}.wp-block-uagb-image--layout-overlay__inner.bottom-left,.wp-block-uagb-image--layout-overlay__inner.bottom-center,.wp-block-uagb-image--layout-overlay__inner.bottom-right{justify-content:flex-end}.wp-block-uagb-image--layout-overlay__inner.top-left,.wp-block-uagb-image--layout-overlay__inner.center-left,.wp-block-uagb-image--layout-overlay__inner.bottom-left{align-items:flex-start}.wp-block-uagb-image--layout-overlay__inner.top-right,.wp-block-uagb-image--layout-overlay__inner.center-right,.wp-block-uagb-image--layout-overlay__inner.bottom-right{align-items:flex-end}.wp-block-uagb-image--layout-overlay__inner .uagb-image-heading{color:#fff;transition:transform .35s,opacity .35s ease-in-out;transform:translate3d(0, 24px, 0);margin:0;line-height:1em}.wp-block-uagb-image--layout-overlay__inner .uagb-image-separator{width:30%;border-top-width:2px;border-top-color:#fff;border-top-style:solid;margin-bottom:10px;opacity:0;transition:transform .4s,opacity .4s ease-in-out;transform:translate3d(0, 30px, 0)}.wp-block-uagb-image--layout-overlay__inner .uagb-image-caption{opacity:0;overflow:visible;color:#fff;transition:transform .45s,opacity .45s ease-in-out;transform:translate3d(0, 35px, 0)}.wp-block-uagb-image--layout-overlay__inner:hover .uagb-image-heading,.wp-block-uagb-image--layout-overlay__inner:hover .uagb-image-separator,.wp-block-uagb-image--layout-overlay__inner:hover .uagb-image-caption{opacity:1;transform:translate3d(0, 0, 0)}.wp-block-uagb-image--effect-zoomin .wp-block-uagb-image__figure img,.wp-block-uagb-image--effect-zoomin .wp-block-uagb-image__figure .wp-block-uagb-image--layout-overlay__color-wrapper{transform:scale(1);transition:transform .35s ease-in-out}.wp-block-uagb-image--effect-zoomin .wp-block-uagb-image__figure:hover img,.wp-block-uagb-image--effect-zoomin .wp-block-uagb-image__figure:hover .wp-block-uagb-image--layout-overlay__color-wrapper{transform:scale(1.05)}.wp-block-uagb-image--effect-slide .wp-block-uagb-image__figure img,.wp-block-uagb-image--effect-slide .wp-block-uagb-image__figure .wp-block-uagb-image--layout-overlay__color-wrapper{width:calc(100% + 40px) !important;max-width:none !important;transform:translate3d(-40px, 0, 0);transition:transform .35s ease-in-out}.wp-block-uagb-image--effect-slide .wp-block-uagb-image__figure:hover img,.wp-block-uagb-image--effect-slide .wp-block-uagb-image__figure:hover .wp-block-uagb-image--layout-overlay__color-wrapper{transform:translate3d(0, 0, 0)}.wp-block-uagb-image--effect-grayscale img{filter:grayscale(0%);transition:.35s ease-in-out}.wp-block-uagb-image--effect-grayscale:hover img{filter:grayscale(100%)}.wp-block-uagb-image--effect-blur img{filter:blur(0);transition:.35s ease-in-out}.wp-block-uagb-image--effect-blur:hover img{filter:blur(3px)}.uagb-block-e6f939b3.wp-block-uagb-image--layout-default figure img{box-shadow: 0px 0px 0 #00000070;}.uagb-block-e6f939b3.wp-block-uagb-image .wp-block-uagb-image__figure figcaption{font-style: normal;align-self: center;}.uagb-block-e6f939b3.wp-block-uagb-image--layout-overlay figure img{box-shadow: 0px 0px 0 #00000070;}.uagb-block-e6f939b3.wp-block-uagb-image--layout-overlay .wp-block-uagb-image--layout-overlay__color-wrapper{opacity: 0.2;}.uagb-block-e6f939b3.wp-block-uagb-image--layout-overlay .wp-block-uagb-image--layout-overlay__inner{left: 15px;right: 15px;top: 15px;bottom: 15px;}.uagb-block-e6f939b3.wp-block-uagb-image--layout-overlay .wp-block-uagb-image--layout-overlay__inner .uagb-image-heading{font-style: normal;color: #fff;opacity: 1;}.uagb-block-e6f939b3.wp-block-uagb-image--layout-overlay .wp-block-uagb-image--layout-overlay__inner .uagb-image-heading a{color: #fff;}.uagb-block-e6f939b3.wp-block-uagb-image--layout-overlay .wp-block-uagb-image--layout-overlay__inner .uagb-image-caption{opacity: 0;}.uagb-block-e6f939b3.wp-block-uagb-image--layout-overlay .wp-block-uagb-image__figure:hover .wp-block-uagb-image--layout-overlay__color-wrapper{opacity: 1;}.uagb-block-e6f939b3.wp-block-uagb-image .wp-block-uagb-image--layout-overlay__inner .uagb-image-separator{width: 30%;border-top-width: 2px;border-top-color: #fff;opacity: 0;}.uagb-block-e6f939b3.wp-block-uagb-image .wp-block-uagb-image__figure img{width: px;height: auto;}.uagb-block-e6f939b3.wp-block-uagb-image .wp-block-uagb-image__figure:hover .wp-block-uagb-image--layout-overlay__inner .uagb-image-caption{opacity: 1;}.uagb-block-e6f939b3.wp-block-uagb-image .wp-block-uagb-image__figure:hover .wp-block-uagb-image--layout-overlay__inner .uagb-image-separator{opacity: 1;}.uagb-block-e6f939b3.wp-block-uagb-image--layout-default figure:hover img{box-shadow: 0px 0px 0 #00000070;}.uagb-block-e6f939b3.wp-block-uagb-image--layout-overlay figure:hover img{box-shadow: 0px 0px 0 #00000070;}@media only screen and (max-width: 976px) {.uagb-block-e6f939b3.wp-block-uagb-image .wp-block-uagb-image__figure img{width: px;height: auto;}}@media only screen and (max-width: 767px) {.uagb-block-e6f939b3.wp-block-uagb-image .wp-block-uagb-image__figure img{width: px;height: auto;}}\";s:2:\"js\";s:0:\"\";s:18:\"current_block_list\";a:13:{i:0;s:11:\"core\/search\";i:1;s:10:\"core\/group\";i:2;s:12:\"core\/heading\";i:3;s:17:\"core\/latest-posts\";i:4;s:20:\"core\/latest-comments\";i:5;s:13:\"core\/archives\";i:6;s:15:\"core\/categories\";i:7;s:14:\"core\/paragraph\";i:8;s:10:\"uagb\/image\";i:9;s:11:\"core\/spacer\";i:10;s:30:\"woocommerce\/product-categories\";i:11;s:10:\"core\/image\";i:12;s:14:\"core\/shortcode\";}s:8:\"uag_flag\";b:1;s:11:\"uag_version\";s:10:\"1777228663\";s:6:\"gfonts\";a:0:{}s:10:\"gfonts_url\";s:0:\"\";s:12:\"gfonts_files\";a:0:{}s:14:\"uag_faq_layout\";b:0;}"]},"uagb_featured_image_src":{"full":["https:\/\/www.ferberpainting.com\/wp-content\/uploads\/2025\/05\/Leather-Cleaner-5L.png",2560,2560,false],"thumbnail":["https:\/\/www.ferberpainting.com\/wp-content\/uploads\/2025\/05\/Leather-Cleaner-5L-150x150.png",150,150,true],"medium":["https:\/\/www.ferberpainting.com\/wp-content\/uploads\/2025\/05\/Leather-Cleaner-5L-300x300.png",300,300,true],"medium_large":["https:\/\/www.ferberpainting.com\/wp-content\/uploads\/2025\/05\/Leather-Cleaner-5L-768x768.png",768,768,true],"large":["https:\/\/www.ferberpainting.com\/wp-content\/uploads\/2025\/05\/Leather-Cleaner-5L-1024x1024.png",1024,1024,true],"1536x1536":["https:\/\/www.ferberpainting.com\/wp-content\/uploads\/2025\/05\/Leather-Cleaner-5L-1536x1536.png",1536,1536,true],"2048x2048":["https:\/\/www.ferberpainting.com\/wp-content\/uploads\/2025\/05\/Leather-Cleaner-5L-2048x2048.png",2048,2048,true],"trp-custom-language-flag":["https:\/\/www.ferberpainting.com\/wp-content\/uploads\/2025\/05\/Leather-Cleaner-5L-12x12.png",12,12,true],"woocommerce_thumbnail":["https:\/\/www.ferberpainting.com\/wp-content\/uploads\/2025\/05\/Leather-Cleaner-5L-300x300.png",300,300,true],"woocommerce_single":["https:\/\/www.ferberpainting.com\/wp-content\/uploads\/2025\/05\/Leather-Cleaner-5L-600x600.png",600,600,true],"woocommerce_gallery_thumbnail":["https:\/\/www.ferberpainting.com\/wp-content\/uploads\/2025\/05\/Leather-Cleaner-5L-100x100.png",100,100,true]},"uagb_author_info":{"display_name":"admin","author_link":"https:\/\/www.ferberpainting.com\/hu\/author\/"},"uagb_comment_info":28,"uagb_excerpt":"Optimal effectiveness.\u00a0Designed to effectively clean all types of leather, this cleaner removes dirt, dust, stains, grease, and wear marks without damaging the material. It acts gently to preserve the leather\u2019s natural shine and suppleness, ensuring flawless maintenance and a visibly renewed appearance. Money-back guarantee.\u00a0We have complete confidence in the quality and effectiveness of our leather&hellip;","_links":{"self":[{"href":"https:\/\/www.ferberpainting.com\/hu\/wp-json\/wp\/v2\/product\/23784","targetHints":{"allow":["GET"]}}],"collection":[{"href":"https:\/\/www.ferberpainting.com\/hu\/wp-json\/wp\/v2\/product"}],"about":[{"href":"https:\/\/www.ferberpainting.com\/hu\/wp-json\/wp\/v2\/types\/product"}],"replies":[{"embeddable":true,"href":"https:\/\/www.ferberpainting.com\/hu\/wp-json\/wp\/v2\/comments?post=23784"}],"version-history":[{"count":5,"href":"https:\/\/www.ferberpainting.com\/hu\/wp-json\/wp\/v2\/product\/23784\/revisions"}],"predecessor-version":[{"id":166470,"href":"https:\/\/www.ferberpainting.com\/hu\/wp-json\/wp\/v2\/product\/23784\/revisions\/166470"}],"wp:featuredmedia":[{"embeddable":true,"href":"https:\/\/www.ferberpainting.com\/hu\/wp-json\/wp\/v2\/media\/36220"}],"wp:attachment":[{"href":"https:\/\/www.ferberpainting.com\/hu\/wp-json\/wp\/v2\/media?parent=23784"}],"wp:term":[{"taxonomy":"product_brand","embeddable":true,"href":"https:\/\/www.ferberpainting.com\/hu\/wp-json\/wp\/v2\/product_brand?post=23784"},{"taxonomy":"product_cat","embeddable":true,"href":"https:\/\/www.ferberpainting.com\/hu\/wp-json\/wp\/v2\/product_cat?post=23784"},{"taxonomy":"product_tag","embeddable":true,"href":"https:\/\/www.ferberpainting.com\/hu\/wp-json\/wp\/v2\/product_tag?post=23784"}],"curies":[{"name":"wp","href":"https:\/\/api.w.org\/{rel}","templated":true}]}}