{"id":23752,"date":"2025-07-01T10:26:24","date_gmt":"2025-07-01T08:26:24","guid":{"rendered":"https:\/\/www.ferberpainting.com\/?post_type=product&#038;p=23752"},"modified":"2026-02-15T19:46:05","modified_gmt":"2026-02-15T18:46:05","slug":"iron-soleplate-cleaner","status":"publish","type":"product","link":"https:\/\/www.ferberpainting.com\/hu\/products\/iron-soleplate-cleaner\/","title":{"rendered":"Vasal\u00f3tiszt\u00edt\u00f3"},"content":{"rendered":"<p><strong><img decoding=\"async\" style=\"margin-right: 12px;\" src=\"https:\/\/www.ferberpainting.com\/wp-content\/uploads\/2026\/02\/Check.svg\" alt=\"\" width=\"18\" height=\"15\" \/>Optim\u00e1lis hat\u00e9konys\u00e1g.<\/strong>\u00a0Ezt a vasal\u00f3tiszt\u00edt\u00f3t kifejezetten arra tervezt\u00e9k, hogy hat\u00e9konyan t\u00e1vol\u00edtsa el a vasal\u00f3 talp\u00e1n l\u00e9v\u0151 v\u00edzk\u0151, \u00e9gett sz\u00f6vetmaradv\u00e1nyok, rozsdafoltok \u00e9s egy\u00e9b lerak\u00f3d\u00e1sokat. M\u00e9lyen lefel\u00e9 hat, hogy helyre\u00e1ll\u00edtsa a k\u00e9sz\u00fcl\u00e9k t\u00f6k\u00e9letes sikl\u00e1s\u00e1t, \u00e9s megakad\u00e1lyozza a ruh\u00e1kon l\u00e9v\u0151 foltok kialakul\u00e1s\u00e1t. Er\u0151teljes formul\u00e1ja feloldja a szennyez\u0151d\u00e9seket an\u00e9lk\u00fcl, hogy k\u00e1ros\u00edtan\u00e1 a fel\u00fcletet, biztos\u00edtva a sima, gubancmentes vasal\u00e1st.<\/p>\n<p><strong><img decoding=\"async\" style=\"margin-right: 12px;\" src=\"https:\/\/www.ferberpainting.com\/wp-content\/uploads\/2026\/02\/Check.svg\" alt=\"\" width=\"18\" height=\"15\" \/>P\u00e9nzvisszafizet\u00e9si garancia.<\/strong>\u00a0Teljesen biztosak vagyunk tiszt\u00edt\u00f3szer\u00fcnk hat\u00e9konys\u00e1g\u00e1ban. Ha a haszn\u00e1lata ut\u00e1n nem teljesen el\u00e9gedett az eredm\u00e9nnyel, teljes visszat\u00e9r\u00edt\u00e9sre jogosult. Pr\u00f3b\u00e1lja ki term\u00e9k\u00fcnket kock\u00e1zatmentesen, \u00e9s adjon vasal\u00f3j\u00e1nak egy m\u00e1sodik \u00e9letet nyugodt lelkiismerettel.<\/p>\n<p><strong><img decoding=\"async\" style=\"margin-right: 12px;\" src=\"https:\/\/www.ferberpainting.com\/wp-content\/uploads\/2026\/02\/Check.svg\" alt=\"\" width=\"18\" height=\"15\" \/>Kiv\u00e9teles sokoldal\u00fas\u00e1g.<\/strong>\u00a0Ez a tiszt\u00edt\u00f3szer nem korl\u00e1toz\u00f3dik a hagyom\u00e1nyos vasal\u00f3kra! Ide\u00e1lis a g\u0151zfejleszt\u0151k, rozsdamentes ac\u00e9l talplemezek, alum\u00ednium vagy ker\u00e1mia talpak \u00e9s a vasal\u00f3g\u00e9pek f\u0171t\u0151lemezeinek tiszt\u00edt\u00e1s\u00e1ra is. Alkalmas a vasal\u00f3 k\u00e9sz\u00fcl\u00e9kek finom tiszt\u00edt\u00e1st ig\u00e9nyl\u0151 f\u00e9mfel\u00fcleteinek tiszt\u00edt\u00e1s\u00e1ra is, optim\u00e1lis karbantart\u00e1st biztos\u00edtva az \u00e9rz\u00e9keny anyagok k\u00e1ros\u00edt\u00e1sa n\u00e9lk\u00fcl.<\/p>\n<p><strong><img decoding=\"async\" style=\"margin-right: 12px;\" src=\"https:\/\/www.ferberpainting.com\/wp-content\/uploads\/2026\/02\/Check.svg\" alt=\"\" width=\"18\" height=\"15\" \/>K\u00f6lts\u00e9ghat\u00e9kony.<\/strong>\u00a0Az 5 literes tart\u00e1ly\u00e1val \u00e9s ultrahat\u00e9kony formul\u00e1j\u00e1val ez a tiszt\u00edt\u00f3szer kiv\u00e1l\u00f3 \u00e9rt\u00e9ket biztos\u00edt. Kis mennyis\u00e9g is elegend\u0151 t\u00f6bb vasal\u00f3 \u00e9s g\u0151zrendszer pazarl\u00e1s n\u00e9lk\u00fcli tiszt\u00edt\u00e1s\u00e1hoz. \u00c1tlagosan egy liter term\u00e9kkel t\u00f6bb mint 200 k\u00e9sz\u00fcl\u00e9ket lehet karbantartani, \u00edgy gazdas\u00e1gos \u00e9s hossz\u00fa t\u00e1v\u00fa megold\u00e1st jelent a vasal\u00f3eszk\u00f6z\u00f6k karbantart\u00e1s\u00e1ra.<\/p>\n<p><strong><img decoding=\"async\" style=\"margin-right: 12px;\" src=\"https:\/\/www.ferberpainting.com\/wp-content\/uploads\/2026\/02\/Check.svg\" alt=\"\" width=\"18\" height=\"15\" \/>Biztons\u00e1gosan haszn\u00e1lhat\u00f3.<\/strong>\u00a0A csiszol\u00f3 savakat tartalmaz\u00f3 term\u00e9kekkel ellent\u00e9tben ez a tiszt\u00edt\u00f3szer a felhaszn\u00e1l\u00f3 sz\u00e1m\u00e1ra k\u00e1ros \u00f6sszetev\u0151k n\u00e9lk\u00fcl k\u00e9sz\u00fclt, \u00e9s nem jelent kock\u00e1zatot a talplemezre. Nem bocs\u00e1t ki m\u00e9rgez\u0151 f\u00fcst\u00f6t, nem okoz b\u0151rirrit\u00e1ci\u00f3t, \u00e9s tiszteletben tartja a f\u00e9m- \u00e9s ker\u00e1miafel\u00fcleteket. Rendszeres haszn\u00e1lat\u00e1hoz biztons\u00e1gos, \u00e9s optim\u00e1lis karbantart\u00e1st garant\u00e1l an\u00e9lk\u00fcl, hogy a vasal\u00f3 teljes\u00edtm\u00e9ny\u00e9t rontan\u00e1.<\/p>\n<p><strong><img decoding=\"async\" style=\"margin-right: 12px;\" src=\"https:\/\/www.ferberpainting.com\/wp-content\/uploads\/2026\/02\/Check.svg\" alt=\"\" width=\"18\" height=\"15\" \/>K\u00f6nny\u0171 haszn\u00e1lat.<\/strong>\u00a0Ez a tiszt\u00edt\u00f3szer haszn\u00e1latra k\u00e9sz, nem ig\u00e9nyel h\u00edg\u00edt\u00e1st vagy bonyolult el\u0151k\u00e9sz\u00edt\u00e9st. K\u00f6zvetlen\u00fcl a vasal\u00f3 talplemez\u00e9re vagy puha ruh\u00e1val lehet felvinni. Gyors hat\u00e1sa biztos\u00edtja a hat\u00e9kony tiszt\u00edt\u00e1st n\u00e9h\u00e1ny l\u00e9p\u00e9sben, er\u0151fesz\u00edt\u00e9s vagy t\u00falzott \u00f6bl\u00edt\u00e9s n\u00e9lk\u00fcl. Foly\u00e9kony formul\u00e1ja megk\u00f6nny\u00edti az alkalmaz\u00e1st \u00e9s garant\u00e1lja a nem k\u00edv\u00e1nt lerak\u00f3d\u00e1sok gyors elt\u00e1vol\u00edt\u00e1s\u00e1t.<\/p>\n<p><strong><img decoding=\"async\" style=\"margin-right: 12px;\" src=\"https:\/\/www.ferberpainting.com\/wp-content\/uploads\/2026\/02\/Check.svg\" alt=\"\" width=\"18\" height=\"15\" \/>Fokozott tart\u00f3ss\u00e1g.<\/strong>\u00a0A v\u00edzk\u0151 \u00e9s a meg\u00e9gett anyaglerak\u00f3d\u00e1sok rendszeres elt\u00e1vol\u00edt\u00e1s\u00e1val ez a tiszt\u00edt\u00f3szer meghosszabb\u00edtja a vasal\u00f3 \u00e9lettartam\u00e1t \u00e9s jav\u00edtja a hossz\u00fa t\u00e1v\u00fa hat\u00e9konys\u00e1got. Megakad\u00e1lyozza a g\u0151zny\u00edl\u00e1sok elt\u00f6m\u0151d\u00e9s\u00e9t, \u00e9s seg\u00edt meg\u0151rizni a tiszta vasal\u00f3talpat. A rendszeres karbantart\u00e1s ezzel a term\u00e9kkel biztos\u00edtja az optim\u00e1lis m\u0171k\u00f6d\u00e9st \u00e9s teljes\u00edtm\u00e9nyt.<\/p>\n<p><strong><img decoding=\"async\" style=\"margin-right: 12px;\" src=\"https:\/\/www.ferberpainting.com\/wp-content\/uploads\/2026\/02\/Check.svg\" alt=\"\" width=\"18\" height=\"15\" \/>Gyors akci\u00f3.<\/strong>\u00a0A rendk\u00edv\u00fcl akt\u00edv formul\u00e1nak k\u00f6sz\u00f6nhet\u0151en ez a tiszt\u00edt\u00f3szer azonnal hat a maradv\u00e1nyokra \u00e9s a be\u00e1gyaz\u00f3dott foltokra. N\u00e9h\u00e1ny m\u00e1sodperc alatt feloldja a szennyez\u0151d\u00e9seket, \u00e9s s\u00farol\u00e1s n\u00e9lk\u00fcl k\u00f6nnyen let\u00f6r\u00f6lhet\u0151v\u00e9 teszi azokat. Azonnali hat\u00e1s\u00e1nak k\u00f6sz\u00f6nhet\u0151en ide\u00e1lis a gyors \u00e9s hat\u00e9kony karbantart\u00e1shoz, garant\u00e1lja a t\u00f6k\u00e9letes sikl\u00e1st a tiszt\u00edt\u00e1s ut\u00e1ni els\u0151 haszn\u00e1latt\u00f3l kezdve.<\/p>\n<h2><strong>Haszn\u00e1lati utas\u00edt\u00e1sok<\/strong><\/h2>\n<ul>\n<li><strong>El\u0151k\u00e9sz\u00edt\u00e9s <\/strong>: A tiszt\u00edt\u00f3szer alkalmaz\u00e1sa el\u0151tt gy\u0151z\u0151dj\u00f6n meg r\u00f3la, hogy a vasal\u00f3 ki van kapcsolva \u00e9s langyos. Soha ne alkalmazza a term\u00e9ket forr\u00f3 vasal\u00f3talpra, hogy elker\u00fclje a korai elp\u00e1rolg\u00e1st.<\/li>\n<li><strong>Soleplate alkalmaz\u00e1s <\/strong>: \u00d6nts\u00f6n egy kis mennyis\u00e9g\u0171 tiszt\u00edt\u00f3szert egy puha ruh\u00e1ra vagy szivacsra, majd egyenletesen, k\u00f6rk\u00f6r\u00f6s mozdulatokkal ter\u00edtse el a talplemezen.<\/li>\n<li><strong>G\u0151z\u00f6s lyuk tiszt\u00edt\u00e1s <\/strong>: Az eldugult g\u0151zny\u00edl\u00e1sok felold\u00e1s\u00e1hoz \u00e1ztasson egy vattapamacsot a term\u00e9kbe, \u00e9s \u00f3vatosan tiszt\u00edtsa meg az egyes ny\u00edl\u00e1sokat a v\u00edzk\u0151 \u00e9s az \u00e9gett sz\u00f6vetmaradv\u00e1nyok elt\u00e1vol\u00edt\u00e1sa \u00e9rdek\u00e9ben.<\/li>\n<li><strong>Marad\u00e9k elt\u00e1vol\u00edt\u00e1sa <\/strong>: Tiszta, sz\u00e1raz ruh\u00e1val t\u00f6r\u00f6lje le az oldott maradv\u00e1nyok elt\u00e1vol\u00edt\u00e1sa \u00e9rdek\u00e9ben, \u00e9s haszn\u00e1lat el\u0151tt gy\u0151z\u0151dj\u00f6n meg arr\u00f3l, hogy a talplemez teljesen tiszta.<\/li>\n<li><strong>K\u00fcls\u0151 fel\u00fcletek tiszt\u00edt\u00e1sa <\/strong>: Vigyen fel egy kis mennyis\u00e9g\u0171 term\u00e9ket egy nedves ruh\u00e1ra, \u00e9s \u00f3vatosan t\u00f6r\u00f6lje \u00e1t a vasal\u00f3 test\u00e9t a por \u00e9s a v\u00edzk\u0151 elt\u00e1vol\u00edt\u00e1sa \u00e9rdek\u00e9ben.<\/li>\n<li><strong>\u00d6bl\u00edt\u00e9s \u00e9s befejez\u00e9s <\/strong>: Az alaptiszt\u00edt\u00e1shoz nincs sz\u00fcks\u00e9g \u00f6bl\u00edt\u00e9sre. M\u00e9lyebb karbantart\u00e1shoz t\u00f6r\u00f6lje \u00e1t a talplemezt enyh\u00e9n nedves ruh\u00e1val, miel\u0151tt puha ruh\u00e1val megsz\u00e1r\u00edtan\u00e1.<\/li>\n<li><strong>Haszn\u00e1lat gyakoris\u00e1ga <\/strong>: Rendszeres karbantart\u00e1s c\u00e9lj\u00e1b\u00f3l havonta egyszer, vagy amikor \u00e9g\u00e9si nyomok vagy v\u00edzk\u0151 jelenik meg. Intenz\u00edv haszn\u00e1lat eset\u00e9n k\u00e9thetente tiszt\u00edtsa az optim\u00e1lis sikl\u00e1s fenntart\u00e1sa \u00e9s a ruh\u00e1kon l\u00e9v\u0151 foltok elker\u00fcl\u00e9se \u00e9rdek\u00e9ben.<\/li>\n<li><strong>T\u00e1rol\u00e1s <\/strong>: A term\u00e9k hossz\u00fa t\u00e1v\u00fa hat\u00e9konys\u00e1g\u00e1nak meg\u0151rz\u00e9se \u00e9rdek\u00e9ben minden haszn\u00e1lat ut\u00e1n z\u00e1rja le szorosan a tart\u00e1lyt, \u00e9s t\u00e1rolja h\u0171v\u00f6s, sz\u00e1raz, f\u00e9nyt\u0151l \u00e9s sz\u00e9ls\u0151s\u00e9ges h\u0151m\u00e9rs\u00e9klett\u0151l v\u00e9dett helyen.<\/li>\n<\/ul>\n<p>Vasal\u00f3tiszt\u00edt\u00f3nkkal azonnal vissza\u00e1ll\u00edthatja a t\u00f6k\u00e9letes sikl\u00e1st \u00e9s a makul\u00e1tlan teljes\u00edtm\u00e9nyt k\u00e9sz\u00fcl\u00e9k\u00e9ben. Er\u0151teljes, gyors \u00e9s biztons\u00e1gos megold\u00e1s a sima vasal\u00e1s\u00e9rt \u00e9s a kifog\u00e1stalan ruh\u00e1k\u00e9rt minden alkalommal.<\/p>","protected":false},"excerpt":{"rendered":"<p>Optimal Effectiveness.\u00a0This iron cleaner is specially designed to effectively remove limescale, burnt fabric residues, rust marks, and other buildup on the iron\u2019s soleplate. It works deep down to restore the perfect glide of the appliance and prevent marks on clothes. Its powerful formula dissolves impurities without damaging the surface, ensuring smooth, snag-free ironing. Money-back guarantee.\u00a0We [&hellip;]<\/p>\n","protected":false},"featured_media":36226,"comment_status":"open","ping_status":"closed","template":"","meta":{"_uag_custom_page_level_css":"","site-sidebar-layout":"default","site-content-layout":"","ast-site-content-layout":"default","site-content-style":"default","site-sidebar-style":"default","ast-global-header-display":"","ast-banner-title-visibility":"","ast-main-header-display":"","ast-hfb-above-header-display":"","ast-hfb-below-header-display":"","ast-hfb-mobile-header-display":"","site-post-title":"","ast-breadcrumbs-content":"","ast-featured-img":"","footer-sml-layout":"","ast-disable-related-posts":"","theme-transparent-header-meta":"default","adv-header-id-meta":"","stick-header-meta":"","header-above-stick-meta":"","header-main-stick-meta":"","header-below-stick-meta":"","astra-migrate-meta-layouts":"set","ast-page-background-enabled":"default","ast-page-background-meta":{"desktop":{"background-color":"var(--ast-global-color-4)","background-image":"","background-repeat":"repeat","background-position":"center center","background-size":"auto","background-attachment":"scroll","background-type":"","background-media":"","overlay-type":"","overlay-color":"","overlay-opacity":"","overlay-gradient":""},"tablet":{"background-color":"","background-image":"","background-repeat":"repeat","background-position":"center center","background-size":"auto","background-attachment":"scroll","background-type":"","background-media":"","overlay-type":"","overlay-color":"","overlay-opacity":"","overlay-gradient":""},"mobile":{"background-color":"","background-image":"","background-repeat":"repeat","background-position":"center center","background-size":"auto","background-attachment":"scroll","background-type":"","background-media":"","overlay-type":"","overlay-color":"","overlay-opacity":"","overlay-gradient":""}},"ast-content-background-meta":{"desktop":{"background-color":"var(--ast-global-color-5)","background-image":"","background-repeat":"repeat","background-position":"center center","background-size":"auto","background-attachment":"scroll","background-type":"","background-media":"","overlay-type":"","overlay-color":"","overlay-opacity":"","overlay-gradient":""},"tablet":{"background-color":"var(--ast-global-color-5)","background-image":"","background-repeat":"repeat","background-position":"center center","background-size":"auto","background-attachment":"scroll","background-type":"","background-media":"","overlay-type":"","overlay-color":"","overlay-opacity":"","overlay-gradient":""},"mobile":{"background-color":"var(--ast-global-color-5)","background-image":"","background-repeat":"repeat","background-position":"center center","background-size":"auto","background-attachment":"scroll","background-type":"","background-media":"","overlay-type":"","overlay-color":"","overlay-opacity":"","overlay-gradient":""}}},"product_brand":[],"product_cat":[175],"product_tag":[],"class_list":{"0":"post-23752","1":"product","2":"type-product","3":"status-publish","4":"has-post-thumbnail","6":"product_cat-cleaning-products","7":"desktop-align-left","8":"tablet-align-left","9":"mobile-align-left","11":"first","12":"instock","13":"sale","14":"taxable","15":"shipping-taxable","16":"purchasable","17":"product-type-variable","18":"has-default-attributes"},"spectra_custom_meta":{"_visibility":["visible"],"_shopify_product_id":["9102417920245"],"_s2w_shopify_domain":["ferberpainting.myshopify.com"],"_shopify_variant_id":["46616226332917"],"_sku":[""],"_manage_stock":["no"],"total_sales":["1"],"_tax_status":["taxable"],"_tax_class":[""],"_backorders":["no"],"_sold_individually":["no"],"_virtual":["no"],"_downloadable":["no"],"_download_limit":["-1"],"_download_expiry":["-1"],"_stock":[null],"_stock_status":["instock"],"_wc_average_rating":["5.00"],"_wc_review_count":["35"],"_product_attributes":["a:1:{s:6:\"volume\";a:6:{s:4:\"name\";s:6:\"Volume\";s:5:\"value\";s:20:\"5 liters | 25 liters\";s:8:\"position\";i:1;s:10:\"is_visible\";i:0;s:12:\"is_variation\";i:1;s:11:\"is_taxonomy\";i:0;}}"],"_product_version":["10.5.1"],"wpse_downloadable_file_names":[""],"wpse_downloadable_file_urls":[""],"_edit_last":["1"],"_default_attributes":["a:1:{s:6:\"volume\";s:8:\"5 liters\";}"],"_edit_lock":["1771181027:1"],"_price":["29.90","129.90"],"merchant-center-availability":["yes"],"merchant-center-category":["4973"],"_thumbnail_id":["36226"],"_wp_page_template":["default"],"_wp_old_date":["2025-05-26"],"_product_image_gallery":["36227"],"site-sidebar-layout":["default"],"ast-site-content-layout":["default"],"site-content-style":["default"],"site-sidebar-style":["default"],"theme-transparent-header-meta":["default"],"_wc_rating_count":["a:1:{i:5;i:35;}"],"astra-migrate-meta-layouts":["set"],"_uag_css_file_name":["uag-css-23752.css"],"_elementor_page_assets":["a:0:{}"],"_uag_page_assets":["a:9:{s:3:\"css\";s:7133:\".uag-blocks-common-selector{z-index:var(--z-index-desktop) !important}@media(max-width: 976px){.uag-blocks-common-selector{z-index:var(--z-index-tablet) !important}}@media(max-width: 767px){.uag-blocks-common-selector{z-index:var(--z-index-mobile) !important}}.wp-block-uagb-image{display:flex}.wp-block-uagb-image__figure{position:relative;display:flex;flex-direction:column;max-width:100%;height:auto;margin:0}.wp-block-uagb-image__figure img{height:auto;display:flex;max-width:100%;transition:box-shadow .2s ease}.wp-block-uagb-image__figure>a{display:inline-block}.wp-block-uagb-image__figure figcaption{text-align:center;margin-top:.5em;margin-bottom:1em}.wp-block-uagb-image .components-placeholder.block-editor-media-placeholder .components-placeholder__instructions{align-self:center}.wp-block-uagb-image--align-left{text-align:left}.wp-block-uagb-image--align-right{text-align:right}.wp-block-uagb-image--align-center{text-align:center}.wp-block-uagb-image--align-full .wp-block-uagb-image__figure{margin-left:calc(50% - 50vw);margin-right:calc(50% - 50vw);max-width:100vw;width:100vw;height:auto}.wp-block-uagb-image--align-full .wp-block-uagb-image__figure img{height:auto;width:100% !important}.wp-block-uagb-image--align-wide .wp-block-uagb-image__figure img{height:auto;width:100%}.wp-block-uagb-image--layout-overlay__color-wrapper{position:absolute;left:0;top:0;right:0;bottom:0;opacity:.2;background:rgba(0,0,0,.5);transition:opacity .35s ease-in-out}.wp-block-uagb-image--layout-overlay-link{position:absolute;left:0;right:0;bottom:0;top:0}.wp-block-uagb-image--layout-overlay .wp-block-uagb-image__figure:hover .wp-block-uagb-image--layout-overlay__color-wrapper{opacity:1}.wp-block-uagb-image--layout-overlay__inner{position:absolute;left:15px;right:15px;bottom:15px;top:15px;display:flex;align-items:center;justify-content:center;flex-direction:column;border-color:#fff;transition:.35s ease-in-out}.wp-block-uagb-image--layout-overlay__inner.top-left,.wp-block-uagb-image--layout-overlay__inner.top-center,.wp-block-uagb-image--layout-overlay__inner.top-right{justify-content:flex-start}.wp-block-uagb-image--layout-overlay__inner.bottom-left,.wp-block-uagb-image--layout-overlay__inner.bottom-center,.wp-block-uagb-image--layout-overlay__inner.bottom-right{justify-content:flex-end}.wp-block-uagb-image--layout-overlay__inner.top-left,.wp-block-uagb-image--layout-overlay__inner.center-left,.wp-block-uagb-image--layout-overlay__inner.bottom-left{align-items:flex-start}.wp-block-uagb-image--layout-overlay__inner.top-right,.wp-block-uagb-image--layout-overlay__inner.center-right,.wp-block-uagb-image--layout-overlay__inner.bottom-right{align-items:flex-end}.wp-block-uagb-image--layout-overlay__inner .uagb-image-heading{color:#fff;transition:transform .35s,opacity .35s ease-in-out;transform:translate3d(0, 24px, 0);margin:0;line-height:1em}.wp-block-uagb-image--layout-overlay__inner .uagb-image-separator{width:30%;border-top-width:2px;border-top-color:#fff;border-top-style:solid;margin-bottom:10px;opacity:0;transition:transform .4s,opacity .4s ease-in-out;transform:translate3d(0, 30px, 0)}.wp-block-uagb-image--layout-overlay__inner .uagb-image-caption{opacity:0;overflow:visible;color:#fff;transition:transform .45s,opacity .45s ease-in-out;transform:translate3d(0, 35px, 0)}.wp-block-uagb-image--layout-overlay__inner:hover .uagb-image-heading,.wp-block-uagb-image--layout-overlay__inner:hover .uagb-image-separator,.wp-block-uagb-image--layout-overlay__inner:hover .uagb-image-caption{opacity:1;transform:translate3d(0, 0, 0)}.wp-block-uagb-image--effect-zoomin .wp-block-uagb-image__figure img,.wp-block-uagb-image--effect-zoomin .wp-block-uagb-image__figure .wp-block-uagb-image--layout-overlay__color-wrapper{transform:scale(1);transition:transform .35s ease-in-out}.wp-block-uagb-image--effect-zoomin .wp-block-uagb-image__figure:hover img,.wp-block-uagb-image--effect-zoomin .wp-block-uagb-image__figure:hover .wp-block-uagb-image--layout-overlay__color-wrapper{transform:scale(1.05)}.wp-block-uagb-image--effect-slide .wp-block-uagb-image__figure img,.wp-block-uagb-image--effect-slide .wp-block-uagb-image__figure .wp-block-uagb-image--layout-overlay__color-wrapper{width:calc(100% + 40px) !important;max-width:none !important;transform:translate3d(-40px, 0, 0);transition:transform .35s ease-in-out}.wp-block-uagb-image--effect-slide .wp-block-uagb-image__figure:hover img,.wp-block-uagb-image--effect-slide .wp-block-uagb-image__figure:hover .wp-block-uagb-image--layout-overlay__color-wrapper{transform:translate3d(0, 0, 0)}.wp-block-uagb-image--effect-grayscale img{filter:grayscale(0%);transition:.35s ease-in-out}.wp-block-uagb-image--effect-grayscale:hover img{filter:grayscale(100%)}.wp-block-uagb-image--effect-blur img{filter:blur(0);transition:.35s ease-in-out}.wp-block-uagb-image--effect-blur:hover img{filter:blur(3px)}.uagb-block-e6f939b3.wp-block-uagb-image--layout-default figure img{box-shadow: 0px 0px 0 #00000070;}.uagb-block-e6f939b3.wp-block-uagb-image .wp-block-uagb-image__figure figcaption{font-style: normal;align-self: center;}.uagb-block-e6f939b3.wp-block-uagb-image--layout-overlay figure img{box-shadow: 0px 0px 0 #00000070;}.uagb-block-e6f939b3.wp-block-uagb-image--layout-overlay .wp-block-uagb-image--layout-overlay__color-wrapper{opacity: 0.2;}.uagb-block-e6f939b3.wp-block-uagb-image--layout-overlay .wp-block-uagb-image--layout-overlay__inner{left: 15px;right: 15px;top: 15px;bottom: 15px;}.uagb-block-e6f939b3.wp-block-uagb-image--layout-overlay .wp-block-uagb-image--layout-overlay__inner .uagb-image-heading{font-style: normal;color: #fff;opacity: 1;}.uagb-block-e6f939b3.wp-block-uagb-image--layout-overlay .wp-block-uagb-image--layout-overlay__inner .uagb-image-heading a{color: #fff;}.uagb-block-e6f939b3.wp-block-uagb-image--layout-overlay .wp-block-uagb-image--layout-overlay__inner .uagb-image-caption{opacity: 0;}.uagb-block-e6f939b3.wp-block-uagb-image--layout-overlay .wp-block-uagb-image__figure:hover .wp-block-uagb-image--layout-overlay__color-wrapper{opacity: 1;}.uagb-block-e6f939b3.wp-block-uagb-image .wp-block-uagb-image--layout-overlay__inner .uagb-image-separator{width: 30%;border-top-width: 2px;border-top-color: #fff;opacity: 0;}.uagb-block-e6f939b3.wp-block-uagb-image .wp-block-uagb-image__figure img{width: px;height: auto;}.uagb-block-e6f939b3.wp-block-uagb-image .wp-block-uagb-image__figure:hover .wp-block-uagb-image--layout-overlay__inner .uagb-image-caption{opacity: 1;}.uagb-block-e6f939b3.wp-block-uagb-image .wp-block-uagb-image__figure:hover .wp-block-uagb-image--layout-overlay__inner .uagb-image-separator{opacity: 1;}.uagb-block-e6f939b3.wp-block-uagb-image--layout-default figure:hover img{box-shadow: 0px 0px 0 #00000070;}.uagb-block-e6f939b3.wp-block-uagb-image--layout-overlay figure:hover img{box-shadow: 0px 0px 0 #00000070;}@media only screen and (max-width: 976px) {.uagb-block-e6f939b3.wp-block-uagb-image .wp-block-uagb-image__figure img{width: px;height: auto;}}@media only screen and (max-width: 767px) {.uagb-block-e6f939b3.wp-block-uagb-image .wp-block-uagb-image__figure img{width: px;height: auto;}}\";s:2:\"js\";s:0:\"\";s:18:\"current_block_list\";a:13:{i:0;s:11:\"core\/search\";i:1;s:10:\"core\/group\";i:2;s:12:\"core\/heading\";i:3;s:17:\"core\/latest-posts\";i:4;s:20:\"core\/latest-comments\";i:5;s:13:\"core\/archives\";i:6;s:15:\"core\/categories\";i:7;s:14:\"core\/paragraph\";i:8;s:10:\"uagb\/image\";i:9;s:11:\"core\/spacer\";i:10;s:30:\"woocommerce\/product-categories\";i:11;s:10:\"core\/image\";i:12;s:14:\"core\/shortcode\";}s:8:\"uag_flag\";b:1;s:11:\"uag_version\";s:10:\"1777228612\";s:6:\"gfonts\";a:0:{}s:10:\"gfonts_url\";s:0:\"\";s:12:\"gfonts_files\";a:0:{}s:14:\"uag_faq_layout\";b:0;}"]},"uagb_featured_image_src":{"full":["https:\/\/www.ferberpainting.com\/wp-content\/uploads\/2025\/05\/Iron-Soleplate-Cleaner-5L-.png",2560,2560,false],"thumbnail":["https:\/\/www.ferberpainting.com\/wp-content\/uploads\/2025\/05\/Iron-Soleplate-Cleaner-5L--150x150.png",150,150,true],"medium":["https:\/\/www.ferberpainting.com\/wp-content\/uploads\/2025\/05\/Iron-Soleplate-Cleaner-5L--300x300.png",300,300,true],"medium_large":["https:\/\/www.ferberpainting.com\/wp-content\/uploads\/2025\/05\/Iron-Soleplate-Cleaner-5L--768x768.png",768,768,true],"large":["https:\/\/www.ferberpainting.com\/wp-content\/uploads\/2025\/05\/Iron-Soleplate-Cleaner-5L--1024x1024.png",1024,1024,true],"1536x1536":["https:\/\/www.ferberpainting.com\/wp-content\/uploads\/2025\/05\/Iron-Soleplate-Cleaner-5L--1536x1536.png",1536,1536,true],"2048x2048":["https:\/\/www.ferberpainting.com\/wp-content\/uploads\/2025\/05\/Iron-Soleplate-Cleaner-5L--2048x2048.png",2048,2048,true],"trp-custom-language-flag":["https:\/\/www.ferberpainting.com\/wp-content\/uploads\/2025\/05\/Iron-Soleplate-Cleaner-5L--12x12.png",12,12,true],"woocommerce_thumbnail":["https:\/\/www.ferberpainting.com\/wp-content\/uploads\/2025\/05\/Iron-Soleplate-Cleaner-5L--300x300.png",300,300,true],"woocommerce_single":["https:\/\/www.ferberpainting.com\/wp-content\/uploads\/2025\/05\/Iron-Soleplate-Cleaner-5L--600x600.png",600,600,true],"woocommerce_gallery_thumbnail":["https:\/\/www.ferberpainting.com\/wp-content\/uploads\/2025\/05\/Iron-Soleplate-Cleaner-5L--100x100.png",100,100,true]},"uagb_author_info":{"display_name":"admin","author_link":"https:\/\/www.ferberpainting.com\/hu\/author\/"},"uagb_comment_info":35,"uagb_excerpt":"Optimal Effectiveness.\u00a0This iron cleaner is specially designed to effectively remove limescale, burnt fabric residues, rust marks, and other buildup on the iron\u2019s soleplate. It works deep down to restore the perfect glide of the appliance and prevent marks on clothes. Its powerful formula dissolves impurities without damaging the surface, ensuring smooth, snag-free ironing. Money-back guarantee.\u00a0We&hellip;","_links":{"self":[{"href":"https:\/\/www.ferberpainting.com\/hu\/wp-json\/wp\/v2\/product\/23752","targetHints":{"allow":["GET"]}}],"collection":[{"href":"https:\/\/www.ferberpainting.com\/hu\/wp-json\/wp\/v2\/product"}],"about":[{"href":"https:\/\/www.ferberpainting.com\/hu\/wp-json\/wp\/v2\/types\/product"}],"replies":[{"embeddable":true,"href":"https:\/\/www.ferberpainting.com\/hu\/wp-json\/wp\/v2\/comments?post=23752"}],"version-history":[{"count":4,"href":"https:\/\/www.ferberpainting.com\/hu\/wp-json\/wp\/v2\/product\/23752\/revisions"}],"predecessor-version":[{"id":166418,"href":"https:\/\/www.ferberpainting.com\/hu\/wp-json\/wp\/v2\/product\/23752\/revisions\/166418"}],"wp:featuredmedia":[{"embeddable":true,"href":"https:\/\/www.ferberpainting.com\/hu\/wp-json\/wp\/v2\/media\/36226"}],"wp:attachment":[{"href":"https:\/\/www.ferberpainting.com\/hu\/wp-json\/wp\/v2\/media?parent=23752"}],"wp:term":[{"taxonomy":"product_brand","embeddable":true,"href":"https:\/\/www.ferberpainting.com\/hu\/wp-json\/wp\/v2\/product_brand?post=23752"},{"taxonomy":"product_cat","embeddable":true,"href":"https:\/\/www.ferberpainting.com\/hu\/wp-json\/wp\/v2\/product_cat?post=23752"},{"taxonomy":"product_tag","embeddable":true,"href":"https:\/\/www.ferberpainting.com\/hu\/wp-json\/wp\/v2\/product_tag?post=23752"}],"curies":[{"name":"wp","href":"https:\/\/api.w.org\/{rel}","templated":true}]}}