{"id":23544,"date":"2025-05-26T10:24:42","date_gmt":"2025-05-26T08:24:42","guid":{"rendered":"https:\/\/www.ferberpainting.com\/products\/hydroponic-fertilizer\/"},"modified":"2026-02-15T19:36:25","modified_gmt":"2026-02-15T18:36:25","slug":"hydroponic-fertilizer","status":"publish","type":"product","link":"https:\/\/www.ferberpainting.com\/hu\/products\/hydroponic-fertilizer\/","title":{"rendered":"Hidroponikus m\u0171tr\u00e1gya"},"content":{"rendered":"<p><strong><img decoding=\"async\" style=\"margin-right: 12px;\" src=\"https:\/\/www.ferberpainting.com\/wp-content\/uploads\/2026\/02\/Check.svg\" alt=\"\" width=\"18\" height=\"15\" \/>Kifejezetten talaj n\u00e9lk\u00fcli \u00e9s hidroponikus termeszt\u00e9shez kifejlesztett m\u0171tr\u00e1gya.<\/strong>\u00a0A hidroponikus termeszt\u00e9s a prec\u00edz t\u00e1panyag-ut\u00e1np\u00f3tl\u00e1sra t\u00e1maszkodik, amely lehet\u0151v\u00e9 teszi a n\u00f6v\u00e9nyek sz\u00e1m\u00e1ra, hogy talaj n\u00e9lk\u00fcl n\u00f6vekedjenek, kiz\u00e1r\u00f3lag egy szem\u00e9lyre szabott t\u00e1poldat felsz\u00edv\u00e1s\u00e1val. Ezt az NPK 15-15-15 m\u0171tr\u00e1gy\u00e1t kifejezetten a hidroponikus n\u00f6v\u00e9nyek ig\u00e9nyeinek kiel\u00e9g\u00edt\u00e9s\u00e9re \u00e1ll\u00edtott\u00e1k \u00f6ssze, kiegyens\u00falyozott nitrog\u00e9n (N) ell\u00e1t\u00e1st biztos\u00edtva az er\u0151teljes vegetat\u00edv n\u00f6veked\u00e9s el\u0151seg\u00edt\u00e9se \u00e9rdek\u00e9ben, foszfort (P) a hat\u00e9kony gy\u00f6keresed\u00e9s \u00e9rdek\u00e9ben, valamint k\u00e1liumot (K) a n\u00f6v\u00e9nyek ellen\u00e1ll\u00f3 k\u00e9pess\u00e9g\u00e9nek \u00e9s termel\u00e9kenys\u00e9g\u00e9nek jav\u00edt\u00e1sa \u00e9rdek\u00e9ben. Teljesen v\u00edzben old\u00f3d\u00f3 foly\u00e9kony formul\u00e1j\u00e1nak k\u00f6sz\u00f6nhet\u0151en optim\u00e1lis t\u00e1panyagfelv\u00e9telt \u00e9s gyors, egyenletes n\u00f6v\u00e9nyfejl\u0151d\u00e9st biztos\u00edt, a maradv\u00e1nyok felhalmoz\u00f3d\u00e1s\u00e1nak kock\u00e1zata n\u00e9lk\u00fcl.<\/p>\n<p><strong><img decoding=\"async\" style=\"margin-right: 12px;\" src=\"https:\/\/www.ferberpainting.com\/wp-content\/uploads\/2026\/02\/Check.svg\" alt=\"\" width=\"18\" height=\"15\" \/>P\u00e9nzvisszafizet\u00e9si garancia.<\/strong>\u00a0Annyira biztosak vagyunk hidroponikus m\u0171tr\u00e1gy\u00e1nk hat\u00e9konys\u00e1g\u00e1ban, hogy p\u00e9nzvisszafizet\u00e9si garanci\u00e1t v\u00e1llalunk. Ha az aj\u00e1nl\u00e1soknak megfelel\u0151 haszn\u00e1lat ut\u00e1n hidroponikus n\u00f6v\u00e9nyei nem mutatnak javul\u00e1st a n\u00f6veked\u00e9s, a vir\u00e1gz\u00e1s vagy a term\u00e9shozam ter\u00e9n, \u00edg\u00e9rj\u00fck, hogy teljes m\u00e9rt\u00e9kben visszat\u00e9r\u00edtj\u00fck az \u00e1r\u00e1t. Ez a garancia lehet\u0151v\u00e9 teszi, hogy teljes lelki nyugalommal v\u00e1s\u00e1rolja meg ezt a term\u00e9ket.<\/p>\n<p><strong><img decoding=\"async\" style=\"margin-right: 12px;\" src=\"https:\/\/www.ferberpainting.com\/wp-content\/uploads\/2026\/02\/Check.svg\" alt=\"\" width=\"18\" height=\"15\" \/>Alkalmas minden n\u00f6v\u00e9nyt\u00edpushoz \u00e9s hidroponikus rendszerhez.<\/strong>\u00a0Ez a m\u0171tr\u00e1gya alkalmas minden hidroponikus kult\u00far\u00e1hoz, legyen sz\u00f3 leveles z\u00f6lds\u00e9gekr\u0151l (sal\u00e1ta, spen\u00f3t, bazsalikom), gy\u00fcm\u00f6lcs\u00f6s\u00f6kr\u0151l (paradicsom, paprika, eper), vir\u00e1gokr\u00f3l vagy ak\u00e1r hidroponikusan termesztett szoban\u00f6v\u00e9nyekr\u0151l. Minden hidrokult\u00far\u00e1s rendszerrel kompatibilis, bele\u00e9rtve a folyamatos \u00e1raml\u00e1s\u00fa rendszereket, az NFT (Nutrient Film Technique), a DWC (Deep Water Culture), az aeroponik\u00e1t \u00e9s az akvaponik\u00e1t. Inert szubsztr\u00e1tumon (k\u0151zetgyapot, agyagkavics, k\u00f3kusz) termesztett n\u00f6v\u00e9nyek eset\u00e9ben is m\u0171k\u00f6dik, biztos\u00edtva a teljes \u00e9s hat\u00e9kony tr\u00e1gy\u00e1z\u00e1st.<\/p>\n<p><strong><img decoding=\"async\" style=\"margin-right: 12px;\" src=\"https:\/\/www.ferberpainting.com\/wp-content\/uploads\/2026\/02\/Check.svg\" alt=\"\" width=\"18\" height=\"15\" \/>Gazdas\u00e1gi hozam \u00e9s optimaliz\u00e1lt tr\u00e1gy\u00e1z\u00e1s.<\/strong>\u00a0Koncentr\u00e1lt foly\u00e9kony formul\u00e1j\u00e1nak k\u00f6sz\u00f6nhet\u0151en egy 5 literes tart\u00e1ly ak\u00e1r 1000 liter t\u00e1poldatot is el\u0151\u00e1ll\u00edt, \u00edgy hosszan tart\u00f3 \u00e9s gazdas\u00e1gos tr\u00e1gy\u00e1z\u00e1st biztos\u00edt. A literenk\u00e9nt 5 ml-es adagol\u00e1ssal teljes n\u00f6v\u00e9nyt\u00e1pl\u00e1l\u00e1st biztos\u00edt felesleg \u00e9s kimos\u00f3d\u00e1s n\u00e9lk\u00fcl, lehet\u0151v\u00e9 t\u00e9ve az er\u0151forr\u00e1sok optim\u00e1lis kezel\u00e9s\u00e9t \u00e9s a termel\u0151k sz\u00e1m\u00e1ra a nagyobb j\u00f6vedelmez\u0151s\u00e9get.<\/p>\n<p><strong><img decoding=\"async\" style=\"margin-right: 12px;\" src=\"https:\/\/www.ferberpainting.com\/wp-content\/uploads\/2026\/02\/Check.svg\" alt=\"\" width=\"18\" height=\"15\" \/>Biztons\u00e1gos m\u0171tr\u00e1gya, amely nem jelent kock\u00e1zatot a n\u00f6v\u00e9nyekre.<\/strong>\u00a0A szil\u00e1rd m\u0171tr\u00e1gy\u00e1kkal ellent\u00e9tben, amelyek lerak\u00f3d\u00e1sokat \u00e9s nem k\u00edv\u00e1nt felhalmoz\u00f3d\u00e1sokat okozhatnak, ez a m\u0171tr\u00e1gya teljesen v\u00edzoldhat\u00f3, \u00edgy a hidrokult\u00far\u00e1s rendszerekben z\u00f6kken\u0151mentes t\u00e1panyag\u00e1raml\u00e1st biztos\u00edt a szivatty\u00fa vagy a cs\u00f6vek elt\u00f6m\u0151d\u00e9s\u00e9nek kock\u00e1zata n\u00e9lk\u00fcl. Neh\u00e9zf\u00e9mekt\u0151l, m\u00e9rgez\u0151 adal\u00e9kanyagokt\u00f3l \u00e9s olyan \u00f6sszetev\u0151kt\u0151l mentes, amelyek kibillenthetik a t\u00e1poldat egyens\u00faly\u00e1t, \u00edgy biztos\u00edtva a biztons\u00e1gos \u00e9s hat\u00e9kony tr\u00e1gy\u00e1z\u00e1st.<\/p>\n<p><strong><img decoding=\"async\" style=\"margin-right: 12px;\" src=\"https:\/\/www.ferberpainting.com\/wp-content\/uploads\/2026\/02\/Check.svg\" alt=\"\" width=\"18\" height=\"15\" \/>K\u00f6nnyen alkalmazhat\u00f3 \u00e9s egyszer\u0171en haszn\u00e1lhat\u00f3.<\/strong>\u00a0A hagyom\u00e1nyos m\u0171tr\u00e1gy\u00e1kkal ellent\u00e9tben, amelyek \u00f6sszetett kever\u00e9ket ig\u00e9nyelnek, ez a m\u0171tr\u00e1gya gyorsan felold\u00f3dik a v\u00edzben, \u00e9s k\u00f6zvetlen\u00fcl a hidrokult\u00far\u00e1s tart\u00e1lyba integr\u00e1l\u00f3dik, biztos\u00edtva a t\u00e1panyagok egyenletes diff\u00fazi\u00f3j\u00e1t k\u00fcl\u00f6n\u00f6sebb er\u0151fesz\u00edt\u00e9s n\u00e9lk\u00fcl. Kezd\u0151k \u00e9s tapasztalt termeszt\u0151k sz\u00e1m\u00e1ra egyar\u00e1nt ide\u00e1lis, mivel egyszer\u0171, gyors \u00e9s hat\u00e9kony tr\u00e1gy\u00e1z\u00e1si m\u00f3dszert k\u00edn\u00e1l.<\/p>\n<p><strong><img decoding=\"async\" style=\"margin-right: 12px;\" src=\"https:\/\/www.ferberpainting.com\/wp-content\/uploads\/2026\/02\/Check.svg\" alt=\"\" width=\"18\" height=\"15\" \/>Hosszan tart\u00f3 hat\u00e1s a gyors\u00edtott n\u00f6veked\u00e9s\u00e9rt \u00e9s az optimaliz\u00e1lt termel\u00e9s\u00e9rt.<\/strong>\u00a0Kiegyens\u00falyozott \u00f6sszet\u00e9tel\u00e9nek \u00e9s t\u00f6k\u00e9letes oldhat\u00f3s\u00e1g\u00e1nak k\u00f6sz\u00f6nhet\u0151en ez a m\u0171tr\u00e1gya biztos\u00edtja a t\u00e1panyagok azonnali felszabadul\u00e1s\u00e1t, el\u0151seg\u00edtve a gyors gy\u00f6k\u00e9rfejl\u0151d\u00e9st, az er\u0151teljes vegetat\u00edv n\u00f6veked\u00e9st \u00e9s a b\u0151s\u00e9ges vir\u00e1gz\u00e1st. Emellett fokozza a n\u00f6v\u00e9nyek v\u00edz- \u00e9s alapvet\u0151 t\u00e1panyagfelvev\u0151 k\u00e9pess\u00e9g\u00e9t, ez\u00e1ltal jav\u00edtja a n\u00f6v\u00e9nyek ellen\u00e1ll\u00f3 k\u00e9pess\u00e9g\u00e9t a hidrokult\u00far\u00e1s rendszer pH-ingadoz\u00e1saival \u00e9s ingadoz\u00e1saival szemben.<\/p>\n<p><strong><img decoding=\"async\" style=\"margin-right: 12px;\" src=\"https:\/\/www.ferberpainting.com\/wp-content\/uploads\/2026\/02\/Check.svg\" alt=\"\" width=\"18\" height=\"15\" \/>L\u00e1that\u00f3 eredm\u00e9nyek az els\u0151 n\u00e9h\u00e1ny h\u00e9ten bel\u00fcl.<\/strong>\u00a0Ez a m\u0171tr\u00e1gya m\u00e1r az els\u0151 alkalmaz\u00e1st\u00f3l kezdve serkenti az \u00faj hajt\u00e1sok k\u00e9pz\u0151d\u00e9s\u00e9t, jav\u00edtja a gy\u00f6keresed\u00e9st \u00e9s el\u0151seg\u00edti az egyenletes n\u00f6veked\u00e9st. Alig n\u00e9h\u00e1ny h\u00e9t alatt a n\u00f6v\u00e9nyek d\u00fas lombozatot, er\u0151s sz\u00e1rakat, valamint fokozott vir\u00e1g- \u00e9s gy\u00fcm\u00f6lcsterm\u00e9st mutatnak.<\/p>\n<h2><strong>Haszn\u00e1lati protokoll<\/strong><\/h2>\n<p><strong>M\u0171tr\u00e1gya h\u00edg\u00edt\u00e1sa <\/strong>: Keverjen \u00f6ssze 5 ml m\u0171tr\u00e1gy\u00e1t 1 liter v\u00edzhez. Minden egyes kijuttat\u00e1s el\u0151tt j\u00f3l r\u00e1zza fel az oldatot a t\u00e1panyagok egyenletes eloszl\u00e1s\u00e1nak biztos\u00edt\u00e1sa \u00e9rdek\u00e9ben.<strong><br \/>\nAlkalmaz\u00e1si m\u00f3dszer <\/strong>:<\/p>\n<ul>\n<li><strong>Hidroponikus rendszerben <\/strong>: Adja a h\u00edg\u00edtott oldatot k\u00f6zvetlen\u00fcl a hidrokult\u00far\u00e1s rendszer tart\u00e1ly\u00e1ba, \u00fcgyelve a t\u00e1panyagok egyenletes kering\u00e9s\u00e9re.<\/li>\n<li><strong>Lombpermetez\u00e9s (nem k\u00f6telez\u0151) <\/strong>: A tov\u00e1bbi felsz\u00edv\u00f3d\u00e1s \u00e9rdek\u00e9ben enyh\u00e9n permetezze az oldatot a levelekre, a p\u00e1rolg\u00e1s korl\u00e1toz\u00e1sa \u00e9rdek\u00e9ben ker\u00fclje a nagy melegben t\u00f6lt\u00f6tt \u00f3r\u00e1kat.<\/li>\n<\/ul>\n<p><strong>Alkalmaz\u00e1si gyakoris\u00e1g <\/strong>:<\/p>\n<ul>\n<li><strong>N\u00f6v\u00e9nyek termeszt\u00e9s\u00e9hez <\/strong>: A lombozat \u00e9s a gy\u00f6kerek gyors \u00e9s eg\u00e9szs\u00e9ges fejl\u0151d\u00e9se \u00e9rdek\u00e9ben hetente alkalmazza a m\u0171tr\u00e1gy\u00e1t.<\/li>\n<li><strong>Vir\u00e1gz\u00f3 \u00e9s term\u0151 n\u00f6v\u00e9nyekhez <\/strong>: A vir\u00e1g- \u00e9s gy\u00fcm\u00f6lcsterm\u00e9s optimaliz\u00e1l\u00e1sa \u00e9rdek\u00e9ben 10-15 naponk\u00e9nt alkalmazza a m\u0171tr\u00e1gy\u00e1t a megfelel\u0151 t\u00e1panyag-egyens\u00faly fenntart\u00e1s\u00e1val.<\/li>\n<\/ul>\n<p><strong>pH-ellen\u0151rz\u00e9s \u00e9s -be\u00e1ll\u00edt\u00e1s <\/strong>: A m\u0171tr\u00e1gya hozz\u00e1ad\u00e1sa ut\u00e1n ellen\u0151rizze \u00e9s \u00e1ll\u00edtsa be a t\u00e1poldat pH-\u00e9rt\u00e9k\u00e9t, hogy az a hidroponikus termeszt\u00e9shez optim\u00e1lis tartom\u00e1nyban maradjon (\u00e1ltal\u00e1ban 5,5 \u00e9s 6,5 k\u00f6z\u00f6tt, a n\u00f6v\u00e9nyekt\u0151l f\u00fcgg\u0151en).<\/p>\n<p><strong>Karbantart\u00e1s \u00e9s fel\u00fcgyelet <\/strong>: Rendszeresen tiszt\u00edtsa meg a szivatty\u00fakat \u00e9s a cs\u00f6veket, hogy elker\u00fclje a maradv\u00e1nyok felhalmoz\u00f3d\u00e1s\u00e1t \u00e9s biztos\u00edtsa a hidrokult\u00far\u00e1s rendszer megfelel\u0151 m\u0171k\u00f6d\u00e9s\u00e9t.<\/p>\n<p><strong>Haszn\u00e1lati \u00f3vint\u00e9zked\u00e9sek <\/strong>: Ne adagolja t\u00fal a m\u0171tr\u00e1gy\u00e1t, hogy elker\u00fclje az oldatban l\u00e9v\u0151 \u00e1sv\u00e1nyi s\u00f3k felesleges mennyis\u00e9g\u00e9t, amely k\u00e1ros\u00edthatja a n\u00f6v\u00e9nyek gy\u00f6kereit. A term\u00e9ket sz\u00e1raz \u00e9s m\u00e9rs\u00e9kelt h\u0151m\u00e9rs\u00e9klet\u0171, k\u00f6zvetlen f\u00e9nyt\u0151l \u00e9s nedvess\u00e9gt\u0151l v\u00e9dett helyen t\u00e1rolja.<\/p>\n<p><strong>T\u00e1rol\u00e1s \u00e9s meg\u0151rz\u00e9s <\/strong>: A m\u0171tr\u00e1gy\u00e1t h\u0171v\u00f6s \u00e9s sz\u00e1raz helyen t\u00e1rolja, \u00e9s minden haszn\u00e1lat ut\u00e1n szorosan z\u00e1rja le a tart\u00e1lyt, hogy meg\u0151rizze min\u0151s\u00e9g\u00e9t \u00e9s megakad\u00e1lyozza a p\u00e1rolg\u00e1st.<\/p>","protected":false},"excerpt":{"rendered":"<p>A fertilizer specially designed for soilless and hydroponic cultivation.\u00a0Hydroponic cultivation relies on precise nutrient feeding, allowing plants to grow without soil by exclusively absorbing a tailored nutrient solution. This NPK 15-15-15 fertilizer has been specially formulated to meet the needs of hydroponic crops by providing a balanced supply of nitrogen (N) to promote vigorous vegetative [&hellip;]<\/p>\n","protected":false},"featured_media":26034,"comment_status":"open","ping_status":"closed","template":"","meta":{"_uag_custom_page_level_css":"","site-sidebar-layout":"default","site-content-layout":"","ast-site-content-layout":"default","site-content-style":"default","site-sidebar-style":"default","ast-global-header-display":"","ast-banner-title-visibility":"","ast-main-header-display":"","ast-hfb-above-header-display":"","ast-hfb-below-header-display":"","ast-hfb-mobile-header-display":"","site-post-title":"","ast-breadcrumbs-content":"","ast-featured-img":"","footer-sml-layout":"","ast-disable-related-posts":"","theme-transparent-header-meta":"default","adv-header-id-meta":"","stick-header-meta":"","header-above-stick-meta":"","header-main-stick-meta":"","header-below-stick-meta":"","astra-migrate-meta-layouts":"set","ast-page-background-enabled":"default","ast-page-background-meta":{"desktop":{"background-color":"var(--ast-global-color-4)","background-image":"","background-repeat":"repeat","background-position":"center center","background-size":"auto","background-attachment":"scroll","background-type":"","background-media":"","overlay-type":"","overlay-color":"","overlay-opacity":"","overlay-gradient":""},"tablet":{"background-color":"","background-image":"","background-repeat":"repeat","background-position":"center center","background-size":"auto","background-attachment":"scroll","background-type":"","background-media":"","overlay-type":"","overlay-color":"","overlay-opacity":"","overlay-gradient":""},"mobile":{"background-color":"","background-image":"","background-repeat":"repeat","background-position":"center center","background-size":"auto","background-attachment":"scroll","background-type":"","background-media":"","overlay-type":"","overlay-color":"","overlay-opacity":"","overlay-gradient":""}},"ast-content-background-meta":{"desktop":{"background-color":"var(--ast-global-color-5)","background-image":"","background-repeat":"repeat","background-position":"center center","background-size":"auto","background-attachment":"scroll","background-type":"","background-media":"","overlay-type":"","overlay-color":"","overlay-opacity":"","overlay-gradient":""},"tablet":{"background-color":"var(--ast-global-color-5)","background-image":"","background-repeat":"repeat","background-position":"center center","background-size":"auto","background-attachment":"scroll","background-type":"","background-media":"","overlay-type":"","overlay-color":"","overlay-opacity":"","overlay-gradient":""},"mobile":{"background-color":"var(--ast-global-color-5)","background-image":"","background-repeat":"repeat","background-position":"center center","background-size":"auto","background-attachment":"scroll","background-type":"","background-media":"","overlay-type":"","overlay-color":"","overlay-opacity":"","overlay-gradient":""}}},"product_brand":[],"product_cat":[178],"product_tag":[],"class_list":{"0":"post-23544","1":"product","2":"type-product","3":"status-publish","4":"has-post-thumbnail","6":"product_cat-fertilizers","7":"desktop-align-left","8":"tablet-align-left","9":"mobile-align-left","11":"first","12":"instock","13":"sale","14":"taxable","15":"shipping-taxable","16":"purchasable","17":"product-type-variable","18":"has-default-attributes"},"spectra_custom_meta":{"_visibility":["visible"],"_shopify_product_id":["9067586420981"],"_s2w_shopify_domain":["ferberpainting.myshopify.com"],"_shopify_variant_id":["46507982192885"],"_sku":[""],"_manage_stock":["no"],"total_sales":["164"],"_tax_status":["taxable"],"_tax_class":[""],"_backorders":["no"],"_sold_individually":["no"],"_virtual":["no"],"_downloadable":["no"],"_download_limit":["-1"],"_download_expiry":["-1"],"_stock":[null],"_stock_status":["instock"],"_wc_average_rating":["4.57"],"_wc_review_count":["7"],"_product_attributes":["a:1:{s:6:\"volume\";a:6:{s:4:\"name\";s:6:\"Volume\";s:5:\"value\";s:20:\"5 liters | 25 liters\";s:8:\"position\";i:1;s:10:\"is_visible\";i:0;s:12:\"is_variation\";i:1;s:11:\"is_taxonomy\";i:0;}}"],"_product_version":["10.5.1"],"_thumbnail_id":["26034"],"_product_image_gallery":["26035"],"wpse_downloadable_file_names":[""],"wpse_downloadable_file_urls":[""],"_edit_last":["1"],"_default_attributes":["a:1:{s:6:\"volume\";s:8:\"5 liters\";}"],"_edit_lock":["1771180448:1"],"_price":["29.90","129.90"],"merchant-center-availability":["yes"],"merchant-center-category":["113"],"_wp_page_template":["default"],"site-sidebar-layout":["default"],"ast-site-content-layout":["default"],"site-content-style":["default"],"site-sidebar-style":["default"],"theme-transparent-header-meta":["default"],"_wc_rating_count":["a:2:{i:4;i:3;i:5;i:4;}"],"astra-migrate-meta-layouts":["set"],"_uag_css_file_name":["uag-css-23544.css"],"_elementor_page_assets":["a:0:{}"],"_uag_page_assets":["a:9:{s:3:\"css\";s:6873:\".wp-block-uagb-image{display:flex}.wp-block-uagb-image__figure{position:relative;display:flex;flex-direction:column;max-width:100%;height:auto;margin:0}.wp-block-uagb-image__figure img{height:auto;display:flex;max-width:100%;transition:box-shadow .2s ease}.wp-block-uagb-image__figure>a{display:inline-block}.wp-block-uagb-image__figure figcaption{text-align:center;margin-top:.5em;margin-bottom:1em}.wp-block-uagb-image .components-placeholder.block-editor-media-placeholder .components-placeholder__instructions{align-self:center}.wp-block-uagb-image--align-left{text-align:left}.wp-block-uagb-image--align-right{text-align:right}.wp-block-uagb-image--align-center{text-align:center}.wp-block-uagb-image--align-full .wp-block-uagb-image__figure{margin-left:calc(50% - 50vw);margin-right:calc(50% - 50vw);max-width:100vw;width:100vw;height:auto}.wp-block-uagb-image--align-full .wp-block-uagb-image__figure img{height:auto;width:100% !important}.wp-block-uagb-image--align-wide .wp-block-uagb-image__figure img{height:auto;width:100%}.wp-block-uagb-image--layout-overlay__color-wrapper{position:absolute;left:0;top:0;right:0;bottom:0;opacity:.2;background:rgba(0,0,0,.5);transition:opacity .35s ease-in-out}.wp-block-uagb-image--layout-overlay-link{position:absolute;left:0;right:0;bottom:0;top:0}.wp-block-uagb-image--layout-overlay .wp-block-uagb-image__figure:hover .wp-block-uagb-image--layout-overlay__color-wrapper{opacity:1}.wp-block-uagb-image--layout-overlay__inner{position:absolute;left:15px;right:15px;bottom:15px;top:15px;display:flex;align-items:center;justify-content:center;flex-direction:column;border-color:#fff;transition:.35s ease-in-out}.wp-block-uagb-image--layout-overlay__inner.top-left,.wp-block-uagb-image--layout-overlay__inner.top-center,.wp-block-uagb-image--layout-overlay__inner.top-right{justify-content:flex-start}.wp-block-uagb-image--layout-overlay__inner.bottom-left,.wp-block-uagb-image--layout-overlay__inner.bottom-center,.wp-block-uagb-image--layout-overlay__inner.bottom-right{justify-content:flex-end}.wp-block-uagb-image--layout-overlay__inner.top-left,.wp-block-uagb-image--layout-overlay__inner.center-left,.wp-block-uagb-image--layout-overlay__inner.bottom-left{align-items:flex-start}.wp-block-uagb-image--layout-overlay__inner.top-right,.wp-block-uagb-image--layout-overlay__inner.center-right,.wp-block-uagb-image--layout-overlay__inner.bottom-right{align-items:flex-end}.wp-block-uagb-image--layout-overlay__inner .uagb-image-heading{color:#fff;transition:transform .35s,opacity .35s ease-in-out;transform:translate3d(0, 24px, 0);margin:0;line-height:1em}.wp-block-uagb-image--layout-overlay__inner .uagb-image-separator{width:30%;border-top-width:2px;border-top-color:#fff;border-top-style:solid;margin-bottom:10px;opacity:0;transition:transform .4s,opacity .4s ease-in-out;transform:translate3d(0, 30px, 0)}.wp-block-uagb-image--layout-overlay__inner .uagb-image-caption{opacity:0;overflow:visible;color:#fff;transition:transform .45s,opacity .45s ease-in-out;transform:translate3d(0, 35px, 0)}.wp-block-uagb-image--layout-overlay__inner:hover .uagb-image-heading,.wp-block-uagb-image--layout-overlay__inner:hover .uagb-image-separator,.wp-block-uagb-image--layout-overlay__inner:hover .uagb-image-caption{opacity:1;transform:translate3d(0, 0, 0)}.wp-block-uagb-image--effect-zoomin .wp-block-uagb-image__figure img,.wp-block-uagb-image--effect-zoomin .wp-block-uagb-image__figure .wp-block-uagb-image--layout-overlay__color-wrapper{transform:scale(1);transition:transform .35s ease-in-out}.wp-block-uagb-image--effect-zoomin .wp-block-uagb-image__figure:hover img,.wp-block-uagb-image--effect-zoomin .wp-block-uagb-image__figure:hover .wp-block-uagb-image--layout-overlay__color-wrapper{transform:scale(1.05)}.wp-block-uagb-image--effect-slide .wp-block-uagb-image__figure img,.wp-block-uagb-image--effect-slide .wp-block-uagb-image__figure .wp-block-uagb-image--layout-overlay__color-wrapper{width:calc(100% + 40px) !important;max-width:none !important;transform:translate3d(-40px, 0, 0);transition:transform .35s ease-in-out}.wp-block-uagb-image--effect-slide .wp-block-uagb-image__figure:hover img,.wp-block-uagb-image--effect-slide .wp-block-uagb-image__figure:hover .wp-block-uagb-image--layout-overlay__color-wrapper{transform:translate3d(0, 0, 0)}.wp-block-uagb-image--effect-grayscale img{filter:grayscale(0%);transition:.35s ease-in-out}.wp-block-uagb-image--effect-grayscale:hover img{filter:grayscale(100%)}.wp-block-uagb-image--effect-blur img{filter:blur(0);transition:.35s ease-in-out}.wp-block-uagb-image--effect-blur:hover img{filter:blur(3px)}.uagb-block-e6f939b3.wp-block-uagb-image--layout-default figure img{box-shadow: 0px 0px 0 #00000070;}.uagb-block-e6f939b3.wp-block-uagb-image .wp-block-uagb-image__figure figcaption{font-style: normal;align-self: center;}.uagb-block-e6f939b3.wp-block-uagb-image--layout-overlay figure img{box-shadow: 0px 0px 0 #00000070;}.uagb-block-e6f939b3.wp-block-uagb-image--layout-overlay .wp-block-uagb-image--layout-overlay__color-wrapper{opacity: 0.2;}.uagb-block-e6f939b3.wp-block-uagb-image--layout-overlay .wp-block-uagb-image--layout-overlay__inner{left: 15px;right: 15px;top: 15px;bottom: 15px;}.uagb-block-e6f939b3.wp-block-uagb-image--layout-overlay .wp-block-uagb-image--layout-overlay__inner .uagb-image-heading{font-style: normal;color: #fff;opacity: 1;}.uagb-block-e6f939b3.wp-block-uagb-image--layout-overlay .wp-block-uagb-image--layout-overlay__inner .uagb-image-heading a{color: #fff;}.uagb-block-e6f939b3.wp-block-uagb-image--layout-overlay .wp-block-uagb-image--layout-overlay__inner .uagb-image-caption{opacity: 0;}.uagb-block-e6f939b3.wp-block-uagb-image--layout-overlay .wp-block-uagb-image__figure:hover .wp-block-uagb-image--layout-overlay__color-wrapper{opacity: 1;}.uagb-block-e6f939b3.wp-block-uagb-image .wp-block-uagb-image--layout-overlay__inner .uagb-image-separator{width: 30%;border-top-width: 2px;border-top-color: #fff;opacity: 0;}.uagb-block-e6f939b3.wp-block-uagb-image .wp-block-uagb-image__figure img{width: px;height: auto;}.uagb-block-e6f939b3.wp-block-uagb-image .wp-block-uagb-image__figure:hover .wp-block-uagb-image--layout-overlay__inner .uagb-image-caption{opacity: 1;}.uagb-block-e6f939b3.wp-block-uagb-image .wp-block-uagb-image__figure:hover .wp-block-uagb-image--layout-overlay__inner .uagb-image-separator{opacity: 1;}.uagb-block-e6f939b3.wp-block-uagb-image--layout-default figure:hover img{box-shadow: 0px 0px 0 #00000070;}.uagb-block-e6f939b3.wp-block-uagb-image--layout-overlay figure:hover img{box-shadow: 0px 0px 0 #00000070;}@media only screen and (max-width: 976px) {.uagb-block-e6f939b3.wp-block-uagb-image .wp-block-uagb-image__figure img{width: px;height: auto;}}@media only screen and (max-width: 767px) {.uagb-block-e6f939b3.wp-block-uagb-image .wp-block-uagb-image__figure img{width: px;height: auto;}}\";s:2:\"js\";s:0:\"\";s:18:\"current_block_list\";a:13:{i:0;s:11:\"core\/search\";i:1;s:10:\"core\/group\";i:2;s:12:\"core\/heading\";i:3;s:17:\"core\/latest-posts\";i:4;s:20:\"core\/latest-comments\";i:5;s:13:\"core\/archives\";i:6;s:15:\"core\/categories\";i:7;s:14:\"core\/paragraph\";i:8;s:10:\"uagb\/image\";i:9;s:11:\"core\/spacer\";i:10;s:30:\"woocommerce\/product-categories\";i:11;s:10:\"core\/image\";i:12;s:14:\"core\/shortcode\";}s:8:\"uag_flag\";b:1;s:11:\"uag_version\";s:10:\"1777310362\";s:6:\"gfonts\";a:0:{}s:10:\"gfonts_url\";s:0:\"\";s:12:\"gfonts_files\";a:0:{}s:14:\"uag_faq_layout\";b:0;}"]},"uagb_featured_image_src":{"full":["https:\/\/www.ferberpainting.com\/wp-content\/uploads\/2025\/05\/HydroponicFertilizer5L.png",2560,2560,false],"thumbnail":["https:\/\/www.ferberpainting.com\/wp-content\/uploads\/2025\/05\/HydroponicFertilizer5L-150x150.png",150,150,true],"medium":["https:\/\/www.ferberpainting.com\/wp-content\/uploads\/2025\/05\/HydroponicFertilizer5L-300x300.png",300,300,true],"medium_large":["https:\/\/www.ferberpainting.com\/wp-content\/uploads\/2025\/05\/HydroponicFertilizer5L-768x768.png",768,768,true],"large":["https:\/\/www.ferberpainting.com\/wp-content\/uploads\/2025\/05\/HydroponicFertilizer5L-1024x1024.png",1024,1024,true],"1536x1536":["https:\/\/www.ferberpainting.com\/wp-content\/uploads\/2025\/05\/HydroponicFertilizer5L-1536x1536.png",1536,1536,true],"2048x2048":["https:\/\/www.ferberpainting.com\/wp-content\/uploads\/2025\/05\/HydroponicFertilizer5L-2048x2048.png",2048,2048,true],"trp-custom-language-flag":["https:\/\/www.ferberpainting.com\/wp-content\/uploads\/2025\/05\/HydroponicFertilizer5L-12x12.png",12,12,true],"woocommerce_thumbnail":["https:\/\/www.ferberpainting.com\/wp-content\/uploads\/2025\/05\/HydroponicFertilizer5L-300x300.png",300,300,true],"woocommerce_single":["https:\/\/www.ferberpainting.com\/wp-content\/uploads\/2025\/05\/HydroponicFertilizer5L-600x600.png",600,600,true],"woocommerce_gallery_thumbnail":["https:\/\/www.ferberpainting.com\/wp-content\/uploads\/2025\/05\/HydroponicFertilizer5L-100x100.png",100,100,true]},"uagb_author_info":{"display_name":"admin","author_link":"https:\/\/www.ferberpainting.com\/hu\/author\/"},"uagb_comment_info":7,"uagb_excerpt":"A fertilizer specially designed for soilless and hydroponic cultivation.\u00a0Hydroponic cultivation relies on precise nutrient feeding, allowing plants to grow without soil by exclusively absorbing a tailored nutrient solution. This NPK 15-15-15 fertilizer has been specially formulated to meet the needs of hydroponic crops by providing a balanced supply of nitrogen (N) to promote vigorous vegetative&hellip;","_links":{"self":[{"href":"https:\/\/www.ferberpainting.com\/hu\/wp-json\/wp\/v2\/product\/23544","targetHints":{"allow":["GET"]}}],"collection":[{"href":"https:\/\/www.ferberpainting.com\/hu\/wp-json\/wp\/v2\/product"}],"about":[{"href":"https:\/\/www.ferberpainting.com\/hu\/wp-json\/wp\/v2\/types\/product"}],"replies":[{"embeddable":true,"href":"https:\/\/www.ferberpainting.com\/hu\/wp-json\/wp\/v2\/comments?post=23544"}],"version-history":[{"count":4,"href":"https:\/\/www.ferberpainting.com\/hu\/wp-json\/wp\/v2\/product\/23544\/revisions"}],"predecessor-version":[{"id":166371,"href":"https:\/\/www.ferberpainting.com\/hu\/wp-json\/wp\/v2\/product\/23544\/revisions\/166371"}],"wp:featuredmedia":[{"embeddable":true,"href":"https:\/\/www.ferberpainting.com\/hu\/wp-json\/wp\/v2\/media\/26034"}],"wp:attachment":[{"href":"https:\/\/www.ferberpainting.com\/hu\/wp-json\/wp\/v2\/media?parent=23544"}],"wp:term":[{"taxonomy":"product_brand","embeddable":true,"href":"https:\/\/www.ferberpainting.com\/hu\/wp-json\/wp\/v2\/product_brand?post=23544"},{"taxonomy":"product_cat","embeddable":true,"href":"https:\/\/www.ferberpainting.com\/hu\/wp-json\/wp\/v2\/product_cat?post=23544"},{"taxonomy":"product_tag","embeddable":true,"href":"https:\/\/www.ferberpainting.com\/hu\/wp-json\/wp\/v2\/product_tag?post=23544"}],"curies":[{"name":"wp","href":"https:\/\/api.w.org\/{rel}","templated":true}]}}