{"id":23508,"date":"2025-07-01T12:18:39","date_gmt":"2025-07-01T10:18:39","guid":{"rendered":"https:\/\/www.ferberpainting.com\/?post_type=product&#038;p=23508"},"modified":"2026-02-15T16:48:16","modified_gmt":"2026-02-15T15:48:16","slug":"grease-and-soot-cleaner","status":"publish","type":"product","link":"https:\/\/www.ferberpainting.com\/hu\/products\/grease-and-soot-cleaner\/","title":{"rendered":"Zs\u00edr- \u00e9s koromtiszt\u00edt\u00f3"},"content":{"rendered":"<p><strong><img decoding=\"async\" style=\"margin-right: 12px;\" src=\"https:\/\/www.ferberpainting.com\/wp-content\/uploads\/2026\/02\/Check.svg\" alt=\"\" width=\"18\" height=\"15\" \/>Optim\u00e1lis hat\u00e9konys\u00e1g.<\/strong>\u00a0Ezt a zs\u00edr- \u00e9s koromtiszt\u00edt\u00f3t kifejezetten arra tervezt\u00e9k, hogy hat\u00e9konyan elt\u00e1vol\u00edtsa a k\u00fcl\u00f6nb\u00f6z\u0151 fel\u00fcleteken l\u00e9v\u0151 makacs zs\u00edrt, \u00e9gett olajat \u00e9s be\u00e1gyaz\u00f3dott korommaradv\u00e1nyokat. Er\u0151teljes formul\u00e1j\u00e1nak k\u00f6sz\u00f6nhet\u0151en m\u00e9lyen behatol, hogy m\u00e9g a legellen\u00e1ll\u00f3bb lerak\u00f3d\u00e1sokat is feloldja an\u00e9lk\u00fcl, hogy t\u00falzott s\u00farol\u00e1sra lenne sz\u00fcks\u00e9g. Vissza\u00e1ll\u00edtja a piszkos fel\u00fcletek f\u00e9ny\u00e9t - legyen sz\u00f3 konyh\u00e1r\u00f3l, gar\u00e1zsr\u00f3l, m\u0171helyr\u0151l vagy kandall\u00f3r\u00f3l -, biztos\u00edtva a gyors \u00e9s hat\u00e9kony tiszt\u00edt\u00e1st.<\/p>\n<p><strong><img decoding=\"async\" style=\"margin-right: 12px;\" src=\"https:\/\/www.ferberpainting.com\/wp-content\/uploads\/2026\/02\/Check.svg\" alt=\"\" width=\"18\" height=\"15\" \/>P\u00e9nzvisszafizet\u00e9si garancia.<\/strong>\u00a0Teljes m\u00e9rt\u00e9kben b\u00edzunk tiszt\u00edt\u00f3szer\u00fcnk hat\u00e9konys\u00e1g\u00e1ban. Ha a haszn\u00e1lat ut\u00e1n nem teljesen el\u00e9gedett az eredm\u00e9nnyel, teljes visszat\u00e9r\u00edt\u00e9sre jogosult. Pr\u00f3b\u00e1lja ki term\u00e9k\u00fcnket kock\u00e1zatmentesen, \u00e9s \u00e1ll\u00edtsa vissza fel\u00fcleteinek eredeti tisztas\u00e1g\u00e1t k\u00f6nnyed\u00e9n.<\/p>\n<p><strong><img decoding=\"async\" style=\"margin-right: 12px;\" src=\"https:\/\/www.ferberpainting.com\/wp-content\/uploads\/2026\/02\/Check.svg\" alt=\"\" width=\"18\" height=\"15\" \/>Kiv\u00e9teles sokoldal\u00fas\u00e1g.<\/strong>\u00a0Ez a tiszt\u00edt\u00f3szer nem korl\u00e1toz\u00f3dik az \u00e9lelmiszerekre vagy az ipari zsirad\u00e9kra! Hat\u00e9kony a korom- \u00e9s zs\u00edrlerak\u00f3d\u00e1sok ellen is a bet\u00e9t\u00fcvegeken, kandall\u00f3kon, grilleken, s\u00fct\u0151k\u00f6n, p\u00e1raelsz\u00edv\u00f3kon, f\u00e9m grilleken \u00e9s m\u00e9g a f\u0151z\u0151lapokon is. Sokf\u00e9le anyagon, p\u00e9ld\u00e1ul rozsdamentes ac\u00e9lon, \u00fcvegen, betonon, csemp\u00e9n, m\u0171anyagon \u00e9s alum\u00edniumon m\u0171k\u00f6dik. Sokoldal\u00fas\u00e1ga miatt h\u00e1ztart\u00e1si haszn\u00e1latra \u00e9pp\u00fagy alkalmas, mint ipari konyh\u00e1kban, g\u00e9p\u00e9szeti m\u0171helyekben \u00e9s gy\u00e1rakban.<\/p>\n<p><strong><img decoding=\"async\" style=\"margin-right: 12px;\" src=\"https:\/\/www.ferberpainting.com\/wp-content\/uploads\/2026\/02\/Check.svg\" alt=\"\" width=\"18\" height=\"15\" \/>K\u00f6lts\u00e9ghat\u00e9kony teljes\u00edtm\u00e9ny.<\/strong>\u00a0Az 5 literes tart\u00e1ly\u00e1nak \u00e9s a magas koncentr\u00e1ci\u00f3nak k\u00f6sz\u00f6nhet\u0151en ez a tiszt\u00edt\u00f3szer kiv\u00e1l\u00f3 \u00e9rt\u00e9ket k\u00edn\u00e1l. Kis mennyis\u00e9g is elegend\u0151 nagy fel\u00fclet pazarl\u00e1s n\u00e9lk\u00fcli kezel\u00e9s\u00e9hez. \u00c1tlagosan egy liter term\u00e9kkel ak\u00e1r 50 m\u00b2 szennyezett fel\u00fcletet is meg lehet tiszt\u00edtani, \u00edgy gazdas\u00e1gos \u00e9s hat\u00e9kony megold\u00e1st biztos\u00edt rendszeres vagy intenz\u00edv haszn\u00e1lat eset\u00e9n.<\/p>\n<p><strong><img decoding=\"async\" style=\"margin-right: 12px;\" src=\"https:\/\/www.ferberpainting.com\/wp-content\/uploads\/2026\/02\/Check.svg\" alt=\"\" width=\"18\" height=\"15\" \/>Biztons\u00e1gosan haszn\u00e1lhat\u00f3.<\/strong>\u00a0Az agressz\u00edv old\u00f3szereket tartalmaz\u00f3 term\u00e9kekkel ellent\u00e9tben, amelyek k\u00e1ros\u00edthatj\u00e1k a fel\u00fcleteket vagy m\u00e9rgez\u0151 f\u00fcst\u00f6t bocs\u00e1tanak ki, ez a tiszt\u00edt\u00f3szer az eg\u00e9szs\u00e9gre vagy a k\u00f6rnyezetre k\u00e1ros anyagok n\u00e9lk\u00fcl k\u00e9sz\u00fclt. Nem okoz irrit\u00e1ci\u00f3t, nem korrod\u00e1lja az \u00e9rz\u00e9keny anyagokat, \u00e9s tiszteletben tartja a t\u00f6r\u00e9keny fel\u00fcleteket. Az utas\u00edt\u00e1snak megfelel\u0151en alkalmazva biztons\u00e1gos a felhaszn\u00e1l\u00f3k sz\u00e1m\u00e1ra, \u00e9s le\u00f6bl\u00edt\u00e9skor nem jelent k\u00f6rnyezeti vesz\u00e9lyt, \u00edgy ide\u00e1lis v\u00e1laszt\u00e1s a biztons\u00e1gos mindennapi tiszt\u00edt\u00e1shoz.<\/p>\n<p><strong><img decoding=\"async\" style=\"margin-right: 12px;\" src=\"https:\/\/www.ferberpainting.com\/wp-content\/uploads\/2026\/02\/Check.svg\" alt=\"\" width=\"18\" height=\"15\" \/>K\u00f6nny\u0171 haszn\u00e1lat.<\/strong>\u00a0Ez a term\u00e9k azonnal felhaszn\u00e1lhat\u00f3, nem ig\u00e9nyel h\u00edg\u00edt\u00e1st vagy \u00f6sszetett el\u0151k\u00e9sz\u00edt\u00e9st. K\u00f6zvetlen\u00fcl a fel\u00fcletre kell felvinni egy rongy, szivacs vagy sz\u00f3r\u00f3fejes flakon seg\u00edts\u00e9g\u00e9vel. Gyors hat\u00e1sa m\u00e1sodpercek alatt elt\u00e1vol\u00edtja a szennyez\u0151d\u00e9seket, neh\u00e9z \u00f6bl\u00edt\u00e9s vagy s\u00farol\u00e1s n\u00e9lk\u00fcl. Intuit\u00edv haszn\u00e1lata miatt a legjobb v\u00e1laszt\u00e1s a szennyezett fel\u00fcletek rendszeres karbantart\u00e1s\u00e1hoz \u00e9s tiszt\u00edt\u00e1s\u00e1hoz.<\/p>\n<p><strong><img decoding=\"async\" style=\"margin-right: 12px;\" src=\"https:\/\/www.ferberpainting.com\/wp-content\/uploads\/2026\/02\/Check.svg\" alt=\"\" width=\"18\" height=\"15\" \/>Kiterjesztett tart\u00f3ss\u00e1g.<\/strong>\u00a0A zs\u00edr- \u00e9s koromlerak\u00f3d\u00e1sok hat\u00e9kony elt\u00e1vol\u00edt\u00e1s\u00e1val ez a tiszt\u00edt\u00f3szer seg\u00edt meghosszabb\u00edtani a konyhai k\u00e9sz\u00fcl\u00e9kek, kandall\u00f3k \u00e9s m\u00e1s, a mindennapi szennyez\u0151d\u00e9snek kitett fel\u00fcletek \u00e9lettartam\u00e1t. Megakad\u00e1lyozza a maradv\u00e1nyok t\u00falzott felhalmoz\u00f3d\u00e1s\u00e1t, amelyek id\u0151vel meghib\u00e1sod\u00e1st okozhatnak vagy cs\u00f6kkenthetik a berendez\u00e9sek teljes\u00edtm\u00e9ny\u00e9t. Rendszeres haszn\u00e1lata seg\u00edt fenntartani a tiszta, funkcion\u00e1lis k\u00f6rnyezetet, mik\u00f6zben megakad\u00e1lyozza a kezelt fel\u00fcletek id\u0151 el\u0151tti elhaszn\u00e1l\u00f3d\u00e1s\u00e1t.<\/p>\n<p><strong><img decoding=\"async\" style=\"margin-right: 12px;\" src=\"https:\/\/www.ferberpainting.com\/wp-content\/uploads\/2026\/02\/Check.svg\" alt=\"\" width=\"18\" height=\"15\" \/>Gyors akci\u00f3.<\/strong>\u00a0A rendk\u00edv\u00fcl akt\u00edv formul\u00e1nak k\u00f6sz\u00f6nhet\u0151en ez a tiszt\u00edt\u00f3szer azonnal hat a foltokra \u00e9s a be\u00e1gyaz\u00f3dott maradv\u00e1nyokra. N\u00e9h\u00e1ny perc alatt feloldja a szennyez\u0151d\u00e9seket, \u00e9s nagyobb er\u0151fesz\u00edt\u00e9s n\u00e9lk\u00fcl megk\u00f6nny\u00edti azok elt\u00e1vol\u00edt\u00e1s\u00e1t. Gyors \u00e9s hat\u00e9kony tiszt\u00edt\u00e1st tesz lehet\u0151v\u00e9 - ide\u00e1lis a berendez\u00e9sek \u00e9s a zs\u00edrnak kitett fel\u00fcletek gyors karbantart\u00e1s\u00e1hoz.<\/p>\n<h2><strong>Haszn\u00e1lati protokoll<\/strong><\/h2>\n<ul>\n<li><strong>El\u0151k\u00e9sz\u00edt\u00e9s <\/strong>: Gy\u0151z\u0151dj\u00f6n meg r\u00f3la, hogy a tiszt\u00edtand\u00f3 fel\u00fclet leh\u0171lt a term\u00e9k alkalmaz\u00e1sa el\u0151tt, k\u00fcl\u00f6n\u00f6sen f\u0151z\u0151lapokon, s\u00fct\u0151k\u00f6n \u00e9s grillr\u00e1csokon. A vastag zs\u00edrt vagy kormot sz\u00e1raz ruh\u00e1val vagy spatul\u00e1val t\u00e1vol\u00edtsa el, hogy megk\u00f6nny\u00edtse a term\u00e9k felvitel\u00e9t.<\/li>\n<li><strong>K\u00e9zi alkalmaz\u00e1s <\/strong>: \u00d6nts\u00f6n egy kis mennyis\u00e9g\u0171 tiszt\u00edt\u00f3szert egy tiszta ruh\u00e1ra vagy szivacsra, majd egyenletesen, k\u00f6rk\u00f6r\u00f6s mozdulatokkal vigye fel a fel\u00fcletre, hogy a term\u00e9k behatoljon \u00e9s fellaz\u00edtsa a szennyez\u0151d\u00e9st.<\/li>\n<li><strong>Nagy fel\u00fcleti haszn\u00e1lat <\/strong>: Sz\u00e9lesebb ter\u00fcletek, p\u00e9ld\u00e1ul egy pult, egy motorh\u00e1ztet\u0151 vagy egy szennyezett fal eset\u00e9n haszn\u00e1ljon sz\u00f3r\u00f3fejes flakont a term\u00e9k egyenletes eloszlat\u00e1s\u00e1hoz. N\u00e9h\u00e1ny percig hagyja \u00e1llni, hogy a term\u00e9k feloldja a zs\u00edros \u00e9s kormos maradv\u00e1nyokat.<\/li>\n<li><strong>Makacs foltok kezel\u00e9se <\/strong>: \u00c9gett zs\u00edr vagy ragacsos korommaradv\u00e1nyok eset\u00e9n hagyja a term\u00e9ket 5-10 percig hatni, majd puha s\u00f6rt\u00e9j\u0171 kef\u00e9vel vagy nem s\u00farol\u00f3 szivaccsal \u00f3vatosan s\u00farolja le. A teljes tiszt\u00edt\u00e1shoz sz\u00fcks\u00e9g eset\u00e9n ism\u00e9telje meg az alkalmaz\u00e1st.<\/li>\n<li><strong>\u00d6bl\u00edt\u00e9s \u00e9s t\u00f6rl\u00e9s <\/strong>: A fel\u00fcletet nedves ruh\u00e1val t\u00f6r\u00f6lje \u00e1t a feloldott szennyez\u0151d\u00e9sek elt\u00e1vol\u00edt\u00e1sa \u00e9s a makul\u00e1tlan fel\u00fclet biztos\u00edt\u00e1sa \u00e9rdek\u00e9ben. Alaposan \u00f6bl\u00edtse le tiszta v\u00edzzel, ha a fel\u00fclet \u00e9lelmiszerrel \u00e9rintkezik, p\u00e9ld\u00e1ul konyhapulton vagy f\u0151z\u0151lapon.<\/li>\n<li><strong>Pol\u00edroz\u00e1s \u00e9s v\u00e9delem <\/strong>: A tiszta \u00e9s f\u00e9nyes hat\u00e1s fokoz\u00e1sa \u00e9rdek\u00e9ben egy utols\u00f3, sz\u00e1raz ruh\u00e1val t\u00f6rt\u00e9n\u0151 t\u00f6rl\u00e9ssel fejezze be, hogy elt\u00e1vol\u00edtsa a nedvess\u00e9get, \u00e9s tov\u00e1bbi v\u00e9delmet ny\u00fajtson a j\u00f6v\u0151beni lerak\u00f3d\u00e1sok ellen.<\/li>\n<li><strong>Haszn\u00e1lat gyakoris\u00e1ga <\/strong>: A f\u0151z\u0151berendez\u00e9s minden egyes haszn\u00e1lata ut\u00e1n alkalmazza, hogy megakad\u00e1lyozza a marad\u00e9kok felhalmoz\u00f3d\u00e1s\u00e1t \u00e9s megk\u00f6nny\u00edtse a karbantart\u00e1st. Kandall\u00f3k \u00e9s kandall\u00f3bet\u00e9tek eset\u00e9ben a heti tiszt\u00edt\u00e1s aj\u00e1nlott az optim\u00e1lis m\u0171k\u00f6d\u00e9s \u00e9s a biztons\u00e1gos \u00e9g\u00e9s biztos\u00edt\u00e1sa \u00e9rdek\u00e9ben.<\/li>\n<li><strong>T\u00e1rol\u00e1s <\/strong>: A term\u00e9k hossz\u00fa t\u00e1v\u00fa hat\u00e9konys\u00e1g\u00e1nak meg\u0151rz\u00e9se \u00e9rdek\u00e9ben minden haszn\u00e1lat ut\u00e1n szorosan z\u00e1rja le a tart\u00e1lyt, \u00e9s t\u00e1rolja h\u0171v\u00f6s, sz\u00e1raz, f\u00e9nyt\u0151l \u00e9s sz\u00e9ls\u0151s\u00e9ges h\u0151m\u00e9rs\u00e9klett\u0151l v\u00e9dett helyen.<\/li>\n<\/ul>\n<p>Zs\u00edr- \u00e9s koromtiszt\u00edt\u00f3nkkal gyorsan \u00e9s hat\u00e9konyan t\u00e1vol\u00edthatja el a kem\u00e9ny maradv\u00e1nyokat, mik\u00f6zben meg\u0151rzi berendez\u00e9sei \u00e9s fel\u00fcletei tisztas\u00e1g\u00e1t \u00e9s hossz\u00fa \u00e9lettartam\u00e1t. Ide\u00e1lis megold\u00e1s a hib\u00e1tlan \u00e9s f\u00e1rads\u00e1gmentes karbantart\u00e1shoz.<\/p>","protected":false},"excerpt":{"rendered":"<p>Optimal Efficiency.\u00a0This grease and soot cleaner is specially designed to effectively remove stubborn grease, burnt oil, and embedded soot residues on different surfaces. Thanks to its powerful formula, it penetrates deeply to dissolve even the most resistant buildup without the need for excessive scrubbing. It restores the shine of dirty surfaces\u2014whether in a kitchen, garage, [&hellip;]<\/p>\n","protected":false},"featured_media":36312,"comment_status":"open","ping_status":"closed","template":"","meta":{"_uag_custom_page_level_css":"","site-sidebar-layout":"default","site-content-layout":"","ast-site-content-layout":"default","site-content-style":"default","site-sidebar-style":"default","ast-global-header-display":"","ast-banner-title-visibility":"","ast-main-header-display":"","ast-hfb-above-header-display":"","ast-hfb-below-header-display":"","ast-hfb-mobile-header-display":"","site-post-title":"","ast-breadcrumbs-content":"","ast-featured-img":"","footer-sml-layout":"","ast-disable-related-posts":"","theme-transparent-header-meta":"default","adv-header-id-meta":"","stick-header-meta":"","header-above-stick-meta":"","header-main-stick-meta":"","header-below-stick-meta":"","astra-migrate-meta-layouts":"set","ast-page-background-enabled":"default","ast-page-background-meta":{"desktop":{"background-color":"var(--ast-global-color-4)","background-image":"","background-repeat":"repeat","background-position":"center center","background-size":"auto","background-attachment":"scroll","background-type":"","background-media":"","overlay-type":"","overlay-color":"","overlay-opacity":"","overlay-gradient":""},"tablet":{"background-color":"","background-image":"","background-repeat":"repeat","background-position":"center center","background-size":"auto","background-attachment":"scroll","background-type":"","background-media":"","overlay-type":"","overlay-color":"","overlay-opacity":"","overlay-gradient":""},"mobile":{"background-color":"","background-image":"","background-repeat":"repeat","background-position":"center center","background-size":"auto","background-attachment":"scroll","background-type":"","background-media":"","overlay-type":"","overlay-color":"","overlay-opacity":"","overlay-gradient":""}},"ast-content-background-meta":{"desktop":{"background-color":"var(--ast-global-color-5)","background-image":"","background-repeat":"repeat","background-position":"center center","background-size":"auto","background-attachment":"scroll","background-type":"","background-media":"","overlay-type":"","overlay-color":"","overlay-opacity":"","overlay-gradient":""},"tablet":{"background-color":"var(--ast-global-color-5)","background-image":"","background-repeat":"repeat","background-position":"center center","background-size":"auto","background-attachment":"scroll","background-type":"","background-media":"","overlay-type":"","overlay-color":"","overlay-opacity":"","overlay-gradient":""},"mobile":{"background-color":"var(--ast-global-color-5)","background-image":"","background-repeat":"repeat","background-position":"center center","background-size":"auto","background-attachment":"scroll","background-type":"","background-media":"","overlay-type":"","overlay-color":"","overlay-opacity":"","overlay-gradient":""}}},"product_brand":[],"product_cat":[175],"product_tag":[],"class_list":{"0":"post-23508","1":"product","2":"type-product","3":"status-publish","4":"has-post-thumbnail","6":"product_cat-cleaning-products","7":"desktop-align-left","8":"tablet-align-left","9":"mobile-align-left","11":"first","12":"instock","13":"sale","14":"taxable","15":"shipping-taxable","16":"purchasable","17":"product-type-variable","18":"has-default-attributes"},"spectra_custom_meta":{"_visibility":["visible"],"_shopify_product_id":["9106240209141"],"_s2w_shopify_domain":["ferberpainting.myshopify.com"],"_shopify_variant_id":["46625780924661"],"_sku":[""],"_manage_stock":["no"],"total_sales":["67"],"_tax_status":["taxable"],"_tax_class":[""],"_backorders":["no"],"_sold_individually":["no"],"_virtual":["no"],"_downloadable":["no"],"_download_limit":["-1"],"_download_expiry":["-1"],"_stock":[null],"_stock_status":["instock"],"_wc_average_rating":["5.00"],"_wc_review_count":["22"],"_product_attributes":["a:1:{s:6:\"volume\";a:6:{s:4:\"name\";s:6:\"Volume\";s:5:\"value\";s:20:\"5 liters | 25 liters\";s:8:\"position\";i:1;s:10:\"is_visible\";i:0;s:12:\"is_variation\";i:1;s:11:\"is_taxonomy\";i:0;}}"],"_product_version":["10.5.1"],"wpse_downloadable_file_names":[""],"wpse_downloadable_file_urls":[""],"_edit_last":["1"],"_default_attributes":["a:1:{s:6:\"volume\";s:8:\"5 liters\";}"],"_edit_lock":["1771170357:1"],"_price":["29.90","129.90"],"merchant-center-category":["4973"],"merchant-center-availability":["yes"],"_thumbnail_id":["36312"],"_wp_page_template":["default"],"_wp_old_date":["2025-05-26"],"_product_image_gallery":["36314"],"site-sidebar-layout":["default"],"ast-site-content-layout":["default"],"site-content-style":["default"],"site-sidebar-style":["default"],"theme-transparent-header-meta":["default"],"_wc_rating_count":["a:1:{i:5;i:22;}"],"astra-migrate-meta-layouts":["set"],"_uag_css_file_name":["uag-css-23508.css"],"_elementor_page_assets":["a:0:{}"],"_uag_page_assets":["a:9:{s:3:\"css\";s:7133:\".uag-blocks-common-selector{z-index:var(--z-index-desktop) !important}@media(max-width: 976px){.uag-blocks-common-selector{z-index:var(--z-index-tablet) !important}}@media(max-width: 767px){.uag-blocks-common-selector{z-index:var(--z-index-mobile) !important}}.wp-block-uagb-image{display:flex}.wp-block-uagb-image__figure{position:relative;display:flex;flex-direction:column;max-width:100%;height:auto;margin:0}.wp-block-uagb-image__figure img{height:auto;display:flex;max-width:100%;transition:box-shadow .2s ease}.wp-block-uagb-image__figure>a{display:inline-block}.wp-block-uagb-image__figure figcaption{text-align:center;margin-top:.5em;margin-bottom:1em}.wp-block-uagb-image .components-placeholder.block-editor-media-placeholder .components-placeholder__instructions{align-self:center}.wp-block-uagb-image--align-left{text-align:left}.wp-block-uagb-image--align-right{text-align:right}.wp-block-uagb-image--align-center{text-align:center}.wp-block-uagb-image--align-full .wp-block-uagb-image__figure{margin-left:calc(50% - 50vw);margin-right:calc(50% - 50vw);max-width:100vw;width:100vw;height:auto}.wp-block-uagb-image--align-full .wp-block-uagb-image__figure img{height:auto;width:100% !important}.wp-block-uagb-image--align-wide .wp-block-uagb-image__figure img{height:auto;width:100%}.wp-block-uagb-image--layout-overlay__color-wrapper{position:absolute;left:0;top:0;right:0;bottom:0;opacity:.2;background:rgba(0,0,0,.5);transition:opacity .35s ease-in-out}.wp-block-uagb-image--layout-overlay-link{position:absolute;left:0;right:0;bottom:0;top:0}.wp-block-uagb-image--layout-overlay .wp-block-uagb-image__figure:hover .wp-block-uagb-image--layout-overlay__color-wrapper{opacity:1}.wp-block-uagb-image--layout-overlay__inner{position:absolute;left:15px;right:15px;bottom:15px;top:15px;display:flex;align-items:center;justify-content:center;flex-direction:column;border-color:#fff;transition:.35s ease-in-out}.wp-block-uagb-image--layout-overlay__inner.top-left,.wp-block-uagb-image--layout-overlay__inner.top-center,.wp-block-uagb-image--layout-overlay__inner.top-right{justify-content:flex-start}.wp-block-uagb-image--layout-overlay__inner.bottom-left,.wp-block-uagb-image--layout-overlay__inner.bottom-center,.wp-block-uagb-image--layout-overlay__inner.bottom-right{justify-content:flex-end}.wp-block-uagb-image--layout-overlay__inner.top-left,.wp-block-uagb-image--layout-overlay__inner.center-left,.wp-block-uagb-image--layout-overlay__inner.bottom-left{align-items:flex-start}.wp-block-uagb-image--layout-overlay__inner.top-right,.wp-block-uagb-image--layout-overlay__inner.center-right,.wp-block-uagb-image--layout-overlay__inner.bottom-right{align-items:flex-end}.wp-block-uagb-image--layout-overlay__inner .uagb-image-heading{color:#fff;transition:transform .35s,opacity .35s ease-in-out;transform:translate3d(0, 24px, 0);margin:0;line-height:1em}.wp-block-uagb-image--layout-overlay__inner .uagb-image-separator{width:30%;border-top-width:2px;border-top-color:#fff;border-top-style:solid;margin-bottom:10px;opacity:0;transition:transform .4s,opacity .4s ease-in-out;transform:translate3d(0, 30px, 0)}.wp-block-uagb-image--layout-overlay__inner .uagb-image-caption{opacity:0;overflow:visible;color:#fff;transition:transform .45s,opacity .45s ease-in-out;transform:translate3d(0, 35px, 0)}.wp-block-uagb-image--layout-overlay__inner:hover .uagb-image-heading,.wp-block-uagb-image--layout-overlay__inner:hover .uagb-image-separator,.wp-block-uagb-image--layout-overlay__inner:hover .uagb-image-caption{opacity:1;transform:translate3d(0, 0, 0)}.wp-block-uagb-image--effect-zoomin .wp-block-uagb-image__figure img,.wp-block-uagb-image--effect-zoomin .wp-block-uagb-image__figure .wp-block-uagb-image--layout-overlay__color-wrapper{transform:scale(1);transition:transform .35s ease-in-out}.wp-block-uagb-image--effect-zoomin .wp-block-uagb-image__figure:hover img,.wp-block-uagb-image--effect-zoomin .wp-block-uagb-image__figure:hover .wp-block-uagb-image--layout-overlay__color-wrapper{transform:scale(1.05)}.wp-block-uagb-image--effect-slide .wp-block-uagb-image__figure img,.wp-block-uagb-image--effect-slide .wp-block-uagb-image__figure .wp-block-uagb-image--layout-overlay__color-wrapper{width:calc(100% + 40px) !important;max-width:none !important;transform:translate3d(-40px, 0, 0);transition:transform .35s ease-in-out}.wp-block-uagb-image--effect-slide .wp-block-uagb-image__figure:hover img,.wp-block-uagb-image--effect-slide .wp-block-uagb-image__figure:hover .wp-block-uagb-image--layout-overlay__color-wrapper{transform:translate3d(0, 0, 0)}.wp-block-uagb-image--effect-grayscale img{filter:grayscale(0%);transition:.35s ease-in-out}.wp-block-uagb-image--effect-grayscale:hover img{filter:grayscale(100%)}.wp-block-uagb-image--effect-blur img{filter:blur(0);transition:.35s ease-in-out}.wp-block-uagb-image--effect-blur:hover img{filter:blur(3px)}.uagb-block-e6f939b3.wp-block-uagb-image--layout-default figure img{box-shadow: 0px 0px 0 #00000070;}.uagb-block-e6f939b3.wp-block-uagb-image .wp-block-uagb-image__figure figcaption{font-style: normal;align-self: center;}.uagb-block-e6f939b3.wp-block-uagb-image--layout-overlay figure img{box-shadow: 0px 0px 0 #00000070;}.uagb-block-e6f939b3.wp-block-uagb-image--layout-overlay .wp-block-uagb-image--layout-overlay__color-wrapper{opacity: 0.2;}.uagb-block-e6f939b3.wp-block-uagb-image--layout-overlay .wp-block-uagb-image--layout-overlay__inner{left: 15px;right: 15px;top: 15px;bottom: 15px;}.uagb-block-e6f939b3.wp-block-uagb-image--layout-overlay .wp-block-uagb-image--layout-overlay__inner .uagb-image-heading{font-style: normal;color: #fff;opacity: 1;}.uagb-block-e6f939b3.wp-block-uagb-image--layout-overlay .wp-block-uagb-image--layout-overlay__inner .uagb-image-heading a{color: #fff;}.uagb-block-e6f939b3.wp-block-uagb-image--layout-overlay .wp-block-uagb-image--layout-overlay__inner .uagb-image-caption{opacity: 0;}.uagb-block-e6f939b3.wp-block-uagb-image--layout-overlay .wp-block-uagb-image__figure:hover .wp-block-uagb-image--layout-overlay__color-wrapper{opacity: 1;}.uagb-block-e6f939b3.wp-block-uagb-image .wp-block-uagb-image--layout-overlay__inner .uagb-image-separator{width: 30%;border-top-width: 2px;border-top-color: #fff;opacity: 0;}.uagb-block-e6f939b3.wp-block-uagb-image .wp-block-uagb-image__figure img{width: px;height: auto;}.uagb-block-e6f939b3.wp-block-uagb-image .wp-block-uagb-image__figure:hover .wp-block-uagb-image--layout-overlay__inner .uagb-image-caption{opacity: 1;}.uagb-block-e6f939b3.wp-block-uagb-image .wp-block-uagb-image__figure:hover .wp-block-uagb-image--layout-overlay__inner .uagb-image-separator{opacity: 1;}.uagb-block-e6f939b3.wp-block-uagb-image--layout-default figure:hover img{box-shadow: 0px 0px 0 #00000070;}.uagb-block-e6f939b3.wp-block-uagb-image--layout-overlay figure:hover img{box-shadow: 0px 0px 0 #00000070;}@media only screen and (max-width: 976px) {.uagb-block-e6f939b3.wp-block-uagb-image .wp-block-uagb-image__figure img{width: px;height: auto;}}@media only screen and (max-width: 767px) {.uagb-block-e6f939b3.wp-block-uagb-image .wp-block-uagb-image__figure img{width: px;height: auto;}}\";s:2:\"js\";s:0:\"\";s:18:\"current_block_list\";a:13:{i:0;s:11:\"core\/search\";i:1;s:10:\"core\/group\";i:2;s:12:\"core\/heading\";i:3;s:17:\"core\/latest-posts\";i:4;s:20:\"core\/latest-comments\";i:5;s:13:\"core\/archives\";i:6;s:15:\"core\/categories\";i:7;s:14:\"core\/paragraph\";i:8;s:10:\"uagb\/image\";i:9;s:11:\"core\/spacer\";i:10;s:30:\"woocommerce\/product-categories\";i:11;s:10:\"core\/image\";i:12;s:14:\"core\/shortcode\";}s:8:\"uag_flag\";b:1;s:11:\"uag_version\";s:10:\"1777228600\";s:6:\"gfonts\";a:0:{}s:10:\"gfonts_url\";s:0:\"\";s:12:\"gfonts_files\";a:0:{}s:14:\"uag_faq_layout\";b:0;}"]},"uagb_featured_image_src":{"full":["https:\/\/www.ferberpainting.com\/wp-content\/uploads\/2025\/05\/Grease-and-Soot-Cleaner-5L-.png",2560,2560,false],"thumbnail":["https:\/\/www.ferberpainting.com\/wp-content\/uploads\/2025\/05\/Grease-and-Soot-Cleaner-5L--150x150.png",150,150,true],"medium":["https:\/\/www.ferberpainting.com\/wp-content\/uploads\/2025\/05\/Grease-and-Soot-Cleaner-5L--300x300.png",300,300,true],"medium_large":["https:\/\/www.ferberpainting.com\/wp-content\/uploads\/2025\/05\/Grease-and-Soot-Cleaner-5L--768x768.png",768,768,true],"large":["https:\/\/www.ferberpainting.com\/wp-content\/uploads\/2025\/05\/Grease-and-Soot-Cleaner-5L--1024x1024.png",1024,1024,true],"1536x1536":["https:\/\/www.ferberpainting.com\/wp-content\/uploads\/2025\/05\/Grease-and-Soot-Cleaner-5L--1536x1536.png",1536,1536,true],"2048x2048":["https:\/\/www.ferberpainting.com\/wp-content\/uploads\/2025\/05\/Grease-and-Soot-Cleaner-5L--2048x2048.png",2048,2048,true],"trp-custom-language-flag":["https:\/\/www.ferberpainting.com\/wp-content\/uploads\/2025\/05\/Grease-and-Soot-Cleaner-5L--12x12.png",12,12,true],"woocommerce_thumbnail":["https:\/\/www.ferberpainting.com\/wp-content\/uploads\/2025\/05\/Grease-and-Soot-Cleaner-5L--300x300.png",300,300,true],"woocommerce_single":["https:\/\/www.ferberpainting.com\/wp-content\/uploads\/2025\/05\/Grease-and-Soot-Cleaner-5L--600x600.png",600,600,true],"woocommerce_gallery_thumbnail":["https:\/\/www.ferberpainting.com\/wp-content\/uploads\/2025\/05\/Grease-and-Soot-Cleaner-5L--100x100.png",100,100,true]},"uagb_author_info":{"display_name":"admin","author_link":"https:\/\/www.ferberpainting.com\/hu\/author\/"},"uagb_comment_info":22,"uagb_excerpt":"Optimal Efficiency.\u00a0This grease and soot cleaner is specially designed to effectively remove stubborn grease, burnt oil, and embedded soot residues on different surfaces. Thanks to its powerful formula, it penetrates deeply to dissolve even the most resistant buildup without the need for excessive scrubbing. It restores the shine of dirty surfaces\u2014whether in a kitchen, garage,&hellip;","_links":{"self":[{"href":"https:\/\/www.ferberpainting.com\/hu\/wp-json\/wp\/v2\/product\/23508","targetHints":{"allow":["GET"]}}],"collection":[{"href":"https:\/\/www.ferberpainting.com\/hu\/wp-json\/wp\/v2\/product"}],"about":[{"href":"https:\/\/www.ferberpainting.com\/hu\/wp-json\/wp\/v2\/types\/product"}],"replies":[{"embeddable":true,"href":"https:\/\/www.ferberpainting.com\/hu\/wp-json\/wp\/v2\/comments?post=23508"}],"version-history":[{"count":5,"href":"https:\/\/www.ferberpainting.com\/hu\/wp-json\/wp\/v2\/product\/23508\/revisions"}],"predecessor-version":[{"id":166286,"href":"https:\/\/www.ferberpainting.com\/hu\/wp-json\/wp\/v2\/product\/23508\/revisions\/166286"}],"wp:featuredmedia":[{"embeddable":true,"href":"https:\/\/www.ferberpainting.com\/hu\/wp-json\/wp\/v2\/media\/36312"}],"wp:attachment":[{"href":"https:\/\/www.ferberpainting.com\/hu\/wp-json\/wp\/v2\/media?parent=23508"}],"wp:term":[{"taxonomy":"product_brand","embeddable":true,"href":"https:\/\/www.ferberpainting.com\/hu\/wp-json\/wp\/v2\/product_brand?post=23508"},{"taxonomy":"product_cat","embeddable":true,"href":"https:\/\/www.ferberpainting.com\/hu\/wp-json\/wp\/v2\/product_cat?post=23508"},{"taxonomy":"product_tag","embeddable":true,"href":"https:\/\/www.ferberpainting.com\/hu\/wp-json\/wp\/v2\/product_tag?post=23508"}],"curies":[{"name":"wp","href":"https:\/\/api.w.org\/{rel}","templated":true}]}}