{"id":23505,"date":"2025-05-26T10:24:28","date_gmt":"2025-05-26T08:24:28","guid":{"rendered":"https:\/\/www.ferberpainting.com\/products\/gravel-and-stone-binder\/"},"modified":"2026-02-15T15:57:56","modified_gmt":"2026-02-15T14:57:56","slug":"gravel-and-stone-binder","status":"publish","type":"product","link":"https:\/\/www.ferberpainting.com\/hu\/products\/gravel-and-stone-binder\/","title":{"rendered":"K\u0151- \u00e9s kavics k\u00f6t\u0151anyag"},"content":{"rendered":"<p><strong><img decoding=\"async\" style=\"margin-right: 12px;\" src=\"https:\/\/www.ferberpainting.com\/wp-content\/uploads\/2026\/02\/Check.svg\" alt=\"\" width=\"18\" height=\"15\" \/>Kavicsok \u00e9s kavicsok hat\u00e9kony \u00e9s tart\u00f3s stabiliz\u00e1l\u00e1sa.<\/strong>\u00a0Ezt a k\u00f6t\u0151anyagot kifejezetten arra tervezt\u00e9k, hogy megszil\u00e1rd\u00edtsa \u00e9s a hely\u00e9n tartsa a kavicsokat \u00e9s kavicsokat, megakad\u00e1lyozva azok sz\u00e9tsz\u00f3r\u00f3d\u00e1s\u00e1t, mik\u00f6zben meg\u0151rzi a talaj eszt\u00e9tikum\u00e1t \u00e9s \u00e1tereszt\u0151k\u00e9pess\u00e9g\u00e9t. Ide\u00e1lis utakhoz, udvarokhoz, teraszokhoz \u00e9s gyalogosj\u00e1rd\u00e1khoz, tart\u00f3s megold\u00e1st k\u00edn\u00e1l az elmozdul\u00e1ssal \u00e9s az aggreg\u00e1tumok s\u00fcllyed\u00e9s\u00e9vel kapcsolatos kellemetlens\u00e9gek megel\u0151z\u00e9s\u00e9re.<\/p>\n<p><strong><img decoding=\"async\" style=\"margin-right: 12px;\" src=\"https:\/\/www.ferberpainting.com\/wp-content\/uploads\/2026\/02\/Check.svg\" alt=\"\" width=\"18\" height=\"15\" \/>P\u00e9nzvisszafizet\u00e9si garancia.<\/strong>\u00a0Meggy\u0151z\u0151d\u00e9s\u00fcnk, hogy a kavics- \u00e9s s\u00f3derfix\u00e1l\u00f3nk hat\u00e9kony. Ez\u00e9rt ny\u00fajtunk p\u00e9nzvisszafizet\u00e9si garanci\u00e1t. Ha a term\u00e9k nem felel meg az \u00d6n elv\u00e1r\u00e1sainak, vagy nem hozza meg a v\u00e1rt eredm\u00e9nyt az aj\u00e1nl\u00e1sainkat k\u00f6vet\u0151 alkalmaz\u00e1s ut\u00e1n, akkor minden felt\u00e9tel n\u00e9lk\u00fcl k\u00e9rheti a p\u00e9nzvisszat\u00e9r\u00edt\u00e9st, \u00edgy biztos\u00edtva a kock\u00e1zatmentes v\u00e1s\u00e1rl\u00e1st.<\/p>\n<p><strong><img decoding=\"async\" style=\"margin-right: 12px;\" src=\"https:\/\/www.ferberpainting.com\/wp-content\/uploads\/2026\/02\/Check.svg\" alt=\"\" width=\"18\" height=\"15\" \/>Kompatibilit\u00e1s k\u00fcl\u00f6nb\u00f6z\u0151 t\u00edpus\u00fa anyagokkal.<\/strong>\u00a0Ez a r\u00f6gz\u00edt\u0151anyag kompatibilis a dekorat\u00edv kavicsokkal, kavicsokkal, term\u00e9szetes aggreg\u00e1tumokkal, z\u00fazott k\u00f6vekkel \u00e9s por\u00f3zus burkol\u00f3k\u00f6vekkel. Haszn\u00e1lhat\u00f3 felhajt\u00f3k, k\u00f6nny\u0171 j\u00e1rm\u0171bej\u00e1r\u00f3k vagy parkol\u00f3k stabiliz\u00e1l\u00e1s\u00e1ra a parkos\u00edtott kertekben, \u00edgy t\u00f6bb k\u00fclt\u00e9ri kert\u00e9p\u00edt\u00e9si projekthez is megfelel\u0151 megold\u00e1s.<\/p>\n<p><strong><img decoding=\"async\" style=\"margin-right: 12px;\" src=\"https:\/\/www.ferberpainting.com\/wp-content\/uploads\/2026\/02\/Check.svg\" alt=\"\" width=\"18\" height=\"15\" \/>Optimaliz\u00e1lt \u00e9s k\u00f6lts\u00e9ghat\u00e9kony teljes\u00edtm\u00e9ny.<\/strong>\u00a0Koncentr\u00e1lt formul\u00e1j\u00e1nak k\u00f6sz\u00f6nhet\u0151en 1 liter term\u00e9k 3 \u00e9s 5 m\u00b2 k\u00f6z\u00f6tti ter\u00fcletet k\u00e9pes lefedni, a kavics porozit\u00e1s\u00e1t\u00f3l \u00e9s a felhordott r\u00e9teg vastags\u00e1g\u00e1t\u00f3l f\u00fcgg\u0151en. Hat\u00e9kony hat\u00e1sa miatt nem sz\u00fcks\u00e9ges gyakori \u00fajb\u00f3li felhord\u00e1s, \u00edgy hossz\u00fa t\u00e1v\u00fa haszn\u00e1lat eset\u00e9n kiv\u00e1l\u00f3 \u00e1r-\u00e9rt\u00e9k ar\u00e1nyt biztos\u00edt.<\/p>\n<p><strong><img decoding=\"async\" style=\"margin-right: 12px;\" src=\"https:\/\/www.ferberpainting.com\/wp-content\/uploads\/2026\/02\/Check.svg\" alt=\"\" width=\"18\" height=\"15\" \/>Biztons\u00e1goss\u00e1g \u00e9s nem toxicit\u00e1s.<\/strong>\u00a0Ez a k\u00f6t\u00e9sr\u00f6gz\u00edt\u0151 nem tartalmaz m\u00e9rgez\u0151 old\u00f3szereket vagy a k\u00f6rnyezetre k\u00e1ros anyagokat. Nem gy\u00fal\u00e9kony, nem tartalmaz agressz\u00edv k\u00e9miai f\u00fcst\u00f6t, \u00e9s nem jelent eg\u00e9szs\u00e9g\u00fcgyi kock\u00e1zatot a felhord\u00f3kra vagy a k\u00f6rnyez\u0151 n\u00f6v\u00e9nyvil\u00e1gra n\u00e9zve. Haszn\u00e1lata biztons\u00e1gos, ak\u00e1r mag\u00e1nter\u00fcleteken, ak\u00e1r k\u00f6zter\u00fcleteken \u00e9s t\u00e1jakon.<\/p>\n<p><strong><img decoding=\"async\" style=\"margin-right: 12px;\" src=\"https:\/\/www.ferberpainting.com\/wp-content\/uploads\/2026\/02\/Check.svg\" alt=\"\" width=\"18\" height=\"15\" \/>K\u00f6nny\u0171 alkalmaz\u00e1s \u00e9s gyors megval\u00f3s\u00edt\u00e1s.<\/strong>\u00a0Ez a fix\u00e1l\u00f3 k\u00e9sz, nem ig\u00e9nyel bonyolult el\u0151k\u00e9sz\u00edt\u00e9st. K\u00f6zvetlen\u00fcl a kavicsra vagy kavicsokra kell felvinni permetez\u0151vel, locsol\u00f3kann\u00e1val vagy hengerrel, biztos\u00edtva a gyors \u00e9s egyenletes felhord\u00e1st. Gyors sz\u00e1rad\u00e1sa lehet\u0151v\u00e9 teszi, hogy a fel\u00fclet r\u00f6vid id\u0151n bel\u00fcl \u00fajra haszn\u00e1latba vehet\u0151 legyen, speci\u00e1lis szersz\u00e1mok n\u00e9lk\u00fcl.<\/p>\n<p><strong><img decoding=\"async\" style=\"margin-right: 12px;\" src=\"https:\/\/www.ferberpainting.com\/wp-content\/uploads\/2026\/02\/Check.svg\" alt=\"\" width=\"18\" height=\"15\" \/>Kiv\u00e1l\u00f3 tart\u00f3ss\u00e1g \u00e9s id\u0151j\u00e1r\u00e1s\u00e1ll\u00f3s\u00e1g.<\/strong>\u00a0A felhord\u00e1s ut\u00e1n ez a fix\u00e1l\u00f3 szil\u00e1rd koh\u00e9zi\u00f3t \u00e9s ellen\u00e1ll\u00e1st biztos\u00edt az \u00e9ghajlati v\u00e1ltoz\u00e1sokkal szemben, hat\u00e9konyan v\u00e9d az es\u0151, a sz\u00e9l vagy a gyakori k\u00f6zleked\u00e9s okozta er\u00f3zi\u00f3 ellen. Korl\u00e1tozza a bar\u00e1zd\u00e1k \u00e9s m\u00e9lyed\u00e9sek kialakul\u00e1s\u00e1t, \u00edgy t\u00f6bb \u00e9vre meghosszabb\u00edtja a stabiliz\u00e1lt fel\u00fcletek tart\u00f3ss\u00e1g\u00e1t \u00e9s eszt\u00e9tikai vonzerej\u00e9t.<\/p>\n<p><strong><img decoding=\"async\" style=\"margin-right: 12px;\" src=\"https:\/\/www.ferberpainting.com\/wp-content\/uploads\/2026\/02\/Check.svg\" alt=\"\" width=\"18\" height=\"15\" \/>Gyorsan hat\u00f3 hat\u00e1s a stabiliz\u00e1lt talajra hossz\u00fa v\u00e1rakoz\u00e1s n\u00e9lk\u00fcl.<\/strong>\u00a0A felhord\u00e1s pillanat\u00e1t\u00f3l kezdve a fix\u00e1l\u00f3szer gyorsan behatol az aggreg\u00e1tumok k\u00f6z\u00e9, \u00e9s n\u00e9h\u00e1ny \u00f3r\u00e1n bel\u00fcl elkezd megszil\u00e1rdulni. Sz\u00e1rad\u00e1si folyamata \u00e1ltal\u00e1ban 24-48 \u00f3r\u00e1n bel\u00fcl zajlik, az \u00e9ghajlati viszonyokt\u00f3l f\u00fcgg\u0151en, biztos\u00edtva a gyors stabiliz\u00e1l\u00e1st an\u00e9lk\u00fcl, hogy a beavatkoz\u00e1si z\u00f3na t\u00fal hossz\u00fa id\u0151re mozg\u00e1sk\u00e9ptelenn\u00e9 v\u00e1lna.<\/p>\n<h2><strong>Haszn\u00e1lati protokoll<\/strong><\/h2>\n<ul>\n<li><strong>Fel\u00fclet el\u0151k\u00e9sz\u00edt\u00e9se :<\/strong> Gy\u0151z\u0151dj\u00f6n meg arr\u00f3l, hogy a kezelend\u0151 ter\u00fclet tiszta, sz\u00e1raz, por- \u00e9s t\u00f6rmel\u00e9kmentes. Ha sz\u00fcks\u00e9ges, a felhord\u00e1s el\u0151tt egyenletesen eloszlatni a kavicsot.<\/li>\n<li><strong>Aj\u00e1nlott adagol\u00e1s :<\/strong> A k\u00f6vek vagy kavicsok porozit\u00e1s\u00e1t\u00f3l \u00e9s szemcsem\u00e9ret\u00e9t\u0151l f\u00fcgg\u0151en k\u00f6r\u00fclbel\u00fcl 1 liter k\u00f6t\u0151anyagot alkalmazzon 3-5 m\u00b2-re. Egy v\u00e9konyabb r\u00e9teg kevesebb term\u00e9ket ig\u00e9nyel, m\u00edg egy nagyon laza fel\u00fclet b\u0151s\u00e9gesebb adagol\u00e1st ig\u00e9nyelhet.<\/li>\n<li><strong>A k\u00f6t\u0151fix\u00e1l\u00f3szer alkalmaz\u00e1sa :<\/strong> \u00d6ntse a term\u00e9ket k\u00f6zvetlen\u00fcl a kavicsra sz\u00f3r\u00f3fejjel, nagy \u00e1tfoly\u00e1s\u00fa locsol\u00f3kann\u00e1val vagy hengerrel. Az egyenletes tapad\u00e1s el\u00e9r\u00e9se \u00e9rdek\u00e9ben gondoskodjon a k\u00f6t\u0151anyag egyenletes eloszl\u00e1s\u00e1r\u00f3l.<\/li>\n<li><strong>Sz\u00e1r\u00edt\u00e1si id\u0151 :<\/strong> A kezelt ter\u00fcletet az id\u0151j\u00e1r\u00e1si viszonyokt\u00f3l f\u00fcgg\u0151en 24-48 \u00f3r\u00e1n \u00e1t hagyja sz\u00e1radni a szabadban. Ez alatt az id\u0151szak alatt ker\u00fclje a kezelt ter\u00fcletet a forgalomt\u00f3l, hogy az aggreg\u00e1tumok k\u00f6t\u0151d\u00e9se optim\u00e1lis legyen.<\/li>\n<li><strong>Karbantart\u00e1s \u00e9s jav\u00edt\u00e1sok :<\/strong> A teljes sz\u00e1rad\u00e1s ut\u00e1n ellen\u0151rizze a fel\u00fclet \u00e1llapot\u00e1t, \u00e9s ha sz\u00fcks\u00e9ges, vigyen fel egy k\u00f6nny\u0171 m\u00e1sodik r\u00e9teget a kavics koh\u00e9zi\u00f3j\u00e1nak meger\u0151s\u00edt\u00e9s\u00e9re. Az \u00e9vek sor\u00e1n bek\u00f6vetkezett term\u00e9szetes kop\u00e1s eset\u00e9n egy egyszer\u0171 \u00fajb\u00f3li felhord\u00e1s helyre\u00e1ll\u00edtja a k\u00f6t\u0151anyag hat\u00e9konys\u00e1g\u00e1t.<\/li>\n<li><strong>A szersz\u00e1mok tiszt\u00edt\u00e1sa :<\/strong> Az \u00f6sszes haszn\u00e1lt eszk\u00f6zt azonnal \u00f6bl\u00edtse le tiszta v\u00edzzel, hogy megel\u0151zze a besz\u00e1radt maradv\u00e1nyokat \u00e9s meghosszabb\u00edtsa a szersz\u00e1mok \u00e9lettartam\u00e1t.<\/li>\n<\/ul>","protected":false},"excerpt":{"rendered":"<p>Effective and Durable Stabilization of Gravel and Pebbles.\u00a0This binding fixative is specially designed to solidify and keep gravel and pebbles in place, preventing their dispersion while maintaining the aesthetics and permeability of the soil. Ideal for pathways, courtyards, terraces, and pedestrian walkways, it offers a durable solution to prevent inconveniences related to displacement and aggregate [&hellip;]<\/p>\n","protected":false},"featured_media":26016,"comment_status":"open","ping_status":"closed","template":"","meta":{"_uag_custom_page_level_css":"","site-sidebar-layout":"default","site-content-layout":"","ast-site-content-layout":"default","site-content-style":"default","site-sidebar-style":"default","ast-global-header-display":"","ast-banner-title-visibility":"","ast-main-header-display":"","ast-hfb-above-header-display":"","ast-hfb-below-header-display":"","ast-hfb-mobile-header-display":"","site-post-title":"","ast-breadcrumbs-content":"","ast-featured-img":"","footer-sml-layout":"","ast-disable-related-posts":"","theme-transparent-header-meta":"default","adv-header-id-meta":"","stick-header-meta":"","header-above-stick-meta":"","header-main-stick-meta":"","header-below-stick-meta":"","astra-migrate-meta-layouts":"set","ast-page-background-enabled":"default","ast-page-background-meta":{"desktop":{"background-color":"var(--ast-global-color-4)","background-image":"","background-repeat":"repeat","background-position":"center center","background-size":"auto","background-attachment":"scroll","background-type":"","background-media":"","overlay-type":"","overlay-color":"","overlay-opacity":"","overlay-gradient":""},"tablet":{"background-color":"","background-image":"","background-repeat":"repeat","background-position":"center center","background-size":"auto","background-attachment":"scroll","background-type":"","background-media":"","overlay-type":"","overlay-color":"","overlay-opacity":"","overlay-gradient":""},"mobile":{"background-color":"","background-image":"","background-repeat":"repeat","background-position":"center center","background-size":"auto","background-attachment":"scroll","background-type":"","background-media":"","overlay-type":"","overlay-color":"","overlay-opacity":"","overlay-gradient":""}},"ast-content-background-meta":{"desktop":{"background-color":"var(--ast-global-color-5)","background-image":"","background-repeat":"repeat","background-position":"center center","background-size":"auto","background-attachment":"scroll","background-type":"","background-media":"","overlay-type":"","overlay-color":"","overlay-opacity":"","overlay-gradient":""},"tablet":{"background-color":"var(--ast-global-color-5)","background-image":"","background-repeat":"repeat","background-position":"center center","background-size":"auto","background-attachment":"scroll","background-type":"","background-media":"","overlay-type":"","overlay-color":"","overlay-opacity":"","overlay-gradient":""},"mobile":{"background-color":"var(--ast-global-color-5)","background-image":"","background-repeat":"repeat","background-position":"center center","background-size":"auto","background-attachment":"scroll","background-type":"","background-media":"","overlay-type":"","overlay-color":"","overlay-opacity":"","overlay-gradient":""}}},"product_brand":[],"product_cat":[176],"product_tag":[],"class_list":{"0":"post-23505","1":"product","2":"type-product","3":"status-publish","4":"has-post-thumbnail","6":"product_cat-concrete-treatment","7":"desktop-align-left","8":"tablet-align-left","9":"mobile-align-left","11":"first","12":"instock","13":"sale","14":"shipping-taxable","15":"purchasable","16":"product-type-variable","17":"has-default-attributes"},"spectra_custom_meta":{"_visibility":["visible"],"_shopify_product_id":["9059464315125"],"_s2w_shopify_domain":["ferberpainting.myshopify.com"],"_shopify_variant_id":["46481188880629"],"_sku":[""],"_manage_stock":["no"],"total_sales":["6197"],"_tax_status":["taxable"],"_tax_class":[""],"_backorders":["no"],"_sold_individually":["no"],"_virtual":["no"],"_downloadable":["no"],"_download_limit":["-1"],"_download_expiry":["-1"],"_stock":[null],"_stock_status":["instock"],"_wc_average_rating":["4.57"],"_wc_review_count":["7"],"_product_attributes":["a:1:{s:6:\"volume\";a:6:{s:4:\"name\";s:6:\"Volume\";s:5:\"value\";s:20:\"5 liters | 25 liters\";s:8:\"position\";i:1;s:10:\"is_visible\";i:0;s:12:\"is_variation\";i:1;s:11:\"is_taxonomy\";i:0;}}"],"_product_version":["10.5.1"],"_thumbnail_id":["26016"],"_product_image_gallery":["26017"],"wpse_downloadable_file_names":[""],"wpse_downloadable_file_urls":[""],"_edit_last":["1"],"_default_attributes":["a:1:{s:6:\"volume\";s:8:\"5 liters\";}"],"_edit_lock":["1776163647:7131"],"merchant-center-availability":["yes"],"merchant-center-category":["2277"],"_wp_page_template":["default"],"site-sidebar-layout":["default"],"ast-site-content-layout":["default"],"site-content-style":["default"],"site-sidebar-style":["default"],"theme-transparent-header-meta":["default"],"_wc_rating_count":["a:2:{i:4;i:3;i:5;i:4;}"],"_upsell_ids":["a:3:{i:0;i:25276;i:1;i:25345;i:2;i:25652;}"],"_crosssell_ids":["a:3:{i:0;i:25276;i:1;i:25345;i:2;i:25652;}"],"_price":["29.90","129.90"],"astra-migrate-meta-layouts":["set"],"_uag_css_file_name":["uag-css-23505.css"],"_elementor_page_assets":["a:0:{}"],"_uag_page_assets":["a:9:{s:3:\"css\";s:7133:\".uag-blocks-common-selector{z-index:var(--z-index-desktop) !important}@media(max-width: 976px){.uag-blocks-common-selector{z-index:var(--z-index-tablet) !important}}@media(max-width: 767px){.uag-blocks-common-selector{z-index:var(--z-index-mobile) !important}}.wp-block-uagb-image{display:flex}.wp-block-uagb-image__figure{position:relative;display:flex;flex-direction:column;max-width:100%;height:auto;margin:0}.wp-block-uagb-image__figure img{height:auto;display:flex;max-width:100%;transition:box-shadow .2s ease}.wp-block-uagb-image__figure>a{display:inline-block}.wp-block-uagb-image__figure figcaption{text-align:center;margin-top:.5em;margin-bottom:1em}.wp-block-uagb-image .components-placeholder.block-editor-media-placeholder .components-placeholder__instructions{align-self:center}.wp-block-uagb-image--align-left{text-align:left}.wp-block-uagb-image--align-right{text-align:right}.wp-block-uagb-image--align-center{text-align:center}.wp-block-uagb-image--align-full .wp-block-uagb-image__figure{margin-left:calc(50% - 50vw);margin-right:calc(50% - 50vw);max-width:100vw;width:100vw;height:auto}.wp-block-uagb-image--align-full .wp-block-uagb-image__figure img{height:auto;width:100% !important}.wp-block-uagb-image--align-wide .wp-block-uagb-image__figure img{height:auto;width:100%}.wp-block-uagb-image--layout-overlay__color-wrapper{position:absolute;left:0;top:0;right:0;bottom:0;opacity:.2;background:rgba(0,0,0,.5);transition:opacity .35s ease-in-out}.wp-block-uagb-image--layout-overlay-link{position:absolute;left:0;right:0;bottom:0;top:0}.wp-block-uagb-image--layout-overlay .wp-block-uagb-image__figure:hover .wp-block-uagb-image--layout-overlay__color-wrapper{opacity:1}.wp-block-uagb-image--layout-overlay__inner{position:absolute;left:15px;right:15px;bottom:15px;top:15px;display:flex;align-items:center;justify-content:center;flex-direction:column;border-color:#fff;transition:.35s ease-in-out}.wp-block-uagb-image--layout-overlay__inner.top-left,.wp-block-uagb-image--layout-overlay__inner.top-center,.wp-block-uagb-image--layout-overlay__inner.top-right{justify-content:flex-start}.wp-block-uagb-image--layout-overlay__inner.bottom-left,.wp-block-uagb-image--layout-overlay__inner.bottom-center,.wp-block-uagb-image--layout-overlay__inner.bottom-right{justify-content:flex-end}.wp-block-uagb-image--layout-overlay__inner.top-left,.wp-block-uagb-image--layout-overlay__inner.center-left,.wp-block-uagb-image--layout-overlay__inner.bottom-left{align-items:flex-start}.wp-block-uagb-image--layout-overlay__inner.top-right,.wp-block-uagb-image--layout-overlay__inner.center-right,.wp-block-uagb-image--layout-overlay__inner.bottom-right{align-items:flex-end}.wp-block-uagb-image--layout-overlay__inner .uagb-image-heading{color:#fff;transition:transform .35s,opacity .35s ease-in-out;transform:translate3d(0, 24px, 0);margin:0;line-height:1em}.wp-block-uagb-image--layout-overlay__inner .uagb-image-separator{width:30%;border-top-width:2px;border-top-color:#fff;border-top-style:solid;margin-bottom:10px;opacity:0;transition:transform .4s,opacity .4s ease-in-out;transform:translate3d(0, 30px, 0)}.wp-block-uagb-image--layout-overlay__inner .uagb-image-caption{opacity:0;overflow:visible;color:#fff;transition:transform .45s,opacity .45s ease-in-out;transform:translate3d(0, 35px, 0)}.wp-block-uagb-image--layout-overlay__inner:hover .uagb-image-heading,.wp-block-uagb-image--layout-overlay__inner:hover .uagb-image-separator,.wp-block-uagb-image--layout-overlay__inner:hover .uagb-image-caption{opacity:1;transform:translate3d(0, 0, 0)}.wp-block-uagb-image--effect-zoomin .wp-block-uagb-image__figure img,.wp-block-uagb-image--effect-zoomin .wp-block-uagb-image__figure .wp-block-uagb-image--layout-overlay__color-wrapper{transform:scale(1);transition:transform .35s ease-in-out}.wp-block-uagb-image--effect-zoomin .wp-block-uagb-image__figure:hover img,.wp-block-uagb-image--effect-zoomin .wp-block-uagb-image__figure:hover .wp-block-uagb-image--layout-overlay__color-wrapper{transform:scale(1.05)}.wp-block-uagb-image--effect-slide .wp-block-uagb-image__figure img,.wp-block-uagb-image--effect-slide .wp-block-uagb-image__figure .wp-block-uagb-image--layout-overlay__color-wrapper{width:calc(100% + 40px) !important;max-width:none !important;transform:translate3d(-40px, 0, 0);transition:transform .35s ease-in-out}.wp-block-uagb-image--effect-slide .wp-block-uagb-image__figure:hover img,.wp-block-uagb-image--effect-slide .wp-block-uagb-image__figure:hover .wp-block-uagb-image--layout-overlay__color-wrapper{transform:translate3d(0, 0, 0)}.wp-block-uagb-image--effect-grayscale img{filter:grayscale(0%);transition:.35s ease-in-out}.wp-block-uagb-image--effect-grayscale:hover img{filter:grayscale(100%)}.wp-block-uagb-image--effect-blur img{filter:blur(0);transition:.35s ease-in-out}.wp-block-uagb-image--effect-blur:hover img{filter:blur(3px)}.uagb-block-e6f939b3.wp-block-uagb-image--layout-default figure img{box-shadow: 0px 0px 0 #00000070;}.uagb-block-e6f939b3.wp-block-uagb-image .wp-block-uagb-image__figure figcaption{font-style: normal;align-self: center;}.uagb-block-e6f939b3.wp-block-uagb-image--layout-overlay figure img{box-shadow: 0px 0px 0 #00000070;}.uagb-block-e6f939b3.wp-block-uagb-image--layout-overlay .wp-block-uagb-image--layout-overlay__color-wrapper{opacity: 0.2;}.uagb-block-e6f939b3.wp-block-uagb-image--layout-overlay .wp-block-uagb-image--layout-overlay__inner{left: 15px;right: 15px;top: 15px;bottom: 15px;}.uagb-block-e6f939b3.wp-block-uagb-image--layout-overlay .wp-block-uagb-image--layout-overlay__inner .uagb-image-heading{font-style: normal;color: #fff;opacity: 1;}.uagb-block-e6f939b3.wp-block-uagb-image--layout-overlay .wp-block-uagb-image--layout-overlay__inner .uagb-image-heading a{color: #fff;}.uagb-block-e6f939b3.wp-block-uagb-image--layout-overlay .wp-block-uagb-image--layout-overlay__inner .uagb-image-caption{opacity: 0;}.uagb-block-e6f939b3.wp-block-uagb-image--layout-overlay .wp-block-uagb-image__figure:hover .wp-block-uagb-image--layout-overlay__color-wrapper{opacity: 1;}.uagb-block-e6f939b3.wp-block-uagb-image .wp-block-uagb-image--layout-overlay__inner .uagb-image-separator{width: 30%;border-top-width: 2px;border-top-color: #fff;opacity: 0;}.uagb-block-e6f939b3.wp-block-uagb-image .wp-block-uagb-image__figure img{width: px;height: auto;}.uagb-block-e6f939b3.wp-block-uagb-image .wp-block-uagb-image__figure:hover .wp-block-uagb-image--layout-overlay__inner .uagb-image-caption{opacity: 1;}.uagb-block-e6f939b3.wp-block-uagb-image .wp-block-uagb-image__figure:hover .wp-block-uagb-image--layout-overlay__inner .uagb-image-separator{opacity: 1;}.uagb-block-e6f939b3.wp-block-uagb-image--layout-default figure:hover img{box-shadow: 0px 0px 0 #00000070;}.uagb-block-e6f939b3.wp-block-uagb-image--layout-overlay figure:hover img{box-shadow: 0px 0px 0 #00000070;}@media only screen and (max-width: 976px) {.uagb-block-e6f939b3.wp-block-uagb-image .wp-block-uagb-image__figure img{width: px;height: auto;}}@media only screen and (max-width: 767px) {.uagb-block-e6f939b3.wp-block-uagb-image .wp-block-uagb-image__figure img{width: px;height: auto;}}\";s:2:\"js\";s:0:\"\";s:18:\"current_block_list\";a:13:{i:0;s:11:\"core\/search\";i:1;s:10:\"core\/group\";i:2;s:12:\"core\/heading\";i:3;s:17:\"core\/latest-posts\";i:4;s:20:\"core\/latest-comments\";i:5;s:13:\"core\/archives\";i:6;s:15:\"core\/categories\";i:7;s:14:\"core\/paragraph\";i:8;s:10:\"uagb\/image\";i:9;s:11:\"core\/spacer\";i:10;s:30:\"woocommerce\/product-categories\";i:11;s:10:\"core\/image\";i:12;s:14:\"core\/shortcode\";}s:8:\"uag_flag\";b:1;s:11:\"uag_version\";s:10:\"1776776630\";s:6:\"gfonts\";a:0:{}s:10:\"gfonts_url\";s:0:\"\";s:12:\"gfonts_files\";a:0:{}s:14:\"uag_faq_layout\";b:0;}"]},"uagb_featured_image_src":{"full":["https:\/\/www.ferberpainting.com\/wp-content\/uploads\/2025\/05\/GravelandStoneBinder5L.png",2560,2560,false],"thumbnail":["https:\/\/www.ferberpainting.com\/wp-content\/uploads\/2025\/05\/GravelandStoneBinder5L-150x150.png",150,150,true],"medium":["https:\/\/www.ferberpainting.com\/wp-content\/uploads\/2025\/05\/GravelandStoneBinder5L-300x300.png",300,300,true],"medium_large":["https:\/\/www.ferberpainting.com\/wp-content\/uploads\/2025\/05\/GravelandStoneBinder5L-768x768.png",768,768,true],"large":["https:\/\/www.ferberpainting.com\/wp-content\/uploads\/2025\/05\/GravelandStoneBinder5L-1024x1024.png",1024,1024,true],"1536x1536":["https:\/\/www.ferberpainting.com\/wp-content\/uploads\/2025\/05\/GravelandStoneBinder5L-1536x1536.png",1536,1536,true],"2048x2048":["https:\/\/www.ferberpainting.com\/wp-content\/uploads\/2025\/05\/GravelandStoneBinder5L-2048x2048.png",2048,2048,true],"trp-custom-language-flag":["https:\/\/www.ferberpainting.com\/wp-content\/uploads\/2025\/05\/GravelandStoneBinder5L-12x12.png",12,12,true],"woocommerce_thumbnail":["https:\/\/www.ferberpainting.com\/wp-content\/uploads\/2025\/05\/GravelandStoneBinder5L-300x300.png",300,300,true],"woocommerce_single":["https:\/\/www.ferberpainting.com\/wp-content\/uploads\/2025\/05\/GravelandStoneBinder5L-600x600.png",600,600,true],"woocommerce_gallery_thumbnail":["https:\/\/www.ferberpainting.com\/wp-content\/uploads\/2025\/05\/GravelandStoneBinder5L-100x100.png",100,100,true]},"uagb_author_info":{"display_name":"admin","author_link":"https:\/\/www.ferberpainting.com\/hu\/author\/"},"uagb_comment_info":7,"uagb_excerpt":"Effective and Durable Stabilization of Gravel and Pebbles.\u00a0This binding fixative is specially designed to solidify and keep gravel and pebbles in place, preventing their dispersion while maintaining the aesthetics and permeability of the soil. Ideal for pathways, courtyards, terraces, and pedestrian walkways, it offers a durable solution to prevent inconveniences related to displacement and aggregate&hellip;","_links":{"self":[{"href":"https:\/\/www.ferberpainting.com\/hu\/wp-json\/wp\/v2\/product\/23505","targetHints":{"allow":["GET"]}}],"collection":[{"href":"https:\/\/www.ferberpainting.com\/hu\/wp-json\/wp\/v2\/product"}],"about":[{"href":"https:\/\/www.ferberpainting.com\/hu\/wp-json\/wp\/v2\/types\/product"}],"replies":[{"embeddable":true,"href":"https:\/\/www.ferberpainting.com\/hu\/wp-json\/wp\/v2\/comments?post=23505"}],"version-history":[{"count":4,"href":"https:\/\/www.ferberpainting.com\/hu\/wp-json\/wp\/v2\/product\/23505\/revisions"}],"predecessor-version":[{"id":166265,"href":"https:\/\/www.ferberpainting.com\/hu\/wp-json\/wp\/v2\/product\/23505\/revisions\/166265"}],"wp:featuredmedia":[{"embeddable":true,"href":"https:\/\/www.ferberpainting.com\/hu\/wp-json\/wp\/v2\/media\/26016"}],"wp:attachment":[{"href":"https:\/\/www.ferberpainting.com\/hu\/wp-json\/wp\/v2\/media?parent=23505"}],"wp:term":[{"taxonomy":"product_brand","embeddable":true,"href":"https:\/\/www.ferberpainting.com\/hu\/wp-json\/wp\/v2\/product_brand?post=23505"},{"taxonomy":"product_cat","embeddable":true,"href":"https:\/\/www.ferberpainting.com\/hu\/wp-json\/wp\/v2\/product_cat?post=23505"},{"taxonomy":"product_tag","embeddable":true,"href":"https:\/\/www.ferberpainting.com\/hu\/wp-json\/wp\/v2\/product_tag?post=23505"}],"curies":[{"name":"wp","href":"https:\/\/api.w.org\/{rel}","templated":true}]}}