{"id":23504,"date":"2025-05-26T10:24:26","date_gmt":"2025-05-26T08:24:26","guid":{"rendered":"https:\/\/www.ferberpainting.com\/products\/grape-vine-fertilizer\/"},"modified":"2026-02-15T15:55:49","modified_gmt":"2026-02-15T14:55:49","slug":"grape-vine-fertilizer","status":"publish","type":"product","link":"https:\/\/www.ferberpainting.com\/hu\/products\/grape-vine-fertilizer\/","title":{"rendered":"Sz\u0151l\u0151tr\u00e1gya 25 kg"},"content":{"rendered":"<p><strong><img decoding=\"async\" style=\"margin-right: 12px;\" src=\"https:\/\/www.ferberpainting.com\/wp-content\/uploads\/2026\/02\/Check.svg\" alt=\"\" width=\"18\" height=\"15\" \/>Teljes \u00e9rt\u00e9k\u0171 m\u0171tr\u00e1gya az eg\u00e9szs\u00e9ges \u00e9s term\u0151k\u00e9pes sz\u0151l\u0151\u00e9rt.<\/strong>\u00a0A sz\u0151l\u0151termeszt\u00e9s pontos t\u00e1panyagell\u00e1t\u00e1st ig\u00e9nyel az er\u0151teljes n\u00f6veked\u00e9s, a b\u0151s\u00e9ges term\u00e9shozam \u00e9s az optim\u00e1lis betegs\u00e9gekkel szembeni ellen\u00e1ll\u00f3 k\u00e9pess\u00e9g biztos\u00edt\u00e1sa \u00e9rdek\u00e9ben. Ezt a m\u0171tr\u00e1gy\u00e1t kifejezetten a sz\u0151l\u0151 speci\u00e1lis ig\u00e9nyeinek megfelel\u0151en \u00e1ll\u00edtott\u00e1k \u00f6ssze, k\u00f6sz\u00f6nhet\u0151en a t\u00f6k\u00e9letesen kiegyens\u00falyozott nitrog\u00e9n-, foszfor- \u00e9s k\u00e1liumtartalm\u00e1nak (NPK 10-10-10). El\u0151seg\u00edti a m\u00e9ly gy\u00f6k\u00e9rfejl\u0151d\u00e9st, az eg\u00e9szs\u00e9ges lev\u00e9lterm\u00e9st \u00e9s a jobb f\u00fcrt\u00e9r\u00e9st, \u00edgy biztos\u00edtva a kiv\u00e1l\u00f3 min\u0151s\u00e9g\u0171 term\u00e9st.<\/p>\n<p><strong><img decoding=\"async\" style=\"margin-right: 12px;\" src=\"https:\/\/www.ferberpainting.com\/wp-content\/uploads\/2026\/02\/Check.svg\" alt=\"\" width=\"18\" height=\"15\" \/>P\u00e9nzvisszafizet\u00e9si garancia.<\/strong>\u00a0Hisz\u00fcnk a m\u0171tr\u00e1gy\u00e1nk hat\u00e9konys\u00e1g\u00e1ban \u00e9s a haszn\u00e1lat els\u0151 heteiben l\u00e1that\u00f3 eredm\u00e9nyekben. Ha a javasolt alkalmaz\u00e1s ellen\u00e9re sem \u00e9szlel jelent\u0151s javul\u00e1st a sz\u0151l\u0151j\u00e9n, v\u00e1llaljuk, hogy teljes m\u00e9rt\u00e9kben visszat\u00e9r\u00edtj\u00fck az \u00e1r\u00e1t.<\/p>\n<p><strong><img decoding=\"async\" style=\"margin-right: 12px;\" src=\"https:\/\/www.ferberpainting.com\/wp-content\/uploads\/2026\/02\/Check.svg\" alt=\"\" width=\"18\" height=\"15\" \/>Alkalmas k\u00fcl\u00f6nb\u00f6z\u0151 talajt\u00edpusokhoz \u00e9s kult\u00far\u00e1khoz.<\/strong>\u00a0Ak\u00e1r homokos, meszes, agyagos vagy iszapos a talaj, ez a m\u0171tr\u00e1gya minden t\u00edpus\u00fa term\u0151f\u00f6ld\u00f6n hat\u00e9kony. M\u00e1s gy\u00fcm\u00f6lcskult\u00far\u00e1khoz, k\u00fcl\u00f6n\u00f6sen alma-, k\u00f6rte-, \u0151szibarack- \u00e9s cseresznyef\u00e1khoz is alkalmas, k\u00f6sz\u00f6nhet\u0151en az alapvet\u0151 t\u00e1panyagokkal d\u00fas\u00edtott univerz\u00e1lis formul\u00e1j\u00e1nak.<\/p>\n<p><strong><img decoding=\"async\" style=\"margin-right: 12px;\" src=\"https:\/\/www.ferberpainting.com\/wp-content\/uploads\/2026\/02\/Check.svg\" alt=\"\" width=\"18\" height=\"15\" \/>Kiv\u00e9teles k\u00f6lts\u00e9ghat\u00e9konys\u00e1g.<\/strong>\u00a0Felhaszn\u00e1l\u00e1sra k\u00e9sz szil\u00e1rd formul\u00e1j\u00e1nak k\u00f6sz\u00f6nhet\u0151en ez a m\u0171tr\u00e1gya hat\u00e9kony \u00e9s hosszan tart\u00f3 tr\u00e1gy\u00e1z\u00e1st biztos\u00edt. A sz\u0151l\u0151nk\u00e9nti 200 g-os hozammal egy 25 kg-os zs\u00e1k ak\u00e1r 125 t\u0151k\u00e9t is k\u00e9pes kezelni, \u00edgy cs\u00f6kkentve a fenntart\u00e1si k\u00f6lts\u00e9geket \u00e9s maximaliz\u00e1lva a sz\u0151l\u0151\u00fcltetv\u00e9nyek j\u00f6vedelmez\u0151s\u00e9g\u00e9t.<\/p>\n<p><strong><img decoding=\"async\" style=\"margin-right: 12px;\" src=\"https:\/\/www.ferberpainting.com\/wp-content\/uploads\/2026\/02\/Check.svg\" alt=\"\" width=\"18\" height=\"15\" \/>A k\u00f6rnyezet sz\u00e1m\u00e1ra biztons\u00e1gos term\u00e9k.<\/strong>\u00a0Ez a m\u0171tr\u00e1gya nem tartalmaz m\u00e9rgez\u0151 \u00f6sszetev\u0151ket vagy k\u00e1ros adal\u00e9kanyagokat, \u00edgy biztos\u00edtva a talaj, a biol\u00f3giai sokf\u00e9les\u00e9g \u00e9s a talajv\u00edz tiszteletben tart\u00e1s\u00e1t. Nem hagy vegyszermaradv\u00e1nyt a sz\u0151l\u0151ben, \u00edgy biztos\u00edtva az eg\u00e9szs\u00e9ges \u00e9s fenntarthat\u00f3 bortermel\u00e9st.<\/p>\n<p><strong><img decoding=\"async\" style=\"margin-right: 12px;\" src=\"https:\/\/www.ferberpainting.com\/wp-content\/uploads\/2026\/02\/Check.svg\" alt=\"\" width=\"18\" height=\"15\" \/>K\u00f6nnyen alkalmazhat\u00f3, nincs sz\u00fcks\u00e9g h\u00edg\u00edt\u00e1sra.<\/strong>\u00a0A foly\u00e9kony m\u0171tr\u00e1gy\u00e1kkal ellent\u00e9tben, amelyekhez el\u0151zetes kever\u00e9s sz\u00fcks\u00e9ges, ez a m\u0171tr\u00e1gya szil\u00e1rd form\u00e1ban \u00e9rkezik, \u00e9s k\u00f6zvetlen\u00fcl az egyes t\u0151k\u00e9k t\u00f6v\u00e9be ker\u00fcl. Haszn\u00e1lata egyszer\u0171, \u00e9s nem ig\u00e9nyel speci\u00e1lis felszerel\u00e9st, \u00edgy a hivat\u00e1sos termel\u0151k \u00e9s az amat\u0151r\u00f6k sz\u00e1m\u00e1ra egyar\u00e1nt k\u00f6nnyen alkalmazhat\u00f3.<\/p>\n<p><strong><img decoding=\"async\" style=\"margin-right: 12px;\" src=\"https:\/\/www.ferberpainting.com\/wp-content\/uploads\/2026\/02\/Check.svg\" alt=\"\" width=\"18\" height=\"15\" \/>Fokozatos \u00e9s tart\u00f3s megterm\u00e9keny\u00edt\u00e9s.<\/strong>\u00a0Kiegyens\u00falyozott \u00f6sszet\u00e9tel\u00e9nek k\u00f6sz\u00f6nhet\u0151en a m\u0171tr\u00e1gya fokozatosan szabad\u00edtja fel a t\u00e1panyagokat, \u00edgy biztos\u00edtva a folyamatos n\u00f6veked\u00e9st az eg\u00e9sz teny\u00e9szid\u0151szak alatt. Seg\u00edt meger\u0151s\u00edteni a sz\u0151l\u0151 term\u00e9szetes ellen\u00e1ll\u00f3 k\u00e9pess\u00e9g\u00e9t az \u00e9ghajlati stresszel \u00e9s a betegs\u00e9gekkel szemben, \u00edgy biztos\u00edtva az egyenletes \u00e9s kiv\u00e1l\u00f3 min\u0151s\u00e9g\u0171 term\u00e9st.<\/p>\n<p><strong><img decoding=\"async\" style=\"margin-right: 12px;\" src=\"https:\/\/www.ferberpainting.com\/wp-content\/uploads\/2026\/02\/Check.svg\" alt=\"\" width=\"18\" height=\"15\" \/>N\u00e9h\u00e1ny h\u00e9ten bel\u00fcl l\u00e1that\u00f3 eredm\u00e9nyek.<\/strong>\u00a0Alkalmaz\u00e1sakor ez a m\u0171tr\u00e1gya el\u0151seg\u00edti az \u00e1sv\u00e1nyi anyagok jobb felsz\u00edv\u00f3d\u00e1s\u00e1t, lehet\u0151v\u00e9 t\u00e9ve a lombozat gyors z\u00f6ld\u00fcl\u00e9s\u00e9t \u00e9s a sz\u0151l\u0151f\u00fcrt\u00f6k gyorsabb n\u00f6veked\u00e9s\u00e9t. Hat\u00e9konys\u00e1g\u00e1t a l\u00e1that\u00f3an eg\u00e9szs\u00e9gesebb t\u0151k\u00e9k, nagyobb f\u00fcrt\u00f6k \u00e9s \u00e9desebb, sz\u00ednesebb gy\u00fcm\u00f6lcs\u00f6k bizony\u00edtj\u00e1k.<\/p>\n<h2><strong>Haszn\u00e1lati protokoll<\/strong><\/h2>\n<ul>\n<li><strong>Jelentkez\u00e9si id\u0151szak <\/strong>: Ide\u00e1lis esetben a m\u0171tr\u00e1gy\u00e1t tavasz elej\u00e9n \u00e9s ny\u00e1r v\u00e9g\u00e9n kell kijuttatni, hogy t\u00e1mogassa a tavaszi n\u00f6veked\u00e9st \u00e9s a sz\u0151l\u0151 t\u00e9li felk\u00e9sz\u00fcl\u00e9s\u00e9t.<\/li>\n<li><strong>Talaj el\u0151k\u00e9sz\u00edt\u00e9s <\/strong>: A kijuttat\u00e1s el\u0151tt gyoml\u00e1lja \u00e9s kiss\u00e9 laz\u00edtsa meg a talajt a sz\u0151l\u0151 t\u00f6ve k\u00f6r\u00fcl, hogy a t\u00e1panyagok optim\u00e1lisan behatoljanak.<\/li>\n<li><strong>Aj\u00e1nlott adagol\u00e1s <\/strong>: Sz\u0151l\u0151nk\u00e9nt 200 g m\u0171tr\u00e1gy\u00e1t kell kijuttatni, a term\u00e9ket a t\u00f6rzs k\u00f6r\u00fcl, kb. 15 cm t\u00e1vols\u00e1gban elosztva.<\/li>\n<li><strong>Bejegyz\u00e9s <\/strong>: A m\u0171tr\u00e1gy\u00e1t enyh\u00e9n keverje \u00f6ssze a felsz\u00edni talajjal, hogy megakad\u00e1lyozza az es\u0151 \u00e1ltali kimos\u00f3d\u00e1st \u00e9s el\u0151seg\u00edtse a t\u00e1panyagok fokozatos diff\u00fazi\u00f3j\u00e1t.<\/li>\n<li><strong>\u00d6nt\u00f6z\u00e9s a kijuttat\u00e1s ut\u00e1n <\/strong>: A m\u0171tr\u00e1gya kijuttat\u00e1sa ut\u00e1n b\u0151s\u00e9gesen \u00f6nt\u00f6zze meg a kezelt ter\u00fcletet, hogy felgyors\u00edtsa az \u00e1sv\u00e1nyi anyagok gy\u00f6kerek \u00e1ltali felsz\u00edv\u00f3d\u00e1s\u00e1t.<\/li>\n<li><strong>Alkalmaz\u00e1si gyakoris\u00e1g <\/strong>: Az optim\u00e1lis tr\u00e1gy\u00e1z\u00e1s \u00e9rdek\u00e9ben 3 havonta ism\u00e9telje meg a kijuttat\u00e1st, \u00fcgyelve arra, hogy ne adagolja t\u00fal a nitrog\u00e9n t\u00faladagol\u00e1s\u00e1t, hogy elker\u00fclje a sz\u0151l\u0151 min\u0151s\u00e9g\u00e9t befoly\u00e1sol\u00f3 nitrog\u00e9nfelesleget.<\/li>\n<\/ul>\n<p>Ez a m\u0171tr\u00e1gya ide\u00e1lis sz\u00f6vets\u00e9ges az er\u0151teljes sz\u0151l\u0151, a b\u0151s\u00e9ges term\u00e9s \u00e9s a kiv\u00e1l\u00f3 sz\u0151l\u0151min\u0151s\u00e9g el\u00e9r\u00e9s\u00e9hez. Ak\u00e1r hivat\u00e1sos sz\u0151l\u0151termel\u0151, ak\u00e1r kert\u00e9szked\u00e9s szerelmese, gyorsan l\u00e1that\u00f3 eredm\u00e9nyeket garant\u00e1l, egyszer\u0171 \u00e9s kock\u00e1zatmentes alkalmaz\u00e1ssal a k\u00f6rnyezet\u00e9re n\u00e9zve.<\/p>","protected":false},"excerpt":{"rendered":"<p>A complete fertilizer for a healthy and productive vine.\u00a0Vine cultivation requires a precise nutritional contribution to ensure vigorous growth, abundant fruiting, and optimal disease resistance. This fertilizer is specially formulated to meet the specific needs of the vine, thanks to its perfectly balanced content of nitrogen, phosphorus, and potassium (NPK 10-10-10). It promotes deep root [&hellip;]<\/p>\n","protected":false},"featured_media":26015,"comment_status":"open","ping_status":"closed","template":"","meta":{"_uag_custom_page_level_css":"","site-sidebar-layout":"default","site-content-layout":"","ast-site-content-layout":"default","site-content-style":"default","site-sidebar-style":"default","ast-global-header-display":"","ast-banner-title-visibility":"","ast-main-header-display":"","ast-hfb-above-header-display":"","ast-hfb-below-header-display":"","ast-hfb-mobile-header-display":"","site-post-title":"","ast-breadcrumbs-content":"","ast-featured-img":"","footer-sml-layout":"","ast-disable-related-posts":"","theme-transparent-header-meta":"default","adv-header-id-meta":"","stick-header-meta":"","header-above-stick-meta":"","header-main-stick-meta":"","header-below-stick-meta":"","astra-migrate-meta-layouts":"set","ast-page-background-enabled":"default","ast-page-background-meta":{"desktop":{"background-color":"var(--ast-global-color-4)","background-image":"","background-repeat":"repeat","background-position":"center center","background-size":"auto","background-attachment":"scroll","background-type":"","background-media":"","overlay-type":"","overlay-color":"","overlay-opacity":"","overlay-gradient":""},"tablet":{"background-color":"","background-image":"","background-repeat":"repeat","background-position":"center center","background-size":"auto","background-attachment":"scroll","background-type":"","background-media":"","overlay-type":"","overlay-color":"","overlay-opacity":"","overlay-gradient":""},"mobile":{"background-color":"","background-image":"","background-repeat":"repeat","background-position":"center center","background-size":"auto","background-attachment":"scroll","background-type":"","background-media":"","overlay-type":"","overlay-color":"","overlay-opacity":"","overlay-gradient":""}},"ast-content-background-meta":{"desktop":{"background-color":"var(--ast-global-color-5)","background-image":"","background-repeat":"repeat","background-position":"center center","background-size":"auto","background-attachment":"scroll","background-type":"","background-media":"","overlay-type":"","overlay-color":"","overlay-opacity":"","overlay-gradient":""},"tablet":{"background-color":"var(--ast-global-color-5)","background-image":"","background-repeat":"repeat","background-position":"center center","background-size":"auto","background-attachment":"scroll","background-type":"","background-media":"","overlay-type":"","overlay-color":"","overlay-opacity":"","overlay-gradient":""},"mobile":{"background-color":"var(--ast-global-color-5)","background-image":"","background-repeat":"repeat","background-position":"center center","background-size":"auto","background-attachment":"scroll","background-type":"","background-media":"","overlay-type":"","overlay-color":"","overlay-opacity":"","overlay-gradient":""}}},"product_brand":[],"product_cat":[178],"product_tag":[],"class_list":{"0":"post-23504","1":"product","2":"type-product","3":"status-publish","4":"has-post-thumbnail","6":"product_cat-fertilizers","7":"desktop-align-left","8":"tablet-align-left","9":"mobile-align-left","11":"first","12":"instock","13":"taxable","14":"shipping-taxable","15":"purchasable","16":"product-type-simple"},"spectra_custom_meta":{"_visibility":["visible"],"_shopify_product_id":["9073283825909"],"_s2w_shopify_domain":["ferberpainting.myshopify.com"],"_shopify_variant_id":["46524539535605"],"_sku":["FPGRAPEVINEFERTILIZER25KG"],"_regular_price":["39.90"],"_price":["39.90"],"_sale_price":[""],"_weight":["18.7"],"_thumbnail_id":["26015"],"_global_unique_id":["5056773817951"],"total_sales":["32"],"_tax_status":["taxable"],"_tax_class":[""],"_manage_stock":["no"],"_backorders":["no"],"_sold_individually":["no"],"_virtual":["no"],"_downloadable":["no"],"_download_limit":["-1"],"_download_expiry":["-1"],"_stock":[null],"_stock_status":["instock"],"_wc_average_rating":["5.00"],"_wc_review_count":["31"],"_product_version":["10.5.1"],"_wc_rating_count":["a:1:{i:5;i:31;}"],"_edit_lock":["1771167278:1"],"merchant-center-availability":["yes"],"merchant-center-category":["113"],"_edit_last":["1"],"_wp_page_template":["default"],"site-sidebar-layout":["default"],"ast-site-content-layout":["default"],"site-content-style":["default"],"site-sidebar-style":["default"],"theme-transparent-header-meta":["default"],"astra-migrate-meta-layouts":["set"],"_uag_css_file_name":["uag-css-23504.css"],"_elementor_page_assets":["a:0:{}"],"_uag_page_assets":["a:9:{s:3:\"css\";s:6873:\".wp-block-uagb-image{display:flex}.wp-block-uagb-image__figure{position:relative;display:flex;flex-direction:column;max-width:100%;height:auto;margin:0}.wp-block-uagb-image__figure img{height:auto;display:flex;max-width:100%;transition:box-shadow .2s ease}.wp-block-uagb-image__figure>a{display:inline-block}.wp-block-uagb-image__figure figcaption{text-align:center;margin-top:.5em;margin-bottom:1em}.wp-block-uagb-image .components-placeholder.block-editor-media-placeholder .components-placeholder__instructions{align-self:center}.wp-block-uagb-image--align-left{text-align:left}.wp-block-uagb-image--align-right{text-align:right}.wp-block-uagb-image--align-center{text-align:center}.wp-block-uagb-image--align-full .wp-block-uagb-image__figure{margin-left:calc(50% - 50vw);margin-right:calc(50% - 50vw);max-width:100vw;width:100vw;height:auto}.wp-block-uagb-image--align-full .wp-block-uagb-image__figure img{height:auto;width:100% !important}.wp-block-uagb-image--align-wide .wp-block-uagb-image__figure img{height:auto;width:100%}.wp-block-uagb-image--layout-overlay__color-wrapper{position:absolute;left:0;top:0;right:0;bottom:0;opacity:.2;background:rgba(0,0,0,.5);transition:opacity .35s ease-in-out}.wp-block-uagb-image--layout-overlay-link{position:absolute;left:0;right:0;bottom:0;top:0}.wp-block-uagb-image--layout-overlay .wp-block-uagb-image__figure:hover .wp-block-uagb-image--layout-overlay__color-wrapper{opacity:1}.wp-block-uagb-image--layout-overlay__inner{position:absolute;left:15px;right:15px;bottom:15px;top:15px;display:flex;align-items:center;justify-content:center;flex-direction:column;border-color:#fff;transition:.35s ease-in-out}.wp-block-uagb-image--layout-overlay__inner.top-left,.wp-block-uagb-image--layout-overlay__inner.top-center,.wp-block-uagb-image--layout-overlay__inner.top-right{justify-content:flex-start}.wp-block-uagb-image--layout-overlay__inner.bottom-left,.wp-block-uagb-image--layout-overlay__inner.bottom-center,.wp-block-uagb-image--layout-overlay__inner.bottom-right{justify-content:flex-end}.wp-block-uagb-image--layout-overlay__inner.top-left,.wp-block-uagb-image--layout-overlay__inner.center-left,.wp-block-uagb-image--layout-overlay__inner.bottom-left{align-items:flex-start}.wp-block-uagb-image--layout-overlay__inner.top-right,.wp-block-uagb-image--layout-overlay__inner.center-right,.wp-block-uagb-image--layout-overlay__inner.bottom-right{align-items:flex-end}.wp-block-uagb-image--layout-overlay__inner .uagb-image-heading{color:#fff;transition:transform .35s,opacity .35s ease-in-out;transform:translate3d(0, 24px, 0);margin:0;line-height:1em}.wp-block-uagb-image--layout-overlay__inner .uagb-image-separator{width:30%;border-top-width:2px;border-top-color:#fff;border-top-style:solid;margin-bottom:10px;opacity:0;transition:transform .4s,opacity .4s ease-in-out;transform:translate3d(0, 30px, 0)}.wp-block-uagb-image--layout-overlay__inner .uagb-image-caption{opacity:0;overflow:visible;color:#fff;transition:transform .45s,opacity .45s ease-in-out;transform:translate3d(0, 35px, 0)}.wp-block-uagb-image--layout-overlay__inner:hover .uagb-image-heading,.wp-block-uagb-image--layout-overlay__inner:hover .uagb-image-separator,.wp-block-uagb-image--layout-overlay__inner:hover .uagb-image-caption{opacity:1;transform:translate3d(0, 0, 0)}.wp-block-uagb-image--effect-zoomin .wp-block-uagb-image__figure img,.wp-block-uagb-image--effect-zoomin .wp-block-uagb-image__figure .wp-block-uagb-image--layout-overlay__color-wrapper{transform:scale(1);transition:transform .35s ease-in-out}.wp-block-uagb-image--effect-zoomin .wp-block-uagb-image__figure:hover img,.wp-block-uagb-image--effect-zoomin .wp-block-uagb-image__figure:hover .wp-block-uagb-image--layout-overlay__color-wrapper{transform:scale(1.05)}.wp-block-uagb-image--effect-slide .wp-block-uagb-image__figure img,.wp-block-uagb-image--effect-slide .wp-block-uagb-image__figure .wp-block-uagb-image--layout-overlay__color-wrapper{width:calc(100% + 40px) !important;max-width:none !important;transform:translate3d(-40px, 0, 0);transition:transform .35s ease-in-out}.wp-block-uagb-image--effect-slide .wp-block-uagb-image__figure:hover img,.wp-block-uagb-image--effect-slide .wp-block-uagb-image__figure:hover .wp-block-uagb-image--layout-overlay__color-wrapper{transform:translate3d(0, 0, 0)}.wp-block-uagb-image--effect-grayscale img{filter:grayscale(0%);transition:.35s ease-in-out}.wp-block-uagb-image--effect-grayscale:hover img{filter:grayscale(100%)}.wp-block-uagb-image--effect-blur img{filter:blur(0);transition:.35s ease-in-out}.wp-block-uagb-image--effect-blur:hover img{filter:blur(3px)}.uagb-block-e6f939b3.wp-block-uagb-image--layout-default figure img{box-shadow: 0px 0px 0 #00000070;}.uagb-block-e6f939b3.wp-block-uagb-image .wp-block-uagb-image__figure figcaption{font-style: normal;align-self: center;}.uagb-block-e6f939b3.wp-block-uagb-image--layout-overlay figure img{box-shadow: 0px 0px 0 #00000070;}.uagb-block-e6f939b3.wp-block-uagb-image--layout-overlay .wp-block-uagb-image--layout-overlay__color-wrapper{opacity: 0.2;}.uagb-block-e6f939b3.wp-block-uagb-image--layout-overlay .wp-block-uagb-image--layout-overlay__inner{left: 15px;right: 15px;top: 15px;bottom: 15px;}.uagb-block-e6f939b3.wp-block-uagb-image--layout-overlay .wp-block-uagb-image--layout-overlay__inner .uagb-image-heading{font-style: normal;color: #fff;opacity: 1;}.uagb-block-e6f939b3.wp-block-uagb-image--layout-overlay .wp-block-uagb-image--layout-overlay__inner .uagb-image-heading a{color: #fff;}.uagb-block-e6f939b3.wp-block-uagb-image--layout-overlay .wp-block-uagb-image--layout-overlay__inner .uagb-image-caption{opacity: 0;}.uagb-block-e6f939b3.wp-block-uagb-image--layout-overlay .wp-block-uagb-image__figure:hover .wp-block-uagb-image--layout-overlay__color-wrapper{opacity: 1;}.uagb-block-e6f939b3.wp-block-uagb-image .wp-block-uagb-image--layout-overlay__inner .uagb-image-separator{width: 30%;border-top-width: 2px;border-top-color: #fff;opacity: 0;}.uagb-block-e6f939b3.wp-block-uagb-image .wp-block-uagb-image__figure img{width: px;height: auto;}.uagb-block-e6f939b3.wp-block-uagb-image .wp-block-uagb-image__figure:hover .wp-block-uagb-image--layout-overlay__inner .uagb-image-caption{opacity: 1;}.uagb-block-e6f939b3.wp-block-uagb-image .wp-block-uagb-image__figure:hover .wp-block-uagb-image--layout-overlay__inner .uagb-image-separator{opacity: 1;}.uagb-block-e6f939b3.wp-block-uagb-image--layout-default figure:hover img{box-shadow: 0px 0px 0 #00000070;}.uagb-block-e6f939b3.wp-block-uagb-image--layout-overlay figure:hover img{box-shadow: 0px 0px 0 #00000070;}@media only screen and (max-width: 976px) {.uagb-block-e6f939b3.wp-block-uagb-image .wp-block-uagb-image__figure img{width: px;height: auto;}}@media only screen and (max-width: 767px) {.uagb-block-e6f939b3.wp-block-uagb-image .wp-block-uagb-image__figure img{width: px;height: auto;}}\";s:2:\"js\";s:0:\"\";s:18:\"current_block_list\";a:13:{i:0;s:11:\"core\/search\";i:1;s:10:\"core\/group\";i:2;s:12:\"core\/heading\";i:3;s:17:\"core\/latest-posts\";i:4;s:20:\"core\/latest-comments\";i:5;s:13:\"core\/archives\";i:6;s:15:\"core\/categories\";i:7;s:14:\"core\/paragraph\";i:8;s:10:\"uagb\/image\";i:9;s:11:\"core\/spacer\";i:10;s:30:\"woocommerce\/product-categories\";i:11;s:10:\"core\/image\";i:12;s:14:\"core\/shortcode\";}s:8:\"uag_flag\";b:1;s:11:\"uag_version\";s:10:\"1777357701\";s:6:\"gfonts\";a:0:{}s:10:\"gfonts_url\";s:0:\"\";s:12:\"gfonts_files\";a:0:{}s:14:\"uag_faq_layout\";b:0;}"]},"uagb_featured_image_src":{"full":["https:\/\/www.ferberpainting.com\/wp-content\/uploads\/2025\/05\/GrapeVineFertilizeransac.png",2560,2560,false],"thumbnail":["https:\/\/www.ferberpainting.com\/wp-content\/uploads\/2025\/05\/GrapeVineFertilizeransac-150x150.png",150,150,true],"medium":["https:\/\/www.ferberpainting.com\/wp-content\/uploads\/2025\/05\/GrapeVineFertilizeransac-300x300.png",300,300,true],"medium_large":["https:\/\/www.ferberpainting.com\/wp-content\/uploads\/2025\/05\/GrapeVineFertilizeransac-768x768.png",768,768,true],"large":["https:\/\/www.ferberpainting.com\/wp-content\/uploads\/2025\/05\/GrapeVineFertilizeransac-1024x1024.png",1024,1024,true],"1536x1536":["https:\/\/www.ferberpainting.com\/wp-content\/uploads\/2025\/05\/GrapeVineFertilizeransac-1536x1536.png",1536,1536,true],"2048x2048":["https:\/\/www.ferberpainting.com\/wp-content\/uploads\/2025\/05\/GrapeVineFertilizeransac-2048x2048.png",2048,2048,true],"trp-custom-language-flag":["https:\/\/www.ferberpainting.com\/wp-content\/uploads\/2025\/05\/GrapeVineFertilizeransac-12x12.png",12,12,true],"woocommerce_thumbnail":["https:\/\/www.ferberpainting.com\/wp-content\/uploads\/2025\/05\/GrapeVineFertilizeransac-300x300.png",300,300,true],"woocommerce_single":["https:\/\/www.ferberpainting.com\/wp-content\/uploads\/2025\/05\/GrapeVineFertilizeransac-600x600.png",600,600,true],"woocommerce_gallery_thumbnail":["https:\/\/www.ferberpainting.com\/wp-content\/uploads\/2025\/05\/GrapeVineFertilizeransac-100x100.png",100,100,true]},"uagb_author_info":{"display_name":"admin","author_link":"https:\/\/www.ferberpainting.com\/hu\/author\/"},"uagb_comment_info":31,"uagb_excerpt":"A complete fertilizer for a healthy and productive vine.\u00a0Vine cultivation requires a precise nutritional contribution to ensure vigorous growth, abundant fruiting, and optimal disease resistance. This fertilizer is specially formulated to meet the specific needs of the vine, thanks to its perfectly balanced content of nitrogen, phosphorus, and potassium (NPK 10-10-10). It promotes deep root&hellip;","_links":{"self":[{"href":"https:\/\/www.ferberpainting.com\/hu\/wp-json\/wp\/v2\/product\/23504","targetHints":{"allow":["GET"]}}],"collection":[{"href":"https:\/\/www.ferberpainting.com\/hu\/wp-json\/wp\/v2\/product"}],"about":[{"href":"https:\/\/www.ferberpainting.com\/hu\/wp-json\/wp\/v2\/types\/product"}],"replies":[{"embeddable":true,"href":"https:\/\/www.ferberpainting.com\/hu\/wp-json\/wp\/v2\/comments?post=23504"}],"version-history":[{"count":5,"href":"https:\/\/www.ferberpainting.com\/hu\/wp-json\/wp\/v2\/product\/23504\/revisions"}],"predecessor-version":[{"id":166264,"href":"https:\/\/www.ferberpainting.com\/hu\/wp-json\/wp\/v2\/product\/23504\/revisions\/166264"}],"wp:featuredmedia":[{"embeddable":true,"href":"https:\/\/www.ferberpainting.com\/hu\/wp-json\/wp\/v2\/media\/26015"}],"wp:attachment":[{"href":"https:\/\/www.ferberpainting.com\/hu\/wp-json\/wp\/v2\/media?parent=23504"}],"wp:term":[{"taxonomy":"product_brand","embeddable":true,"href":"https:\/\/www.ferberpainting.com\/hu\/wp-json\/wp\/v2\/product_brand?post=23504"},{"taxonomy":"product_cat","embeddable":true,"href":"https:\/\/www.ferberpainting.com\/hu\/wp-json\/wp\/v2\/product_cat?post=23504"},{"taxonomy":"product_tag","embeddable":true,"href":"https:\/\/www.ferberpainting.com\/hu\/wp-json\/wp\/v2\/product_tag?post=23504"}],"curies":[{"name":"wp","href":"https:\/\/api.w.org\/{rel}","templated":true}]}}