{"id":23497,"date":"2025-05-26T10:24:25","date_gmt":"2025-05-26T08:24:25","guid":{"rendered":"https:\/\/www.ferberpainting.com\/products\/graffiti-remover\/"},"modified":"2026-02-15T14:22:37","modified_gmt":"2026-02-15T13:22:37","slug":"graffiti-remover","status":"publish","type":"product","link":"https:\/\/www.ferberpainting.com\/hu\/products\/graffiti-remover\/","title":{"rendered":"Graffiti elt\u00e1vol\u00edt\u00f3 spray"},"content":{"rendered":"<p><img decoding=\"async\" style=\"margin-right: 12px;\" src=\"https:\/\/www.ferberpainting.com\/wp-content\/uploads\/2026\/02\/Check.svg\" alt=\"\" width=\"18\" height=\"15\" \/><strong>Gyorsan elt\u00e1vol\u00edtja a graffitiket, \u00e9s vissza\u00e1ll\u00edtja a fel\u00fcletek eredeti megjelen\u00e9s\u00e9t.<\/strong> Graffitielt\u00e1vol\u00edt\u00f3 szer\u00fcnket kifejezetten arra fejlesztett\u00fck ki, hogy feloldja a fest\u00e9ksz\u00f3r\u00f3kat, filceket, tint\u00e1kat \u00e9s a c\u00edmk\u00e9z\u00e9si maradv\u00e1nyokat a legk\u00fcl\u00f6nb\u00f6z\u0151bb fel\u00fcletekr\u0151l. M\u00e9lyen behatol a fest\u00e9kr\u00e9tegekbe, \u00e9s hat\u00e9konyan elt\u00e1vol\u00edtja a nem k\u00edv\u00e1nt jel\u00f6l\u00e9seket, \u00edgy seg\u00edt helyre\u00e1ll\u00edtani a falakat, homlokzatokat, red\u0151ny\u00f6ket, ajt\u00f3kat \u00e9s k\u00f6z\u00e9p\u00fcleteket k\u00f6lts\u00e9ges \u00fajrafest\u00e9s vagy fel\u00fcletcsere n\u00e9lk\u00fcl.<\/p>\n<p><strong><img decoding=\"async\" style=\"margin-right: 12px;\" src=\"https:\/\/www.ferberpainting.com\/wp-content\/uploads\/2026\/02\/Check.svg\" alt=\"\" width=\"18\" height=\"15\" \/>A leghat\u00e9konyabb graffitielt\u00e1vol\u00edt\u00f3 megold\u00e1s a piacon.<\/strong> Ez az er\u0151s akt\u00edv old\u00f3szerekkel tervezett elt\u00e1vol\u00edt\u00f3 sokkal hat\u00e9konyabban bontja le a makacs graffiti bevonatokat, mint a hagyom\u00e1nyos tiszt\u00edt\u00f3szerek. Gyorsan felpuh\u00edtja \u00e9s feloldja a fest\u00e9kr\u00e9tegeket, lehet\u0151v\u00e9 t\u00e9ve a k\u00f6nny\u0171 t\u00f6rl\u00e9st vagy a nyom\u00f3mos\u00e1st, mik\u00f6zben minim\u00e1lisra cs\u00f6kkenti az alatta l\u00e9v\u0151 aljzat k\u00e1rosod\u00e1s\u00e1t.<\/p>\n<p><strong><img decoding=\"async\" style=\"margin-right: 12px;\" src=\"https:\/\/www.ferberpainting.com\/wp-content\/uploads\/2026\/02\/Check.svg\" alt=\"\" width=\"18\" height=\"15\" \/>P\u00e9nzvisszafizet\u00e9si garancia a teljes nyugalom\u00e9rt.<\/strong> Teljesen biztosak vagyunk graffitielt\u00e1vol\u00edt\u00f3nk erej\u00e9ben \u00e9s megb\u00edzhat\u00f3s\u00e1g\u00e1ban. Ha nem teljesen el\u00e9gedett az eredm\u00e9nnyel, visszat\u00e9r\u00edtj\u00fck a v\u00e9tel\u00e1rat. P\u00e9nzvisszafizet\u00e9si garanci\u00e1nk biztos\u00edtja, hogy befektet\u00e9se teljesen kock\u00e1zatmentes legyen, \u00e9s t\u00fckr\u00f6zi a professzion\u00e1lis teljes\u00edtm\u00e9ny ir\u00e1nti elk\u00f6telezetts\u00e9g\u00fcnket.<\/p>\n<p><strong><img decoding=\"async\" style=\"margin-right: 12px;\" src=\"https:\/\/www.ferberpainting.com\/wp-content\/uploads\/2026\/02\/Check.svg\" alt=\"\" width=\"18\" height=\"15\" \/>Az el\u00e9rhet\u0151 legolcs\u00f3bb nagy teljes\u00edtm\u00e9ny\u0171 graffitielt\u00e1vol\u00edt\u00f3.<\/strong> A graffiti eltakar\u00edt\u00e1sa gyakran dr\u00e1ga v\u00e1llalkoz\u00f3i szolg\u00e1ltat\u00e1sokat vagy ism\u00e9telt \u00fajrafest\u00e9st ig\u00e9nyel. Term\u00e9k\u00fcnk professzion\u00e1lis szint\u0171 elt\u00e1vol\u00edt\u00e1si teljes\u00edtm\u00e9nyt ny\u00fajt a piacon el\u00e9rhet\u0151 legversenyk\u00e9pesebb \u00e1ron, kiv\u00e9teles \u00e9rt\u00e9ket k\u00edn\u00e1lva az ingatlantulajdonosok, \u00f6nkorm\u00e1nyzatok \u00e9s l\u00e9tes\u00edtm\u00e9nygazd\u00e1k sz\u00e1m\u00e1ra.<\/p>\n<p><strong><img decoding=\"async\" style=\"margin-right: 12px;\" src=\"https:\/\/www.ferberpainting.com\/wp-content\/uploads\/2026\/02\/Check.svg\" alt=\"\" width=\"18\" height=\"15\" \/>Gyors, 24 \u00f3r\u00e1s sz\u00e1ll\u00edt\u00e1s a vandalizmus elleni s\u00fcrg\u0151s reag\u00e1l\u00e1shoz.<\/strong> A graffiti gyors elt\u00e1vol\u00edt\u00e1sa visszatartja az ism\u00e9telt vandalizmust\u00f3l \u00e9s meg\u0151rzi az ingatlan \u00e9rt\u00e9k\u00e9t. Ez\u00e9rt biztos\u00edtunk megb\u00edzhat\u00f3, 24 \u00f3r\u00e1s kisz\u00e1ll\u00edt\u00e1st, amely biztos\u00edtja, hogy \u00d6n gyorsan megkapja az elt\u00e1vol\u00edt\u00f3szert, \u00e9s azonnal cselekedni tudjon.<\/p>\n<p><strong><img decoding=\"async\" style=\"margin-right: 12px;\" src=\"https:\/\/www.ferberpainting.com\/wp-content\/uploads\/2026\/02\/Check.svg\" alt=\"\" width=\"18\" height=\"15\" \/>Literenk\u00e9nt ak\u00e1r 10 m\u00b2-es lefedetts\u00e9g a hat\u00e9kony tervez\u00e9shez.<\/strong> Egy liter ak\u00e1r 10 n\u00e9gyzetm\u00e9tert is k\u00e9pes kezelni, ami pontos k\u00f6lts\u00e9gbecsl\u00e9st \u00e9s ellen\u0151rz\u00f6tt kijuttat\u00e1st tesz lehet\u0151v\u00e9. Ez a meghat\u00e1rozott lefedetts\u00e9g biztos\u00edtja a graffiti hat\u00e9kony felold\u00e1s\u00e1hoz elegend\u0151 term\u00e9ker\u0151ss\u00e9get, felesleges pazarl\u00e1s n\u00e9lk\u00fcl.<\/p>\n<p><strong><img decoding=\"async\" style=\"margin-right: 12px;\" src=\"https:\/\/www.ferberpainting.com\/wp-content\/uploads\/2026\/02\/Check.svg\" alt=\"\" width=\"18\" height=\"15\" \/>Alkalmas t\u00f6bbf\u00e9le hordoz\u00f3anyaghoz.<\/strong> A graffitielt\u00e1vol\u00edt\u00f3 kompatibilis a betonnal, t\u00e9gl\u00e1val, k\u0151vel, f\u00e9mmel, festett fel\u00fcletekkel \u00e9s bizonyos m\u0171anyagokkal. Sokoldal\u00fas\u00e1g\u00e1nak k\u00f6sz\u00f6nhet\u0151en alkalmas lak\u00f3\u00e9p\u00fcletek, kereskedelmi ingatlanok, k\u00f6zint\u00e9zm\u00e9nyek \u00e9s ipari l\u00e9tes\u00edtm\u00e9nyek sz\u00e1m\u00e1ra.<\/p>\n<p><strong><img decoding=\"async\" style=\"margin-right: 12px;\" src=\"https:\/\/www.ferberpainting.com\/wp-content\/uploads\/2026\/02\/Check.svg\" alt=\"\" width=\"18\" height=\"15\" \/>Minim\u00e1lisra cs\u00f6kkenti a fel\u00fclet s\u00e9r\u00fcl\u00e9s\u00e9t az elt\u00e1vol\u00edt\u00e1s sor\u00e1n.<\/strong> A graffiti bevonatok k\u00e9miai l\u00e1gy\u00edt\u00e1s\u00e1val ez a term\u00e9k cs\u00f6kkenti az agressz\u00edv kapar\u00e1si vagy csiszol\u00e1si m\u00f3dszerek sz\u00fcks\u00e9gess\u00e9g\u00e9t, \u00e9s helyes haszn\u00e1lat eset\u00e9n seg\u00edt meg\u0151rizni az alapfel\u00fclet \u00e9ps\u00e9g\u00e9t.<\/p>\n<p><strong><img decoding=\"async\" style=\"margin-right: 12px;\" src=\"https:\/\/www.ferberpainting.com\/wp-content\/uploads\/2026\/02\/Check.svg\" alt=\"\" width=\"18\" height=\"15\" \/>Hat\u00e9kony sprayfest\u00e9kek, filctollak \u00e9s tint\u00e1k ellen.<\/strong> A formula a leggyakoribb vandalizmusra haszn\u00e1lt anyagokat c\u00e9lozza meg, bele\u00e9rtve az aeroszolos fest\u00e9keket, a tart\u00f3s filceket \u00e9s a k\u00fcl\u00f6nb\u00f6z\u0151 tintaalap\u00fa c\u00edmk\u00e9z\u0151 term\u00e9keket, \u00edgy biztos\u00edtva az \u00e1tfog\u00f3 elt\u00e1vol\u00edt\u00e1si k\u00e9pess\u00e9get.<\/p>\n<p><strong><img decoding=\"async\" style=\"margin-right: 12px;\" src=\"https:\/\/www.ferberpainting.com\/wp-content\/uploads\/2026\/02\/Check.svg\" alt=\"\" width=\"18\" height=\"15\" \/>Professzion\u00e1lis min\u0151s\u00e9g\u0171 eredm\u00e9nyek egyszer\u0171 alkalmaz\u00e1ssal.<\/strong> Az egyszer\u0171 haszn\u00e1latra tervezett elt\u00e1vol\u00edt\u00f3 ecsettel, hengerrel vagy ronggyal alkalmazhat\u00f3. Ellen\u0151rz\u00f6tt \u00e1llaga lehet\u0151v\u00e9 teszi az \u00e9rintett ter\u00fcletek c\u00e9lzott kezel\u00e9s\u00e9t a pontos \u00e9s hat\u00e9kony tiszt\u00edt\u00e1s \u00e9rdek\u00e9ben.<\/p>\n<h2><strong>Utas\u00edt\u00e1sok<\/strong><\/h2>\n<ul>\n<li>A teljes felhord\u00e1s el\u0151tt egy kis, nem felt\u0171n\u0151 ter\u00fcleten tesztelje a term\u00e9ket, hogy meggy\u0151z\u0151dj\u00f6n a fel\u00fclettel val\u00f3 kompatibilit\u00e1sr\u00f3l.<\/li>\n<li>A graffitielt\u00e1vol\u00edt\u00f3 felvitele el\u0151tt gy\u0151z\u0151dj\u00f6n meg arr\u00f3l, hogy a fel\u00fclet sz\u00e1raz \u00e9s mentes a laza t\u00f6rmel\u00e9kekt\u0151l.<\/li>\n<li>Haszn\u00e1lat el\u0151tt alaposan r\u00e1zza fel vagy keverje fel a term\u00e9ket az egyenletes konzisztencia biztos\u00edt\u00e1sa \u00e9rdek\u00e9ben.<\/li>\n<li>Vigyen fel egy b\u0151s\u00e9ges \u00e9s egyenletes r\u00e9teget k\u00f6zvetlen\u00fcl a graffitire ecsettel, hengerrel vagy ronggyal.<\/li>\n<li>Tartsa be az aj\u00e1nlott fed\u00e9si ar\u00e1nyt, amely literenk\u00e9nt legfeljebb 10 m\u00b2. Ez k\u00f6r\u00fclbel\u00fcl 100 ml\/n\u00e9gyzetm\u00e9ternek felel meg, a graffiti vastags\u00e1g\u00e1t\u00f3l f\u00fcgg\u0151en.<\/li>\n<li>Hagyja a term\u00e9ket az aj\u00e1nlott tart\u00f3zkod\u00e1si id\u0151 alatt hatni, hogy a fest\u00e9k vagy tinta megpuhuljon \u00e9s elkezdjen felold\u00f3dni.<\/li>\n<li>A feloldott graffitit ronggyal, kapar\u00f3val vagy az aljzatt\u00f3l f\u00fcgg\u0151en alacsony vagy k\u00f6zepes nyom\u00e1s\u00fa v\u00edzzel t\u00f6rt\u00e9n\u0151 \u00f6bl\u00edt\u00e9ssel t\u00e1vol\u00edtsa el.<\/li>\n<li>Makacs vagy t\u00f6bb fest\u00e9kr\u00e9teg eset\u00e9n sz\u00fcks\u00e9g lehet egy m\u00e1sodik felvitelre.<\/li>\n<li>Az elt\u00e1vol\u00edt\u00e1s ut\u00e1n alaposan \u00f6bl\u00edtse le tiszta v\u00edzzel, \u00e9s hagyja a fel\u00fcletet teljesen megsz\u00e1radni.<\/li>\n<li>Az optim\u00e1lis hat\u00e9konys\u00e1g \u00e9rdek\u00e9ben ker\u00fclje a kijuttat\u00e1st er\u0151s es\u0151, er\u0151s sz\u00e9l vagy sz\u00e9ls\u0151s\u00e9ges h\u0151m\u00e9rs\u00e9klet eset\u00e9n.<\/li>\n<li>Haszn\u00e1lat k\u00f6zben viseljen megfelel\u0151 v\u00e9d\u0151keszty\u0171t \u00e9s szemv\u00e9d\u0151t.<\/li>\n<li>Haszn\u00e1lat ut\u00e1n azonnal tiszt\u00edtsa meg a szersz\u00e1mokat, \u00e9s a tart\u00e1lyt szorosan lez\u00e1rva, h\u0171v\u00f6s, sz\u00e1raz, k\u00f6zvetlen napf\u00e9nyt\u0151l \u00e9s fagyt\u00f3l v\u00e9dett helyen t\u00e1rolja.<\/li>\n<\/ul>","protected":false},"excerpt":{"rendered":"<p>Remove graffiti quickly and restore surfaces to their original appearance. Our graffiti remover is specially formulated to dissolve spray paint, markers, inks, and tagging residues from a wide range of surfaces. It penetrates deeply into paint layers and lifts unwanted markings efficiently, helping you restore walls, facades, shutters, doors, and public structures without costly repainting [&hellip;]<\/p>\n","protected":false},"featured_media":26012,"comment_status":"open","ping_status":"closed","template":"","meta":{"_uag_custom_page_level_css":"","site-sidebar-layout":"default","site-content-layout":"","ast-site-content-layout":"default","site-content-style":"default","site-sidebar-style":"default","ast-global-header-display":"","ast-banner-title-visibility":"","ast-main-header-display":"","ast-hfb-above-header-display":"","ast-hfb-below-header-display":"","ast-hfb-mobile-header-display":"","site-post-title":"","ast-breadcrumbs-content":"","ast-featured-img":"","footer-sml-layout":"","ast-disable-related-posts":"","theme-transparent-header-meta":"default","adv-header-id-meta":"","stick-header-meta":"","header-above-stick-meta":"","header-main-stick-meta":"","header-below-stick-meta":"","astra-migrate-meta-layouts":"set","ast-page-background-enabled":"default","ast-page-background-meta":{"desktop":{"background-color":"var(--ast-global-color-4)","background-image":"","background-repeat":"repeat","background-position":"center center","background-size":"auto","background-attachment":"scroll","background-type":"","background-media":"","overlay-type":"","overlay-color":"","overlay-opacity":"","overlay-gradient":""},"tablet":{"background-color":"","background-image":"","background-repeat":"repeat","background-position":"center center","background-size":"auto","background-attachment":"scroll","background-type":"","background-media":"","overlay-type":"","overlay-color":"","overlay-opacity":"","overlay-gradient":""},"mobile":{"background-color":"","background-image":"","background-repeat":"repeat","background-position":"center center","background-size":"auto","background-attachment":"scroll","background-type":"","background-media":"","overlay-type":"","overlay-color":"","overlay-opacity":"","overlay-gradient":""}},"ast-content-background-meta":{"desktop":{"background-color":"var(--ast-global-color-5)","background-image":"","background-repeat":"repeat","background-position":"center center","background-size":"auto","background-attachment":"scroll","background-type":"","background-media":"","overlay-type":"","overlay-color":"","overlay-opacity":"","overlay-gradient":""},"tablet":{"background-color":"var(--ast-global-color-5)","background-image":"","background-repeat":"repeat","background-position":"center center","background-size":"auto","background-attachment":"scroll","background-type":"","background-media":"","overlay-type":"","overlay-color":"","overlay-opacity":"","overlay-gradient":""},"mobile":{"background-color":"var(--ast-global-color-5)","background-image":"","background-repeat":"repeat","background-position":"center center","background-size":"auto","background-attachment":"scroll","background-type":"","background-media":"","overlay-type":"","overlay-color":"","overlay-opacity":"","overlay-gradient":""}}},"product_brand":[],"product_cat":[174],"product_tag":[],"class_list":{"0":"post-23497","1":"product","2":"type-product","3":"status-publish","4":"has-post-thumbnail","6":"product_cat-anti-graffiti","7":"desktop-align-left","8":"tablet-align-left","9":"mobile-align-left","11":"first","12":"instock","13":"sale","14":"shipping-taxable","15":"purchasable","16":"product-type-variable","17":"has-default-attributes"},"spectra_custom_meta":{"_visibility":["visible"],"_shopify_product_id":["7934307336437"],"_s2w_shopify_domain":["ferberpainting.myshopify.com"],"_shopify_variant_id":["43460002709749"],"_sku":[""],"_manage_stock":["no"],"total_sales":["101"],"_tax_status":["taxable"],"_tax_class":[""],"_backorders":["no"],"_sold_individually":["no"],"_virtual":["no"],"_downloadable":["no"],"_download_limit":["-1"],"_download_expiry":["-1"],"_stock":[null],"_stock_status":["instock"],"_wc_average_rating":["4.90"],"_wc_review_count":["62"],"_product_attributes":["a:1:{s:6:\"volume\";a:6:{s:4:\"name\";s:6:\"Volume\";s:5:\"value\";s:30:\"1 liter | 5 liters | 25 liters\";s:8:\"position\";i:1;s:10:\"is_visible\";i:0;s:12:\"is_variation\";i:1;s:11:\"is_taxonomy\";i:0;}}"],"_product_version":["10.5.1"],"_thumbnail_id":["26012"],"_price":["29.90","129.90","499.90"],"_product_image_gallery":["26013,26014"],"merchant-center-availability":["yes"],"merchant-center-category":["7504"],"merchant-center-id":["GR"],"wpse_downloadable_file_names":[""],"wpse_downloadable_file_urls":[""],"_edit_last":["1"],"_default_attributes":["a:1:{s:6:\"volume\";s:7:\"1 liter\";}"],"_wc_rating_count":["a:2:{i:4;i:6;i:5;i:56;}"],"_edit_lock":["1772799842:3824"],"_wp_page_template":["default"],"site-sidebar-layout":["default"],"ast-site-content-layout":["default"],"site-content-style":["default"],"site-sidebar-style":["default"],"theme-transparent-header-meta":["default"],"astra-migrate-meta-layouts":["set"],"_uag_css_file_name":["uag-css-23497.css"],"_elementor_page_assets":["a:0:{}"]},"uagb_featured_image_src":{"full":["https:\/\/www.ferberpainting.com\/wp-content\/uploads\/2025\/05\/ANTI-REMOVER_1L.png",2560,2560,false],"thumbnail":["https:\/\/www.ferberpainting.com\/wp-content\/uploads\/2025\/05\/ANTI-REMOVER_1L-150x150.png",150,150,true],"medium":["https:\/\/www.ferberpainting.com\/wp-content\/uploads\/2025\/05\/ANTI-REMOVER_1L-300x300.png",300,300,true],"medium_large":["https:\/\/www.ferberpainting.com\/wp-content\/uploads\/2025\/05\/ANTI-REMOVER_1L-768x768.png",768,768,true],"large":["https:\/\/www.ferberpainting.com\/wp-content\/uploads\/2025\/05\/ANTI-REMOVER_1L-1024x1024.png",1024,1024,true],"1536x1536":["https:\/\/www.ferberpainting.com\/wp-content\/uploads\/2025\/05\/ANTI-REMOVER_1L-1536x1536.png",1536,1536,true],"2048x2048":["https:\/\/www.ferberpainting.com\/wp-content\/uploads\/2025\/05\/ANTI-REMOVER_1L-2048x2048.png",2048,2048,true],"trp-custom-language-flag":["https:\/\/www.ferberpainting.com\/wp-content\/uploads\/2025\/05\/ANTI-REMOVER_1L-12x12.png",12,12,true],"woocommerce_thumbnail":["https:\/\/www.ferberpainting.com\/wp-content\/uploads\/2025\/05\/ANTI-REMOVER_1L-300x300.png",300,300,true],"woocommerce_single":["https:\/\/www.ferberpainting.com\/wp-content\/uploads\/2025\/05\/ANTI-REMOVER_1L-600x600.png",600,600,true],"woocommerce_gallery_thumbnail":["https:\/\/www.ferberpainting.com\/wp-content\/uploads\/2025\/05\/ANTI-REMOVER_1L-100x100.png",100,100,true]},"uagb_author_info":{"display_name":"admin","author_link":"https:\/\/www.ferberpainting.com\/hu\/author\/"},"uagb_comment_info":62,"uagb_excerpt":"Remove graffiti quickly and restore surfaces to their original appearance. Our graffiti remover is specially formulated to dissolve spray paint, markers, inks, and tagging residues from a wide range of surfaces. It penetrates deeply into paint layers and lifts unwanted markings efficiently, helping you restore walls, facades, shutters, doors, and public structures without costly repainting&hellip;","_links":{"self":[{"href":"https:\/\/www.ferberpainting.com\/hu\/wp-json\/wp\/v2\/product\/23497","targetHints":{"allow":["GET"]}}],"collection":[{"href":"https:\/\/www.ferberpainting.com\/hu\/wp-json\/wp\/v2\/product"}],"about":[{"href":"https:\/\/www.ferberpainting.com\/hu\/wp-json\/wp\/v2\/types\/product"}],"replies":[{"embeddable":true,"href":"https:\/\/www.ferberpainting.com\/hu\/wp-json\/wp\/v2\/comments?post=23497"}],"version-history":[{"count":3,"href":"https:\/\/www.ferberpainting.com\/hu\/wp-json\/wp\/v2\/product\/23497\/revisions"}],"predecessor-version":[{"id":166178,"href":"https:\/\/www.ferberpainting.com\/hu\/wp-json\/wp\/v2\/product\/23497\/revisions\/166178"}],"wp:featuredmedia":[{"embeddable":true,"href":"https:\/\/www.ferberpainting.com\/hu\/wp-json\/wp\/v2\/media\/26012"}],"wp:attachment":[{"href":"https:\/\/www.ferberpainting.com\/hu\/wp-json\/wp\/v2\/media?parent=23497"}],"wp:term":[{"taxonomy":"product_brand","embeddable":true,"href":"https:\/\/www.ferberpainting.com\/hu\/wp-json\/wp\/v2\/product_brand?post=23497"},{"taxonomy":"product_cat","embeddable":true,"href":"https:\/\/www.ferberpainting.com\/hu\/wp-json\/wp\/v2\/product_cat?post=23497"},{"taxonomy":"product_tag","embeddable":true,"href":"https:\/\/www.ferberpainting.com\/hu\/wp-json\/wp\/v2\/product_tag?post=23497"}],"curies":[{"name":"wp","href":"https:\/\/api.w.org\/{rel}","templated":true}]}}